{"id":4980,"date":"2026-04-18T07:37:59","date_gmt":"2026-04-18T07:37:59","guid":{"rendered":"https:\/\/ehrlichvietnam.vn\/?post_type=product&#038;p=4980"},"modified":"2026-04-18T08:55:06","modified_gmt":"2026-04-18T08:55:06","slug":"chau-rua-treo-tuong-inax-l-288v-kem-chan-dung-l-288vd","status":"publish","type":"product","link":"https:\/\/ehrlichvietnam.vn\/chau-rua-treo-tuong-inax-l-288v-kem-chan-dung-l-288vd\/","title":{"rendered":"Ch\u1eadu r\u1eeda treo t\u01b0\u1eddng INAX  L-288V (K\u00e8m ch\u00e2n \u0111\u1ee9ng L-288VD)"},"content":{"rendered":"<h1 data-start=\"132\" data-end=\"270\">Ch\u1eadu R\u1eeda Treo T\u01b0\u1eddng <span class=\"hover:entity-accent entity-underline inline cursor-pointer align-baseline\"><span class=\"whitespace-normal\">INAX<\/span><\/span> L-288V K\u00e8m Ch\u00e2n \u0110\u1ee9ng L-288VD \u2013 Gi\u1ea3i Ph\u00e1p Ho\u00e0n H\u1ea3o Cho M\u1ecdi Kh\u00f4ng Gian Ph\u00f2ng T\u1eafm<\/h1>\n<p><img decoding=\"async\" src=\"https:\/\/www.inax.com.vn\/wp-content\/uploads\/2025\/12\/chan-chau-l-288vd-1.png\" \/><\/p>\n<h2 data-start=\"493\" data-end=\"514\">T\u1ed5ng quan s\u1ea3n ph\u1ea9m<\/h2>\n<p data-start=\"516\" data-end=\"737\">Ch\u1eadu r\u1eeda treo t\u01b0\u1eddng <strong data-start=\"536\" data-end=\"573\">INAX L-288V k\u00e8m ch\u00e2n \u0111\u1ee9ng L-288VD<\/strong> l\u00e0 d\u00f2ng lavabo qu\u1ed1c d\u00e2n trong ph\u00e2n kh\u00fac ph\u1ed5 th\u00f4ng \u2013 trung c\u1ea5p, \u0111\u01b0\u1ee3c \u1ee9ng d\u1ee5ng r\u1ed9ng r\u00e3i trong <strong data-start=\"666\" data-end=\"736\">nh\u00e0 ph\u1ed1, c\u0103n h\u1ed9, kh\u00e1ch s\u1ea1n, nh\u00e0 tr\u1ecd cao c\u1ea5p v\u00e0 c\u00f4ng tr\u00ecnh d\u00e2n d\u1ee5ng<\/strong>.<\/p>\n<p data-start=\"739\" data-end=\"941\">S\u1edf h\u1eefu thi\u1ebft k\u1ebf m\u1ec1m m\u1ea1i, k\u00edch th\u01b0\u1edbc h\u1ee3p l\u00fd c\u00f9ng \u0111\u1ed9 b\u1ec1n cao theo ti\u00eau chu\u1ea9n Nh\u1eadt B\u1ea3n, s\u1ea3n ph\u1ea9m kh\u00f4ng ch\u1ec9 \u0111\u00e1p \u1ee9ng t\u1ed1t nhu c\u1ea7u s\u1eed d\u1ee5ng h\u00e0ng ng\u00e0y m\u00e0 c\u00f2n \u0111\u1ea3m b\u1ea3o y\u1ebfu t\u1ed1 th\u1ea9m m\u1ef9 v\u00e0 t\u1ed1i \u01b0u kh\u00f4ng gian hi\u1ec7u qu\u1ea3.<\/p>\n<hr data-start=\"943\" data-end=\"946\" \/>\n<h2 data-start=\"948\" data-end=\"989\">Th\u00f4ng s\u1ed1 k\u1ef9 thu\u1eadt ch\u1eadu r\u1eeda INAX L-288V<\/h2>\n<ul data-start=\"991\" data-end=\"1223\">\n<li data-start=\"991\" data-end=\"1044\">K\u00edch th\u01b0\u1edbc: 563 x 406 x 196 mm (R\u1ed9ng x S\u00e2u x Cao)<\/li>\n<li data-start=\"1045\" data-end=\"1073\">Ki\u1ec3u l\u1eafp \u0111\u1eb7t: Treo t\u01b0\u1eddng<\/li>\n<li data-start=\"1074\" data-end=\"1099\">Ch\u1ea5t li\u1ec7u: S\u1ee9 cao c\u1ea5p<\/li>\n<li data-start=\"1100\" data-end=\"1143\">B\u1ec1 m\u1eb7t: Men s\u1ee9 tr\u01a1n b\u00f3ng, ch\u1ed1ng b\u00e1m b\u1ea9n<\/li>\n<li data-start=\"1144\" data-end=\"1197\">T\u00f9y ch\u1ecdn:\n<ul data-start=\"1158\" data-end=\"1197\">\n<li data-start=\"1158\" data-end=\"1176\">L-288VEC: 3 l\u1ed7<\/li>\n<li data-start=\"1179\" data-end=\"1197\">L-288VFC: 1 l\u1ed7<\/li>\n<\/ul>\n<\/li>\n<li data-start=\"1198\" data-end=\"1223\">C\u00f3 l\u1ed7 x\u1ea3 tr\u00e0n an to\u00e0n<\/li>\n<\/ul>\n<p data-start=\"1225\" data-end=\"1247\"><strong data-start=\"1225\" data-end=\"1247\">Ch\u00e2n ch\u1eadu L-288VD:<\/strong><\/p>\n<ul data-start=\"1248\" data-end=\"1353\">\n<li data-start=\"1248\" data-end=\"1279\">Lo\u1ea1i: Ch\u00e2n \u0111\u1ee9ng (full ch\u00e2n)<\/li>\n<li data-start=\"1280\" data-end=\"1313\">Ch\u1ea5t li\u1ec7u: S\u1ee9 cao c\u1ea5p \u0111\u1ed3ng b\u1ed9<\/li>\n<li data-start=\"1314\" data-end=\"1353\">C\u00f4ng d\u1ee5ng: Che \u1ed1ng x\u1ea3, t\u0103ng th\u1ea9m m\u1ef9<\/li>\n<\/ul>\n<p><img decoding=\"async\" src=\"https:\/\/www.inax.com.vn\/wp-content\/uploads\/2025\/12\/chan-chau-l-288vd-2.jpg\" \/><\/p>\n<hr data-start=\"1355\" data-end=\"1358\" \/>\n<h2 data-start=\"1360\" data-end=\"1404\">Thi\u1ebft k\u1ebf m\u1ec1m m\u1ea1i \u2013 Tinh t\u1ebf \u0111\u00fang ch\u1ea5t Nh\u1eadt<\/h2>\n<p data-start=\"1406\" data-end=\"1502\">\u0110i\u1ec3m d\u1ec5 nh\u1eadn th\u1ea5y nh\u1ea5t \u1edf m\u1eabu <strong data-start=\"1435\" data-end=\"1445\">L-288V<\/strong> ch\u00ednh l\u00e0 c\u00e1c \u0111\u01b0\u1eddng cong bo tr\u00f2n nh\u1eb9 nh\u00e0ng, t\u1ea1o c\u1ea3m gi\u00e1c:<\/p>\n<ul data-start=\"1504\" data-end=\"1611\">\n<li data-start=\"1504\" data-end=\"1536\">M\u1ec1m m\u1ea1i, d\u1ec5 ch\u1ecbu khi s\u1eed d\u1ee5ng<\/li>\n<li data-start=\"1537\" data-end=\"1574\">Ph\u00f9 h\u1ee3p nhi\u1ec1u phong c\u00e1ch n\u1ed9i th\u1ea5t<\/li>\n<li data-start=\"1575\" data-end=\"1611\">Kh\u00f4ng b\u1ecb l\u1ed7i th\u1eddi theo th\u1eddi gian<\/li>\n<\/ul>\n<p data-start=\"1613\" data-end=\"1765\">Kh\u00e1c v\u1edbi c\u00e1c m\u1eabu lavabo g\u00f3c c\u1ea1nh hi\u1ec7n \u0111\u1ea1i, L-288V h\u01b0\u1edbng \u0111\u1ebfn s\u1ef1 <strong data-start=\"1676\" data-end=\"1718\">c\u00e2n b\u1eb1ng gi\u1eefa truy\u1ec1n th\u1ed1ng v\u00e0 hi\u1ec7n \u0111\u1ea1i<\/strong>, n\u00ean c\u1ef1c k\u1ef3 d\u1ec5 b\u00e1n cho \u0111a d\u1ea1ng t\u1ec7p kh\u00e1ch h\u00e0ng.<\/p>\n<p data-start=\"1767\" data-end=\"1862\">\ud83d\udc49 \u0110\u00e2y l\u00e0 l\u00fd do m\u1eabu n\u00e0y th\u01b0\u1eddng \u0111\u01b0\u1ee3c ch\u1ee7 nh\u00e0 l\u1ef1a ch\u1ecdn khi <strong data-start=\"1824\" data-end=\"1861\">kh\u00f4ng mu\u1ed1n \u201cm\u1ea1o hi\u1ec3m\u201d v\u1ec1 thi\u1ebft k\u1ebf<\/strong>.<\/p>\n<hr data-start=\"1864\" data-end=\"1867\" \/>\n<h2 data-start=\"1869\" data-end=\"1912\">Treo t\u01b0\u1eddng \u2013 Gi\u1ea3i ph\u00e1p t\u1ed1i \u01b0u kh\u00f4ng gian<\/h2>\n<p data-start=\"1914\" data-end=\"1944\">Thi\u1ebft k\u1ebf treo t\u01b0\u1eddng gi\u00fap ch\u1eadu:<\/p>\n<ul data-start=\"1946\" data-end=\"2044\">\n<li data-start=\"1946\" data-end=\"1975\">Kh\u00f4ng chi\u1ebfm di\u1ec7n t\u00edch s\u00e0n<\/li>\n<li data-start=\"1976\" data-end=\"2011\">T\u1ea1o c\u1ea3m gi\u00e1c ph\u00f2ng t\u1eafm r\u1ed9ng h\u01a1n<\/li>\n<li data-start=\"2012\" data-end=\"2044\">Ph\u00f9 h\u1ee3p kh\u00f4ng gian nh\u1ecf \u2013 v\u1eeba<\/li>\n<\/ul>\n<p data-start=\"2046\" data-end=\"2059\">\u0110\u1eb7c bi\u1ec7t v\u1edbi:<\/p>\n<ul data-start=\"2060\" data-end=\"2142\">\n<li data-start=\"2060\" data-end=\"2089\">Nh\u00e0 ph\u1ed1 di\u1ec7n t\u00edch h\u1ea1n ch\u1ebf<\/li>\n<li data-start=\"2090\" data-end=\"2110\">CCMN nhi\u1ec1u ph\u00f2ng<\/li>\n<li data-start=\"2111\" data-end=\"2142\">Kh\u00e1ch s\u1ea1n c\u1ea7n t\u1ed1i \u01b0u layout<\/li>\n<\/ul>\n<p data-start=\"2144\" data-end=\"2199\">\ud83d\udc49 \u0110\u00e2y l\u00e0 d\u1ea1ng lavabo \u201c\u0103n ch\u1eafc m\u1eb7c b\u1ec1n\u201d cho c\u00f4ng tr\u00ecnh.<\/p>\n<hr data-start=\"2201\" data-end=\"2204\" \/>\n<h2 data-start=\"2206\" data-end=\"2258\">Ch\u00e2n \u0111\u1ee9ng L-288VD \u2013 Ho\u00e0n thi\u1ec7n th\u1ea9m m\u1ef9 &amp; k\u1ef9 thu\u1eadt<\/h2>\n<p data-start=\"2260\" data-end=\"2350\">Kh\u00e1c v\u1edbi ch\u00e2n l\u1eedng, <strong data-start=\"2280\" data-end=\"2301\">ch\u00e2n \u0111\u1ee9ng L-288VD<\/strong> bao tr\u1ecdn ph\u1ea7n d\u01b0\u1edbi ch\u1eadu, mang l\u1ea1i nhi\u1ec1u l\u1ee3i \u00edch:<\/p>\n<h3 data-start=\"2352\" data-end=\"2372\">\u01afu \u0111i\u1ec3m n\u1ed5i b\u1eadt:<\/h3>\n<ul data-start=\"2373\" data-end=\"2550\">\n<li data-start=\"2373\" data-end=\"2420\">Che to\u00e0n b\u1ed9 xi-ph\u00f4ng v\u00e0 \u0111\u01b0\u1eddng \u1ed1ng \u2192 c\u1ef1c g\u1ecdn<\/li>\n<li data-start=\"2421\" data-end=\"2451\">T\u0103ng t\u00ednh th\u1ea9m m\u1ef9 t\u1ed5ng th\u1ec3<\/li>\n<li data-start=\"2452\" data-end=\"2510\">Ph\u00f9 h\u1ee3p phong c\u00e1ch truy\u1ec1n th\u1ed1ng \u2013 kh\u00e1ch s\u1ea1n \u2013 gia \u0111\u00ecnh<\/li>\n<li data-start=\"2511\" data-end=\"2550\">T\u1ea1o c\u1ea3m gi\u00e1c ch\u1eafc ch\u1eafn, \u0111\u1ea7y \u0111\u1eb7n h\u01a1n<\/li>\n<\/ul>\n<p data-start=\"2552\" data-end=\"2635\">\ud83d\udc49 N\u1ebfu kh\u00e1ch th\u00edch s\u1ef1 \u201ck\u00edn \u0111\u00e1o \u2013 g\u1ecdn g\u00e0ng tuy\u1ec7t \u0111\u1ed1i\u201d, ch\u00e2n \u0111\u1ee9ng l\u00e0 l\u1ef1a ch\u1ecdn t\u1ed1i \u01b0u.<\/p>\n<hr data-start=\"2637\" data-end=\"2640\" \/>\n<h2 data-start=\"2642\" data-end=\"2689\">Ch\u1ea5t li\u1ec7u s\u1ee9 cao c\u1ea5p \u2013 B\u1ec1n b\u1ec9 theo th\u1eddi gian<\/h2>\n<p data-start=\"2691\" data-end=\"2761\">Ch\u1eadu r\u1eeda <strong data-start=\"2700\" data-end=\"2715\">INAX L-288V<\/strong> \u0111\u01b0\u1ee3c s\u1ea3n xu\u1ea5t t\u1eeb s\u1ee9 v\u1ec7 sinh cao c\u1ea5p, \u0111\u1ea3m b\u1ea3o:<\/p>\n<ul data-start=\"2763\" data-end=\"2874\">\n<li data-start=\"2763\" data-end=\"2795\">Ch\u1ecbu l\u1ef1c t\u1ed1t, h\u1ea1n ch\u1ebf n\u1ee9t v\u1ee1<\/li>\n<li data-start=\"2796\" data-end=\"2839\">Kh\u00f4ng b\u1ecb \u1ed1 v\u00e0ng nhanh nh\u01b0 h\u00e0ng tr\u00f4i n\u1ed5i<\/li>\n<li data-start=\"2840\" data-end=\"2874\">\u0110\u1ed9 b\u1ec1n cao trong m\u00f4i tr\u01b0\u1eddng \u1ea9m<\/li>\n<\/ul>\n<p data-start=\"2876\" data-end=\"2890\">B\u1ec1 m\u1eb7t men s\u1ee9:<\/p>\n<ul data-start=\"2892\" data-end=\"2995\">\n<li data-start=\"2892\" data-end=\"2923\">Tr\u01a1n b\u00f3ng \u2192 h\u1ea1n ch\u1ebf b\u00e1m b\u1ea9n<\/li>\n<li data-start=\"2924\" data-end=\"2969\">D\u1ec5 lau ch\u00f9i \u2192 ti\u1ebft ki\u1ec7m th\u1eddi gian v\u1ec7 sinh<\/li>\n<li data-start=\"2970\" data-end=\"2995\">Gi\u1eef m\u00e0u tr\u1eafng l\u00e2u d\u00e0i<\/li>\n<\/ul>\n<p data-start=\"2997\" data-end=\"3074\">\ud83d\udc49 V\u1edbi \u0111i\u1ec1u ki\u1ec7n n\u01b0\u1edbc t\u1ea1i Vi\u1ec7t Nam (nhi\u1ec1u c\u1eb7n), y\u1ebfu t\u1ed1 n\u00e0y c\u1ef1c k\u1ef3 quan tr\u1ecdng.<\/p>\n<hr data-start=\"3076\" data-end=\"3079\" \/>\n<h2 data-start=\"3081\" data-end=\"3111\">Tr\u1ea3i nghi\u1ec7m s\u1eed d\u1ee5ng th\u1ef1c t\u1ebf<\/h2>\n<p data-start=\"3113\" data-end=\"3163\">Kh\u00f4ng ch\u1ec9 \u0111\u1eb9p, L-288V c\u00f2n \u0111\u01b0\u1ee3c t\u1ed1i \u01b0u tr\u1ea3i nghi\u1ec7m:<\/p>\n<ul data-start=\"3165\" data-end=\"3297\">\n<li data-start=\"3165\" data-end=\"3212\">L\u00f2ng ch\u1eadu r\u1ed9ng \u2192 r\u1eeda m\u1eb7t, r\u1eeda tay tho\u1ea3i m\u00e1i<\/li>\n<li data-start=\"3213\" data-end=\"3249\">\u0110\u1ed9 s\u00e2u h\u1ee3p l\u00fd \u2192 h\u1ea1n ch\u1ebf b\u1eafn n\u01b0\u1edbc<\/li>\n<li data-start=\"3250\" data-end=\"3297\">C\u00f3 l\u1ed7 x\u1ea3 tr\u00e0n \u2192 ch\u1ed1ng tr\u00e0n khi qu\u00ean t\u1eaft v\u00f2i<\/li>\n<\/ul>\n<p data-start=\"3299\" data-end=\"3339\">\ud83d\udc49 \u0110\u00e2y l\u00e0 \u0111i\u1ec3m gi\u00fap s\u1ea3n ph\u1ea9m ph\u00f9 h\u1ee3p c\u1ea3:<\/p>\n<ul data-start=\"3340\" data-end=\"3382\">\n<li data-start=\"3340\" data-end=\"3352\">Gia \u0111\u00ecnh<\/li>\n<li data-start=\"3353\" data-end=\"3363\">Tr\u1ebb em<\/li>\n<li data-start=\"3364\" data-end=\"3382\">Ng\u01b0\u1eddi l\u1edbn tu\u1ed5i<\/li>\n<\/ul>\n<hr data-start=\"3384\" data-end=\"3387\" \/>\n<h2 data-start=\"3389\" data-end=\"3442\">So s\u00e1nh nhanh: L-288V v\u1edbi c\u00e1c d\u00f2ng lavabo ph\u1ed5 bi\u1ebfn<\/h2>\n<div class=\"TyagGW_tableContainer\">\n<div class=\"group TyagGW_tableWrapper flex flex-col-reverse w-fit\" tabindex=\"-1\">\n<table class=\"w-fit min-w-(--thread-content-width)\" data-start=\"3444\" data-end=\"3747\">\n<thead data-start=\"3444\" data-end=\"3506\">\n<tr data-start=\"3444\" data-end=\"3506\">\n<th class=\"\" data-start=\"3444\" data-end=\"3455\" data-col-size=\"sm\">Ti\u00eau ch\u00ed<\/th>\n<th class=\"\" data-start=\"3455\" data-end=\"3476\" data-col-size=\"sm\">L-288V + ch\u00e2n \u0111\u1ee9ng<\/th>\n<th class=\"\" data-start=\"3476\" data-end=\"3491\" data-col-size=\"sm\">Ch\u1eadu \u0111\u1eb7t b\u00e0n<\/th>\n<th class=\"\" data-start=\"3491\" data-end=\"3506\" data-col-size=\"sm\">Ch\u1eadu \u00e2m b\u00e0n<\/th>\n<\/tr>\n<\/thead>\n<tbody data-start=\"3569\" data-end=\"3747\">\n<tr data-start=\"3569\" data-end=\"3610\">\n<td data-start=\"3569\" data-end=\"3591\" data-col-size=\"sm\">Ti\u1ebft ki\u1ec7m di\u1ec7n t\u00edch<\/td>\n<td data-start=\"3591\" data-end=\"3598\" data-col-size=\"sm\">\u2b50\u2b50\u2b50\u2b50<\/td>\n<td data-start=\"3598\" data-end=\"3603\" data-col-size=\"sm\">\u2b50\u2b50<\/td>\n<td data-start=\"3603\" data-end=\"3610\" data-col-size=\"sm\">\u2b50\u2b50\u2b50<\/td>\n<\/tr>\n<tr data-start=\"3611\" data-end=\"3644\">\n<td data-start=\"3611\" data-end=\"3621\" data-col-size=\"sm\">Th\u1ea9m m\u1ef9<\/td>\n<td data-start=\"3621\" data-end=\"3628\" data-col-size=\"sm\">\u2b50\u2b50\u2b50\u2b50<\/td>\n<td data-start=\"3628\" data-end=\"3636\" data-col-size=\"sm\">\u2b50\u2b50\u2b50\u2b50\u2b50<\/td>\n<td data-start=\"3636\" data-end=\"3644\" data-col-size=\"sm\">\u2b50\u2b50\u2b50\u2b50<\/td>\n<\/tr>\n<tr data-start=\"3645\" data-end=\"3677\">\n<td data-start=\"3645\" data-end=\"3658\" data-col-size=\"sm\">D\u1ec5 v\u1ec7 sinh<\/td>\n<td data-start=\"3658\" data-end=\"3665\" data-col-size=\"sm\">\u2b50\u2b50\u2b50\u2b50<\/td>\n<td data-start=\"3665\" data-end=\"3670\" data-col-size=\"sm\">\u2b50\u2b50<\/td>\n<td data-start=\"3670\" data-end=\"3677\" data-col-size=\"sm\">\u2b50\u2b50\u2b50<\/td>\n<\/tr>\n<tr data-start=\"3678\" data-end=\"3713\">\n<td data-start=\"3678\" data-end=\"3692\" data-col-size=\"sm\">\u0110\u1ed9 ph\u1ed5 bi\u1ebfn<\/td>\n<td data-start=\"3692\" data-end=\"3700\" data-col-size=\"sm\">\u2b50\u2b50\u2b50\u2b50\u2b50<\/td>\n<td data-start=\"3700\" data-end=\"3706\" data-col-size=\"sm\">\u2b50\u2b50\u2b50<\/td>\n<td data-start=\"3706\" data-end=\"3713\" data-col-size=\"sm\">\u2b50\u2b50\u2b50<\/td>\n<\/tr>\n<tr data-start=\"3714\" data-end=\"3747\">\n<td data-start=\"3714\" data-end=\"3727\" data-col-size=\"sm\">Gi\u00e1 h\u1ee3p l\u00fd<\/td>\n<td data-start=\"3727\" data-end=\"3734\" data-col-size=\"sm\">\u2b50\u2b50\u2b50\u2b50<\/td>\n<td data-start=\"3734\" data-end=\"3740\" data-col-size=\"sm\">\u2b50\u2b50\u2b50<\/td>\n<td data-start=\"3740\" data-end=\"3747\" data-col-size=\"sm\">\u2b50\u2b50\u2b50<\/td>\n<\/tr>\n<\/tbody>\n<\/table>\n<\/div>\n<\/div>\n<p data-start=\"3749\" data-end=\"3837\">\ud83d\udc49 K\u1ebft lu\u1eadn:<br data-start=\"3761\" data-end=\"3764\" \/><strong data-start=\"3764\" data-end=\"3837\">L-288V l\u00e0 l\u1ef1a ch\u1ecdn \u201can to\u00e0n \u2013 d\u1ec5 ch\u1ed1t \u2013 \u00edt l\u1ed7i\u201d cho c\u1ea3 th\u1ea7u v\u00e0 kh\u00e1ch.<\/strong><\/p>\n<hr data-start=\"3839\" data-end=\"3842\" \/>\n<h2 data-start=\"3844\" data-end=\"3880\">\u1ee8ng d\u1ee5ng th\u1ef1c t\u1ebf trong c\u00f4ng tr\u00ecnh<\/h2>\n<p data-start=\"3882\" data-end=\"3903\">S\u1ea3n ph\u1ea9m ph\u00f9 h\u1ee3p v\u1edbi:<\/p>\n<h3 data-start=\"3905\" data-end=\"3925\">Nh\u00e0 ph\u1ed1 \u2013 c\u0103n h\u1ed9<\/h3>\n<ul data-start=\"3926\" data-end=\"3973\">\n<li data-start=\"3926\" data-end=\"3946\">G\u1ecdn g\u00e0ng, d\u1ec5 l\u1eafp<\/li>\n<li data-start=\"3947\" data-end=\"3973\">Ph\u00f9 h\u1ee3p m\u1ecdi phong c\u00e1ch<\/li>\n<\/ul>\n<h3 data-start=\"3975\" data-end=\"4003\">CCMN \u2013 ph\u00f2ng tr\u1ecd cao c\u1ea5p<\/h3>\n<ul data-start=\"4004\" data-end=\"4048\">\n<li data-start=\"4004\" data-end=\"4022\">Chi ph\u00ed h\u1ee3p l\u00fd<\/li>\n<li data-start=\"4023\" data-end=\"4048\">D\u1ec5 thay th\u1ebf \u2013 b\u1ea3o tr\u00ec<\/li>\n<\/ul>\n<h3 data-start=\"4050\" data-end=\"4074\">Kh\u00e1ch s\u1ea1n \u2013 homestay<\/h3>\n<ul data-start=\"4075\" data-end=\"4152\">\n<li data-start=\"4075\" data-end=\"4110\">Thi\u1ebft k\u1ebf trung t\u00ednh, d\u1ec5 \u0111\u1ed3ng b\u1ed9<\/li>\n<li data-start=\"4111\" data-end=\"4152\">\u0110\u1ed9 b\u1ec1n cao, ch\u1ecbu t\u1ea7n su\u1ea5t s\u1eed d\u1ee5ng l\u1edbn<\/li>\n<\/ul>\n<h3 data-start=\"4154\" data-end=\"4173\">C\u00f4ng tr\u00ecnh th\u1ea7u<\/h3>\n<ul data-start=\"4174\" data-end=\"4228\">\n<li data-start=\"4174\" data-end=\"4187\">L\u1eafp nhanh<\/li>\n<li data-start=\"4188\" data-end=\"4207\">\u00cdt l\u1ed7i k\u1ef9 thu\u1eadt<\/li>\n<li data-start=\"4208\" data-end=\"4228\">D\u1ec5 nh\u1eadp s\u1ed1 l\u01b0\u1ee3ng<\/li>\n<\/ul>\n<hr data-start=\"4230\" data-end=\"4233\" \/>\n<h2 data-start=\"4235\" data-end=\"4260\">G\u1ee3i \u00fd combo ho\u00e0n ch\u1ec9nh<\/h2>\n<p data-start=\"4262\" data-end=\"4323\">\u0110\u1ec3 t\u1ed1i \u01b0u hi\u1ec7u qu\u1ea3 s\u1eed d\u1ee5ng, anh c\u00f3 th\u1ec3 t\u01b0 v\u1ea5n kh\u00e1ch \u0111i combo:<\/p>\n<ul data-start=\"4325\" data-end=\"4473\">\n<li data-start=\"4325\" data-end=\"4369\">V\u00f2i lavabo: v\u00f2i l\u1ea1nh ho\u1eb7c n\u00f3ng l\u1ea1nh INAX<\/li>\n<li data-start=\"4370\" data-end=\"4400\">Xi-ph\u00f4ng: ch\u1eef P ho\u1eb7c ch\u1eef S<\/li>\n<li data-start=\"4401\" data-end=\"4435\">G\u01b0\u01a1ng: g\u01b0\u01a1ng treo t\u01b0\u1eddng bo g\u00f3c<\/li>\n<li data-start=\"4436\" data-end=\"4473\">Ph\u1ee5 ki\u1ec7n: k\u1ec7, m\u00f3c treo, gi\u00e1 \u0111\u1ec3 \u0111\u1ed3<\/li>\n<\/ul>\n<p data-start=\"4475\" data-end=\"4505\">\ud83d\udc49 Combo n\u00e0y c\u1ef1c k\u1ef3 d\u1ec5 b\u00e1n v\u00ec:<\/p>\n<ul data-start=\"4506\" data-end=\"4550\">\n<li data-start=\"4506\" data-end=\"4520\">Gi\u00e1 h\u1ee3p l\u00fd<\/li>\n<li data-start=\"4521\" data-end=\"4550\">Nh\u00ecn g\u1ecdn \u2013 s\u1ea1ch \u2013 d\u1ec5 ch\u1ed1t<\/li>\n<\/ul>\n<hr data-start=\"4552\" data-end=\"4555\" \/>\n<h2 data-start=\"4557\" data-end=\"4588\">V\u00ec sao L-288V lu\u00f4n b\u00e1n ch\u1ea1y?<\/h2>\n<ul data-start=\"4590\" data-end=\"4772\">\n<li data-start=\"4590\" data-end=\"4627\">Thi\u1ebft k\u1ebf d\u1ec5 nh\u00ecn, ph\u00f9 h\u1ee3p s\u1ed1 \u0111\u00f4ng<\/li>\n<li data-start=\"4628\" data-end=\"4655\">Gi\u00e1 t\u1ed1t trong ph\u00e2n kh\u00fac<\/li>\n<li data-start=\"4656\" data-end=\"4716\">Th\u01b0\u01a1ng hi\u1ec7u <span class=\"hover:entity-accent entity-underline inline cursor-pointer align-baseline\"><span class=\"whitespace-normal\">INAX<\/span><\/span> uy t\u00edn<\/li>\n<li data-start=\"4717\" data-end=\"4743\">\u0110\u1ed9 b\u1ec1n cao, \u00edt l\u1ed7i v\u1eb7t<\/li>\n<li data-start=\"4744\" data-end=\"4772\">D\u1ec5 thi c\u00f4ng, d\u1ec5 thay th\u1ebf<\/li>\n<\/ul>\n<p data-start=\"4774\" data-end=\"4843\">\ud83d\udc49 \u0110\u00e2y l\u00e0 d\u00f2ng s\u1ea3n ph\u1ea9m \u201cch\u1ed1t \u0111\u01a1n \u0111\u1ec1u tay\u201d cho anh em l\u00e0m c\u00f4ng tr\u00ecnh.<\/p>\n<hr data-start=\"4845\" data-end=\"4848\" \/>\n<h2 data-start=\"4850\" data-end=\"4861\">K\u1ebft lu\u1eadn<\/h2>\n<p data-start=\"4863\" data-end=\"4965\">Ch\u1eadu r\u1eeda treo t\u01b0\u1eddng <strong data-start=\"4883\" data-end=\"4920\">INAX L-288V k\u00e8m ch\u00e2n \u0111\u1ee9ng L-288VD<\/strong> l\u00e0 l\u1ef1a ch\u1ecdn t\u1ed1i \u01b0u n\u1ebfu anh c\u1ea7n m\u1ed9t s\u1ea3n ph\u1ea9m:<\/p>\n<ul data-start=\"4967\" data-end=\"5064\">\n<li data-start=\"4967\" data-end=\"4994\"><strong data-start=\"4969\" data-end=\"4992\">\u0110\u1eb9p \u2013 g\u1ecdn \u2013 d\u1ec5 d\u00f9ng<\/strong><\/li>\n<li data-start=\"4995\" data-end=\"5029\"><strong data-start=\"4997\" data-end=\"5027\">B\u1ec1n \u2013 \u00edt l\u1ed7i \u2013 d\u1ec5 thi c\u00f4ng<\/strong><\/li>\n<li data-start=\"5030\" data-end=\"5064\"><strong data-start=\"5032\" data-end=\"5062\">Ph\u00f9 h\u1ee3p \u0111a d\u1ea1ng c\u00f4ng tr\u00ecnh<\/strong><\/li>\n<\/ul>\n<p data-start=\"5066\" data-end=\"5149\">\ud83d\udc49 \u0110\u1eb7c bi\u1ec7t ph\u00f9 h\u1ee3p v\u1edbi ti\u00eau ch\u00ed:<br data-start=\"5099\" data-end=\"5102\" \/><strong data-start=\"5102\" data-end=\"5149\">\u201cGi\u00e1 h\u1ee3p l\u00fd \u2013 kh\u00e1ch d\u1ec5 duy\u1ec7t \u2013 th\u1ea7u d\u1ec5 l\u00e0m\u201d<\/strong><\/p>\n<p data-start=\"5164\" data-end=\"5308\">\ud83d\udccd Anh em c\u1ea7n b\u00e1o gi\u00e1 s\u1ed1 l\u01b0\u1ee3ng l\u1edbn, combo theo c\u00f4ng tr\u00ecnh (CCMN, kh\u00e1ch s\u1ea1n, nh\u00e0 ph\u1ed1) \u2192 inbox ngay \u0111\u1ec3 \u0111\u01b0\u1ee3c t\u01b0 v\u1ea5n c\u1ea5u h\u00ecnh nhanh, t\u1ed1i \u01b0u chi ph\u00ed.<\/p>\n<p data-start=\"4866\" data-end=\"4979\"><strong data-start=\"4866\" data-end=\"4917\">Ehrlich Vi\u1ec7t Nam \u2013 Thi\u1ebft B\u1ecb Nh\u00e0 B\u1ebfp &amp; Ph\u00f2ng T\u1eafm<\/strong><br data-start=\"4917\" data-end=\"4920\" \/>\ud83d\udccd\u00a0\u0110\u1ecba ch\u1ec9: S\u1ed1 6 Li\u1ec1n K\u1ec1 22, K\u0110T V\u0103n Kh\u00ea, H\u00e0 \u0110\u00f4ng, H\u00e0 N\u1ed9i<\/p>\n<p data-start=\"4981\" data-end=\"5105\">\ud83c\udf10\u00a0Website:\u00a0<a class=\"decorated-link\" href=\"https:\/\/ehrlichvietnam.vn\/\" target=\"_new\" rel=\"noopener\" data-start=\"4993\" data-end=\"5019\">https:\/\/ehrlichvietnam.vn\/<\/a><br data-start=\"5019\" data-end=\"5022\" \/>\ud83d\udcde\u00a0Hotline:\u00a0<strong data-start=\"5034\" data-end=\"5051\">0932 27 05 20<\/strong><br data-start=\"5051\" data-end=\"5054\" \/>\ud83d\udcac\u00a0Zalo OA:\u00a0<a class=\"decorated-link\" href=\"https:\/\/zalo.me\/s\/2888141157129558325\" target=\"_new\" rel=\"noopener\" data-start=\"5066\" data-end=\"5103\">https:\/\/zalo.me\/s\/2888141157129558325<\/a><\/p>\n<p data-start=\"5107\" data-end=\"5218\">\ud83c\udfa5\u00a0TikTok:\u00a0<a class=\"decorated-link\" href=\"https:\/\/www.tiktok.com\/@ehrlich.chia.s?_r=1\" target=\"_new\" rel=\"noopener\" data-start=\"5118\" data-end=\"5162\">https:\/\/www.tiktok.com\/@ehrlichthietbivesinh<\/a><br data-start=\"5162\" data-end=\"5165\" \/>\u25b6\ufe0f\u00a0YouTube:\u00a0<a class=\"decorated-link\" href=\"https:\/\/www.youtube.com\/@EhrlichVietNam\" target=\"_new\" rel=\"noopener\" data-start=\"5177\" data-end=\"5216\">https:\/\/www.youtube.com\/@EhrlichVietNam<\/a><\/p>\n<p data-start=\"5220\" data-end=\"5265\">\ud83d\ude9a\u00a0Giao h\u00e0ng to\u00e0n qu\u1ed1c \u2013 t\u01b0 v\u1ea5n nhanh ch\u00f3ng<\/p>\n<p data-start=\"5267\" data-end=\"5313\">\ud83d\udc49\u00a0<strong data-start=\"5270\" data-end=\"5313\">Inbox ngay \u0111\u1ec3 nh\u1eadn \u01b0u \u0111\u00e3i th\u00eam h\u00f4m nay!<\/strong><\/p>\n<p data-start=\"4976\" data-end=\"5026\"><strong data-start=\"4979\" data-end=\"5026\">\u00a0<\/strong><\/p>\n","protected":false},"excerpt":{"rendered":"<p>Ch\u1eadu R\u1eeda Treo T\u01b0\u1eddng INAX L-288V K\u00e8m Ch\u00e2n \u0110\u1ee9ng L-288VD \u2013 Gi\u1ea3i Ph\u00e1p Ho\u00e0n H\u1ea3o Cho M\u1ecdi Kh\u00f4ng Gian Ph\u00f2ng T\u1eafm T\u1ed5ng quan s\u1ea3n ph\u1ea9m Ch\u1eadu r\u1eeda treo t\u01b0\u1eddng INAX L-288V k\u00e8m ch\u00e2n \u0111\u1ee9ng L-288VD l\u00e0 d\u00f2ng lavabo qu\u1ed1c d\u00e2n trong ph\u00e2n kh\u00fac ph\u1ed5 th\u00f4ng \u2013 trung c\u1ea5p, \u0111\u01b0\u1ee3c \u1ee9ng d\u1ee5ng r\u1ed9ng r\u00e3i trong nh\u00e0 [&hellip;]<\/p>\n","protected":false},"featured_media":4981,"comment_status":"open","ping_status":"closed","template":"","meta":{"_acf_changed":false},"product_brand":[141],"product_cat":[23,15,136,146],"product_tag":[],"class_list":{"0":"post-4980","1":"product","2":"type-product","3":"status-publish","4":"has-post-thumbnail","6":"product_brand-inax","7":"product_cat-thiet-bi-phong-ve-sinh","8":"product_cat-san-pham","9":"product_cat-thuong-hieu-inax","10":"product_cat-chau-lavabo-inax","12":"first","13":"instock","14":"sale","15":"shipping-taxable","16":"purchasable","17":"product-type-simple"},"acf":[],"_links":{"self":[{"href":"https:\/\/ehrlichvietnam.vn\/en\/wp-json\/wp\/v2\/product\/4980","targetHints":{"allow":["GET"]}}],"collection":[{"href":"https:\/\/ehrlichvietnam.vn\/en\/wp-json\/wp\/v2\/product"}],"about":[{"href":"https:\/\/ehrlichvietnam.vn\/en\/wp-json\/wp\/v2\/types\/product"}],"replies":[{"embeddable":true,"href":"https:\/\/ehrlichvietnam.vn\/en\/wp-json\/wp\/v2\/comments?post=4980"}],"wp:featuredmedia":[{"embeddable":true,"href":"https:\/\/ehrlichvietnam.vn\/en\/wp-json\/wp\/v2\/media\/4981"}],"wp:attachment":[{"href":"https:\/\/ehrlichvietnam.vn\/en\/wp-json\/wp\/v2\/media?parent=4980"}],"wp:term":[{"taxonomy":"product_brand","embeddable":true,"href":"https:\/\/ehrlichvietnam.vn\/en\/wp-json\/wp\/v2\/product_brand?post=4980"},{"taxonomy":"product_cat","embeddable":true,"href":"https:\/\/ehrlichvietnam.vn\/en\/wp-json\/wp\/v2\/product_cat?post=4980"},{"taxonomy":"product_tag","embeddable":true,"href":"https:\/\/ehrlichvietnam.vn\/en\/wp-json\/wp\/v2\/product_tag?post=4980"}],"curies":[{"name":"wp","href":"https:\/\/api.w.org\/{rel}","templated":true}]}}