{"id":4971,"date":"2026-04-18T01:23:45","date_gmt":"2026-04-18T01:23:45","guid":{"rendered":"https:\/\/ehrlichvietnam.vn\/?post_type=product&#038;p=4971"},"modified":"2026-04-18T01:50:02","modified_gmt":"2026-04-18T01:50:02","slug":"chau-rua-treo-tuong-inax-l-288v-kem-chan-lung-l-288vc","status":"publish","type":"product","link":"https:\/\/ehrlichvietnam.vn\/chau-rua-treo-tuong-inax-l-288v-kem-chan-lung-l-288vc\/","title":{"rendered":"Ch\u1eadu r\u1eeda treo t\u01b0\u1eddng INAX  L-288V (K\u00e8m ch\u00e2n l\u1eedng L-288VC)"},"content":{"rendered":"<h1 data-start=\"166\" data-end=\"272\">Ch\u1eadu R\u1eeda Treo T\u01b0\u1eddng INAX L-288V K\u00e8m Ch\u00e2n L\u1eedng L-288VC \u2013 Gi\u1ea3i Ph\u00e1p T\u1ed1i \u01afu Kh\u00f4ng Gian, Sang Tr\u1ecdng Hi\u1ec7n \u0110\u1ea1i<\/h1>\n<h2 data-start=\"274\" data-end=\"329\">Gi\u1edbi thi\u1ec7u t\u1ed5ng quan ch\u1eadu r\u1eeda treo t\u01b0\u1eddng INAX L-288V<\/h2>\n<p data-start=\"331\" data-end=\"666\">Trong c\u00e1c c\u00f4ng tr\u00ecnh nh\u00e0 ph\u1ed1, c\u0103n h\u1ed9 hay kh\u00e1ch s\u1ea1n hi\u1ec7n nay, nh\u1eefng m\u1eabu <strong data-start=\"402\" data-end=\"423\">lavabo treo t\u01b0\u1eddng<\/strong> ng\u00e0y c\u00e0ng \u0111\u01b0\u1ee3c \u01b0a chu\u1ed9ng nh\u1edd kh\u1ea3 n\u0103ng <strong data-start=\"462\" data-end=\"515\">ti\u1ebft ki\u1ec7m di\u1ec7n t\u00edch \u2013 d\u1ec5 v\u1ec7 sinh \u2013 chi ph\u00ed h\u1ee3p l\u00fd<\/strong>. N\u1ed5i b\u1eadt trong ph\u00e2n kh\u00fac n\u00e0y, <strong data-start=\"546\" data-end=\"605\">ch\u1eadu r\u1eeda treo t\u01b0\u1eddng INAX L-288V (k\u00e8m ch\u00e2n l\u1eedng L-288VC)<\/strong> l\u00e0 l\u1ef1a ch\u1ecdn c\u00e2n b\u1eb1ng ho\u00e0n h\u1ea3o gi\u1eefa <strong data-start=\"641\" data-end=\"665\">th\u1ea9m m\u1ef9 v\u00e0 c\u00f4ng n\u0103ng<\/strong>.<\/p>\n<p data-start=\"668\" data-end=\"990\">S\u1ea3n ph\u1ea9m \u0111\u01b0\u1ee3c thi\u1ebft k\u1ebf theo phong c\u00e1ch t\u1ed1i gi\u1ea3n nh\u01b0ng tinh t\u1ebf, v\u1edbi c\u00e1c \u0111\u01b0\u1eddng cong m\u1ec1m m\u1ea1i, mang l\u1ea1i c\u1ea3m gi\u00e1c nh\u1eb9 nh\u00e0ng, th\u01b0 gi\u00e3n khi s\u1eed d\u1ee5ng. K\u1ebft h\u1ee3p c\u00f9ng <strong data-start=\"823\" data-end=\"849\">ch\u00e2n ch\u1eadu l\u1eedng L-288VC<\/strong>, b\u1ed9 s\u1ea3n ph\u1ea9m kh\u00f4ng ch\u1ec9 \u0111\u1ea3m b\u1ea3o t\u00ednh ch\u1eafc ch\u1eafn m\u00e0 c\u00f2n gi\u00fap che \u0111i h\u1ec7 th\u1ed1ng \u1ed1ng x\u1ea3, t\u1ea1o t\u1ed5ng th\u1ec3 g\u1ecdn g\u00e0ng v\u00e0 s\u1ea1ch s\u1ebd cho kh\u00f4ng gian ph\u00f2ng t\u1eafm.<br \/>\n<img decoding=\"async\" src=\"https:\/\/www.inax.com.vn\/wp-content\/uploads\/2025\/12\/chan-chau-l-288vc-1.jpg\" \/><\/p>\n<hr data-start=\"992\" data-end=\"995\" \/>\n<h2 data-start=\"997\" data-end=\"1058\">Th\u00f4ng s\u1ed1 k\u1ef9 thu\u1eadt ch\u1eadu r\u1eeda INAX L-288V &amp; ch\u00e2n ch\u1eadu L-288VC<\/h2>\n<h3 data-start=\"1060\" data-end=\"1095\">Ch\u1eadu r\u1eeda treo t\u01b0\u1eddng INAX L-288V<\/h3>\n<ul data-start=\"1097\" data-end=\"1425\">\n<li data-start=\"1097\" data-end=\"1154\"><strong data-start=\"1099\" data-end=\"1116\">T\u00ean s\u1ea3n ph\u1ea9m:<\/strong> Ch\u1eadu r\u1eeda m\u1eb7t treo t\u01b0\u1eddng INAX L-288V<\/li>\n<li data-start=\"1155\" data-end=\"1212\"><strong data-start=\"1157\" data-end=\"1172\">K\u00edch th\u01b0\u1edbc:<\/strong> 563 x 406 x 196 mm (R\u1ed9ng x S\u00e2u x Cao)<\/li>\n<li data-start=\"1213\" data-end=\"1286\"><strong data-start=\"1215\" data-end=\"1240\">K\u00edch th\u01b0\u1edbc tham kh\u1ea3o:<\/strong> Width 563 mm | Depth 460 mm | Height 546 mm<\/li>\n<li data-start=\"1287\" data-end=\"1319\"><strong data-start=\"1289\" data-end=\"1306\">Ki\u1ec3u l\u1eafp \u0111\u1eb7t:<\/strong> Treo t\u01b0\u1eddng<\/li>\n<li data-start=\"1320\" data-end=\"1357\"><strong data-start=\"1322\" data-end=\"1336\">Ch\u1ea5t li\u1ec7u:<\/strong> S\u1ee9 v\u1ec7 sinh cao c\u1ea5p<\/li>\n<li data-start=\"1358\" data-end=\"1380\"><strong data-start=\"1360\" data-end=\"1372\">M\u00e0u s\u1eafc:<\/strong> Tr\u1eafng<\/li>\n<li data-start=\"1381\" data-end=\"1425\"><strong data-start=\"1383\" data-end=\"1397\">T\u00ednh n\u0103ng:<\/strong> D\u1ec5 v\u1ec7 sinh, ch\u1ed1ng b\u00e1m b\u1ea9n<\/li>\n<\/ul>\n<hr data-start=\"1427\" data-end=\"1430\" \/>\n<h3 data-start=\"1432\" data-end=\"1463\">Ch\u00e2n ch\u1eadu l\u1eedng INAX L-288VC<\/h3>\n<ul data-start=\"1465\" data-end=\"1642\">\n<li data-start=\"1465\" data-end=\"1514\"><strong data-start=\"1467\" data-end=\"1484\">T\u00ean s\u1ea3n ph\u1ea9m:<\/strong> Ch\u00e2n ch\u1eadu l\u1eedng INAX L-288VC<\/li>\n<li data-start=\"1515\" data-end=\"1553\"><strong data-start=\"1517\" data-end=\"1532\">K\u00edch th\u01b0\u1edbc:<\/strong> 350 x 180 x 300 mm<\/li>\n<li data-start=\"1554\" data-end=\"1589\"><strong data-start=\"1556\" data-end=\"1570\">Ki\u1ec3u d\u00e1ng:<\/strong> Ch\u00e2n l\u1eedng (ng\u1eafn)<\/li>\n<li data-start=\"1590\" data-end=\"1619\"><strong data-start=\"1592\" data-end=\"1606\">Ch\u1ea5t li\u1ec7u:<\/strong> S\u1ee9 cao c\u1ea5p<\/li>\n<li data-start=\"1620\" data-end=\"1642\"><strong data-start=\"1622\" data-end=\"1634\">M\u00e0u s\u1eafc:<\/strong> Tr\u1eafng<\/li>\n<\/ul>\n<h2>B\u1ea3n v\u1ebd l\u1eafp \u0111\u1eb7t ch\u1eadu r\u1eeda treo t\u01b0\u1eddng<\/h2>\n<p><img decoding=\"async\" src=\"https:\/\/www.inax.com.vn\/wp-content\/uploads\/2025\/12\/chau-rua-treo-tuong-l-288vecfc-2.jpg\" \/><\/p>\n<hr data-start=\"1644\" data-end=\"1647\" \/>\n<h2 data-start=\"1649\" data-end=\"1705\">Thi\u1ebft k\u1ebf ch\u1eadu r\u1eeda L-288V \u2013 T\u1ed1i gi\u1ea3n nh\u01b0ng \u0111\u1ea7y tinh t\u1ebf<\/h2>\n<h3 data-start=\"1707\" data-end=\"1755\">Ki\u1ec3u treo t\u01b0\u1eddng \u2013 Gi\u1ea3i ph\u00e1p t\u1ed1i \u01b0u di\u1ec7n t\u00edch<\/h3>\n<p data-start=\"1757\" data-end=\"1813\"><strong data-start=\"1757\" data-end=\"1772\">INAX L-288V<\/strong> \u0111\u01b0\u1ee3c thi\u1ebft k\u1ebf d\u1ea1ng <strong data-start=\"1792\" data-end=\"1806\">treo t\u01b0\u1eddng<\/strong>, gi\u00fap:<\/p>\n<ul data-start=\"1815\" data-end=\"1924\">\n<li data-start=\"1815\" data-end=\"1854\">Gi\u1ea3i ph\u00f3ng ho\u00e0n to\u00e0n kh\u00f4ng gian s\u00e0n<\/li>\n<li data-start=\"1855\" data-end=\"1894\">T\u1ea1o c\u1ea3m gi\u00e1c r\u1ed9ng r\u00e3i, th\u00f4ng tho\u00e1ng<\/li>\n<li data-start=\"1895\" data-end=\"1924\">Ph\u00f9 h\u1ee3p v\u1edbi ph\u00f2ng t\u1eafm nh\u1ecf<\/li>\n<\/ul>\n<p data-start=\"1926\" data-end=\"1965\">\ud83d\udc49 \u0110\u00e2y l\u00e0 l\u1ef1a ch\u1ecdn c\u1ef1c k\u1ef3 ph\u1ed5 bi\u1ebfn cho:<\/p>\n<ul data-start=\"1967\" data-end=\"2054\">\n<li data-start=\"1967\" data-end=\"1996\">Nh\u00e0 ph\u1ed1 di\u1ec7n t\u00edch h\u1ea1n ch\u1ebf<\/li>\n<li data-start=\"1997\" data-end=\"2009\">Chung c\u01b0<\/li>\n<li data-start=\"2010\" data-end=\"2029\">Nh\u00e0 tr\u1ecd cao c\u1ea5p<\/li>\n<li data-start=\"2030\" data-end=\"2054\">C\u00f4ng tr\u00ecnh kh\u00e1ch s\u1ea1n<\/li>\n<\/ul>\n<hr data-start=\"2056\" data-end=\"2059\" \/>\n<h3 data-start=\"2061\" data-end=\"2110\">\u0110\u01b0\u1eddng cong m\u1ec1m m\u1ea1i \u2013 T\u0103ng tr\u1ea3i nghi\u1ec7m s\u1eed d\u1ee5ng<\/h3>\n<p data-start=\"2112\" data-end=\"2184\">\u0110i\u1ec3m kh\u00e1c bi\u1ec7t c\u1ee7a L-288V n\u1eb1m \u1edf c\u00e1c <strong data-start=\"2148\" data-end=\"2177\">\u0111\u01b0\u1eddng bo cong uy\u1ec3n chuy\u1ec3n<\/strong>, gi\u00fap:<\/p>\n<ul data-start=\"2186\" data-end=\"2287\">\n<li data-start=\"2186\" data-end=\"2222\">T\u1ea1o c\u1ea3m gi\u00e1c nh\u1eb9 nh\u00e0ng, th\u01b0 gi\u00e3n<\/li>\n<li data-start=\"2223\" data-end=\"2259\">Kh\u00f4ng b\u1ecb th\u00f4 c\u1ee9ng nh\u01b0 ch\u1eadu vu\u00f4ng<\/li>\n<li data-start=\"2260\" data-end=\"2287\">An to\u00e0n h\u01a1n khi s\u1eed d\u1ee5ng<\/li>\n<\/ul>\n<p data-start=\"2289\" data-end=\"2326\">\ud83d\udc49 Thi\u1ebft k\u1ebf n\u00e0y \u0111\u1eb7c bi\u1ec7t ph\u00f9 h\u1ee3p v\u1edbi:<\/p>\n<ul data-start=\"2328\" data-end=\"2400\">\n<li data-start=\"2328\" data-end=\"2351\">Gia \u0111\u00ecnh c\u00f3 tr\u1ebb nh\u1ecf<\/li>\n<li data-start=\"2352\" data-end=\"2370\">Ng\u01b0\u1eddi l\u1edbn tu\u1ed5i<\/li>\n<li data-start=\"2371\" data-end=\"2400\">Kh\u00f4ng gian c\u1ea7n s\u1ef1 m\u1ec1m m\u1ea1i<\/li>\n<\/ul>\n<hr data-start=\"2402\" data-end=\"2405\" \/>\n<h3 data-start=\"2407\" data-end=\"2462\">K\u00edch th\u01b0\u1edbc h\u1ee3p l\u00fd \u2013 D\u00f9ng tho\u1ea3i m\u00e1i, kh\u00f4ng chi\u1ebfm ch\u1ed7<\/h3>\n<p data-start=\"2464\" data-end=\"2516\">V\u1edbi k\u00edch th\u01b0\u1edbc <strong data-start=\"2479\" data-end=\"2500\">563 mm chi\u1ec1u r\u1ed9ng<\/strong>, ch\u1eadu mang l\u1ea1i:<\/p>\n<ul data-start=\"2518\" data-end=\"2599\">\n<li data-start=\"2518\" data-end=\"2544\">Kh\u00f4ng gian r\u1eeda \u0111\u1ee7 r\u1ed9ng<\/li>\n<li data-start=\"2545\" data-end=\"2574\">H\u1ea1n ch\u1ebf n\u01b0\u1edbc b\u1eafn ra ngo\u00e0i<\/li>\n<li data-start=\"2575\" data-end=\"2599\">D\u1ec5 s\u1eed d\u1ee5ng h\u00e0ng ng\u00e0y<\/li>\n<\/ul>\n<hr data-start=\"2601\" data-end=\"2604\" \/>\n<h2 data-start=\"2606\" data-end=\"2662\">Ch\u00e2n ch\u1eadu l\u1eedng L-288VC \u2013 Chi ti\u1ebft nh\u1ecf nh\u01b0ng \u201c\u0103n ti\u1ec1n\u201d<\/h2>\n<h3 data-start=\"2664\" data-end=\"2698\">Che \u1ed1ng x\u1ea3 \u2013 T\u0103ng t\u00ednh th\u1ea9m m\u1ef9<\/h3>\n<p data-start=\"2700\" data-end=\"2761\">M\u1ed9t trong nh\u1eefng \u0111i\u1ec3m khi\u1ebfn b\u1ed9 <strong data-start=\"2730\" data-end=\"2750\">L-288V + L-288VC<\/strong> d\u1ec5 b\u00e1n l\u00e0:<\/p>\n<p data-start=\"2763\" data-end=\"2815\">\ud83d\udc49 <strong data-start=\"2766\" data-end=\"2815\">Ch\u00e2n ch\u1eadu gi\u00fap che to\u00e0n b\u1ed9 xi-ph\u00f4ng v\u00e0 \u1ed1ng x\u1ea3<\/strong><\/p>\n<p data-start=\"2817\" data-end=\"2825\">L\u1ee3i \u00edch:<\/p>\n<ul data-start=\"2827\" data-end=\"2911\">\n<li data-start=\"2827\" data-end=\"2852\">Kh\u00f4ng l\u1ed9 \u1ed1ng k\u1ef9 thu\u1eadt<\/li>\n<li data-start=\"2853\" data-end=\"2885\">Kh\u00f4ng gian g\u1ecdn g\u00e0ng, s\u1ea1ch s\u1ebd<\/li>\n<li data-start=\"2886\" data-end=\"2911\">T\u0103ng c\u1ea3m gi\u00e1c cao c\u1ea5p<\/li>\n<\/ul>\n<hr data-start=\"2913\" data-end=\"2916\" \/>\n<h3 data-start=\"2918\" data-end=\"2958\">Thi\u1ebft k\u1ebf g\u1ecdn \u2013 Kh\u00f4ng chi\u1ebfm di\u1ec7n t\u00edch<\/h3>\n<p data-start=\"2960\" data-end=\"3014\">Kh\u00e1c v\u1edbi ch\u00e2n d\u00e0i truy\u1ec1n th\u1ed1ng, <strong data-start=\"2992\" data-end=\"3013\">ch\u00e2n l\u1eedng L-288VC<\/strong>:<\/p>\n<ul data-start=\"3016\" data-end=\"3079\">\n<li data-start=\"3016\" data-end=\"3034\">Kh\u00f4ng ch\u1ea1m s\u00e0n<\/li>\n<li data-start=\"3035\" data-end=\"3064\">Gi\u1eef kho\u1ea3ng tr\u1ed1ng b\u00ean d\u01b0\u1edbi<\/li>\n<li data-start=\"3065\" data-end=\"3079\">D\u1ec5 lau d\u1ecdn<\/li>\n<\/ul>\n<p data-start=\"3081\" data-end=\"3126\">\ud83d\udc49 \u0110\u00e2y l\u00e0 l\u1ef1a ch\u1ecdn r\u1ea5t h\u1ee3p v\u1edbi ph\u00f2ng t\u1eafm nh\u1ecf.<\/p>\n<hr data-start=\"3128\" data-end=\"3131\" \/>\n<h3 data-start=\"3133\" data-end=\"3166\">T\u0103ng \u0111\u1ed9 ch\u1eafc ch\u1eafn cho h\u1ec7 ch\u1eadu<\/h3>\n<p data-start=\"3168\" data-end=\"3197\">Ngo\u00e0i th\u1ea9m m\u1ef9, ch\u00e2n ch\u1eadu c\u00f2n:<\/p>\n<ul data-start=\"3199\" data-end=\"3277\">\n<li data-start=\"3199\" data-end=\"3222\">H\u1ed7 tr\u1ee3 c\u1ed1 \u0111\u1ecbnh ch\u1eadu<\/li>\n<li data-start=\"3223\" data-end=\"3247\">T\u0103ng \u0111\u1ed9 b\u1ec1n h\u1ec7 th\u1ed1ng<\/li>\n<li data-start=\"3248\" data-end=\"3277\">Gi\u1ea3m rung l\u1eafc khi s\u1eed d\u1ee5ng<\/li>\n<\/ul>\n<hr data-start=\"3279\" data-end=\"3282\" \/>\n<h2 data-start=\"3284\" data-end=\"3331\">Ch\u1ea5t li\u1ec7u s\u1ee9 cao c\u1ea5p \u2013 B\u1ec1n b\u1ec9 theo th\u1eddi gian<\/h2>\n<h3 data-start=\"3333\" data-end=\"3367\">S\u1ee9 v\u1ec7 sinh ti\u00eau chu\u1ea9n Nh\u1eadt B\u1ea3n<\/h3>\n<p data-start=\"3369\" data-end=\"3401\">C\u1ea3 ch\u1eadu v\u00e0 ch\u00e2n \u0111\u1ec1u \u0111\u01b0\u1ee3c l\u00e0m t\u1eeb:<\/p>\n<ul data-start=\"3403\" data-end=\"3446\">\n<li data-start=\"3403\" data-end=\"3422\">S\u1ee9 cao c\u1ea5p INAX<\/li>\n<li data-start=\"3423\" data-end=\"3446\">Nung \u1edf nhi\u1ec7t \u0111\u1ed9 cao<\/li>\n<\/ul>\n<p data-start=\"3448\" data-end=\"3453\">Gi\u00fap:<\/p>\n<ul data-start=\"3455\" data-end=\"3505\">\n<li data-start=\"3455\" data-end=\"3471\">Ch\u1ed1ng n\u1ee9t v\u1ee1<\/li>\n<li data-start=\"3472\" data-end=\"3488\">Ch\u1ecbu l\u1ef1c t\u1ed1t<\/li>\n<li data-start=\"3489\" data-end=\"3505\">\u00cdt xu\u1ed1ng c\u1ea5p<\/li>\n<\/ul>\n<hr data-start=\"3507\" data-end=\"3510\" \/>\n<h3 data-start=\"3512\" data-end=\"3545\">B\u1ec1 m\u1eb7t tr\u01a1n b\u00f3ng \u2013 D\u1ec5 v\u1ec7 sinh<\/h3>\n<p data-start=\"3547\" data-end=\"3558\">L\u1edbp men s\u1ee9:<\/p>\n<ul data-start=\"3560\" data-end=\"3628\">\n<li data-start=\"3560\" data-end=\"3579\">H\u1ea1n ch\u1ebf b\u00e1m b\u1ea9n<\/li>\n<li data-start=\"3580\" data-end=\"3604\">Lau ch\u00f9i nhanh ch\u00f3ng<\/li>\n<li data-start=\"3605\" data-end=\"3628\">Gi\u1eef \u0111\u1ed9 s\u00e1ng l\u00e2u d\u00e0i<\/li>\n<\/ul>\n<p data-start=\"3630\" data-end=\"3686\">\ud83d\udc49 Ph\u00f9 h\u1ee3p v\u1edbi ng\u01b0\u1eddi d\u00f9ng b\u1eadn r\u1ed9n, \u00edt th\u1eddi gian v\u1ec7 sinh.<\/p>\n<hr data-start=\"3688\" data-end=\"3691\" \/>\n<h2 data-start=\"3693\" data-end=\"3723\">Tr\u1ea3i nghi\u1ec7m s\u1eed d\u1ee5ng th\u1ef1c t\u1ebf<\/h2>\n<h3 data-start=\"3725\" data-end=\"3768\">D\u1ec5 l\u1eafp \u0111\u1eb7t \u2013 Ti\u1ebft ki\u1ec7m chi ph\u00ed thi c\u00f4ng<\/h3>\n<p data-start=\"3770\" data-end=\"3790\">So v\u1edbi ch\u1eadu \u0111\u1eb7t b\u00e0n:<\/p>\n<ul data-start=\"3792\" data-end=\"3862\">\n<li data-start=\"3792\" data-end=\"3812\">Kh\u00f4ng c\u1ea7n b\u00e0n \u0111\u00e1<\/li>\n<li data-start=\"3813\" data-end=\"3834\">Kh\u00f4ng c\u1ea7n t\u1ee7 ch\u1eadu<\/li>\n<li data-start=\"3835\" data-end=\"3862\">L\u1eafp tr\u1ef1c ti\u1ebfp l\u00ean t\u01b0\u1eddng<\/li>\n<\/ul>\n<p data-start=\"3864\" data-end=\"3898\">\ud83d\udc49 Gi\u00fap ti\u1ebft ki\u1ec7m chi ph\u00ed \u0111\u00e1ng k\u1ec3.<\/p>\n<hr data-start=\"3900\" data-end=\"3903\" \/>\n<h3 data-start=\"3905\" data-end=\"3939\">D\u1ec5 v\u1ec7 sinh kh\u00f4ng gian b\u00ean d\u01b0\u1edbi<\/h3>\n<p data-start=\"3941\" data-end=\"3967\">Do kh\u00f4ng c\u00f3 ch\u00e2n ch\u1ea1m s\u00e0n:<\/p>\n<ul data-start=\"3969\" data-end=\"4030\">\n<li data-start=\"3969\" data-end=\"3988\">Lau s\u00e0n d\u1ec5 d\u00e0ng<\/li>\n<li data-start=\"3989\" data-end=\"4011\">Kh\u00f4ng b\u1ecb \u0111\u1ecdng n\u01b0\u1edbc<\/li>\n<li data-start=\"4012\" data-end=\"4030\">H\u1ea1n ch\u1ebf \u1ea9m m\u1ed1c<\/li>\n<\/ul>\n<hr data-start=\"4032\" data-end=\"4035\" \/>\n<h3 data-start=\"4037\" data-end=\"4070\">Ph\u00f9 h\u1ee3p nhi\u1ec1u lo\u1ea1i v\u00f2i lavabo<\/h3>\n<p data-start=\"4072\" data-end=\"4091\">C\u00f3 th\u1ec3 k\u1ebft h\u1ee3p v\u1edbi:<\/p>\n<ul data-start=\"4093\" data-end=\"4146\">\n<li data-start=\"4093\" data-end=\"4116\">V\u00f2i lavabo g\u1eafn ch\u1eadu<\/li>\n<li data-start=\"4117\" data-end=\"4134\">V\u00f2i n\u00f3ng l\u1ea1nh<\/li>\n<li data-start=\"4135\" data-end=\"4146\">V\u00f2i \u0111\u01a1n<\/li>\n<\/ul>\n<p data-start=\"4148\" data-end=\"4187\">\ud83d\udc49 Linh ho\u1ea1t theo nhu c\u1ea7u v\u00e0 ng\u00e2n s\u00e1ch.<\/p>\n<hr data-start=\"4189\" data-end=\"4192\" \/>\n<h2 data-start=\"4194\" data-end=\"4237\">\u1ee8ng d\u1ee5ng th\u1ef1c t\u1ebf c\u1ee7a b\u1ed9 L-288V + L-288VC<\/h2>\n<h3 data-start=\"4239\" data-end=\"4273\">1. Nh\u00e0 ph\u1ed1 \u2013 T\u1ed1i \u01b0u kh\u00f4ng gian<\/h3>\n<ul data-start=\"4275\" data-end=\"4327\">\n<li data-start=\"4275\" data-end=\"4305\">Ph\u00f2ng t\u1eafm nh\u1ecf v\u1eabn g\u1ecdn g\u00e0ng<\/li>\n<li data-start=\"4306\" data-end=\"4327\">Kh\u00f4ng c\u1ea7n t\u1ee7 ch\u1eadu<\/li>\n<\/ul>\n<hr data-start=\"4329\" data-end=\"4332\" \/>\n<h3 data-start=\"4334\" data-end=\"4369\">2. Chung c\u01b0 \u2013 Ti\u1ec7n l\u1ee3i, d\u1ec5 d\u00f9ng<\/h3>\n<ul data-start=\"4371\" data-end=\"4418\">\n<li data-start=\"4371\" data-end=\"4392\">Thi\u1ebft k\u1ebf \u0111\u01a1n gi\u1ea3n<\/li>\n<li data-start=\"4393\" data-end=\"4418\">D\u1ec5 thay th\u1ebf, s\u1eeda ch\u1eefa<\/li>\n<\/ul>\n<hr data-start=\"4420\" data-end=\"4423\" \/>\n<h3 data-start=\"4425\" data-end=\"4464\">3. Kh\u00e1ch s\u1ea1n \u2013 Nh\u00e0 tr\u1ecd \u2013 C\u00f4ng tr\u00ecnh<\/h3>\n<p data-start=\"4466\" data-end=\"4496\">\u0110\u00e2y l\u00e0 nh\u00f3m c\u1ef1c k\u1ef3 ph\u00f9 h\u1ee3p v\u00ec:<\/p>\n<ul data-start=\"4498\" data-end=\"4561\">\n<li data-start=\"4498\" data-end=\"4512\">Gi\u00e1 h\u1ee3p l\u00fd<\/li>\n<li data-start=\"4513\" data-end=\"4537\">D\u1ec5 l\u1eafp \u0111\u1eb7t h\u00e0ng lo\u1ea1t<\/li>\n<li data-start=\"4538\" data-end=\"4561\">D\u1ec5 v\u1ec7 sinh, b\u1ea3o tr\u00ec<\/li>\n<\/ul>\n<hr data-start=\"4563\" data-end=\"4566\" \/>\n<h2 data-start=\"4568\" data-end=\"4606\">\u01afu \u2013 Nh\u01b0\u1ee3c \u0111i\u1ec3m v\u00e0 \u1ee9ng d\u1ee5ng th\u1ef1c t\u1ebf<\/h2>\n<h3 data-start=\"4608\" data-end=\"4619\">\u01afu \u0111i\u1ec3m<\/h3>\n<ul data-start=\"4621\" data-end=\"4751\">\n<li data-start=\"4621\" data-end=\"4651\">Ti\u1ebft ki\u1ec7m di\u1ec7n t\u00edch t\u1ed1i \u0111a<\/li>\n<li data-start=\"4652\" data-end=\"4681\">Thi\u1ebft k\u1ebf m\u1ec1m m\u1ea1i, d\u1ec5 nh\u00ecn<\/li>\n<li data-start=\"4682\" data-end=\"4709\">C\u00f3 ch\u00e2n l\u1eedng che \u1ed1ng x\u1ea3<\/li>\n<li data-start=\"4710\" data-end=\"4736\">D\u1ec5 v\u1ec7 sinh, d\u1ec5 l\u1eafp \u0111\u1eb7t<\/li>\n<li data-start=\"4737\" data-end=\"4751\">Gi\u00e1 h\u1ee3p l\u00fd<\/li>\n<\/ul>\n<hr data-start=\"4753\" data-end=\"4756\" \/>\n<h3 data-start=\"4758\" data-end=\"4772\">Nh\u01b0\u1ee3c \u0111i\u1ec3m<\/h3>\n<ul data-start=\"4774\" data-end=\"4867\">\n<li data-start=\"4774\" data-end=\"4817\">Kh\u00f4ng c\u00f3 kh\u00f4ng gian ch\u1ee9a \u0111\u1ed3 nh\u01b0 t\u1ee7 ch\u1eadu<\/li>\n<li data-start=\"4818\" data-end=\"4867\">Th\u1ea9m m\u1ef9 kh\u00f4ng cao b\u1eb1ng lavabo \u0111\u1eb7t b\u00e0n cao c\u1ea5p<\/li>\n<\/ul>\n<hr data-start=\"4869\" data-end=\"4872\" \/>\n<h3 data-start=\"4874\" data-end=\"4894\">\u1ee8ng d\u1ee5ng ph\u00f9 h\u1ee3p<\/h3>\n<ul data-start=\"4896\" data-end=\"4988\">\n<li data-start=\"4896\" data-end=\"4917\">Nh\u00e0 ph\u1ed1, chung c\u01b0<\/li>\n<li data-start=\"4918\" data-end=\"4937\">Nh\u00e0 v\u1ec7 sinh ph\u1ee5<\/li>\n<li data-start=\"4938\" data-end=\"4960\">Kh\u00e1ch s\u1ea1n, nh\u00e0 tr\u1ecd<\/li>\n<li data-start=\"4961\" data-end=\"4988\">C\u00f4ng tr\u00ecnh s\u1ed1 l\u01b0\u1ee3ng l\u1edbn<\/li>\n<\/ul>\n<hr data-start=\"4990\" data-end=\"4993\" \/>\n<h2 data-start=\"4995\" data-end=\"5035\">V\u00ec sao n\u00ean ch\u1ecdn ch\u1eadu r\u1eeda INAX L-288V?<\/h2>\n<p data-start=\"5037\" data-end=\"5092\">B\u1ed9 <strong data-start=\"5040\" data-end=\"5060\">L-288V + L-288VC<\/strong> l\u00e0 l\u1ef1a ch\u1ecdn c\u1ef1c k\u1ef3 \u201cd\u1ec5 b\u00e1n\u201d v\u00ec:<\/p>\n<ul data-start=\"5094\" data-end=\"5208\">\n<li data-start=\"5094\" data-end=\"5132\">Gi\u00e1 t\u1ed1t \u2013 ph\u00f9 h\u1ee3p \u0111a s\u1ed1 kh\u00e1ch h\u00e0ng<\/li>\n<li data-start=\"5133\" data-end=\"5154\">G\u1ecdn \u2013 d\u1ec5 thi c\u00f4ng<\/li>\n<li data-start=\"5155\" data-end=\"5186\">\u0110\u1eb9p v\u1eeba \u0111\u1ee7 \u2013 kh\u00f4ng l\u1ed7i th\u1eddi<\/li>\n<li data-start=\"5187\" data-end=\"5208\">B\u1ec1n \u2013 \u00edt b\u1ea3o h\u00e0nh<\/li>\n<\/ul>\n<p data-start=\"5210\" data-end=\"5234\">\ud83d\udc49 \u0110\u1eb7c bi\u1ec7t ph\u00f9 h\u1ee3p cho:<\/p>\n<ul data-start=\"5236\" data-end=\"5338\">\n<li data-start=\"5236\" data-end=\"5255\">Th\u1ea7u c\u00f4ng tr\u00ecnh<\/li>\n<li data-start=\"5256\" data-end=\"5286\">Ch\u1ee7 nh\u00e0 c\u1ea7n t\u1ed1i \u01b0u chi ph\u00ed<\/li>\n<li data-start=\"5287\" data-end=\"5338\">Kh\u00e1ch h\u00e0ng c\u1ea7n gi\u1ea3i ph\u00e1p nhanh \u2013 g\u1ecdn \u2013 hi\u1ec7u qu\u1ea3<\/li>\n<\/ul>\n<hr data-start=\"5340\" data-end=\"5343\" \/>\n<h2 data-start=\"5345\" data-end=\"5356\">K\u1ebft lu\u1eadn<\/h2>\n<p data-start=\"5358\" data-end=\"5632\"><strong data-start=\"5358\" data-end=\"5415\">Ch\u1eadu r\u1eeda treo t\u01b0\u1eddng INAX L-288V k\u00e8m ch\u00e2n l\u1eedng L-288VC<\/strong> l\u00e0 gi\u1ea3i ph\u00e1p t\u1ed1i \u01b0u cho nh\u1eefng kh\u00f4ng gian c\u1ea7n s\u1ef1 g\u1ecdn g\u00e0ng, ti\u1ec7n l\u1ee3i v\u00e0 ti\u1ebft ki\u1ec7m chi ph\u00ed. V\u1edbi thi\u1ebft k\u1ebf m\u1ec1m m\u1ea1i, ch\u1ea5t li\u1ec7u b\u1ec1n b\u1ec9 v\u00e0 kh\u1ea3 n\u0103ng \u1ee9ng d\u1ee5ng linh ho\u1ea1t, s\u1ea3n ph\u1ea9m \u0111\u00e1p \u1ee9ng t\u1ed1t c\u1ea3 nhu c\u1ea7u d\u00e2n d\u1ee5ng l\u1eabn c\u00f4ng tr\u00ecnh.<\/p>\n<p data-start=\"4866\" data-end=\"4979\"><strong data-start=\"4866\" data-end=\"4917\">Ehrlich Vi\u1ec7t Nam \u2013 Thi\u1ebft B\u1ecb Nh\u00e0 B\u1ebfp &amp; Ph\u00f2ng T\u1eafm<\/strong><br data-start=\"4917\" data-end=\"4920\" \/>\ud83d\udccd\u00a0\u0110\u1ecba ch\u1ec9: S\u1ed1 6 Li\u1ec1n K\u1ec1 22, K\u0110T V\u0103n Kh\u00ea, H\u00e0 \u0110\u00f4ng, H\u00e0 N\u1ed9i<\/p>\n<p data-start=\"4981\" data-end=\"5105\">\ud83c\udf10\u00a0Website:\u00a0<a class=\"decorated-link\" href=\"https:\/\/ehrlichvietnam.vn\/\" target=\"_new\" rel=\"noopener\" data-start=\"4993\" data-end=\"5019\">https:\/\/ehrlichvietnam.vn\/<\/a><br data-start=\"5019\" data-end=\"5022\" \/>\ud83d\udcde\u00a0Hotline:\u00a0<strong data-start=\"5034\" data-end=\"5051\">0932 27 05 20<\/strong><br data-start=\"5051\" data-end=\"5054\" \/>\ud83d\udcac\u00a0Zalo OA:\u00a0<a class=\"decorated-link\" href=\"https:\/\/zalo.me\/s\/2888141157129558325\" target=\"_new\" rel=\"noopener\" data-start=\"5066\" data-end=\"5103\">https:\/\/zalo.me\/s\/2888141157129558325<\/a><\/p>\n<p data-start=\"5107\" data-end=\"5218\">\ud83c\udfa5\u00a0TikTok:\u00a0<a class=\"decorated-link\" href=\"https:\/\/www.tiktok.com\/@ehrlich.chia.s?_r=1\" target=\"_new\" rel=\"noopener\" data-start=\"5118\" data-end=\"5162\">https:\/\/www.tiktok.com\/@ehrlichthietbivesinh<\/a><br data-start=\"5162\" data-end=\"5165\" \/>\u25b6\ufe0f\u00a0YouTube:\u00a0<a class=\"decorated-link\" href=\"https:\/\/www.youtube.com\/@EhrlichVietNam\" target=\"_new\" rel=\"noopener\" data-start=\"5177\" data-end=\"5216\">https:\/\/www.youtube.com\/@EhrlichVietNam<\/a><\/p>\n<p data-start=\"5220\" data-end=\"5265\">\ud83d\ude9a\u00a0Giao h\u00e0ng to\u00e0n qu\u1ed1c \u2013 t\u01b0 v\u1ea5n nhanh ch\u00f3ng<\/p>\n<p data-start=\"5267\" data-end=\"5313\">\ud83d\udc49\u00a0<strong data-start=\"5270\" data-end=\"5313\">Inbox ngay \u0111\u1ec3 nh\u1eadn \u01b0u \u0111\u00e3i th\u00eam h\u00f4m nay!<\/strong><\/p>\n<p data-start=\"4976\" data-end=\"5026\"><strong data-start=\"4979\" data-end=\"5026\">\u00a0<\/strong><\/p>\n","protected":false},"excerpt":{"rendered":"<p>Ch\u1eadu R\u1eeda Treo T\u01b0\u1eddng INAX L-288V K\u00e8m Ch\u00e2n L\u1eedng L-288VC \u2013 Gi\u1ea3i Ph\u00e1p T\u1ed1i \u01afu Kh\u00f4ng Gian, Sang Tr\u1ecdng Hi\u1ec7n \u0110\u1ea1i Gi\u1edbi thi\u1ec7u t\u1ed5ng quan ch\u1eadu r\u1eeda treo t\u01b0\u1eddng INAX L-288V Trong c\u00e1c c\u00f4ng tr\u00ecnh nh\u00e0 ph\u1ed1, c\u0103n h\u1ed9 hay kh\u00e1ch s\u1ea1n hi\u1ec7n nay, nh\u1eefng m\u1eabu lavabo treo t\u01b0\u1eddng ng\u00e0y c\u00e0ng \u0111\u01b0\u1ee3c \u01b0a chu\u1ed9ng nh\u1edd [&hellip;]<\/p>\n","protected":false},"featured_media":4972,"comment_status":"open","ping_status":"closed","template":"","meta":{"_acf_changed":false},"product_brand":[141],"product_cat":[23,15,136,146],"product_tag":[],"class_list":{"0":"post-4971","1":"product","2":"type-product","3":"status-publish","4":"has-post-thumbnail","6":"product_brand-inax","7":"product_cat-thiet-bi-phong-ve-sinh","8":"product_cat-san-pham","9":"product_cat-thuong-hieu-inax","10":"product_cat-chau-lavabo-inax","12":"first","13":"instock","14":"sale","15":"shipping-taxable","16":"purchasable","17":"product-type-simple"},"acf":[],"_links":{"self":[{"href":"https:\/\/ehrlichvietnam.vn\/en\/wp-json\/wp\/v2\/product\/4971","targetHints":{"allow":["GET"]}}],"collection":[{"href":"https:\/\/ehrlichvietnam.vn\/en\/wp-json\/wp\/v2\/product"}],"about":[{"href":"https:\/\/ehrlichvietnam.vn\/en\/wp-json\/wp\/v2\/types\/product"}],"replies":[{"embeddable":true,"href":"https:\/\/ehrlichvietnam.vn\/en\/wp-json\/wp\/v2\/comments?post=4971"}],"wp:featuredmedia":[{"embeddable":true,"href":"https:\/\/ehrlichvietnam.vn\/en\/wp-json\/wp\/v2\/media\/4972"}],"wp:attachment":[{"href":"https:\/\/ehrlichvietnam.vn\/en\/wp-json\/wp\/v2\/media?parent=4971"}],"wp:term":[{"taxonomy":"product_brand","embeddable":true,"href":"https:\/\/ehrlichvietnam.vn\/en\/wp-json\/wp\/v2\/product_brand?post=4971"},{"taxonomy":"product_cat","embeddable":true,"href":"https:\/\/ehrlichvietnam.vn\/en\/wp-json\/wp\/v2\/product_cat?post=4971"},{"taxonomy":"product_tag","embeddable":true,"href":"https:\/\/ehrlichvietnam.vn\/en\/wp-json\/wp\/v2\/product_tag?post=4971"}],"curies":[{"name":"wp","href":"https:\/\/api.w.org\/{rel}","templated":true}]}}