{"id":4967,"date":"2026-04-17T10:00:28","date_gmt":"2026-04-17T10:00:28","guid":{"rendered":"https:\/\/ehrlichvietnam.vn\/?post_type=product&#038;p=4967"},"modified":"2026-04-17T10:05:09","modified_gmt":"2026-04-17T10:05:09","slug":"chau-rua-dat-ban-inax-al-299v","status":"publish","type":"product","link":"https:\/\/ehrlichvietnam.vn\/chau-rua-dat-ban-inax-al-299v\/","title":{"rendered":"Ch\u1eadu R\u1eeda \u0110\u1eb7t B\u00e0n INAX AL-299V"},"content":{"rendered":"<h1 data-start=\"162\" data-end=\"262\">Ch\u1eadu R\u1eeda Lavabo \u0110\u1eb7t B\u00e0n INAX AL-299V \u2013 Thi\u1ebft K\u1ebf Sang Tr\u1ecdng, Men Aqua Ceramic Ch\u1ed1ng B\u00e1m B\u1ea9n 100 N\u0103m<\/h1>\n<p><img decoding=\"async\" src=\"https:\/\/www.inax.com.vn\/wp-content\/uploads\/2025\/10\/AL-299V-1.png\" \/><\/p>\n<h2 data-start=\"264\" data-end=\"309\">Gi\u1edbi thi\u1ec7u t\u1ed5ng quan ch\u1eadu r\u1eeda INAX AL-299V<\/h2>\n<p data-start=\"311\" data-end=\"599\">Trong c\u00e1c d\u00f2ng <strong data-start=\"326\" data-end=\"352\">lavabo \u0111\u1eb7t b\u00e0n cao c\u1ea5p<\/strong>, nh\u1eefng m\u1eabu c\u00f3 k\u00edch th\u01b0\u1edbc l\u1edbn, thi\u1ebft k\u1ebf m\u1ec1m m\u1ea1i v\u00e0 t\u00edch h\u1ee3p c\u00f4ng ngh\u1ec7 ch\u1ed1ng b\u00e1m b\u1ea9n lu\u00f4n \u0111\u01b0\u1ee3c kh\u00e1ch h\u00e0ng \u01b0u ti\u00ean l\u1ef1a ch\u1ecdn. <strong data-start=\"475\" data-end=\"500\">Ch\u1eadu r\u1eeda INAX AL-299V<\/strong> ch\u00ednh l\u00e0 \u0111\u1ea1i di\u1ec7n ti\u00eau bi\u1ec3u cho xu h\u01b0\u1edbng n\u00e0y \u2013 n\u01a1i h\u1ed9i t\u1ee5 \u0111\u1ea7y \u0111\u1ee7 <strong data-start=\"566\" data-end=\"598\">th\u1ea9m m\u1ef9, c\u00f4ng n\u0103ng v\u00e0 \u0111\u1ed9 b\u1ec1n<\/strong>.<\/p>\n<p data-start=\"601\" data-end=\"948\">Thu\u1ed9c th\u01b0\u01a1ng hi\u1ec7u thi\u1ebft b\u1ecb v\u1ec7 sinh INAX (Nh\u1eadt B\u1ea3n), AL-299V kh\u00f4ng ch\u1ec9 l\u00e0 m\u1ed9t chi\u1ebfc ch\u1eadu r\u1eeda th\u00f4ng th\u01b0\u1eddng m\u00e0 c\u00f2n l\u00e0 <strong data-start=\"716\" data-end=\"739\">\u0111i\u1ec3m nh\u1ea5n ki\u1ebfn tr\u00fac<\/strong> gi\u00fap n\u00e2ng t\u1ea7m to\u00e0n b\u1ed9 kh\u00f4ng gian ph\u00f2ng t\u1eafm. S\u1ea3n ph\u1ea9m n\u1ed5i b\u1eadt v\u1edbi thi\u1ebft k\u1ebf \u0111\u1eb7t b\u00e0n hi\u1ec7n \u0111\u1ea1i, dung t\u00edch l\u1edbn v\u00e0 \u0111\u1eb7c bi\u1ec7t l\u00e0 c\u00f4ng ngh\u1ec7 <strong data-start=\"871\" data-end=\"887\">Aqua Ceramic<\/strong> gi\u00fap gi\u1eef b\u1ec1 m\u1eb7t lu\u00f4n tr\u1eafng s\u00e1ng nh\u01b0 m\u1edbi trong th\u1eddi gian d\u00e0i.<\/p>\n<hr data-start=\"950\" data-end=\"953\" \/>\n<h2 data-start=\"955\" data-end=\"997\">Th\u00f4ng s\u1ed1 k\u1ef9 thu\u1eadt ch\u1eadu r\u1eeda INAX AL-299V<\/h2>\n<ul data-start=\"999\" data-end=\"1447\">\n<li data-start=\"999\" data-end=\"1057\"><strong data-start=\"1001\" data-end=\"1018\">T\u00ean s\u1ea3n ph\u1ea9m:<\/strong> Ch\u1eadu r\u1eeda lavabo \u0111\u1eb7t b\u00e0n INAX AL-299V<\/li>\n<li data-start=\"1058\" data-end=\"1109\"><strong data-start=\"1060\" data-end=\"1077\">Ki\u1ec3u l\u1eafp \u0111\u1eb7t:<\/strong> \u0110\u1eb7t b\u00e0n (d\u01b0\u01a1ng b\u00e0n ho\u00e0n to\u00e0n)<\/li>\n<li data-start=\"1110\" data-end=\"1176\"><strong data-start=\"1112\" data-end=\"1136\">K\u00edch th\u01b0\u1edbc t\u1ed5ng th\u1ec3:<\/strong> 580 x 380 x 172 mm (R\u1ed9ng x S\u00e2u x Cao)<\/li>\n<li data-start=\"1177\" data-end=\"1251\"><strong data-start=\"1179\" data-end=\"1204\">K\u00edch th\u01b0\u1edbc tham kh\u1ea3o:<\/strong> Depth 63.5 mm | Height 521 mm | Width 370 mm<\/li>\n<li data-start=\"1252\" data-end=\"1274\"><strong data-start=\"1254\" data-end=\"1266\">M\u00e0u s\u1eafc:<\/strong> Tr\u1eafng<\/li>\n<li data-start=\"1275\" data-end=\"1312\"><strong data-start=\"1277\" data-end=\"1291\">Ch\u1ea5t li\u1ec7u:<\/strong> S\u1ee9 v\u1ec7 sinh cao c\u1ea5p<\/li>\n<li data-start=\"1313\" data-end=\"1348\"><strong data-start=\"1315\" data-end=\"1333\">C\u00f4ng ngh\u1ec7 men:<\/strong> Aqua Ceramic<\/li>\n<li data-start=\"1349\" data-end=\"1406\"><strong data-start=\"1351\" data-end=\"1365\">T\u00ednh n\u0103ng:<\/strong> Ch\u1ed1ng b\u00e1m b\u1ea9n, kh\u00e1ng khu\u1ea9n, d\u1ec5 v\u1ec7 sinh<\/li>\n<li data-start=\"1407\" data-end=\"1447\"><strong data-start=\"1409\" data-end=\"1422\">Trang b\u1ecb:<\/strong> L\u1ed7 tho\u00e1t tr\u00e0n ti\u1ec7n l\u1ee3i<\/li>\n<\/ul>\n<p><img decoding=\"async\" src=\"https:\/\/www.tdm.vn\/image\/catalog\/products\/product_al-299v\/Ban-ve-Inax-al-299v.png\" \/><\/p>\n<hr data-start=\"1449\" data-end=\"1452\" \/>\n<h2 data-start=\"1454\" data-end=\"1505\">Thi\u1ebft k\u1ebf lavabo AL-299V \u2013 Sang tr\u1ecdng v\u00e0 \u0111\u1eb3ng c\u1ea5p<\/h2>\n<h3 data-start=\"1507\" data-end=\"1558\">Ki\u1ec3u d\u00e1ng \u0111\u1eb7t b\u00e0n \u2013 Xu h\u01b0\u1edbng ph\u00f2ng t\u1eafm hi\u1ec7n \u0111\u1ea1i<\/h3>\n<p data-start=\"1560\" data-end=\"1635\"><strong data-start=\"1560\" data-end=\"1576\">INAX AL-299V<\/strong> \u0111\u01b0\u1ee3c thi\u1ebft k\u1ebf theo d\u1ea1ng <strong data-start=\"1601\" data-end=\"1628\">lavabo \u0111\u1eb7t n\u1ed5i tr\u00ean b\u00e0n<\/strong>, gi\u00fap:<\/p>\n<ul data-start=\"1637\" data-end=\"1754\">\n<li data-start=\"1637\" data-end=\"1671\">T\u1ea1o \u0111i\u1ec3m nh\u1ea5n m\u1ea1nh v\u1ec1 th\u1ecb gi\u00e1c<\/li>\n<li data-start=\"1672\" data-end=\"1714\">T\u00e1ch bi\u1ec7t r\u00f5 r\u00e0ng gi\u1eefa ch\u1eadu v\u00e0 m\u1eb7t b\u00e0n<\/li>\n<li data-start=\"1715\" data-end=\"1754\">Mang l\u1ea1i c\u1ea3m gi\u00e1c cao c\u1ea5p, hi\u1ec7n \u0111\u1ea1i<\/li>\n<\/ul>\n<p data-start=\"1756\" data-end=\"1795\">Ki\u1ec3u thi\u1ebft k\u1ebf n\u00e0y \u0111\u1eb7c bi\u1ec7t ph\u00f9 h\u1ee3p v\u1edbi:<\/p>\n<ul data-start=\"1797\" data-end=\"1863\">\n<li data-start=\"1797\" data-end=\"1816\">Nh\u00e0 ph\u1ed1 cao c\u1ea5p<\/li>\n<li data-start=\"1817\" data-end=\"1836\">C\u0103n h\u1ed9 hi\u1ec7n \u0111\u1ea1i<\/li>\n<li data-start=\"1837\" data-end=\"1863\">Kh\u00e1ch s\u1ea1n, resort, spa<\/li>\n<\/ul>\n<p data-start=\"1865\" data-end=\"1966\">\ud83d\udc49 \u0110\u00e2y l\u00e0 d\u1ea1ng ch\u1eadu \u0111ang \u0111\u01b0\u1ee3c ki\u1ebfn tr\u00fac s\u01b0 v\u00e0 ch\u1ee7 \u0111\u1ea7u t\u01b0 \u01b0u ti\u00ean l\u1ef1a ch\u1ecdn v\u00ec <strong data-start=\"1942\" data-end=\"1965\">\u201cnh\u00ecn l\u00e0 th\u1ea5y sang\u201d<\/strong>.<\/p>\n<hr data-start=\"1968\" data-end=\"1971\" \/>\n<h3 data-start=\"1973\" data-end=\"2032\">\u0110\u01b0\u1eddng n\u00e9t bo cong m\u1ec1m m\u1ea1i \u2013 Tinh t\u1ebf trong t\u1eebng chi ti\u1ebft<\/h3>\n<p data-start=\"2034\" data-end=\"2121\">AL-299V kh\u00f4ng \u0111i theo ki\u1ec3u vu\u00f4ng c\u1ee9ng m\u00e0 s\u1eed d\u1ee5ng c\u00e1c <strong data-start=\"2087\" data-end=\"2114\">\u0111\u01b0\u1eddng bo cong nh\u1eb9 nh\u00e0ng<\/strong>, gi\u00fap:<\/p>\n<ul data-start=\"2123\" data-end=\"2238\">\n<li data-start=\"2123\" data-end=\"2152\">T\u0103ng t\u00ednh th\u1ea9m m\u1ef9 m\u1ec1m m\u1ea1i<\/li>\n<li data-start=\"2153\" data-end=\"2199\">An to\u00e0n khi s\u1eed d\u1ee5ng (\u0111\u1eb7c bi\u1ec7t v\u1edbi tr\u1ebb nh\u1ecf)<\/li>\n<li data-start=\"2200\" data-end=\"2238\">T\u1ea1o c\u1ea3m gi\u00e1c th\u01b0 gi\u00e3n khi ti\u1ebfp x\u00fac<\/li>\n<\/ul>\n<p data-start=\"2240\" data-end=\"2280\">Thi\u1ebft k\u1ebf n\u00e0y ph\u00f9 h\u1ee3p v\u1edbi c\u00e1c phong c\u00e1ch:<\/p>\n<ul data-start=\"2282\" data-end=\"2350\">\n<li data-start=\"2282\" data-end=\"2303\">Modern (hi\u1ec7n \u0111\u1ea1i)<\/li>\n<li data-start=\"2304\" data-end=\"2329\">Minimalist (t\u1ed1i gi\u1ea3n)<\/li>\n<li data-start=\"2330\" data-end=\"2350\">Luxury (cao c\u1ea5p)<\/li>\n<\/ul>\n<hr data-start=\"2352\" data-end=\"2355\" \/>\n<h3 data-start=\"2357\" data-end=\"2407\">K\u00edch th\u01b0\u1edbc l\u1edbn \u2013 Tr\u1ea3i nghi\u1ec7m s\u1eed d\u1ee5ng tho\u1ea3i m\u00e1i<\/h3>\n<p data-start=\"2409\" data-end=\"2456\">V\u1edbi k\u00edch th\u01b0\u1edbc <strong data-start=\"2424\" data-end=\"2440\">580 x 380 mm<\/strong>, ch\u1eadu mang l\u1ea1i:<\/p>\n<ul data-start=\"2458\" data-end=\"2542\">\n<li data-start=\"2458\" data-end=\"2485\">Kh\u00f4ng gian r\u1eeda r\u1ed9ng r\u00e3i<\/li>\n<li data-start=\"2486\" data-end=\"2515\">H\u1ea1n ch\u1ebf n\u01b0\u1edbc b\u1eafn ra ngo\u00e0i<\/li>\n<li data-start=\"2516\" data-end=\"2542\">C\u00f3 th\u1ec3 gi\u1eb7t nh\u1eb9 \u0111\u1ed3 nh\u1ecf<\/li>\n<\/ul>\n<p data-start=\"2544\" data-end=\"2591\">\ud83d\udc49 \u0110\u00e2y l\u00e0 l\u1ee3i th\u1ebf l\u1edbn so v\u1edbi c\u00e1c m\u1eabu ch\u1eadu mini.<\/p>\n<hr data-start=\"2593\" data-end=\"2596\" \/>\n<h2 data-start=\"2598\" data-end=\"2656\">C\u00f4ng ngh\u1ec7 Aqua Ceramic \u2013 \u201cV\u0169 kh\u00ed\u201d gi\u1eef ch\u1eadu lu\u00f4n nh\u01b0 m\u1edbi<\/h2>\n<h3 data-start=\"2658\" data-end=\"2697\">Aqua Ceramic ho\u1ea1t \u0111\u1ed9ng nh\u01b0 th\u1ebf n\u00e0o?<\/h3>\n<p data-start=\"2699\" data-end=\"2759\">C\u00f4ng ngh\u1ec7 <strong data-start=\"2709\" data-end=\"2725\">Aqua Ceramic<\/strong> \u0111\u1ed9c quy\u1ec1n c\u1ee7a INAX t\u1ea1o ra b\u1ec1 m\u1eb7t:<\/p>\n<ul data-start=\"2761\" data-end=\"2851\">\n<li data-start=\"2761\" data-end=\"2791\">Si\u00eau \u01b0a n\u01b0\u1edbc (hydrophilic)<\/li>\n<li data-start=\"2792\" data-end=\"2818\">Ng\u0103n c\u1eb7n canxi b\u00e1m l\u1ea1i<\/li>\n<li data-start=\"2819\" data-end=\"2851\">\u0110\u1ea9y tr\u00f4i v\u1ebft b\u1ea9n nhanh ch\u00f3ng<\/li>\n<\/ul>\n<p data-start=\"2853\" data-end=\"2860\">Nh\u1edd \u0111\u00f3:<\/p>\n<ul data-start=\"2862\" data-end=\"2965\">\n<li data-start=\"2862\" data-end=\"2905\">N\u01b0\u1edbc cu\u1ed1n tr\u00f4i c\u1eb7n b\u1ea9n ch\u1ec9 sau 1 l\u1ea7n x\u1ea3<\/li>\n<li data-start=\"2906\" data-end=\"2935\">H\u1ea1n ch\u1ebf t\u1ed1i \u0111a v\u1ebft \u1ed1 v\u00e0ng<\/li>\n<li data-start=\"2936\" data-end=\"2965\">Gi\u1eef \u0111\u1ed9 tr\u1eafng s\u00e1ng l\u00e2u d\u00e0i<\/li>\n<\/ul>\n<h3 data-start=\"2967\" data-end=\"3005\">So s\u00e1nh Aqua Ceramic v\u00e0 men th\u01b0\u1eddng<\/h3>\n<div class=\"TyagGW_tableContainer\">\n<div class=\"group TyagGW_tableWrapper flex flex-col-reverse w-fit\" tabindex=\"-1\">\n<table class=\"w-fit min-w-(--thread-content-width)\" data-start=\"3007\" data-end=\"3263\">\n<thead data-start=\"3007\" data-end=\"3047\">\n<tr data-start=\"3007\" data-end=\"3047\">\n<th class=\"\" data-start=\"3007\" data-end=\"3018\" data-col-size=\"sm\">Ti\u00eau ch\u00ed<\/th>\n<th class=\"\" data-start=\"3018\" data-end=\"3033\" data-col-size=\"sm\">Aqua Ceramic<\/th>\n<th class=\"\" data-start=\"3033\" data-end=\"3047\" data-col-size=\"sm\">Men th\u01b0\u1eddng<\/th>\n<\/tr>\n<\/thead>\n<tbody data-start=\"3089\" data-end=\"3263\">\n<tr data-start=\"3089\" data-end=\"3138\">\n<td data-start=\"3089\" data-end=\"3114\" data-col-size=\"sm\">Kh\u1ea3 n\u0103ng ch\u1ed1ng b\u00e1m b\u1ea9n<\/td>\n<td data-start=\"3114\" data-end=\"3124\" data-col-size=\"sm\">R\u1ea5t cao<\/td>\n<td data-start=\"3124\" data-end=\"3138\" data-col-size=\"sm\">Trung b\u00ecnh<\/td>\n<\/tr>\n<tr data-start=\"3139\" data-end=\"3190\">\n<td data-start=\"3139\" data-end=\"3158\" data-col-size=\"sm\">\u0110\u1ed9 tr\u1eafng l\u00e2u d\u00e0i<\/td>\n<td data-start=\"3158\" data-end=\"3176\" data-col-size=\"sm\">L\u00ean \u0111\u1ebfn 100 n\u0103m<\/td>\n<td data-start=\"3176\" data-end=\"3190\" data-col-size=\"sm\">D\u1ec5 x\u1ec9n m\u00e0u<\/td>\n<\/tr>\n<tr data-start=\"3191\" data-end=\"3230\">\n<td data-start=\"3191\" data-end=\"3204\" data-col-size=\"sm\">D\u1ec5 v\u1ec7 sinh<\/td>\n<td data-start=\"3204\" data-end=\"3213\" data-col-size=\"sm\">R\u1ea5t d\u1ec5<\/td>\n<td data-start=\"3213\" data-end=\"3230\" data-col-size=\"sm\">C\u1ea7n ch\u00e0 nhi\u1ec1u<\/td>\n<\/tr>\n<tr data-start=\"3231\" data-end=\"3263\">\n<td data-start=\"3231\" data-end=\"3249\" data-col-size=\"sm\">Chi ph\u00ed b\u1ea3o tr\u00ec<\/td>\n<td data-start=\"3249\" data-end=\"3256\" data-col-size=\"sm\">Th\u1ea5p<\/td>\n<td data-start=\"3256\" data-end=\"3263\" data-col-size=\"sm\">Cao<\/td>\n<\/tr>\n<\/tbody>\n<\/table>\n<\/div>\n<\/div>\n<p data-start=\"3265\" data-end=\"3327\">\ud83d\udc49 V\u1edbi kh\u00e1ch h\u00e0ng b\u1eadn r\u1ed9n, \u0111\u00e2y l\u00e0 y\u1ebfu t\u1ed1 \u201cch\u1ed1t sale\u201d c\u1ef1c m\u1ea1nh.<\/p>\n<hr data-start=\"3329\" data-end=\"3332\" \/>\n<h2 data-start=\"3334\" data-end=\"3364\">Tr\u1ea3i nghi\u1ec7m s\u1eed d\u1ee5ng th\u1ef1c t\u1ebf<\/h2>\n<h3 data-start=\"3366\" data-end=\"3402\">Dung t\u00edch l\u1edbn \u2013 H\u1ea1n ch\u1ebf b\u1eafn n\u01b0\u1edbc<\/h3>\n<p data-start=\"3404\" data-end=\"3430\">Nh\u1edd l\u00f2ng ch\u1eadu s\u00e2u v\u00e0 r\u1ed9ng:<\/p>\n<ul data-start=\"3432\" data-end=\"3506\">\n<li data-start=\"3432\" data-end=\"3459\">N\u01b0\u1edbc kh\u00f4ng b\u1eafn ra ngo\u00e0i<\/li>\n<li data-start=\"3460\" data-end=\"3481\">R\u1eeda m\u1eb7t tho\u1ea3i m\u00e1i<\/li>\n<li data-start=\"3482\" data-end=\"3506\">S\u1eed d\u1ee5ng ti\u1ec7n l\u1ee3i h\u01a1n<\/li>\n<\/ul>\n<h3 data-start=\"3508\" data-end=\"3556\">L\u1ed7 tho\u00e1t tr\u00e0n \u2013 An to\u00e0n trong m\u1ecdi t\u00ecnh hu\u1ed1ng<\/h3>\n<p data-start=\"3558\" data-end=\"3601\">AL-299V \u0111\u01b0\u1ee3c t\u00edch h\u1ee3p <strong data-start=\"3580\" data-end=\"3594\">l\u1ed7 x\u1ea3 tr\u00e0n<\/strong>, gi\u00fap:<\/p>\n<ul data-start=\"3603\" data-end=\"3680\">\n<li data-start=\"3603\" data-end=\"3628\">Ng\u0103n n\u01b0\u1edbc tr\u00e0n ra s\u00e0n<\/li>\n<li data-start=\"3629\" data-end=\"3649\">Tr\u00e1nh tr\u01a1n tr\u01b0\u1ee3t<\/li>\n<li data-start=\"3650\" data-end=\"3680\">B\u1ea3o v\u1ec7 n\u1ed9i th\u1ea5t xung quanh<\/li>\n<\/ul>\n<p data-start=\"3682\" data-end=\"3741\">\ud83d\udc49 R\u1ea5t ph\u00f9 h\u1ee3p v\u1edbi gia \u0111\u00ecnh c\u00f3 tr\u1ebb nh\u1ecf ho\u1eb7c ng\u01b0\u1eddi l\u1edbn tu\u1ed5i.<\/p>\n<hr data-start=\"3743\" data-end=\"3746\" \/>\n<h2 data-start=\"3748\" data-end=\"3782\">\u0110\u1ed9 b\u1ec1n v\u00e0 ch\u1ea5t l\u01b0\u1ee3ng ho\u00e0n thi\u1ec7n<\/h2>\n<h3 data-start=\"3784\" data-end=\"3818\">S\u1ee9 cao c\u1ea5p \u2013 Ch\u1eafc ch\u1eafn, b\u1ec1n b\u1ec9<\/h3>\n<p data-start=\"3820\" data-end=\"3842\">Ch\u1eadu \u0111\u01b0\u1ee3c s\u1ea3n xu\u1ea5t t\u1eeb:<\/p>\n<ul data-start=\"3844\" data-end=\"3897\">\n<li data-start=\"3844\" data-end=\"3866\">S\u1ee9 v\u1ec7 sinh cao c\u1ea5p<\/li>\n<li data-start=\"3867\" data-end=\"3897\">Nung \u1edf nhi\u1ec7t \u0111\u1ed9 ti\u00eau chu\u1ea9n<\/li>\n<\/ul>\n<p data-start=\"3899\" data-end=\"3908\">Mang l\u1ea1i:<\/p>\n<ul data-start=\"3910\" data-end=\"3969\">\n<li data-start=\"3910\" data-end=\"3935\">Kh\u1ea3 n\u0103ng ch\u1ecbu l\u1ef1c t\u1ed1t<\/li>\n<li data-start=\"3936\" data-end=\"3955\">Ch\u1ed1ng tr\u1ea7y x\u01b0\u1edbc<\/li>\n<li data-start=\"3956\" data-end=\"3969\">\u00cdt n\u1ee9t v\u1ee1<\/li>\n<\/ul>\n<h3 data-start=\"3971\" data-end=\"4008\">Kh\u00e1ng khu\u1ea9n \u2013 An to\u00e0n khi s\u1eed d\u1ee5ng<\/h3>\n<p data-start=\"4010\" data-end=\"4022\">B\u1ec1 m\u1eb7t ch\u1eadu:<\/p>\n<ul data-start=\"4024\" data-end=\"4060\">\n<li data-start=\"4024\" data-end=\"4044\">H\u1ea1n ch\u1ebf vi khu\u1ea9n<\/li>\n<li data-start=\"4045\" data-end=\"4060\">D\u1ec5 l\u00e0m s\u1ea1ch<\/li>\n<\/ul>\n<p data-start=\"4062\" data-end=\"4119\">\ud83d\udc49 \u0110\u1ea3m b\u1ea3o ti\u00eau chu\u1ea9n v\u1ec7 sinh cho gia \u0111\u00ecnh v\u00e0 c\u00f4ng tr\u00ecnh.<\/p>\n<hr data-start=\"4121\" data-end=\"4124\" \/>\n<h2 data-start=\"4126\" data-end=\"4169\">\u1ee8ng d\u1ee5ng th\u1ef1c t\u1ebf c\u1ee7a lavabo INAX AL-299V<\/h2>\n<h3 data-start=\"4171\" data-end=\"4216\">1. Nh\u00e0 ph\u1ed1 \u2013 Kh\u00f4ng gian ph\u00f2ng t\u1eafm cao c\u1ea5p<\/h3>\n<p data-start=\"4218\" data-end=\"4231\">AL-299V gi\u00fap:<\/p>\n<ul data-start=\"4233\" data-end=\"4284\">\n<li data-start=\"4233\" data-end=\"4257\">T\u0103ng gi\u00e1 tr\u1ecb th\u1ea9m m\u1ef9<\/li>\n<li data-start=\"4258\" data-end=\"4284\">T\u1ea1o \u0111i\u1ec3m nh\u1ea5n n\u1ed9i th\u1ea5t<\/li>\n<\/ul>\n<h3 data-start=\"4286\" data-end=\"4327\">2. C\u0103n h\u1ed9 \u2013 C\u00e2n b\u1eb1ng gi\u1eefa \u0111\u1eb9p v\u00e0 ti\u1ec7n<\/h3>\n<ul data-start=\"4329\" data-end=\"4402\">\n<li data-start=\"4329\" data-end=\"4365\">Kh\u00f4ng qu\u00e1 to g\u00e2y chi\u1ebfm di\u1ec7n t\u00edch<\/li>\n<li data-start=\"4366\" data-end=\"4402\">V\u1eabn \u0111\u1ee7 r\u1ed9ng \u0111\u1ec3 s\u1eed d\u1ee5ng tho\u1ea3i m\u00e1i<\/li>\n<\/ul>\n<h3 data-start=\"4404\" data-end=\"4435\">3. Kh\u00e1ch s\u1ea1n \u2013 Spa \u2013 Resort<\/h3>\n<p data-start=\"4437\" data-end=\"4478\">\u0110\u00e2y l\u00e0 nh\u00f3m kh\u00e1ch h\u00e0ng c\u1ef1c k\u1ef3 ph\u00f9 h\u1ee3p v\u00ec:<\/p>\n<ul data-start=\"4480\" data-end=\"4563\">\n<li data-start=\"4480\" data-end=\"4500\">D\u1ec5 v\u1ec7 sinh nhanh<\/li>\n<li data-start=\"4501\" data-end=\"4531\">Gi\u1eef h\u00ecnh \u1ea3nh lu\u00f4n s\u1ea1ch \u0111\u1eb9p<\/li>\n<li data-start=\"4532\" data-end=\"4563\">T\u0103ng tr\u1ea3i nghi\u1ec7m kh\u00e1ch h\u00e0ng<\/li>\n<\/ul>\n<hr data-start=\"4565\" data-end=\"4568\" \/>\n<h2 data-start=\"4570\" data-end=\"4603\">G\u1ee3i \u00fd k\u1ebft h\u1ee3p thi\u1ebft b\u1ecb \u0111\u1ed3ng b\u1ed9<\/h2>\n<p data-start=\"4605\" data-end=\"4661\">\u0110\u1ec3 t\u1ed1i \u01b0u c\u00f4ng n\u0103ng v\u00e0 th\u1ea9m m\u1ef9, n\u00ean k\u1ebft h\u1ee3p AL-299V v\u1edbi:<\/p>\n<ul data-start=\"4663\" data-end=\"4794\">\n<li data-start=\"4663\" data-end=\"4701\">V\u00f2i lavabo n\u00f3ng l\u1ea1nh <strong data-start=\"4686\" data-end=\"4699\">LFV-5012S<\/strong><\/li>\n<li data-start=\"4702\" data-end=\"4739\">V\u00f2i c\u1ed5 cao (ph\u00f9 h\u1ee3p ch\u1eadu \u0111\u1eb7t b\u00e0n)<\/li>\n<li data-start=\"4740\" data-end=\"4770\">Xi-ph\u00f4ng inox ho\u1eb7c m\u1ea1 crom<\/li>\n<li data-start=\"4771\" data-end=\"4794\">T\u1ee7 ch\u1eadu ho\u1eb7c b\u00e0n \u0111\u00e1<\/li>\n<\/ul>\n<p data-start=\"4796\" data-end=\"4851\">\ud83d\udc49 L\u01b0u \u00fd: <strong data-start=\"4806\" data-end=\"4850\">b\u1eaft bu\u1ed9c d\u00f9ng v\u00f2i cao ho\u1eb7c v\u00f2i g\u1eafn t\u01b0\u1eddng<\/strong>.<\/p>\n<hr data-start=\"4853\" data-end=\"4856\" \/>\n<h2 data-start=\"4858\" data-end=\"4896\">\u01afu \u2013 Nh\u01b0\u1ee3c \u0111i\u1ec3m v\u00e0 \u1ee9ng d\u1ee5ng th\u1ef1c t\u1ebf<\/h2>\n<h3 data-start=\"4898\" data-end=\"4909\">\u01afu \u0111i\u1ec3m<\/h3>\n<ul data-start=\"4911\" data-end=\"5079\">\n<li data-start=\"4911\" data-end=\"4952\">Thi\u1ebft k\u1ebf sang tr\u1ecdng, d\u1ec5 t\u1ea1o \u0111i\u1ec3m nh\u1ea5n<\/li>\n<li data-start=\"4953\" data-end=\"4987\">K\u00edch th\u01b0\u1edbc l\u1edbn, d\u00f9ng tho\u1ea3i m\u00e1i<\/li>\n<li data-start=\"4988\" data-end=\"5028\">C\u00f4ng ngh\u1ec7 Aqua Ceramic ch\u1ed1ng b\u00e1m b\u1ea9n<\/li>\n<li data-start=\"5029\" data-end=\"5064\">D\u1ec5 v\u1ec7 sinh, ti\u1ebft ki\u1ec7m th\u1eddi gian<\/li>\n<li data-start=\"5065\" data-end=\"5079\">\u0110\u1ed9 b\u1ec1n cao<\/li>\n<\/ul>\n<h3 data-start=\"5081\" data-end=\"5095\">Nh\u01b0\u1ee3c \u0111i\u1ec3m<\/h3>\n<ul data-start=\"5097\" data-end=\"5152\">\n<li data-start=\"5097\" data-end=\"5127\">C\u1ea7n kh\u00f4ng gian b\u00e0n \u0111\u1ee7 r\u1ed9ng<\/li>\n<li data-start=\"5128\" data-end=\"5152\">Gi\u00e1 cao h\u01a1n ch\u1eadu nh\u1ecf<\/li>\n<\/ul>\n<h3 data-start=\"5154\" data-end=\"5174\">\u1ee8ng d\u1ee5ng ph\u00f9 h\u1ee3p<\/h3>\n<ul data-start=\"5176\" data-end=\"5235\">\n<li data-start=\"5176\" data-end=\"5197\">Nh\u00e0 ph\u1ed1, bi\u1ec7t th\u1ef1<\/li>\n<li data-start=\"5198\" data-end=\"5216\">C\u0103n h\u1ed9 cao c\u1ea5p<\/li>\n<li data-start=\"5217\" data-end=\"5235\">Kh\u00e1ch s\u1ea1n, spa<\/li>\n<\/ul>\n<hr data-start=\"5237\" data-end=\"5240\" \/>\n<h2 data-start=\"5242\" data-end=\"5283\">V\u00ec sao n\u00ean ch\u1ecdn ch\u1eadu r\u1eeda INAX AL-299V?<\/h2>\n<p data-start=\"5285\" data-end=\"5329\">AL-299V l\u00e0 l\u1ef1a ch\u1ecdn l\u00fd t\u01b0\u1edfng cho kh\u00e1ch h\u00e0ng:<\/p>\n<ul data-start=\"5331\" data-end=\"5445\">\n<li data-start=\"5331\" data-end=\"5370\">Mu\u1ed1n ph\u00f2ng t\u1eafm sang tr\u1ecdng, \u0111\u1eb3ng c\u1ea5p<\/li>\n<li data-start=\"5371\" data-end=\"5409\">\u01afu ti\u00ean s\u1ea3n ph\u1ea9m b\u1ec1n \u2013 \u0111\u1eb9p l\u00e2u d\u00e0i<\/li>\n<li data-start=\"5410\" data-end=\"5445\">C\u1ea7n ch\u1eadu l\u1edbn, s\u1eed d\u1ee5ng tho\u1ea3i m\u00e1i<\/li>\n<\/ul>\n<p data-start=\"5447\" data-end=\"5484\">\ud83d\udc49 \u0110\u00e2y l\u00e0 m\u1eabu r\u1ea5t ph\u00f9 h\u1ee3p \u0111\u1ec3 b\u00e1n cho:<\/p>\n<ul data-start=\"5486\" data-end=\"5566\">\n<li data-start=\"5486\" data-end=\"5505\">Ch\u1ee7 nh\u00e0 x\u00e2y m\u1edbi<\/li>\n<li data-start=\"5506\" data-end=\"5536\">Kh\u00e1ch l\u00e0m n\u1ed9i th\u1ea5t cao c\u1ea5p<\/li>\n<li data-start=\"5537\" data-end=\"5566\">Th\u1ea7u c\u00f4ng tr\u00ecnh kh\u00e1ch s\u1ea1n<\/li>\n<\/ul>\n<hr data-start=\"5568\" data-end=\"5571\" \/>\n<h2 data-start=\"5573\" data-end=\"5584\">K\u1ebft lu\u1eadn<\/h2>\n<p data-start=\"5586\" data-end=\"5865\"><strong data-start=\"5586\" data-end=\"5626\">Ch\u1eadu r\u1eeda lavabo \u0111\u1eb7t b\u00e0n INAX AL-299V<\/strong> kh\u00f4ng ch\u1ec9 \u0111\u01a1n thu\u1ea7n l\u00e0 thi\u1ebft b\u1ecb v\u1ec7 sinh m\u00e0 c\u00f2n l\u00e0 y\u1ebfu t\u1ed1 n\u00e2ng t\u1ea7m kh\u00f4ng gian s\u1ed1ng. V\u1edbi thi\u1ebft k\u1ebf tinh t\u1ebf, dung t\u00edch l\u1edbn v\u00e0 c\u00f4ng ngh\u1ec7 Aqua Ceramic ti\u00ean ti\u1ebfn, s\u1ea3n ph\u1ea9m mang l\u1ea1i tr\u1ea3i nghi\u1ec7m s\u1eed d\u1ee5ng ti\u1ec7n nghi, s\u1ea1ch s\u1ebd v\u00e0 b\u1ec1n b\u1ec9 theo th\u1eddi gian.<\/p>\n<p data-start=\"4866\" data-end=\"4979\"><strong data-start=\"4866\" data-end=\"4917\">Ehrlich Vi\u1ec7t Nam \u2013 Thi\u1ebft B\u1ecb Nh\u00e0 B\u1ebfp &amp; Ph\u00f2ng T\u1eafm<\/strong><br data-start=\"4917\" data-end=\"4920\" \/>\ud83d\udccd\u00a0\u0110\u1ecba ch\u1ec9: S\u1ed1 6 Li\u1ec1n K\u1ec1 22, K\u0110T V\u0103n Kh\u00ea, H\u00e0 \u0110\u00f4ng, H\u00e0 N\u1ed9i<\/p>\n<p data-start=\"4981\" data-end=\"5105\">\ud83c\udf10\u00a0Website:\u00a0<a class=\"decorated-link\" href=\"https:\/\/ehrlichvietnam.vn\/\" target=\"_new\" rel=\"noopener\" data-start=\"4993\" data-end=\"5019\">https:\/\/ehrlichvietnam.vn\/<\/a><br data-start=\"5019\" data-end=\"5022\" \/>\ud83d\udcde\u00a0Hotline:\u00a0<strong data-start=\"5034\" data-end=\"5051\">0932 27 05 20<\/strong><br data-start=\"5051\" data-end=\"5054\" \/>\ud83d\udcac\u00a0Zalo OA:\u00a0<a class=\"decorated-link\" href=\"https:\/\/zalo.me\/s\/2888141157129558325\" target=\"_new\" rel=\"noopener\" data-start=\"5066\" data-end=\"5103\">https:\/\/zalo.me\/s\/2888141157129558325<\/a><\/p>\n<p data-start=\"5107\" data-end=\"5218\">\ud83c\udfa5\u00a0TikTok:\u00a0<a class=\"decorated-link\" href=\"https:\/\/www.tiktok.com\/@ehrlich.chia.s?_r=1\" target=\"_new\" rel=\"noopener\" data-start=\"5118\" data-end=\"5162\">https:\/\/www.tiktok.com\/@ehrlichthietbivesinh<\/a><br data-start=\"5162\" data-end=\"5165\" \/>\u25b6\ufe0f\u00a0YouTube:\u00a0<a class=\"decorated-link\" href=\"https:\/\/www.youtube.com\/@EhrlichVietNam\" target=\"_new\" rel=\"noopener\" data-start=\"5177\" data-end=\"5216\">https:\/\/www.youtube.com\/@EhrlichVietNam<\/a><\/p>\n<p data-start=\"5220\" data-end=\"5265\">\ud83d\ude9a\u00a0Giao h\u00e0ng to\u00e0n qu\u1ed1c \u2013 t\u01b0 v\u1ea5n nhanh ch\u00f3ng<\/p>\n<p data-start=\"5267\" data-end=\"5313\">\ud83d\udc49\u00a0<strong data-start=\"5270\" data-end=\"5313\">Inbox ngay \u0111\u1ec3 nh\u1eadn \u01b0u \u0111\u00e3i th\u00eam h\u00f4m nay!<\/strong><\/p>\n<p data-start=\"4976\" data-end=\"5026\"><strong data-start=\"4979\" data-end=\"5026\">\u00a0<\/strong><\/p>\n","protected":false},"excerpt":{"rendered":"<p>Ch\u1eadu R\u1eeda Lavabo \u0110\u1eb7t B\u00e0n INAX AL-299V \u2013 Thi\u1ebft K\u1ebf Sang Tr\u1ecdng, Men Aqua Ceramic Ch\u1ed1ng B\u00e1m B\u1ea9n 100 N\u0103m Gi\u1edbi thi\u1ec7u t\u1ed5ng quan ch\u1eadu r\u1eeda INAX AL-299V Trong c\u00e1c d\u00f2ng lavabo \u0111\u1eb7t b\u00e0n cao c\u1ea5p, nh\u1eefng m\u1eabu c\u00f3 k\u00edch th\u01b0\u1edbc l\u1edbn, thi\u1ebft k\u1ebf m\u1ec1m m\u1ea1i v\u00e0 t\u00edch h\u1ee3p c\u00f4ng ngh\u1ec7 ch\u1ed1ng b\u00e1m b\u1ea9n lu\u00f4n [&hellip;]<\/p>\n","protected":false},"featured_media":4968,"comment_status":"open","ping_status":"closed","template":"","meta":{"_acf_changed":false},"product_brand":[141],"product_cat":[23,15,136,146],"product_tag":[],"class_list":{"0":"post-4967","1":"product","2":"type-product","3":"status-publish","4":"has-post-thumbnail","6":"product_brand-inax","7":"product_cat-thiet-bi-phong-ve-sinh","8":"product_cat-san-pham","9":"product_cat-thuong-hieu-inax","10":"product_cat-chau-lavabo-inax","12":"first","13":"instock","14":"sale","15":"shipping-taxable","16":"purchasable","17":"product-type-simple"},"acf":[],"_links":{"self":[{"href":"https:\/\/ehrlichvietnam.vn\/en\/wp-json\/wp\/v2\/product\/4967","targetHints":{"allow":["GET"]}}],"collection":[{"href":"https:\/\/ehrlichvietnam.vn\/en\/wp-json\/wp\/v2\/product"}],"about":[{"href":"https:\/\/ehrlichvietnam.vn\/en\/wp-json\/wp\/v2\/types\/product"}],"replies":[{"embeddable":true,"href":"https:\/\/ehrlichvietnam.vn\/en\/wp-json\/wp\/v2\/comments?post=4967"}],"wp:featuredmedia":[{"embeddable":true,"href":"https:\/\/ehrlichvietnam.vn\/en\/wp-json\/wp\/v2\/media\/4968"}],"wp:attachment":[{"href":"https:\/\/ehrlichvietnam.vn\/en\/wp-json\/wp\/v2\/media?parent=4967"}],"wp:term":[{"taxonomy":"product_brand","embeddable":true,"href":"https:\/\/ehrlichvietnam.vn\/en\/wp-json\/wp\/v2\/product_brand?post=4967"},{"taxonomy":"product_cat","embeddable":true,"href":"https:\/\/ehrlichvietnam.vn\/en\/wp-json\/wp\/v2\/product_cat?post=4967"},{"taxonomy":"product_tag","embeddable":true,"href":"https:\/\/ehrlichvietnam.vn\/en\/wp-json\/wp\/v2\/product_tag?post=4967"}],"curies":[{"name":"wp","href":"https:\/\/api.w.org\/{rel}","templated":true}]}}