{"id":4962,"date":"2026-04-17T09:46:26","date_gmt":"2026-04-17T09:46:26","guid":{"rendered":"https:\/\/ehrlichvietnam.vn\/?post_type=product&#038;p=4962"},"modified":"2026-04-17T09:50:26","modified_gmt":"2026-04-17T09:50:26","slug":"chau-rua-dat-ban-inax-al-293v","status":"publish","type":"product","link":"https:\/\/ehrlichvietnam.vn\/chau-rua-dat-ban-inax-al-293v\/","title":{"rendered":"Ch\u1eadu R\u1eeda \u0110\u1eb7t B\u00e0n INAX AL-293V"},"content":{"rendered":"<h1 data-start=\"157\" data-end=\"261\">Ch\u1eadu R\u1eeda Lavabo INAX AL-293V \u0110\u1eb7t B\u00e0n \u2013 Thi\u1ebft K\u1ebf Vu\u00f4ng Hi\u1ec7n \u0110\u1ea1i, Men S\u1ee9 AQUA CERAMIC Tr\u1eafng S\u1ea1ch 100 N\u0103m<\/h1>\n<p><img loading=\"lazy\" decoding=\"async\" class=\"alignnone size-medium\" src=\"https:\/\/www.tdm.vn\/image\/cachewebp\/catalog\/products\/product_al-293v\/lavabo-inax-al-293v-1090x1090.webp\" width=\"1090\" height=\"1090\" \/><\/p>\n<h2 data-start=\"263\" data-end=\"305\">Gi\u1edbi thi\u1ec7u ch\u1eadu r\u1eeda lavabo INAX AL-293V<\/h2>\n<p data-start=\"307\" data-end=\"640\">Ch\u1eadu r\u1eeda lavabo <span class=\"hover:entity-accent entity-underline inline cursor-pointer align-baseline\"><span class=\"whitespace-normal\">INAX<\/span><\/span> <strong data-start=\"361\" data-end=\"372\">AL-293V <\/strong>l\u00e0 m\u1eabu ch\u1eadu \u0111\u1eb7t b\u00e0n cao c\u1ea5p \u0111\u01b0\u1ee3c thi\u1ebft k\u1ebf theo phong c\u00e1ch hi\u1ec7n \u0111\u1ea1i, t\u1ed1i gi\u1ea3n nh\u01b0ng \u0111\u1ea7y m\u1ea1nh m\u1ebd. V\u1edbi ki\u1ec3u d\u00e1ng vu\u00f4ng v\u1eafn, s\u1eafc n\u00e9t c\u00f9ng c\u00f4ng ngh\u1ec7 men s\u1ee9 AQUA CERAMIC \u0111\u1ed9c quy\u1ec1n, s\u1ea3n ph\u1ea9m kh\u00f4ng ch\u1ec9 mang l\u1ea1i t\u00ednh th\u1ea9m m\u1ef9 cao m\u00e0 c\u00f2n \u0111\u1ea3m b\u1ea3o \u0111\u1ed9 b\u1ec1n v\u01b0\u1ee3t tr\u1ed9i theo th\u1eddi gian.<\/p>\n<p data-start=\"642\" data-end=\"671\">\u0110\u00e2y l\u00e0 l\u1ef1a ch\u1ecdn l\u00fd t\u01b0\u1edfng cho:<\/p>\n<ul data-start=\"672\" data-end=\"761\">\n<li data-start=\"672\" data-end=\"693\">Nh\u00e0 ph\u1ed1, bi\u1ec7t th\u1ef1<\/li>\n<li data-start=\"694\" data-end=\"712\">C\u0103n h\u1ed9 cao c\u1ea5p<\/li>\n<li data-start=\"713\" data-end=\"736\">Kh\u00e1ch s\u1ea1n, homestay<\/li>\n<li data-start=\"737\" data-end=\"761\">Showroom, spa, salon<\/li>\n<\/ul>\n<hr data-start=\"874\" data-end=\"877\" \/>\n<h2 data-start=\"879\" data-end=\"917\">Th\u00f4ng s\u1ed1 k\u1ef9 thu\u1eadt ch\u1eadu INAX AL-<strong data-start=\"361\" data-end=\"372\">293V <\/strong><\/h2>\n<ul data-start=\"919\" data-end=\"1144\">\n<li data-start=\"919\" data-end=\"965\">K\u00edch th\u01b0\u1edbc (DxRxC): <strong data-start=\"941\" data-end=\"963\">550 x 450 x 155 mm<\/strong><\/li>\n<li data-start=\"1003\" data-end=\"1021\">M\u00e0u s\u1eafc: Tr\u1eafng<\/li>\n<li data-start=\"1022\" data-end=\"1056\">Ki\u1ec3u l\u1eafp \u0111\u1eb7t: \u0110\u1eb7t n\u1ed5i tr\u00ean b\u00e0n<\/li>\n<li data-start=\"1057\" data-end=\"1077\">C\u00f3 l\u1ed7 tho\u00e1t tr\u00e0n<\/li>\n<li data-start=\"1078\" data-end=\"1116\">Ch\u1ea5t li\u1ec7u: S\u1ee9 cao c\u1ea5p AQUA CERAMIC<\/li>\n<li data-start=\"1117\" data-end=\"1144\">Kh\u00e1ng khu\u1ea9n, d\u1ec5 v\u1ec7 sinh<\/li>\n<\/ul>\n<p data-start=\"1146\" data-end=\"1211\">\ud83d\udc49 K\u00edch th\u01b0\u1edbc n\u00e0y ph\u00f9 h\u1ee3p \u0111a s\u1ed1 m\u1eb7t b\u00e0n lavabo ph\u1ed5 bi\u1ebfn hi\u1ec7n nay.<br \/>\n<img decoding=\"async\" src=\"https:\/\/www.tdm.vn\/image\/catalog\/product-107\/ban-ve-chau-rua-lavabo-inax-L-293V.jpg\" \/><\/p>\n<hr data-start=\"1213\" data-end=\"1216\" \/>\n<h2 data-start=\"1218\" data-end=\"1283\">Thi\u1ebft k\u1ebf \u0111\u1eb7t b\u00e0n sang tr\u1ecdng \u2013 \u0110i\u1ec3m nh\u1ea5n cho ph\u00f2ng t\u1eafm hi\u1ec7n \u0111\u1ea1i<\/h2>\n<h3 data-start=\"1285\" data-end=\"1316\">Ki\u1ec3u d\u00e1ng \u0111\u1eb7t n\u1ed5i ho\u00e0n to\u00e0n<\/h3>\n<p data-start=\"1318\" data-end=\"1446\">Ch\u1eadu INAX AL-293V \u0111\u01b0\u1ee3c thi\u1ebft k\u1ebf d\u1ea1ng <strong data-start=\"1355\" data-end=\"1385\">lavabo \u0111\u1eb7t b\u00e0n (d\u01b0\u01a1ng b\u00e0n)<\/strong> \u2013 xu h\u01b0\u1edbng r\u1ea5t \u0111\u01b0\u1ee3c \u01b0a chu\u1ed9ng trong c\u00e1c c\u00f4ng tr\u00ecnh hi\u1ec7n \u0111\u1ea1i.<\/p>\n<h3 data-start=\"1448\" data-end=\"1477\">\u01afu \u0111i\u1ec3m c\u1ee7a ki\u1ec3u \u0111\u1eb7t b\u00e0n:<\/h3>\n<ul data-start=\"1478\" data-end=\"1613\">\n<li data-start=\"1478\" data-end=\"1522\">T\u0103ng t\u00ednh th\u1ea9m m\u1ef9, t\u1ea1o \u0111i\u1ec3m nh\u1ea5n n\u1ed5i b\u1eadt<\/li>\n<li data-start=\"1523\" data-end=\"1551\">D\u1ec5 thi c\u00f4ng, d\u1ec5 thay th\u1ebf<\/li>\n<li data-start=\"1552\" data-end=\"1613\">Ph\u00f9 h\u1ee3p nhi\u1ec1u lo\u1ea1i m\u1eb7t \u0111\u00e1 (\u0111\u00e1 t\u1ef1 nhi\u00ean, \u0111\u00e1 nh\u00e2n t\u1ea1o, g\u1ed7\u2026)<\/li>\n<\/ul>\n<p data-start=\"1615\" data-end=\"1696\">\ud83d\udc49 Khi k\u1ebft h\u1ee3p v\u1edbi v\u00f2i lavabo cao ho\u1eb7c v\u00f2i g\u1eafn t\u01b0\u1eddng s\u1ebd t\u1ea1o t\u1ed5ng th\u1ec3 c\u1ef1c k\u1ef3 sang.<\/p>\n<hr data-start=\"1698\" data-end=\"1701\" \/>\n<h3 data-start=\"1703\" data-end=\"1748\">D\u00e1ng vu\u00f4ng m\u1ea1nh m\u1ebd \u2013 Phong c\u00e1ch d\u1ee9t kho\u00e1t<\/h3>\n<ul data-start=\"1750\" data-end=\"1860\">\n<li data-start=\"1750\" data-end=\"1786\">Thi\u1ebft k\u1ebf h\u00ecnh ch\u1eef nh\u1eadt vu\u00f4ng v\u1eafn<\/li>\n<li data-start=\"1787\" data-end=\"1818\">\u0110\u01b0\u1eddng n\u00e9t s\u1eafc c\u1ea1nh, r\u00f5 r\u00e0ng<\/li>\n<li data-start=\"1819\" data-end=\"1860\">Mang l\u1ea1i c\u1ea3m gi\u00e1c ch\u1eafc ch\u1eafn, hi\u1ec7n \u0111\u1ea1i<\/li>\n<\/ul>\n<p data-start=\"1862\" data-end=\"1881\">\ud83d\udc49 R\u1ea5t ph\u00f9 h\u1ee3p v\u1edbi:<\/p>\n<ul data-start=\"1882\" data-end=\"1988\">\n<li data-start=\"1882\" data-end=\"1907\">Phong c\u00e1ch Minimalism<\/li>\n<li data-start=\"1908\" data-end=\"1943\">N\u1ed9i th\u1ea5t hi\u1ec7n \u0111\u1ea1i \u2013 c\u00f4ng nghi\u1ec7p<\/li>\n<li data-start=\"1944\" data-end=\"1988\">Kh\u00f4ng gian \u0111\u1ec1 cao s\u1ef1 g\u1ecdn g\u00e0ng, d\u1ee9t kho\u00e1t<\/li>\n<\/ul>\n<hr data-start=\"1990\" data-end=\"1993\" \/>\n<h3 data-start=\"1995\" data-end=\"2039\">K\u00edch th\u01b0\u1edbc c\u00e2n \u0111\u1ed1i \u2013 D\u1ec5 \u1ee9ng d\u1ee5ng th\u1ef1c t\u1ebf<\/h3>\n<p data-start=\"2041\" data-end=\"2088\">V\u1edbi k\u00edch th\u01b0\u1edbc <strong data-start=\"2056\" data-end=\"2078\">550 x 450 x 155 mm<\/strong>, AL-293V:<\/p>\n<ul data-start=\"2090\" data-end=\"2170\">\n<li data-start=\"2090\" data-end=\"2127\">Kh\u00f4ng qu\u00e1 l\u1edbn g\u00e2y chi\u1ebfm di\u1ec7n t\u00edch<\/li>\n<li data-start=\"2128\" data-end=\"2170\">Kh\u00f4ng qu\u00e1 nh\u1ecf g\u00e2y b\u1ea5t ti\u1ec7n khi s\u1eed d\u1ee5ng<\/li>\n<\/ul>\n<p data-start=\"2172\" data-end=\"2203\">\ud83d\udc49 \u0110\u00e2y l\u00e0 size \u201cchu\u1ea9n \u0111\u1eb9p\u201d cho:<\/p>\n<ul data-start=\"2204\" data-end=\"2256\">\n<li data-start=\"2204\" data-end=\"2215\">Nh\u00e0 ph\u1ed1<\/li>\n<li data-start=\"2216\" data-end=\"2228\">Chung c\u01b0<\/li>\n<li data-start=\"2229\" data-end=\"2256\">Ph\u00f2ng t\u1eafm di\u1ec7n t\u00edch v\u1eeba<\/li>\n<\/ul>\n<hr data-start=\"2258\" data-end=\"2261\" \/>\n<h2 data-start=\"2263\" data-end=\"2313\">C\u00f4ng ngh\u1ec7 AQUA CERAMIC \u2013 Tr\u1eafng s\u1ea1ch \u0111\u1ebfn 100 n\u0103m<\/h2>\n<p data-start=\"2315\" data-end=\"2400\">\u0110i\u1ec3m \u201c\u0111\u1eaft gi\u00e1\u201d nh\u1ea5t c\u1ee7a ch\u1eadu lavabo INAX AL-293V ch\u00ednh l\u00e0 c\u00f4ng ngh\u1ec7 <strong data-start=\"2383\" data-end=\"2399\">AQUA CERAMIC<\/strong>.<\/p>\n<h3 data-start=\"2402\" data-end=\"2425\">AQUA CERAMIC l\u00e0 g\u00ec?<\/h3>\n<p data-start=\"2427\" data-end=\"2475\">\u0110\u00e2y l\u00e0 c\u00f4ng ngh\u1ec7 men s\u1ee9 \u0111\u1ed9c quy\u1ec1n c\u1ee7a INAX gi\u00fap:<\/p>\n<ul data-start=\"2476\" data-end=\"2567\">\n<li data-start=\"2476\" data-end=\"2499\">B\u1ec1 m\u1eb7t si\u00eau k\u1ef5 n\u01b0\u1edbc<\/li>\n<li data-start=\"2500\" data-end=\"2533\">Ng\u0103n c\u1eb7n b\u1ea9n v\u00e0 v\u1ebft \u1ed1 b\u00e1m l\u1ea1i<\/li>\n<li data-start=\"2534\" data-end=\"2567\">D\u1ec5 d\u00e0ng r\u1eeda tr\u00f4i ch\u1ec9 v\u1edbi n\u01b0\u1edbc<\/li>\n<\/ul>\n<hr data-start=\"2569\" data-end=\"2572\" \/>\n<h3 data-start=\"2574\" data-end=\"2593\">L\u1ee3i \u00edch th\u1ef1c t\u1ebf<\/h3>\n<ul data-start=\"2595\" data-end=\"2739\">\n<li data-start=\"2595\" data-end=\"2663\"><strong data-start=\"2597\" data-end=\"2623\">Gi\u1eef tr\u1eafng s\u00e1ng l\u00e2u d\u00e0i<\/strong>: l\u00ean \u0111\u1ebfn 100 n\u0103m theo ti\u00eau chu\u1ea9n h\u00e3ng<\/li>\n<li data-start=\"2664\" data-end=\"2708\"><strong data-start=\"2666\" data-end=\"2684\">H\u1ea1n ch\u1ebf \u1ed1 v\u00e0ng<\/strong> do c\u1eb7n n\u01b0\u1edbc, x\u00e0 ph\u00f2ng<\/li>\n<li data-start=\"2709\" data-end=\"2739\"><strong data-start=\"2711\" data-end=\"2737\">Gi\u1ea3m th\u1eddi gian v\u1ec7 sinh<\/strong><\/li>\n<\/ul>\n<p data-start=\"2741\" data-end=\"2849\">\ud83d\udc49 V\u1edbi kh\u00e1ch h\u00e0ng, \u0111\u00e2y l\u00e0 y\u1ebfu t\u1ed1 c\u1ef1c k\u1ef3 quan tr\u1ecdng:<br data-start=\"2792\" data-end=\"2795\" \/><strong data-start=\"2795\" data-end=\"2849\">\u201cMua 1 l\u1ea7n \u2013 d\u00f9ng l\u00e2u \u2013 kh\u00f4ng ph\u1ea3i lau ch\u00f9i nhi\u1ec1u\u201d<\/strong><\/p>\n<hr data-start=\"2851\" data-end=\"2854\" \/>\n<h2 data-start=\"2856\" data-end=\"2904\">Ch\u1ea5t li\u1ec7u s\u1ee9 cao c\u1ea5p \u2013 B\u1ec1n \u0111\u1eb9p theo th\u1eddi gian<\/h2>\n<p data-start=\"2906\" data-end=\"2966\">Ch\u1eadu AL-293V \u0111\u01b0\u1ee3c s\u1ea3n xu\u1ea5t t\u1eeb s\u1ee9 v\u1ec7 sinh cao c\u1ea5p chu\u1ea9n Nh\u1eadt:<\/p>\n<ul data-start=\"2968\" data-end=\"3089\">\n<li data-start=\"2968\" data-end=\"2997\">\u0110\u1ed9 c\u1ee9ng cao, ch\u1ecbu l\u1ef1c t\u1ed1t<\/li>\n<li data-start=\"2998\" data-end=\"3051\">Kh\u00f4ng n\u1ee9t v\u1ee1 trong \u0111i\u1ec1u ki\u1ec7n s\u1eed d\u1ee5ng th\u00f4ng th\u01b0\u1eddng<\/li>\n<li data-start=\"3052\" data-end=\"3089\">Kh\u00e1ng khu\u1ea9n, an to\u00e0n cho s\u1ee9c kh\u1ecfe<\/li>\n<\/ul>\n<p data-start=\"3091\" data-end=\"3155\">\ud83d\udc49 Ph\u00f9 h\u1ee3p xu h\u01b0\u1edbng ti\u00eau d\u00f9ng hi\u1ec7n \u0111\u1ea1i: <strong data-start=\"3131\" data-end=\"3155\">b\u1ec1n \u2013 s\u1ea1ch \u2013 an to\u00e0n<\/strong><\/p>\n<hr data-start=\"3157\" data-end=\"3160\" \/>\n<h2 data-start=\"3162\" data-end=\"3212\">T\u00ednh n\u0103ng ti\u1ec7n \u00edch \u2013 T\u1ed1i \u01b0u tr\u1ea3i nghi\u1ec7m s\u1eed d\u1ee5ng<\/h2>\n<h3 data-start=\"3214\" data-end=\"3239\">L\u1ed7 tho\u00e1t tr\u00e0n an to\u00e0n<\/h3>\n<ul data-start=\"3241\" data-end=\"3316\">\n<li data-start=\"3241\" data-end=\"3271\">T\u00edch h\u1ee3p s\u1eb5n l\u1ed7 tho\u00e1t tr\u00e0n<\/li>\n<li data-start=\"3272\" data-end=\"3316\">Ng\u0103n n\u01b0\u1edbc tr\u00e0n ra ngo\u00e0i khi qu\u00ean t\u1eaft v\u00f2i<\/li>\n<\/ul>\n<p data-start=\"3318\" data-end=\"3359\">\ud83d\udc49 R\u1ea5t c\u1ea7n thi\u1ebft v\u1edbi gia \u0111\u00ecnh c\u00f3 tr\u1ebb nh\u1ecf.<\/p>\n<hr data-start=\"3361\" data-end=\"3364\" \/>\n<h3 data-start=\"3366\" data-end=\"3409\">Th\u00e0nh ch\u1eadu cao 100mm \u2013 H\u1ea1n ch\u1ebf b\u1eafn n\u01b0\u1edbc<\/h3>\n<ul data-start=\"3411\" data-end=\"3484\">\n<li data-start=\"3411\" data-end=\"3446\">Thi\u1ebft k\u1ebf l\u00f2ng ch\u1eadu s\u00e2u v\u1eeba ph\u1ea3i<\/li>\n<li data-start=\"3447\" data-end=\"3484\">Gi\u1ea3m t\u00ecnh tr\u1ea1ng b\u1eafn n\u01b0\u1edbc ra ngo\u00e0i<\/li>\n<\/ul>\n<p data-start=\"3486\" data-end=\"3530\">\ud83d\udc49 Gi\u1eef khu v\u1ef1c lavabo lu\u00f4n s\u1ea1ch s\u1ebd, kh\u00f4 r\u00e1o.<\/p>\n<hr data-start=\"3532\" data-end=\"3535\" \/>\n<h2 data-start=\"3537\" data-end=\"3574\">\u01afu \u2013 Nh\u01b0\u1ee3c \u0111i\u1ec3m &amp; \u1ee8ng d\u1ee5ng th\u1ef1c t\u1ebf<\/h2>\n<h3 data-start=\"3576\" data-end=\"3587\">\u01afu \u0111i\u1ec3m<\/h3>\n<ul data-start=\"3588\" data-end=\"3767\">\n<li data-start=\"3588\" data-end=\"3632\">Thi\u1ebft k\u1ebf \u0111\u1eb9p, hi\u1ec7n \u0111\u1ea1i, d\u1ec5 ph\u1ed1i n\u1ed9i th\u1ea5t<\/li>\n<li data-start=\"3633\" data-end=\"3673\">C\u00f4ng ngh\u1ec7 AQUA CERAMIC ch\u1ed1ng b\u00e1m b\u1ea9n<\/li>\n<li data-start=\"3674\" data-end=\"3709\">D\u1ec5 v\u1ec7 sinh, ti\u1ebft ki\u1ec7m th\u1eddi gian<\/li>\n<li data-start=\"3710\" data-end=\"3738\">\u0110\u1ed9 b\u1ec1n cao, \u00edt xu\u1ed1ng c\u1ea5p<\/li>\n<li data-start=\"3739\" data-end=\"3767\">Ph\u00f9 h\u1ee3p nhi\u1ec1u kh\u00f4ng gian<\/li>\n<\/ul>\n<hr data-start=\"3769\" data-end=\"3772\" \/>\n<h3 data-start=\"3774\" data-end=\"3788\">Nh\u01b0\u1ee3c \u0111i\u1ec3m<\/h3>\n<ul data-start=\"3789\" data-end=\"3869\">\n<li data-start=\"3789\" data-end=\"3831\">C\u1ea7n k\u1ebft h\u1ee3p v\u00f2i cao ho\u1eb7c v\u00f2i g\u1eafn t\u01b0\u1eddng<\/li>\n<li data-start=\"3832\" data-end=\"3869\">Gi\u00e1 cao h\u01a1n ch\u1eadu \u00e2m b\u00e0n ph\u1ed5 th\u00f4ng<\/li>\n<\/ul>\n<hr data-start=\"3871\" data-end=\"3874\" \/>\n<h3 data-start=\"3876\" data-end=\"3896\">\u1ee8ng d\u1ee5ng th\u1ef1c t\u1ebf<\/h3>\n<p data-start=\"3898\" data-end=\"3928\">Ch\u1eadu INAX AL-293V ph\u00f9 h\u1ee3p v\u1edbi:<\/p>\n<ul data-start=\"3929\" data-end=\"3995\">\n<li data-start=\"3929\" data-end=\"3956\">Nh\u00e0 ph\u1ed1, c\u0103n h\u1ed9 cao c\u1ea5p<\/li>\n<li data-start=\"3957\" data-end=\"3980\">Kh\u00e1ch s\u1ea1n, homestay<\/li>\n<li data-start=\"3981\" data-end=\"3995\">Spa, salon<\/li>\n<\/ul>\n<p data-start=\"3997\" data-end=\"4065\">\ud83d\udc49 \u0110\u1eb7c bi\u1ec7t h\u1ee3p v\u1edbi c\u00e1c c\u00f4ng tr\u00ecnh c\u1ea7n <strong data-start=\"4036\" data-end=\"4064\">th\u1ea9m m\u1ef9 cao + d\u1ec5 v\u1ec7 sinh<\/strong>.<\/p>\n<hr data-start=\"4067\" data-end=\"4070\" \/>\n<h2 data-start=\"4072\" data-end=\"4114\">So s\u00e1nh nhanh: Lavabo \u0111\u1eb7t b\u00e0n vs \u00e2m b\u00e0n<\/h2>\n<div class=\"TyagGW_tableContainer\">\n<div class=\"group TyagGW_tableWrapper flex flex-col-reverse w-fit\" tabindex=\"-1\">\n<table class=\"w-fit min-w-(--thread-content-width)\" data-start=\"4116\" data-end=\"4314\">\n<thead data-start=\"4116\" data-end=\"4155\">\n<tr data-start=\"4116\" data-end=\"4155\">\n<th class=\"\" data-start=\"4116\" data-end=\"4127\" data-col-size=\"sm\">Ti\u00eau ch\u00ed<\/th>\n<th class=\"\" data-start=\"4127\" data-end=\"4145\" data-col-size=\"sm\">\u0110\u1eb7t b\u00e0n AL-293V<\/th>\n<th class=\"\" data-start=\"4145\" data-end=\"4155\" data-col-size=\"sm\">\u00c2m b\u00e0n<\/th>\n<\/tr>\n<\/thead>\n<tbody data-start=\"4195\" data-end=\"4314\">\n<tr data-start=\"4195\" data-end=\"4225\">\n<td data-start=\"4195\" data-end=\"4205\" data-col-size=\"sm\">Th\u1ea9m m\u1ef9<\/td>\n<td data-col-size=\"sm\" data-start=\"4205\" data-end=\"4211\">Cao<\/td>\n<td data-col-size=\"sm\" data-start=\"4211\" data-end=\"4225\">Trung b\u00ecnh<\/td>\n<\/tr>\n<tr data-start=\"4226\" data-end=\"4258\">\n<td data-start=\"4226\" data-end=\"4237\" data-col-size=\"sm\">Thi c\u00f4ng<\/td>\n<td data-col-size=\"sm\" data-start=\"4237\" data-end=\"4242\">D\u1ec5<\/td>\n<td data-col-size=\"sm\" data-start=\"4242\" data-end=\"4258\">Ph\u1ee9c t\u1ea1p h\u01a1n<\/td>\n<\/tr>\n<tr data-start=\"4259\" data-end=\"4285\">\n<td data-start=\"4259\" data-end=\"4269\" data-col-size=\"sm\">V\u1ec7 sinh<\/td>\n<td data-col-size=\"sm\" data-start=\"4269\" data-end=\"4274\">D\u1ec5<\/td>\n<td data-col-size=\"sm\" data-start=\"4274\" data-end=\"4285\">Kh\u00f3 h\u01a1n<\/td>\n<\/tr>\n<tr data-start=\"4286\" data-end=\"4314\">\n<td data-start=\"4286\" data-end=\"4292\" data-col-size=\"sm\">Gi\u00e1<\/td>\n<td data-col-size=\"sm\" data-start=\"4292\" data-end=\"4302\">Cao h\u01a1n<\/td>\n<td data-col-size=\"sm\" data-start=\"4302\" data-end=\"4314\">Th\u1ea5p h\u01a1n<\/td>\n<\/tr>\n<\/tbody>\n<\/table>\n<\/div>\n<\/div>\n<p data-start=\"4316\" data-end=\"4392\">\ud83d\udc49 N\u1ebfu kh\u00e1ch \u01b0u ti\u00ean \u0111\u1eb9p \u2192 ch\u1ecdn \u0111\u1eb7t b\u00e0n<br data-start=\"4355\" data-end=\"4358\" \/>\ud83d\udc49 N\u1ebfu \u01b0u ti\u00ean gi\u00e1 \u2192 ch\u1ecdn \u00e2m b\u00e0n<\/p>\n<hr data-start=\"4775\" data-end=\"4778\" \/>\n<h2 data-start=\"4780\" data-end=\"4819\">K\u1ebft lu\u1eadn \u2013 C\u00f3 n\u00ean ch\u1ecdn INAX AL-293V ?<\/h2>\n<p data-start=\"4821\" data-end=\"4855\">N\u1ebfu kh\u00e1ch h\u00e0ng c\u1ea7n m\u1ed9t m\u1eabu lavabo:<\/p>\n<ul data-start=\"4856\" data-end=\"4974\">\n<li data-start=\"4856\" data-end=\"4882\">Thi\u1ebft k\u1ebf \u0111\u1eb9p, hi\u1ec7n \u0111\u1ea1i<\/li>\n<li data-start=\"4883\" data-end=\"4912\">D\u1ec5 v\u1ec7 sinh, ch\u1ed1ng b\u00e1m b\u1ea9n<\/li>\n<li data-start=\"4913\" data-end=\"4939\">B\u1ec1n l\u00e2u theo th\u1eddi gian<\/li>\n<li data-start=\"4940\" data-end=\"4974\">T\u0103ng gi\u00e1 tr\u1ecb th\u1ea9m m\u1ef9 ph\u00f2ng t\u1eafm<\/li>\n<\/ul>\n<p data-start=\"4976\" data-end=\"5026\">\ud83d\udc49 <strong data-start=\"4979\" data-end=\"5026\">INAX AL-293V l\u00e0 l\u1ef1a ch\u1ecdn c\u1ef1c k\u1ef3 \u0111\u00e1ng \u0111\u1ea7u t\u01b0<br \/>\n<\/strong><\/p>\n<p data-start=\"4866\" data-end=\"4979\"><strong data-start=\"4866\" data-end=\"4917\">Ehrlich Vi\u1ec7t Nam \u2013 Thi\u1ebft B\u1ecb Nh\u00e0 B\u1ebfp &amp; Ph\u00f2ng T\u1eafm<\/strong><br data-start=\"4917\" data-end=\"4920\" \/>\ud83d\udccd\u00a0\u0110\u1ecba ch\u1ec9: S\u1ed1 6 Li\u1ec1n K\u1ec1 22, K\u0110T V\u0103n Kh\u00ea, H\u00e0 \u0110\u00f4ng, H\u00e0 N\u1ed9i<\/p>\n<p data-start=\"4981\" data-end=\"5105\">\ud83c\udf10\u00a0Website:\u00a0<a class=\"decorated-link\" href=\"https:\/\/ehrlichvietnam.vn\/\" target=\"_new\" rel=\"noopener\" data-start=\"4993\" data-end=\"5019\">https:\/\/ehrlichvietnam.vn\/<\/a><br data-start=\"5019\" data-end=\"5022\" \/>\ud83d\udcde\u00a0Hotline:\u00a0<strong data-start=\"5034\" data-end=\"5051\">0932 27 05 20<\/strong><br data-start=\"5051\" data-end=\"5054\" \/>\ud83d\udcac\u00a0Zalo OA:\u00a0<a class=\"decorated-link\" href=\"https:\/\/zalo.me\/s\/2888141157129558325\" target=\"_new\" rel=\"noopener\" data-start=\"5066\" data-end=\"5103\">https:\/\/zalo.me\/s\/2888141157129558325<\/a><\/p>\n<p data-start=\"5107\" data-end=\"5218\">\ud83c\udfa5\u00a0TikTok:\u00a0<a class=\"decorated-link\" href=\"https:\/\/www.tiktok.com\/@ehrlich.chia.s?_r=1\" target=\"_new\" rel=\"noopener\" data-start=\"5118\" data-end=\"5162\">https:\/\/www.tiktok.com\/@ehrlichthietbivesinh<\/a><br data-start=\"5162\" data-end=\"5165\" \/>\u25b6\ufe0f\u00a0YouTube:\u00a0<a class=\"decorated-link\" href=\"https:\/\/www.youtube.com\/@EhrlichVietNam\" target=\"_new\" rel=\"noopener\" data-start=\"5177\" data-end=\"5216\">https:\/\/www.youtube.com\/@EhrlichVietNam<\/a><\/p>\n<p data-start=\"5220\" data-end=\"5265\">\ud83d\ude9a\u00a0Giao h\u00e0ng to\u00e0n qu\u1ed1c \u2013 t\u01b0 v\u1ea5n nhanh ch\u00f3ng<\/p>\n<p data-start=\"5267\" data-end=\"5313\">\ud83d\udc49\u00a0<strong data-start=\"5270\" data-end=\"5313\">Inbox ngay \u0111\u1ec3 nh\u1eadn \u01b0u \u0111\u00e3i th\u00eam h\u00f4m nay!<\/strong><\/p>\n<p data-start=\"4976\" data-end=\"5026\"><strong data-start=\"4979\" data-end=\"5026\">\u00a0<\/strong><\/p>\n","protected":false},"excerpt":{"rendered":"<p>Ch\u1eadu R\u1eeda Lavabo INAX AL-293V \u0110\u1eb7t B\u00e0n \u2013 Thi\u1ebft K\u1ebf Vu\u00f4ng Hi\u1ec7n \u0110\u1ea1i, Men S\u1ee9 AQUA CERAMIC Tr\u1eafng S\u1ea1ch 100 N\u0103m Gi\u1edbi thi\u1ec7u ch\u1eadu r\u1eeda lavabo INAX AL-293V Ch\u1eadu r\u1eeda lavabo INAX AL-293V l\u00e0 m\u1eabu ch\u1eadu \u0111\u1eb7t b\u00e0n cao c\u1ea5p \u0111\u01b0\u1ee3c thi\u1ebft k\u1ebf theo phong c\u00e1ch hi\u1ec7n \u0111\u1ea1i, t\u1ed1i gi\u1ea3n nh\u01b0ng \u0111\u1ea7y m\u1ea1nh m\u1ebd. V\u1edbi [&hellip;]<\/p>\n","protected":false},"featured_media":4963,"comment_status":"open","ping_status":"closed","template":"","meta":{"_acf_changed":false},"product_brand":[141],"product_cat":[23,15,136,146],"product_tag":[],"class_list":{"0":"post-4962","1":"product","2":"type-product","3":"status-publish","4":"has-post-thumbnail","6":"product_brand-inax","7":"product_cat-thiet-bi-phong-ve-sinh","8":"product_cat-san-pham","9":"product_cat-thuong-hieu-inax","10":"product_cat-chau-lavabo-inax","12":"first","13":"instock","14":"sale","15":"shipping-taxable","16":"purchasable","17":"product-type-simple"},"acf":[],"_links":{"self":[{"href":"https:\/\/ehrlichvietnam.vn\/en\/wp-json\/wp\/v2\/product\/4962","targetHints":{"allow":["GET"]}}],"collection":[{"href":"https:\/\/ehrlichvietnam.vn\/en\/wp-json\/wp\/v2\/product"}],"about":[{"href":"https:\/\/ehrlichvietnam.vn\/en\/wp-json\/wp\/v2\/types\/product"}],"replies":[{"embeddable":true,"href":"https:\/\/ehrlichvietnam.vn\/en\/wp-json\/wp\/v2\/comments?post=4962"}],"wp:featuredmedia":[{"embeddable":true,"href":"https:\/\/ehrlichvietnam.vn\/en\/wp-json\/wp\/v2\/media\/4963"}],"wp:attachment":[{"href":"https:\/\/ehrlichvietnam.vn\/en\/wp-json\/wp\/v2\/media?parent=4962"}],"wp:term":[{"taxonomy":"product_brand","embeddable":true,"href":"https:\/\/ehrlichvietnam.vn\/en\/wp-json\/wp\/v2\/product_brand?post=4962"},{"taxonomy":"product_cat","embeddable":true,"href":"https:\/\/ehrlichvietnam.vn\/en\/wp-json\/wp\/v2\/product_cat?post=4962"},{"taxonomy":"product_tag","embeddable":true,"href":"https:\/\/ehrlichvietnam.vn\/en\/wp-json\/wp\/v2\/product_tag?post=4962"}],"curies":[{"name":"wp","href":"https:\/\/api.w.org\/{rel}","templated":true}]}}