{"id":4957,"date":"2026-04-17T09:37:31","date_gmt":"2026-04-17T09:37:31","guid":{"rendered":"https:\/\/ehrlichvietnam.vn\/?post_type=product&#038;p=4957"},"modified":"2026-04-17T09:45:04","modified_gmt":"2026-04-17T09:45:04","slug":"chau-rua-dat-ban-inax-al-295v","status":"publish","type":"product","link":"https:\/\/ehrlichvietnam.vn\/chau-rua-dat-ban-inax-al-295v\/","title":{"rendered":"Ch\u1eadu R\u1eeda \u0110\u1eb7t B\u00e0n INAX AL-295V"},"content":{"rendered":"<h1 data-start=\"153\" data-end=\"247\">Ch\u1eadu R\u1eeda Lavabo \u0110\u1eb7t B\u00e0n INAX AL-295V \u2013 Thi\u1ebft K\u1ebf Tr\u00f2n Tinh T\u1ebf, Men Aqua Ceramic Ch\u1ed1ng B\u00e1m B\u1ea9n<\/h1>\n<p><img decoding=\"async\" src=\"https:\/\/www.inax.com.vn\/wp-content\/uploads\/2025\/10\/AL-295V-1.png\" \/><\/p>\n<h2 data-start=\"249\" data-end=\"294\">Gi\u1edbi thi\u1ec7u t\u1ed5ng quan ch\u1eadu r\u1eeda INAX AL-295V<\/h2>\n<p data-start=\"296\" data-end=\"583\">Trong c\u00e1c thi\u1ebft k\u1ebf ph\u00f2ng t\u1eafm hi\u1ec7n \u0111\u1ea1i, nh\u1eefng m\u1eabu <strong data-start=\"345\" data-end=\"373\">lavabo \u0111\u1eb7t b\u00e0n h\u00ecnh tr\u00f2n<\/strong> \u0111ang tr\u1edf th\u00e0nh xu h\u01b0\u1edbng nh\u1edd s\u1ef1 m\u1ec1m m\u1ea1i, tinh t\u1ebf v\u00e0 d\u1ec5 k\u1ebft h\u1ee3p n\u1ed9i th\u1ea5t. N\u1ed5i b\u1eadt trong ph\u00e2n kh\u00fac n\u00e0y, <strong data-start=\"475\" data-end=\"500\">ch\u1eadu r\u1eeda INAX AL-295V<\/strong> l\u00e0 l\u1ef1a ch\u1ecdn l\u00fd t\u01b0\u1edfng cho nh\u1eefng ai mu\u1ed1n t\u1ed1i \u01b0u c\u1ea3 <strong data-start=\"550\" data-end=\"582\">th\u1ea9m m\u1ef9 \u2013 c\u00f4ng n\u0103ng \u2013 \u0111\u1ed9 b\u1ec1n<\/strong>.<\/p>\n<p data-start=\"585\" data-end=\"899\">S\u1ea3n ph\u1ea9m thu\u1ed9c d\u00f2ng thi\u1ebft b\u1ecb v\u1ec7 sinh cao c\u1ea5p c\u1ee7a INAX, \u0111\u01b0\u1ee3c s\u1ea3n xu\u1ea5t theo ti\u00eau chu\u1ea9n Nh\u1eadt B\u1ea3n, t\u00edch h\u1ee3p c\u00f4ng ngh\u1ec7 <strong data-start=\"699\" data-end=\"729\">Aqua Ceramic ch\u1ed1ng b\u00e1m b\u1ea9n<\/strong> \u0111\u1ed9c quy\u1ec1n. V\u1edbi thi\u1ebft k\u1ebf nh\u1ecf g\u1ecdn, \u0111\u01b0\u1eddng n\u00e9t bo tr\u00f2n uy\u1ec3n chuy\u1ec3n v\u00e0 l\u1edbp men tr\u1eafng s\u00e1ng l\u00e2u d\u00e0i, AL-295V kh\u00f4ng ch\u1ec9 l\u00e0 ch\u1eadu r\u1eeda m\u00e0 c\u00f2n l\u00e0 \u0111i\u1ec3m nh\u1ea5n n\u00e2ng t\u1ea7m kh\u00f4ng gian s\u1ed1ng.<\/p>\n<hr data-start=\"901\" data-end=\"904\" \/>\n<h2 data-start=\"906\" data-end=\"948\">Th\u00f4ng s\u1ed1 k\u1ef9 thu\u1eadt ch\u1eadu r\u1eeda INAX AL-295V<\/h2>\n<ul data-start=\"950\" data-end=\"1405\">\n<li data-start=\"950\" data-end=\"1008\"><strong data-start=\"952\" data-end=\"969\">T\u00ean s\u1ea3n ph\u1ea9m:<\/strong> Ch\u1eadu r\u1eeda lavabo \u0111\u1eb7t b\u00e0n INAX AL-295V<\/li>\n<li data-start=\"1009\" data-end=\"1060\"><strong data-start=\"1011\" data-end=\"1028\">Ki\u1ec3u l\u1eafp \u0111\u1eb7t:<\/strong> \u0110\u1eb7t b\u00e0n (d\u01b0\u01a1ng b\u00e0n ho\u00e0n to\u00e0n)<\/li>\n<li data-start=\"1061\" data-end=\"1084\"><strong data-start=\"1063\" data-end=\"1077\">H\u00ecnh d\u00e1ng:<\/strong> Tr\u00f2n<\/li>\n<li data-start=\"1085\" data-end=\"1142\"><strong data-start=\"1087\" data-end=\"1102\">K\u00edch th\u01b0\u1edbc:<\/strong> 380 x 380 x 140 mm (D\u00e0i x R\u1ed9ng x Cao)<\/li>\n<li data-start=\"1143\" data-end=\"1209\"><strong data-start=\"1145\" data-end=\"1169\">K\u00edch th\u01b0\u1edbc t\u1ed5ng th\u1ec3:<\/strong> 380 x 173 x 380 mm (R\u1ed9ng x Cao x S\u00e2u)<\/li>\n<li data-start=\"1210\" data-end=\"1232\"><strong data-start=\"1212\" data-end=\"1224\">M\u00e0u s\u1eafc:<\/strong> Tr\u1eafng<\/li>\n<li data-start=\"1233\" data-end=\"1270\"><strong data-start=\"1235\" data-end=\"1249\">Ch\u1ea5t li\u1ec7u:<\/strong> S\u1ee9 v\u1ec7 sinh cao c\u1ea5p<\/li>\n<li data-start=\"1271\" data-end=\"1306\"><strong data-start=\"1273\" data-end=\"1291\">C\u00f4ng ngh\u1ec7 men:<\/strong> Aqua Ceramic<\/li>\n<li data-start=\"1307\" data-end=\"1364\"><strong data-start=\"1309\" data-end=\"1323\">T\u00ednh n\u0103ng:<\/strong> Kh\u00e1ng khu\u1ea9n, ch\u1ed1ng b\u00e1m b\u1ea9n, d\u1ec5 v\u1ec7 sinh<\/li>\n<li data-start=\"1365\" data-end=\"1405\"><strong data-start=\"1367\" data-end=\"1380\">Trang b\u1ecb:<\/strong> L\u1ed7 tho\u00e1t tr\u00e0n ti\u1ec7n l\u1ee3i<\/li>\n<\/ul>\n<p><img decoding=\"async\" src=\"https:\/\/www.inax.com.vn\/wp-content\/uploads\/2025\/10\/AL-295V-2.png\" \/><\/p>\n<hr data-start=\"1407\" data-end=\"1410\" \/>\n<h2 data-start=\"1412\" data-end=\"1468\">Thi\u1ebft k\u1ebf ch\u1eadu r\u1eeda AL-295V \u2013 Nh\u1ecf g\u1ecdn nh\u01b0ng \u0111\u1ea7y tinh t\u1ebf<\/h2>\n<h3 data-start=\"1470\" data-end=\"1521\">D\u00e1ng tr\u00f2n m\u1ec1m m\u1ea1i \u2013 Xu h\u01b0\u1edbng ph\u00f2ng t\u1eafm hi\u1ec7n \u0111\u1ea1i<\/h3>\n<p data-start=\"1523\" data-end=\"1635\">Kh\u00e1c v\u1edbi c\u00e1c m\u1eabu ch\u1eadu vu\u00f4ng m\u1ea1nh m\u1ebd, <strong data-start=\"1560\" data-end=\"1576\">INAX AL-295V<\/strong> s\u1edf h\u1eefu thi\u1ebft k\u1ebf <strong data-start=\"1593\" data-end=\"1624\">h\u00ecnh tr\u00f2n bo cong ho\u00e0n to\u00e0n<\/strong>, mang l\u1ea1i:<\/p>\n<ul data-start=\"1637\" data-end=\"1770\">\n<li data-start=\"1637\" data-end=\"1669\">C\u1ea3m gi\u00e1c nh\u1eb9 nh\u00e0ng, th\u01b0 gi\u00e3n<\/li>\n<li data-start=\"1670\" data-end=\"1714\">T\u0103ng t\u00ednh th\u1ea9m m\u1ef9 m\u1ec1m m\u1ea1i cho kh\u00f4ng gian<\/li>\n<li data-start=\"1715\" data-end=\"1770\">Ph\u00f9 h\u1ee3p phong c\u00e1ch: hi\u1ec7n \u0111\u1ea1i, t\u1ed1i gi\u1ea3n, spa, resort<\/li>\n<\/ul>\n<p data-start=\"1772\" data-end=\"1809\">\u0110\u00e2y l\u00e0 l\u1ef1a ch\u1ecdn \u0111\u1eb7c bi\u1ec7t ph\u00f9 h\u1ee3p v\u1edbi:<\/p>\n<ul data-start=\"1811\" data-end=\"1881\">\n<li data-start=\"1811\" data-end=\"1828\">Ph\u00f2ng t\u1eafm nh\u1ecf<\/li>\n<li data-start=\"1829\" data-end=\"1848\">C\u0103n h\u1ed9 chung c\u01b0<\/li>\n<li data-start=\"1849\" data-end=\"1881\">Homestay, spa c\u1ea7n s\u1ef1 tinh t\u1ebf<\/li>\n<\/ul>\n<h3 data-start=\"1883\" data-end=\"1926\">Ki\u1ec3u \u0111\u1eb7t b\u00e0n \u2013 T\u1ea1o \u0111i\u1ec3m nh\u1ea5n sang tr\u1ecdng<\/h3>\n<p data-start=\"1928\" data-end=\"1987\">AL-295V l\u00e0 m\u1eabu <strong data-start=\"1943\" data-end=\"1980\">lavabo \u0111\u1eb7t n\u1ed5i ho\u00e0n to\u00e0n tr\u00ean b\u00e0n<\/strong>, gi\u00fap:<\/p>\n<ul data-start=\"1989\" data-end=\"2114\">\n<li data-start=\"1989\" data-end=\"2040\">T\u1ea1o \u0111i\u1ec3m nh\u1ea5n n\u1ed5i b\u1eadt ngay t\u1eeb c\u00e1i nh\u00ecn \u0111\u1ea7u ti\u00ean<\/li>\n<li data-start=\"2041\" data-end=\"2080\">D\u1ec5 d\u00e0ng k\u1ebft h\u1ee3p v\u1edbi m\u1eb7t \u0111\u00e1, t\u1ee7 ch\u1eadu<\/li>\n<li data-start=\"2081\" data-end=\"2114\">N\u00e2ng t\u1ea7m kh\u00f4ng gian ph\u00f2ng t\u1eafm<\/li>\n<\/ul>\n<p data-start=\"2116\" data-end=\"2151\">So v\u1edbi lavabo \u00e2m b\u00e0n, ki\u1ec3u \u0111\u1eb7t b\u00e0n:<\/p>\n<ul data-start=\"2153\" data-end=\"2237\">\n<li data-start=\"2153\" data-end=\"2180\">Sang h\u01a1n v\u1ec1 m\u1eb7t th\u1ea9m m\u1ef9<\/li>\n<li data-start=\"2181\" data-end=\"2205\">D\u1ec5 thay th\u1ebf, l\u1eafp \u0111\u1eb7t<\/li>\n<li data-start=\"2206\" data-end=\"2237\">Linh ho\u1ea1t thi\u1ebft k\u1ebf n\u1ed9i th\u1ea5t<\/li>\n<\/ul>\n<hr data-start=\"2239\" data-end=\"2242\" \/>\n<h2 data-start=\"2244\" data-end=\"2296\">C\u00f4ng ngh\u1ec7 Aqua Ceramic \u2013 Gi\u1eef ch\u1eadu lu\u00f4n tr\u1eafng s\u1ea1ch<\/h2>\n<h3 data-start=\"2298\" data-end=\"2340\">V\u00ec sao Aqua Ceramic l\u00e0 \u201c\u0111i\u1ec3m \u0103n ti\u1ec1n\u201d?<\/h3>\n<p data-start=\"2342\" data-end=\"2458\">M\u1ed9t trong nh\u1eefng y\u1ebfu t\u1ed1 khi\u1ebfn kh\u00e1ch h\u00e0ng quy\u1ebft \u0111\u1ecbnh ch\u1ecdn <strong data-start=\"2398\" data-end=\"2423\">ch\u1eadu r\u1eeda INAX AL-295V<\/strong> ch\u00ednh l\u00e0 l\u1edbp men <strong data-start=\"2441\" data-end=\"2457\">Aqua Ceramic<\/strong>.<\/p>\n<p data-start=\"2460\" data-end=\"2483\">C\u00f4ng ngh\u1ec7 n\u00e0y mang l\u1ea1i:<\/p>\n<ul data-start=\"2485\" data-end=\"2600\">\n<li data-start=\"2485\" data-end=\"2516\"><strong data-start=\"2487\" data-end=\"2514\">Ch\u1ed1ng b\u00e1m b\u1ea9n v\u01b0\u1ee3t tr\u1ed9i<\/strong><\/li>\n<li data-start=\"2517\" data-end=\"2546\">H\u1ea1n ch\u1ebf \u1ed1 v\u00e0ng, c\u1eb7n canxi<\/li>\n<li data-start=\"2547\" data-end=\"2572\">B\u1ec1 m\u1eb7t lu\u00f4n s\u00e1ng b\u00f3ng<\/li>\n<li data-start=\"2573\" data-end=\"2600\">D\u1ec5 v\u1ec7 sinh ch\u1ec9 v\u1edbi n\u01b0\u1edbc<\/li>\n<\/ul>\n<p data-start=\"2602\" data-end=\"2686\">Theo ti\u00eau chu\u1ea9n c\u1ee7a INAX, l\u1edbp men c\u00f3 th\u1ec3 gi\u1eef \u0111\u01b0\u1ee3c \u0111\u1ed9 tr\u1eafng s\u00e1ng l\u00ean \u0111\u1ebfn <strong data-start=\"2674\" data-end=\"2685\">100 n\u0103m<\/strong>.<\/p>\n<h3 data-start=\"2688\" data-end=\"2734\">So s\u00e1nh th\u1ef1c t\u1ebf Aqua Ceramic vs men th\u01b0\u1eddng<\/h3>\n<div class=\"TyagGW_tableContainer\">\n<div class=\"group TyagGW_tableWrapper flex flex-col-reverse w-fit\" tabindex=\"-1\">\n<table class=\"w-fit min-w-(--thread-content-width)\" data-start=\"2736\" data-end=\"2959\">\n<thead data-start=\"2736\" data-end=\"2776\">\n<tr data-start=\"2736\" data-end=\"2776\">\n<th class=\"\" data-start=\"2736\" data-end=\"2747\" data-col-size=\"sm\">Ti\u00eau ch\u00ed<\/th>\n<th class=\"\" data-start=\"2747\" data-end=\"2762\" data-col-size=\"sm\">Aqua Ceramic<\/th>\n<th class=\"\" data-start=\"2762\" data-end=\"2776\" data-col-size=\"sm\">Men th\u01b0\u1eddng<\/th>\n<\/tr>\n<\/thead>\n<tbody data-start=\"2818\" data-end=\"2959\">\n<tr data-start=\"2818\" data-end=\"2849\">\n<td data-start=\"2818\" data-end=\"2831\" data-col-size=\"sm\">\u0110\u1ed9 b\u00e1m b\u1ea9n<\/td>\n<td data-col-size=\"sm\" data-start=\"2831\" data-end=\"2842\">R\u1ea5t th\u1ea5p<\/td>\n<td data-col-size=\"sm\" data-start=\"2842\" data-end=\"2849\">Cao<\/td>\n<\/tr>\n<tr data-start=\"2850\" data-end=\"2886\">\n<td data-start=\"2850\" data-end=\"2863\" data-col-size=\"sm\">D\u1ec5 v\u1ec7 sinh<\/td>\n<td data-col-size=\"sm\" data-start=\"2863\" data-end=\"2872\">R\u1ea5t d\u1ec5<\/td>\n<td data-col-size=\"sm\" data-start=\"2872\" data-end=\"2886\">Trung b\u00ecnh<\/td>\n<\/tr>\n<tr data-start=\"2887\" data-end=\"2926\">\n<td data-start=\"2887\" data-end=\"2900\" data-col-size=\"sm\">\u0110\u1ed9 b\u1ec1n m\u00e0u<\/td>\n<td data-col-size=\"sm\" data-start=\"2900\" data-end=\"2910\">L\u00e2u d\u00e0i<\/td>\n<td data-col-size=\"sm\" data-start=\"2910\" data-end=\"2926\">D\u1ec5 xu\u1ed1ng m\u00e0u<\/td>\n<\/tr>\n<tr data-start=\"2927\" data-end=\"2959\">\n<td data-start=\"2927\" data-end=\"2945\" data-col-size=\"sm\">Chi ph\u00ed b\u1ea3o tr\u00ec<\/td>\n<td data-col-size=\"sm\" data-start=\"2945\" data-end=\"2952\">Th\u1ea5p<\/td>\n<td data-col-size=\"sm\" data-start=\"2952\" data-end=\"2959\">Cao<\/td>\n<\/tr>\n<\/tbody>\n<\/table>\n<\/div>\n<\/div>\n<p data-start=\"2961\" data-end=\"3057\">\ud83d\udc49 \u0110\u00e2y l\u00e0 y\u1ebfu t\u1ed1 c\u1ef1c k\u1ef3 quan tr\u1ecdng v\u1edbi kh\u00e1ch h\u00e0ng hi\u1ec7n \u0111\u1ea1i: <strong data-start=\"3021\" data-end=\"3056\">\u00edt v\u1ec7 sinh \u2013 v\u1eabn s\u1ea1ch \u2013 v\u1eabn \u0111\u1eb9p<\/strong>.<\/p>\n<hr data-start=\"3059\" data-end=\"3062\" \/>\n<h2 data-start=\"3064\" data-end=\"3094\">Tr\u1ea3i nghi\u1ec7m s\u1eed d\u1ee5ng th\u1ef1c t\u1ebf<\/h2>\n<h3 data-start=\"3096\" data-end=\"3138\">K\u00edch th\u01b0\u1edbc nh\u1ecf g\u1ecdn \u2013 T\u1ed1i \u01b0u kh\u00f4ng gian<\/h3>\n<p data-start=\"3140\" data-end=\"3205\">V\u1edbi k\u00edch th\u01b0\u1edbc ch\u1ec9 <strong data-start=\"3159\" data-end=\"3169\">380 mm<\/strong>, AL-295V l\u00e0 gi\u1ea3i ph\u00e1p ho\u00e0n h\u1ea3o cho:<\/p>\n<ul data-start=\"3207\" data-end=\"3276\">\n<li data-start=\"3207\" data-end=\"3232\">Nh\u00e0 ph\u1ed1 di\u1ec7n t\u00edch nh\u1ecf<\/li>\n<li data-start=\"3233\" data-end=\"3252\">Nh\u00e0 v\u1ec7 sinh ph\u1ee5<\/li>\n<li data-start=\"3253\" data-end=\"3276\">C\u0103n h\u1ed9 mini, studio<\/li>\n<\/ul>\n<p data-start=\"3278\" data-end=\"3286\">\u01afu \u0111i\u1ec3m:<\/p>\n<ul data-start=\"3288\" data-end=\"3361\">\n<li data-start=\"3288\" data-end=\"3311\">Ti\u1ebft ki\u1ec7m di\u1ec7n t\u00edch<\/li>\n<li data-start=\"3312\" data-end=\"3335\">Kh\u00f4ng g\u00e2y ch\u1eadt ch\u1ed9i<\/li>\n<li data-start=\"3336\" data-end=\"3361\">V\u1eabn \u0111\u1ea3m b\u1ea3o c\u00f4ng n\u0103ng<\/li>\n<\/ul>\n<h3 data-start=\"3363\" data-end=\"3420\">L\u1ed7 tho\u00e1t tr\u00e0n \u2013 T\u00ednh n\u0103ng nh\u1ecf nh\u01b0ng c\u1ef1c k\u1ef3 quan tr\u1ecdng<\/h3>\n<p data-start=\"3422\" data-end=\"3462\">Ch\u1eadu \u0111\u01b0\u1ee3c t\u00edch h\u1ee3p <strong data-start=\"3441\" data-end=\"3455\">l\u1ed7 x\u1ea3 tr\u00e0n<\/strong>, gi\u00fap:<\/p>\n<ul data-start=\"3464\" data-end=\"3535\">\n<li data-start=\"3464\" data-end=\"3491\">Ng\u0103n n\u01b0\u1edbc tr\u00e0n ra ngo\u00e0i<\/li>\n<li data-start=\"3492\" data-end=\"3516\">Tr\u00e1nh tr\u01a1n tr\u01b0\u1ee3t s\u00e0n<\/li>\n<li data-start=\"3517\" data-end=\"3535\">Ti\u1ebft ki\u1ec7m n\u01b0\u1edbc<\/li>\n<\/ul>\n<p data-start=\"3537\" data-end=\"3605\">\ud83d\udc49 \u0110\u00e2y l\u00e0 chi ti\u1ebft nh\u1ecf nh\u01b0ng c\u1ef1c k\u1ef3 h\u1eefu \u00edch trong s\u1eed d\u1ee5ng h\u00e0ng ng\u00e0y.<\/p>\n<hr data-start=\"3607\" data-end=\"3610\" \/>\n<h2 data-start=\"3612\" data-end=\"3646\">\u0110\u1ed9 b\u1ec1n v\u00e0 ch\u1ea5t l\u01b0\u1ee3ng ho\u00e0n thi\u1ec7n<\/h2>\n<h3 data-start=\"3648\" data-end=\"3686\">S\u1ee9 cao c\u1ea5p \u2013 \u0110\u1ed9 b\u1ec1n v\u01b0\u1ee3t th\u1eddi gian<\/h3>\n<p data-start=\"3688\" data-end=\"3713\">AL-295V \u0111\u01b0\u1ee3c s\u1ea3n xu\u1ea5t t\u1eeb:<\/p>\n<ul data-start=\"3715\" data-end=\"3783\">\n<li data-start=\"3715\" data-end=\"3737\">S\u1ee9 v\u1ec7 sinh cao c\u1ea5p<\/li>\n<li data-start=\"3738\" data-end=\"3761\">Nung \u1edf nhi\u1ec7t \u0111\u1ed9 cao<\/li>\n<li data-start=\"3762\" data-end=\"3783\">K\u1ebft c\u1ea5u ch\u1eafc ch\u1eafn<\/li>\n<\/ul>\n<p data-start=\"3785\" data-end=\"3790\">Gi\u00fap:<\/p>\n<ul data-start=\"3792\" data-end=\"3842\">\n<li data-start=\"3792\" data-end=\"3808\">Ch\u1ed1ng n\u1ee9t v\u1ee1<\/li>\n<li data-start=\"3809\" data-end=\"3825\">Ch\u1ecbu l\u1ef1c t\u1ed1t<\/li>\n<li data-start=\"3826\" data-end=\"3842\">\u00cdt xu\u1ed1ng c\u1ea5p<\/li>\n<\/ul>\n<h3 data-start=\"3844\" data-end=\"3882\">Kh\u00e1ng khu\u1ea9n \u2013 An to\u00e0n cho gia \u0111\u00ecnh<\/h3>\n<p data-start=\"3884\" data-end=\"3908\">B\u1ec1 m\u1eb7t ch\u1eadu c\u00f3 kh\u1ea3 n\u0103ng:<\/p>\n<ul data-start=\"3910\" data-end=\"3973\">\n<li data-start=\"3910\" data-end=\"3941\">H\u1ea1n ch\u1ebf vi khu\u1ea9n ph\u00e1t tri\u1ec3n<\/li>\n<li data-start=\"3942\" data-end=\"3973\">\u0110\u1ea3m b\u1ea3o v\u1ec7 sinh khi s\u1eed d\u1ee5ng<\/li>\n<\/ul>\n<p data-start=\"3975\" data-end=\"3983\">Ph\u00f9 h\u1ee3p:<\/p>\n<ul data-start=\"3985\" data-end=\"4053\">\n<li data-start=\"3985\" data-end=\"4008\">Gia \u0111\u00ecnh c\u00f3 tr\u1ebb nh\u1ecf<\/li>\n<li data-start=\"4009\" data-end=\"4027\">Ng\u01b0\u1eddi l\u1edbn tu\u1ed5i<\/li>\n<li data-start=\"4028\" data-end=\"4053\">Kh\u00f4ng gian d\u00f9ng chung<\/li>\n<\/ul>\n<hr data-start=\"4055\" data-end=\"4058\" \/>\n<h2 data-start=\"4060\" data-end=\"4103\">\u1ee8ng d\u1ee5ng th\u1ef1c t\u1ebf c\u1ee7a lavabo INAX AL-295V<\/h2>\n<h3 data-start=\"4105\" data-end=\"4142\">1. Nh\u00e0 ph\u1ed1 nh\u1ecf \u2013 T\u1ed1i \u01b0u di\u1ec7n t\u00edch<\/h3>\n<p data-start=\"4144\" data-end=\"4177\">V\u1edbi k\u00edch th\u01b0\u1edbc g\u1ecdn, AL-295V gi\u00fap:<\/p>\n<ul data-start=\"4179\" data-end=\"4230\">\n<li data-start=\"4179\" data-end=\"4203\">Ti\u1ebft ki\u1ec7m kh\u00f4ng gian<\/li>\n<li data-start=\"4204\" data-end=\"4230\">Gi\u1eef ph\u00f2ng t\u1eafm g\u1ecdn g\u00e0ng<\/li>\n<\/ul>\n<h3 data-start=\"4232\" data-end=\"4267\">2. C\u0103n h\u1ed9 \u2013 Phong c\u00e1ch t\u1ed1i gi\u1ea3n<\/h3>\n<p data-start=\"4269\" data-end=\"4291\">D\u00e1ng tr\u00f2n c\u1ef1c h\u1ee3p v\u1edbi:<\/p>\n<ul data-start=\"4293\" data-end=\"4336\">\n<li data-start=\"4293\" data-end=\"4307\">Minimalist<\/li>\n<li data-start=\"4308\" data-end=\"4324\">Scandinavian<\/li>\n<li data-start=\"4325\" data-end=\"4336\">Japandi<\/li>\n<\/ul>\n<h3 data-start=\"4338\" data-end=\"4371\">3. Spa \u2013 Homestay \u2013 Kh\u00e1ch s\u1ea1n<\/h3>\n<p data-start=\"4373\" data-end=\"4403\">AL-295V r\u1ea5t \u0111\u01b0\u1ee3c \u01b0a chu\u1ed9ng v\u00ec:<\/p>\n<ul data-start=\"4405\" data-end=\"4482\">\n<li data-start=\"4405\" data-end=\"4427\">Nh\u00ecn sang, tinh t\u1ebf<\/li>\n<li data-start=\"4428\" data-end=\"4448\">D\u1ec5 v\u1ec7 sinh nhanh<\/li>\n<li data-start=\"4449\" data-end=\"4482\">T\u1ea1o tr\u1ea3i nghi\u1ec7m t\u1ed1t cho kh\u00e1ch<\/li>\n<\/ul>\n<hr data-start=\"4484\" data-end=\"4487\" \/>\n<h2 data-start=\"4489\" data-end=\"4522\">G\u1ee3i \u00fd k\u1ebft h\u1ee3p thi\u1ebft b\u1ecb \u0111\u1ed3ng b\u1ed9<\/h2>\n<p data-start=\"4524\" data-end=\"4580\">\u0110\u1ec3 t\u1ed1i \u01b0u c\u00f4ng n\u0103ng v\u00e0 th\u1ea9m m\u1ef9, n\u00ean k\u1ebft h\u1ee3p AL-295V v\u1edbi:<\/p>\n<ul data-start=\"4582\" data-end=\"4672\">\n<li data-start=\"4582\" data-end=\"4613\">V\u00f2i lavabo cao (v\u00f2i c\u1ed5 cao)<\/li>\n<li data-start=\"4614\" data-end=\"4643\">Xi-ph\u00f4ng ch\u1eef P ho\u1eb7c ch\u1eef S<\/li>\n<li data-start=\"4644\" data-end=\"4672\">T\u1ee7 ch\u1eadu treo ho\u1eb7c b\u00e0n \u0111\u00e1<\/li>\n<\/ul>\n<p data-start=\"4674\" data-end=\"4752\">\ud83d\udc49 L\u01b0u \u00fd: v\u00ec l\u00e0 ch\u1eadu \u0111\u1eb7t b\u00e0n n\u00ean <strong data-start=\"4707\" data-end=\"4751\">b\u1eaft bu\u1ed9c d\u00f9ng v\u00f2i cao ho\u1eb7c v\u00f2i g\u1eafn t\u01b0\u1eddng<\/strong>.<\/p>\n<hr data-start=\"4754\" data-end=\"4757\" \/>\n<h2 data-start=\"4759\" data-end=\"4797\">\u01afu \u2013 Nh\u01b0\u1ee3c \u0111i\u1ec3m v\u00e0 \u1ee9ng d\u1ee5ng th\u1ef1c t\u1ebf<\/h2>\n<h3 data-start=\"4799\" data-end=\"4810\">\u01afu \u0111i\u1ec3m<\/h3>\n<ul data-start=\"4812\" data-end=\"5006\">\n<li data-start=\"4812\" data-end=\"4855\">Thi\u1ebft k\u1ebf tr\u00f2n m\u1ec1m m\u1ea1i, d\u1ec5 ph\u1ed1i n\u1ed9i th\u1ea5t<\/li>\n<li data-start=\"4856\" data-end=\"4899\">K\u00edch th\u01b0\u1edbc nh\u1ecf g\u1ecdn, ti\u1ebft ki\u1ec7m di\u1ec7n t\u00edch<\/li>\n<li data-start=\"4900\" data-end=\"4940\">C\u00f4ng ngh\u1ec7 Aqua Ceramic ch\u1ed1ng b\u00e1m b\u1ea9n<\/li>\n<li data-start=\"4941\" data-end=\"4967\">D\u1ec5 v\u1ec7 sinh, \u00edt b\u1ea3o tr\u00ec<\/li>\n<li data-start=\"4968\" data-end=\"5006\">Ph\u00f9 h\u1ee3p nhi\u1ec1u ph\u00e2n kh\u00fac c\u00f4ng tr\u00ecnh<\/li>\n<\/ul>\n<h3 data-start=\"5008\" data-end=\"5022\">Nh\u01b0\u1ee3c \u0111i\u1ec3m<\/h3>\n<ul data-start=\"5024\" data-end=\"5102\">\n<li data-start=\"5024\" data-end=\"5054\">Dung t\u00edch nh\u1ecf h\u01a1n ch\u1eadu l\u1edbn<\/li>\n<li data-start=\"5055\" data-end=\"5102\">C\u1ea7n ch\u1ecdn \u0111\u00fang v\u00f2i cao \u0111\u1ec3 s\u1eed d\u1ee5ng thu\u1eadn ti\u1ec7n<\/li>\n<\/ul>\n<h3 data-start=\"5104\" data-end=\"5124\">\u1ee8ng d\u1ee5ng ph\u00f9 h\u1ee3p<\/h3>\n<ul data-start=\"5126\" data-end=\"5209\">\n<li data-start=\"5126\" data-end=\"5151\">Nh\u00e0 ph\u1ed1 di\u1ec7n t\u00edch nh\u1ecf<\/li>\n<li data-start=\"5152\" data-end=\"5171\">C\u0103n h\u1ed9 chung c\u01b0<\/li>\n<li data-start=\"5172\" data-end=\"5189\">Spa, homestay<\/li>\n<li data-start=\"5190\" data-end=\"5209\">Nh\u00e0 v\u1ec7 sinh ph\u1ee5<\/li>\n<\/ul>\n<hr data-start=\"5211\" data-end=\"5214\" \/>\n<h2 data-start=\"5216\" data-end=\"5257\">V\u00ec sao n\u00ean ch\u1ecdn ch\u1eadu r\u1eeda INAX AL-295V?<\/h2>\n<p data-start=\"5259\" data-end=\"5319\">Trong ph\u00e2n kh\u00fac lavabo \u0111\u1eb7t b\u00e0n nh\u1ecf g\u1ecdn, AL-295V n\u1ed5i b\u1eadt nh\u1edd:<\/p>\n<ul data-start=\"5321\" data-end=\"5443\">\n<li data-start=\"5321\" data-end=\"5365\"><strong data-start=\"5323\" data-end=\"5363\">Thi\u1ebft k\u1ebf tinh t\u1ebf \u2013 d\u1ec5 b\u00e1n, d\u1ec5 t\u01b0 v\u1ea5n<\/strong><\/li>\n<li data-start=\"5366\" data-end=\"5400\"><strong data-start=\"5368\" data-end=\"5398\">C\u00f4ng ngh\u1ec7 men s\u1ee9 v\u01b0\u1ee3t tr\u1ed9i<\/strong><\/li>\n<li data-start=\"5401\" data-end=\"5443\"><strong data-start=\"5403\" data-end=\"5441\">Gi\u00e1 h\u1ee3p l\u00fd so v\u1edbi gi\u00e1 tr\u1ecb mang l\u1ea1i<\/strong><\/li>\n<\/ul>\n<p data-start=\"5445\" data-end=\"5491\">\u0110\u00e2y l\u00e0 l\u1ef1a ch\u1ecdn c\u1ef1c k\u1ef3 ph\u00f9 h\u1ee3p cho kh\u00e1ch h\u00e0ng:<\/p>\n<ul data-start=\"5493\" data-end=\"5573\">\n<li data-start=\"5493\" data-end=\"5525\">Mu\u1ed1n ph\u00f2ng t\u1eafm \u0111\u1eb9p nh\u01b0ng g\u1ecdn<\/li>\n<li data-start=\"5526\" data-end=\"5548\">\u01afu ti\u00ean d\u1ec5 v\u1ec7 sinh<\/li>\n<li data-start=\"5549\" data-end=\"5573\">C\u1ea7n s\u1ea3n ph\u1ea9m b\u1ec1n l\u00e2u<\/li>\n<\/ul>\n<hr data-start=\"5575\" data-end=\"5578\" \/>\n<h2 data-start=\"5580\" data-end=\"5591\">K\u1ebft lu\u1eadn<\/h2>\n<p data-start=\"5593\" data-end=\"5888\"><strong data-start=\"5593\" data-end=\"5633\">Ch\u1eadu r\u1eeda lavabo \u0111\u1eb7t b\u00e0n INAX AL-295V<\/strong> l\u00e0 s\u1ef1 l\u1ef1a ch\u1ecdn ho\u00e0n h\u1ea3o cho nh\u1eefng kh\u00f4ng gian ph\u00f2ng t\u1eafm hi\u1ec7n \u0111\u1ea1i c\u1ea7n s\u1ef1 tinh t\u1ebf v\u00e0 t\u1ed1i gi\u1ea3n. V\u1edbi thi\u1ebft k\u1ebf tr\u00f2n m\u1ec1m m\u1ea1i, k\u00edch th\u01b0\u1edbc nh\u1ecf g\u1ecdn c\u00f9ng c\u00f4ng ngh\u1ec7 Aqua Ceramic ch\u1ed1ng b\u00e1m b\u1ea9n, s\u1ea3n ph\u1ea9m mang l\u1ea1i tr\u1ea3i nghi\u1ec7m s\u1eed d\u1ee5ng ti\u1ec7n nghi v\u00e0 b\u1ec1n b\u1ec9 theo th\u1eddi gian.<\/p>\n<p data-start=\"4866\" data-end=\"4979\"><strong data-start=\"4866\" data-end=\"4917\">Ehrlich Vi\u1ec7t Nam \u2013 Thi\u1ebft B\u1ecb Nh\u00e0 B\u1ebfp &amp; Ph\u00f2ng T\u1eafm<\/strong><br data-start=\"4917\" data-end=\"4920\" \/>\ud83d\udccd\u00a0\u0110\u1ecba ch\u1ec9: S\u1ed1 6 Li\u1ec1n K\u1ec1 22, K\u0110T V\u0103n Kh\u00ea, H\u00e0 \u0110\u00f4ng, H\u00e0 N\u1ed9i<\/p>\n<p data-start=\"4981\" data-end=\"5105\">\ud83c\udf10\u00a0Website:\u00a0<a class=\"decorated-link\" href=\"https:\/\/ehrlichvietnam.vn\/\" target=\"_new\" rel=\"noopener\" data-start=\"4993\" data-end=\"5019\">https:\/\/ehrlichvietnam.vn\/<\/a><br data-start=\"5019\" data-end=\"5022\" \/>\ud83d\udcde\u00a0Hotline:\u00a0<strong data-start=\"5034\" data-end=\"5051\">0932 27 05 20<\/strong><br data-start=\"5051\" data-end=\"5054\" \/>\ud83d\udcac\u00a0Zalo OA:\u00a0<a class=\"decorated-link\" href=\"https:\/\/zalo.me\/s\/2888141157129558325\" target=\"_new\" rel=\"noopener\" data-start=\"5066\" data-end=\"5103\">https:\/\/zalo.me\/s\/2888141157129558325<\/a><\/p>\n<p data-start=\"5107\" data-end=\"5218\">\ud83c\udfa5\u00a0TikTok:\u00a0<a class=\"decorated-link\" href=\"https:\/\/www.tiktok.com\/@ehrlich.chia.s?_r=1\" target=\"_new\" rel=\"noopener\" data-start=\"5118\" data-end=\"5162\">https:\/\/www.tiktok.com\/@ehrlichthietbivesinh<\/a><br data-start=\"5162\" data-end=\"5165\" \/>\u25b6\ufe0f\u00a0YouTube:\u00a0<a class=\"decorated-link\" href=\"https:\/\/www.youtube.com\/@EhrlichVietNam\" target=\"_new\" rel=\"noopener\" data-start=\"5177\" data-end=\"5216\">https:\/\/www.youtube.com\/@EhrlichVietNam<\/a><\/p>\n<p data-start=\"5220\" data-end=\"5265\">\ud83d\ude9a\u00a0Giao h\u00e0ng to\u00e0n qu\u1ed1c \u2013 t\u01b0 v\u1ea5n nhanh ch\u00f3ng<\/p>\n<p data-start=\"5267\" data-end=\"5313\">\ud83d\udc49\u00a0<strong data-start=\"5270\" data-end=\"5313\">Inbox ngay \u0111\u1ec3 nh\u1eadn \u01b0u \u0111\u00e3i th\u00eam h\u00f4m nay!<\/strong><\/p>\n<p data-start=\"4976\" data-end=\"5026\"><strong data-start=\"4979\" data-end=\"5026\">\u00a0<\/strong><\/p>\n","protected":false},"excerpt":{"rendered":"<p>Ch\u1eadu R\u1eeda Lavabo \u0110\u1eb7t B\u00e0n INAX AL-295V \u2013 Thi\u1ebft K\u1ebf Tr\u00f2n Tinh T\u1ebf, Men Aqua Ceramic Ch\u1ed1ng B\u00e1m B\u1ea9n Gi\u1edbi thi\u1ec7u t\u1ed5ng quan ch\u1eadu r\u1eeda INAX AL-295V Trong c\u00e1c thi\u1ebft k\u1ebf ph\u00f2ng t\u1eafm hi\u1ec7n \u0111\u1ea1i, nh\u1eefng m\u1eabu lavabo \u0111\u1eb7t b\u00e0n h\u00ecnh tr\u00f2n \u0111ang tr\u1edf th\u00e0nh xu h\u01b0\u1edbng nh\u1edd s\u1ef1 m\u1ec1m m\u1ea1i, tinh t\u1ebf v\u00e0 d\u1ec5 [&hellip;]<\/p>\n","protected":false},"featured_media":4959,"comment_status":"open","ping_status":"closed","template":"","meta":{"_acf_changed":false},"product_brand":[141],"product_cat":[23,15,136,146],"product_tag":[],"class_list":{"0":"post-4957","1":"product","2":"type-product","3":"status-publish","4":"has-post-thumbnail","6":"product_brand-inax","7":"product_cat-thiet-bi-phong-ve-sinh","8":"product_cat-san-pham","9":"product_cat-thuong-hieu-inax","10":"product_cat-chau-lavabo-inax","12":"first","13":"instock","14":"sale","15":"shipping-taxable","16":"purchasable","17":"product-type-simple"},"acf":[],"_links":{"self":[{"href":"https:\/\/ehrlichvietnam.vn\/en\/wp-json\/wp\/v2\/product\/4957","targetHints":{"allow":["GET"]}}],"collection":[{"href":"https:\/\/ehrlichvietnam.vn\/en\/wp-json\/wp\/v2\/product"}],"about":[{"href":"https:\/\/ehrlichvietnam.vn\/en\/wp-json\/wp\/v2\/types\/product"}],"replies":[{"embeddable":true,"href":"https:\/\/ehrlichvietnam.vn\/en\/wp-json\/wp\/v2\/comments?post=4957"}],"wp:featuredmedia":[{"embeddable":true,"href":"https:\/\/ehrlichvietnam.vn\/en\/wp-json\/wp\/v2\/media\/4959"}],"wp:attachment":[{"href":"https:\/\/ehrlichvietnam.vn\/en\/wp-json\/wp\/v2\/media?parent=4957"}],"wp:term":[{"taxonomy":"product_brand","embeddable":true,"href":"https:\/\/ehrlichvietnam.vn\/en\/wp-json\/wp\/v2\/product_brand?post=4957"},{"taxonomy":"product_cat","embeddable":true,"href":"https:\/\/ehrlichvietnam.vn\/en\/wp-json\/wp\/v2\/product_cat?post=4957"},{"taxonomy":"product_tag","embeddable":true,"href":"https:\/\/ehrlichvietnam.vn\/en\/wp-json\/wp\/v2\/product_tag?post=4957"}],"curies":[{"name":"wp","href":"https:\/\/api.w.org\/{rel}","templated":true}]}}