{"id":4943,"date":"2026-04-17T08:55:27","date_gmt":"2026-04-17T08:55:27","guid":{"rendered":"https:\/\/ehrlichvietnam.vn\/?post_type=product&#038;p=4943"},"modified":"2026-04-17T09:00:43","modified_gmt":"2026-04-17T09:00:43","slug":"sen-voi-inax-bfv-1403s-3c-nong-lanh-massage-5-che-do","status":"publish","type":"product","link":"https:\/\/ehrlichvietnam.vn\/sen-voi-inax-bfv-1403s-3c-nong-lanh-massage-5-che-do\/","title":{"rendered":"Sen v\u00f2i Inax BFV-1403S-3C N\u00f3ng L\u1ea1nh Massage 5 Ch\u1ebf \u0110\u1ed9"},"content":{"rendered":"<h1 data-start=\"149\" data-end=\"236\">Sen T\u1eafm INAX BFV-1403S-3C N\u00f3ng L\u1ea1nh \u2013 Gi\u1ea3i Ph\u00e1p T\u1eafm Hi\u1ec7n \u0110\u1ea1i, B\u1ec1n B\u1ec9 Cho M\u1ecdi Gia \u0110\u00ecnh<\/h1>\n<h2 data-start=\"238\" data-end=\"277\">Gi\u1edbi thi\u1ec7u sen t\u1eafm INAX BFV-1403S-3C<\/h2>\n<p data-start=\"279\" data-end=\"499\">V\u00f2i sen t\u1eafm <span class=\"hover:entity-accent entity-underline inline cursor-pointer align-baseline\"><span class=\"whitespace-normal\">INAX<\/span><\/span> <strong data-start=\"329\" data-end=\"355\">BFV-1403S-3C n\u00f3ng l\u1ea1nh<\/strong> l\u00e0 d\u00f2ng s\u1ea3n ph\u1ea9m cao c\u1ea5p \u0111\u01b0\u1ee3c thi\u1ebft k\u1ebf d\u00e0nh cho nh\u1eefng kh\u00f4ng gian ph\u00f2ng t\u1eafm hi\u1ec7n \u0111\u1ea1i, n\u01a1i \u0111\u1ec1 cao s\u1ef1 ti\u1ec7n nghi, \u0111\u1ed9 b\u1ec1n v\u00e0 tr\u1ea3i nghi\u1ec7m ng\u01b0\u1eddi d\u00f9ng.<\/p>\n<p data-start=\"501\" data-end=\"688\">V\u1edbi thi\u1ebft k\u1ebf t\u1ed1i gi\u1ea3n, t\u00edch h\u1ee3p tay sen massage 5 ch\u1ebf \u0111\u1ed9 c\u00f9ng h\u1ec7 van ceramic b\u1ec1n b\u1ec9, s\u1ea3n ph\u1ea9m kh\u00f4ng ch\u1ec9 \u0111\u00e1p \u1ee9ng nhu c\u1ea7u s\u1eed d\u1ee5ng h\u00e0ng ng\u00e0y m\u00e0 c\u00f2n n\u00e2ng t\u1ea7m tr\u1ea3i nghi\u1ec7m t\u1eafm cho gia \u0111\u00ecnh b\u1ea1n.<\/p>\n<p data-start=\"690\" data-end=\"719\">\u0110\u00e2y l\u00e0 l\u1ef1a ch\u1ecdn l\u00fd t\u01b0\u1edfng cho:<\/p>\n<ul data-start=\"720\" data-end=\"837\">\n<li data-start=\"720\" data-end=\"748\">Nh\u00e0 ph\u1ed1, c\u0103n h\u1ed9 chung c\u01b0<\/li>\n<li data-start=\"749\" data-end=\"783\">Ph\u00f2ng t\u1eafm di\u1ec7n t\u00edch v\u1eeba v\u00e0 nh\u1ecf<\/li>\n<li data-start=\"784\" data-end=\"837\">C\u00f4ng tr\u00ecnh c\u1ea7n s\u1ea3n ph\u1ea9m b\u1ec1n \u2013 d\u1ec5 l\u1eafp \u2013 d\u1ec5 s\u1eed d\u1ee5ng<\/li>\n<\/ul>\n<p><img decoding=\"async\" src=\"https:\/\/www.tdm.vn\/image\/catalog\/products\/product_bfv-1403s-3c\/ban-ve-sen-inax-bfv-1403s-3c.jpg\" \/><\/p>\n<hr data-start=\"839\" data-end=\"842\" \/>\n<h2 data-start=\"844\" data-end=\"889\">Thi\u1ebft k\u1ebf hi\u1ec7n \u0111\u1ea1i \u2013 T\u1ed1i gi\u1ea3n nh\u01b0ng tinh t\u1ebf<\/h2>\n<p data-start=\"891\" data-end=\"1020\">Sen t\u1eafm INAX BFV-1403S-3C mang phong c\u00e1ch thi\u1ebft k\u1ebf \u0111\u1eb7c tr\u01b0ng c\u1ee7a Nh\u1eadt B\u1ea3n: \u0111\u01a1n gi\u1ea3n, tinh g\u1ecdn nh\u01b0ng v\u1eabn \u0111\u1ea3m b\u1ea3o t\u00ednh th\u1ea9m m\u1ef9 cao.<\/p>\n<h3 data-start=\"1022\" data-end=\"1054\">\u0110i\u1ec3m n\u1ed5i b\u1eadt trong thi\u1ebft k\u1ebf:<\/h3>\n<ul data-start=\"1055\" data-end=\"1189\">\n<li data-start=\"1055\" data-end=\"1103\">Ki\u1ec3u d\u00e1ng g\u1ecdn g\u00e0ng, ph\u00f9 h\u1ee3p nhi\u1ec1u kh\u00f4ng gian<\/li>\n<li data-start=\"1104\" data-end=\"1142\">Tay sen thi\u1ebft k\u1ebf ch\u1eafc ch\u1eafn, d\u1ec5 c\u1ea7m<\/li>\n<li data-start=\"1143\" data-end=\"1189\">B\u1ec1 m\u1eb7t m\u1ea1 <strong data-start=\"1155\" data-end=\"1177\">Crom\/Niken (Cr-Ni)<\/strong> s\u00e1ng b\u00f3ng<\/li>\n<\/ul>\n<p data-start=\"1191\" data-end=\"1214\">\ud83d\udc49 D\u1ec5 d\u00e0ng k\u1ebft h\u1ee3p v\u1edbi:<\/p>\n<ul data-start=\"1215\" data-end=\"1303\">\n<li data-start=\"1215\" data-end=\"1237\">Ph\u00f2ng t\u1eafm hi\u1ec7n \u0111\u1ea1i<\/li>\n<li data-start=\"1238\" data-end=\"1263\">Phong c\u00e1ch Minimalism<\/li>\n<li data-start=\"1264\" data-end=\"1303\">Kh\u00f4ng gian nh\u1ecf c\u1ea7n t\u1ed1i \u01b0u di\u1ec7n t\u00edch<\/li>\n<\/ul>\n<hr data-start=\"1305\" data-end=\"1308\" \/>\n<h2 data-start=\"1310\" data-end=\"1380\">Tay sen massage 5 ch\u1ebf \u0111\u1ed9 \u2013 T\u1eafm kh\u00f4ng ch\u1ec9 \u0111\u1ec3 s\u1ea1ch m\u00e0 c\u00f2n \u0111\u1ec3 th\u01b0 gi\u00e3n<\/h2>\n<p data-start=\"1382\" data-end=\"1497\">M\u1ed9t trong nh\u1eefng \u0111i\u1ec3m m\u1ea1nh c\u1ee7a BFV-1403S-3C ch\u00ednh l\u00e0 <strong data-start=\"1434\" data-end=\"1462\">tay sen 5 ch\u1ebf \u0111\u1ed9 massage<\/strong>, gi\u00fap c\u00e1 nh\u00e2n h\u00f3a tr\u1ea3i nghi\u1ec7m t\u1eafm.<\/p>\n<h3 data-start=\"1499\" data-end=\"1523\">C\u00e1c ch\u1ebf \u0111\u1ed9 ph\u1ed5 bi\u1ebfn:<\/h3>\n<ul data-start=\"1524\" data-end=\"1674\">\n<li data-start=\"1524\" data-end=\"1557\">Tia n\u01b0\u1edbc nh\u1eb9 nh\u00e0ng \u2013 th\u01b0 gi\u00e3n<\/li>\n<li data-start=\"1558\" data-end=\"1585\">Tia m\u1ea1nh \u2013 l\u00e0m s\u1ea1ch s\u00e2u<\/li>\n<li data-start=\"1586\" data-end=\"1620\">Massage \u2013 k\u00edch th\u00edch tu\u1ea7n ho\u00e0n<\/li>\n<li data-start=\"1621\" data-end=\"1655\">K\u1ebft h\u1ee3p \u2013 c\u00e2n b\u1eb1ng tr\u1ea3i nghi\u1ec7m<\/li>\n<li data-start=\"1656\" data-end=\"1674\">Ti\u1ebft ki\u1ec7m n\u01b0\u1edbc<\/li>\n<\/ul>\n<p data-start=\"1676\" data-end=\"1729\">\ud83d\udc49 Ng\u01b0\u1eddi d\u00f9ng c\u00f3 th\u1ec3 linh ho\u1ea1t l\u1ef1a ch\u1ecdn theo nhu c\u1ea7u:<\/p>\n<ul data-start=\"1730\" data-end=\"1806\">\n<li data-start=\"1730\" data-end=\"1753\">T\u1eafm nhanh bu\u1ed5i s\u00e1ng<\/li>\n<li data-start=\"1754\" data-end=\"1779\">Th\u01b0 gi\u00e3n sau ng\u00e0y d\u00e0i<\/li>\n<li data-start=\"1780\" data-end=\"1806\">Massage nh\u1eb9 cho c\u01a1 th\u1ec3<\/li>\n<\/ul>\n<hr data-start=\"1808\" data-end=\"1811\" \/>\n<h2 data-start=\"1813\" data-end=\"1859\">Ho\u1ea1t \u0111\u1ed9ng \u1ed5n \u0111\u1ecbnh v\u1edbi nhi\u1ec1u m\u1ee9c \u00e1p l\u1ef1c n\u01b0\u1edbc<\/h2>\n<p data-start=\"1861\" data-end=\"1931\">BFV-1403S-3C \u0111\u01b0\u1ee3c thi\u1ebft k\u1ebf ph\u00f9 h\u1ee3p v\u1edbi \u0111i\u1ec1u ki\u1ec7n th\u1ef1c t\u1ebf t\u1ea1i Vi\u1ec7t Nam:<\/p>\n<ul data-start=\"1933\" data-end=\"2014\">\n<li data-start=\"1933\" data-end=\"1977\">D\u1ea3i \u00e1p l\u1ef1c n\u01b0\u1edbc: <strong data-start=\"1952\" data-end=\"1975\">0.05 MPa \u2013 0.75 MPa<\/strong><\/li>\n<li data-start=\"1978\" data-end=\"2014\">Ho\u1ea1t \u0111\u1ed9ng t\u1ed1t c\u1ea3 khi \u00e1p l\u1ef1c th\u1ea5p<\/li>\n<\/ul>\n<p data-start=\"2016\" data-end=\"2042\">\ud83d\udc49 \u0110\u00e2y l\u00e0 l\u1ee3i th\u1ebf l\u1edbn khi:<\/p>\n<ul data-start=\"2043\" data-end=\"2124\">\n<li data-start=\"2043\" data-end=\"2080\">Nh\u00e0 ph\u1ed1 th\u01b0\u1eddng c\u00f3 \u00e1p l\u1ef1c n\u01b0\u1edbc y\u1ebfu<\/li>\n<li data-start=\"2081\" data-end=\"2124\">Chung c\u01b0 c\u00f3 h\u1ec7 th\u1ed1ng n\u01b0\u1edbc kh\u00f4ng \u1ed5n \u0111\u1ecbnh<\/li>\n<\/ul>\n<hr data-start=\"2126\" data-end=\"2129\" \/>\n<h2 data-start=\"2131\" data-end=\"2175\">Van ceramic cao c\u1ea5p \u2013 Tr\u00e1i tim c\u1ee7a \u0111\u1ed9 b\u1ec1n<\/h2>\n<h3 data-start=\"2177\" data-end=\"2217\">L\u00f5i van \u0111i\u1ec1u khi\u1ec3n b\u1eb1ng ceramic (s\u1ee9)<\/h3>\n<ul data-start=\"2218\" data-end=\"2311\">\n<li data-start=\"2218\" data-end=\"2250\">\u0110\u1ed9 b\u1ec1n cao, ch\u1ecbu m\u00e0i m\u00f2n t\u1ed1t<\/li>\n<li data-start=\"2251\" data-end=\"2281\">\u0110\u00f3ng m\u1edf m\u01b0\u1ee3t m\u00e0, kh\u00f4ng k\u1eb9t<\/li>\n<li data-start=\"2282\" data-end=\"2311\">Ch\u1ed1ng r\u00f2 r\u1ec9 n\u01b0\u1edbc hi\u1ec7u qu\u1ea3<\/li>\n<\/ul>\n<p data-start=\"2313\" data-end=\"2401\">\ud83d\udc49 So v\u1edbi van th\u01b0\u1eddng, van ceramic c\u00f3 tu\u1ed5i th\u1ecd cao h\u01a1n nhi\u1ec1u l\u1ea7n \u2192 gi\u1ea3m chi ph\u00ed s\u1eeda ch\u1eefa.<\/p>\n<hr data-start=\"2403\" data-end=\"2406\" \/>\n<h2 data-start=\"2408\" data-end=\"2454\">C\u00f4ng ngh\u1ec7 ti\u1ebft ki\u1ec7m n\u01b0\u1edbc \u2013 Hi\u1ec7u qu\u1ea3 d\u00e0i l\u00e2u<\/h2>\n<p data-start=\"2456\" data-end=\"2518\">Sen t\u1eafm INAX BFV-1403S-3C \u0111\u01b0\u1ee3c thi\u1ebft k\u1ebf t\u1ed1i \u01b0u l\u01b0u l\u01b0\u1ee3ng n\u01b0\u1edbc:<\/p>\n<ul data-start=\"2520\" data-end=\"2639\">\n<li data-start=\"2520\" data-end=\"2552\">Tay v\u1eb7n \u0111i\u1ec1u ch\u1ec9nh ch\u00ednh x\u00e1c<\/li>\n<li data-start=\"2553\" data-end=\"2585\">Tia n\u01b0\u1edbc \u0111\u01b0\u1ee3c ph\u00e2n b\u1ed5 h\u1ee3p l\u00fd<\/li>\n<li data-start=\"2586\" data-end=\"2639\">Gi\u1ea3m l\u01b0\u1ee3ng n\u01b0\u1edbc ti\u00eau th\u1ee5 nh\u01b0ng v\u1eabn \u0111\u1ea3m b\u1ea3o \u00e1p l\u1ef1c<\/li>\n<\/ul>\n<p data-start=\"2641\" data-end=\"2713\">\ud83d\udc49 Ph\u00f9 h\u1ee3p xu h\u01b0\u1edbng:<br \/>\n<strong data-start=\"2662\" data-end=\"2713\">Ti\u1ebft ki\u1ec7m \u2013 b\u1ec1n v\u1eefng \u2013 t\u1ed1i \u01b0u chi ph\u00ed sinh ho\u1ea1t<\/strong><\/p>\n<hr data-start=\"2715\" data-end=\"2718\" \/>\n<h2 data-start=\"2720\" data-end=\"2757\">Ch\u1ea5t li\u1ec7u cao c\u1ea5p \u2013 Chu\u1ea9n Nh\u1eadt B\u1ea3n<\/h2>\n<h3 data-start=\"2759\" data-end=\"2788\">L\u1edbp m\u1ea1 Crom\/Niken (Cr-Ni)<\/h3>\n<ul data-start=\"2789\" data-end=\"2875\">\n<li data-start=\"2789\" data-end=\"2826\">Ch\u1ed1ng oxy h\u00f3a trong m\u00f4i tr\u01b0\u1eddng \u1ea9m<\/li>\n<li data-start=\"2827\" data-end=\"2846\">H\u1ea1n ch\u1ebf b\u00e1m b\u1ea9n<\/li>\n<li data-start=\"2847\" data-end=\"2875\">Gi\u1eef \u0111\u1ed9 s\u00e1ng b\u00f3ng l\u00e2u d\u00e0i<\/li>\n<\/ul>\n<h3 data-start=\"2877\" data-end=\"2915\">V\u1eadt li\u1ec7u \u00edt ch\u00ec \u2013 an to\u00e0n s\u1ee9c kh\u1ecfe<\/h3>\n<ul data-start=\"2916\" data-end=\"2979\">\n<li data-start=\"2916\" data-end=\"2946\">\u0110\u00e1p \u1ee9ng ti\u00eau chu\u1ea9n an to\u00e0n<\/li>\n<li data-start=\"2947\" data-end=\"2979\">Th\u00e2n thi\u1ec7n v\u1edbi ng\u01b0\u1eddi s\u1eed d\u1ee5ng<\/li>\n<\/ul>\n<p data-start=\"2981\" data-end=\"3059\">\ud83d\udc49 \u0110\u00e2y l\u00e0 y\u1ebfu t\u1ed1 ng\u00e0y c\u00e0ng \u0111\u01b0\u1ee3c kh\u00e1ch h\u00e0ng quan t\u00e2m khi ch\u1ecdn thi\u1ebft b\u1ecb v\u1ec7 sinh.<\/p>\n<hr data-start=\"3061\" data-end=\"3064\" \/>\n<h2 data-start=\"3066\" data-end=\"3092\">D\u1ec5 l\u1eafp \u0111\u1eb7t \u2013 D\u1ec5 s\u1eed d\u1ee5ng<\/h2>\n<p data-start=\"3094\" data-end=\"3147\">BFV-1403S-3C \u0111\u01b0\u1ee3c thi\u1ebft k\u1ebf th\u00e2n thi\u1ec7n v\u1edbi ng\u01b0\u1eddi d\u00f9ng:<\/p>\n<ul data-start=\"3149\" data-end=\"3253\">\n<li data-start=\"3149\" data-end=\"3172\">L\u1eafp \u0111\u1eb7t nhanh ch\u00f3ng<\/li>\n<li data-start=\"3173\" data-end=\"3212\">T\u01b0\u01a1ng th\u00edch nhi\u1ec1u h\u1ec7 th\u1ed1ng c\u1ea5p n\u01b0\u1edbc<\/li>\n<li data-start=\"3213\" data-end=\"3253\">Thao t\u00e1c \u0111\u01a1n gi\u1ea3n, ai c\u0169ng d\u00f9ng \u0111\u01b0\u1ee3c<\/li>\n<\/ul>\n<p data-start=\"3255\" data-end=\"3266\">\ud83d\udc49 Ph\u00f9 h\u1ee3p:<\/p>\n<ul data-start=\"3267\" data-end=\"3332\">\n<li data-start=\"3267\" data-end=\"3279\">Gia \u0111\u00ecnh<\/li>\n<li data-start=\"3280\" data-end=\"3298\">Ng\u01b0\u1eddi l\u1edbn tu\u1ed5i<\/li>\n<li data-start=\"3299\" data-end=\"3332\">C\u00f4ng tr\u00ecnh c\u1ea7n thi c\u00f4ng nhanh<\/li>\n<\/ul>\n<hr data-start=\"3334\" data-end=\"3337\" \/>\n<h2 data-start=\"3339\" data-end=\"3376\">\u01afu \u2013 Nh\u01b0\u1ee3c \u0111i\u1ec3m &amp; \u1ee8ng d\u1ee5ng th\u1ef1c t\u1ebf<\/h2>\n<h3 data-start=\"3378\" data-end=\"3389\">\u01afu \u0111i\u1ec3m<\/h3>\n<ul data-start=\"3390\" data-end=\"3528\">\n<li data-start=\"3390\" data-end=\"3424\">Thi\u1ebft k\u1ebf \u0111\u1eb9p, d\u1ec5 ph\u1ed1i n\u1ed9i th\u1ea5t<\/li>\n<li data-start=\"3425\" data-end=\"3455\">Tay sen 5 ch\u1ebf \u0111\u1ed9 linh ho\u1ea1t<\/li>\n<li data-start=\"3456\" data-end=\"3478\">Van ceramic b\u1ec1n b\u1ec9<\/li>\n<li data-start=\"3479\" data-end=\"3497\">Ti\u1ebft ki\u1ec7m n\u01b0\u1edbc<\/li>\n<li data-start=\"3498\" data-end=\"3528\">Gi\u00e1 h\u1ee3p l\u00fd trong ph\u00e2n kh\u00fac<\/li>\n<\/ul>\n<h3 data-start=\"3530\" data-end=\"3544\">Nh\u01b0\u1ee3c \u0111i\u1ec3m<\/h3>\n<ul data-start=\"3545\" data-end=\"3630\">\n<li data-start=\"3545\" data-end=\"3581\">Kh\u00f4ng c\u00f3 c\u00f4ng ngh\u1ec7 \u1ed5n \u0111\u1ecbnh nhi\u1ec7t<\/li>\n<li data-start=\"3582\" data-end=\"3630\">Kh\u00f4ng ph\u1ea3i d\u00f2ng sen c\u00e2y (thi\u1ebfu b\u00e1t sen tr\u1ea7n)<\/li>\n<\/ul>\n<hr data-start=\"3632\" data-end=\"3635\" \/>\n<h3 data-start=\"3637\" data-end=\"3657\">\u1ee8ng d\u1ee5ng th\u1ef1c t\u1ebf<\/h3>\n<p data-start=\"3659\" data-end=\"3680\">S\u1ea3n ph\u1ea9m ph\u00f9 h\u1ee3p v\u1edbi:<\/p>\n<ul data-start=\"3681\" data-end=\"3772\">\n<li data-start=\"3681\" data-end=\"3710\">Nh\u00e0 ph\u1ed1, c\u0103n h\u1ed9 t\u1ea7m trung<\/li>\n<li data-start=\"3711\" data-end=\"3738\">Ph\u00f2ng t\u1eafm di\u1ec7n t\u00edch nh\u1ecf<\/li>\n<li data-start=\"3739\" data-end=\"3772\">C\u00f4ng tr\u00ecnh c\u1ea7n t\u1ed1i \u01b0u chi ph\u00ed<\/li>\n<\/ul>\n<p data-start=\"3774\" data-end=\"3838\">\ud83d\udc49 N\u1ebfu kh\u00e1ch kh\u00f4ng c\u1ea7n sen c\u00e2y \u2192 \u0111\u00e2y l\u00e0 l\u1ef1a ch\u1ecdn <strong data-start=\"3823\" data-end=\"3837\">r\u1ea5t d\u1ec5 b\u00e1n<\/strong>.<\/p>\n<hr data-start=\"3840\" data-end=\"3843\" \/>\n<h2 data-start=\"3845\" data-end=\"3886\">So s\u00e1nh nhanh: BFV-1403S-3C vs sen c\u00e2y<\/h2>\n<div class=\"TyagGW_tableContainer\">\n<div class=\"group TyagGW_tableWrapper flex flex-col-reverse w-fit\" tabindex=\"-1\">\n<table class=\"w-fit min-w-(--thread-content-width)\" data-start=\"3888\" data-end=\"4092\">\n<thead data-start=\"3888\" data-end=\"3925\">\n<tr data-start=\"3888\" data-end=\"3925\">\n<th class=\"\" data-start=\"3888\" data-end=\"3899\" data-col-size=\"sm\">Ti\u00eau ch\u00ed<\/th>\n<th class=\"\" data-start=\"3899\" data-end=\"3914\" data-col-size=\"sm\">BFV-1403S-3C<\/th>\n<th class=\"\" data-start=\"3914\" data-end=\"3925\" data-col-size=\"sm\">Sen c\u00e2y<\/th>\n<\/tr>\n<\/thead>\n<tbody data-start=\"3962\" data-end=\"4092\">\n<tr data-start=\"3962\" data-end=\"3999\">\n<td data-start=\"3962\" data-end=\"3973\" data-col-size=\"sm\">Thi\u1ebft k\u1ebf<\/td>\n<td data-start=\"3973\" data-end=\"3984\" data-col-size=\"sm\">G\u1ecdn g\u00e0ng<\/td>\n<td data-start=\"3984\" data-end=\"3999\" data-col-size=\"sm\">Cao c\u1ea5p h\u01a1n<\/td>\n<\/tr>\n<tr data-start=\"4000\" data-end=\"4031\">\n<td data-start=\"4000\" data-end=\"4014\" data-col-size=\"sm\">Tr\u1ea3i nghi\u1ec7m<\/td>\n<td data-start=\"4014\" data-end=\"4020\" data-col-size=\"sm\">T\u1ed1t<\/td>\n<td data-start=\"4020\" data-end=\"4031\" data-col-size=\"sm\">Cao h\u01a1n<\/td>\n<\/tr>\n<tr data-start=\"4032\" data-end=\"4060\">\n<td data-start=\"4032\" data-end=\"4038\" data-col-size=\"sm\">Gi\u00e1<\/td>\n<td data-start=\"4038\" data-end=\"4049\" data-col-size=\"sm\">Th\u1ea5p h\u01a1n<\/td>\n<td data-start=\"4049\" data-end=\"4060\" data-col-size=\"sm\">Cao h\u01a1n<\/td>\n<\/tr>\n<tr data-start=\"4061\" data-end=\"4092\">\n<td data-start=\"4061\" data-end=\"4071\" data-col-size=\"sm\">L\u1eafp \u0111\u1eb7t<\/td>\n<td data-start=\"4071\" data-end=\"4076\" data-col-size=\"sm\">D\u1ec5<\/td>\n<td data-start=\"4076\" data-end=\"4092\" data-col-size=\"sm\">Ph\u1ee9c t\u1ea1p h\u01a1n<\/td>\n<\/tr>\n<\/tbody>\n<\/table>\n<\/div>\n<\/div>\n<p data-start=\"4094\" data-end=\"4124\">\ud83d\udc49 BFV-1403S-3C ph\u00f9 h\u1ee3p kh\u00e1ch:<\/p>\n<ul data-start=\"4125\" data-end=\"4208\">\n<li data-start=\"4125\" data-end=\"4151\">Mu\u1ed1n ti\u1ebft ki\u1ec7m chi ph\u00ed<\/li>\n<li data-start=\"4152\" data-end=\"4178\">Kh\u00f4ng c\u1ea7n b\u00e1t sen tr\u1ea7n<\/li>\n<li data-start=\"4179\" data-end=\"4208\">\u01afu ti\u00ean \u0111\u01a1n gi\u1ea3n, d\u1ec5 d\u00f9ng<\/li>\n<\/ul>\n<hr data-start=\"4366\" data-end=\"4369\" \/>\n<h2 data-start=\"4371\" data-end=\"4410\">K\u1ebft lu\u1eadn \u2013 C\u00f3 n\u00ean ch\u1ecdn BFV-1403S-3C?<\/h2>\n<p data-start=\"4412\" data-end=\"4444\">N\u1ebfu anh \u0111ang t\u00ecm m\u1ed9t b\u1ed9 sen t\u1eafm:<\/p>\n<ul data-start=\"4445\" data-end=\"4534\">\n<li data-start=\"4445\" data-end=\"4459\">Gi\u00e1 h\u1ee3p l\u00fd<\/li>\n<li data-start=\"4460\" data-end=\"4483\">B\u1ec1n b\u1ec9, \u00edt h\u1ecfng v\u1eb7t<\/li>\n<li data-start=\"4484\" data-end=\"4503\">D\u1ec5 l\u1eafp, d\u1ec5 d\u00f9ng<\/li>\n<li data-start=\"4504\" data-end=\"4534\">\u0110\u00e1p \u1ee9ng t\u1ed1t nhu c\u1ea7u c\u01a1 b\u1ea3n<\/li>\n<\/ul>\n<p data-start=\"4536\" data-end=\"4631\">\ud83d\udc49 <strong data-start=\"4539\" data-end=\"4631\">INAX BFV-1403S-3C l\u00e0 l\u1ef1a ch\u1ecdn c\u1ef1c k\u1ef3 \u0111\u00e1ng c\u00e2n nh\u1eafc trong ph\u00e2n kh\u00fac ph\u1ed5 th\u00f4ng \u2013 trung c\u1ea5p<\/strong><\/p>\n<p data-start=\"4866\" data-end=\"4979\">\ud83d\udccd\u00a0\u0110\u1ecba ch\u1ec9: S\u1ed1 6 Li\u1ec1n K\u1ec1 22, K\u0110T V\u0103n Kh\u00ea, H\u00e0 \u0110\u00f4ng, H\u00e0 N\u1ed9i<\/p>\n<p data-start=\"4981\" data-end=\"5105\">\ud83c\udf10\u00a0Website:\u00a0<a class=\"decorated-link\" href=\"https:\/\/ehrlichvietnam.vn\/\" target=\"_new\" rel=\"noopener\" data-start=\"4993\" data-end=\"5019\">https:\/\/ehrlichvietnam.vn\/<\/a><br data-start=\"5019\" data-end=\"5022\" \/>\ud83d\udcde\u00a0Hotline:\u00a0<strong data-start=\"5034\" data-end=\"5051\">0932 27 05 20<\/strong><br data-start=\"5051\" data-end=\"5054\" \/>\ud83d\udcac\u00a0Zalo OA:\u00a0<a class=\"decorated-link\" href=\"https:\/\/zalo.me\/s\/2888141157129558325\" target=\"_new\" rel=\"noopener\" data-start=\"5066\" data-end=\"5103\">https:\/\/zalo.me\/s\/2888141157129558325<\/a><\/p>\n<p data-start=\"5107\" data-end=\"5218\">\ud83c\udfa5\u00a0TikTok:\u00a0<a class=\"decorated-link\" href=\"https:\/\/www.tiktok.com\/@ehrlich.chia.s?_r=1\" target=\"_new\" rel=\"noopener\" data-start=\"5118\" data-end=\"5162\">https:\/\/www.tiktok.com\/@ehrlichthietbivesinh<\/a><br data-start=\"5162\" data-end=\"5165\" \/>\u25b6\ufe0f\u00a0YouTube:\u00a0<a class=\"decorated-link\" href=\"https:\/\/www.youtube.com\/@EhrlichVietNam\" target=\"_new\" rel=\"noopener\" data-start=\"5177\" data-end=\"5216\">https:\/\/www.youtube.com\/@EhrlichVietNam<\/a><\/p>\n<p data-start=\"5220\" data-end=\"5265\">\ud83d\ude9a\u00a0Giao h\u00e0ng to\u00e0n qu\u1ed1c \u2013 t\u01b0 v\u1ea5n nhanh ch\u00f3ng<\/p>\n<p data-start=\"5267\" data-end=\"5313\">\ud83d\udc49\u00a0<strong data-start=\"5270\" data-end=\"5313\">Inbox ngay \u0111\u1ec3 nh\u1eadn \u01b0u \u0111\u00e3i th\u00eam h\u00f4m nay!<\/strong><\/p>\n","protected":false},"excerpt":{"rendered":"<p>Sen T\u1eafm INAX BFV-1403S-3C N\u00f3ng L\u1ea1nh \u2013 Gi\u1ea3i Ph\u00e1p T\u1eafm Hi\u1ec7n \u0110\u1ea1i, B\u1ec1n B\u1ec9 Cho M\u1ecdi Gia \u0110\u00ecnh Gi\u1edbi thi\u1ec7u sen t\u1eafm INAX BFV-1403S-3C V\u00f2i sen t\u1eafm INAX BFV-1403S-3C n\u00f3ng l\u1ea1nh l\u00e0 d\u00f2ng s\u1ea3n ph\u1ea9m cao c\u1ea5p \u0111\u01b0\u1ee3c thi\u1ebft k\u1ebf d\u00e0nh cho nh\u1eefng kh\u00f4ng gian ph\u00f2ng t\u1eafm hi\u1ec7n \u0111\u1ea1i, n\u01a1i \u0111\u1ec1 cao s\u1ef1 ti\u1ec7n nghi, [&hellip;]<\/p>\n","protected":false},"featured_media":4944,"comment_status":"open","ping_status":"closed","template":"","meta":{"_acf_changed":false},"product_brand":[141],"product_cat":[23,15,136,147],"product_tag":[],"class_list":{"0":"post-4943","1":"product","2":"type-product","3":"status-publish","4":"has-post-thumbnail","6":"product_brand-inax","7":"product_cat-thiet-bi-phong-ve-sinh","8":"product_cat-san-pham","9":"product_cat-thuong-hieu-inax","10":"product_cat-sen-tam-inax","12":"first","13":"instock","14":"shipping-taxable","15":"product-type-simple"},"acf":[],"_links":{"self":[{"href":"https:\/\/ehrlichvietnam.vn\/en\/wp-json\/wp\/v2\/product\/4943","targetHints":{"allow":["GET"]}}],"collection":[{"href":"https:\/\/ehrlichvietnam.vn\/en\/wp-json\/wp\/v2\/product"}],"about":[{"href":"https:\/\/ehrlichvietnam.vn\/en\/wp-json\/wp\/v2\/types\/product"}],"replies":[{"embeddable":true,"href":"https:\/\/ehrlichvietnam.vn\/en\/wp-json\/wp\/v2\/comments?post=4943"}],"wp:featuredmedia":[{"embeddable":true,"href":"https:\/\/ehrlichvietnam.vn\/en\/wp-json\/wp\/v2\/media\/4944"}],"wp:attachment":[{"href":"https:\/\/ehrlichvietnam.vn\/en\/wp-json\/wp\/v2\/media?parent=4943"}],"wp:term":[{"taxonomy":"product_brand","embeddable":true,"href":"https:\/\/ehrlichvietnam.vn\/en\/wp-json\/wp\/v2\/product_brand?post=4943"},{"taxonomy":"product_cat","embeddable":true,"href":"https:\/\/ehrlichvietnam.vn\/en\/wp-json\/wp\/v2\/product_cat?post=4943"},{"taxonomy":"product_tag","embeddable":true,"href":"https:\/\/ehrlichvietnam.vn\/en\/wp-json\/wp\/v2\/product_tag?post=4943"}],"curies":[{"name":"wp","href":"https:\/\/api.w.org\/{rel}","templated":true}]}}