{"id":4914,"date":"2026-04-17T04:44:11","date_gmt":"2026-04-17T04:44:11","guid":{"rendered":"https:\/\/ehrlichvietnam.vn\/?post_type=product&#038;p=4914"},"modified":"2026-04-17T07:40:00","modified_gmt":"2026-04-17T07:40:00","slug":"sen-tam-nhiet-do-bfv-3413t-3c-cao-cap-2","status":"publish","type":"product","link":"https:\/\/ehrlichvietnam.vn\/sen-tam-nhiet-do-bfv-636t-cao-cap\/","title":{"rendered":"Sen T\u1eafm Nhi\u1ec7t \u0110\u1ed9 Inax BFV-636T Cao C\u1ea5p"},"content":{"rendered":"<h1 data-start=\"142\" data-end=\"220\">Sen T\u1eafm Nhi\u1ec7t \u0110\u1ed9 INAX BFV-636T \u2013 Gi\u1ea3i Ph\u00e1p T\u1eafm An To\u00e0n, Ti\u1ec7n Nghi Chu\u1ea9n Nh\u1eadt<\/h1>\n<h2 data-start=\"222\" data-end=\"266\">Gi\u1edbi thi\u1ec7u sen t\u1eafm nhi\u1ec7t \u0111\u1ed9 INAX BFV-636T<\/h2>\n<p data-start=\"268\" data-end=\"471\">Sen t\u1eafm nhi\u1ec7t \u0111\u1ed9 <span class=\"hover:entity-accent entity-underline inline cursor-pointer align-baseline\"><span class=\"whitespace-normal\">INAX<\/span><\/span> BFV-636T l\u00e0 d\u00f2ng s\u1ea3n ph\u1ea9m cao c\u1ea5p \u0111\u01b0\u1ee3c thi\u1ebft k\u1ebf d\u00e0nh ri\u00eang cho nh\u1eefng kh\u00f4ng gian ph\u00f2ng t\u1eafm hi\u1ec7n \u0111\u1ea1i, \u0111\u1ec1 cao tr\u1ea3i nghi\u1ec7m ng\u01b0\u1eddi d\u00f9ng v\u00e0 y\u1ebfu t\u1ed1 an to\u00e0n.<\/p>\n<p data-start=\"473\" data-end=\"669\">Kh\u00f4ng ch\u1ec9 \u0111\u01a1n thu\u1ea7n l\u00e0 thi\u1ebft b\u1ecb c\u1ea5p n\u01b0\u1edbc, BFV-636T mang \u0111\u1ebfn gi\u1ea3i ph\u00e1p t\u1eafm th\u00f4ng minh v\u1edbi kh\u1ea3 n\u0103ng ki\u1ec3m so\u00e1t nhi\u1ec7t \u0111\u1ed9 ch\u00ednh x\u00e1c, ti\u1ebft ki\u1ec7m n\u01b0\u1edbc hi\u1ec7u qu\u1ea3 v\u00e0 v\u1eadn h\u00e0nh b\u1ec1n b\u1ec9 theo ti\u00eau chu\u1ea9n Nh\u1eadt B\u1ea3n.<\/p>\n<p data-start=\"671\" data-end=\"699\">\u0110\u00e2y l\u00e0 l\u1ef1a ch\u1ecdn ph\u00f9 h\u1ee3p cho:<\/p>\n<ul data-start=\"700\" data-end=\"812\">\n<li data-start=\"700\" data-end=\"728\">Nh\u00e0 ph\u1ed1, c\u0103n h\u1ed9 chung c\u01b0<\/li>\n<li data-start=\"729\" data-end=\"752\">Kh\u00e1ch s\u1ea1n, homestay<\/li>\n<li data-start=\"753\" data-end=\"812\">Gia \u0111\u00ecnh c\u00f3 tr\u1ebb nh\u1ecf &amp; ng\u01b0\u1eddi l\u1edbn tu\u1ed5i c\u1ea7n s\u1ef1 an to\u00e0n cao<\/li>\n<\/ul>\n<hr data-start=\"814\" data-end=\"817\" \/>\n<h2 data-start=\"819\" data-end=\"868\">Thi\u1ebft k\u1ebf hi\u1ec7n \u0111\u1ea1i \u2013 T\u1ed1i gi\u1ea3n nh\u01b0ng \u0111\u1ea7y tinh t\u1ebf<\/h2>\n<p data-start=\"870\" data-end=\"1031\">Sen t\u1eafm nhi\u1ec7t \u0111\u1ed9 INAX BFV-636T g\u00e2y \u1ea5n t\u01b0\u1ee3ng v\u1edbi thi\u1ebft k\u1ebf h\u00ecnh kh\u1ed1i vu\u00f4ng m\u1ea1nh m\u1ebd, mang h\u01a1i h\u01b0\u1edbng Minimalism \u2013 xu h\u01b0\u1edbng n\u1ed9i th\u1ea5t \u0111ang r\u1ea5t \u0111\u01b0\u1ee3c \u01b0a chu\u1ed9ng hi\u1ec7n nay.<\/p>\n<h3 data-start=\"1033\" data-end=\"1065\">\u0110i\u1ec3m n\u1ed5i b\u1eadt trong thi\u1ebft k\u1ebf:<\/h3>\n<ul data-start=\"1066\" data-end=\"1352\">\n<li data-start=\"1066\" data-end=\"1129\">Th\u00e2n v\u00f2i d\u1ea1ng h\u1ed9p vu\u00f4ng ch\u1eafc ch\u1eafn, t\u1ea1o \u0111i\u1ec3m nh\u1ea5n sang tr\u1ecdng<\/li>\n<li data-start=\"1130\" data-end=\"1192\">T\u00f4ng m\u00e0u tr\u1eafng s\u1ee9 INAX k\u1ebft h\u1ee3p l\u1edbp m\u1ea1 Crom\/Niken s\u00e1ng b\u00f3ng<\/li>\n<li data-start=\"1193\" data-end=\"1258\">B\u1ec1 m\u1eb7t th\u00e2n v\u00f2i r\u1ed9ng, c\u00f3 th\u1ec3 t\u1eadn d\u1ee5ng l\u00e0m khay \u0111\u1ec3 \u0111\u1ed3 ti\u1ec7n l\u1ee3i<\/li>\n<li data-start=\"1259\" data-end=\"1352\">2 tay \u0111i\u1ec1u khi\u1ec3n ri\u00eang bi\u1ec7t:\n<ul data-start=\"1294\" data-end=\"1352\">\n<li data-start=\"1294\" data-end=\"1316\">Tay ch\u1ec9nh nhi\u1ec7t \u0111\u1ed9<\/li>\n<li data-start=\"1319\" data-end=\"1352\">Tay \u0111i\u1ec1u ch\u1ec9nh l\u01b0u l\u01b0\u1ee3ng n\u01b0\u1edbc<\/li>\n<\/ul>\n<\/li>\n<\/ul>\n<p data-start=\"1354\" data-end=\"1447\">\ud83d\udc49 Thi\u1ebft k\u1ebf n\u00e0y gi\u00fap thao t\u00e1c d\u1ec5 d\u00e0ng, tr\u1ef1c quan \u2013 \u0111\u1eb7c bi\u1ec7t ph\u00f9 h\u1ee3p v\u1edbi ng\u01b0\u1eddi gi\u00e0 v\u00e0 tr\u1ebb nh\u1ecf.<\/p>\n<hr data-start=\"1449\" data-end=\"1452\" \/>\n<h2 data-start=\"1454\" data-end=\"1505\">C\u00f4ng ngh\u1ec7 nhi\u1ec7t \u0111\u1ed9 \u2013 An to\u00e0n l\u00e0 \u01b0u ti\u00ean h\u00e0ng \u0111\u1ea7u<\/h2>\n<p data-start=\"1507\" data-end=\"1595\">\u0110i\u1ec3m \u201c\u0103n ti\u1ec1n\u201d nh\u1ea5t c\u1ee7a BFV-636T ch\u00ednh l\u00e0 <strong data-start=\"1549\" data-end=\"1594\">c\u00f4ng ngh\u1ec7 sen t\u1eafm nhi\u1ec7t \u0111\u1ed9 (Thermostatic)<\/strong>.<\/p>\n<h3 data-start=\"1597\" data-end=\"1618\">C\u01a1 ch\u1ebf ho\u1ea1t \u0111\u1ed9ng:<\/h3>\n<ul data-start=\"1619\" data-end=\"1735\">\n<li data-start=\"1619\" data-end=\"1677\">T\u1ef1 \u0111\u1ed9ng tr\u1ed9n n\u01b0\u1edbc n\u00f3ng \u2013 l\u1ea1nh theo nhi\u1ec7t \u0111\u1ed9 \u0111\u00e3 c\u00e0i \u0111\u1eb7t<\/li>\n<li data-start=\"1678\" data-end=\"1735\">Gi\u1eef nhi\u1ec7t \u0111\u1ed9 \u1ed5n \u0111\u1ecbnh ngay c\u1ea3 khi \u00e1p l\u1ef1c n\u01b0\u1edbc thay \u0111\u1ed5i<\/li>\n<\/ul>\n<h3 data-start=\"1737\" data-end=\"1767\">T\u00ednh n\u0103ng an to\u00e0n n\u1ed5i b\u1eadt:<\/h3>\n<ul data-start=\"1768\" data-end=\"1939\">\n<li data-start=\"1768\" data-end=\"1857\"><strong data-start=\"1770\" data-end=\"1787\">N\u00fat kh\u00f3a 38\u00b0C<\/strong>:<br data-start=\"1788\" data-end=\"1791\" \/>Ng\u0103n ng\u1eeba b\u1ecfng \u2013 c\u1ef1c k\u1ef3 quan tr\u1ecdng v\u1edbi tr\u1ebb em &amp; ng\u01b0\u1eddi l\u1edbn tu\u1ed5i<\/li>\n<li data-start=\"1858\" data-end=\"1901\">Ph\u1ea3n \u1ee9ng nhanh v\u1edbi thay \u0111\u1ed5i \u00e1p l\u1ef1c n\u01b0\u1edbc<\/li>\n<li data-start=\"1902\" data-end=\"1939\">Kh\u00f4ng x\u1ea3y ra t\u00ecnh tr\u1ea1ng s\u1ed1c nhi\u1ec7t<\/li>\n<\/ul>\n<p data-start=\"1941\" data-end=\"2035\">\ud83d\udc49 \u0110\u00e2y l\u00e0 \u0111i\u1ec3m kh\u00e1c bi\u1ec7t l\u1edbn so v\u1edbi sen th\u01b0\u1eddng \u2013 n\u00e2ng c\u1ea5p tr\u1ea3i nghi\u1ec7m t\u1eafm l\u00ean m\u1ed9t t\u1ea7m cao m\u1edbi.<\/p>\n<hr data-start=\"2037\" data-end=\"2040\" \/>\n<h2 data-start=\"2042\" data-end=\"2083\">Tay sen ECOFUL \u2013 \u00cam h\u01a1n, ti\u1ebft ki\u1ec7m h\u01a1n<\/h2>\n<p data-start=\"2085\" data-end=\"2163\">BFV-636T \u0111\u01b0\u1ee3c trang b\u1ecb tay sen c\u00f4ng ngh\u1ec7 <strong data-start=\"2126\" data-end=\"2143\">ECOFUL SHOWER<\/strong> \u0111\u1ed9c quy\u1ec1n c\u1ee7a INAX.<\/p>\n<h3 data-start=\"2165\" data-end=\"2177\">\u01afu \u0111i\u1ec3m:<\/h3>\n<ul data-start=\"2178\" data-end=\"2299\">\n<li data-start=\"2178\" data-end=\"2210\">T\u1ea1o tia n\u01b0\u1edbc nh\u1ecf, \u0111\u1ec1u v\u00e0 d\u00e0y<\/li>\n<li data-start=\"2211\" data-end=\"2245\">T\u0103ng c\u1ea3m gi\u00e1c th\u01b0 gi\u00e3n khi t\u1eafm<\/li>\n<li data-start=\"2246\" data-end=\"2299\">Gi\u1ea3m l\u01b0\u1ee3ng n\u01b0\u1edbc ti\u00eau th\u1ee5 nh\u01b0ng v\u1eabn \u0111\u1ea3m b\u1ea3o \u00e1p l\u1ef1c<\/li>\n<\/ul>\n<p data-start=\"2301\" data-end=\"2346\">\ud83d\udc49 Ph\u00f9 h\u1ee3p c\u1ea3 v\u1edbi khu v\u1ef1c c\u00f3 \u00e1p l\u1ef1c n\u01b0\u1edbc y\u1ebfu.<\/p>\n<hr data-start=\"2348\" data-end=\"2351\" \/>\n<h2 data-start=\"2353\" data-end=\"2402\">Ho\u1ea1t \u0111\u1ed9ng \u1ed5n \u0111\u1ecbnh trong nhi\u1ec1u \u0111i\u1ec1u ki\u1ec7n \u00e1p l\u1ef1c<\/h2>\n<p data-start=\"2404\" data-end=\"2490\">M\u1ed9t trong nh\u1eefng v\u1ea5n \u0111\u1ec1 ph\u1ed5 bi\u1ebfn t\u1ea1i nh\u00e0 ph\u1ed1 Vi\u1ec7t Nam l\u00e0 <strong data-start=\"2460\" data-end=\"2489\">\u00e1p l\u1ef1c n\u01b0\u1edbc kh\u00f4ng \u1ed5n \u0111\u1ecbnh<\/strong>.<\/p>\n<p data-start=\"2492\" data-end=\"2520\">BFV-636T gi\u1ea3i quy\u1ebft t\u1ed1t nh\u1edd:<\/p>\n<ul data-start=\"2522\" data-end=\"2666\">\n<li data-start=\"2522\" data-end=\"2570\">D\u1ea3i \u00e1p l\u1ef1c ho\u1ea1t \u0111\u1ed9ng: <strong data-start=\"2546\" data-end=\"2568\">0.1 MPa \u2013 0.75 MPa<\/strong><\/li>\n<li data-start=\"2571\" data-end=\"2616\">Tay sen t\u0103ng \u00e1p \u2013 h\u1ed7 tr\u1ee3 khu v\u1ef1c n\u01b0\u1edbc y\u1ebfu<\/li>\n<li data-start=\"2617\" data-end=\"2666\">D\u00f2ng n\u01b0\u1edbc v\u1eabn \u0111\u1ec1u v\u00e0 m\u1ea1nh ngay c\u1ea3 khi \u00e1p th\u1ea5p<\/li>\n<\/ul>\n<p data-start=\"2668\" data-end=\"2719\">\ud83d\udc49 Gi\u00fap \u0111\u1ea3m b\u1ea3o tr\u1ea3i nghi\u1ec7m t\u1eafm kh\u00f4ng b\u1ecb gi\u00e1n \u0111o\u1ea1n.<\/p>\n<hr data-start=\"2721\" data-end=\"2724\" \/>\n<h2 data-start=\"2726\" data-end=\"2762\">\u0110\u1ed9 b\u1ec1n v\u01b0\u1ee3t tr\u1ed9i \u2013 Chu\u1ea9n Nh\u1eadt B\u1ea3n<\/h2>\n<h3 data-start=\"2764\" data-end=\"2799\">1. L\u00f5i van Cartridge s\u1ee9 cao c\u1ea5p<\/h3>\n<ul data-start=\"2800\" data-end=\"2864\">\n<li data-start=\"2800\" data-end=\"2814\">\u0110\u1ed9 b\u1ec1n cao<\/li>\n<li data-start=\"2815\" data-end=\"2835\">Ch\u1ed1ng r\u00f2 r\u1ec9 n\u01b0\u1edbc<\/li>\n<li data-start=\"2836\" data-end=\"2864\">V\u1eadn h\u00e0nh \u00eam \u00e1i, tr\u01a1n tru<\/li>\n<\/ul>\n<h3 data-start=\"2866\" data-end=\"2890\">2. L\u1edbp m\u1ea1 Crom\/Niken<\/h3>\n<ul data-start=\"2891\" data-end=\"2983\">\n<li data-start=\"2891\" data-end=\"2908\">Ch\u1ed1ng oxy h\u00f3a<\/li>\n<li data-start=\"2909\" data-end=\"2945\">Ch\u1ed1ng \u0103n m\u00f2n trong m\u00f4i tr\u01b0\u1eddng \u1ea9m<\/li>\n<li data-start=\"2946\" data-end=\"2983\">Gi\u1eef b\u1ec1 m\u1eb7t lu\u00f4n s\u00e1ng b\u00f3ng l\u00e2u d\u00e0i<\/li>\n<\/ul>\n<h3 data-start=\"2985\" data-end=\"3009\">3. Ch\u1ea5t li\u1ec7u an to\u00e0n<\/h3>\n<ul data-start=\"3010\" data-end=\"3068\">\n<li data-start=\"3010\" data-end=\"3032\">H\u00e0m l\u01b0\u1ee3ng ch\u00ec th\u1ea5p<\/li>\n<li data-start=\"3033\" data-end=\"3068\">An to\u00e0n cho s\u1ee9c kh\u1ecfe ng\u01b0\u1eddi d\u00f9ng<\/li>\n<\/ul>\n<hr data-start=\"3070\" data-end=\"3073\" \/>\n<h2 data-start=\"3075\" data-end=\"3106\">Chi ti\u1ebft ti\u1ec7n \u00edch th\u00f4ng minh<\/h2>\n<p data-start=\"3108\" data-end=\"3207\">Kh\u00f4ng ch\u1ec9 m\u1ea1nh v\u1ec1 c\u00f4ng ngh\u1ec7, BFV-636T c\u00f2n ghi \u0111i\u1ec3m nh\u1edd nh\u1eefng chi ti\u1ebft nh\u1ecf nh\u01b0ng c\u1ef1c k\u1ef3 \u201c\u0111\u00e1ng ti\u1ec1n\u201d:<\/p>\n<ul data-start=\"3209\" data-end=\"3427\">\n<li data-start=\"3209\" data-end=\"3263\"><strong data-start=\"3211\" data-end=\"3238\">Mi\u1ec7ng x\u1ea3 xoay linh ho\u1ea1t<\/strong> \u2192 ti\u1ebft ki\u1ec7m kh\u00f4ng gian<\/li>\n<li data-start=\"3264\" data-end=\"3318\"><strong data-start=\"3266\" data-end=\"3286\">D\u00e2y sen PVC tr\u01a1n<\/strong> \u2192 d\u1ec5 v\u1ec7 sinh, h\u1ea1n ch\u1ebf b\u00e1m b\u1ea9n<\/li>\n<li data-start=\"3319\" data-end=\"3374\"><strong data-start=\"3321\" data-end=\"3347\">Tay v\u1eb7n ti\u1ebft ki\u1ec7m n\u01b0\u1edbc<\/strong> \u2192 t\u1ed1i \u01b0u chi ph\u00ed s\u1eed d\u1ee5ng<\/li>\n<li data-start=\"3375\" data-end=\"3427\"><strong data-start=\"3377\" data-end=\"3406\">Thi\u1ebft k\u1ebf th\u00e2n v\u00f2i \u0111a n\u0103ng<\/strong> \u2192 v\u1eeba \u0111\u1eb9p v\u1eeba ti\u1ec7n<\/li>\n<\/ul>\n<hr data-start=\"3429\" data-end=\"3432\" \/>\n<h2 data-start=\"3434\" data-end=\"3471\">\u01afu \u2013 Nh\u01b0\u1ee3c \u0111i\u1ec3m &amp; \u1ee8ng d\u1ee5ng th\u1ef1c t\u1ebf<\/h2>\n<h3 data-start=\"3473\" data-end=\"3484\">\u01afu \u0111i\u1ec3m<\/h3>\n<ul data-start=\"3485\" data-end=\"3653\">\n<li data-start=\"3485\" data-end=\"3527\">C\u00f4ng ngh\u1ec7 nhi\u1ec7t \u0111\u1ed9 an to\u00e0n, ch\u1ed1ng b\u1ecfng<\/li>\n<li data-start=\"3528\" data-end=\"3561\">Thi\u1ebft k\u1ebf hi\u1ec7n \u0111\u1ea1i, sang tr\u1ecdng<\/li>\n<li data-start=\"3562\" data-end=\"3589\">Ti\u1ebft ki\u1ec7m n\u01b0\u1edbc hi\u1ec7u qu\u1ea3<\/li>\n<li data-start=\"3590\" data-end=\"3625\">Ho\u1ea1t \u0111\u1ed9ng t\u1ed1t c\u1ea3 khi \u00e1p l\u1ef1c y\u1ebfu<\/li>\n<li data-start=\"3626\" data-end=\"3653\">\u0110\u1ed9 b\u1ec1n cao, \u00edt h\u1ecfng v\u1eb7t<\/li>\n<\/ul>\n<h3 data-start=\"3655\" data-end=\"3669\">Nh\u01b0\u1ee3c \u0111i\u1ec3m<\/h3>\n<ul data-start=\"3670\" data-end=\"3753\">\n<li data-start=\"3670\" data-end=\"3696\">Gi\u00e1 cao h\u01a1n sen th\u01b0\u1eddng<\/li>\n<li data-start=\"3697\" data-end=\"3753\">Y\u00eau c\u1ea7u h\u1ec7 n\u01b0\u1edbc n\u00f3ng l\u1ea1nh \u1ed5n \u0111\u1ecbnh \u0111\u1ec3 ph\u00e1t huy t\u1ed1i \u0111a<\/li>\n<\/ul>\n<h3 data-start=\"3755\" data-end=\"3775\">\u1ee8ng d\u1ee5ng th\u1ef1c t\u1ebf<\/h3>\n<ul data-start=\"3776\" data-end=\"3891\">\n<li data-start=\"3776\" data-end=\"3803\">Nh\u00e0 ph\u1ed1, c\u0103n h\u1ed9 cao c\u1ea5p<\/li>\n<li data-start=\"3804\" data-end=\"3847\">Kh\u00e1ch s\u1ea1n, homestay c\u1ea7n tr\u1ea3i nghi\u1ec7m t\u1ed1t<\/li>\n<li data-start=\"3848\" data-end=\"3891\">Gia \u0111\u00ecnh c\u00f3 tr\u1ebb nh\u1ecf ho\u1eb7c ng\u01b0\u1eddi l\u1edbn tu\u1ed5i<\/li>\n<\/ul>\n<hr data-start=\"3893\" data-end=\"3896\" \/>\n<h2 data-start=\"3898\" data-end=\"3942\">So s\u00e1nh nhanh: Sen nhi\u1ec7t \u0111\u1ed9 vs sen th\u01b0\u1eddng<\/h2>\n<div class=\"TyagGW_tableContainer\">\n<div class=\"group TyagGW_tableWrapper flex flex-col-reverse w-fit\" tabindex=\"-1\">\n<table class=\"w-fit min-w-(--thread-content-width)\" data-start=\"3944\" data-end=\"4252\">\n<thead data-start=\"3944\" data-end=\"3993\">\n<tr data-start=\"3944\" data-end=\"3993\">\n<th class=\"\" data-start=\"3944\" data-end=\"3955\" data-col-size=\"sm\">Ti\u00eau ch\u00ed<\/th>\n<th class=\"\" data-start=\"3955\" data-end=\"3979\" data-col-size=\"sm\">Sen nhi\u1ec7t \u0111\u1ed9 BFV-636T<\/th>\n<th class=\"\" data-start=\"3979\" data-end=\"3993\" data-col-size=\"sm\">Sen th\u01b0\u1eddng<\/th>\n<\/tr>\n<\/thead>\n<tbody data-start=\"4043\" data-end=\"4252\">\n<tr data-start=\"4043\" data-end=\"4094\">\n<td data-start=\"4043\" data-end=\"4054\" data-col-size=\"sm\">Nhi\u1ec7t \u0111\u1ed9<\/td>\n<td data-start=\"4054\" data-end=\"4073\" data-col-size=\"sm\">\u1ed4n \u0111\u1ecbnh, t\u1ef1 \u0111\u1ed9ng<\/td>\n<td data-start=\"4073\" data-end=\"4094\" data-col-size=\"sm\">Thay \u0111\u1ed5i li\u00ean t\u1ee5c<\/td>\n<\/tr>\n<tr data-start=\"4095\" data-end=\"4132\">\n<td data-start=\"4095\" data-end=\"4105\" data-col-size=\"sm\">An to\u00e0n<\/td>\n<td data-start=\"4105\" data-end=\"4120\" data-col-size=\"sm\">C\u00f3 kh\u00f3a 38\u00b0C<\/td>\n<td data-start=\"4120\" data-end=\"4132\" data-col-size=\"sm\">Kh\u00f4ng c\u00f3<\/td>\n<\/tr>\n<tr data-start=\"4133\" data-end=\"4186\">\n<td data-start=\"4133\" data-end=\"4147\" data-col-size=\"sm\">Tr\u1ea3i nghi\u1ec7m<\/td>\n<td data-start=\"4147\" data-end=\"4166\" data-col-size=\"sm\">Cao c\u1ea5p, \u1ed5n \u0111\u1ecbnh<\/td>\n<td data-start=\"4166\" data-end=\"4186\" data-col-size=\"sm\">Ph\u1ee5 thu\u1ed9c \u00e1p l\u1ef1c<\/td>\n<\/tr>\n<tr data-start=\"4187\" data-end=\"4223\">\n<td data-start=\"4187\" data-end=\"4204\" data-col-size=\"sm\">Ti\u1ebft ki\u1ec7m n\u01b0\u1edbc<\/td>\n<td data-start=\"4204\" data-end=\"4209\" data-col-size=\"sm\">C\u00f3<\/td>\n<td data-start=\"4209\" data-end=\"4223\" data-col-size=\"sm\">Trung b\u00ecnh<\/td>\n<\/tr>\n<tr data-start=\"4224\" data-end=\"4252\">\n<td data-start=\"4224\" data-end=\"4230\" data-col-size=\"sm\">Gi\u00e1<\/td>\n<td data-start=\"4230\" data-end=\"4240\" data-col-size=\"sm\">Cao h\u01a1n<\/td>\n<td data-start=\"4240\" data-end=\"4252\" data-col-size=\"sm\">Th\u1ea5p h\u01a1n<\/td>\n<\/tr>\n<\/tbody>\n<\/table>\n<\/div>\n<\/div>\n<p data-start=\"4254\" data-end=\"4344\">\ud83d\udc49 N\u1ebfu anh \u0111ang l\u00e0m ph\u00e2n kh\u00fac trung \u2013 cao c\u1ea5p th\u00ec <strong data-start=\"4304\" data-end=\"4343\">sen nhi\u1ec7t \u0111\u1ed9 g\u1ea7n nh\u01b0 l\u00e0 \u201cmust-have\u201d<\/strong>.<\/p>\n<hr data-start=\"4346\" data-end=\"4349\" \/>\n<h2 data-start=\"4351\" data-end=\"4382\">H\u01b0\u1edbng d\u1eabn s\u1eed d\u1ee5ng &amp; b\u1ea3o qu\u1ea3n<\/h2>\n<p data-start=\"4384\" data-end=\"4409\">\u0110\u1ec3 s\u1ea3n ph\u1ea9m lu\u00f4n b\u1ec1n \u0111\u1eb9p:<\/p>\n<ul data-start=\"4411\" data-end=\"4570\">\n<li data-start=\"4411\" data-end=\"4459\">Kh\u00f4ng s\u1eed d\u1ee5ng ch\u1ea5t t\u1ea9y r\u1eeda c\u00f3 t\u00ednh axit m\u1ea1nh<\/li>\n<li data-start=\"4460\" data-end=\"4493\">V\u1ec7 sinh \u0111\u1ecbnh k\u1ef3 b\u1eb1ng kh\u0103n m\u1ec1m<\/li>\n<li data-start=\"4494\" data-end=\"4532\">Ki\u1ec3m tra h\u1ec7 th\u1ed1ng c\u1ea5p n\u01b0\u1edbc \u0111\u1ecbnh k\u1ef3<\/li>\n<li data-start=\"4533\" data-end=\"4570\">Kh\u00f4ng v\u1eb7n qu\u00e1 m\u1ea1nh tay \u0111i\u1ec1u khi\u1ec3n<\/li>\n<\/ul>\n<hr data-start=\"4572\" data-end=\"4575\" \/>\n<h2 data-start=\"4577\" data-end=\"4615\">Gi\u00e1 tham kh\u1ea3o sen t\u1eafm INAX BFV-636T<\/h2>\n<p data-start=\"4617\" data-end=\"4685\">Hi\u1ec7n nay, sen t\u1eafm nhi\u1ec7t \u0111\u1ed9 INAX BFV-636T c\u00f3 m\u1ee9c gi\u00e1 dao \u0111\u1ed9ng kho\u1ea3ng:<\/p>\n<p data-start=\"4687\" data-end=\"4747\">\ud83d\udc49 <strong data-start=\"4690\" data-end=\"4719\">4.000.000 \u2013 6.000.000 VN\u0110<\/strong> (t\u00f9y \u0111\u1ea1i l\u00fd &amp; ch\u01b0\u01a1ng tr\u00ecnh)<\/p>\n<hr data-start=\"4749\" data-end=\"4752\" \/>\n<h2 data-start=\"4754\" data-end=\"4793\">K\u1ebft lu\u1eadn \u2013 C\u00f3 n\u00ean mua INAX BFV-636T?<\/h2>\n<p data-start=\"4795\" data-end=\"4827\">N\u1ebfu anh \u0111ang t\u00ecm m\u1ed9t b\u1ed9 sen t\u1eafm:<\/p>\n<ul data-start=\"4828\" data-end=\"4945\">\n<li data-start=\"4828\" data-end=\"4849\">An to\u00e0n tuy\u1ec7t \u0111\u1ed1i<\/li>\n<li data-start=\"4850\" data-end=\"4877\">Tr\u1ea3i nghi\u1ec7m t\u1eafm \u1ed5n \u0111\u1ecbnh<\/li>\n<li data-start=\"4878\" data-end=\"4913\">Thi\u1ebft k\u1ebf \u0111\u1eb9p \u2013 d\u1ec5 b\u00e1n cho kh\u00e1ch<\/li>\n<li data-start=\"4914\" data-end=\"4945\">Ph\u00f9 h\u1ee3p ph\u00e2n kh\u00fac trung cao<\/li>\n<\/ul>\n<p data-start=\"4947\" data-end=\"4995\">\ud83d\udc49 <strong data-start=\"4950\" data-end=\"4995\">INAX BFV-636T l\u00e0 l\u1ef1a ch\u1ecdn r\u1ea5t \u0111\u00e1ng \u0111\u1ea7u t\u01b0<\/strong><\/p>\n<p data-start=\"4866\" data-end=\"4979\"><strong data-start=\"4866\" data-end=\"4917\">Ehrlich Vi\u1ec7t Nam \u2013 Thi\u1ebft B\u1ecb Nh\u00e0 B\u1ebfp &amp; Ph\u00f2ng T\u1eafm<\/strong><br data-start=\"4917\" data-end=\"4920\" \/>\ud83d\udccd\u00a0\u0110\u1ecba ch\u1ec9: S\u1ed1 6 Li\u1ec1n K\u1ec1 22, K\u0110T V\u0103n Kh\u00ea, H\u00e0 \u0110\u00f4ng, H\u00e0 N\u1ed9i<\/p>\n<p data-start=\"4981\" data-end=\"5105\">\ud83c\udf10\u00a0Website:\u00a0<a class=\"decorated-link\" href=\"https:\/\/ehrlichvietnam.vn\/\" target=\"_new\" rel=\"noopener\" data-start=\"4993\" data-end=\"5019\">https:\/\/ehrlichvietnam.vn\/<\/a><br data-start=\"5019\" data-end=\"5022\" \/>\ud83d\udcde\u00a0Hotline:\u00a0<strong data-start=\"5034\" data-end=\"5051\">0932 27 05 20<\/strong><br data-start=\"5051\" data-end=\"5054\" \/>\ud83d\udcac\u00a0Zalo OA:\u00a0<a class=\"decorated-link\" href=\"https:\/\/zalo.me\/s\/2888141157129558325\" target=\"_new\" rel=\"noopener\" data-start=\"5066\" data-end=\"5103\">https:\/\/zalo.me\/s\/2888141157129558325<\/a><\/p>\n<p data-start=\"5107\" data-end=\"5218\">\ud83c\udfa5\u00a0TikTok:\u00a0<a class=\"decorated-link\" href=\"https:\/\/www.tiktok.com\/@ehrlich.chia.s?_r=1\" target=\"_new\" rel=\"noopener\" data-start=\"5118\" data-end=\"5162\">https:\/\/www.tiktok.com\/@ehrlichthietbivesinh<\/a><br data-start=\"5162\" data-end=\"5165\" \/>\u25b6\ufe0f\u00a0YouTube:\u00a0<a class=\"decorated-link\" href=\"https:\/\/www.youtube.com\/@EhrlichVietNam\" target=\"_new\" rel=\"noopener\" data-start=\"5177\" data-end=\"5216\">https:\/\/www.youtube.com\/@EhrlichVietNam<\/a><\/p>\n<p data-start=\"5220\" data-end=\"5265\">\ud83d\ude9a\u00a0Giao h\u00e0ng to\u00e0n qu\u1ed1c \u2013 t\u01b0 v\u1ea5n nhanh ch\u00f3ng<\/p>\n<p data-start=\"5267\" data-end=\"5313\">\ud83d\udc49\u00a0<strong data-start=\"5270\" data-end=\"5313\">Inbox ngay \u0111\u1ec3 nh\u1eadn \u01b0u \u0111\u00e3i th\u00eam h\u00f4m nay!<\/strong><\/p>\n","protected":false},"excerpt":{"rendered":"<p>Sen T\u1eafm Nhi\u1ec7t \u0110\u1ed9 INAX BFV-636T \u2013 Gi\u1ea3i Ph\u00e1p T\u1eafm An To\u00e0n, Ti\u1ec7n Nghi Chu\u1ea9n Nh\u1eadt Gi\u1edbi thi\u1ec7u sen t\u1eafm nhi\u1ec7t \u0111\u1ed9 INAX BFV-636T Sen t\u1eafm nhi\u1ec7t \u0111\u1ed9 INAX BFV-636T l\u00e0 d\u00f2ng s\u1ea3n ph\u1ea9m cao c\u1ea5p \u0111\u01b0\u1ee3c thi\u1ebft k\u1ebf d\u00e0nh ri\u00eang cho nh\u1eefng kh\u00f4ng gian ph\u00f2ng t\u1eafm hi\u1ec7n \u0111\u1ea1i, \u0111\u1ec1 cao tr\u1ea3i nghi\u1ec7m ng\u01b0\u1eddi d\u00f9ng [&hellip;]<\/p>\n","protected":false},"featured_media":4920,"comment_status":"open","ping_status":"closed","template":"","meta":{"_acf_changed":false},"product_brand":[141],"product_cat":[23,15,136,147],"product_tag":[],"class_list":{"0":"post-4914","1":"product","2":"type-product","3":"status-publish","4":"has-post-thumbnail","6":"product_brand-inax","7":"product_cat-thiet-bi-phong-ve-sinh","8":"product_cat-san-pham","9":"product_cat-thuong-hieu-inax","10":"product_cat-sen-tam-inax","12":"first","13":"instock","14":"shipping-taxable","15":"product-type-simple"},"acf":[],"_links":{"self":[{"href":"https:\/\/ehrlichvietnam.vn\/en\/wp-json\/wp\/v2\/product\/4914","targetHints":{"allow":["GET"]}}],"collection":[{"href":"https:\/\/ehrlichvietnam.vn\/en\/wp-json\/wp\/v2\/product"}],"about":[{"href":"https:\/\/ehrlichvietnam.vn\/en\/wp-json\/wp\/v2\/types\/product"}],"replies":[{"embeddable":true,"href":"https:\/\/ehrlichvietnam.vn\/en\/wp-json\/wp\/v2\/comments?post=4914"}],"wp:featuredmedia":[{"embeddable":true,"href":"https:\/\/ehrlichvietnam.vn\/en\/wp-json\/wp\/v2\/media\/4920"}],"wp:attachment":[{"href":"https:\/\/ehrlichvietnam.vn\/en\/wp-json\/wp\/v2\/media?parent=4914"}],"wp:term":[{"taxonomy":"product_brand","embeddable":true,"href":"https:\/\/ehrlichvietnam.vn\/en\/wp-json\/wp\/v2\/product_brand?post=4914"},{"taxonomy":"product_cat","embeddable":true,"href":"https:\/\/ehrlichvietnam.vn\/en\/wp-json\/wp\/v2\/product_cat?post=4914"},{"taxonomy":"product_tag","embeddable":true,"href":"https:\/\/ehrlichvietnam.vn\/en\/wp-json\/wp\/v2\/product_tag?post=4914"}],"curies":[{"name":"wp","href":"https:\/\/api.w.org\/{rel}","templated":true}]}}