{"id":4909,"date":"2026-04-17T04:36:52","date_gmt":"2026-04-17T04:36:52","guid":{"rendered":"https:\/\/ehrlichvietnam.vn\/?post_type=product&#038;p=4909"},"modified":"2026-04-17T07:48:59","modified_gmt":"2026-04-17T07:48:59","slug":"sen-tam-nhiet-do-bfv-3413t-3c-cao-cap","status":"publish","type":"product","link":"https:\/\/ehrlichvietnam.vn\/sen-tam-nhiet-do-bfv-3413t-8c-cao-cap\/","title":{"rendered":"Sen T\u1eafm Nhi\u1ec7t \u0110\u1ed9 Inax BFV-3413T-8C Cao C\u1ea5p"},"content":{"rendered":"<h1 data-start=\"178\" data-end=\"260\">Sen T\u1eafm Nhi\u1ec7t \u0110\u1ed9 INAX BFV-3413T-8C \u2013 An To\u00e0n Ch\u1ed1ng B\u1ecfng, Tr\u1ea3i Nghi\u1ec7m T\u1eafm Cao C\u1ea5p<\/h1>\n<h2 data-start=\"262\" data-end=\"313\">1. Gi\u1edbi thi\u1ec7u sen t\u1eafm nhi\u1ec7t \u0111\u1ed9 INAX BFV-3413T-8C<\/h2>\n<p data-start=\"315\" data-end=\"497\">Trong xu h\u01b0\u1edbng n\u00e2ng c\u1ea5p kh\u00f4ng gian ph\u00f2ng t\u1eafm hi\u1ec7n \u0111\u1ea1i, <strong data-start=\"370\" data-end=\"390\">sen t\u1eafm nhi\u1ec7t \u0111\u1ed9<\/strong> \u0111ang d\u1ea7n tr\u1edf th\u00e0nh l\u1ef1a ch\u1ecdn \u01b0u ti\u00ean nh\u1edd kh\u1ea3 n\u0103ng ki\u1ec3m so\u00e1t nhi\u1ec7t ch\u00ednh x\u00e1c v\u00e0 \u0111\u1ea3m b\u1ea3o an to\u00e0n khi s\u1eed d\u1ee5ng.<\/p>\n<p data-start=\"499\" data-end=\"719\">N\u1ed5i b\u1eadt trong ph\u00e2n kh\u00fac n\u00e0y, INAX BFV-3413T-8C \u0111\u1ebfn t\u1eeb th\u01b0\u01a1ng hi\u1ec7u <span class=\"hover:entity-accent entity-underline inline cursor-pointer align-baseline\"><span class=\"whitespace-normal\">INAX<\/span><\/span> mang \u0111\u1ebfn gi\u1ea3i ph\u00e1p t\u1eafm th\u00f4ng minh \u2013 an to\u00e0n \u2013 ti\u1ebft ki\u1ec7m, \u0111\u1eb7c bi\u1ec7t ph\u00f9 h\u1ee3p cho gia \u0111\u00ecnh c\u00f3 tr\u1ebb nh\u1ecf v\u00e0 ng\u01b0\u1eddi l\u1edbn tu\u1ed5i.<\/p>\n<p data-start=\"499\" data-end=\"719\"><img decoding=\"async\" src=\"https:\/\/www.tdm.vn\/image\/catalog\/product-4887\/ban-ve-voi-ianx-BFV-3413T-8C.jpg\" \/><\/p>\n<hr data-start=\"721\" data-end=\"724\" \/>\n<h2 data-start=\"726\" data-end=\"789\">2. C\u00f4ng ngh\u1ec7 sen nhi\u1ec7t \u2013 \u1ed4n \u0111\u1ecbnh nhi\u1ec7t, ch\u1ed1ng b\u1ecfng tuy\u1ec7t \u0111\u1ed1i<\/h2>\n<p data-start=\"791\" data-end=\"879\">Kh\u00e1c v\u1edbi v\u00f2i sen n\u00f3ng l\u1ea1nh th\u00f4ng th\u01b0\u1eddng, sen t\u1eafm nhi\u1ec7t \u0111\u1ed9 INAX BFV-3413T-8C c\u00f3 kh\u1ea3 n\u0103ng:<\/p>\n<ul data-start=\"881\" data-end=\"980\">\n<li data-start=\"881\" data-end=\"914\">Duy tr\u00ec nhi\u1ec7t \u0111\u1ed9 n\u01b0\u1edbc \u1ed5n \u0111\u1ecbnh<\/li>\n<li data-start=\"915\" data-end=\"947\">T\u1ef1 \u0111\u1ed9ng c\u00e2n b\u1eb1ng n\u00f3ng \u2013 l\u1ea1nh<\/li>\n<li data-start=\"948\" data-end=\"980\">H\u1ea1n ch\u1ebf t\u00ecnh tr\u1ea1ng s\u1ed1c nhi\u1ec7t<\/li>\n<\/ul>\n<p data-start=\"982\" data-end=\"1086\">\ud83d\udc49 <strong data-start=\"985\" data-end=\"1010\">\u0110i\u1ec3m quan tr\u1ecdng nh\u1ea5t:<\/strong><br data-start=\"1010\" data-end=\"1013\" \/>S\u1ea3n ph\u1ea9m \u0111\u01b0\u1ee3c trang b\u1ecb t\u00ednh n\u0103ng <strong data-start=\"1046\" data-end=\"1060\">ch\u1ed1ng b\u1ecfng<\/strong>, gi\u00fap b\u1ea3o v\u1ec7 an to\u00e0n cho:<\/p>\n<ul data-start=\"1087\" data-end=\"1147\">\n<li data-start=\"1087\" data-end=\"1097\">Tr\u1ebb em<\/li>\n<li data-start=\"1098\" data-end=\"1116\">Ng\u01b0\u1eddi l\u1edbn tu\u1ed5i<\/li>\n<li data-start=\"1117\" data-end=\"1147\">Gia \u0111\u00ecnh s\u1eed d\u1ee5ng h\u00e0ng ng\u00e0y<\/li>\n<\/ul>\n<p data-start=\"1149\" data-end=\"1218\">\u0110\u00e2y l\u00e0 y\u1ebfu t\u1ed1 c\u1ef1c k\u1ef3 \u201c\u0111\u1eaft gi\u00e1\u201d khi t\u01b0 v\u1ea5n b\u00e1n h\u00e0ng ph\u00e2n kh\u00fac cao h\u01a1n.<\/p>\n<hr data-start=\"1220\" data-end=\"1223\" \/>\n<h2 data-start=\"1225\" data-end=\"1278\">3. Tay sen ECOFUL SHOWER \u2013 \u00cam \u00e1i v\u00e0 ti\u1ebft ki\u1ec7m n\u01b0\u1edbc<\/h2>\n<p data-start=\"1280\" data-end=\"1376\">S\u1ea3n ph\u1ea9m s\u1eed d\u1ee5ng c\u00f4ng ngh\u1ec7 <strong data-start=\"1307\" data-end=\"1324\">ECOFUL SHOWER<\/strong> \u0111\u1ed9c quy\u1ec1n t\u1eeb <span class=\"hover:entity-accent entity-underline inline cursor-pointer align-baseline\"><span class=\"whitespace-normal\">INAX<\/span><\/span>:<\/p>\n<ul data-start=\"1378\" data-end=\"1469\">\n<li data-start=\"1378\" data-end=\"1413\">T\u1ea1o d\u00f2ng n\u01b0\u1edbc m\u1ea1nh nh\u01b0ng v\u1eabn \u00eam<\/li>\n<li data-start=\"1414\" data-end=\"1442\">Gi\u1ea3m l\u01b0\u1ee3ng n\u01b0\u1edbc ti\u00eau th\u1ee5<\/li>\n<li data-start=\"1443\" data-end=\"1469\">T\u0103ng hi\u1ec7u qu\u1ea3 l\u00e0m s\u1ea1ch<\/li>\n<\/ul>\n<p data-start=\"1471\" data-end=\"1570\">\ud83d\udc49 K\u1ebft h\u1ee3p gi\u1eefa <strong data-start=\"1487\" data-end=\"1534\">tr\u1ea3i nghi\u1ec7m t\u1ed1t + ti\u1ebft ki\u1ec7m chi ph\u00ed l\u00e2u d\u00e0i<\/strong> \u2013 \u0111\u00fang insight kh\u00e1ch h\u00e0ng hi\u1ec7n nay.<\/p>\n<hr data-start=\"1572\" data-end=\"1575\" \/>\n<h2 data-start=\"1577\" data-end=\"1623\">4. Tay sen 5 ch\u1ebf \u0111\u1ed9 \u2013 Linh ho\u1ea1t m\u1ecdi nhu c\u1ea7u<\/h2>\n<p data-start=\"1625\" data-end=\"1709\">Sen t\u1eafm nhi\u1ec7t \u0111\u1ed9 INAX BFV-3413T-8C \u0111\u01b0\u1ee3c trang b\u1ecb tay sen v\u1edbi <strong data-start=\"1686\" data-end=\"1708\">5 ch\u1ebf \u0111\u1ed9 phun n\u01b0\u1edbc<\/strong>:<\/p>\n<ul data-start=\"1711\" data-end=\"1773\">\n<li data-start=\"1711\" data-end=\"1723\">Tia m\u1ea1nh<\/li>\n<li data-start=\"1724\" data-end=\"1735\">Tia nh\u1eb9<\/li>\n<li data-start=\"1736\" data-end=\"1747\">Massage<\/li>\n<li data-start=\"1748\" data-end=\"1759\">H\u1ed7n h\u1ee3p<\/li>\n<li data-start=\"1760\" data-end=\"1773\">Ti\u1ebft ki\u1ec7m<\/li>\n<\/ul>\n<p data-start=\"1775\" data-end=\"1794\">\ud83d\udc49 Gi\u00fap ng\u01b0\u1eddi d\u00f9ng:<\/p>\n<ul data-start=\"1795\" data-end=\"1863\">\n<li data-start=\"1795\" data-end=\"1820\">Th\u01b0 gi\u00e3n sau ng\u00e0y d\u00e0i<\/li>\n<li data-start=\"1821\" data-end=\"1843\">T\u1eafm nhanh ti\u1ec7n l\u1ee3i<\/li>\n<li data-start=\"1844\" data-end=\"1863\">G\u1ed9i \u0111\u1ea7u d\u1ec5 d\u00e0ng<\/li>\n<\/ul>\n<hr data-start=\"1865\" data-end=\"1868\" \/>\n<h2 data-start=\"1870\" data-end=\"1925\">5. B\u00e1t sen thi\u1ebft k\u1ebf t\u1ed1i \u01b0u \u2013 Phun n\u01b0\u1edbc \u0111\u1ec1u, ph\u1ee7 r\u1ed9ng<\/h2>\n<p data-start=\"1927\" data-end=\"1958\">B\u00e1t sen \u0111\u01b0\u1ee3c thi\u1ebft k\u1ebf \u0111\u1eb7c bi\u1ec7t:<\/p>\n<ul data-start=\"1960\" data-end=\"2062\">\n<li data-start=\"1960\" data-end=\"1989\">Ph\u00e2n b\u1ed5 tia n\u01b0\u1edbc \u0111\u1ed3ng \u0111\u1ec1u<\/li>\n<li data-start=\"1990\" data-end=\"2022\">T\u0103ng di\u1ec7n t\u00edch ti\u1ebfp x\u00fac n\u01b0\u1edbc<\/li>\n<li data-start=\"2023\" data-end=\"2062\">Mang l\u1ea1i c\u1ea3m gi\u00e1c t\u1eafm tho\u1ea3i m\u00e1i h\u01a1n<\/li>\n<\/ul>\n<p data-start=\"2064\" data-end=\"2143\">\ud83d\udc49 So v\u1edbi c\u00e1c d\u00f2ng sen th\u01b0\u1eddng, tr\u1ea3i nghi\u1ec7m t\u1eafm \u201c\u00eam \u2013 \u0111\u1ec1u \u2013 d\u1ec5 ch\u1ecbu\u201d h\u01a1n r\u00f5 r\u1ec7t.<\/p>\n<hr data-start=\"2145\" data-end=\"2148\" \/>\n<h2 data-start=\"2150\" data-end=\"2195\">6. Ch\u1ea5t li\u1ec7u \u0111\u1ed3ng thau \u2013 B\u1ec1n b\u1ec9 v\u00e0 an to\u00e0n<\/h2>\n<p data-start=\"2197\" data-end=\"2273\">Sen t\u1eafm nhi\u1ec7t \u0111\u1ed9 INAX BFV-3413T-8C s\u1eed d\u1ee5ng <strong data-start=\"2240\" data-end=\"2253\">\u0111\u1ed3ng thau<\/strong> l\u00e0m v\u1eadt li\u1ec7u ch\u00ednh:<\/p>\n<ul data-start=\"2275\" data-end=\"2336\">\n<li data-start=\"2275\" data-end=\"2289\">\u0110\u1ed9 b\u1ec1n cao<\/li>\n<li data-start=\"2290\" data-end=\"2309\">Ch\u1ecbu \u00e1p l\u1ef1c t\u1ed1t<\/li>\n<li data-start=\"2310\" data-end=\"2336\">An to\u00e0n cho ngu\u1ed3n n\u01b0\u1edbc<\/li>\n<\/ul>\n<p data-start=\"2338\" data-end=\"2409\">\ud83d\udc49 \u0110\u00e2y l\u00e0 ti\u00eau chu\u1ea9n c\u1ee7a c\u00e1c d\u00f2ng sen cao c\u1ea5p, \u0111\u1ea3m b\u1ea3o s\u1eed d\u1ee5ng l\u00e2u d\u00e0i.<\/p>\n<hr data-start=\"2411\" data-end=\"2414\" \/>\n<h2 data-start=\"2416\" data-end=\"2449\">7. L\u1edbp m\u1ea1 Crom \u2013 Niken cao c\u1ea5p<\/h2>\n<p data-start=\"2451\" data-end=\"2495\">B\u1ec1 m\u1eb7t s\u1ea3n ph\u1ea9m \u0111\u01b0\u1ee3c ph\u1ee7 l\u1edbp <strong data-start=\"2480\" data-end=\"2494\">Crom\/Niken<\/strong>:<\/p>\n<ul data-start=\"2497\" data-end=\"2561\">\n<li data-start=\"2497\" data-end=\"2514\">Ch\u1ed1ng oxy h\u00f3a<\/li>\n<li data-start=\"2515\" data-end=\"2531\">Ch\u1ed1ng \u0103n m\u00f2n<\/li>\n<li data-start=\"2532\" data-end=\"2561\">Gi\u1eef b\u1ec1 m\u1eb7t lu\u00f4n s\u00e1ng b\u00f3ng<\/li>\n<\/ul>\n<p data-start=\"2563\" data-end=\"2633\">\ud83d\udc49 Gi\u00fap s\u1ea3n ph\u1ea9m lu\u00f4n gi\u1eef \u0111\u01b0\u1ee3c t\u00ednh th\u1ea9m m\u1ef9 sau th\u1eddi gian d\u00e0i s\u1eed d\u1ee5ng.<\/p>\n<hr data-start=\"2635\" data-end=\"2638\" \/>\n<h2 data-start=\"2640\" data-end=\"2692\">8. Cartridge cao c\u1ea5p \u2013 V\u1eadn h\u00e0nh m\u01b0\u1ee3t, ch\u1ed1ng r\u00f2 r\u1ec9<\/h2>\n<p data-start=\"2694\" data-end=\"2750\">S\u1ea3n ph\u1ea9m \u0111\u01b0\u1ee3c trang b\u1ecb <strong data-start=\"2717\" data-end=\"2749\">\u0111\u0129a Cartridge ch\u1ea5t l\u01b0\u1ee3ng cao<\/strong>:<\/p>\n<ul data-start=\"2752\" data-end=\"2818\">\n<li data-start=\"2752\" data-end=\"2781\">\u0110i\u1ec1u khi\u1ec3n n\u01b0\u1edbc ch\u00ednh x\u00e1c<\/li>\n<li data-start=\"2782\" data-end=\"2800\">V\u1eadn h\u00e0nh \u00eam \u00e1i<\/li>\n<li data-start=\"2801\" data-end=\"2818\">H\u1ea1n ch\u1ebf r\u00f2 r\u1ec9<\/li>\n<\/ul>\n<p data-start=\"2820\" data-end=\"2886\">\ud83d\udc49 \u0110\u00e2y l\u00e0 y\u1ebfu t\u1ed1 quy\u1ebft \u0111\u1ecbnh \u0111\u1ed9 b\u1ec1n v\u00e0 tr\u1ea3i nghi\u1ec7m s\u1eed d\u1ee5ng l\u00e2u d\u00e0i.<\/p>\n<hr data-start=\"2888\" data-end=\"2891\" \/>\n<h2 data-start=\"2893\" data-end=\"2945\">9. Ho\u1ea1t \u0111\u1ed9ng \u1ed5n \u0111\u1ecbnh trong nhi\u1ec1u \u0111i\u1ec1u ki\u1ec7n \u00e1p l\u1ef1c<\/h2>\n<p data-start=\"2947\" data-end=\"2986\">Sen v\u1eadn h\u00e0nh hi\u1ec7u qu\u1ea3 trong d\u1ea3i \u00e1p l\u1ef1c:<\/p>\n<ul data-start=\"2988\" data-end=\"3012\">\n<li data-start=\"2988\" data-end=\"3012\"><strong data-start=\"2990\" data-end=\"3012\">0.1 MPa \u2013 0.75 MPa<\/strong><\/li>\n<\/ul>\n<p data-start=\"3014\" data-end=\"3029\">\ud83d\udc49 Ph\u00f9 h\u1ee3p v\u1edbi:<\/p>\n<ul data-start=\"3030\" data-end=\"3090\">\n<li data-start=\"3030\" data-end=\"3041\">Nh\u00e0 ph\u1ed1<\/li>\n<li data-start=\"3042\" data-end=\"3054\">Chung c\u01b0<\/li>\n<li data-start=\"3055\" data-end=\"3067\">Bi\u1ec7t th\u1ef1<\/li>\n<li data-start=\"3068\" data-end=\"3090\">C\u00f4ng tr\u00ecnh c\u1ea3i t\u1ea1o<\/li>\n<\/ul>\n<hr data-start=\"3092\" data-end=\"3095\" \/>\n<h2 data-start=\"3097\" data-end=\"3130\">10. Th\u00f4ng s\u1ed1 k\u1ef9 thu\u1eadt chi ti\u1ebft<\/h2>\n<ul data-start=\"3132\" data-end=\"3396\">\n<li data-start=\"3132\" data-end=\"3184\">T\u00ean s\u1ea3n ph\u1ea9m: Sen t\u1eafm nhi\u1ec7t \u0111\u1ed9 INAX BFV-3413T-8C<\/li>\n<li data-start=\"3185\" data-end=\"3217\">Th\u01b0\u01a1ng hi\u1ec7u: INAX (Nh\u1eadt B\u1ea3n)<\/li>\n<li data-start=\"3218\" data-end=\"3249\">\u00c1p l\u1ef1c n\u01b0\u1edbc: 0.1 \u2013 0.75 MPa<\/li>\n<li data-start=\"3250\" data-end=\"3271\">Tay sen: 5 ch\u1ebf \u0111\u1ed9<\/li>\n<li data-start=\"3272\" data-end=\"3300\">C\u00f4ng ngh\u1ec7: ECOFUL SHOWER<\/li>\n<li data-start=\"3301\" data-end=\"3325\">Ch\u1ea5t li\u1ec7u: \u0110\u1ed3ng thau<\/li>\n<li data-start=\"3326\" data-end=\"3350\">L\u1edbp m\u1ea1: Crom \u2013 Niken<\/li>\n<li data-start=\"3351\" data-end=\"3376\">T\u00ednh n\u0103ng: Ch\u1ed1ng b\u1ecfng<\/li>\n<li data-start=\"3377\" data-end=\"3396\">B\u1ea3o h\u00e0nh: 2 n\u0103m<\/li>\n<\/ul>\n<hr data-start=\"3398\" data-end=\"3401\" \/>\n<h2 data-start=\"3403\" data-end=\"3433\">11. \u01afu \u2013 nh\u01b0\u1ee3c \u0111i\u1ec3m th\u1ef1c t\u1ebf<\/h2>\n<h3 data-start=\"3435\" data-end=\"3446\">\u01afu \u0111i\u1ec3m<\/h3>\n<ul data-start=\"3447\" data-end=\"3595\">\n<li data-start=\"3447\" data-end=\"3483\">An to\u00e0n tuy\u1ec7t \u0111\u1ed1i nh\u1edd ch\u1ed1ng b\u1ecfng<\/li>\n<li data-start=\"3484\" data-end=\"3518\">\u1ed4n \u0111\u1ecbnh nhi\u1ec7t, kh\u00f4ng s\u1ed1c nhi\u1ec7t<\/li>\n<li data-start=\"3519\" data-end=\"3546\">Ti\u1ebft ki\u1ec7m n\u01b0\u1edbc hi\u1ec7u qu\u1ea3<\/li>\n<li data-start=\"3547\" data-end=\"3567\">Ch\u1ea5t li\u1ec7u b\u1ec1n b\u1ec9<\/li>\n<li data-start=\"3568\" data-end=\"3595\">Tr\u1ea3i nghi\u1ec7m t\u1eafm cao c\u1ea5p<\/li>\n<\/ul>\n<h3 data-start=\"3597\" data-end=\"3611\">Nh\u01b0\u1ee3c \u0111i\u1ec3m<\/h3>\n<ul data-start=\"3612\" data-end=\"3694\">\n<li data-start=\"3612\" data-end=\"3648\">Gi\u00e1 cao h\u01a1n sen n\u00f3ng l\u1ea1nh th\u01b0\u1eddng<\/li>\n<li data-start=\"3649\" data-end=\"3694\">C\u1ea7n ngu\u1ed3n n\u01b0\u1edbc \u1ed5n \u0111\u1ecbnh \u0111\u1ec3 t\u1ed1i \u01b0u hi\u1ec7u qu\u1ea3<\/li>\n<\/ul>\n<hr data-start=\"3696\" data-end=\"3699\" \/>\n<h2 data-start=\"3701\" data-end=\"3724\">12. \u1ee8ng d\u1ee5ng th\u1ef1c t\u1ebf<\/h2>\n<p data-start=\"3726\" data-end=\"3773\">Sen t\u1eafm nhi\u1ec7t \u0111\u1ed9 INAX BFV-3413T-8C ph\u00f9 h\u1ee3p v\u1edbi:<\/p>\n<ul data-start=\"3775\" data-end=\"3891\">\n<li data-start=\"3775\" data-end=\"3798\">Gia \u0111\u00ecnh c\u00f3 tr\u1ebb nh\u1ecf<\/li>\n<li data-start=\"3799\" data-end=\"3824\">Nh\u00e0 c\u00f3 ng\u01b0\u1eddi l\u1edbn tu\u1ed5i<\/li>\n<li data-start=\"3825\" data-end=\"3845\">Chung c\u01b0 cao c\u1ea5p<\/li>\n<li data-start=\"3846\" data-end=\"3858\">Bi\u1ec7t th\u1ef1<\/li>\n<li data-start=\"3859\" data-end=\"3891\">Kh\u00e1ch s\u1ea1n \u2013 homestay cao c\u1ea5p<\/li>\n<\/ul>\n<p data-start=\"3893\" data-end=\"3975\">\ud83d\udc49 \u0110\u00e2y l\u00e0 d\u00f2ng s\u1ea3n ph\u1ea9m <strong data-start=\"3917\" data-end=\"3930\">d\u1ec5 upsell<\/strong>, bi\u00ean l\u1ee3i nhu\u1eadn t\u1ed1t khi t\u01b0 v\u1ea5n \u0111\u00fang nhu c\u1ea7u.<\/p>\n<hr data-start=\"3977\" data-end=\"3980\" \/>\n<h2 data-start=\"3982\" data-end=\"3997\">13. K\u1ebft lu\u1eadn<\/h2>\n<p data-start=\"3999\" data-end=\"4030\">N\u1ebfu anh \u0111ang t\u00ecm m\u1ed9t gi\u1ea3i ph\u00e1p:<\/p>\n<ul data-start=\"4031\" data-end=\"4130\">\n<li data-start=\"4031\" data-end=\"4060\">An to\u00e0n tuy\u1ec7t \u0111\u1ed1i khi t\u1eafm<\/li>\n<li data-start=\"4061\" data-end=\"4084\">Tr\u1ea3i nghi\u1ec7m cao c\u1ea5p<\/li>\n<li data-start=\"4085\" data-end=\"4111\">Ti\u1ebft ki\u1ec7m n\u01b0\u1edbc l\u00e2u d\u00e0i<\/li>\n<li data-start=\"4112\" data-end=\"4130\">\u0110\u1ed9 b\u1ec1n \u1ed5n \u0111\u1ecbnh<\/li>\n<\/ul>\n<p data-start=\"4132\" data-end=\"4182\">th\u00ec INAX BFV-3413T-8C l\u00e0 l\u1ef1a ch\u1ecdn r\u1ea5t \u0111\u00e1ng \u0111\u1ea7u t\u01b0.<\/p>\n<p data-start=\"4184\" data-end=\"4274\">\u0110\u00e2y kh\u00f4ng ch\u1ec9 l\u00e0 thi\u1ebft b\u1ecb v\u1ec7 sinh, m\u00e0 c\u00f2n l\u00e0 <strong data-start=\"4229\" data-end=\"4273\">n\u00e2ng c\u1ea5p ch\u1ea5t l\u01b0\u1ee3ng s\u1ed1ng cho c\u1ea3 gia \u0111\u00ecnh<\/strong>.<\/p>\n<p data-start=\"4866\" data-end=\"4979\"><strong data-start=\"4866\" data-end=\"4917\">Ehrlich Vi\u1ec7t Nam \u2013 Thi\u1ebft B\u1ecb Nh\u00e0 B\u1ebfp &amp; Ph\u00f2ng T\u1eafm<\/strong><br data-start=\"4917\" data-end=\"4920\" \/>\ud83d\udccd\u00a0\u0110\u1ecba ch\u1ec9: S\u1ed1 6 Li\u1ec1n K\u1ec1 22, K\u0110T V\u0103n Kh\u00ea, H\u00e0 \u0110\u00f4ng, H\u00e0 N\u1ed9i<\/p>\n<p data-start=\"4981\" data-end=\"5105\">\ud83c\udf10\u00a0Website:\u00a0<a class=\"decorated-link\" href=\"https:\/\/ehrlichvietnam.vn\/\" target=\"_new\" rel=\"noopener\" data-start=\"4993\" data-end=\"5019\">https:\/\/ehrlichvietnam.vn\/<\/a><br data-start=\"5019\" data-end=\"5022\" \/>\ud83d\udcde\u00a0Hotline:\u00a0<strong data-start=\"5034\" data-end=\"5051\">0932 27 05 20<\/strong><br data-start=\"5051\" data-end=\"5054\" \/>\ud83d\udcac\u00a0Zalo OA:\u00a0<a class=\"decorated-link\" href=\"https:\/\/zalo.me\/s\/2888141157129558325\" target=\"_new\" rel=\"noopener\" data-start=\"5066\" data-end=\"5103\">https:\/\/zalo.me\/s\/2888141157129558325<\/a><\/p>\n<p data-start=\"5107\" data-end=\"5218\">\ud83c\udfa5\u00a0TikTok:\u00a0<a class=\"decorated-link\" href=\"https:\/\/www.tiktok.com\/@ehrlich.chia.s?_r=1\" target=\"_new\" rel=\"noopener\" data-start=\"5118\" data-end=\"5162\">https:\/\/www.tiktok.com\/@ehrlichthietbivesinh<\/a><br data-start=\"5162\" data-end=\"5165\" \/>\u25b6\ufe0f\u00a0YouTube:\u00a0<a class=\"decorated-link\" href=\"https:\/\/www.youtube.com\/@EhrlichVietNam\" target=\"_new\" rel=\"noopener\" data-start=\"5177\" data-end=\"5216\">https:\/\/www.youtube.com\/@EhrlichVietNam<\/a><\/p>\n<p data-start=\"5220\" data-end=\"5265\">\ud83d\ude9a\u00a0Giao h\u00e0ng to\u00e0n qu\u1ed1c \u2013 t\u01b0 v\u1ea5n nhanh ch\u00f3ng<\/p>\n<p data-start=\"5267\" data-end=\"5313\">\ud83d\udc49\u00a0<strong data-start=\"5270\" data-end=\"5313\">Inbox ngay \u0111\u1ec3 nh\u1eadn \u01b0u \u0111\u00e3i th\u00eam h\u00f4m nay!<\/strong><\/p>\n","protected":false},"excerpt":{"rendered":"<p>Sen T\u1eafm Nhi\u1ec7t \u0110\u1ed9 INAX BFV-3413T-8C \u2013 An To\u00e0n Ch\u1ed1ng B\u1ecfng, Tr\u1ea3i Nghi\u1ec7m T\u1eafm Cao C\u1ea5p 1. Gi\u1edbi thi\u1ec7u sen t\u1eafm nhi\u1ec7t \u0111\u1ed9 INAX BFV-3413T-8C Trong xu h\u01b0\u1edbng n\u00e2ng c\u1ea5p kh\u00f4ng gian ph\u00f2ng t\u1eafm hi\u1ec7n \u0111\u1ea1i, sen t\u1eafm nhi\u1ec7t \u0111\u1ed9 \u0111ang d\u1ea7n tr\u1edf th\u00e0nh l\u1ef1a ch\u1ecdn \u01b0u ti\u00ean nh\u1edd kh\u1ea3 n\u0103ng ki\u1ec3m so\u00e1t nhi\u1ec7t ch\u00ednh [&hellip;]<\/p>\n","protected":false},"featured_media":4915,"comment_status":"open","ping_status":"closed","template":"","meta":{"_acf_changed":false},"product_brand":[141],"product_cat":[23,15,136,147],"product_tag":[],"class_list":{"0":"post-4909","1":"product","2":"type-product","3":"status-publish","4":"has-post-thumbnail","6":"product_brand-inax","7":"product_cat-thiet-bi-phong-ve-sinh","8":"product_cat-san-pham","9":"product_cat-thuong-hieu-inax","10":"product_cat-sen-tam-inax","12":"first","13":"instock","14":"shipping-taxable","15":"product-type-simple"},"acf":[],"_links":{"self":[{"href":"https:\/\/ehrlichvietnam.vn\/en\/wp-json\/wp\/v2\/product\/4909","targetHints":{"allow":["GET"]}}],"collection":[{"href":"https:\/\/ehrlichvietnam.vn\/en\/wp-json\/wp\/v2\/product"}],"about":[{"href":"https:\/\/ehrlichvietnam.vn\/en\/wp-json\/wp\/v2\/types\/product"}],"replies":[{"embeddable":true,"href":"https:\/\/ehrlichvietnam.vn\/en\/wp-json\/wp\/v2\/comments?post=4909"}],"wp:featuredmedia":[{"embeddable":true,"href":"https:\/\/ehrlichvietnam.vn\/en\/wp-json\/wp\/v2\/media\/4915"}],"wp:attachment":[{"href":"https:\/\/ehrlichvietnam.vn\/en\/wp-json\/wp\/v2\/media?parent=4909"}],"wp:term":[{"taxonomy":"product_brand","embeddable":true,"href":"https:\/\/ehrlichvietnam.vn\/en\/wp-json\/wp\/v2\/product_brand?post=4909"},{"taxonomy":"product_cat","embeddable":true,"href":"https:\/\/ehrlichvietnam.vn\/en\/wp-json\/wp\/v2\/product_cat?post=4909"},{"taxonomy":"product_tag","embeddable":true,"href":"https:\/\/ehrlichvietnam.vn\/en\/wp-json\/wp\/v2\/product_tag?post=4909"}],"curies":[{"name":"wp","href":"https:\/\/api.w.org\/{rel}","templated":true}]}}