{"id":4895,"date":"2026-04-17T03:33:28","date_gmt":"2026-04-17T03:33:28","guid":{"rendered":"https:\/\/ehrlichvietnam.vn\/?post_type=product&#038;p=4895"},"modified":"2026-04-17T07:40:28","modified_gmt":"2026-04-17T07:40:28","slug":"sen-tam-dung-bfv-1115s-3c-2-nong-lanh-tay-massage-5-che-do","status":"publish","type":"product","link":"https:\/\/ehrlichvietnam.vn\/sen-tam-dung-bfv-1115s-3c-2-nong-lanh-tay-massage-5-che-do\/","title":{"rendered":"Sen t\u1eafm \u0111\u1ee9ng Inax BFV-1115S-3C-2 N\u00f3ng L\u1ea1nh Tay Massage 5 Ch\u1ebf \u0110\u1ed9"},"content":{"rendered":"<h1 data-start=\"115\" data-end=\"200\">Sen T\u1eafm \u0110\u1ee9ng INAX BFV-1115S-3C-2 \u2013 B\u1ec1n B\u1ec9, \u0110a Ch\u1ebf \u0110\u1ed9, Chu\u1ea9n Nh\u1eadt Cho M\u1ecdi C\u00f4ng Tr\u00ecnh<\/h1>\n<h2 data-start=\"202\" data-end=\"251\">1. Gi\u1edbi thi\u1ec7u sen t\u1eafm \u0111\u1ee9ng INAX BFV-1115S-3C-2<\/h2>\n<p data-start=\"253\" data-end=\"460\">Trong ph\u00e2n kh\u00fac sen t\u1eafm \u0111\u1ee9ng t\u1ea7m trung \u2013 cao c\u1ea5p, c\u00e1c s\u1ea3n ph\u1ea9m \u0111\u1ebfn t\u1eeb <span class=\"hover:entity-accent entity-underline inline cursor-pointer align-baseline\"><span class=\"whitespace-normal\">INAX<\/span><\/span> lu\u00f4n \u0111\u01b0\u1ee3c ng\u01b0\u1eddi d\u00f9ng v\u00e0 th\u1ea7u th\u1ee3 \u0111\u00e1nh gi\u00e1 cao v\u1ec1 \u0111\u1ed9 b\u1ec1n, t\u00ednh \u1ed5n \u0111\u1ecbnh v\u00e0 kh\u1ea3 n\u0103ng v\u1eadn h\u00e0nh l\u00e2u d\u00e0i.<\/p>\n<p data-start=\"462\" data-end=\"654\">Sen t\u1eafm \u0111\u1ee9ng INAX BFV-1115S-3C-2 l\u00e0 m\u1eabu m\u1edbi \u0111\u01b0\u1ee3c n\u00e2ng c\u1ea5p t\u1eeb b\u1ed9 sen BFV-1113S k\u1ebft h\u1ee3p ph\u1ee5 ki\u1ec7n sen c\u00e2y cao c\u1ea5p, mang \u0111\u1ebfn gi\u1ea3i ph\u00e1p t\u1eafm ti\u1ec7n nghi, linh ho\u1ea1t v\u00e0 t\u1ed1i \u01b0u chi ph\u00ed cho gia \u0111\u00ecnh Vi\u1ec7t.<\/p>\n<p data-start=\"462\" data-end=\"654\"><img decoding=\"async\" src=\"https:\/\/www.tdm.vn\/image\/catalog\/products\/product_bfv-1115s-3c-2\/ban-ve-inax-bfv-1115s-3c-2.jpg\" \/><\/p>\n<hr data-start=\"656\" data-end=\"659\" \/>\n<h2 data-start=\"661\" data-end=\"711\">2. Thi\u1ebft k\u1ebf ch\u1eafc ch\u1eafn \u2013 K\u1ebft c\u1ea5u \u1ed1ng c\u1ee9ng b\u1ec1n b\u1ec9<\/h2>\n<p data-start=\"713\" data-end=\"843\">Kh\u00e1c v\u1edbi nhi\u1ec1u d\u00f2ng sen ph\u1ed5 th\u00f4ng tr\u00ean th\u1ecb tr\u01b0\u1eddng, BFV-1115S-3C-2 s\u1eed d\u1ee5ng <strong data-start=\"787\" data-end=\"836\">k\u1ebft n\u1ed1i gi\u1eefa c\u1ee7 sen v\u00e0 th\u00e2n c\u00e2y b\u1eb1ng \u1ed1ng c\u1ee9ng<\/strong>, gi\u00fap:<\/p>\n<ul data-start=\"845\" data-end=\"973\">\n<li data-start=\"845\" data-end=\"884\">T\u0103ng \u0111\u1ed9 ch\u1eafc ch\u1eafn, h\u1ea1n ch\u1ebf rung l\u1eafc<\/li>\n<li data-start=\"885\" data-end=\"925\">Gi\u1eef form d\u00e1ng \u1ed5n \u0111\u1ecbnh theo th\u1eddi gian<\/li>\n<li data-start=\"926\" data-end=\"973\">T\u0103ng \u0111\u1ed9 b\u1ec1n trong qu\u00e1 tr\u00ecnh s\u1eed d\u1ee5ng l\u00e2u d\u00e0i<\/li>\n<\/ul>\n<p data-start=\"975\" data-end=\"1061\">\ud83d\udc49 \u0110\u00e2y l\u00e0 y\u1ebfu t\u1ed1 c\u1ef1c k\u1ef3 quan tr\u1ecdng v\u1edbi c\u00f4ng tr\u00ecnh nh\u00e0 ph\u1ed1 v\u00e0 d\u1ef1 \u00e1n c\u1ea7n \u0111\u1ed9 \u1ed5n \u0111\u1ecbnh cao.<\/p>\n<hr data-start=\"1063\" data-end=\"1066\" \/>\n<h2 data-start=\"1068\" data-end=\"1115\">3. B\u00e1t sen tr\u1ea7n l\u1edbn 203mm \u2013 T\u1eafm \u201c\u0111\u00e3\u201d nh\u01b0 spa<\/h2>\n<p data-start=\"1117\" data-end=\"1210\">S\u1ea3n ph\u1ea9m \u0111\u01b0\u1ee3c trang b\u1ecb <strong data-start=\"1140\" data-end=\"1173\">b\u00e1t sen tr\u00f2n \u0111\u01b0\u1eddng k\u00ednh 203mm<\/strong>, mang l\u1ea1i tr\u1ea3i nghi\u1ec7m t\u1eafm v\u01b0\u1ee3t tr\u1ed9i:<\/p>\n<ul data-start=\"1212\" data-end=\"1323\">\n<li data-start=\"1212\" data-end=\"1239\">Di\u1ec7n t\u00edch ph\u1ee7 n\u01b0\u1edbc r\u1ed9ng<\/li>\n<li data-start=\"1240\" data-end=\"1276\">Tia n\u01b0\u1edbc ph\u00e2n b\u1ed5 \u0111\u1ec1u kh\u1eafp c\u01a1 th\u1ec3<\/li>\n<li data-start=\"1277\" data-end=\"1323\">T\u1ea1o c\u1ea3m gi\u00e1c th\u01b0 gi\u00e3n nh\u01b0 t\u1eafm m\u01b0a t\u1ef1 nhi\u00ean<\/li>\n<\/ul>\n<p data-start=\"1325\" data-end=\"1440\">\ud83d\udc49 So v\u1edbi c\u00e1c d\u00f2ng b\u00e1t sen nh\u1ecf, tr\u1ea3i nghi\u1ec7m th\u1ef1c t\u1ebf \u201c\u0111\u00e3\u201d h\u01a1n r\u00f5 r\u1ec7t \u2013 d\u1ec5 ch\u1ed1t sale v\u1edbi kh\u00e1ch tr\u1ea3i nghi\u1ec7m tr\u1ef1c ti\u1ebfp.<\/p>\n<hr data-start=\"1442\" data-end=\"1445\" \/>\n<h2 data-start=\"1447\" data-end=\"1501\">4. Tay sen 5 ch\u1ebf \u0111\u1ed9 massage \u2013 Linh ho\u1ea1t m\u1ecdi nhu c\u1ea7u<\/h2>\n<p data-start=\"1503\" data-end=\"1588\">Sen t\u1eafm \u0111\u1ee9ng INAX BFV-1115S-3C-2 t\u00edch h\u1ee3p tay sen \u0111a n\u0103ng v\u1edbi <strong data-start=\"1565\" data-end=\"1587\">5 ch\u1ebf \u0111\u1ed9 phun n\u01b0\u1edbc<\/strong>:<\/p>\n<ul data-start=\"1590\" data-end=\"1657\">\n<li data-start=\"1590\" data-end=\"1602\">Tia m\u1ea1nh<\/li>\n<li data-start=\"1603\" data-end=\"1614\">Tia nh\u1eb9<\/li>\n<li data-start=\"1615\" data-end=\"1626\">Massage<\/li>\n<li data-start=\"1627\" data-end=\"1638\">H\u1ed7n h\u1ee3p<\/li>\n<li data-start=\"1639\" data-end=\"1657\">Ti\u1ebft ki\u1ec7m n\u01b0\u1edbc<\/li>\n<\/ul>\n<p data-start=\"1659\" data-end=\"1674\">\ud83d\udc49 Ph\u00f9 h\u1ee3p cho:<\/p>\n<ul data-start=\"1675\" data-end=\"1762\">\n<li data-start=\"1675\" data-end=\"1698\">T\u1eafm nhanh h\u00e0ng ng\u00e0y<\/li>\n<li data-start=\"1699\" data-end=\"1710\">G\u1ed9i \u0111\u1ea7u<\/li>\n<li data-start=\"1711\" data-end=\"1740\">Th\u01b0 gi\u00e3n sau khi v\u1eadn \u0111\u1ed9ng<\/li>\n<li data-start=\"1741\" data-end=\"1762\">V\u1ec7 sinh ph\u00f2ng t\u1eafm<\/li>\n<\/ul>\n<hr data-start=\"1764\" data-end=\"1767\" \/>\n<h2 data-start=\"1769\" data-end=\"1826\">5. \u0110i\u1ec1u ch\u1ec9nh \u0111\u1ed9 cao linh ho\u1ea1t \u2013 Ph\u00f9 h\u1ee3p m\u1ecdi \u0111\u1ed1i t\u01b0\u1ee3ng<\/h2>\n<p data-start=\"1828\" data-end=\"1901\">M\u1ed9t \u0111i\u1ec3m c\u1ed9ng l\u1edbn c\u1ee7a s\u1ea3n ph\u1ea9m l\u00e0 kh\u1ea3 n\u0103ng <strong data-start=\"1871\" data-end=\"1900\">\u0111i\u1ec1u ch\u1ec9nh \u0111\u1ed9 cao tay sen<\/strong>:<\/p>\n<ul data-start=\"1903\" data-end=\"1999\">\n<li data-start=\"1903\" data-end=\"1933\">Ph\u00f9 h\u1ee3p ng\u01b0\u1eddi l\u1edbn \u2013 tr\u1ebb em<\/li>\n<li data-start=\"1934\" data-end=\"1966\">D\u1ec5 t\u00f9y ch\u1ec9nh theo kh\u00f4ng gian<\/li>\n<li data-start=\"1967\" data-end=\"1999\">T\u0103ng tr\u1ea3i nghi\u1ec7m c\u00e1 nh\u00e2n h\u00f3a<\/li>\n<\/ul>\n<p data-start=\"2001\" data-end=\"2062\">\ud83d\udc49 V\u1edbi gia \u0111\u00ecnh nhi\u1ec1u th\u1ebf h\u1ec7, \u0111\u00e2y l\u00e0 y\u1ebfu t\u1ed1 c\u1ef1c k\u1ef3 \u201c\u0103n \u0111i\u1ec3m\u201d.<\/p>\n<hr data-start=\"2064\" data-end=\"2067\" \/>\n<h2 data-start=\"2069\" data-end=\"2122\">6. Cartridge cao c\u1ea5p \u2013 Ti\u1ebft ki\u1ec7m n\u01b0\u1edbc, ch\u1ed1ng r\u00f2 r\u1ec9<\/h2>\n<p data-start=\"2124\" data-end=\"2185\">S\u1ea3n ph\u1ea9m \u0111\u01b0\u1ee3c trang b\u1ecb <strong data-start=\"2147\" data-end=\"2179\">\u0111\u0129a Cartridge ch\u1ea5t l\u01b0\u1ee3ng cao<\/strong> gi\u00fap:<\/p>\n<ul data-start=\"2187\" data-end=\"2298\">\n<li data-start=\"2187\" data-end=\"2214\">\u0110i\u1ec1u ch\u1ec9nh n\u01b0\u1edbc m\u01b0\u1ee3t m\u00e0<\/li>\n<li data-start=\"2215\" data-end=\"2248\">Ki\u1ec3m so\u00e1t l\u01b0u l\u01b0\u1ee3ng ch\u00ednh x\u00e1c<\/li>\n<li data-start=\"2249\" data-end=\"2271\">H\u1ea1n ch\u1ebf r\u00f2 r\u1ec9 n\u01b0\u1edbc<\/li>\n<li data-start=\"2272\" data-end=\"2298\">T\u0103ng tu\u1ed5i th\u1ecd s\u1ea3n ph\u1ea9m<\/li>\n<\/ul>\n<p data-start=\"2300\" data-end=\"2360\">\ud83d\udc49 \u0110\u00e2y l\u00e0 \u201ctr\u00e1i tim\u201d c\u1ee7a sen t\u1eafm, quy\u1ebft \u0111\u1ecbnh \u0111\u1ed9 b\u1ec1n l\u00e2u d\u00e0i.<\/p>\n<hr data-start=\"2362\" data-end=\"2365\" \/>\n<h2 data-start=\"2367\" data-end=\"2421\">7. L\u1edbp m\u1ea1 Crom\/Niken \u2013 Ch\u1ed1ng oxy h\u00f3a, gi\u1eef s\u00e1ng b\u00f3ng<\/h2>\n<p data-start=\"2423\" data-end=\"2507\">Sen t\u1eafm \u0111\u1ee9ng INAX BFV-1115S-3C-2 \u0111\u01b0\u1ee3c ho\u00e0n thi\u1ec7n b\u1eb1ng l\u1edbp m\u1ea1 <strong data-start=\"2484\" data-end=\"2506\">Crom\/Niken cao c\u1ea5p<\/strong>:<\/p>\n<ul data-start=\"2509\" data-end=\"2606\">\n<li data-start=\"2509\" data-end=\"2545\">Ch\u1ed1ng \u0103n m\u00f2n trong m\u00f4i tr\u01b0\u1eddng \u1ea9m<\/li>\n<li data-start=\"2546\" data-end=\"2577\">H\u1ea1n ch\u1ebf b\u00e1m c\u1eb7n, d\u1ec5 v\u1ec7 sinh<\/li>\n<li data-start=\"2578\" data-end=\"2606\">Gi\u1eef \u0111\u1ed9 s\u00e1ng b\u00f3ng l\u00e2u d\u00e0i<\/li>\n<\/ul>\n<p data-start=\"2608\" data-end=\"2676\">\ud83d\udc49 \u0110\u1eb7c bi\u1ec7t ph\u00f9 h\u1ee3p v\u1edbi khu v\u1ef1c n\u01b0\u1edbc c\u1ee9ng ho\u1eb7c s\u1eed d\u1ee5ng th\u01b0\u1eddng xuy\u00ean.<\/p>\n<hr data-start=\"2678\" data-end=\"2681\" \/>\n<h2 data-start=\"2683\" data-end=\"2740\">8. Ho\u1ea1t \u0111\u1ed9ng \u1ed5n \u0111\u1ecbnh trong nhi\u1ec1u \u0111i\u1ec1u ki\u1ec7n \u00e1p l\u1ef1c n\u01b0\u1edbc<\/h2>\n<p data-start=\"2742\" data-end=\"2781\">S\u1ea3n ph\u1ea9m v\u1eadn h\u00e0nh t\u1ed1t trong d\u1ea3i \u00e1p l\u1ef1c:<\/p>\n<ul data-start=\"2783\" data-end=\"2808\">\n<li data-start=\"2783\" data-end=\"2808\"><strong data-start=\"2785\" data-end=\"2808\">0.05 MPa \u2013 0.75 MPa<\/strong><\/li>\n<\/ul>\n<p data-start=\"2810\" data-end=\"2829\">\ud83d\udc49 T\u01b0\u01a1ng th\u00edch v\u1edbi:<\/p>\n<ul data-start=\"2830\" data-end=\"2891\">\n<li data-start=\"2830\" data-end=\"2841\">Nh\u00e0 ph\u1ed1<\/li>\n<li data-start=\"2842\" data-end=\"2854\">Chung c\u01b0<\/li>\n<li data-start=\"2855\" data-end=\"2868\">Kh\u00e1ch s\u1ea1n<\/li>\n<li data-start=\"2869\" data-end=\"2891\">C\u00f4ng tr\u00ecnh c\u1ea3i t\u1ea1o<\/li>\n<\/ul>\n<p data-start=\"2893\" data-end=\"2956\">D\u00f9 n\u01b0\u1edbc y\u1ebfu hay m\u1ea1nh, sen v\u1eabn \u0111\u1ea3m b\u1ea3o d\u00f2ng ch\u1ea3y \u1ed5n \u0111\u1ecbnh v\u00e0 \u0111\u1ec1u.<\/p>\n<hr data-start=\"2958\" data-end=\"2961\" \/>\n<h2 data-start=\"2963\" data-end=\"2995\">9. Th\u00f4ng s\u1ed1 k\u1ef9 thu\u1eadt chi ti\u1ebft<\/h2>\n<ul data-start=\"2997\" data-end=\"3271\">\n<li data-start=\"2997\" data-end=\"3047\">T\u00ean s\u1ea3n ph\u1ea9m: Sen t\u1eafm \u0111\u1ee9ng INAX BFV-1115S-3C-2<\/li>\n<li data-start=\"3048\" data-end=\"3080\">Th\u01b0\u01a1ng hi\u1ec7u: INAX (Nh\u1eadt B\u1ea3n)<\/li>\n<li data-start=\"3081\" data-end=\"3104\">B\u00e1t sen tr\u1ea7n: 203mm<\/li>\n<li data-start=\"3105\" data-end=\"3126\">Tay sen: 5 ch\u1ebf \u0111\u1ed9<\/li>\n<li data-start=\"3127\" data-end=\"3146\">D\u00e2y sen: 1500mm<\/li>\n<li data-start=\"3147\" data-end=\"3179\">\u00c1p l\u1ef1c n\u01b0\u1edbc: 0.05 \u2013 0.75 MPa<\/li>\n<li data-start=\"3180\" data-end=\"3202\">L\u1edbp m\u1ea1: Crom\/Niken<\/li>\n<li data-start=\"3203\" data-end=\"3224\">K\u1ebft n\u1ed1i: \u1ed0ng c\u1ee9ng<\/li>\n<li data-start=\"3225\" data-end=\"3271\">\u0110i\u1ec1u ch\u1ec9nh: C\u00f3 th\u1ec3 thay \u0111\u1ed5i \u0111\u1ed9 cao tay sen<\/li>\n<\/ul>\n<hr data-start=\"3273\" data-end=\"3276\" \/>\n<h2 data-start=\"3278\" data-end=\"3308\">10. \u01afu \u2013 nh\u01b0\u1ee3c \u0111i\u1ec3m th\u1ef1c t\u1ebf<\/h2>\n<h3 data-start=\"3310\" data-end=\"3321\">\u01afu \u0111i\u1ec3m<\/h3>\n<ul data-start=\"3322\" data-end=\"3481\">\n<li data-start=\"3322\" data-end=\"3355\">K\u1ebft c\u1ea5u ch\u1eafc ch\u1eafn, \u0111\u1ed9 b\u1ec1n cao<\/li>\n<li data-start=\"3356\" data-end=\"3392\">B\u00e1t sen l\u1edbn, tr\u1ea3i nghi\u1ec7m t\u1eafm t\u1ed1t<\/li>\n<li data-start=\"3393\" data-end=\"3424\">Tay sen \u0111a ch\u1ebf \u0111\u1ed9 ti\u1ec7n d\u1ee5ng<\/li>\n<li data-start=\"3425\" data-end=\"3452\">Ti\u1ebft ki\u1ec7m n\u01b0\u1edbc hi\u1ec7u qu\u1ea3<\/li>\n<li data-start=\"3453\" data-end=\"3481\">Ph\u00f9 h\u1ee3p nhi\u1ec1u c\u00f4ng tr\u00ecnh<\/li>\n<\/ul>\n<h3 data-start=\"3483\" data-end=\"3497\">Nh\u01b0\u1ee3c \u0111i\u1ec3m<\/h3>\n<ul data-start=\"3498\" data-end=\"3575\">\n<li data-start=\"3498\" data-end=\"3529\">Thi\u1ebft k\u1ebf thi\u00ean v\u1ec1 th\u1ef1c d\u1ee5ng<\/li>\n<li data-start=\"3530\" data-end=\"3575\">Kh\u00f4ng qu\u00e1 n\u1ed5i b\u1eadt v\u1ec1 t\u00ednh \u201cdecor cao c\u1ea5p\u201d<\/li>\n<\/ul>\n<hr data-start=\"3577\" data-end=\"3580\" \/>\n<h2 data-start=\"3582\" data-end=\"3605\">11. \u1ee8ng d\u1ee5ng th\u1ef1c t\u1ebf<\/h2>\n<p data-start=\"3607\" data-end=\"3648\">Sen t\u1eafm \u0111\u1ee9ng INAX BFV-1115S-3C-2 ph\u00f9 h\u1ee3p:<\/p>\n<ul data-start=\"3650\" data-end=\"3773\">\n<li data-start=\"3650\" data-end=\"3669\">Nh\u00e0 ph\u1ed1 x\u00e2y m\u1edbi<\/li>\n<li data-start=\"3670\" data-end=\"3682\">Chung c\u01b0<\/li>\n<li data-start=\"3683\" data-end=\"3714\">Nh\u00e0 cho thu\u00ea ch\u1ea5t l\u01b0\u1ee3ng cao<\/li>\n<li data-start=\"3715\" data-end=\"3739\">Kh\u00e1ch s\u1ea1n \u2013 homestay<\/li>\n<li data-start=\"3740\" data-end=\"3773\">C\u00f4ng tr\u00ecnh c\u1ea7n \u0111\u1ed9 b\u1ec1n l\u00e2u d\u00e0i<\/li>\n<\/ul>\n<p data-start=\"3775\" data-end=\"3842\">\ud83d\udc49 \u0110\u1eb7c bi\u1ec7t h\u1ee3p v\u1edbi kh\u00e1ch h\u00e0ng \u01b0u ti\u00ean <strong data-start=\"3814\" data-end=\"3841\">b\u1ec1n \u2013 \u1ed5n \u0111\u1ecbnh \u2013 d\u1ec5 d\u00f9ng<\/strong>.<\/p>\n<p data-start=\"4866\" data-end=\"4979\"><strong data-start=\"4866\" data-end=\"4917\">Ehrlich Vi\u1ec7t Nam \u2013 Thi\u1ebft B\u1ecb Nh\u00e0 B\u1ebfp &amp; Ph\u00f2ng T\u1eafm<\/strong><br data-start=\"4917\" data-end=\"4920\" \/>\ud83d\udccd\u00a0\u0110\u1ecba ch\u1ec9: S\u1ed1 6 Li\u1ec1n K\u1ec1 22, K\u0110T V\u0103n Kh\u00ea, H\u00e0 \u0110\u00f4ng, H\u00e0 N\u1ed9i<\/p>\n<p data-start=\"4981\" data-end=\"5105\">\ud83c\udf10\u00a0Website:\u00a0<a class=\"decorated-link\" href=\"https:\/\/ehrlichvietnam.vn\/\" target=\"_new\" rel=\"noopener\" data-start=\"4993\" data-end=\"5019\">https:\/\/ehrlichvietnam.vn\/<\/a><br data-start=\"5019\" data-end=\"5022\" \/>\ud83d\udcde\u00a0Hotline:\u00a0<strong data-start=\"5034\" data-end=\"5051\">0932 27 05 20<\/strong><br data-start=\"5051\" data-end=\"5054\" \/>\ud83d\udcac\u00a0Zalo OA:\u00a0<a class=\"decorated-link\" href=\"https:\/\/zalo.me\/s\/2888141157129558325\" target=\"_new\" rel=\"noopener\" data-start=\"5066\" data-end=\"5103\">https:\/\/zalo.me\/s\/2888141157129558325<\/a><\/p>\n<p data-start=\"5107\" data-end=\"5218\">\ud83c\udfa5\u00a0TikTok:\u00a0<a class=\"decorated-link\" href=\"https:\/\/www.tiktok.com\/@ehrlich.chia.s?_r=1\" target=\"_new\" rel=\"noopener\" data-start=\"5118\" data-end=\"5162\">https:\/\/www.tiktok.com\/@ehrlichthietbivesinh<\/a><br data-start=\"5162\" data-end=\"5165\" \/>\u25b6\ufe0f\u00a0YouTube:\u00a0<a class=\"decorated-link\" href=\"https:\/\/www.youtube.com\/@EhrlichVietNam\" target=\"_new\" rel=\"noopener\" data-start=\"5177\" data-end=\"5216\">https:\/\/www.youtube.com\/@EhrlichVietNam<\/a><\/p>\n<p data-start=\"5220\" data-end=\"5265\">\ud83d\ude9a\u00a0Giao h\u00e0ng to\u00e0n qu\u1ed1c \u2013 t\u01b0 v\u1ea5n nhanh ch\u00f3ng<\/p>\n<p data-start=\"5267\" data-end=\"5313\">\ud83d\udc49\u00a0<strong data-start=\"5270\" data-end=\"5313\">Inbox ngay \u0111\u1ec3 nh\u1eadn \u01b0u \u0111\u00e3i th\u00eam h\u00f4m nay!<\/strong><\/p>\n","protected":false},"excerpt":{"rendered":"<p>Sen T\u1eafm \u0110\u1ee9ng INAX BFV-1115S-3C-2 \u2013 B\u1ec1n B\u1ec9, \u0110a Ch\u1ebf \u0110\u1ed9, Chu\u1ea9n Nh\u1eadt Cho M\u1ecdi C\u00f4ng Tr\u00ecnh 1. Gi\u1edbi thi\u1ec7u sen t\u1eafm \u0111\u1ee9ng INAX BFV-1115S-3C-2 Trong ph\u00e2n kh\u00fac sen t\u1eafm \u0111\u1ee9ng t\u1ea7m trung \u2013 cao c\u1ea5p, c\u00e1c s\u1ea3n ph\u1ea9m \u0111\u1ebfn t\u1eeb INAX lu\u00f4n \u0111\u01b0\u1ee3c ng\u01b0\u1eddi d\u00f9ng v\u00e0 th\u1ea7u th\u1ee3 \u0111\u00e1nh gi\u00e1 cao v\u1ec1 \u0111\u1ed9 b\u1ec1n, [&hellip;]<\/p>\n","protected":false},"featured_media":4896,"comment_status":"open","ping_status":"closed","template":"","meta":{"_acf_changed":false},"product_brand":[141],"product_cat":[23,15,136,147],"product_tag":[],"class_list":{"0":"post-4895","1":"product","2":"type-product","3":"status-publish","4":"has-post-thumbnail","6":"product_brand-inax","7":"product_cat-thiet-bi-phong-ve-sinh","8":"product_cat-san-pham","9":"product_cat-thuong-hieu-inax","10":"product_cat-sen-tam-inax","12":"first","13":"instock","14":"shipping-taxable","15":"product-type-simple"},"acf":[],"_links":{"self":[{"href":"https:\/\/ehrlichvietnam.vn\/en\/wp-json\/wp\/v2\/product\/4895","targetHints":{"allow":["GET"]}}],"collection":[{"href":"https:\/\/ehrlichvietnam.vn\/en\/wp-json\/wp\/v2\/product"}],"about":[{"href":"https:\/\/ehrlichvietnam.vn\/en\/wp-json\/wp\/v2\/types\/product"}],"replies":[{"embeddable":true,"href":"https:\/\/ehrlichvietnam.vn\/en\/wp-json\/wp\/v2\/comments?post=4895"}],"wp:featuredmedia":[{"embeddable":true,"href":"https:\/\/ehrlichvietnam.vn\/en\/wp-json\/wp\/v2\/media\/4896"}],"wp:attachment":[{"href":"https:\/\/ehrlichvietnam.vn\/en\/wp-json\/wp\/v2\/media?parent=4895"}],"wp:term":[{"taxonomy":"product_brand","embeddable":true,"href":"https:\/\/ehrlichvietnam.vn\/en\/wp-json\/wp\/v2\/product_brand?post=4895"},{"taxonomy":"product_cat","embeddable":true,"href":"https:\/\/ehrlichvietnam.vn\/en\/wp-json\/wp\/v2\/product_cat?post=4895"},{"taxonomy":"product_tag","embeddable":true,"href":"https:\/\/ehrlichvietnam.vn\/en\/wp-json\/wp\/v2\/product_tag?post=4895"}],"curies":[{"name":"wp","href":"https:\/\/api.w.org\/{rel}","templated":true}]}}