{"id":4890,"date":"2026-04-17T02:47:22","date_gmt":"2026-04-17T02:47:22","guid":{"rendered":"https:\/\/ehrlichvietnam.vn\/?post_type=product&#038;p=4890"},"modified":"2026-04-17T07:23:25","modified_gmt":"2026-04-17T07:23:25","slug":"sen-tam-cay-inax-bfv-515s-cao-cap","status":"publish","type":"product","link":"https:\/\/ehrlichvietnam.vn\/sen-tam-cay-inax-bfv-515s-cao-cap\/","title":{"rendered":"Sen T\u1eafm C\u00e2y Inax BFV-515S Cao C\u1ea5p"},"content":{"rendered":"<h1 data-start=\"167\" data-end=\"249\">Sen T\u1eafm C\u00e2y INAX BFV-515S \u2013 Gi\u1ea3i Ph\u00e1p T\u1eafm To\u00e0n Di\u1ec7n, Hi\u1ec7n \u0110\u1ea1i Cho M\u1ecdi Kh\u00f4ng Gian<\/h1>\n<h2 data-start=\"251\" data-end=\"302\"><img decoding=\"async\" src=\"https:\/\/www.tdm.vn\/image\/catalog\/product-2516\/sen-cay-inax-bfv-515s.png\" \/><\/h2>\n<h2 data-start=\"251\" data-end=\"302\">1. Gi\u1edbi thi\u1ec7u chung v\u1ec1 sen t\u1eafm c\u00e2y INAX BFV-515S<\/h2>\n<p data-start=\"304\" data-end=\"665\">Trong xu h\u01b0\u1edbng thi\u1ebft k\u1ebf ph\u00f2ng t\u1eafm hi\u1ec7n \u0111\u1ea1i, sen t\u1eafm c\u00e2y kh\u00f4ng ch\u1ec9 \u0111\u01a1n thu\u1ea7n l\u00e0 thi\u1ebft b\u1ecb v\u1ec7 sinh m\u00e0 c\u00f2n \u0111\u00f3ng vai tr\u00f2 nh\u01b0 m\u1ed9t \u0111i\u1ec3m nh\u1ea5n th\u1ea9m m\u1ef9 quan tr\u1ecdng. N\u1ed5i b\u1eadt trong ph\u00e2n kh\u00fac n\u00e0y, sen t\u1eafm c\u00e2y INAX BFV-515S \u0111\u1ebfn t\u1eeb th\u01b0\u01a1ng hi\u1ec7u <span class=\"hover:entity-accent entity-underline inline cursor-pointer align-baseline\"><span class=\"whitespace-normal\">INAX<\/span><\/span> mang \u0111\u1ebfn gi\u1ea3i ph\u00e1p t\u1eafm to\u00e0n di\u1ec7n v\u1edbi thi\u1ebft k\u1ebf th\u00f4ng minh, v\u1eadn h\u00e0nh \u1ed5n \u0111\u1ecbnh v\u00e0 \u0111\u1ed9 b\u1ec1n v\u01b0\u1ee3t tr\u1ed9i.<\/p>\n<p data-start=\"667\" data-end=\"850\">S\u1ea3n ph\u1ea9m \u0111\u01b0\u1ee3c ph\u00e1t tri\u1ec3n theo ti\u00eau chu\u1ea9n c\u00f4ng ngh\u1ec7 Nh\u1eadt B\u1ea3n, ph\u00f9 h\u1ee3p v\u1edbi \u0111i\u1ec1u ki\u1ec7n s\u1eed d\u1ee5ng t\u1ea1i Vi\u1ec7t Nam, \u0111\u1eb7c bi\u1ec7t l\u00e0 c\u00e1c c\u00f4ng tr\u00ecnh nh\u00e0 ph\u1ed1, chung c\u01b0, kh\u00e1ch s\u1ea1n ho\u1eb7c bi\u1ec7t th\u1ef1 cao c\u1ea5p.<\/p>\n<hr data-start=\"852\" data-end=\"855\" \/>\n<h2 data-start=\"857\" data-end=\"904\">2. Thi\u1ebft k\u1ebf li\u1ec1n kh\u1ed1i \u2013 Tinh t\u1ebf v\u00e0 ch\u1eafc ch\u1eafn<\/h2>\n<p data-start=\"906\" data-end=\"1055\">\u0110i\u1ec3m \u1ea5n t\u01b0\u1ee3ng \u0111\u1ea7u ti\u00ean c\u1ee7a sen c\u00e2y BFV-515S ch\u00ednh l\u00e0 thi\u1ebft k\u1ebf li\u1ec1n kh\u1ed1i ch\u1eafc ch\u1eafn, mang l\u1ea1i c\u1ea3m gi\u00e1c c\u1ee9ng c\u00e1p v\u00e0 b\u1ec1n b\u1ec9 trong su\u1ed1t qu\u00e1 tr\u00ecnh s\u1eed d\u1ee5ng.<\/p>\n<ul data-start=\"1057\" data-end=\"1324\">\n<li data-start=\"1057\" data-end=\"1154\">Ki\u1ec3u d\u00e1ng hi\u1ec7n \u0111\u1ea1i, ph\u00f9 h\u1ee3p nhi\u1ec1u phong c\u00e1ch n\u1ed9i th\u1ea5t t\u1eeb t\u1ed1i gi\u1ea3n (Minimalism) \u0111\u1ebfn sang tr\u1ecdng<\/li>\n<li data-start=\"1155\" data-end=\"1222\">C\u00e1c chi ti\u1ebft \u0111\u01b0\u1ee3c ho\u00e0n thi\u1ec7n tinh x\u1ea3o, t\u1ea1o n\u00ean t\u1ed5ng th\u1ec3 h\u00e0i h\u00f2a<\/li>\n<li data-start=\"1223\" data-end=\"1324\">C\u1ea7n g\u1ea1t \u0111\u01b0\u1ee3c thi\u1ebft k\u1ebf ch\u00fac xu\u1ed1ng d\u01b0\u1edbi gi\u00fap thao t\u00e1c d\u1ec5 d\u00e0ng, quan s\u00e1t r\u00f5 r\u00e0ng k\u00fd hi\u1ec7u n\u00f3ng \u2013 l\u1ea1nh<\/li>\n<\/ul>\n<p data-start=\"1326\" data-end=\"1425\">\ud83d\udc49 \u0110\u00e2y l\u00e0 m\u1ed9t c\u1ea3i ti\u1ebfn nh\u1ecf nh\u01b0ng c\u1ef1c k\u1ef3 \u201c\u0111\u1eaft gi\u00e1\u201d, gi\u00fap ng\u01b0\u1eddi d\u00f9ng s\u1eed d\u1ee5ng thu\u1eadn ti\u1ec7n h\u01a1n m\u1ed7i ng\u00e0y.<\/p>\n<hr data-start=\"1427\" data-end=\"1430\" \/>\n<h2 data-start=\"1432\" data-end=\"1491\">3. T\u00edch h\u1ee3p 3 \u0111\u01b0\u1eddng n\u01b0\u1edbc \u2013 T\u1ed1i \u01b0u tr\u1ea3i nghi\u1ec7m ng\u01b0\u1eddi d\u00f9ng<\/h2>\n<p data-start=\"1493\" data-end=\"1561\">Sen t\u1eafm c\u00e2y INAX BFV-515S \u0111\u01b0\u1ee3c trang b\u1ecb 3 ch\u1ebf \u0111\u1ed9 x\u1ea3 n\u01b0\u1edbc ri\u00eang bi\u1ec7t:<\/p>\n<ul data-start=\"1563\" data-end=\"1806\">\n<li data-start=\"1563\" data-end=\"1653\"><strong data-start=\"1565\" data-end=\"1592\">Sen \u0111\u1ea7u (b\u00e1t sen tr\u1ea7n):<\/strong> T\u1ea1o d\u00f2ng n\u01b0\u1edbc ph\u1ee7 r\u1ed9ng, mang l\u1ea1i c\u1ea3m gi\u00e1c th\u01b0 gi\u00e3n nh\u01b0 spa<\/li>\n<li data-start=\"1654\" data-end=\"1729\"><strong data-start=\"1656\" data-end=\"1668\">Sen tay:<\/strong> Linh ho\u1ea1t, ph\u00f9 h\u1ee3p cho vi\u1ec7c t\u1eafm nhanh ho\u1eb7c v\u1ec7 sinh c\u00e1 nh\u00e2n<\/li>\n<li data-start=\"1730\" data-end=\"1806\"><strong data-start=\"1732\" data-end=\"1747\">V\u00f2i x\u1ea3 b\u1ed3n:<\/strong> Ti\u1ec7n l\u1ee3i khi c\u1ea7n l\u1ea5y n\u01b0\u1edbc nhanh ho\u1eb7c s\u1eed d\u1ee5ng cho b\u1ed3n t\u1eafm<\/li>\n<\/ul>\n<p data-start=\"1808\" data-end=\"1940\">\ud83d\udc49 \u0110\u00e2y l\u00e0 \u0111i\u1ec3m m\u1ea1nh gi\u00fap s\u1ea3n ph\u1ea9m ph\u00f9 h\u1ee3p v\u1edbi \u0111a d\u1ea1ng nhu c\u1ea7u s\u1eed d\u1ee5ng, \u0111\u1eb7c bi\u1ec7t trong gia \u0111\u00ecnh nhi\u1ec1u th\u1ebf h\u1ec7 ho\u1eb7c c\u00f4ng tr\u00ecnh cao c\u1ea5p.<\/p>\n<hr data-start=\"1942\" data-end=\"1945\" \/>\n<h2 data-start=\"1947\" data-end=\"2006\">4. G\u00e1c sen \u0111i\u1ec1u ch\u1ec9nh linh ho\u1ea1t \u2013 Ph\u00f9 h\u1ee3p m\u1ecdi th\u00e0nh vi\u00ean<\/h2>\n<p data-start=\"2008\" data-end=\"2106\">M\u1ed9t chi ti\u1ebft nh\u1ecf nh\u01b0ng mang l\u1ea1i gi\u00e1 tr\u1ecb s\u1eed d\u1ee5ng l\u1edbn l\u00e0 g\u00e1c sen c\u00f3 th\u1ec3 \u0111i\u1ec1u ch\u1ec9nh \u0111\u1ed9 cao linh ho\u1ea1t.<\/p>\n<ul data-start=\"2108\" data-end=\"2251\">\n<li data-start=\"2108\" data-end=\"2164\">Ph\u00f9 h\u1ee3p v\u1edbi chi\u1ec1u cao t\u1eebng th\u00e0nh vi\u00ean trong gia \u0111\u00ecnh<\/li>\n<li data-start=\"2165\" data-end=\"2200\">D\u1ec5 d\u00e0ng thay \u0111\u1ed5i v\u1ecb tr\u00ed s\u1eed d\u1ee5ng<\/li>\n<li data-start=\"2201\" data-end=\"2251\">T\u0103ng t\u00ednh ti\u1ec7n nghi v\u00e0 c\u00e1 nh\u00e2n h\u00f3a tr\u1ea3i nghi\u1ec7m<\/li>\n<\/ul>\n<p data-start=\"2253\" data-end=\"2353\">\ud83d\udc49 \u0110\u1ed1i v\u1edbi nh\u00e0 c\u00f3 tr\u1ebb nh\u1ecf ho\u1eb7c ng\u01b0\u1eddi l\u1edbn tu\u1ed5i, \u0111\u00e2y l\u00e0 y\u1ebfu t\u1ed1 r\u1ea5t \u0111\u00e1ng c\u00e2n nh\u1eafc khi l\u1ef1a ch\u1ecdn sen t\u1eafm.<\/p>\n<hr data-start=\"2355\" data-end=\"2358\" \/>\n<h2 data-start=\"2360\" data-end=\"2410\">5. C\u00f4ng ngh\u1ec7 tr\u1ed9n kh\u00ed \u2013 \u00cam \u00e1i v\u00e0 ti\u1ebft ki\u1ec7m n\u01b0\u1edbc<\/h2>\n<p data-start=\"2412\" data-end=\"2558\">Sen c\u00e2y BFV-515S \u0111\u01b0\u1ee3c t\u00edch h\u1ee3p c\u00f4ng ngh\u1ec7 tr\u1ed9n b\u1ecdt kh\u00ed v\u00e0o d\u00f2ng n\u01b0\u1edbc \u2013 m\u1ed9t trong nh\u1eefng c\u00f4ng ngh\u1ec7 n\u1ed5i b\u1eadt c\u1ee7a <span class=\"hover:entity-accent entity-underline inline cursor-pointer align-baseline\"><span class=\"whitespace-normal\">INAX<\/span><\/span>.<\/p>\n<p data-start=\"2560\" data-end=\"2580\"><strong data-start=\"2560\" data-end=\"2580\">L\u1ee3i \u00edch n\u1ed5i b\u1eadt:<\/strong><\/p>\n<ul data-start=\"2581\" data-end=\"2713\">\n<li data-start=\"2581\" data-end=\"2624\">D\u00f2ng n\u01b0\u1edbc m\u1ec1m m\u1ea1i, kh\u00f4ng g\u00e2y \u0111au r\u00e1t da<\/li>\n<li data-start=\"2625\" data-end=\"2659\">T\u0103ng c\u1ea3m gi\u00e1c th\u01b0 gi\u00e3n khi t\u1eafm<\/li>\n<li data-start=\"2660\" data-end=\"2713\">Gi\u1ea3m l\u01b0\u1ee3ng n\u01b0\u1edbc ti\u00eau th\u1ee5 nh\u01b0ng v\u1eabn \u0111\u1ea3m b\u1ea3o \u00e1p l\u1ef1c<\/li>\n<\/ul>\n<p data-start=\"2715\" data-end=\"2859\">\ud83d\udc49 \u0110\u00e2y l\u00e0 xu h\u01b0\u1edbng c\u00f4ng ngh\u1ec7 gi\u00fap ti\u1ebft ki\u1ec7m chi ph\u00ed n\u01b0\u1edbc l\u00e2u d\u00e0i, \u0111\u1eb7c bi\u1ec7t ph\u00f9 h\u1ee3p v\u1edbi gia \u0111\u00ecnh s\u1eed d\u1ee5ng th\u01b0\u1eddng xuy\u00ean ho\u1eb7c c\u00f4ng tr\u00ecnh kinh doanh.<\/p>\n<hr data-start=\"2861\" data-end=\"2864\" \/>\n<h2 data-start=\"2866\" data-end=\"2915\">6. \u1ed4n \u0111\u1ecbnh nhi\u1ec7t nhanh \u2013 T\u1eafm kh\u00f4ng c\u1ea7n ch\u1edd \u0111\u1ee3i<\/h2>\n<p data-start=\"2917\" data-end=\"3045\">M\u1ed9t trong nh\u1eefng v\u1ea5n \u0111\u1ec1 ph\u1ed5 bi\u1ebfn khi s\u1eed d\u1ee5ng sen t\u1eafm l\u00e0 ph\u1ea3i ch\u1edd n\u01b0\u1edbc n\u00f3ng \u1ed5n \u0111\u1ecbnh. V\u1edbi BFV-515S, \u0111i\u1ec1u n\u00e0y \u0111\u01b0\u1ee3c c\u1ea3i thi\u1ec7n r\u00f5 r\u1ec7t.<\/p>\n<ul data-start=\"3047\" data-end=\"3157\">\n<li data-start=\"3047\" data-end=\"3077\">T\u1ed1c \u0111\u1ed9 \u1ed5n \u0111\u1ecbnh nhi\u1ec7t nhanh<\/li>\n<li data-start=\"3078\" data-end=\"3107\">Gi\u1ea3m t\u00ecnh tr\u1ea1ng s\u1ed1c nhi\u1ec7t<\/li>\n<li data-start=\"3108\" data-end=\"3157\">Mang l\u1ea1i tr\u1ea3i nghi\u1ec7m t\u1eafm li\u1ec1n m\u1ea1ch, tho\u1ea3i m\u00e1i<\/li>\n<\/ul>\n<p data-start=\"3159\" data-end=\"3236\">\ud83d\udc49 \u0110\u1eb7c bi\u1ec7t h\u1eefu \u00edch trong m\u00f9a \u0111\u00f4ng ho\u1eb7c khu v\u1ef1c c\u00f3 \u00e1p l\u1ef1c n\u01b0\u1edbc kh\u00f4ng \u1ed5n \u0111\u1ecbnh.<\/p>\n<hr data-start=\"3238\" data-end=\"3241\" \/>\n<h2 data-start=\"3243\" data-end=\"3292\">7. B\u00e1t sen thi\u1ebft k\u1ebf t\u1ed1i \u01b0u \u2013 Bao ph\u1ee7 to\u00e0n th\u00e2n<\/h2>\n<p data-start=\"3294\" data-end=\"3339\">B\u00e1t sen \u0111\u01b0\u1ee3c thi\u1ebft k\u1ebf k\u1ef9 thu\u1eadt \u0111\u1eb7c bi\u1ec7t gi\u00fap:<\/p>\n<ul data-start=\"3341\" data-end=\"3436\">\n<li data-start=\"3341\" data-end=\"3370\">Ph\u00e2n b\u1ed5 tia n\u01b0\u1edbc \u0111\u1ed3ng \u0111\u1ec1u<\/li>\n<li data-start=\"3371\" data-end=\"3397\">Bao ph\u1ee7 to\u00e0n b\u1ed9 c\u01a1 th\u1ec3<\/li>\n<li data-start=\"3398\" data-end=\"3436\">T\u0103ng hi\u1ec7u qu\u1ea3 l\u00e0m s\u1ea1ch v\u00e0 th\u01b0 gi\u00e3n<\/li>\n<\/ul>\n<p data-start=\"3438\" data-end=\"3513\">\ud83d\udc49 So v\u1edbi c\u00e1c d\u00f2ng sen gi\u00e1 r\u1ebb, tr\u1ea3i nghi\u1ec7m t\u1eafm t\u1eeb BFV-515S \u201c\u0111\u00e3\u201d h\u01a1n r\u00f5 r\u1ec7t.<\/p>\n<hr data-start=\"3515\" data-end=\"3518\" \/>\n<h2 data-start=\"3520\" data-end=\"3567\">8. Ch\u1ea5t li\u1ec7u cao c\u1ea5p \u2013 B\u1ec1n b\u1ec9 theo th\u1eddi gian<\/h2>\n<p data-start=\"3569\" data-end=\"3653\">Sen t\u1eafm c\u00e2y INAX BFV-515S \u0111\u01b0\u1ee3c s\u1ea3n xu\u1ea5t t\u1eeb v\u1eadt li\u1ec7u cao c\u1ea5p, \u0111\u1ea3m b\u1ea3o \u0111\u1ed9 b\u1ec1n l\u00e2u d\u00e0i:<\/p>\n<ul data-start=\"3655\" data-end=\"3809\">\n<li data-start=\"3655\" data-end=\"3709\"><strong data-start=\"3657\" data-end=\"3679\">L\u1edbp m\u1ea1 Crom\/Niken:<\/strong> ch\u1ed1ng oxy h\u00f3a, ch\u1ed1ng \u0103n m\u00f2n<\/li>\n<li data-start=\"3710\" data-end=\"3762\"><strong data-start=\"3712\" data-end=\"3733\">B\u1ec1 m\u1eb7t s\u00e1ng b\u00f3ng:<\/strong> gi\u1eef th\u1ea9m m\u1ef9 theo th\u1eddi gian<\/li>\n<li data-start=\"3763\" data-end=\"3809\"><strong data-start=\"3765\" data-end=\"3786\">Ch\u1ea5t li\u1ec7u \u00edt ch\u00ec:<\/strong> an to\u00e0n cho s\u1ee9c kh\u1ecfe<\/li>\n<\/ul>\n<p data-start=\"3811\" data-end=\"3909\">\ud83d\udc49 \u0110\u00e2y l\u00e0 y\u1ebfu t\u1ed1 c\u1ef1c k\u1ef3 quan tr\u1ecdng v\u1edbi kh\u00e1ch h\u00e0ng ph\u00e2n kh\u00fac trung \u2013 cao c\u1ea5p m\u00e0 anh \u0111ang h\u01b0\u1edbng t\u1edbi.<\/p>\n<hr data-start=\"3911\" data-end=\"3914\" \/>\n<h2 data-start=\"3916\" data-end=\"3955\">9. Cartridge b\u1ec1n b\u1ec9 \u2013 V\u1eadn h\u00e0nh \u00eam \u00e1i<\/h2>\n<p data-start=\"3957\" data-end=\"4009\">S\u1ea3n ph\u1ea9m \u0111\u01b0\u1ee3c trang b\u1ecb \u0111\u0129a Cartridge ch\u1ea5t l\u01b0\u1ee3ng cao:<\/p>\n<ul data-start=\"4011\" data-end=\"4096\">\n<li data-start=\"4011\" data-end=\"4047\">\u0110i\u1ec1u khi\u1ec3n n\u01b0\u1edbc m\u01b0\u1ee3t, kh\u00f4ng gi\u1eadt<\/li>\n<li data-start=\"4048\" data-end=\"4070\">H\u1ea1n ch\u1ebf r\u00f2 r\u1ec9 n\u01b0\u1edbc<\/li>\n<li data-start=\"4071\" data-end=\"4096\">T\u0103ng tu\u1ed5i th\u1ecd s\u1eed d\u1ee5ng<\/li>\n<\/ul>\n<p data-start=\"4098\" data-end=\"4171\">\ud83d\udc49 \u0110\u00e2y l\u00e0 \u201ctr\u00e1i tim\u201d c\u1ee7a sen t\u1eafm, quy\u1ebft \u0111\u1ecbnh \u0111\u1ed9 b\u1ec1n l\u00e2u d\u00e0i c\u1ee7a s\u1ea3n ph\u1ea9m.<\/p>\n<hr data-start=\"4173\" data-end=\"4176\" \/>\n<h2 data-start=\"4178\" data-end=\"4234\">10. Ho\u1ea1t \u0111\u1ed9ng \u1ed5n \u0111\u1ecbnh trong m\u1ecdi \u0111i\u1ec1u ki\u1ec7n \u00e1p l\u1ef1c n\u01b0\u1edbc<\/h2>\n<p data-start=\"4236\" data-end=\"4289\">Sen c\u00e2y BFV-515S ho\u1ea1t \u0111\u1ed9ng hi\u1ec7u qu\u1ea3 trong d\u1ea3i \u00e1p l\u1ef1c:<\/p>\n<ul data-start=\"4291\" data-end=\"4316\">\n<li data-start=\"4291\" data-end=\"4316\"><strong data-start=\"4293\" data-end=\"4316\">0.05 MPa \u2013 0.75 MPa<\/strong><\/li>\n<\/ul>\n<p data-start=\"4318\" data-end=\"4333\">\ud83d\udc49 Ph\u00f9 h\u1ee3p v\u1edbi:<\/p>\n<ul data-start=\"4334\" data-end=\"4395\">\n<li data-start=\"4334\" data-end=\"4345\">Nh\u00e0 ph\u1ed1<\/li>\n<li data-start=\"4346\" data-end=\"4358\">Chung c\u01b0<\/li>\n<li data-start=\"4359\" data-end=\"4372\">Kh\u00e1ch s\u1ea1n<\/li>\n<li data-start=\"4373\" data-end=\"4395\">C\u00f4ng tr\u00ecnh c\u1ea3i t\u1ea1o<\/li>\n<\/ul>\n<p data-start=\"4397\" data-end=\"4465\">D\u00f9 \u00e1p l\u1ef1c n\u01b0\u1edbc y\u1ebfu hay m\u1ea1nh, s\u1ea3n ph\u1ea9m v\u1eabn \u0111\u1ea3m b\u1ea3o d\u00f2ng ch\u1ea3y \u1ed5n \u0111\u1ecbnh.<\/p>\n<hr data-start=\"4467\" data-end=\"4470\" \/>\n<h2 data-start=\"4472\" data-end=\"4517\">11. \u0110\u00e1nh gi\u00e1 t\u1ed5ng th\u1ec3 \u2013 C\u00f3 \u0111\u00e1ng mua kh\u00f4ng?<\/h2>\n<h3 data-start=\"4519\" data-end=\"4530\">\u01afu \u0111i\u1ec3m<\/h3>\n<ul data-start=\"4531\" data-end=\"4681\">\n<li data-start=\"4531\" data-end=\"4557\">Thi\u1ebft k\u1ebf \u0111\u1eb9p, hi\u1ec7n \u0111\u1ea1i<\/li>\n<li data-start=\"4558\" data-end=\"4589\">T\u00edch h\u1ee3p 3 ch\u1ebf \u0111\u1ed9 ti\u1ec7n d\u1ee5ng<\/li>\n<li data-start=\"4590\" data-end=\"4617\">Ti\u1ebft ki\u1ec7m n\u01b0\u1edbc hi\u1ec7u qu\u1ea3<\/li>\n<li data-start=\"4618\" data-end=\"4646\">V\u1eadn h\u00e0nh \u1ed5n \u0111\u1ecbnh, b\u1ec1n b\u1ec9<\/li>\n<li data-start=\"4647\" data-end=\"4681\">Th\u01b0\u01a1ng hi\u1ec7u uy t\u00edn t\u1eeb Nh\u1eadt B\u1ea3n<\/li>\n<\/ul>\n<h3 data-start=\"4683\" data-end=\"4697\">Nh\u01b0\u1ee3c \u0111i\u1ec3m<\/h3>\n<ul data-start=\"4698\" data-end=\"4782\">\n<li data-start=\"4698\" data-end=\"4736\">Gi\u00e1 cao h\u01a1n c\u00e1c d\u00f2ng sen ph\u1ed5 th\u00f4ng<\/li>\n<li data-start=\"4737\" data-end=\"4782\">Ph\u00f9 h\u1ee3p h\u01a1n v\u1edbi ph\u00e2n kh\u00fac trung \u2013 cao c\u1ea5p<\/li>\n<\/ul>\n<hr data-start=\"4784\" data-end=\"4787\" \/>\n<h2 data-start=\"4789\" data-end=\"4812\">12. \u1ee8ng d\u1ee5ng th\u1ef1c t\u1ebf<\/h2>\n<p data-start=\"4814\" data-end=\"4861\">Sen t\u1eafm c\u00e2y INAX BFV-515S \u0111\u1eb7c bi\u1ec7t ph\u00f9 h\u1ee3p v\u1edbi:<\/p>\n<ul data-start=\"4863\" data-end=\"4992\">\n<li data-start=\"4863\" data-end=\"4883\">Nh\u00e0 ph\u1ed1 hi\u1ec7n \u0111\u1ea1i<\/li>\n<li data-start=\"4884\" data-end=\"4904\">Chung c\u01b0 cao c\u1ea5p<\/li>\n<li data-start=\"4905\" data-end=\"4917\">Bi\u1ec7t th\u1ef1<\/li>\n<li data-start=\"4918\" data-end=\"4942\">Kh\u00e1ch s\u1ea1n \u2013 homestay<\/li>\n<li data-start=\"4943\" data-end=\"4992\">C\u00f4ng tr\u00ecnh c\u1ea7n n\u00e2ng c\u1ea5p tr\u1ea3i nghi\u1ec7m ph\u00f2ng t\u1eafm<\/li>\n<\/ul>\n<hr data-start=\"4994\" data-end=\"4997\" \/>\n<h2 data-start=\"4999\" data-end=\"5014\">13. K\u1ebft lu\u1eadn<\/h2>\n<p data-start=\"5016\" data-end=\"5149\">N\u1ebfu anh\/ch\u1ecb\u00a0 \u0111ang t\u00ecm m\u1ed9t m\u1eabu sen c\u00e2y v\u1eeba \u0111\u1eb9p, v\u1eeba b\u1ec1n, v\u1eeba t\u1ed1i \u01b0u tr\u1ea3i nghi\u1ec7m ng\u01b0\u1eddi d\u00f9ng th\u00ec INAX BFV-515S l\u00e0 l\u1ef1a ch\u1ecdn r\u1ea5t \u0111\u00e1ng c\u00e2n nh\u1eafc.<\/p>\n<p data-start=\"5151\" data-end=\"5311\">S\u1ea3n ph\u1ea9m kh\u00f4ng ch\u1ec9 \u0111\u00e1p \u1ee9ng nhu c\u1ea7u s\u1eed d\u1ee5ng h\u00e0ng ng\u00e0y m\u00e0 c\u00f2n n\u00e2ng t\u1ea7m kh\u00f4ng gian ph\u00f2ng t\u1eafm \u2013 \u0111\u00fang v\u1edbi xu h\u01b0\u1edbng s\u1ed1ng hi\u1ec7n \u0111\u1ea1i: <strong data-start=\"5276\" data-end=\"5310\">ti\u1ec7n nghi \u2013 tinh t\u1ebf \u2013 b\u1ec1n v\u1eefng<\/strong>.<\/p>\n<p data-start=\"4866\" data-end=\"4979\"><strong data-start=\"4866\" data-end=\"4917\">Ehrlich Vi\u1ec7t Nam \u2013 Thi\u1ebft B\u1ecb Nh\u00e0 B\u1ebfp &amp; Ph\u00f2ng T\u1eafm<\/strong><br data-start=\"4917\" data-end=\"4920\" \/>\ud83d\udccd\u00a0\u0110\u1ecba ch\u1ec9: S\u1ed1 6 Li\u1ec1n K\u1ec1 22, K\u0110T V\u0103n Kh\u00ea, H\u00e0 \u0110\u00f4ng, H\u00e0 N\u1ed9i<\/p>\n<p data-start=\"4981\" data-end=\"5105\">\ud83c\udf10\u00a0Website:\u00a0<a class=\"decorated-link\" href=\"https:\/\/ehrlichvietnam.vn\/\" target=\"_new\" rel=\"noopener\" data-start=\"4993\" data-end=\"5019\">https:\/\/ehrlichvietnam.vn\/<\/a><br data-start=\"5019\" data-end=\"5022\" \/>\ud83d\udcde\u00a0Hotline:\u00a0<strong data-start=\"5034\" data-end=\"5051\">0932 27 05 20<\/strong><br data-start=\"5051\" data-end=\"5054\" \/>\ud83d\udcac\u00a0Zalo OA:\u00a0<a class=\"decorated-link\" href=\"https:\/\/zalo.me\/s\/2888141157129558325\" target=\"_new\" rel=\"noopener\" data-start=\"5066\" data-end=\"5103\">https:\/\/zalo.me\/s\/2888141157129558325<\/a><\/p>\n<p data-start=\"5107\" data-end=\"5218\">\ud83c\udfa5\u00a0TikTok:\u00a0<a class=\"decorated-link\" href=\"https:\/\/www.tiktok.com\/@ehrlich.chia.s?_r=1\" target=\"_new\" rel=\"noopener\" data-start=\"5118\" data-end=\"5162\">https:\/\/www.tiktok.com\/@ehrlichthietbivesinh<\/a><br data-start=\"5162\" data-end=\"5165\" \/>\u25b6\ufe0f\u00a0YouTube:\u00a0<a class=\"decorated-link\" href=\"https:\/\/www.youtube.com\/@EhrlichVietNam\" target=\"_new\" rel=\"noopener\" data-start=\"5177\" data-end=\"5216\">https:\/\/www.youtube.com\/@EhrlichVietNam<\/a><\/p>\n<p data-start=\"5220\" data-end=\"5265\">\ud83d\ude9a\u00a0Giao h\u00e0ng to\u00e0n qu\u1ed1c \u2013 t\u01b0 v\u1ea5n nhanh ch\u00f3ng<\/p>\n<p data-start=\"5267\" data-end=\"5313\">\ud83d\udc49\u00a0<strong data-start=\"5270\" data-end=\"5313\">Inbox ngay \u0111\u1ec3 nh\u1eadn \u01b0u \u0111\u00e3i th\u00eam h\u00f4m nay!<\/strong><\/p>\n","protected":false},"excerpt":{"rendered":"<p>Sen T\u1eafm C\u00e2y INAX BFV-515S \u2013 Gi\u1ea3i Ph\u00e1p T\u1eafm To\u00e0n Di\u1ec7n, Hi\u1ec7n \u0110\u1ea1i Cho M\u1ecdi Kh\u00f4ng Gian 1. Gi\u1edbi thi\u1ec7u chung v\u1ec1 sen t\u1eafm c\u00e2y INAX BFV-515S Trong xu h\u01b0\u1edbng thi\u1ebft k\u1ebf ph\u00f2ng t\u1eafm hi\u1ec7n \u0111\u1ea1i, sen t\u1eafm c\u00e2y kh\u00f4ng ch\u1ec9 \u0111\u01a1n thu\u1ea7n l\u00e0 thi\u1ebft b\u1ecb v\u1ec7 sinh m\u00e0 c\u00f2n \u0111\u00f3ng vai tr\u00f2 nh\u01b0 m\u1ed9t [&hellip;]<\/p>\n","protected":false},"featured_media":4892,"comment_status":"open","ping_status":"closed","template":"","meta":{"_acf_changed":false},"product_brand":[141],"product_cat":[23,15,136,147],"product_tag":[],"class_list":{"0":"post-4890","1":"product","2":"type-product","3":"status-publish","4":"has-post-thumbnail","6":"product_brand-inax","7":"product_cat-thiet-bi-phong-ve-sinh","8":"product_cat-san-pham","9":"product_cat-thuong-hieu-inax","10":"product_cat-sen-tam-inax","12":"first","13":"instock","14":"shipping-taxable","15":"product-type-simple"},"acf":[],"_links":{"self":[{"href":"https:\/\/ehrlichvietnam.vn\/en\/wp-json\/wp\/v2\/product\/4890","targetHints":{"allow":["GET"]}}],"collection":[{"href":"https:\/\/ehrlichvietnam.vn\/en\/wp-json\/wp\/v2\/product"}],"about":[{"href":"https:\/\/ehrlichvietnam.vn\/en\/wp-json\/wp\/v2\/types\/product"}],"replies":[{"embeddable":true,"href":"https:\/\/ehrlichvietnam.vn\/en\/wp-json\/wp\/v2\/comments?post=4890"}],"wp:featuredmedia":[{"embeddable":true,"href":"https:\/\/ehrlichvietnam.vn\/en\/wp-json\/wp\/v2\/media\/4892"}],"wp:attachment":[{"href":"https:\/\/ehrlichvietnam.vn\/en\/wp-json\/wp\/v2\/media?parent=4890"}],"wp:term":[{"taxonomy":"product_brand","embeddable":true,"href":"https:\/\/ehrlichvietnam.vn\/en\/wp-json\/wp\/v2\/product_brand?post=4890"},{"taxonomy":"product_cat","embeddable":true,"href":"https:\/\/ehrlichvietnam.vn\/en\/wp-json\/wp\/v2\/product_cat?post=4890"},{"taxonomy":"product_tag","embeddable":true,"href":"https:\/\/ehrlichvietnam.vn\/en\/wp-json\/wp\/v2\/product_tag?post=4890"}],"curies":[{"name":"wp","href":"https:\/\/api.w.org\/{rel}","templated":true}]}}