{"id":4886,"date":"2026-04-17T02:10:54","date_gmt":"2026-04-17T02:10:54","guid":{"rendered":"https:\/\/ehrlichvietnam.vn\/?post_type=product&#038;p=4886"},"modified":"2026-04-17T07:23:21","modified_gmt":"2026-04-17T07:23:21","slug":"sen-tam-cay-inax-bfv-70s-nong-lanh","status":"publish","type":"product","link":"https:\/\/ehrlichvietnam.vn\/sen-tam-cay-inax-bfv-70s-nong-lanh\/","title":{"rendered":"Sen t\u1eafm c\u00e2y Inax BFV-70S N\u00f3ng L\u1ea1nh"},"content":{"rendered":"<h2 data-start=\"0\" data-end=\"97\">Sen t\u1eafm c\u00e2y INAX BFV-70S \u2013 Thi\u1ebft k\u1ebf t\u1ed1i gi\u1ea3n, v\u1eadn h\u00e0nh m\u01b0\u1ee3t m\u00e0, n\u00e2ng t\u1ea7m tr\u1ea3i nghi\u1ec7m ph\u00f2ng t\u1eafm<\/h2>\n<p data-start=\"99\" data-end=\"396\">Trong xu h\u01b0\u1edbng thi\u1ebft k\u1ebf ph\u00f2ng t\u1eafm hi\u1ec7n \u0111\u1ea1i, m\u1ed9t b\u1ed9 sen c\u00e2y kh\u00f4ng ch\u1ec9 \u0111\u01a1n thu\u1ea7n l\u00e0 thi\u1ebft b\u1ecb c\u1ea5p n\u01b0\u1edbc m\u00e0 c\u00f2n \u0111\u00f3ng vai tr\u00f2 nh\u01b0 m\u1ed9t \u201c\u0111i\u1ec3m nh\u1ea5n ki\u1ebfn tr\u00fac\u201d. Sen t\u1eafm c\u00e2y BFV-70S \u0111\u1ebfn t\u1eeb <span class=\"hover:entity-accent entity-underline inline cursor-pointer align-baseline\"><span class=\"whitespace-normal\">INAX<\/span><\/span> l\u00e0 l\u1ef1a ch\u1ecdn l\u00fd t\u01b0\u1edfng cho nh\u1eefng ai \u0111\u1ec1 cao s\u1ef1 tinh t\u1ebf, ti\u1ec7n nghi v\u00e0 \u0111\u1ed9 b\u1ec1n l\u00e2u d\u00e0i.<\/p>\n<p data-start=\"398\" data-end=\"565\">S\u1edf h\u1eefu thi\u1ebft k\u1ebf t\u1ed1i gi\u1ea3n, c\u00f4ng ngh\u1ec7 ph\u00e2n ph\u1ed1i n\u01b0\u1edbc ti\u00ean ti\u1ebfn c\u00f9ng ch\u1ea5t li\u1ec7u cao c\u1ea5p, BFV-70S mang \u0111\u1ebfn tr\u1ea3i nghi\u1ec7m t\u1eafm th\u01b0 gi\u00e3n, tho\u1ea3i m\u00e1i v\u00e0 chu\u1ea9n gu th\u1ea9m m\u1ef9 hi\u1ec7n \u0111\u1ea1i.<\/p>\n<hr data-start=\"567\" data-end=\"570\" \/>\n<h2 data-start=\"572\" data-end=\"623\">Thi\u1ebft k\u1ebf t\u1ed1i gi\u1ea3n \u2013 Tinh t\u1ebf trong t\u1eebng \u0111\u01b0\u1eddng n\u00e9t<\/h2>\n<p data-start=\"625\" data-end=\"768\">BFV-70S g\u00e2y \u1ea5n t\u01b0\u1ee3ng ngay t\u1eeb c\u00e1i nh\u00ecn \u0111\u1ea7u ti\u00ean v\u1edbi phong c\u00e1ch thi\u1ebft k\u1ebf t\u1ed1i gi\u1ea3n (Minimalism), ph\u00f9 h\u1ee3p v\u1edbi nhi\u1ec1u kh\u00f4ng gian ph\u00f2ng t\u1eafm kh\u00e1c nhau.<\/p>\n<h3 data-start=\"770\" data-end=\"791\">\u0110\u1eb7c \u0111i\u1ec3m n\u1ed5i b\u1eadt:<\/h3>\n<ul data-start=\"792\" data-end=\"909\">\n<li data-start=\"792\" data-end=\"826\">Ki\u1ec3u d\u00e1ng thanh l\u1ecbch, g\u1ecdn g\u00e0ng<\/li>\n<li data-start=\"827\" data-end=\"862\">\u0110\u01b0\u1eddng n\u00e9t m\u1ec1m m\u1ea1i, kh\u00f4ng c\u1ea7u k\u1ef3<\/li>\n<li data-start=\"863\" data-end=\"909\">D\u1ec5 d\u00e0ng ph\u1ed1i v\u1edbi nhi\u1ec1u phong c\u00e1ch n\u1ed9i th\u1ea5t<\/li>\n<\/ul>\n<h3 data-start=\"911\" data-end=\"927\">Ph\u00f9 h\u1ee3p v\u1edbi:<\/h3>\n<ul data-start=\"928\" data-end=\"1026\">\n<li data-start=\"928\" data-end=\"948\">Nh\u00e0 ph\u1ed1 hi\u1ec7n \u0111\u1ea1i<\/li>\n<li data-start=\"949\" data-end=\"968\">C\u0103n h\u1ed9 chung c\u01b0<\/li>\n<li data-start=\"969\" data-end=\"1002\">Ph\u00f2ng t\u1eafm phong c\u00e1ch t\u1ed1i gi\u1ea3n<\/li>\n<li data-start=\"1003\" data-end=\"1026\">Kh\u00e1ch s\u1ea1n, homestay<\/li>\n<\/ul>\n<p data-start=\"1028\" data-end=\"1118\">\ud83d\udc49 \u0110\u00e2y l\u00e0 m\u1eabu sen c\u00e2y \u201cd\u1ec5 d\u00f9ng \u2013 d\u1ec5 ph\u1ed1i \u2013 d\u1ec5 b\u00e1n\u201d, ph\u00f9 h\u1ee3p v\u1edbi \u0111a s\u1ed1 kh\u00e1ch h\u00e0ng hi\u1ec7n nay.\\<\/p>\n<p data-start=\"1028\" data-end=\"1118\"><img decoding=\"async\" src=\"https:\/\/www.tdm.vn\/image\/catalog\/product-168\/v70.jpg\" \/><\/p>\n<hr data-start=\"1120\" data-end=\"1123\" \/>\n<h2 data-start=\"1125\" data-end=\"1162\">Tay g\u1ea1t m\u01b0\u1ee3t \u2013 Ki\u1ec3m so\u00e1t ch\u00ednh x\u00e1c<\/h2>\n<p data-start=\"1164\" data-end=\"1251\">Sen t\u1eafm BFV-70S \u0111\u01b0\u1ee3c trang b\u1ecb tay g\u1ea1t thi\u1ebft k\u1ebf t\u1ed1i \u01b0u gi\u00fap ng\u01b0\u1eddi d\u00f9ng thao t\u00e1c d\u1ec5 d\u00e0ng.<\/p>\n<h3 data-start=\"1253\" data-end=\"1273\">L\u1ee3i \u00edch th\u1ef1c t\u1ebf:<\/h3>\n<ul data-start=\"1274\" data-end=\"1377\">\n<li data-start=\"1274\" data-end=\"1304\">G\u1ea1t nh\u1eb9, v\u1eadn h\u00e0nh tr\u01a1n tru<\/li>\n<li data-start=\"1305\" data-end=\"1338\">\u0110i\u1ec1u ch\u1ec9nh nhi\u1ec7t \u0111\u1ed9 ch\u00ednh x\u00e1c<\/li>\n<li data-start=\"1339\" data-end=\"1377\">Ki\u1ec3m so\u00e1t l\u01b0u l\u01b0\u1ee3ng n\u01b0\u1edbc linh ho\u1ea1t<\/li>\n<\/ul>\n<p data-start=\"1379\" data-end=\"1465\">\ud83d\udc49 Tr\u1ea3i nghi\u1ec7m s\u1eed d\u1ee5ng m\u01b0\u1ee3t m\u00e0 l\u00e0 \u0111i\u1ec3m c\u1ed9ng l\u1edbn gi\u00fap s\u1ea3n ph\u1ea9m ghi \u0111i\u1ec3m v\u1edbi ng\u01b0\u1eddi d\u00f9ng.<\/p>\n<hr data-start=\"1467\" data-end=\"1470\" \/>\n<h2 data-start=\"1472\" data-end=\"1522\">B\u00e1t sen phun \u0111\u1ec1u \u2013 T\u1eafm th\u01b0 gi\u00e3n nh\u01b0 spa t\u1ea1i nh\u00e0<\/h2>\n<p data-start=\"1524\" data-end=\"1622\">M\u1ed9t trong nh\u1eefng \u0111i\u1ec3m n\u1ed5i b\u1eadt c\u1ee7a BFV-70S ch\u00ednh l\u00e0 thi\u1ebft k\u1ebf b\u00e1t sen t\u1ed1i \u01b0u kh\u1ea3 n\u0103ng ph\u00e2n ph\u1ed1i n\u01b0\u1edbc.<\/p>\n<h3 data-start=\"1624\" data-end=\"1636\">\u01afu \u0111i\u1ec3m:<\/h3>\n<ul data-start=\"1637\" data-end=\"1747\">\n<li data-start=\"1637\" data-end=\"1673\">Tia n\u01b0\u1edbc ph\u00e2n b\u1ed5 \u0111\u1ec1u kh\u1eafp c\u01a1 th\u1ec3<\/li>\n<li data-start=\"1674\" data-end=\"1713\">D\u00f2ng n\u01b0\u1edbc \u00eam \u00e1i, kh\u00f4ng g\u00e2y kh\u00f3 ch\u1ecbu<\/li>\n<li data-start=\"1714\" data-end=\"1747\">T\u1ea1o c\u1ea3m gi\u00e1c th\u01b0 gi\u00e3n nh\u01b0 spa<\/li>\n<\/ul>\n<p data-start=\"1749\" data-end=\"1845\">C\u00f4ng ngh\u1ec7 ph\u00e2n ph\u1ed1i n\u01b0\u1edbc gi\u00fap l\u00e0n n\u01b0\u1edbc ph\u1ee7 \u0111\u1ec1u, mang l\u1ea1i c\u1ea3m gi\u00e1c d\u1ec5 ch\u1ecbu sau m\u1ed9t ng\u00e0y l\u00e0m vi\u1ec7c.<\/p>\n<hr data-start=\"1847\" data-end=\"1850\" \/>\n<h2 data-start=\"1852\" data-end=\"1902\">Ho\u1ea1t \u0111\u1ed9ng \u1ed5n \u0111\u1ecbnh \u2013 Ph\u00f9 h\u1ee3p nhi\u1ec1u h\u1ec7 th\u1ed1ng n\u01b0\u1edbc<\/h2>\n<p data-start=\"1904\" data-end=\"1956\">Sen c\u00e2y BFV-70S ho\u1ea1t \u0111\u1ed9ng hi\u1ec7u qu\u1ea3 trong d\u1ea3i \u00e1p l\u1ef1c:<\/p>\n<ul data-start=\"1958\" data-end=\"1983\">\n<li data-start=\"1958\" data-end=\"1983\"><strong data-start=\"1960\" data-end=\"1983\">0.05 MPa ~ 0.75 MPa<\/strong><\/li>\n<\/ul>\n<h3 data-start=\"1985\" data-end=\"2005\">\u00dd ngh\u0129a th\u1ef1c t\u1ebf:<\/h3>\n<ul data-start=\"2006\" data-end=\"2119\">\n<li data-start=\"2006\" data-end=\"2036\">Nh\u00e0 \u00e1p l\u1ef1c y\u1ebfu v\u1eabn d\u00f9ng \u1ed5n<\/li>\n<li data-start=\"2037\" data-end=\"2076\">Chung c\u01b0 cao t\u1ea7ng kh\u00f4ng lo h\u1ee5t n\u01b0\u1edbc<\/li>\n<li data-start=\"2077\" data-end=\"2119\">Nh\u00e0 c\u00f3 b\u01a1m t\u0103ng \u00e1p v\u1eabn \u0111\u1ea3m b\u1ea3o \u1ed5n \u0111\u1ecbnh<\/li>\n<\/ul>\n<p data-start=\"2121\" data-end=\"2209\">\ud83d\udc49 \u0110\u00e2y l\u00e0 y\u1ebfu t\u1ed1 c\u1ef1c k\u1ef3 quan tr\u1ecdng gi\u00fap s\u1ea3n ph\u1ea9m d\u1ec5 tri\u1ec3n khai trong th\u1ef1c t\u1ebf c\u00f4ng tr\u00ecnh.<\/p>\n<hr data-start=\"2211\" data-end=\"2214\" \/>\n<h2 data-start=\"2216\" data-end=\"2256\">Ch\u1ea5t li\u1ec7u cao c\u1ea5p \u2013 B\u1ec1n b\u1ec9 v\u00e0 an to\u00e0n<\/h2>\n<p data-start=\"2258\" data-end=\"2347\">BFV-70S \u0111\u01b0\u1ee3c s\u1ea3n xu\u1ea5t v\u1edbi ti\u00eau chu\u1ea9n cao t\u1eeb Nh\u1eadt B\u1ea3n, \u0111\u1ea3m b\u1ea3o \u0111\u1ed9 b\u1ec1n v\u00e0 an to\u00e0n s\u1ee9c kh\u1ecfe.<\/p>\n<h3 data-start=\"2349\" data-end=\"2369\">\u01afu \u0111i\u1ec3m n\u1ed5i b\u1eadt:<\/h3>\n<h4 data-start=\"2371\" data-end=\"2417\">1. H\u00e0m l\u01b0\u1ee3ng ch\u00ec th\u1ea5p \u2013 An to\u00e0n tuy\u1ec7t \u0111\u1ed1i<\/h4>\n<ul data-start=\"2418\" data-end=\"2496\">\n<li data-start=\"2418\" data-end=\"2445\">\u0110\u1ea3m b\u1ea3o ngu\u1ed3n n\u01b0\u1edbc s\u1ea1ch<\/li>\n<li data-start=\"2446\" data-end=\"2496\">An to\u00e0n cho ng\u01b0\u1eddi s\u1eed d\u1ee5ng, \u0111\u1eb7c bi\u1ec7t l\u00e0 tr\u1ebb nh\u1ecf<\/li>\n<\/ul>\n<h4 data-start=\"2498\" data-end=\"2533\">2. L\u1edbp m\u1ea1 Crom \u2013 Niken cao c\u1ea5p<\/h4>\n<ul data-start=\"2534\" data-end=\"2630\">\n<li data-start=\"2534\" data-end=\"2565\">Ch\u1ed1ng oxy h\u00f3a, ch\u1ed1ng \u0103n m\u00f2n<\/li>\n<li data-start=\"2566\" data-end=\"2598\">Gi\u1eef b\u1ec1 m\u1eb7t s\u00e1ng b\u00f3ng l\u00e2u d\u00e0i<\/li>\n<li data-start=\"2599\" data-end=\"2630\">D\u1ec5 v\u1ec7 sinh, h\u1ea1n ch\u1ebf b\u00e1m b\u1ea9n<\/li>\n<\/ul>\n<p data-start=\"2632\" data-end=\"2705\">\ud83d\udc49 \u0110\u00e2y l\u00e0 y\u1ebfu t\u1ed1 gi\u00fap s\u1ea3n ph\u1ea9m gi\u1eef \u0111\u01b0\u1ee3c \u0111\u1ed9 m\u1edbi sau th\u1eddi gian d\u00e0i s\u1eed d\u1ee5ng.<\/p>\n<hr data-start=\"2707\" data-end=\"2710\" \/>\n<h2 data-start=\"2712\" data-end=\"2766\">Cartridge b\u1ec1n b\u1ec9 \u2013 V\u1eadn h\u00e0nh \u1ed5n \u0111\u1ecbnh, ti\u1ebft ki\u1ec7m n\u01b0\u1edbc<\/h2>\n<p data-start=\"2768\" data-end=\"2835\">Sen t\u1eafm c\u00e2y BFV-70S \u0111\u01b0\u1ee3c trang b\u1ecb <strong data-start=\"2802\" data-end=\"2834\">\u0111\u0129a Cartridge ch\u1ea5t l\u01b0\u1ee3ng cao<\/strong>.<\/p>\n<h3 data-start=\"2837\" data-end=\"2849\">L\u1ee3i \u00edch:<\/h3>\n<ul data-start=\"2850\" data-end=\"2959\">\n<li data-start=\"2850\" data-end=\"2883\">V\u1eadn h\u00e0nh \u00eam \u00e1i, kh\u00f4ng b\u1ecb c\u1ee9ng<\/li>\n<li data-start=\"2884\" data-end=\"2906\">H\u1ea1n ch\u1ebf r\u00f2 r\u1ec9 n\u01b0\u1edbc<\/li>\n<li data-start=\"2907\" data-end=\"2933\">T\u0103ng tu\u1ed5i th\u1ecd s\u1ea3n ph\u1ea9m<\/li>\n<li data-start=\"2934\" data-end=\"2959\">H\u1ed7 tr\u1ee3 ti\u1ebft ki\u1ec7m n\u01b0\u1edbc<\/li>\n<\/ul>\n<p data-start=\"2961\" data-end=\"3045\">\ud83d\udc49 \u0110\u1eb7c bi\u1ec7t ph\u00f9 h\u1ee3p v\u1edbi c\u00e1c c\u00f4ng tr\u00ecnh s\u1eed d\u1ee5ng th\u01b0\u1eddng xuy\u00ean nh\u01b0 kh\u00e1ch s\u1ea1n, homestay.<\/p>\n<hr data-start=\"3047\" data-end=\"3050\" \/>\n<h2 data-start=\"3052\" data-end=\"3103\">Tr\u1ea3i nghi\u1ec7m s\u1eed d\u1ee5ng \u2013 \u0110\u01a1n gi\u1ea3n nh\u01b0ng \u201c\u0111\u00e1ng ti\u1ec1n\u201d<\/h2>\n<h3 data-start=\"3105\" data-end=\"3125\">1. T\u1eafm tho\u1ea3i m\u00e1i<\/h3>\n<ul data-start=\"3126\" data-end=\"3180\">\n<li data-start=\"3126\" data-end=\"3150\">B\u00e1t sen ph\u1ee7 n\u01b0\u1edbc \u0111\u1ec1u<\/li>\n<li data-start=\"3151\" data-end=\"3180\">Kh\u00f4ng b\u1ecb ch\u1ed7 m\u1ea1nh ch\u1ed7 y\u1ebfu<\/li>\n<\/ul>\n<h3 data-start=\"3182\" data-end=\"3199\">2. D\u1ec5 s\u1eed d\u1ee5ng<\/h3>\n<ul data-start=\"3200\" data-end=\"3247\">\n<li data-start=\"3200\" data-end=\"3221\">Tay g\u1ea1t linh ho\u1ea1t<\/li>\n<li data-start=\"3222\" data-end=\"3247\">Ph\u00f9 h\u1ee3p m\u1ecdi \u0111\u1ed1i t\u01b0\u1ee3ng<\/li>\n<\/ul>\n<h3 data-start=\"3249\" data-end=\"3273\">3. Ti\u1ebft ki\u1ec7m chi ph\u00ed<\/h3>\n<ul data-start=\"3274\" data-end=\"3314\">\n<li data-start=\"3274\" data-end=\"3289\">\u00cdt h\u1ecfng v\u1eb7t<\/li>\n<li data-start=\"3290\" data-end=\"3314\">Gi\u1ea3m chi ph\u00ed b\u1ea3o tr\u00ec<\/li>\n<\/ul>\n<hr data-start=\"3316\" data-end=\"3319\" \/>\n<h2 data-start=\"3321\" data-end=\"3348\">Th\u00f4ng s\u1ed1 k\u1ef9 thu\u1eadt c\u01a1 b\u1ea3n<\/h2>\n<div class=\"TyagGW_tableContainer\">\n<div class=\"group TyagGW_tableWrapper flex flex-col-reverse w-fit\" tabindex=\"-1\">\n<table class=\"w-fit min-w-(--thread-content-width)\" data-start=\"3350\" data-end=\"3563\">\n<thead data-start=\"3350\" data-end=\"3373\">\n<tr data-start=\"3350\" data-end=\"3373\">\n<th class=\"\" data-start=\"3350\" data-end=\"3361\" data-col-size=\"sm\">Th\u00f4ng s\u1ed1<\/th>\n<th class=\"\" data-start=\"3361\" data-end=\"3373\" data-col-size=\"sm\">Chi ti\u1ebft<\/th>\n<\/tr>\n<\/thead>\n<tbody data-start=\"3396\" data-end=\"3563\">\n<tr data-start=\"3396\" data-end=\"3421\">\n<td data-start=\"3396\" data-end=\"3410\" data-col-size=\"sm\">M\u00e3 s\u1ea3n ph\u1ea9m<\/td>\n<td data-start=\"3410\" data-end=\"3421\" data-col-size=\"sm\">BFV-70S<\/td>\n<\/tr>\n<tr data-start=\"3422\" data-end=\"3444\">\n<td data-start=\"3422\" data-end=\"3436\" data-col-size=\"sm\">Th\u01b0\u01a1ng hi\u1ec7u<\/td>\n<td data-col-size=\"sm\" data-start=\"3436\" data-end=\"3444\">INAX<\/td>\n<\/tr>\n<tr data-start=\"3445\" data-end=\"3467\">\n<td data-start=\"3445\" data-end=\"3452\" data-col-size=\"sm\">Lo\u1ea1i<\/td>\n<td data-start=\"3452\" data-end=\"3467\" data-col-size=\"sm\">Sen t\u1eafm c\u00e2y<\/td>\n<\/tr>\n<tr data-start=\"3468\" data-end=\"3501\">\n<td data-start=\"3468\" data-end=\"3482\" data-col-size=\"sm\">\u00c1p l\u1ef1c n\u01b0\u1edbc<\/td>\n<td data-col-size=\"sm\" data-start=\"3482\" data-end=\"3501\">0.05 \u2013 0.75 MPa<\/td>\n<\/tr>\n<tr data-start=\"3502\" data-end=\"3538\">\n<td data-start=\"3502\" data-end=\"3514\" data-col-size=\"sm\">Ch\u1ea5t li\u1ec7u<\/td>\n<td data-col-size=\"sm\" data-start=\"3514\" data-end=\"3538\">\u0110\u1ed3ng m\u1ea1 Crom \u2013 Niken<\/td>\n<\/tr>\n<tr data-start=\"3539\" data-end=\"3563\">\n<td data-start=\"3539\" data-end=\"3551\" data-col-size=\"sm\">C\u00f4ng ngh\u1ec7<\/td>\n<td data-col-size=\"sm\" data-start=\"3551\" data-end=\"3563\">Nh\u1eadt B\u1ea3n<\/td>\n<\/tr>\n<\/tbody>\n<\/table>\n<\/div>\n<\/div>\n<hr data-start=\"3565\" data-end=\"3568\" \/>\n<h2 data-start=\"3570\" data-end=\"3602\">\u01afu \u2013 Nh\u01b0\u1ee3c \u2013 \u1ee8ng d\u1ee5ng th\u1ef1c t\u1ebf<\/h2>\n<h3 data-start=\"3604\" data-end=\"3615\">\u01afu \u0111i\u1ec3m<\/h3>\n<ul data-start=\"3616\" data-end=\"3770\">\n<li data-start=\"3616\" data-end=\"3647\">Thi\u1ebft k\u1ebf t\u1ed1i gi\u1ea3n, hi\u1ec7n \u0111\u1ea1i<\/li>\n<li data-start=\"3648\" data-end=\"3677\">D\u00f2ng n\u01b0\u1edbc \u00eam, ph\u00e2n b\u1ed5 \u0111\u1ec1u<\/li>\n<li data-start=\"3678\" data-end=\"3713\">Ch\u1ea5t li\u1ec7u b\u1ec1n, ch\u1ed1ng \u0103n m\u00f2n t\u1ed1t<\/li>\n<li data-start=\"3714\" data-end=\"3743\">An to\u00e0n s\u1ee9c kh\u1ecfe (\u00edt ch\u00ec)<\/li>\n<li data-start=\"3744\" data-end=\"3770\">D\u1ec5 l\u1eafp \u0111\u1eb7t, d\u1ec5 s\u1eed d\u1ee5ng<\/li>\n<\/ul>\n<h3 data-start=\"3772\" data-end=\"3786\">Nh\u01b0\u1ee3c \u0111i\u1ec3m<\/h3>\n<ul data-start=\"3787\" data-end=\"3867\">\n<li data-start=\"3787\" data-end=\"3827\">Thi\u1ebft k\u1ebf \u0111\u01a1n gi\u1ea3n, kh\u00f4ng qu\u00e1 n\u1ed5i b\u1eadt<\/li>\n<li data-start=\"3828\" data-end=\"3867\">Kh\u00f4ng c\u00f3 nhi\u1ec1u ch\u1ebf \u0111\u1ed9 phun n\u00e2ng cao<\/li>\n<\/ul>\n<h3 data-start=\"3869\" data-end=\"3881\">\u1ee8ng d\u1ee5ng<\/h3>\n<ul data-start=\"3882\" data-end=\"3990\">\n<li data-start=\"3882\" data-end=\"3903\">Nh\u00e0 ph\u1ed1, chung c\u01b0<\/li>\n<li data-start=\"3904\" data-end=\"3927\">Kh\u00e1ch s\u1ea1n, homestay<\/li>\n<li data-start=\"3928\" data-end=\"3956\">C\u00f4ng tr\u00ecnh th\u1ea7u s\u1ed1 l\u01b0\u1ee3ng<\/li>\n<li data-start=\"3957\" data-end=\"3990\">Ph\u00f2ng t\u1eafm phong c\u00e1ch t\u1ed1i gi\u1ea3n<\/li>\n<\/ul>\n<hr data-start=\"3992\" data-end=\"3995\" \/>\n<h2 data-start=\"3997\" data-end=\"4025\">G\u1ee3i \u00fd ph\u1ed1i combo thi\u1ebft b\u1ecb<\/h2>\n<p data-start=\"4027\" data-end=\"4051\">BFV-70S n\u00ean k\u1ebft h\u1ee3p v\u1edbi:<\/p>\n<ul data-start=\"4053\" data-end=\"4171\">\n<li data-start=\"4053\" data-end=\"4083\">Lavabo \u0111\u1eb7t b\u00e0n ho\u1eb7c \u00e2m b\u00e0n<\/li>\n<li data-start=\"4084\" data-end=\"4111\">V\u00f2i lavabo \u0111\u1ed3ng b\u1ed9 Crom<\/li>\n<li data-start=\"4112\" data-end=\"4149\">B\u1ed3n c\u1ea7u li\u1ec1n kh\u1ed1i ho\u1eb7c treo t\u01b0\u1eddng<\/li>\n<li data-start=\"4150\" data-end=\"4171\">G\u01b0\u01a1ng LED c\u1ea3m \u1ee9ng<\/li>\n<\/ul>\n<p data-start=\"4173\" data-end=\"4190\">\ud83d\udc49 Combo ph\u00f9 h\u1ee3p:<\/p>\n<ul data-start=\"4191\" data-end=\"4252\">\n<li data-start=\"4191\" data-end=\"4210\">Ph\u00f2ng t\u1eafm 3\u20136m\u00b2<\/li>\n<li data-start=\"4211\" data-end=\"4231\">Nh\u00e0 ph\u1ed1 hi\u1ec7n \u0111\u1ea1i<\/li>\n<li data-start=\"4232\" data-end=\"4252\">C\u0103n h\u1ed9 trung c\u1ea5p<\/li>\n<\/ul>\n<hr data-start=\"4254\" data-end=\"4257\" \/>\n<h2 data-start=\"4259\" data-end=\"4303\">V\u00ec sao BFV-70S l\u00e0 l\u1ef1a ch\u1ecdn \u0111\u00e1ng c\u00e2n nh\u1eafc?<\/h2>\n<ul data-start=\"4305\" data-end=\"4452\">\n<li data-start=\"4305\" data-end=\"4336\">Th\u01b0\u01a1ng hi\u1ec7u Nh\u1eadt B\u1ea3n uy t\u00edn<\/li>\n<li data-start=\"4337\" data-end=\"4359\">\u0110\u1ed9 b\u1ec1n cao, \u00edt l\u1ed7i<\/li>\n<li data-start=\"4360\" data-end=\"4387\">D\u1ec5 thi c\u00f4ng, d\u1ec5 b\u1ea3o tr\u00ec<\/li>\n<li data-start=\"4388\" data-end=\"4418\">Gi\u00e1 h\u1ee3p l\u00fd trong ph\u00e2n kh\u00fac<\/li>\n<li data-start=\"4419\" data-end=\"4452\">Ph\u00f9 h\u1ee3p nhi\u1ec1u lo\u1ea1i c\u00f4ng tr\u00ecnh<\/li>\n<\/ul>\n<p data-start=\"4454\" data-end=\"4491\">\ud83d\udc49 \u0110\u00e2y l\u00e0 m\u1eabu sen c\u00e2y r\u1ea5t ph\u00f9 h\u1ee3p \u0111\u1ec3:<\/p>\n<ul data-start=\"4492\" data-end=\"4584\">\n<li data-start=\"4492\" data-end=\"4523\">Ch\u1ea1y combo thi\u1ebft b\u1ecb v\u1ec7 sinh<\/li>\n<li data-start=\"4524\" data-end=\"4542\">B\u00e1n c\u00f4ng tr\u00ecnh<\/li>\n<li data-start=\"4543\" data-end=\"4584\">T\u01b0 v\u1ea5n nhanh cho kh\u00e1ch h\u00e0ng ph\u1ed5 th\u00f4ng<\/li>\n<\/ul>\n<hr data-start=\"4586\" data-end=\"4589\" \/>\n<h2 data-start=\"4591\" data-end=\"4602\">K\u1ebft lu\u1eadn<\/h2>\n<p data-start=\"4604\" data-end=\"4879\">Sen t\u1eafm c\u00e2y INAX BFV-70S l\u00e0 l\u1ef1a ch\u1ecdn ho\u00e0n h\u1ea3o cho nh\u1eefng ai t\u00ecm ki\u1ebfm m\u1ed9t s\u1ea3n ph\u1ea9m <strong data-start=\"4685\" data-end=\"4721\">b\u1ec1n \u2013 \u0111\u1eb9p \u2013 d\u1ec5 d\u00f9ng \u2013 gi\u00e1 h\u1ee3p l\u00fd<\/strong>. V\u1edbi thi\u1ebft k\u1ebf t\u1ed1i gi\u1ea3n, kh\u1ea3 n\u0103ng v\u1eadn h\u00e0nh \u1ed5n \u0111\u1ecbnh v\u00e0 ch\u1ea5t li\u1ec7u cao c\u1ea5p, s\u1ea3n ph\u1ea9m \u0111\u00e1p \u1ee9ng t\u1ed1t nhu c\u1ea7u s\u1eed d\u1ee5ng h\u00e0ng ng\u00e0y v\u00e0 ph\u00f9 h\u1ee3p nhi\u1ec1u kh\u00f4ng gian ph\u00f2ng t\u1eafm.<\/p>\n<p data-start=\"4866\" data-end=\"4979\"><strong data-start=\"4866\" data-end=\"4917\">Ehrlich Vi\u1ec7t Nam \u2013 Thi\u1ebft B\u1ecb Nh\u00e0 B\u1ebfp &amp; Ph\u00f2ng T\u1eafm<\/strong><br data-start=\"4917\" data-end=\"4920\" \/>\ud83d\udccd\u00a0\u0110\u1ecba ch\u1ec9: S\u1ed1 6 Li\u1ec1n K\u1ec1 22, K\u0110T V\u0103n Kh\u00ea, H\u00e0 \u0110\u00f4ng, H\u00e0 N\u1ed9i<\/p>\n<p data-start=\"4981\" data-end=\"5105\">\ud83c\udf10\u00a0Website:\u00a0<a class=\"decorated-link\" href=\"https:\/\/ehrlichvietnam.vn\/\" target=\"_new\" rel=\"noopener\" data-start=\"4993\" data-end=\"5019\">https:\/\/ehrlichvietnam.vn\/<\/a><br data-start=\"5019\" data-end=\"5022\" \/>\ud83d\udcde\u00a0Hotline:\u00a0<strong data-start=\"5034\" data-end=\"5051\">0932 27 05 20<\/strong><br data-start=\"5051\" data-end=\"5054\" \/>\ud83d\udcac\u00a0Zalo OA:\u00a0<a class=\"decorated-link\" href=\"https:\/\/zalo.me\/s\/2888141157129558325\" target=\"_new\" rel=\"noopener\" data-start=\"5066\" data-end=\"5103\">https:\/\/zalo.me\/s\/2888141157129558325<\/a><\/p>\n<p data-start=\"5107\" data-end=\"5218\">\ud83c\udfa5\u00a0TikTok:\u00a0<a class=\"decorated-link\" href=\"https:\/\/www.tiktok.com\/@ehrlich.chia.s?_r=1\" target=\"_new\" rel=\"noopener\" data-start=\"5118\" data-end=\"5162\">https:\/\/www.tiktok.com\/@ehrlichthietbivesinh<\/a><br data-start=\"5162\" data-end=\"5165\" \/>\u25b6\ufe0f\u00a0YouTube:\u00a0<a class=\"decorated-link\" href=\"https:\/\/www.youtube.com\/@EhrlichVietNam\" target=\"_new\" rel=\"noopener\" data-start=\"5177\" data-end=\"5216\">https:\/\/www.youtube.com\/@EhrlichVietNam<\/a><\/p>\n<p data-start=\"5220\" data-end=\"5265\">\ud83d\ude9a\u00a0Giao h\u00e0ng to\u00e0n qu\u1ed1c \u2013 t\u01b0 v\u1ea5n nhanh ch\u00f3ng<\/p>\n<p data-start=\"5267\" data-end=\"5313\">\ud83d\udc49\u00a0<strong data-start=\"5270\" data-end=\"5313\">Inbox ngay \u0111\u1ec3 nh\u1eadn \u01b0u \u0111\u00e3i th\u00eam h\u00f4m nay!<\/strong><\/p>\n","protected":false},"excerpt":{"rendered":"<p>Sen t\u1eafm c\u00e2y INAX BFV-70S \u2013 Thi\u1ebft k\u1ebf t\u1ed1i gi\u1ea3n, v\u1eadn h\u00e0nh m\u01b0\u1ee3t m\u00e0, n\u00e2ng t\u1ea7m tr\u1ea3i nghi\u1ec7m ph\u00f2ng t\u1eafm Trong xu h\u01b0\u1edbng thi\u1ebft k\u1ebf ph\u00f2ng t\u1eafm hi\u1ec7n \u0111\u1ea1i, m\u1ed9t b\u1ed9 sen c\u00e2y kh\u00f4ng ch\u1ec9 \u0111\u01a1n thu\u1ea7n l\u00e0 thi\u1ebft b\u1ecb c\u1ea5p n\u01b0\u1edbc m\u00e0 c\u00f2n \u0111\u00f3ng vai tr\u00f2 nh\u01b0 m\u1ed9t \u201c\u0111i\u1ec3m nh\u1ea5n ki\u1ebfn tr\u00fac\u201d. Sen t\u1eafm [&hellip;]<\/p>\n","protected":false},"featured_media":4887,"comment_status":"open","ping_status":"closed","template":"","meta":{"_acf_changed":false},"product_brand":[141],"product_cat":[23,15,136,147],"product_tag":[],"class_list":{"0":"post-4886","1":"product","2":"type-product","3":"status-publish","4":"has-post-thumbnail","6":"product_brand-inax","7":"product_cat-thiet-bi-phong-ve-sinh","8":"product_cat-san-pham","9":"product_cat-thuong-hieu-inax","10":"product_cat-sen-tam-inax","12":"first","13":"instock","14":"shipping-taxable","15":"product-type-simple"},"acf":[],"_links":{"self":[{"href":"https:\/\/ehrlichvietnam.vn\/en\/wp-json\/wp\/v2\/product\/4886","targetHints":{"allow":["GET"]}}],"collection":[{"href":"https:\/\/ehrlichvietnam.vn\/en\/wp-json\/wp\/v2\/product"}],"about":[{"href":"https:\/\/ehrlichvietnam.vn\/en\/wp-json\/wp\/v2\/types\/product"}],"replies":[{"embeddable":true,"href":"https:\/\/ehrlichvietnam.vn\/en\/wp-json\/wp\/v2\/comments?post=4886"}],"wp:featuredmedia":[{"embeddable":true,"href":"https:\/\/ehrlichvietnam.vn\/en\/wp-json\/wp\/v2\/media\/4887"}],"wp:attachment":[{"href":"https:\/\/ehrlichvietnam.vn\/en\/wp-json\/wp\/v2\/media?parent=4886"}],"wp:term":[{"taxonomy":"product_brand","embeddable":true,"href":"https:\/\/ehrlichvietnam.vn\/en\/wp-json\/wp\/v2\/product_brand?post=4886"},{"taxonomy":"product_cat","embeddable":true,"href":"https:\/\/ehrlichvietnam.vn\/en\/wp-json\/wp\/v2\/product_cat?post=4886"},{"taxonomy":"product_tag","embeddable":true,"href":"https:\/\/ehrlichvietnam.vn\/en\/wp-json\/wp\/v2\/product_tag?post=4886"}],"curies":[{"name":"wp","href":"https:\/\/api.w.org\/{rel}","templated":true}]}}