{"id":4882,"date":"2026-04-17T01:35:28","date_gmt":"2026-04-17T01:35:28","guid":{"rendered":"https:\/\/ehrlichvietnam.vn\/?post_type=product&#038;p=4882"},"modified":"2026-04-17T01:59:17","modified_gmt":"2026-04-17T01:59:17","slug":"voi-lavabo-american-standard-wf-1702-signature-than-cao","status":"publish","type":"product","link":"https:\/\/ehrlichvietnam.vn\/voi-lavabo-american-standard-wf-1702-signature-than-cao\/","title":{"rendered":"V\u00f2i Lavabo American Standard WF-1702 Signature Th\u00e2n Cao"},"content":{"rendered":"<h2 data-start=\"0\" data-end=\"93\">V\u00f2i Lavabo American Standard WF-1702 Th\u00e2n Cao \u2013 Chu\u1ea9n Signature cho lavabo \u0111\u1eb7t b\u00e0n cao c\u1ea5p<\/h2>\n<p data-start=\"95\" data-end=\"441\">Trong c\u00e1c thi\u1ebft k\u1ebf ph\u00f2ng t\u1eafm hi\u1ec7n \u0111\u1ea1i, lavabo \u0111\u1eb7t b\u00e0n \u0111ang tr\u1edf th\u00e0nh xu h\u01b0\u1edbng nh\u1edd t\u00ednh th\u1ea9m m\u1ef9 cao. \u0110i k\u00e8m v\u1edbi \u0111\u00f3, v\u00f2i lavabo th\u00e2n cao l\u00e0 l\u1ef1a ch\u1ecdn b\u1eaft bu\u1ed9c \u0111\u1ec3 \u0111\u1ea3m b\u1ea3o c\u00f4ng n\u0103ng v\u00e0 s\u1ef1 \u0111\u1ed3ng b\u1ed9. V\u00f2i lavabo n\u00f3ng l\u1ea1nh WF-1702 th\u00e2n cao thu\u1ed9c b\u1ed9 s\u01b0u t\u1eadp Signature c\u1ee7a <span class=\"hover:entity-accent entity-underline inline cursor-pointer align-baseline\"><span class=\"whitespace-normal\">American Standard<\/span><\/span> ch\u00ednh l\u00e0 gi\u1ea3i ph\u00e1p ho\u00e0n h\u1ea3o cho kh\u00f4ng gian n\u00e0y.<\/p>\n<p data-start=\"443\" data-end=\"558\">S\u1ea3n ph\u1ea9m kh\u00f4ng ch\u1ec9 \u0111\u00e1p \u1ee9ng nhu c\u1ea7u s\u1eed d\u1ee5ng m\u00e0 c\u00f2n \u0111\u00f3ng vai tr\u00f2 nh\u01b0 m\u1ed9t \u0111i\u1ec3m nh\u1ea5n sang tr\u1ecdng cho t\u1ed5ng th\u1ec3 ph\u00f2ng t\u1eafm.<\/p>\n<hr data-start=\"560\" data-end=\"563\" \/>\n<h2 data-start=\"565\" data-end=\"613\"><img decoding=\"async\" src=\"https:\/\/www.tdm.vn\/image\/catalog\/product-5003\/ban-ve-voi-american-WF-1702.jpg\" \/><\/h2>\n<h2 data-start=\"565\" data-end=\"613\">Thi\u1ebft k\u1ebf th\u00e2n cao \u2013 T\u1ed1i \u01b0u cho lavabo \u0111\u1eb7t b\u00e0n<\/h2>\n<p data-start=\"615\" data-end=\"736\">WF-1702 \u0111\u01b0\u1ee3c thi\u1ebft k\u1ebf chuy\u00ean bi\u1ec7t cho <strong data-start=\"653\" data-end=\"671\">lavabo \u0111\u1eb7t b\u00e0n<\/strong>, v\u1edbi chi\u1ec1u cao th\u00e2n v\u00f2i \u0111\u01b0\u1ee3c n\u00e2ng l\u00ean \u0111\u1ec3 ph\u00f9 h\u1ee3p v\u1edbi mi\u1ec7ng ch\u1eadu.<\/p>\n<h3 data-start=\"738\" data-end=\"759\">\u0110\u1eb7c \u0111i\u1ec3m n\u1ed5i b\u1eadt:<\/h3>\n<ul data-start=\"760\" data-end=\"951\">\n<li data-start=\"760\" data-end=\"816\">Thi\u1ebft k\u1ebf th\u00e2n cao, t\u1ea1o kho\u1ea3ng kh\u00f4ng r\u1ed9ng khi s\u1eed d\u1ee5ng<\/li>\n<li data-start=\"817\" data-end=\"869\">\u0110\u01b0\u1eddng n\u00e9t thanh l\u1ecbch, chu\u1ea9n phong c\u00e1ch Signature<\/li>\n<li data-start=\"870\" data-end=\"906\">T\u1ef7 l\u1ec7 c\u00e2n \u0111\u1ed1i v\u1edbi lavabo \u0111\u1eb7t b\u00e0n<\/li>\n<li data-start=\"907\" data-end=\"951\">T\u1ea1o \u0111i\u1ec3m nh\u1ea5n sang tr\u1ecdng cho khu v\u1ef1c r\u1eeda<\/li>\n<\/ul>\n<h3 data-start=\"953\" data-end=\"974\">\u1ee8ng d\u1ee5ng th\u1ef1c t\u1ebf:<\/h3>\n<ul data-start=\"975\" data-end=\"1086\">\n<li data-start=\"975\" data-end=\"996\">Lavabo \u0111\u1eb7t b\u00e0n \u0111\u00e1<\/li>\n<li data-start=\"997\" data-end=\"1026\">Lavabo \u0111\u1eb7t b\u00e0n ngh\u1ec7 thu\u1eadt<\/li>\n<li data-start=\"1027\" data-end=\"1056\">Ph\u00f2ng t\u1eafm nh\u00e0 ph\u1ed1 cao c\u1ea5p<\/li>\n<li data-start=\"1057\" data-end=\"1086\">C\u0103n h\u1ed9, kh\u00e1ch s\u1ea1n, resort<\/li>\n<\/ul>\n<p data-start=\"1088\" data-end=\"1184\">\ud83d\udc49 N\u1ebfu d\u00f9ng lavabo \u0111\u1eb7t b\u00e0n m\u00e0 ch\u1ecdn v\u00f2i th\u1ea5p \u2192 r\u1ea5t v\u01b0\u1edbng. WF-1702 gi\u1ea3i quy\u1ebft tri\u1ec7t \u0111\u1ec3 v\u1ea5n \u0111\u1ec1 n\u00e0y.<\/p>\n<hr data-start=\"1186\" data-end=\"1189\" \/>\n<h2 data-start=\"1191\" data-end=\"1233\">B\u1ed9 s\u01b0u t\u1eadp Signature \u2013 Tinh t\u1ebf, d\u1ec5 ph\u1ed1i<\/h2>\n<p data-start=\"1235\" data-end=\"1287\">WF-1702 thu\u1ed9c d\u00f2ng Signature \u2013 n\u1ed5i b\u1eadt v\u1edbi thi\u1ebft k\u1ebf:<\/p>\n<ul data-start=\"1289\" data-end=\"1398\">\n<li data-start=\"1289\" data-end=\"1319\">Thanh l\u1ecbch, kh\u00f4ng l\u1ed7i th\u1eddi<\/li>\n<li data-start=\"1320\" data-end=\"1361\">D\u1ec5 ph\u1ed1i v\u1edbi nhi\u1ec1u phong c\u00e1ch n\u1ed9i th\u1ea5t<\/li>\n<li data-start=\"1362\" data-end=\"1398\">Ph\u00f9 h\u1ee3p t\u1eeb trung c\u1ea5p \u0111\u1ebfn cao c\u1ea5p<\/li>\n<\/ul>\n<p data-start=\"1400\" data-end=\"1470\">\ud83d\udc49 \u0110\u00e2y l\u00e0 d\u00f2ng s\u1ea3n ph\u1ea9m \u201can to\u00e0n nh\u01b0ng sang\u201d, r\u1ea5t d\u1ec5 t\u01b0 v\u1ea5n cho kh\u00e1ch.<\/p>\n<hr data-start=\"1472\" data-end=\"1475\" \/>\n<h2 data-start=\"1477\" data-end=\"1520\">Ch\u1ea5t li\u1ec7u \u0111\u1ed3ng m\u1ea1 Crom \u2013 B\u1ec1n \u0111\u1eb9p l\u00e2u d\u00e0i<\/h2>\n<p data-start=\"1522\" data-end=\"1624\">S\u1ea3n ph\u1ea9m \u0111\u01b0\u1ee3c ch\u1ebf t\u1ea1o t\u1eeb <strong data-start=\"1547\" data-end=\"1583\">\u0111\u1ed3ng nguy\u00ean ch\u1ea5t m\u1ea1 Crom cao c\u1ea5p<\/strong>, \u0111\u1ea3m b\u1ea3o \u0111\u1ed9 b\u1ec1n trong m\u00f4i tr\u01b0\u1eddng \u1ea9m \u01b0\u1edbt.<\/p>\n<h3 data-start=\"1626\" data-end=\"1638\">\u01afu \u0111i\u1ec3m:<\/h3>\n<ul data-start=\"1639\" data-end=\"1768\">\n<li data-start=\"1639\" data-end=\"1670\">Ch\u1ed1ng oxy h\u00f3a, ch\u1ed1ng \u0103n m\u00f2n<\/li>\n<li data-start=\"1671\" data-end=\"1699\">B\u1ec1 m\u1eb7t s\u00e1ng b\u00f3ng l\u00e2u d\u00e0i<\/li>\n<li data-start=\"1700\" data-end=\"1731\">D\u1ec5 v\u1ec7 sinh, h\u1ea1n ch\u1ebf b\u00e1m b\u1ea9n<\/li>\n<li data-start=\"1732\" data-end=\"1768\">An to\u00e0n v\u1edbi ngu\u1ed3n n\u01b0\u1edbc sinh ho\u1ea1t<\/li>\n<\/ul>\n<p data-start=\"1770\" data-end=\"1861\">\ud83d\udc49 L\u1edbp m\u1ea1 ch\u1ea5t l\u01b0\u1ee3ng cao gi\u00fap v\u00f2i lu\u00f4n gi\u1eef \u0111\u01b0\u1ee3c v\u1ebb ngo\u00e0i nh\u01b0 m\u1edbi sau th\u1eddi gian d\u00e0i s\u1eed d\u1ee5ng.<\/p>\n<hr data-start=\"1863\" data-end=\"1866\" \/>\n<h2 data-start=\"1868\" data-end=\"1911\">Van \u0111i\u1ec1u khi\u1ec3n cao c\u1ea5p \u2013 M\u01b0\u1ee3t v\u00e0 \u1ed5n \u0111\u1ecbnh<\/h2>\n<p data-start=\"1913\" data-end=\"2015\">WF-1702 s\u1eed d\u1ee5ng <strong data-start=\"1929\" data-end=\"1974\">van \u0111i\u1ec1u khi\u1ec3n (cartridge) ch\u1ea5t l\u01b0\u1ee3ng cao<\/strong>, mang l\u1ea1i tr\u1ea3i nghi\u1ec7m s\u1eed d\u1ee5ng v\u01b0\u1ee3t tr\u1ed9i:<\/p>\n<ul data-start=\"2017\" data-end=\"2125\">\n<li data-start=\"2017\" data-end=\"2038\">\u0110\u00f3ng m\u1edf nh\u1eb9 nh\u00e0ng<\/li>\n<li data-start=\"2039\" data-end=\"2075\">\u0110i\u1ec1u ch\u1ec9nh n\u00f3ng \u2013 l\u1ea1nh ch\u00ednh x\u00e1c<\/li>\n<li data-start=\"2076\" data-end=\"2098\">H\u1ea1n ch\u1ebf r\u00f2 r\u1ec9 n\u01b0\u1edbc<\/li>\n<li data-start=\"2099\" data-end=\"2125\">T\u0103ng tu\u1ed5i th\u1ecd s\u1ea3n ph\u1ea9m<\/li>\n<\/ul>\n<p data-start=\"2127\" data-end=\"2203\">\ud83d\udc49 \u0110\u1eb7c bi\u1ec7t quan tr\u1ecdng v\u1edbi c\u00e1c c\u00f4ng tr\u00ecnh cao c\u1ea5p ho\u1eb7c s\u1eed d\u1ee5ng th\u01b0\u1eddng xuy\u00ean.<\/p>\n<hr data-start=\"2205\" data-end=\"2208\" \/>\n<h2 data-start=\"2210\" data-end=\"2252\">\u00c1p l\u1ef1c n\u01b0\u1edbc linh ho\u1ea1t \u2013 L\u1eafp \u0111\u00e2u c\u0169ng \u1ed5n<\/h2>\n<p data-start=\"2254\" data-end=\"2294\">S\u1ea3n ph\u1ea9m ho\u1ea1t \u0111\u1ed9ng t\u1ed1t trong d\u1ea3i \u00e1p l\u1ef1c:<\/p>\n<ul data-start=\"2296\" data-end=\"2321\">\n<li data-start=\"2296\" data-end=\"2321\"><strong data-start=\"2298\" data-end=\"2321\">0.05 MPa ~ 0.75 MPa<\/strong><\/li>\n<\/ul>\n<h3 data-start=\"2323\" data-end=\"2336\">\u1ee8ng d\u1ee5ng:<\/h3>\n<ul data-start=\"2337\" data-end=\"2426\">\n<li data-start=\"2337\" data-end=\"2359\">Nh\u00e0 ph\u1ed1 \u00e1p l\u1ef1c y\u1ebfu<\/li>\n<li data-start=\"2360\" data-end=\"2381\">Chung c\u01b0 cao t\u1ea7ng<\/li>\n<li data-start=\"2382\" data-end=\"2404\">Nh\u00e0 c\u00f3 b\u01a1m t\u0103ng \u00e1p<\/li>\n<li data-start=\"2405\" data-end=\"2426\">Kh\u00e1ch s\u1ea1n, resort<\/li>\n<\/ul>\n<p data-start=\"2428\" data-end=\"2489\">\ud83d\udc49 M\u1ed9t m\u1eabu v\u00f2i th\u00e2n cao nh\u01b0ng v\u1eabn \u201cd\u1ec5 t\u00ednh\u201d v\u1ec1 h\u1ec7 th\u1ed1ng n\u01b0\u1edbc.<\/p>\n<hr data-start=\"2491\" data-end=\"2494\" \/>\n<h2 data-start=\"2496\" data-end=\"2540\">Tr\u1ea3i nghi\u1ec7m s\u1eed d\u1ee5ng \u2013 R\u1ed9ng r\u00e3i, tho\u1ea3i m\u00e1i<\/h2>\n<h3 data-start=\"2542\" data-end=\"2569\">Kh\u00f4ng gian s\u1eed d\u1ee5ng r\u1ed9ng<\/h3>\n<p data-start=\"2570\" data-end=\"2594\">Chi\u1ec1u cao th\u00e2n v\u00f2i gi\u00fap:<\/p>\n<ul data-start=\"2595\" data-end=\"2667\">\n<li data-start=\"2595\" data-end=\"2616\">R\u1eeda tay tho\u1ea3i m\u00e1i<\/li>\n<li data-start=\"2617\" data-end=\"2636\">D\u1ec5 v\u1ec7 sinh ch\u1eadu<\/li>\n<li data-start=\"2637\" data-end=\"2667\">Kh\u00f4ng b\u1ecb v\u01b0\u1edbng khi s\u1eed d\u1ee5ng<\/li>\n<\/ul>\n<h3 data-start=\"2669\" data-end=\"2688\">D\u00f2ng n\u01b0\u1edbc \u00eam \u00e1i<\/h3>\n<p data-start=\"2689\" data-end=\"2711\">Thi\u1ebft k\u1ebf \u0111\u1ea7u v\u00f2i gi\u00fap:<\/p>\n<ul data-start=\"2712\" data-end=\"2754\">\n<li data-start=\"2712\" data-end=\"2729\">N\u01b0\u1edbc ch\u1ea3y \u0111\u1ec1u<\/li>\n<li data-start=\"2730\" data-end=\"2754\">H\u1ea1n ch\u1ebf b\u1eafn ra ngo\u00e0i<\/li>\n<\/ul>\n<h3 data-start=\"2756\" data-end=\"2776\">Tay g\u1ea1t ti\u1ec7n l\u1ee3i<\/h3>\n<ul data-start=\"2777\" data-end=\"2830\">\n<li data-start=\"2777\" data-end=\"2797\">\u0110i\u1ec1u ch\u1ec9nh nhanh<\/li>\n<li data-start=\"2798\" data-end=\"2830\">D\u1ec5 s\u1eed d\u1ee5ng cho m\u1ecdi \u0111\u1ed1i t\u01b0\u1ee3ng<\/li>\n<\/ul>\n<hr data-start=\"2832\" data-end=\"2835\" \/>\n<h2 data-start=\"2837\" data-end=\"2876\">Th\u00f4ng s\u1ed1 k\u1ef9 thu\u1eadt v\u00f2i lavabo WF-1702<\/h2>\n<div class=\"TyagGW_tableContainer\">\n<div class=\"group TyagGW_tableWrapper flex flex-col-reverse w-fit\" tabindex=\"-1\">\n<table class=\"w-fit min-w-(--thread-content-width)\" data-start=\"2878\" data-end=\"3172\">\n<thead data-start=\"2878\" data-end=\"2901\">\n<tr data-start=\"2878\" data-end=\"2901\">\n<th class=\"\" data-start=\"2878\" data-end=\"2889\" data-col-size=\"sm\">Th\u00f4ng s\u1ed1<\/th>\n<th class=\"\" data-start=\"2889\" data-end=\"2901\" data-col-size=\"sm\">Chi ti\u1ebft<\/th>\n<\/tr>\n<\/thead>\n<tbody data-start=\"2924\" data-end=\"3172\">\n<tr data-start=\"2924\" data-end=\"2949\">\n<td data-start=\"2924\" data-end=\"2938\" data-col-size=\"sm\">M\u00e3 s\u1ea3n ph\u1ea9m<\/td>\n<td data-col-size=\"sm\" data-start=\"2938\" data-end=\"2949\">WF-1702<\/td>\n<\/tr>\n<tr data-start=\"2950\" data-end=\"2985\">\n<td data-start=\"2950\" data-end=\"2964\" data-col-size=\"sm\">Th\u01b0\u01a1ng hi\u1ec7u<\/td>\n<td data-col-size=\"sm\" data-start=\"2964\" data-end=\"2985\">American Standard<\/td>\n<\/tr>\n<tr data-start=\"2986\" data-end=\"3012\">\n<td data-start=\"2986\" data-end=\"2999\" data-col-size=\"sm\">B\u1ed9 s\u01b0u t\u1eadp<\/td>\n<td data-col-size=\"sm\" data-start=\"2999\" data-end=\"3012\">Signature<\/td>\n<\/tr>\n<tr data-start=\"3013\" data-end=\"3037\">\n<td data-start=\"3013\" data-end=\"3024\" data-col-size=\"sm\">Lo\u1ea1i v\u00f2i<\/td>\n<td data-col-size=\"sm\" data-start=\"3024\" data-end=\"3037\">N\u00f3ng l\u1ea1nh<\/td>\n<\/tr>\n<tr data-start=\"3038\" data-end=\"3071\">\n<td data-start=\"3038\" data-end=\"3053\" data-col-size=\"sm\">Ki\u1ec3u l\u1eafp \u0111\u1eb7t<\/td>\n<td data-col-size=\"sm\" data-start=\"3053\" data-end=\"3071\">Lavabo \u0111\u1eb7t b\u00e0n<\/td>\n<\/tr>\n<tr data-start=\"3072\" data-end=\"3100\">\n<td data-start=\"3072\" data-end=\"3084\" data-col-size=\"sm\">Ch\u1ea5t li\u1ec7u<\/td>\n<td data-col-size=\"sm\" data-start=\"3084\" data-end=\"3100\">\u0110\u1ed3ng m\u1ea1 Crom<\/td>\n<\/tr>\n<tr data-start=\"3101\" data-end=\"3134\">\n<td data-start=\"3101\" data-end=\"3115\" data-col-size=\"sm\">\u00c1p l\u1ef1c n\u01b0\u1edbc<\/td>\n<td data-col-size=\"sm\" data-start=\"3115\" data-end=\"3134\">0.05 \u2013 0.75 MPa<\/td>\n<\/tr>\n<tr data-start=\"3135\" data-end=\"3155\">\n<td data-start=\"3135\" data-end=\"3146\" data-col-size=\"sm\">B\u1ea3o h\u00e0nh<\/td>\n<td data-col-size=\"sm\" data-start=\"3146\" data-end=\"3155\">2 n\u0103m<\/td>\n<\/tr>\n<tr data-start=\"3156\" data-end=\"3172\">\n<td data-start=\"3156\" data-end=\"3166\" data-col-size=\"sm\">Xu\u1ea5t x\u1ee9<\/td>\n<td data-start=\"3166\" data-end=\"3172\" data-col-size=\"sm\">M\u1ef9<\/td>\n<\/tr>\n<\/tbody>\n<\/table>\n<\/div>\n<\/div>\n<hr data-start=\"3174\" data-end=\"3177\" \/>\n<h2 data-start=\"3179\" data-end=\"3211\">\u01afu \u2013 Nh\u01b0\u1ee3c \u2013 \u1ee8ng d\u1ee5ng th\u1ef1c t\u1ebf<\/h2>\n<h3 data-start=\"3213\" data-end=\"3224\">\u01afu \u0111i\u1ec3m<\/h3>\n<ul data-start=\"3225\" data-end=\"3411\">\n<li data-start=\"3225\" data-end=\"3277\">Thi\u1ebft k\u1ebf th\u00e2n cao chuy\u00ean d\u1ee5ng cho lavabo \u0111\u1eb7t b\u00e0n<\/li>\n<li data-start=\"3278\" data-end=\"3313\">T\u0103ng th\u1ea9m m\u1ef9 t\u1ed5ng th\u1ec3 ph\u00f2ng t\u1eafm<\/li>\n<li data-start=\"3314\" data-end=\"3347\">Ch\u1ea5t li\u1ec7u cao c\u1ea5p, \u0111\u1ed9 b\u1ec1n cao<\/li>\n<li data-start=\"3348\" data-end=\"3382\">Van \u0111i\u1ec1u khi\u1ec3n \u1ed5n \u0111\u1ecbnh, \u00edt l\u1ed7i<\/li>\n<li data-start=\"3383\" data-end=\"3411\">Ph\u00f9 h\u1ee3p nhi\u1ec1u c\u00f4ng tr\u00ecnh<\/li>\n<\/ul>\n<h3 data-start=\"3413\" data-end=\"3427\">Nh\u01b0\u1ee3c \u0111i\u1ec3m<\/h3>\n<ul data-start=\"3428\" data-end=\"3500\">\n<li data-start=\"3428\" data-end=\"3475\">Kh\u00f4ng ph\u00f9 h\u1ee3p lavabo \u00e2m b\u00e0n ho\u1eb7c treo t\u01b0\u1eddng<\/li>\n<li data-start=\"3476\" data-end=\"3500\">Gi\u00e1 cao h\u01a1n v\u00f2i th\u1ea5p<\/li>\n<\/ul>\n<h3 data-start=\"3502\" data-end=\"3514\">\u1ee8ng d\u1ee5ng<\/h3>\n<ul data-start=\"3515\" data-end=\"3598\">\n<li data-start=\"3515\" data-end=\"3534\">Nh\u00e0 ph\u1ed1 cao c\u1ea5p<\/li>\n<li data-start=\"3535\" data-end=\"3554\">C\u0103n h\u1ed9 hi\u1ec7n \u0111\u1ea1i<\/li>\n<li data-start=\"3555\" data-end=\"3576\">Kh\u00e1ch s\u1ea1n, resort<\/li>\n<li data-start=\"3577\" data-end=\"3598\">Showroom n\u1ed9i th\u1ea5t<\/li>\n<\/ul>\n<hr data-start=\"3600\" data-end=\"3603\" \/>\n<h2 data-start=\"3605\" data-end=\"3650\">G\u1ee3i \u00fd ph\u1ed1i combo \u2013 Chu\u1ea9n ph\u00f2ng t\u1eafm cao c\u1ea5p<\/h2>\n<p data-start=\"3652\" data-end=\"3676\">WF-1702 n\u00ean k\u1ebft h\u1ee3p v\u1edbi:<\/p>\n<ul data-start=\"3678\" data-end=\"3803\">\n<li data-start=\"3678\" data-end=\"3720\">Lavabo \u0111\u1eb7t b\u00e0n (tr\u00f2n, oval ho\u1eb7c vu\u00f4ng)<\/li>\n<li data-start=\"3721\" data-end=\"3752\">B\u00e0n \u0111\u00e1 ho\u1eb7c t\u1ee7 ch\u1eadu cao c\u1ea5p<\/li>\n<li data-start=\"3753\" data-end=\"3774\">G\u01b0\u01a1ng LED c\u1ea3m \u1ee9ng<\/li>\n<li data-start=\"3775\" data-end=\"3803\">B\u1ed9 ph\u1ee5 ki\u1ec7n inox \u0111\u1ed3ng b\u1ed9<\/li>\n<\/ul>\n<p data-start=\"3805\" data-end=\"3822\">\ud83d\udc49 Combo ph\u00f9 h\u1ee3p:<\/p>\n<ul data-start=\"3823\" data-end=\"3883\">\n<li data-start=\"3823\" data-end=\"3842\">Ph\u00f2ng t\u1eafm 4\u20138m\u00b2<\/li>\n<li data-start=\"3843\" data-end=\"3862\">Nh\u00e0 ph\u1ed1 cao c\u1ea5p<\/li>\n<li data-start=\"3863\" data-end=\"3883\">C\u0103n h\u1ed9 h\u1ea1ng sang<\/li>\n<\/ul>\n<hr data-start=\"3885\" data-end=\"3888\" \/>\n<h2 data-start=\"3890\" data-end=\"3932\">V\u00ec sao WF-1702 l\u00e0 l\u1ef1a ch\u1ecdn \u0111\u00e1ng \u0111\u1ea7u t\u01b0?<\/h2>\n<ul data-start=\"3934\" data-end=\"4098\">\n<li data-start=\"3934\" data-end=\"3969\">Thi\u1ebft k\u1ebf th\u00e2n cao \u0111\u00fang xu h\u01b0\u1edbng<\/li>\n<li data-start=\"3970\" data-end=\"4004\">T\u0103ng gi\u00e1 tr\u1ecb th\u1ea9m m\u1ef9 ph\u00f2ng t\u1eafm<\/li>\n<li data-start=\"4005\" data-end=\"4032\">\u0110\u1ed9 b\u1ec1n cao, \u00edt b\u1ea3o h\u00e0nh<\/li>\n<li data-start=\"4033\" data-end=\"4055\">Th\u01b0\u01a1ng hi\u1ec7u uy t\u00edn<\/li>\n<li data-start=\"4056\" data-end=\"4098\">D\u1ec5 b\u00e1n trong ph\u00e2n kh\u00fac trung \u2013 cao c\u1ea5p<\/li>\n<\/ul>\n<p data-start=\"4100\" data-end=\"4133\">\ud83d\udc49 \u0110\u00e2y l\u00e0 m\u1eabu v\u00f2i r\u1ea5t ph\u00f9 h\u1ee3p \u0111\u1ec3:<\/p>\n<ul data-start=\"4134\" data-end=\"4221\">\n<li data-start=\"4134\" data-end=\"4156\">Ch\u1ea1y combo cao c\u1ea5p<\/li>\n<li data-start=\"4157\" data-end=\"4194\">T\u01b0 v\u1ea5n kh\u00e1ch h\u00e0ng y\u00eau c\u1ea7u th\u1ea9m m\u1ef9<\/li>\n<li data-start=\"4195\" data-end=\"4221\">L\u00e0m \u0111i\u1ec3m nh\u1ea5n showroom<\/li>\n<\/ul>\n<hr data-start=\"4223\" data-end=\"4226\" \/>\n<h2 data-start=\"4228\" data-end=\"4239\">K\u1ebft lu\u1eadn<\/h2>\n<p data-start=\"4241\" data-end=\"4515\">V\u00f2i lavabo American Standard WF-1702 th\u00e2n cao l\u00e0 l\u1ef1a ch\u1ecdn l\u00fd t\u01b0\u1edfng cho kh\u00f4ng gian ph\u00f2ng t\u1eafm hi\u1ec7n \u0111\u1ea1i s\u1eed d\u1ee5ng lavabo \u0111\u1eb7t b\u00e0n. V\u1edbi thi\u1ebft k\u1ebf thanh l\u1ecbch, ch\u1ea5t li\u1ec7u cao c\u1ea5p v\u00e0 kh\u1ea3 n\u0103ng v\u1eadn h\u00e0nh \u1ed5n \u0111\u1ecbnh, s\u1ea3n ph\u1ea9m kh\u00f4ng ch\u1ec9 \u0111\u00e1p \u1ee9ng nhu c\u1ea7u s\u1eed d\u1ee5ng m\u00e0 c\u00f2n n\u00e2ng t\u1ea7m tr\u1ea3i nghi\u1ec7m s\u1ed1ng.<\/p>\n<hr data-start=\"3999\" data-end=\"4002\" \/>\n<h2 data-start=\"4004\" data-end=\"4015\">K\u1ebft lu\u1eadn<\/h2>\n<p data-start=\"4017\" data-end=\"4234\">V\u00f2i lavabo American Standard WF-1701 l\u00e0 l\u1ef1a ch\u1ecdn c\u00e2n b\u1eb1ng gi\u1eefa th\u1ea9m m\u1ef9, \u0111\u1ed9 b\u1ec1n v\u00e0 chi ph\u00ed. V\u1edbi thi\u1ebft k\u1ebf tinh t\u1ebf, ch\u1ea5t li\u1ec7u cao c\u1ea5p v\u00e0 kh\u1ea3 n\u0103ng v\u1eadn h\u00e0nh \u1ed5n \u0111\u1ecbnh, s\u1ea3n ph\u1ea9m \u0111\u00e1p \u1ee9ng t\u1ed1t nhu c\u1ea7u t\u1eeb gia \u0111\u00ecnh \u0111\u1ebfn c\u00f4ng tr\u00ecnh.<\/p>\n<p data-start=\"4866\" data-end=\"4979\"><strong data-start=\"4866\" data-end=\"4917\">Ehrlich Vi\u1ec7t Nam \u2013 Thi\u1ebft B\u1ecb Nh\u00e0 B\u1ebfp &amp; Ph\u00f2ng T\u1eafm<\/strong><br data-start=\"4917\" data-end=\"4920\" \/>\ud83d\udccd\u00a0\u0110\u1ecba ch\u1ec9: S\u1ed1 6 Li\u1ec1n K\u1ec1 22, K\u0110T V\u0103n Kh\u00ea, H\u00e0 \u0110\u00f4ng, H\u00e0 N\u1ed9i<\/p>\n<p data-start=\"4981\" data-end=\"5105\">\ud83c\udf10\u00a0Website:\u00a0<a class=\"decorated-link\" href=\"https:\/\/ehrlichvietnam.vn\/\" target=\"_new\" rel=\"noopener\" data-start=\"4993\" data-end=\"5019\">https:\/\/ehrlichvietnam.vn\/<\/a><br data-start=\"5019\" data-end=\"5022\" \/>\ud83d\udcde\u00a0Hotline:\u00a0<strong data-start=\"5034\" data-end=\"5051\">0932 27 05 20<\/strong><br data-start=\"5051\" data-end=\"5054\" \/>\ud83d\udcac\u00a0Zalo OA:\u00a0<a class=\"decorated-link\" href=\"https:\/\/zalo.me\/s\/2888141157129558325\" target=\"_new\" rel=\"noopener\" data-start=\"5066\" data-end=\"5103\">https:\/\/zalo.me\/s\/2888141157129558325<\/a><\/p>\n<p data-start=\"5107\" data-end=\"5218\">\ud83c\udfa5\u00a0TikTok:\u00a0<a class=\"decorated-link\" href=\"https:\/\/www.tiktok.com\/@ehrlich.chia.s?_r=1\" target=\"_new\" rel=\"noopener\" data-start=\"5118\" data-end=\"5162\">https:\/\/www.tiktok.com\/@ehrlichthietbivesinh<\/a><br data-start=\"5162\" data-end=\"5165\" \/>\u25b6\ufe0f\u00a0YouTube:\u00a0<a class=\"decorated-link\" href=\"https:\/\/www.youtube.com\/@EhrlichVietNam\" target=\"_new\" rel=\"noopener\" data-start=\"5177\" data-end=\"5216\">https:\/\/www.youtube.com\/@EhrlichVietNam<\/a><\/p>\n<p data-start=\"5220\" data-end=\"5265\">\ud83d\ude9a\u00a0Giao h\u00e0ng to\u00e0n qu\u1ed1c \u2013 t\u01b0 v\u1ea5n nhanh ch\u00f3ng<\/p>\n<p data-start=\"5267\" data-end=\"5313\">\ud83d\udc49\u00a0<strong data-start=\"5270\" data-end=\"5313\">Inbox ngay \u0111\u1ec3 nh\u1eadn \u01b0u \u0111\u00e3i th\u00eam h\u00f4m nay!<\/strong><\/p>\n","protected":false},"excerpt":{"rendered":"<p>V\u00f2i Lavabo American Standard WF-1702 Th\u00e2n Cao \u2013 Chu\u1ea9n Signature cho lavabo \u0111\u1eb7t b\u00e0n cao c\u1ea5p Trong c\u00e1c thi\u1ebft k\u1ebf ph\u00f2ng t\u1eafm hi\u1ec7n \u0111\u1ea1i, lavabo \u0111\u1eb7t b\u00e0n \u0111ang tr\u1edf th\u00e0nh xu h\u01b0\u1edbng nh\u1edd t\u00ednh th\u1ea9m m\u1ef9 cao. \u0110i k\u00e8m v\u1edbi \u0111\u00f3, v\u00f2i lavabo th\u00e2n cao l\u00e0 l\u1ef1a ch\u1ecdn b\u1eaft bu\u1ed9c \u0111\u1ec3 \u0111\u1ea3m b\u1ea3o c\u00f4ng n\u0103ng [&hellip;]<\/p>\n","protected":false},"featured_media":4883,"comment_status":"open","ping_status":"closed","template":"","meta":{"_acf_changed":false},"product_brand":[143],"product_cat":[23,15,137,152],"product_tag":[],"class_list":{"0":"post-4882","1":"product","2":"type-product","3":"status-publish","4":"has-post-thumbnail","6":"product_brand-american-standard","7":"product_cat-thiet-bi-phong-ve-sinh","8":"product_cat-san-pham","9":"product_cat-thuong-hieu-american-standard","10":"product_cat-voi-lavabo-american-standard","12":"first","13":"instock","14":"shipping-taxable","15":"product-type-simple"},"acf":[],"_links":{"self":[{"href":"https:\/\/ehrlichvietnam.vn\/en\/wp-json\/wp\/v2\/product\/4882","targetHints":{"allow":["GET"]}}],"collection":[{"href":"https:\/\/ehrlichvietnam.vn\/en\/wp-json\/wp\/v2\/product"}],"about":[{"href":"https:\/\/ehrlichvietnam.vn\/en\/wp-json\/wp\/v2\/types\/product"}],"replies":[{"embeddable":true,"href":"https:\/\/ehrlichvietnam.vn\/en\/wp-json\/wp\/v2\/comments?post=4882"}],"wp:featuredmedia":[{"embeddable":true,"href":"https:\/\/ehrlichvietnam.vn\/en\/wp-json\/wp\/v2\/media\/4883"}],"wp:attachment":[{"href":"https:\/\/ehrlichvietnam.vn\/en\/wp-json\/wp\/v2\/media?parent=4882"}],"wp:term":[{"taxonomy":"product_brand","embeddable":true,"href":"https:\/\/ehrlichvietnam.vn\/en\/wp-json\/wp\/v2\/product_brand?post=4882"},{"taxonomy":"product_cat","embeddable":true,"href":"https:\/\/ehrlichvietnam.vn\/en\/wp-json\/wp\/v2\/product_cat?post=4882"},{"taxonomy":"product_tag","embeddable":true,"href":"https:\/\/ehrlichvietnam.vn\/en\/wp-json\/wp\/v2\/product_tag?post=4882"}],"curies":[{"name":"wp","href":"https:\/\/api.w.org\/{rel}","templated":true}]}}