{"id":4868,"date":"2026-04-16T09:51:19","date_gmt":"2026-04-16T09:51:19","guid":{"rendered":"https:\/\/ehrlichvietnam.vn\/?post_type=product&#038;p=4868"},"modified":"2026-04-17T02:00:01","modified_gmt":"2026-04-17T02:00:01","slug":"voi-lavabo-american-standard-acacia-e-wf-0401-nong-lanh","status":"publish","type":"product","link":"https:\/\/ehrlichvietnam.vn\/voi-lavabo-american-standard-wf-1m01-loven-nong-lanh-copy\/","title":{"rendered":"V\u00f2i Lavabo American Standard Acacia E WF-0401 N\u00f3ng L\u1ea1nh"},"content":{"rendered":"<h2 data-start=\"0\" data-end=\"97\">V\u00f2i Lavabo American Standard WF-0401 N\u00f3ng L\u1ea1nh \u2013 Thi\u1ebft k\u1ebf vu\u00f4ng hi\u1ec7n \u0111\u1ea1i, b\u1ec1n b\u1ec9 chu\u1ea9n cao c\u1ea5p<\/h2>\n<p data-start=\"99\" data-end=\"398\">V\u00f2i lavabo l\u00e0 chi ti\u1ebft nh\u1ecf nh\u01b0ng l\u1ea1i \u1ea3nh h\u01b0\u1edfng tr\u1ef1c ti\u1ebfp \u0111\u1ebfn tr\u1ea3i nghi\u1ec7m s\u1eed d\u1ee5ng trong ph\u00f2ng t\u1eafm. V\u00f2i lavabo n\u00f3ng l\u1ea1nh WF-0401 thu\u1ed9c b\u1ed9 s\u01b0u t\u1eadp Concept Square c\u1ee7a <span class=\"hover:entity-accent entity-underline inline cursor-pointer align-baseline\"><span class=\"whitespace-normal\">American Standard<\/span><\/span> mang \u0111\u1ebfn phong c\u00e1ch thi\u1ebft k\u1ebf vu\u00f4ng m\u1ea1nh m\u1ebd, hi\u1ec7n \u0111\u1ea1i c\u00f9ng \u0111\u1ed9 b\u1ec1n cao v\u00e0 kh\u1ea3 n\u0103ng v\u1eadn h\u00e0nh \u1ed5n \u0111\u1ecbnh.<\/p>\n<p data-start=\"400\" data-end=\"566\">\u0110\u00e2y l\u00e0 m\u1eabu v\u00f2i ph\u00f9 h\u1ee3p cho nh\u1eefng kh\u00f4ng gian ph\u00f2ng t\u1eafm theo phong c\u00e1ch t\u1ed1i gi\u1ea3n, ki\u1ebfn tr\u00fac hi\u1ec7n \u0111\u1ea1i, \u0111\u1eb7c bi\u1ec7t l\u00e0 c\u00e1c c\u00f4ng tr\u00ecnh nh\u00e0 ph\u1ed1, c\u0103n h\u1ed9 cao c\u1ea5p ho\u1eb7c kh\u00e1ch s\u1ea1n.<\/p>\n<hr data-start=\"568\" data-end=\"571\" \/>\n<h2 data-start=\"573\" data-end=\"627\">Thi\u1ebft k\u1ebf Concept Square \u2013 Phong c\u00e1ch vu\u00f4ng hi\u1ec7n \u0111\u1ea1i<\/h2>\n<p data-start=\"629\" data-end=\"778\">WF-0401 thu\u1ed9c d\u00f2ng Concept Square, n\u1ed5i b\u1eadt v\u1edbi \u0111\u01b0\u1eddng n\u00e9t vu\u00f4ng v\u1ee9c, m\u1ea1nh m\u1ebd v\u00e0 d\u1ee9t kho\u00e1t. Thi\u1ebft k\u1ebf n\u00e0y gi\u00fap t\u1ea1o \u0111i\u1ec3m nh\u1ea5n r\u00f5 r\u00e0ng cho khu v\u1ef1c lavabo.<\/p>\n<h3 data-start=\"780\" data-end=\"801\">\u0110\u1eb7c \u0111i\u1ec3m n\u1ed5i b\u1eadt:<\/h3>\n<ul data-start=\"802\" data-end=\"951\">\n<li data-start=\"802\" data-end=\"830\">Ki\u1ec3u d\u00e1ng vu\u00f4ng hi\u1ec7n \u0111\u1ea1i<\/li>\n<li data-start=\"831\" data-end=\"871\">Th\u00e2n v\u00f2i g\u1ecdn g\u00e0ng, t\u1ed1i \u01b0u kh\u00f4ng gian<\/li>\n<li data-start=\"872\" data-end=\"908\">Thi\u1ebft k\u1ebf d\u00e0nh cho ch\u1eadu 1 l\u1ed7 (FC)<\/li>\n<li data-start=\"909\" data-end=\"951\">D\u1ec5 ph\u1ed1i v\u1edbi lavabo \u0111\u1eb7t b\u00e0n ho\u1eb7c \u00e2m b\u00e0n<\/li>\n<\/ul>\n<h3 data-start=\"953\" data-end=\"980\">Ph\u00f9 h\u1ee3p v\u1edbi kh\u00f4ng gian:<\/h3>\n<ul data-start=\"981\" data-end=\"1087\">\n<li data-start=\"981\" data-end=\"1014\">Ph\u00f2ng t\u1eafm phong c\u00e1ch hi\u1ec7n \u0111\u1ea1i<\/li>\n<li data-start=\"1015\" data-end=\"1044\">Nh\u00e0 ph\u1ed1 thi\u1ebft k\u1ebf t\u1ed1i gi\u1ea3n<\/li>\n<li data-start=\"1045\" data-end=\"1063\">C\u0103n h\u1ed9 cao c\u1ea5p<\/li>\n<li data-start=\"1064\" data-end=\"1087\">Kh\u00e1ch s\u1ea1n, homestay<\/li>\n<\/ul>\n<p data-start=\"1089\" data-end=\"1175\">\ud83d\udc49 N\u1ebfu lavabo l\u00e0 d\u1ea1ng vu\u00f4ng ho\u1eb7c b\u00e1n vu\u00f4ng, WF-0401 s\u1ebd t\u1ea1o s\u1ef1 \u0111\u1ed3ng b\u1ed9 th\u1ea9m m\u1ef9 r\u1ea5t t\u1ed1t.<\/p>\n<hr data-start=\"1177\" data-end=\"1180\" \/>\n<h2 data-start=\"1182\" data-end=\"1226\"><img decoding=\"async\" src=\"https:\/\/www.tdm.vn\/image\/catalog\/product-5655\/ban-ve-voi-chau-lavabo-american-wf-0401.jpg\" \/><\/h2>\n<h2 data-start=\"1182\" data-end=\"1226\">Ch\u1ea5t li\u1ec7u \u0111\u1ed3ng m\u1ea1 Crom \u2013 \u0110\u1ed9 b\u1ec1n v\u01b0\u1ee3t tr\u1ed9i<\/h2>\n<p data-start=\"1228\" data-end=\"1345\">V\u00f2i lavabo WF-0401 \u0111\u01b0\u1ee3c ch\u1ebf t\u1ea1o t\u1eeb <strong data-start=\"1263\" data-end=\"1299\">\u0111\u1ed3ng nguy\u00ean ch\u1ea5t m\u1ea1 Crom cao c\u1ea5p<\/strong>, gi\u00fap \u0111\u1ea3m b\u1ea3o \u0111\u1ed9 b\u1ec1n trong m\u00f4i tr\u01b0\u1eddng \u1ea9m \u01b0\u1edbt.<\/p>\n<h3 data-start=\"1347\" data-end=\"1367\">L\u1ee3i \u00edch th\u1ef1c t\u1ebf:<\/h3>\n<ul data-start=\"1368\" data-end=\"1495\">\n<li data-start=\"1368\" data-end=\"1395\">Ch\u1ed1ng \u0103n m\u00f2n v\u00e0 oxy h\u00f3a<\/li>\n<li data-start=\"1396\" data-end=\"1428\">Gi\u1eef b\u1ec1 m\u1eb7t s\u00e1ng b\u00f3ng l\u00e2u d\u00e0i<\/li>\n<li data-start=\"1429\" data-end=\"1458\">Ch\u1ed1ng b\u00e1m b\u1ea9n, d\u1ec5 v\u1ec7 sinh<\/li>\n<li data-start=\"1459\" data-end=\"1495\">An to\u00e0n cho ngu\u1ed3n n\u01b0\u1edbc sinh ho\u1ea1t<\/li>\n<\/ul>\n<p data-start=\"1497\" data-end=\"1632\">L\u1edbp m\u1ea1 ch\u1ea5t l\u01b0\u1ee3ng cao gi\u00fap s\u1ea3n ph\u1ea9m kh\u00f4ng b\u1ecb x\u1ec9n m\u00e0u sau th\u1eddi gian d\u00e0i s\u1eed d\u1ee5ng, \u0111\u1eb7c bi\u1ec7t ph\u00f9 h\u1ee3p v\u1edbi c\u00e1c c\u00f4ng tr\u00ecnh c\u1ea7n \u0111\u1ed9 \u1ed5n \u0111\u1ecbnh cao.<\/p>\n<hr data-start=\"1634\" data-end=\"1637\" \/>\n<h2 data-start=\"1639\" data-end=\"1682\">Van \u0111i\u1ec1u khi\u1ec3n b\u1ec1n b\u1ec9 \u2013 V\u1eadn h\u00e0nh m\u01b0\u1ee3t m\u00e0<\/h2>\n<p data-start=\"1684\" data-end=\"1760\">WF-0401 \u0111\u01b0\u1ee3c trang b\u1ecb h\u1ec7 th\u1ed1ng <strong data-start=\"1715\" data-end=\"1745\">van \u0111i\u1ec1u khi\u1ec3n (cartridge)<\/strong> c\u00f3 \u0111\u1ed9 b\u1ec1n cao.<\/p>\n<h3 data-start=\"1762\" data-end=\"1774\">\u01afu \u0111i\u1ec3m:<\/h3>\n<ul data-start=\"1775\" data-end=\"1897\">\n<li data-start=\"1775\" data-end=\"1803\">\u0110\u00f3ng m\u1edf nh\u1eb9 nh\u00e0ng, \u00eam \u00e1i<\/li>\n<li data-start=\"1804\" data-end=\"1847\">\u0110i\u1ec1u ch\u1ec9nh nhi\u1ec7t \u0111\u1ed9 n\u00f3ng l\u1ea1nh ch\u00ednh x\u00e1c<\/li>\n<li data-start=\"1848\" data-end=\"1870\">H\u1ea1n ch\u1ebf r\u00f2 r\u1ec9 n\u01b0\u1edbc<\/li>\n<li data-start=\"1871\" data-end=\"1897\">T\u0103ng tu\u1ed5i th\u1ecd s\u1ea3n ph\u1ea9m<\/li>\n<\/ul>\n<p data-start=\"1899\" data-end=\"1982\">\u0110\u00e2y l\u00e0 y\u1ebfu t\u1ed1 quan tr\u1ecdng gi\u00fap gi\u1ea3m chi ph\u00ed b\u1ea3o tr\u00ec trong qu\u00e1 tr\u00ecnh s\u1eed d\u1ee5ng l\u00e2u d\u00e0i.<\/p>\n<hr data-start=\"1984\" data-end=\"1987\" \/>\n<h2 data-start=\"1989\" data-end=\"2040\">\u00c1p l\u1ef1c n\u01b0\u1edbc linh ho\u1ea1t \u2013 Ph\u00f9 h\u1ee3p nhi\u1ec1u c\u00f4ng tr\u00ecnh<\/h2>\n<p data-start=\"2042\" data-end=\"2085\">WF-0401 ho\u1ea1t \u0111\u1ed9ng \u1ed5n \u0111\u1ecbnh trong d\u1ea3i \u00e1p l\u1ef1c:<\/p>\n<ul data-start=\"2087\" data-end=\"2108\">\n<li data-start=\"2087\" data-end=\"2108\">0.05 MPa ~ 0.75 MPa<\/li>\n<\/ul>\n<p data-start=\"2110\" data-end=\"2174\">\u0110i\u1ec1u n\u00e0y gi\u00fap v\u00f2i ph\u00f9 h\u1ee3p v\u1edbi nhi\u1ec1u h\u1ec7 th\u1ed1ng c\u1ea5p n\u01b0\u1edbc kh\u00e1c nhau:<\/p>\n<ul data-start=\"2176\" data-end=\"2278\">\n<li data-start=\"2176\" data-end=\"2203\">Nh\u00e0 ph\u1ed1 \u00e1p l\u1ef1c n\u01b0\u1edbc y\u1ebfu<\/li>\n<li data-start=\"2204\" data-end=\"2225\">Chung c\u01b0 cao t\u1ea7ng<\/li>\n<li data-start=\"2226\" data-end=\"2253\">Nh\u00e0 s\u1eed d\u1ee5ng b\u01a1m t\u0103ng \u00e1p<\/li>\n<li data-start=\"2254\" data-end=\"2278\">C\u00f4ng tr\u00ecnh kh\u00e1ch s\u1ea1n<\/li>\n<\/ul>\n<hr data-start=\"2280\" data-end=\"2283\" \/>\n<h2 data-start=\"2285\" data-end=\"2330\">Tr\u1ea3i nghi\u1ec7m s\u1eed d\u1ee5ng \u2013 Hi\u1ec7n \u0111\u1ea1i v\u00e0 ti\u1ec7n l\u1ee3i<\/h2>\n<h3 data-start=\"2332\" data-end=\"2351\">D\u00f2ng n\u01b0\u1edbc \u00eam \u00e1i<\/h3>\n<p data-start=\"2352\" data-end=\"2417\">Thi\u1ebft k\u1ebf \u0111\u1ea7u v\u00f2i t\u1ed1i \u01b0u gi\u00fap n\u01b0\u1edbc ch\u1ea3y \u0111\u1ec1u, h\u1ea1n ch\u1ebf b\u1eafn tung t\u00f3e.<\/p>\n<h3 data-start=\"2419\" data-end=\"2444\">Tay g\u1ea1t \u0111\u01a1n ti\u1ec7n d\u1ee5ng<\/h3>\n<ul data-start=\"2445\" data-end=\"2546\">\n<li data-start=\"2445\" data-end=\"2480\">\u0110i\u1ec1u ch\u1ec9nh nhi\u1ec7t \u0111\u1ed9 nhanh ch\u00f3ng<\/li>\n<li data-start=\"2481\" data-end=\"2513\">D\u1ec5 s\u1eed d\u1ee5ng cho m\u1ecdi \u0111\u1ed1i t\u01b0\u1ee3ng<\/li>\n<li data-start=\"2514\" data-end=\"2546\">T\u0103ng t\u00ednh ti\u1ec7n l\u1ee3i h\u00e0ng ng\u00e0y<\/li>\n<\/ul>\n<h3 data-start=\"2548\" data-end=\"2566\">Ti\u1ebft ki\u1ec7m n\u01b0\u1edbc<\/h3>\n<p data-start=\"2567\" data-end=\"2648\">C\u1ea5u tr\u00fac d\u00f2ng ch\u1ea3y gi\u00fap gi\u1ea3m l\u01b0\u1ee3ng n\u01b0\u1edbc ti\u00eau th\u1ee5 m\u00e0 v\u1eabn \u0111\u1ea3m b\u1ea3o hi\u1ec7u qu\u1ea3 s\u1eed d\u1ee5ng.<\/p>\n<hr data-start=\"2650\" data-end=\"2653\" \/>\n<h2 data-start=\"2655\" data-end=\"2694\">Th\u00f4ng s\u1ed1 k\u1ef9 thu\u1eadt v\u00f2i lavabo WF-0401<\/h2>\n<div class=\"TyagGW_tableContainer\">\n<div class=\"group TyagGW_tableWrapper flex flex-col-reverse w-fit\" tabindex=\"-1\">\n<table class=\"w-fit min-w-(--thread-content-width)\" data-start=\"2696\" data-end=\"2995\">\n<thead data-start=\"2696\" data-end=\"2719\">\n<tr data-start=\"2696\" data-end=\"2719\">\n<th class=\"\" data-start=\"2696\" data-end=\"2707\" data-col-size=\"sm\">Th\u00f4ng s\u1ed1<\/th>\n<th class=\"\" data-start=\"2707\" data-end=\"2719\" data-col-size=\"sm\">Chi ti\u1ebft<\/th>\n<\/tr>\n<\/thead>\n<tbody data-start=\"2742\" data-end=\"2995\">\n<tr data-start=\"2742\" data-end=\"2767\">\n<td data-start=\"2742\" data-end=\"2756\" data-col-size=\"sm\">M\u00e3 s\u1ea3n ph\u1ea9m<\/td>\n<td data-col-size=\"sm\" data-start=\"2756\" data-end=\"2767\">WF-0401<\/td>\n<\/tr>\n<tr data-start=\"2768\" data-end=\"2803\">\n<td data-start=\"2768\" data-end=\"2782\" data-col-size=\"sm\">Th\u01b0\u01a1ng hi\u1ec7u<\/td>\n<td data-col-size=\"sm\" data-start=\"2782\" data-end=\"2803\">American Standard<\/td>\n<\/tr>\n<tr data-start=\"2804\" data-end=\"2835\">\n<td data-start=\"2804\" data-end=\"2817\" data-col-size=\"sm\">B\u1ed9 s\u01b0u t\u1eadp<\/td>\n<td data-col-size=\"sm\" data-start=\"2817\" data-end=\"2835\">Concept Square<\/td>\n<\/tr>\n<tr data-start=\"2836\" data-end=\"2860\">\n<td data-start=\"2836\" data-end=\"2847\" data-col-size=\"sm\">Lo\u1ea1i v\u00f2i<\/td>\n<td data-col-size=\"sm\" data-start=\"2847\" data-end=\"2860\">N\u00f3ng l\u1ea1nh<\/td>\n<\/tr>\n<tr data-start=\"2861\" data-end=\"2894\">\n<td data-start=\"2861\" data-end=\"2876\" data-col-size=\"sm\">Ki\u1ec3u l\u1eafp \u0111\u1eb7t<\/td>\n<td data-col-size=\"sm\" data-start=\"2876\" data-end=\"2894\">Ch\u1eadu 1 l\u1ed7 (FC)<\/td>\n<\/tr>\n<tr data-start=\"2895\" data-end=\"2923\">\n<td data-start=\"2895\" data-end=\"2907\" data-col-size=\"sm\">Ch\u1ea5t li\u1ec7u<\/td>\n<td data-col-size=\"sm\" data-start=\"2907\" data-end=\"2923\">\u0110\u1ed3ng m\u1ea1 Crom<\/td>\n<\/tr>\n<tr data-start=\"2924\" data-end=\"2957\">\n<td data-start=\"2924\" data-end=\"2938\" data-col-size=\"sm\">\u00c1p l\u1ef1c n\u01b0\u1edbc<\/td>\n<td data-col-size=\"sm\" data-start=\"2938\" data-end=\"2957\">0.05 \u2013 0.75 MPa<\/td>\n<\/tr>\n<tr data-start=\"2958\" data-end=\"2978\">\n<td data-start=\"2958\" data-end=\"2969\" data-col-size=\"sm\">B\u1ea3o h\u00e0nh<\/td>\n<td data-col-size=\"sm\" data-start=\"2969\" data-end=\"2978\">2 n\u0103m<\/td>\n<\/tr>\n<tr data-start=\"2979\" data-end=\"2995\">\n<td data-start=\"2979\" data-end=\"2989\" data-col-size=\"sm\">Xu\u1ea5t x\u1ee9<\/td>\n<td data-col-size=\"sm\" data-start=\"2989\" data-end=\"2995\">M\u1ef9<\/td>\n<\/tr>\n<\/tbody>\n<\/table>\n<\/div>\n<\/div>\n<hr data-start=\"2997\" data-end=\"3000\" \/>\n<h2 data-start=\"3002\" data-end=\"3034\">\u01afu \u2013 Nh\u01b0\u1ee3c \u2013 \u1ee8ng d\u1ee5ng th\u1ef1c t\u1ebf<\/h2>\n<h3 data-start=\"3036\" data-end=\"3047\">\u01afu \u0111i\u1ec3m<\/h3>\n<ul data-start=\"3048\" data-end=\"3203\">\n<li data-start=\"3048\" data-end=\"3087\">Thi\u1ebft k\u1ebf vu\u00f4ng hi\u1ec7n \u0111\u1ea1i, sang tr\u1ecdng<\/li>\n<li data-start=\"3088\" data-end=\"3121\">Ch\u1ea5t li\u1ec7u \u0111\u1ed3ng m\u1ea1 Crom b\u1ec1n b\u1ec9<\/li>\n<li data-start=\"3122\" data-end=\"3151\">Van \u0111i\u1ec1u khi\u1ec3n \u0111\u1ed9 b\u1ec1n cao<\/li>\n<li data-start=\"3152\" data-end=\"3177\">\u00c1p l\u1ef1c n\u01b0\u1edbc linh ho\u1ea1t<\/li>\n<li data-start=\"3178\" data-end=\"3203\">D\u1ec5 l\u1eafp \u0111\u1eb7t v\u00e0 b\u1ea3o tr\u00ec<\/li>\n<\/ul>\n<h3 data-start=\"3205\" data-end=\"3219\">Nh\u01b0\u1ee3c \u0111i\u1ec3m<\/h3>\n<ul data-start=\"3220\" data-end=\"3287\">\n<li data-start=\"3220\" data-end=\"3256\">Kh\u00f4ng ph\u00f9 h\u1ee3p phong c\u00e1ch c\u1ed5 \u0111i\u1ec3n<\/li>\n<li data-start=\"3257\" data-end=\"3287\">Kh\u00f4ng d\u00f9ng cho lavabo 3 l\u1ed7<\/li>\n<\/ul>\n<h3 data-start=\"3289\" data-end=\"3301\">\u1ee8ng d\u1ee5ng<\/h3>\n<ul data-start=\"3302\" data-end=\"3400\">\n<li data-start=\"3302\" data-end=\"3322\">Nh\u00e0 ph\u1ed1 hi\u1ec7n \u0111\u1ea1i<\/li>\n<li data-start=\"3323\" data-end=\"3343\">Chung c\u01b0 cao c\u1ea5p<\/li>\n<li data-start=\"3344\" data-end=\"3367\">Kh\u00e1ch s\u1ea1n, homestay<\/li>\n<li data-start=\"3368\" data-end=\"3400\">C\u00f4ng tr\u00ecnh th\u1ea7u s\u1ed1 l\u01b0\u1ee3ng l\u1edbn<\/li>\n<\/ul>\n<hr data-start=\"3402\" data-end=\"3405\" \/>\n<h2 data-start=\"3407\" data-end=\"3435\">G\u1ee3i \u00fd ph\u1ed1i combo thi\u1ebft b\u1ecb<\/h2>\n<p data-start=\"3437\" data-end=\"3461\">WF-0401 n\u00ean k\u1ebft h\u1ee3p v\u1edbi:<\/p>\n<ul data-start=\"3463\" data-end=\"3611\">\n<li data-start=\"3463\" data-end=\"3487\">Lavabo \u0111\u1eb7t b\u00e0n vu\u00f4ng<\/li>\n<li data-start=\"3488\" data-end=\"3523\">Lavabo \u00e2m b\u00e0n thi\u1ebft k\u1ebf hi\u1ec7n \u0111\u1ea1i<\/li>\n<li data-start=\"3524\" data-end=\"3554\">T\u1ee7 ch\u1eadu PVC ho\u1eb7c nh\u00f4m k\u00ednh<\/li>\n<li data-start=\"3555\" data-end=\"3576\">G\u01b0\u01a1ng LED c\u1ea3m \u1ee9ng<\/li>\n<li data-start=\"3577\" data-end=\"3611\">B\u1ed9 ph\u1ee5 ki\u1ec7n inox vu\u00f4ng \u0111\u1ed3ng b\u1ed9<\/li>\n<\/ul>\n<p data-start=\"3613\" data-end=\"3647\">\ud83d\udc49 Combo n\u00e0y \u0111\u1eb7c bi\u1ec7t ph\u00f9 h\u1ee3p v\u1edbi:<\/p>\n<ul data-start=\"3648\" data-end=\"3715\">\n<li data-start=\"3648\" data-end=\"3667\">Ph\u00f2ng t\u1eafm 3\u20136m\u00b2<\/li>\n<li data-start=\"3668\" data-end=\"3688\">Nh\u00e0 ph\u1ed1 hi\u1ec7n \u0111\u1ea1i<\/li>\n<li data-start=\"3689\" data-end=\"3715\">C\u0103n h\u1ed9 trung \u2013 cao c\u1ea5p<\/li>\n<\/ul>\n<hr data-start=\"3717\" data-end=\"3720\" \/>\n<h2 data-start=\"3722\" data-end=\"3749\">V\u00ec sao n\u00ean ch\u1ecdn WF-0401?<\/h2>\n<ul data-start=\"3751\" data-end=\"3906\">\n<li data-start=\"3751\" data-end=\"3786\">Thi\u1ebft k\u1ebf vu\u00f4ng \u0111ang l\u00e0 xu h\u01b0\u1edbng<\/li>\n<li data-start=\"3787\" data-end=\"3818\">D\u1ec5 ph\u1ed1i v\u1edbi lavabo hi\u1ec7n \u0111\u1ea1i<\/li>\n<li data-start=\"3819\" data-end=\"3846\">\u0110\u1ed9 b\u1ec1n cao, \u00edt b\u1ea3o h\u00e0nh<\/li>\n<li data-start=\"3847\" data-end=\"3877\">Th\u01b0\u01a1ng hi\u1ec7u uy t\u00edn qu\u1ed1c t\u1ebf<\/li>\n<li data-start=\"3878\" data-end=\"3906\">Ph\u00f9 h\u1ee3p nhi\u1ec1u c\u00f4ng tr\u00ecnh<\/li>\n<\/ul>\n<p data-start=\"3908\" data-end=\"3938\">\u0110\u00e2y l\u00e0 m\u1eabu v\u00f2i r\u1ea5t ph\u00f9 h\u1ee3p \u0111\u1ec3:<\/p>\n<ul data-start=\"3939\" data-end=\"4030\">\n<li data-start=\"3939\" data-end=\"3970\">Ch\u1ea1y combo thi\u1ebft b\u1ecb v\u1ec7 sinh<\/li>\n<li data-start=\"3971\" data-end=\"3998\">B\u00e1n cho th\u1ea7u c\u00f4ng tr\u00ecnh<\/li>\n<li data-start=\"3999\" data-end=\"4030\">T\u01b0 v\u1ea5n nhanh cho kh\u00e1ch h\u00e0ng<\/li>\n<\/ul>\n<hr data-start=\"4032\" data-end=\"4035\" \/>\n<h2 data-start=\"4037\" data-end=\"4048\">K\u1ebft lu\u1eadn<\/h2>\n<p data-start=\"4050\" data-end=\"4338\">V\u00f2i lavabo American Standard WF-0401 l\u00e0 l\u1ef1a ch\u1ecdn ho\u00e0n h\u1ea3o cho nh\u1eefng ai y\u00eau th\u00edch thi\u1ebft k\u1ebf vu\u00f4ng hi\u1ec7n \u0111\u1ea1i v\u00e0 c\u1ea7n m\u1ed9t s\u1ea3n ph\u1ea9m b\u1ec1n b\u1ec9 theo th\u1eddi gian. V\u1edbi ch\u1ea5t li\u1ec7u cao c\u1ea5p, v\u1eadn h\u00e0nh \u1ed5n \u0111\u1ecbnh v\u00e0 kh\u1ea3 n\u0103ng th\u00edch nghi nhi\u1ec1u h\u1ec7 th\u1ed1ng n\u01b0\u1edbc, s\u1ea3n ph\u1ea9m \u0111\u00e1p \u1ee9ng t\u1ed1t c\u1ea3 nhu c\u1ea7u gia \u0111\u00ecnh l\u1eabn c\u00f4ng tr\u00ecnh.<\/p>\n<p data-start=\"4340\" data-end=\"4448\">N\u1ebfu anh c\u1ea7n m\u1ed9t m\u1eabu v\u00f2i <strong data-start=\"4364\" data-end=\"4408\">thi\u1ebft k\u1ebf hi\u1ec7n \u0111\u1ea1i \u2013 d\u1ec5 ph\u1ed1i \u2013 \u0111\u1ed9 b\u1ec1n cao<\/strong>, WF-0401 l\u00e0 l\u1ef1a ch\u1ecdn r\u1ea5t \u0111\u00e1ng c\u00e2n nh\u1eafc.<\/p>\n<p data-start=\"4866\" data-end=\"4979\"><strong data-start=\"4866\" data-end=\"4917\">Ehrlich Vi\u1ec7t Nam \u2013 Thi\u1ebft B\u1ecb Nh\u00e0 B\u1ebfp &amp; Ph\u00f2ng T\u1eafm<\/strong><br data-start=\"4917\" data-end=\"4920\" \/>\ud83d\udccd\u00a0\u0110\u1ecba ch\u1ec9: S\u1ed1 6 Li\u1ec1n K\u1ec1 22, K\u0110T V\u0103n Kh\u00ea, H\u00e0 \u0110\u00f4ng, H\u00e0 N\u1ed9i<\/p>\n<p data-start=\"4981\" data-end=\"5105\">\ud83c\udf10\u00a0Website:\u00a0<a class=\"decorated-link\" href=\"https:\/\/ehrlichvietnam.vn\/\" target=\"_new\" rel=\"noopener\" data-start=\"4993\" data-end=\"5019\">https:\/\/ehrlichvietnam.vn\/<\/a><br data-start=\"5019\" data-end=\"5022\" \/>\ud83d\udcde\u00a0Hotline:\u00a0<strong data-start=\"5034\" data-end=\"5051\">0932 27 05 20<\/strong><br data-start=\"5051\" data-end=\"5054\" \/>\ud83d\udcac\u00a0Zalo OA:\u00a0<a class=\"decorated-link\" href=\"https:\/\/zalo.me\/s\/2888141157129558325\" target=\"_new\" rel=\"noopener\" data-start=\"5066\" data-end=\"5103\">https:\/\/zalo.me\/s\/2888141157129558325<\/a><\/p>\n<p data-start=\"5107\" data-end=\"5218\">\ud83c\udfa5\u00a0TikTok:\u00a0<a class=\"decorated-link\" href=\"https:\/\/www.tiktok.com\/@ehrlich.chia.s?_r=1\" target=\"_new\" rel=\"noopener\" data-start=\"5118\" data-end=\"5162\">https:\/\/www.tiktok.com\/@ehrlichthietbivesinh<\/a><br data-start=\"5162\" data-end=\"5165\" \/>\u25b6\ufe0f\u00a0YouTube:\u00a0<a class=\"decorated-link\" href=\"https:\/\/www.youtube.com\/@EhrlichVietNam\" target=\"_new\" rel=\"noopener\" data-start=\"5177\" data-end=\"5216\">https:\/\/www.youtube.com\/@EhrlichVietNam<\/a><\/p>\n<p data-start=\"5220\" data-end=\"5265\">\ud83d\ude9a\u00a0Giao h\u00e0ng to\u00e0n qu\u1ed1c \u2013 t\u01b0 v\u1ea5n nhanh ch\u00f3ng<\/p>\n<p data-start=\"5267\" data-end=\"5313\">\ud83d\udc49\u00a0<strong data-start=\"5270\" data-end=\"5313\">Inbox ngay \u0111\u1ec3 nh\u1eadn \u01b0u \u0111\u00e3i th\u00eam h\u00f4m nay!<\/strong><\/p>\n","protected":false},"excerpt":{"rendered":"<p>V\u00f2i Lavabo American Standard WF-0401 N\u00f3ng L\u1ea1nh \u2013 Thi\u1ebft k\u1ebf vu\u00f4ng hi\u1ec7n \u0111\u1ea1i, b\u1ec1n b\u1ec9 chu\u1ea9n cao c\u1ea5p V\u00f2i lavabo l\u00e0 chi ti\u1ebft nh\u1ecf nh\u01b0ng l\u1ea1i \u1ea3nh h\u01b0\u1edfng tr\u1ef1c ti\u1ebfp \u0111\u1ebfn tr\u1ea3i nghi\u1ec7m s\u1eed d\u1ee5ng trong ph\u00f2ng t\u1eafm. V\u00f2i lavabo n\u00f3ng l\u1ea1nh WF-0401 thu\u1ed9c b\u1ed9 s\u01b0u t\u1eadp Concept Square c\u1ee7a American Standard mang \u0111\u1ebfn phong [&hellip;]<\/p>\n","protected":false},"featured_media":4869,"comment_status":"open","ping_status":"closed","template":"","meta":{"_acf_changed":false},"product_brand":[143],"product_cat":[23,15,137,152],"product_tag":[],"class_list":{"0":"post-4868","1":"product","2":"type-product","3":"status-publish","4":"has-post-thumbnail","6":"product_brand-american-standard","7":"product_cat-thiet-bi-phong-ve-sinh","8":"product_cat-san-pham","9":"product_cat-thuong-hieu-american-standard","10":"product_cat-voi-lavabo-american-standard","12":"first","13":"instock","14":"shipping-taxable","15":"product-type-simple"},"acf":[],"_links":{"self":[{"href":"https:\/\/ehrlichvietnam.vn\/en\/wp-json\/wp\/v2\/product\/4868","targetHints":{"allow":["GET"]}}],"collection":[{"href":"https:\/\/ehrlichvietnam.vn\/en\/wp-json\/wp\/v2\/product"}],"about":[{"href":"https:\/\/ehrlichvietnam.vn\/en\/wp-json\/wp\/v2\/types\/product"}],"replies":[{"embeddable":true,"href":"https:\/\/ehrlichvietnam.vn\/en\/wp-json\/wp\/v2\/comments?post=4868"}],"wp:featuredmedia":[{"embeddable":true,"href":"https:\/\/ehrlichvietnam.vn\/en\/wp-json\/wp\/v2\/media\/4869"}],"wp:attachment":[{"href":"https:\/\/ehrlichvietnam.vn\/en\/wp-json\/wp\/v2\/media?parent=4868"}],"wp:term":[{"taxonomy":"product_brand","embeddable":true,"href":"https:\/\/ehrlichvietnam.vn\/en\/wp-json\/wp\/v2\/product_brand?post=4868"},{"taxonomy":"product_cat","embeddable":true,"href":"https:\/\/ehrlichvietnam.vn\/en\/wp-json\/wp\/v2\/product_cat?post=4868"},{"taxonomy":"product_tag","embeddable":true,"href":"https:\/\/ehrlichvietnam.vn\/en\/wp-json\/wp\/v2\/product_tag?post=4868"}],"curies":[{"name":"wp","href":"https:\/\/api.w.org\/{rel}","templated":true}]}}