{"id":4860,"date":"2026-04-16T09:37:12","date_gmt":"2026-04-16T09:37:12","guid":{"rendered":"https:\/\/ehrlichvietnam.vn\/?post_type=product&#038;p=4860"},"modified":"2026-04-17T02:00:01","modified_gmt":"2026-04-17T02:00:01","slug":"voi-rua-lavabo-american-standard-wf-b201-slimplica-nong-lanh","status":"publish","type":"product","link":"https:\/\/ehrlichvietnam.vn\/voi-rua-lavabo-american-standard-wf-b201-slimplica-nong-lanh\/","title":{"rendered":"V\u00f2i Lavabo American Standard WF-B201 Slimplica N\u00f3ng L\u1ea1nh"},"content":{"rendered":"<h2 data-start=\"0\" data-end=\"93\">V\u00f2i Lavabo American Standard WF-B201 \u2013 Tinh t\u1ebf trong t\u1eebng d\u00f2ng ch\u1ea3y, b\u1ec1n b\u1ec9 theo th\u1eddi gian<\/h2>\n<p data-start=\"95\" data-end=\"441\">Trong kh\u00f4ng gian ph\u00f2ng t\u1eafm hi\u1ec7n \u0111\u1ea1i, v\u00f2i lavabo kh\u00f4ng ch\u1ec9 \u0111\u01a1n thu\u1ea7n l\u00e0 thi\u1ebft b\u1ecb c\u1ea5p n\u01b0\u1edbc m\u00e0 c\u00f2n l\u00e0 y\u1ebfu t\u1ed1 ho\u00e0n thi\u1ec7n th\u1ea9m m\u1ef9 v\u00e0 tr\u1ea3i nghi\u1ec7m s\u1eed d\u1ee5ng. V\u00f2i lavabo n\u00f3ng l\u1ea1nh WF-B201 \u0111\u1ebfn t\u1eeb <span class=\"hover:entity-accent entity-underline inline cursor-pointer align-baseline\"><span class=\"whitespace-normal\">American Standard<\/span><\/span> ch\u00ednh l\u00e0 l\u1ef1a ch\u1ecdn l\u00fd t\u01b0\u1edfng cho nh\u1eefng ai \u0111ang t\u00ecm ki\u1ebfm s\u1ef1 k\u1ebft h\u1ee3p gi\u1eefa thi\u1ebft k\u1ebf t\u1ed1i gi\u1ea3n, \u0111\u1ed9 b\u1ec1n cao v\u00e0 c\u00f4ng n\u0103ng v\u01b0\u1ee3t tr\u1ed9i.<\/p>\n<p data-start=\"443\" data-end=\"599\">S\u1ea3n ph\u1ea9m thu\u1ed9c d\u00f2ng Slimplica \u2013 n\u1ed5i b\u1eadt v\u1edbi phong c\u00e1ch thanh m\u1ea3nh, tinh t\u1ebf, ph\u00f9 h\u1ee3p v\u1edbi xu h\u01b0\u1edbng thi\u1ebft k\u1ebf ph\u00f2ng t\u1eafm hi\u1ec7n \u0111\u1ea1i, t\u1ed1i gi\u1ea3n nh\u01b0ng v\u1eabn sang tr\u1ecdng.<\/p>\n<hr data-start=\"601\" data-end=\"604\" \/>\n<h2 data-start=\"606\" data-end=\"657\">Thi\u1ebft k\u1ebf Slimplica \u2013 T\u1ed1i gi\u1ea3n nh\u01b0ng \u0111\u1ea7y cu\u1ed1n h\u00fat<\/h2>\n<p data-start=\"659\" data-end=\"842\">V\u00f2i lavabo WF-B201 s\u1edf h\u1eefu thi\u1ebft k\u1ebf \u0111\u1eb7c tr\u01b0ng c\u1ee7a d\u00f2ng Slimplica v\u1edbi th\u00e2n v\u00f2i thon g\u1ecdn, \u0111\u01b0\u1eddng n\u00e9t m\u1ec1m m\u1ea1i nh\u01b0ng d\u1ee9t kho\u00e1t. \u0110\u00e2y l\u00e0 ki\u1ec3u thi\u1ebft k\u1ebf r\u1ea5t \u0111\u01b0\u1ee3c \u01b0a chu\u1ed9ng trong c\u00e1c kh\u00f4ng gian:<\/p>\n<ul data-start=\"844\" data-end=\"950\">\n<li data-start=\"844\" data-end=\"864\">Nh\u00e0 ph\u1ed1 hi\u1ec7n \u0111\u1ea1i<\/li>\n<li data-start=\"865\" data-end=\"892\">C\u0103n h\u1ed9 chung c\u01b0 cao c\u1ea5p<\/li>\n<li data-start=\"893\" data-end=\"916\">Kh\u00e1ch s\u1ea1n, homestay<\/li>\n<li data-start=\"917\" data-end=\"950\">Ph\u00f2ng t\u1eafm t\u1ed1i gi\u1ea3n (Minimalism)<\/li>\n<\/ul>\n<p data-start=\"952\" data-end=\"1192\">Thi\u1ebft k\u1ebf d\u00e0nh cho ch\u1eadu 1 l\u1ed7 (FC) gi\u00fap vi\u1ec7c l\u1eafp \u0111\u1eb7t tr\u1edf n\u00ean d\u1ec5 d\u00e0ng, g\u1ecdn g\u00e0ng, t\u1ed1i \u01b0u kh\u00f4ng gian m\u1eb7t b\u00e0n lavabo. Khi k\u1ebft h\u1ee3p v\u1edbi c\u00e1c d\u00f2ng <strong data-start=\"1089\" data-end=\"1107\">lavabo \u0111\u1eb7t b\u00e0n<\/strong> ho\u1eb7c <strong data-start=\"1113\" data-end=\"1130\">lavabo \u00e2m b\u00e0n<\/strong>, s\u1ea3n ph\u1ea9m t\u1ea1o n\u00ean t\u1ed5ng th\u1ec3 h\u00e0i h\u00f2a, \u0111\u1ed3ng b\u1ed9 v\u00e0 chuy\u00ean nghi\u1ec7p.<\/p>\n<p data-start=\"952\" data-end=\"1192\"><img decoding=\"async\" src=\"https:\/\/www.tdm.vn\/image\/catalog\/product-2407\/ban-ve-ky-thuat-voi-lavabo-american-standard-WF-B201.jpg\" \/><\/p>\n<hr data-start=\"1194\" data-end=\"1197\" \/>\n<h2 data-start=\"1199\" data-end=\"1254\">Ch\u1ea5t li\u1ec7u \u0111\u1ed3ng m\u1ea1 Crom \u2013 B\u1ec1n ch\u1eafc, s\u00e1ng b\u00f3ng l\u00e2u d\u00e0i<\/h2>\n<p data-start=\"1256\" data-end=\"1436\">M\u1ed9t trong nh\u1eefng y\u1ebfu t\u1ed1 quan tr\u1ecdng quy\u1ebft \u0111\u1ecbnh tu\u1ed5i th\u1ecd v\u00f2i lavabo ch\u00ednh l\u00e0 ch\u1ea5t li\u1ec7u. WF-B201 \u0111\u01b0\u1ee3c ch\u1ebf t\u1ea1o t\u1eeb <strong data-start=\"1365\" data-end=\"1401\">\u0111\u1ed3ng nguy\u00ean ch\u1ea5t m\u1ea1 Crom cao c\u1ea5p<\/strong>, mang l\u1ea1i nhi\u1ec1u \u01b0u \u0111i\u1ec3m v\u01b0\u1ee3t tr\u1ed9i:<\/p>\n<h3 data-start=\"1438\" data-end=\"1458\">\u01afu \u0111i\u1ec3m n\u1ed5i b\u1eadt:<\/h3>\n<ul data-start=\"1459\" data-end=\"1658\">\n<li data-start=\"1459\" data-end=\"1518\"><strong data-start=\"1461\" data-end=\"1492\">Ch\u1ed1ng oxy h\u00f3a, ch\u1ed1ng \u0103n m\u00f2n<\/strong> trong m\u00f4i tr\u01b0\u1eddng \u1ea9m \u01b0\u1edbt<\/li>\n<li data-start=\"1519\" data-end=\"1568\"><strong data-start=\"1521\" data-end=\"1549\">Gi\u1eef \u0111\u1ed9 s\u00e1ng b\u00f3ng l\u00e2u d\u00e0i<\/strong>, h\u1ea1n ch\u1ebf x\u1ec9n m\u00e0u<\/li>\n<li data-start=\"1569\" data-end=\"1619\"><strong data-start=\"1571\" data-end=\"1600\">Ch\u1ed1ng b\u00e1m b\u1ea9n, d\u1ec5 v\u1ec7 sinh<\/strong> ch\u1ec9 v\u1edbi kh\u0103n m\u1ec1m<\/li>\n<li data-start=\"1620\" data-end=\"1658\"><strong data-start=\"1622\" data-end=\"1658\">An to\u00e0n cho ngu\u1ed3n n\u01b0\u1edbc sinh ho\u1ea1t<\/strong><\/li>\n<\/ul>\n<p data-start=\"1660\" data-end=\"1803\">L\u1edbp m\u1ea1 Crom kh\u00f4ng ch\u1ec9 gi\u00fap t\u0103ng t\u00ednh th\u1ea9m m\u1ef9 m\u00e0 c\u00f2n \u0111\u00f3ng vai tr\u00f2 b\u1ea3o v\u1ec7 l\u00f5i \u0111\u1ed3ng b\u00ean trong kh\u1ecfi c\u00e1c t\u00e1c \u0111\u1ed9ng t\u1eeb m\u00f4i tr\u01b0\u1eddng v\u00e0 h\u00f3a ch\u1ea5t t\u1ea9y r\u1eeda.<\/p>\n<hr data-start=\"1805\" data-end=\"1808\" \/>\n<h2 data-start=\"1810\" data-end=\"1857\">Van \u0111i\u1ec1u khi\u1ec3n cao c\u1ea5p \u2013 Tr\u00e1i tim c\u1ee7a \u0111\u1ed9 b\u1ec1n<\/h2>\n<p data-start=\"1859\" data-end=\"1990\">\u0110i\u1ec3m m\u1ea1nh c\u1ee7a v\u00f2i lavabo WF-B201 n\u1eb1m \u1edf <strong data-start=\"1898\" data-end=\"1937\">h\u1ec7 th\u1ed1ng van \u0111i\u1ec1u khi\u1ec3n (cartridge)<\/strong> c\u00f3 \u0111\u1ed9 b\u1ec1n cao. \u0110\u00e2y l\u00e0 b\u1ed9 ph\u1eadn quan tr\u1ecdng quy\u1ebft \u0111\u1ecbnh:<\/p>\n<ul data-start=\"1992\" data-end=\"2080\">\n<li data-start=\"1992\" data-end=\"2020\">\u0110\u1ed9 m\u01b0\u1ee3t khi \u0111\u00f3ng\/m\u1edf n\u01b0\u1edbc<\/li>\n<li data-start=\"2021\" data-end=\"2045\">Kh\u1ea3 n\u0103ng ch\u1ed1ng r\u00f2 r\u1ec9<\/li>\n<li data-start=\"2046\" data-end=\"2080\">Tu\u1ed5i th\u1ecd t\u1ed5ng th\u1ec3 c\u1ee7a s\u1ea3n ph\u1ea9m<\/li>\n<\/ul>\n<h3 data-start=\"2082\" data-end=\"2102\">L\u1ee3i \u00edch th\u1ef1c t\u1ebf:<\/h3>\n<ul data-start=\"2103\" data-end=\"2266\">\n<li data-start=\"2103\" data-end=\"2149\"><strong data-start=\"2105\" data-end=\"2123\">V\u1eadn h\u00e0nh \u00eam \u00e1i<\/strong>, kh\u00f4ng b\u1ecb c\u1ee9ng hay gi\u1eadt<\/li>\n<li data-start=\"2150\" data-end=\"2209\"><strong data-start=\"2152\" data-end=\"2184\">Ki\u1ec3m so\u00e1t nhi\u1ec7t \u0111\u1ed9 ch\u00ednh x\u00e1c<\/strong> gi\u1eefa n\u01b0\u1edbc n\u00f3ng v\u00e0 l\u1ea1nh<\/li>\n<li data-start=\"2210\" data-end=\"2266\"><strong data-start=\"2212\" data-end=\"2237\">Gi\u1ea3m thi\u1ec3u r\u00f2 r\u1ec9 n\u01b0\u1edbc<\/strong>, ti\u1ebft ki\u1ec7m chi ph\u00ed l\u00e2u d\u00e0i<\/li>\n<\/ul>\n<p data-start=\"2268\" data-end=\"2395\">\u0110\u1ed1i v\u1edbi c\u00e1c c\u00f4ng tr\u00ecnh s\u1eed d\u1ee5ng nhi\u1ec1u nh\u01b0 kh\u00e1ch s\u1ea1n, c\u0103n h\u1ed9 cho thu\u00ea, \u0111\u00e2y l\u00e0 y\u1ebfu t\u1ed1 c\u1ef1c k\u1ef3 quan tr\u1ecdng gi\u00fap gi\u1ea3m chi ph\u00ed b\u1ea3o tr\u00ec.<\/p>\n<hr data-start=\"2397\" data-end=\"2400\" \/>\n<h2 data-start=\"2402\" data-end=\"2453\">\u00c1p l\u1ef1c n\u01b0\u1edbc linh ho\u1ea1t \u2013 Ph\u00f9 h\u1ee3p nhi\u1ec1u c\u00f4ng tr\u00ecnh<\/h2>\n<p data-start=\"2455\" data-end=\"2514\">V\u00f2i lavabo WF-B201 ho\u1ea1t \u0111\u1ed9ng \u1ed5n \u0111\u1ecbnh trong d\u1ea3i \u00e1p l\u1ef1c n\u01b0\u1edbc:<\/p>\n<ul data-start=\"2516\" data-end=\"2541\">\n<li data-start=\"2516\" data-end=\"2541\"><strong data-start=\"2518\" data-end=\"2541\">0.05 MPa ~ 0.75 MPa<\/strong><\/li>\n<\/ul>\n<p data-start=\"2543\" data-end=\"2619\">\u0110i\u1ec1u n\u00e0y gi\u00fap s\u1ea3n ph\u1ea9m th\u00edch nghi t\u1ed1t v\u1edbi nhi\u1ec1u \u0111i\u1ec1u ki\u1ec7n h\u1ec7 th\u1ed1ng c\u1ea5p n\u01b0\u1edbc:<\/p>\n<h3 data-start=\"2621\" data-end=\"2642\">\u1ee8ng d\u1ee5ng th\u1ef1c t\u1ebf:<\/h3>\n<ul data-start=\"2643\" data-end=\"2762\">\n<li data-start=\"2643\" data-end=\"2673\">Nh\u00e0 d\u00e2n khu v\u1ef1c \u00e1p l\u1ef1c y\u1ebfu<\/li>\n<li data-start=\"2674\" data-end=\"2695\">Chung c\u01b0 cao t\u1ea7ng<\/li>\n<li data-start=\"2696\" data-end=\"2727\">Nh\u00e0 ph\u1ed1 s\u1eed d\u1ee5ng b\u01a1m t\u0103ng \u00e1p<\/li>\n<li data-start=\"2728\" data-end=\"2762\">C\u00f4ng tr\u00ecnh kh\u00e1ch s\u1ea1n, homestay<\/li>\n<\/ul>\n<p data-start=\"2764\" data-end=\"2851\">D\u00f9 \u00e1p l\u1ef1c th\u1ea5p hay cao, v\u00f2i v\u1eabn \u0111\u1ea3m b\u1ea3o d\u00f2ng ch\u1ea3y \u1ed5n \u0111\u1ecbnh, kh\u00f4ng b\u1ecb gi\u1eadt ho\u1eb7c b\u1eafn n\u01b0\u1edbc.<\/p>\n<hr data-start=\"2853\" data-end=\"2856\" \/>\n<h2 data-start=\"2858\" data-end=\"2904\">Tr\u1ea3i nghi\u1ec7m s\u1eed d\u1ee5ng \u2013 Nh\u1ecf nh\u01b0ng \u201c\u0111\u00e1ng ti\u1ec1n\u201d<\/h2>\n<p data-start=\"2906\" data-end=\"2999\">Kh\u00f4ng ch\u1ec9 d\u1eebng l\u1ea1i \u1edf th\u00f4ng s\u1ed1 k\u1ef9 thu\u1eadt, WF-B201 mang l\u1ea1i tr\u1ea3i nghi\u1ec7m s\u1eed d\u1ee5ng r\u1ea5t \u201c\u0111\u00e1ng ti\u1ec1n\u201d:<\/p>\n<h3 data-start=\"3001\" data-end=\"3023\">1. D\u00f2ng n\u01b0\u1edbc \u00eam \u00e1i<\/h3>\n<p data-start=\"3024\" data-end=\"3121\">Thi\u1ebft k\u1ebf \u0111\u1ea7u v\u00f2i gi\u00fap d\u00f2ng n\u01b0\u1edbc ch\u1ea3y \u0111\u1ec1u, h\u1ea1n ch\u1ebf b\u1eafn tung t\u00f3e, t\u1ea1o c\u1ea3m gi\u00e1c d\u1ec5 ch\u1ecbu khi s\u1eed d\u1ee5ng.<\/p>\n<h3 data-start=\"3123\" data-end=\"3147\">2. Tay g\u1ea1t linh ho\u1ea1t<\/h3>\n<p data-start=\"3148\" data-end=\"3174\">Thi\u1ebft k\u1ebf tay g\u1ea1t \u0111\u01a1n gi\u00fap:<\/p>\n<ul data-start=\"3175\" data-end=\"3258\">\n<li data-start=\"3175\" data-end=\"3210\">\u0110i\u1ec1u ch\u1ec9nh nhi\u1ec7t \u0111\u1ed9 nhanh ch\u00f3ng<\/li>\n<li data-start=\"3211\" data-end=\"3258\">D\u1ec5 s\u1eed d\u1ee5ng cho c\u1ea3 ng\u01b0\u1eddi l\u1edbn tu\u1ed5i v\u00e0 tr\u1ebb nh\u1ecf<\/li>\n<\/ul>\n<h3 data-start=\"3260\" data-end=\"3281\">3. Ti\u1ebft ki\u1ec7m n\u01b0\u1edbc<\/h3>\n<p data-start=\"3282\" data-end=\"3361\">C\u1ea5u tr\u00fac t\u1ed1i \u01b0u gi\u00fap gi\u1ea3m l\u01b0\u1ee3ng n\u01b0\u1edbc ti\u00eau th\u1ee5 nh\u01b0ng v\u1eabn \u0111\u1ea3m b\u1ea3o \u00e1p l\u1ef1c s\u1eed d\u1ee5ng.<\/p>\n<hr data-start=\"3363\" data-end=\"3366\" \/>\n<h2 data-start=\"3368\" data-end=\"3407\">Th\u00f4ng s\u1ed1 k\u1ef9 thu\u1eadt v\u00f2i lavabo WF-B201<\/h2>\n<div class=\"TyagGW_tableContainer\">\n<div class=\"group TyagGW_tableWrapper flex flex-col-reverse w-fit\" tabindex=\"-1\">\n<table class=\"w-fit min-w-(--thread-content-width)\" data-start=\"3409\" data-end=\"3668\">\n<thead data-start=\"3409\" data-end=\"3432\">\n<tr data-start=\"3409\" data-end=\"3432\">\n<th class=\"\" data-start=\"3409\" data-end=\"3420\" data-col-size=\"sm\">Th\u00f4ng s\u1ed1<\/th>\n<th class=\"\" data-start=\"3420\" data-end=\"3432\" data-col-size=\"sm\">Chi ti\u1ebft<\/th>\n<\/tr>\n<\/thead>\n<tbody data-start=\"3455\" data-end=\"3668\">\n<tr data-start=\"3455\" data-end=\"3480\">\n<td data-start=\"3455\" data-end=\"3469\" data-col-size=\"sm\">M\u00e3 s\u1ea3n ph\u1ea9m<\/td>\n<td data-col-size=\"sm\" data-start=\"3469\" data-end=\"3480\">WF-B201<\/td>\n<\/tr>\n<tr data-start=\"3481\" data-end=\"3516\">\n<td data-start=\"3481\" data-end=\"3495\" data-col-size=\"sm\">Th\u01b0\u01a1ng hi\u1ec7u<\/td>\n<td data-col-size=\"sm\" data-start=\"3495\" data-end=\"3516\">American Standard<\/td>\n<\/tr>\n<tr data-start=\"3517\" data-end=\"3546\">\n<td data-start=\"3517\" data-end=\"3533\" data-col-size=\"sm\">D\u00f2ng s\u1ea3n ph\u1ea9m<\/td>\n<td data-col-size=\"sm\" data-start=\"3533\" data-end=\"3546\">Slimplica<\/td>\n<\/tr>\n<tr data-start=\"3547\" data-end=\"3571\">\n<td data-start=\"3547\" data-end=\"3558\" data-col-size=\"sm\">Lo\u1ea1i v\u00f2i<\/td>\n<td data-col-size=\"sm\" data-start=\"3558\" data-end=\"3571\">N\u00f3ng l\u1ea1nh<\/td>\n<\/tr>\n<tr data-start=\"3572\" data-end=\"3605\">\n<td data-start=\"3572\" data-end=\"3587\" data-col-size=\"sm\">Ki\u1ec3u l\u1eafp \u0111\u1eb7t<\/td>\n<td data-col-size=\"sm\" data-start=\"3587\" data-end=\"3605\">Ch\u1eadu 1 l\u1ed7 (FC)<\/td>\n<\/tr>\n<tr data-start=\"3606\" data-end=\"3634\">\n<td data-start=\"3606\" data-end=\"3618\" data-col-size=\"sm\">Ch\u1ea5t li\u1ec7u<\/td>\n<td data-col-size=\"sm\" data-start=\"3618\" data-end=\"3634\">\u0110\u1ed3ng m\u1ea1 Crom<\/td>\n<\/tr>\n<tr data-start=\"3635\" data-end=\"3668\">\n<td data-start=\"3635\" data-end=\"3649\" data-col-size=\"sm\">\u00c1p l\u1ef1c n\u01b0\u1edbc<\/td>\n<td data-col-size=\"sm\" data-start=\"3649\" data-end=\"3668\">0.05 \u2013 0.75 MPa<\/td>\n<\/tr>\n<\/tbody>\n<\/table>\n<\/div>\n<\/div>\n<hr data-start=\"3670\" data-end=\"3673\" \/>\n<h2 data-start=\"3675\" data-end=\"3707\">\u01afu \u2013 Nh\u01b0\u1ee3c \u2013 \u1ee8ng d\u1ee5ng th\u1ef1c t\u1ebf<\/h2>\n<h3 data-start=\"3709\" data-end=\"3721\">\u01afu \u0111i\u1ec3m:<\/h3>\n<ul data-start=\"3722\" data-end=\"3929\">\n<li data-start=\"3722\" data-end=\"3774\">Thi\u1ebft k\u1ebf hi\u1ec7n \u0111\u1ea1i, d\u1ec5 ph\u1ed1i v\u1edbi nhi\u1ec1u lo\u1ea1i lavabo<\/li>\n<li data-start=\"3775\" data-end=\"3808\">Ch\u1ea5t li\u1ec7u \u0111\u1ed3ng m\u1ea1 Crom b\u1ec1n b\u1ec9<\/li>\n<li data-start=\"3809\" data-end=\"3855\">Van \u0111i\u1ec1u khi\u1ec3n ch\u1ea5t l\u01b0\u1ee3ng cao, ch\u1ed1ng r\u00f2 r\u1ec9<\/li>\n<li data-start=\"3856\" data-end=\"3903\">Ho\u1ea1t \u0111\u1ed9ng \u1ed5n \u0111\u1ecbnh v\u1edbi nhi\u1ec1u m\u1ee9c \u00e1p l\u1ef1c n\u01b0\u1edbc<\/li>\n<li data-start=\"3904\" data-end=\"3929\">D\u1ec5 l\u1eafp \u0111\u1eb7t v\u00e0 s\u1eed d\u1ee5ng<\/li>\n<\/ul>\n<h3 data-start=\"3931\" data-end=\"3946\">Nh\u01b0\u1ee3c \u0111i\u1ec3m:<\/h3>\n<ul data-start=\"3947\" data-end=\"4035\">\n<li data-start=\"3947\" data-end=\"3980\">Kh\u00f4ng ph\u00f9 h\u1ee3p v\u1edbi lavabo 3 l\u1ed7<\/li>\n<li data-start=\"3981\" data-end=\"4035\">Thi\u1ebft k\u1ebf t\u1ed1i gi\u1ea3n n\u00ean kh\u00f4ng h\u1ee3p phong c\u00e1ch c\u1ed5 \u0111i\u1ec3n<\/li>\n<\/ul>\n<h3 data-start=\"4037\" data-end=\"4058\">\u1ee8ng d\u1ee5ng th\u1ef1c t\u1ebf:<\/h3>\n<ul data-start=\"4059\" data-end=\"4165\">\n<li data-start=\"4059\" data-end=\"4078\">Nh\u00e0 ph\u1ed1, c\u0103n h\u1ed9<\/li>\n<li data-start=\"4079\" data-end=\"4102\">Kh\u00e1ch s\u1ea1n, homestay<\/li>\n<li data-start=\"4103\" data-end=\"4141\">C\u00f4ng tr\u00ecnh cho thu\u00ea c\u1ea7n \u0111\u1ed9 b\u1ec1n cao<\/li>\n<li data-start=\"4142\" data-end=\"4165\">Showroom, v\u0103n ph\u00f2ng<\/li>\n<\/ul>\n<hr data-start=\"4167\" data-end=\"4170\" \/>\n<h2 data-start=\"4172\" data-end=\"4227\">G\u1ee3i \u00fd ph\u1ed1i h\u1ee3p thi\u1ebft b\u1ecb \u2013 T\u1ed1i \u01b0u th\u1ea9m m\u1ef9 &amp; c\u00f4ng n\u0103ng<\/h2>\n<p data-start=\"4229\" data-end=\"4301\">\u0110\u1ec3 t\u1ed1i \u01b0u hi\u1ec7u qu\u1ea3 s\u1eed d\u1ee5ng v\u00e0 t\u00ednh th\u1ea9m m\u1ef9, n\u00ean k\u1ebft h\u1ee3p v\u00f2i WF-B201 v\u1edbi:<\/p>\n<ul data-start=\"4303\" data-end=\"4435\">\n<li data-start=\"4303\" data-end=\"4354\">Lavabo \u0111\u1eb7t b\u00e0n ho\u1eb7c \u00e2m b\u00e0n k\u00edch th\u01b0\u1edbc 550\u2013600mm<\/li>\n<li data-start=\"4355\" data-end=\"4384\">T\u1ee7 ch\u1eadu g\u1ed7 ho\u1eb7c nh\u00f4m k\u00ednh<\/li>\n<li data-start=\"4385\" data-end=\"4406\">G\u01b0\u01a1ng LED c\u1ea3m \u1ee9ng<\/li>\n<li data-start=\"4407\" data-end=\"4435\">B\u1ed9 ph\u1ee5 ki\u1ec7n inox \u0111\u1ed3ng b\u1ed9<\/li>\n<\/ul>\n<p data-start=\"4437\" data-end=\"4466\">\ud83d\udc49 Combo n\u00e0y r\u1ea5t ph\u00f9 h\u1ee3p cho:<\/p>\n<ul data-start=\"4467\" data-end=\"4544\">\n<li data-start=\"4467\" data-end=\"4496\">Ph\u00f2ng t\u1eafm di\u1ec7n t\u00edch 3\u20136m\u00b2<\/li>\n<li data-start=\"4497\" data-end=\"4517\">Nh\u00e0 ph\u1ed1 hi\u1ec7n \u0111\u1ea1i<\/li>\n<li data-start=\"4518\" data-end=\"4544\">C\u0103n h\u1ed9 trung \u2013 cao c\u1ea5p<\/li>\n<\/ul>\n<hr data-start=\"4546\" data-end=\"4549\" \/>\n<h2 data-start=\"4551\" data-end=\"4607\">V\u00ec sao n\u00ean ch\u1ecdn v\u00f2i lavabo American Standard WF-B201?<\/h2>\n<p data-start=\"4609\" data-end=\"4698\">Gi\u1eefa h\u00e0ng tr\u0103m m\u1eabu v\u00f2i lavabo tr\u00ean th\u1ecb tr\u01b0\u1eddng, WF-B201 v\u1eabn l\u00e0 l\u1ef1a ch\u1ecdn \u0111\u00e1ng c\u00e2n nh\u1eafc nh\u1edd:<\/p>\n<ul data-start=\"4700\" data-end=\"4849\">\n<li data-start=\"4700\" data-end=\"4734\"><strong data-start=\"4702\" data-end=\"4732\">Th\u01b0\u01a1ng hi\u1ec7u uy t\u00edn qu\u1ed1c t\u1ebf<\/strong><\/li>\n<li data-start=\"4735\" data-end=\"4765\"><strong data-start=\"4737\" data-end=\"4763\">\u0110\u1ed9 b\u1ec1n cao, \u00edt l\u1ed7i v\u1eb7t<\/strong><\/li>\n<li data-start=\"4766\" data-end=\"4808\"><strong data-start=\"4768\" data-end=\"4806\">Thi\u1ebft k\u1ebf d\u1ec5 b\u00e1n \u2013 d\u1ec5 ph\u1ed1i \u2013 d\u1ec5 l\u1eafp<\/strong><\/li>\n<li data-start=\"4809\" data-end=\"4849\"><strong data-start=\"4811\" data-end=\"4847\">Chi ph\u00ed h\u1ee3p l\u00fd so v\u1edbi ch\u1ea5t l\u01b0\u1ee3ng<\/strong><\/li>\n<\/ul>\n<p data-start=\"4851\" data-end=\"4887\">\u0110\u00e2y l\u00e0 m\u1eabu v\u00f2i \u0111\u1eb7c bi\u1ec7t ph\u00f9 h\u1ee3p cho:<\/p>\n<ul data-start=\"4888\" data-end=\"4990\">\n<li data-start=\"4888\" data-end=\"4937\">Anh em th\u1ea7u c\u1ea7n s\u1ea3n ph\u1ea9m \u1ed5n \u0111\u1ecbnh, \u00edt b\u1ea3o h\u00e0nh<\/li>\n<li data-start=\"4938\" data-end=\"4990\">Gia ch\u1ee7 mu\u1ed1n \u0111\u1ea7u t\u01b0 l\u00e2u d\u00e0i, kh\u00f4ng ph\u1ea3i thay th\u1ebf<\/li>\n<\/ul>\n<hr data-start=\"4992\" data-end=\"4995\" \/>\n<h2 data-start=\"4997\" data-end=\"5008\">K\u1ebft lu\u1eadn<\/h2>\n<p data-start=\"5010\" data-end=\"5275\">V\u00f2i lavabo American Standard WF-B201 kh\u00f4ng ch\u1ec9 l\u00e0 m\u1ed9t thi\u1ebft b\u1ecb c\u1ea5p n\u01b0\u1edbc m\u00e0 c\u00f2n l\u00e0 \u0111i\u1ec3m nh\u1ea5n tinh t\u1ebf cho kh\u00f4ng gian ph\u00f2ng t\u1eafm. V\u1edbi thi\u1ebft k\u1ebf Slimplica hi\u1ec7n \u0111\u1ea1i, ch\u1ea5t li\u1ec7u cao c\u1ea5p v\u00e0 kh\u1ea3 n\u0103ng v\u1eadn h\u00e0nh \u1ed5n \u0111\u1ecbnh, s\u1ea3n ph\u1ea9m mang l\u1ea1i gi\u00e1 tr\u1ecb s\u1eed d\u1ee5ng b\u1ec1n v\u1eefng theo th\u1eddi gian.<\/p>\n<p data-start=\"5277\" data-end=\"5412\">N\u1ebfu anh \u0111ang c\u1ea7n m\u1ed9t m\u1eabu v\u00f2i <strong data-start=\"5306\" data-end=\"5357\">d\u1ec5 b\u00e1n \u2013 d\u1ec5 l\u1eafp \u2013 \u00edt l\u1ed7i \u2013 h\u1ee3p nhi\u1ec1u c\u00f4ng tr\u00ecnh<\/strong>, th\u00ec WF-B201 l\u00e0 l\u1ef1a ch\u1ecdn r\u1ea5t \u201can to\u00e0n nh\u01b0ng hi\u1ec7u qu\u1ea3\u201d.<\/p>\n<p data-start=\"4866\" data-end=\"4979\"><strong data-start=\"4866\" data-end=\"4917\">Ehrlich Vi\u1ec7t Nam \u2013 Thi\u1ebft B\u1ecb Nh\u00e0 B\u1ebfp &amp; Ph\u00f2ng T\u1eafm<\/strong><br data-start=\"4917\" data-end=\"4920\" \/>\ud83d\udccd\u00a0\u0110\u1ecba ch\u1ec9: S\u1ed1 6 Li\u1ec1n K\u1ec1 22, K\u0110T V\u0103n Kh\u00ea, H\u00e0 \u0110\u00f4ng, H\u00e0 N\u1ed9i<\/p>\n<p data-start=\"4981\" data-end=\"5105\">\ud83c\udf10\u00a0Website:\u00a0<a class=\"decorated-link\" href=\"https:\/\/ehrlichvietnam.vn\/\" target=\"_new\" rel=\"noopener\" data-start=\"4993\" data-end=\"5019\">https:\/\/ehrlichvietnam.vn\/<\/a><br data-start=\"5019\" data-end=\"5022\" \/>\ud83d\udcde\u00a0Hotline:\u00a0<strong data-start=\"5034\" data-end=\"5051\">0932 27 05 20<\/strong><br data-start=\"5051\" data-end=\"5054\" \/>\ud83d\udcac\u00a0Zalo OA:\u00a0<a class=\"decorated-link\" href=\"https:\/\/zalo.me\/s\/2888141157129558325\" target=\"_new\" rel=\"noopener\" data-start=\"5066\" data-end=\"5103\">https:\/\/zalo.me\/s\/2888141157129558325<\/a><\/p>\n<p data-start=\"5107\" data-end=\"5218\">\ud83c\udfa5\u00a0TikTok:\u00a0<a class=\"decorated-link\" href=\"https:\/\/www.tiktok.com\/@ehrlich.chia.s?_r=1\" target=\"_new\" rel=\"noopener\" data-start=\"5118\" data-end=\"5162\">https:\/\/www.tiktok.com\/@ehrlichthietbivesinh<\/a><br data-start=\"5162\" data-end=\"5165\" \/>\u25b6\ufe0f\u00a0YouTube:\u00a0<a class=\"decorated-link\" href=\"https:\/\/www.youtube.com\/@EhrlichVietNam\" target=\"_new\" rel=\"noopener\" data-start=\"5177\" data-end=\"5216\">https:\/\/www.youtube.com\/@EhrlichVietNam<\/a><\/p>\n<p data-start=\"5220\" data-end=\"5265\">\ud83d\ude9a\u00a0Giao h\u00e0ng to\u00e0n qu\u1ed1c \u2013 t\u01b0 v\u1ea5n nhanh ch\u00f3ng<\/p>\n<p data-start=\"5267\" data-end=\"5313\">\ud83d\udc49\u00a0<strong data-start=\"5270\" data-end=\"5313\">Inbox ngay \u0111\u1ec3 nh\u1eadn \u01b0u \u0111\u00e3i th\u00eam h\u00f4m nay!<\/strong><\/p>\n","protected":false},"excerpt":{"rendered":"<p>V\u00f2i Lavabo American Standard WF-B201 \u2013 Tinh t\u1ebf trong t\u1eebng d\u00f2ng ch\u1ea3y, b\u1ec1n b\u1ec9 theo th\u1eddi gian Trong kh\u00f4ng gian ph\u00f2ng t\u1eafm hi\u1ec7n \u0111\u1ea1i, v\u00f2i lavabo kh\u00f4ng ch\u1ec9 \u0111\u01a1n thu\u1ea7n l\u00e0 thi\u1ebft b\u1ecb c\u1ea5p n\u01b0\u1edbc m\u00e0 c\u00f2n l\u00e0 y\u1ebfu t\u1ed1 ho\u00e0n thi\u1ec7n th\u1ea9m m\u1ef9 v\u00e0 tr\u1ea3i nghi\u1ec7m s\u1eed d\u1ee5ng. V\u00f2i lavabo n\u00f3ng l\u1ea1nh WF-B201 \u0111\u1ebfn [&hellip;]<\/p>\n","protected":false},"featured_media":4861,"comment_status":"open","ping_status":"closed","template":"","meta":{"_acf_changed":false},"product_brand":[143],"product_cat":[23,15,137,152],"product_tag":[],"class_list":{"0":"post-4860","1":"product","2":"type-product","3":"status-publish","4":"has-post-thumbnail","6":"product_brand-american-standard","7":"product_cat-thiet-bi-phong-ve-sinh","8":"product_cat-san-pham","9":"product_cat-thuong-hieu-american-standard","10":"product_cat-voi-lavabo-american-standard","12":"first","13":"instock","14":"shipping-taxable","15":"product-type-simple"},"acf":[],"_links":{"self":[{"href":"https:\/\/ehrlichvietnam.vn\/en\/wp-json\/wp\/v2\/product\/4860","targetHints":{"allow":["GET"]}}],"collection":[{"href":"https:\/\/ehrlichvietnam.vn\/en\/wp-json\/wp\/v2\/product"}],"about":[{"href":"https:\/\/ehrlichvietnam.vn\/en\/wp-json\/wp\/v2\/types\/product"}],"replies":[{"embeddable":true,"href":"https:\/\/ehrlichvietnam.vn\/en\/wp-json\/wp\/v2\/comments?post=4860"}],"wp:featuredmedia":[{"embeddable":true,"href":"https:\/\/ehrlichvietnam.vn\/en\/wp-json\/wp\/v2\/media\/4861"}],"wp:attachment":[{"href":"https:\/\/ehrlichvietnam.vn\/en\/wp-json\/wp\/v2\/media?parent=4860"}],"wp:term":[{"taxonomy":"product_brand","embeddable":true,"href":"https:\/\/ehrlichvietnam.vn\/en\/wp-json\/wp\/v2\/product_brand?post=4860"},{"taxonomy":"product_cat","embeddable":true,"href":"https:\/\/ehrlichvietnam.vn\/en\/wp-json\/wp\/v2\/product_cat?post=4860"},{"taxonomy":"product_tag","embeddable":true,"href":"https:\/\/ehrlichvietnam.vn\/en\/wp-json\/wp\/v2\/product_tag?post=4860"}],"curies":[{"name":"wp","href":"https:\/\/api.w.org\/{rel}","templated":true}]}}