{"id":4852,"date":"2026-04-16T07:28:40","date_gmt":"2026-04-16T07:28:40","guid":{"rendered":"https:\/\/ehrlichvietnam.vn\/?post_type=product&#038;p=4852"},"modified":"2026-04-16T07:34:21","modified_gmt":"2026-04-16T07:34:21","slug":"chau-rua-dat-ban-american-standard-vf-0420-signature","status":"publish","type":"product","link":"https:\/\/ehrlichvietnam.vn\/chau-rua-dat-ban-american-standard-vf-0420-signature\/","title":{"rendered":"Ch\u1eadu R\u1eeda \u0110\u1eb7t B\u00e0n American Standard VF-0420 Signature"},"content":{"rendered":"<h2 data-start=\"0\" data-end=\"98\">Lavabo \u0111\u1eb7t b\u00e0n American Standard VF-0420 Signature \u2013 C\u00e2n b\u1eb1ng ho\u00e0n h\u1ea3o gi\u1eefa th\u1ea9m m\u1ef9 v\u00e0 c\u00f4ng n\u0103ng<\/h2>\n<p data-start=\"100\" data-end=\"576\">Trong thi\u1ebft k\u1ebf ph\u00f2ng t\u1eafm hi\u1ec7n \u0111\u1ea1i, <strong data-start=\"135\" data-end=\"153\">lavabo \u0111\u1eb7t b\u00e0n<\/strong> kh\u00f4ng c\u00f2n \u0111\u01a1n thu\u1ea7n l\u00e0 thi\u1ebft b\u1ecb s\u1eed d\u1ee5ng h\u00e0ng ng\u00e0y m\u00e0 \u0111\u00e3 tr\u1edf th\u00e0nh <strong data-start=\"220\" data-end=\"243\">\u0111i\u1ec3m nh\u1ea5n trung t\u00e2m<\/strong> quy\u1ebft \u0111\u1ecbnh \u0111\u1ebfn t\u1ed5ng th\u1ec3 kh\u00f4ng gian. N\u1ed5i b\u1eadt trong ph\u00e2n kh\u00fac trung \u2013 cao c\u1ea5p l\u00e0 m\u1eabu <strong data-start=\"327\" data-end=\"371\">lavabo \u0111\u1eb7t b\u00e0n American Standard VF-0420<\/strong> thu\u1ed9c d\u00f2ng Signature c\u1ee7a th\u01b0\u01a1ng hi\u1ec7u <span class=\"hover:entity-accent entity-underline inline cursor-pointer align-baseline\"><span class=\"whitespace-normal\">American Standard<\/span><\/span> \u2013 s\u1ea3n ph\u1ea9m h\u1ed9i t\u1ee5 \u0111\u1ea7y \u0111\u1ee7 c\u00e1c y\u1ebfu t\u1ed1: <strong data-start=\"483\" data-end=\"575\">thi\u1ebft k\u1ebf hi\u1ec7n \u0111\u1ea1i, ch\u1ea5t li\u1ec7u b\u1ec1n b\u1ec9, c\u00f4ng ngh\u1ec7 kh\u00e1ng khu\u1ea9n v\u00e0 tr\u1ea3i nghi\u1ec7m s\u1eed d\u1ee5ng t\u1ed1i \u01b0u<\/strong>.<\/p>\n<p data-start=\"578\" data-end=\"707\">N\u1ebfu anh \u0111ang t\u00ecm m\u1ed9t m\u1eabu ch\u1eadu v\u1eeba \u0111\u1eb9p \u0111\u1ec3 n\u00e2ng t\u1ea7m kh\u00f4ng gian, v\u1eeba b\u1ec1n \u0111\u1ec3 d\u00f9ng l\u00e2u d\u00e0i, th\u00ec VF-0420 l\u00e0 l\u1ef1a ch\u1ecdn r\u1ea5t \u0111\u00e1ng c\u00e2n nh\u1eafc.<\/p>\n<hr data-start=\"709\" data-end=\"712\" \/>\n<h1 data-start=\"714\" data-end=\"760\">1. T\u1ed5ng quan s\u1ea3n ph\u1ea9m lavabo \u0111\u1eb7t b\u00e0n VF-0420<\/h1>\n<p data-start=\"762\" data-end=\"1026\"><strong data-start=\"762\" data-end=\"779\">T\u00ean s\u1ea3n ph\u1ea9m:<\/strong> Lavabo \u0111\u1eb7t b\u00e0n American Standard VF-0420<br data-start=\"820\" data-end=\"823\" \/><strong data-start=\"823\" data-end=\"839\">Th\u01b0\u01a1ng hi\u1ec7u:<\/strong> <span class=\"hover:entity-accent entity-underline inline cursor-pointer align-baseline\"><span class=\"whitespace-normal\">American Standard<\/span><\/span><br data-start=\"877\" data-end=\"880\" \/><strong data-start=\"880\" data-end=\"898\">D\u00f2ng s\u1ea3n ph\u1ea9m:<\/strong> Signature <br data-start=\"907\" data-end=\"910\" \/><strong data-start=\"910\" data-end=\"924\">Ki\u1ec3u d\u00e1ng:<\/strong> Lavabo \u0111\u1eb7t b\u00e0n<br data-start=\"939\" data-end=\"942\" \/><strong data-start=\"942\" data-end=\"956\">Ch\u1ea5t li\u1ec7u:<\/strong> S\u1ee9 cao c\u1ea5p<br data-start=\"967\" data-end=\"970\" \/><strong data-start=\"970\" data-end=\"985\">K\u00edch th\u01b0\u1edbc:<\/strong> 551 x 429 x 165 mm<br data-start=\"1004\" data-end=\"1007\" \/><strong data-start=\"1007\" data-end=\"1021\">C\u00f4ng ngh\u1ec7:<\/strong> M\u1ef9<\/p>\n<p data-start=\"1028\" data-end=\"1043\">\ud83d\udc49 Ph\u00f9 h\u1ee3p v\u1edbi:<\/p>\n<ul data-start=\"1044\" data-end=\"1122\">\n<li data-start=\"1044\" data-end=\"1064\">Nh\u00e0 ph\u1ed1 hi\u1ec7n \u0111\u1ea1i<\/li>\n<li data-start=\"1065\" data-end=\"1085\">Chung c\u01b0 cao c\u1ea5p<\/li>\n<li data-start=\"1086\" data-end=\"1098\">Bi\u1ec7t th\u1ef1<\/li>\n<li data-start=\"1099\" data-end=\"1122\">Kh\u00e1ch s\u1ea1n, homestay<\/li>\n<\/ul>\n<p><img decoding=\"async\" src=\"https:\/\/www.tdm.vn\/image\/catalog\/products\/product_wp-f417\/ban-ve-american-WP-F417.jpg\" \/><\/p>\n<hr data-start=\"1124\" data-end=\"1127\" \/>\n<h1 data-start=\"1129\" data-end=\"1186\">2. Lavabo \u0111\u1eb7t b\u00e0n \u2013 Xu h\u01b0\u1edbng thi\u1ebft k\u1ebf ph\u00f2ng t\u1eafm cao c\u1ea5p<\/h1>\n<h3 data-start=\"1188\" data-end=\"1217\">2.1 Lavabo \u0111\u1eb7t b\u00e0n l\u00e0 g\u00ec?<\/h3>\n<p data-start=\"1218\" data-end=\"1246\">Lavabo \u0111\u1eb7t b\u00e0n l\u00e0 lo\u1ea1i ch\u1eadu:<\/p>\n<ul data-start=\"1247\" data-end=\"1327\">\n<li data-start=\"1247\" data-end=\"1284\">\u0110\u1eb7t n\u1ed5i ho\u00e0n to\u00e0n tr\u00ean m\u1eb7t b\u00e0n \u0111\u00e1<\/li>\n<li data-start=\"1285\" data-end=\"1327\">T\u1ea1o \u0111i\u1ec3m nh\u1ea5n n\u1ed5i b\u1eadt trong kh\u00f4ng gian<\/li>\n<\/ul>\n<p data-start=\"1329\" data-end=\"1341\">\ud83d\udc49 Kh\u00e1c v\u1edbi:<\/p>\n<ul data-start=\"1342\" data-end=\"1432\">\n<li data-start=\"1342\" data-end=\"1389\">Lavabo \u00e2m b\u00e0n (g\u1ecdn g\u00e0ng, ch\u00ecm d\u01b0\u1edbi m\u1eb7t b\u00e0n)<\/li>\n<li data-start=\"1390\" data-end=\"1432\">Lavabo treo t\u01b0\u1eddng (thi\u00ean v\u1ec1 c\u00f4ng n\u0103ng)<\/li>\n<\/ul>\n<hr data-start=\"1434\" data-end=\"1437\" \/>\n<h3 data-start=\"1439\" data-end=\"1486\">2.2 V\u00ec sao xu h\u01b0\u1edbng n\u00e0y ng\u00e0y c\u00e0ng ph\u1ed5 bi\u1ebfn?<\/h3>\n<p data-start=\"1488\" data-end=\"1636\">\u2714 T\u0103ng t\u00ednh th\u1ea9m m\u1ef9 m\u1ea1nh m\u1ebd<br data-start=\"1515\" data-end=\"1518\" \/>\u2714 D\u1ec5 ph\u1ed1i v\u1edbi nhi\u1ec1u phong c\u00e1ch n\u1ed9i th\u1ea5t<br data-start=\"1557\" data-end=\"1560\" \/>\u2714 T\u1ea1o c\u1ea3m gi\u00e1c sang tr\u1ecdng, cao c\u1ea5p<br data-start=\"1594\" data-end=\"1597\" \/>\u2714 Linh ho\u1ea1t trong l\u1ef1a ch\u1ecdn v\u00f2i lavabo<\/p>\n<p data-start=\"1638\" data-end=\"1657\">\ud83d\udc49 R\u1ea5t ph\u00f9 h\u1ee3p v\u1edbi:<\/p>\n<ul data-start=\"1658\" data-end=\"1715\">\n<li data-start=\"1658\" data-end=\"1670\">Bi\u1ec7t th\u1ef1<\/li>\n<li data-start=\"1671\" data-end=\"1684\">Kh\u00e1ch s\u1ea1n<\/li>\n<li data-start=\"1685\" data-end=\"1715\">Kh\u00f4ng gian c\u1ea7n \u201c\u0111i\u1ec3m nh\u1ea5n\u201d<\/li>\n<\/ul>\n<hr data-start=\"1717\" data-end=\"1720\" \/>\n<h1 data-start=\"1722\" data-end=\"1780\">3. Thi\u1ebft k\u1ebf Acacia E \u2013 Hi\u1ec7n \u0111\u1ea1i, thanh l\u1ecbch, d\u1ec5 \u1ee9ng d\u1ee5ng<\/h1>\n<h3 data-start=\"1782\" data-end=\"1815\">3.1 Ng\u00f4n ng\u1eef thi\u1ebft k\u1ebf c\u00e2n \u0111\u1ed1i<\/h3>\n<p data-start=\"1816\" data-end=\"1847\">Lavabo VF-0420 mang phong c\u00e1ch:<\/p>\n<ul data-start=\"1848\" data-end=\"1908\">\n<li data-start=\"1848\" data-end=\"1869\">\u0110\u01b0\u1eddng n\u00e9t m\u1ec1m m\u1ea1i<\/li>\n<li data-start=\"1870\" data-end=\"1887\">T\u1ef7 l\u1ec7 h\u00e0i h\u00f2a<\/li>\n<li data-start=\"1888\" data-end=\"1908\">Kh\u00f4ng qu\u00e1 c\u1ea7u k\u1ef3<\/li>\n<\/ul>\n<p data-start=\"1910\" data-end=\"1926\">\ud83d\udc49 T\u1ea1o c\u1ea3m gi\u00e1c:<\/p>\n<ul data-start=\"1927\" data-end=\"1976\">\n<li data-start=\"1927\" data-end=\"1941\">Thanh l\u1ecbch<\/li>\n<li data-start=\"1942\" data-end=\"1955\">Nh\u1eb9 nh\u00e0ng<\/li>\n<li data-start=\"1956\" data-end=\"1976\">D\u1ec5 ph\u1ed1i n\u1ed9i th\u1ea5t<\/li>\n<\/ul>\n<hr data-start=\"1978\" data-end=\"1981\" \/>\n<h3 data-start=\"1983\" data-end=\"2022\">3.2 K\u00edch th\u01b0\u1edbc t\u1ed1i \u01b0u \u2013 d\u1ec5 thi c\u00f4ng<\/h3>\n<p data-start=\"2023\" data-end=\"2057\">V\u1edbi k\u00edch th\u01b0\u1edbc 551 x 429 x 165 mm<\/p>\n<ul data-start=\"2058\" data-end=\"2129\">\n<li data-start=\"2058\" data-end=\"2093\">Ph\u00f9 h\u1ee3p \u0111a s\u1ed1 b\u00e0n \u0111\u00e1 ti\u00eau chu\u1ea9n<\/li>\n<li data-start=\"2094\" data-end=\"2129\">Kh\u00f4ng chi\u1ebfm qu\u00e1 nhi\u1ec1u di\u1ec7n t\u00edch<\/li>\n<\/ul>\n<p data-start=\"2131\" data-end=\"2155\">\ud83d\udc49 \u0110\u1eb7c bi\u1ec7t ph\u00f9 h\u1ee3p v\u1edbi:<\/p>\n<ul data-start=\"2156\" data-end=\"2180\">\n<li data-start=\"2156\" data-end=\"2167\">Nh\u00e0 ph\u1ed1<\/li>\n<li data-start=\"2168\" data-end=\"2180\">Chung c\u01b0<\/li>\n<\/ul>\n<hr data-start=\"2182\" data-end=\"2185\" \/>\n<h1 data-start=\"2187\" data-end=\"2229\">4. Ch\u1ea5t li\u1ec7u s\u1ee9 cao c\u1ea5p \u2013 \u0110\u1ed9 b\u1ec1n l\u00e2u d\u00e0i<\/h1>\n<h3 data-start=\"2231\" data-end=\"2264\">4.1 S\u1ee9 v\u1ec7 sinh ch\u1ea5t l\u01b0\u1ee3ng cao<\/h3>\n<p data-start=\"2265\" data-end=\"2297\">Lavabo VF-0420 \u0111\u01b0\u1ee3c s\u1ea3n xu\u1ea5t t\u1eeb:<\/p>\n<ul data-start=\"2298\" data-end=\"2343\">\n<li data-start=\"2298\" data-end=\"2322\">S\u1ee9 nung nhi\u1ec7t \u0111\u1ed9 cao<\/li>\n<li data-start=\"2323\" data-end=\"2343\">K\u1ebft c\u1ea5u \u0111\u1eb7c ch\u1eafc<\/li>\n<\/ul>\n<p data-start=\"2345\" data-end=\"2357\">\ud83d\udc49 Mang l\u1ea1i:<\/p>\n<ul data-start=\"2358\" data-end=\"2417\">\n<li data-start=\"2358\" data-end=\"2372\">\u0110\u1ed9 b\u1ec1n cao<\/li>\n<li data-start=\"2373\" data-end=\"2398\">Kh\u1ea3 n\u0103ng ch\u1ecbu l\u1ef1c t\u1ed1t<\/li>\n<li data-start=\"2399\" data-end=\"2417\">H\u1ea1n ch\u1ebf n\u1ee9t v\u1ee1<\/li>\n<\/ul>\n<hr data-start=\"2419\" data-end=\"2422\" \/>\n<h3 data-start=\"2424\" data-end=\"2459\">4.2 B\u1ec1 m\u1eb7t men m\u1ecbn \u2013 d\u1ec5 v\u1ec7 sinh<\/h3>\n<ul data-start=\"2460\" data-end=\"2504\">\n<li data-start=\"2460\" data-end=\"2473\">Tr\u01a1n l\u00e1ng<\/li>\n<li data-start=\"2474\" data-end=\"2488\">\u00cdt b\u00e1m b\u1ea9n<\/li>\n<li data-start=\"2489\" data-end=\"2504\">D\u1ec5 lau ch\u00f9i<\/li>\n<\/ul>\n<p data-start=\"2506\" data-end=\"2552\">\ud83d\udc49 Gi\u00fap s\u1ea3n ph\u1ea9m lu\u00f4n s\u1ea1ch \u0111\u1eb9p theo th\u1eddi gian.<\/p>\n<hr data-start=\"2554\" data-end=\"2557\" \/>\n<h1 data-start=\"2559\" data-end=\"2614\">5. C\u00f4ng ngh\u1ec7 kh\u00e1ng khu\u1ea9n \u2013 B\u1ea3o v\u1ec7 s\u1ee9c kh\u1ecfe ng\u01b0\u1eddi d\u00f9ng<\/h1>\n<h3 data-start=\"2616\" data-end=\"2645\">5.1 T\u00ednh n\u0103ng kh\u00e1ng khu\u1ea9n<\/h3>\n<p data-start=\"2646\" data-end=\"2670\">Lavabo VF-0420 t\u00edch h\u1ee3p:<\/p>\n<ul data-start=\"2671\" data-end=\"2733\">\n<li data-start=\"2671\" data-end=\"2696\">C\u00f4ng ngh\u1ec7 kh\u00e1ng khu\u1ea9n<\/li>\n<li data-start=\"2697\" data-end=\"2733\">H\u1ea1n ch\u1ebf vi khu\u1ea9n b\u00e1m tr\u00ean b\u1ec1 m\u1eb7t<\/li>\n<\/ul>\n<p data-start=\"2735\" data-end=\"2759\">\ud83d\udc49 \u0110\u1eb7c bi\u1ec7t ph\u00f9 h\u1ee3p v\u1edbi:<\/p>\n<ul data-start=\"2760\" data-end=\"2819\">\n<li data-start=\"2760\" data-end=\"2783\">Gia \u0111\u00ecnh c\u00f3 tr\u1ebb nh\u1ecf<\/li>\n<li data-start=\"2784\" data-end=\"2819\">Kh\u00f4ng gian s\u1eed d\u1ee5ng th\u01b0\u1eddng xuy\u00ean<\/li>\n<\/ul>\n<hr data-start=\"2821\" data-end=\"2824\" \/>\n<h3 data-start=\"2826\" data-end=\"2877\">5.2 Ch\u1ed1ng b\u00e1m b\u1ea9n \u2013 ti\u1ebft ki\u1ec7m th\u1eddi gian v\u1ec7 sinh<\/h3>\n<ul data-start=\"2878\" data-end=\"2933\">\n<li data-start=\"2878\" data-end=\"2900\">Kh\u00f4ng b\u00e1m c\u1eb7n n\u01b0\u1edbc<\/li>\n<li data-start=\"2901\" data-end=\"2933\">Kh\u00f4ng c\u1ea7n d\u00f9ng ch\u1ea5t t\u1ea9y m\u1ea1nh<\/li>\n<\/ul>\n<p data-start=\"2935\" data-end=\"2943\">\ud83d\udc49 Gi\u00fap:<\/p>\n<ul data-start=\"2944\" data-end=\"2999\">\n<li data-start=\"2944\" data-end=\"2969\">Gi\u1ea3m c\u00f4ng s\u1ee9c v\u1ec7 sinh<\/li>\n<li data-start=\"2970\" data-end=\"2999\">Ti\u1ebft ki\u1ec7m chi ph\u00ed b\u1ea3o tr\u00ec<\/li>\n<\/ul>\n<hr data-start=\"3001\" data-end=\"3004\" \/>\n<h1 data-start=\"3006\" data-end=\"3038\">6. Tr\u1ea3i nghi\u1ec7m s\u1eed d\u1ee5ng th\u1ef1c t\u1ebf<\/h1>\n<h3 data-start=\"3040\" data-end=\"3064\">6.1 H\u1ea1n ch\u1ebf b\u1eafn n\u01b0\u1edbc<\/h3>\n<p data-start=\"3065\" data-end=\"3084\">Thi\u1ebft k\u1ebf l\u00f2ng ch\u1eadu:<\/p>\n<ul data-start=\"3085\" data-end=\"3117\">\n<li data-start=\"3085\" data-end=\"3102\">\u0110\u1ed9 s\u00e2u h\u1ee3p l\u00fd<\/li>\n<li data-start=\"3103\" data-end=\"3117\">G\u00f3c bo m\u1ec1m<\/li>\n<\/ul>\n<p data-start=\"3119\" data-end=\"3127\">\ud83d\udc49 Gi\u00fap:<\/p>\n<ul data-start=\"3128\" data-end=\"3185\">\n<li data-start=\"3128\" data-end=\"3156\">N\u01b0\u1edbc kh\u00f4ng v\u0103ng ra ngo\u00e0i<\/li>\n<li data-start=\"3157\" data-end=\"3185\">Gi\u1eef m\u1eb7t b\u00e0n lu\u00f4n kh\u00f4 r\u00e1o<\/li>\n<\/ul>\n<hr data-start=\"3187\" data-end=\"3190\" \/>\n<h3 data-start=\"3192\" data-end=\"3226\">6.2 T\u0103ng t\u00ednh th\u1ea9m m\u1ef9 t\u1ed5ng th\u1ec3<\/h3>\n<p data-start=\"3227\" data-end=\"3243\">Khi k\u1ebft h\u1ee3p v\u1edbi:<\/p>\n<ul data-start=\"3244\" data-end=\"3286\">\n<li data-start=\"3244\" data-end=\"3262\">V\u00f2i lavabo cao<\/li>\n<li data-start=\"3263\" data-end=\"3286\">B\u00e0n \u0111\u00e1 v\u00e2n t\u1ef1 nhi\u00ean<\/li>\n<\/ul>\n<p data-start=\"3288\" data-end=\"3299\">\ud83d\udc49 T\u1ea1o n\u00ean:<\/p>\n<ul data-start=\"3300\" data-end=\"3351\">\n<li data-start=\"3300\" data-end=\"3351\">Kh\u00f4ng gian ph\u00f2ng t\u1eafm sang tr\u1ecdng chu\u1ea9n kh\u00e1ch s\u1ea1n<\/li>\n<\/ul>\n<hr data-start=\"3353\" data-end=\"3356\" \/>\n<h3 data-start=\"3358\" data-end=\"3384\">6.3 Linh ho\u1ea1t thi\u1ebft k\u1ebf<\/h3>\n<p data-start=\"3385\" data-end=\"3400\">C\u00f3 th\u1ec3 k\u1ebft h\u1ee3p:<\/p>\n<ul data-start=\"3401\" data-end=\"3434\">\n<li data-start=\"3401\" data-end=\"3416\">V\u00f2i g\u1eafn b\u00e0n<\/li>\n<li data-start=\"3417\" data-end=\"3434\">V\u00f2i g\u1eafn t\u01b0\u1eddng<\/li>\n<\/ul>\n<p data-start=\"3436\" data-end=\"3481\">\ud83d\udc49 D\u1ec5 d\u00e0ng t\u00f9y bi\u1ebfn theo phong c\u00e1ch thi\u1ebft k\u1ebf.<\/p>\n<hr data-start=\"3483\" data-end=\"3486\" \/>\n<h1 data-start=\"3488\" data-end=\"3533\">7. So s\u00e1nh VF-0420 v\u1edbi c\u00e1c d\u00f2ng lavabo kh\u00e1c<\/h1>\n<div class=\"TyagGW_tableContainer\">\n<div class=\"group TyagGW_tableWrapper flex flex-col-reverse w-fit\" tabindex=\"-1\">\n<table class=\"w-fit min-w-(--thread-content-width)\" data-start=\"3535\" data-end=\"3817\">\n<thead data-start=\"3535\" data-end=\"3595\">\n<tr data-start=\"3535\" data-end=\"3595\">\n<th class=\"\" data-start=\"3535\" data-end=\"3546\" data-col-size=\"sm\">Ti\u00eau ch\u00ed<\/th>\n<th class=\"\" data-start=\"3546\" data-end=\"3564\" data-col-size=\"sm\">VF-0420 \u0111\u1eb7t b\u00e0n<\/th>\n<th class=\"\" data-start=\"3564\" data-end=\"3580\" data-col-size=\"sm\">Lavabo \u00e2m b\u00e0n<\/th>\n<th class=\"\" data-start=\"3580\" data-end=\"3595\" data-col-size=\"sm\">Lavabo treo<\/th>\n<\/tr>\n<\/thead>\n<tbody data-start=\"3657\" data-end=\"3817\">\n<tr data-start=\"3657\" data-end=\"3697\">\n<td data-start=\"3657\" data-end=\"3667\" data-col-size=\"sm\">Th\u1ea9m m\u1ef9<\/td>\n<td data-start=\"3667\" data-end=\"3677\" data-col-size=\"sm\">R\u1ea5t cao<\/td>\n<td data-start=\"3677\" data-end=\"3683\" data-col-size=\"sm\">Cao<\/td>\n<td data-start=\"3683\" data-end=\"3697\" data-col-size=\"sm\">Trung b\u00ecnh<\/td>\n<\/tr>\n<tr data-start=\"3698\" data-end=\"3738\">\n<td data-start=\"3698\" data-end=\"3710\" data-col-size=\"sm\">\u0110i\u1ec3m nh\u1ea5n<\/td>\n<td data-start=\"3710\" data-end=\"3717\" data-col-size=\"sm\">M\u1ea1nh<\/td>\n<td data-start=\"3717\" data-end=\"3730\" data-col-size=\"sm\">Trung b\u00ecnh<\/td>\n<td data-start=\"3730\" data-end=\"3738\" data-col-size=\"sm\">Th\u1ea5p<\/td>\n<\/tr>\n<tr data-start=\"3739\" data-end=\"3773\">\n<td data-start=\"3739\" data-end=\"3749\" data-col-size=\"sm\">V\u1ec7 sinh<\/td>\n<td data-start=\"3749\" data-end=\"3762\" data-col-size=\"sm\">Trung b\u00ecnh<\/td>\n<td data-start=\"3762\" data-end=\"3767\" data-col-size=\"sm\">D\u1ec5<\/td>\n<td data-start=\"3767\" data-end=\"3773\" data-col-size=\"sm\">D\u1ec5<\/td>\n<\/tr>\n<tr data-start=\"3774\" data-end=\"3817\">\n<td data-start=\"3774\" data-end=\"3785\" data-col-size=\"sm\">\u1ee8ng d\u1ee5ng<\/td>\n<td data-start=\"3785\" data-end=\"3795\" data-col-size=\"sm\">Cao c\u1ea5p<\/td>\n<td data-start=\"3795\" data-end=\"3807\" data-col-size=\"sm\">Ph\u1ed5 th\u00f4ng<\/td>\n<td data-start=\"3807\" data-end=\"3817\" data-col-size=\"sm\">C\u01a1 b\u1ea3n<\/td>\n<\/tr>\n<\/tbody>\n<\/table>\n<\/div>\n<\/div>\n<p data-start=\"3819\" data-end=\"3899\">\ud83d\udc49 VF-0420 ph\u00f9 h\u1ee3p v\u1edbi:<br \/>\n<strong data-start=\"3843\" data-end=\"3899\">kh\u00e1ch h\u00e0ng \u01b0u ti\u00ean th\u1ea9m m\u1ef9 v\u00e0 tr\u1ea3i nghi\u1ec7m kh\u00f4ng gian<\/strong><\/p>\n<hr data-start=\"3901\" data-end=\"3904\" \/>\n<h1 data-start=\"3906\" data-end=\"3944\">8. \u1ee8ng d\u1ee5ng th\u1ef1c t\u1ebf trong c\u00f4ng tr\u00ecnh<\/h1>\n<h3 data-start=\"3946\" data-end=\"3961\">8.1 Nh\u00e0 ph\u1ed1<\/h3>\n<ul data-start=\"3962\" data-end=\"4006\">\n<li data-start=\"3962\" data-end=\"3984\">T\u0103ng t\u00ednh hi\u1ec7n \u0111\u1ea1i<\/li>\n<li data-start=\"3985\" data-end=\"4006\">T\u1ed1i \u01b0u kh\u00f4ng gian<\/li>\n<\/ul>\n<hr data-start=\"4008\" data-end=\"4011\" \/>\n<h3 data-start=\"4013\" data-end=\"4037\">8.2 Chung c\u01b0 cao c\u1ea5p<\/h3>\n<ul data-start=\"4038\" data-end=\"4092\">\n<li data-start=\"4038\" data-end=\"4068\">N\u00e2ng c\u1ea5p th\u1ea9m m\u1ef9 ph\u00f2ng t\u1eafm<\/li>\n<li data-start=\"4069\" data-end=\"4092\">T\u0103ng gi\u00e1 tr\u1ecb c\u0103n h\u1ed9<\/li>\n<\/ul>\n<hr data-start=\"4094\" data-end=\"4097\" \/>\n<h3 data-start=\"4099\" data-end=\"4127\">8.3 Kh\u00e1ch s\u1ea1n \u2013 homestay<\/h3>\n<ul data-start=\"4128\" data-end=\"4172\">\n<li data-start=\"4128\" data-end=\"4145\">T\u1ea1o \u0111i\u1ec3m nh\u1ea5n<\/li>\n<li data-start=\"4146\" data-end=\"4172\">G\u00e2y \u1ea5n t\u01b0\u1ee3ng v\u1edbi kh\u00e1ch<\/li>\n<\/ul>\n<hr data-start=\"4174\" data-end=\"4177\" \/>\n<h3 data-start=\"4179\" data-end=\"4195\">8.4 Bi\u1ec7t th\u1ef1<\/h3>\n<ul data-start=\"4196\" data-end=\"4251\">\n<li data-start=\"4196\" data-end=\"4217\">Th\u1ec3 hi\u1ec7n \u0111\u1eb3ng c\u1ea5p<\/li>\n<li data-start=\"4218\" data-end=\"4251\">Ph\u00f9 h\u1ee3p kh\u00f4ng gian sang tr\u1ecdng<\/li>\n<\/ul>\n<hr data-start=\"4253\" data-end=\"4256\" \/>\n<h1 data-start=\"4258\" data-end=\"4309\">9. G\u00f3c nh\u00ecn th\u1ecb tr\u01b0\u1eddng \u2013 Xu h\u01b0\u1edbng lavabo hi\u1ec7n nay<\/h1>\n<p data-start=\"4311\" data-end=\"4339\">Kh\u00e1ch h\u00e0ng hi\u1ec7n \u0111\u1ea1i \u01b0u ti\u00ean:<\/p>\n<ul data-start=\"4340\" data-end=\"4394\">\n<li data-start=\"4340\" data-end=\"4356\">Thi\u1ebft k\u1ebf \u0111\u1eb9p<\/li>\n<li data-start=\"4357\" data-end=\"4371\">D\u1ec5 v\u1ec7 sinh<\/li>\n<li data-start=\"4372\" data-end=\"4394\">Th\u01b0\u01a1ng hi\u1ec7u uy t\u00edn<\/li>\n<\/ul>\n<p data-start=\"4396\" data-end=\"4416\">\ud83d\udc49 Xu h\u01b0\u1edbng n\u1ed5i b\u1eadt:<\/p>\n<ul data-start=\"4417\" data-end=\"4479\">\n<li data-start=\"4417\" data-end=\"4435\">Lavabo \u0111\u1eb7t b\u00e0n<\/li>\n<li data-start=\"4436\" data-end=\"4457\">Thi\u1ebft k\u1ebf t\u1ed1i gi\u1ea3n<\/li>\n<li data-start=\"4458\" data-end=\"4479\">M\u00e0u tr\u1eafng tinh t\u1ebf<\/li>\n<\/ul>\n<p data-start=\"4481\" data-end=\"4564\">VF-0420 \u0111\u00e1p \u1ee9ng t\u1ed1t:<br \/>\n\u2714 Thi\u1ebft k\u1ebf hi\u1ec7n \u0111\u1ea1i<br data-start=\"4521\" data-end=\"4524\" \/>\u2714 C\u00f4ng ngh\u1ec7 kh\u00e1ng khu\u1ea9n<br data-start=\"4547\" data-end=\"4550\" \/>\u2714 \u0110\u1ed9 b\u1ec1n cao<\/p>\n<hr data-start=\"4566\" data-end=\"4569\" \/>\n<h1 data-start=\"4571\" data-end=\"4608\">10. K\u1ebft lu\u1eadn \u2013 C\u00f3 n\u00ean ch\u1ecdn VF-0420?<\/h1>\n<p data-start=\"4610\" data-end=\"4642\">N\u1ebfu anh \u0111ang t\u00ecm m\u1ed9t m\u1eabu lavabo:<\/p>\n<ul data-start=\"4643\" data-end=\"4737\">\n<li data-start=\"4643\" data-end=\"4660\">\u0110\u1eb9p, hi\u1ec7n \u0111\u1ea1i<\/li>\n<li data-start=\"4661\" data-end=\"4688\">L\u00e0m \u0111i\u1ec3m nh\u1ea5n ph\u00f2ng t\u1eafm<\/li>\n<li data-start=\"4689\" data-end=\"4708\">B\u1ec1n, d\u1ec5 v\u1ec7 sinh<\/li>\n<li data-start=\"4709\" data-end=\"4737\">Ph\u00f9 h\u1ee3p nhi\u1ec1u c\u00f4ng tr\u00ecnh<\/li>\n<\/ul>\n<p data-start=\"4739\" data-end=\"4847\">\ud83d\udc49 <strong data-start=\"4742\" data-end=\"4847\">Lavabo \u0111\u1eb7t b\u00e0n American Standard VF-0420 l\u00e0 l\u1ef1a ch\u1ecdn r\u1ea5t \u0111\u00e1ng \u0111\u1ea7u t\u01b0 trong ph\u00e2n kh\u00fac trung \u2013 cao c\u1ea5p.<\/strong><\/p>\n<p data-start=\"4866\" data-end=\"4979\"><strong data-start=\"4866\" data-end=\"4917\">Ehrlich Vi\u1ec7t Nam \u2013 Thi\u1ebft B\u1ecb Nh\u00e0 B\u1ebfp &amp; Ph\u00f2ng T\u1eafm<\/strong><br data-start=\"4917\" data-end=\"4920\" \/>\ud83d\udccd \u0110\u1ecba ch\u1ec9: S\u1ed1 6 Li\u1ec1n K\u1ec1 22, K\u0110T V\u0103n Kh\u00ea, H\u00e0 \u0110\u00f4ng, H\u00e0 N\u1ed9i<\/p>\n<p data-start=\"4981\" data-end=\"5105\">\ud83c\udf10 Website: <a class=\"decorated-link\" href=\"https:\/\/ehrlichvietnam.vn\/\" target=\"_new\" rel=\"noopener\" data-start=\"4993\" data-end=\"5019\">https:\/\/ehrlichvietnam.vn\/<\/a><br data-start=\"5019\" data-end=\"5022\" \/>\ud83d\udcde Hotline: <strong data-start=\"5034\" data-end=\"5051\">0932 27 05 20<\/strong><br data-start=\"5051\" data-end=\"5054\" \/>\ud83d\udcac Zalo OA: <a class=\"decorated-link\" href=\"https:\/\/zalo.me\/s\/2888141157129558325\" target=\"_new\" rel=\"noopener\" data-start=\"5066\" data-end=\"5103\">https:\/\/zalo.me\/s\/2888141157129558325<\/a><\/p>\n<p data-start=\"5107\" data-end=\"5218\">\ud83c\udfa5 TikTok: <a class=\"decorated-link\" href=\"https:\/\/www.tiktok.com\/@ehrlich.chia.s?_r=1\" target=\"_new\" rel=\"noopener\" data-start=\"5118\" data-end=\"5162\">https:\/\/www.tiktok.com\/@ehrlichthietbivesinh<\/a><br data-start=\"5162\" data-end=\"5165\" \/>\u25b6\ufe0f YouTube: <a class=\"decorated-link\" href=\"https:\/\/www.youtube.com\/@EhrlichVietNam\" target=\"_new\" rel=\"noopener\" data-start=\"5177\" data-end=\"5216\">https:\/\/www.youtube.com\/@EhrlichVietNam<\/a><\/p>\n<p data-start=\"5220\" data-end=\"5265\">\ud83d\ude9a Giao h\u00e0ng to\u00e0n qu\u1ed1c \u2013 t\u01b0 v\u1ea5n nhanh ch\u00f3ng<\/p>\n<p data-start=\"5267\" data-end=\"5313\">\ud83d\udc49 <strong data-start=\"5270\" data-end=\"5313\">Inbox ngay \u0111\u1ec3 nh\u1eadn \u01b0u \u0111\u00e3i th\u00eam h\u00f4m nay!<\/strong><\/p>\n<p>&nbsp;<\/p>\n<p data-start=\"5075\" data-end=\"5151\"><strong data-start=\"5078\" data-end=\"5151\">\u00a0<\/strong><\/p>\n","protected":false},"excerpt":{"rendered":"<p>Lavabo \u0111\u1eb7t b\u00e0n American Standard VF-0420 Signature \u2013 C\u00e2n b\u1eb1ng ho\u00e0n h\u1ea3o gi\u1eefa th\u1ea9m m\u1ef9 v\u00e0 c\u00f4ng n\u0103ng Trong thi\u1ebft k\u1ebf ph\u00f2ng t\u1eafm hi\u1ec7n \u0111\u1ea1i, lavabo \u0111\u1eb7t b\u00e0n kh\u00f4ng c\u00f2n \u0111\u01a1n thu\u1ea7n l\u00e0 thi\u1ebft b\u1ecb s\u1eed d\u1ee5ng h\u00e0ng ng\u00e0y m\u00e0 \u0111\u00e3 tr\u1edf th\u00e0nh \u0111i\u1ec3m nh\u1ea5n trung t\u00e2m quy\u1ebft \u0111\u1ecbnh \u0111\u1ebfn t\u1ed5ng th\u1ec3 kh\u00f4ng gian. N\u1ed5i [&hellip;]<\/p>\n","protected":false},"featured_media":4853,"comment_status":"open","ping_status":"closed","template":"","meta":{"_acf_changed":false},"product_brand":[143],"product_cat":[23,15,151,137],"product_tag":[],"class_list":{"0":"post-4852","1":"product","2":"type-product","3":"status-publish","4":"has-post-thumbnail","6":"product_brand-american-standard","7":"product_cat-thiet-bi-phong-ve-sinh","8":"product_cat-san-pham","9":"product_cat-chau-lavabo-american-standard","10":"product_cat-thuong-hieu-american-standard","12":"first","13":"instock","14":"sale","15":"shipping-taxable","16":"purchasable","17":"product-type-simple"},"acf":[],"_links":{"self":[{"href":"https:\/\/ehrlichvietnam.vn\/en\/wp-json\/wp\/v2\/product\/4852","targetHints":{"allow":["GET"]}}],"collection":[{"href":"https:\/\/ehrlichvietnam.vn\/en\/wp-json\/wp\/v2\/product"}],"about":[{"href":"https:\/\/ehrlichvietnam.vn\/en\/wp-json\/wp\/v2\/types\/product"}],"replies":[{"embeddable":true,"href":"https:\/\/ehrlichvietnam.vn\/en\/wp-json\/wp\/v2\/comments?post=4852"}],"wp:featuredmedia":[{"embeddable":true,"href":"https:\/\/ehrlichvietnam.vn\/en\/wp-json\/wp\/v2\/media\/4853"}],"wp:attachment":[{"href":"https:\/\/ehrlichvietnam.vn\/en\/wp-json\/wp\/v2\/media?parent=4852"}],"wp:term":[{"taxonomy":"product_brand","embeddable":true,"href":"https:\/\/ehrlichvietnam.vn\/en\/wp-json\/wp\/v2\/product_brand?post=4852"},{"taxonomy":"product_cat","embeddable":true,"href":"https:\/\/ehrlichvietnam.vn\/en\/wp-json\/wp\/v2\/product_cat?post=4852"},{"taxonomy":"product_tag","embeddable":true,"href":"https:\/\/ehrlichvietnam.vn\/en\/wp-json\/wp\/v2\/product_tag?post=4852"}],"curies":[{"name":"wp","href":"https:\/\/api.w.org\/{rel}","templated":true}]}}