{"id":4847,"date":"2026-04-16T04:45:13","date_gmt":"2026-04-16T04:45:13","guid":{"rendered":"https:\/\/ehrlichvietnam.vn\/?post_type=product&#038;p=4847"},"modified":"2026-04-16T04:45:48","modified_gmt":"2026-04-16T04:45:48","slug":"chau-rua-dat-ban-american-standard-wp-f412-acacia-e-supasleek-2","status":"publish","type":"product","link":"https:\/\/ehrlichvietnam.vn\/chau-rua-dat-ban-american-standard-wp-f412-acacia-e-supasleek\/","title":{"rendered":"Ch\u1eadu R\u1eeda \u0110\u1eb7t B\u00e0n American Standard WP-F412 Acacia E Supasleek"},"content":{"rendered":"<h2 data-start=\"0\" data-end=\"123\">Lavabo \u0111\u1eb7t b\u00e0n American Standard WP-F412 Acacia E Supasleek \u2013 Tinh g\u1ecdn chu\u1ea9n m\u1ef1c, n\u00e2ng t\u1ea7m kh\u00f4ng gian ph\u00f2ng t\u1eafm hi\u1ec7n \u0111\u1ea1i<\/h2>\n<p data-start=\"125\" data-end=\"568\">Trong nh\u1eefng n\u0103m g\u1ea7n \u0111\u00e2y, <strong data-start=\"150\" data-end=\"168\">lavabo \u0111\u1eb7t b\u00e0n<\/strong> tr\u1edf th\u00e0nh xu h\u01b0\u1edbng thi\u1ebft k\u1ebf n\u1ed5i b\u1eadt trong c\u00e1c kh\u00f4ng gian ph\u00f2ng t\u1eafm cao c\u1ea5p. Kh\u00f4ng ch\u1ec9 \u0111\u01a1n thu\u1ea7n l\u00e0 thi\u1ebft b\u1ecb v\u1ec7 sinh, lavabo c\u00f2n \u0111\u00f3ng vai tr\u00f2 nh\u01b0 m\u1ed9t \u0111i\u1ec3m nh\u1ea5n th\u1ea9m m\u1ef9 quan tr\u1ecdng. Trong \u0111\u00f3, m\u1eabu <strong data-start=\"362\" data-end=\"406\">lavabo \u0111\u1eb7t b\u00e0n American Standard WP-F412 <\/strong>thu\u1ed9c b\u1ed9 s\u01b0u t\u1eadp Acacia E Supasleek c\u1ee7a th\u01b0\u01a1ng hi\u1ec7u <span class=\"hover:entity-accent entity-underline inline cursor-pointer align-baseline\"><span class=\"whitespace-normal\">American Standard<\/span><\/span> l\u00e0 l\u1ef1a ch\u1ecdn ti\u00eau bi\u1ec3u cho phong c\u00e1ch <strong data-start=\"534\" data-end=\"567\">t\u1ed1i gi\u1ea3n \u2013 tinh t\u1ebf \u2013 hi\u1ec7n \u0111\u1ea1i<\/strong>.<\/p>\n<p data-start=\"570\" data-end=\"753\">V\u1edbi thi\u1ebft k\u1ebf thanh tho\u00e1t, ch\u1ea5t li\u1ec7u s\u1ee9 cao c\u1ea5p v\u00e0 c\u00f4ng ngh\u1ec7 kh\u00e1ng khu\u1ea9n ti\u00ean ti\u1ebfn, WP-F412 kh\u00f4ng ch\u1ec9 \u0111\u00e1p \u1ee9ng t\u1ed1t nhu c\u1ea7u s\u1eed d\u1ee5ng m\u00e0 c\u00f2n g\u00f3p ph\u1ea7n n\u00e2ng t\u1ea7m to\u00e0n b\u1ed9 kh\u00f4ng gian ph\u00f2ng t\u1eafm.<\/p>\n<hr data-start=\"755\" data-end=\"758\" \/>\n<h1 data-start=\"760\" data-end=\"806\">1. T\u1ed5ng quan s\u1ea3n ph\u1ea9m lavabo \u0111\u1eb7t b\u00e0n WP-F412<\/h1>\n<p data-start=\"808\" data-end=\"1082\"><strong data-start=\"808\" data-end=\"825\">T\u00ean s\u1ea3n ph\u1ea9m:<\/strong> Lavabo \u0111\u1eb7t b\u00e0n American Standard WP-F412 <br data-start=\"866\" data-end=\"869\" \/><strong data-start=\"869\" data-end=\"885\">Th\u01b0\u01a1ng hi\u1ec7u:<\/strong> <span class=\"hover:entity-accent entity-underline inline cursor-pointer align-baseline\"><span class=\"whitespace-normal\">American Standard<\/span><\/span><br data-start=\"923\" data-end=\"926\" \/><strong data-start=\"926\" data-end=\"944\">D\u00f2ng s\u1ea3n ph\u1ea9m:<\/strong> Acacia E Supasleek<br data-start=\"963\" data-end=\"966\" \/><strong data-start=\"966\" data-end=\"980\">Ki\u1ec3u d\u00e1ng:<\/strong> Lavabo \u0111\u1eb7t b\u00e0n<br data-start=\"995\" data-end=\"998\" \/><strong data-start=\"998\" data-end=\"1012\">Ch\u1ea5t li\u1ec7u:<\/strong> S\u1ee9 cao c\u1ea5p<br data-start=\"1023\" data-end=\"1026\" \/><strong data-start=\"1026\" data-end=\"1041\">K\u00edch th\u01b0\u1edbc:<\/strong> 550 x 380 x 150 mm<br data-start=\"1060\" data-end=\"1063\" \/><strong data-start=\"1063\" data-end=\"1077\">C\u00f4ng ngh\u1ec7:<\/strong> M\u1ef9<\/p>\n<p data-start=\"1084\" data-end=\"1108\">\ud83d\udc49 S\u1ea3n ph\u1ea9m ph\u00f9 h\u1ee3p v\u1edbi:<\/p>\n<ul data-start=\"1109\" data-end=\"1185\">\n<li data-start=\"1109\" data-end=\"1129\">Nh\u00e0 ph\u1ed1 hi\u1ec7n \u0111\u1ea1i<\/li>\n<li data-start=\"1130\" data-end=\"1150\">Chung c\u01b0 cao c\u1ea5p<\/li>\n<li data-start=\"1151\" data-end=\"1163\">Bi\u1ec7t th\u1ef1<\/li>\n<li data-start=\"1164\" data-end=\"1185\">Kh\u00e1ch s\u1ea1n, resort<\/li>\n<\/ul>\n<hr data-start=\"1187\" data-end=\"1190\" \/>\n<h1 data-start=\"1192\" data-end=\"1249\">2. Lavabo \u0111\u1eb7t b\u00e0n \u2013 Xu h\u01b0\u1edbng thi\u1ebft k\u1ebf ph\u00f2ng t\u1eafm cao c\u1ea5p<\/h1>\n<h3 data-start=\"1251\" data-end=\"1280\">2.1 Lavabo \u0111\u1eb7t b\u00e0n l\u00e0 g\u00ec?<\/h3>\n<p data-start=\"1281\" data-end=\"1309\">Lavabo \u0111\u1eb7t b\u00e0n l\u00e0 lo\u1ea1i ch\u1eadu:<\/p>\n<ul data-start=\"1310\" data-end=\"1401\">\n<li data-start=\"1310\" data-end=\"1347\">\u0110\u1eb7t n\u1ed5i ho\u00e0n to\u00e0n tr\u00ean m\u1eb7t b\u00e0n \u0111\u00e1<\/li>\n<li data-start=\"1348\" data-end=\"1401\">Thi\u1ebft k\u1ebf nh\u01b0 m\u1ed9t \u201cv\u1eadt trang tr\u00ed\u201d trong kh\u00f4ng gian<\/li>\n<\/ul>\n<p data-start=\"1403\" data-end=\"1415\">\ud83d\udc49 Kh\u00e1c v\u1edbi:<\/p>\n<ul data-start=\"1416\" data-end=\"1495\">\n<li data-start=\"1416\" data-end=\"1449\">Lavabo \u00e2m b\u00e0n (ch\u00ecm d\u01b0\u1edbi b\u00e0n)<\/li>\n<li data-start=\"1450\" data-end=\"1495\">Lavabo treo t\u01b0\u1eddng (g\u1eafn tr\u1ef1c ti\u1ebfp l\u00ean t\u01b0\u1eddng)<\/li>\n<\/ul>\n<hr data-start=\"1497\" data-end=\"1500\" \/>\n<h3 data-start=\"1502\" data-end=\"1547\">2.2 V\u00ec sao lavabo \u0111\u1eb7t b\u00e0n \u0111\u01b0\u1ee3c \u01b0a chu\u1ed9ng?<\/h3>\n<p data-start=\"1549\" data-end=\"1705\">\u2714 T\u1ea1o \u0111i\u1ec3m nh\u1ea5n th\u1ea9m m\u1ef9 m\u1ea1nh<br data-start=\"1577\" data-end=\"1580\" \/>\u2714 Mang phong c\u00e1ch sang tr\u1ecdng, hi\u1ec7n \u0111\u1ea1i<br data-start=\"1618\" data-end=\"1621\" \/>\u2714 \u0110a d\u1ea1ng ki\u1ec3u d\u00e1ng (tr\u00f2n, oval, ch\u1eef nh\u1eadt\u2026)<br data-start=\"1664\" data-end=\"1667\" \/>\u2714 Ph\u00f9 h\u1ee3p thi\u1ebft k\u1ebf ph\u00f2ng t\u1eafm cao c\u1ea5p<\/p>\n<p data-start=\"1707\" data-end=\"1734\">\ud83d\udc49 \u0110\u1eb7c bi\u1ec7t ph\u1ed5 bi\u1ebfn trong:<\/p>\n<ul data-start=\"1735\" data-end=\"1788\">\n<li data-start=\"1735\" data-end=\"1747\">Bi\u1ec7t th\u1ef1<\/li>\n<li data-start=\"1748\" data-end=\"1769\">Kh\u00e1ch s\u1ea1n 4\u20135 sao<\/li>\n<li data-start=\"1770\" data-end=\"1788\">Homestay decor<\/li>\n<\/ul>\n<p><img decoding=\"async\" src=\"https:\/\/www.tdm.vn\/image\/catalog\/product-4996\/ban-ve-lavabo-american-wp-f412.png\" \/><\/p>\n<hr data-start=\"1790\" data-end=\"1793\" \/>\n<h1 data-start=\"1795\" data-end=\"1847\">3. Thi\u1ebft k\u1ebf Supasleek \u2013 T\u1ed1i gi\u1ea3n nh\u01b0ng \u0111\u1ea7y tinh t\u1ebf<\/h1>\n<h3 data-start=\"1849\" data-end=\"1886\">3.1 Ng\u00f4n ng\u1eef thi\u1ebft k\u1ebf \u201csi\u00eau m\u1ecfng\u201d<\/h3>\n<p data-start=\"1887\" data-end=\"1926\">\u0110i\u1ec3m n\u1ed5i b\u1eadt c\u1ee7a d\u00f2ng <strong data-start=\"1909\" data-end=\"1922\">Supasleek<\/strong> l\u00e0:<\/p>\n<ul data-start=\"1927\" data-end=\"1989\">\n<li data-start=\"1927\" data-end=\"1946\">Th\u00e0nh ch\u1eadu m\u1ecfng<\/li>\n<li data-start=\"1947\" data-end=\"1968\">\u0110\u01b0\u1eddng n\u00e9t s\u1eafc s\u1ea3o<\/li>\n<li data-start=\"1969\" data-end=\"1989\">T\u1ed5ng th\u1ec3 g\u1ecdn nh\u1eb9<\/li>\n<\/ul>\n<p data-start=\"1991\" data-end=\"2012\">\ud83d\udc49 Mang l\u1ea1i c\u1ea3m gi\u00e1c:<\/p>\n<ul data-start=\"2013\" data-end=\"2084\">\n<li data-start=\"2013\" data-end=\"2028\">Thanh tho\u00e1t<\/li>\n<li data-start=\"2029\" data-end=\"2041\">Hi\u1ec7n \u0111\u1ea1i<\/li>\n<li data-start=\"2042\" data-end=\"2084\">Cao c\u1ea5p h\u01a1n so v\u1edbi lavabo truy\u1ec1n th\u1ed1ng<\/li>\n<\/ul>\n<hr data-start=\"2086\" data-end=\"2089\" \/>\n<h3 data-start=\"2091\" data-end=\"2128\">3.2 T\u1ef7 l\u1ec7 c\u00e2n \u0111\u1ed1i \u2013 Chu\u1ea9n th\u1ea9m m\u1ef9<\/h3>\n<p data-start=\"2129\" data-end=\"2164\">K\u00edch th\u01b0\u1edbc 550 x 380 x 150 mm mm gi\u00fap:<\/p>\n<ul data-start=\"2165\" data-end=\"2229\">\n<li data-start=\"2165\" data-end=\"2197\">Ch\u1eadu kh\u00f4ng qu\u00e1 cao g\u00e2y v\u01b0\u1edbng<\/li>\n<li data-start=\"2198\" data-end=\"2229\">Kh\u00f4ng qu\u00e1 th\u1ea5p g\u00e2y b\u1eafn n\u01b0\u1edbc<\/li>\n<\/ul>\n<p data-start=\"2231\" data-end=\"2273\">\ud83d\udc49 \u0110\u00e2y l\u00e0 k\u00edch th\u01b0\u1edbc r\u1ea5t \u201cchu\u1ea9n form\u201d cho:<\/p>\n<ul data-start=\"2274\" data-end=\"2326\">\n<li data-start=\"2274\" data-end=\"2300\">B\u00e0n \u0111\u00e1 lavabo hi\u1ec7n \u0111\u1ea1i<\/li>\n<li data-start=\"2301\" data-end=\"2326\">Kh\u00f4ng gian v\u1eeba v\u00e0 l\u1edbn<\/li>\n<\/ul>\n<hr data-start=\"2328\" data-end=\"2331\" \/>\n<h1 data-start=\"2333\" data-end=\"2380\">4. Ch\u1ea5t li\u1ec7u s\u1ee9 cao c\u1ea5p \u2013 N\u1ec1n t\u1ea3ng c\u1ee7a \u0111\u1ed9 b\u1ec1n<\/h1>\n<h3 data-start=\"2382\" data-end=\"2415\">4.1 S\u1ee9 v\u1ec7 sinh ch\u1ea5t l\u01b0\u1ee3ng cao<\/h3>\n<p data-start=\"2416\" data-end=\"2448\">Lavabo WP-F412 \u0111\u01b0\u1ee3c s\u1ea3n xu\u1ea5t t\u1eeb:<\/p>\n<ul data-start=\"2449\" data-end=\"2495\">\n<li data-start=\"2449\" data-end=\"2473\">S\u1ee9 nung nhi\u1ec7t \u0111\u1ed9 cao<\/li>\n<li data-start=\"2474\" data-end=\"2495\">K\u1ebft c\u1ea5u \u0111\u1eb7c, ch\u1eafc<\/li>\n<\/ul>\n<p data-start=\"2497\" data-end=\"2509\">\ud83d\udc49 Mang l\u1ea1i:<\/p>\n<ul data-start=\"2510\" data-end=\"2564\">\n<li data-start=\"2510\" data-end=\"2528\">\u0110\u1ed9 b\u1ec1n l\u00e2u d\u00e0i<\/li>\n<li data-start=\"2529\" data-end=\"2545\">Ch\u1ecbu l\u1ef1c t\u1ed1t<\/li>\n<li data-start=\"2546\" data-end=\"2564\">H\u1ea1n ch\u1ebf n\u1ee9t v\u1ee1<\/li>\n<\/ul>\n<hr data-start=\"2566\" data-end=\"2569\" \/>\n<h3 data-start=\"2571\" data-end=\"2616\">4.2 B\u1ec1 m\u1eb7t m\u1ecbn \u2013 t\u0103ng tr\u1ea3i nghi\u1ec7m s\u1eed d\u1ee5ng<\/h3>\n<ul data-start=\"2617\" data-end=\"2661\">\n<li data-start=\"2617\" data-end=\"2630\">Tr\u01a1n l\u00e1ng<\/li>\n<li data-start=\"2631\" data-end=\"2645\">\u00cdt b\u00e1m b\u1ea9n<\/li>\n<li data-start=\"2646\" data-end=\"2661\">D\u1ec5 lau ch\u00f9i<\/li>\n<\/ul>\n<p data-start=\"2663\" data-end=\"2709\">\ud83d\udc49 Gi\u00fap s\u1ea3n ph\u1ea9m lu\u00f4n gi\u1eef \u0111\u01b0\u1ee3c v\u1ebb \u0111\u1eb9p nh\u01b0 m\u1edbi.<\/p>\n<hr data-start=\"2711\" data-end=\"2714\" \/>\n<h1 data-start=\"2716\" data-end=\"2779\">5. C\u00f4ng ngh\u1ec7 kh\u00e1ng khu\u1ea9n \u2013 Xu h\u01b0\u1edbng thi\u1ebft b\u1ecb v\u1ec7 sinh hi\u1ec7n \u0111\u1ea1i<\/h1>\n<h3 data-start=\"2781\" data-end=\"2809\">5.1 Kh\u00e1ng khu\u1ea9n hi\u1ec7u qu\u1ea3<\/h3>\n<p data-start=\"2810\" data-end=\"2839\">Lavabo WP-F412 \u0111\u01b0\u1ee3c t\u00edch h\u1ee3p:<\/p>\n<ul data-start=\"2840\" data-end=\"2899\">\n<li data-start=\"2840\" data-end=\"2865\">C\u00f4ng ngh\u1ec7 kh\u00e1ng khu\u1ea9n<\/li>\n<li data-start=\"2866\" data-end=\"2899\">Gi\u1ea3m vi khu\u1ea9n b\u00e1m tr\u00ean b\u1ec1 m\u1eb7t<\/li>\n<\/ul>\n<p data-start=\"2901\" data-end=\"2928\">\ud83d\udc49 \u0110\u1eb7c bi\u1ec7t quan tr\u1ecdng v\u1edbi:<\/p>\n<ul data-start=\"2929\" data-end=\"2992\">\n<li data-start=\"2929\" data-end=\"2952\">Gia \u0111\u00ecnh c\u00f3 tr\u1ebb nh\u1ecf<\/li>\n<li data-start=\"2953\" data-end=\"2992\">Kh\u00e1ch s\u1ea1n, n\u01a1i s\u1eed d\u1ee5ng th\u01b0\u1eddng xuy\u00ean<\/li>\n<\/ul>\n<hr data-start=\"2994\" data-end=\"2997\" \/>\n<h3 data-start=\"2999\" data-end=\"3039\">5.2 D\u1ec5 v\u1ec7 sinh \u2013 ti\u1ebft ki\u1ec7m th\u1eddi gian<\/h3>\n<p data-start=\"3040\" data-end=\"3060\">Nh\u1edd l\u1edbp men cao c\u1ea5p:<\/p>\n<ul data-start=\"3061\" data-end=\"3121\">\n<li data-start=\"3061\" data-end=\"3088\">Ch\u1ec9 c\u1ea7n lau nh\u1eb9 l\u00e0 s\u1ea1ch<\/li>\n<li data-start=\"3089\" data-end=\"3121\">Kh\u00f4ng c\u1ea7n d\u00f9ng h\u00f3a ch\u1ea5t m\u1ea1nh<\/li>\n<\/ul>\n<p data-start=\"3123\" data-end=\"3136\">\ud83d\udc49 Ti\u1ebft ki\u1ec7m:<\/p>\n<ul data-start=\"3137\" data-end=\"3183\">\n<li data-start=\"3137\" data-end=\"3150\">Th\u1eddi gian<\/li>\n<li data-start=\"3151\" data-end=\"3163\">C\u00f4ng s\u1ee9c<\/li>\n<li data-start=\"3164\" data-end=\"3183\">Chi ph\u00ed v\u1ec7 sinh<\/li>\n<\/ul>\n<hr data-start=\"3185\" data-end=\"3188\" \/>\n<h1 data-start=\"3190\" data-end=\"3222\">6. Tr\u1ea3i nghi\u1ec7m s\u1eed d\u1ee5ng th\u1ef1c t\u1ebf<\/h1>\n<h3 data-start=\"3224\" data-end=\"3248\">6.1 H\u1ea1n ch\u1ebf b\u1eafn n\u01b0\u1edbc<\/h3>\n<p data-start=\"3249\" data-end=\"3268\">Thi\u1ebft k\u1ebf l\u00f2ng ch\u1eadu:<\/p>\n<ul data-start=\"3269\" data-end=\"3301\">\n<li data-start=\"3269\" data-end=\"3286\">\u0110\u1ed9 s\u00e2u h\u1ee3p l\u00fd<\/li>\n<li data-start=\"3287\" data-end=\"3301\">G\u00f3c bo m\u1ec1m<\/li>\n<\/ul>\n<p data-start=\"3303\" data-end=\"3311\">\ud83d\udc49 Gi\u00fap:<\/p>\n<ul data-start=\"3312\" data-end=\"3371\">\n<li data-start=\"3312\" data-end=\"3340\">N\u01b0\u1edbc kh\u00f4ng v\u0103ng ra ngo\u00e0i<\/li>\n<li data-start=\"3341\" data-end=\"3371\">Gi\u1eef khu v\u1ef1c b\u00e0n \u0111\u00e1 s\u1ea1ch s\u1ebd<\/li>\n<\/ul>\n<hr data-start=\"3373\" data-end=\"3376\" \/>\n<h3 data-start=\"3378\" data-end=\"3412\">6.2 T\u0103ng t\u00ednh th\u1ea9m m\u1ef9 t\u1ed5ng th\u1ec3<\/h3>\n<p data-start=\"3413\" data-end=\"3448\">Lavabo \u0111\u1eb7t b\u00e0n WP-F412 khi k\u1ebft h\u1ee3p:<\/p>\n<ul data-start=\"3449\" data-end=\"3497\">\n<li data-start=\"3449\" data-end=\"3473\">V\u00f2i cao (v\u00f2i c\u1ed5 cao)<\/li>\n<li data-start=\"3474\" data-end=\"3497\">B\u00e0n \u0111\u00e1 v\u00e2n t\u1ef1 nhi\u00ean<\/li>\n<\/ul>\n<p data-start=\"3499\" data-end=\"3510\">\ud83d\udc49 T\u1ea1o n\u00ean:<\/p>\n<ul data-start=\"3511\" data-end=\"3553\">\n<li data-start=\"3511\" data-end=\"3553\">Kh\u00f4ng gian ph\u00f2ng t\u1eafm \u201cchu\u1ea9n kh\u00e1ch s\u1ea1n\u201d<\/li>\n<\/ul>\n<hr data-start=\"3555\" data-end=\"3558\" \/>\n<h3 data-start=\"3560\" data-end=\"3586\">6.3 Linh ho\u1ea1t thi\u1ebft k\u1ebf<\/h3>\n<p data-start=\"3587\" data-end=\"3602\">C\u00f3 th\u1ec3 k\u1ebft h\u1ee3p:<\/p>\n<ul data-start=\"3603\" data-end=\"3636\">\n<li data-start=\"3603\" data-end=\"3618\">V\u00f2i g\u1eafn b\u00e0n<\/li>\n<li data-start=\"3619\" data-end=\"3636\">V\u00f2i g\u1eafn t\u01b0\u1eddng<\/li>\n<\/ul>\n<p data-start=\"3638\" data-end=\"3682\">\ud83d\udc49 Ph\u00f9 h\u1ee3p nhi\u1ec1u concept thi\u1ebft k\u1ebf kh\u00e1c nhau.<\/p>\n<hr data-start=\"3684\" data-end=\"3687\" \/>\n<h1 data-start=\"3689\" data-end=\"3742\">7. So s\u00e1nh lavabo \u0111\u1eb7t b\u00e0n WP-F412 v\u1edbi c\u00e1c lo\u1ea1i kh\u00e1c<\/h1>\n<div class=\"TyagGW_tableContainer\">\n<div class=\"group TyagGW_tableWrapper flex flex-col-reverse w-fit\" tabindex=\"-1\">\n<table class=\"w-fit min-w-(--thread-content-width)\" data-start=\"3744\" data-end=\"4026\">\n<thead data-start=\"3744\" data-end=\"3804\">\n<tr data-start=\"3744\" data-end=\"3804\">\n<th class=\"\" data-start=\"3744\" data-end=\"3755\" data-col-size=\"sm\">Ti\u00eau ch\u00ed<\/th>\n<th class=\"\" data-start=\"3755\" data-end=\"3773\" data-col-size=\"sm\">WP-F412 \u0111\u1eb7t b\u00e0n<\/th>\n<th class=\"\" data-start=\"3773\" data-end=\"3789\" data-col-size=\"sm\">Lavabo \u00e2m b\u00e0n<\/th>\n<th class=\"\" data-start=\"3789\" data-end=\"3804\" data-col-size=\"sm\">Lavabo treo<\/th>\n<\/tr>\n<\/thead>\n<tbody data-start=\"3866\" data-end=\"4026\">\n<tr data-start=\"3866\" data-end=\"3906\">\n<td data-start=\"3866\" data-end=\"3876\" data-col-size=\"sm\">Th\u1ea9m m\u1ef9<\/td>\n<td data-start=\"3876\" data-end=\"3886\" data-col-size=\"sm\">R\u1ea5t cao<\/td>\n<td data-start=\"3886\" data-end=\"3892\" data-col-size=\"sm\">Cao<\/td>\n<td data-start=\"3892\" data-end=\"3906\" data-col-size=\"sm\">Trung b\u00ecnh<\/td>\n<\/tr>\n<tr data-start=\"3907\" data-end=\"3947\">\n<td data-start=\"3907\" data-end=\"3919\" data-col-size=\"sm\">\u0110i\u1ec3m nh\u1ea5n<\/td>\n<td data-start=\"3919\" data-end=\"3926\" data-col-size=\"sm\">M\u1ea1nh<\/td>\n<td data-start=\"3926\" data-end=\"3939\" data-col-size=\"sm\">Trung b\u00ecnh<\/td>\n<td data-start=\"3939\" data-end=\"3947\" data-col-size=\"sm\">Th\u1ea5p<\/td>\n<\/tr>\n<tr data-start=\"3948\" data-end=\"3982\">\n<td data-start=\"3948\" data-end=\"3958\" data-col-size=\"sm\">V\u1ec7 sinh<\/td>\n<td data-start=\"3958\" data-end=\"3971\" data-col-size=\"sm\">Trung b\u00ecnh<\/td>\n<td data-start=\"3971\" data-end=\"3976\" data-col-size=\"sm\">D\u1ec5<\/td>\n<td data-start=\"3976\" data-end=\"3982\" data-col-size=\"sm\">D\u1ec5<\/td>\n<\/tr>\n<tr data-start=\"3983\" data-end=\"4026\">\n<td data-start=\"3983\" data-end=\"3994\" data-col-size=\"sm\">\u1ee8ng d\u1ee5ng<\/td>\n<td data-start=\"3994\" data-end=\"4004\" data-col-size=\"sm\">Cao c\u1ea5p<\/td>\n<td data-start=\"4004\" data-end=\"4016\" data-col-size=\"sm\">Ph\u1ed5 th\u00f4ng<\/td>\n<td data-start=\"4016\" data-end=\"4026\" data-col-size=\"sm\">C\u01a1 b\u1ea3n<\/td>\n<\/tr>\n<\/tbody>\n<\/table>\n<\/div>\n<\/div>\n<p data-start=\"4028\" data-end=\"4096\">\ud83d\udc49 WP-F412 ph\u00f9 h\u1ee3p v\u1edbi:<br \/>\n<strong data-start=\"4052\" data-end=\"4096\">kh\u00e1ch h\u00e0ng \u01b0u ti\u00ean th\u1ea9m m\u1ef9 &amp; tr\u1ea3i nghi\u1ec7m<\/strong><\/p>\n<hr data-start=\"4098\" data-end=\"4101\" \/>\n<h1 data-start=\"4103\" data-end=\"4141\">8. \u1ee8ng d\u1ee5ng th\u1ef1c t\u1ebf trong c\u00f4ng tr\u00ecnh<\/h1>\n<h3 data-start=\"4143\" data-end=\"4159\">8.1 Bi\u1ec7t th\u1ef1<\/h3>\n<ul data-start=\"4160\" data-end=\"4212\">\n<li data-start=\"4160\" data-end=\"4188\">T\u1ea1o \u0111i\u1ec3m nh\u1ea5n sang tr\u1ecdng<\/li>\n<li data-start=\"4189\" data-end=\"4212\">Th\u1ec3 hi\u1ec7n gu th\u1ea9m m\u1ef9<\/li>\n<\/ul>\n<hr data-start=\"4214\" data-end=\"4217\" \/>\n<h3 data-start=\"4219\" data-end=\"4243\">8.2 Chung c\u01b0 cao c\u1ea5p<\/h3>\n<ul data-start=\"4244\" data-end=\"4301\">\n<li data-start=\"4244\" data-end=\"4277\">N\u00e2ng c\u1ea5p kh\u00f4ng gian ph\u00f2ng t\u1eafm<\/li>\n<li data-start=\"4278\" data-end=\"4301\">T\u0103ng gi\u00e1 tr\u1ecb c\u0103n h\u1ed9<\/li>\n<\/ul>\n<hr data-start=\"4303\" data-end=\"4306\" \/>\n<h3 data-start=\"4308\" data-end=\"4334\">8.3 Kh\u00e1ch s\u1ea1n \u2013 resort<\/h3>\n<ul data-start=\"4335\" data-end=\"4392\">\n<li data-start=\"4335\" data-end=\"4372\">T\u1ea1o tr\u1ea3i nghi\u1ec7m cao c\u1ea5p cho kh\u00e1ch<\/li>\n<li data-start=\"4373\" data-end=\"4392\">D\u1ec5 g\u00e2y \u1ea5n t\u01b0\u1ee3ng<\/li>\n<\/ul>\n<hr data-start=\"4394\" data-end=\"4397\" \/>\n<h3 data-start=\"4399\" data-end=\"4421\">8.4 Homestay decor<\/h3>\n<ul data-start=\"4422\" data-end=\"4473\">\n<li data-start=\"4422\" data-end=\"4446\">T\u0103ng t\u00ednh \u201ccheck-in\u201d<\/li>\n<li data-start=\"4447\" data-end=\"4473\">Thu h\u00fat kh\u00e1ch h\u00e0ng tr\u1ebb<\/li>\n<\/ul>\n<hr data-start=\"4475\" data-end=\"4478\" \/>\n<h1 data-start=\"4480\" data-end=\"4531\">9. G\u00f3c nh\u00ecn th\u1ecb tr\u01b0\u1eddng \u2013 Xu h\u01b0\u1edbng lavabo hi\u1ec7n nay<\/h1>\n<p data-start=\"4533\" data-end=\"4582\">Kh\u00e1ch h\u00e0ng hi\u1ec7n \u0111\u1ea1i kh\u00f4ng c\u00f2n ch\u1ecdn lavabo ch\u1ec9 v\u00ec:<\/p>\n<ul data-start=\"4583\" data-end=\"4593\">\n<li data-start=\"4583\" data-end=\"4593\">Gi\u00e1 r\u1ebb<\/li>\n<\/ul>\n<p data-start=\"4595\" data-end=\"4610\">M\u00e0 chuy\u1ec3n sang:<\/p>\n<ul data-start=\"4611\" data-end=\"4670\">\n<li data-start=\"4611\" data-end=\"4627\">Thi\u1ebft k\u1ebf \u0111\u1eb9p<\/li>\n<li data-start=\"4628\" data-end=\"4647\">Tr\u1ea3i nghi\u1ec7m t\u1ed1t<\/li>\n<li data-start=\"4648\" data-end=\"4670\">Th\u01b0\u01a1ng hi\u1ec7u uy t\u00edn<\/li>\n<\/ul>\n<p data-start=\"4672\" data-end=\"4692\">\ud83d\udc49 Xu h\u01b0\u1edbng n\u1ed5i b\u1eadt:<\/p>\n<ul data-start=\"4693\" data-end=\"4774\">\n<li data-start=\"4693\" data-end=\"4728\">Lavabo \u0111\u1eb7t b\u00e0n m\u1ecfng (Supasleek)<\/li>\n<li data-start=\"4729\" data-end=\"4750\">M\u00e0u tr\u1eafng tinh t\u1ebf<\/li>\n<li data-start=\"4751\" data-end=\"4774\">Phong c\u00e1ch t\u1ed1i gi\u1ea3n<\/li>\n<\/ul>\n<p data-start=\"4776\" data-end=\"4875\">WP-F412 l\u00e0 s\u1ea3n ph\u1ea9m n\u1eb1m \u0111\u00fang xu h\u01b0\u1edbng:<br \/>\n\u2714 Thi\u1ebft k\u1ebf m\u1ecfng<br data-start=\"4830\" data-end=\"4833\" \/>\u2714 C\u00f4ng ngh\u1ec7 hi\u1ec7n \u0111\u1ea1i<br data-start=\"4853\" data-end=\"4856\" \/>\u2714 Th\u01b0\u01a1ng hi\u1ec7u l\u1edbn<\/p>\n<hr data-start=\"4877\" data-end=\"4880\" \/>\n<h1 data-start=\"4882\" data-end=\"4926\">10. K\u1ebft lu\u1eadn \u2013 C\u00f3 n\u00ean ch\u1ecdn lavabo WP-F412 ?<\/h1>\n<p data-start=\"4928\" data-end=\"4960\">N\u1ebfu anh \u0111ang t\u00ecm m\u1ed9t m\u1eabu lavabo:<\/p>\n<ul data-start=\"4961\" data-end=\"5073\">\n<li data-start=\"4961\" data-end=\"4990\">\u0110\u1eb9p, hi\u1ec7n \u0111\u1ea1i, sang tr\u1ecdng<\/li>\n<li data-start=\"4991\" data-end=\"5022\">L\u00e0m \u0111i\u1ec3m nh\u1ea5n cho ph\u00f2ng t\u1eafm<\/li>\n<li data-start=\"5023\" data-end=\"5042\">B\u1ec1n, d\u1ec5 v\u1ec7 sinh<\/li>\n<li data-start=\"5043\" data-end=\"5073\">Ph\u00f9 h\u1ee3p c\u00f4ng tr\u00ecnh cao c\u1ea5p<\/li>\n<\/ul>\n<p data-start=\"5075\" data-end=\"5151\">\ud83d\udc49 <strong data-start=\"5078\" data-end=\"5151\">Lavabo \u0111\u1eb7t b\u00e0n American Standard WP-F412 l\u00e0 l\u1ef1a ch\u1ecdn r\u1ea5t \u0111\u00e1ng \u0111\u1ea7u t\u01b0.<br \/>\n<\/strong><\/p>\n<p data-start=\"4866\" data-end=\"4979\"><strong data-start=\"4866\" data-end=\"4917\">Ehrlich Vi\u1ec7t Nam \u2013 Thi\u1ebft B\u1ecb Nh\u00e0 B\u1ebfp &amp; Ph\u00f2ng T\u1eafm<\/strong><br data-start=\"4917\" data-end=\"4920\" \/>\ud83d\udccd \u0110\u1ecba ch\u1ec9: S\u1ed1 6 Li\u1ec1n K\u1ec1 22, K\u0110T V\u0103n Kh\u00ea, H\u00e0 \u0110\u00f4ng, H\u00e0 N\u1ed9i<\/p>\n<p data-start=\"4981\" data-end=\"5105\">\ud83c\udf10 Website: <a class=\"decorated-link\" href=\"https:\/\/ehrlichvietnam.vn\/\" target=\"_new\" rel=\"noopener\" data-start=\"4993\" data-end=\"5019\">https:\/\/ehrlichvietnam.vn\/<\/a><br data-start=\"5019\" data-end=\"5022\" \/>\ud83d\udcde Hotline: <strong data-start=\"5034\" data-end=\"5051\">0932 27 05 20<\/strong><br data-start=\"5051\" data-end=\"5054\" \/>\ud83d\udcac Zalo OA: <a class=\"decorated-link\" href=\"https:\/\/zalo.me\/s\/2888141157129558325\" target=\"_new\" rel=\"noopener\" data-start=\"5066\" data-end=\"5103\">https:\/\/zalo.me\/s\/2888141157129558325<\/a><\/p>\n<p data-start=\"5107\" data-end=\"5218\">\ud83c\udfa5 TikTok: <a class=\"decorated-link\" href=\"https:\/\/www.tiktok.com\/@ehrlich.chia.s?_r=1\" target=\"_new\" rel=\"noopener\" data-start=\"5118\" data-end=\"5162\">https:\/\/www.tiktok.com\/@ehrlichthietbivesinh<\/a><br data-start=\"5162\" data-end=\"5165\" \/>\u25b6\ufe0f YouTube: <a class=\"decorated-link\" href=\"https:\/\/www.youtube.com\/@EhrlichVietNam\" target=\"_new\" rel=\"noopener\" data-start=\"5177\" data-end=\"5216\">https:\/\/www.youtube.com\/@EhrlichVietNam<\/a><\/p>\n<p data-start=\"5220\" data-end=\"5265\">\ud83d\ude9a Giao h\u00e0ng to\u00e0n qu\u1ed1c \u2013 t\u01b0 v\u1ea5n nhanh ch\u00f3ng<\/p>\n<p data-start=\"5267\" data-end=\"5313\">\ud83d\udc49 <strong data-start=\"5270\" data-end=\"5313\">Inbox ngay \u0111\u1ec3 nh\u1eadn \u01b0u \u0111\u00e3i th\u00eam h\u00f4m nay!<\/strong><\/p>\n<p>&nbsp;<\/p>\n<p data-start=\"5075\" data-end=\"5151\"><strong data-start=\"5078\" data-end=\"5151\">\u00a0<\/strong><\/p>\n","protected":false},"excerpt":{"rendered":"<p>Lavabo \u0111\u1eb7t b\u00e0n American Standard WP-F412 Acacia E Supasleek \u2013 Tinh g\u1ecdn chu\u1ea9n m\u1ef1c, n\u00e2ng t\u1ea7m kh\u00f4ng gian ph\u00f2ng t\u1eafm hi\u1ec7n \u0111\u1ea1i Trong nh\u1eefng n\u0103m g\u1ea7n \u0111\u00e2y, lavabo \u0111\u1eb7t b\u00e0n tr\u1edf th\u00e0nh xu h\u01b0\u1edbng thi\u1ebft k\u1ebf n\u1ed5i b\u1eadt trong c\u00e1c kh\u00f4ng gian ph\u00f2ng t\u1eafm cao c\u1ea5p. Kh\u00f4ng ch\u1ec9 \u0111\u01a1n thu\u1ea7n l\u00e0 thi\u1ebft b\u1ecb v\u1ec7 sinh, [&hellip;]<\/p>\n","protected":false},"featured_media":4840,"comment_status":"open","ping_status":"closed","template":"","meta":{"_acf_changed":false},"product_brand":[143],"product_cat":[23,15,151,137],"product_tag":[],"class_list":{"0":"post-4847","1":"product","2":"type-product","3":"status-publish","4":"has-post-thumbnail","6":"product_brand-american-standard","7":"product_cat-thiet-bi-phong-ve-sinh","8":"product_cat-san-pham","9":"product_cat-chau-lavabo-american-standard","10":"product_cat-thuong-hieu-american-standard","12":"first","13":"instock","14":"sale","15":"shipping-taxable","16":"purchasable","17":"product-type-simple"},"acf":[],"_links":{"self":[{"href":"https:\/\/ehrlichvietnam.vn\/en\/wp-json\/wp\/v2\/product\/4847","targetHints":{"allow":["GET"]}}],"collection":[{"href":"https:\/\/ehrlichvietnam.vn\/en\/wp-json\/wp\/v2\/product"}],"about":[{"href":"https:\/\/ehrlichvietnam.vn\/en\/wp-json\/wp\/v2\/types\/product"}],"replies":[{"embeddable":true,"href":"https:\/\/ehrlichvietnam.vn\/en\/wp-json\/wp\/v2\/comments?post=4847"}],"wp:featuredmedia":[{"embeddable":true,"href":"https:\/\/ehrlichvietnam.vn\/en\/wp-json\/wp\/v2\/media\/4840"}],"wp:attachment":[{"href":"https:\/\/ehrlichvietnam.vn\/en\/wp-json\/wp\/v2\/media?parent=4847"}],"wp:term":[{"taxonomy":"product_brand","embeddable":true,"href":"https:\/\/ehrlichvietnam.vn\/en\/wp-json\/wp\/v2\/product_brand?post=4847"},{"taxonomy":"product_cat","embeddable":true,"href":"https:\/\/ehrlichvietnam.vn\/en\/wp-json\/wp\/v2\/product_cat?post=4847"},{"taxonomy":"product_tag","embeddable":true,"href":"https:\/\/ehrlichvietnam.vn\/en\/wp-json\/wp\/v2\/product_tag?post=4847"}],"curies":[{"name":"wp","href":"https:\/\/api.w.org\/{rel}","templated":true}]}}