{"id":4839,"date":"2026-04-16T04:35:11","date_gmt":"2026-04-16T04:35:11","guid":{"rendered":"https:\/\/ehrlichvietnam.vn\/?post_type=product&#038;p=4839"},"modified":"2026-04-16T04:46:20","modified_gmt":"2026-04-16T04:46:20","slug":"chau-rua-dat-ban-american-standard-wp-f412-acacia-e-supasleek","status":"publish","type":"product","link":"https:\/\/ehrlichvietnam.vn\/chau-rua-dat-ban-american-standard-wp-0628-signature\/","title":{"rendered":"Ch\u1eadu R\u1eeda \u0110\u1eb7t B\u00e0n American Standard WP-0628 Signature"},"content":{"rendered":"<h2 data-start=\"0\" data-end=\"115\">Lavabo \u0111\u1eb7t b\u00e0n American Standard WP-0628 Signature \u2013 Tinh t\u1ebf trong t\u1eebng \u0111\u01b0\u1eddng n\u00e9t, n\u00e2ng t\u1ea7m kh\u00f4ng gian ph\u00f2ng t\u1eafm<\/h2>\n<p data-start=\"117\" data-end=\"557\">Trong thi\u1ebft k\u1ebf n\u1ed9i th\u1ea5t hi\u1ec7n \u0111\u1ea1i, <strong data-start=\"151\" data-end=\"169\">lavabo \u0111\u1eb7t b\u00e0n<\/strong> kh\u00f4ng ch\u1ec9 l\u00e0 thi\u1ebft b\u1ecb v\u1ec7 sinh m\u00e0 c\u00f2n l\u00e0 m\u1ed9t \u201ctuy\u00ean ng\u00f4n th\u1ea9m m\u1ef9\u201d cho to\u00e0n b\u1ed9 kh\u00f4ng gian. N\u1ed5i b\u1eadt trong ph\u00e2n kh\u00fac trung \u2013 cao c\u1ea5p l\u00e0 m\u1eabu <strong data-start=\"306\" data-end=\"350\">lavabo \u0111\u1eb7t b\u00e0n American Standard WP-0628<\/strong> thu\u1ed9c d\u00f2ng Signature c\u1ee7a th\u01b0\u01a1ng hi\u1ec7u <span class=\"hover:entity-accent entity-underline inline cursor-pointer align-baseline\"><span class=\"whitespace-normal\">American Standard<\/span><\/span> \u2013 s\u1ea3n ph\u1ea9m h\u1ed9i t\u1ee5 \u0111\u1ea7y \u0111\u1ee7 c\u00e1c y\u1ebfu t\u1ed1: <strong data-start=\"463\" data-end=\"556\">thi\u1ebft k\u1ebf tinh gi\u1ea3n, c\u00f4ng ngh\u1ec7 hi\u1ec7n \u0111\u1ea1i, ch\u1ea5t li\u1ec7u b\u1ec1n b\u1ec9 v\u00e0 tr\u1ea3i nghi\u1ec7m s\u1eed d\u1ee5ng v\u01b0\u1ee3t tr\u1ed9i<\/strong>.<\/p>\n<p data-start=\"559\" data-end=\"689\">N\u1ebfu anh \u0111ang t\u00ecm m\u1ed9t m\u1eabu ch\u1eadu v\u1eeba \u0111\u1eb9p \u0111\u1ec3 l\u00e0m \u0111i\u1ec3m nh\u1ea5n, v\u1eeba b\u1ec1n \u0111\u1ec3 s\u1eed d\u1ee5ng l\u00e2u d\u00e0i, th\u00ec WP-0628 l\u00e0 m\u1ed9t l\u1ef1a ch\u1ecdn r\u1ea5t \u0111\u00e1ng c\u00e2n nh\u1eafc.<\/p>\n<hr data-start=\"691\" data-end=\"694\" \/>\n<h1 data-start=\"696\" data-end=\"742\">1. T\u1ed5ng quan s\u1ea3n ph\u1ea9m lavabo \u0111\u1eb7t b\u00e0n WP-0628<\/h1>\n<p data-start=\"744\" data-end=\"1009\"><strong data-start=\"744\" data-end=\"761\">T\u00ean s\u1ea3n ph\u1ea9m:<\/strong> Lavabo \u0111\u1eb7t b\u00e0n American Standard WP-0628<br data-start=\"802\" data-end=\"805\" \/><strong data-start=\"805\" data-end=\"821\">Th\u01b0\u01a1ng hi\u1ec7u:<\/strong> <span class=\"hover:entity-accent entity-underline inline cursor-pointer align-baseline\"><span class=\"whitespace-normal\">American Standard<\/span><\/span><br data-start=\"859\" data-end=\"862\" \/><strong data-start=\"862\" data-end=\"880\">D\u00f2ng s\u1ea3n ph\u1ea9m:<\/strong> Signature<br data-start=\"890\" data-end=\"893\" \/><strong data-start=\"893\" data-end=\"907\">Ki\u1ec3u d\u00e1ng:<\/strong> Lavabo \u0111\u1eb7t b\u00e0n<br data-start=\"922\" data-end=\"925\" \/><strong data-start=\"925\" data-end=\"939\">Ch\u1ea5t li\u1ec7u:<\/strong> S\u1ee9 cao c\u1ea5p<br data-start=\"950\" data-end=\"953\" \/><strong data-start=\"953\" data-end=\"968\">K\u00edch th\u01b0\u1edbc:<\/strong> 551 x 399 x 144 mm<br data-start=\"987\" data-end=\"990\" \/><strong data-start=\"990\" data-end=\"1004\">C\u00f4ng ngh\u1ec7:<\/strong> M\u1ef9<\/p>\n<p data-start=\"1011\" data-end=\"1026\">\ud83d\udc49 Ph\u00f9 h\u1ee3p v\u1edbi:<\/p>\n<ul data-start=\"1027\" data-end=\"1103\">\n<li data-start=\"1027\" data-end=\"1047\">Nh\u00e0 ph\u1ed1 hi\u1ec7n \u0111\u1ea1i<\/li>\n<li data-start=\"1048\" data-end=\"1068\">Chung c\u01b0 cao c\u1ea5p<\/li>\n<li data-start=\"1069\" data-end=\"1081\">Bi\u1ec7t th\u1ef1<\/li>\n<li data-start=\"1082\" data-end=\"1103\">Kh\u00e1ch s\u1ea1n, resort<\/li>\n<\/ul>\n<p><img decoding=\"async\" src=\"https:\/\/www.tdm.vn\/image\/catalog\/product-4999\/ban-ve-lavabo-american-WP-0628.jpg\" \/><\/p>\n<hr data-start=\"1105\" data-end=\"1108\" \/>\n<h1 data-start=\"1110\" data-end=\"1167\">2. Lavabo \u0111\u1eb7t b\u00e0n \u2013 Xu h\u01b0\u1edbng thi\u1ebft k\u1ebf ph\u00f2ng t\u1eafm cao c\u1ea5p<\/h1>\n<h3 data-start=\"1169\" data-end=\"1198\">2.1 Lavabo \u0111\u1eb7t b\u00e0n l\u00e0 g\u00ec?<\/h3>\n<p data-start=\"1199\" data-end=\"1227\">Lavabo \u0111\u1eb7t b\u00e0n l\u00e0 lo\u1ea1i ch\u1eadu:<\/p>\n<ul data-start=\"1228\" data-end=\"1301\">\n<li data-start=\"1228\" data-end=\"1265\">\u0110\u1eb7t n\u1ed5i ho\u00e0n to\u00e0n tr\u00ean m\u1eb7t b\u00e0n \u0111\u00e1<\/li>\n<li data-start=\"1266\" data-end=\"1301\">T\u1ea1o \u0111i\u1ec3m nh\u1ea5n tr\u1ef1c quan m\u1ea1nh m\u1ebd<\/li>\n<\/ul>\n<p data-start=\"1303\" data-end=\"1315\">\ud83d\udc49 Kh\u00e1c v\u1edbi:<\/p>\n<ul data-start=\"1316\" data-end=\"1395\">\n<li data-start=\"1316\" data-end=\"1349\">Lavabo \u00e2m b\u00e0n (ch\u00ecm d\u01b0\u1edbi b\u00e0n)<\/li>\n<li data-start=\"1350\" data-end=\"1395\">Lavabo treo t\u01b0\u1eddng (g\u1eafn tr\u1ef1c ti\u1ebfp l\u00ean t\u01b0\u1eddng)<\/li>\n<\/ul>\n<hr data-start=\"1397\" data-end=\"1400\" \/>\n<h3 data-start=\"1402\" data-end=\"1449\">2.2 V\u00ec sao xu h\u01b0\u1edbng n\u00e0y ng\u00e0y c\u00e0ng ph\u1ed5 bi\u1ebfn?<\/h3>\n<p data-start=\"1451\" data-end=\"1572\">\u2714 T\u0103ng t\u00ednh th\u1ea9m m\u1ef9<br data-start=\"1470\" data-end=\"1473\" \/>\u2714 D\u1ec5 t\u1ea1o phong c\u00e1ch ri\u00eang<br data-start=\"1498\" data-end=\"1501\" \/>\u2714 Ph\u00f9 h\u1ee3p kh\u00f4ng gian cao c\u1ea5p<br data-start=\"1529\" data-end=\"1532\" \/>\u2714 K\u1ebft h\u1ee3p linh ho\u1ea1t v\u1edbi nhi\u1ec1u lo\u1ea1i v\u00f2i<\/p>\n<p data-start=\"1574\" data-end=\"1607\">\ud83d\udc49 \u0110\u1eb7c bi\u1ec7t \u0111\u01b0\u1ee3c \u01b0a chu\u1ed9ng trong:<\/p>\n<ul data-start=\"1608\" data-end=\"1653\">\n<li data-start=\"1608\" data-end=\"1620\">Bi\u1ec7t th\u1ef1<\/li>\n<li data-start=\"1621\" data-end=\"1634\">Kh\u00e1ch s\u1ea1n<\/li>\n<li data-start=\"1635\" data-end=\"1653\">Homestay decor<\/li>\n<\/ul>\n<hr data-start=\"1655\" data-end=\"1658\" \/>\n<h1 data-start=\"1660\" data-end=\"1715\">3. Thi\u1ebft k\u1ebf Signature \u2013 \u0110\u1ecbnh h\u00ecnh \u0111\u1eb3ng c\u1ea5p kh\u00f4ng gian<\/h1>\n<h3 data-start=\"1717\" data-end=\"1752\">3.1 Ng\u00f4n ng\u1eef thi\u1ebft k\u1ebf tinh gi\u1ea3n<\/h3>\n<p data-start=\"1753\" data-end=\"1778\">D\u00f2ng Signature h\u01b0\u1edbng \u0111\u1ebfn:<\/p>\n<ul data-start=\"1779\" data-end=\"1847\">\n<li data-start=\"1779\" data-end=\"1801\">\u0110\u01b0\u1eddng n\u00e9t g\u1ecdn g\u00e0ng<\/li>\n<li data-start=\"1802\" data-end=\"1823\">H\u00ecnh kh\u1ed1i r\u00f5 r\u00e0ng<\/li>\n<li data-start=\"1824\" data-end=\"1847\">\u00cdt chi ti\u1ebft d\u01b0 th\u1eeba<\/li>\n<\/ul>\n<p data-start=\"1849\" data-end=\"1865\">\ud83d\udc49 T\u1ea1o c\u1ea3m gi\u00e1c:<\/p>\n<ul data-start=\"1866\" data-end=\"1927\">\n<li data-start=\"1866\" data-end=\"1880\">Sang tr\u1ecdng<\/li>\n<li data-start=\"1881\" data-end=\"1893\">Hi\u1ec7n \u0111\u1ea1i<\/li>\n<li data-start=\"1894\" data-end=\"1927\">Kh\u00f4ng l\u1ed7i th\u1eddi theo th\u1eddi gian<\/li>\n<\/ul>\n<hr data-start=\"1929\" data-end=\"1932\" \/>\n<h3 data-start=\"1934\" data-end=\"1964\">3.2 T\u1ef7 l\u1ec7 thi\u1ebft k\u1ebf c\u00e2n \u0111\u1ed1i<\/h3>\n<p data-start=\"1965\" data-end=\"2004\">K\u00edch th\u01b0\u1edbc 551 x 399 x 144 mm mang l\u1ea1i:<\/p>\n<ul data-start=\"2005\" data-end=\"2047\">\n<li data-start=\"2005\" data-end=\"2027\">Form ch\u1eadu g\u1ecdn g\u00e0ng<\/li>\n<li data-start=\"2028\" data-end=\"2047\">\u0110\u1ed9 cao v\u1eeba ph\u1ea3i<\/li>\n<\/ul>\n<p data-start=\"2049\" data-end=\"2057\">\ud83d\udc49 Gi\u00fap:<\/p>\n<ul data-start=\"2058\" data-end=\"2119\">\n<li data-start=\"2058\" data-end=\"2089\">Kh\u00f4ng g\u00e2y v\u01b0\u1edbng khi s\u1eed d\u1ee5ng<\/li>\n<li data-start=\"2090\" data-end=\"2119\">Ph\u00f9 h\u1ee3p nhi\u1ec1u lo\u1ea1i b\u00e0n \u0111\u00e1<\/li>\n<\/ul>\n<hr data-start=\"2121\" data-end=\"2124\" \/>\n<h1 data-start=\"2126\" data-end=\"2170\">4. Ch\u1ea5t li\u1ec7u s\u1ee9 cao c\u1ea5p \u2013 \u0110\u1ed9 b\u1ec1n v\u01b0\u1ee3t tr\u1ed9i<\/h1>\n<h3 data-start=\"2172\" data-end=\"2205\">4.1 S\u1ee9 v\u1ec7 sinh ch\u1ea5t l\u01b0\u1ee3ng cao<\/h3>\n<p data-start=\"2206\" data-end=\"2238\">Lavabo WP-0628 \u0111\u01b0\u1ee3c s\u1ea3n xu\u1ea5t t\u1eeb:<\/p>\n<ul data-start=\"2239\" data-end=\"2284\">\n<li data-start=\"2239\" data-end=\"2263\">S\u1ee9 nung nhi\u1ec7t \u0111\u1ed9 cao<\/li>\n<li data-start=\"2264\" data-end=\"2284\">K\u1ebft c\u1ea5u \u0111\u1eb7c ch\u1eafc<\/li>\n<\/ul>\n<p data-start=\"2286\" data-end=\"2298\">\ud83d\udc49 Mang l\u1ea1i:<\/p>\n<ul data-start=\"2299\" data-end=\"2362\">\n<li data-start=\"2299\" data-end=\"2317\">\u0110\u1ed9 b\u1ec1n l\u00e2u d\u00e0i<\/li>\n<li data-start=\"2318\" data-end=\"2343\">Kh\u1ea3 n\u0103ng ch\u1ecbu l\u1ef1c t\u1ed1t<\/li>\n<li data-start=\"2344\" data-end=\"2362\">H\u1ea1n ch\u1ebf n\u1ee9t v\u1ee1<\/li>\n<\/ul>\n<hr data-start=\"2364\" data-end=\"2367\" \/>\n<h3 data-start=\"2369\" data-end=\"2406\">4.2 B\u1ec1 m\u1eb7t m\u1ecbn \u2013 t\u0103ng tr\u1ea3i nghi\u1ec7m<\/h3>\n<ul data-start=\"2407\" data-end=\"2451\">\n<li data-start=\"2407\" data-end=\"2420\">Tr\u01a1n l\u00e1ng<\/li>\n<li data-start=\"2421\" data-end=\"2435\">\u00cdt b\u00e1m b\u1ea9n<\/li>\n<li data-start=\"2436\" data-end=\"2451\">D\u1ec5 lau ch\u00f9i<\/li>\n<\/ul>\n<p data-start=\"2453\" data-end=\"2499\">\ud83d\udc49 Gi\u1eef cho s\u1ea3n ph\u1ea9m lu\u00f4n s\u1ea1ch s\u1ebd v\u00e0 s\u00e1ng b\u00f3ng.<\/p>\n<hr data-start=\"2501\" data-end=\"2504\" \/>\n<h1 data-start=\"2506\" data-end=\"2571\">5. C\u00f4ng ngh\u1ec7 kh\u00e1ng khu\u1ea9n \u2013 Ti\u00eau chu\u1ea9n thi\u1ebft b\u1ecb v\u1ec7 sinh hi\u1ec7n \u0111\u1ea1i<\/h1>\n<h3 data-start=\"2573\" data-end=\"2601\">5.1 Kh\u00e1ng khu\u1ea9n hi\u1ec7u qu\u1ea3<\/h3>\n<p data-start=\"2602\" data-end=\"2631\">Lavabo WP-0628 \u0111\u01b0\u1ee3c t\u00edch h\u1ee3p:<\/p>\n<ul data-start=\"2632\" data-end=\"2691\">\n<li data-start=\"2632\" data-end=\"2657\">C\u00f4ng ngh\u1ec7 kh\u00e1ng khu\u1ea9n<\/li>\n<li data-start=\"2658\" data-end=\"2691\">Gi\u1ea3m vi khu\u1ea9n b\u00e1m tr\u00ean b\u1ec1 m\u1eb7t<\/li>\n<\/ul>\n<p data-start=\"2693\" data-end=\"2713\">\ud83d\udc49 \u0110\u1eb7c bi\u1ec7t ph\u00f9 h\u1ee3p:<\/p>\n<ul data-start=\"2714\" data-end=\"2766\">\n<li data-start=\"2714\" data-end=\"2737\">Gia \u0111\u00ecnh c\u00f3 tr\u1ebb nh\u1ecf<\/li>\n<li data-start=\"2738\" data-end=\"2766\">Kh\u00f4ng gian s\u1eed d\u1ee5ng nhi\u1ec1u<\/li>\n<\/ul>\n<hr data-start=\"2768\" data-end=\"2771\" \/>\n<h3 data-start=\"2773\" data-end=\"2807\">5.2 Ch\u1ed1ng b\u00e1m b\u1ea9n \u2013 d\u1ec5 v\u1ec7 sinh<\/h3>\n<p data-start=\"2808\" data-end=\"2828\">Nh\u1edd l\u1edbp men cao c\u1ea5p:<\/p>\n<ul data-start=\"2829\" data-end=\"2886\">\n<li data-start=\"2829\" data-end=\"2853\">H\u1ea1n ch\u1ebf b\u00e1m c\u1eb7n n\u01b0\u1edbc<\/li>\n<li data-start=\"2854\" data-end=\"2886\">Kh\u00f4ng c\u1ea7n d\u00f9ng ch\u1ea5t t\u1ea9y m\u1ea1nh<\/li>\n<\/ul>\n<p data-start=\"2888\" data-end=\"2927\">\ud83d\udc49 Ti\u1ebft ki\u1ec7m th\u1eddi gian v\u1ec7 sinh \u0111\u00e1ng k\u1ec3.<\/p>\n<hr data-start=\"2929\" data-end=\"2932\" \/>\n<h1 data-start=\"2934\" data-end=\"2966\">6. Tr\u1ea3i nghi\u1ec7m s\u1eed d\u1ee5ng th\u1ef1c t\u1ebf<\/h1>\n<h3 data-start=\"2968\" data-end=\"2992\">6.1 H\u1ea1n ch\u1ebf b\u1eafn n\u01b0\u1edbc<\/h3>\n<p data-start=\"2993\" data-end=\"3012\">Thi\u1ebft k\u1ebf l\u00f2ng ch\u1eadu:<\/p>\n<ul data-start=\"3013\" data-end=\"3045\">\n<li data-start=\"3013\" data-end=\"3030\">\u0110\u1ed9 s\u00e2u h\u1ee3p l\u00fd<\/li>\n<li data-start=\"3031\" data-end=\"3045\">G\u00f3c bo m\u1ec1m<\/li>\n<\/ul>\n<p data-start=\"3047\" data-end=\"3055\">\ud83d\udc49 Gi\u00fap:<\/p>\n<ul data-start=\"3056\" data-end=\"3103\">\n<li data-start=\"3056\" data-end=\"3074\">Gi\u1ea3m v\u0103ng n\u01b0\u1edbc<\/li>\n<li data-start=\"3075\" data-end=\"3103\">Gi\u1eef m\u1eb7t b\u00e0n lu\u00f4n kh\u00f4 r\u00e1o<\/li>\n<\/ul>\n<hr data-start=\"3105\" data-end=\"3108\" \/>\n<h3 data-start=\"3110\" data-end=\"3146\">6.2 T\u0103ng t\u00ednh th\u1ea9m m\u1ef9 kh\u00f4ng gian<\/h3>\n<p data-start=\"3147\" data-end=\"3163\">Khi k\u1ebft h\u1ee3p v\u1edbi:<\/p>\n<ul data-start=\"3164\" data-end=\"3206\">\n<li data-start=\"3164\" data-end=\"3182\">V\u00f2i lavabo cao<\/li>\n<li data-start=\"3183\" data-end=\"3206\">B\u00e0n \u0111\u00e1 v\u00e2n t\u1ef1 nhi\u00ean<\/li>\n<\/ul>\n<p data-start=\"3208\" data-end=\"3219\">\ud83d\udc49 T\u1ea1o n\u00ean:<\/p>\n<ul data-start=\"3220\" data-end=\"3267\">\n<li data-start=\"3220\" data-end=\"3267\">Kh\u00f4ng gian ph\u00f2ng t\u1eafm \u0111\u1eb3ng c\u1ea5p nh\u01b0 kh\u00e1ch s\u1ea1n<\/li>\n<\/ul>\n<hr data-start=\"3269\" data-end=\"3272\" \/>\n<h3 data-start=\"3274\" data-end=\"3300\">6.3 Linh ho\u1ea1t thi\u1ebft k\u1ebf<\/h3>\n<p data-start=\"3301\" data-end=\"3316\">C\u00f3 th\u1ec3 k\u1ebft h\u1ee3p:<\/p>\n<ul data-start=\"3317\" data-end=\"3350\">\n<li data-start=\"3317\" data-end=\"3332\">V\u00f2i g\u1eafn b\u00e0n<\/li>\n<li data-start=\"3333\" data-end=\"3350\">V\u00f2i g\u1eafn t\u01b0\u1eddng<\/li>\n<\/ul>\n<p data-start=\"3352\" data-end=\"3394\">\ud83d\udc49 D\u1ec5 d\u00e0ng t\u00f9y bi\u1ebfn theo concept thi\u1ebft k\u1ebf.<\/p>\n<hr data-start=\"3396\" data-end=\"3399\" \/>\n<h1 data-start=\"3401\" data-end=\"3452\">7. So s\u00e1nh nhanh WP-0628 v\u1edbi c\u00e1c d\u00f2ng lavabo kh\u00e1c<\/h1>\n<div class=\"TyagGW_tableContainer\">\n<div class=\"group TyagGW_tableWrapper flex flex-col-reverse w-fit\" tabindex=\"-1\">\n<table class=\"w-fit min-w-(--thread-content-width)\" data-start=\"3454\" data-end=\"3736\">\n<thead data-start=\"3454\" data-end=\"3514\">\n<tr data-start=\"3454\" data-end=\"3514\">\n<th class=\"\" data-start=\"3454\" data-end=\"3465\" data-col-size=\"sm\">Ti\u00eau ch\u00ed<\/th>\n<th class=\"\" data-start=\"3465\" data-end=\"3483\" data-col-size=\"sm\">WP-0628 \u0111\u1eb7t b\u00e0n<\/th>\n<th class=\"\" data-start=\"3483\" data-end=\"3499\" data-col-size=\"sm\">Lavabo \u00e2m b\u00e0n<\/th>\n<th class=\"\" data-start=\"3499\" data-end=\"3514\" data-col-size=\"sm\">Lavabo treo<\/th>\n<\/tr>\n<\/thead>\n<tbody data-start=\"3576\" data-end=\"3736\">\n<tr data-start=\"3576\" data-end=\"3616\">\n<td data-start=\"3576\" data-end=\"3586\" data-col-size=\"sm\">Th\u1ea9m m\u1ef9<\/td>\n<td data-start=\"3586\" data-end=\"3596\" data-col-size=\"sm\">R\u1ea5t cao<\/td>\n<td data-start=\"3596\" data-end=\"3602\" data-col-size=\"sm\">Cao<\/td>\n<td data-start=\"3602\" data-end=\"3616\" data-col-size=\"sm\">Trung b\u00ecnh<\/td>\n<\/tr>\n<tr data-start=\"3617\" data-end=\"3657\">\n<td data-start=\"3617\" data-end=\"3629\" data-col-size=\"sm\">\u0110i\u1ec3m nh\u1ea5n<\/td>\n<td data-start=\"3629\" data-end=\"3636\" data-col-size=\"sm\">M\u1ea1nh<\/td>\n<td data-start=\"3636\" data-end=\"3649\" data-col-size=\"sm\">Trung b\u00ecnh<\/td>\n<td data-start=\"3649\" data-end=\"3657\" data-col-size=\"sm\">Th\u1ea5p<\/td>\n<\/tr>\n<tr data-start=\"3658\" data-end=\"3692\">\n<td data-start=\"3658\" data-end=\"3668\" data-col-size=\"sm\">V\u1ec7 sinh<\/td>\n<td data-start=\"3668\" data-end=\"3681\" data-col-size=\"sm\">Trung b\u00ecnh<\/td>\n<td data-start=\"3681\" data-end=\"3686\" data-col-size=\"sm\">D\u1ec5<\/td>\n<td data-start=\"3686\" data-end=\"3692\" data-col-size=\"sm\">D\u1ec5<\/td>\n<\/tr>\n<tr data-start=\"3693\" data-end=\"3736\">\n<td data-start=\"3693\" data-end=\"3704\" data-col-size=\"sm\">\u1ee8ng d\u1ee5ng<\/td>\n<td data-start=\"3704\" data-end=\"3714\" data-col-size=\"sm\">Cao c\u1ea5p<\/td>\n<td data-start=\"3714\" data-end=\"3726\" data-col-size=\"sm\">Ph\u1ed5 th\u00f4ng<\/td>\n<td data-start=\"3726\" data-end=\"3736\" data-col-size=\"sm\">C\u01a1 b\u1ea3n<\/td>\n<\/tr>\n<\/tbody>\n<\/table>\n<\/div>\n<\/div>\n<p data-start=\"3738\" data-end=\"3814\">\ud83d\udc49 WP-0628 ph\u00f9 h\u1ee3p v\u1edbi:<br \/>\n<strong data-start=\"3762\" data-end=\"3814\">kh\u00e1ch h\u00e0ng \u01b0u ti\u00ean th\u1ea9m m\u1ef9 &amp; tr\u1ea3i nghi\u1ec7m cao c\u1ea5p<\/strong><\/p>\n<hr data-start=\"3816\" data-end=\"3819\" \/>\n<h1 data-start=\"3821\" data-end=\"3859\">8. \u1ee8ng d\u1ee5ng th\u1ef1c t\u1ebf trong c\u00f4ng tr\u00ecnh<\/h1>\n<h3 data-start=\"3861\" data-end=\"3877\">8.1 Bi\u1ec7t th\u1ef1<\/h3>\n<ul data-start=\"3878\" data-end=\"3935\">\n<li data-start=\"3878\" data-end=\"3906\">T\u1ea1o \u0111i\u1ec3m nh\u1ea5n sang tr\u1ecdng<\/li>\n<li data-start=\"3907\" data-end=\"3935\">Th\u1ec3 hi\u1ec7n phong c\u00e1ch s\u1ed1ng<\/li>\n<\/ul>\n<hr data-start=\"3937\" data-end=\"3940\" \/>\n<h3 data-start=\"3942\" data-end=\"3966\">8.2 Chung c\u01b0 cao c\u1ea5p<\/h3>\n<ul data-start=\"3967\" data-end=\"4014\">\n<li data-start=\"3967\" data-end=\"3990\">N\u00e2ng t\u1ea7m kh\u00f4ng gian<\/li>\n<li data-start=\"3991\" data-end=\"4014\">T\u0103ng gi\u00e1 tr\u1ecb c\u0103n h\u1ed9<\/li>\n<\/ul>\n<hr data-start=\"4016\" data-end=\"4019\" \/>\n<h3 data-start=\"4021\" data-end=\"4047\">8.3 Kh\u00e1ch s\u1ea1n \u2013 resort<\/h3>\n<ul data-start=\"4048\" data-end=\"4103\">\n<li data-start=\"4048\" data-end=\"4074\">G\u00e2y \u1ea5n t\u01b0\u1ee3ng v\u1edbi kh\u00e1ch<\/li>\n<li data-start=\"4075\" data-end=\"4103\">T\u0103ng tr\u1ea3i nghi\u1ec7m s\u1eed d\u1ee5ng<\/li>\n<\/ul>\n<hr data-start=\"4105\" data-end=\"4108\" \/>\n<h3 data-start=\"4110\" data-end=\"4132\">8.4 Homestay decor<\/h3>\n<ul data-start=\"4133\" data-end=\"4179\">\n<li data-start=\"4133\" data-end=\"4157\">T\u0103ng t\u00ednh \u201ccheck-in\u201d<\/li>\n<li data-start=\"4158\" data-end=\"4179\">Thu h\u00fat kh\u00e1ch tr\u1ebb<\/li>\n<\/ul>\n<hr data-start=\"4181\" data-end=\"4184\" \/>\n<h1 data-start=\"4186\" data-end=\"4237\">9. G\u00f3c nh\u00ecn th\u1ecb tr\u01b0\u1eddng \u2013 Xu h\u01b0\u1edbng lavabo hi\u1ec7n nay<\/h1>\n<p data-start=\"4239\" data-end=\"4267\">Kh\u00e1ch h\u00e0ng hi\u1ec7n nay \u01b0u ti\u00ean:<\/p>\n<ul data-start=\"4268\" data-end=\"4331\">\n<li data-start=\"4268\" data-end=\"4284\">Thi\u1ebft k\u1ebf \u0111\u1eb9p<\/li>\n<li data-start=\"4285\" data-end=\"4308\">Tr\u1ea3i nghi\u1ec7m s\u1eed d\u1ee5ng<\/li>\n<li data-start=\"4309\" data-end=\"4331\">Th\u01b0\u01a1ng hi\u1ec7u uy t\u00edn<\/li>\n<\/ul>\n<p data-start=\"4333\" data-end=\"4353\">\ud83d\udc49 Xu h\u01b0\u1edbng n\u1ed5i b\u1eadt:<\/p>\n<ul data-start=\"4354\" data-end=\"4421\">\n<li data-start=\"4354\" data-end=\"4377\">Lavabo \u0111\u1eb7t b\u00e0n m\u1ecfng<\/li>\n<li data-start=\"4378\" data-end=\"4399\">Thi\u1ebft k\u1ebf t\u1ed1i gi\u1ea3n<\/li>\n<li data-start=\"4400\" data-end=\"4421\">M\u00e0u tr\u1eafng tinh t\u1ebf<\/li>\n<\/ul>\n<p data-start=\"4423\" data-end=\"4504\">WP-0628 n\u1eb1m \u0111\u00fang xu h\u01b0\u1edbng:<br \/>\n\u2714 Thi\u1ebft k\u1ebf \u0111\u1eb9p<br data-start=\"4464\" data-end=\"4467\" \/>\u2714 C\u00f4ng ngh\u1ec7 t\u1ed1t<br data-start=\"4482\" data-end=\"4485\" \/>\u2714 Th\u01b0\u01a1ng hi\u1ec7u l\u1edbn<\/p>\n<hr data-start=\"4506\" data-end=\"4509\" \/>\n<h1 data-start=\"4511\" data-end=\"4548\">10. K\u1ebft lu\u1eadn \u2013 C\u00f3 n\u00ean ch\u1ecdn WP-0628?<\/h1>\n<p data-start=\"4550\" data-end=\"4582\">N\u1ebfu anh \u0111ang t\u00ecm m\u1ed9t m\u1eabu lavabo:<\/p>\n<ul data-start=\"4583\" data-end=\"4686\">\n<li data-start=\"4583\" data-end=\"4607\">Sang tr\u1ecdng, hi\u1ec7n \u0111\u1ea1i<\/li>\n<li data-start=\"4608\" data-end=\"4635\">L\u00e0m \u0111i\u1ec3m nh\u1ea5n ph\u00f2ng t\u1eafm<\/li>\n<li data-start=\"4636\" data-end=\"4655\">B\u1ec1n, d\u1ec5 v\u1ec7 sinh<\/li>\n<li data-start=\"4656\" data-end=\"4686\">Ph\u00f9 h\u1ee3p c\u00f4ng tr\u00ecnh cao c\u1ea5p<\/li>\n<\/ul>\n<p data-start=\"4688\" data-end=\"4764\">\ud83d\udc49 <strong data-start=\"4691\" data-end=\"4764\">Lavabo \u0111\u1eb7t b\u00e0n American Standard WP-0628 l\u00e0 l\u1ef1a ch\u1ecdn r\u1ea5t \u0111\u00e1ng \u0111\u1ea7u t\u01b0.<\/strong><\/p>\n<p data-start=\"4866\" data-end=\"4979\"><strong data-start=\"4866\" data-end=\"4917\">Ehrlich Vi\u1ec7t Nam \u2013 Thi\u1ebft B\u1ecb Nh\u00e0 B\u1ebfp &amp; Ph\u00f2ng T\u1eafm<\/strong><br data-start=\"4917\" data-end=\"4920\" \/>\ud83d\udccd \u0110\u1ecba ch\u1ec9: S\u1ed1 6 Li\u1ec1n K\u1ec1 22, K\u0110T V\u0103n Kh\u00ea, H\u00e0 \u0110\u00f4ng, H\u00e0 N\u1ed9i<\/p>\n<p data-start=\"4981\" data-end=\"5105\">\ud83c\udf10 Website: <a class=\"decorated-link\" href=\"https:\/\/ehrlichvietnam.vn\/\" target=\"_new\" rel=\"noopener\" data-start=\"4993\" data-end=\"5019\">https:\/\/ehrlichvietnam.vn\/<\/a><br data-start=\"5019\" data-end=\"5022\" \/>\ud83d\udcde Hotline: <strong data-start=\"5034\" data-end=\"5051\">0932 27 05 20<\/strong><br data-start=\"5051\" data-end=\"5054\" \/>\ud83d\udcac Zalo OA: <a class=\"decorated-link\" href=\"https:\/\/zalo.me\/s\/2888141157129558325\" target=\"_new\" rel=\"noopener\" data-start=\"5066\" data-end=\"5103\">https:\/\/zalo.me\/s\/2888141157129558325<\/a><\/p>\n<p data-start=\"5107\" data-end=\"5218\">\ud83c\udfa5 TikTok: <a class=\"decorated-link\" href=\"https:\/\/www.tiktok.com\/@ehrlich.chia.s?_r=1\" target=\"_new\" rel=\"noopener\" data-start=\"5118\" data-end=\"5162\">https:\/\/www.tiktok.com\/@ehrlichthietbivesinh<\/a><br data-start=\"5162\" data-end=\"5165\" \/>\u25b6\ufe0f YouTube: <a class=\"decorated-link\" href=\"https:\/\/www.youtube.com\/@EhrlichVietNam\" target=\"_new\" rel=\"noopener\" data-start=\"5177\" data-end=\"5216\">https:\/\/www.youtube.com\/@EhrlichVietNam<\/a><\/p>\n<p data-start=\"5220\" data-end=\"5265\">\ud83d\ude9a Giao h\u00e0ng to\u00e0n qu\u1ed1c \u2013 t\u01b0 v\u1ea5n nhanh ch\u00f3ng<\/p>\n<p data-start=\"5267\" data-end=\"5313\">\ud83d\udc49 <strong data-start=\"5270\" data-end=\"5313\">Inbox ngay \u0111\u1ec3 nh\u1eadn \u01b0u \u0111\u00e3i th\u00eam h\u00f4m nay!<\/strong><\/p>\n<p>&nbsp;<\/p>\n<p data-start=\"5075\" data-end=\"5151\"><strong data-start=\"5078\" data-end=\"5151\">\u00a0<\/strong><\/p>\n","protected":false},"excerpt":{"rendered":"<p>Lavabo \u0111\u1eb7t b\u00e0n American Standard WP-0628 Signature \u2013 Tinh t\u1ebf trong t\u1eebng \u0111\u01b0\u1eddng n\u00e9t, n\u00e2ng t\u1ea7m kh\u00f4ng gian ph\u00f2ng t\u1eafm Trong thi\u1ebft k\u1ebf n\u1ed9i th\u1ea5t hi\u1ec7n \u0111\u1ea1i, lavabo \u0111\u1eb7t b\u00e0n kh\u00f4ng ch\u1ec9 l\u00e0 thi\u1ebft b\u1ecb v\u1ec7 sinh m\u00e0 c\u00f2n l\u00e0 m\u1ed9t \u201ctuy\u00ean ng\u00f4n th\u1ea9m m\u1ef9\u201d cho to\u00e0n b\u1ed9 kh\u00f4ng gian. N\u1ed5i b\u1eadt trong ph\u00e2n kh\u00fac [&hellip;]<\/p>\n","protected":false},"featured_media":4844,"comment_status":"open","ping_status":"closed","template":"","meta":{"_acf_changed":false},"product_brand":[143],"product_cat":[23,15,151,137],"product_tag":[],"class_list":{"0":"post-4839","1":"product","2":"type-product","3":"status-publish","4":"has-post-thumbnail","6":"product_brand-american-standard","7":"product_cat-thiet-bi-phong-ve-sinh","8":"product_cat-san-pham","9":"product_cat-chau-lavabo-american-standard","10":"product_cat-thuong-hieu-american-standard","12":"first","13":"instock","14":"sale","15":"shipping-taxable","16":"purchasable","17":"product-type-simple"},"acf":[],"_links":{"self":[{"href":"https:\/\/ehrlichvietnam.vn\/en\/wp-json\/wp\/v2\/product\/4839","targetHints":{"allow":["GET"]}}],"collection":[{"href":"https:\/\/ehrlichvietnam.vn\/en\/wp-json\/wp\/v2\/product"}],"about":[{"href":"https:\/\/ehrlichvietnam.vn\/en\/wp-json\/wp\/v2\/types\/product"}],"replies":[{"embeddable":true,"href":"https:\/\/ehrlichvietnam.vn\/en\/wp-json\/wp\/v2\/comments?post=4839"}],"wp:featuredmedia":[{"embeddable":true,"href":"https:\/\/ehrlichvietnam.vn\/en\/wp-json\/wp\/v2\/media\/4844"}],"wp:attachment":[{"href":"https:\/\/ehrlichvietnam.vn\/en\/wp-json\/wp\/v2\/media?parent=4839"}],"wp:term":[{"taxonomy":"product_brand","embeddable":true,"href":"https:\/\/ehrlichvietnam.vn\/en\/wp-json\/wp\/v2\/product_brand?post=4839"},{"taxonomy":"product_cat","embeddable":true,"href":"https:\/\/ehrlichvietnam.vn\/en\/wp-json\/wp\/v2\/product_cat?post=4839"},{"taxonomy":"product_tag","embeddable":true,"href":"https:\/\/ehrlichvietnam.vn\/en\/wp-json\/wp\/v2\/product_tag?post=4839"}],"curies":[{"name":"wp","href":"https:\/\/api.w.org\/{rel}","templated":true}]}}