{"id":4806,"date":"2026-04-15T09:28:06","date_gmt":"2026-04-15T09:28:06","guid":{"rendered":"https:\/\/ehrlichvietnam.vn\/?post_type=product&#038;p=4806"},"modified":"2026-04-15T10:08:43","modified_gmt":"2026-04-15T10:08:43","slug":"chau-lavabo-am-ban-american-standard-0458-wt","status":"publish","type":"product","link":"https:\/\/ehrlichvietnam.vn\/chau-lavabo-am-ban-american-standard-0458-wt\/","title":{"rendered":"Ch\u1eadu lavabo \u00e2m b\u00e0n American Standard 0458-WT"},"content":{"rendered":"<h2 data-start=\"0\" data-end=\"116\">Lavabo \u00e2m b\u00e0n American Standard 0458-WT \u2013 Thi\u1ebft k\u1ebf \u0111\u01b0\u01a1ng \u0111\u1ea1i, t\u1ed1i \u01b0u kh\u00f4ng gian, chu\u1ea9n th\u1ea9m m\u1ef9 ph\u00f2ng t\u1eafm hi\u1ec7n \u0111\u1ea1i<\/h2>\n<p data-start=\"118\" data-end=\"555\">Trong thi\u1ebft k\u1ebf n\u1ed9i th\u1ea5t ph\u00f2ng t\u1eafm ng\u00e0y nay, vi\u1ec7c l\u1ef1a ch\u1ecdn lavabo kh\u00f4ng ch\u1ec9 d\u1eebng l\u1ea1i \u1edf c\u00f4ng n\u0103ng s\u1eed d\u1ee5ng m\u00e0 c\u00f2n \u0111\u00f3ng vai tr\u00f2 quan tr\u1ecdng trong vi\u1ec7c <strong data-start=\"264\" data-end=\"299\">\u0111\u1ecbnh h\u00ecnh phong c\u00e1ch kh\u00f4ng gian<\/strong>. M\u1eabu <strong data-start=\"305\" data-end=\"348\">lavabo \u00e2m b\u00e0n American Standard 0458-WT<\/strong> \u0111\u1ebfn t\u1eeb th\u01b0\u01a1ng hi\u1ec7u <span class=\"hover:entity-accent entity-underline inline cursor-pointer align-baseline\"><span class=\"whitespace-normal\">American Standard<\/span><\/span> l\u00e0 m\u1ed9t l\u1ef1a ch\u1ecdn ti\u00eau bi\u1ec3u cho xu h\u01b0\u1edbng <strong data-start=\"445\" data-end=\"479\">\u0111\u01b0\u01a1ng \u0111\u1ea1i \u2013 t\u1ed1i gi\u1ea3n \u2013 tinh t\u1ebf<\/strong>, ph\u00f9 h\u1ee3p v\u1edbi \u0111a d\u1ea1ng c\u00f4ng tr\u00ecnh t\u1eeb nh\u00e0 ph\u1ed1, chung c\u01b0 \u0111\u1ebfn kh\u00e1ch s\u1ea1n cao c\u1ea5p.<\/p>\n<p data-start=\"557\" data-end=\"752\">S\u1edf h\u1eefu thi\u1ebft k\u1ebf oval m\u1ec1m m\u1ea1i, k\u00edch th\u01b0\u1edbc ti\u00eau chu\u1ea9n c\u00f9ng kh\u1ea3 n\u0103ng t\u1ed1i \u01b0u kh\u00f4ng gian v\u01b0\u1ee3t tr\u1ed9i, 0458-WT l\u00e0 m\u1eabu lavabo \u0111\u00e1ng c\u00e2n nh\u1eafc n\u1ebfu anh \u0111ang t\u00ecm m\u1ed9t s\u1ea3n ph\u1ea9m v\u1eeba \u0111\u1eb9p, v\u1eeba b\u1ec1n, v\u1eeba d\u1ec5 \u1ee9ng d\u1ee5ng.<\/p>\n<hr data-start=\"754\" data-end=\"757\" \/>\n<h1 data-start=\"759\" data-end=\"804\">1. T\u1ed5ng quan s\u1ea3n ph\u1ea9m lavabo \u00e2m b\u00e0n 0458-WT<\/h1>\n<p data-start=\"806\" data-end=\"1129\"><strong data-start=\"806\" data-end=\"823\">T\u00ean s\u1ea3n ph\u1ea9m:<\/strong> Lavabo \u00e2m b\u00e0n American Standard 0458-WT<br data-start=\"863\" data-end=\"866\" \/><strong data-start=\"866\" data-end=\"882\">Th\u01b0\u01a1ng hi\u1ec7u:<\/strong> <span class=\"hover:entity-accent entity-underline inline cursor-pointer align-baseline\"><span class=\"whitespace-normal\">American Standard<\/span><\/span><br data-start=\"920\" data-end=\"923\" \/><strong data-start=\"923\" data-end=\"938\">B\u1ed9 s\u01b0u t\u1eadp:<\/strong> Active<br data-start=\"945\" data-end=\"948\" \/><strong data-start=\"948\" data-end=\"972\">Phong c\u00e1ch thi\u1ebft k\u1ebf:<\/strong> \u0110\u01b0\u01a1ng \u0111\u1ea1i (Contemporary)<br data-start=\"997\" data-end=\"1000\" \/><strong data-start=\"1000\" data-end=\"1014\">Ki\u1ec3u d\u00e1ng:<\/strong> Oval<br data-start=\"1019\" data-end=\"1022\" \/><strong data-start=\"1022\" data-end=\"1039\">Ki\u1ec3u l\u1eafp \u0111\u1eb7t:<\/strong> \u00c2m b\u00e0n<br data-start=\"1046\" data-end=\"1049\" \/><strong data-start=\"1049\" data-end=\"1061\">M\u00e0u s\u1eafc:<\/strong> Tr\u1eafng<br data-start=\"1067\" data-end=\"1070\" \/><strong data-start=\"1070\" data-end=\"1081\">L\u1ed7 v\u00f2i:<\/strong> Kh\u00f4ng l\u1ed7<br data-start=\"1090\" data-end=\"1093\" \/><strong data-start=\"1093\" data-end=\"1108\">K\u00edch th\u01b0\u1edbc:<\/strong> 580 x 430 x 220 mm<\/p>\n<p data-start=\"1131\" data-end=\"1155\">\ud83d\udc49 S\u1ea3n ph\u1ea9m ph\u00f9 h\u1ee3p v\u1edbi:<\/p>\n<ul data-start=\"1156\" data-end=\"1234\">\n<li data-start=\"1156\" data-end=\"1176\">Nh\u00e0 ph\u1ed1 hi\u1ec7n \u0111\u1ea1i<\/li>\n<li data-start=\"1177\" data-end=\"1196\">C\u0103n h\u1ed9 chung c\u01b0<\/li>\n<li data-start=\"1197\" data-end=\"1221\">Kh\u00e1ch s\u1ea1n \u2013 homestay<\/li>\n<li data-start=\"1222\" data-end=\"1234\">Bi\u1ec7t th\u1ef1<\/li>\n<\/ul>\n<p><img decoding=\"async\" src=\"https:\/\/cdn.hita.com.vn\/storage\/products\/american-standard\/chau-rua-lavabo-am-ban\/ti-0459-wt-bvkt.jpeg\" \/><\/p>\n<hr data-start=\"1236\" data-end=\"1239\" \/>\n<h1 data-start=\"1241\" data-end=\"1299\">2. Lavabo \u00e2m b\u00e0n \u2013 Gi\u1ea3i ph\u00e1p t\u1ed1i \u01b0u kh\u00f4ng gian ph\u00f2ng t\u1eafm<\/h1>\n<h3 data-start=\"1301\" data-end=\"1329\">2.1 Lavabo \u00e2m b\u00e0n l\u00e0 g\u00ec?<\/h3>\n<p data-start=\"1330\" data-end=\"1361\">Lavabo \u00e2m b\u00e0n l\u00e0 lo\u1ea1i ch\u1eadu r\u1eeda:<\/p>\n<ul data-start=\"1362\" data-end=\"1431\">\n<li data-start=\"1362\" data-end=\"1395\">\u0110\u01b0\u1ee3c l\u1eafp ch\u00ecm d\u01b0\u1edbi m\u1eb7t b\u00e0n \u0111\u00e1<\/li>\n<li data-start=\"1396\" data-end=\"1431\">Ch\u1ec9 l\u1ed9 ph\u1ea7n l\u00f2ng ch\u1eadu b\u00ean trong<\/li>\n<\/ul>\n<p data-start=\"1433\" data-end=\"1464\">\ud83d\udc49 So v\u1edbi c\u00e1c lo\u1ea1i lavabo kh\u00e1c:<\/p>\n<ul data-start=\"1465\" data-end=\"1530\">\n<li data-start=\"1465\" data-end=\"1496\">G\u1ecdn g\u00e0ng h\u01a1n lavabo \u0111\u1eb7t b\u00e0n<\/li>\n<li data-start=\"1497\" data-end=\"1530\">Th\u1ea9m m\u1ef9 h\u01a1n lavabo treo t\u01b0\u1eddng<\/li>\n<\/ul>\n<hr data-start=\"1532\" data-end=\"1535\" \/>\n<h3 data-start=\"1537\" data-end=\"1580\">2.2 \u01afu \u0111i\u1ec3m v\u01b0\u1ee3t tr\u1ed9i c\u1ee7a lavabo \u00e2m b\u00e0n<\/h3>\n<p data-start=\"1582\" data-end=\"1712\">\u2714 T\u1ed1i \u01b0u di\u1ec7n t\u00edch s\u1eed d\u1ee5ng<br data-start=\"1608\" data-end=\"1611\" \/>\u2714 B\u1ec1 m\u1eb7t b\u00e0n li\u1ec1n m\u1ea1ch, sang tr\u1ecdng<br data-start=\"1645\" data-end=\"1648\" \/>\u2714 D\u1ec5 v\u1ec7 sinh, kh\u00f4ng b\u00e1m b\u1ea9n vi\u1ec1n<br data-start=\"1680\" data-end=\"1683\" \/>\u2714 Ph\u00f9 h\u1ee3p thi\u1ebft k\u1ebf hi\u1ec7n \u0111\u1ea1i<\/p>\n<p data-start=\"1714\" data-end=\"1788\">\ud83d\udc49 \u0110\u00e2y l\u00e0 l\u00fd do lavabo \u00e2m b\u00e0n ng\u00e0y c\u00e0ng ph\u1ed5 bi\u1ebfn trong c\u00e1c c\u00f4ng tr\u00ecnh m\u1edbi.<\/p>\n<hr data-start=\"1790\" data-end=\"1793\" \/>\n<h1 data-start=\"1795\" data-end=\"1847\">3. Thi\u1ebft k\u1ebf oval \u2013 M\u1ec1m m\u1ea1i, c\u00e2n \u0111\u1ed1i v\u00e0 d\u1ec5 \u1ee9ng d\u1ee5ng<\/h1>\n<h3 data-start=\"1849\" data-end=\"1897\">3.1 Ki\u1ec3u d\u00e1ng oval \u2013 Xu h\u01b0\u1edbng kh\u00f4ng l\u1ed7i th\u1eddi<\/h3>\n<p data-start=\"1898\" data-end=\"1929\">Lavabo 0458-WT s\u1edf h\u1eefu thi\u1ebft k\u1ebf:<\/p>\n<ul data-start=\"1930\" data-end=\"1982\">\n<li data-start=\"1930\" data-end=\"1959\">D\u00e1ng oval bo tr\u00f2n m\u1ec1m m\u1ea1i<\/li>\n<li data-start=\"1960\" data-end=\"1982\">Kh\u00f4ng g\u00f3c c\u1ea1nh s\u1eafc<\/li>\n<\/ul>\n<p data-start=\"1984\" data-end=\"2005\">\ud83d\udc49 Mang l\u1ea1i c\u1ea3m gi\u00e1c:<\/p>\n<ul data-start=\"2006\" data-end=\"2072\">\n<li data-start=\"2006\" data-end=\"2019\">Nh\u1eb9 nh\u00e0ng<\/li>\n<li data-start=\"2020\" data-end=\"2034\">Th\u00e2n thi\u1ec7n<\/li>\n<li data-start=\"2035\" data-end=\"2072\">Ph\u00f9 h\u1ee3p nhi\u1ec1u phong c\u00e1ch n\u1ed9i th\u1ea5t<\/li>\n<\/ul>\n<hr data-start=\"2074\" data-end=\"2077\" \/>\n<h3 data-start=\"2079\" data-end=\"2122\">3.2 Phong c\u00e1ch \u0111\u01b0\u01a1ng \u0111\u1ea1i (Contemporary)<\/h3>\n<p data-start=\"2123\" data-end=\"2167\">Thu\u1ed9c b\u1ed9 s\u01b0u t\u1eadp Active, s\u1ea3n ph\u1ea9m theo \u0111u\u1ed5i:<\/p>\n<ul data-start=\"2168\" data-end=\"2246\">\n<li data-start=\"2168\" data-end=\"2189\">Thi\u1ebft k\u1ebf t\u1ed1i gi\u1ea3n<\/li>\n<li data-start=\"2190\" data-end=\"2217\">T\u1eadp trung v\u00e0o c\u00f4ng n\u0103ng<\/li>\n<li data-start=\"2218\" data-end=\"2246\">H\u1ea1n ch\u1ebf chi ti\u1ebft d\u01b0 th\u1eeba<\/li>\n<\/ul>\n<p data-start=\"2248\" data-end=\"2269\">\ud83d\udc49 \u0110\u00e2y l\u00e0 phong c\u00e1ch:<\/p>\n<ul data-start=\"2270\" data-end=\"2379\">\n<li data-start=\"2270\" data-end=\"2314\">\u0110\u01b0\u1ee3c \u01b0a chu\u1ed9ng trong nh\u00e0 ph\u1ed1 v\u00e0 chung c\u01b0<\/li>\n<li data-start=\"2315\" data-end=\"2379\">D\u1ec5 ph\u1ed1i v\u1edbi nhi\u1ec1u lo\u1ea1i b\u00e0n \u0111\u00e1 (granite, marble, solid surface)<\/li>\n<\/ul>\n<hr data-start=\"2381\" data-end=\"2384\" \/>\n<h1 data-start=\"2386\" data-end=\"2454\">4. K\u00edch th\u01b0\u1edbc ti\u00eau chu\u1ea9n \u2013 D\u1ec5 thi c\u00f4ng, ph\u00f9 h\u1ee3p \u0111a d\u1ea1ng kh\u00f4ng gian<\/h1>\n<h3 data-start=\"2456\" data-end=\"2483\">4.1 Th\u00f4ng s\u1ed1 k\u00edch th\u01b0\u1edbc<\/h3>\n<ul data-start=\"2484\" data-end=\"2532\">\n<li data-start=\"2484\" data-end=\"2499\">D\u00e0i: 580 mm<\/li>\n<li data-start=\"2500\" data-end=\"2516\">R\u1ed9ng: 430 mm<\/li>\n<li data-start=\"2517\" data-end=\"2532\">Cao: 220 mm<\/li>\n<\/ul>\n<p data-start=\"2534\" data-end=\"2571\">\ud83d\udc49 \u0110\u00e2y l\u00e0 k\u00edch th\u01b0\u1edbc \u201cchu\u1ea9n v\u00e0ng\u201d v\u00ec:<\/p>\n<ul data-start=\"2572\" data-end=\"2638\">\n<li data-start=\"2572\" data-end=\"2607\">Kh\u00f4ng qu\u00e1 l\u1edbn g\u00e2y t\u1ed1n di\u1ec7n t\u00edch<\/li>\n<li data-start=\"2608\" data-end=\"2638\">Kh\u00f4ng qu\u00e1 nh\u1ecf g\u00e2y b\u1eafn n\u01b0\u1edbc<\/li>\n<\/ul>\n<hr data-start=\"2640\" data-end=\"2643\" \/>\n<h3 data-start=\"2645\" data-end=\"2671\">4.2 \u1ee8ng d\u1ee5ng linh ho\u1ea1t<\/h3>\n<p data-start=\"2672\" data-end=\"2684\">Ph\u00f9 h\u1ee3p v\u1edbi:<\/p>\n<ul data-start=\"2685\" data-end=\"2750\">\n<li data-start=\"2685\" data-end=\"2706\">T\u1ee7 ch\u1eadu ph\u00f2ng t\u1eafm<\/li>\n<li data-start=\"2707\" data-end=\"2729\">B\u00e0n \u0111\u00e1 lavabo treo<\/li>\n<li data-start=\"2730\" data-end=\"2750\">B\u00e0n \u0111\u00e1 li\u1ec1n kh\u1ed1i<\/li>\n<\/ul>\n<p data-start=\"2752\" data-end=\"2793\">\ud83d\udc49 Gi\u00fap anh d\u1ec5 d\u00e0ng thi\u1ebft k\u1ebf v\u00e0 thi c\u00f4ng.<\/p>\n<hr data-start=\"2795\" data-end=\"2798\" \/>\n<h1 data-start=\"2800\" data-end=\"2856\">5. Thi\u1ebft k\u1ebf kh\u00f4ng l\u1ed7 \u2013 T\u1ed1i \u01b0u th\u1ea9m m\u1ef9 v\u00e0 linh ho\u1ea1t v\u00f2i<\/h1>\n<h3 data-start=\"2858\" data-end=\"2897\">5.1 Kh\u00f4ng l\u1ed7 v\u00f2i \u2013 Xu h\u01b0\u1edbng cao c\u1ea5p<\/h3>\n<p data-start=\"2898\" data-end=\"2933\">Lavabo 0458-WT kh\u00f4ng c\u00f3 l\u1ed7 g\u1eafn v\u00f2i:<\/p>\n<ul data-start=\"2934\" data-end=\"2981\">\n<li data-start=\"2934\" data-end=\"2959\">B\u1ec1 m\u1eb7t ch\u1eadu li\u1ec1n m\u1ea1ch<\/li>\n<li data-start=\"2960\" data-end=\"2981\">T\u0103ng t\u00ednh th\u1ea9m m\u1ef9<\/li>\n<\/ul>\n<hr data-start=\"2983\" data-end=\"2986\" \/>\n<h3 data-start=\"2988\" data-end=\"3025\">5.2 Linh ho\u1ea1t l\u1ef1a ch\u1ecdn v\u00f2i lavabo<\/h3>\n<p data-start=\"3026\" data-end=\"3041\">C\u00f3 th\u1ec3 k\u1ebft h\u1ee3p:<\/p>\n<ul data-start=\"3042\" data-end=\"3089\">\n<li data-start=\"3042\" data-end=\"3064\">V\u00f2i lavabo g\u1eafn b\u00e0n<\/li>\n<li data-start=\"3065\" data-end=\"3089\">V\u00f2i lavabo g\u1eafn t\u01b0\u1eddng<\/li>\n<\/ul>\n<p data-start=\"3091\" data-end=\"3125\">\ud83d\udc49 \u0110\u00e2y l\u00e0 \u0111i\u1ec3m c\u1ef1c k\u1ef3 ph\u00f9 h\u1ee3p v\u1edbi:<\/p>\n<ul data-start=\"3126\" data-end=\"3191\">\n<li data-start=\"3126\" data-end=\"3147\">Thi\u1ebft k\u1ebf hi\u1ec7n \u0111\u1ea1i<\/li>\n<li data-start=\"3148\" data-end=\"3191\">C\u00e1c c\u00f4ng tr\u00ecnh c\u1ea7n t\u00ednh c\u00e1 nh\u00e2n h\u00f3a cao<\/li>\n<\/ul>\n<hr data-start=\"3193\" data-end=\"3196\" \/>\n<h1 data-start=\"3198\" data-end=\"3248\">6. Ch\u1ea5t li\u1ec7u s\u1ee9 cao c\u1ea5p \u2013 \u0110\u1ea3m b\u1ea3o \u0111\u1ed9 b\u1ec1n l\u00e2u d\u00e0i<\/h1>\n<h3 data-start=\"3250\" data-end=\"3283\">6.1 S\u1ee9 v\u1ec7 sinh ch\u1ea5t l\u01b0\u1ee3ng cao<\/h3>\n<p data-start=\"3284\" data-end=\"3311\">Lavabo 0458-WT \u0111\u01b0\u1ee3c l\u00e0m t\u1eeb:<\/p>\n<ul data-start=\"3312\" data-end=\"3358\">\n<li data-start=\"3312\" data-end=\"3336\">S\u1ee9 nung nhi\u1ec7t \u0111\u1ed9 cao<\/li>\n<li data-start=\"3337\" data-end=\"3358\">K\u1ebft c\u1ea5u ch\u1eafc ch\u1eafn<\/li>\n<\/ul>\n<p data-start=\"3360\" data-end=\"3372\">\ud83d\udc49 Mang l\u1ea1i:<\/p>\n<ul data-start=\"3373\" data-end=\"3427\">\n<li data-start=\"3373\" data-end=\"3387\">\u0110\u1ed9 b\u1ec1n cao<\/li>\n<li data-start=\"3388\" data-end=\"3413\">Kh\u1ea3 n\u0103ng ch\u1ecbu l\u1ef1c t\u1ed1t<\/li>\n<li data-start=\"3414\" data-end=\"3427\">\u00cdt n\u1ee9t v\u1ee1<\/li>\n<\/ul>\n<hr data-start=\"3429\" data-end=\"3432\" \/>\n<h3 data-start=\"3434\" data-end=\"3462\">6.2 B\u1ec1 m\u1eb7t men s\u00e1ng b\u00f3ng<\/h3>\n<ul data-start=\"3463\" data-end=\"3505\">\n<li data-start=\"3463\" data-end=\"3475\">Tr\u01a1n m\u1ecbn<\/li>\n<li data-start=\"3476\" data-end=\"3490\">\u00cdt b\u00e1m b\u1ea9n<\/li>\n<li data-start=\"3491\" data-end=\"3505\">D\u1ec5 v\u1ec7 sinh<\/li>\n<\/ul>\n<p data-start=\"3507\" data-end=\"3552\">\ud83d\udc49 Gi\u1eef cho ch\u1eadu lu\u00f4n s\u1ea1ch \u0111\u1eb9p theo th\u1eddi gian.<\/p>\n<hr data-start=\"3554\" data-end=\"3557\" \/>\n<h1 data-start=\"3559\" data-end=\"3591\">7. Tr\u1ea3i nghi\u1ec7m s\u1eed d\u1ee5ng th\u1ef1c t\u1ebf<\/h1>\n<h3 data-start=\"3593\" data-end=\"3617\">7.1 H\u1ea1n ch\u1ebf b\u1eafn n\u01b0\u1edbc<\/h3>\n<p data-start=\"3618\" data-end=\"3637\">Thi\u1ebft k\u1ebf l\u00f2ng ch\u1eadu:<\/p>\n<ul data-start=\"3638\" data-end=\"3675\">\n<li data-start=\"3638\" data-end=\"3655\">\u0110\u1ed9 s\u00e2u h\u1ee3p l\u00fd<\/li>\n<li data-start=\"3656\" data-end=\"3675\">G\u00f3c bo cong m\u1ec1m<\/li>\n<\/ul>\n<p data-start=\"3677\" data-end=\"3685\">\ud83d\udc49 Gi\u00fap:<\/p>\n<ul data-start=\"3686\" data-end=\"3744\">\n<li data-start=\"3686\" data-end=\"3713\">N\u01b0\u1edbc kh\u00f4ng b\u1eafn ra ngo\u00e0i<\/li>\n<li data-start=\"3714\" data-end=\"3744\">Gi\u1eef khu v\u1ef1c b\u00e0n \u0111\u00e1 kh\u00f4 r\u00e1o<\/li>\n<\/ul>\n<hr data-start=\"3746\" data-end=\"3749\" \/>\n<h3 data-start=\"3751\" data-end=\"3769\">7.2 D\u1ec5 v\u1ec7 sinh<\/h3>\n<ul data-start=\"3770\" data-end=\"3815\">\n<li data-start=\"3770\" data-end=\"3789\">Kh\u00f4ng c\u00f3 g\u1edd n\u1ed5i<\/li>\n<li data-start=\"3790\" data-end=\"3815\">Lau m\u1ed9t \u0111\u01b0\u1eddng l\u00e0 s\u1ea1ch<\/li>\n<\/ul>\n<p data-start=\"3817\" data-end=\"3832\">\ud83d\udc49 Ph\u00f9 h\u1ee3p v\u1edbi:<\/p>\n<ul data-start=\"3833\" data-end=\"3885\">\n<li data-start=\"3833\" data-end=\"3853\">Gia \u0111\u00ecnh b\u1eadn r\u1ed9n<\/li>\n<li data-start=\"3854\" data-end=\"3885\">Kh\u00e1ch s\u1ea1n c\u1ea7n v\u1ec7 sinh nhanh<\/li>\n<\/ul>\n<hr data-start=\"3887\" data-end=\"3890\" \/>\n<h3 data-start=\"3892\" data-end=\"3917\">7.3 T\u1ed1i \u01b0u kh\u00f4ng gian<\/h3>\n<ul data-start=\"3918\" data-end=\"3984\">\n<li data-start=\"3918\" data-end=\"3954\">Ph\u1ea7n d\u01b0\u1edbi c\u00f3 th\u1ec3 t\u1eadn d\u1ee5ng l\u00e0m t\u1ee7<\/li>\n<li data-start=\"3955\" data-end=\"3984\">Gi\u1ea5u h\u1ec7 th\u1ed1ng x\u1ea3 xi-ph\u00f4ng<\/li>\n<\/ul>\n<p data-start=\"3986\" data-end=\"4022\">\ud83d\udc49 T\u0103ng t\u00ednh g\u1ecdn g\u00e0ng cho ph\u00f2ng t\u1eafm.<\/p>\n<hr data-start=\"4024\" data-end=\"4027\" \/>\n<h1 data-start=\"4029\" data-end=\"4076\">8. So s\u00e1nh nhanh v\u1edbi c\u00e1c d\u00f2ng lavabo ph\u1ed5 bi\u1ebfn<\/h1>\n<div class=\"TyagGW_tableContainer\">\n<div class=\"group TyagGW_tableWrapper flex flex-col-reverse w-fit\" tabindex=\"-1\">\n<table class=\"w-fit min-w-(--thread-content-width)\" data-start=\"4078\" data-end=\"4355\">\n<thead data-start=\"4078\" data-end=\"4138\">\n<tr data-start=\"4078\" data-end=\"4138\">\n<th class=\"\" data-start=\"4078\" data-end=\"4089\" data-col-size=\"sm\">Ti\u00eau ch\u00ed<\/th>\n<th class=\"\" data-start=\"4089\" data-end=\"4106\" data-col-size=\"sm\">0458-WT \u00e2m b\u00e0n<\/th>\n<th class=\"\" data-start=\"4106\" data-end=\"4123\" data-col-size=\"sm\">Lavabo \u0111\u1eb7t b\u00e0n<\/th>\n<th class=\"\" data-start=\"4123\" data-end=\"4138\" data-col-size=\"sm\">Lavabo treo<\/th>\n<\/tr>\n<\/thead>\n<tbody data-start=\"4200\" data-end=\"4355\">\n<tr data-start=\"4200\" data-end=\"4240\">\n<td data-start=\"4200\" data-end=\"4210\" data-col-size=\"sm\">Th\u1ea9m m\u1ef9<\/td>\n<td data-start=\"4210\" data-end=\"4216\" data-col-size=\"sm\">Cao<\/td>\n<td data-start=\"4216\" data-end=\"4226\" data-col-size=\"sm\">R\u1ea5t cao<\/td>\n<td data-start=\"4226\" data-end=\"4240\" data-col-size=\"sm\">Trung b\u00ecnh<\/td>\n<\/tr>\n<tr data-start=\"4241\" data-end=\"4282\">\n<td data-start=\"4241\" data-end=\"4252\" data-col-size=\"sm\">G\u1ecdn g\u00e0ng<\/td>\n<td data-start=\"4252\" data-end=\"4262\" data-col-size=\"sm\">R\u1ea5t g\u1ecdn<\/td>\n<td data-start=\"4262\" data-end=\"4275\" data-col-size=\"sm\">Trung b\u00ecnh<\/td>\n<td data-start=\"4275\" data-end=\"4282\" data-col-size=\"sm\">G\u1ecdn<\/td>\n<\/tr>\n<tr data-start=\"4283\" data-end=\"4314\">\n<td data-start=\"4283\" data-end=\"4293\" data-col-size=\"sm\">V\u1ec7 sinh<\/td>\n<td data-start=\"4293\" data-end=\"4298\" data-col-size=\"sm\">D\u1ec5<\/td>\n<td data-start=\"4298\" data-end=\"4308\" data-col-size=\"sm\">Kh\u00f3 h\u01a1n<\/td>\n<td data-start=\"4308\" data-end=\"4314\" data-col-size=\"sm\">D\u1ec5<\/td>\n<\/tr>\n<tr data-start=\"4315\" data-end=\"4355\">\n<td data-start=\"4315\" data-end=\"4326\" data-col-size=\"sm\">\u1ee8ng d\u1ee5ng<\/td>\n<td data-start=\"4326\" data-end=\"4333\" data-col-size=\"sm\">R\u1ed9ng<\/td>\n<td data-start=\"4333\" data-end=\"4345\" data-col-size=\"sm\">Trang tr\u00ed<\/td>\n<td data-start=\"4345\" data-end=\"4355\" data-col-size=\"sm\">C\u01a1 b\u1ea3n<\/td>\n<\/tr>\n<\/tbody>\n<\/table>\n<\/div>\n<\/div>\n<p data-start=\"4357\" data-end=\"4432\">\ud83d\udc49 0458-WT l\u00e0 l\u1ef1a ch\u1ecdn c\u00e2n b\u1eb1ng t\u1ed1t gi\u1eefa:<br \/>\n<strong data-start=\"4399\" data-end=\"4432\">th\u1ea9m m\u1ef9 \u2013 c\u00f4ng n\u0103ng \u2013 chi ph\u00ed<\/strong><\/p>\n<hr data-start=\"4434\" data-end=\"4437\" \/>\n<h1 data-start=\"4439\" data-end=\"4477\">9. \u1ee8ng d\u1ee5ng th\u1ef1c t\u1ebf trong c\u00f4ng tr\u00ecnh<\/h1>\n<h3 data-start=\"4479\" data-end=\"4494\">9.1 Nh\u00e0 ph\u1ed1<\/h3>\n<ul data-start=\"4495\" data-end=\"4538\">\n<li data-start=\"4495\" data-end=\"4517\">G\u1ecdn g\u00e0ng, hi\u1ec7n \u0111\u1ea1i<\/li>\n<li data-start=\"4518\" data-end=\"4538\">T\u1ed1i \u01b0u di\u1ec7n t\u00edch<\/li>\n<\/ul>\n<hr data-start=\"4540\" data-end=\"4543\" \/>\n<h3 data-start=\"4545\" data-end=\"4561\">9.2 Chung c\u01b0<\/h3>\n<ul data-start=\"4562\" data-end=\"4607\">\n<li data-start=\"4562\" data-end=\"4591\">Ph\u00f9 h\u1ee3p layout ti\u00eau chu\u1ea9n<\/li>\n<li data-start=\"4592\" data-end=\"4607\">D\u1ec5 thi c\u00f4ng<\/li>\n<\/ul>\n<hr data-start=\"4609\" data-end=\"4612\" \/>\n<h3 data-start=\"4614\" data-end=\"4642\">9.3 Kh\u00e1ch s\u1ea1n \u2013 homestay<\/h3>\n<ul data-start=\"4643\" data-end=\"4689\">\n<li data-start=\"4643\" data-end=\"4657\">D\u1ec5 v\u1ec7 sinh<\/li>\n<li data-start=\"4658\" data-end=\"4689\">T\u0103ng tr\u1ea3i nghi\u1ec7m kh\u00e1ch h\u00e0ng<\/li>\n<\/ul>\n<hr data-start=\"4691\" data-end=\"4694\" \/>\n<h3 data-start=\"4696\" data-end=\"4712\">9.4 Bi\u1ec7t th\u1ef1<\/h3>\n<ul data-start=\"4713\" data-end=\"4761\">\n<li data-start=\"4713\" data-end=\"4736\">K\u1ebft h\u1ee3p \u0111\u00e1 t\u1ef1 nhi\u00ean<\/li>\n<li data-start=\"4737\" data-end=\"4761\">T\u0103ng t\u00ednh sang tr\u1ecdng<\/li>\n<\/ul>\n<hr data-start=\"4763\" data-end=\"4766\" \/>\n<h1 data-start=\"4768\" data-end=\"4820\">10. G\u00f3c nh\u00ecn th\u1ecb tr\u01b0\u1eddng \u2013 Xu h\u01b0\u1edbng l\u1ef1a ch\u1ecdn lavabo<\/h1>\n<p data-start=\"4822\" data-end=\"4855\">Hi\u1ec7n nay, kh\u00e1ch h\u00e0ng c\u00f3 xu h\u01b0\u1edbng:<\/p>\n<ul data-start=\"4856\" data-end=\"4946\">\n<li data-start=\"4856\" data-end=\"4878\">Ch\u1ecdn lavabo \u00e2m b\u00e0n<\/li>\n<li data-start=\"4879\" data-end=\"4908\">\u01afu ti\u00ean thi\u1ebft k\u1ebf t\u1ed1i gi\u1ea3n<\/li>\n<li data-start=\"4909\" data-end=\"4946\">T\u1eadp trung v\u00e0o tr\u1ea3i nghi\u1ec7m s\u1eed d\u1ee5ng<\/li>\n<\/ul>\n<p data-start=\"4948\" data-end=\"5039\">\ud83d\udc49 Lavabo 0458-WT \u0111\u00e1p \u1ee9ng:<br \/>\n\u2714 Thi\u1ebft k\u1ebf hi\u1ec7n \u0111\u1ea1i<br data-start=\"4994\" data-end=\"4997\" \/>\u2714 D\u1ec5 l\u1eafp \u0111\u1eb7t<br data-start=\"5009\" data-end=\"5012\" \/>\u2714 Ph\u00f9 h\u1ee3p nhi\u1ec1u ph\u00e2n kh\u00fac<\/p>\n<hr data-start=\"5041\" data-end=\"5044\" \/>\n<h1 data-start=\"5046\" data-end=\"5090\">11. K\u1ebft lu\u1eadn \u2013 C\u00f3 n\u00ean ch\u1ecdn lavabo 0458-WT?<\/h1>\n<p data-start=\"5092\" data-end=\"5124\">N\u1ebfu anh \u0111ang c\u1ea7n m\u1ed9t m\u1eabu lavabo:<\/p>\n<ul data-start=\"5125\" data-end=\"5254\">\n<li data-start=\"5125\" data-end=\"5157\">Thi\u1ebft k\u1ebf \u0111\u1eb9p, kh\u00f4ng l\u1ed7i th\u1eddi<\/li>\n<li data-start=\"5158\" data-end=\"5191\">D\u1ec5 thi c\u00f4ng, d\u1ec5 ph\u1ed1i n\u1ed9i th\u1ea5t<\/li>\n<li data-start=\"5192\" data-end=\"5223\">G\u1ecdn g\u00e0ng, t\u1ed1i \u01b0u kh\u00f4ng gian<\/li>\n<li data-start=\"5224\" data-end=\"5254\">Gi\u00e1 h\u1ee3p l\u00fd trong ph\u00e2n kh\u00fac<\/li>\n<\/ul>\n<p data-start=\"5256\" data-end=\"5360\">\ud83d\udc49 <strong data-start=\"5259\" data-end=\"5360\">Lavabo \u00e2m b\u00e0n American Standard 0458-WT l\u00e0 l\u1ef1a ch\u1ecdn r\u1ea5t \u0111\u00e1ng c\u00e2n nh\u1eafc cho c\u1ea3 nh\u00e0 \u1edf v\u00e0 c\u00f4ng tr\u00ecnh.<\/strong><\/p>\n<p>&nbsp;<\/p>\n<p data-start=\"4866\" data-end=\"4979\"><strong data-start=\"4866\" data-end=\"4917\">Ehrlich Vi\u1ec7t Nam \u2013 Thi\u1ebft B\u1ecb Nh\u00e0 B\u1ebfp &amp; Ph\u00f2ng T\u1eafm<\/strong><br data-start=\"4917\" data-end=\"4920\" \/>\ud83d\udccd \u0110\u1ecba ch\u1ec9: S\u1ed1 6 Li\u1ec1n K\u1ec1 22, K\u0110T V\u0103n Kh\u00ea, H\u00e0 \u0110\u00f4ng, H\u00e0 N\u1ed9i<\/p>\n<p data-start=\"4981\" data-end=\"5105\">\ud83c\udf10 Website: <a class=\"decorated-link\" href=\"https:\/\/ehrlichvietnam.vn\/\" target=\"_new\" rel=\"noopener\" data-start=\"4993\" data-end=\"5019\">https:\/\/ehrlichvietnam.vn\/<\/a><br data-start=\"5019\" data-end=\"5022\" \/>\ud83d\udcde Hotline: <strong data-start=\"5034\" data-end=\"5051\">0932 27 05 20<\/strong><br data-start=\"5051\" data-end=\"5054\" \/>\ud83d\udcac Zalo OA: <a class=\"decorated-link\" href=\"https:\/\/zalo.me\/s\/2888141157129558325\" target=\"_new\" rel=\"noopener\" data-start=\"5066\" data-end=\"5103\">https:\/\/zalo.me\/s\/2888141157129558325<\/a><\/p>\n<p data-start=\"5107\" data-end=\"5218\">\ud83c\udfa5 TikTok: <a class=\"decorated-link\" href=\"https:\/\/www.tiktok.com\/@ehrlich.chia.s?_r=1\" target=\"_new\" rel=\"noopener\" data-start=\"5118\" data-end=\"5162\">https:\/\/www.tiktok.com\/@ehrlichthietbivesinh<\/a><br data-start=\"5162\" data-end=\"5165\" \/>\u25b6\ufe0f YouTube: <a class=\"decorated-link\" href=\"https:\/\/www.youtube.com\/@EhrlichVietNam\" target=\"_new\" rel=\"noopener\" data-start=\"5177\" data-end=\"5216\">https:\/\/www.youtube.com\/@EhrlichVietNam<\/a><\/p>\n<p data-start=\"5220\" data-end=\"5265\">\ud83d\ude9a Giao h\u00e0ng to\u00e0n qu\u1ed1c \u2013 t\u01b0 v\u1ea5n nhanh ch\u00f3ng<\/p>\n<p data-start=\"5267\" data-end=\"5313\">\ud83d\udc49 <strong data-start=\"5270\" data-end=\"5313\">Inbox ngay \u0111\u1ec3 nh\u1eadn \u01b0u \u0111\u00e3i th\u00eam h\u00f4m nay!<\/strong><\/p>\n<p data-start=\"5256\" data-end=\"5360\">\n<p>&nbsp;<\/p>\n","protected":false},"excerpt":{"rendered":"<p>Lavabo \u00e2m b\u00e0n American Standard 0458-WT \u2013 Thi\u1ebft k\u1ebf \u0111\u01b0\u01a1ng \u0111\u1ea1i, t\u1ed1i \u01b0u kh\u00f4ng gian, chu\u1ea9n th\u1ea9m m\u1ef9 ph\u00f2ng t\u1eafm hi\u1ec7n \u0111\u1ea1i Trong thi\u1ebft k\u1ebf n\u1ed9i th\u1ea5t ph\u00f2ng t\u1eafm ng\u00e0y nay, vi\u1ec7c l\u1ef1a ch\u1ecdn lavabo kh\u00f4ng ch\u1ec9 d\u1eebng l\u1ea1i \u1edf c\u00f4ng n\u0103ng s\u1eed d\u1ee5ng m\u00e0 c\u00f2n \u0111\u00f3ng vai tr\u00f2 quan tr\u1ecdng trong vi\u1ec7c \u0111\u1ecbnh h\u00ecnh [&hellip;]<\/p>\n","protected":false},"featured_media":4807,"comment_status":"open","ping_status":"closed","template":"","meta":{"_acf_changed":false},"product_brand":[143],"product_cat":[23,15,151,137],"product_tag":[],"class_list":{"0":"post-4806","1":"product","2":"type-product","3":"status-publish","4":"has-post-thumbnail","6":"product_brand-american-standard","7":"product_cat-thiet-bi-phong-ve-sinh","8":"product_cat-san-pham","9":"product_cat-chau-lavabo-american-standard","10":"product_cat-thuong-hieu-american-standard","12":"first","13":"instock","14":"sale","15":"shipping-taxable","16":"purchasable","17":"product-type-simple"},"acf":[],"_links":{"self":[{"href":"https:\/\/ehrlichvietnam.vn\/en\/wp-json\/wp\/v2\/product\/4806","targetHints":{"allow":["GET"]}}],"collection":[{"href":"https:\/\/ehrlichvietnam.vn\/en\/wp-json\/wp\/v2\/product"}],"about":[{"href":"https:\/\/ehrlichvietnam.vn\/en\/wp-json\/wp\/v2\/types\/product"}],"replies":[{"embeddable":true,"href":"https:\/\/ehrlichvietnam.vn\/en\/wp-json\/wp\/v2\/comments?post=4806"}],"wp:featuredmedia":[{"embeddable":true,"href":"https:\/\/ehrlichvietnam.vn\/en\/wp-json\/wp\/v2\/media\/4807"}],"wp:attachment":[{"href":"https:\/\/ehrlichvietnam.vn\/en\/wp-json\/wp\/v2\/media?parent=4806"}],"wp:term":[{"taxonomy":"product_brand","embeddable":true,"href":"https:\/\/ehrlichvietnam.vn\/en\/wp-json\/wp\/v2\/product_brand?post=4806"},{"taxonomy":"product_cat","embeddable":true,"href":"https:\/\/ehrlichvietnam.vn\/en\/wp-json\/wp\/v2\/product_cat?post=4806"},{"taxonomy":"product_tag","embeddable":true,"href":"https:\/\/ehrlichvietnam.vn\/en\/wp-json\/wp\/v2\/product_tag?post=4806"}],"curies":[{"name":"wp","href":"https:\/\/api.w.org\/{rel}","templated":true}]}}