{"id":4801,"date":"2026-04-15T09:17:22","date_gmt":"2026-04-15T09:17:22","guid":{"rendered":"https:\/\/ehrlichvietnam.vn\/?post_type=product&#038;p=4801"},"modified":"2026-04-15T10:09:18","modified_gmt":"2026-04-15T10:09:18","slug":"lavabo-am-ban-activa-american-standard-ti-0459-wt","status":"publish","type":"product","link":"https:\/\/ehrlichvietnam.vn\/lavabo-am-ban-activa-american-standard-ti-0459-wt\/","title":{"rendered":"Lavabo \u00e2m b\u00e0n Activa American Standard TI-0459-WT"},"content":{"rendered":"<h2 data-start=\"0\" data-end=\"99\">Lavabo \u00e2m b\u00e0n American Standard TI-0459-WT \u2013 T\u1ed1i gi\u1ea3n tinh t\u1ebf, chu\u1ea9n xu h\u01b0\u1edbng ph\u00f2ng t\u1eafm hi\u1ec7n \u0111\u1ea1i<\/h2>\n<p data-start=\"101\" data-end=\"482\">Trong thi\u1ebft k\u1ebf n\u1ed9i th\u1ea5t ph\u00f2ng t\u1eafm hi\u1ec7n nay, <strong data-start=\"145\" data-end=\"162\">lavabo \u00e2m b\u00e0n<\/strong> \u0111ang tr\u1edf th\u00e0nh l\u1ef1a ch\u1ecdn \u01b0u ti\u00ean nh\u1edd kh\u1ea3 n\u0103ng t\u1ed1i \u01b0u kh\u00f4ng gian, t\u0103ng t\u00ednh th\u1ea9m m\u1ef9 v\u00e0 d\u1ec5 v\u1ec7 sinh. N\u1ed5i b\u1eadt trong ph\u00e2n kh\u00fac n\u00e0y l\u00e0 m\u1eabu <strong data-start=\"295\" data-end=\"330\">lavabo \u00e2m b\u00e0n Activa TI-0459-WT<\/strong> \u0111\u1ebfn t\u1eeb th\u01b0\u01a1ng hi\u1ec7u <span class=\"hover:entity-accent entity-underline inline cursor-pointer align-baseline\"><span class=\"whitespace-normal\">American Standard<\/span><\/span> \u2013 s\u1ef1 k\u1ebft h\u1ee3p ho\u00e0n h\u1ea3o gi\u1eefa <strong data-start=\"415\" data-end=\"481\">thi\u1ebft k\u1ebf tinh gi\u1ea3n, c\u00f4ng ngh\u1ec7 men hi\u1ec7n \u0111\u1ea1i v\u00e0 \u0111\u1ed9 b\u1ec1n v\u01b0\u1ee3t tr\u1ed9i<\/strong>.<\/p>\n<p data-start=\"484\" data-end=\"643\">N\u1ebfu anh \u0111ang t\u00ecm m\u1ed9t m\u1eabu ch\u1eadu r\u1eeda v\u1eeba \u0111\u1eb9p, v\u1eeba b\u1ec1n, l\u1ea1i ph\u00f9 h\u1ee3p v\u1edbi xu h\u01b0\u1edbng thi\u1ebft k\u1ebf t\u1ef1 nhi\u00ean \u2013 tho\u00e1ng \u0111\u00e3ng, th\u00ec TI-0459-WT l\u00e0 m\u1ed9t l\u1ef1a ch\u1ecdn r\u1ea5t \u0111\u00e1ng c\u00e2n nh\u1eafc.<\/p>\n<hr data-start=\"645\" data-end=\"648\" \/>\n<h1 data-start=\"650\" data-end=\"698\">1. T\u1ed5ng quan s\u1ea3n ph\u1ea9m lavabo \u00e2m b\u00e0n TI-0459-WT<\/h1>\n<p data-start=\"700\" data-end=\"955\"><strong data-start=\"700\" data-end=\"717\">T\u00ean s\u1ea3n ph\u1ea9m:<\/strong> Lavabo \u00e2m b\u00e0n Activa TI-0459-WT<br data-start=\"749\" data-end=\"752\" \/><strong data-start=\"752\" data-end=\"768\">Th\u01b0\u01a1ng hi\u1ec7u:<\/strong> <span class=\"hover:entity-accent entity-underline inline cursor-pointer align-baseline\"><span class=\"whitespace-normal\">American Standard<\/span><\/span><br data-start=\"806\" data-end=\"809\" \/><strong data-start=\"809\" data-end=\"823\">Ki\u1ec3u d\u00e1ng:<\/strong> Ch\u1eadu r\u1eeda \u00e2m b\u00e0n<br data-start=\"839\" data-end=\"842\" \/><strong data-start=\"842\" data-end=\"856\">Ch\u1ea5t li\u1ec7u:<\/strong> S\u1ee9 cao c\u1ea5p<br data-start=\"867\" data-end=\"870\" \/><strong data-start=\"870\" data-end=\"882\">M\u00e0u s\u1eafc:<\/strong> Tr\u1eafng<br data-start=\"888\" data-end=\"891\" \/><strong data-start=\"891\" data-end=\"906\">K\u00edch th\u01b0\u1edbc:<\/strong> 600mm<br data-start=\"912\" data-end=\"915\" \/><strong data-start=\"915\" data-end=\"929\">C\u00f4ng ngh\u1ec7:<\/strong> Tr\u00e1ng men c\u00f4ng ngh\u1ec7 cao<\/p>\n<p data-start=\"957\" data-end=\"1004\">\ud83d\udc49 \u0110\u00e2y l\u00e0 d\u00f2ng s\u1ea3n ph\u1ea9m \u0111\u01b0\u1ee3c thi\u1ebft k\u1ebf d\u00e0nh cho:<\/p>\n<ul data-start=\"1005\" data-end=\"1091\">\n<li data-start=\"1005\" data-end=\"1025\">Nh\u00e0 ph\u1ed1 hi\u1ec7n \u0111\u1ea1i<\/li>\n<li data-start=\"1026\" data-end=\"1054\">Chung c\u01b0 trung \u2013 cao c\u1ea5p<\/li>\n<li data-start=\"1055\" data-end=\"1067\">Bi\u1ec7t th\u1ef1<\/li>\n<li data-start=\"1068\" data-end=\"1091\">Kh\u00e1ch s\u1ea1n, homestay<\/li>\n<\/ul>\n<p><img decoding=\"async\" src=\"https:\/\/cdn.hita.com.vn\/storage\/products\/american-standard\/chau-rua-lavabo-am-ban\/ti-0459-wt-bvkt.jpeg\" \/><\/p>\n<hr data-start=\"1093\" data-end=\"1096\" \/>\n<h1 data-start=\"1098\" data-end=\"1155\">2. Lavabo \u00e2m b\u00e0n \u2013 Xu h\u01b0\u1edbng thi\u1ebft k\u1ebf ph\u00f2ng t\u1eafm hi\u1ec7n \u0111\u1ea1i<\/h1>\n<h3 data-start=\"1157\" data-end=\"1185\">2.1 Lavabo \u00e2m b\u00e0n l\u00e0 g\u00ec?<\/h3>\n<p data-start=\"1186\" data-end=\"1217\">Lavabo \u00e2m b\u00e0n l\u00e0 lo\u1ea1i ch\u1eadu r\u1eeda:<\/p>\n<ul data-start=\"1218\" data-end=\"1295\">\n<li data-start=\"1218\" data-end=\"1254\">\u0110\u01b0\u1ee3c l\u1eafp ch\u00ecm d\u01b0\u1edbi m\u1eb7t \u0111\u00e1 (b\u00e0n \u0111\u00e1)<\/li>\n<li data-start=\"1255\" data-end=\"1295\">Ph\u1ea7n l\u00f2ng ch\u1eadu n\u1eb1m ho\u00e0n to\u00e0n ph\u00eda d\u01b0\u1edbi<\/li>\n<\/ul>\n<p data-start=\"1297\" data-end=\"1309\">\ud83d\udc49 Kh\u00e1c v\u1edbi:<\/p>\n<ul data-start=\"1310\" data-end=\"1385\">\n<li data-start=\"1310\" data-end=\"1339\">Lavabo \u0111\u1eb7t b\u00e0n (l\u1ed9 to\u00e0n b\u1ed9)<\/li>\n<li data-start=\"1340\" data-end=\"1385\">Lavabo treo t\u01b0\u1eddng (g\u1eafn tr\u1ef1c ti\u1ebfp l\u00ean t\u01b0\u1eddng)<\/li>\n<\/ul>\n<hr data-start=\"1387\" data-end=\"1390\" \/>\n<h3 data-start=\"1392\" data-end=\"1446\">2.2 V\u00ec sao lavabo \u00e2m b\u00e0n ng\u00e0y c\u00e0ng \u0111\u01b0\u1ee3c \u01b0a chu\u1ed9ng?<\/h3>\n<p data-start=\"1448\" data-end=\"1620\">\u2714 T\u0103ng t\u00ednh th\u1ea9m m\u1ef9: b\u1ec1 m\u1eb7t b\u00e0n li\u1ec1n m\u1ea1ch, sang tr\u1ecdng<br data-start=\"1501\" data-end=\"1504\" \/>\u2714 D\u1ec5 v\u1ec7 sinh: kh\u00f4ng c\u00f3 g\u1edd ch\u1eafn n\u01b0\u1edbc<br data-start=\"1539\" data-end=\"1542\" \/>\u2714 T\u1ed1i \u01b0u kh\u00f4ng gian: g\u1ecdn g\u00e0ng, tinh t\u1ebf<br data-start=\"1580\" data-end=\"1583\" \/>\u2714 Ph\u00f9 h\u1ee3p nhi\u1ec1u phong c\u00e1ch thi\u1ebft k\u1ebf<\/p>\n<p data-start=\"1622\" data-end=\"1646\">\ud83d\udc49 \u0110\u1eb7c bi\u1ec7t ph\u00f9 h\u1ee3p v\u1edbi:<\/p>\n<ul data-start=\"1647\" data-end=\"1726\">\n<li data-start=\"1647\" data-end=\"1686\">Kh\u00f4ng gian ph\u00f2ng t\u1eafm nh\u1ecf c\u1ea7n t\u1ed1i \u01b0u<\/li>\n<li data-start=\"1687\" data-end=\"1726\">C\u00f4ng tr\u00ecnh y\u00eau c\u1ea7u t\u00ednh th\u1ea9m m\u1ef9 cao<\/li>\n<\/ul>\n<hr data-start=\"1728\" data-end=\"1731\" \/>\n<h1 data-start=\"1733\" data-end=\"1799\">3. Thi\u1ebft k\u1ebf TI-0459-WT \u2013 Thanh l\u1ecbch, l\u1ea5y c\u1ea3m h\u1ee9ng t\u1eeb thi\u00ean nhi\u00ean<\/h1>\n<h3 data-start=\"1801\" data-end=\"1835\">3.1 Ki\u1ec3u d\u00e1ng m\u1ec1m m\u1ea1i, c\u00e2n \u0111\u1ed1i<\/h3>\n<p data-start=\"1836\" data-end=\"1868\">Lavabo TI-0459-WT \u0111\u01b0\u1ee3c thi\u1ebft k\u1ebf:<\/p>\n<ul data-start=\"1869\" data-end=\"1938\">\n<li data-start=\"1869\" data-end=\"1893\">\u0110\u01b0\u1eddng cong nh\u1eb9 nh\u00e0ng<\/li>\n<li data-start=\"1894\" data-end=\"1920\">L\u00f2ng ch\u1eadu s\u00e2u v\u1eeba ph\u1ea3i<\/li>\n<li data-start=\"1921\" data-end=\"1938\">T\u1ef7 l\u1ec7 h\u00e0i h\u00f2a<\/li>\n<\/ul>\n<p data-start=\"1940\" data-end=\"1956\">\ud83d\udc49 T\u1ea1o c\u1ea3m gi\u00e1c:<\/p>\n<ul data-start=\"1957\" data-end=\"2014\">\n<li data-start=\"1957\" data-end=\"1970\">Nh\u1eb9 nh\u00e0ng<\/li>\n<li data-start=\"1971\" data-end=\"1986\">Tho\u00e1ng \u0111\u00e3ng<\/li>\n<li data-start=\"1987\" data-end=\"2014\">G\u1ea7n g\u0169i v\u1edbi thi\u00ean nhi\u00ean<\/li>\n<\/ul>\n<hr data-start=\"2016\" data-end=\"2019\" \/>\n<h3 data-start=\"2021\" data-end=\"2078\">3.2 Phong c\u00e1ch Natural Minimalism (t\u1ed1i gi\u1ea3n t\u1ef1 nhi\u00ean)<\/h3>\n<p data-start=\"2079\" data-end=\"2106\">S\u1ea3n ph\u1ea9m mang \u0111\u1eadm xu h\u01b0\u1edbng:<\/p>\n<ul data-start=\"2107\" data-end=\"2183\">\n<li data-start=\"2107\" data-end=\"2122\">\u00cdt chi ti\u1ebft<\/li>\n<li data-start=\"2123\" data-end=\"2150\">T\u1eadp trung v\u00e0o c\u00f4ng n\u0103ng<\/li>\n<li data-start=\"2151\" data-end=\"2183\">T\u00f4n l\u00ean v\u1eadt li\u1ec7u v\u00e0 \u00e1nh s\u00e1ng<\/li>\n<\/ul>\n<p data-start=\"2185\" data-end=\"2233\">\ud83d\udc49 \u0110\u00e2y l\u00e0 phong c\u00e1ch \u0111ang c\u1ef1c k\u1ef3 ph\u1ed5 bi\u1ebfn trong:<\/p>\n<ul data-start=\"2234\" data-end=\"2283\">\n<li data-start=\"2234\" data-end=\"2254\">Nh\u00e0 ph\u1ed1 hi\u1ec7n \u0111\u1ea1i<\/li>\n<li data-start=\"2255\" data-end=\"2283\">Resort, homestay cao c\u1ea5p<\/li>\n<\/ul>\n<hr data-start=\"2285\" data-end=\"2288\" \/>\n<h1 data-start=\"2290\" data-end=\"2337\">4. Ch\u1ea5t li\u1ec7u s\u1ee9 cao c\u1ea5p \u2013 N\u1ec1n t\u1ea3ng c\u1ee7a \u0111\u1ed9 b\u1ec1n<\/h1>\n<h3 data-start=\"2339\" data-end=\"2372\">4.1 S\u1ee9 v\u1ec7 sinh ch\u1ea5t l\u01b0\u1ee3ng cao<\/h3>\n<p data-start=\"2373\" data-end=\"2408\">Lavabo TI-0459-WT \u0111\u01b0\u1ee3c s\u1ea3n xu\u1ea5t t\u1eeb:<\/p>\n<ul data-start=\"2409\" data-end=\"2457\">\n<li data-start=\"2409\" data-end=\"2435\">S\u1ee9 nung \u1edf nhi\u1ec7t \u0111\u1ed9 cao<\/li>\n<li data-start=\"2436\" data-end=\"2457\">K\u1ebft c\u1ea5u \u0111\u1eb7c, ch\u1eafc<\/li>\n<\/ul>\n<p data-start=\"2459\" data-end=\"2471\">\ud83d\udc49 Mang l\u1ea1i:<\/p>\n<ul data-start=\"2472\" data-end=\"2557\">\n<li data-start=\"2472\" data-end=\"2486\">\u0110\u1ed9 b\u1ec1n cao<\/li>\n<li data-start=\"2487\" data-end=\"2503\">Ch\u1ecbu l\u1ef1c t\u1ed1t<\/li>\n<li data-start=\"2504\" data-end=\"2557\">Kh\u00f4ng n\u1ee9t v\u1ee1 trong \u0111i\u1ec1u ki\u1ec7n s\u1eed d\u1ee5ng th\u00f4ng th\u01b0\u1eddng<\/li>\n<\/ul>\n<hr data-start=\"2559\" data-end=\"2562\" \/>\n<h3 data-start=\"2564\" data-end=\"2592\">4.2 An to\u00e0n cho s\u1ee9c kh\u1ecfe<\/h3>\n<p data-start=\"2593\" data-end=\"2606\">Ch\u1ea5t li\u1ec7u s\u1ee9:<\/p>\n<ul data-start=\"2607\" data-end=\"2666\">\n<li data-start=\"2607\" data-end=\"2638\">Kh\u00f4ng ch\u1ee9a t\u1ea1p ch\u1ea5t \u0111\u1ed9c h\u1ea1i<\/li>\n<li data-start=\"2639\" data-end=\"2666\">Kh\u00f4ng ph\u1ea3n \u1ee9ng v\u1edbi n\u01b0\u1edbc<\/li>\n<\/ul>\n<p data-start=\"2668\" data-end=\"2717\">\ud83d\udc49 \u0110\u1ea3m b\u1ea3o an to\u00e0n tuy\u1ec7t \u0111\u1ed1i khi s\u1eed d\u1ee5ng l\u00e2u d\u00e0i.<\/p>\n<hr data-start=\"2719\" data-end=\"2722\" \/>\n<h1 data-start=\"2724\" data-end=\"2776\">5. C\u00f4ng ngh\u1ec7 tr\u00e1ng men \u2013 Ch\u1ed1ng b\u00e1m b\u1ea9n, d\u1ec5 v\u1ec7 sinh<\/h1>\n<h3 data-start=\"2778\" data-end=\"2806\">5.1 Men s\u1ee9 c\u00f4ng ngh\u1ec7 cao<\/h3>\n<p data-start=\"2807\" data-end=\"2850\">\u0110i\u1ec3m m\u1ea1nh l\u1edbn c\u1ee7a TI-0459-WT n\u1eb1m \u1edf l\u1edbp men:<\/p>\n<ul data-start=\"2851\" data-end=\"2901\">\n<li data-start=\"2851\" data-end=\"2870\">B\u1ec1 m\u1eb7t si\u00eau m\u1ecbn<\/li>\n<li data-start=\"2871\" data-end=\"2886\">\u0110\u1ed9 b\u00f3ng cao<\/li>\n<li data-start=\"2887\" data-end=\"2901\">\u00cdt l\u1ed7 r\u1ed7ng<\/li>\n<\/ul>\n<hr data-start=\"2903\" data-end=\"2906\" \/>\n<h3 data-start=\"2908\" data-end=\"2948\">5.2 Kh\u1ea3 n\u0103ng ch\u1ed1ng b\u00e1m b\u1ea9n v\u01b0\u1ee3t tr\u1ed9i<\/h3>\n<p data-start=\"2949\" data-end=\"2976\">Nh\u1edd c\u00f4ng ngh\u1ec7 men hi\u1ec7n \u0111\u1ea1i:<\/p>\n<ul data-start=\"2977\" data-end=\"3056\">\n<li data-start=\"2977\" data-end=\"3001\">H\u1ea1n ch\u1ebf b\u00e1m c\u1eb7n n\u01b0\u1edbc<\/li>\n<li data-start=\"3002\" data-end=\"3023\">Gi\u1ea3m b\u00e1m vi khu\u1ea9n<\/li>\n<li data-start=\"3024\" data-end=\"3056\">D\u1ec5 lau ch\u00f9i ch\u1ec9 v\u1edbi kh\u0103n m\u1ec1m<\/li>\n<\/ul>\n<p data-start=\"3058\" data-end=\"3097\">\ud83d\udc49 Ti\u1ebft ki\u1ec7m th\u1eddi gian v\u1ec7 sinh \u0111\u00e1ng k\u1ec3.<\/p>\n<hr data-start=\"3099\" data-end=\"3102\" \/>\n<h3 data-start=\"3104\" data-end=\"3133\">5.3 Gi\u1eef m\u00e0u tr\u1eafng b\u1ec1n l\u00e2u<\/h3>\n<ul data-start=\"3134\" data-end=\"3202\">\n<li data-start=\"3134\" data-end=\"3150\">Kh\u00f4ng \u1ed1 v\u00e0ng<\/li>\n<li data-start=\"3151\" data-end=\"3168\">Kh\u00f4ng x\u1ec9n m\u00e0u<\/li>\n<li data-start=\"3169\" data-end=\"3202\">Lu\u00f4n gi\u1eef v\u1ebb s\u00e1ng s\u1ea1ch nh\u01b0 m\u1edbi<\/li>\n<\/ul>\n<p data-start=\"3204\" data-end=\"3270\">\ud83d\udc49 \u0110\u00e2y l\u00e0 y\u1ebfu t\u1ed1 c\u1ef1c k\u1ef3 quan tr\u1ecdng v\u1edbi kh\u00e1ch h\u00e0ng trung \u2013 cao c\u1ea5p.<\/p>\n<hr data-start=\"3272\" data-end=\"3275\" \/>\n<h1 data-start=\"3277\" data-end=\"3330\">6. K\u00edch th\u01b0\u1edbc 600mm \u2013 T\u1ed1i \u01b0u cho \u0111a d\u1ea1ng kh\u00f4ng gian<\/h1>\n<h3 data-start=\"3332\" data-end=\"3365\">6.1 Ph\u00f9 h\u1ee3p nhi\u1ec1u lo\u1ea1i b\u00e0n \u0111\u00e1<\/h3>\n<p data-start=\"3366\" data-end=\"3387\">V\u1edbi k\u00edch th\u01b0\u1edbc 600mm:<\/p>\n<ul data-start=\"3388\" data-end=\"3465\">\n<li data-start=\"3388\" data-end=\"3429\">D\u1ec5 d\u00e0ng k\u1ebft h\u1ee3p v\u1edbi b\u00e0n \u0111\u00e1 ti\u00eau chu\u1ea9n<\/li>\n<li data-start=\"3430\" data-end=\"3465\">Kh\u00f4ng chi\u1ebfm qu\u00e1 nhi\u1ec1u di\u1ec7n t\u00edch<\/li>\n<\/ul>\n<hr data-start=\"3467\" data-end=\"3470\" \/>\n<h3 data-start=\"3472\" data-end=\"3513\">6.2 C\u00e2n \u0111\u1ed1i gi\u1eefa th\u1ea9m m\u1ef9 v\u00e0 c\u00f4ng n\u0103ng<\/h3>\n<ul data-start=\"3514\" data-end=\"3582\">\n<li data-start=\"3514\" data-end=\"3546\">Kh\u00f4ng qu\u00e1 nh\u1ecf (g\u00e2y b\u1eafn n\u01b0\u1edbc)<\/li>\n<li data-start=\"3547\" data-end=\"3582\">Kh\u00f4ng qu\u00e1 l\u1edbn (chi\u1ebfm di\u1ec7n t\u00edch)<\/li>\n<\/ul>\n<p data-start=\"3584\" data-end=\"3619\">\ud83d\udc49 \u0110\u00e2y l\u00e0 k\u00edch th\u01b0\u1edbc \u201cv\u1eeba \u0111\u1eb9p\u201d cho:<\/p>\n<ul data-start=\"3620\" data-end=\"3658\">\n<li data-start=\"3620\" data-end=\"3631\">Nh\u00e0 ph\u1ed1<\/li>\n<li data-start=\"3632\" data-end=\"3644\">Chung c\u01b0<\/li>\n<li data-start=\"3645\" data-end=\"3658\">Kh\u00e1ch s\u1ea1n<\/li>\n<\/ul>\n<hr data-start=\"3660\" data-end=\"3663\" \/>\n<h1 data-start=\"3665\" data-end=\"3697\">7. Tr\u1ea3i nghi\u1ec7m s\u1eed d\u1ee5ng th\u1ef1c t\u1ebf<\/h1>\n<h3 data-start=\"3699\" data-end=\"3723\">7.1 H\u1ea1n ch\u1ebf b\u1eafn n\u01b0\u1edbc<\/h3>\n<p data-start=\"3724\" data-end=\"3750\">Thi\u1ebft k\u1ebf l\u00f2ng ch\u1eadu h\u1ee3p l\u00fd:<\/p>\n<ul data-start=\"3751\" data-end=\"3783\">\n<li data-start=\"3751\" data-end=\"3768\">\u0110\u1ed9 s\u00e2u t\u1ed1i \u01b0u<\/li>\n<li data-start=\"3769\" data-end=\"3783\">G\u00f3c bo m\u1ec1m<\/li>\n<\/ul>\n<p data-start=\"3785\" data-end=\"3793\">\ud83d\udc49 Gi\u00fap:<\/p>\n<ul data-start=\"3794\" data-end=\"3856\">\n<li data-start=\"3794\" data-end=\"3820\">Gi\u1ea3m b\u1eafn n\u01b0\u1edbc ra ngo\u00e0i<\/li>\n<li data-start=\"3821\" data-end=\"3856\">Gi\u1eef khu v\u1ef1c b\u00e0n \u0111\u00e1 lu\u00f4n kh\u00f4 r\u00e1o<\/li>\n<\/ul>\n<hr data-start=\"3858\" data-end=\"3861\" \/>\n<h3 data-start=\"3863\" data-end=\"3892\">7.2 D\u1ec5 k\u1ebft h\u1ee3p v\u00f2i lavabo<\/h3>\n<p data-start=\"3893\" data-end=\"3933\">Lavabo \u00e2m b\u00e0n TI-0459-WT c\u00f3 th\u1ec3 k\u1ebft h\u1ee3p:<\/p>\n<ul data-start=\"3934\" data-end=\"3981\">\n<li data-start=\"3934\" data-end=\"3956\">V\u00f2i lavabo g\u1eafn b\u00e0n<\/li>\n<li data-start=\"3957\" data-end=\"3981\">V\u00f2i lavabo g\u1eafn t\u01b0\u1eddng<\/li>\n<\/ul>\n<p data-start=\"3983\" data-end=\"4024\">\ud83d\udc49 T\u1ea1o nhi\u1ec1u l\u1ef1a ch\u1ecdn thi\u1ebft k\u1ebf linh ho\u1ea1t.<\/p>\n<hr data-start=\"4026\" data-end=\"4029\" \/>\n<h3 data-start=\"4031\" data-end=\"4058\">7.3 D\u1ec5 v\u1ec7 sinh t\u1ed5ng th\u1ec3<\/h3>\n<p data-start=\"4059\" data-end=\"4084\">Kh\u00f4ng gi\u1ed1ng ch\u1eadu \u0111\u1eb7t b\u00e0n:<\/p>\n<ul data-start=\"4085\" data-end=\"4139\">\n<li data-start=\"4085\" data-end=\"4113\">Kh\u00f4ng c\u00f3 khe h\u1edf ph\u1ee9c t\u1ea1p<\/li>\n<li data-start=\"4114\" data-end=\"4139\">Lau m\u1ed9t \u0111\u01b0\u1eddng l\u00e0 s\u1ea1ch<\/li>\n<\/ul>\n<p data-start=\"4141\" data-end=\"4160\">\ud83d\udc49 R\u1ea5t ph\u00f9 h\u1ee3p v\u1edbi:<\/p>\n<ul data-start=\"4161\" data-end=\"4213\">\n<li data-start=\"4161\" data-end=\"4181\">Gia \u0111\u00ecnh b\u1eadn r\u1ed9n<\/li>\n<li data-start=\"4182\" data-end=\"4213\">Kh\u00e1ch s\u1ea1n c\u1ea7n v\u1ec7 sinh nhanh<\/li>\n<\/ul>\n<hr data-start=\"4215\" data-end=\"4218\" \/>\n<h1 data-start=\"4220\" data-end=\"4270\">8. So s\u00e1nh nhanh lavabo \u00e2m b\u00e0n v\u1edbi c\u00e1c lo\u1ea1i kh\u00e1c<\/h1>\n<div class=\"TyagGW_tableContainer\">\n<div class=\"group TyagGW_tableWrapper flex flex-col-reverse w-fit\" tabindex=\"-1\">\n<table class=\"w-fit min-w-(--thread-content-width)\" data-start=\"4272\" data-end=\"4596\">\n<thead data-start=\"4272\" data-end=\"4331\">\n<tr data-start=\"4272\" data-end=\"4331\">\n<th class=\"\" data-start=\"4272\" data-end=\"4283\" data-col-size=\"sm\">Ti\u00eau ch\u00ed<\/th>\n<th class=\"\" data-start=\"4283\" data-end=\"4299\" data-col-size=\"sm\">Lavabo \u00e2m b\u00e0n<\/th>\n<th class=\"\" data-start=\"4299\" data-end=\"4316\" data-col-size=\"sm\">Lavabo \u0111\u1eb7t b\u00e0n<\/th>\n<th class=\"\" data-start=\"4316\" data-end=\"4331\" data-col-size=\"sm\">Lavabo treo<\/th>\n<\/tr>\n<\/thead>\n<tbody data-start=\"4392\" data-end=\"4596\">\n<tr data-start=\"4392\" data-end=\"4432\">\n<td data-start=\"4392\" data-end=\"4402\" data-col-size=\"sm\">Th\u1ea9m m\u1ef9<\/td>\n<td data-start=\"4402\" data-end=\"4408\" data-col-size=\"sm\">Cao<\/td>\n<td data-start=\"4408\" data-end=\"4418\" data-col-size=\"sm\">R\u1ea5t cao<\/td>\n<td data-start=\"4418\" data-end=\"4432\" data-col-size=\"sm\">Trung b\u00ecnh<\/td>\n<\/tr>\n<tr data-start=\"4433\" data-end=\"4474\">\n<td data-start=\"4433\" data-end=\"4444\" data-col-size=\"sm\">G\u1ecdn g\u00e0ng<\/td>\n<td data-start=\"4444\" data-end=\"4454\" data-col-size=\"sm\">R\u1ea5t g\u1ecdn<\/td>\n<td data-start=\"4454\" data-end=\"4467\" data-col-size=\"sm\">Trung b\u00ecnh<\/td>\n<td data-start=\"4467\" data-end=\"4474\" data-col-size=\"sm\">G\u1ecdn<\/td>\n<\/tr>\n<tr data-start=\"4475\" data-end=\"4506\">\n<td data-start=\"4475\" data-end=\"4485\" data-col-size=\"sm\">V\u1ec7 sinh<\/td>\n<td data-start=\"4485\" data-end=\"4490\" data-col-size=\"sm\">D\u1ec5<\/td>\n<td data-start=\"4490\" data-end=\"4500\" data-col-size=\"sm\">Kh\u00f3 h\u01a1n<\/td>\n<td data-start=\"4500\" data-end=\"4506\" data-col-size=\"sm\">D\u1ec5<\/td>\n<\/tr>\n<tr data-start=\"4507\" data-end=\"4541\">\n<td data-start=\"4507\" data-end=\"4517\" data-col-size=\"sm\">L\u1eafp \u0111\u1eb7t<\/td>\n<td data-start=\"4517\" data-end=\"4530\" data-col-size=\"sm\">C\u1ea7n b\u00e0n \u0111\u00e1<\/td>\n<td data-start=\"4530\" data-end=\"4535\" data-col-size=\"sm\">D\u1ec5<\/td>\n<td data-start=\"4535\" data-end=\"4541\" data-col-size=\"sm\">D\u1ec5<\/td>\n<\/tr>\n<tr data-start=\"4542\" data-end=\"4596\">\n<td data-start=\"4542\" data-end=\"4553\" data-col-size=\"sm\">\u1ee8ng d\u1ee5ng<\/td>\n<td data-start=\"4553\" data-end=\"4567\" data-col-size=\"sm\">Nh\u00e0 ph\u1ed1, KS<\/td>\n<td data-start=\"4567\" data-end=\"4585\" data-col-size=\"sm\">Bi\u1ec7t th\u1ef1, decor<\/td>\n<td data-start=\"4585\" data-end=\"4596\" data-col-size=\"sm\">Nh\u00e0 nh\u1ecf<\/td>\n<\/tr>\n<\/tbody>\n<\/table>\n<\/div>\n<\/div>\n<p data-start=\"4598\" data-end=\"4681\">\ud83d\udc49 TI-0459-WT l\u00e0 l\u1ef1a ch\u1ecdn c\u00e2n b\u1eb1ng t\u1ed1t nh\u1ea5t gi\u1eefa:<br \/>\n<strong data-start=\"4648\" data-end=\"4681\">th\u1ea9m m\u1ef9 \u2013 c\u00f4ng n\u0103ng \u2013 chi ph\u00ed<\/strong><\/p>\n<hr data-start=\"4683\" data-end=\"4686\" \/>\n<h1 data-start=\"4688\" data-end=\"4726\">9. \u1ee8ng d\u1ee5ng th\u1ef1c t\u1ebf trong c\u00f4ng tr\u00ecnh<\/h1>\n<h3 data-start=\"4728\" data-end=\"4752\">9.1 Nh\u00e0 ph\u1ed1 hi\u1ec7n \u0111\u1ea1i<\/h3>\n<ul data-start=\"4753\" data-end=\"4802\">\n<li data-start=\"4753\" data-end=\"4777\">T\u0103ng t\u00ednh sang tr\u1ecdng<\/li>\n<li data-start=\"4778\" data-end=\"4802\">\u0110\u1ed3ng b\u1ed9 v\u1edbi n\u1ed9i th\u1ea5t<\/li>\n<\/ul>\n<hr data-start=\"4804\" data-end=\"4807\" \/>\n<h3 data-start=\"4809\" data-end=\"4825\">9.2 Chung c\u01b0<\/h3>\n<ul data-start=\"4826\" data-end=\"4862\">\n<li data-start=\"4826\" data-end=\"4846\">T\u1ed1i \u01b0u di\u1ec7n t\u00edch<\/li>\n<li data-start=\"4847\" data-end=\"4862\">D\u1ec5 thi c\u00f4ng<\/li>\n<\/ul>\n<hr data-start=\"4864\" data-end=\"4867\" \/>\n<h3 data-start=\"4869\" data-end=\"4897\">9.3 Kh\u00e1ch s\u1ea1n \u2013 homestay<\/h3>\n<ul data-start=\"4898\" data-end=\"4946\">\n<li data-start=\"4898\" data-end=\"4918\">D\u1ec5 v\u1ec7 sinh nhanh<\/li>\n<li data-start=\"4919\" data-end=\"4946\">T\u1ea1o tr\u1ea3i nghi\u1ec7m cao c\u1ea5p<\/li>\n<\/ul>\n<hr data-start=\"4948\" data-end=\"4951\" \/>\n<h3 data-start=\"4953\" data-end=\"4969\">9.4 Bi\u1ec7t th\u1ef1<\/h3>\n<ul data-start=\"4970\" data-end=\"5031\">\n<li data-start=\"4970\" data-end=\"4997\">K\u1ebft h\u1ee3p v\u1edbi \u0111\u00e1 t\u1ef1 nhi\u00ean<\/li>\n<li data-start=\"4998\" data-end=\"5031\">T\u0103ng gi\u00e1 tr\u1ecb th\u1ea9m m\u1ef9 t\u1ed5ng th\u1ec3<\/li>\n<\/ul>\n<hr data-start=\"5033\" data-end=\"5036\" \/>\n<h1 data-start=\"5038\" data-end=\"5090\">10. G\u00f3c nh\u00ecn th\u1ecb tr\u01b0\u1eddng \u2013 Xu h\u01b0\u1edbng lavabo hi\u1ec7n nay<\/h1>\n<p data-start=\"5092\" data-end=\"5158\">Hi\u1ec7n nay, ng\u01b0\u1eddi d\u00f9ng kh\u00f4ng ch\u1ec9 ch\u1ecdn lavabo \u0111\u1ec3 \u201cr\u1eeda m\u1eb7t\u201d m\u00e0 c\u00f2n \u0111\u1ec3:<\/p>\n<ul data-start=\"5159\" data-end=\"5212\">\n<li data-start=\"5159\" data-end=\"5183\">Trang tr\u00ed kh\u00f4ng gian<\/li>\n<li data-start=\"5184\" data-end=\"5212\">Th\u1ec3 hi\u1ec7n phong c\u00e1ch s\u1ed1ng<\/li>\n<\/ul>\n<p data-start=\"5214\" data-end=\"5234\">\ud83d\udc49 Xu h\u01b0\u1edbng n\u1ed5i b\u1eadt:<\/p>\n<ul data-start=\"5235\" data-end=\"5305\">\n<li data-start=\"5235\" data-end=\"5261\">Lavabo \u00e2m b\u00e0n + b\u00e0n \u0111\u00e1<\/li>\n<li data-start=\"5262\" data-end=\"5283\">Thi\u1ebft k\u1ebf t\u1ed1i gi\u1ea3n<\/li>\n<li data-start=\"5284\" data-end=\"5305\">M\u00e0u tr\u1eafng tinh t\u1ebf<\/li>\n<\/ul>\n<p data-start=\"5307\" data-end=\"5400\">TI-0459-WT \u0111\u00e1p \u1ee9ng \u0111\u1ea7y \u0111\u1ee7:<br \/>\n\u2714 Thi\u1ebft k\u1ebf hi\u1ec7n \u0111\u1ea1i<br data-start=\"5353\" data-end=\"5356\" \/>\u2714 C\u00f4ng ngh\u1ec7 men t\u1ed1t<br data-start=\"5375\" data-end=\"5378\" \/>\u2714 Th\u01b0\u01a1ng hi\u1ec7u uy t\u00edn<\/p>\n<hr data-start=\"5402\" data-end=\"5405\" \/>\n<h1 data-start=\"5407\" data-end=\"5447\">11. K\u1ebft lu\u1eadn \u2013 C\u00f3 n\u00ean ch\u1ecdn TI-0459-WT?<\/h1>\n<p data-start=\"5449\" data-end=\"5481\">N\u1ebfu anh \u0111ang t\u00ecm m\u1ed9t m\u1eabu lavabo:<\/p>\n<ul data-start=\"5482\" data-end=\"5569\">\n<li data-start=\"5482\" data-end=\"5503\">G\u1ecdn g\u00e0ng, tinh t\u1ebf<\/li>\n<li data-start=\"5504\" data-end=\"5518\">D\u1ec5 v\u1ec7 sinh<\/li>\n<li data-start=\"5519\" data-end=\"5540\">B\u1ec1n, \u00edt xu\u1ed1ng c\u1ea5p<\/li>\n<li data-start=\"5541\" data-end=\"5569\">Ph\u00f9 h\u1ee3p nhi\u1ec1u kh\u00f4ng gian<\/li>\n<\/ul>\n<p data-start=\"5571\" data-end=\"5676\">\ud83d\udc49 <strong data-start=\"5574\" data-end=\"5676\">Lavabo \u00e2m b\u00e0n American Standard TI-0459-WT l\u00e0 l\u1ef1a ch\u1ecdn r\u1ea5t h\u1ee3p l\u00fd trong ph\u00e2n kh\u00fac trung \u2013 cao c\u1ea5p.<\/strong><\/p>\n<p>&nbsp;<\/p>\n<p data-start=\"4866\" data-end=\"4979\"><strong data-start=\"4866\" data-end=\"4917\">Ehrlich Vi\u1ec7t Nam \u2013 Thi\u1ebft B\u1ecb Nh\u00e0 B\u1ebfp &amp; Ph\u00f2ng T\u1eafm<\/strong><br data-start=\"4917\" data-end=\"4920\" \/>\ud83d\udccd \u0110\u1ecba ch\u1ec9: S\u1ed1 6 Li\u1ec1n K\u1ec1 22, K\u0110T V\u0103n Kh\u00ea, H\u00e0 \u0110\u00f4ng, H\u00e0 N\u1ed9i<\/p>\n<p data-start=\"4981\" data-end=\"5105\">\ud83c\udf10 Website: <a class=\"decorated-link\" href=\"https:\/\/ehrlichvietnam.vn\/\" target=\"_new\" rel=\"noopener\" data-start=\"4993\" data-end=\"5019\">https:\/\/ehrlichvietnam.vn\/<\/a><br data-start=\"5019\" data-end=\"5022\" \/>\ud83d\udcde Hotline: <strong data-start=\"5034\" data-end=\"5051\">0932 27 05 20<\/strong><br data-start=\"5051\" data-end=\"5054\" \/>\ud83d\udcac Zalo OA: <a class=\"decorated-link\" href=\"https:\/\/zalo.me\/s\/2888141157129558325\" target=\"_new\" rel=\"noopener\" data-start=\"5066\" data-end=\"5103\">https:\/\/zalo.me\/s\/2888141157129558325<\/a><\/p>\n<p data-start=\"5107\" data-end=\"5218\">\ud83c\udfa5 TikTok: <a class=\"decorated-link\" href=\"https:\/\/www.tiktok.com\/@ehrlich.chia.s?_r=1\" target=\"_new\" rel=\"noopener\" data-start=\"5118\" data-end=\"5162\">https:\/\/www.tiktok.com\/@ehrlichthietbivesinh<\/a><br data-start=\"5162\" data-end=\"5165\" \/>\u25b6\ufe0f YouTube: <a class=\"decorated-link\" href=\"https:\/\/www.youtube.com\/@EhrlichVietNam\" target=\"_new\" rel=\"noopener\" data-start=\"5177\" data-end=\"5216\">https:\/\/www.youtube.com\/@EhrlichVietNam<\/a><\/p>\n<p data-start=\"5220\" data-end=\"5265\">\ud83d\ude9a Giao h\u00e0ng to\u00e0n qu\u1ed1c \u2013 t\u01b0 v\u1ea5n nhanh ch\u00f3ng<\/p>\n<p data-start=\"5267\" data-end=\"5313\">\ud83d\udc49 <strong data-start=\"5270\" data-end=\"5313\">Inbox ngay \u0111\u1ec3 nh\u1eadn \u01b0u \u0111\u00e3i th\u00eam h\u00f4m nay!<\/strong><\/p>\n<p data-start=\"5571\" data-end=\"5676\"><strong data-start=\"5574\" data-end=\"5676\">\u00a0<\/strong><\/p>\n","protected":false},"excerpt":{"rendered":"<p>Lavabo \u00e2m b\u00e0n American Standard TI-0459-WT \u2013 T\u1ed1i gi\u1ea3n tinh t\u1ebf, chu\u1ea9n xu h\u01b0\u1edbng ph\u00f2ng t\u1eafm hi\u1ec7n \u0111\u1ea1i Trong thi\u1ebft k\u1ebf n\u1ed9i th\u1ea5t ph\u00f2ng t\u1eafm hi\u1ec7n nay, lavabo \u00e2m b\u00e0n \u0111ang tr\u1edf th\u00e0nh l\u1ef1a ch\u1ecdn \u01b0u ti\u00ean nh\u1edd kh\u1ea3 n\u0103ng t\u1ed1i \u01b0u kh\u00f4ng gian, t\u0103ng t\u00ednh th\u1ea9m m\u1ef9 v\u00e0 d\u1ec5 v\u1ec7 sinh. N\u1ed5i b\u1eadt trong [&hellip;]<\/p>\n","protected":false},"featured_media":4802,"comment_status":"open","ping_status":"closed","template":"","meta":{"_acf_changed":false},"product_brand":[],"product_cat":[23,15,151,137],"product_tag":[],"class_list":{"0":"post-4801","1":"product","2":"type-product","3":"status-publish","4":"has-post-thumbnail","6":"product_cat-thiet-bi-phong-ve-sinh","7":"product_cat-san-pham","8":"product_cat-chau-lavabo-american-standard","9":"product_cat-thuong-hieu-american-standard","11":"first","12":"instock","13":"sale","14":"shipping-taxable","15":"purchasable","16":"product-type-simple"},"acf":[],"_links":{"self":[{"href":"https:\/\/ehrlichvietnam.vn\/en\/wp-json\/wp\/v2\/product\/4801","targetHints":{"allow":["GET"]}}],"collection":[{"href":"https:\/\/ehrlichvietnam.vn\/en\/wp-json\/wp\/v2\/product"}],"about":[{"href":"https:\/\/ehrlichvietnam.vn\/en\/wp-json\/wp\/v2\/types\/product"}],"replies":[{"embeddable":true,"href":"https:\/\/ehrlichvietnam.vn\/en\/wp-json\/wp\/v2\/comments?post=4801"}],"wp:featuredmedia":[{"embeddable":true,"href":"https:\/\/ehrlichvietnam.vn\/en\/wp-json\/wp\/v2\/media\/4802"}],"wp:attachment":[{"href":"https:\/\/ehrlichvietnam.vn\/en\/wp-json\/wp\/v2\/media?parent=4801"}],"wp:term":[{"taxonomy":"product_brand","embeddable":true,"href":"https:\/\/ehrlichvietnam.vn\/en\/wp-json\/wp\/v2\/product_brand?post=4801"},{"taxonomy":"product_cat","embeddable":true,"href":"https:\/\/ehrlichvietnam.vn\/en\/wp-json\/wp\/v2\/product_cat?post=4801"},{"taxonomy":"product_tag","embeddable":true,"href":"https:\/\/ehrlichvietnam.vn\/en\/wp-json\/wp\/v2\/product_tag?post=4801"}],"curies":[{"name":"wp","href":"https:\/\/api.w.org\/{rel}","templated":true}]}}