{"id":4793,"date":"2026-04-15T07:43:33","date_gmt":"2026-04-15T07:43:33","guid":{"rendered":"https:\/\/ehrlichvietnam.vn\/?post_type=product&#038;p=4793"},"modified":"2026-04-15T07:47:20","modified_gmt":"2026-04-15T07:47:20","slug":"sen-cay-american-standard-wf-9089e-simplica","status":"publish","type":"product","link":"https:\/\/ehrlichvietnam.vn\/sen-cay-american-standard-wf-9089e-simplica\/","title":{"rendered":"Sen C\u00e2y American Standard WF-9089E Simplica"},"content":{"rendered":"<h2 data-start=\"0\" data-end=\"104\">Sen c\u00e2y American Standard WF-9089E Simplica \u2013 Chu\u1ea9n tr\u1ea3i nghi\u1ec7m t\u1eafm m\u01b0a hi\u1ec7n \u0111\u1ea1i, ti\u1ebft ki\u1ec7m v\u00e0 b\u1ec1n b\u1ec9<\/h2>\n<p data-start=\"106\" data-end=\"536\">Trong xu h\u01b0\u1edbng n\u00e2ng c\u1ea5p kh\u00f4ng gian ph\u00f2ng t\u1eafm hi\u1ec7n nay, <strong data-start=\"161\" data-end=\"181\">sen c\u00e2y phun m\u01b0a<\/strong> \u0111ang d\u1ea7n tr\u1edf th\u00e0nh l\u1ef1a ch\u1ecdn \u01b0u ti\u00ean c\u1ee7a c\u00e1c gia \u0111\u00ecnh, nh\u00e0 ph\u1ed1, c\u0103n h\u1ed9 cao c\u1ea5p v\u00e0 c\u1ea3 c\u00f4ng tr\u00ecnh kh\u00e1ch s\u1ea1n. N\u1ed5i b\u1eadt trong ph\u00e2n kh\u00fac n\u00e0y l\u00e0 d\u00f2ng <strong data-start=\"324\" data-end=\"371\">sen c\u00e2y American Standard WF-9089E Simplica<\/strong> \u2013 s\u1ea3n ph\u1ea9m \u0111\u1ebfn t\u1eeb th\u01b0\u01a1ng hi\u1ec7u <span class=\"hover:entity-accent entity-underline inline cursor-pointer align-baseline\"><span class=\"whitespace-normal\">American Standard<\/span><\/span>, mang \u0111\u1ebfn s\u1ef1 k\u1ebft h\u1ee3p ho\u00e0n h\u1ea3o gi\u1eefa <strong data-start=\"475\" data-end=\"535\">thi\u1ebft k\u1ebf tinh t\u1ebf \u2013 c\u00f4ng ngh\u1ec7 hi\u1ec7n \u0111\u1ea1i \u2013 \u0111\u1ed9 b\u1ec1n v\u01b0\u1ee3t tr\u1ed9i<\/strong>.<\/p>\n<p data-start=\"538\" data-end=\"736\">B\u00e0i vi\u1ebft d\u01b0\u1edbi \u0111\u00e2y s\u1ebd gi\u00fap anh hi\u1ec3u r\u00f5 to\u00e0n b\u1ed9 v\u1ec1 m\u1eabu sen c\u00e2y n\u00e0y: t\u1eeb thi\u1ebft k\u1ebf, c\u00f4ng ngh\u1ec7, c\u1ea5u t\u1ea1o, tr\u1ea3i nghi\u1ec7m s\u1eed d\u1ee5ng \u0111\u1ebfn \u1ee9ng d\u1ee5ng th\u1ef1c t\u1ebf v\u00e0 l\u00fd do v\u00ec sao WF-9089E Simplica l\u00e0 l\u1ef1a ch\u1ecdn \u0111\u00e1ng \u0111\u1ea7u t\u01b0.<\/p>\n<hr data-start=\"738\" data-end=\"741\" \/>\n<h1 data-start=\"743\" data-end=\"810\">1. T\u1ed5ng quan s\u1ea3n ph\u1ea9m sen c\u00e2y American Standard WF-9089E Simplica<\/h1>\n<p data-start=\"812\" data-end=\"977\"><strong data-start=\"812\" data-end=\"829\">T\u00ean s\u1ea3n ph\u1ea9m:<\/strong> Sen c\u00e2y phun m\u01b0a WF-9089E Simplica<br data-start=\"864\" data-end=\"867\" \/><strong data-start=\"867\" data-end=\"883\">Th\u01b0\u01a1ng hi\u1ec7u:<\/strong> <span class=\"hover:entity-accent entity-underline inline cursor-pointer align-baseline\"><span class=\"whitespace-normal\">American Standard<\/span><\/span><br data-start=\"921\" data-end=\"924\" \/><strong data-start=\"924\" data-end=\"942\">D\u00f2ng s\u1ea3n ph\u1ea9m:<\/strong> Simplica<br data-start=\"951\" data-end=\"954\" \/><strong data-start=\"954\" data-end=\"977\">C\u1ea5u t\u1ea1o b\u1ed9 sen g\u1ed3m:<\/strong><\/p>\n<ul data-start=\"978\" data-end=\"1082\">\n<li data-start=\"978\" data-end=\"1010\">\u0110\u1ea7u sen phun m\u01b0a (b\u00e1t sen l\u1edbn)<\/li>\n<li data-start=\"1011\" data-end=\"1028\">Tay sen c\u1ea7m tay<\/li>\n<li data-start=\"1029\" data-end=\"1057\">B\u1ed9 tr\u1ed9n n\u00f3ng l\u1ea1nh (c\u1ee7 sen)<\/li>\n<li data-start=\"1058\" data-end=\"1082\">Thanh tr\u01b0\u1ee3t v\u00e0 d\u00e2y sen<\/li>\n<\/ul>\n<p data-start=\"1084\" data-end=\"1164\">WF-9089E Simplica \u0111\u01b0\u1ee3c \u0111\u1ecbnh v\u1ecb l\u00e0 d\u00f2ng <strong data-start=\"1123\" data-end=\"1150\">sen c\u00e2y trung \u2013 cao c\u1ea5p<\/strong>, ph\u00f9 h\u1ee3p v\u1edbi:<\/p>\n<ul data-start=\"1165\" data-end=\"1243\">\n<li data-start=\"1165\" data-end=\"1185\">Nh\u00e0 ph\u1ed1 hi\u1ec7n \u0111\u1ea1i<\/li>\n<li data-start=\"1186\" data-end=\"1206\">Chung c\u01b0 cao c\u1ea5p<\/li>\n<li data-start=\"1207\" data-end=\"1219\">Bi\u1ec7t th\u1ef1<\/li>\n<li data-start=\"1220\" data-end=\"1243\">Kh\u00e1ch s\u1ea1n, homestay<\/li>\n<\/ul>\n<p><img decoding=\"async\" src=\"https:\/\/www.tdm.vn\/image\/catalog\/product-2410\/ban-ve-merican-standard-WF-9089E.jpg\" \/><\/p>\n<hr data-start=\"1245\" data-end=\"1248\" \/>\n<h1 data-start=\"1250\" data-end=\"1301\">2. Thi\u1ebft k\u1ebf Simplica \u2013 T\u1ed1i gi\u1ea3n nh\u01b0ng \u0111\u1ea7y tinh t\u1ebf<\/h1>\n<h3 data-start=\"1303\" data-end=\"1337\">2.1 Ng\u00f4n ng\u1eef thi\u1ebft k\u1ebf hi\u1ec7n \u0111\u1ea1i<\/h3>\n<p data-start=\"1338\" data-end=\"1443\">D\u00f2ng Simplica \u0111\u00fang nh\u01b0 t\u00ean g\u1ecdi \u2013 h\u01b0\u1edbng \u0111\u1ebfn <strong data-start=\"1381\" data-end=\"1410\">s\u1ef1 \u0111\u01a1n gi\u1ea3n nh\u01b0ng tinh t\u1ebf<\/strong>. To\u00e0n b\u1ed9 th\u00e2n sen \u0111\u01b0\u1ee3c thi\u1ebft k\u1ebf:<\/p>\n<ul data-start=\"1444\" data-end=\"1575\">\n<li data-start=\"1444\" data-end=\"1471\">\u0110\u01b0\u1eddng n\u00e9t th\u1eb3ng, g\u1ecdn g\u00e0ng<\/li>\n<li data-start=\"1472\" data-end=\"1507\">B\u1ec1 m\u1eb7t tr\u01a1n m\u1ecbn, \u00edt chi ti\u1ebft th\u1eeba<\/li>\n<li data-start=\"1508\" data-end=\"1575\">Ph\u00f9 h\u1ee3p phong c\u00e1ch <strong data-start=\"1529\" data-end=\"1554\">Minimalism (t\u1ed1i gi\u1ea3n)<\/strong> v\u00e0 <strong data-start=\"1558\" data-end=\"1575\">Modern Luxury<\/strong><\/li>\n<\/ul>\n<p data-start=\"1577\" data-end=\"1663\">\ud83d\udc49 \u0110\u00e2y l\u00e0 xu h\u01b0\u1edbng thi\u1ebft k\u1ebf \u0111ang r\u1ea5t \u0111\u01b0\u1ee3c \u01b0a chu\u1ed9ng trong c\u00e1c c\u00f4ng tr\u00ecnh m\u1edbi hi\u1ec7n nay.<\/p>\n<hr data-start=\"1665\" data-end=\"1668\" \/>\n<h3 data-start=\"1670\" data-end=\"1705\">2.2 L\u1edbp m\u1ea1 Crom \u2013 Niken cao c\u1ea5p<\/h3>\n<p data-start=\"1706\" data-end=\"1770\">Sen c\u00e2y WF-9089E s\u1eed d\u1ee5ng l\u1edbp m\u1ea1 <strong data-start=\"1738\" data-end=\"1754\">Crom + Niken<\/strong> ch\u1ea5t l\u01b0\u1ee3ng cao:<\/p>\n<ul data-start=\"1771\" data-end=\"1867\">\n<li data-start=\"1771\" data-end=\"1810\">Ch\u1ed1ng oxy h\u00f3a t\u1ed1t trong m\u00f4i tr\u01b0\u1eddng \u1ea9m<\/li>\n<li data-start=\"1811\" data-end=\"1840\">H\u1ea1n ch\u1ebf b\u00e1m b\u1ea9n, d\u1ec5 v\u1ec7 sinh<\/li>\n<li data-start=\"1841\" data-end=\"1867\">Gi\u1eef \u0111\u1ed9 s\u00e1ng b\u00f3ng l\u00e2u d\u00e0i<\/li>\n<\/ul>\n<p data-start=\"1869\" data-end=\"2003\">\ud83d\udc49 Sau th\u1eddi gian d\u00e0i s\u1eed d\u1ee5ng, s\u1ea3n ph\u1ea9m v\u1eabn gi\u1eef \u0111\u01b0\u1ee3c v\u1ebb ngo\u00e0i nh\u01b0 m\u1edbi \u2013 y\u1ebfu t\u1ed1 c\u1ef1c quan tr\u1ecdng v\u1edbi kh\u00e1ch h\u00e0ng ph\u00e2n kh\u00fac trung \u2013 cao c\u1ea5p.<\/p>\n<hr data-start=\"2005\" data-end=\"2008\" \/>\n<h1 data-start=\"2010\" data-end=\"2070\">3. C\u00f4ng ngh\u1ec7 phun m\u01b0a \u2013 Tr\u1ea3i nghi\u1ec7m t\u1eafm th\u01b0 gi\u00e3n chu\u1ea9n spa<\/h1>\n<h3 data-start=\"2072\" data-end=\"2125\">3.1 B\u00e1t sen thi\u1ebft k\u1ebf \u0111\u1eb7c bi\u1ec7t \u2013 Phun n\u01b0\u1edbc \u0111\u1ec1u, \u00eam<\/h3>\n<p data-start=\"2126\" data-end=\"2187\">\u0110i\u1ec3m n\u1ed5i b\u1eadt nh\u1ea5t c\u1ee7a WF-9089E ch\u00ednh l\u00e0 <strong data-start=\"2166\" data-end=\"2186\">\u0111\u1ea7u sen phun m\u01b0a<\/strong>:<\/p>\n<ul data-start=\"2188\" data-end=\"2278\">\n<li data-start=\"2188\" data-end=\"2218\">Thi\u1ebft k\u1ebf t\u1ed1i \u01b0u c\u00e1c \u0111\u1ea7u phun<\/li>\n<li data-start=\"2219\" data-end=\"2242\">Ph\u00e2n b\u1ed5 n\u01b0\u1edbc \u0111\u1ed3ng \u0111\u1ec1u<\/li>\n<li data-start=\"2243\" data-end=\"2278\">D\u00f2ng n\u01b0\u1edbc m\u1ec1m, kh\u00f4ng b\u1eafn tung t\u00f3e<\/li>\n<\/ul>\n<p data-start=\"2280\" data-end=\"2310\">\ud83d\udc49 C\u1ea3m gi\u00e1c khi t\u1eafm gi\u1ed1ng nh\u01b0:<\/p>\n<ul data-start=\"2311\" data-end=\"2378\">\n<li data-start=\"2311\" data-end=\"2335\">\u0110\u1ee9ng d\u01b0\u1edbi m\u01b0a t\u1ef1 nhi\u00ean<\/li>\n<li data-start=\"2336\" data-end=\"2378\">Th\u01b0 gi\u00e3n to\u00e0n th\u00e2n sau ng\u00e0y d\u00e0i l\u00e0m vi\u1ec7c<\/li>\n<\/ul>\n<hr data-start=\"2380\" data-end=\"2383\" \/>\n<h3 data-start=\"2385\" data-end=\"2434\">3.2 Tay sen linh ho\u1ea1t \u2013 Ph\u00f9 h\u1ee3p nhi\u1ec1u nhu c\u1ea7u<\/h3>\n<p data-start=\"2435\" data-end=\"2494\">Ngo\u00e0i b\u00e1t sen l\u1edbn, s\u1ea3n ph\u1ea9m c\u00f2n \u0111i k\u00e8m <strong data-start=\"2474\" data-end=\"2493\">tay sen c\u1ea7m tay<\/strong>:<\/p>\n<ul data-start=\"2495\" data-end=\"2589\">\n<li data-start=\"2495\" data-end=\"2519\">D\u1ec5 d\u00e0ng v\u1ec7 sinh c\u01a1 th\u1ec3<\/li>\n<li data-start=\"2520\" data-end=\"2555\">Thu\u1eadn ti\u1ec7n cho ng\u01b0\u1eddi gi\u00e0, tr\u1ebb nh\u1ecf<\/li>\n<li data-start=\"2556\" data-end=\"2589\">Linh ho\u1ea1t khi v\u1ec7 sinh ph\u00f2ng t\u1eafm<\/li>\n<\/ul>\n<p data-start=\"2591\" data-end=\"2653\">\ud83d\udc49 \u0110\u00e2y l\u00e0 combo \u201c2 trong 1\u201d r\u1ea5t th\u1ef1c t\u1ebf, ph\u00f9 h\u1ee3p m\u1ecdi gia \u0111\u00ecnh.<\/p>\n<hr data-start=\"2655\" data-end=\"2658\" \/>\n<h1 data-start=\"2660\" data-end=\"2703\">4. Cartridge b\u1ec1n b\u1ec9 \u2013 Tr\u00e1i tim c\u1ee7a b\u1ed9 sen<\/h1>\n<h3 data-start=\"2705\" data-end=\"2739\">4.1 \u0110\u0129a tr\u1ed9n Cartridge cao c\u1ea5p<\/h3>\n<p data-start=\"2740\" data-end=\"2811\">Sen c\u00e2y WF-9089E \u0111\u01b0\u1ee3c trang b\u1ecb <strong data-start=\"2771\" data-end=\"2795\">\u0111\u0129a tr\u1ed9n (cartridge)<\/strong> ch\u1ea5t l\u01b0\u1ee3ng cao:<\/p>\n<ul data-start=\"2812\" data-end=\"2875\">\n<li data-start=\"2812\" data-end=\"2843\">\u0110i\u1ec1u ch\u1ec9nh nhi\u1ec7t \u0111\u1ed9 ch\u00ednh x\u00e1c<\/li>\n<li data-start=\"2844\" data-end=\"2860\">V\u1eadn h\u00e0nh \u00eam \u00e1i<\/li>\n<li data-start=\"2861\" data-end=\"2875\">Tu\u1ed5i th\u1ecd cao<\/li>\n<\/ul>\n<p data-start=\"2877\" data-end=\"2910\">\ud83d\udc49 \u0110\u00e2y l\u00e0 b\u1ed9 ph\u1eadn quy\u1ebft \u0111\u1ecbnh \u0111\u1ebfn:<\/p>\n<ul data-start=\"2911\" data-end=\"2959\">\n<li data-start=\"2911\" data-end=\"2930\">\u0110\u1ed9 b\u1ec1n s\u1ea3n ph\u1ea9m<\/li>\n<li data-start=\"2931\" data-end=\"2959\">Tr\u1ea3i nghi\u1ec7m \u0111\u00f3ng\/m\u1edf n\u01b0\u1edbc<\/li>\n<\/ul>\n<hr data-start=\"2961\" data-end=\"2964\" \/>\n<h3 data-start=\"2966\" data-end=\"3007\">4.2 Ti\u1ebft ki\u1ec7m n\u01b0\u1edbc \u2013 Xu h\u01b0\u1edbng t\u1ea5t y\u1ebfu<\/h3>\n<p data-start=\"3008\" data-end=\"3042\">Nh\u1edd thi\u1ebft k\u1ebf cartridge th\u00f4ng minh:<\/p>\n<ul data-start=\"3043\" data-end=\"3101\">\n<li data-start=\"3043\" data-end=\"3072\">Gi\u1ea3m l\u01b0u l\u01b0\u1ee3ng n\u01b0\u1edbc d\u01b0 th\u1eeba<\/li>\n<li data-start=\"3073\" data-end=\"3101\">V\u1eabn \u0111\u1ea3m b\u1ea3o \u00e1p l\u1ef1c \u1ed5n \u0111\u1ecbnh<\/li>\n<\/ul>\n<p data-start=\"3103\" data-end=\"3123\">\ud83d\udc49 Ph\u00f9 h\u1ee3p xu h\u01b0\u1edbng:<\/p>\n<ul data-start=\"3124\" data-end=\"3172\">\n<li data-start=\"3124\" data-end=\"3145\">Ti\u1ebft ki\u1ec7m chi ph\u00ed<\/li>\n<li data-start=\"3146\" data-end=\"3172\">B\u1ea3o v\u1ec7 t\u00e0i nguy\u00ean n\u01b0\u1edbc<\/li>\n<\/ul>\n<hr data-start=\"3174\" data-end=\"3177\" \/>\n<h1 data-start=\"3179\" data-end=\"3225\">5. C\u1ea5u t\u1ea1o ch\u1eafc ch\u1eafn \u2013 \u0110\u1ed9 b\u1ec1n v\u01b0\u1ee3t th\u1eddi gian<\/h1>\n<h3 data-start=\"3227\" data-end=\"3252\">5.1 K\u1ebft c\u1ea5u v\u1eefng v\u00e0ng<\/h3>\n<p data-start=\"3253\" data-end=\"3284\">To\u00e0n b\u1ed9 th\u00e2n sen \u0111\u01b0\u1ee3c thi\u1ebft k\u1ebf:<\/p>\n<ul data-start=\"3285\" data-end=\"3346\">\n<li data-start=\"3285\" data-end=\"3315\">Ch\u1eafc ch\u1eafn, ch\u1ecbu \u00e1p l\u1ef1c t\u1ed1t<\/li>\n<li data-start=\"3316\" data-end=\"3346\">Kh\u00f4ng rung l\u1eafc khi s\u1eed d\u1ee5ng<\/li>\n<\/ul>\n<p data-start=\"3348\" data-end=\"3375\">\ud83d\udc49 \u0110\u1eb7c bi\u1ec7t quan tr\u1ecdng v\u1edbi:<\/p>\n<ul data-start=\"3376\" data-end=\"3434\">\n<li data-start=\"3376\" data-end=\"3406\">C\u00f4ng tr\u00ecnh s\u1eed d\u1ee5ng l\u00e2u d\u00e0i<\/li>\n<li data-start=\"3407\" data-end=\"3434\">Kh\u00e1ch s\u1ea1n, nh\u00e0 cho thu\u00ea<\/li>\n<\/ul>\n<hr data-start=\"3436\" data-end=\"3439\" \/>\n<h3 data-start=\"3441\" data-end=\"3473\">5.2 V\u1eadt li\u1ec7u \u0111\u1ed3ng m\u1ea1 cao c\u1ea5p<\/h3>\n<p data-start=\"3474\" data-end=\"3519\">S\u1eed d\u1ee5ng <strong data-start=\"3482\" data-end=\"3518\">\u0111\u1ed3ng nguy\u00ean ch\u1ea5t m\u1ea1 Crom \u2013 Niken<\/strong>:<\/p>\n<ul data-start=\"3520\" data-end=\"3586\">\n<li data-start=\"3520\" data-end=\"3540\">Ch\u1ed1ng \u0103n m\u00f2n t\u1ed1t<\/li>\n<li data-start=\"3541\" data-end=\"3561\">Kh\u00f4ng r\u00f2 r\u1ec9 n\u01b0\u1edbc<\/li>\n<li data-start=\"3562\" data-end=\"3586\">An to\u00e0n cho s\u1ee9c kh\u1ecfe<\/li>\n<\/ul>\n<p data-start=\"3588\" data-end=\"3610\">\ud83d\udc49 So v\u1edbi inox gi\u00e1 r\u1ebb:<\/p>\n<ul data-start=\"3611\" data-end=\"3647\">\n<li data-start=\"3611\" data-end=\"3627\">\u0110\u1ed3ng b\u1ec1n h\u01a1n<\/li>\n<li data-start=\"3628\" data-end=\"3647\">\u00cdt b\u1ecb xu\u1ed1ng c\u1ea5p<\/li>\n<\/ul>\n<hr data-start=\"3649\" data-end=\"3652\" \/>\n<h1 data-start=\"3654\" data-end=\"3686\">6. Tr\u1ea3i nghi\u1ec7m s\u1eed d\u1ee5ng th\u1ef1c t\u1ebf<\/h1>\n<h3 data-start=\"3688\" data-end=\"3714\">6.1 D\u1ec5 d\u00e0ng \u0111i\u1ec1u ch\u1ec9nh<\/h3>\n<ul data-start=\"3715\" data-end=\"3791\">\n<li data-start=\"3715\" data-end=\"3737\">G\u1ea1t nh\u1eb9 l\u00e0 c\u00f3 n\u01b0\u1edbc<\/li>\n<li data-start=\"3738\" data-end=\"3767\">\u0110i\u1ec1u ch\u1ec9nh n\u00f3ng l\u1ea1nh m\u01b0\u1ee3t<\/li>\n<li data-start=\"3768\" data-end=\"3791\">Kh\u00f4ng b\u1ecb gi\u1eadt nhi\u1ec7t<\/li>\n<\/ul>\n<hr data-start=\"3793\" data-end=\"3796\" \/>\n<h3 data-start=\"3798\" data-end=\"3831\">6.2 Ph\u00f9 h\u1ee3p nhi\u1ec1u \u00e1p l\u1ef1c n\u01b0\u1edbc<\/h3>\n<p data-start=\"3832\" data-end=\"3871\">WF-9089E ho\u1ea1t \u0111\u1ed9ng t\u1ed1t trong \u0111i\u1ec1u ki\u1ec7n:<\/p>\n<ul data-start=\"3872\" data-end=\"3926\">\n<li data-start=\"3872\" data-end=\"3883\">Nh\u00e0 ph\u1ed1<\/li>\n<li data-start=\"3884\" data-end=\"3896\">Chung c\u01b0<\/li>\n<li data-start=\"3897\" data-end=\"3926\">C\u00f3 b\u01a1m t\u0103ng \u00e1p ho\u1eb7c kh\u00f4ng<\/li>\n<\/ul>\n<p data-start=\"3928\" data-end=\"3962\">\ud83d\udc49 \u0110\u1ea3m b\u1ea3o d\u00f2ng n\u01b0\u1edbc lu\u00f4n \u1ed5n \u0111\u1ecbnh.<\/p>\n<hr data-start=\"3964\" data-end=\"3967\" \/>\n<h3 data-start=\"3969\" data-end=\"3993\">6.3 L\u1eafp \u0111\u1eb7t \u0111\u01a1n gi\u1ea3n<\/h3>\n<ul data-start=\"3994\" data-end=\"4089\">\n<li data-start=\"3994\" data-end=\"4017\">Thi\u1ebft k\u1ebf ti\u00eau chu\u1ea9n<\/li>\n<li data-start=\"4018\" data-end=\"4042\">D\u1ec5 thay th\u1ebf, b\u1ea3o tr\u00ec<\/li>\n<li data-start=\"4043\" data-end=\"4089\">Ph\u00f9 h\u1ee3p h\u1ec7 th\u1ed1ng \u1ed1ng ph\u1ed5 bi\u1ebfn t\u1ea1i Vi\u1ec7t Nam<\/li>\n<\/ul>\n<hr data-start=\"4091\" data-end=\"4094\" \/>\n<h1 data-start=\"4096\" data-end=\"4135\">7. So s\u00e1nh nhanh \u2013 C\u00f3 \u0111\u00e1ng mua kh\u00f4ng?<\/h1>\n<div class=\"TyagGW_tableContainer\">\n<div class=\"group TyagGW_tableWrapper flex flex-col-reverse w-fit\" tabindex=\"-1\">\n<table class=\"w-fit min-w-(--thread-content-width)\" data-start=\"4137\" data-end=\"4503\">\n<thead data-start=\"4137\" data-end=\"4189\">\n<tr data-start=\"4137\" data-end=\"4189\">\n<th class=\"\" data-start=\"4137\" data-end=\"4148\" data-col-size=\"sm\">Ti\u00eau ch\u00ed<\/th>\n<th class=\"\" data-start=\"4148\" data-end=\"4168\" data-col-size=\"sm\">WF-9089E Simplica<\/th>\n<th class=\"\" data-start=\"4168\" data-end=\"4189\" data-col-size=\"sm\">Sen c\u00e2y ph\u1ed5 th\u00f4ng<\/th>\n<\/tr>\n<\/thead>\n<tbody data-start=\"4242\" data-end=\"4503\">\n<tr data-start=\"4242\" data-end=\"4285\">\n<td data-start=\"4242\" data-end=\"4253\" data-col-size=\"sm\">Thi\u1ebft k\u1ebf<\/td>\n<td data-col-size=\"sm\" data-start=\"4253\" data-end=\"4273\">Hi\u1ec7n \u0111\u1ea1i, cao c\u1ea5p<\/td>\n<td data-col-size=\"sm\" data-start=\"4273\" data-end=\"4285\">\u0110\u01a1n gi\u1ea3n<\/td>\n<\/tr>\n<tr data-start=\"4286\" data-end=\"4329\">\n<td data-start=\"4286\" data-end=\"4295\" data-col-size=\"sm\">L\u1edbp m\u1ea1<\/td>\n<td data-col-size=\"sm\" data-start=\"4295\" data-end=\"4318\">Crom \u2013 Niken cao c\u1ea5p<\/td>\n<td data-col-size=\"sm\" data-start=\"4318\" data-end=\"4329\">M\u1ea1 m\u1ecfng<\/td>\n<\/tr>\n<tr data-start=\"4330\" data-end=\"4359\">\n<td data-start=\"4330\" data-end=\"4339\" data-col-size=\"sm\">\u0110\u1ed9 b\u1ec1n<\/td>\n<td data-col-size=\"sm\" data-start=\"4339\" data-end=\"4345\">Cao<\/td>\n<td data-col-size=\"sm\" data-start=\"4345\" data-end=\"4359\">Trung b\u00ecnh<\/td>\n<\/tr>\n<tr data-start=\"4360\" data-end=\"4422\">\n<td data-start=\"4360\" data-end=\"4378\" data-col-size=\"sm\">Tr\u1ea3i nghi\u1ec7m t\u1eafm<\/td>\n<td data-col-size=\"sm\" data-start=\"4378\" data-end=\"4398\">\u00cam, \u0111\u1ec1u, th\u01b0 gi\u00e3n<\/td>\n<td data-col-size=\"sm\" data-start=\"4398\" data-end=\"4422\">N\u01b0\u1edbc m\u1ea1nh, kh\u00f4ng \u0111\u1ec1u<\/td>\n<\/tr>\n<tr data-start=\"4423\" data-end=\"4451\">\n<td data-start=\"4423\" data-end=\"4440\" data-col-size=\"sm\">Ti\u1ebft ki\u1ec7m n\u01b0\u1edbc<\/td>\n<td data-col-size=\"sm\" data-start=\"4440\" data-end=\"4445\">C\u00f3<\/td>\n<td data-col-size=\"sm\" data-start=\"4445\" data-end=\"4451\">\u00cdt<\/td>\n<\/tr>\n<tr data-start=\"4452\" data-end=\"4503\">\n<td data-start=\"4452\" data-end=\"4463\" data-col-size=\"sm\">\u1ee8ng d\u1ee5ng<\/td>\n<td data-col-size=\"sm\" data-start=\"4463\" data-end=\"4484\">Nh\u00e0 ph\u1ed1, kh\u00e1ch s\u1ea1n<\/td>\n<td data-col-size=\"sm\" data-start=\"4484\" data-end=\"4503\">Nh\u00e0 tr\u1ecd, c\u01a1 b\u1ea3n<\/td>\n<\/tr>\n<\/tbody>\n<\/table>\n<\/div>\n<\/div>\n<p data-start=\"4505\" data-end=\"4613\">\ud83d\udc49 K\u1ebft lu\u1eadn: WF-9089E ph\u00f9 h\u1ee3p ph\u00e2n kh\u00fac <strong data-start=\"4545\" data-end=\"4588\">kh\u00e1ch h\u00e0ng c\u1ea7n ch\u1ea5t l\u01b0\u1ee3ng &amp; tr\u1ea3i nghi\u1ec7m<\/strong>, kh\u00f4ng ph\u1ea3i h\u00e0ng gi\u00e1 r\u1ebb.<\/p>\n<hr data-start=\"4615\" data-end=\"4618\" \/>\n<h1 data-start=\"4620\" data-end=\"4672\">8. \u1ee8ng d\u1ee5ng th\u1ef1c t\u1ebf \u2013 N\u00ean d\u00f9ng cho c\u00f4ng tr\u00ecnh n\u00e0o?<\/h1>\n<h3 data-start=\"4674\" data-end=\"4704\">8.1 Nh\u00e0 ph\u1ed1 \u2013 gia \u0111\u00ecnh tr\u1ebb<\/h3>\n<ul data-start=\"4705\" data-end=\"4766\">\n<li data-start=\"4705\" data-end=\"4736\">T\u0103ng t\u00ednh th\u1ea9m m\u1ef9 ph\u00f2ng t\u1eafm<\/li>\n<li data-start=\"4737\" data-end=\"4766\">N\u00e2ng c\u1ea5p tr\u1ea3i nghi\u1ec7m s\u1ed1ng<\/li>\n<\/ul>\n<h3 data-start=\"4768\" data-end=\"4800\">8.2 Chung c\u01b0 trung \u2013 cao c\u1ea5p<\/h3>\n<ul data-start=\"4801\" data-end=\"4845\">\n<li data-start=\"4801\" data-end=\"4830\">Ph\u00f9 h\u1ee3p thi\u1ebft k\u1ebf hi\u1ec7n \u0111\u1ea1i<\/li>\n<li data-start=\"4831\" data-end=\"4845\">D\u1ec5 l\u1eafp \u0111\u1eb7t<\/li>\n<\/ul>\n<h3 data-start=\"4847\" data-end=\"4875\">8.3 Kh\u00e1ch s\u1ea1n \u2013 homestay<\/h3>\n<ul data-start=\"4876\" data-end=\"4927\">\n<li data-start=\"4876\" data-end=\"4902\">T\u1ea1o \u1ea5n t\u01b0\u1ee3ng v\u1edbi kh\u00e1ch<\/li>\n<li data-start=\"4903\" data-end=\"4927\">T\u0103ng gi\u00e1 tr\u1ecb d\u1ecbch v\u1ee5<\/li>\n<\/ul>\n<h3 data-start=\"4929\" data-end=\"4945\">8.4 Bi\u1ec7t th\u1ef1<\/h3>\n<ul data-start=\"4946\" data-end=\"5013\">\n<li data-start=\"4946\" data-end=\"4983\">\u0110\u1ed3ng b\u1ed9 v\u1edbi kh\u00f4ng gian sang tr\u1ecdng<\/li>\n<li data-start=\"4984\" data-end=\"5013\">Th\u1ec3 hi\u1ec7n \u0111\u1eb3ng c\u1ea5p gia ch\u1ee7<\/li>\n<\/ul>\n<hr data-start=\"5015\" data-end=\"5018\" \/>\n<h1 data-start=\"5020\" data-end=\"5076\">9. G\u00f3c nh\u00ecn th\u1ecb tr\u01b0\u1eddng \u2013 V\u00ec sao sen c\u00e2y \u0111ang l\u00ean ng\u00f4i?<\/h1>\n<p data-start=\"5078\" data-end=\"5117\">Hi\u1ec7n nay, kh\u00e1ch h\u00e0ng kh\u00f4ng c\u00f2n ch\u1ec9 c\u1ea7n:<\/p>\n<ul data-start=\"5118\" data-end=\"5136\">\n<li data-start=\"5118\" data-end=\"5136\">\u201cC\u00f3 n\u01b0\u1edbc \u0111\u1ec3 t\u1eafm\u201d<\/li>\n<\/ul>\n<p data-start=\"5138\" data-end=\"5153\">M\u00e0 chuy\u1ec3n sang:<\/p>\n<ul data-start=\"5154\" data-end=\"5193\">\n<li data-start=\"5154\" data-end=\"5193\">\u201cT\u1eafm ph\u1ea3i tho\u1ea3i m\u00e1i \u2013 th\u01b0 gi\u00e3n \u2013 \u0111\u1eb9p\u201d<\/li>\n<\/ul>\n<p data-start=\"5195\" data-end=\"5204\">\ud83d\udc49 Do \u0111\u00f3:<\/p>\n<ul data-start=\"5205\" data-end=\"5283\">\n<li data-start=\"5205\" data-end=\"5242\">Sen c\u00e2y phun m\u01b0a t\u0103ng tr\u01b0\u1edfng m\u1ea1nh<\/li>\n<li data-start=\"5243\" data-end=\"5283\">\u0110\u1eb7c bi\u1ec7t \u1edf ph\u00e2n kh\u00fac trung \u2013 cao c\u1ea5p<\/li>\n<\/ul>\n<p data-start=\"5285\" data-end=\"5397\">WF-9089E Simplica ch\u00ednh l\u00e0 s\u1ea3n ph\u1ea9m n\u1eb1m \u0111\u00fang xu h\u01b0\u1edbng:<br \/>\n\u2714 Thi\u1ebft k\u1ebf \u0111\u1eb9p<br data-start=\"5354\" data-end=\"5357\" \/>\u2714 C\u00f4ng ngh\u1ec7 t\u1ed1t<br data-start=\"5372\" data-end=\"5375\" \/>\u2714 Th\u01b0\u01a1ng hi\u1ec7u uy t\u00edn<\/p>\n<hr data-start=\"5399\" data-end=\"5402\" \/>\n<h1 data-start=\"5404\" data-end=\"5451\">10. K\u1ebft lu\u1eadn \u2013 C\u00f3 n\u00ean ch\u1ecdn WF-9089E Simplica?<\/h1>\n<p data-start=\"5453\" data-end=\"5485\">N\u1ebfu anh \u0111ang t\u00ecm m\u1ed9t b\u1ed9 sen c\u00e2y:<\/p>\n<ul data-start=\"5486\" data-end=\"5574\">\n<li data-start=\"5486\" data-end=\"5504\">\u0110\u1eb9p \u2013 hi\u1ec7n \u0111\u1ea1i<\/li>\n<li data-start=\"5505\" data-end=\"5526\">B\u1ec1n \u2013 \u00edt h\u1ecfng v\u1eb7t<\/li>\n<li data-start=\"5527\" data-end=\"5551\">T\u1eafm s\u01b0\u1edbng \u2013 n\u01b0\u1edbc \u0111\u1ec1u<\/li>\n<li data-start=\"5552\" data-end=\"5574\">Th\u01b0\u01a1ng hi\u1ec7u uy t\u00edn<\/li>\n<\/ul>\n<p data-start=\"5576\" data-end=\"5649\">\ud83d\udc49 <strong data-start=\"5579\" data-end=\"5649\">American Standard WF-9089E Simplica l\u00e0 l\u1ef1a ch\u1ecdn r\u1ea5t \u0111\u00e1ng c\u00e2n nh\u1eafc.<\/strong><\/p>\n<p data-start=\"4866\" data-end=\"4979\"><strong data-start=\"4866\" data-end=\"4917\">Ehrlich Vi\u1ec7t Nam \u2013 Thi\u1ebft B\u1ecb Nh\u00e0 B\u1ebfp &amp; Ph\u00f2ng T\u1eafm<\/strong><br data-start=\"4917\" data-end=\"4920\" \/>\ud83d\udccd \u0110\u1ecba ch\u1ec9: S\u1ed1 6 Li\u1ec1n K\u1ec1 22, K\u0110T V\u0103n Kh\u00ea, H\u00e0 \u0110\u00f4ng, H\u00e0 N\u1ed9i<\/p>\n<p data-start=\"4981\" data-end=\"5105\">\ud83c\udf10 Website: <a class=\"decorated-link\" href=\"https:\/\/ehrlichvietnam.vn\/\" target=\"_new\" rel=\"noopener\" data-start=\"4993\" data-end=\"5019\">https:\/\/ehrlichvietnam.vn\/<\/a><br data-start=\"5019\" data-end=\"5022\" \/>\ud83d\udcde Hotline: <strong data-start=\"5034\" data-end=\"5051\">0932 27 05 20<\/strong><br data-start=\"5051\" data-end=\"5054\" \/>\ud83d\udcac Zalo OA: <a class=\"decorated-link\" href=\"https:\/\/zalo.me\/s\/2888141157129558325\" target=\"_new\" rel=\"noopener\" data-start=\"5066\" data-end=\"5103\">https:\/\/zalo.me\/s\/2888141157129558325<\/a><\/p>\n<p data-start=\"5107\" data-end=\"5218\">\ud83c\udfa5 TikTok: <a class=\"decorated-link\" href=\"https:\/\/www.tiktok.com\/@ehrlich.chia.s?_r=1\" target=\"_new\" rel=\"noopener\" data-start=\"5118\" data-end=\"5162\">https:\/\/www.tiktok.com\/@ehrlichthietbivesinh<\/a><br data-start=\"5162\" data-end=\"5165\" \/>\u25b6\ufe0f YouTube: <a class=\"decorated-link\" href=\"https:\/\/www.youtube.com\/@EhrlichVietNam\" target=\"_new\" rel=\"noopener\" data-start=\"5177\" data-end=\"5216\">https:\/\/www.youtube.com\/@EhrlichVietNam<\/a><\/p>\n<p data-start=\"5220\" data-end=\"5265\">\ud83d\ude9a Giao h\u00e0ng to\u00e0n qu\u1ed1c \u2013 t\u01b0 v\u1ea5n nhanh ch\u00f3ng<\/p>\n<p data-start=\"5267\" data-end=\"5313\">\ud83d\udc49 <strong data-start=\"5270\" data-end=\"5313\">Inbox ngay \u0111\u1ec3 nh\u1eadn \u01b0u \u0111\u00e3i th\u00eam h\u00f4m nay!<\/strong><\/p>\n","protected":false},"excerpt":{"rendered":"<p>Sen c\u00e2y American Standard WF-9089E Simplica \u2013 Chu\u1ea9n tr\u1ea3i nghi\u1ec7m t\u1eafm m\u01b0a hi\u1ec7n \u0111\u1ea1i, ti\u1ebft ki\u1ec7m v\u00e0 b\u1ec1n b\u1ec9 Trong xu h\u01b0\u1edbng n\u00e2ng c\u1ea5p kh\u00f4ng gian ph\u00f2ng t\u1eafm hi\u1ec7n nay, sen c\u00e2y phun m\u01b0a \u0111ang d\u1ea7n tr\u1edf th\u00e0nh l\u1ef1a ch\u1ecdn \u01b0u ti\u00ean c\u1ee7a c\u00e1c gia \u0111\u00ecnh, nh\u00e0 ph\u1ed1, c\u0103n h\u1ed9 cao c\u1ea5p v\u00e0 c\u1ea3 c\u00f4ng [&hellip;]<\/p>\n","protected":false},"featured_media":4794,"comment_status":"open","ping_status":"closed","template":"","meta":{"_acf_changed":false},"product_brand":[143],"product_cat":[23,15,137,153],"product_tag":[],"class_list":{"0":"post-4793","1":"product","2":"type-product","3":"status-publish","4":"has-post-thumbnail","6":"product_brand-american-standard","7":"product_cat-thiet-bi-phong-ve-sinh","8":"product_cat-san-pham","9":"product_cat-thuong-hieu-american-standard","10":"product_cat-sen-tam-american-standard","12":"first","13":"outofstock","14":"shipping-taxable","15":"product-type-simple"},"acf":[],"_links":{"self":[{"href":"https:\/\/ehrlichvietnam.vn\/en\/wp-json\/wp\/v2\/product\/4793","targetHints":{"allow":["GET"]}}],"collection":[{"href":"https:\/\/ehrlichvietnam.vn\/en\/wp-json\/wp\/v2\/product"}],"about":[{"href":"https:\/\/ehrlichvietnam.vn\/en\/wp-json\/wp\/v2\/types\/product"}],"replies":[{"embeddable":true,"href":"https:\/\/ehrlichvietnam.vn\/en\/wp-json\/wp\/v2\/comments?post=4793"}],"wp:featuredmedia":[{"embeddable":true,"href":"https:\/\/ehrlichvietnam.vn\/en\/wp-json\/wp\/v2\/media\/4794"}],"wp:attachment":[{"href":"https:\/\/ehrlichvietnam.vn\/en\/wp-json\/wp\/v2\/media?parent=4793"}],"wp:term":[{"taxonomy":"product_brand","embeddable":true,"href":"https:\/\/ehrlichvietnam.vn\/en\/wp-json\/wp\/v2\/product_brand?post=4793"},{"taxonomy":"product_cat","embeddable":true,"href":"https:\/\/ehrlichvietnam.vn\/en\/wp-json\/wp\/v2\/product_cat?post=4793"},{"taxonomy":"product_tag","embeddable":true,"href":"https:\/\/ehrlichvietnam.vn\/en\/wp-json\/wp\/v2\/product_tag?post=4793"}],"curies":[{"name":"wp","href":"https:\/\/api.w.org\/{rel}","templated":true}]}}