{"id":4782,"date":"2026-04-15T06:40:02","date_gmt":"2026-04-15T06:40:02","guid":{"rendered":"https:\/\/ehrlichvietnam.vn\/?post_type=product&#038;p=4782"},"modified":"2026-04-15T06:50:19","modified_gmt":"2026-04-15T06:50:19","slug":"bep-tu-don-cao-cap-grandx-gx-ih188","status":"publish","type":"product","link":"https:\/\/ehrlichvietnam.vn\/bep-tu-don-cao-cap-grandx-gx-ih188\/","title":{"rendered":"B\u1ebfp t\u1eeb \u0111\u01a1n cao c\u1ea5p GRANDX GX IH188"},"content":{"rendered":"<h2 data-start=\"0\" data-end=\"97\"><img decoding=\"async\" src=\"https:\/\/grandx.com.vn\/wp-content\/uploads\/2025\/10\/GX-IH188-01.jpg\" \/><\/h2>\n<h2 data-start=\"0\" data-end=\"97\">B\u1ebfp t\u1eeb \u0111\u01a1n GX IH188 \u2013 Gi\u1ea3i ph\u00e1p n\u1ea5u n\u01b0\u1edbng th\u00f4ng minh, ti\u1ec7n l\u1ee3i v\u00e0 ti\u1ebft ki\u1ec7m cho m\u1ecdi kh\u00f4ng gian<\/h2>\n<p data-start=\"99\" data-end=\"500\">Trong xu h\u01b0\u1edbng hi\u1ec7n \u0111\u1ea1i, nh\u1eefng m\u1eabu <strong data-start=\"134\" data-end=\"156\">b\u1ebfp t\u1eeb \u0111\u01a1n nh\u1ecf g\u1ecdn<\/strong> \u0111ang tr\u1edf th\u00e0nh l\u1ef1a ch\u1ecdn \u01b0u ti\u00ean cho c\u00e1c gia \u0111\u00ecnh tr\u1ebb, c\u0103n h\u1ed9 di\u1ec7n t\u00edch v\u1eeba \u2013 nh\u1ecf, ho\u1eb7c nhu c\u1ea7u n\u1ea5u \u0103n linh ho\u1ea1t. N\u1ed5i b\u1eadt trong ph\u00e2n kh\u00fac n\u00e0y l\u00e0 <strong data-start=\"301\" data-end=\"313\">GX IH188<\/strong>, m\u1ed9t model b\u1ebfp t\u1eeb \u0111\u01a1n \u0111\u1ebfn t\u1eeb <span class=\"hover:entity-accent entity-underline inline cursor-pointer align-baseline\"><span class=\"whitespace-normal\">GrandX<\/span><\/span>, \u0111\u01b0\u1ee3c s\u1ea3n xu\u1ea5t t\u1ea1i Malaysia v\u1edbi s\u1ef1 k\u1ebft h\u1ee3p ho\u00e0n h\u1ea3o gi\u1eefa <strong data-start=\"438\" data-end=\"499\">thi\u1ebft k\u1ebf tinh t\u1ebf \u2013 c\u00f4ng ngh\u1ec7 hi\u1ec7n \u0111\u1ea1i \u2013 hi\u1ec7u n\u0103ng m\u1ea1nh m\u1ebd<\/strong>.<\/p>\n<p data-start=\"502\" data-end=\"633\">Kh\u00f4ng ch\u1ec9 ph\u1ee5c v\u1ee5 n\u1ea5u \u0103n h\u00e0ng ng\u00e0y, GX IH188 c\u00f2n l\u00e0 gi\u1ea3i ph\u00e1p l\u00fd t\u01b0\u1edfng cho c\u00e1c b\u1eefa ti\u1ec7c l\u1ea9u, d\u00e3 ngo\u1ea1i ho\u1eb7c kh\u00f4ng gian b\u1ebfp t\u1ed1i gi\u1ea3n.<\/p>\n<hr data-start=\"635\" data-end=\"638\" \/>\n<h1 data-start=\"640\" data-end=\"674\">1. T\u1ed5ng quan b\u1ebfp t\u1eeb \u0111\u01a1n GX IH188<\/h1>\n<ul data-start=\"676\" data-end=\"928\">\n<li data-start=\"676\" data-end=\"717\"><strong data-start=\"678\" data-end=\"695\">T\u00ean s\u1ea3n ph\u1ea9m:<\/strong> B\u1ebfp t\u1eeb \u0111\u01a1n GX IH188<\/li>\n<li data-start=\"718\" data-end=\"745\"><strong data-start=\"720\" data-end=\"736\">Th\u01b0\u01a1ng hi\u1ec7u:<\/strong> GrandX<\/li>\n<li data-start=\"746\" data-end=\"771\"><strong data-start=\"748\" data-end=\"760\">Xu\u1ea5t x\u1ee9:<\/strong> Malaysia<\/li>\n<li data-start=\"772\" data-end=\"806\"><strong data-start=\"774\" data-end=\"788\">C\u00f4ng su\u1ea5t:<\/strong> 2000W + Booster<\/li>\n<li data-start=\"807\" data-end=\"835\"><strong data-start=\"809\" data-end=\"821\">\u0110i\u1ec7n \u00e1p:<\/strong> 220V \/ 50Hz<\/li>\n<li data-start=\"836\" data-end=\"873\"><strong data-start=\"838\" data-end=\"853\">K\u00edch th\u01b0\u1edbc:<\/strong> 310 x 410 x 50 mm<\/li>\n<li data-start=\"874\" data-end=\"904\"><strong data-start=\"876\" data-end=\"889\">Kho\u00e9t \u0111\u00e1:<\/strong> 267 x 348 mm<\/li>\n<li data-start=\"905\" data-end=\"928\"><strong data-start=\"907\" data-end=\"920\">B\u1ea3o h\u00e0nh:<\/strong> 2 n\u0103m<\/li>\n<\/ul>\n<p data-start=\"930\" data-end=\"985\">\ud83d\udc49 \u0110\u00e2y l\u00e0 d\u00f2ng b\u1ebfp t\u1eeb \u0111\u01a1n c\u00f3 hi\u1ec7u n\u0103ng cao, ph\u00f9 h\u1ee3p c\u1ea3:<\/p>\n<ul data-start=\"986\" data-end=\"1031\">\n<li data-start=\"986\" data-end=\"1004\">L\u1eafp \u00e2m c\u1ed1 \u0111\u1ecbnh<\/li>\n<li data-start=\"1005\" data-end=\"1031\">D\u00f9ng di \u0111\u1ed9ng linh ho\u1ea1t<\/li>\n<\/ul>\n<hr data-start=\"1033\" data-end=\"1036\" \/>\n<h1 data-start=\"1038\" data-end=\"1086\">2. Thi\u1ebft k\u1ebf nh\u1ecf g\u1ecdn \u2013 Linh ho\u1ea1t m\u1ecdi kh\u00f4ng gian<\/h1>\n<p data-start=\"1088\" data-end=\"1145\">GX IH188 ghi \u0111i\u1ec3m ngay t\u1eeb c\u00e1i nh\u00ecn \u0111\u1ea7u ti\u00ean v\u1edbi thi\u1ebft k\u1ebf:<\/p>\n<h3 data-start=\"1147\" data-end=\"1180\">\ud83d\udd37 Nh\u1ecf g\u1ecdn \u2013 t\u1ed1i \u01b0u di\u1ec7n t\u00edch<\/h3>\n<ul data-start=\"1181\" data-end=\"1280\">\n<li data-start=\"1181\" data-end=\"1214\">K\u00edch th\u01b0\u1edbc ch\u1ec9 <strong data-start=\"1198\" data-end=\"1214\">310 x 410 mm<\/strong><\/li>\n<li data-start=\"1215\" data-end=\"1280\">Ph\u00f9 h\u1ee3p:\n<ul data-start=\"1228\" data-end=\"1280\">\n<li data-start=\"1228\" data-end=\"1242\">C\u0103n h\u1ed9 nh\u1ecf<\/li>\n<li data-start=\"1245\" data-end=\"1256\">Nh\u00e0 ph\u1ed1<\/li>\n<li data-start=\"1259\" data-end=\"1280\">Ph\u00f2ng tr\u1ecd cao c\u1ea5p<\/li>\n<\/ul>\n<\/li>\n<\/ul>\n<p data-start=\"1282\" data-end=\"1299\">\ud83d\udc49 D\u1ec5 d\u00e0ng \u0111\u1eb7t \u1edf:<\/p>\n<ul data-start=\"1300\" data-end=\"1349\">\n<li data-start=\"1300\" data-end=\"1311\">M\u1eb7t b\u1ebfp<\/li>\n<li data-start=\"1312\" data-end=\"1322\">B\u00e0n \u0103n<\/li>\n<li data-start=\"1323\" data-end=\"1349\">Mang theo khi d\u00e3 ngo\u1ea1i<\/li>\n<\/ul>\n<hr data-start=\"1351\" data-end=\"1354\" \/>\n<h3 data-start=\"1356\" data-end=\"1390\">\ud83d\udd37 L\u1eafp \u00e2m ho\u1eb7c \u0111\u1eb7t n\u1ed5i \u0111\u1ec1u \u0111\u1eb9p<\/h3>\n<ul data-start=\"1391\" data-end=\"1460\">\n<li data-start=\"1391\" data-end=\"1428\">C\u00f3 th\u1ec3 <strong data-start=\"1400\" data-end=\"1410\">l\u1eafp \u00e2m<\/strong> nh\u01b0 b\u1ebfp c\u1ed1 \u0111\u1ecbnh<\/li>\n<li data-start=\"1429\" data-end=\"1460\">Ho\u1eb7c d\u00f9ng nh\u01b0 <strong data-start=\"1445\" data-end=\"1460\">b\u1ebfp di \u0111\u1ed9ng<\/strong><\/li>\n<\/ul>\n<p data-start=\"1462\" data-end=\"1530\">\ud83d\udc49 \u0110\u00e2y l\u00e0 \u0111i\u1ec3m m\u1ea1nh gi\u00fap GX IH188 linh ho\u1ea1t h\u01a1n nhi\u1ec1u d\u00f2ng b\u1ebfp kh\u00e1c.<\/p>\n<p data-start=\"1462\" data-end=\"1530\"><img decoding=\"async\" src=\"https:\/\/grandx.com.vn\/wp-content\/uploads\/2025\/10\/GX-IH188-03.jpg\" \/><\/p>\n<hr data-start=\"1532\" data-end=\"1535\" \/>\n<h1 data-start=\"1537\" data-end=\"1587\">3. M\u1eb7t k\u00ednh Euro Platinum \u2013 B\u1ec1n b\u1ec9 v\u00e0 sang tr\u1ecdng<\/h1>\n<p data-start=\"1589\" data-end=\"1610\">B\u1ebfp s\u1eed d\u1ee5ng m\u1eb7t k\u00ednh:<\/p>\n<p data-start=\"1612\" data-end=\"1640\">\ud83d\udc49 <strong data-start=\"1615\" data-end=\"1640\">Euro Platinum cao c\u1ea5p<\/strong><\/p>\n<h3 data-start=\"1642\" data-end=\"1656\">\u2714 \u01afu \u0111i\u1ec3m:<\/h3>\n<ul data-start=\"1657\" data-end=\"1712\">\n<li data-start=\"1657\" data-end=\"1675\">Ch\u1ecbu nhi\u1ec7t cao<\/li>\n<li data-start=\"1676\" data-end=\"1692\">Ch\u1ecbu l\u1ef1c t\u1ed1t<\/li>\n<li data-start=\"1693\" data-end=\"1712\">Ch\u1ed1ng tr\u1ea7y x\u01b0\u1edbc<\/li>\n<\/ul>\n<h3 data-start=\"1714\" data-end=\"1736\">\u2714 L\u1ee3i \u00edch th\u1ef1c t\u1ebf:<\/h3>\n<ul data-start=\"1737\" data-end=\"1836\">\n<li data-start=\"1737\" data-end=\"1781\">Kh\u00f4ng n\u1ee9t v\u1ee1 khi thay \u0111\u1ed5i nhi\u1ec7t \u0111\u1ed9t ng\u1ed9t<\/li>\n<li data-start=\"1782\" data-end=\"1809\">D\u1ec5 lau ch\u00f9i sau khi n\u1ea5u<\/li>\n<li data-start=\"1810\" data-end=\"1836\">Gi\u1eef b\u1ebfp lu\u00f4n s\u00e1ng b\u00f3ng<\/li>\n<\/ul>\n<p data-start=\"1838\" data-end=\"1939\">\ud83d\udc49 K\u1ebft h\u1ee3p v\u1edbi thi\u1ebft k\u1ebf <strong data-start=\"1862\" data-end=\"1893\">\u0111en b\u00f3ng \u2013 v\u00e1t c\u1ea1nh tinh t\u1ebf<\/strong>, GX IH188 gi\u00fap n\u00e2ng t\u1ea7m th\u1ea9m m\u1ef9 cho gian b\u1ebfp.<\/p>\n<hr data-start=\"1941\" data-end=\"1944\" \/>\n<h1 data-start=\"1946\" data-end=\"1998\">4. C\u00f4ng su\u1ea5t 2000W + Booster \u2013 N\u1ea5u nhanh v\u01b0\u1ee3t tr\u1ed9i<\/h1>\n<p data-start=\"2000\" data-end=\"2051\">M\u1ed9t trong nh\u1eefng \u0111i\u1ec3m m\u1ea1nh l\u1edbn nh\u1ea5t c\u1ee7a GX IH188 l\u00e0:<\/p>\n<p data-start=\"2053\" data-end=\"2085\">\ud83d\udc49 <strong data-start=\"2056\" data-end=\"2085\">C\u00f4ng su\u1ea5t 2000W + Booster<\/strong><\/p>\n<h3 data-start=\"2087\" data-end=\"2108\">\ud83d\udd25 Booster l\u00e0 g\u00ec?<\/h3>\n<ul data-start=\"2109\" data-end=\"2173\">\n<li data-start=\"2109\" data-end=\"2146\">Ch\u1ee9c n\u0103ng t\u0103ng c\u00f4ng su\u1ea5t t\u1ee9c th\u1eddi<\/li>\n<li data-start=\"2147\" data-end=\"2173\">Gi\u00fap \u0111un s\u00f4i nhanh h\u01a1n<\/li>\n<\/ul>\n<h3 data-start=\"2175\" data-end=\"2190\">\u2714 Hi\u1ec7u qu\u1ea3:<\/h3>\n<ul data-start=\"2191\" data-end=\"2268\">\n<li data-start=\"2191\" data-end=\"2232\">N\u1ea5u nhanh h\u01a1n <strong data-start=\"2207\" data-end=\"2232\">30% so v\u1edbi b\u1ebfp th\u01b0\u1eddng<\/strong><\/li>\n<li data-start=\"2233\" data-end=\"2268\">\u0110un n\u01b0\u1edbc s\u00f4i ch\u1ec9 trong v\u00e0i ph\u00fat<\/li>\n<\/ul>\n<p data-start=\"2270\" data-end=\"2281\">\ud83d\udc49 Ph\u00f9 h\u1ee3p:<\/p>\n<ul data-start=\"2282\" data-end=\"2332\">\n<li data-start=\"2282\" data-end=\"2298\">N\u1ea5u \u0103n nhanh<\/li>\n<li data-start=\"2299\" data-end=\"2309\">\u0102n l\u1ea9u<\/li>\n<li data-start=\"2310\" data-end=\"2332\">N\u1ea5u m\u00ec, canh, ch\u00e1o<\/li>\n<\/ul>\n<hr data-start=\"2334\" data-end=\"2337\" \/>\n<h1 data-start=\"2339\" data-end=\"2386\">5. C\u00f4ng ngh\u1ec7 Inverter \u2013 Ti\u1ebft ki\u1ec7m \u0111i\u1ec7n t\u1ed1i \u01b0u<\/h1>\n<p data-start=\"2388\" data-end=\"2411\">GX IH188 \u0111\u01b0\u1ee3c trang b\u1ecb:<\/p>\n<p data-start=\"2413\" data-end=\"2449\">\ud83d\udc49 <strong data-start=\"2416\" data-end=\"2449\">C\u00f4ng ngh\u1ec7 Inverter th\u00f4ng minh<\/strong><\/p>\n<h3 data-start=\"2451\" data-end=\"2465\">\u2714 L\u1ee3i \u00edch:<\/h3>\n<ul data-start=\"2466\" data-end=\"2556\">\n<li data-start=\"2466\" data-end=\"2503\">Gi\u1ea3m \u0111\u1ebfn <strong data-start=\"2477\" data-end=\"2503\">30% \u0111i\u1ec7n n\u0103ng ti\u00eau th\u1ee5<\/strong><\/li>\n<li data-start=\"2504\" data-end=\"2529\">Duy tr\u00ec nhi\u1ec7t \u1ed5n \u0111\u1ecbnh<\/li>\n<li data-start=\"2530\" data-end=\"2556\">Kh\u00f4ng b\u1eadt\/t\u1eaft li\u00ean t\u1ee5c<\/li>\n<\/ul>\n<h3 data-start=\"2558\" data-end=\"2581\">\u2714 \u1ee8ng d\u1ee5ng th\u1ef1c t\u1ebf:<\/h3>\n<ul data-start=\"2582\" data-end=\"2662\">\n<li data-start=\"2582\" data-end=\"2608\">N\u1ea5u l\u1ea9u \u2192 n\u01b0\u1edbc s\u00f4i \u0111\u1ec1u<\/li>\n<li data-start=\"2609\" data-end=\"2632\">H\u1ea7m \u2192 kh\u00f4ng b\u1ecb tr\u00e0o<\/li>\n<li data-start=\"2633\" data-end=\"2662\">Chi\u00ean x\u00e0o \u2192 nhi\u1ec7t \u1ed5n \u0111\u1ecbnh<\/li>\n<\/ul>\n<p data-start=\"2664\" data-end=\"2690\">\ud83d\udc49 \u0110\u00e2y l\u00e0 y\u1ebfu t\u1ed1 gi\u00fap b\u1ebfp:<\/p>\n<ul data-start=\"2691\" data-end=\"2735\">\n<li data-start=\"2691\" data-end=\"2709\">Ti\u1ebft ki\u1ec7m \u0111i\u1ec7n<\/li>\n<li data-start=\"2710\" data-end=\"2735\">T\u0103ng \u0111\u1ed9 b\u1ec1n linh ki\u1ec7n<\/li>\n<\/ul>\n<hr data-start=\"2737\" data-end=\"2740\" \/>\n<h1 data-start=\"2742\" data-end=\"2786\">6. \u0110i\u1ec1u khi\u1ec3n c\u1ea3m \u1ee9ng \u2013 D\u1ec5 d\u00f9ng, ch\u00ednh x\u00e1c<\/h1>\n<p data-start=\"2788\" data-end=\"2804\">GX IH188 s\u1edf h\u1eefu:<\/p>\n<p data-start=\"2806\" data-end=\"2849\">\ud83d\udc49 <strong data-start=\"2809\" data-end=\"2849\">B\u1ea3ng \u0111i\u1ec1u khi\u1ec3n c\u1ea3m \u1ee9ng LED hi\u1ec7n \u0111\u1ea1i<\/strong><\/p>\n<h3 data-start=\"2851\" data-end=\"2867\">\u2714 T\u00ednh n\u0103ng:<\/h3>\n<ul data-start=\"2868\" data-end=\"2933\">\n<li data-start=\"2868\" data-end=\"2887\">9 m\u1ee9c c\u00f4ng su\u1ea5t<\/li>\n<li data-start=\"2888\" data-end=\"2912\">\u0110i\u1ec1u ch\u1ec9nh linh ho\u1ea1t<\/li>\n<li data-start=\"2913\" data-end=\"2933\">Hi\u1ec3n th\u1ecb r\u00f5 r\u00e0ng<\/li>\n<\/ul>\n<h3 data-start=\"2935\" data-end=\"2953\">\u2714 Tr\u1ea3i nghi\u1ec7m:<\/h3>\n<ul data-start=\"2954\" data-end=\"3019\">\n<li data-start=\"2954\" data-end=\"2985\">Ch\u1ea1m nh\u1eb9 l\u00e0 \u0111i\u1ec1u khi\u1ec3n \u0111\u01b0\u1ee3c<\/li>\n<li data-start=\"2986\" data-end=\"3019\">Ph\u00f9 h\u1ee3p m\u1ecdi \u0111\u1ed1i t\u01b0\u1ee3ng s\u1eed d\u1ee5ng<\/li>\n<\/ul>\n<p data-start=\"3021\" data-end=\"3077\">\ud83d\udc49 T\u1eeb ng\u01b0\u1eddi l\u1edbn tu\u1ed5i \u0111\u1ebfn ng\u01b0\u1eddi tr\u1ebb \u0111\u1ec1u d\u1ec5 d\u00e0ng thao t\u00e1c.<\/p>\n<hr data-start=\"3079\" data-end=\"3082\" \/>\n<h1 data-start=\"3084\" data-end=\"3125\">7. T\u00ednh n\u0103ng an to\u00e0n \u2013 B\u1ea3o v\u1ec7 to\u00e0n di\u1ec7n<\/h1>\n<p data-start=\"3127\" data-end=\"3179\">GX IH188 \u0111\u01b0\u1ee3c trang b\u1ecb \u0111\u1ea7y \u0111\u1ee7 c\u00e1c t\u00ednh n\u0103ng an to\u00e0n:<\/p>\n<h3 data-start=\"3181\" data-end=\"3212\">\ud83d\udd12 Kh\u00f3a tr\u1ebb em (Child Lock)<\/h3>\n<ul data-start=\"3213\" data-end=\"3245\">\n<li data-start=\"3213\" data-end=\"3245\">Ng\u0103n tr\u1ebb nh\u1ecf v\u00f4 t\u00ecnh b\u1eadt b\u1ebfp<\/li>\n<\/ul>\n<h3 data-start=\"3247\" data-end=\"3279\">\ud83c\udf21 B\u1ea3o v\u1ec7 qu\u00e1 nhi\u1ec7t \u2013 qu\u00e1 \u00e1p<\/h3>\n<ul data-start=\"3280\" data-end=\"3343\">\n<li data-start=\"3280\" data-end=\"3312\">T\u1ef1 ng\u1eaft khi nhi\u1ec7t \u0111\u1ed9 qu\u00e1 cao<\/li>\n<li data-start=\"3313\" data-end=\"3343\">B\u1ea3o v\u1ec7 linh ki\u1ec7n b\u00ean trong<\/li>\n<\/ul>\n<h3 data-start=\"3345\" data-end=\"3373\">\ud83c\udf72 T\u1ef1 \u0111\u1ed9ng nh\u1eadn di\u1ec7n n\u1ed3i<\/h3>\n<ul data-start=\"3374\" data-end=\"3402\">\n<li data-start=\"3374\" data-end=\"3402\">Ch\u1ec9 ho\u1ea1t \u0111\u1ed9ng khi c\u00f3 n\u1ed3i<\/li>\n<\/ul>\n<h3 data-start=\"3404\" data-end=\"3434\">\u26d4 T\u1ef1 t\u1eaft khi kh\u00f4ng s\u1eed d\u1ee5ng<\/h3>\n<ul data-start=\"3435\" data-end=\"3471\">\n<li data-start=\"3435\" data-end=\"3452\">Tr\u00e1nh ch\u00e1y n\u1ed5<\/li>\n<li data-start=\"3453\" data-end=\"3471\">Ti\u1ebft ki\u1ec7m \u0111i\u1ec7n<\/li>\n<\/ul>\n<h3 data-start=\"3473\" data-end=\"3497\">\ud83d\udd25 C\u1ea3nh b\u00e1o nhi\u1ec7t d\u01b0<\/h3>\n<ul data-start=\"3498\" data-end=\"3527\">\n<li data-start=\"3498\" data-end=\"3527\">B\u00e1o hi\u1ec7u m\u1eb7t b\u1ebfp c\u00f2n n\u00f3ng<\/li>\n<\/ul>\n<p data-start=\"3529\" data-end=\"3581\">\ud83d\udc49 Gi\u00fap ng\u01b0\u1eddi d\u00f9ng <strong data-start=\"3548\" data-end=\"3580\">an t\u00e2m tuy\u1ec7t \u0111\u1ed1i khi s\u1eed d\u1ee5ng<\/strong>.<\/p>\n<hr data-start=\"3583\" data-end=\"3586\" \/>\n<h1 data-start=\"3588\" data-end=\"3640\">8. B\u1ebfp t\u1eeb \u0103n l\u1ea9u \u2013 Gi\u1ea3i ph\u00e1p ho\u00e0n h\u1ea3o cho gia \u0111\u00ecnh<\/h1>\n<p data-start=\"3642\" data-end=\"3692\">GX IH188 kh\u00f4ng ch\u1ec9 l\u00e0 b\u1ebfp n\u1ea5u th\u00f4ng th\u01b0\u1eddng m\u00e0 c\u00f2n:<\/p>\n<p data-start=\"3694\" data-end=\"3731\">\ud83d\udc49 <strong data-start=\"3697\" data-end=\"3731\">R\u1ea5t l\u00fd t\u01b0\u1edfng l\u00e0m b\u1ebfp t\u1eeb \u0103n l\u1ea9u<\/strong><\/p>\n<h3 data-start=\"3733\" data-end=\"3747\">\u2714 \u01afu \u0111i\u1ec3m:<\/h3>\n<ul data-start=\"3748\" data-end=\"3832\">\n<li data-start=\"3748\" data-end=\"3774\">Nh\u1ecf g\u1ecdn \u2192 \u0111\u1eb7t gi\u1eefa b\u00e0n<\/li>\n<li data-start=\"3775\" data-end=\"3810\">C\u00f4ng su\u1ea5t m\u1ea1nh \u2192 n\u01b0\u1edbc s\u00f4i nhanh<\/li>\n<li data-start=\"3811\" data-end=\"3832\">Gi\u1eef nhi\u1ec7t \u1ed5n \u0111\u1ecbnh<\/li>\n<\/ul>\n<h3 data-start=\"3834\" data-end=\"3849\">\u2714 \u1ee8ng d\u1ee5ng:<\/h3>\n<ul data-start=\"3850\" data-end=\"3896\">\n<li data-start=\"3850\" data-end=\"3867\">Ti\u1ec7c gia \u0111\u00ecnh<\/li>\n<li data-start=\"3868\" data-end=\"3884\">Nh\u00e0 h\u00e0ng nh\u1ecf<\/li>\n<li data-start=\"3885\" data-end=\"3896\">Qu\u00e1n \u0103n<\/li>\n<\/ul>\n<p data-start=\"3898\" data-end=\"3982\">\ud83d\udc49 \u0110\u00e2y l\u00e0 l\u00fd do GX IH188 \u0111\u01b0\u1ee3c nhi\u1ec1u kh\u00e1ch h\u00e0ng l\u1ef1a ch\u1ecdn l\u00e0m <strong data-start=\"3958\" data-end=\"3981\">b\u1ebfp l\u1ea9u chuy\u00ean d\u1ee5ng<\/strong>.<\/p>\n<hr data-start=\"3984\" data-end=\"3987\" \/>\n<h1 data-start=\"3989\" data-end=\"4038\">9. So s\u00e1nh GX IH188 v\u1edbi b\u1ebfp t\u1eeb \u0111\u01a1n th\u00f4ng th\u01b0\u1eddng<\/h1>\n<div class=\"TyagGW_tableContainer\">\n<div class=\"group TyagGW_tableWrapper flex flex-col-reverse w-fit\" tabindex=\"-1\">\n<table class=\"w-fit min-w-(--thread-content-width)\" data-start=\"4040\" data-end=\"4287\">\n<thead data-start=\"4040\" data-end=\"4076\">\n<tr data-start=\"4040\" data-end=\"4076\">\n<th class=\"\" data-start=\"4040\" data-end=\"4051\" data-col-size=\"sm\">Ti\u00eau ch\u00ed<\/th>\n<th class=\"\" data-start=\"4051\" data-end=\"4062\" data-col-size=\"sm\">GX IH188<\/th>\n<th class=\"\" data-start=\"4062\" data-end=\"4076\" data-col-size=\"sm\">B\u1ebfp th\u01b0\u1eddng<\/th>\n<\/tr>\n<\/thead>\n<tbody data-start=\"4116\" data-end=\"4287\">\n<tr data-start=\"4116\" data-end=\"4158\">\n<td data-start=\"4116\" data-end=\"4128\" data-col-size=\"sm\">C\u00f4ng su\u1ea5t<\/td>\n<td data-start=\"4128\" data-end=\"4146\" data-col-size=\"sm\">2000W + Booster<\/td>\n<td data-start=\"4146\" data-end=\"4158\" data-col-size=\"sm\">Th\u1ea5p h\u01a1n<\/td>\n<\/tr>\n<tr data-start=\"4159\" data-end=\"4184\">\n<td data-start=\"4159\" data-end=\"4170\" data-col-size=\"sm\">Inverter<\/td>\n<td data-start=\"4170\" data-end=\"4175\" data-col-size=\"sm\">C\u00f3<\/td>\n<td data-start=\"4175\" data-end=\"4184\" data-col-size=\"sm\">Kh\u00f4ng<\/td>\n<\/tr>\n<tr data-start=\"4185\" data-end=\"4227\">\n<td data-start=\"4185\" data-end=\"4196\" data-col-size=\"sm\">M\u1eb7t k\u00ednh<\/td>\n<td data-start=\"4196\" data-end=\"4212\" data-col-size=\"sm\">Euro Platinum<\/td>\n<td data-start=\"4212\" data-end=\"4227\" data-col-size=\"sm\">K\u00ednh th\u01b0\u1eddng<\/td>\n<\/tr>\n<tr data-start=\"4228\" data-end=\"4257\">\n<td data-start=\"4228\" data-end=\"4238\" data-col-size=\"sm\">An to\u00e0n<\/td>\n<td data-start=\"4238\" data-end=\"4247\" data-col-size=\"sm\">\u0110\u1ea7y \u0111\u1ee7<\/td>\n<td data-start=\"4247\" data-end=\"4257\" data-col-size=\"sm\">C\u01a1 b\u1ea3n<\/td>\n<\/tr>\n<tr data-start=\"4258\" data-end=\"4287\">\n<td data-start=\"4258\" data-end=\"4267\" data-col-size=\"sm\">\u0110\u1ed9 b\u1ec1n<\/td>\n<td data-start=\"4267\" data-end=\"4273\" data-col-size=\"sm\">Cao<\/td>\n<td data-start=\"4273\" data-end=\"4287\" data-col-size=\"sm\">Trung b\u00ecnh<\/td>\n<\/tr>\n<\/tbody>\n<\/table>\n<\/div>\n<\/div>\n<p data-start=\"4289\" data-end=\"4366\">\ud83d\udc49 K\u1ebft lu\u1eadn:<br data-start=\"4301\" data-end=\"4304\" \/>GX IH188 v\u01b0\u1ee3t tr\u1ed9i v\u1ec1 <strong data-start=\"4326\" data-end=\"4365\">hi\u1ec7u n\u0103ng \u2013 ti\u1ebft ki\u1ec7m \u0111i\u1ec7n \u2013 \u0111\u1ed9 b\u1ec1n<\/strong>.<\/p>\n<hr data-start=\"4368\" data-end=\"4371\" \/>\n<h1 data-start=\"4373\" data-end=\"4395\">10. \u1ee8ng d\u1ee5ng th\u1ef1c t\u1ebf<\/h1>\n<h3 data-start=\"4397\" data-end=\"4412\">\ud83c\udfe0 Gia \u0111\u00ecnh<\/h3>\n<ul data-start=\"4413\" data-end=\"4454\">\n<li data-start=\"4413\" data-end=\"4433\">N\u1ea5u \u0103n h\u00e0ng ng\u00e0y<\/li>\n<li data-start=\"4434\" data-end=\"4454\">\u0102n l\u1ea9u cu\u1ed1i tu\u1ea7n<\/li>\n<\/ul>\n<h3 data-start=\"4456\" data-end=\"4489\">\ud83c\udfe2 C\u0103n h\u1ed9 \u2013 ph\u00f2ng tr\u1ecd cao c\u1ea5p<\/h3>\n<ul data-start=\"4490\" data-end=\"4530\">\n<li data-start=\"4490\" data-end=\"4513\">Ti\u1ebft ki\u1ec7m di\u1ec7n t\u00edch<\/li>\n<li data-start=\"4514\" data-end=\"4530\">D\u1ec5 di chuy\u1ec3n<\/li>\n<\/ul>\n<h3 data-start=\"4532\" data-end=\"4556\">\ud83d\udc77 Th\u1ea7u \u2013 c\u00f4ng tr\u00ecnh<\/h3>\n<ul data-start=\"4557\" data-end=\"4611\">\n<li data-start=\"4557\" data-end=\"4579\">L\u1eafp cho c\u0103n h\u1ed9 nh\u1ecf<\/li>\n<li data-start=\"4580\" data-end=\"4611\">Gi\u1ea3i ph\u00e1p ti\u1ebft ki\u1ec7m chi ph\u00ed<\/li>\n<\/ul>\n<hr data-start=\"4613\" data-end=\"4616\" \/>\n<h1 data-start=\"4618\" data-end=\"4655\">11. K\u1ebft lu\u1eadn \u2013 C\u00f3 n\u00ean mua GX IH188?<\/h1>\n<p data-start=\"4657\" data-end=\"4688\">N\u1ebfu anh \u0111ang c\u1ea7n m\u1ed9t chi\u1ebfc b\u1ebfp:<\/p>\n<p data-start=\"4690\" data-end=\"4769\">\u2714 Nh\u1ecf g\u1ecdn \u2013 linh ho\u1ea1t<br data-start=\"4711\" data-end=\"4714\" \/>\u2714 N\u1ea5u nhanh \u2013 ti\u1ebft ki\u1ec7m \u0111i\u1ec7n<br data-start=\"4742\" data-end=\"4745\" \/>\u2714 An to\u00e0n \u2013 d\u1ec5 s\u1eed d\u1ee5ng<\/p>\n<p data-start=\"4771\" data-end=\"4840\">\ud83d\udc49 <strong data-start=\"4774\" data-end=\"4840\">GX IH188 l\u00e0 l\u1ef1a ch\u1ecdn c\u1ef1c k\u1ef3 h\u1ee3p l\u00fd trong ph\u00e2n kh\u00fac b\u1ebfp t\u1eeb \u0111\u01a1n.<\/strong><\/p>\n","protected":false},"excerpt":{"rendered":"<p>B\u1ebfp t\u1eeb \u0111\u01a1n GX IH188 \u2013 Gi\u1ea3i ph\u00e1p n\u1ea5u n\u01b0\u1edbng th\u00f4ng minh, ti\u1ec7n l\u1ee3i v\u00e0 ti\u1ebft ki\u1ec7m cho m\u1ecdi kh\u00f4ng gian Trong xu h\u01b0\u1edbng hi\u1ec7n \u0111\u1ea1i, nh\u1eefng m\u1eabu b\u1ebfp t\u1eeb \u0111\u01a1n nh\u1ecf g\u1ecdn \u0111ang tr\u1edf th\u00e0nh l\u1ef1a ch\u1ecdn \u01b0u ti\u00ean cho c\u00e1c gia \u0111\u00ecnh tr\u1ebb, c\u0103n h\u1ed9 di\u1ec7n t\u00edch v\u1eeba \u2013 nh\u1ecf, ho\u1eb7c nhu c\u1ea7u [&hellip;]<\/p>\n","protected":false},"featured_media":4783,"comment_status":"open","ping_status":"closed","template":"","meta":{"_acf_changed":false},"product_brand":[162],"product_cat":[166,15,44,81],"product_tag":[],"class_list":{"0":"post-4782","1":"product","2":"type-product","3":"status-publish","4":"has-post-thumbnail","6":"product_brand-grandx","7":"product_cat-bep-tu-ehrlich","8":"product_cat-san-pham","9":"product_cat-thiet-bi-phong-bep","10":"product_cat-bep-tu","12":"first","13":"instock","14":"sale","15":"shipping-taxable","16":"purchasable","17":"product-type-simple"},"acf":[],"_links":{"self":[{"href":"https:\/\/ehrlichvietnam.vn\/en\/wp-json\/wp\/v2\/product\/4782","targetHints":{"allow":["GET"]}}],"collection":[{"href":"https:\/\/ehrlichvietnam.vn\/en\/wp-json\/wp\/v2\/product"}],"about":[{"href":"https:\/\/ehrlichvietnam.vn\/en\/wp-json\/wp\/v2\/types\/product"}],"replies":[{"embeddable":true,"href":"https:\/\/ehrlichvietnam.vn\/en\/wp-json\/wp\/v2\/comments?post=4782"}],"wp:featuredmedia":[{"embeddable":true,"href":"https:\/\/ehrlichvietnam.vn\/en\/wp-json\/wp\/v2\/media\/4783"}],"wp:attachment":[{"href":"https:\/\/ehrlichvietnam.vn\/en\/wp-json\/wp\/v2\/media?parent=4782"}],"wp:term":[{"taxonomy":"product_brand","embeddable":true,"href":"https:\/\/ehrlichvietnam.vn\/en\/wp-json\/wp\/v2\/product_brand?post=4782"},{"taxonomy":"product_cat","embeddable":true,"href":"https:\/\/ehrlichvietnam.vn\/en\/wp-json\/wp\/v2\/product_cat?post=4782"},{"taxonomy":"product_tag","embeddable":true,"href":"https:\/\/ehrlichvietnam.vn\/en\/wp-json\/wp\/v2\/product_tag?post=4782"}],"curies":[{"name":"wp","href":"https:\/\/api.w.org\/{rel}","templated":true}]}}