{"id":4758,"date":"2026-04-15T03:24:32","date_gmt":"2026-04-15T03:24:32","guid":{"rendered":"https:\/\/ehrlichvietnam.vn\/?post_type=product&#038;p=4758"},"modified":"2026-04-15T07:13:11","modified_gmt":"2026-04-15T07:13:11","slug":"sen-cay-cam-bien-nhiet-american-standard-wf-4952-easyset","status":"publish","type":"product","link":"https:\/\/ehrlichvietnam.vn\/sen-cay-cam-bien-nhiet-american-standard-wf-4952-easyset\/","title":{"rendered":"Sen C\u00e2y C\u1ea3m Bi\u1ebfn Nhi\u1ec7t American Standard WF-4952 EasySET"},"content":{"rendered":"<h2 data-start=\"0\" data-end=\"117\">Sen c\u00e2y c\u1ea3m bi\u1ebfn nhi\u1ec7t American Standard WF-4952 EasySET \u2013 Tr\u1ea3i nghi\u1ec7m t\u1eafm \u0111\u1eb3ng c\u1ea5p, ki\u1ec3m so\u00e1t nhi\u1ec7t \u0111\u1ed9 th\u00f4ng minh<\/h2>\n<p data-start=\"119\" data-end=\"493\">Trong ph\u00e2n kh\u00fac <strong data-start=\"135\" data-end=\"154\">sen c\u00e2y cao c\u1ea5p<\/strong>, y\u1ebfu t\u1ed1 quy\u1ebft \u0111\u1ecbnh tr\u1ea3i nghi\u1ec7m kh\u00f4ng ch\u1ec9 n\u1eb1m \u1edf thi\u1ebft k\u1ebf m\u00e0 c\u00f2n \u1edf <strong data-start=\"220\" data-end=\"280\">c\u00f4ng ngh\u1ec7 ki\u1ec3m so\u00e1t nhi\u1ec7t \u0111\u1ed9 v\u00e0 s\u1ef1 ti\u1ec7n nghi khi s\u1eed d\u1ee5ng<\/strong>. M\u1eabu <strong data-start=\"286\" data-end=\"319\">WF-4952 EasySET Exposed 3-Way<\/strong> \u0111\u1ebfn t\u1eeb <span class=\"hover:entity-accent entity-underline inline cursor-pointer align-baseline\"><span class=\"whitespace-normal\">American Standard<\/span><\/span> l\u00e0 m\u1ed9t trong nh\u1eefng d\u00f2ng n\u1ed5i b\u1eadt khi t\u00edch h\u1ee3p <strong data-start=\"410\" data-end=\"453\">c\u00f4ng ngh\u1ec7 c\u1ea3m bi\u1ebfn nhi\u1ec7t (thermostatic)<\/strong> c\u00f9ng c\u1ea5u h\u00ecnh <strong data-start=\"468\" data-end=\"492\">3 \u0111\u01b0\u1eddng n\u01b0\u1edbc \u0111a n\u0103ng<\/strong>.<\/p>\n<p data-start=\"495\" data-end=\"637\">\u0110\u00e2y kh\u00f4ng \u0111\u01a1n thu\u1ea7n l\u00e0 m\u1ed9t b\u1ed9 sen t\u1eafm, m\u00e0 l\u00e0 gi\u1ea3i ph\u00e1p <strong data-start=\"550\" data-end=\"594\">n\u00e2ng c\u1ea5p to\u00e0n di\u1ec7n tr\u1ea3i nghi\u1ec7m ph\u00f2ng t\u1eafm<\/strong> cho nh\u00e0 ph\u1ed1, c\u0103n h\u1ed9 cao c\u1ea5p hay kh\u00e1ch s\u1ea1n.<\/p>\n<hr data-start=\"639\" data-end=\"642\" \/>\n<h1 data-start=\"644\" data-end=\"701\">1. T\u1ed5ng quan s\u1ea3n ph\u1ea9m sen c\u00e2y American Standard WF-4952<\/h1>\n<ul data-start=\"703\" data-end=\"998\">\n<li data-start=\"703\" data-end=\"731\"><strong data-start=\"705\" data-end=\"721\">M\u00e3 s\u1ea3n ph\u1ea9m:<\/strong> WF-4952<\/li>\n<li data-start=\"732\" data-end=\"779\"><strong data-start=\"734\" data-end=\"751\">T\u00ean s\u1ea3n ph\u1ea9m:<\/strong> B\u1ed9 sen c\u00e2y c\u1ea3m bi\u1ebfn nhi\u1ec7t<\/li>\n<li data-start=\"780\" data-end=\"821\"><strong data-start=\"782\" data-end=\"797\">B\u1ed9 s\u01b0u t\u1eadp:<\/strong> EasySET Exposed 3-Way<\/li>\n<li data-start=\"822\" data-end=\"860\"><strong data-start=\"824\" data-end=\"840\">Th\u01b0\u01a1ng hi\u1ec7u:<\/strong> American Standard<\/li>\n<li data-start=\"861\" data-end=\"900\"><strong data-start=\"863\" data-end=\"877\">Ch\u1ea5t li\u1ec7u:<\/strong> \u0110\u1ed3ng m\u1ea1 Crom \u2013 Niken<\/li>\n<li data-start=\"901\" data-end=\"941\"><strong data-start=\"903\" data-end=\"919\">\u00c1p l\u1ef1c n\u01b0\u1edbc:<\/strong> 0.15 MPa \u2013 0.75 MPa<\/li>\n<li data-start=\"942\" data-end=\"963\"><strong data-start=\"944\" data-end=\"958\">C\u00f4ng ngh\u1ec7:<\/strong> M\u1ef9<\/li>\n<li data-start=\"964\" data-end=\"998\"><strong data-start=\"966\" data-end=\"978\">Xu\u1ea5t x\u1ee9:<\/strong> American Standard<\/li>\n<\/ul>\n<h3 data-start=\"1000\" data-end=\"1022\">C\u1ea5u h\u00ecnh s\u1ea3n ph\u1ea9m:<\/h3>\n<p data-start=\"1023\" data-end=\"1133\">\u2714 \u0110\u1ea7u sen phun m\u01b0a (b\u00e1t sen l\u1edbn)<br data-start=\"1055\" data-end=\"1058\" \/>\u2714 Tay sen massage<br data-start=\"1075\" data-end=\"1078\" \/>\u2714 V\u00f2i x\u1ea3 ch\u1eadu (x\u1ea3 x\u00f4)<br data-start=\"1099\" data-end=\"1102\" \/>\u2714 B\u1ed9 tr\u1ed9n nhi\u1ec7t \u0111\u1ed9 th\u00f4ng minh<\/p>\n<p data-start=\"1135\" data-end=\"1237\">\ud83d\udc49 \u0110\u00e2y l\u00e0 c\u1ea5u h\u00ecnh <strong data-start=\"1154\" data-end=\"1183\">full option 3 ch\u1ebf \u0111\u1ed9 n\u01b0\u1edbc<\/strong>, \u0111\u00e1p \u1ee9ng g\u1ea7n nh\u01b0 m\u1ecdi nhu c\u1ea7u s\u1eed d\u1ee5ng trong ph\u00f2ng t\u1eafm.<\/p>\n<p><img loading=\"lazy\" decoding=\"async\" class=\"alignnone size-medium\" src=\"https:\/\/www.tdm.vn\/image\/catalog\/product-7553\/ban-ve-sen-cay-american-wf-4952.JPG\" width=\"509\" height=\"536\" \/><\/p>\n<hr data-start=\"1239\" data-end=\"1242\" \/>\n<h1 data-start=\"1244\" data-end=\"1294\">2. EasySET 3-Way \u2013 3 \u0111\u01b0\u1eddng n\u01b0\u1edbc, 1 h\u1ec7 \u0111i\u1ec1u khi\u1ec3n<\/h1>\n<p data-start=\"1296\" data-end=\"1362\">\u0110i\u1ec3m n\u1ed5i b\u1eadt c\u1ee7a WF-4952 n\u1eb1m \u1edf c\u1ea5u tr\u00fac <strong data-start=\"1336\" data-end=\"1361\">EasySET Exposed 3-Way<\/strong>:<\/p>\n<h3 data-start=\"1364\" data-end=\"1399\">\ud83d\udd01 Ba ch\u1ebf \u0111\u1ed9 s\u1eed d\u1ee5ng linh ho\u1ea1t:<\/h3>\n<ol data-start=\"1400\" data-end=\"1556\">\n<li data-start=\"1400\" data-end=\"1453\"><strong data-start=\"1403\" data-end=\"1430\">B\u00e1t sen tr\u1ea7n (phun m\u01b0a)<\/strong> \u2192 th\u01b0 gi\u00e3n to\u00e0n th\u00e2n<\/li>\n<li data-start=\"1454\" data-end=\"1509\"><strong data-start=\"1457\" data-end=\"1476\">Tay sen massage<\/strong> \u2192 linh ho\u1ea1t, l\u00e0m s\u1ea1ch chi ti\u1ebft<\/li>\n<li data-start=\"1510\" data-end=\"1556\"><strong data-start=\"1513\" data-end=\"1528\">V\u00f2i x\u1ea3 ch\u1eadu<\/strong> \u2192 ti\u1ec7n d\u1ee5ng cho sinh ho\u1ea1t<\/li>\n<\/ol>\n<p data-start=\"1558\" data-end=\"1628\">\ud83d\udc49 Ng\u01b0\u1eddi d\u00f9ng c\u00f3 th\u1ec3 chuy\u1ec3n \u0111\u1ed5i nhanh ch\u00f3ng ch\u1ec9 v\u1edbi thao t\u00e1c \u0111\u01a1n gi\u1ea3n.<\/p>\n<h3 data-start=\"1630\" data-end=\"1650\">\u01afu \u0111i\u1ec3m th\u1ef1c t\u1ebf:<\/h3>\n<ul data-start=\"1651\" data-end=\"1749\">\n<li data-start=\"1651\" data-end=\"1686\">Kh\u00f4ng c\u1ea7n l\u1eafp th\u00eam thi\u1ebft b\u1ecb ph\u1ee5<\/li>\n<li data-start=\"1687\" data-end=\"1718\">T\u1ed1i \u01b0u kh\u00f4ng gian ph\u00f2ng t\u1eafm<\/li>\n<li data-start=\"1719\" data-end=\"1749\">T\u0103ng t\u00ednh ti\u1ec7n nghi r\u00f5 r\u1ec7t<\/li>\n<\/ul>\n<hr data-start=\"1751\" data-end=\"1754\" \/>\n<h1 data-start=\"1756\" data-end=\"1816\">3. C\u00f4ng ngh\u1ec7 c\u1ea3m bi\u1ebfn nhi\u1ec7t \u2013 T\u1eafm an to\u00e0n, kh\u00f4ng s\u1ed1c nhi\u1ec7t<\/h1>\n<p data-start=\"1818\" data-end=\"1926\">WF-4952 \u0111\u01b0\u1ee3c trang b\u1ecb <strong data-start=\"1840\" data-end=\"1877\">van c\u1ea3m bi\u1ebfn nhi\u1ec7t (thermostatic)<\/strong> \u2013 y\u1ebfu t\u1ed1 t\u1ea1o n\u00ean s\u1ef1 kh\u00e1c bi\u1ec7t so v\u1edbi sen th\u01b0\u1eddng.<\/p>\n<h3 data-start=\"1928\" data-end=\"1945\">\ud83d\udd25 Nguy\u00ean l\u00fd:<\/h3>\n<ul data-start=\"1946\" data-end=\"2025\">\n<li data-start=\"1946\" data-end=\"1983\">T\u1ef1 \u0111\u1ed9ng c\u00e2n b\u1eb1ng n\u01b0\u1edbc n\u00f3ng \u2013 l\u1ea1nh<\/li>\n<li data-start=\"1984\" data-end=\"2025\">Gi\u1eef nhi\u1ec7t \u0111\u1ed9 \u1ed5n \u0111\u1ecbnh theo m\u1ee9c c\u00e0i \u0111\u1eb7t<\/li>\n<\/ul>\n<h3 data-start=\"2027\" data-end=\"2041\">\u2714 L\u1ee3i \u00edch:<\/h3>\n<ul data-start=\"2042\" data-end=\"2174\">\n<li data-start=\"2042\" data-end=\"2075\">Kh\u00f4ng b\u1ecb <strong data-start=\"2053\" data-end=\"2075\">s\u1ed1c nhi\u1ec7t \u0111\u1ed9t ng\u1ed9t<\/strong><\/li>\n<li data-start=\"2076\" data-end=\"2125\">An to\u00e0n cho:\n<ul data-start=\"2093\" data-end=\"2125\">\n<li data-start=\"2093\" data-end=\"2104\">Tr\u1ebb nh\u1ecf<\/li>\n<li data-start=\"2107\" data-end=\"2125\">Ng\u01b0\u1eddi l\u1edbn tu\u1ed5i<\/li>\n<\/ul>\n<\/li>\n<li data-start=\"2126\" data-end=\"2174\">Kh\u00f4ng c\u1ea7n ch\u1ec9nh l\u1ea1i khi \u00e1p l\u1ef1c n\u01b0\u1edbc thay \u0111\u1ed5i<\/li>\n<\/ul>\n<p data-start=\"2176\" data-end=\"2242\">\ud83d\udc49 \u0110\u00e2y l\u00e0 t\u00ednh n\u0103ng c\u1ef1c k\u1ef3 quan tr\u1ecdng trong c\u00e1c gia \u0111\u00ecnh hi\u1ec7n \u0111\u1ea1i.<\/p>\n<hr data-start=\"2244\" data-end=\"2247\" \/>\n<h1 data-start=\"2249\" data-end=\"2300\">4. B\u00e1t sen phun m\u01b0a \u2013 Tr\u1ea3i nghi\u1ec7m nh\u01b0 spa t\u1ea1i nh\u00e0<\/h1>\n<p data-start=\"2302\" data-end=\"2343\">B\u00e1t sen c\u1ee7a WF-4952 \u0111\u01b0\u1ee3c thi\u1ebft k\u1ebf t\u1ed1i \u01b0u:<\/p>\n<ul data-start=\"2345\" data-end=\"2415\">\n<li data-start=\"2345\" data-end=\"2379\">\u0110\u01b0\u1eddng k\u00ednh l\u1edbn \u2192 ph\u1ee7 n\u01b0\u1edbc r\u1ed9ng<\/li>\n<li data-start=\"2380\" data-end=\"2415\">L\u1ed7 phun \u0111\u1ec1u \u2192 d\u00f2ng n\u01b0\u1edbc m\u1ec1m m\u1ea1i<\/li>\n<\/ul>\n<h3 data-start=\"2417\" data-end=\"2444\">\u2714 C\u1ea3m gi\u00e1c khi s\u1eed d\u1ee5ng:<\/h3>\n<ul data-start=\"2445\" data-end=\"2525\">\n<li data-start=\"2445\" data-end=\"2469\">N\u01b0\u1edbc r\u01a1i nh\u1eb9 nh\u01b0 m\u01b0a<\/li>\n<li data-start=\"2470\" data-end=\"2492\">Gi\u1ea3m \u00e1p l\u1ef1c l\u00ean da<\/li>\n<li data-start=\"2493\" data-end=\"2525\">T\u1ea1o c\u1ea3m gi\u00e1c th\u01b0 gi\u00e3n t\u1ed1i \u0111a<\/li>\n<\/ul>\n<p data-start=\"2527\" data-end=\"2542\">\ud83d\udc49 Ph\u00f9 h\u1ee3p cho:<\/p>\n<ul data-start=\"2543\" data-end=\"2593\">\n<li data-start=\"2543\" data-end=\"2569\">T\u1eafm th\u01b0 gi\u00e3n cu\u1ed1i ng\u00e0y<\/li>\n<li data-start=\"2570\" data-end=\"2593\">Gi\u1ea3i t\u1ecfa c\u0103ng th\u1eb3ng<\/li>\n<\/ul>\n<hr data-start=\"2595\" data-end=\"2598\" \/>\n<h1 data-start=\"2600\" data-end=\"2644\">5. Tay sen massage \u2013 Linh ho\u1ea1t &amp; ti\u1ec7n d\u1ee5ng<\/h1>\n<p data-start=\"2646\" data-end=\"2666\">Tay sen \u0111i k\u00e8m gi\u00fap:<\/p>\n<ul data-start=\"2668\" data-end=\"2723\">\n<li data-start=\"2668\" data-end=\"2681\">T\u1eafm nhanh<\/li>\n<li data-start=\"2682\" data-end=\"2703\">V\u1ec7 sinh ph\u00f2ng t\u1eafm<\/li>\n<li data-start=\"2704\" data-end=\"2723\">T\u1eafm cho tr\u1ebb nh\u1ecf<\/li>\n<\/ul>\n<h3 data-start=\"2725\" data-end=\"2739\">\u0110i\u1ec3m c\u1ed9ng:<\/h3>\n<ul data-start=\"2740\" data-end=\"2810\">\n<li data-start=\"2740\" data-end=\"2767\">C\u00f3 ch\u1ebf \u0111\u1ed9 <strong data-start=\"2752\" data-end=\"2767\">massage nh\u1eb9<\/strong><\/li>\n<li data-start=\"2768\" data-end=\"2810\">D\u00f2ng n\u01b0\u1edbc t\u1eadp trung \u2192 l\u00e0m s\u1ea1ch t\u1ed1t h\u01a1n<\/li>\n<\/ul>\n<p data-start=\"2812\" data-end=\"2868\">\ud83d\udc49 \u0110\u00e2y l\u00e0 ph\u1ea7n kh\u00f4ng th\u1ec3 thi\u1ebfu trong b\u1ed9 sen c\u00e2y cao c\u1ea5p.<\/p>\n<hr data-start=\"2870\" data-end=\"2873\" \/>\n<h1 data-start=\"2875\" data-end=\"2920\">6. V\u00f2i x\u1ea3 x\u00f4 \u2013 Chi ti\u1ebft nh\u1ecf, ti\u1ec7n \u00edch l\u1edbn<\/h1>\n<p data-start=\"2922\" data-end=\"2958\">WF-4952 t\u00edch h\u1ee3p th\u00eam <strong data-start=\"2944\" data-end=\"2957\">v\u00f2i x\u1ea3 x\u00f4<\/strong>:<\/p>\n<h3 data-start=\"2960\" data-end=\"2974\">C\u00f4ng d\u1ee5ng:<\/h3>\n<ul data-start=\"2975\" data-end=\"3039\">\n<li data-start=\"2975\" data-end=\"2993\">L\u1ea5y n\u01b0\u1edbc nhanh<\/li>\n<li data-start=\"2994\" data-end=\"3019\">R\u1eeda ch\u00e2n, gi\u1eb7t \u0111\u1ed3 nh\u1eb9<\/li>\n<li data-start=\"3020\" data-end=\"3039\">V\u1ec7 sinh nh\u00e0 t\u1eafm<\/li>\n<\/ul>\n<p data-start=\"3041\" data-end=\"3049\">\ud83d\udc49 Gi\u00fap:<\/p>\n<ul data-start=\"3050\" data-end=\"3115\">\n<li data-start=\"3050\" data-end=\"3080\">Kh\u00f4ng c\u1ea7n l\u1eafp th\u00eam v\u00f2i ph\u1ee5<\/li>\n<li data-start=\"3081\" data-end=\"3115\">Ti\u1ebft ki\u1ec7m chi ph\u00ed &amp; kh\u00f4ng gian<\/li>\n<\/ul>\n<hr data-start=\"3117\" data-end=\"3120\" \/>\n<h1 data-start=\"3122\" data-end=\"3180\">7. Ch\u1ea5t li\u1ec7u \u0111\u1ed3ng m\u1ea1 Crom \u2013 Niken: B\u1ec1n b\u1ec9 theo th\u1eddi gian<\/h1>\n<p data-start=\"3182\" data-end=\"3241\">To\u00e0n b\u1ed9 th\u00e2n sen \u0111\u01b0\u1ee3c l\u00e0m t\u1eeb <strong data-start=\"3211\" data-end=\"3231\">\u0111\u1ed3ng nguy\u00ean kh\u1ed1i<\/strong>, ph\u1ee7 l\u1edbp:<\/p>\n<ul data-start=\"3243\" data-end=\"3310\">\n<li data-start=\"3243\" data-end=\"3270\"><strong data-start=\"3245\" data-end=\"3254\">Crom:<\/strong> ch\u1ed1ng oxy h\u00f3a<\/li>\n<li data-start=\"3271\" data-end=\"3310\"><strong data-start=\"3273\" data-end=\"3283\">Niken:<\/strong> t\u0103ng \u0111\u1ed9 c\u1ee9ng, ch\u1ed1ng tr\u1ea7y<\/li>\n<\/ul>\n<h3 data-start=\"3312\" data-end=\"3326\">\u2714 L\u1ee3i \u00edch:<\/h3>\n<ul data-start=\"3327\" data-end=\"3392\">\n<li data-start=\"3327\" data-end=\"3343\">Kh\u00f4ng r\u1ec9 s\u00e9t<\/li>\n<li data-start=\"3344\" data-end=\"3363\">Kh\u00f4ng bong tr\u00f3c<\/li>\n<li data-start=\"3364\" data-end=\"3392\">Gi\u1eef \u0111\u1ed9 s\u00e1ng b\u00f3ng l\u00e2u d\u00e0i<\/li>\n<\/ul>\n<p data-start=\"3394\" data-end=\"3444\">\ud83d\udc49 \u0110\u00e2y l\u00e0 ti\u00eau chu\u1ea9n c\u1ee7a d\u00f2ng <strong data-start=\"3424\" data-end=\"3443\">sen c\u00e2y cao c\u1ea5p<\/strong>.<\/p>\n<hr data-start=\"3446\" data-end=\"3449\" \/>\n<h1 data-start=\"3451\" data-end=\"3491\">8. Cartridge b\u1ec1n b\u1ec9 \u2013 V\u1eadn h\u00e0nh m\u01b0\u1ee3t m\u00e0<\/h1>\n<p data-start=\"3493\" data-end=\"3542\">WF-4952 s\u1eed d\u1ee5ng <strong data-start=\"3509\" data-end=\"3541\">\u0111\u0129a Cartridge ch\u1ea5t l\u01b0\u1ee3ng cao<\/strong>:<\/p>\n<h3 data-start=\"3544\" data-end=\"3556\">\u01afu \u0111i\u1ec3m:<\/h3>\n<ul data-start=\"3557\" data-end=\"3611\">\n<li data-start=\"3557\" data-end=\"3578\">\u0110\u00f3ng\/m\u1edf nh\u1eb9 nh\u00e0ng<\/li>\n<li data-start=\"3579\" data-end=\"3594\">Kh\u00f4ng r\u00f2 r\u1ec9<\/li>\n<li data-start=\"3595\" data-end=\"3611\">Tu\u1ed5i th\u1ecd cao<\/li>\n<\/ul>\n<p data-start=\"3613\" data-end=\"3661\">\ud83d\udc49 Gi\u1ea3m chi ph\u00ed b\u1ea3o tr\u00ec trong qu\u00e1 tr\u00ecnh s\u1eed d\u1ee5ng.<\/p>\n<hr data-start=\"3663\" data-end=\"3666\" \/>\n<h1 data-start=\"3668\" data-end=\"3721\">9. \u00c1p l\u1ef1c n\u01b0\u1edbc linh ho\u1ea1t \u2013 Ph\u00f9 h\u1ee3p nhi\u1ec1u c\u00f4ng tr\u00ecnh<\/h1>\n<p data-start=\"3723\" data-end=\"3734\">D\u1ea3i \u00e1p l\u1ef1c:<\/p>\n<p data-start=\"3736\" data-end=\"3762\">\ud83d\udc49 <strong data-start=\"3739\" data-end=\"3762\">0.15 MPa \u2013 0.75 MPa<\/strong><\/p>\n<h3 data-start=\"3764\" data-end=\"3776\">\u00dd ngh\u0129a:<\/h3>\n<ul data-start=\"3777\" data-end=\"3860\">\n<li data-start=\"3777\" data-end=\"3803\">Nh\u00e0 ph\u1ed1 \u2192 d\u00f9ng \u1ed5n \u0111\u1ecbnh<\/li>\n<li data-start=\"3804\" data-end=\"3831\">Chung c\u01b0 \u2192 v\u1eadn h\u00e0nh t\u1ed1t<\/li>\n<li data-start=\"3832\" data-end=\"3860\">C\u00f3 b\u01a1m \u2192 kh\u00f4ng lo qu\u00e1 \u00e1p<\/li>\n<\/ul>\n<p data-start=\"3862\" data-end=\"3899\">\ud83d\udc49 D\u1ec5 thi c\u00f4ng, \u00edt k\u00e9n h\u1ec7 th\u1ed1ng n\u01b0\u1edbc.<\/p>\n<hr data-start=\"3901\" data-end=\"3904\" \/>\n<h1 data-start=\"3906\" data-end=\"3953\">10. So s\u00e1nh WF-4952 v\u1edbi c\u00e1c d\u00f2ng sen c\u00e2y kh\u00e1c<\/h1>\n<div class=\"TyagGW_tableContainer\">\n<div class=\"group TyagGW_tableWrapper flex flex-col-reverse w-fit\" tabindex=\"-1\">\n<table class=\"w-fit min-w-(--thread-content-width)\" data-start=\"3955\" data-end=\"4220\">\n<thead data-start=\"3955\" data-end=\"4002\">\n<tr data-start=\"3955\" data-end=\"4002\">\n<th class=\"\" data-start=\"3955\" data-end=\"3966\" data-col-size=\"sm\">Ti\u00eau ch\u00ed<\/th>\n<th class=\"\" data-start=\"3966\" data-end=\"3984\" data-col-size=\"sm\">WF-4952 EasySET<\/th>\n<th class=\"\" data-start=\"3984\" data-end=\"4002\" data-col-size=\"sm\">Sen c\u00e2y th\u01b0\u1eddng<\/th>\n<\/tr>\n<\/thead>\n<tbody data-start=\"4050\" data-end=\"4220\">\n<tr data-start=\"4050\" data-end=\"4085\">\n<td data-start=\"4050\" data-end=\"4062\" data-col-size=\"sm\">C\u00f4ng ngh\u1ec7<\/td>\n<td data-start=\"4062\" data-end=\"4079\" data-col-size=\"sm\">C\u1ea3m bi\u1ebfn nhi\u1ec7t<\/td>\n<td data-start=\"4079\" data-end=\"4085\" data-col-size=\"sm\">C\u01a1<\/td>\n<\/tr>\n<tr data-start=\"4086\" data-end=\"4111\">\n<td data-start=\"4086\" data-end=\"4102\" data-col-size=\"sm\">S\u1ed1 \u0111\u01b0\u1eddng n\u01b0\u1edbc<\/td>\n<td data-start=\"4102\" data-end=\"4106\" data-col-size=\"sm\">3<\/td>\n<td data-start=\"4106\" data-end=\"4111\" data-col-size=\"sm\">2<\/td>\n<\/tr>\n<tr data-start=\"4112\" data-end=\"4150\">\n<td data-start=\"4112\" data-end=\"4126\" data-col-size=\"sm\">Tr\u1ea3i nghi\u1ec7m<\/td>\n<td data-start=\"4126\" data-end=\"4136\" data-col-size=\"sm\">Cao c\u1ea5p<\/td>\n<td data-start=\"4136\" data-end=\"4150\" data-col-size=\"sm\">Trung b\u00ecnh<\/td>\n<\/tr>\n<tr data-start=\"4151\" data-end=\"4188\">\n<td data-start=\"4151\" data-end=\"4161\" data-col-size=\"sm\">An to\u00e0n<\/td>\n<td data-start=\"4161\" data-end=\"4179\" data-col-size=\"sm\">Ch\u1ed1ng s\u1ed1c nhi\u1ec7t<\/td>\n<td data-start=\"4179\" data-end=\"4188\" data-col-size=\"sm\">Kh\u00f4ng<\/td>\n<\/tr>\n<tr data-start=\"4189\" data-end=\"4220\">\n<td data-start=\"4189\" data-end=\"4200\" data-col-size=\"sm\">Ti\u1ec7n \u00edch<\/td>\n<td data-start=\"4200\" data-end=\"4211\" data-col-size=\"sm\">C\u00f3 x\u1ea3 x\u00f4<\/td>\n<td data-start=\"4211\" data-end=\"4220\" data-col-size=\"sm\">Kh\u00f4ng<\/td>\n<\/tr>\n<\/tbody>\n<\/table>\n<\/div>\n<\/div>\n<p data-start=\"4222\" data-end=\"4298\">\ud83d\udc49 K\u1ebft lu\u1eadn:<br data-start=\"4234\" data-end=\"4237\" \/>WF-4952 l\u00e0 d\u00f2ng <strong data-start=\"4253\" data-end=\"4270\">\u201cfull option\u201d<\/strong> cho kh\u00e1ch h\u00e0ng y\u00eau c\u1ea7u cao.<\/p>\n<hr data-start=\"4300\" data-end=\"4303\" \/>\n<h1 data-start=\"4305\" data-end=\"4327\">11. \u1ee8ng d\u1ee5ng th\u1ef1c t\u1ebf<\/h1>\n<h3 data-start=\"4329\" data-end=\"4354\">\ud83c\udfe0 Nh\u00e0 ph\u1ed1 \u2013 bi\u1ec7t th\u1ef1<\/h3>\n<ul data-start=\"4355\" data-end=\"4398\">\n<li data-start=\"4355\" data-end=\"4375\">Ph\u00f2ng t\u1eafm master<\/li>\n<li data-start=\"4376\" data-end=\"4398\">Kh\u00f4ng gian cao c\u1ea5p<\/li>\n<\/ul>\n<h3 data-start=\"4400\" data-end=\"4425\">\ud83c\udfe8 Kh\u00e1ch s\u1ea1n \u2013 resort<\/h3>\n<ul data-start=\"4426\" data-end=\"4488\">\n<li data-start=\"4426\" data-end=\"4457\">T\u0103ng tr\u1ea3i nghi\u1ec7m kh\u00e1ch h\u00e0ng<\/li>\n<li data-start=\"4458\" data-end=\"4488\">T\u1ea1o \u0111i\u1ec3m kh\u00e1c bi\u1ec7t d\u1ecbch v\u1ee5<\/li>\n<\/ul>\n<h3 data-start=\"4490\" data-end=\"4515\">\ud83d\udc77 C\u00f4ng tr\u00ecnh cao c\u1ea5p<\/h3>\n<ul data-start=\"4516\" data-end=\"4556\">\n<li data-start=\"4516\" data-end=\"4536\">Chung c\u01b0 cao c\u1ea5p<\/li>\n<li data-start=\"4537\" data-end=\"4556\">Villa, homestay<\/li>\n<\/ul>\n<hr data-start=\"4558\" data-end=\"4561\" \/>\n<h1 data-start=\"4563\" data-end=\"4605\">12. L\u01b0u \u00fd l\u1eafp \u0111\u1eb7t \u0111\u1ec3 \u0111\u1ea1t hi\u1ec7u qu\u1ea3 t\u1ed1i \u0111a<\/h1>\n<p data-start=\"4607\" data-end=\"4693\">\u2714 Kho\u1ea3ng c\u00e1ch t\u00e2m: <strong data-start=\"4626\" data-end=\"4635\">150mm<\/strong><br data-start=\"4635\" data-end=\"4638\" \/>\u2714 \u0110\u01b0\u1eddng \u1ed1ng ch\u1edd \u1ed5n \u0111\u1ecbnh<br data-start=\"4661\" data-end=\"4664\" \/>\u2714 N\u00ean c\u00f3 l\u1ecdc n\u01b0\u1edbc \u0111\u1ea7u ngu\u1ed3n<\/p>\n<p data-start=\"4695\" data-end=\"4703\">\ud83d\udc49 Gi\u00fap:<\/p>\n<ul data-start=\"4704\" data-end=\"4756\">\n<li data-start=\"4704\" data-end=\"4730\">T\u0103ng tu\u1ed5i th\u1ecd s\u1ea3n ph\u1ea9m<\/li>\n<li data-start=\"4731\" data-end=\"4756\">Gi\u1eef hi\u1ec7u n\u0103ng \u1ed5n \u0111\u1ecbnh<\/li>\n<\/ul>\n<hr data-start=\"4758\" data-end=\"4761\" \/>\n<h1 data-start=\"4763\" data-end=\"4803\">13. V\u00ec sao n\u00ean ch\u1ecdn American Standard?<\/h1>\n<p data-start=\"4805\" data-end=\"4871\"><span class=\"hover:entity-accent entity-underline inline cursor-pointer align-baseline\"><span class=\"whitespace-normal\">American Standard<\/span><\/span> l\u00e0 th\u01b0\u01a1ng hi\u1ec7u to\u00e0n c\u1ea7u v\u1edbi:<\/p>\n<ul data-start=\"4873\" data-end=\"4954\">\n<li data-start=\"4873\" data-end=\"4899\">H\u01a1n 100 n\u0103m ph\u00e1t tri\u1ec3n<\/li>\n<li data-start=\"4900\" data-end=\"4923\">C\u00f4ng ngh\u1ec7 ti\u00ean ti\u1ebfn<\/li>\n<li data-start=\"4924\" data-end=\"4954\">Ch\u1ea5t l\u01b0\u1ee3ng \u0111\u01b0\u1ee3c ki\u1ec3m ch\u1ee9ng<\/li>\n<\/ul>\n<p data-start=\"4956\" data-end=\"4985\">\ud83d\udc49 WF-4952 l\u00e0 minh ch\u1ee9ng cho:<\/p>\n<ul data-start=\"4986\" data-end=\"5050\">\n<li data-start=\"4986\" data-end=\"5006\">Thi\u1ebft k\u1ebf tinh t\u1ebf<\/li>\n<li data-start=\"5007\" data-end=\"5029\">C\u00f4ng ngh\u1ec7 hi\u1ec7n \u0111\u1ea1i<\/li>\n<li data-start=\"5030\" data-end=\"5050\">\u0110\u1ed9 b\u1ec1n v\u01b0\u1ee3t tr\u1ed9i<\/li>\n<\/ul>\n<hr data-start=\"5052\" data-end=\"5055\" \/>\n<h1 data-start=\"5057\" data-end=\"5096\">14. K\u1ebft lu\u1eadn \u2013 C\u00f3 n\u00ean \u0111\u1ea7u t\u01b0 WF-4952?<\/h1>\n<p data-start=\"5098\" data-end=\"5126\">N\u1ebfu anh \u0111ang t\u00ecm m\u1ed9t b\u1ed9 sen:<\/p>\n<p data-start=\"5128\" data-end=\"5224\">\u2714 T\u1eafm tho\u1ea3i m\u00e1i \u2013 \u1ed5n \u0111\u1ecbnh nhi\u1ec7t \u0111\u1ed9<br data-start=\"5162\" data-end=\"5165\" \/>\u2714 \u0110\u1ea7y \u0111\u1ee7 ti\u1ec7n \u00edch (3 \u0111\u01b0\u1eddng n\u01b0\u1edbc)<br data-start=\"5197\" data-end=\"5200\" \/>\u2714 B\u1ec1n b\u1ec9 \u2013 \u00edt b\u1ea3o h\u00e0nh<\/p>\n<p data-start=\"5226\" data-end=\"5299\">\ud83d\udc49 <strong data-start=\"5229\" data-end=\"5299\">WF-4952 EasySET l\u00e0 l\u1ef1a ch\u1ecdn r\u1ea5t \u0111\u00e1ng ti\u1ec1n trong ph\u00e2n kh\u00fac cao c\u1ea5p.<\/strong><\/p>\n<p data-start=\"4866\" data-end=\"4979\"><strong data-start=\"4866\" data-end=\"4917\">Ehrlich Vi\u1ec7t Nam \u2013 Thi\u1ebft B\u1ecb Nh\u00e0 B\u1ebfp &amp; Ph\u00f2ng T\u1eafm<\/strong><br data-start=\"4917\" data-end=\"4920\" \/>\ud83d\udccd \u0110\u1ecba ch\u1ec9: S\u1ed1 6 Li\u1ec1n K\u1ec1 22, K\u0110T V\u0103n Kh\u00ea, H\u00e0 \u0110\u00f4ng, H\u00e0 N\u1ed9i<\/p>\n<p data-start=\"4981\" data-end=\"5105\">\ud83c\udf10 Website: <a class=\"decorated-link\" href=\"https:\/\/ehrlichvietnam.vn\/\" target=\"_new\" rel=\"noopener\" data-start=\"4993\" data-end=\"5019\">https:\/\/ehrlichvietnam.vn\/<\/a><br data-start=\"5019\" data-end=\"5022\" \/>\ud83d\udcde Hotline: <strong data-start=\"5034\" data-end=\"5051\">0932 27 05 20<\/strong><br data-start=\"5051\" data-end=\"5054\" \/>\ud83d\udcac Zalo OA: <a class=\"decorated-link\" href=\"https:\/\/zalo.me\/s\/2888141157129558325\" target=\"_new\" rel=\"noopener\" data-start=\"5066\" data-end=\"5103\">https:\/\/zalo.me\/s\/2888141157129558325<\/a><\/p>\n<p data-start=\"5107\" data-end=\"5218\">\ud83c\udfa5 TikTok: <a class=\"decorated-link\" href=\"https:\/\/www.tiktok.com\/@ehrlich.chia.s?_r=1\" target=\"_new\" rel=\"noopener\" data-start=\"5118\" data-end=\"5162\">https:\/\/www.tiktok.com\/@ehrlichthietbivesinh<\/a><br data-start=\"5162\" data-end=\"5165\" \/>\u25b6\ufe0f YouTube: <a class=\"decorated-link\" href=\"https:\/\/www.youtube.com\/@EhrlichVietNam\" target=\"_new\" rel=\"noopener\" data-start=\"5177\" data-end=\"5216\">https:\/\/www.youtube.com\/@EhrlichVietNam<\/a><\/p>\n<p data-start=\"5220\" data-end=\"5265\">\ud83d\ude9a Giao h\u00e0ng to\u00e0n qu\u1ed1c \u2013 t\u01b0 v\u1ea5n nhanh ch\u00f3ng<\/p>\n<p data-start=\"5267\" data-end=\"5313\">\ud83d\udc49 <strong data-start=\"5270\" data-end=\"5313\">Inbox ngay \u0111\u1ec3 nh\u1eadn \u01b0u \u0111\u00e3i th\u00eam h\u00f4m nay!<\/strong><\/p>\n","protected":false},"excerpt":{"rendered":"<p>Sen c\u00e2y c\u1ea3m bi\u1ebfn nhi\u1ec7t American Standard WF-4952 EasySET \u2013 Tr\u1ea3i nghi\u1ec7m t\u1eafm \u0111\u1eb3ng c\u1ea5p, ki\u1ec3m so\u00e1t nhi\u1ec7t \u0111\u1ed9 th\u00f4ng minh Trong ph\u00e2n kh\u00fac sen c\u00e2y cao c\u1ea5p, y\u1ebfu t\u1ed1 quy\u1ebft \u0111\u1ecbnh tr\u1ea3i nghi\u1ec7m kh\u00f4ng ch\u1ec9 n\u1eb1m \u1edf thi\u1ebft k\u1ebf m\u00e0 c\u00f2n \u1edf c\u00f4ng ngh\u1ec7 ki\u1ec3m so\u00e1t nhi\u1ec7t \u0111\u1ed9 v\u00e0 s\u1ef1 ti\u1ec7n nghi khi s\u1eed [&hellip;]<\/p>\n","protected":false},"featured_media":4785,"comment_status":"open","ping_status":"closed","template":"","meta":{"_acf_changed":false},"product_brand":[143],"product_cat":[23,15,137,153],"product_tag":[],"class_list":{"0":"post-4758","1":"product","2":"type-product","3":"status-publish","4":"has-post-thumbnail","6":"product_brand-american-standard","7":"product_cat-thiet-bi-phong-ve-sinh","8":"product_cat-san-pham","9":"product_cat-thuong-hieu-american-standard","10":"product_cat-sen-tam-american-standard","12":"first","13":"outofstock","14":"shipping-taxable","15":"product-type-simple"},"acf":[],"_links":{"self":[{"href":"https:\/\/ehrlichvietnam.vn\/en\/wp-json\/wp\/v2\/product\/4758","targetHints":{"allow":["GET"]}}],"collection":[{"href":"https:\/\/ehrlichvietnam.vn\/en\/wp-json\/wp\/v2\/product"}],"about":[{"href":"https:\/\/ehrlichvietnam.vn\/en\/wp-json\/wp\/v2\/types\/product"}],"replies":[{"embeddable":true,"href":"https:\/\/ehrlichvietnam.vn\/en\/wp-json\/wp\/v2\/comments?post=4758"}],"wp:featuredmedia":[{"embeddable":true,"href":"https:\/\/ehrlichvietnam.vn\/en\/wp-json\/wp\/v2\/media\/4785"}],"wp:attachment":[{"href":"https:\/\/ehrlichvietnam.vn\/en\/wp-json\/wp\/v2\/media?parent=4758"}],"wp:term":[{"taxonomy":"product_brand","embeddable":true,"href":"https:\/\/ehrlichvietnam.vn\/en\/wp-json\/wp\/v2\/product_brand?post=4758"},{"taxonomy":"product_cat","embeddable":true,"href":"https:\/\/ehrlichvietnam.vn\/en\/wp-json\/wp\/v2\/product_cat?post=4758"},{"taxonomy":"product_tag","embeddable":true,"href":"https:\/\/ehrlichvietnam.vn\/en\/wp-json\/wp\/v2\/product_tag?post=4758"}],"curies":[{"name":"wp","href":"https:\/\/api.w.org\/{rel}","templated":true}]}}