{"id":4749,"date":"2026-04-15T02:50:40","date_gmt":"2026-04-15T02:50:40","guid":{"rendered":"https:\/\/ehrlichvietnam.vn\/?post_type=product&#038;p=4749"},"modified":"2026-04-15T03:09:51","modified_gmt":"2026-04-15T03:09:51","slug":"voi-sen-tam-nong-lanh-american-standard-cygnet-wf-0311","status":"publish","type":"product","link":"https:\/\/ehrlichvietnam.vn\/voi-sen-tam-nong-lanh-american-standard-cygnet-wf-0411\/","title":{"rendered":"V\u00f2i Sen N\u00f3ng L\u1ea1nh American Standard WF-0411 Concept Square"},"content":{"rendered":"<h2 data-start=\"0\" data-end=\"96\">V\u00f2i Sen N\u00f3ng L\u1ea1nh American Standard WF-0411 Concept Square &#8211; Hi\u1ec7n \u0111\u1ea1i, sang tr\u1ecdng, b\u1ec1n b\u1ec9<\/h2>\n<p data-start=\"98\" data-end=\"422\">Trong kh\u00f4ng gian ph\u00f2ng t\u1eafm hi\u1ec7n \u0111\u1ea1i, m\u1ed9t b\u1ed9 <strong data-start=\"142\" data-end=\"167\">v\u00f2i sen t\u1eafm n\u00f3ng l\u1ea1nh<\/strong> kh\u00f4ng ch\u1ec9 \u0111\u01a1n thu\u1ea7n l\u00e0 thi\u1ebft b\u1ecb c\u1ea5p n\u01b0\u1edbc m\u00e0 c\u00f2n l\u00e0 y\u1ebfu t\u1ed1 quy\u1ebft \u0111\u1ecbnh tr\u1ea3i nghi\u1ec7m s\u1eed d\u1ee5ng m\u1ed7i ng\u00e0y. V\u1edbi m\u1eabu <strong data-start=\"275\" data-end=\"297\">WF-0411 <\/strong>\u00a0<span class=\"hover:entity-accent entity-underline inline cursor-pointer align-baseline\"><span class=\"whitespace-normal\">American Standard<\/span><\/span> mang \u0111\u1ebfn gi\u1ea3i ph\u00e1p c\u00e2n b\u1eb1ng ho\u00e0n h\u1ea3o gi\u1eefa <strong data-start=\"379\" data-end=\"421\">thi\u1ebft k\u1ebf \u2013 \u0111\u1ed9 b\u1ec1n \u2013 hi\u1ec7u n\u0103ng v\u1eadn h\u00e0nh<\/strong>.<\/p>\n<p data-start=\"424\" data-end=\"540\">N\u1ebfu anh \u0111ang t\u00ecm m\u1ed9t m\u1eabu v\u00f2i sen <strong data-start=\"457\" data-end=\"508\">gi\u00e1 h\u1ee3p l\u00fd nh\u01b0ng v\u1eabn \u0111\u1ea3m b\u1ea3o ch\u1ea5t l\u01b0\u1ee3ng l\u00e2u d\u00e0i<\/strong>, th\u00ec \u0111\u00e2y l\u00e0 d\u00f2ng \u0111\u00e1ng c\u00e2n nh\u1eafc.<\/p>\n<hr data-start=\"542\" data-end=\"545\" \/>\n<h1 data-start=\"547\" data-end=\"597\">1. T\u1ed5ng quan s\u1ea3n ph\u1ea9m v\u00f2i sen WF-0411<\/h1>\n<ul data-start=\"599\" data-end=\"890\">\n<li data-start=\"599\" data-end=\"650\"><strong data-start=\"601\" data-end=\"618\">T\u00ean s\u1ea3n ph\u1ea9m:<\/strong> V\u00f2i sen t\u1eafm n\u00f3ng l\u1ea1nh WF-0411<\/li>\n<li data-start=\"651\" data-end=\"684\"><strong data-start=\"653\" data-end=\"671\">D\u00f2ng s\u1ea3n ph\u1ea9m:<\/strong> Concept Square<\/li>\n<li data-start=\"685\" data-end=\"723\"><strong data-start=\"687\" data-end=\"703\">Th\u01b0\u01a1ng hi\u1ec7u:<\/strong> American Standard<\/li>\n<li data-start=\"724\" data-end=\"763\"><strong data-start=\"726\" data-end=\"740\">Ch\u1ea5t li\u1ec7u:<\/strong> \u0110\u1ed3ng m\u1ea1 Crom th\u1ea5y<\/li>\n<li data-start=\"764\" data-end=\"804\"><strong data-start=\"766\" data-end=\"782\">\u00c1p l\u1ef1c n\u01b0\u1edbc:<\/strong> 0.05 MPa \u2013 0.75 MPa<\/li>\n<li data-start=\"805\" data-end=\"826\"><strong data-start=\"807\" data-end=\"821\">C\u00f4ng ngh\u1ec7:<\/strong> M\u1ef9<\/li>\n<li data-start=\"827\" data-end=\"890\"><strong data-start=\"829\" data-end=\"842\">Lo\u1ea1i sen:<\/strong> Sen t\u1eafm th\u01b0\u1eddng (g\u1ed3m tay sen + d\u00e2y sen + c\u1ee7 sen)<\/li>\n<\/ul>\n<p data-start=\"892\" data-end=\"1005\">\ud83d\udc49 \u0110\u00e2y l\u00e0 d\u00f2ng <strong data-start=\"907\" data-end=\"925\">sen t\u1eafm c\u01a1 b\u1ea3n<\/strong>, ph\u00f9 h\u1ee3p \u0111a s\u1ed1 c\u00f4ng tr\u00ecnh nh\u00e0 ph\u1ed1, c\u0103n h\u1ed9, nh\u00e0 cho thu\u00ea ho\u1eb7c c\u1ea3i t\u1ea1o ph\u00f2ng t\u1eafm.<\/p>\n<p><img decoding=\"async\" src=\"https:\/\/www.tdm.vn\/image\/catalog\/product-5657\/ban-ve-sen-tam-american-wf-0411.jpg\" \/><\/p>\n<hr data-start=\"1007\" data-end=\"1010\" \/>\n<h1 data-start=\"1012\" data-end=\"1068\">2. Thi\u1ebft k\u1ebf hi\u1ec7n \u0111\u1ea1i \u2013 T\u1ed1i gi\u1ea3n nh\u01b0ng kh\u00f4ng \u0111\u01a1n \u0111i\u1ec7u<\/h1>\n<p data-start=\"1070\" data-end=\"1128\">Phong c\u00e1ch\u00a0c\u1ee7a American Standard h\u01b0\u1edbng \u0111\u1ebfn:<\/p>\n<ul data-start=\"1130\" data-end=\"1271\">\n<li data-start=\"1130\" data-end=\"1166\"><strong data-start=\"1132\" data-end=\"1166\">\u0110\u01b0\u1eddng n\u00e9t g\u1ecdn g\u00e0ng, thanh m\u1ea3nh<\/strong><\/li>\n<li data-start=\"1167\" data-end=\"1202\"><strong data-start=\"1169\" data-end=\"1202\">B\u1ec1 m\u1eb7t tr\u01a1n l\u00e1ng, \u00edt g\u00f3c c\u1ea1nh<\/strong><\/li>\n<li data-start=\"1203\" data-end=\"1271\">D\u1ec5 d\u00e0ng k\u1ebft h\u1ee3p v\u1edbi nhi\u1ec1u ki\u1ec3u ph\u00f2ng t\u1eafm: t\u1eeb t\u1ed1i gi\u1ea3n \u0111\u1ebfn hi\u1ec7n \u0111\u1ea1i<\/li>\n<\/ul>\n<p data-start=\"1273\" data-end=\"1378\">Kh\u00e1c v\u1edbi nh\u1eefng m\u1eabu sen c\u1ea7u k\u1ef3, WF-0411 t\u1eadp trung v\u00e0o:<br \/>\n\ud83d\udc49 <strong data-start=\"1330\" data-end=\"1378\">Tr\u1ea3i nghi\u1ec7m s\u1eed d\u1ee5ng th\u1ef1c t\u1ebf + \u0111\u1ed9 b\u1ec1n l\u00e2u d\u00e0i<\/strong><\/p>\n<h3 data-start=\"1380\" data-end=\"1403\">\u0110i\u1ec3m c\u1ed9ng thi\u1ebft k\u1ebf:<\/h3>\n<ul data-start=\"1404\" data-end=\"1536\">\n<li data-start=\"1404\" data-end=\"1457\">Kh\u00f4ng chi\u1ebfm nhi\u1ec1u di\u1ec7n t\u00edch \u2192 ph\u00f9 h\u1ee3p ph\u00f2ng t\u1eafm nh\u1ecf<\/li>\n<li data-start=\"1458\" data-end=\"1493\">D\u1ec5 v\u1ec7 sinh \u2192 h\u1ea1n ch\u1ebf b\u00e1m c\u1eb7n n\u01b0\u1edbc<\/li>\n<li data-start=\"1494\" data-end=\"1536\">Ph\u00f9 h\u1ee3p l\u1eafp \u0111\u1eb7t nhanh cho th\u1ee3 c\u00f4ng tr\u00ecnh<\/li>\n<\/ul>\n<hr data-start=\"1538\" data-end=\"1541\" \/>\n<h1 data-start=\"1543\" data-end=\"1604\">3. Ch\u1ea5t li\u1ec7u \u0111\u1ed3ng m\u1ea1 Crom \u2013 Niken: Y\u1ebfu t\u1ed1 quy\u1ebft \u0111\u1ecbnh \u0111\u1ed9 b\u1ec1n<\/h1>\n<p data-start=\"1606\" data-end=\"1686\">M\u1ed9t trong nh\u1eefng \u0111i\u1ec3m \u201c\u0103n ti\u1ec1n\u201d c\u1ee7a d\u00f2ng n\u00e0y l\u00e0 <strong data-start=\"1653\" data-end=\"1685\">k\u1ebft c\u1ea5u l\u00f5i \u0111\u1ed3ng nguy\u00ean kh\u1ed1i<\/strong>.<\/p>\n<h3 data-start=\"1688\" data-end=\"1734\">\ud83d\udd27 V\u00ec sao \u0111\u1ed3ng m\u1ea1 Crom quan tr\u1ecdng?<\/h3>\n<div class=\"TyagGW_tableContainer\">\n<div class=\"group TyagGW_tableWrapper flex flex-col-reverse w-fit\" tabindex=\"-1\">\n<table class=\"w-fit min-w-(--thread-content-width)\" data-start=\"1736\" data-end=\"1941\">\n<thead data-start=\"1736\" data-end=\"1764\">\n<tr data-start=\"1736\" data-end=\"1764\">\n<th class=\"\" data-start=\"1736\" data-end=\"1745\" data-col-size=\"sm\">Y\u1ebfu t\u1ed1<\/th>\n<th class=\"\" data-start=\"1745\" data-end=\"1764\" data-col-size=\"sm\">L\u1ee3i \u00edch th\u1ef1c t\u1ebf<\/th>\n<\/tr>\n<\/thead>\n<tbody data-start=\"1793\" data-end=\"1941\">\n<tr data-start=\"1793\" data-end=\"1845\">\n<td data-start=\"1793\" data-end=\"1808\" data-col-size=\"sm\"><strong data-start=\"1795\" data-end=\"1807\">L\u00f5i \u0111\u1ed3ng<\/strong><\/td>\n<td data-col-size=\"sm\" data-start=\"1808\" data-end=\"1845\">Ch\u1ecbu \u00e1p l\u1ef1c n\u01b0\u1edbc t\u1ed1t, kh\u00f4ng r\u00f2 r\u1ec9<\/td>\n<\/tr>\n<tr data-start=\"1846\" data-end=\"1892\">\n<td data-start=\"1846\" data-end=\"1860\" data-col-size=\"sm\"><strong data-start=\"1848\" data-end=\"1859\">M\u1ea1 Crom<\/strong><\/td>\n<td data-col-size=\"sm\" data-start=\"1860\" data-end=\"1892\">Ch\u1ed1ng oxy h\u00f3a, s\u00e1ng b\u00f3ng l\u00e2u<\/td>\n<\/tr>\n<tr data-start=\"1893\" data-end=\"1941\">\n<td data-start=\"1893\" data-end=\"1908\" data-col-size=\"sm\"><strong data-start=\"1895\" data-end=\"1907\">M\u1ea1 Niken<\/strong><\/td>\n<td data-col-size=\"sm\" data-start=\"1908\" data-end=\"1941\">T\u0103ng \u0111\u1ed9 c\u1ee9ng, ch\u1ed1ng tr\u1ea7y x\u01b0\u1edbc<\/td>\n<\/tr>\n<\/tbody>\n<\/table>\n<\/div>\n<\/div>\n<p data-start=\"1943\" data-end=\"1996\">\ud83d\udc49 So v\u1edbi c\u00e1c d\u00f2ng sen gi\u00e1 r\u1ebb (h\u1ee3p kim nh\u1eb9), WF-0411:<\/p>\n<ul data-start=\"1997\" data-end=\"2076\">\n<li data-start=\"1997\" data-end=\"2026\">\u00cdt b\u1ecb <strong data-start=\"2005\" data-end=\"2026\">r\u1ee5p ren \u2013 r\u00f2 n\u01b0\u1edbc<\/strong><\/li>\n<li data-start=\"2027\" data-end=\"2050\">Kh\u00f4ng xu\u1ed1ng m\u00e0u nhanh<\/li>\n<li data-start=\"2051\" data-end=\"2076\">Tu\u1ed5i th\u1ecd cao h\u01a1n r\u00f5 r\u1ec7t<\/li>\n<\/ul>\n<hr data-start=\"2078\" data-end=\"2081\" \/>\n<h1 data-start=\"2083\" data-end=\"2132\">4. Van \u0111i\u1ec1u khi\u1ec3n b\u1ec1n b\u1ec9 \u2013 Tr\u00e1i tim c\u1ee7a v\u00f2i sen<\/h1>\n<p data-start=\"2134\" data-end=\"2197\">B\u00ean trong v\u00f2i l\u00e0 <strong data-start=\"2151\" data-end=\"2184\">van \u0111i\u1ec1u khi\u1ec3n ch\u1ea5t l\u01b0\u1ee3ng cao<\/strong>, quy\u1ebft \u0111\u1ecbnh:<\/p>\n<ul data-start=\"2199\" data-end=\"2296\">\n<li data-start=\"2199\" data-end=\"2225\">\u0110\u1ed9 m\u01b0\u1ee3t khi \u0111\u00f3ng\/m\u1edf n\u01b0\u1edbc<\/li>\n<li data-start=\"2226\" data-end=\"2261\">Kh\u1ea3 n\u0103ng tr\u1ed9n n\u00f3ng l\u1ea1nh ch\u00ednh x\u00e1c<\/li>\n<li data-start=\"2262\" data-end=\"2296\">\u0110\u1ed9 b\u1ec1n sau th\u1eddi gian d\u00e0i s\u1eed d\u1ee5ng<\/li>\n<\/ul>\n<h3 data-start=\"2298\" data-end=\"2318\">\u01afu \u0111i\u1ec3m n\u1ed5i b\u1eadt:<\/h3>\n<ul data-start=\"2319\" data-end=\"2418\">\n<li data-start=\"2319\" data-end=\"2353\">V\u1eadn h\u00e0nh <strong data-start=\"2330\" data-end=\"2353\">\u00eam \u2013 kh\u00f4ng gi\u1eadt c\u1ee5c<\/strong><\/li>\n<li data-start=\"2354\" data-end=\"2390\">Kh\u00f4ng b\u1ecb r\u00f2 n\u01b0\u1edbc sau th\u1eddi gian d\u00e0i<\/li>\n<li data-start=\"2391\" data-end=\"2418\">Gi\u1eef nhi\u1ec7t \u1ed5n \u0111\u1ecbnh khi t\u1eafm<\/li>\n<\/ul>\n<p data-start=\"2420\" data-end=\"2519\">\ud83d\udc49 \u0110\u00e2y l\u00e0 \u0111i\u1ec3m r\u1ea5t quan tr\u1ecdng v\u1edbi kh\u00e1ch h\u00e0ng trung \u2013 cao c\u1ea5p:<br data-start=\"2481\" data-end=\"2484\" \/><strong data-start=\"2484\" data-end=\"2519\">\u201cD\u00f9ng 3\u20135 n\u0103m v\u1eabn m\u01b0\u1ee3t nh\u01b0 m\u1edbi\u201d<\/strong><\/p>\n<hr data-start=\"2521\" data-end=\"2524\" \/>\n<h1 data-start=\"2526\" data-end=\"2581\">5. \u00c1p l\u1ef1c n\u01b0\u1edbc r\u1ed9ng \u2013 L\u1eafp \u0111\u01b0\u1ee3c g\u1ea7n nh\u01b0 m\u1ecdi c\u00f4ng tr\u00ecnh<\/h1>\n<p data-start=\"2583\" data-end=\"2622\">WF-0411 ho\u1ea1t \u0111\u1ed9ng t\u1ed1t trong d\u1ea3i \u00e1p l\u1ef1c:<\/p>\n<p data-start=\"2624\" data-end=\"2650\">\ud83d\udc49 <strong data-start=\"2627\" data-end=\"2650\">0.05 MPa \u2013 0.75 MPa<\/strong><\/p>\n<h3 data-start=\"2652\" data-end=\"2672\">\u00dd ngh\u0129a th\u1ef1c t\u1ebf:<\/h3>\n<ul data-start=\"2674\" data-end=\"2782\">\n<li data-start=\"2674\" data-end=\"2708\">Nh\u00e0 th\u1ea5p t\u1ea7ng \u2192 v\u1eabn d\u00f9ng \u1ed5n \u0111\u1ecbnh<\/li>\n<li data-start=\"2709\" data-end=\"2751\">Chung c\u01b0 \u2192 \u00e1p l\u1ef1c trung b\u00ecnh v\u1eabn \u0111\u1ee7 m\u1ea1nh<\/li>\n<li data-start=\"2752\" data-end=\"2782\">Nh\u00e0 c\u00f3 b\u01a1m \u2192 kh\u00f4ng lo qu\u00e1 \u00e1p<\/li>\n<\/ul>\n<p data-start=\"2784\" data-end=\"2819\">\ud83d\udc49 \u0110\u00e2y l\u00e0 l\u1ee3i th\u1ebf l\u1edbn khi thi c\u00f4ng:<\/p>\n<ul data-start=\"2820\" data-end=\"2877\">\n<li data-start=\"2820\" data-end=\"2845\">Kh\u00f4ng k\u00e9n h\u1ec7 th\u1ed1ng n\u01b0\u1edbc<\/li>\n<li data-start=\"2846\" data-end=\"2877\">Gi\u1ea3m r\u1ee7i ro ph\u1ea3i \u0111\u1ed5i thi\u1ebft b\u1ecb<\/li>\n<\/ul>\n<hr data-start=\"2879\" data-end=\"2882\" \/>\n<h1 data-start=\"2884\" data-end=\"2934\">6. Tr\u1ea3i nghi\u1ec7m s\u1eed d\u1ee5ng \u2013 \u0110\u01a1n gi\u1ea3n nh\u01b0ng hi\u1ec7u qu\u1ea3<\/h1>\n<p data-start=\"2936\" data-end=\"3006\">D\u00f9 l\u00e0 d\u00f2ng sen c\u01a1 b\u1ea3n, nh\u01b0ng WF-0411 v\u1eabn mang l\u1ea1i tr\u1ea3i nghi\u1ec7m \u1ed5n \u0111\u1ecbnh:<\/p>\n<h3 data-start=\"3008\" data-end=\"3025\">\u2714 D\u1ec5 s\u1eed d\u1ee5ng:<\/h3>\n<ul data-start=\"3026\" data-end=\"3104\">\n<li data-start=\"3026\" data-end=\"3066\">Tay g\u1ea1t \u0111i\u1ec1u ch\u1ec9nh n\u00f3ng l\u1ea1nh linh ho\u1ea1t<\/li>\n<li data-start=\"3067\" data-end=\"3104\">Thao t\u00e1c \u0111\u01a1n gi\u1ea3n cho m\u1ecdi \u0111\u1ed1i t\u01b0\u1ee3ng<\/li>\n<\/ul>\n<h3 data-start=\"3106\" data-end=\"3130\">\u2714 D\u00f2ng n\u01b0\u1edbc \u1ed5n \u0111\u1ecbnh:<\/h3>\n<ul data-start=\"3131\" data-end=\"3187\">\n<li data-start=\"3131\" data-end=\"3166\">Kh\u00f4ng b\u1ecb gi\u1eadt khi chuy\u1ec3n nhi\u1ec7t \u0111\u1ed9<\/li>\n<li data-start=\"3167\" data-end=\"3187\">L\u01b0u l\u01b0\u1ee3ng n\u01b0\u1edbc \u0111\u1ec1u<\/li>\n<\/ul>\n<h3 data-start=\"3189\" data-end=\"3210\">\u2714 Ti\u1ebft ki\u1ec7m n\u01b0\u1edbc:<\/h3>\n<ul data-start=\"3211\" data-end=\"3277\">\n<li data-start=\"3211\" data-end=\"3236\">Ki\u1ec3m so\u00e1t l\u01b0u l\u01b0\u1ee3ng t\u1ed1t<\/li>\n<li data-start=\"3237\" data-end=\"3277\">Gi\u1ea3m hao ph\u00ed so v\u1edbi sen k\u00e9m ch\u1ea5t l\u01b0\u1ee3ng<\/li>\n<\/ul>\n<hr data-start=\"3279\" data-end=\"3282\" \/>\n<h1 data-start=\"3284\" data-end=\"3324\">7. So s\u00e1nh nhanh v\u1edbi c\u00e1c d\u00f2ng sen kh\u00e1c<\/h1>\n<div class=\"TyagGW_tableContainer\">\n<div class=\"group TyagGW_tableWrapper flex flex-col-reverse w-fit\" tabindex=\"-1\">\n<table class=\"w-fit min-w-(--thread-content-width)\" data-start=\"3326\" data-end=\"3674\">\n<thead data-start=\"3326\" data-end=\"3390\">\n<tr data-start=\"3326\" data-end=\"3390\">\n<th class=\"\" data-start=\"3326\" data-end=\"3337\" data-col-size=\"sm\">Ti\u00eau ch\u00ed<\/th>\n<th class=\"\" data-start=\"3337\" data-end=\"3358\" data-col-size=\"sm\">WF-0411<\/th>\n<th class=\"\" data-start=\"3358\" data-end=\"3371\" data-col-size=\"sm\">Sen gi\u00e1 r\u1ebb<\/th>\n<th class=\"\" data-start=\"3371\" data-end=\"3390\" data-col-size=\"sm\">Sen c\u00e2y cao c\u1ea5p<\/th>\n<\/tr>\n<\/thead>\n<tbody data-start=\"3455\" data-end=\"3674\">\n<tr data-start=\"3455\" data-end=\"3512\">\n<td data-start=\"3455\" data-end=\"3466\" data-col-size=\"sm\">Thi\u1ebft k\u1ebf<\/td>\n<td data-start=\"3466\" data-end=\"3487\" data-col-size=\"sm\">T\u1ed1i gi\u1ea3n, hi\u1ec7n \u0111\u1ea1i<\/td>\n<td data-start=\"3487\" data-end=\"3498\" data-col-size=\"sm\">\u0110\u01a1n gi\u1ea3n<\/td>\n<td data-start=\"3498\" data-end=\"3512\" data-col-size=\"sm\">Sang tr\u1ecdng<\/td>\n<\/tr>\n<tr data-start=\"3513\" data-end=\"3546\">\n<td data-start=\"3513\" data-end=\"3522\" data-col-size=\"sm\">\u0110\u1ed9 b\u1ec1n<\/td>\n<td data-start=\"3522\" data-end=\"3528\" data-col-size=\"sm\">Cao<\/td>\n<td data-start=\"3528\" data-end=\"3535\" data-col-size=\"sm\">Th\u1ea5p<\/td>\n<td data-start=\"3535\" data-end=\"3546\" data-col-size=\"sm\">R\u1ea5t cao<\/td>\n<\/tr>\n<tr data-start=\"3547\" data-end=\"3595\">\n<td data-start=\"3547\" data-end=\"3561\" data-col-size=\"sm\">\u00c1p l\u1ef1c n\u01b0\u1edbc<\/td>\n<td data-start=\"3561\" data-end=\"3573\" data-col-size=\"sm\">Linh ho\u1ea1t<\/td>\n<td data-start=\"3573\" data-end=\"3584\" data-col-size=\"sm\">K\u00e9n n\u01b0\u1edbc<\/td>\n<td data-start=\"3584\" data-end=\"3595\" data-col-size=\"sm\">\u1ed4n \u0111\u1ecbnh<\/td>\n<\/tr>\n<tr data-start=\"3596\" data-end=\"3643\">\n<td data-start=\"3596\" data-end=\"3610\" data-col-size=\"sm\">Tr\u1ea3i nghi\u1ec7m<\/td>\n<td data-start=\"3610\" data-end=\"3620\" data-col-size=\"sm\">\u1ed4n \u0111\u1ecbnh<\/td>\n<td data-start=\"3620\" data-end=\"3632\" data-col-size=\"sm\">Kh\u00f4ng \u0111\u1ec1u<\/td>\n<td data-start=\"3632\" data-end=\"3643\" data-col-size=\"sm\">Cao c\u1ea5p<\/td>\n<\/tr>\n<tr data-start=\"3644\" data-end=\"3674\">\n<td data-start=\"3644\" data-end=\"3650\" data-col-size=\"sm\">Gi\u00e1<\/td>\n<td data-start=\"3650\" data-end=\"3662\" data-col-size=\"sm\">T\u1ea7m trung<\/td>\n<td data-start=\"3662\" data-end=\"3667\" data-col-size=\"sm\">R\u1ebb<\/td>\n<td data-start=\"3667\" data-end=\"3674\" data-col-size=\"sm\">Cao<\/td>\n<\/tr>\n<\/tbody>\n<\/table>\n<\/div>\n<\/div>\n<p data-start=\"3676\" data-end=\"3688\">\ud83d\udc49 K\u1ebft lu\u1eadn:<\/p>\n<ul data-start=\"3689\" data-end=\"3855\">\n<li data-start=\"3689\" data-end=\"3756\">N\u1ebfu c\u1ea7n <strong data-start=\"3699\" data-end=\"3725\">gi\u00e1 t\u1ed1t + b\u1ec1n + d\u1ec5 l\u1eafp<\/strong> \u2192 WF-0411 l\u00e0 l\u1ef1a ch\u1ecdn h\u1ee3p l\u00fd<\/li>\n<li data-start=\"3757\" data-end=\"3806\">N\u1ebfu c\u1ea7n tr\u1ea3i nghi\u1ec7m cao c\u1ea5p \u2192 n\u00ean l\u00ean sen c\u00e2y<\/li>\n<li data-start=\"3807\" data-end=\"3855\">N\u1ebfu ch\u1ecdn qu\u00e1 r\u1ebb \u2192 d\u1ec5 ph\u00e1t sinh l\u1ed7i sau 1\u20132 n\u0103m<\/li>\n<\/ul>\n<hr data-start=\"3857\" data-end=\"3860\" \/>\n<h1 data-start=\"3862\" data-end=\"3903\">8. \u1ee8ng d\u1ee5ng th\u1ef1c t\u1ebf \u2013 L\u1eafp \u1edf \u0111\u00e2u h\u1ee3p l\u00fd?<\/h1>\n<p data-start=\"3905\" data-end=\"3921\">WF-0411 ph\u00f9 h\u1ee3p:<\/p>\n<h3 data-start=\"3923\" data-end=\"3946\">\ud83c\udfe0 Nh\u00e0 ph\u1ed1 \u2013 c\u0103n h\u1ed9<\/h3>\n<ul data-start=\"3947\" data-end=\"3988\">\n<li data-start=\"3947\" data-end=\"3962\">Ph\u00f2ng t\u1eafm ph\u1ee5<\/li>\n<li data-start=\"3963\" data-end=\"3988\">Ph\u00f2ng t\u1eafm di\u1ec7n t\u00edch nh\u1ecf<\/li>\n<\/ul>\n<h3 data-start=\"3990\" data-end=\"4023\">\ud83c\udfe2 C\u00f4ng tr\u00ecnh cho thu\u00ea \u2013 CCMN<\/h3>\n<ul data-start=\"4024\" data-end=\"4079\">\n<li data-start=\"4024\" data-end=\"4047\">T\u1ed1i \u01b0u chi ph\u00ed \u0111\u1ea7u t\u01b0<\/li>\n<li data-start=\"4048\" data-end=\"4079\">\u0110\u1ea3m b\u1ea3o \u0111\u1ed9 b\u1ec1n khi d\u00f9ng nhi\u1ec1u<\/li>\n<\/ul>\n<h3 data-start=\"4081\" data-end=\"4096\">\ud83d\udc77 Th\u1ea7u th\u1ee3<\/h3>\n<ul data-start=\"4097\" data-end=\"4160\">\n<li data-start=\"4097\" data-end=\"4109\">D\u1ec5 l\u1eafp \u0111\u1eb7t<\/li>\n<li data-start=\"4110\" data-end=\"4133\">\u00cdt b\u1ea3o h\u00e0nh ph\u00e1t sinh<\/li>\n<li data-start=\"4134\" data-end=\"4160\">Ph\u00f9 h\u1ee3p l\u1eafp s\u1ed1 l\u01b0\u1ee3ng l\u1edbn<\/li>\n<\/ul>\n<hr data-start=\"4162\" data-end=\"4165\" \/>\n<h1 data-start=\"4167\" data-end=\"4206\">9. V\u00ec sao n\u00ean ch\u1ecdn American Standard?<\/h1>\n<p data-start=\"4208\" data-end=\"4273\"><span class=\"hover:entity-accent entity-underline inline cursor-pointer align-baseline\"><span class=\"whitespace-normal\">American Standard<\/span><\/span> l\u00e0 th\u01b0\u01a1ng hi\u1ec7u l\u00e2u \u0111\u1eddi v\u1edbi:<\/p>\n<ul data-start=\"4275\" data-end=\"4365\">\n<li data-start=\"4275\" data-end=\"4304\">Ti\u00eau chu\u1ea9n s\u1ea3n xu\u1ea5t qu\u1ed1c t\u1ebf<\/li>\n<li data-start=\"4305\" data-end=\"4339\">Ki\u1ec3m so\u00e1t ch\u1ea5t l\u01b0\u1ee3ng nghi\u00eam ng\u1eb7t<\/li>\n<li data-start=\"4340\" data-end=\"4365\">\u0110\u1ed9 \u1ed5n \u0111\u1ecbnh s\u1ea3n ph\u1ea9m cao<\/li>\n<\/ul>\n<p data-start=\"4367\" data-end=\"4406\">\ud83d\udc49 V\u1edbi ph\u00e2n kh\u00fac n\u00e0y, WF-0411 mang l\u1ea1i:<\/p>\n<ul data-start=\"4407\" data-end=\"4464\">\n<li data-start=\"4407\" data-end=\"4436\"><strong data-start=\"4409\" data-end=\"4436\">Ch\u1ea5t l\u01b0\u1ee3ng v\u01b0\u1ee3t t\u1ea7m gi\u00e1<\/strong><\/li>\n<li data-start=\"4437\" data-end=\"4464\">\u0110\u1ed9 tin c\u1eady cho c\u00f4ng tr\u00ecnh<\/li>\n<\/ul>\n<hr data-start=\"4466\" data-end=\"4469\" \/>\n<h1 data-start=\"4471\" data-end=\"4519\">10. L\u01b0u \u00fd khi l\u1eafp \u0111\u1eb7t \u0111\u1ec3 \u0111\u1ea1t hi\u1ec7u qu\u1ea3 t\u1ed1t nh\u1ea5t<\/h1>\n<p data-start=\"4521\" data-end=\"4557\">\u0110\u1ec3 v\u00f2i sen ho\u1ea1t \u0111\u1ed9ng b\u1ec1n v\u00e0 \u1ed5n \u0111\u1ecbnh:<\/p>\n<h3 data-start=\"4559\" data-end=\"4585\">\u2714 L\u1eafp \u0111\u00fang ti\u00eau chu\u1ea9n:<\/h3>\n<ul data-start=\"4586\" data-end=\"4640\">\n<li data-start=\"4586\" data-end=\"4614\">Kho\u1ea3ng c\u00e1ch t\u00e2m: <strong data-start=\"4605\" data-end=\"4614\">150mm<\/strong><\/li>\n<li data-start=\"4615\" data-end=\"4640\">S\u1eed d\u1ee5ng co l\u1ec7ch n\u1ebfu c\u1ea7n<\/li>\n<\/ul>\n<h3 data-start=\"4642\" data-end=\"4668\">\u2714 Ki\u1ec3m tra ngu\u1ed3n n\u01b0\u1edbc:<\/h3>\n<ul data-start=\"4669\" data-end=\"4727\">\n<li data-start=\"4669\" data-end=\"4702\">Tr\u00e1nh c\u1eb7n b\u1ea9n \u2192 n\u00ean c\u00f3 l\u1ecdc t\u1ed5ng<\/li>\n<li data-start=\"4703\" data-end=\"4727\">\u0110\u1ea3m b\u1ea3o \u00e1p l\u1ef1c ph\u00f9 h\u1ee3p<\/li>\n<\/ul>\n<h3 data-start=\"4729\" data-end=\"4751\">\u2714 B\u1ea3o tr\u00ec \u0111\u1ecbnh k\u1ef3:<\/h3>\n<ul data-start=\"4752\" data-end=\"4794\">\n<li data-start=\"4752\" data-end=\"4769\">V\u1ec7 sinh \u0111\u1ea7u sen<\/li>\n<li data-start=\"4770\" data-end=\"4794\">Ki\u1ec3m tra gio\u0103ng cao su<\/li>\n<\/ul>\n<hr data-start=\"4796\" data-end=\"4799\" \/>\n<h1 data-start=\"4801\" data-end=\"4854\">11. K\u1ebft lu\u1eadn \u2013 C\u00f3 n\u00ean mua WF-0411 kh\u00f4ng?<\/h1>\n<p data-start=\"4856\" data-end=\"4881\">N\u1ebfu anh \u0111ang c\u1ea7n m\u1ed9t m\u1eabu:<\/p>\n<p data-start=\"4883\" data-end=\"4989\">\u2714 B\u1ec1n \u2013 \u1ed5n \u0111\u1ecbnh \u2013 d\u1ec5 l\u1eafp<br data-start=\"4907\" data-end=\"4910\" \/>\u2714 Kh\u00f4ng qu\u00e1 \u0111\u1eaft nh\u01b0ng v\u1eabn \u201c\u0103n ch\u1eafc m\u1eb7c b\u1ec1n\u201d<br data-start=\"4953\" data-end=\"4956\" \/>\u2714 Ph\u00f9 h\u1ee3p nhi\u1ec1u lo\u1ea1i c\u00f4ng tr\u00ecnh<\/p>\n<p data-start=\"4991\" data-end=\"5043\">\ud83d\udc49 <strong data-start=\"4994\" data-end=\"5043\">WF-0411 l\u00e0 l\u1ef1a ch\u1ecdn r\u1ea5t \u0111\u00e1ng ti\u1ec1n.<\/strong><\/p>\n<p data-start=\"4866\" data-end=\"4979\"><strong data-start=\"4866\" data-end=\"4917\">Ehrlich Vi\u1ec7t Nam \u2013 Thi\u1ebft B\u1ecb Nh\u00e0 B\u1ebfp &amp; Ph\u00f2ng T\u1eafm<\/strong><br data-start=\"4917\" data-end=\"4920\" \/>\ud83d\udccd \u0110\u1ecba ch\u1ec9: S\u1ed1 6 Li\u1ec1n K\u1ec1 22, K\u0110T V\u0103n Kh\u00ea, H\u00e0 \u0110\u00f4ng, H\u00e0 N\u1ed9i<\/p>\n<p data-start=\"4981\" data-end=\"5105\">\ud83c\udf10 Website: <a class=\"decorated-link\" href=\"https:\/\/ehrlichvietnam.vn\/\" target=\"_new\" rel=\"noopener\" data-start=\"4993\" data-end=\"5019\">https:\/\/ehrlichvietnam.vn\/<\/a><br data-start=\"5019\" data-end=\"5022\" \/>\ud83d\udcde Hotline: <strong data-start=\"5034\" data-end=\"5051\">0932 27 05 20<\/strong><br data-start=\"5051\" data-end=\"5054\" \/>\ud83d\udcac Zalo OA: <a class=\"decorated-link\" href=\"https:\/\/zalo.me\/s\/2888141157129558325\" target=\"_new\" rel=\"noopener\" data-start=\"5066\" data-end=\"5103\">https:\/\/zalo.me\/s\/2888141157129558325<\/a><\/p>\n<p data-start=\"5107\" data-end=\"5218\">\ud83c\udfa5 TikTok: <a class=\"decorated-link\" href=\"https:\/\/www.tiktok.com\/@ehrlich.chia.s?_r=1\" target=\"_new\" rel=\"noopener\" data-start=\"5118\" data-end=\"5162\">https:\/\/www.tiktok.com\/@ehrlichthietbivesinh<\/a><br data-start=\"5162\" data-end=\"5165\" \/>\u25b6\ufe0f YouTube: <a class=\"decorated-link\" href=\"https:\/\/www.youtube.com\/@EhrlichVietNam\" target=\"_new\" rel=\"noopener\" data-start=\"5177\" data-end=\"5216\">https:\/\/www.youtube.com\/@EhrlichVietNam<\/a><\/p>\n<p data-start=\"5220\" data-end=\"5265\">\ud83d\ude9a Giao h\u00e0ng to\u00e0n qu\u1ed1c \u2013 t\u01b0 v\u1ea5n nhanh ch\u00f3ng<\/p>\n<p data-start=\"5267\" data-end=\"5313\">\ud83d\udc49 <strong data-start=\"5270\" data-end=\"5313\">Inbox ngay \u0111\u1ec3 nh\u1eadn \u01b0u \u0111\u00e3i th\u00eam h\u00f4m nay!<\/strong><\/p>\n","protected":false},"excerpt":{"rendered":"<p>V\u00f2i Sen N\u00f3ng L\u1ea1nh American Standard WF-0411 Concept Square &#8211; Hi\u1ec7n \u0111\u1ea1i, sang tr\u1ecdng, b\u1ec1n b\u1ec9 Trong kh\u00f4ng gian ph\u00f2ng t\u1eafm hi\u1ec7n \u0111\u1ea1i, m\u1ed9t b\u1ed9 v\u00f2i sen t\u1eafm n\u00f3ng l\u1ea1nh kh\u00f4ng ch\u1ec9 \u0111\u01a1n thu\u1ea7n l\u00e0 thi\u1ebft b\u1ecb c\u1ea5p n\u01b0\u1edbc m\u00e0 c\u00f2n l\u00e0 y\u1ebfu t\u1ed1 quy\u1ebft \u0111\u1ecbnh tr\u1ea3i nghi\u1ec7m s\u1eed d\u1ee5ng m\u1ed7i ng\u00e0y. V\u1edbi m\u1eabu WF-0411 [&hellip;]<\/p>\n","protected":false},"featured_media":4754,"comment_status":"open","ping_status":"closed","template":"","meta":{"_acf_changed":false},"product_brand":[143],"product_cat":[23,15,137,153],"product_tag":[],"class_list":{"0":"post-4749","1":"product","2":"type-product","3":"status-publish","4":"has-post-thumbnail","6":"product_brand-american-standard","7":"product_cat-thiet-bi-phong-ve-sinh","8":"product_cat-san-pham","9":"product_cat-thuong-hieu-american-standard","10":"product_cat-sen-tam-american-standard","12":"first","13":"outofstock","14":"shipping-taxable","15":"product-type-simple"},"acf":[],"_links":{"self":[{"href":"https:\/\/ehrlichvietnam.vn\/en\/wp-json\/wp\/v2\/product\/4749","targetHints":{"allow":["GET"]}}],"collection":[{"href":"https:\/\/ehrlichvietnam.vn\/en\/wp-json\/wp\/v2\/product"}],"about":[{"href":"https:\/\/ehrlichvietnam.vn\/en\/wp-json\/wp\/v2\/types\/product"}],"replies":[{"embeddable":true,"href":"https:\/\/ehrlichvietnam.vn\/en\/wp-json\/wp\/v2\/comments?post=4749"}],"wp:featuredmedia":[{"embeddable":true,"href":"https:\/\/ehrlichvietnam.vn\/en\/wp-json\/wp\/v2\/media\/4754"}],"wp:attachment":[{"href":"https:\/\/ehrlichvietnam.vn\/en\/wp-json\/wp\/v2\/media?parent=4749"}],"wp:term":[{"taxonomy":"product_brand","embeddable":true,"href":"https:\/\/ehrlichvietnam.vn\/en\/wp-json\/wp\/v2\/product_brand?post=4749"},{"taxonomy":"product_cat","embeddable":true,"href":"https:\/\/ehrlichvietnam.vn\/en\/wp-json\/wp\/v2\/product_cat?post=4749"},{"taxonomy":"product_tag","embeddable":true,"href":"https:\/\/ehrlichvietnam.vn\/en\/wp-json\/wp\/v2\/product_tag?post=4749"}],"curies":[{"name":"wp","href":"https:\/\/api.w.org\/{rel}","templated":true}]}}