{"id":4744,"date":"2026-04-15T02:06:27","date_gmt":"2026-04-15T02:06:27","guid":{"rendered":"https:\/\/ehrlichvietnam.vn\/?post_type=product&#038;p=4744"},"modified":"2026-04-15T02:49:05","modified_gmt":"2026-04-15T02:49:05","slug":"voi-sen-nhiet-do-american-standard-wf-4949-temptacion","status":"publish","type":"product","link":"https:\/\/ehrlichvietnam.vn\/voi-sen-nhiet-do-american-standard-wf-4949-temptacion\/","title":{"rendered":"V\u00f2i Sen Nhi\u1ec7t \u0110\u1ed9 American Standard WF-4949 Temptacion"},"content":{"rendered":"<h2 data-start=\"0\" data-end=\"124\">V\u00f2i Sen ch\u1ec9nh nhi\u1ec7t \u0111\u1ed9 American Standard WF-4949 Temptacion \u2013 Ki\u1ec3m so\u00e1t nhi\u1ec7t \u0111\u1ed9 chu\u1ea9n x\u00e1c, n\u00e2ng t\u1ea7m tr\u1ea3i nghi\u1ec7m ph\u00f2ng t\u1eafm<\/h2>\n<p data-start=\"126\" data-end=\"362\">Trong xu h\u01b0\u1edbng thi\u1ebft k\u1ebf ph\u00f2ng t\u1eafm hi\u1ec7n \u0111\u1ea1i, vi\u1ec7c l\u1ef1a ch\u1ecdn <strong data-start=\"184\" data-end=\"230\">c\u1ee7 sen ch\u1ec9nh nhi\u1ec7t \u0111\u1ed9 (thermostatic mixer)<\/strong> \u0111ang d\u1ea7n tr\u1edf th\u00e0nh ti\u00eau chu\u1ea9n m\u1edbi, \u0111\u1eb7c bi\u1ec7t v\u1edbi nh\u1eefng kh\u00e1ch h\u00e0ng y\u00eau c\u1ea7u cao v\u1ec1 <strong data-start=\"311\" data-end=\"359\">s\u1ef1 \u1ed5n \u0111\u1ecbnh, an to\u00e0n v\u00e0 ti\u1ec7n nghi khi s\u1eed d\u1ee5ng<\/strong>.<\/p>\n<p data-start=\"364\" data-end=\"593\">M\u1eabu <strong data-start=\"368\" data-end=\"390\">WF-4949 Temptacion<\/strong> \u0111\u1ebfn t\u1eeb <span class=\"hover:entity-accent entity-underline inline cursor-pointer align-baseline\"><span class=\"whitespace-normal\">American Standard<\/span><\/span> l\u00e0 m\u1ed9t trong nh\u1eefng l\u1ef1a ch\u1ecdn n\u1ed5i b\u1eadt trong ph\u00e2n kh\u00fac n\u00e0y, khi h\u1ed9i t\u1ee5 \u0111\u1ea7y \u0111\u1ee7 c\u00e1c y\u1ebfu t\u1ed1: <strong data-start=\"523\" data-end=\"592\">thi\u1ebft k\u1ebf tinh t\u1ebf \u2013 v\u1eadn h\u00e0nh b\u1ec1n b\u1ec9 \u2013 ki\u1ec3m so\u00e1t nhi\u1ec7t \u0111\u1ed9 ch\u00ednh x\u00e1c<\/strong>.<\/p>\n<hr data-start=\"595\" data-end=\"598\" \/>\n<h1 data-start=\"600\" data-end=\"647\">1. T\u1ed5ng quan s\u1ea3n ph\u1ea9m\u00a0v\u00f2i Sen nhi\u1ec7t \u0111\u1ed9 WF-4949<\/h1>\n<ul data-start=\"649\" data-end=\"862\">\n<li data-start=\"649\" data-end=\"688\"><strong data-start=\"651\" data-end=\"667\">M\u00e3 s\u1ea3n ph\u1ea9m:<\/strong> WF-4949 Temptacion<\/li>\n<li data-start=\"689\" data-end=\"742\"><strong data-start=\"691\" data-end=\"708\">T\u00ean s\u1ea3n ph\u1ea9m:<\/strong> C\u1ee7 sen ch\u1ec9nh nhi\u1ec7t \u0111\u1ed9 n\u00f3ng l\u1ea1nh<\/li>\n<li data-start=\"743\" data-end=\"781\"><strong data-start=\"745\" data-end=\"761\">Th\u01b0\u01a1ng hi\u1ec7u:<\/strong> American Standard<\/li>\n<li data-start=\"782\" data-end=\"803\"><strong data-start=\"784\" data-end=\"798\">C\u00f4ng ngh\u1ec7:<\/strong> M\u1ef9<\/li>\n<li data-start=\"804\" data-end=\"838\"><strong data-start=\"806\" data-end=\"818\">Xu\u1ea5t x\u1ee9:<\/strong> American Standard<\/li>\n<li data-start=\"839\" data-end=\"862\"><strong data-start=\"841\" data-end=\"854\">B\u1ea3o h\u00e0nh:<\/strong> 2 n\u0103m<\/li>\n<\/ul>\n<p data-start=\"864\" data-end=\"943\">\ud83d\udc49 L\u01b0u \u00fd:<br data-start=\"873\" data-end=\"876\" \/>S\u1ea3n ph\u1ea9m <strong data-start=\"885\" data-end=\"930\">kh\u00f4ng bao g\u1ed3m tay sen, d\u00e2y sen v\u00e0 g\u00e1c sen<\/strong>, ph\u00f9 h\u1ee3p \u0111\u1ec3:<\/p>\n<ul data-start=\"944\" data-end=\"1039\">\n<li data-start=\"944\" data-end=\"966\">Thay th\u1ebf c\u1ee7 sen c\u0169<\/li>\n<li data-start=\"967\" data-end=\"996\">K\u1ebft h\u1ee3p v\u1edbi b\u1ed9 sen c\u00f3 s\u1eb5n<\/li>\n<li data-start=\"997\" data-end=\"1039\">N\u00e2ng c\u1ea5p l\u00ean h\u1ec7 <strong data-start=\"1015\" data-end=\"1039\">sen nhi\u1ec7t \u0111\u1ed9 cao c\u1ea5p<\/strong><\/li>\n<\/ul>\n<hr data-start=\"1041\" data-end=\"1044\" \/>\n<h1 data-start=\"1046\" data-end=\"1090\">2. C\u1ee7 sen nhi\u1ec7t \u0111\u1ed9 l\u00e0 g\u00ec? V\u00ec sao n\u00ean d\u00f9ng?<\/h1>\n<p data-start=\"1092\" data-end=\"1144\">Tr\u01b0\u1edbc khi \u0111i s\u00e2u v\u00e0o s\u1ea3n ph\u1ea9m, c\u1ea7n hi\u1ec3u r\u00f5 b\u1ea3n ch\u1ea5t:<\/p>\n<p data-start=\"1146\" data-end=\"1202\">\ud83d\udc49 <strong data-start=\"1149\" data-end=\"1189\">C\u1ee7 sen nhi\u1ec7t \u0111\u1ed9 (Thermostatic valve)<\/strong> l\u00e0 thi\u1ebft b\u1ecb:<\/p>\n<ul data-start=\"1203\" data-end=\"1277\">\n<li data-start=\"1203\" data-end=\"1234\">T\u1ef1 \u0111\u1ed9ng tr\u1ed9n n\u01b0\u1edbc n\u00f3ng \u2013 l\u1ea1nh<\/li>\n<li data-start=\"1235\" data-end=\"1277\">Gi\u1eef nhi\u1ec7t \u0111\u1ed9 \u1ed5n \u0111\u1ecbnh theo m\u1ee9c \u0111\u00e3 c\u00e0i \u0111\u1eb7t<\/li>\n<\/ul>\n<h3 data-start=\"1279\" data-end=\"1311\">Kh\u00e1c bi\u1ec7t so v\u1edbi sen th\u01b0\u1eddng:<\/h3>\n<div class=\"TyagGW_tableContainer\">\n<div class=\"group TyagGW_tableWrapper flex flex-col-reverse w-fit\" tabindex=\"-1\">\n<table class=\"w-fit min-w-(--thread-content-width)\" data-start=\"1313\" data-end=\"1571\">\n<thead data-start=\"1313\" data-end=\"1356\">\n<tr data-start=\"1313\" data-end=\"1356\">\n<th class=\"\" data-start=\"1313\" data-end=\"1324\" data-col-size=\"sm\">Ti\u00eau ch\u00ed<\/th>\n<th class=\"\" data-start=\"1324\" data-end=\"1337\" data-col-size=\"sm\">Sen th\u01b0\u1eddng<\/th>\n<th class=\"\" data-start=\"1337\" data-end=\"1356\" data-col-size=\"sm\">C\u1ee7 sen nhi\u1ec7t \u0111\u1ed9<\/th>\n<\/tr>\n<\/thead>\n<tbody data-start=\"1401\" data-end=\"1571\">\n<tr data-start=\"1401\" data-end=\"1442\">\n<td data-start=\"1401\" data-end=\"1420\" data-col-size=\"sm\">\u0110i\u1ec1u ch\u1ec9nh nhi\u1ec7t<\/td>\n<td data-col-size=\"sm\" data-start=\"1420\" data-end=\"1431\">Th\u1ee7 c\u00f4ng<\/td>\n<td data-col-size=\"sm\" data-start=\"1431\" data-end=\"1442\">T\u1ef1 \u0111\u1ed9ng<\/td>\n<\/tr>\n<tr data-start=\"1443\" data-end=\"1485\">\n<td data-start=\"1443\" data-end=\"1456\" data-col-size=\"sm\">\u0110\u1ed9 \u1ed5n \u0111\u1ecbnh<\/td>\n<td data-col-size=\"sm\" data-start=\"1456\" data-end=\"1470\">D\u1ec5 thay \u0111\u1ed5i<\/td>\n<td data-col-size=\"sm\" data-start=\"1470\" data-end=\"1485\">Gi\u1eef \u1ed5n \u0111\u1ecbnh<\/td>\n<\/tr>\n<tr data-start=\"1486\" data-end=\"1532\">\n<td data-start=\"1486\" data-end=\"1496\" data-col-size=\"sm\">An to\u00e0n<\/td>\n<td data-col-size=\"sm\" data-start=\"1496\" data-end=\"1513\">C\u00f3 th\u1ec3 b\u1ecb b\u1ecfng<\/td>\n<td data-col-size=\"sm\" data-start=\"1513\" data-end=\"1532\">Ch\u1ed1ng s\u1ed1c nhi\u1ec7t<\/td>\n<\/tr>\n<tr data-start=\"1533\" data-end=\"1571\">\n<td data-start=\"1533\" data-end=\"1547\" data-col-size=\"sm\">Tr\u1ea3i nghi\u1ec7m<\/td>\n<td data-col-size=\"sm\" data-start=\"1547\" data-end=\"1560\">Trung b\u00ecnh<\/td>\n<td data-col-size=\"sm\" data-start=\"1560\" data-end=\"1571\">Cao c\u1ea5p<\/td>\n<\/tr>\n<\/tbody>\n<\/table>\n<\/div>\n<\/div>\n<p data-start=\"1573\" data-end=\"1641\">\ud83d\udc49 V\u1edbi WF-4949, ng\u01b0\u1eddi d\u00f9ng g\u1ea7n nh\u01b0:<br \/>\n<strong data-start=\"1609\" data-end=\"1641\">\u201cCh\u1ec9nh 1 l\u1ea7n \u2013 d\u00f9ng c\u1ea3 bu\u1ed5i\u201d<\/strong><\/p>\n<hr data-start=\"1643\" data-end=\"1646\" \/>\n<h1 data-start=\"1648\" data-end=\"1700\">3. Thi\u1ebft k\u1ebf Temptacion \u2013 T\u1ed1i gi\u1ea3n nh\u01b0ng sang tr\u1ecdng<\/h1>\n<p data-start=\"1702\" data-end=\"1754\">D\u00f2ng <strong data-start=\"1707\" data-end=\"1721\">Temptacion<\/strong> c\u1ee7a American Standard h\u01b0\u1edbng t\u1edbi:<\/p>\n<ul data-start=\"1756\" data-end=\"1859\">\n<li data-start=\"1756\" data-end=\"1792\">Phong c\u00e1ch <strong data-start=\"1769\" data-end=\"1792\">hi\u1ec7n \u0111\u1ea1i \u2013 tinh g\u1ecdn<\/strong><\/li>\n<li data-start=\"1793\" data-end=\"1828\">\u0110\u01b0\u1eddng n\u00e9t vu\u00f4ng v\u1ee9c nh\u01b0ng m\u1ec1m m\u1ea1i<\/li>\n<li data-start=\"1829\" data-end=\"1859\">B\u1ec1 m\u1eb7t s\u00e1ng b\u00f3ng, d\u1ec5 v\u1ec7 sinh<\/li>\n<\/ul>\n<h3 data-start=\"1861\" data-end=\"1878\">\u0110i\u1ec3m n\u1ed5i b\u1eadt:<\/h3>\n<ul data-start=\"1879\" data-end=\"2036\">\n<li data-start=\"1879\" data-end=\"1967\">Thi\u1ebft k\u1ebf ph\u00f9 h\u1ee3p v\u1edbi:\n<ul data-start=\"1905\" data-end=\"1967\">\n<li data-start=\"1905\" data-end=\"1924\">Ph\u00f2ng t\u1eafm nh\u00e0 ph\u1ed1<\/li>\n<li data-start=\"1927\" data-end=\"1943\">C\u0103n h\u1ed9 cao c\u1ea5p<\/li>\n<li data-start=\"1946\" data-end=\"1967\">Kh\u00e1ch s\u1ea1n, homestay<\/li>\n<\/ul>\n<\/li>\n<li data-start=\"1968\" data-end=\"2036\">D\u1ec5 k\u1ebft h\u1ee3p v\u1edbi:\n<ul data-start=\"1988\" data-end=\"2036\">\n<li data-start=\"1988\" data-end=\"1997\">Sen c\u00e2y<\/li>\n<li data-start=\"2000\" data-end=\"2014\">Sen \u00e2m t\u01b0\u1eddng<\/li>\n<li data-start=\"2017\" data-end=\"2036\">B\u1ed9 sen t\u1eafm th\u01b0\u1eddng<\/li>\n<\/ul>\n<\/li>\n<\/ul>\n<p data-start=\"2038\" data-end=\"2122\">\ud83d\udc49 \u0110\u00e2y l\u00e0 d\u1ea1ng s\u1ea3n ph\u1ea9m <strong data-start=\"2062\" data-end=\"2102\">linh ho\u1ea1t \u2013 d\u1ec5 ph\u1ed1i \u2013 n\u00e2ng c\u1ea5p nhanh<\/strong> cho m\u1ecdi c\u00f4ng tr\u00ecnh.<\/p>\n<hr data-start=\"2124\" data-end=\"2127\" \/>\n<h1 data-start=\"2129\" data-end=\"2186\">4. C\u00f4ng ngh\u1ec7 ki\u1ec3m so\u00e1t nhi\u1ec7t \u0111\u1ed9 \u2013 Tr\u00e1i tim c\u1ee7a s\u1ea3n ph\u1ea9m<\/h1>\n<p data-start=\"2188\" data-end=\"2271\">\u0110i\u1ec3m m\u1ea1nh l\u1edbn nh\u1ea5t c\u1ee7a WF-4949 n\u1eb1m \u1edf <strong data-start=\"2225\" data-end=\"2270\">c\u01a1 ch\u1ebf van nhi\u1ec7t (thermostatic cartridge)<\/strong>.<\/p>\n<h3 data-start=\"2273\" data-end=\"2300\">\ud83d\udd25 Nguy\u00ean l\u00fd ho\u1ea1t \u0111\u1ed9ng:<\/h3>\n<ul data-start=\"2301\" data-end=\"2400\">\n<li data-start=\"2301\" data-end=\"2333\">C\u1ea3m bi\u1ebfn nhi\u1ec7t \u0111\u1ed9 n\u01b0\u1edbc \u0111\u1ea7u v\u00e0o<\/li>\n<li data-start=\"2334\" data-end=\"2372\">T\u1ef1 \u0111\u1ed9ng \u0111i\u1ec1u ch\u1ec9nh t\u1ef7 l\u1ec7 n\u00f3ng \u2013 l\u1ea1nh<\/li>\n<li data-start=\"2373\" data-end=\"2400\">Duy tr\u00ec m\u1ee9c nhi\u1ec7t \u1ed5n \u0111\u1ecbnh<\/li>\n<\/ul>\n<h3 data-start=\"2402\" data-end=\"2424\">\u2714 L\u1ee3i \u00edch th\u1ef1c t\u1ebf:<\/h3>\n<ul data-start=\"2426\" data-end=\"2573\">\n<li data-start=\"2426\" data-end=\"2512\">Kh\u00f4ng b\u1ecb <strong data-start=\"2437\" data-end=\"2450\">s\u1ed1c nhi\u1ec7t<\/strong> khi:\n<ul data-start=\"2458\" data-end=\"2512\">\n<li data-start=\"2458\" data-end=\"2487\">Ng\u01b0\u1eddi kh\u00e1c m\u1edf n\u01b0\u1edbc c\u00f9ng l\u00fac<\/li>\n<li data-start=\"2490\" data-end=\"2512\">\u00c1p l\u1ef1c n\u01b0\u1edbc thay \u0111\u1ed5i<\/li>\n<\/ul>\n<\/li>\n<li data-start=\"2513\" data-end=\"2543\">Kh\u00f4ng c\u1ea7n ch\u1ec9nh l\u1ea1i li\u00ean t\u1ee5c<\/li>\n<li data-start=\"2544\" data-end=\"2573\">T\u1eafm tho\u1ea3i m\u00e1i, th\u01b0 gi\u00e3n h\u01a1n<\/li>\n<\/ul>\n<p data-start=\"2575\" data-end=\"2599\">\ud83d\udc49 \u0110\u1eb7c bi\u1ec7t ph\u00f9 h\u1ee3p v\u1edbi:<\/p>\n<ul data-start=\"2600\" data-end=\"2659\">\n<li data-start=\"2600\" data-end=\"2621\">Gia \u0111\u00ecnh c\u00f3 tr\u1ebb nh\u1ecf<\/li>\n<li data-start=\"2622\" data-end=\"2638\">Ng\u01b0\u1eddi l\u1edbn tu\u1ed5i<\/li>\n<li data-start=\"2639\" data-end=\"2659\">Kh\u00e1ch h\u00e0ng cao c\u1ea5p<\/li>\n<\/ul>\n<hr data-start=\"2661\" data-end=\"2664\" \/>\n<h1 data-start=\"2666\" data-end=\"2712\">5. Van \u0111i\u1ec1u khi\u1ec3n cao c\u1ea5p \u2013 \u0110\u1ed9 b\u1ec1n v\u01b0\u1ee3t tr\u1ed9i<\/h1>\n<p data-start=\"2714\" data-end=\"2770\">WF-4949 s\u1eed d\u1ee5ng <strong data-start=\"2730\" data-end=\"2763\">van \u0111i\u1ec1u khi\u1ec3n ch\u1ea5t l\u01b0\u1ee3ng cao<\/strong>, gi\u00fap:<\/p>\n<ul data-start=\"2772\" data-end=\"2850\">\n<li data-start=\"2772\" data-end=\"2792\">\u0110i\u1ec1u ch\u1ec9nh m\u01b0\u1ee3t m\u00e0<\/li>\n<li data-start=\"2793\" data-end=\"2825\">Kh\u00f4ng b\u1ecb k\u1eb9t sau th\u1eddi gian d\u00e0i<\/li>\n<li data-start=\"2826\" data-end=\"2850\">Gi\u1eef k\u00edn n\u01b0\u1edbc tuy\u1ec7t \u0111\u1ed1i<\/li>\n<\/ul>\n<h3 data-start=\"2852\" data-end=\"2864\">\u01afu \u0111i\u1ec3m:<\/h3>\n<ul data-start=\"2865\" data-end=\"2954\">\n<li data-start=\"2865\" data-end=\"2900\">Tu\u1ed5i th\u1ecd cao h\u01a1n van th\u00f4ng th\u01b0\u1eddng<\/li>\n<li data-start=\"2901\" data-end=\"2924\">\u00cdt ph\u00e1t sinh b\u1ea3o h\u00e0nh<\/li>\n<li data-start=\"2925\" data-end=\"2954\">Ho\u1ea1t \u0111\u1ed9ng \u1ed5n \u0111\u1ecbnh nhi\u1ec1u n\u0103m<\/li>\n<\/ul>\n<p data-start=\"2956\" data-end=\"2988\">\ud83d\udc49 \u0110\u00e2y l\u00e0 y\u1ebfu t\u1ed1 quan tr\u1ecdng v\u1edbi:<\/p>\n<ul data-start=\"2989\" data-end=\"3047\">\n<li data-start=\"2989\" data-end=\"3010\">C\u00f4ng tr\u00ecnh cho thu\u00ea<\/li>\n<li data-start=\"3011\" data-end=\"3022\">Kh\u00e1ch s\u1ea1n<\/li>\n<li data-start=\"3023\" data-end=\"3047\">D\u1ef1 \u00e1n l\u1eafp s\u1ed1 l\u01b0\u1ee3ng l\u1edbn<\/li>\n<\/ul>\n<hr data-start=\"3049\" data-end=\"3052\" \/>\n<h1 data-start=\"3054\" data-end=\"3094\">6. L\u1edbp m\u1ea1 cao c\u1ea5p \u2013 Gi\u1eef v\u1ebb \u0111\u1eb9p b\u1ec1n l\u00e2u<\/h1>\n<p data-start=\"3096\" data-end=\"3153\">S\u1ea3n ph\u1ea9m \u0111\u01b0\u1ee3c ph\u1ee7 <strong data-start=\"3114\" data-end=\"3152\">l\u1edbp m\u1ea1 Crom \u2013 Niken ch\u1ea5t l\u01b0\u1ee3ng cao<\/strong>:<\/p>\n<h3 data-start=\"3155\" data-end=\"3171\">\u2714 C\u00f4ng d\u1ee5ng:<\/h3>\n<ul data-start=\"3172\" data-end=\"3236\">\n<li data-start=\"3172\" data-end=\"3187\">Ch\u1ed1ng oxy h\u00f3a<\/li>\n<li data-start=\"3188\" data-end=\"3208\">Ch\u1ed1ng b\u00e1m c\u1eb7n n\u01b0\u1edbc<\/li>\n<li data-start=\"3209\" data-end=\"3236\">Gi\u1eef b\u1ec1 m\u1eb7t lu\u00f4n s\u00e1ng b\u00f3ng<\/li>\n<\/ul>\n<h3 data-start=\"3238\" data-end=\"3260\">\u2714 L\u1ee3i \u00edch th\u1ef1c t\u1ebf:<\/h3>\n<ul data-start=\"3261\" data-end=\"3353\">\n<li data-start=\"3261\" data-end=\"3296\">Kh\u00f4ng b\u1ecb \u1ed1 v\u00e0ng sau th\u1eddi gian d\u00e0i<\/li>\n<li data-start=\"3297\" data-end=\"3319\">D\u1ec5 lau ch\u00f9i, v\u1ec7 sinh<\/li>\n<li data-start=\"3320\" data-end=\"3353\">T\u0103ng t\u00ednh th\u1ea9m m\u1ef9 cho ph\u00f2ng t\u1eafm<\/li>\n<\/ul>\n<p data-start=\"3355\" data-end=\"3447\">\ud83d\udc49 V\u1edbi m\u00f4i tr\u01b0\u1eddng \u1ea9m \u01b0\u1edbt nh\u01b0 ph\u00f2ng t\u1eafm, l\u1edbp m\u1ea1 ch\u00ednh l\u00e0 y\u1ebfu t\u1ed1 quy\u1ebft \u0111\u1ecbnh tu\u1ed5i th\u1ecd s\u1ea3n ph\u1ea9m.<\/p>\n<hr data-start=\"3449\" data-end=\"3452\" \/>\n<h1 data-start=\"3454\" data-end=\"3506\">7. K\u1ebft c\u1ea5u b\u00ean trong v\u1eefng v\u00e0ng \u2013 Ho\u1ea1t \u0111\u1ed9ng \u1ed5n \u0111\u1ecbnh<\/h1>\n<p data-start=\"3508\" data-end=\"3534\">WF-4949 \u0111\u01b0\u1ee3c thi\u1ebft k\u1ebf v\u1edbi:<\/p>\n<ul data-start=\"3535\" data-end=\"3597\">\n<li data-start=\"3535\" data-end=\"3555\">L\u00f5i \u0111\u1ed3ng ch\u1eafc ch\u1eafn<\/li>\n<li data-start=\"3556\" data-end=\"3574\">K\u1ebft c\u1ea5u k\u00edn kh\u00edt<\/li>\n<li data-start=\"3575\" data-end=\"3597\">Ch\u1ecbu \u00e1p l\u1ef1c n\u01b0\u1edbc t\u1ed1t<\/li>\n<\/ul>\n<h3 data-start=\"3599\" data-end=\"3611\">K\u1ebft qu\u1ea3:<\/h3>\n<ul data-start=\"3612\" data-end=\"3682\">\n<li data-start=\"3612\" data-end=\"3625\">Kh\u00f4ng r\u00f2 r\u1ec9<\/li>\n<li data-start=\"3626\" data-end=\"3642\">Kh\u00f4ng rung l\u1eafc<\/li>\n<li data-start=\"3643\" data-end=\"3682\">Ho\u1ea1t \u0111\u1ed9ng \u1ed5n \u0111\u1ecbnh trong th\u1eddi gian d\u00e0i<\/li>\n<\/ul>\n<p data-start=\"3684\" data-end=\"3710\">\ud83d\udc49 So v\u1edbi s\u1ea3n ph\u1ea9m gi\u00e1 r\u1ebb:<\/p>\n<ul data-start=\"3711\" data-end=\"3758\">\n<li data-start=\"3711\" data-end=\"3723\">\u00cdt l\u1ed7i v\u1eb7t<\/li>\n<li data-start=\"3724\" data-end=\"3758\">Kh\u00f4ng ph\u1ea3i thay th\u1ebf th\u01b0\u1eddng xuy\u00ean<\/li>\n<\/ul>\n<hr data-start=\"3760\" data-end=\"3763\" \/>\n<h1 data-start=\"3765\" data-end=\"3809\">8. \u1ee8ng d\u1ee5ng th\u1ef1c t\u1ebf \u2013 Ai n\u00ean d\u00f9ng WF-4949?<\/h1>\n<h3 data-start=\"3811\" data-end=\"3842\">\ud83c\udfe0 Nh\u00e0 ph\u1ed1 \u2013 c\u0103n h\u1ed9 cao c\u1ea5p<\/h3>\n<ul data-start=\"3843\" data-end=\"3901\">\n<li data-start=\"3843\" data-end=\"3875\">N\u00e2ng c\u1ea5p tr\u1ea3i nghi\u1ec7m ph\u00f2ng t\u1eafm<\/li>\n<li data-start=\"3876\" data-end=\"3901\">T\u0103ng gi\u00e1 tr\u1ecb kh\u00f4ng gian<\/li>\n<\/ul>\n<h3 data-start=\"3903\" data-end=\"3930\">\ud83c\udfe8 Kh\u00e1ch s\u1ea1n \u2013 homestay<\/h3>\n<ul data-start=\"3931\" data-end=\"3993\">\n<li data-start=\"3931\" data-end=\"3960\">T\u0103ng s\u1ef1 h\u00e0i l\u00f2ng kh\u00e1ch h\u00e0ng<\/li>\n<li data-start=\"3961\" data-end=\"3993\">Gi\u1ea3m ph\u1ea3n h\u1ed3i v\u1ec1 nhi\u1ec7t \u0111\u1ed9 n\u01b0\u1edbc<\/li>\n<\/ul>\n<h3 data-start=\"3995\" data-end=\"4023\">\ud83d\udc77 Th\u1ea7u th\u1ee3 \u2013 c\u00f4ng tr\u00ecnh<\/h3>\n<ul data-start=\"4024\" data-end=\"4078\">\n<li data-start=\"4024\" data-end=\"4055\">L\u1eafp cho d\u1ef1 \u00e1n trung \u2013 cao c\u1ea5p<\/li>\n<li data-start=\"4056\" data-end=\"4078\">Gi\u1ea3m r\u1ee7i ro b\u1ea3o h\u00e0nh<\/li>\n<\/ul>\n<p data-start=\"4080\" data-end=\"4143\">\ud83d\udc49 \u0110\u00e2y l\u00e0 s\u1ea3n ph\u1ea9m mang t\u00ednh <strong data-start=\"4109\" data-end=\"4135\">\u201cn\u00e2ng c\u1ea5p tr\u1ea3i nghi\u1ec7m\u201d<\/strong> r\u00f5 r\u1ec7t.<\/p>\n<hr data-start=\"4145\" data-end=\"4148\" \/>\n<h1 data-start=\"4150\" data-end=\"4195\">9. So s\u00e1nh WF-4949 v\u1edbi c\u00e1c d\u00f2ng c\u1ee7 sen kh\u00e1c<\/h1>\n<div class=\"TyagGW_tableContainer\">\n<div class=\"group TyagGW_tableWrapper flex flex-col-reverse w-fit\" tabindex=\"-1\">\n<table class=\"w-fit min-w-(--thread-content-width)\" data-start=\"4197\" data-end=\"4469\">\n<thead data-start=\"4197\" data-end=\"4246\">\n<tr data-start=\"4197\" data-end=\"4246\">\n<th class=\"\" data-start=\"4197\" data-end=\"4208\" data-col-size=\"sm\">Ti\u00eau ch\u00ed<\/th>\n<th class=\"\" data-start=\"4208\" data-end=\"4229\" data-col-size=\"sm\">WF-4949 Temptacion<\/th>\n<th class=\"\" data-start=\"4229\" data-end=\"4246\" data-col-size=\"sm\">C\u1ee7 sen th\u01b0\u1eddng<\/th>\n<\/tr>\n<\/thead>\n<tbody data-start=\"4295\" data-end=\"4469\">\n<tr data-start=\"4295\" data-end=\"4338\">\n<td data-start=\"4295\" data-end=\"4307\" data-col-size=\"sm\">C\u00f4ng ngh\u1ec7<\/td>\n<td data-start=\"4307\" data-end=\"4326\" data-col-size=\"sm\">Nhi\u1ec7t \u0111\u1ed9 t\u1ef1 \u0111\u1ed9ng<\/td>\n<td data-start=\"4326\" data-end=\"4338\" data-col-size=\"sm\">Th\u1ee7 c\u00f4ng<\/td>\n<\/tr>\n<tr data-start=\"4339\" data-end=\"4373\">\n<td data-start=\"4339\" data-end=\"4353\" data-col-size=\"sm\">Tr\u1ea3i nghi\u1ec7m<\/td>\n<td data-start=\"4353\" data-end=\"4363\" data-col-size=\"sm\">Cao c\u1ea5p<\/td>\n<td data-start=\"4363\" data-end=\"4373\" data-col-size=\"sm\">C\u01a1 b\u1ea3n<\/td>\n<\/tr>\n<tr data-start=\"4374\" data-end=\"4405\">\n<td data-start=\"4374\" data-end=\"4387\" data-col-size=\"sm\">\u0110\u1ed9 \u1ed5n \u0111\u1ecbnh<\/td>\n<td data-start=\"4387\" data-end=\"4397\" data-col-size=\"sm\">R\u1ea5t cao<\/td>\n<td data-start=\"4397\" data-end=\"4405\" data-col-size=\"sm\">Th\u1ea5p<\/td>\n<\/tr>\n<tr data-start=\"4406\" data-end=\"4446\">\n<td data-start=\"4406\" data-end=\"4416\" data-col-size=\"sm\">An to\u00e0n<\/td>\n<td data-start=\"4416\" data-end=\"4437\" data-col-size=\"sm\">C\u00f3 ch\u1ed1ng s\u1ed1c nhi\u1ec7t<\/td>\n<td data-start=\"4437\" data-end=\"4446\" data-col-size=\"sm\">Kh\u00f4ng<\/td>\n<\/tr>\n<tr data-start=\"4447\" data-end=\"4469\">\n<td data-start=\"4447\" data-end=\"4453\" data-col-size=\"sm\">Gi\u00e1<\/td>\n<td data-start=\"4453\" data-end=\"4463\" data-col-size=\"sm\">Cao h\u01a1n<\/td>\n<td data-start=\"4463\" data-end=\"4469\" data-col-size=\"sm\">R\u1ebb<\/td>\n<\/tr>\n<\/tbody>\n<\/table>\n<\/div>\n<\/div>\n<p data-start=\"4471\" data-end=\"4490\">\ud83d\udc49 N\u1ebfu x\u00e9t d\u00e0i h\u1ea1n:<\/p>\n<ul data-start=\"4491\" data-end=\"4562\">\n<li data-start=\"4491\" data-end=\"4522\">WF-4949 <strong data-start=\"4501\" data-end=\"4520\">\u0111\u00e1ng \u0111\u1ea7u t\u01b0 h\u01a1n<\/strong><\/li>\n<li data-start=\"4523\" data-end=\"4562\">Tr\u1ea3i nghi\u1ec7m v\u01b0\u1ee3t tr\u1ed9i \u2192 kh\u00e1ch d\u1ec5 ch\u1ed1t<\/li>\n<\/ul>\n<hr data-start=\"4564\" data-end=\"4567\" \/>\n<h1 data-start=\"4569\" data-end=\"4600\">10. H\u01b0\u1edbng d\u1eabn l\u1eafp \u0111\u1eb7t &amp; l\u01b0u \u00fd<\/h1>\n<h3 data-start=\"4602\" data-end=\"4623\">\u2714 Ti\u00eau chu\u1ea9n l\u1eafp:<\/h3>\n<ul data-start=\"4624\" data-end=\"4701\">\n<li data-start=\"4624\" data-end=\"4664\">Kho\u1ea3ng c\u00e1ch t\u00e2m n\u00f3ng \u2013 l\u1ea1nh: <strong data-start=\"4655\" data-end=\"4664\">150mm<\/strong><\/li>\n<li data-start=\"4665\" data-end=\"4701\">L\u1eafp c\u00f9ng h\u1ec7 th\u1ed1ng c\u1ea5p n\u01b0\u1edbc \u1ed5n \u0111\u1ecbnh<\/li>\n<\/ul>\n<h3 data-start=\"4703\" data-end=\"4715\">\u2714 L\u01b0u \u00fd:<\/h3>\n<ul data-start=\"4716\" data-end=\"4821\">\n<li data-start=\"4716\" data-end=\"4754\">N\u00ean c\u00f3 l\u1ecdc n\u01b0\u1edbc \u0111\u1ea7u v\u00e0o \u0111\u1ec3 tr\u00e1nh c\u1eb7n<\/li>\n<li data-start=\"4755\" data-end=\"4786\">Kh\u00f4ng d\u00f9ng ngu\u1ed3n n\u01b0\u1edbc qu\u00e1 b\u1ea9n<\/li>\n<li data-start=\"4787\" data-end=\"4821\">B\u1ea3o tr\u00ec \u0111\u1ecbnh k\u1ef3 \u0111\u1ec3 t\u0103ng tu\u1ed5i th\u1ecd<\/li>\n<\/ul>\n<hr data-start=\"4823\" data-end=\"4826\" \/>\n<h1 data-start=\"4828\" data-end=\"4868\">11. V\u00ec sao n\u00ean ch\u1ecdn American Standard?<\/h1>\n<p data-start=\"4870\" data-end=\"4936\"><span class=\"hover:entity-accent entity-underline inline cursor-pointer align-baseline\"><span class=\"whitespace-normal\">American Standard<\/span><\/span> l\u00e0 th\u01b0\u01a1ng hi\u1ec7u to\u00e0n c\u1ea7u v\u1edbi:<\/p>\n<ul data-start=\"4938\" data-end=\"5026\">\n<li data-start=\"4938\" data-end=\"4963\">H\u01a1n 100 n\u0103m kinh nghi\u1ec7m<\/li>\n<li data-start=\"4964\" data-end=\"4994\">C\u00f4ng ngh\u1ec7 s\u1ea3n xu\u1ea5t ti\u00ean ti\u1ebfn<\/li>\n<li data-start=\"4995\" data-end=\"5026\">Ti\u00eau chu\u1ea9n ch\u1ea5t l\u01b0\u1ee3ng qu\u1ed1c t\u1ebf<\/li>\n<\/ul>\n<p data-start=\"5028\" data-end=\"5065\">\ud83d\udc49 V\u1edbi WF-4949, kh\u00e1ch h\u00e0ng nh\u1eadn \u0111\u01b0\u1ee3c:<\/p>\n<ul data-start=\"5066\" data-end=\"5132\">\n<li data-start=\"5066\" data-end=\"5082\">\u0110\u1ed9 tin c\u1eady cao<\/li>\n<li data-start=\"5083\" data-end=\"5114\">Tr\u1ea3i nghi\u1ec7m s\u1eed d\u1ee5ng v\u01b0\u1ee3t tr\u1ed9i<\/li>\n<li data-start=\"5115\" data-end=\"5132\">Gi\u00e1 tr\u1ecb l\u00e2u d\u00e0i<\/li>\n<\/ul>\n<hr data-start=\"5134\" data-end=\"5137\" \/>\n<h1 data-start=\"5139\" data-end=\"5186\">12. K\u1ebft lu\u1eadn \u2013 C\u00f3 n\u00ean mua WF-4949 Temptacion?<\/h1>\n<p data-start=\"5188\" data-end=\"5211\">N\u1ebfu anh \u0111ang h\u01b0\u1edbng t\u1edbi:<\/p>\n<p data-start=\"5213\" data-end=\"5322\">\u2714 Ph\u00f2ng t\u1eafm hi\u1ec7n \u0111\u1ea1i \u2013 ti\u1ec7n nghi<br data-start=\"5245\" data-end=\"5248\" \/>\u2714 Tr\u1ea3i nghi\u1ec7m t\u1eafm \u1ed5n \u0111\u1ecbnh, kh\u00f4ng s\u1ed1c nhi\u1ec7t<br data-start=\"5290\" data-end=\"5293\" \/>\u2714 Thi\u1ebft b\u1ecb b\u1ec1n, \u00edt b\u1ea3o h\u00e0nh<\/p>\n<p data-start=\"5324\" data-end=\"5370\">\ud83d\udc49 <strong data-start=\"5327\" data-end=\"5370\">WF-4949 l\u00e0 l\u1ef1a ch\u1ecdn c\u1ef1c k\u1ef3 \u0111\u00e1ng \u0111\u1ea7u t\u01b0<\/strong><strong style=\"font-size: 16px;\" data-start=\"4994\" data-end=\"5043\">.<\/strong><\/p>\n<p data-start=\"4866\" data-end=\"4979\"><strong data-start=\"4866\" data-end=\"4917\">Ehrlich Vi\u1ec7t Nam \u2013 Thi\u1ebft B\u1ecb Nh\u00e0 B\u1ebfp &amp; Ph\u00f2ng T\u1eafm<\/strong><br data-start=\"4917\" data-end=\"4920\" \/>\ud83d\udccd \u0110\u1ecba ch\u1ec9: S\u1ed1 6 Li\u1ec1n K\u1ec1 22, K\u0110T V\u0103n Kh\u00ea, H\u00e0 \u0110\u00f4ng, H\u00e0 N\u1ed9i<\/p>\n<p data-start=\"4981\" data-end=\"5105\">\ud83c\udf10 Website: <a class=\"decorated-link\" href=\"https:\/\/ehrlichvietnam.vn\/\" target=\"_new\" rel=\"noopener\" data-start=\"4993\" data-end=\"5019\">https:\/\/ehrlichvietnam.vn\/<\/a><br data-start=\"5019\" data-end=\"5022\" \/>\ud83d\udcde Hotline: <strong data-start=\"5034\" data-end=\"5051\">0932 27 05 20<\/strong><br data-start=\"5051\" data-end=\"5054\" \/>\ud83d\udcac Zalo OA: <a class=\"decorated-link\" href=\"https:\/\/zalo.me\/s\/2888141157129558325\" target=\"_new\" rel=\"noopener\" data-start=\"5066\" data-end=\"5103\">https:\/\/zalo.me\/s\/2888141157129558325<\/a><\/p>\n<p data-start=\"5107\" data-end=\"5218\">\ud83c\udfa5 TikTok: <a class=\"decorated-link\" href=\"https:\/\/www.tiktok.com\/@ehrlich.chia.s?_r=1\" target=\"_new\" rel=\"noopener\" data-start=\"5118\" data-end=\"5162\">https:\/\/www.tiktok.com\/@ehrlichthietbivesinh<\/a><br data-start=\"5162\" data-end=\"5165\" \/>\u25b6\ufe0f YouTube: <a class=\"decorated-link\" href=\"https:\/\/www.youtube.com\/@EhrlichVietNam\" target=\"_new\" rel=\"noopener\" data-start=\"5177\" data-end=\"5216\">https:\/\/www.youtube.com\/@EhrlichVietNam<\/a><\/p>\n<p data-start=\"5220\" data-end=\"5265\">\ud83d\ude9a Giao h\u00e0ng to\u00e0n qu\u1ed1c \u2013 t\u01b0 v\u1ea5n nhanh ch\u00f3ng<\/p>\n<p data-start=\"5267\" data-end=\"5313\">\ud83d\udc49 <strong data-start=\"5270\" data-end=\"5313\">Inbox ngay \u0111\u1ec3 nh\u1eadn \u01b0u \u0111\u00e3i th\u00eam h\u00f4m nay!<\/strong><\/p>\n","protected":false},"excerpt":{"rendered":"<p>V\u00f2i Sen ch\u1ec9nh nhi\u1ec7t \u0111\u1ed9 American Standard WF-4949 Temptacion \u2013 Ki\u1ec3m so\u00e1t nhi\u1ec7t \u0111\u1ed9 chu\u1ea9n x\u00e1c, n\u00e2ng t\u1ea7m tr\u1ea3i nghi\u1ec7m ph\u00f2ng t\u1eafm Trong xu h\u01b0\u1edbng thi\u1ebft k\u1ebf ph\u00f2ng t\u1eafm hi\u1ec7n \u0111\u1ea1i, vi\u1ec7c l\u1ef1a ch\u1ecdn c\u1ee7 sen ch\u1ec9nh nhi\u1ec7t \u0111\u1ed9 (thermostatic mixer) \u0111ang d\u1ea7n tr\u1edf th\u00e0nh ti\u00eau chu\u1ea9n m\u1edbi, \u0111\u1eb7c bi\u1ec7t v\u1edbi nh\u1eefng kh\u00e1ch h\u00e0ng y\u00eau [&hellip;]<\/p>\n","protected":false},"featured_media":4745,"comment_status":"open","ping_status":"closed","template":"","meta":{"_acf_changed":false},"product_brand":[143],"product_cat":[23,15,137,153],"product_tag":[],"class_list":{"0":"post-4744","1":"product","2":"type-product","3":"status-publish","4":"has-post-thumbnail","6":"product_brand-american-standard","7":"product_cat-thiet-bi-phong-ve-sinh","8":"product_cat-san-pham","9":"product_cat-thuong-hieu-american-standard","10":"product_cat-sen-tam-american-standard","12":"first","13":"outofstock","14":"shipping-taxable","15":"product-type-simple"},"acf":[],"_links":{"self":[{"href":"https:\/\/ehrlichvietnam.vn\/en\/wp-json\/wp\/v2\/product\/4744","targetHints":{"allow":["GET"]}}],"collection":[{"href":"https:\/\/ehrlichvietnam.vn\/en\/wp-json\/wp\/v2\/product"}],"about":[{"href":"https:\/\/ehrlichvietnam.vn\/en\/wp-json\/wp\/v2\/types\/product"}],"replies":[{"embeddable":true,"href":"https:\/\/ehrlichvietnam.vn\/en\/wp-json\/wp\/v2\/comments?post=4744"}],"wp:featuredmedia":[{"embeddable":true,"href":"https:\/\/ehrlichvietnam.vn\/en\/wp-json\/wp\/v2\/media\/4745"}],"wp:attachment":[{"href":"https:\/\/ehrlichvietnam.vn\/en\/wp-json\/wp\/v2\/media?parent=4744"}],"wp:term":[{"taxonomy":"product_brand","embeddable":true,"href":"https:\/\/ehrlichvietnam.vn\/en\/wp-json\/wp\/v2\/product_brand?post=4744"},{"taxonomy":"product_cat","embeddable":true,"href":"https:\/\/ehrlichvietnam.vn\/en\/wp-json\/wp\/v2\/product_cat?post=4744"},{"taxonomy":"product_tag","embeddable":true,"href":"https:\/\/ehrlichvietnam.vn\/en\/wp-json\/wp\/v2\/product_tag?post=4744"}],"curies":[{"name":"wp","href":"https:\/\/api.w.org\/{rel}","templated":true}]}}