{"id":4728,"date":"2026-04-14T07:31:09","date_gmt":"2026-04-14T07:31:09","guid":{"rendered":"https:\/\/ehrlichvietnam.vn\/?post_type=product&#038;p=4728"},"modified":"2026-04-14T07:36:38","modified_gmt":"2026-04-14T07:36:38","slug":"sen-cay-american-standard-wf-1m72-loven-nong-lanh","status":"publish","type":"product","link":"https:\/\/ehrlichvietnam.vn\/sen-cay-american-standard-wf-1m72-loven-nong-lanh\/","title":{"rendered":"Sen C\u00e2y American Standard WF-1M72 Loven N\u00f3ng L\u1ea1nh"},"content":{"rendered":"<h2 data-start=\"0\" data-end=\"103\">Sen c\u00e2y n\u00f3ng l\u1ea1nh American Standard WF-1M72 Loven \u2013 Gi\u1ea3i ph\u00e1p t\u1eafm ti\u1ec7n nghi, b\u1ec1n b\u1ec9 cho m\u1ecdi gia \u0111\u00ecnh<\/h2>\n<p data-start=\"105\" data-end=\"433\">Trong ph\u00e2n kh\u00fac sen c\u00e2y t\u1ea7m trung, d\u00f2ng <strong data-start=\"145\" data-end=\"154\">Loven<\/strong> c\u1ee7a American Standard lu\u00f4n \u0111\u01b0\u1ee3c \u01b0a chu\u1ed9ng nh\u1edd thi\u1ebft k\u1ebf d\u1ec5 d\u00f9ng, \u0111\u1ed9 b\u1ec1n cao v\u00e0 kh\u1ea3 n\u0103ng t\u1ed1i \u01b0u tr\u1ea3i nghi\u1ec7m t\u1eafm h\u00e0ng ng\u00e0y. N\u1ed5i b\u1eadt trong \u0111\u00f3, <strong data-start=\"294\" data-end=\"305\">WF-1M72<\/strong> l\u00e0 m\u1eabu sen c\u00e2y n\u00f3ng l\u1ea1nh ph\u00f9 h\u1ee3p cho c\u1ea3 nh\u00e0 ph\u1ed1, chung c\u01b0 v\u00e0 c\u00f4ng tr\u00ecnh nh\u1edd s\u1ef1 c\u00e2n b\u1eb1ng gi\u1eefa <strong data-start=\"399\" data-end=\"432\">hi\u1ec7u n\u0103ng \u2013 th\u1ea9m m\u1ef9 \u2013 chi ph\u00ed<\/strong>.<\/p>\n<p data-start=\"435\" data-end=\"460\">N\u1ebfu anh \u0111ang c\u1ea7n m\u1ed9t m\u1eabu:<\/p>\n<ul data-start=\"461\" data-end=\"571\">\n<li data-start=\"461\" data-end=\"505\">D\u1ec5 b\u00e1n cho kh\u00e1ch ph\u1ed5 th\u00f4ng \u0111\u1ebfn trung c\u1ea5p<\/li>\n<li data-start=\"506\" data-end=\"535\">Ho\u1ea1t \u0111\u1ed9ng \u1ed5n \u0111\u1ecbnh, \u00edt l\u1ed7i<\/li>\n<li data-start=\"536\" data-end=\"571\">Thi\u1ebft k\u1ebf \u0111\u1eb9p, d\u1ec5 ph\u1ed1i ph\u00f2ng t\u1eafm<\/li>\n<\/ul>\n<p data-start=\"573\" data-end=\"622\">\ud83d\udc49 WF-1M72 l\u00e0 l\u1ef1a ch\u1ecdn r\u1ea5t \u201can to\u00e0n\u201d \u0111\u1ec3 ch\u1ed1t \u0111\u01a1n.<\/p>\n<hr data-start=\"624\" data-end=\"627\" \/>\n<h1 data-start=\"629\" data-end=\"683\">1. T\u1ed5ng quan sen c\u00e2y American Standard WF-1M72 Loven<\/h1>\n<p data-start=\"685\" data-end=\"862\"><strong data-start=\"685\" data-end=\"702\">T\u00ean s\u1ea3n ph\u1ea9m:<\/strong> Sen c\u00e2y n\u00f3ng l\u1ea1nh American Standard WF-1M72<br data-start=\"746\" data-end=\"749\" \/><strong data-start=\"749\" data-end=\"765\">M\u00e3 \u0111\u00f3ng g\u00f3i:<\/strong> FFAS1M72-601500BF0<br data-start=\"784\" data-end=\"787\" \/><strong data-start=\"787\" data-end=\"802\">B\u1ed9 s\u01b0u t\u1eadp:<\/strong> Loven<br data-start=\"808\" data-end=\"811\" \/><strong data-start=\"811\" data-end=\"820\">Lo\u1ea1i:<\/strong> Sen c\u00e2y n\u00f3ng l\u1ea1nh<br data-start=\"838\" data-end=\"841\" \/><strong data-start=\"841\" data-end=\"854\">B\u1ea3o h\u00e0nh:<\/strong> 2 n\u0103m<\/p>\n<p data-start=\"864\" data-end=\"948\">WF-1M72 mang phong c\u00e1ch \u0111\u1eb7c tr\u01b0ng c\u1ee7a Loven:<br \/>\n\ud83d\udc49 <strong data-start=\"912\" data-end=\"948\">\u0110\u01a1n gi\u1ea3n \u2013 g\u1ecdn g\u00e0ng \u2013 d\u1ec5 s\u1eed d\u1ee5ng<\/strong><\/p>\n<p data-start=\"950\" data-end=\"1007\">Ph\u00f9 h\u1ee3p cho \u0111\u1ea1i \u0111a s\u1ed1 kh\u00e1ch h\u00e0ng t\u1eeb nh\u00e0 \u1edf \u0111\u1ebfn c\u00f4ng tr\u00ecnh.<\/p>\n<hr data-start=\"1009\" data-end=\"1012\" \/>\n<h1 data-start=\"1014\" data-end=\"1045\">2. Th\u00f4ng s\u1ed1 k\u1ef9 thu\u1eadt chi ti\u1ebft<\/h1>\n<ul data-start=\"1047\" data-end=\"1241\">\n<li data-start=\"1047\" data-end=\"1095\"><strong data-start=\"1049\" data-end=\"1073\">K\u00edch th\u01b0\u1edbc t\u1ed5ng th\u1ec3:<\/strong> 1281 x 312 x 155 mm<\/li>\n<li data-start=\"1096\" data-end=\"1130\"><strong data-start=\"1098\" data-end=\"1121\">K\u00edch th\u01b0\u1edbc b\u00e1t sen:<\/strong> 250 mm<\/li>\n<li data-start=\"1131\" data-end=\"1167\"><strong data-start=\"1133\" data-end=\"1152\">L\u01b0u l\u01b0\u1ee3ng n\u01b0\u1edbc:<\/strong> 5.2 l\u00edt\/ph\u00fat<\/li>\n<li data-start=\"1168\" data-end=\"1211\"><strong data-start=\"1170\" data-end=\"1202\">Kho\u1ea3ng c\u00e1ch t\u00e2m n\u00f3ng \u2013 l\u1ea1nh:<\/strong> 150 mm<\/li>\n<li data-start=\"1212\" data-end=\"1241\"><strong data-start=\"1214\" data-end=\"1232\">\u0110\u01b0\u1eddng \u1ed1ng ch\u1edd:<\/strong> Phi 21<\/li>\n<\/ul>\n<p data-start=\"1243\" data-end=\"1266\">\ud83d\udc49 B\u1ed9 s\u1ea3n ph\u1ea9m bao g\u1ed3m:<\/p>\n<ul data-start=\"1267\" data-end=\"1329\">\n<li data-start=\"1267\" data-end=\"1287\">\u0110\u1ea7u sen phun m\u01b0a<\/li>\n<li data-start=\"1288\" data-end=\"1307\">Tay sen c\u1ea7m tay<\/li>\n<li data-start=\"1308\" data-end=\"1329\">B\u1ed9 tr\u1ed9n n\u00f3ng l\u1ea1nh<\/li>\n<\/ul>\n<hr data-start=\"1331\" data-end=\"1334\" \/>\n<h1 data-start=\"1336\" data-end=\"1368\">3. Ph\u00e2n t\u00edch c\u00f4ng ngh\u1ec7 n\u1ed5i b\u1eadt<\/h1>\n<h2 data-start=\"1370\" data-end=\"1429\">3.1. Sen n\u00f3ng l\u1ea1nh \u2013 D\u1ec5 d\u00f9ng, ph\u00f9 h\u1ee3p \u0111\u1ea1i \u0111a s\u1ed1 gia \u0111\u00ecnh<\/h2>\n<p data-start=\"1431\" data-end=\"1468\">WF-1M72 s\u1eed d\u1ee5ng b\u1ed9 tr\u1ed9n n\u00f3ng l\u1ea1nh c\u01a1:<\/p>\n<ul data-start=\"1470\" data-end=\"1557\">\n<li data-start=\"1470\" data-end=\"1502\">\u0110i\u1ec1u ch\u1ec9nh nhi\u1ec7t \u0111\u1ed9 b\u1eb1ng tay<\/li>\n<li data-start=\"1503\" data-end=\"1517\">D\u1ec5 s\u1eed d\u1ee5ng<\/li>\n<li data-start=\"1518\" data-end=\"1557\">Kh\u00f4ng y\u00eau c\u1ea7u h\u1ec7 th\u1ed1ng qu\u00e1 ph\u1ee9c t\u1ea1p<\/li>\n<\/ul>\n<p data-start=\"1559\" data-end=\"1582\">\ud83d\udc49 So v\u1edbi sen nhi\u1ec7t \u0111\u1ed9:<\/p>\n<ul data-start=\"1583\" data-end=\"1641\">\n<li data-start=\"1583\" data-end=\"1598\">Gi\u00e1 m\u1ec1m h\u01a1n<\/li>\n<li data-start=\"1599\" data-end=\"1613\">D\u1ec5 l\u1eafp h\u01a1n<\/li>\n<li data-start=\"1614\" data-end=\"1641\">Ph\u00f9 h\u1ee3p kh\u00e1ch ph\u1ed5 th\u00f4ng<\/li>\n<\/ul>\n<hr data-start=\"1643\" data-end=\"1646\" \/>\n<h2 data-start=\"1648\" data-end=\"1704\">3.2. B\u00e1t sen phun m\u01b0a 250mm \u2013 T\u1eafm tho\u1ea3i m\u00e1i to\u00e0n th\u00e2n<\/h2>\n<p data-start=\"1706\" data-end=\"1724\">B\u00e1t sen l\u1edbn 250mm:<\/p>\n<ul data-start=\"1726\" data-end=\"1769\">\n<li data-start=\"1726\" data-end=\"1743\">Ph\u1ee7 n\u01b0\u1edbc r\u1ed9ng<\/li>\n<li data-start=\"1744\" data-end=\"1769\">T\u1ea1o c\u1ea3m gi\u00e1c th\u01b0 gi\u00e3n<\/li>\n<\/ul>\n<p data-start=\"1771\" data-end=\"1795\">\ud83d\udc49 Thi\u1ebft k\u1ebf t\u1ed1i \u01b0u gi\u00fap:<\/p>\n<ul data-start=\"1796\" data-end=\"1849\">\n<li data-start=\"1796\" data-end=\"1816\">N\u01b0\u1edbc ph\u00e2n b\u1ed1 \u0111\u1ec1u<\/li>\n<li data-start=\"1817\" data-end=\"1849\">Kh\u00f4ng b\u1ecb t\u1eadp trung d\u00f2ng m\u1ea1nh<\/li>\n<\/ul>\n<p data-start=\"1851\" data-end=\"1902\">=&gt; Mang l\u1ea1i tr\u1ea3i nghi\u1ec7m g\u1ea7n gi\u1ed1ng spa ngay t\u1ea1i nh\u00e0.<\/p>\n<hr data-start=\"1904\" data-end=\"1907\" \/>\n<h2 data-start=\"1909\" data-end=\"1953\">3.3. L\u01b0u l\u01b0\u1ee3ng 5.2L\/ph\u00fat \u2013 Ti\u1ebft ki\u1ec7m n\u01b0\u1edbc<\/h2>\n<p data-start=\"1955\" data-end=\"1977\">WF-1M72 \u0111\u01b0\u1ee3c thi\u1ebft k\u1ebf:<\/p>\n<ul data-start=\"1979\" data-end=\"2038\">\n<li data-start=\"1979\" data-end=\"2007\">Gi\u1ea3m l\u01b0\u1ee3ng n\u01b0\u1edbc ti\u00eau th\u1ee5<\/li>\n<li data-start=\"2008\" data-end=\"2038\">V\u1eabn \u0111\u1ea3m b\u1ea3o \u00e1p l\u1ef1c \u0111\u1ee7 d\u00f9ng<\/li>\n<\/ul>\n<p data-start=\"2040\" data-end=\"2051\">\ud83d\udc49 L\u1ee3i \u00edch:<\/p>\n<ul data-start=\"2052\" data-end=\"2101\">\n<li data-start=\"2052\" data-end=\"2073\">Ti\u1ebft ki\u1ec7m chi ph\u00ed<\/li>\n<li data-start=\"2074\" data-end=\"2101\">Ph\u00f9 h\u1ee3p s\u1eed d\u1ee5ng l\u00e2u d\u00e0i<\/li>\n<\/ul>\n<hr data-start=\"2103\" data-end=\"2106\" \/>\n<h2 data-start=\"2108\" data-end=\"2152\">3.4. Cartridge b\u1ec1n b\u1ec9 \u2013 Ho\u1ea1t \u0111\u1ed9ng \u1ed5n \u0111\u1ecbnh<\/h2>\n<p data-start=\"2154\" data-end=\"2189\">L\u00f5i van (cartridge) ch\u1ea5t l\u01b0\u1ee3ng cao:<\/p>\n<ul data-start=\"2191\" data-end=\"2243\">\n<li data-start=\"2191\" data-end=\"2205\">\u0110\u1ed9 b\u1ec1n cao<\/li>\n<li data-start=\"2206\" data-end=\"2225\">Ch\u1ecbu \u00e1p l\u1ef1c t\u1ed1t<\/li>\n<li data-start=\"2226\" data-end=\"2243\">H\u1ea1n ch\u1ebf r\u00f2 r\u1ec9<\/li>\n<\/ul>\n<p data-start=\"2245\" data-end=\"2277\">\ud83d\udc49 \u0110\u00e2y l\u00e0 y\u1ebfu t\u1ed1 quan tr\u1ecdng v\u1edbi:<\/p>\n<ul data-start=\"2278\" data-end=\"2314\">\n<li data-start=\"2278\" data-end=\"2297\">C\u00f4ng tr\u00ecnh th\u1ea7u<\/li>\n<li data-start=\"2298\" data-end=\"2314\">Nh\u00e0 cho thu\u00ea<\/li>\n<\/ul>\n<hr data-start=\"2316\" data-end=\"2319\" \/>\n<h2 data-start=\"2321\" data-end=\"2362\">3.5. Tay sen linh ho\u1ea1t \u2013 T\u0103ng ti\u1ec7n \u00edch<\/h2>\n<p data-start=\"2364\" data-end=\"2405\">Ngo\u00e0i b\u00e1t sen ch\u00ednh, s\u1ea3n ph\u1ea9m c\u00f3 tay sen:<\/p>\n<ul data-start=\"2407\" data-end=\"2452\">\n<li data-start=\"2407\" data-end=\"2423\">D\u1ec5 t\u1eafm nhanh<\/li>\n<li data-start=\"2424\" data-end=\"2452\">H\u1ed7 tr\u1ee3 v\u1ec7 sinh ph\u00f2ng t\u1eafm<\/li>\n<\/ul>\n<p data-start=\"2454\" data-end=\"2491\">\ud83d\udc49 T\u0103ng t\u00ednh ti\u1ec7n d\u1ee5ng trong th\u1ef1c t\u1ebf.<\/p>\n<hr data-start=\"2493\" data-end=\"2496\" \/>\n<h1 data-start=\"2498\" data-end=\"2521\">4. Thi\u1ebft k\u1ebf &amp; th\u1ea9m m\u1ef9<\/h1>\n<h2 data-start=\"2523\" data-end=\"2565\">4.1. Thi\u1ebft k\u1ebf Loven \u2013 G\u1ecdn g\u00e0ng, d\u1ec5 ph\u1ed1i<\/h2>\n<ul data-start=\"2567\" data-end=\"2642\">\n<li data-start=\"2567\" data-end=\"2589\">\u0110\u01b0\u1eddng n\u00e9t \u0111\u01a1n gi\u1ea3n<\/li>\n<li data-start=\"2590\" data-end=\"2606\">Kh\u00f4ng c\u1ea7u k\u1ef3<\/li>\n<li data-start=\"2607\" data-end=\"2642\">D\u1ec5 k\u1ebft h\u1ee3p v\u1edbi nhi\u1ec1u phong c\u00e1ch<\/li>\n<\/ul>\n<p data-start=\"2644\" data-end=\"2655\">\ud83d\udc49 Ph\u00f9 h\u1ee3p:<\/p>\n<ul data-start=\"2656\" data-end=\"2705\">\n<li data-start=\"2656\" data-end=\"2667\">Nh\u00e0 ph\u1ed1<\/li>\n<li data-start=\"2668\" data-end=\"2680\">Chung c\u01b0<\/li>\n<li data-start=\"2681\" data-end=\"2705\">Ph\u00f2ng t\u1eafm ti\u00eau chu\u1ea9n<\/li>\n<\/ul>\n<hr data-start=\"2707\" data-end=\"2710\" \/>\n<h2 data-start=\"2712\" data-end=\"2759\">4.2. K\u00edch th\u01b0\u1edbc ti\u00eau chu\u1ea9n \u2013 L\u1eafp \u0111\u1eb7t d\u1ec5 d\u00e0ng<\/h2>\n<ul data-start=\"2761\" data-end=\"2842\">\n<li data-start=\"2761\" data-end=\"2802\">Chi\u1ec1u cao 1281mm \u2192 ph\u00f9 h\u1ee3p \u0111a s\u1ed1 tr\u1ea7n<\/li>\n<li data-start=\"2803\" data-end=\"2842\">T\u00e2m c\u1ea5p n\u01b0\u1edbc 150mm \u2192 chu\u1ea9n ph\u1ed5 bi\u1ebfn<\/li>\n<\/ul>\n<p data-start=\"2844\" data-end=\"2885\">\ud83d\udc49 Kh\u00f4ng c\u1ea7n ch\u1ec9nh s\u1eeda nhi\u1ec1u khi l\u1eafp \u0111\u1eb7t.<\/p>\n<hr data-start=\"2887\" data-end=\"2890\" \/>\n<h1 data-start=\"2892\" data-end=\"2931\">5. \u01afu \u2013 Nh\u01b0\u1ee3c \u0111i\u1ec3m &amp; \u1ee9ng d\u1ee5ng th\u1ef1c t\u1ebf<\/h1>\n<h2 data-start=\"2933\" data-end=\"2943\">\u01afu \u0111i\u1ec3m<\/h2>\n<ul data-start=\"2945\" data-end=\"3057\">\n<li data-start=\"2945\" data-end=\"2959\">Gi\u00e1 h\u1ee3p l\u00fd<\/li>\n<li data-start=\"2960\" data-end=\"2974\">D\u1ec5 s\u1eed d\u1ee5ng<\/li>\n<li data-start=\"2975\" data-end=\"3005\">B\u00e1t sen l\u1edbn, t\u1eafm tho\u1ea3i m\u00e1i<\/li>\n<li data-start=\"3006\" data-end=\"3024\">Ti\u1ebft ki\u1ec7m n\u01b0\u1edbc<\/li>\n<li data-start=\"3025\" data-end=\"3042\">Cartridge b\u1ec1n<\/li>\n<li data-start=\"3043\" data-end=\"3057\">D\u1ec5 l\u1eafp \u0111\u1eb7t<\/li>\n<\/ul>\n<hr data-start=\"3059\" data-end=\"3062\" \/>\n<h2 data-start=\"3064\" data-end=\"3077\">Nh\u01b0\u1ee3c \u0111i\u1ec3m<\/h2>\n<ul data-start=\"3079\" data-end=\"3182\">\n<li data-start=\"3079\" data-end=\"3111\">Kh\u00f4ng c\u00f3 ch\u1ee9c n\u0103ng gi\u1eef nhi\u1ec7t<\/li>\n<li data-start=\"3112\" data-end=\"3159\">Tr\u1ea3i nghi\u1ec7m kh\u00f4ng cao c\u1ea5p b\u1eb1ng sen nhi\u1ec7t \u0111\u1ed9<\/li>\n<li data-start=\"3160\" data-end=\"3182\">\u00cdt ch\u1ebf \u0111\u1ed9 tia n\u01b0\u1edbc<\/li>\n<\/ul>\n<hr data-start=\"3184\" data-end=\"3187\" \/>\n<h2 data-start=\"3189\" data-end=\"3208\">\u1ee8ng d\u1ee5ng th\u1ef1c t\u1ebf<\/h2>\n<h3 data-start=\"3210\" data-end=\"3233\">1. Nh\u00e0 ph\u1ed1 \u2013 c\u0103n h\u1ed9<\/h3>\n<ul data-start=\"3234\" data-end=\"3301\">\n<li data-start=\"3234\" data-end=\"3261\">Ph\u00f9 h\u1ee3p ph\u00f2ng t\u1eafm ch\u00ednh<\/li>\n<li data-start=\"3262\" data-end=\"3301\">\u0110\u00e1p \u1ee9ng nhu c\u1ea7u c\u01a1 b\u1ea3n \u0111\u1ebfn n\u00e2ng cao<\/li>\n<\/ul>\n<hr data-start=\"3303\" data-end=\"3306\" \/>\n<h3 data-start=\"3308\" data-end=\"3339\">2. Chung c\u01b0 cho thu\u00ea \u2013 CCMN<\/h3>\n<ul data-start=\"3340\" data-end=\"3374\">\n<li data-start=\"3340\" data-end=\"3354\">Gi\u00e1 h\u1ee3p l\u00fd<\/li>\n<li data-start=\"3355\" data-end=\"3374\">B\u1ec1n, \u00edt b\u1ea3o tr\u00ec<\/li>\n<\/ul>\n<hr data-start=\"3376\" data-end=\"3379\" \/>\n<h3 data-start=\"3381\" data-end=\"3408\">3. Kh\u00e1ch s\u1ea1n \u2013 homestay<\/h3>\n<ul data-start=\"3409\" data-end=\"3444\">\n<li data-start=\"3409\" data-end=\"3433\">D\u1ec5 s\u1eed d\u1ee5ng cho kh\u00e1ch<\/li>\n<li data-start=\"3434\" data-end=\"3444\">\u00cdt l\u1ed7i<\/li>\n<\/ul>\n<hr data-start=\"3446\" data-end=\"3449\" \/>\n<h3 data-start=\"3451\" data-end=\"3473\">4. C\u00f4ng tr\u00ecnh th\u1ea7u<\/h3>\n<ul data-start=\"3474\" data-end=\"3525\">\n<li data-start=\"3474\" data-end=\"3487\">L\u1eafp nhanh<\/li>\n<li data-start=\"3488\" data-end=\"3506\">Chu\u1ea9n k\u1ef9 thu\u1eadt<\/li>\n<li data-start=\"3507\" data-end=\"3525\">D\u1ec5 \u0111i s\u1ed1 l\u01b0\u1ee3ng<\/li>\n<\/ul>\n<hr data-start=\"3527\" data-end=\"3530\" \/>\n<h1 data-start=\"3532\" data-end=\"3577\">6. So s\u00e1nh WF-1M72 v\u1edbi sen nhi\u1ec7t \u0111\u1ed9 WF-1M13<\/h1>\n<div class=\"TyagGW_tableContainer\">\n<div class=\"group TyagGW_tableWrapper flex flex-col-reverse w-fit\" tabindex=\"-1\">\n<table class=\"w-fit min-w-(--thread-content-width)\" data-start=\"3579\" data-end=\"3827\">\n<thead data-start=\"3579\" data-end=\"3611\">\n<tr data-start=\"3579\" data-end=\"3611\">\n<th class=\"\" data-start=\"3579\" data-end=\"3590\" data-col-size=\"sm\">Ti\u00eau ch\u00ed<\/th>\n<th class=\"\" data-start=\"3590\" data-end=\"3600\" data-col-size=\"sm\">WF-1M72<\/th>\n<th class=\"\" data-start=\"3600\" data-end=\"3611\" data-col-size=\"sm\">WF-1M13<\/th>\n<\/tr>\n<\/thead>\n<tbody data-start=\"3643\" data-end=\"3827\">\n<tr data-start=\"3643\" data-end=\"3682\">\n<td data-start=\"3643\" data-end=\"3650\" data-col-size=\"sm\">Lo\u1ea1i<\/td>\n<td data-col-size=\"sm\" data-start=\"3650\" data-end=\"3666\">Sen n\u00f3ng l\u1ea1nh<\/td>\n<td data-col-size=\"sm\" data-start=\"3666\" data-end=\"3682\">Sen nhi\u1ec7t \u0111\u1ed9<\/td>\n<\/tr>\n<tr data-start=\"3683\" data-end=\"3730\">\n<td data-start=\"3683\" data-end=\"3694\" data-col-size=\"sm\">Nhi\u1ec7t \u0111\u1ed9<\/td>\n<td data-col-size=\"sm\" data-start=\"3694\" data-end=\"3711\">\u0110i\u1ec1u ch\u1ec9nh tay<\/td>\n<td data-col-size=\"sm\" data-start=\"3711\" data-end=\"3730\">\u1ed4n \u0111\u1ecbnh t\u1ef1 \u0111\u1ed9ng<\/td>\n<\/tr>\n<tr data-start=\"3731\" data-end=\"3759\">\n<td data-start=\"3731\" data-end=\"3737\" data-col-size=\"sm\">Gi\u00e1<\/td>\n<td data-col-size=\"sm\" data-start=\"3737\" data-end=\"3748\">Th\u1ea5p h\u01a1n<\/td>\n<td data-col-size=\"sm\" data-start=\"3748\" data-end=\"3759\">Cao h\u01a1n<\/td>\n<\/tr>\n<tr data-start=\"3760\" data-end=\"3791\">\n<td data-start=\"3760\" data-end=\"3774\" data-col-size=\"sm\">Tr\u1ea3i nghi\u1ec7m<\/td>\n<td data-col-size=\"sm\" data-start=\"3774\" data-end=\"3780\">T\u1ed1t<\/td>\n<td data-col-size=\"sm\" data-start=\"3780\" data-end=\"3791\">Cao c\u1ea5p<\/td>\n<\/tr>\n<tr data-start=\"3792\" data-end=\"3827\">\n<td data-start=\"3792\" data-end=\"3804\" data-col-size=\"sm\">\u0110\u1ed1i t\u01b0\u1ee3ng<\/td>\n<td data-col-size=\"sm\" data-start=\"3804\" data-end=\"3816\">Ph\u1ed5 th\u00f4ng<\/td>\n<td data-col-size=\"sm\" data-start=\"3816\" data-end=\"3827\">Cao c\u1ea5p<\/td>\n<\/tr>\n<\/tbody>\n<\/table>\n<\/div>\n<\/div>\n<p data-start=\"3829\" data-end=\"3841\">\ud83d\udc49 K\u1ebft lu\u1eadn:<\/p>\n<ul data-start=\"3842\" data-end=\"3916\">\n<li data-start=\"3842\" data-end=\"3878\">WF-1M72 = <strong data-start=\"3854\" data-end=\"3876\">d\u1ec5 b\u00e1n, gi\u00e1 h\u1ee3p l\u00fd<\/strong><\/li>\n<li data-start=\"3879\" data-end=\"3916\">WF-1M13 = <strong data-start=\"3891\" data-end=\"3914\">tr\u1ea3i nghi\u1ec7m cao c\u1ea5p<\/strong><\/li>\n<\/ul>\n<hr data-start=\"3918\" data-end=\"3921\" \/>\n<h1 data-start=\"3923\" data-end=\"3950\">7. V\u00ec sao WF-1M72 d\u1ec5 b\u00e1n?<\/h1>\n<h2 data-start=\"3952\" data-end=\"3986\">7.1. Ph\u00f9 h\u1ee3p s\u1ed1 \u0111\u00f4ng kh\u00e1ch h\u00e0ng<\/h2>\n<ul data-start=\"3988\" data-end=\"4046\">\n<li data-start=\"3988\" data-end=\"3999\">D\u1ec5 d\u00f9ng<\/li>\n<li data-start=\"4000\" data-end=\"4031\">Kh\u00f4ng c\u1ea7n hi\u1ec3u k\u1ef9 c\u00f4ng ngh\u1ec7<\/li>\n<li data-start=\"4032\" data-end=\"4046\">Gi\u00e1 h\u1ee3p l\u00fd<\/li>\n<\/ul>\n<p data-start=\"4048\" data-end=\"4065\">\ud83d\udc49 R\u1ea5t d\u1ec5 t\u01b0 v\u1ea5n.<\/p>\n<hr data-start=\"4067\" data-end=\"4070\" \/>\n<h2 data-start=\"4072\" data-end=\"4104\">7.2. D\u1ec5 ch\u1ed1t v\u1edbi 3 \u0111i\u1ec3m ch\u00ednh<\/h2>\n<ul data-start=\"4106\" data-end=\"4172\">\n<li data-start=\"4106\" data-end=\"4133\">\u201cB\u00e1t sen to, t\u1eafm s\u01b0\u1edbng\u201d<\/li>\n<li data-start=\"4134\" data-end=\"4154\">\u201cTi\u1ebft ki\u1ec7m n\u01b0\u1edbc\u201d<\/li>\n<li data-start=\"4155\" data-end=\"4172\">\u201cD\u1ec5 l\u1eafp, b\u1ec1n\u201d<\/li>\n<\/ul>\n<p data-start=\"4174\" data-end=\"4212\">\ud83d\udc49 Kh\u00e1ch hi\u1ec3u nhanh, quy\u1ebft \u0111\u1ecbnh nhanh.<\/p>\n<hr data-start=\"4214\" data-end=\"4217\" \/>\n<h2 data-start=\"4219\" data-end=\"4251\">7.3. Ph\u00f9 h\u1ee3p nhi\u1ec1u c\u00f4ng tr\u00ecnh<\/h2>\n<ul data-start=\"4253\" data-end=\"4289\">\n<li data-start=\"4253\" data-end=\"4262\">Nh\u00e0 \u1edf<\/li>\n<li data-start=\"4263\" data-end=\"4275\">Cho thu\u00ea<\/li>\n<li data-start=\"4276\" data-end=\"4289\">Kh\u00e1ch s\u1ea1n<\/li>\n<\/ul>\n<p data-start=\"4291\" data-end=\"4313\">\ud83d\udc49 D\u1ec5 \u0111i s\u1ed1 l\u01b0\u1ee3ng l\u1edbn.<\/p>\n<hr data-start=\"4315\" data-end=\"4318\" \/>\n<h1 data-start=\"4320\" data-end=\"4343\">8. G\u1ee3i \u00fd upsell combo<\/h1>\n<p data-start=\"4345\" data-end=\"4364\">Anh c\u00f3 th\u1ec3 k\u1ebft h\u1ee3p:<\/p>\n<ul data-start=\"4366\" data-end=\"4450\">\n<li data-start=\"4366\" data-end=\"4384\">B\u1ed3n c\u1ea7u 1 kh\u1ed1i<\/li>\n<li data-start=\"4385\" data-end=\"4408\">Lavabo + v\u00f2i lavabo<\/li>\n<li data-start=\"4409\" data-end=\"4420\">T\u1ee7 ch\u1eadu<\/li>\n<li data-start=\"4421\" data-end=\"4434\">G\u01b0\u01a1ng LED<\/li>\n<li data-start=\"4435\" data-end=\"4450\">B\u1ed9 ph\u1ee5 ki\u1ec7n<\/li>\n<\/ul>\n<p data-start=\"4452\" data-end=\"4497\">\ud83d\udc49 T\u1ea1o combo:<br \/>\n<strong data-start=\"4466\" data-end=\"4497\">\u201cFull ph\u00f2ng t\u1eafm 6\u201310 tri\u1ec7u\u201d<\/strong><\/p>\n<p data-start=\"4499\" data-end=\"4536\">=&gt; T\u0103ng gi\u00e1 tr\u1ecb \u0111\u01a1n h\u00e0ng, d\u1ec5 b\u00e1n h\u01a1n.<\/p>\n<hr data-start=\"4538\" data-end=\"4541\" \/>\n<h1 data-start=\"4543\" data-end=\"4556\">9. K\u1ebft lu\u1eadn<\/h1>\n<p data-start=\"4558\" data-end=\"4623\">Sen c\u00e2y American Standard WF-1M72 Loven l\u00e0 l\u1ef1a ch\u1ecdn l\u00fd t\u01b0\u1edfng cho:<\/p>\n<ul data-start=\"4625\" data-end=\"4743\">\n<li data-start=\"4625\" data-end=\"4666\">Kh\u00e1ch h\u00e0ng c\u1ea7n s\u1ea3n ph\u1ea9m b\u1ec1n \u2013 d\u1ec5 d\u00f9ng<\/li>\n<li data-start=\"4667\" data-end=\"4700\">C\u00f4ng tr\u00ecnh c\u1ea7n t\u1ed1i \u01b0u chi ph\u00ed<\/li>\n<li data-start=\"4701\" data-end=\"4743\">Gia \u0111\u00ecnh mu\u1ed1n n\u00e2ng c\u1ea5p tr\u1ea3i nghi\u1ec7m t\u1eafm<\/li>\n<\/ul>\n<p data-start=\"4745\" data-end=\"4761\">V\u1edbi c\u00e1c \u01b0u \u0111i\u1ec3m:<\/p>\n<ul data-start=\"4763\" data-end=\"4849\">\n<li data-start=\"4763\" data-end=\"4784\">Thi\u1ebft k\u1ebf g\u1ecdn g\u00e0ng<\/li>\n<li data-start=\"4785\" data-end=\"4815\">B\u00e1t sen l\u1edbn, t\u1eafm tho\u1ea3i m\u00e1i<\/li>\n<li data-start=\"4816\" data-end=\"4834\">Ti\u1ebft ki\u1ec7m n\u01b0\u1edbc<\/li>\n<li data-start=\"4835\" data-end=\"4849\">D\u1ec5 l\u1eafp \u0111\u1eb7t<\/li>\n<\/ul>\n<p data-start=\"4851\" data-end=\"4914\">\ud83d\udc49 \u0110\u00e2y l\u00e0 m\u1eabu <strong data-start=\"4865\" data-end=\"4913\">\u201cqu\u1ed1c d\u00e2n\u201d trong ph\u00e2n kh\u00fac sen c\u00e2y n\u00f3ng l\u1ea1nh<\/strong>.<\/p>\n<p data-start=\"4866\" data-end=\"4979\"><strong data-start=\"4866\" data-end=\"4917\">Ehrlich Vi\u1ec7t Nam \u2013 Thi\u1ebft B\u1ecb Nh\u00e0 B\u1ebfp &amp; Ph\u00f2ng T\u1eafm<\/strong><br data-start=\"4917\" data-end=\"4920\" \/>\ud83d\udccd \u0110\u1ecba ch\u1ec9: S\u1ed1 6 Li\u1ec1n K\u1ec1 22, K\u0110T V\u0103n Kh\u00ea, H\u00e0 \u0110\u00f4ng, H\u00e0 N\u1ed9i<\/p>\n<p data-start=\"4981\" data-end=\"5105\">\ud83c\udf10 Website: <a class=\"decorated-link\" href=\"https:\/\/ehrlichvietnam.vn\/\" target=\"_new\" rel=\"noopener\" data-start=\"4993\" data-end=\"5019\">https:\/\/ehrlichvietnam.vn\/<\/a><br data-start=\"5019\" data-end=\"5022\" \/>\ud83d\udcde Hotline: <strong data-start=\"5034\" data-end=\"5051\">0932 27 05 20<\/strong><br data-start=\"5051\" data-end=\"5054\" \/>\ud83d\udcac Zalo OA: <a class=\"decorated-link\" href=\"https:\/\/zalo.me\/s\/2888141157129558325\" target=\"_new\" rel=\"noopener\" data-start=\"5066\" data-end=\"5103\">https:\/\/zalo.me\/s\/2888141157129558325<\/a><\/p>\n<p data-start=\"5107\" data-end=\"5218\">\ud83c\udfa5 TikTok: <a class=\"decorated-link\" href=\"https:\/\/www.tiktok.com\/@ehrlich.chia.s?_r=1\" target=\"_new\" rel=\"noopener\" data-start=\"5118\" data-end=\"5162\">https:\/\/www.tiktok.com\/@ehrlichthietbivesinh<\/a><br data-start=\"5162\" data-end=\"5165\" \/>\u25b6\ufe0f YouTube: <a class=\"decorated-link\" href=\"https:\/\/www.youtube.com\/@EhrlichVietNam\" target=\"_new\" rel=\"noopener\" data-start=\"5177\" data-end=\"5216\">https:\/\/www.youtube.com\/@EhrlichVietNam<\/a><\/p>\n<p data-start=\"5220\" data-end=\"5265\">\ud83d\ude9a Giao h\u00e0ng to\u00e0n qu\u1ed1c \u2013 t\u01b0 v\u1ea5n nhanh ch\u00f3ng<\/p>\n<p data-start=\"5267\" data-end=\"5313\">\ud83d\udc49 <strong data-start=\"5270\" data-end=\"5313\">Inbox ngay \u0111\u1ec3 nh\u1eadn \u01b0u \u0111\u00e3i th\u00eam h\u00f4m nay!<\/strong><\/p>\n","protected":false},"excerpt":{"rendered":"<p>Sen c\u00e2y n\u00f3ng l\u1ea1nh American Standard WF-1M72 Loven \u2013 Gi\u1ea3i ph\u00e1p t\u1eafm ti\u1ec7n nghi, b\u1ec1n b\u1ec9 cho m\u1ecdi gia \u0111\u00ecnh Trong ph\u00e2n kh\u00fac sen c\u00e2y t\u1ea7m trung, d\u00f2ng Loven c\u1ee7a American Standard lu\u00f4n \u0111\u01b0\u1ee3c \u01b0a chu\u1ed9ng nh\u1edd thi\u1ebft k\u1ebf d\u1ec5 d\u00f9ng, \u0111\u1ed9 b\u1ec1n cao v\u00e0 kh\u1ea3 n\u0103ng t\u1ed1i \u01b0u tr\u1ea3i nghi\u1ec7m t\u1eafm h\u00e0ng ng\u00e0y. N\u1ed5i [&hellip;]<\/p>\n","protected":false},"featured_media":4729,"comment_status":"open","ping_status":"closed","template":"","meta":{"_acf_changed":false},"product_brand":[143],"product_cat":[23,15,137,153],"product_tag":[],"class_list":{"0":"post-4728","1":"product","2":"type-product","3":"status-publish","4":"has-post-thumbnail","6":"product_brand-american-standard","7":"product_cat-thiet-bi-phong-ve-sinh","8":"product_cat-san-pham","9":"product_cat-thuong-hieu-american-standard","10":"product_cat-sen-tam-american-standard","12":"first","13":"outofstock","14":"shipping-taxable","15":"product-type-simple"},"acf":[],"_links":{"self":[{"href":"https:\/\/ehrlichvietnam.vn\/en\/wp-json\/wp\/v2\/product\/4728","targetHints":{"allow":["GET"]}}],"collection":[{"href":"https:\/\/ehrlichvietnam.vn\/en\/wp-json\/wp\/v2\/product"}],"about":[{"href":"https:\/\/ehrlichvietnam.vn\/en\/wp-json\/wp\/v2\/types\/product"}],"replies":[{"embeddable":true,"href":"https:\/\/ehrlichvietnam.vn\/en\/wp-json\/wp\/v2\/comments?post=4728"}],"wp:featuredmedia":[{"embeddable":true,"href":"https:\/\/ehrlichvietnam.vn\/en\/wp-json\/wp\/v2\/media\/4729"}],"wp:attachment":[{"href":"https:\/\/ehrlichvietnam.vn\/en\/wp-json\/wp\/v2\/media?parent=4728"}],"wp:term":[{"taxonomy":"product_brand","embeddable":true,"href":"https:\/\/ehrlichvietnam.vn\/en\/wp-json\/wp\/v2\/product_brand?post=4728"},{"taxonomy":"product_cat","embeddable":true,"href":"https:\/\/ehrlichvietnam.vn\/en\/wp-json\/wp\/v2\/product_cat?post=4728"},{"taxonomy":"product_tag","embeddable":true,"href":"https:\/\/ehrlichvietnam.vn\/en\/wp-json\/wp\/v2\/product_tag?post=4728"}],"curies":[{"name":"wp","href":"https:\/\/api.w.org\/{rel}","templated":true}]}}