{"id":4701,"date":"2026-04-13T09:48:56","date_gmt":"2026-04-13T09:48:56","guid":{"rendered":"https:\/\/ehrlichvietnam.vn\/?post_type=product&#038;p=4701"},"modified":"2026-04-15T07:34:14","modified_gmt":"2026-04-15T07:34:14","slug":"bon-cau-2-khoi-ac-832vn","status":"publish","type":"product","link":"https:\/\/ehrlichvietnam.vn\/bon-cau-2-khoi-ac-832vn\/","title":{"rendered":"B\u00e0n c\u1ea7u 2 kh\u1ed1i Inax  AC-832VN"},"content":{"rendered":"<h2 data-start=\"0\" data-end=\"89\">B\u1ed3n c\u1ea7u 2 kh\u1ed1i INAX AC-832VN \u2013 Gi\u1ea3i ph\u00e1p t\u1ed1i \u01b0u cho ph\u00f2ng t\u1eafm hi\u1ec7n \u0111\u1ea1i, ti\u1ebft ki\u1ec7m n\u01b0\u1edbc<\/h2>\n<p data-start=\"91\" data-end=\"520\">Trong xu h\u01b0\u1edbng thi\u1ebft k\u1ebf ph\u00f2ng t\u1eafm hi\u1ec7n nay, ng\u01b0\u1eddi d\u00f9ng kh\u00f4ng ch\u1ec9 quan t\u00e2m \u0111\u1ebfn c\u00f4ng n\u0103ng m\u00e0 c\u00f2n ch\u00fa tr\u1ecdng \u0111\u1ebfn t\u00ednh th\u1ea9m m\u1ef9, \u0111\u1ed9 b\u1ec1n v\u00e0 kh\u1ea3 n\u0103ng ti\u1ebft ki\u1ec7m t\u00e0i nguy\u00ean. B\u1ed3n c\u1ea7u 2 kh\u1ed1i <strong data-start=\"270\" data-end=\"282\">AC-832VN <\/strong>c\u1ee7a <span class=\"hover:entity-accent entity-underline inline cursor-pointer align-baseline\"><span class=\"whitespace-normal\">INAX<\/span><\/span> l\u00e0 m\u1ed9t trong nh\u1eefng l\u1ef1a ch\u1ecdn ti\u00eau bi\u1ec3u, \u0111\u00e1p \u1ee9ng \u0111\u1ea7y \u0111\u1ee7 c\u00e1c ti\u00eau ch\u00ed n\u00e0y v\u1edbi thi\u1ebft k\u1ebf tinh t\u1ebf, c\u00f4ng ngh\u1ec7 x\u1ea3 hi\u1ec7n \u0111\u1ea1i v\u00e0 m\u1ee9c gi\u00e1 h\u1ee3p l\u00fd cho nh\u00e0 ph\u1ed1, chung c\u01b0, kh\u00e1ch s\u1ea1n mini hay c\u00f4ng tr\u00ecnh cho thu\u00ea.<\/p>\n<h1 data-start=\"527\" data-end=\"572\">1. T\u1ed5ng quan thi\u1ebft k\u1ebf b\u1ed3n c\u1ea7u INAX AC-832VN<\/h1>\n<p data-start=\"574\" data-end=\"627\">B\u1ed3n c\u1ea7u 2 kh\u1ed1i AC-832VN s\u1edf h\u1eefu k\u00edch th\u01b0\u1edbc ti\u00eau chu\u1ea9n:<\/p>\n<ul data-start=\"629\" data-end=\"714\">\n<li data-start=\"629\" data-end=\"656\"><strong data-start=\"631\" data-end=\"647\">D\u00e0i (Depth):<\/strong>\u00a0746 mm<\/li>\n<li data-start=\"657\" data-end=\"685\"><strong data-start=\"659\" data-end=\"676\">R\u1ed9ng (Width):<\/strong>\u00a0376 mm<\/li>\n<li data-start=\"686\" data-end=\"714\"><strong data-start=\"688\" data-end=\"705\">Cao (Height):<\/strong>\u00a0792 mm<\/li>\n<\/ul>\n<p data-start=\"716\" data-end=\"821\">\u27a1\ufe0f \u0110\u00e2y l\u00e0 k\u00edch th\u01b0\u1edbc \u0111\u01b0\u1ee3c \u0111\u00e1nh gi\u00e1 <strong data-start=\"751\" data-end=\"769\">r\u1ea5t \u201cv\u1eeba form\u201d<\/strong> cho c\u00e1c kh\u00f4ng gian ph\u00f2ng t\u1eafm ph\u1ed5 bi\u1ebfn t\u1ea1i Vi\u1ec7t Nam.<\/p>\n<h3 data-start=\"823\" data-end=\"855\">\u0110i\u1ec3m n\u1ed5i b\u1eadt trong thi\u1ebft k\u1ebf:<\/h3>\n<ul data-start=\"856\" data-end=\"1067\">\n<li data-start=\"856\" data-end=\"929\"><strong data-start=\"858\" data-end=\"891\">Ki\u1ec3u d\u00e1ng 2 kh\u1ed1i truy\u1ec1n th\u1ed1ng<\/strong> \u2192 d\u1ec5 l\u1eafp \u0111\u1eb7t, d\u1ec5 thay th\u1ebf linh ki\u1ec7n<\/li>\n<li data-start=\"930\" data-end=\"999\"><strong data-start=\"932\" data-end=\"967\">Form d\u00e1ng g\u1ecdn g\u00e0ng, thanh tho\u00e1t<\/strong> \u2192 kh\u00f4ng chi\u1ebfm nhi\u1ec1u di\u1ec7n t\u00edch<\/li>\n<li data-start=\"1000\" data-end=\"1067\"><strong data-start=\"1002\" data-end=\"1025\">T\u00f4ng m\u00e0u tr\u1eafng s\u00e1ng<\/strong> \u2192 gi\u00fap kh\u00f4ng gian s\u1ea1ch s\u1ebd, r\u1ed9ng r\u00e3i h\u01a1n<\/li>\n<\/ul>\n<p data-start=\"1069\" data-end=\"1089\">\ud83d\udc49 \u0110\u1eb7c bi\u1ec7t ph\u00f9 h\u1ee3p:<\/p>\n<ul data-start=\"1090\" data-end=\"1182\">\n<li data-start=\"1090\" data-end=\"1122\">Nh\u00e0 ph\u1ed1 di\u1ec7n t\u00edch v\u1eeba v\u00e0 nh\u1ecf<\/li>\n<li data-start=\"1123\" data-end=\"1135\">Chung c\u01b0<\/li>\n<li data-start=\"1136\" data-end=\"1163\">Ph\u00f2ng tr\u1ecd cao c\u1ea5p, CCMN<\/li>\n<li data-start=\"1164\" data-end=\"1182\">Kh\u00e1ch s\u1ea1n mini<\/li>\n<\/ul>\n<hr data-start=\"1184\" data-end=\"1187\" \/>\n<h1 data-start=\"1189\" data-end=\"1241\">2. Thi\u1ebft k\u1ebf t\u1ed1i gi\u1ea3n \u2013 Xu h\u01b0\u1edbng ph\u00f2ng t\u1eafm hi\u1ec7n \u0111\u1ea1i<\/h1>\n<p data-start=\"1243\" data-end=\"1341\">M\u1ed9t trong nh\u1eefng \u0111i\u1ec3m khi\u1ebfn AC-832VN ghi \u0111i\u1ec3m ch\u00ednh l\u00e0 <strong data-start=\"1297\" data-end=\"1340\">thi\u1ebft k\u1ebf tinh gi\u1ea3n nh\u01b0ng v\u1eabn sang tr\u1ecdng<\/strong>.<\/p>\n<h3 data-start=\"1343\" data-end=\"1387\">\u2714\ufe0f N\u1eafp ng\u1ed3i m\u1ecfng \u2013 tinh t\u1ebf t\u1eebng chi ti\u1ebft<\/h3>\n<ul data-start=\"1388\" data-end=\"1517\">\n<li data-start=\"1388\" data-end=\"1424\">T\u1ea1o c\u1ea3m gi\u00e1c nh\u1eb9 nh\u00e0ng, hi\u1ec7n \u0111\u1ea1i<\/li>\n<li data-start=\"1425\" data-end=\"1474\">Kh\u00f4ng b\u1ecb th\u00f4 nh\u01b0 c\u00e1c m\u1eabu b\u1ed3n c\u1ea7u truy\u1ec1n th\u1ed1ng<\/li>\n<li data-start=\"1475\" data-end=\"1517\">Ph\u00f9 h\u1ee3p xu h\u01b0\u1edbng \u201cminimalist bathroom\u201d<\/li>\n<\/ul>\n<h3 data-start=\"1519\" data-end=\"1560\">\u2714\ufe0f N\u1eafp \u0111\u00f3ng \u00eam \u2013 n\u00e2ng c\u1ea5p tr\u1ea3i nghi\u1ec7m<\/h3>\n<ul data-start=\"1561\" data-end=\"1685\">\n<li data-start=\"1561\" data-end=\"1604\">Lo\u1ea1i b\u1ecf ho\u00e0n to\u00e0n ti\u1ebfng \u201cc\u1ea1ch\u201d kh\u00f3 ch\u1ecbu<\/li>\n<li data-start=\"1605\" data-end=\"1633\">T\u0103ng \u0111\u1ed9 b\u1ec1n cho s\u1ea3n ph\u1ea9m<\/li>\n<li data-start=\"1634\" data-end=\"1685\">Ph\u00f9 h\u1ee3p gia \u0111\u00ecnh c\u00f3 tr\u1ebb nh\u1ecf ho\u1eb7c ng\u01b0\u1eddi l\u1edbn tu\u1ed5i<\/li>\n<\/ul>\n<h3 data-start=\"1687\" data-end=\"1715\">\u2714\ufe0f N\u1eafp k\u00e9t n\u01b0\u1edbc m\u1ecfng g\u1ecdn<\/h3>\n<ul data-start=\"1716\" data-end=\"1831\">\n<li data-start=\"1716\" data-end=\"1747\">T\u1ed1i \u01b0u kh\u00f4ng gian ph\u00eda tr\u00ean<\/li>\n<li data-start=\"1748\" data-end=\"1800\">C\u00f3 th\u1ec3 t\u1eadn d\u1ee5ng \u0111\u1eb7t \u0111\u1ed3 (l\u1ecd n\u01b0\u1edbc, c\u00e2y nh\u1ecf, decor)<\/li>\n<li data-start=\"1801\" data-end=\"1831\">T\u0103ng t\u00ednh th\u1ea9m m\u1ef9 t\u1ed5ng th\u1ec3<\/li>\n<\/ul>\n<p data-start=\"1833\" data-end=\"1864\">\ud83d\udc49 T\u1ed5ng th\u1ec3 thi\u1ebft k\u1ebf h\u01b0\u1edbng t\u1edbi:<\/p>\n<blockquote data-start=\"1865\" data-end=\"1917\">\n<p data-start=\"1867\" data-end=\"1917\"><strong data-start=\"1867\" data-end=\"1917\">\u0110\u01a1n gi\u1ea3n \u2013 g\u1ecdn g\u00e0ng \u2013 d\u1ec5 ph\u1ed1i \u2013 kh\u00f4ng l\u1ed7i th\u1eddi<\/strong><\/p>\n<\/blockquote>\n<hr data-start=\"1919\" data-end=\"1922\" \/>\n<h1 data-start=\"1924\" data-end=\"1975\">3. C\u00f4ng ngh\u1ec7 x\u1ea3 Siphon \u2013 X\u1ea3 m\u1ea1nh, s\u1ea1ch s\u00e2u, \u00eam \u00e1i<\/h1>\n<p data-start=\"1977\" data-end=\"2095\">AC-832VN \u0111\u01b0\u1ee3c trang b\u1ecb <strong data-start=\"2000\" data-end=\"2031\">h\u1ec7 th\u1ed1ng x\u1ea3 hi\u1ec7u \u1ee9ng siphon<\/strong> \u2013 m\u1ed9t trong nh\u1eefng c\u00f4ng ngh\u1ec7 ph\u1ed5 bi\u1ebfn v\u00e0 hi\u1ec7u qu\u1ea3 nh\u1ea5t hi\u1ec7n nay.<\/p>\n<h3 data-start=\"2097\" data-end=\"2121\">Nguy\u00ean l\u00fd ho\u1ea1t \u0111\u1ed9ng:<\/h3>\n<ul data-start=\"2122\" data-end=\"2225\">\n<li data-start=\"2122\" data-end=\"2162\">T\u1ea1o l\u1ef1c h\u00fat xo\u00e1y m\u1ea1nh trong l\u00f2ng b\u1ed3n<\/li>\n<li data-start=\"2163\" data-end=\"2198\">Cu\u1ed1n tr\u00f4i ch\u1ea5t th\u1ea3i nhanh ch\u00f3ng<\/li>\n<li data-start=\"2199\" data-end=\"2225\">H\u1ea1n ch\u1ebf b\u00e1m b\u1ea9n v\u00e0 m\u00f9i<\/li>\n<\/ul>\n<h3 data-start=\"2227\" data-end=\"2247\">\u01afu \u0111i\u1ec3m n\u1ed5i b\u1eadt:<\/h3>\n<ul data-start=\"2248\" data-end=\"2377\">\n<li data-start=\"2248\" data-end=\"2279\"><strong data-start=\"2250\" data-end=\"2277\">X\u1ea3 s\u1ea1ch ch\u1ec9 trong 1 l\u1ea7n<\/strong><\/li>\n<li data-start=\"2280\" data-end=\"2313\"><strong data-start=\"2282\" data-end=\"2311\">Gi\u1ea3m ti\u1ebfng \u1ed3n khi x\u1ea3 n\u01b0\u1edbc<\/strong><\/li>\n<li data-start=\"2314\" data-end=\"2345\"><strong data-start=\"2316\" data-end=\"2343\">Kh\u00f4ng b\u1eafn n\u01b0\u1edbc ra ngo\u00e0i<\/strong><\/li>\n<li data-start=\"2346\" data-end=\"2377\"><strong data-start=\"2348\" data-end=\"2375\">Gi\u1eef b\u1ec1 m\u1eb7t lu\u00f4n s\u1ea1ch s\u1ebd<\/strong><\/li>\n<\/ul>\n<p data-start=\"2379\" data-end=\"2398\">\ud83d\udc49 So v\u1edbi x\u1ea3 th\u1eb3ng:<\/p>\n<ul data-start=\"2399\" data-end=\"2443\">\n<li data-start=\"2399\" data-end=\"2443\">Siphon <strong data-start=\"2408\" data-end=\"2443\">\u00eam h\u01a1n \u2013 s\u1ea1ch h\u01a1n \u2013 cao c\u1ea5p h\u01a1n<\/strong><\/li>\n<\/ul>\n<hr data-start=\"2445\" data-end=\"2448\" \/>\n<h1 data-start=\"2450\" data-end=\"2494\">4. H\u1ec7 th\u1ed1ng x\u1ea3 k\u00e9p \u2013 Ti\u1ebft ki\u1ec7m n\u01b0\u1edbc t\u1ed1i \u01b0u<\/h1>\n<p data-start=\"2496\" data-end=\"2590\">Trong b\u1ed1i c\u1ea3nh chi ph\u00ed sinh ho\u1ea1t ng\u00e0y c\u00e0ng t\u0103ng, vi\u1ec7c ti\u1ebft ki\u1ec7m n\u01b0\u1edbc l\u00e0 y\u1ebfu t\u1ed1 r\u1ea5t quan tr\u1ecdng.<\/p>\n<p data-start=\"2592\" data-end=\"2642\">AC-832VN \u0111\u01b0\u1ee3c t\u00edch h\u1ee3p <strong data-start=\"2615\" data-end=\"2641\">2 ch\u1ebf \u0111\u1ed9 x\u1ea3 th\u00f4ng minh<\/strong>:<\/p>\n<ul data-start=\"2644\" data-end=\"2686\">\n<li data-start=\"2644\" data-end=\"2664\"><strong data-start=\"2646\" data-end=\"2657\">X\u1ea3 \u0111\u1ea1i:<\/strong> 4.5L<\/li>\n<li data-start=\"2665\" data-end=\"2686\"><strong data-start=\"2667\" data-end=\"2679\">X\u1ea3 ti\u1ec3u:<\/strong> 3.0L<\/li>\n<\/ul>\n<h3 data-start=\"2688\" data-end=\"2708\">L\u1ee3i \u00edch th\u1ef1c t\u1ebf:<\/h3>\n<ul data-start=\"2709\" data-end=\"2812\">\n<li data-start=\"2709\" data-end=\"2748\">Gi\u1ea3m l\u01b0\u1ee3ng n\u01b0\u1edbc ti\u00eau th\u1ee5 h\u00e0ng th\u00e1ng<\/li>\n<li data-start=\"2749\" data-end=\"2786\">Ph\u00f9 h\u1ee3p nhu c\u1ea7u s\u1eed d\u1ee5ng linh ho\u1ea1t<\/li>\n<li data-start=\"2787\" data-end=\"2812\">Th\u00e2n thi\u1ec7n m\u00f4i tr\u01b0\u1eddng<\/li>\n<\/ul>\n<p data-start=\"2814\" data-end=\"2834\">\ud83d\udc49 \u0110\u1eb7c bi\u1ec7t ph\u00f9 h\u1ee3p:<\/p>\n<ul data-start=\"2835\" data-end=\"2940\">\n<li data-start=\"2835\" data-end=\"2868\">Gia \u0111\u00ecnh s\u1eed d\u1ee5ng th\u01b0\u1eddng xuy\u00ean<\/li>\n<li data-start=\"2869\" data-end=\"2916\">C\u00f4ng tr\u00ecnh cho thu\u00ea (gi\u1ea3m chi ph\u00ed v\u1eadn h\u00e0nh)<\/li>\n<li data-start=\"2917\" data-end=\"2940\">Kh\u00e1ch s\u1ea1n, homestay<\/li>\n<\/ul>\n<hr data-start=\"2942\" data-end=\"2945\" \/>\n<h1 data-start=\"2947\" data-end=\"2996\">5. Ch\u1ea5t li\u1ec7u s\u1ee9 cao c\u1ea5p \u2013 B\u1ec1n b\u1ec9 theo th\u1eddi gian<\/h1>\n<p data-start=\"2998\" data-end=\"3070\">B\u1ed3n c\u1ea7u \u0111\u01b0\u1ee3c s\u1ea3n xu\u1ea5t t\u1eeb <strong data-start=\"3023\" data-end=\"3045\">s\u1ee9 v\u1ec7 sinh cao c\u1ea5p<\/strong>, mang l\u1ea1i nhi\u1ec1u \u01b0u \u0111i\u1ec3m:<\/p>\n<h3 data-start=\"3072\" data-end=\"3094\">\u2714\ufe0f B\u1ec1 m\u1eb7t nh\u1eb5n m\u1ecbn<\/h3>\n<ul data-start=\"3095\" data-end=\"3129\">\n<li data-start=\"3095\" data-end=\"3114\">H\u1ea1n ch\u1ebf b\u00e1m b\u1ea9n<\/li>\n<li data-start=\"3115\" data-end=\"3129\">D\u1ec5 v\u1ec7 sinh<\/li>\n<\/ul>\n<h3 data-start=\"3131\" data-end=\"3150\">\u2714\ufe0f Ch\u1ed1ng \u1ed1 v\u00e0ng<\/h3>\n<ul data-start=\"3151\" data-end=\"3218\">\n<li data-start=\"3151\" data-end=\"3176\">Gi\u1eef m\u00e0u tr\u1eafng l\u00e2u d\u00e0i<\/li>\n<li data-start=\"3177\" data-end=\"3218\">Kh\u00f4ng xu\u1ed1ng c\u1ea5p sau th\u1eddi gian s\u1eed d\u1ee5ng<\/li>\n<\/ul>\n<h3 data-start=\"3220\" data-end=\"3237\">\u2714\ufe0f \u0110\u1ed9 b\u1ec1n cao<\/h3>\n<ul data-start=\"3238\" data-end=\"3293\">\n<li data-start=\"3238\" data-end=\"3254\">Ch\u1ecbu l\u1ef1c t\u1ed1t<\/li>\n<li data-start=\"3255\" data-end=\"3293\">Kh\u00f4ng n\u1ee9t v\u1ee1 khi s\u1eed d\u1ee5ng \u0111\u00fang c\u00e1ch<\/li>\n<\/ul>\n<p data-start=\"3295\" data-end=\"3361\">\ud83d\udc49 \u0110\u00e2y l\u00e0 y\u1ebfu t\u1ed1 quan tr\u1ecdng gi\u00fap s\u1ea3n ph\u1ea9m <strong data-start=\"3337\" data-end=\"3360\">gi\u1eef gi\u00e1 tr\u1ecb l\u00e2u d\u00e0i<\/strong>.<\/p>\n<hr data-start=\"3363\" data-end=\"3366\" \/>\n<h1 data-start=\"3368\" data-end=\"3407\">6. D\u1ec5 l\u1eafp \u0111\u1eb7t \u2013 Ti\u1ec7n l\u1ee3i cho th\u1ea7u th\u1ee3<\/h1>\n<p data-start=\"3409\" data-end=\"3443\">M\u1ed9t \u0111i\u1ec3m c\u1ed9ng l\u1edbn c\u1ee7a AC-832VN l\u00e0:<\/p>\n<p data-start=\"3445\" data-end=\"3476\">\ud83d\udc49 <strong data-start=\"3448\" data-end=\"3476\">\u0110\u00e3 bao g\u1ed3m van ch\u1eb7n n\u01b0\u1edbc<\/strong><\/p>\n<h3 data-start=\"3478\" data-end=\"3490\">L\u1ee3i \u00edch:<\/h3>\n<ul data-start=\"3491\" data-end=\"3588\">\n<li data-start=\"3491\" data-end=\"3522\">R\u00fat ng\u1eafn th\u1eddi gian thi c\u00f4ng<\/li>\n<li data-start=\"3523\" data-end=\"3554\">Kh\u00f4ng c\u1ea7n mua th\u00eam ph\u1ee5 ki\u1ec7n<\/li>\n<li data-start=\"3555\" data-end=\"3588\">H\u1ea1n ch\u1ebf sai s\u00f3t trong l\u1eafp \u0111\u1eb7t<\/li>\n<\/ul>\n<p data-start=\"3590\" data-end=\"3606\">\ud83d\udc49 V\u1edbi th\u1ea7u th\u1ee3:<\/p>\n<ul data-start=\"3607\" data-end=\"3696\">\n<li data-start=\"3607\" data-end=\"3655\">Thi c\u00f4ng nhanh \u2192 ti\u1ebft ki\u1ec7m chi ph\u00ed nh\u00e2n c\u00f4ng<\/li>\n<li data-start=\"3656\" data-end=\"3696\">D\u1ec5 b\u1ea3o tr\u00ec \u2192 t\u0103ng uy t\u00edn v\u1edbi ch\u1ee7 nh\u00e0<\/li>\n<\/ul>\n<h2>H\u01b0\u1edbng d\u1eabn l\u1eafp \u0111\u1eb7t b\u1ed3n c\u1ea7u 2 kh\u1ed1i AC-832VN<\/h2>\n<hr data-start=\"3698\" data-end=\"3701\" \/>\n<h1 data-start=\"3703\" data-end=\"3734\">7. Ph\u00f9 h\u1ee3p \u0111a d\u1ea1ng c\u00f4ng tr\u00ecnh<\/h1>\n<p data-start=\"3736\" data-end=\"3816\">AC-832VN kh\u00f4ng ph\u1ea3i l\u00e0 d\u00f2ng qu\u00e1 cao c\u1ea5p nh\u01b0ng l\u1ea1i c\u00f3 <strong data-start=\"3789\" data-end=\"3815\">t\u00ednh \u1ee9ng d\u1ee5ng c\u1ef1c r\u1ed9ng<\/strong>.<\/p>\n<h3 data-start=\"3818\" data-end=\"3839\">\u1ee8ng d\u1ee5ng th\u1ef1c t\u1ebf:<\/h3>\n<ul data-start=\"3840\" data-end=\"3944\">\n<li data-start=\"3840\" data-end=\"3851\">Nh\u00e0 ph\u1ed1<\/li>\n<li data-start=\"3852\" data-end=\"3864\">Chung c\u01b0<\/li>\n<li data-start=\"3865\" data-end=\"3891\">Nh\u00e0 tr\u1ecd cao c\u1ea5p (CCMN)<\/li>\n<li data-start=\"3892\" data-end=\"3913\">Kh\u00e1ch s\u1ea1n 2\u20133 sao<\/li>\n<li data-start=\"3914\" data-end=\"3944\">C\u00f4ng tr\u00ecnh \u0111\u1ea7u t\u01b0 cho thu\u00ea<\/li>\n<\/ul>\n<p data-start=\"3946\" data-end=\"3955\">\ud83d\udc49 L\u00fd do:<\/p>\n<ul data-start=\"3956\" data-end=\"4025\">\n<li data-start=\"3956\" data-end=\"3970\">Gi\u00e1 h\u1ee3p l\u00fd<\/li>\n<li data-start=\"3971\" data-end=\"3991\">Thi\u1ebft k\u1ebf d\u1ec5 d\u00f9ng<\/li>\n<li data-start=\"3992\" data-end=\"4006\">\u0110\u1ed9 b\u1ec1n cao<\/li>\n<li data-start=\"4007\" data-end=\"4025\">Ti\u1ebft ki\u1ec7m n\u01b0\u1edbc<\/li>\n<\/ul>\n<hr data-start=\"4027\" data-end=\"4030\" \/>\n<h1 data-start=\"4032\" data-end=\"4068\">8. G\u1ee3i \u00fd ph\u1ed1i b\u1ed9 \u0111\u1ed3ng b\u1ed9 ph\u00f2ng t\u1eafm<\/h1>\n<p data-start=\"4070\" data-end=\"4167\">\u0110\u1ec3 t\u1ea1o kh\u00f4ng gian ph\u00f2ng t\u1eafm h\u00e0i h\u00f2a, c\u00f3 th\u1ec3 k\u1ebft h\u1ee3p AC-832VN v\u1edbi c\u00e1c m\u1eabu lavabo<\/p>\n<ul data-start=\"4169\" data-end=\"4243\">\n<li data-start=\"4169\" data-end=\"4195\">Lavabo \u0111\u1eb7t b\u00e0n<\/li>\n<li data-start=\"4196\" data-end=\"4214\">Lavabo<\/li>\n<li data-start=\"4215\" data-end=\"4243\">Lavabo treo t\u01b0\u1eddng<\/li>\n<\/ul>\n<h3 data-start=\"4245\" data-end=\"4274\">L\u1ee3i \u00edch khi ph\u1ed1i \u0111\u1ed3ng b\u1ed9:<\/h3>\n<ul data-start=\"4275\" data-end=\"4348\">\n<li data-start=\"4275\" data-end=\"4300\">Th\u1ed1ng nh\u1ea5t phong c\u00e1ch<\/li>\n<li data-start=\"4301\" data-end=\"4322\">T\u0103ng t\u00ednh th\u1ea9m m\u1ef9<\/li>\n<li data-start=\"4323\" data-end=\"4348\">D\u1ec5 thi c\u00f4ng &amp; b\u1ea3o tr\u00ec<\/li>\n<\/ul>\n<hr data-start=\"4350\" data-end=\"4353\" \/>\n<h1 data-start=\"4355\" data-end=\"4402\">9. So s\u00e1nh nhanh: C\u00f3 n\u00ean ch\u1ecdn AC-832VN kh\u00f4ng?<\/h1>\n<div class=\"TyagGW_tableContainer\">\n<div class=\"group TyagGW_tableWrapper flex flex-col-reverse w-fit\" tabindex=\"-1\">\n<table class=\"w-fit min-w-(--thread-content-width)\" data-start=\"4404\" data-end=\"4616\">\n<thead data-start=\"4404\" data-end=\"4427\">\n<tr data-start=\"4404\" data-end=\"4427\">\n<th class=\"\" data-start=\"4404\" data-end=\"4415\" data-col-size=\"sm\">Ti\u00eau ch\u00ed<\/th>\n<th class=\"\" data-start=\"4415\" data-end=\"4427\" data-col-size=\"sm\">\u0110\u00e1nh gi\u00e1<\/th>\n<\/tr>\n<\/thead>\n<tbody data-start=\"4448\" data-end=\"4616\">\n<tr data-start=\"4448\" data-end=\"4481\">\n<td data-start=\"4448\" data-end=\"4459\" data-col-size=\"sm\">Thi\u1ebft k\u1ebf<\/td>\n<td data-start=\"4459\" data-end=\"4481\" data-col-size=\"sm\">G\u1ecdn g\u00e0ng, hi\u1ec7n \u0111\u1ea1i<\/td>\n<\/tr>\n<tr data-start=\"4482\" data-end=\"4516\">\n<td data-start=\"4482\" data-end=\"4497\" data-col-size=\"sm\">C\u00f4ng ngh\u1ec7 x\u1ea3<\/td>\n<td data-start=\"4497\" data-end=\"4516\" data-col-size=\"sm\">Siphon m\u1ea1nh, \u00eam<\/td>\n<\/tr>\n<tr data-start=\"4517\" data-end=\"4555\">\n<td data-start=\"4517\" data-end=\"4534\" data-col-size=\"sm\">Ti\u1ebft ki\u1ec7m n\u01b0\u1edbc<\/td>\n<td data-start=\"4534\" data-end=\"4555\" data-col-size=\"sm\">T\u1ed1t (3.0L \/ 4.5L)<\/td>\n<\/tr>\n<tr data-start=\"4556\" data-end=\"4572\">\n<td data-start=\"4556\" data-end=\"4565\" data-col-size=\"sm\">\u0110\u1ed9 b\u1ec1n<\/td>\n<td data-start=\"4565\" data-end=\"4572\" data-col-size=\"sm\">Cao<\/td>\n<\/tr>\n<tr data-start=\"4573\" data-end=\"4616\">\n<td data-start=\"4573\" data-end=\"4591\" data-col-size=\"sm\">Gi\u00e1 tr\u1ecb s\u1eed d\u1ee5ng<\/td>\n<td data-start=\"4591\" data-end=\"4616\" data-col-size=\"sm\">R\u1ea5t t\u1ed1t trong t\u1ea7m gi\u00e1<\/td>\n<\/tr>\n<\/tbody>\n<\/table>\n<\/div>\n<\/div>\n<h3 data-start=\"4618\" data-end=\"4633\">\u2714\ufe0f \u01afu \u0111i\u1ec3m:<\/h3>\n<ul data-start=\"4634\" data-end=\"4712\">\n<li data-start=\"4634\" data-end=\"4659\">Thi\u1ebft k\u1ebf \u0111\u1eb9p, d\u1ec5 ph\u1ed1i<\/li>\n<li data-start=\"4660\" data-end=\"4678\">X\u1ea3 s\u1ea1ch, \u00edt \u1ed3n<\/li>\n<li data-start=\"4679\" data-end=\"4697\">Ti\u1ebft ki\u1ec7m n\u01b0\u1edbc<\/li>\n<li data-start=\"4698\" data-end=\"4712\">D\u1ec5 l\u1eafp \u0111\u1eb7t<\/li>\n<\/ul>\n<h3 data-start=\"4714\" data-end=\"4731\">\u274c Nh\u01b0\u1ee3c \u0111i\u1ec3m:<\/h3>\n<ul data-start=\"4732\" data-end=\"4825\">\n<li data-start=\"4732\" data-end=\"4791\">Kh\u00f4ng ph\u1ea3i d\u00f2ng li\u1ec1n kh\u1ed1i (v\u1eabn c\u00f3 khe gi\u1eefa k\u00e9t v\u00e0 th\u00e2n)<\/li>\n<li data-start=\"4792\" data-end=\"4825\">Kh\u00f4ng c\u00f3 t\u00ednh n\u0103ng th\u00f4ng minh<\/li>\n<\/ul>\n<hr data-start=\"4827\" data-end=\"4830\" \/>\n<h1 data-start=\"4832\" data-end=\"4885\">10. K\u1ebft lu\u1eadn: L\u1ef1a ch\u1ecdn \u201can to\u00e0n\u201d cho m\u1ecdi c\u00f4ng tr\u00ecnh<\/h1>\n<p data-start=\"4887\" data-end=\"4964\">B\u1ed3n c\u1ea7u 2 kh\u1ed1i INAX AC-832VN l\u00e0 l\u1ef1a ch\u1ecdn l\u00fd t\u01b0\u1edfng cho nh\u1eefng ai \u0111ang t\u00ecm ki\u1ebfm:<\/p>\n<ul data-start=\"4966\" data-end=\"5084\">\n<li data-start=\"4966\" data-end=\"5009\">M\u1ed9t s\u1ea3n ph\u1ea9m <strong data-start=\"4981\" data-end=\"5007\">b\u1ec1n \u2013 \u0111\u1eb9p \u2013 gi\u00e1 h\u1ee3p l\u00fd<\/strong><\/li>\n<li data-start=\"5010\" data-end=\"5046\">C\u00f4ng ngh\u1ec7 x\u1ea3 t\u1ed1t, ti\u1ebft ki\u1ec7m n\u01b0\u1edbc<\/li>\n<li data-start=\"5047\" data-end=\"5084\">Thi\u1ebft k\u1ebf ph\u00f9 h\u1ee3p nhi\u1ec1u kh\u00f4ng gian<\/li>\n<\/ul>\n<p data-start=\"5086\" data-end=\"5119\">\ud83d\udc49 \u0110\u00e2y l\u00e0 m\u1eabu b\u1ed3n c\u1ea7u \u201cqu\u1ed1c d\u00e2n\u201d:<\/p>\n<blockquote data-start=\"5120\" data-end=\"5160\">\n<p data-start=\"5122\" data-end=\"5160\"><strong data-start=\"5122\" data-end=\"5160\">D\u1ec5 b\u00e1n \u2013 d\u1ec5 l\u1eafp \u2013 d\u1ec5 d\u00f9ng \u2013 \u00edt l\u1ed7i<\/strong><\/p>\n<\/blockquote>\n<p data-start=\"4866\" data-end=\"4979\"><strong data-start=\"4866\" data-end=\"4917\">Ehrlich Vi\u1ec7t Nam \u2013 Thi\u1ebft B\u1ecb Nh\u00e0 B\u1ebfp &amp; Ph\u00f2ng T\u1eafm<\/strong><br data-start=\"4917\" data-end=\"4920\" \/>\ud83d\udccd \u0110\u1ecba ch\u1ec9: S\u1ed1 6 Li\u1ec1n K\u1ec1 22, K\u0110T V\u0103n Kh\u00ea, H\u00e0 \u0110\u00f4ng, H\u00e0 N\u1ed9i<\/p>\n<p data-start=\"4981\" data-end=\"5105\">\ud83c\udf10 Website: <a class=\"decorated-link\" href=\"https:\/\/ehrlichvietnam.vn\/\" target=\"_new\" rel=\"noopener\" data-start=\"4993\" data-end=\"5019\">https:\/\/ehrlichvietnam.vn\/<\/a><br data-start=\"5019\" data-end=\"5022\" \/>\ud83d\udcde Hotline: <strong data-start=\"5034\" data-end=\"5051\">0932 27 05 20<\/strong><br data-start=\"5051\" data-end=\"5054\" \/>\ud83d\udcac Zalo OA: <a class=\"decorated-link\" href=\"https:\/\/zalo.me\/s\/2888141157129558325\" target=\"_new\" rel=\"noopener\" data-start=\"5066\" data-end=\"5103\">https:\/\/zalo.me\/s\/2888141157129558325<\/a><\/p>\n<p data-start=\"5107\" data-end=\"5218\">\ud83c\udfa5 TikTok: <a class=\"decorated-link\" href=\"https:\/\/www.tiktok.com\/@ehrlich.chia.s?_r=1\" target=\"_new\" rel=\"noopener\" data-start=\"5118\" data-end=\"5162\">https:\/\/www.tiktok.com\/@ehrlichthietbivesinh<\/a><br data-start=\"5162\" data-end=\"5165\" \/>\u25b6\ufe0f YouTube: <a class=\"decorated-link\" href=\"https:\/\/www.youtube.com\/@EhrlichVietNam\" target=\"_new\" rel=\"noopener\" data-start=\"5177\" data-end=\"5216\">https:\/\/www.youtube.com\/@EhrlichVietNam<\/a><\/p>\n<p data-start=\"5220\" data-end=\"5265\">\ud83d\ude9a Giao h\u00e0ng to\u00e0n qu\u1ed1c \u2013 t\u01b0 v\u1ea5n nhanh ch\u00f3ng<\/p>\n<p data-start=\"5267\" data-end=\"5313\">\ud83d\udc49 <strong data-start=\"5270\" data-end=\"5313\">Inbox ngay \u0111\u1ec3 nh\u1eadn \u01b0u \u0111\u00e3i th\u00eam h\u00f4m nay!<\/strong><\/p>\n","protected":false},"excerpt":{"rendered":"<p data-start=\"0\" data-end=\"239\"><strong data-start=\"0\" data-end=\"11\">B\u1ed3n c\u1ea7u<\/strong> l\u00e0 thi\u1ebft b\u1ecb kh\u00f4ng th\u1ec3 thi\u1ebfu trong m\u1ed7i ph\u00f2ng t\u1eafm, \u1ea3nh h\u01b0\u1edfng tr\u1ef1c ti\u1ebfp \u0111\u1ebfn tr\u1ea3i nghi\u1ec7m s\u1eed d\u1ee5ng v\u00e0 c\u1ea3m gi\u00e1c s\u1ea1ch s\u1ebd h\u00e0ng ng\u00e0y. M\u1ed9t s\u1ea3n ph\u1ea9m ch\u1ea5t l\u01b0\u1ee3ng c\u1ea7n \u0111\u1ea3m b\u1ea3o <strong data-start=\"172\" data-end=\"236\" data-is-only-node=\"\">x\u1ea3 m\u1ea1nh, ti\u1ebft ki\u1ec7m n\u01b0\u1edbc, d\u1ec5 v\u1ec7 sinh v\u00e0 b\u1ec1n b\u1ec9 theo th\u1eddi gian<\/strong>.<\/p>\n<p data-start=\"241\" data-end=\"451\" data-is-last-node=\"\" data-is-only-node=\"\">T\u1ea1i <strong data-start=\"245\" data-end=\"256\">Ehrlich<\/strong>, c\u00e1c d\u00f2ng b\u1ed3n c\u1ea7u \u0111\u01b0\u1ee3c l\u1ef1a ch\u1ecdn k\u1ef9 l\u01b0\u1ee1ng theo ti\u00eau ch\u00ed <strong data-start=\"312\" data-end=\"368\">\u0111\u1ed3ng b\u1ed9 \u2013 t\u1ed1i \u01b0u c\u00f4ng n\u0103ng \u2013 ph\u00f9 h\u1ee3p t\u1eebng kh\u00f4ng gian<\/strong>, gi\u00fap kh\u00e1ch h\u00e0ng d\u1ec5 d\u00e0ng ho\u00e0n thi\u1ec7n ph\u00f2ng t\u1eafm g\u1ecdn g\u00e0ng, hi\u1ec7n \u0111\u1ea1i v\u00e0 ti\u1ec7n nghi h\u01a1n.<\/p>\n","protected":false},"featured_media":4702,"comment_status":"open","ping_status":"closed","template":"","meta":{"_acf_changed":false},"product_brand":[141],"product_cat":[23,144,15,136],"product_tag":[],"class_list":{"0":"post-4701","1":"product","2":"type-product","3":"status-publish","4":"has-post-thumbnail","6":"product_brand-inax","7":"product_cat-thiet-bi-phong-ve-sinh","8":"product_cat-bon-cau-inax","9":"product_cat-san-pham","10":"product_cat-thuong-hieu-inax","12":"first","13":"instock","14":"sale","15":"shipping-taxable","16":"purchasable","17":"product-type-simple"},"acf":[],"_links":{"self":[{"href":"https:\/\/ehrlichvietnam.vn\/en\/wp-json\/wp\/v2\/product\/4701","targetHints":{"allow":["GET"]}}],"collection":[{"href":"https:\/\/ehrlichvietnam.vn\/en\/wp-json\/wp\/v2\/product"}],"about":[{"href":"https:\/\/ehrlichvietnam.vn\/en\/wp-json\/wp\/v2\/types\/product"}],"replies":[{"embeddable":true,"href":"https:\/\/ehrlichvietnam.vn\/en\/wp-json\/wp\/v2\/comments?post=4701"}],"wp:featuredmedia":[{"embeddable":true,"href":"https:\/\/ehrlichvietnam.vn\/en\/wp-json\/wp\/v2\/media\/4702"}],"wp:attachment":[{"href":"https:\/\/ehrlichvietnam.vn\/en\/wp-json\/wp\/v2\/media?parent=4701"}],"wp:term":[{"taxonomy":"product_brand","embeddable":true,"href":"https:\/\/ehrlichvietnam.vn\/en\/wp-json\/wp\/v2\/product_brand?post=4701"},{"taxonomy":"product_cat","embeddable":true,"href":"https:\/\/ehrlichvietnam.vn\/en\/wp-json\/wp\/v2\/product_cat?post=4701"},{"taxonomy":"product_tag","embeddable":true,"href":"https:\/\/ehrlichvietnam.vn\/en\/wp-json\/wp\/v2\/product_tag?post=4701"}],"curies":[{"name":"wp","href":"https:\/\/api.w.org\/{rel}","templated":true}]}}