{"id":4686,"date":"2026-04-10T09:35:30","date_gmt":"2026-04-10T09:35:30","guid":{"rendered":"https:\/\/ehrlichvietnam.vn\/?post_type=product&#038;p=4686"},"modified":"2026-04-15T04:23:49","modified_gmt":"2026-04-15T04:23:49","slug":"bep-tu-cao-cap-bep-tu-gx-ih658se","status":"publish","type":"product","link":"https:\/\/ehrlichvietnam.vn\/bep-tu-cao-cap-bep-tu-gx-ih658se\/","title":{"rendered":"B\u1ebfp t\u1eeb cao c\u1ea5p GRANDX GX IH658SE"},"content":{"rendered":"<div class=\"flex max-w-full flex-col gap-4 grow\">\n<div class=\"min-h-8 text-message relative flex w-full flex-col items-end gap-2 text-start break-words whitespace-normal outline-none keyboard-focused:focus-ring [.text-message+&amp;]:mt-1\" dir=\"auto\" tabindex=\"0\" data-message-author-role=\"assistant\" data-message-id=\"c9d49429-a379-4851-8555-4af9fa245422\" data-message-model-slug=\"gpt-5-3\" data-turn-start-message=\"true\">\n<div class=\"flex w-full flex-col gap-1 empty:hidden\">\n<div class=\"markdown prose dark:prose-invert w-full wrap-break-word light markdown-new-styling\">\n<div class=\"flex flex-col text-sm pb-25\">\n<section class=\"text-token-text-primary w-full focus:outline-none [--shadow-height:45px] has-data-writing-block:pointer-events-none has-data-writing-block:-mt-(--shadow-height) has-data-writing-block:pt-(--shadow-height) [&amp;:has([data-writing-block])&gt;*]:pointer-events-auto scroll-mt-[calc(var(--header-height)+min(200px,max(70px,20svh)))]\" dir=\"auto\" data-turn-id=\"request-WEB:c6c39ca1-e590-47a0-bd6e-04e9219b2766-9\" data-testid=\"conversation-turn-20\" data-scroll-anchor=\"true\" data-turn=\"assistant\">\n<div class=\"text-base my-auto mx-auto pb-10 [--thread-content-margin:var(--thread-content-margin-xs,calc(var(--spacing)*4))] @w-sm\/main:[--thread-content-margin:var(--thread-content-margin-sm,calc(var(--spacing)*6))] @w-lg\/main:[--thread-content-margin:var(--thread-content-margin-lg,calc(var(--spacing)*16))] px-(--thread-content-margin)\">\n<div class=\"[--thread-content-max-width:40rem] @w-lg\/main:[--thread-content-max-width:48rem] mx-auto max-w-(--thread-content-max-width) flex-1 group\/turn-messages focus-visible:outline-hidden relative flex w-full min-w-0 flex-col agent-turn\">\n<div class=\"flex max-w-full flex-col gap-4 grow\">\n<div class=\"min-h-8 text-message relative flex w-full flex-col items-end gap-2 text-start break-words whitespace-normal outline-none keyboard-focused:focus-ring [.text-message+&amp;]:mt-1\" dir=\"auto\" tabindex=\"0\" data-message-author-role=\"assistant\" data-message-id=\"6add08e6-c6f8-4385-9e4d-139717580cee\" data-message-model-slug=\"gpt-5-3\" data-turn-start-message=\"true\">\n<div class=\"flex w-full flex-col gap-1 empty:hidden\">\n<div class=\"markdown prose dark:prose-invert w-full wrap-break-word light markdown-new-styling\">\n<h2 data-start=\"0\" data-end=\"80\"><img loading=\"lazy\" decoding=\"async\" class=\"\" src=\"https:\/\/kinghome.vn\/data\/images\/bep-tu-2-vung-nau-grandx-gx-ih658se_125.jpg\" width=\"822\" height=\"548\" \/><\/h2>\n<h2 data-start=\"0\" data-end=\"80\">B\u1ebfp t\u1eeb \u0111\u00f4i GrandX GX IH658SE \u2013 Hi\u1ec7n \u0111\u1ea1i, ti\u1ebft ki\u1ec7m v\u00e0 b\u1ec1n b\u1ec9 cho c\u0103n b\u1ebfp Vi\u1ec7t<\/h2>\n<p data-start=\"82\" data-end=\"452\">Trong xu h\u01b0\u1edbng n\u00e2ng c\u1ea5p kh\u00f4ng gian s\u1ed1ng, c\u0103n b\u1ebfp ng\u00e0y c\u00e0ng \u0111\u01b0\u1ee3c ch\u00fa tr\u1ecdng c\u1ea3 v\u1ec1 c\u00f4ng n\u0103ng l\u1eabn th\u1ea9m m\u1ef9. M\u1ed9t chi\u1ebfc b\u1ebfp t\u1eeb kh\u00f4ng ch\u1ec9 c\u1ea7n n\u1ea5u nhanh m\u00e0 c\u00f2n ph\u1ea3i ti\u1ebft ki\u1ec7m \u0111i\u1ec7n, an to\u00e0n v\u00e0 b\u1ec1n b\u1ec9 theo th\u1eddi gian. <strong data-start=\"288\" data-end=\"320\">B\u1ebfp t\u1eeb \u0111\u00f4i GrandX GX IH658SE<\/strong> ch\u00ednh l\u00e0 l\u1ef1a ch\u1ecdn l\u00fd t\u01b0\u1edfng khi h\u1ed9i t\u1ee5 \u0111\u1ea7y \u0111\u1ee7 nh\u1eefng ti\u00eau ch\u00ed \u0111\u00f3, mang \u0111\u1ebfn tr\u1ea3i nghi\u1ec7m n\u1ea5u n\u01b0\u1edbng ti\u1ec7n nghi cho m\u1ecdi gia \u0111\u00ecnh hi\u1ec7n \u0111\u1ea1i.<\/p>\n<hr data-start=\"454\" data-end=\"457\" \/>\n<h2 data-start=\"459\" data-end=\"499\">T\u1ed5ng quan v\u1ec1 b\u1ebfp t\u1eeb GrandX GX IH658SE<\/h2>\n<p data-start=\"501\" data-end=\"825\">GX IH658SE l\u00e0 m\u1eabu b\u1ebfp t\u1eeb \u0111\u00f4i th\u1ebf h\u1ec7 m\u1edbi thu\u1ed9c d\u00f2ng s\u1ea3n ph\u1ea9m c\u1ee7a GrandX, \u0111\u01b0\u1ee3c thi\u1ebft k\u1ebf d\u00e0nh ri\u00eang cho nh\u1eefng gia \u0111\u00ecnh \u0111\u1ec1 cao hi\u1ec7u su\u1ea5t, \u0111\u1ed9 b\u1ec1n v\u00e0 s\u1ef1 ti\u1ec7n nghi. S\u1ea3n ph\u1ea9m n\u1ed5i b\u1eadt v\u1edbi <strong data-start=\"680\" data-end=\"724\">c\u00f4ng ngh\u1ec7 Bridge Inverter ti\u1ebft ki\u1ec7m \u0111i\u1ec7n<\/strong>, thi\u1ebft k\u1ebf tinh t\u1ebf c\u00f9ng h\u1ec7 th\u1ed1ng t\u00ednh n\u0103ng th\u00f4ng minh, gi\u00fap t\u1ed1i \u01b0u h\u00f3a qu\u00e1 tr\u00ecnh n\u1ea5u n\u01b0\u1edbng h\u00e0ng ng\u00e0y.<\/p>\n<p data-start=\"827\" data-end=\"993\">Kh\u00f4ng ch\u1ec9 l\u00e0 thi\u1ebft b\u1ecb b\u1ebfp, GX IH658SE c\u00f2n l\u00e0 m\u1ed9t ph\u1ea7n c\u1ee7a kh\u00f4ng gian s\u1ed1ng hi\u1ec7n \u0111\u1ea1i \u2013 n\u01a1i m\u1ecdi thao t\u00e1c n\u1ea5u \u0103n tr\u1edf n\u00ean \u0111\u01a1n gi\u1ea3n, nhanh ch\u00f3ng v\u00e0 an to\u00e0n h\u01a1n bao gi\u1edd h\u1ebft.<\/p>\n<hr data-start=\"995\" data-end=\"998\" \/>\n<h2 data-start=\"1000\" data-end=\"1052\">Thi\u1ebft k\u1ebf tinh t\u1ebf \u2013 Sang tr\u1ecdng trong t\u1eebng chi ti\u1ebft<\/h2>\n<p data-start=\"1054\" data-end=\"1195\">Ngay t\u1eeb c\u00e1i nh\u00ecn \u0111\u1ea7u ti\u00ean, GX IH658SE \u0111\u00e3 ghi \u0111i\u1ec3m v\u1edbi thi\u1ebft k\u1ebf t\u1ed1i gi\u1ea3n nh\u01b0ng v\u1eabn to\u00e1t l\u00ean v\u1ebb cao c\u1ea5p, ph\u00f9 h\u1ee3p v\u1edbi nhi\u1ec1u phong c\u00e1ch n\u1ed9i th\u1ea5t.<\/p>\n<h3 data-start=\"1197\" data-end=\"1231\">M\u1eb7t k\u00ednh Euro Platinum cao c\u1ea5p<\/h3>\n<p data-start=\"1232\" data-end=\"1296\">B\u1ebfp s\u1eed d\u1ee5ng <strong data-start=\"1244\" data-end=\"1270\">m\u1eb7t k\u00ednh Euro Platinum<\/strong>, n\u1ed5i b\u1eadt v\u1edbi c\u00e1c \u01b0u \u0111i\u1ec3m:<\/p>\n<ul data-start=\"1298\" data-end=\"1436\">\n<li data-start=\"1298\" data-end=\"1326\">Ch\u1ecbu l\u1ef1c, ch\u1ecbu nhi\u1ec7t t\u1ed1t<\/li>\n<li data-start=\"1327\" data-end=\"1355\">Ch\u1ed1ng tr\u1ea7y x\u01b0\u1edbc hi\u1ec7u qu\u1ea3<\/li>\n<li data-start=\"1356\" data-end=\"1391\">D\u1ec5 d\u00e0ng v\u1ec7 sinh sau khi s\u1eed d\u1ee5ng<\/li>\n<li data-start=\"1392\" data-end=\"1436\">Gi\u1eef b\u1ec1 m\u1eb7t lu\u00f4n s\u00e1ng b\u00f3ng theo th\u1eddi gian<\/li>\n<\/ul>\n<p data-start=\"1438\" data-end=\"1548\">Ch\u1ea5t li\u1ec7u n\u00e0y gi\u00fap b\u1ebfp kh\u00f4ng ch\u1ec9 b\u1ec1n b\u1ec9 m\u00e0 c\u00f2n lu\u00f4n gi\u1eef \u0111\u01b0\u1ee3c v\u1ebb \u0111\u1eb9p nh\u01b0 m\u1edbi, ngay c\u1ea3 khi s\u1eed d\u1ee5ng th\u01b0\u1eddng xuy\u00ean.<\/p>\n<h3 data-start=\"1550\" data-end=\"1581\">Vi\u1ec1n h\u1ee3p kim nh\u00f4m ch\u1eafc ch\u1eafn<\/h3>\n<p data-start=\"1582\" data-end=\"1639\">Ph\u1ea7n vi\u1ec1n b\u1ebfp \u0111\u01b0\u1ee3c l\u00e0m t\u1eeb <strong data-start=\"1608\" data-end=\"1632\">h\u1ee3p kim nh\u00f4m cao c\u1ea5p<\/strong>, gi\u00fap:<\/p>\n<ul data-start=\"1641\" data-end=\"1745\">\n<li data-start=\"1641\" data-end=\"1671\">T\u0103ng kh\u1ea3 n\u0103ng ch\u1ed1ng va \u0111\u1eadp<\/li>\n<li data-start=\"1672\" data-end=\"1703\">B\u1ea3o v\u1ec7 c\u1ea1nh b\u1ebfp kh\u1ecfi s\u1ee9t m\u1ebb<\/li>\n<li data-start=\"1704\" data-end=\"1745\">T\u1ea1o \u0111i\u1ec3m nh\u1ea5n sang tr\u1ecdng cho t\u1ed5ng th\u1ec3<\/li>\n<\/ul>\n<h3 data-start=\"1747\" data-end=\"1780\">Khung b\u1ee5ng nh\u1ef1a PP ch\u1ecbu nhi\u1ec7t<\/h3>\n<p data-start=\"1781\" data-end=\"1836\">Khung \u0111\u00e1y s\u1eed d\u1ee5ng <strong data-start=\"1799\" data-end=\"1825\">nh\u1ef1a PP ch\u1ecbu nhi\u1ec7t cao<\/strong>, mang l\u1ea1i:<\/p>\n<ul data-start=\"1838\" data-end=\"1924\">\n<li data-start=\"1838\" data-end=\"1864\">Kh\u1ea3 n\u0103ng c\u00e1ch \u0111i\u1ec7n t\u1ed1t<\/li>\n<li data-start=\"1865\" data-end=\"1894\">Gi\u1ea3m tr\u1ecdng l\u01b0\u1ee3ng t\u1ed5ng th\u1ec3<\/li>\n<li data-start=\"1895\" data-end=\"1924\">T\u0103ng \u0111\u1ed9 b\u1ec1n v\u00e0 \u0111\u1ed9 an to\u00e0n<\/li>\n<\/ul>\n<h3 data-start=\"1926\" data-end=\"1959\">B\u1ea3ng \u0111i\u1ec1u khi\u1ec3n c\u1ea3m \u1ee9ng tr\u01b0\u1ee3t<\/h3>\n<p data-start=\"1960\" data-end=\"2031\">B\u1ebfp \u0111\u01b0\u1ee3c trang b\u1ecb <strong data-start=\"1978\" data-end=\"2020\">b\u1ea3ng \u0111i\u1ec1u khi\u1ec3n c\u1ea3m \u1ee9ng tr\u01b0\u1ee3t hi\u1ec7n \u0111\u1ea1i<\/strong>, cho ph\u00e9p:<\/p>\n<ul data-start=\"2033\" data-end=\"2125\">\n<li data-start=\"2033\" data-end=\"2057\">Thao t\u00e1c nhanh, nh\u1ea1y<\/li>\n<li data-start=\"2058\" data-end=\"2090\">D\u1ec5 s\u1eed d\u1ee5ng v\u1edbi m\u1ecdi \u0111\u1ed1i t\u01b0\u1ee3ng<\/li>\n<li data-start=\"2091\" data-end=\"2125\">\u0110i\u1ec1u ch\u1ec9nh ch\u00ednh x\u00e1c m\u1ee9c nhi\u1ec7t<\/li>\n<\/ul>\n<p data-start=\"2127\" data-end=\"2230\">S\u1ef1 k\u1ebft h\u1ee3p gi\u1eefa thi\u1ebft k\u1ebf v\u00e0 ch\u1ea5t li\u1ec7u gi\u00fap GX IH658SE tr\u1edf th\u00e0nh \u0111i\u1ec3m nh\u1ea5n n\u1ed5i b\u1eadt trong kh\u00f4ng gian b\u1ebfp.<\/p>\n<hr data-start=\"2232\" data-end=\"2235\" \/>\n<h2 data-start=\"2237\" data-end=\"2292\">C\u00f4ng ngh\u1ec7 Bridge Inverter \u2013 Ti\u1ebft ki\u1ec7m \u0111i\u1ec7n v\u01b0\u1ee3t tr\u1ed9i<\/h2>\n<p data-start=\"2294\" data-end=\"2417\">M\u1ed9t trong nh\u1eefng \u0111i\u1ec3m n\u1ed5i b\u1eadt nh\u1ea5t c\u1ee7a GX IH658SE ch\u00ednh l\u00e0 <strong data-start=\"2352\" data-end=\"2392\">c\u00f4ng ngh\u1ec7 Bridge Inverter th\u00f4ng minh<\/strong>. C\u00f4ng ngh\u1ec7 n\u00e0y gi\u00fap b\u1ebfp:<\/p>\n<ul data-start=\"2419\" data-end=\"2564\">\n<li data-start=\"2419\" data-end=\"2458\">Duy tr\u00ec nhi\u1ec7t \u0111\u1ed9 \u1ed5n \u0111\u1ecbnh \u1edf m\u1ee9c th\u1ea5p<\/li>\n<li data-start=\"2459\" data-end=\"2500\">H\u1ea1n ch\u1ebf b\u1eadt\/t\u1eaft li\u00ean t\u1ee5c g\u00e2y hao \u0111i\u1ec7n<\/li>\n<li data-start=\"2501\" data-end=\"2528\">V\u1eadn h\u00e0nh \u00eam \u00e1i, \u1ed5n \u0111\u1ecbnh<\/li>\n<li data-start=\"2529\" data-end=\"2564\">Ti\u1ebft ki\u1ec7m \u0111\u1ebfn <strong data-start=\"2545\" data-end=\"2562\">30% \u0111i\u1ec7n n\u0103ng<\/strong><\/li>\n<\/ul>\n<p data-start=\"2566\" data-end=\"2700\">\u0110\u1eb7c bi\u1ec7t, khi n\u1ea5u c\u00e1c m\u00f3n nh\u01b0 h\u1ea7m, ninh hay kho, b\u1ebfp gi\u1eef nhi\u1ec7t \u0111\u1ec1u v\u00e0 li\u00ean t\u1ee5c, gi\u00fap m\u00f3n \u0103n ch\u00edn m\u1ec1m, gi\u1eef tr\u1ecdn h\u01b0\u01a1ng v\u1ecb v\u00e0 dinh d\u01b0\u1ee1ng.<\/p>\n<hr data-start=\"2702\" data-end=\"2705\" \/>\n<h2 data-start=\"2707\" data-end=\"2758\">Hi\u1ec7u su\u1ea5t m\u1ea1nh m\u1ebd \u2013 N\u1ea5u \u0103n nhanh ch\u00f3ng, hi\u1ec7u qu\u1ea3<\/h2>\n<p data-start=\"2760\" data-end=\"2823\">GX IH658SE \u0111\u01b0\u1ee3c trang b\u1ecb <strong data-start=\"2785\" data-end=\"2807\">2 v\u00f9ng n\u1ea5u \u0111\u1ed9c l\u1eadp<\/strong>, v\u1edbi c\u00f4ng su\u1ea5t:<\/p>\n<ul data-start=\"2825\" data-end=\"2906\">\n<li data-start=\"2825\" data-end=\"2865\"><strong data-start=\"2827\" data-end=\"2841\">V\u00f9ng tr\u00e1i:<\/strong> 2000W \u2013 Booster 2300W<\/li>\n<li data-start=\"2866\" data-end=\"2906\"><strong data-start=\"2868\" data-end=\"2882\">V\u00f9ng ph\u1ea3i:<\/strong> 2000W \u2013 Booster 2300W<\/li>\n<\/ul>\n<h3 data-start=\"2908\" data-end=\"2938\">Ch\u1ee9c n\u0103ng Booster t\u0103ng t\u1ed1c<\/h3>\n<p data-start=\"2939\" data-end=\"3000\">Booster gi\u00fap t\u0103ng c\u00f4ng su\u1ea5t t\u1ee9c th\u1eddi, mang l\u1ea1i nhi\u1ec1u l\u1ee3i \u00edch:<\/p>\n<ul data-start=\"3002\" data-end=\"3095\">\n<li data-start=\"3002\" data-end=\"3030\">\u0110un s\u00f4i n\u01b0\u1edbc nhanh ch\u00f3ng<\/li>\n<li data-start=\"3031\" data-end=\"3057\">R\u00fat ng\u1eafn th\u1eddi gian n\u1ea5u<\/li>\n<li data-start=\"3058\" data-end=\"3095\">Ph\u00f9 h\u1ee3p v\u1edbi c\u00e1c m\u00f3n c\u1ea7n nhi\u1ec7t cao<\/li>\n<\/ul>\n<h3 data-start=\"3097\" data-end=\"3127\">T\u1ed1c \u0111\u1ed9 gia nhi\u1ec7t v\u01b0\u1ee3t tr\u1ed9i<\/h3>\n<p data-start=\"3128\" data-end=\"3269\">So v\u1edbi b\u1ebfp gas truy\u1ec1n th\u1ed1ng, b\u1ebfp t\u1eeb GX IH658SE c\u00f3 kh\u1ea3 n\u0103ng <strong data-start=\"3187\" data-end=\"3216\">gia nhi\u1ec7t nhanh g\u1ea5p 2 l\u1ea7n<\/strong>, gi\u00fap ti\u1ebft ki\u1ec7m th\u1eddi gian \u0111\u00e1ng k\u1ec3 cho ng\u01b0\u1eddi n\u1ed9i tr\u1ee3.<\/p>\n<h3 data-start=\"3271\" data-end=\"3300\">Ki\u1ec3m so\u00e1t nhi\u1ec7t ch\u00ednh x\u00e1c<\/h3>\n<p data-start=\"3301\" data-end=\"3376\">B\u1ebfp cho ph\u00e9p \u0111i\u1ec1u ch\u1ec9nh nhi\u1ec7t linh ho\u1ea1t, ph\u00f9 h\u1ee3p v\u1edbi nhi\u1ec1u ph\u01b0\u01a1ng ph\u00e1p n\u1ea5u:<\/p>\n<ul data-start=\"3378\" data-end=\"3429\">\n<li data-start=\"3378\" data-end=\"3391\">H\u1ea7m, ninh<\/li>\n<li data-start=\"3392\" data-end=\"3406\">X\u00e0o, chi\u00ean<\/li>\n<li data-start=\"3407\" data-end=\"3429\">N\u1ea5u canh, \u0111un n\u01b0\u1edbc<\/li>\n<\/ul>\n<p data-start=\"3431\" data-end=\"3502\">Nh\u1edd \u0111\u00f3, m\u00f3n \u0103n lu\u00f4n \u0111\u1ea1t \u0111\u1ed9 ch\u00edn ho\u00e0n h\u1ea3o v\u00e0 gi\u1eef \u0111\u01b0\u1ee3c h\u01b0\u01a1ng v\u1ecb t\u1ef1 nhi\u00ean.<\/p>\n<hr data-start=\"3504\" data-end=\"3507\" \/>\n<h2 data-start=\"3509\" data-end=\"3556\">T\u00ednh n\u0103ng th\u00f4ng minh \u2013 Tr\u1ea3i nghi\u1ec7m ti\u1ec7n nghi<\/h2>\n<p data-start=\"3558\" data-end=\"3638\">GX IH658SE kh\u00f4ng ch\u1ec9 m\u1ea1nh m\u1ebd m\u00e0 c\u00f2n \u0111\u01b0\u1ee3c t\u00edch h\u1ee3p nhi\u1ec1u t\u00ednh n\u0103ng h\u1ed7 tr\u1ee3 n\u1ea5u \u0103n:<\/p>\n<ul data-start=\"3640\" data-end=\"3875\">\n<li data-start=\"3640\" data-end=\"3706\"><strong data-start=\"3642\" data-end=\"3672\">T\u1ef1 \u0111\u1ed9ng nh\u1eadn di\u1ec7n \u0111\u00e1y n\u1ed3i:<\/strong> Ch\u1ec9 l\u00e0m n\u00f3ng khi c\u00f3 n\u1ed3i ph\u00f9 h\u1ee3p<\/li>\n<li data-start=\"3707\" data-end=\"3767\"><strong data-start=\"3709\" data-end=\"3733\">Ch\u1ee9c n\u0103ng gi\u1eef nhi\u1ec7t:<\/strong> Gi\u1eef \u1ea5m th\u1ee9c \u0103n m\u00e0 kh\u00f4ng l\u00e0m kh\u00f4<\/li>\n<li data-start=\"3768\" data-end=\"3830\"><strong data-start=\"3770\" data-end=\"3799\">\u0110i\u1ec1u khi\u1ec3n c\u1ea3m \u1ee9ng tr\u01b0\u1ee3t:<\/strong> D\u1ec5 d\u00e0ng \u0111i\u1ec1u ch\u1ec9nh c\u00f4ng su\u1ea5t<\/li>\n<li data-start=\"3831\" data-end=\"3875\"><strong data-start=\"3833\" data-end=\"3845\">Booster:<\/strong> T\u0103ng t\u1ed1c n\u1ea5u \u0103n nhanh ch\u00f3ng<\/li>\n<\/ul>\n<p data-start=\"3877\" data-end=\"3953\">Nh\u1eefng t\u00ednh n\u0103ng n\u00e0y gi\u00fap ng\u01b0\u1eddi d\u00f9ng thao t\u00e1c d\u1ec5 d\u00e0ng v\u00e0 ti\u1ebft ki\u1ec7m th\u1eddi gian.<\/p>\n<hr data-start=\"3955\" data-end=\"3958\" \/>\n<h2 data-start=\"3960\" data-end=\"4002\">An to\u00e0n tuy\u1ec7t \u0111\u1ed1i \u2013 B\u1ea3o v\u1ec7 gia \u0111\u00ecnh b\u1ea1n<\/h2>\n<p data-start=\"4004\" data-end=\"4056\">GX IH658SE \u0111\u01b0\u1ee3c trang b\u1ecb h\u1ec7 th\u1ed1ng an to\u00e0n to\u00e0n di\u1ec7n:<\/p>\n<ul data-start=\"4058\" data-end=\"4281\">\n<li data-start=\"4058\" data-end=\"4114\"><strong data-start=\"4060\" data-end=\"4082\">C\u1ea3nh b\u00e1o nhi\u1ec7t d\u01b0:<\/strong> Hi\u1ec3n th\u1ecb khi m\u1eb7t b\u1ebfp c\u00f2n n\u00f3ng<\/li>\n<li data-start=\"4115\" data-end=\"4168\"><strong data-start=\"4117\" data-end=\"4134\">T\u1ef1 \u0111\u1ed9ng ng\u1eaft:<\/strong> Khi qu\u00e1 nhi\u1ec7t ho\u1eb7c kh\u00f4ng c\u00f3 n\u1ed3i<\/li>\n<li data-start=\"4169\" data-end=\"4228\"><strong data-start=\"4171\" data-end=\"4186\">Ch\u1ed1ng tr\u00e0n:<\/strong> B\u1ea3o v\u1ec7 khi n\u01b0\u1edbc tr\u00e0n ra b\u1ea3ng \u0111i\u1ec1u khi\u1ec3n<\/li>\n<li data-start=\"4229\" data-end=\"4281\"><strong data-start=\"4231\" data-end=\"4250\">C\u1ea3m bi\u1ebfn nhi\u1ec7t:<\/strong> Ki\u1ec3m so\u00e1t nhi\u1ec7t \u0111\u1ed9 ch\u00ednh x\u00e1c<\/li>\n<\/ul>\n<p data-start=\"4283\" data-end=\"4368\">Nh\u1eefng t\u00ednh n\u0103ng n\u00e0y gi\u00fap gi\u1ea3m thi\u1ec3u r\u1ee7i ro, \u0111\u1eb7c bi\u1ec7t ph\u00f9 h\u1ee3p v\u1edbi gia \u0111\u00ecnh c\u00f3 tr\u1ebb nh\u1ecf.<\/p>\n<hr data-start=\"4370\" data-end=\"4373\" \/>\n<h2 data-start=\"4375\" data-end=\"4404\">Th\u00f4ng s\u1ed1 k\u1ef9 thu\u1eadt chi ti\u1ebft<\/h2>\n<ul data-start=\"4406\" data-end=\"4826\">\n<li data-start=\"4406\" data-end=\"4445\"><strong data-start=\"4408\" data-end=\"4425\">T\u00ean s\u1ea3n ph\u1ea9m:<\/strong> B\u1ebfp t\u1eeb GX IH658SE<\/li>\n<li data-start=\"4446\" data-end=\"4473\"><strong data-start=\"4448\" data-end=\"4464\">Th\u01b0\u01a1ng hi\u1ec7u:<\/strong> GrandX<\/li>\n<li data-start=\"4474\" data-end=\"4509\"><strong data-start=\"4476\" data-end=\"4492\">S\u1ed1 v\u00f9ng n\u1ea5u:<\/strong> 2 v\u00f9ng \u0111\u1ed9c l\u1eadp<\/li>\n<li data-start=\"4510\" data-end=\"4541\"><strong data-start=\"4512\" data-end=\"4525\">M\u1eb7t k\u00ednh:<\/strong> Euro Platinum<\/li>\n<li data-start=\"4542\" data-end=\"4580\"><strong data-start=\"4544\" data-end=\"4557\">Vi\u1ec1n b\u1ebfp:<\/strong> H\u1ee3p kim nh\u00f4m cao c\u1ea5p<\/li>\n<li data-start=\"4581\" data-end=\"4618\"><strong data-start=\"4583\" data-end=\"4597\">Khung \u0111\u00e1y:<\/strong> Nh\u1ef1a PP ch\u1ecbu nhi\u1ec7t<\/li>\n<li data-start=\"4619\" data-end=\"4667\"><strong data-start=\"4621\" data-end=\"4643\">C\u00f4ng su\u1ea5t l\u00f2 tr\u00e1i:<\/strong> 2000W \u2013 Booster 2300W<\/li>\n<li data-start=\"4668\" data-end=\"4716\"><strong data-start=\"4670\" data-end=\"4692\">C\u00f4ng su\u1ea5t l\u00f2 ph\u1ea3i:<\/strong> 2000W \u2013 Booster 2300W<\/li>\n<li data-start=\"4717\" data-end=\"4751\"><strong data-start=\"4719\" data-end=\"4733\">C\u00f4ng ngh\u1ec7:<\/strong> Bridge Inverter<\/li>\n<li data-start=\"4752\" data-end=\"4791\"><strong data-start=\"4754\" data-end=\"4769\">\u0110i\u1ec1u khi\u1ec3n:<\/strong> C\u1ea3m \u1ee9ng tr\u01b0\u1ee3t 9 m\u1ee9c<\/li>\n<li data-start=\"4792\" data-end=\"4826\"><strong data-start=\"4794\" data-end=\"4806\">\u0110i\u1ec7n \u00e1p:<\/strong> 220 \u2013 240V \/ 50Hz<\/li>\n<\/ul>\n<hr data-start=\"4828\" data-end=\"4831\" \/>\n<h2 data-start=\"4833\" data-end=\"4868\">Ph\u00f9 h\u1ee3p v\u1edbi nhi\u1ec1u kh\u00f4ng gian b\u1ebfp<\/h2>\n<p data-start=\"4870\" data-end=\"4906\">GX IH658SE l\u00e0 l\u1ef1a ch\u1ecdn l\u00fd t\u01b0\u1edfng cho:<\/p>\n<ul data-start=\"4908\" data-end=\"5006\">\n<li data-start=\"4908\" data-end=\"4927\">C\u0103n h\u1ed9 chung c\u01b0<\/li>\n<li data-start=\"4928\" data-end=\"4948\">Nh\u00e0 ph\u1ed1 hi\u1ec7n \u0111\u1ea1i<\/li>\n<li data-start=\"4949\" data-end=\"4965\">Gia \u0111\u00ecnh tr\u1ebb<\/li>\n<li data-start=\"4966\" data-end=\"5006\">Ng\u01b0\u1eddi n\u1ed9i tr\u1ee3 y\u00eau th\u00edch s\u1ef1 ti\u1ec7n nghi<\/li>\n<\/ul>\n<p data-start=\"5008\" data-end=\"5094\">S\u1ea3n ph\u1ea9m kh\u00f4ng ch\u1ec9 gi\u00fap n\u1ea5u \u0103n nhanh ch\u00f3ng m\u00e0 c\u00f2n n\u00e2ng t\u1ea7m th\u1ea9m m\u1ef9 cho kh\u00f4ng gian b\u1ebfp.<\/p>\n<hr data-start=\"5096\" data-end=\"5099\" \/>\n<h2 data-start=\"5101\" data-end=\"5148\">\u0110\u1ed3ng b\u1ed9 kh\u00f4ng gian c\u00f9ng h\u1ec7 sinh th\u00e1i Ehrlich<\/h2>\n<p data-start=\"5150\" data-end=\"5312\">GX IH658SE c\u00f3 th\u1ec3 k\u1ebft h\u1ee3p ho\u00e0n h\u1ea3o v\u1edbi c\u00e1c thi\u1ebft b\u1ecb b\u1ebfp v\u00e0 v\u1ec7 sinh t\u1eeb <strong data-start=\"5220\" data-end=\"5231\">Ehrlich<\/strong>, gi\u00fap t\u1ea1o n\u00ean m\u1ed9t kh\u00f4ng gian s\u1ed1ng \u0111\u1ed3ng b\u1ed9, hi\u1ec7n \u0111\u1ea1i v\u00e0 t\u1ed1i \u01b0u c\u00f4ng n\u0103ng s\u1eed d\u1ee5ng.<\/p>\n<hr data-start=\"5314\" data-end=\"5317\" \/>\n<h2 data-start=\"5319\" data-end=\"5356\">V\u00ec sao n\u00ean ch\u1ecdn b\u1ebfp t\u1eeb GX IH658SE?<\/h2>\n<ul data-start=\"5358\" data-end=\"5578\">\n<li data-start=\"5358\" data-end=\"5410\">C\u00f4ng ngh\u1ec7 Bridge Inverter ti\u1ebft ki\u1ec7m \u0111i\u1ec7n \u0111\u1ebfn 30%<\/li>\n<li data-start=\"5411\" data-end=\"5456\">M\u1eb7t k\u00ednh Euro Platinum b\u1ec1n b\u1ec9, sang tr\u1ecdng<\/li>\n<li data-start=\"5457\" data-end=\"5495\">C\u00f4ng su\u1ea5t m\u1ea1nh, n\u1ea5u nhanh hi\u1ec7u qu\u1ea3<\/li>\n<li data-start=\"5496\" data-end=\"5540\">Thi\u1ebft k\u1ebf tinh t\u1ebf, ph\u00f9 h\u1ee3p m\u1ecdi kh\u00f4ng gian<\/li>\n<li data-start=\"5541\" data-end=\"5578\">V\u1eadn h\u00e0nh \u00eam \u00e1i, an to\u00e0n tuy\u1ec7t \u0111\u1ed1i<\/li>\n<\/ul>\n<hr data-start=\"5580\" data-end=\"5583\" \/>\n<h2 data-start=\"5585\" data-end=\"5596\">K\u1ebft lu\u1eadn<\/h2>\n<p data-start=\"5598\" data-end=\"5844\">B\u1ebfp t\u1eeb \u0111\u00f4i GrandX GX IH658SE l\u00e0 s\u1ef1 k\u1ebft h\u1ee3p ho\u00e0n h\u1ea3o gi\u1eefa thi\u1ebft k\u1ebf hi\u1ec7n \u0111\u1ea1i, c\u00f4ng ngh\u1ec7 ti\u00ean ti\u1ebfn v\u00e0 hi\u1ec7u su\u1ea5t m\u1ea1nh m\u1ebd. V\u1edbi kh\u1ea3 n\u0103ng ti\u1ebft ki\u1ec7m \u0111i\u1ec7n, v\u1eadn h\u00e0nh \u1ed5n \u0111\u1ecbnh v\u00e0 \u0111\u1ed9 b\u1ec1n cao, s\u1ea3n ph\u1ea9m mang \u0111\u1ebfn tr\u1ea3i nghi\u1ec7m n\u1ea5u n\u01b0\u1edbng ti\u1ec7n nghi cho m\u1ecdi gia \u0111\u00ecnh.<\/p>\n<p data-start=\"5846\" data-end=\"5991\" data-is-last-node=\"\" data-is-only-node=\"\">\ud83d\udc49 N\u1ebfu b\u1ea1n \u0111ang t\u00ecm ki\u1ebfm m\u1ed9t chi\u1ebfc b\u1ebfp t\u1eeb b\u1ec1n \u2013 \u0111\u1eb9p \u2013 ti\u1ebft ki\u1ec7m v\u00e0 an to\u00e0n, th\u00ec GX IH658SE ch\u1eafc ch\u1eafn l\u00e0 l\u1ef1a ch\u1ecdn \u0111\u00e1ng \u0111\u1ea7u t\u01b0 cho c\u0103n b\u1ebfp c\u1ee7a b\u1ea1n.<\/p>\n<\/div>\n<\/div>\n<\/div>\n<\/div>\n<\/div>\n<\/div>\n<\/section>\n<\/div>\n<p data-start=\"4866\" data-end=\"4979\"><strong data-start=\"4866\" data-end=\"4917\">Ehrlich Vi\u1ec7t Nam \u2013 Thi\u1ebft B\u1ecb Nh\u00e0 B\u1ebfp &amp; Ph\u00f2ng T\u1eafm<\/strong><br data-start=\"4917\" data-end=\"4920\" \/>\ud83d\udccd \u0110\u1ecba ch\u1ec9: S\u1ed1 6 Li\u1ec1n K\u1ec1 22, K\u0110T V\u0103n Kh\u00ea, H\u00e0 \u0110\u00f4ng, H\u00e0 N\u1ed9i<\/p>\n<p data-start=\"4981\" data-end=\"5105\">\ud83c\udf10 Website: <a class=\"decorated-link\" href=\"https:\/\/ehrlichvietnam.vn\/\" target=\"_new\" rel=\"noopener\" data-start=\"4993\" data-end=\"5019\">https:\/\/ehrlichvietnam.vn\/<\/a><br data-start=\"5019\" data-end=\"5022\" \/>\ud83d\udcde Hotline: <strong data-start=\"5034\" data-end=\"5051\">0932 27 05 20<\/strong><br data-start=\"5051\" data-end=\"5054\" \/>\ud83d\udcac Zalo OA: <a class=\"decorated-link\" href=\"https:\/\/zalo.me\/s\/2888141157129558325\" target=\"_new\" rel=\"noopener\" data-start=\"5066\" data-end=\"5103\">https:\/\/zalo.me\/s\/2888141157129558325<\/a><\/p>\n<p data-start=\"5107\" data-end=\"5218\">\ud83c\udfa5 TikTok: <a class=\"decorated-link\" href=\"https:\/\/www.tiktok.com\/@ehrlich.chia.s?_r=1\" target=\"_new\" rel=\"noopener\" data-start=\"5118\" data-end=\"5162\">https:\/\/www.tiktok.com\/@ehrlichthietbivesinh<\/a><br data-start=\"5162\" data-end=\"5165\" \/>\u25b6\ufe0f YouTube: <a class=\"decorated-link\" href=\"https:\/\/www.youtube.com\/@EhrlichVietNam\" target=\"_new\" rel=\"noopener\" data-start=\"5177\" data-end=\"5216\">https:\/\/www.youtube.com\/@EhrlichVietNam<\/a><\/p>\n<p data-start=\"5220\" data-end=\"5265\">\ud83d\ude9a Giao h\u00e0ng to\u00e0n qu\u1ed1c \u2013 t\u01b0 v\u1ea5n nhanh ch\u00f3ng<\/p>\n<p data-start=\"5267\" data-end=\"5313\">\ud83d\udc49 <strong data-start=\"5270\" data-end=\"5313\">Inbox ngay \u0111\u1ec3 nh\u1eadn \u01b0u \u0111\u00e3i th\u00eam h\u00f4m nay!<\/strong><\/p>\n<\/div>\n<\/div>\n<\/div>\n<\/div>\n<div class=\"z-0 flex min-h-[46px] justify-start\"><\/div>\n<div class=\"mt-3 w-full empty:hidden\">\n<div class=\"text-center\">\n<div>\n<div class=\"inline-flex border border-gray-100 dark:border-gray-700 rounded-xl\">\n<div class=\"bg-token-main-surface-tertiary w-px flex-1 self-stretch\"><\/div>\n<\/div>\n<\/div>\n<\/div>\n<\/div>\n","protected":false},"excerpt":{"rendered":"<p>C\u00e1c d\u00f2ng b\u1ebfp hi\u1ec7n \u0111\u1ea1i ng\u00e0y nay kh\u00f4ng ch\u1ec9 \u0111\u00e1p \u1ee9ng nhu c\u1ea7u n\u1ea5u n\u01b0\u1edbng nhanh ch\u00f3ng m\u00e0 c\u00f2n h\u01b0\u1edbng \u0111\u1ebfn s\u1ef1 ti\u1ebft ki\u1ec7m \u0111i\u1ec7n, an to\u00e0n v\u00e0 t\u00ednh th\u1ea9m m\u1ef9 cao. V\u1edbi thi\u1ebft k\u1ebf tinh g\u1ecdn, c\u00f4ng ngh\u1ec7 th\u00f4ng minh v\u00e0 kh\u1ea3 n\u0103ng v\u1eadn h\u00e0nh \u1ed5n \u0111\u1ecbnh, s\u1ea3n ph\u1ea9m mang l\u1ea1i tr\u1ea3i nghi\u1ec7m ti\u1ec7n nghi cho m\u1ecdi gia \u0111\u00ecnh. Khi k\u1ebft h\u1ee3p c\u00f9ng h\u1ec7 sinh th\u00e1i thi\u1ebft b\u1ecb nh\u00e0 b\u1ebfp v\u00e0 v\u1ec7 sinh t\u1eeb <strong data-start=\"337\" data-end=\"348\">Ehrlich<\/strong>, kh\u00f4ng gian s\u1ed1ng \u0111\u01b0\u1ee3c ho\u00e0n thi\u1ec7n \u0111\u1ed3ng b\u1ed9, hi\u1ec7n \u0111\u1ea1i v\u00e0 t\u1ed1i \u01b0u c\u00f4ng n\u0103ng s\u1eed d\u1ee5ng.<\/p>\n","protected":false},"featured_media":4760,"comment_status":"open","ping_status":"closed","template":"","meta":{"_acf_changed":false},"product_brand":[162],"product_cat":[165,15,44,81],"product_tag":[],"class_list":{"0":"post-4686","1":"product","2":"type-product","3":"status-publish","4":"has-post-thumbnail","6":"product_brand-grandx","7":"product_cat-bep-tu-grandx","8":"product_cat-san-pham","9":"product_cat-thiet-bi-phong-bep","10":"product_cat-bep-tu","12":"first","13":"outofstock","14":"shipping-taxable","15":"product-type-simple"},"acf":[],"_links":{"self":[{"href":"https:\/\/ehrlichvietnam.vn\/en\/wp-json\/wp\/v2\/product\/4686","targetHints":{"allow":["GET"]}}],"collection":[{"href":"https:\/\/ehrlichvietnam.vn\/en\/wp-json\/wp\/v2\/product"}],"about":[{"href":"https:\/\/ehrlichvietnam.vn\/en\/wp-json\/wp\/v2\/types\/product"}],"replies":[{"embeddable":true,"href":"https:\/\/ehrlichvietnam.vn\/en\/wp-json\/wp\/v2\/comments?post=4686"}],"wp:featuredmedia":[{"embeddable":true,"href":"https:\/\/ehrlichvietnam.vn\/en\/wp-json\/wp\/v2\/media\/4760"}],"wp:attachment":[{"href":"https:\/\/ehrlichvietnam.vn\/en\/wp-json\/wp\/v2\/media?parent=4686"}],"wp:term":[{"taxonomy":"product_brand","embeddable":true,"href":"https:\/\/ehrlichvietnam.vn\/en\/wp-json\/wp\/v2\/product_brand?post=4686"},{"taxonomy":"product_cat","embeddable":true,"href":"https:\/\/ehrlichvietnam.vn\/en\/wp-json\/wp\/v2\/product_cat?post=4686"},{"taxonomy":"product_tag","embeddable":true,"href":"https:\/\/ehrlichvietnam.vn\/en\/wp-json\/wp\/v2\/product_tag?post=4686"}],"curies":[{"name":"wp","href":"https:\/\/api.w.org\/{rel}","templated":true}]}}