{"id":4681,"date":"2026-04-10T02:16:29","date_gmt":"2026-04-10T02:16:29","guid":{"rendered":"https:\/\/ehrlichvietnam.vn\/?post_type=product&#038;p=4681"},"modified":"2026-04-15T04:25:19","modified_gmt":"2026-04-15T04:25:19","slug":"bep-tu-cao-cap-gx-id505","status":"publish","type":"product","link":"https:\/\/ehrlichvietnam.vn\/bep-tu-cao-cap-gx-id505\/","title":{"rendered":"B\u1ebfp t\u1eeb cao c\u1ea5p GRANDX  GX ID505"},"content":{"rendered":"<div class=\"flex max-w-full flex-col gap-4 grow\">\n<div class=\"min-h-8 text-message relative flex w-full flex-col items-end gap-2 text-start break-words whitespace-normal outline-none keyboard-focused:focus-ring [.text-message+&amp;]:mt-1\" dir=\"auto\" tabindex=\"0\" data-message-author-role=\"assistant\" data-message-id=\"c9d49429-a379-4851-8555-4af9fa245422\" data-message-model-slug=\"gpt-5-3\" data-turn-start-message=\"true\">\n<div class=\"flex w-full flex-col gap-1 empty:hidden\">\n<div class=\"markdown prose dark:prose-invert w-full wrap-break-word light markdown-new-styling\">\n<div class=\"flex flex-col text-sm pb-25\">\n<section class=\"text-token-text-primary w-full focus:outline-none [--shadow-height:45px] has-data-writing-block:pointer-events-none has-data-writing-block:-mt-(--shadow-height) has-data-writing-block:pt-(--shadow-height) [&amp;:has([data-writing-block])&gt;*]:pointer-events-auto scroll-mt-[calc(var(--header-height)+min(200px,max(70px,20svh)))]\" dir=\"auto\" data-turn-id=\"request-WEB:c6c39ca1-e590-47a0-bd6e-04e9219b2766-9\" data-testid=\"conversation-turn-20\" data-scroll-anchor=\"true\" data-turn=\"assistant\">\n<div class=\"text-base my-auto mx-auto pb-10 [--thread-content-margin:var(--thread-content-margin-xs,calc(var(--spacing)*4))] @w-sm\/main:[--thread-content-margin:var(--thread-content-margin-sm,calc(var(--spacing)*6))] @w-lg\/main:[--thread-content-margin:var(--thread-content-margin-lg,calc(var(--spacing)*16))] px-(--thread-content-margin)\">\n<div class=\"[--thread-content-max-width:40rem] @w-lg\/main:[--thread-content-max-width:48rem] mx-auto max-w-(--thread-content-max-width) flex-1 group\/turn-messages focus-visible:outline-hidden relative flex w-full min-w-0 flex-col agent-turn\">\n<div class=\"flex max-w-full flex-col gap-4 grow\">\n<div class=\"min-h-8 text-message relative flex w-full flex-col items-end gap-2 text-start break-words whitespace-normal outline-none keyboard-focused:focus-ring [.text-message+&amp;]:mt-1\" dir=\"auto\" tabindex=\"0\" data-message-author-role=\"assistant\" data-message-id=\"6add08e6-c6f8-4385-9e4d-139717580cee\" data-message-model-slug=\"gpt-5-3\" data-turn-start-message=\"true\">\n<div class=\"flex w-full flex-col gap-1 empty:hidden\">\n<div class=\"markdown prose dark:prose-invert w-full wrap-break-word light markdown-new-styling\">\n<h2 data-start=\"0\" data-end=\"71\"><img decoding=\"async\" src=\"https:\/\/grandx.com.vn\/wp-content\/uploads\/2025\/01\/GX-ID505-02-phoi-canh-1920x800-2-scaled.jpg\" \/><\/h2>\n<h2 data-start=\"0\" data-end=\"71\">B\u1ebfp t\u1eeb GX ID505 \u2013 Gi\u1ea3i ph\u00e1p ho\u00e0n h\u1ea3o cho kh\u00f4ng gian b\u1ebfp nh\u1ecf hi\u1ec7n \u0111\u1ea1i<\/h2>\n<p data-start=\"73\" data-end=\"419\">Trong xu h\u01b0\u1edbng t\u1ed1i gi\u1ea3n kh\u00f4ng gian s\u1ed1ng, \u0111\u1eb7c bi\u1ec7t t\u1ea1i c\u00e1c c\u0103n h\u1ed9 chung c\u01b0 ho\u1eb7c nh\u00e0 ph\u1ed1 di\u1ec7n t\u00edch v\u1eeba v\u00e0 nh\u1ecf, vi\u1ec7c l\u1ef1a ch\u1ecdn m\u1ed9t thi\u1ebft b\u1ecb b\u1ebfp g\u1ecdn g\u00e0ng nh\u01b0ng v\u1eabn \u0111\u1ea3m b\u1ea3o hi\u1ec7u n\u0103ng l\u00e0 \u0111i\u1ec1u v\u00f4 c\u00f9ng quan tr\u1ecdng. <strong data-start=\"278\" data-end=\"297\">B\u1ebfp t\u1eeb GX ID505<\/strong> ch\u00ednh l\u00e0 l\u1ef1a ch\u1ecdn l\u00fd t\u01b0\u1edfng khi k\u1ebft h\u1ee3p ho\u00e0n h\u1ea3o gi\u1eefa thi\u1ebft k\u1ebf nh\u1ecf g\u1ecdn, c\u00f4ng ngh\u1ec7 hi\u1ec7n \u0111\u1ea1i v\u00e0 kh\u1ea3 n\u0103ng n\u1ea5u n\u01b0\u1edbng hi\u1ec7u qu\u1ea3.<\/p>\n<p data-start=\"421\" data-end=\"573\">Kh\u00f4ng ch\u1ec9 \u0111\u00e1p \u1ee9ng nhu c\u1ea7u n\u1ea5u \u0103n c\u01a1 b\u1ea3n, GX ID505 c\u00f2n mang \u0111\u1ebfn tr\u1ea3i nghi\u1ec7m ti\u1ec7n nghi, an to\u00e0n v\u00e0 ti\u1ebft ki\u1ec7m \u0111i\u1ec7n n\u0103ng, ph\u00f9 h\u1ee3p v\u1edbi m\u1ecdi gia \u0111\u00ecnh hi\u1ec7n \u0111\u1ea1i.<\/p>\n<p data-start=\"421\" data-end=\"573\"><img decoding=\"async\" src=\"https:\/\/grandx.com.vn\/wp-content\/uploads\/2025\/01\/GX-ID505-02-phoi-canh-900x600-2.jpg\" \/><\/p>\n<hr data-start=\"575\" data-end=\"578\" \/>\n<h2 data-start=\"580\" data-end=\"630\">Thi\u1ebft k\u1ebf Domino nh\u1ecf g\u1ecdn \u2013 T\u1ed1i \u01b0u kh\u00f4ng gian b\u1ebfp<\/h2>\n<p data-start=\"632\" data-end=\"792\">M\u1ed9t trong nh\u1eefng \u0111i\u1ec3m n\u1ed5i b\u1eadt nh\u1ea5t c\u1ee7a GX ID505 ch\u00ednh l\u00e0 thi\u1ebft k\u1ebf <strong data-start=\"697\" data-end=\"718\">Domino 2 v\u00f9ng n\u1ea5u<\/strong> nh\u1ecf g\u1ecdn, gi\u00fap ti\u1ebft ki\u1ec7m di\u1ec7n t\u00edch t\u1ed1i \u0111a m\u00e0 v\u1eabn \u0111\u1ea3m b\u1ea3o \u0111\u1ea7y \u0111\u1ee7 ch\u1ee9c n\u0103ng.<\/p>\n<h3 data-start=\"794\" data-end=\"826\">Ph\u00f9 h\u1ee3p v\u1edbi nhi\u1ec1u kh\u00f4ng gian<\/h3>\n<ul data-start=\"827\" data-end=\"934\">\n<li data-start=\"827\" data-end=\"850\">C\u0103n h\u1ed9 chung c\u01b0 nh\u1ecf<\/li>\n<li data-start=\"851\" data-end=\"872\">B\u1ebfp ph\u1ee5, b\u1ebfp mini<\/li>\n<li data-start=\"873\" data-end=\"905\">Nh\u00e0 ph\u1ed1 c\u1ea7n t\u1ed1i \u01b0u di\u1ec7n t\u00edch<\/li>\n<li data-start=\"906\" data-end=\"934\">Kh\u00f4ng gian b\u1ebfp linh ho\u1ea1t<\/li>\n<\/ul>\n<p data-start=\"936\" data-end=\"1061\">K\u00edch th\u01b0\u1edbc b\u1ebfp ch\u1ec9 <strong data-start=\"955\" data-end=\"970\">288 x 520mm<\/strong>, c\u00f9ng k\u00edch th\u01b0\u1edbc kho\u00e9t \u0111\u00e1 <strong data-start=\"997\" data-end=\"1012\">268 x 500mm<\/strong>, gi\u00fap vi\u1ec7c l\u1eafp \u0111\u1eb7t tr\u1edf n\u00ean d\u1ec5 d\u00e0ng v\u00e0 linh ho\u1ea1t.<\/p>\n<h3 data-start=\"1063\" data-end=\"1097\">M\u1eb7t k\u00ednh EURO Platinum cao c\u1ea5p<\/h3>\n<p data-start=\"1098\" data-end=\"1160\">B\u1ebfp \u0111\u01b0\u1ee3c trang b\u1ecb <strong data-start=\"1116\" data-end=\"1142\">m\u1eb7t k\u00ednh EURO Platinum<\/strong>, v\u1edbi c\u00e1c \u01b0u \u0111i\u1ec3m:<\/p>\n<ul data-start=\"1162\" data-end=\"1255\">\n<li data-start=\"1162\" data-end=\"1190\">Ch\u1ecbu l\u1ef1c, ch\u1ecbu nhi\u1ec7t t\u1ed1t<\/li>\n<li data-start=\"1191\" data-end=\"1219\">Ch\u1ed1ng tr\u1ea7y x\u01b0\u1edbc hi\u1ec7u qu\u1ea3<\/li>\n<li data-start=\"1220\" data-end=\"1255\">D\u1ec5 d\u00e0ng v\u1ec7 sinh sau khi s\u1eed d\u1ee5ng<\/li>\n<\/ul>\n<p data-start=\"1257\" data-end=\"1353\">Thi\u1ebft k\u1ebf <strong data-start=\"1266\" data-end=\"1292\">v\u00e1t 2 c\u1ea1nh tr\u01b0\u1edbc \u2013 sau<\/strong> t\u1ea1o \u0111i\u1ec3m nh\u1ea5n tinh t\u1ebf, \u0111\u1ed3ng th\u1eddi h\u1ea1n ch\u1ebf s\u1ee9t m\u1ebb khi va ch\u1ea1m.<\/p>\n<p data-start=\"1257\" data-end=\"1353\"><img decoding=\"async\" src=\"https:\/\/grandx.com.vn\/wp-content\/uploads\/2025\/01\/GX-ID505-01.png\" \/><\/p>\n<hr data-start=\"1355\" data-end=\"1358\" \/>\n<h2 data-start=\"1360\" data-end=\"1412\">Hi\u1ec7u n\u0103ng m\u1ea1nh m\u1ebd \u2013 N\u1ea5u \u0103n nhanh ch\u00f3ng, ch\u00ednh x\u00e1c<\/h2>\n<p data-start=\"1414\" data-end=\"1518\">D\u00f9 c\u00f3 thi\u1ebft k\u1ebf nh\u1ecf g\u1ecdn, GX ID505 v\u1eabn s\u1edf h\u1eefu hi\u1ec7u n\u0103ng \u1ea5n t\u01b0\u1ee3ng, \u0111\u00e1p \u1ee9ng t\u1ed1t nhu c\u1ea7u n\u1ea5u n\u01b0\u1edbng h\u00e0ng ng\u00e0y.<\/p>\n<h3 data-start=\"1520\" data-end=\"1543\">C\u00f4ng su\u1ea5t linh ho\u1ea1t<\/h3>\n<ul data-start=\"1544\" data-end=\"1663\">\n<li data-start=\"1544\" data-end=\"1585\"><strong data-start=\"1546\" data-end=\"1561\">V\u00f9ng tr\u01b0\u1edbc:<\/strong> 1800W \u2013 Booster 2000W<\/li>\n<li data-start=\"1586\" data-end=\"1625\"><strong data-start=\"1588\" data-end=\"1601\">V\u00f9ng sau:<\/strong> 1300W \u2013 Booster 1500W<\/li>\n<li data-start=\"1626\" data-end=\"1663\"><strong data-start=\"1628\" data-end=\"1647\">T\u1ed5ng c\u00f4ng su\u1ea5t:<\/strong> l\u00ean \u0111\u1ebfn 3500W<\/li>\n<\/ul>\n<p data-start=\"1665\" data-end=\"1792\">Ch\u1ee9c n\u0103ng Booster gi\u00fap t\u0103ng t\u1ed1c n\u1ea5u \u0103n nhanh ch\u00f3ng, \u0111\u1eb7c bi\u1ec7t h\u1eefu \u00edch khi c\u1ea7n \u0111un s\u00f4i ho\u1eb7c ch\u1ebf bi\u1ebfn m\u00f3n \u0103n trong th\u1eddi gian ng\u1eafn.<\/p>\n<h3 data-start=\"1794\" data-end=\"1828\">\u0110i\u1ec1u khi\u1ec3n c\u1ea3m \u1ee9ng tr\u01b0\u1ee3t 9 m\u1ee9c<\/h3>\n<p data-start=\"1829\" data-end=\"1899\">B\u1ebfp s\u1eed d\u1ee5ng b\u1ea3ng \u0111i\u1ec1u khi\u1ec3n c\u1ea3m \u1ee9ng v\u1edbi <strong data-start=\"1869\" data-end=\"1888\">9 m\u1ee9c c\u00f4ng su\u1ea5t<\/strong>, cho ph\u00e9p:<\/p>\n<ul data-start=\"1901\" data-end=\"2006\">\n<li data-start=\"1901\" data-end=\"1934\">\u0110i\u1ec1u ch\u1ec9nh nhi\u1ec7t \u0111\u1ed9 linh ho\u1ea1t<\/li>\n<li data-start=\"1935\" data-end=\"1972\">Ph\u00f9 h\u1ee3p v\u1edbi nhi\u1ec1u ph\u01b0\u01a1ng ph\u00e1p n\u1ea5u<\/li>\n<li data-start=\"1973\" data-end=\"2006\">Thao t\u00e1c \u0111\u01a1n gi\u1ea3n, d\u1ec5 s\u1eed d\u1ee5ng<\/li>\n<\/ul>\n<p data-start=\"2008\" data-end=\"2120\">Kh\u1ea3 n\u0103ng ph\u1ea3n h\u1ed3i nhanh gi\u00fap b\u1ebfp \u0111i\u1ec1u ch\u1ec9nh nhi\u1ec7t g\u1ea7n nh\u01b0 t\u1ee9c th\u00ec, \u0111\u1ea3m b\u1ea3o m\u00f3n \u0103n ch\u00edn \u0111\u1ec1u v\u00e0 gi\u1eef tr\u1ecdn h\u01b0\u01a1ng v\u1ecb.<\/p>\n<p data-start=\"2008\" data-end=\"2120\"><img decoding=\"async\" src=\"https:\/\/grandx.com.vn\/wp-content\/uploads\/2025\/01\/GX-ID505-02-1.png\" \/><\/p>\n<hr data-start=\"2122\" data-end=\"2125\" \/>\n<h2 data-start=\"2127\" data-end=\"2190\">C\u00f4ng ngh\u1ec7 gia nhi\u1ec7t nhanh \u2013 Ti\u1ebft ki\u1ec7m th\u1eddi gian v\u00e0 \u0111i\u1ec7n n\u0103ng<\/h2>\n<p data-start=\"2192\" data-end=\"2273\">GX ID505 c\u00f3 kh\u1ea3 n\u0103ng <strong data-start=\"2213\" data-end=\"2266\">gia nhi\u1ec7t nhanh g\u1ea5p 2 l\u1ea7n so v\u1edbi b\u1ebfp truy\u1ec1n th\u1ed1ng<\/strong>, gi\u00fap:<\/p>\n<ul data-start=\"2275\" data-end=\"2357\">\n<li data-start=\"2275\" data-end=\"2307\">R\u00fat ng\u1eafn th\u1eddi gian n\u1ea5u n\u01b0\u1edbng<\/li>\n<li data-start=\"2308\" data-end=\"2331\">Ti\u1ebft ki\u1ec7m \u0111i\u1ec7n n\u0103ng<\/li>\n<li data-start=\"2332\" data-end=\"2357\">T\u0103ng hi\u1ec7u qu\u1ea3 s\u1eed d\u1ee5ng<\/li>\n<\/ul>\n<p data-start=\"2359\" data-end=\"2504\">B\u1ebfp ho\u1ea1t \u0111\u1ed9ng d\u1ef1a tr\u00ean nguy\u00ean l\u00fd c\u1ea3m \u1ee9ng t\u1eeb, ch\u1ec9 l\u00e0m n\u00f3ng \u0111\u00e1y n\u1ed3i m\u00e0 kh\u00f4ng l\u00e0m n\u00f3ng b\u1ec1 m\u1eb7t b\u1ebfp, gi\u00fap gi\u1ea3m th\u1ea5t tho\u00e1t nhi\u1ec7t v\u00e0 n\u00e2ng cao hi\u1ec7u su\u1ea5t.<\/p>\n<hr data-start=\"2506\" data-end=\"2509\" \/>\n<h2 data-start=\"2511\" data-end=\"2561\">T\u00ednh n\u0103ng th\u00f4ng minh \u2013 H\u1ed7 tr\u1ee3 t\u1ed1i \u0111a ng\u01b0\u1eddi d\u00f9ng<\/h2>\n<\/div>\n<div class=\"markdown prose dark:prose-invert w-full wrap-break-word light markdown-new-styling\">\n<p data-start=\"2563\" data-end=\"2649\">GX ID505 \u0111\u01b0\u1ee3c trang b\u1ecb nhi\u1ec1u t\u00ednh n\u0103ng ti\u1ec7n \u00edch, gi\u00fap vi\u1ec7c n\u1ea5u \u0103n tr\u1edf n\u00ean d\u1ec5 d\u00e0ng h\u01a1n:<\/p>\n<ul data-start=\"2651\" data-end=\"2847\">\n<li data-start=\"2651\" data-end=\"2706\"><strong data-start=\"2653\" data-end=\"2681\">H\u1eb9n gi\u1edd l\u00ean \u0111\u1ebfn 99 ph\u00fat:<\/strong> Ch\u1ee7 \u0111\u1ed9ng th\u1eddi gian n\u1ea5u<\/li>\n<li data-start=\"2707\" data-end=\"2770\"><strong data-start=\"2709\" data-end=\"2735\">T\u1ef1 \u0111\u1ed9ng nh\u1eadn di\u1ec7n n\u1ed3i:<\/strong> Ch\u1ec9 ho\u1ea1t \u0111\u1ed9ng khi c\u00f3 n\u1ed3i ph\u00f9 h\u1ee3p<\/li>\n<li data-start=\"2771\" data-end=\"2847\"><strong data-start=\"2773\" data-end=\"2795\">Chia s\u1ebb c\u00f4ng su\u1ea5t:<\/strong> T\u1ed1i \u01b0u \u0111i\u1ec7n n\u0103ng khi s\u1eed d\u1ee5ng \u0111\u1ed3ng th\u1eddi 2 v\u00f9ng n\u1ea5u<\/li>\n<\/ul>\n<p data-start=\"2849\" data-end=\"2942\">Nh\u1eefng t\u00ednh n\u0103ng n\u00e0y \u0111\u1eb7c bi\u1ec7t h\u1eefu \u00edch v\u1edbi ng\u01b0\u1eddi b\u1eadn r\u1ed9n, gi\u00fap ti\u1ebft ki\u1ec7m th\u1eddi gian v\u00e0 c\u00f4ng s\u1ee9c.<\/p>\n<p data-start=\"2849\" data-end=\"2942\"><img decoding=\"async\" src=\"https:\/\/grandx.com.vn\/wp-content\/uploads\/2025\/01\/GX-ID505-04.png\" \/><\/p>\n<hr data-start=\"2944\" data-end=\"2947\" \/>\n<h2 data-start=\"2949\" data-end=\"2990\">An to\u00e0n tuy\u1ec7t \u0111\u1ed1i \u2013 B\u1ea3o v\u1ec7 c\u1ea3 gia \u0111\u00ecnh<\/h2>\n<p><img decoding=\"async\" src=\"https:\/\/grandx.com.vn\/wp-content\/uploads\/2025\/01\/GX-ID505-03.png\" \/><\/p>\n<p data-start=\"2992\" data-end=\"3081\">B\u1ebfp t\u1eeb GX ID505 \u0111\u01b0\u1ee3c t\u00edch h\u1ee3p h\u1ec7 th\u1ed1ng an to\u00e0n to\u00e0n di\u1ec7n, \u0111\u1ea3m b\u1ea3o s\u1ef1 y\u00ean t\u00e2m khi s\u1eed d\u1ee5ng:<\/p>\n<ul data-start=\"3083\" data-end=\"3350\">\n<li data-start=\"3083\" data-end=\"3132\"><strong data-start=\"3085\" data-end=\"3104\">Water Overflow:<\/strong> T\u1ef1 \u0111\u1ed9ng t\u1eaft khi n\u01b0\u1edbc tr\u00e0n<\/li>\n<li data-start=\"3133\" data-end=\"3165\"><strong data-start=\"3135\" data-end=\"3163\">T\u1ef1 ng\u1eaft khi kh\u00f4ng c\u00f3 n\u1ed3i<\/strong><\/li>\n<li data-start=\"3166\" data-end=\"3226\"><strong data-start=\"3168\" data-end=\"3183\">Child Lock:<\/strong> Kh\u00f3a tr\u1ebb em, tr\u00e1nh thao t\u00e1c ngo\u00e0i \u00fd mu\u1ed1n<\/li>\n<li data-start=\"3227\" data-end=\"3288\"><strong data-start=\"3229\" data-end=\"3252\">C\u1ea3m bi\u1ebfn qu\u00e1 nhi\u1ec7t:<\/strong> Ng\u1eaft b\u1ebfp khi nhi\u1ec7t \u0111\u1ed9 v\u01b0\u1ee3t ng\u01b0\u1ee1ng<\/li>\n<li data-start=\"3289\" data-end=\"3350\"><strong data-start=\"3291\" data-end=\"3317\">C\u1ea3nh b\u00e1o nhi\u1ec7t d\u01b0 \u201cH\u201d:<\/strong> Khi m\u1eb7t b\u1ebfp c\u00f2n n\u00f3ng tr\u00ean 60\u00b0C<\/li>\n<\/ul>\n<p data-start=\"3352\" data-end=\"3437\">Nh\u1eefng t\u00ednh n\u0103ng n\u00e0y gi\u00fap gi\u1ea3m thi\u1ec3u r\u1ee7i ro, \u0111\u1eb7c bi\u1ec7t ph\u00f9 h\u1ee3p v\u1edbi gia \u0111\u00ecnh c\u00f3 tr\u1ebb nh\u1ecf.<\/p>\n<hr data-start=\"3439\" data-end=\"3442\" \/>\n<h2 data-start=\"3444\" data-end=\"3492\">Tr\u1ea3i nghi\u1ec7m s\u1eed d\u1ee5ng \u2013 \u0110\u01a1n gi\u1ea3n nh\u01b0ng hi\u1ec7u qu\u1ea3<\/h2>\n<p data-start=\"3494\" data-end=\"3531\">GX ID505 mang \u0111\u1ebfn tr\u1ea3i nghi\u1ec7m n\u1ea5u \u0103n:<\/p>\n<ul data-start=\"3533\" data-end=\"3600\">\n<li data-start=\"3533\" data-end=\"3548\">Nhanh ch\u00f3ng<\/li>\n<li data-start=\"3549\" data-end=\"3562\">Ch\u00ednh x\u00e1c<\/li>\n<li data-start=\"3563\" data-end=\"3578\">D\u1ec5 thao t\u00e1c<\/li>\n<li data-start=\"3579\" data-end=\"3600\">An to\u00e0n tuy\u1ec7t \u0111\u1ed1i<\/li>\n<\/ul>\n<p data-start=\"3602\" data-end=\"3698\">D\u00f9 b\u1ea1n l\u00e0 ng\u01b0\u1eddi n\u1ed9i tr\u1ee3 l\u00e2u n\u0103m hay ng\u01b0\u1eddi m\u1edbi b\u1eaft \u0111\u1ea7u, s\u1ea3n ph\u1ea9m \u0111\u1ec1u \u0111\u00e1p \u1ee9ng t\u1ed1t nhu c\u1ea7u s\u1eed d\u1ee5ng.<\/p>\n<hr data-start=\"3700\" data-end=\"3703\" \/>\n<h2 data-start=\"3705\" data-end=\"3734\">Th\u00f4ng s\u1ed1 k\u1ef9 thu\u1eadt chi ti\u1ebft<\/h2>\n<ul data-start=\"3736\" data-end=\"4163\">\n<li data-start=\"3736\" data-end=\"3773\"><strong data-start=\"3738\" data-end=\"3755\">T\u00ean s\u1ea3n ph\u1ea9m:<\/strong> B\u1ebfp t\u1eeb GX ID505<\/li>\n<li data-start=\"3774\" data-end=\"3799\"><strong data-start=\"3776\" data-end=\"3788\">Xu\u1ea5t x\u1ee9:<\/strong> Malaysia<\/li>\n<li data-start=\"3800\" data-end=\"3822\"><strong data-start=\"3802\" data-end=\"3818\">S\u1ed1 v\u00f9ng n\u1ea5u:<\/strong> 2<\/li>\n<li data-start=\"3823\" data-end=\"3854\"><strong data-start=\"3825\" data-end=\"3838\">M\u1eb7t k\u00ednh:<\/strong> EURO Platinum<\/li>\n<li data-start=\"3855\" data-end=\"3894\"><strong data-start=\"3857\" data-end=\"3872\">\u0110i\u1ec1u khi\u1ec3n:<\/strong> C\u1ea3m \u1ee9ng tr\u01b0\u1ee3t 9 m\u1ee9c<\/li>\n<li data-start=\"3895\" data-end=\"3946\"><strong data-start=\"3897\" data-end=\"3922\">C\u00f4ng su\u1ea5t v\u00f9ng tr\u01b0\u1edbc:<\/strong> 1800W \u2013 Booster 2000W<\/li>\n<li data-start=\"3947\" data-end=\"3996\"><strong data-start=\"3949\" data-end=\"3972\">C\u00f4ng su\u1ea5t v\u00f9ng sau:<\/strong> 1300W \u2013 Booster 1500W<\/li>\n<li data-start=\"3997\" data-end=\"4026\"><strong data-start=\"3999\" data-end=\"4018\">T\u1ed5ng c\u00f4ng su\u1ea5t:<\/strong> 3500W<\/li>\n<li data-start=\"4027\" data-end=\"4061\"><strong data-start=\"4029\" data-end=\"4041\">\u0110i\u1ec7n \u00e1p:<\/strong> 220 \u2013 240V \/ 50Hz<\/li>\n<li data-start=\"4062\" data-end=\"4102\"><strong data-start=\"4064\" data-end=\"4083\">K\u00edch th\u01b0\u1edbc b\u1ebfp:<\/strong> 288 x 520 x 60mm<\/li>\n<li data-start=\"4103\" data-end=\"4132\"><strong data-start=\"4105\" data-end=\"4118\">Kho\u00e9t \u0111\u00e1:<\/strong> 268 x 500mm<\/li>\n<li data-start=\"4133\" data-end=\"4163\"><strong data-start=\"4135\" data-end=\"4148\">Lo\u1ea1i n\u1ed3i:<\/strong> \u0110\u00e1y nhi\u1ec5m t\u1eeb<\/li>\n<\/ul>\n<hr data-start=\"4165\" data-end=\"4168\" \/>\n<h2 data-start=\"4170\" data-end=\"4206\">Ph\u00f9 h\u1ee3p v\u1edbi nhi\u1ec1u nhu c\u1ea7u s\u1eed d\u1ee5ng<\/h2>\n<p data-start=\"4208\" data-end=\"4242\">GX ID505 l\u00e0 l\u1ef1a ch\u1ecdn l\u00fd t\u01b0\u1edfng cho:<\/p>\n<ul data-start=\"4244\" data-end=\"4350\">\n<li data-start=\"4244\" data-end=\"4266\">C\u0103n h\u1ed9 nh\u1ecf, studio<\/li>\n<li data-start=\"4267\" data-end=\"4288\">Gia \u0111\u00ecnh \u00edt ng\u01b0\u1eddi<\/li>\n<li data-start=\"4289\" data-end=\"4318\">B\u1ebfp ph\u1ee5 ho\u1eb7c b\u1ebfp d\u1ef1 ph\u00f2ng<\/li>\n<li data-start=\"4319\" data-end=\"4350\">Ng\u01b0\u1eddi y\u00eau th\u00edch s\u1ef1 t\u1ed1i gi\u1ea3n<\/li>\n<\/ul>\n<p data-start=\"4352\" data-end=\"4434\">S\u1ea3n ph\u1ea9m mang l\u1ea1i s\u1ef1 c\u00e2n b\u1eb1ng ho\u00e0n h\u1ea3o gi\u1eefa <strong data-start=\"4396\" data-end=\"4433\">hi\u1ec7u n\u0103ng \u2013 ti\u1ec7n nghi \u2013 gi\u00e1 th\u00e0nh<\/strong>.<\/p>\n<hr data-start=\"4436\" data-end=\"4439\" \/>\n<h2 data-start=\"4441\" data-end=\"4492\">\u0110\u1ed3ng b\u1ed9 kh\u00f4ng gian b\u1ebfp c\u00f9ng h\u1ec7 sinh th\u00e1i Ehrlich<\/h2>\n<p data-start=\"4494\" data-end=\"4669\">\u0110\u1ec3 t\u1ea1o n\u00ean m\u1ed9t kh\u00f4ng gian b\u1ebfp hi\u1ec7n \u0111\u1ea1i v\u00e0 \u0111\u1ed3ng b\u1ed9, GX ID505 c\u00f3 th\u1ec3 k\u1ebft h\u1ee3p c\u00f9ng c\u00e1c thi\u1ebft b\u1ecb b\u1ebfp v\u00e0 v\u1ec7 sinh t\u1eeb <strong data-start=\"4605\" data-end=\"4616\">Ehrlich<\/strong>, gi\u00fap t\u1ed1i \u01b0u c\u00f4ng n\u0103ng v\u00e0 n\u00e2ng cao th\u1ea9m m\u1ef9 t\u1ed5ng th\u1ec3.<\/p>\n<hr data-start=\"4671\" data-end=\"4674\" \/>\n<h2 data-start=\"4676\" data-end=\"4687\">K\u1ebft lu\u1eadn<\/h2>\n<p data-start=\"4689\" data-end=\"4960\">B\u1ebfp t\u1eeb GX ID505 l\u00e0 l\u1ef1a ch\u1ecdn ho\u00e0n h\u1ea3o cho nh\u1eefng ai \u0111ang t\u00ecm ki\u1ebfm m\u1ed9t thi\u1ebft b\u1ecb b\u1ebfp nh\u1ecf g\u1ecdn nh\u01b0ng v\u1eabn m\u1ea1nh m\u1ebd, ti\u1ebft ki\u1ec7m \u0111i\u1ec7n v\u00e0 an to\u00e0n. V\u1edbi thi\u1ebft k\u1ebf Domino hi\u1ec7n \u0111\u1ea1i, c\u00f4ng ngh\u1ec7 ti\u00ean ti\u1ebfn v\u00e0 m\u1ee9c gi\u00e1 h\u1ee3p l\u00fd, s\u1ea3n ph\u1ea9m mang \u0111\u1ebfn tr\u1ea3i nghi\u1ec7m n\u1ea5u n\u01b0\u1edbng ti\u1ec7n nghi cho m\u1ecdi gia \u0111\u00ecnh.<\/p>\n<p data-start=\"4962\" data-end=\"5079\" data-is-last-node=\"\" data-is-only-node=\"\">\ud83d\udc49 N\u1ebfu b\u1ea1n c\u1ea7n m\u1ed9t chi\u1ebfc b\u1ebfp t\u1eeb \u201cnh\u1ecf m\u00e0 c\u00f3 v\u00f5\u201d, th\u00ec GX ID505 ch\u1eafc ch\u1eafn l\u00e0 l\u1ef1a ch\u1ecdn \u0111\u00e1ng c\u00e2n nh\u1eafc cho c\u0103n b\u1ebfp c\u1ee7a b\u1ea1n.<\/p>\n<\/div>\n<\/div>\n<\/div>\n<\/div>\n<\/div>\n<\/div>\n<\/section>\n<\/div>\n<p data-start=\"4866\" data-end=\"4979\"><strong data-start=\"4866\" data-end=\"4917\">Ehrlich Vi\u1ec7t Nam \u2013 Thi\u1ebft B\u1ecb Nh\u00e0 B\u1ebfp &amp; Ph\u00f2ng T\u1eafm<\/strong><br data-start=\"4917\" data-end=\"4920\" \/>\ud83d\udccd \u0110\u1ecba ch\u1ec9: S\u1ed1 6 Li\u1ec1n K\u1ec1 22, K\u0110T V\u0103n Kh\u00ea, H\u00e0 \u0110\u00f4ng, H\u00e0 N\u1ed9i<\/p>\n<p data-start=\"4981\" data-end=\"5105\">\ud83c\udf10 Website: <a class=\"decorated-link\" href=\"https:\/\/ehrlichvietnam.vn\/\" target=\"_new\" rel=\"noopener\" data-start=\"4993\" data-end=\"5019\">https:\/\/ehrlichvietnam.vn\/<\/a><br data-start=\"5019\" data-end=\"5022\" \/>\ud83d\udcde Hotline: <strong data-start=\"5034\" data-end=\"5051\">0932 27 05 20<\/strong><br data-start=\"5051\" data-end=\"5054\" \/>\ud83d\udcac Zalo OA: <a class=\"decorated-link\" href=\"https:\/\/zalo.me\/s\/2888141157129558325\" target=\"_new\" rel=\"noopener\" data-start=\"5066\" data-end=\"5103\">https:\/\/zalo.me\/s\/2888141157129558325<\/a><\/p>\n<p data-start=\"5107\" data-end=\"5218\">\ud83c\udfa5 TikTok: <a class=\"decorated-link\" href=\"https:\/\/www.tiktok.com\/@ehrlich.chia.s?_r=1\" target=\"_new\" rel=\"noopener\" data-start=\"5118\" data-end=\"5162\">https:\/\/www.tiktok.com\/@ehrlichthietbivesinh<\/a><br data-start=\"5162\" data-end=\"5165\" \/>\u25b6\ufe0f YouTube: <a class=\"decorated-link\" href=\"https:\/\/www.youtube.com\/@EhrlichVietNam\" target=\"_new\" rel=\"noopener\" data-start=\"5177\" data-end=\"5216\">https:\/\/www.youtube.com\/@EhrlichVietNam<\/a><\/p>\n<p data-start=\"5220\" data-end=\"5265\">\ud83d\ude9a Giao h\u00e0ng to\u00e0n qu\u1ed1c \u2013 t\u01b0 v\u1ea5n nhanh ch\u00f3ng<\/p>\n<p data-start=\"5267\" data-end=\"5313\">\ud83d\udc49 <strong data-start=\"5270\" data-end=\"5313\">Inbox ngay \u0111\u1ec3 nh\u1eadn \u01b0u \u0111\u00e3i th\u00eam h\u00f4m nay!<\/strong><\/p>\n<\/div>\n<\/div>\n<\/div>\n<\/div>\n<div class=\"z-0 flex min-h-[46px] justify-start\"><\/div>\n<div class=\"mt-3 w-full empty:hidden\">\n<div class=\"text-center\">\n<div>\n<div class=\"inline-flex border border-gray-100 dark:border-gray-700 rounded-xl\">\n<div class=\"bg-token-main-surface-tertiary w-px flex-1 self-stretch\"><\/div>\n<\/div>\n<\/div>\n<\/div>\n<\/div>\n","protected":false},"excerpt":{"rendered":"<p>C\u00e1c d\u00f2ng b\u1ebfp hi\u1ec7n \u0111\u1ea1i ng\u00e0y nay kh\u00f4ng ch\u1ec9 \u0111\u00e1p \u1ee9ng nhu c\u1ea7u n\u1ea5u n\u01b0\u1edbng nhanh ch\u00f3ng m\u00e0 c\u00f2n h\u01b0\u1edbng \u0111\u1ebfn s\u1ef1 ti\u1ebft ki\u1ec7m \u0111i\u1ec7n, an to\u00e0n v\u00e0 t\u00ednh th\u1ea9m m\u1ef9 cao. V\u1edbi thi\u1ebft k\u1ebf tinh g\u1ecdn, c\u00f4ng ngh\u1ec7 th\u00f4ng minh v\u00e0 kh\u1ea3 n\u0103ng v\u1eadn h\u00e0nh \u1ed5n \u0111\u1ecbnh, s\u1ea3n ph\u1ea9m mang l\u1ea1i tr\u1ea3i nghi\u1ec7m ti\u1ec7n nghi cho m\u1ecdi gia \u0111\u00ecnh. Khi k\u1ebft h\u1ee3p c\u00f9ng h\u1ec7 sinh th\u00e1i thi\u1ebft b\u1ecb nh\u00e0 b\u1ebfp v\u00e0 v\u1ec7 sinh t\u1eeb <strong data-start=\"337\" data-end=\"348\">Ehrlich<\/strong>, kh\u00f4ng gian s\u1ed1ng \u0111\u01b0\u1ee3c ho\u00e0n thi\u1ec7n \u0111\u1ed3ng b\u1ed9, hi\u1ec7n \u0111\u1ea1i v\u00e0 t\u1ed1i \u01b0u c\u00f4ng n\u0103ng s\u1eed d\u1ee5ng.<\/p>\n","protected":false},"featured_media":4761,"comment_status":"open","ping_status":"closed","template":"","meta":{"_acf_changed":false},"product_brand":[162],"product_cat":[165,15,44,81],"product_tag":[],"class_list":{"0":"post-4681","1":"product","2":"type-product","3":"status-publish","4":"has-post-thumbnail","6":"product_brand-grandx","7":"product_cat-bep-tu-grandx","8":"product_cat-san-pham","9":"product_cat-thiet-bi-phong-bep","10":"product_cat-bep-tu","12":"first","13":"outofstock","14":"shipping-taxable","15":"product-type-simple"},"acf":[],"_links":{"self":[{"href":"https:\/\/ehrlichvietnam.vn\/en\/wp-json\/wp\/v2\/product\/4681","targetHints":{"allow":["GET"]}}],"collection":[{"href":"https:\/\/ehrlichvietnam.vn\/en\/wp-json\/wp\/v2\/product"}],"about":[{"href":"https:\/\/ehrlichvietnam.vn\/en\/wp-json\/wp\/v2\/types\/product"}],"replies":[{"embeddable":true,"href":"https:\/\/ehrlichvietnam.vn\/en\/wp-json\/wp\/v2\/comments?post=4681"}],"wp:featuredmedia":[{"embeddable":true,"href":"https:\/\/ehrlichvietnam.vn\/en\/wp-json\/wp\/v2\/media\/4761"}],"wp:attachment":[{"href":"https:\/\/ehrlichvietnam.vn\/en\/wp-json\/wp\/v2\/media?parent=4681"}],"wp:term":[{"taxonomy":"product_brand","embeddable":true,"href":"https:\/\/ehrlichvietnam.vn\/en\/wp-json\/wp\/v2\/product_brand?post=4681"},{"taxonomy":"product_cat","embeddable":true,"href":"https:\/\/ehrlichvietnam.vn\/en\/wp-json\/wp\/v2\/product_cat?post=4681"},{"taxonomy":"product_tag","embeddable":true,"href":"https:\/\/ehrlichvietnam.vn\/en\/wp-json\/wp\/v2\/product_tag?post=4681"}],"curies":[{"name":"wp","href":"https:\/\/api.w.org\/{rel}","templated":true}]}}