{"id":4662,"date":"2026-04-09T10:00:42","date_gmt":"2026-04-09T10:00:42","guid":{"rendered":"https:\/\/ehrlichvietnam.vn\/?post_type=product&#038;p=4662"},"modified":"2026-04-15T04:30:40","modified_gmt":"2026-04-15T04:30:40","slug":"bep-tu-cao-cap-gx-ih788lux","status":"publish","type":"product","link":"https:\/\/ehrlichvietnam.vn\/bep-tu-cao-cap-gx-ih788lux\/","title":{"rendered":"B\u1ebfp t\u1eeb cao c\u1ea5p GRANDX  GX IH788LUX"},"content":{"rendered":"<div class=\"flex max-w-full flex-col gap-4 grow\">\n<div class=\"min-h-8 text-message relative flex w-full flex-col items-end gap-2 text-start break-words whitespace-normal outline-none keyboard-focused:focus-ring [.text-message+&amp;]:mt-1\" dir=\"auto\" tabindex=\"0\" data-message-author-role=\"assistant\" data-message-id=\"c9d49429-a379-4851-8555-4af9fa245422\" data-message-model-slug=\"gpt-5-3\" data-turn-start-message=\"true\">\n<div class=\"flex w-full flex-col gap-1 empty:hidden\">\n<div class=\"markdown prose dark:prose-invert w-full wrap-break-word light markdown-new-styling\">\n<div class=\"flex flex-col text-sm pb-25\">\n<section class=\"text-token-text-primary w-full focus:outline-none [--shadow-height:45px] has-data-writing-block:pointer-events-none has-data-writing-block:-mt-(--shadow-height) has-data-writing-block:pt-(--shadow-height) [&amp;:has([data-writing-block])&gt;*]:pointer-events-auto scroll-mt-[calc(var(--header-height)+min(200px,max(70px,20svh)))]\" dir=\"auto\" data-turn-id=\"request-WEB:c6c39ca1-e590-47a0-bd6e-04e9219b2766-9\" data-testid=\"conversation-turn-20\" data-scroll-anchor=\"true\" data-turn=\"assistant\">\n<div class=\"text-base my-auto mx-auto pb-10 [--thread-content-margin:var(--thread-content-margin-xs,calc(var(--spacing)*4))] @w-sm\/main:[--thread-content-margin:var(--thread-content-margin-sm,calc(var(--spacing)*6))] @w-lg\/main:[--thread-content-margin:var(--thread-content-margin-lg,calc(var(--spacing)*16))] px-(--thread-content-margin)\">\n<div class=\"[--thread-content-max-width:40rem] @w-lg\/main:[--thread-content-max-width:48rem] mx-auto max-w-(--thread-content-max-width) flex-1 group\/turn-messages focus-visible:outline-hidden relative flex w-full min-w-0 flex-col agent-turn\">\n<div class=\"flex max-w-full flex-col gap-4 grow\">\n<div class=\"min-h-8 text-message relative flex w-full flex-col items-end gap-2 text-start break-words whitespace-normal outline-none keyboard-focused:focus-ring [.text-message+&amp;]:mt-1\" dir=\"auto\" tabindex=\"0\" data-message-author-role=\"assistant\" data-message-id=\"6add08e6-c6f8-4385-9e4d-139717580cee\" data-message-model-slug=\"gpt-5-3\" data-turn-start-message=\"true\">\n<div class=\"flex w-full flex-col gap-1 empty:hidden\">\n<div class=\"markdown prose dark:prose-invert w-full wrap-break-word light markdown-new-styling\">\n<h2 data-start=\"0\" data-end=\"73\"><img decoding=\"async\" src=\"https:\/\/grandx.com.vn\/wp-content\/uploads\/2025\/01\/GX-IH788Lux-phoi-canh-1920x800-2-scaled.jpg\" \/><\/h2>\n<h2 data-start=\"0\" data-end=\"73\">B\u1ebfp t\u1eeb GX IH788LUX Series 7 \u2013 N\u00e2ng t\u1ea7m ti\u1ec7n nghi cho gian b\u1ebfp hi\u1ec7n \u0111\u1ea1i<\/h2>\n<p data-start=\"75\" data-end=\"474\">Trong cu\u1ed9c s\u1ed1ng hi\u1ec7n \u0111\u1ea1i, c\u0103n b\u1ebfp kh\u00f4ng ch\u1ec9 l\u00e0 n\u01a1i n\u1ea5u n\u01b0\u1edbng m\u00e0 c\u00f2n l\u00e0 kh\u00f4ng gian th\u1ec3 hi\u1ec7n phong c\u00e1ch s\u1ed1ng c\u1ee7a m\u1ed7i gia \u0111\u00ecnh. Vi\u1ec7c l\u1ef1a ch\u1ecdn m\u1ed9t chi\u1ebfc b\u1ebfp t\u1eeb v\u1eeba \u0111\u1eb9p, v\u1eeba b\u1ec1n, l\u1ea1i ti\u1ebft ki\u1ec7m \u0111i\u1ec7n v\u00e0 an to\u00e0n l\u00e0 \u0111i\u1ec1u m\u00e0 nhi\u1ec1u ng\u01b0\u1eddi n\u1ed9i tr\u1ee3 quan t\u00e2m. <strong data-start=\"320\" data-end=\"351\">B\u1ebfp t\u1eeb GX IH788LUX Series 7<\/strong> ch\u00ednh l\u00e0 gi\u1ea3i ph\u00e1p ho\u00e0n h\u1ea3o khi h\u1ed9i t\u1ee5 \u0111\u1ea7y \u0111\u1ee7 c\u00e1c y\u1ebfu t\u1ed1: thi\u1ebft k\u1ebf sang tr\u1ecdng, c\u00f4ng ngh\u1ec7 ti\u00ean ti\u1ebfn v\u00e0 hi\u1ec7u su\u1ea5t v\u01b0\u1ee3t tr\u1ed9i.<\/p>\n<hr data-start=\"476\" data-end=\"479\" \/>\n<h2 data-start=\"481\" data-end=\"515\">T\u1ed5ng quan v\u1ec1 b\u1ebfp t\u1eeb GX IH788LUX<\/h2>\n<p data-start=\"517\" data-end=\"820\">B\u1ebfp t\u1eeb GX IH788LUX thu\u1ed9c d\u00f2ng Series 7 c\u1ee7a GrandX, \u0111\u01b0\u1ee3c s\u1ea3n xu\u1ea5t t\u1ea1i Malaysia v\u1edbi ti\u00eau chu\u1ea9n ch\u1ea5t l\u01b0\u1ee3ng cao, s\u1eed d\u1ee5ng linh ki\u1ec7n ch\u00e2u \u00c2u v\u00e0 t\u00edch h\u1ee3p c\u00f4ng ngh\u1ec7 hi\u1ec7n \u0111\u1ea1i. S\u1ea3n ph\u1ea9m kh\u00f4ng ch\u1ec9 \u0111\u00e1p \u1ee9ng nhu c\u1ea7u n\u1ea5u \u0103n nhanh ch\u00f3ng m\u00e0 c\u00f2n gi\u00fap ti\u1ebft ki\u1ec7m \u0111i\u1ec7n n\u0103ng v\u00e0 \u0111\u1ea3m b\u1ea3o an to\u00e0n t\u1ed1i \u0111a trong qu\u00e1 tr\u00ecnh s\u1eed d\u1ee5ng.<\/p>\n<p data-start=\"822\" data-end=\"1026\">\u0110i\u1ec3m n\u1ed5i b\u1eadt c\u1ee7a model n\u00e0y ch\u00ednh l\u00e0 s\u1ef1 k\u1ebft h\u1ee3p gi\u1eefa <strong data-start=\"874\" data-end=\"914\">c\u00f4ng ngh\u1ec7 Half Bridge Smart INVERTER<\/strong>, h\u1ec7 linh ki\u1ec7n cao c\u1ea5p c\u00f9ng thi\u1ebft k\u1ebf tinh t\u1ebf, mang \u0111\u1ebfn tr\u1ea3i nghi\u1ec7m n\u1ea5u n\u01b0\u1edbng ti\u1ec7n nghi v\u00e0 b\u1ec1n b\u1ec9 theo th\u1eddi gian.<\/p>\n<hr data-start=\"1028\" data-end=\"1031\" \/>\n<h2 data-start=\"1033\" data-end=\"1085\"><img decoding=\"async\" src=\"https:\/\/grandx.com.vn\/wp-content\/uploads\/2025\/01\/GX-IH788Lux-phoi-canh-900x600-5.jpg\" \/><\/h2>\n<h2 data-start=\"1033\" data-end=\"1085\">Thi\u1ebft k\u1ebf sang tr\u1ecdng \u2013 Tinh t\u1ebf trong t\u1eebng chi ti\u1ebft<\/h2>\n<p data-start=\"1087\" data-end=\"1232\">Ngay t\u1eeb c\u00e1i nh\u00ecn \u0111\u1ea7u ti\u00ean, GX IH788LUX \u0111\u00e3 g\u00e2y \u1ea5n t\u01b0\u1ee3ng v\u1edbi v\u1ebb ngo\u00e0i hi\u1ec7n \u0111\u1ea1i, ph\u00f9 h\u1ee3p v\u1edbi nhi\u1ec1u kh\u00f4ng gian b\u1ebfp t\u1eeb chung c\u01b0 \u0111\u1ebfn nh\u00e0 ph\u1ed1, bi\u1ec7t th\u1ef1.<\/p>\n<h3 data-start=\"1234\" data-end=\"1268\">M\u1eb7t k\u00ednh EURO Platinum cao c\u1ea5p<\/h3>\n<p data-start=\"1269\" data-end=\"1338\">B\u1ebfp \u0111\u01b0\u1ee3c trang b\u1ecb <strong data-start=\"1287\" data-end=\"1324\">m\u1eb7t k\u00ednh EURO Platinum v\u00e1t 4 c\u1ea1nh<\/strong>, n\u1ed5i b\u1eadt v\u1edbi:<\/p>\n<ul data-start=\"1340\" data-end=\"1448\">\n<li data-start=\"1340\" data-end=\"1383\">Kh\u1ea3 n\u0103ng ch\u1ecbu l\u1ef1c, ch\u1ecbu nhi\u1ec7t v\u01b0\u1ee3t tr\u1ed9i<\/li>\n<li data-start=\"1384\" data-end=\"1412\">Ch\u1ed1ng tr\u1ea7y x\u01b0\u1edbc hi\u1ec7u qu\u1ea3<\/li>\n<li data-start=\"1413\" data-end=\"1448\">D\u1ec5 d\u00e0ng v\u1ec7 sinh sau khi s\u1eed d\u1ee5ng<\/li>\n<\/ul>\n<p data-start=\"1450\" data-end=\"1521\">Thi\u1ebft k\u1ebf v\u00e1t c\u1ea1nh gi\u00fap t\u0103ng t\u00ednh th\u1ea9m m\u1ef9 v\u00e0 h\u1ea1n ch\u1ebf s\u1ee9t m\u1ebb khi va ch\u1ea1m.<\/p>\n<h3 data-start=\"1523\" data-end=\"1560\">Vi\u1ec1n h\u1ee3p kim nh\u00f4m Alloy Carbon 3D<\/h3>\n<p data-start=\"1561\" data-end=\"1641\">Ph\u1ea7n vi\u1ec1n b\u1ebfp s\u1eed d\u1ee5ng <strong data-start=\"1583\" data-end=\"1630\">h\u1ee3p kim nh\u00f4m ph\u1ee7 Nano Titan Alloy Carbon 3D<\/strong>, mang l\u1ea1i:<\/p>\n<ul data-start=\"1643\" data-end=\"1720\">\n<li data-start=\"1643\" data-end=\"1657\">\u0110\u1ed9 b\u1ec1n cao<\/li>\n<li data-start=\"1658\" data-end=\"1679\">Ch\u1ed1ng b\u00e1m v\u00e2n tay<\/li>\n<li data-start=\"1680\" data-end=\"1720\">T\u0103ng t\u00ednh th\u1ea9m m\u1ef9 cho kh\u00f4ng gian b\u1ebfp<\/li>\n<\/ul>\n<p data-start=\"1722\" data-end=\"1827\">T\u1ed5ng th\u1ec3 thi\u1ebft k\u1ebf mang phong c\u00e1ch t\u1ed1i gi\u1ea3n nh\u01b0ng v\u1eabn r\u1ea5t cao c\u1ea5p, ph\u00f9 h\u1ee3p v\u1edbi xu h\u01b0\u1edbng n\u1ed9i th\u1ea5t hi\u1ec7n \u0111\u1ea1i.<\/p>\n<p data-start=\"1722\" data-end=\"1827\"><img decoding=\"async\" src=\"https:\/\/grandx.com.vn\/wp-content\/uploads\/2025\/01\/GX-IH788Lux-01.jpg\" \/><\/p>\n<hr data-start=\"1829\" data-end=\"1832\" \/>\n<h2 data-start=\"1834\" data-end=\"1876\">C\u1ea5u t\u1ea1o cao c\u1ea5p \u2013 B\u1ec1n b\u1ec9 theo th\u1eddi gian<\/h2>\n<p data-start=\"1878\" data-end=\"1938\">GX IH788LUX \u0111\u01b0\u1ee3c trang b\u1ecb h\u1ec7 th\u1ed1ng linh ki\u1ec7n ch\u1ea5t l\u01b0\u1ee3ng cao:<\/p>\n<ul data-start=\"1940\" data-end=\"2164\">\n<li data-start=\"1940\" data-end=\"2036\"><strong data-start=\"1942\" data-end=\"1974\">IGBT Infineon Germany 40A X4<\/strong> k\u1ebft h\u1ee3p IC Dual IQ Smart gi\u00fap ki\u1ec3m so\u00e1t c\u00f4ng su\u1ea5t ch\u00ednh x\u00e1c<\/li>\n<li data-start=\"2037\" data-end=\"2103\"><strong data-start=\"2039\" data-end=\"2070\">M\u00e2m t\u1eeb d\u00e2y \u0111\u1ed3ng nguy\u00ean ch\u1ea5t<\/strong> cho hi\u1ec7u su\u1ea5t truy\u1ec1n nhi\u1ec7t cao<\/li>\n<li data-start=\"2104\" data-end=\"2164\"><strong data-start=\"2106\" data-end=\"2130\">Qu\u1ea1t t\u1ea3n nhi\u1ec7t Turbo<\/strong> ho\u1ea1t \u0111\u1ed9ng \u00eam \u00e1i v\u1edbi \u0111\u1ed9 \u1ed3n \u226438dB<\/li>\n<\/ul>\n<p data-start=\"2166\" data-end=\"2263\">Nh\u1edd \u0111\u00f3, b\u1ebfp v\u1eadn h\u00e0nh \u1ed5n \u0111\u1ecbnh, \u00edt hao m\u00f2n v\u00e0 c\u00f3 tu\u1ed5i th\u1ecd cao h\u01a1n so v\u1edbi c\u00e1c d\u00f2ng b\u1ebfp th\u00f4ng th\u01b0\u1eddng.<\/p>\n<hr data-start=\"2265\" data-end=\"2268\" \/>\n<h2 data-start=\"2270\" data-end=\"2335\">C\u00f4ng ngh\u1ec7 Half Bridge Smart INVERTER \u2013 Ti\u1ebft ki\u1ec7m \u0111i\u1ec7n hi\u1ec7u qu\u1ea3<\/h2>\n<p><img decoding=\"async\" src=\"https:\/\/grandx.com.vn\/wp-content\/uploads\/2025\/01\/GX-IH788Lux-02-1.jpg\" \/><\/p>\n<p data-start=\"2337\" data-end=\"2417\">B\u1ebfp t\u1eeb GX IH788LUX \u0111\u01b0\u1ee3c t\u00edch h\u1ee3p <strong data-start=\"2370\" data-end=\"2410\">c\u00f4ng ngh\u1ec7 Half Bridge Smart INVERTER<\/strong>, gi\u00fap:<\/p>\n<ul data-start=\"2419\" data-end=\"2586\">\n<li data-start=\"2419\" data-end=\"2478\">Duy tr\u00ec nhi\u1ec7t \u0111\u1ed9 \u1ed5n \u0111\u1ecbnh, \u0111\u1eb7c bi\u1ec7t \u1edf m\u1ee9c c\u00f4ng su\u1ea5t th\u1ea5p<\/li>\n<li data-start=\"2479\" data-end=\"2520\">H\u1ea1n ch\u1ebf b\u1eadt\/t\u1eaft li\u00ean t\u1ee5c g\u00e2y hao \u0111i\u1ec7n<\/li>\n<li data-start=\"2521\" data-end=\"2556\">Ti\u1ebft ki\u1ec7m \u0111\u1ebfn <strong data-start=\"2537\" data-end=\"2554\">35% \u0111i\u1ec7n n\u0103ng<\/strong><\/li>\n<li data-start=\"2557\" data-end=\"2586\">T\u0103ng \u0111\u1ed9 b\u1ec1n cho linh ki\u1ec7n<\/li>\n<\/ul>\n<p data-start=\"2588\" data-end=\"2708\">C\u00f4ng ngh\u1ec7 n\u00e0y \u0111\u1eb7c bi\u1ec7t ph\u00f9 h\u1ee3p v\u1edbi c\u00e1c m\u00f3n \u0103n c\u1ea7n n\u1ea5u l\u00e2u nh\u01b0 h\u1ea7m, ninh, kho\u2026 gi\u00fap m\u00f3n \u0103n ch\u00edn \u0111\u1ec1u v\u00e0 gi\u1eef tr\u1ecdn h\u01b0\u01a1ng v\u1ecb.<\/p>\n<hr data-start=\"2710\" data-end=\"2713\" \/>\n<h2 data-start=\"2715\" data-end=\"2766\">Hi\u1ec7u su\u1ea5t m\u1ea1nh m\u1ebd \u2013 N\u1ea5u \u0103n nhanh ch\u00f3ng, ti\u1ec7n l\u1ee3i<\/h2>\n<p data-start=\"2768\" data-end=\"2835\">B\u1ebfp \u0111\u01b0\u1ee3c trang b\u1ecb <strong data-start=\"2786\" data-end=\"2819\">2 v\u00f9ng n\u1ea5u c\u1ea3m \u1ee9ng t\u1eeb \u0111\u1ed9c l\u1eadp<\/strong>, v\u1edbi c\u00f4ng su\u1ea5t:<\/p>\n<ul data-start=\"2837\" data-end=\"2903\">\n<li data-start=\"2837\" data-end=\"2869\">C\u00f4ng su\u1ea5t th\u01b0\u1eddng: 2300W\/v\u00f9ng<\/li>\n<li data-start=\"2870\" data-end=\"2903\">Booster: l\u00ean \u0111\u1ebfn <strong data-start=\"2889\" data-end=\"2903\">3000W\/v\u00f9ng<\/strong><\/li>\n<\/ul>\n<p data-start=\"2905\" data-end=\"3016\">Ch\u1ee9c n\u0103ng Booster gi\u00fap t\u0103ng t\u1ed1c n\u1ea5u n\u01b0\u1edbng nhanh g\u1ea5p 2 l\u1ea7n so v\u1edbi b\u1ebfp truy\u1ec1n th\u1ed1ng, ti\u1ebft ki\u1ec7m th\u1eddi gian \u0111\u00e1ng k\u1ec3.<\/p>\n<h3 data-start=\"3018\" data-end=\"3055\">\u0110i\u1ec1u khi\u1ec3n c\u1ea3m \u1ee9ng tr\u01b0\u1ee3t hi\u1ec7n \u0111\u1ea1i<\/h3>\n<p data-start=\"3056\" data-end=\"3113\">B\u1ea3ng \u0111i\u1ec1u khi\u1ec3n Slider v\u1edbi <strong data-start=\"3083\" data-end=\"3103\">15 m\u1ee9c c\u00f4ng su\u1ea5t<\/strong> cho ph\u00e9p:<\/p>\n<ul data-start=\"3115\" data-end=\"3221\">\n<li data-start=\"3115\" data-end=\"3148\">\u0110i\u1ec1u ch\u1ec9nh nhi\u1ec7t \u0111\u1ed9 ch\u00ednh x\u00e1c<\/li>\n<li data-start=\"3149\" data-end=\"3182\">Ph\u00f9 h\u1ee3p nhi\u1ec1u ph\u01b0\u01a1ng ph\u00e1p n\u1ea5u<\/li>\n<li data-start=\"3183\" data-end=\"3221\">Thao t\u00e1c nhanh, nh\u1ea1y v\u00e0 d\u1ec5 s\u1eed d\u1ee5ng<\/li>\n<\/ul>\n<hr data-start=\"3223\" data-end=\"3226\" \/>\n<h2 data-start=\"3228\" data-end=\"3282\">T\u00ednh n\u0103ng n\u1ea5u th\u00f4ng minh \u2013 H\u1ed7 tr\u1ee3 t\u1ed1i \u0111a ng\u01b0\u1eddi d\u00f9ng<\/h2>\n<p data-start=\"3284\" data-end=\"3335\">GX IH788LUX \u0111\u01b0\u1ee3c t\u00edch h\u1ee3p nhi\u1ec1u t\u00ednh n\u0103ng ti\u1ec7n \u00edch:<\/p>\n<ul data-start=\"3337\" data-end=\"3592\">\n<li data-start=\"3337\" data-end=\"3391\"><strong data-start=\"3339\" data-end=\"3353\">Keep Warm:<\/strong> Gi\u1eef \u1ea5m th\u1ee9c \u0103n \u1edf 65\u00b0C \u2013 75\u00b0C \u2013 85\u00b0C<\/li>\n<li data-start=\"3392\" data-end=\"3438\"><strong data-start=\"3394\" data-end=\"3406\">Defrost:<\/strong> R\u00e3 \u0111\u00f4ng th\u1ef1c ph\u1ea9m nhanh ch\u00f3ng<\/li>\n<li data-start=\"3439\" data-end=\"3500\"><strong data-start=\"3441\" data-end=\"3452\">Frying:<\/strong> \u0110i\u1ec1u ch\u1ec9nh nhi\u1ec7t \u0111\u1ed9 chi\u00ean r\u00e1n t\u1eeb 65\u00b0C \u2013 220\u00b0C<\/li>\n<li data-start=\"3501\" data-end=\"3559\"><strong data-start=\"3503\" data-end=\"3524\">T\u1ef1 nh\u1eadn di\u1ec7n n\u1ed3i:<\/strong> Ch\u1ec9 ho\u1ea1t \u0111\u1ed9ng khi c\u00f3 n\u1ed3i ph\u00f9 h\u1ee3p<\/li>\n<li data-start=\"3560\" data-end=\"3592\"><strong data-start=\"3562\" data-end=\"3574\">H\u1eb9n gi\u1edd:<\/strong> L\u00ean \u0111\u1ebfn 99 ph\u00fat<\/li>\n<\/ul>\n<p data-start=\"3594\" data-end=\"3686\">Nh\u1eefng t\u00ednh n\u0103ng n\u00e0y gi\u00fap vi\u1ec7c n\u1ea5u \u0103n tr\u1edf n\u00ean \u0111\u01a1n gi\u1ea3n, ch\u00ednh x\u00e1c v\u00e0 ti\u1ebft ki\u1ec7m th\u1eddi gian h\u01a1n.<\/p>\n<p data-start=\"3594\" data-end=\"3686\"><img decoding=\"async\" src=\"https:\/\/grandx.com.vn\/wp-content\/uploads\/2025\/01\/GX-IH788Lux-03.jpg\" \/><\/p>\n<hr data-start=\"3688\" data-end=\"3691\" \/>\n<h2 data-start=\"3693\" data-end=\"3734\">An to\u00e0n tuy\u1ec7t \u0111\u1ed1i \u2013 B\u1ea3o v\u1ec7 c\u1ea3 gia \u0111\u00ecnh<\/h2>\n<p data-start=\"3736\" data-end=\"3796\">B\u1ebfp t\u1eeb GX IH788LUX \u0111\u01b0\u1ee3c trang b\u1ecb h\u1ec7 th\u1ed1ng an to\u00e0n to\u00e0n di\u1ec7n:<\/p>\n<ul data-start=\"3798\" data-end=\"4128\">\n<li data-start=\"3798\" data-end=\"3854\"><strong data-start=\"3800\" data-end=\"3818\">Power Balance:<\/strong> C\u00e2n b\u1eb1ng c\u00f4ng su\u1ea5t, ch\u1ed1ng qu\u00e1 t\u1ea3i<\/li>\n<li data-start=\"3855\" data-end=\"3904\"><strong data-start=\"3857\" data-end=\"3879\">Pause \u2013 Stop &amp; Go:<\/strong> T\u1ea1m d\u1eebng n\u1ea5u linh ho\u1ea1t<\/li>\n<li data-start=\"3905\" data-end=\"3944\"><strong data-start=\"3907\" data-end=\"3926\">Water Overflow:<\/strong> Ch\u1ed1ng tr\u00e0o n\u01b0\u1edbc<\/li>\n<li data-start=\"3945\" data-end=\"3977\"><strong data-start=\"3947\" data-end=\"3975\">T\u1ef1 ng\u1eaft khi kh\u00f4ng c\u00f3 n\u1ed3i<\/strong><\/li>\n<li data-start=\"3978\" data-end=\"4009\"><strong data-start=\"3980\" data-end=\"3995\">Child Lock:<\/strong> Kh\u00f3a tr\u1ebb em<\/li>\n<li data-start=\"4010\" data-end=\"4062\"><strong data-start=\"4012\" data-end=\"4038\">C\u1ea3nh b\u00e1o nhi\u1ec7t d\u01b0 (H):<\/strong> Khi m\u1eb7t b\u1ebfp tr\u00ean 60\u00b0C<\/li>\n<li data-start=\"4063\" data-end=\"4128\"><strong data-start=\"4065\" data-end=\"4088\">C\u1ea3m bi\u1ebfn qu\u00e1 nhi\u1ec7t:<\/strong> T\u1ef1 \u0111\u1ed9ng ng\u1eaft khi nhi\u1ec7t \u0111\u1ed9 v\u01b0\u1ee3t ng\u01b0\u1ee1ng<\/li>\n<\/ul>\n<p data-start=\"4130\" data-end=\"4222\">Nh\u1eefng t\u00ednh n\u0103ng n\u00e0y gi\u00fap gi\u1ea3m thi\u1ec3u r\u1ee7i ro, mang l\u1ea1i s\u1ef1 an t\u00e2m trong su\u1ed1t qu\u00e1 tr\u00ecnh s\u1eed d\u1ee5ng.<\/p>\n<hr data-start=\"4224\" data-end=\"4227\" \/>\n<h2 data-start=\"4229\" data-end=\"4277\">Hi\u1ec7u su\u1ea5t v\u1eadn h\u00e0nh \u00eam \u00e1i \u2013 T\u1ed1i \u01b0u tr\u1ea3i nghi\u1ec7m<\/h2>\n<p data-start=\"4279\" data-end=\"4353\">GX IH788LUX s\u1eed d\u1ee5ng <strong data-start=\"4299\" data-end=\"4323\">qu\u1ea1t t\u1ea3n nhi\u1ec7t Turbo<\/strong> v\u1edbi \u0111\u1ed9 \u1ed3n th\u1ea5p (\u226438dB), gi\u00fap:<\/p>\n<ul data-start=\"4355\" data-end=\"4463\">\n<li data-start=\"4355\" data-end=\"4386\">L\u00e0m m\u00e1t nhanh c\u00e1c linh ki\u1ec7n<\/li>\n<li data-start=\"4387\" data-end=\"4416\">Duy tr\u00ec hi\u1ec7u su\u1ea5t \u1ed5n \u0111\u1ecbnh<\/li>\n<li data-start=\"4417\" data-end=\"4463\">Kh\u00f4ng g\u00e2y \u1ea3nh h\u01b0\u1edfng \u0111\u1ebfn sinh ho\u1ea1t gia \u0111\u00ecnh<\/li>\n<\/ul>\n<p data-start=\"4465\" data-end=\"4539\">B\u1ebfp ho\u1ea1t \u0111\u1ed9ng \u00eam \u00e1i, ph\u00f9 h\u1ee3p v\u1edbi kh\u00f4ng gian s\u1ed1ng hi\u1ec7n \u0111\u1ea1i c\u1ea7n s\u1ef1 y\u00ean t\u0129nh.<\/p>\n<hr data-start=\"4541\" data-end=\"4544\" \/>\n<h2 data-start=\"4546\" data-end=\"4575\">Th\u00f4ng s\u1ed1 k\u1ef9 thu\u1eadt chi ti\u1ebft<\/h2>\n<ul data-start=\"4577\" data-end=\"5010\">\n<li data-start=\"4577\" data-end=\"4626\"><strong data-start=\"4579\" data-end=\"4596\">T\u00ean s\u1ea3n ph\u1ea9m:<\/strong> B\u1ebfp t\u1eeb GX IH788LUX Series 7<\/li>\n<li data-start=\"4627\" data-end=\"4652\"><strong data-start=\"4629\" data-end=\"4641\">Xu\u1ea5t x\u1ee9:<\/strong> Malaysia<\/li>\n<li data-start=\"4653\" data-end=\"4675\"><strong data-start=\"4655\" data-end=\"4671\">S\u1ed1 v\u00f9ng n\u1ea5u:<\/strong> 2<\/li>\n<li data-start=\"4676\" data-end=\"4707\"><strong data-start=\"4678\" data-end=\"4691\">M\u1eb7t k\u00ednh:<\/strong> EURO Platinum<\/li>\n<li data-start=\"4708\" data-end=\"4763\"><strong data-start=\"4710\" data-end=\"4719\">IGBT:<\/strong> Infineon Germany 40A X4, IC Dual IQ Smart<\/li>\n<li data-start=\"4764\" data-end=\"4809\"><strong data-start=\"4766\" data-end=\"4780\">C\u00f4ng ngh\u1ec7:<\/strong> Half Bridge Smart INVERTER<\/li>\n<li data-start=\"4810\" data-end=\"4850\"><strong data-start=\"4812\" data-end=\"4827\">\u0110i\u1ec1u khi\u1ec3n:<\/strong> C\u1ea3m \u1ee9ng tr\u01b0\u1ee3t 15 m\u1ee9c<\/li>\n<li data-start=\"4851\" data-end=\"4904\"><strong data-start=\"4853\" data-end=\"4880\">C\u00f4ng su\u1ea5t l\u00f2 tr\u00e1i\/ph\u1ea3i:<\/strong> 2300W \u2013 Booster 3000W<\/li>\n<li data-start=\"4905\" data-end=\"4939\"><strong data-start=\"4907\" data-end=\"4919\">\u0110i\u1ec7n \u00e1p:<\/strong> 220 \u2013 240V \/ 50Hz<\/li>\n<li data-start=\"4940\" data-end=\"4980\"><strong data-start=\"4942\" data-end=\"4961\">K\u00edch th\u01b0\u1edbc b\u1ebfp:<\/strong> 760 x 450 x 60mm<\/li>\n<li data-start=\"4981\" data-end=\"5010\"><strong data-start=\"4983\" data-end=\"4996\">Kho\u00e9t \u0111\u00e1:<\/strong> 685 x 385mm<\/li>\n<\/ul>\n<hr data-start=\"5012\" data-end=\"5015\" \/>\n<h2 data-start=\"5017\" data-end=\"5052\">Ph\u00f9 h\u1ee3p v\u1edbi nhi\u1ec1u kh\u00f4ng gian b\u1ebfp<\/h2>\n<p data-start=\"5054\" data-end=\"5091\">GX IH788LUX l\u00e0 l\u1ef1a ch\u1ecdn l\u00fd t\u01b0\u1edfng cho:<\/p>\n<ul data-start=\"5093\" data-end=\"5191\">\n<li data-start=\"5093\" data-end=\"5112\">C\u0103n h\u1ed9 chung c\u01b0<\/li>\n<li data-start=\"5113\" data-end=\"5133\">Nh\u00e0 ph\u1ed1 hi\u1ec7n \u0111\u1ea1i<\/li>\n<li data-start=\"5134\" data-end=\"5150\">Gia \u0111\u00ecnh tr\u1ebb<\/li>\n<li data-start=\"5151\" data-end=\"5191\">Ng\u01b0\u1eddi n\u1ed9i tr\u1ee3 y\u00eau th\u00edch s\u1ef1 ti\u1ec7n nghi<\/li>\n<\/ul>\n<p data-start=\"5193\" data-end=\"5284\">Kh\u00f4ng ch\u1ec9 \u0111\u00e1p \u1ee9ng nhu c\u1ea7u n\u1ea5u n\u01b0\u1edbng, s\u1ea3n ph\u1ea9m c\u00f2n g\u00f3p ph\u1ea7n n\u00e2ng t\u1ea7m th\u1ea9m m\u1ef9 kh\u00f4ng gian b\u1ebfp.<\/p>\n<hr data-start=\"5286\" data-end=\"5289\" \/>\n<h2 data-start=\"5291\" data-end=\"5338\">\u0110\u1ed3ng b\u1ed9 kh\u00f4ng gian c\u00f9ng h\u1ec7 sinh th\u00e1i Ehrlich<\/h2>\n<p data-start=\"5340\" data-end=\"5514\">\u0110\u1ec3 ho\u00e0n thi\u1ec7n m\u1ed9t c\u0103n b\u1ebfp hi\u1ec7n \u0111\u1ea1i, GX IH788LUX c\u00f3 th\u1ec3 k\u1ebft h\u1ee3p c\u00f9ng c\u00e1c thi\u1ebft b\u1ecb b\u1ebfp v\u00e0 v\u1ec7 sinh t\u1eeb <strong data-start=\"5439\" data-end=\"5450\">Ehrlich<\/strong>, gi\u00fap t\u1ea1o n\u00ean kh\u00f4ng gian s\u1ed1ng \u0111\u1ed3ng b\u1ed9, ti\u1ec7n nghi v\u00e0 sang tr\u1ecdng.<\/p>\n<hr data-start=\"5516\" data-end=\"5519\" \/>\n<h2 data-start=\"5521\" data-end=\"5532\">K\u1ebft lu\u1eadn<\/h2>\n<p data-start=\"5534\" data-end=\"5790\">B\u1ebfp t\u1eeb GX IH788LUX Series 7 l\u00e0 s\u1ef1 k\u1ebft h\u1ee3p ho\u00e0n h\u1ea3o gi\u1eefa thi\u1ebft k\u1ebf tinh t\u1ebf, c\u00f4ng ngh\u1ec7 hi\u1ec7n \u0111\u1ea1i v\u00e0 hi\u1ec7u su\u1ea5t m\u1ea1nh m\u1ebd. V\u1edbi kh\u1ea3 n\u0103ng ti\u1ebft ki\u1ec7m \u0111i\u1ec7n, v\u1eadn h\u00e0nh \u00eam \u00e1i v\u00e0 \u0111\u1ea3m b\u1ea3o an to\u00e0n tuy\u1ec7t \u0111\u1ed1i, s\u1ea3n ph\u1ea9m mang \u0111\u1ebfn tr\u1ea3i nghi\u1ec7m n\u1ea5u n\u01b0\u1edbng ti\u1ec7n nghi cho m\u1ecdi gia \u0111\u00ecnh.<\/p>\n<p data-start=\"5792\" data-end=\"5928\" data-is-last-node=\"\" data-is-only-node=\"\">\ud83d\udc49 N\u1ebfu b\u1ea1n \u0111ang t\u00ecm ki\u1ebfm m\u1ed9t chi\u1ebfc b\u1ebfp t\u1eeb b\u1ec1n \u2013 \u0111\u1eb9p \u2013 th\u00f4ng minh, th\u00ec GX IH788LUX ch\u1eafc ch\u1eafn l\u00e0 l\u1ef1a ch\u1ecdn \u0111\u00e1ng \u0111\u1ea7u t\u01b0 cho c\u0103n b\u1ebfp c\u1ee7a b\u1ea1n.<\/p>\n<\/div>\n<\/div>\n<\/div>\n<\/div>\n<\/div>\n<\/div>\n<\/section>\n<\/div>\n<p data-start=\"4866\" data-end=\"4979\"><strong data-start=\"4866\" data-end=\"4917\">Ehrlich Vi\u1ec7t Nam \u2013 Thi\u1ebft B\u1ecb Nh\u00e0 B\u1ebfp &amp; Ph\u00f2ng T\u1eafm<\/strong><br data-start=\"4917\" data-end=\"4920\" \/>\ud83d\udccd \u0110\u1ecba ch\u1ec9: S\u1ed1 6 Li\u1ec1n K\u1ec1 22, K\u0110T V\u0103n Kh\u00ea, H\u00e0 \u0110\u00f4ng, H\u00e0 N\u1ed9i<\/p>\n<p data-start=\"4981\" data-end=\"5105\">\ud83c\udf10 Website: <a class=\"decorated-link\" href=\"https:\/\/ehrlichvietnam.vn\/\" target=\"_new\" rel=\"noopener\" data-start=\"4993\" data-end=\"5019\">https:\/\/ehrlichvietnam.vn\/<\/a><br data-start=\"5019\" data-end=\"5022\" \/>\ud83d\udcde Hotline: <strong data-start=\"5034\" data-end=\"5051\">0932 27 05 20<\/strong><br data-start=\"5051\" data-end=\"5054\" \/>\ud83d\udcac Zalo OA: <a class=\"decorated-link\" href=\"https:\/\/zalo.me\/s\/2888141157129558325\" target=\"_new\" rel=\"noopener\" data-start=\"5066\" data-end=\"5103\">https:\/\/zalo.me\/s\/2888141157129558325<\/a><\/p>\n<p data-start=\"5107\" data-end=\"5218\">\ud83c\udfa5 TikTok: <a class=\"decorated-link\" href=\"https:\/\/www.tiktok.com\/@ehrlich.chia.s?_r=1\" target=\"_new\" rel=\"noopener\" data-start=\"5118\" data-end=\"5162\">https:\/\/www.tiktok.com\/@ehrlichthietbivesinh<\/a><br data-start=\"5162\" data-end=\"5165\" \/>\u25b6\ufe0f YouTube: <a class=\"decorated-link\" href=\"https:\/\/www.youtube.com\/@EhrlichVietNam\" target=\"_new\" rel=\"noopener\" data-start=\"5177\" data-end=\"5216\">https:\/\/www.youtube.com\/@EhrlichVietNam<\/a><\/p>\n<p data-start=\"5220\" data-end=\"5265\">\ud83d\ude9a Giao h\u00e0ng to\u00e0n qu\u1ed1c \u2013 t\u01b0 v\u1ea5n nhanh ch\u00f3ng<\/p>\n<p data-start=\"5267\" data-end=\"5313\">\ud83d\udc49 <strong data-start=\"5270\" data-end=\"5313\">Inbox ngay \u0111\u1ec3 nh\u1eadn \u01b0u \u0111\u00e3i th\u00eam h\u00f4m nay!<\/strong><\/p>\n<\/div>\n<\/div>\n<\/div>\n<\/div>\n<div class=\"z-0 flex min-h-[46px] justify-start\"><\/div>\n<div class=\"mt-3 w-full empty:hidden\">\n<div class=\"text-center\">\n<div>\n<div class=\"inline-flex border border-gray-100 dark:border-gray-700 rounded-xl\">\n<div class=\"bg-token-main-surface-tertiary w-px flex-1 self-stretch\"><\/div>\n<\/div>\n<\/div>\n<\/div>\n<\/div>\n","protected":false},"excerpt":{"rendered":"<p>C\u00e1c d\u00f2ng b\u1ebfp hi\u1ec7n \u0111\u1ea1i ng\u00e0y nay kh\u00f4ng ch\u1ec9 \u0111\u00e1p \u1ee9ng nhu c\u1ea7u n\u1ea5u n\u01b0\u1edbng nhanh ch\u00f3ng m\u00e0 c\u00f2n h\u01b0\u1edbng \u0111\u1ebfn s\u1ef1 ti\u1ebft ki\u1ec7m \u0111i\u1ec7n, an to\u00e0n v\u00e0 t\u00ednh th\u1ea9m m\u1ef9 cao. V\u1edbi thi\u1ebft k\u1ebf tinh g\u1ecdn, c\u00f4ng ngh\u1ec7 th\u00f4ng minh v\u00e0 kh\u1ea3 n\u0103ng v\u1eadn h\u00e0nh \u1ed5n \u0111\u1ecbnh, s\u1ea3n ph\u1ea9m mang l\u1ea1i tr\u1ea3i nghi\u1ec7m ti\u1ec7n nghi cho m\u1ecdi gia \u0111\u00ecnh. Khi k\u1ebft h\u1ee3p c\u00f9ng h\u1ec7 sinh th\u00e1i thi\u1ebft b\u1ecb nh\u00e0 b\u1ebfp v\u00e0 v\u1ec7 sinh t\u1eeb <strong data-start=\"337\" data-end=\"348\">Ehrlich<\/strong>, kh\u00f4ng gian s\u1ed1ng \u0111\u01b0\u1ee3c ho\u00e0n thi\u1ec7n \u0111\u1ed3ng b\u1ed9, hi\u1ec7n \u0111\u1ea1i v\u00e0 t\u1ed1i \u01b0u c\u00f4ng n\u0103ng s\u1eed d\u1ee5ng.<\/p>\n","protected":false},"featured_media":4762,"comment_status":"open","ping_status":"closed","template":"","meta":{"_acf_changed":false},"product_brand":[162],"product_cat":[165,44,81,15],"product_tag":[],"class_list":{"0":"post-4662","1":"product","2":"type-product","3":"status-publish","4":"has-post-thumbnail","6":"product_brand-grandx","7":"product_cat-bep-tu-grandx","8":"product_cat-thiet-bi-phong-bep","9":"product_cat-bep-tu","10":"product_cat-san-pham","12":"first","13":"outofstock","14":"shipping-taxable","15":"product-type-simple"},"acf":[],"_links":{"self":[{"href":"https:\/\/ehrlichvietnam.vn\/en\/wp-json\/wp\/v2\/product\/4662","targetHints":{"allow":["GET"]}}],"collection":[{"href":"https:\/\/ehrlichvietnam.vn\/en\/wp-json\/wp\/v2\/product"}],"about":[{"href":"https:\/\/ehrlichvietnam.vn\/en\/wp-json\/wp\/v2\/types\/product"}],"replies":[{"embeddable":true,"href":"https:\/\/ehrlichvietnam.vn\/en\/wp-json\/wp\/v2\/comments?post=4662"}],"wp:featuredmedia":[{"embeddable":true,"href":"https:\/\/ehrlichvietnam.vn\/en\/wp-json\/wp\/v2\/media\/4762"}],"wp:attachment":[{"href":"https:\/\/ehrlichvietnam.vn\/en\/wp-json\/wp\/v2\/media?parent=4662"}],"wp:term":[{"taxonomy":"product_brand","embeddable":true,"href":"https:\/\/ehrlichvietnam.vn\/en\/wp-json\/wp\/v2\/product_brand?post=4662"},{"taxonomy":"product_cat","embeddable":true,"href":"https:\/\/ehrlichvietnam.vn\/en\/wp-json\/wp\/v2\/product_cat?post=4662"},{"taxonomy":"product_tag","embeddable":true,"href":"https:\/\/ehrlichvietnam.vn\/en\/wp-json\/wp\/v2\/product_tag?post=4662"}],"curies":[{"name":"wp","href":"https:\/\/api.w.org\/{rel}","templated":true}]}}