{"id":4657,"date":"2026-04-09T09:03:02","date_gmt":"2026-04-09T09:03:02","guid":{"rendered":"https:\/\/ehrlichvietnam.vn\/?post_type=product&#038;p=4657"},"modified":"2026-04-15T04:33:33","modified_gmt":"2026-04-15T04:33:33","slug":"bep-tu-cao-cap-gx-ip869pro-sao-chep","status":"publish","type":"product","link":"https:\/\/ehrlichvietnam.vn\/bep-tu-cao-cap-gx-ip869pro-sao-chep\/","title":{"rendered":"B\u1ebfp t\u1eeb cao c\u1ea5p GRANDX  GX IP859PRO"},"content":{"rendered":"<div class=\"flex max-w-full flex-col gap-4 grow\">\n<div class=\"min-h-8 text-message relative flex w-full flex-col items-end gap-2 text-start break-words whitespace-normal outline-none keyboard-focused:focus-ring [.text-message+&amp;]:mt-1\" dir=\"auto\" tabindex=\"0\" data-message-author-role=\"assistant\" data-message-id=\"c9d49429-a379-4851-8555-4af9fa245422\" data-message-model-slug=\"gpt-5-3\" data-turn-start-message=\"true\">\n<div class=\"flex w-full flex-col gap-1 empty:hidden\">\n<div class=\"markdown prose dark:prose-invert w-full wrap-break-word light markdown-new-styling\">\n<div class=\"flex flex-col text-sm pb-25\">\n<section class=\"text-token-text-primary w-full focus:outline-none [--shadow-height:45px] has-data-writing-block:pointer-events-none has-data-writing-block:-mt-(--shadow-height) has-data-writing-block:pt-(--shadow-height) [&amp;:has([data-writing-block])&gt;*]:pointer-events-auto scroll-mt-[calc(var(--header-height)+min(200px,max(70px,20svh)))]\" dir=\"auto\" data-turn-id=\"request-WEB:c6c39ca1-e590-47a0-bd6e-04e9219b2766-9\" data-testid=\"conversation-turn-20\" data-scroll-anchor=\"true\" data-turn=\"assistant\">\n<div class=\"text-base my-auto mx-auto pb-10 [--thread-content-margin:var(--thread-content-margin-xs,calc(var(--spacing)*4))] @w-sm\/main:[--thread-content-margin:var(--thread-content-margin-sm,calc(var(--spacing)*6))] @w-lg\/main:[--thread-content-margin:var(--thread-content-margin-lg,calc(var(--spacing)*16))] px-(--thread-content-margin)\">\n<div class=\"[--thread-content-max-width:40rem] @w-lg\/main:[--thread-content-max-width:48rem] mx-auto max-w-(--thread-content-max-width) flex-1 group\/turn-messages focus-visible:outline-hidden relative flex w-full min-w-0 flex-col agent-turn\">\n<div class=\"flex max-w-full flex-col gap-4 grow\">\n<div class=\"min-h-8 text-message relative flex w-full flex-col items-end gap-2 text-start break-words whitespace-normal outline-none keyboard-focused:focus-ring [.text-message+&amp;]:mt-1\" dir=\"auto\" tabindex=\"0\" data-message-author-role=\"assistant\" data-message-id=\"6add08e6-c6f8-4385-9e4d-139717580cee\" data-message-model-slug=\"gpt-5-3\" data-turn-start-message=\"true\">\n<div class=\"flex w-full flex-col gap-1 empty:hidden\">\n<div class=\"markdown prose dark:prose-invert w-full wrap-break-word light markdown-new-styling\">\n<h2 data-start=\"0\" data-end=\"64\"><img loading=\"lazy\" decoding=\"async\" class=\"alignnone size-medium\" src=\"https:\/\/grandx.com.vn\/wp-content\/uploads\/2025\/01\/GX-IP859Pro-phoi-canh-1920x800-1-scaled.jpg\" width=\"2560\" height=\"1067\" \/><\/h2>\n<h2 data-start=\"0\" data-end=\"64\">B\u1ebfp t\u1eeb GX IP859PRO \u2013 \u0110\u1eb3ng c\u1ea5p ti\u1ec7n nghi cho gian b\u1ebfp hi\u1ec7n \u0111\u1ea1i<\/h2>\n<p data-start=\"66\" data-end=\"453\">Trong nh\u1ecbp s\u1ed1ng hi\u1ec7n \u0111\u1ea1i, c\u0103n b\u1ebfp kh\u00f4ng ch\u1ec9 l\u00e0 n\u01a1i n\u1ea5u n\u01b0\u1edbng m\u00e0 c\u00f2n l\u00e0 kh\u00f4ng gian th\u1ec3 hi\u1ec7n phong c\u00e1ch s\u1ed1ng v\u00e0 s\u1ef1 tinh t\u1ebf c\u1ee7a gia ch\u1ee7. M\u1ed9t chi\u1ebfc b\u1ebfp t\u1eeb cao c\u1ea5p kh\u00f4ng ch\u1ec9 c\u1ea7n \u0111\u1eb9p m\u00e0 c\u00f2n ph\u1ea3i m\u1ea1nh m\u1ebd, ti\u1ebft ki\u1ec7m \u0111i\u1ec7n v\u00e0 \u0111\u1ea3m b\u1ea3o an to\u00e0n tuy\u1ec7t \u0111\u1ed1i. <strong data-start=\"309\" data-end=\"331\">B\u1ebfp t\u1eeb GX IP859PRO<\/strong> ch\u00ednh l\u00e0 l\u1ef1a ch\u1ecdn l\u00fd t\u01b0\u1edfng khi h\u1ed9i t\u1ee5 \u0111\u1ea7y \u0111\u1ee7 c\u00e1c y\u1ebfu t\u1ed1: thi\u1ebft k\u1ebf sang tr\u1ecdng, c\u00f4ng ngh\u1ec7 ti\u00ean ti\u1ebfn v\u00e0 hi\u1ec7u su\u1ea5t v\u01b0\u1ee3t tr\u1ed9i.<\/p>\n<hr data-start=\"455\" data-end=\"458\" \/>\n<h2 data-start=\"460\" data-end=\"494\">T\u1ed5ng quan v\u1ec1 b\u1ebfp t\u1eeb GX IP859PRO<\/h2>\n<p data-start=\"496\" data-end=\"808\">B\u1ebfp t\u1eeb GX IP859PRO thu\u1ed9c d\u00f2ng Series 8 cao c\u1ea5p, \u0111\u01b0\u1ee3c s\u1ea3n xu\u1ea5t t\u1ea1i Malaysia v\u1edbi ti\u00eau chu\u1ea9n ch\u1ea5t l\u01b0\u1ee3ng nghi\u00eam ng\u1eb7t, s\u1eed d\u1ee5ng linh ki\u1ec7n ch\u00e2u \u00c2u v\u00e0 t\u00edch h\u1ee3p nhi\u1ec1u c\u00f4ng ngh\u1ec7 hi\u1ec7n \u0111\u1ea1i. S\u1ea3n ph\u1ea9m kh\u00f4ng ch\u1ec9 gi\u00fap t\u1ed1i \u01b0u qu\u00e1 tr\u00ecnh n\u1ea5u n\u01b0\u1edbng m\u00e0 c\u00f2n mang \u0111\u1ebfn tr\u1ea3i nghi\u1ec7m ti\u1ec7n nghi, an to\u00e0n v\u00e0 ti\u1ebft ki\u1ec7m \u0111i\u1ec7n cho ng\u01b0\u1eddi s\u1eed d\u1ee5ng.<\/p>\n<p data-start=\"810\" data-end=\"1058\">\u0110i\u1ec3m n\u1ed5i b\u1eadt c\u1ee7a model n\u00e0y n\u1eb1m \u1edf <strong data-start=\"843\" data-end=\"883\">c\u00f4ng ngh\u1ec7 Half Bridge Smart INVERTER<\/strong>, gi\u00fap duy tr\u00ec nhi\u1ec7t \u0111\u1ed9 \u1ed5n \u0111\u1ecbnh ngay c\u1ea3 \u1edf m\u1ee9c c\u00f4ng su\u1ea5t th\u1ea5p, \u0111\u1ed3ng th\u1eddi gi\u1ea3m ti\u00eau th\u1ee5 \u0111i\u1ec7n n\u0103ng l\u00ean \u0111\u1ebfn 35%. \u0110\u00e2y l\u00e0 gi\u1ea3i ph\u00e1p ho\u00e0n h\u1ea3o cho c\u00e1c gia \u0111\u00ecnh th\u01b0\u1eddng xuy\u00ean n\u1ea5u n\u01b0\u1edbng.<\/p>\n<hr data-start=\"1060\" data-end=\"1063\" \/>\n<h2 data-start=\"1065\" data-end=\"1117\">Thi\u1ebft k\u1ebf sang tr\u1ecdng \u2013 Tinh t\u1ebf trong t\u1eebng chi ti\u1ebft<\/h2>\n<p data-start=\"1119\" data-end=\"1237\">GX IP859PRO g\u00e2y \u1ea5n t\u01b0\u1ee3ng m\u1ea1nh v\u1edbi thi\u1ebft k\u1ebf hi\u1ec7n \u0111\u1ea1i, ph\u00f9 h\u1ee3p v\u1edbi m\u1ecdi kh\u00f4ng gian b\u1ebfp t\u1eeb chung c\u01b0 \u0111\u1ebfn nh\u00e0 ph\u1ed1, bi\u1ec7t th\u1ef1.<\/p>\n<h3 data-start=\"1239\" data-end=\"1273\">M\u1eb7t k\u00ednh EURO Platinum cao c\u1ea5p<\/h3>\n<p><img decoding=\"async\" src=\"https:\/\/grandx.com.vn\/wp-content\/uploads\/2025\/01\/GX-IP859pro-01.jpg\" alt=\"GX IP859pro-01\" \/><\/p>\n<p data-start=\"1274\" data-end=\"1343\">B\u1ebfp \u0111\u01b0\u1ee3c trang b\u1ecb <strong data-start=\"1292\" data-end=\"1329\">m\u1eb7t k\u00ednh EURO Platinum v\u00e1t 4 c\u1ea1nh<\/strong>, n\u1ed5i b\u1eadt v\u1edbi:<\/p>\n<ul data-start=\"1345\" data-end=\"1447\">\n<li data-start=\"1345\" data-end=\"1382\">Kh\u1ea3 n\u0103ng ch\u1ecbu l\u1ef1c, ch\u1ecbu nhi\u1ec7t t\u1ed1t<\/li>\n<li data-start=\"1383\" data-end=\"1411\">Ch\u1ed1ng tr\u1ea7y x\u01b0\u1edbc hi\u1ec7u qu\u1ea3<\/li>\n<li data-start=\"1412\" data-end=\"1447\">D\u1ec5 d\u00e0ng v\u1ec7 sinh sau khi s\u1eed d\u1ee5ng<\/li>\n<\/ul>\n<p data-start=\"1449\" data-end=\"1534\">Thi\u1ebft k\u1ebf v\u00e1t c\u1ea1nh kh\u00f4ng ch\u1ec9 t\u0103ng t\u00ednh th\u1ea9m m\u1ef9 m\u00e0 c\u00f2n gi\u00fap h\u1ea1n ch\u1ebf s\u1ee9t m\u1ebb khi va ch\u1ea1m.<\/p>\n<p data-start=\"1449\" data-end=\"1534\"><img decoding=\"async\" src=\"https:\/\/grandx.com.vn\/wp-content\/uploads\/2025\/01\/GX-IP859Pro-phoi-canh-900x600-1.jpg\" \/><\/p>\n<h3 data-start=\"1536\" data-end=\"1573\">Vi\u1ec1n h\u1ee3p kim nh\u00f4m Alloy Carbon 3D<\/h3>\n<p data-start=\"1574\" data-end=\"1658\">Ph\u1ea7n vi\u1ec1n b\u1ebfp \u0111\u01b0\u1ee3c l\u00e0m t\u1eeb <strong data-start=\"1600\" data-end=\"1647\">h\u1ee3p kim nh\u00f4m ph\u1ee7 Nano Titan Alloy Carbon 3D<\/strong>, mang l\u1ea1i:<\/p>\n<ul data-start=\"1660\" data-end=\"1758\">\n<li data-start=\"1660\" data-end=\"1688\">\u0110\u1ed9 b\u1ec1n cao, ch\u1ed1ng va \u0111\u1eadp<\/li>\n<li data-start=\"1689\" data-end=\"1710\">Ch\u1ed1ng b\u00e1m v\u00e2n tay<\/li>\n<li data-start=\"1711\" data-end=\"1758\">T\u1ea1o \u0111i\u1ec3m nh\u1ea5n sang tr\u1ecdng cho kh\u00f4ng gian b\u1ebfp<\/li>\n<\/ul>\n<p data-start=\"1760\" data-end=\"1860\">T\u1ed5ng th\u1ec3 thi\u1ebft k\u1ebf c\u1ee7a GX IP859PRO mang phong c\u00e1ch hi\u1ec7n \u0111\u1ea1i, tinh gi\u1ea3n nh\u01b0ng v\u1eabn to\u00e1t l\u00ean s\u1ef1 cao c\u1ea5p.<\/p>\n<hr data-start=\"1862\" data-end=\"1865\" \/>\n<h2 data-start=\"1867\" data-end=\"1915\">C\u1ea5u t\u1ea1o cao c\u1ea5p \u2013 \u0110\u1ea3m b\u1ea3o \u0111\u1ed9 b\u1ec1n v\u00e0 hi\u1ec7u su\u1ea5t<\/h2>\n<p data-start=\"1917\" data-end=\"2006\">Kh\u00f4ng ch\u1ec9 \u0111\u1eb9p b\u00ean ngo\u00e0i, GX IP859PRO c\u00f2n \u0111\u01b0\u1ee3c trang b\u1ecb h\u1ec7 th\u1ed1ng linh ki\u1ec7n ch\u1ea5t l\u01b0\u1ee3ng cao:<\/p>\n<ul data-start=\"2008\" data-end=\"2235\">\n<li data-start=\"2008\" data-end=\"2104\"><strong data-start=\"2010\" data-end=\"2042\">IGBT Infineon Germany 40A X4<\/strong> k\u1ebft h\u1ee3p IC Dual IQ Smart gi\u00fap ki\u1ec3m so\u00e1t c\u00f4ng su\u1ea5t ch\u00ednh x\u00e1c<\/li>\n<li data-start=\"2105\" data-end=\"2174\"><strong data-start=\"2107\" data-end=\"2138\">M\u00e2m t\u1eeb d\u00e2y \u0111\u1ed3ng nguy\u00ean ch\u1ea5t<\/strong> cho hi\u1ec7u su\u1ea5t truy\u1ec1n nhi\u1ec7t t\u1ed1i \u01b0u<\/li>\n<li data-start=\"2175\" data-end=\"2235\"><strong data-start=\"2177\" data-end=\"2201\">Qu\u1ea1t t\u1ea3n nhi\u1ec7t Turbo<\/strong> ho\u1ea1t \u0111\u1ed9ng \u00eam \u00e1i v\u1edbi \u0111\u1ed9 \u1ed3n \u226438dB<\/li>\n<\/ul>\n<p data-start=\"2237\" data-end=\"2317\">Nh\u1eefng y\u1ebfu t\u1ed1 n\u00e0y gi\u00fap b\u1ebfp v\u1eadn h\u00e0nh \u1ed5n \u0111\u1ecbnh, b\u1ec1n b\u1ec9 v\u00e0 k\u00e9o d\u00e0i tu\u1ed5i th\u1ecd s\u1ea3n ph\u1ea9m.<\/p>\n<hr data-start=\"2319\" data-end=\"2322\" \/>\n<h2 data-start=\"2324\" data-end=\"2387\">C\u00f4ng ngh\u1ec7 Half Bridge Smart INVERTER \u2013 Ti\u1ebft ki\u1ec7m \u0111i\u1ec7n t\u1ed1i \u01b0u<\/h2>\n<p data-start=\"2389\" data-end=\"2490\">GX IP859PRO \u0111\u01b0\u1ee3c trang b\u1ecb c\u00f4ng ngh\u1ec7 <strong data-start=\"2425\" data-end=\"2455\">Half Bridge Smart INVERTER<\/strong>, mang l\u1ea1i nhi\u1ec1u l\u1ee3i \u00edch v\u01b0\u1ee3t tr\u1ed9i:<\/p>\n<ul data-start=\"2492\" data-end=\"2647\">\n<li data-start=\"2492\" data-end=\"2541\">Duy tr\u00ec nhi\u1ec7t \u0111\u1ed9 \u1ed5n \u0111\u1ecbnh, \u0111\u1eb7c bi\u1ec7t \u1edf m\u1ee9c th\u1ea5p<\/li>\n<li data-start=\"2542\" data-end=\"2583\">H\u1ea1n ch\u1ebf b\u1eadt\/t\u1eaft li\u00ean t\u1ee5c g\u00e2y hao \u0111i\u1ec7n<\/li>\n<li data-start=\"2584\" data-end=\"2619\">Ti\u1ebft ki\u1ec7m \u0111\u1ebfn <strong data-start=\"2600\" data-end=\"2617\">35% \u0111i\u1ec7n n\u0103ng<\/strong><\/li>\n<li data-start=\"2620\" data-end=\"2647\">T\u0103ng tu\u1ed5i th\u1ecd linh ki\u1ec7n<\/li>\n<\/ul>\n<p data-start=\"2649\" data-end=\"2736\">\u0110\u00e2y l\u00e0 c\u00f4ng ngh\u1ec7 \u0111\u1eb7c bi\u1ec7t h\u1eefu \u00edch khi n\u1ea5u c\u00e1c m\u00f3n c\u1ea7n th\u1eddi gian d\u00e0i nh\u01b0 h\u1ea7m, ninh, kho\u2026<img decoding=\"async\" src=\"https:\/\/grandx.com.vn\/wp-content\/uploads\/2025\/01\/GX-IP859pro-02.jpg\" \/><\/p>\n<hr data-start=\"2738\" data-end=\"2741\" \/>\n<h2 data-start=\"2743\" data-end=\"2784\">Hi\u1ec7u su\u1ea5t m\u1ea1nh m\u1ebd \u2013 N\u1ea5u \u0103n nhanh ch\u00f3ng<\/h2>\n<p data-start=\"2786\" data-end=\"2853\">B\u1ebfp \u0111\u01b0\u1ee3c trang b\u1ecb <strong data-start=\"2804\" data-end=\"2837\">2 v\u00f9ng n\u1ea5u c\u1ea3m \u1ee9ng t\u1eeb \u0111\u1ed9c l\u1eadp<\/strong>, v\u1edbi c\u00f4ng su\u1ea5t:<\/p>\n<ul data-start=\"2855\" data-end=\"2921\">\n<li data-start=\"2855\" data-end=\"2887\">C\u00f4ng su\u1ea5t th\u01b0\u1eddng: 2300W\/v\u00f9ng<\/li>\n<li data-start=\"2888\" data-end=\"2921\">Booster: l\u00ean \u0111\u1ebfn <strong data-start=\"2907\" data-end=\"2921\">3000W\/v\u00f9ng<\/strong><\/li>\n<\/ul>\n<p data-start=\"2923\" data-end=\"3037\">Ch\u1ee9c n\u0103ng Booster gi\u00fap t\u0103ng t\u1ed1c \u0111\u1ed9 n\u1ea5u n\u01b0\u1edbng nhanh g\u1ea5p 2 l\u1ea7n so v\u1edbi b\u1ebfp th\u00f4ng th\u01b0\u1eddng, ti\u1ebft ki\u1ec7m th\u1eddi gian \u0111\u00e1ng k\u1ec3.<\/p>\n<h3 data-start=\"3039\" data-end=\"3076\">\u0110i\u1ec1u khi\u1ec3n c\u1ea3m \u1ee9ng tr\u01b0\u1ee3t hi\u1ec7n \u0111\u1ea1i<\/h3>\n<p data-start=\"3077\" data-end=\"3130\">B\u1ea3ng \u0111i\u1ec1u khi\u1ec3n Slider v\u1edbi <strong data-start=\"3104\" data-end=\"3124\">15 m\u1ee9c c\u00f4ng su\u1ea5t<\/strong> gi\u00fap:<\/p>\n<ul data-start=\"3132\" data-end=\"3243\">\n<li data-start=\"3132\" data-end=\"3165\">\u0110i\u1ec1u ch\u1ec9nh nhi\u1ec7t \u0111\u1ed9 ch\u00ednh x\u00e1c<\/li>\n<li data-start=\"3166\" data-end=\"3204\">Ph\u00f9 h\u1ee3p v\u1edbi nhi\u1ec1u m\u00f3n \u0103n kh\u00e1c nhau<\/li>\n<li data-start=\"3205\" data-end=\"3243\">Thao t\u00e1c nhanh, nh\u1ea1y v\u00e0 d\u1ec5 s\u1eed d\u1ee5ng<\/li>\n<\/ul>\n<hr data-start=\"3245\" data-end=\"3248\" \/>\n<h2 data-start=\"3250\" data-end=\"3295\">T\u00ednh n\u0103ng n\u1ea5u th\u00f4ng minh \u2013 Ti\u1ec7n l\u1ee3i t\u1ed1i \u0111a<\/h2>\n<h2 data-start=\"3250\" data-end=\"3295\"><img decoding=\"async\" src=\"https:\/\/grandx.com.vn\/wp-content\/uploads\/2025\/01\/GX-IP859pro-03-1.jpg\" \/><\/h2>\n<h2 data-start=\"3250\" data-end=\"3295\">GX IP859PRO \u0111\u01b0\u1ee3c t\u00edch h\u1ee3p nhi\u1ec1u t\u00ednh n\u0103ng h\u1ed7 tr\u1ee3 n\u1ea5u \u0103n hi\u1ec7n \u0111\u1ea1i:<\/h2>\n<ul data-start=\"3364\" data-end=\"3611\">\n<li data-start=\"3364\" data-end=\"3418\"><strong data-start=\"3366\" data-end=\"3380\">Keep Warm:<\/strong> Gi\u1eef \u1ea5m th\u1ee9c \u0103n \u1edf 65\u00b0C \u2013 75\u00b0C \u2013 85\u00b0C<\/li>\n<li data-start=\"3419\" data-end=\"3465\"><strong data-start=\"3421\" data-end=\"3433\">Defrost:<\/strong> R\u00e3 \u0111\u00f4ng th\u1ef1c ph\u1ea9m nhanh ch\u00f3ng<\/li>\n<li data-start=\"3466\" data-end=\"3527\"><strong data-start=\"3468\" data-end=\"3479\">Frying:<\/strong> \u0110i\u1ec1u ch\u1ec9nh nhi\u1ec7t \u0111\u1ed9 chi\u00ean r\u00e1n t\u1eeb 65\u00b0C \u2013 220\u00b0C<\/li>\n<li data-start=\"3528\" data-end=\"3578\"><strong data-start=\"3530\" data-end=\"3551\">T\u1ef1 nh\u1eadn di\u1ec7n n\u1ed3i:<\/strong> Ch\u1ec9 ho\u1ea1t \u0111\u1ed9ng khi c\u00f3 n\u1ed3i<\/li>\n<li data-start=\"3579\" data-end=\"3611\"><strong data-start=\"3581\" data-end=\"3593\">H\u1eb9n gi\u1edd:<\/strong> L\u00ean \u0111\u1ebfn 99 ph\u00fat<\/li>\n<\/ul>\n<p data-start=\"3613\" data-end=\"3708\">Nh\u1eefng t\u00ednh n\u0103ng n\u00e0y gi\u00fap vi\u1ec7c n\u1ea5u n\u01b0\u1edbng tr\u1edf n\u00ean \u0111\u01a1n gi\u1ea3n, ch\u00ednh x\u00e1c v\u00e0 ti\u1ebft ki\u1ec7m th\u1eddi gian h\u01a1n.<\/p>\n<hr data-start=\"3710\" data-end=\"3713\" \/>\n<h2 data-start=\"3715\" data-end=\"3753\"><\/h2>\n<h2 data-start=\"3715\" data-end=\"3753\"><img decoding=\"async\" src=\"https:\/\/grandx.com.vn\/wp-content\/uploads\/2025\/01\/GX-IP859pro-04.jpg\" \/><\/h2>\n<h2 data-start=\"3715\" data-end=\"3753\">An to\u00e0n t\u1ed1i \u0111a \u2013 B\u1ea3o v\u1ec7 c\u1ea3 gia \u0111\u00ecnh<\/h2>\n<p data-start=\"3755\" data-end=\"3817\">B\u1ebfp t\u1eeb GX IP859PRO \u0111\u01b0\u1ee3c trang b\u1ecb \u0111\u1ea7y \u0111\u1ee7 c\u00e1c t\u00ednh n\u0103ng an to\u00e0n:<\/p>\n<ul data-start=\"3819\" data-end=\"4149\">\n<li data-start=\"3819\" data-end=\"3875\"><strong data-start=\"3821\" data-end=\"3839\">Power Balance:<\/strong> C\u00e2n b\u1eb1ng c\u00f4ng su\u1ea5t, ch\u1ed1ng qu\u00e1 t\u1ea3i<\/li>\n<li data-start=\"3876\" data-end=\"3925\"><strong data-start=\"3878\" data-end=\"3900\">Pause (Stop &amp; Go):<\/strong> T\u1ea1m d\u1eebng n\u1ea5u linh ho\u1ea1t<\/li>\n<li data-start=\"3926\" data-end=\"3965\"><strong data-start=\"3928\" data-end=\"3947\">Water Overflow:<\/strong> Ch\u1ed1ng tr\u00e0o n\u01b0\u1edbc<\/li>\n<li data-start=\"3966\" data-end=\"3998\"><strong data-start=\"3968\" data-end=\"3996\">T\u1ef1 ng\u1eaft khi kh\u00f4ng c\u00f3 n\u1ed3i<\/strong><\/li>\n<li data-start=\"3999\" data-end=\"4030\"><strong data-start=\"4001\" data-end=\"4016\">Child Lock:<\/strong> Kh\u00f3a tr\u1ebb em<\/li>\n<li data-start=\"4031\" data-end=\"4083\"><strong data-start=\"4033\" data-end=\"4059\">C\u1ea3nh b\u00e1o nhi\u1ec7t d\u01b0 (H):<\/strong> Khi m\u1eb7t b\u1ebfp tr\u00ean 60\u00b0C<\/li>\n<li data-start=\"4084\" data-end=\"4149\"><strong data-start=\"4086\" data-end=\"4109\">C\u1ea3m bi\u1ebfn qu\u00e1 nhi\u1ec7t:<\/strong> T\u1ef1 \u0111\u1ed9ng ng\u1eaft khi nhi\u1ec7t \u0111\u1ed9 v\u01b0\u1ee3t ng\u01b0\u1ee1ng<\/li>\n<\/ul>\n<p data-start=\"4151\" data-end=\"4248\">Nh\u1eefng c\u00f4ng ngh\u1ec7 n\u00e0y gi\u00fap gi\u1ea3m thi\u1ec3u r\u1ee7i ro, mang l\u1ea1i s\u1ef1 an t\u00e2m tuy\u1ec7t \u0111\u1ed1i trong qu\u00e1 tr\u00ecnh s\u1eed d\u1ee5ng.<\/p>\n<hr data-start=\"4250\" data-end=\"4253\" \/>\n<h2 data-start=\"4255\" data-end=\"4306\">Hi\u1ec7u su\u1ea5t v\u1eadn h\u00e0nh \u00eam \u00e1i \u2013 B\u1ec1n b\u1ec9 theo th\u1eddi gian<\/h2>\n<p data-start=\"4308\" data-end=\"4382\">GX IP859PRO s\u1eed d\u1ee5ng <strong data-start=\"4328\" data-end=\"4352\">qu\u1ea1t t\u1ea3n nhi\u1ec7t Turbo<\/strong> v\u1edbi \u0111\u1ed9 \u1ed3n th\u1ea5p (\u226438dB), gi\u00fap:<\/p>\n<ul data-start=\"4384\" data-end=\"4471\">\n<li data-start=\"4384\" data-end=\"4415\">L\u00e0m m\u00e1t nhanh c\u00e1c linh ki\u1ec7n<\/li>\n<li data-start=\"4416\" data-end=\"4445\">Duy tr\u00ec hi\u1ec7u su\u1ea5t \u1ed5n \u0111\u1ecbnh<\/li>\n<li data-start=\"4446\" data-end=\"4471\">T\u0103ng tu\u1ed5i th\u1ecd cho b\u1ebfp<\/li>\n<\/ul>\n<p data-start=\"4473\" data-end=\"4537\">B\u1ebfp v\u1eadn h\u00e0nh \u00eam \u00e1i, kh\u00f4ng g\u00e2y \u1ea3nh h\u01b0\u1edfng \u0111\u1ebfn sinh ho\u1ea1t h\u00e0ng ng\u00e0y.<\/p>\n<hr data-start=\"4539\" data-end=\"4542\" \/>\n<h2 data-start=\"4544\" data-end=\"4573\">Th\u00f4ng s\u1ed1 k\u1ef9 thu\u1eadt chi ti\u1ebft<\/h2>\n<ul data-start=\"4575\" data-end=\"5049\">\n<li data-start=\"4575\" data-end=\"4624\"><strong data-start=\"4577\" data-end=\"4594\">T\u00ean s\u1ea3n ph\u1ea9m:<\/strong> B\u1ebfp t\u1eeb GX IP859PRO Series 8<\/li>\n<li data-start=\"4625\" data-end=\"4650\"><strong data-start=\"4627\" data-end=\"4639\">Xu\u1ea5t x\u1ee9:<\/strong> Malaysia<\/li>\n<li data-start=\"4651\" data-end=\"4673\"><strong data-start=\"4653\" data-end=\"4669\">S\u1ed1 v\u00f9ng n\u1ea5u:<\/strong> 2<\/li>\n<li data-start=\"4674\" data-end=\"4716\"><strong data-start=\"4676\" data-end=\"4689\">M\u1eb7t k\u00ednh:<\/strong> EURO Platinum v\u00e1t 4 c\u1ea1nh<\/li>\n<li data-start=\"4717\" data-end=\"4772\"><strong data-start=\"4719\" data-end=\"4728\">IGBT:<\/strong> Infineon Germany 40A X4, IC Dual IQ Smart<\/li>\n<li data-start=\"4773\" data-end=\"4818\"><strong data-start=\"4775\" data-end=\"4789\">C\u00f4ng ngh\u1ec7:<\/strong> Half Bridge Smart INVERTER<\/li>\n<li data-start=\"4819\" data-end=\"4859\"><strong data-start=\"4821\" data-end=\"4836\">\u0110i\u1ec1u khi\u1ec3n:<\/strong> C\u1ea3m \u1ee9ng tr\u01b0\u1ee3t 15 m\u1ee9c<\/li>\n<li data-start=\"4860\" data-end=\"4913\"><strong data-start=\"4862\" data-end=\"4889\">C\u00f4ng su\u1ea5t l\u00f2 tr\u00e1i\/ph\u1ea3i:<\/strong> 2300W \u2013 Booster 3000W<\/li>\n<li data-start=\"4914\" data-end=\"4943\"><strong data-start=\"4916\" data-end=\"4935\">T\u1ed5ng c\u00f4ng su\u1ea5t:<\/strong> 3700W<\/li>\n<li data-start=\"4944\" data-end=\"4978\"><strong data-start=\"4946\" data-end=\"4958\">\u0110i\u1ec7n \u00e1p:<\/strong> 220 \u2013 240V \/ 50Hz<\/li>\n<li data-start=\"4979\" data-end=\"5019\"><strong data-start=\"4981\" data-end=\"5000\">K\u00edch th\u01b0\u1edbc b\u1ebfp:<\/strong> 760 x 450 x 60mm<\/li>\n<li data-start=\"5020\" data-end=\"5049\"><strong data-start=\"5022\" data-end=\"5035\">Kho\u00e9t \u0111\u00e1:<\/strong> 680 x 380mm<\/li>\n<\/ul>\n<hr data-start=\"5051\" data-end=\"5054\" \/>\n<h2 data-start=\"5056\" data-end=\"5089\">Ph\u00f9 h\u1ee3p v\u1edbi m\u1ecdi kh\u00f4ng gian b\u1ebfp<\/h2>\n<p data-start=\"5091\" data-end=\"5128\">GX IP859PRO l\u00e0 l\u1ef1a ch\u1ecdn ho\u00e0n h\u1ea3o cho:<\/p>\n<ul data-start=\"5130\" data-end=\"5264\">\n<li data-start=\"5130\" data-end=\"5158\">C\u0103n h\u1ed9 chung c\u01b0 hi\u1ec7n \u0111\u1ea1i<\/li>\n<li data-start=\"5159\" data-end=\"5180\">Nh\u00e0 ph\u1ed1, bi\u1ec7t th\u1ef1<\/li>\n<li data-start=\"5181\" data-end=\"5217\">Gia \u0111\u00ecnh tr\u1ebb y\u00eau th\u00edch c\u00f4ng ngh\u1ec7<\/li>\n<li data-start=\"5218\" data-end=\"5264\">Ng\u01b0\u1eddi n\u1ed9i tr\u1ee3 c\u1ea7n s\u1ef1 ti\u1ec7n l\u1ee3i v\u00e0 ch\u00ednh x\u00e1c<\/li>\n<\/ul>\n<p data-start=\"5266\" data-end=\"5359\">S\u1ea3n ph\u1ea9m kh\u00f4ng ch\u1ec9 \u0111\u00e1p \u1ee9ng nhu c\u1ea7u n\u1ea5u n\u01b0\u1edbng m\u00e0 c\u00f2n g\u00f3p ph\u1ea7n n\u00e2ng t\u1ea7m th\u1ea9m m\u1ef9 kh\u00f4ng gian b\u1ebfp.<\/p>\n<hr data-start=\"5361\" data-end=\"5364\" \/>\n<h2 data-start=\"5366\" data-end=\"5413\">\u0110\u1ed3ng b\u1ed9 kh\u00f4ng gian c\u00f9ng h\u1ec7 sinh th\u00e1i Ehrlich<\/h2>\n<p data-start=\"5415\" data-end=\"5653\">\u0110\u1ec3 ho\u00e0n thi\u1ec7n m\u1ed9t c\u0103n b\u1ebfp hi\u1ec7n \u0111\u1ea1i, vi\u1ec7c \u0111\u1ed3ng b\u1ed9 thi\u1ebft b\u1ecb l\u00e0 \u0111i\u1ec1u r\u1ea5t quan tr\u1ecdng. GX IP859PRO c\u00f3 th\u1ec3 d\u1ec5 d\u00e0ng k\u1ebft h\u1ee3p c\u00f9ng c\u00e1c s\u1ea3n ph\u1ea9m trong h\u1ec7 sinh th\u00e1i <strong data-start=\"5569\" data-end=\"5580\">Ehrlich<\/strong>, gi\u00fap t\u1ea1o n\u00ean kh\u00f4ng gian s\u1ed1ng ti\u1ec7n nghi, sang tr\u1ecdng v\u00e0 t\u1ed1i \u01b0u c\u00f4ng n\u0103ng.<\/p>\n<hr data-start=\"5655\" data-end=\"5658\" \/>\n<h2 data-start=\"5660\" data-end=\"5671\">K\u1ebft lu\u1eadn<\/h2>\n<p data-start=\"5673\" data-end=\"5923\">B\u1ebfp t\u1eeb GX IP859PRO l\u00e0 s\u1ef1 k\u1ebft h\u1ee3p ho\u00e0n h\u1ea3o gi\u1eefa thi\u1ebft k\u1ebf sang tr\u1ecdng, c\u00f4ng ngh\u1ec7 ti\u00ean ti\u1ebfn v\u00e0 hi\u1ec7u su\u1ea5t m\u1ea1nh m\u1ebd. V\u1edbi kh\u1ea3 n\u0103ng ti\u1ebft ki\u1ec7m \u0111i\u1ec7n, v\u1eadn h\u00e0nh \u00eam \u00e1i v\u00e0 \u0111\u1ea3m b\u1ea3o an to\u00e0n tuy\u1ec7t \u0111\u1ed1i, s\u1ea3n ph\u1ea9m mang \u0111\u1ebfn tr\u1ea3i nghi\u1ec7m n\u1ea5u n\u01b0\u1edbng \u0111\u1eb3ng c\u1ea5p cho m\u1ecdi gia \u0111\u00ecnh.<\/p>\n<p data-start=\"5925\" data-end=\"6078\" data-is-last-node=\"\" data-is-only-node=\"\">\ud83d\udc49 N\u1ebfu b\u1ea1n \u0111ang t\u00ecm ki\u1ebfm m\u1ed9t chi\u1ebfc b\u1ebfp t\u1eeb cao c\u1ea5p, b\u1ec1n b\u1ec9, ti\u1ebft ki\u1ec7m \u0111i\u1ec7n v\u00e0 \u0111\u00e1ng \u0111\u1ea7u t\u01b0 l\u00e2u d\u00e0i, th\u00ec GX IP859PRO ch\u1eafc ch\u1eafn l\u00e0 l\u1ef1a ch\u1ecdn kh\u00f4ng n\u00ean b\u1ecf qua.<\/p>\n<\/div>\n<\/div>\n<\/div>\n<\/div>\n<\/div>\n<\/div>\n<\/section>\n<\/div>\n<p data-start=\"4866\" data-end=\"4979\"><strong data-start=\"4866\" data-end=\"4917\">Ehrlich Vi\u1ec7t Nam \u2013 Thi\u1ebft B\u1ecb Nh\u00e0 B\u1ebfp &amp; Ph\u00f2ng T\u1eafm<\/strong><br data-start=\"4917\" data-end=\"4920\" \/>\ud83d\udccd \u0110\u1ecba ch\u1ec9: S\u1ed1 6 Li\u1ec1n K\u1ec1 22, K\u0110T V\u0103n Kh\u00ea, H\u00e0 \u0110\u00f4ng, H\u00e0 N\u1ed9i<\/p>\n<p data-start=\"4981\" data-end=\"5105\">\ud83c\udf10 Website: <a class=\"decorated-link\" href=\"https:\/\/ehrlichvietnam.vn\/\" target=\"_new\" rel=\"noopener\" data-start=\"4993\" data-end=\"5019\">https:\/\/ehrlichvietnam.vn\/<\/a><br data-start=\"5019\" data-end=\"5022\" \/>\ud83d\udcde Hotline: <strong data-start=\"5034\" data-end=\"5051\">0932 27 05 20<\/strong><br data-start=\"5051\" data-end=\"5054\" \/>\ud83d\udcac Zalo OA: <a class=\"decorated-link\" href=\"https:\/\/zalo.me\/s\/2888141157129558325\" target=\"_new\" rel=\"noopener\" data-start=\"5066\" data-end=\"5103\">https:\/\/zalo.me\/s\/2888141157129558325<\/a><\/p>\n<p data-start=\"5107\" data-end=\"5218\">\ud83c\udfa5 TikTok: <a class=\"decorated-link\" href=\"https:\/\/www.tiktok.com\/@ehrlich.chia.s?_r=1\" target=\"_new\" rel=\"noopener\" data-start=\"5118\" data-end=\"5162\">https:\/\/www.tiktok.com\/@ehrlichthietbivesinh<\/a><br data-start=\"5162\" data-end=\"5165\" \/>\u25b6\ufe0f YouTube: <a class=\"decorated-link\" href=\"https:\/\/www.youtube.com\/@EhrlichVietNam\" target=\"_new\" rel=\"noopener\" data-start=\"5177\" data-end=\"5216\">https:\/\/www.youtube.com\/@EhrlichVietNam<\/a><\/p>\n<p data-start=\"5220\" data-end=\"5265\">\ud83d\ude9a Giao h\u00e0ng to\u00e0n qu\u1ed1c \u2013 t\u01b0 v\u1ea5n nhanh ch\u00f3ng<\/p>\n<p data-start=\"5267\" data-end=\"5313\">\ud83d\udc49 <strong data-start=\"5270\" data-end=\"5313\">Inbox ngay \u0111\u1ec3 nh\u1eadn \u01b0u \u0111\u00e3i th\u00eam h\u00f4m nay!<\/strong><\/p>\n<\/div>\n<\/div>\n<\/div>\n<\/div>\n<div class=\"z-0 flex min-h-[46px] justify-start\"><\/div>\n<div class=\"mt-3 w-full empty:hidden\">\n<div class=\"text-center\">\n<div>\n<div class=\"inline-flex border border-gray-100 dark:border-gray-700 rounded-xl\">\n<div class=\"bg-token-main-surface-tertiary w-px flex-1 self-stretch\"><\/div>\n<\/div>\n<\/div>\n<\/div>\n<\/div>\n","protected":false},"excerpt":{"rendered":"<p>C\u00e1c d\u00f2ng b\u1ebfp hi\u1ec7n \u0111\u1ea1i ng\u00e0y nay kh\u00f4ng ch\u1ec9 \u0111\u00e1p \u1ee9ng nhu c\u1ea7u n\u1ea5u n\u01b0\u1edbng nhanh ch\u00f3ng m\u00e0 c\u00f2n h\u01b0\u1edbng \u0111\u1ebfn s\u1ef1 ti\u1ebft ki\u1ec7m \u0111i\u1ec7n, an to\u00e0n v\u00e0 t\u00ednh th\u1ea9m m\u1ef9 cao. V\u1edbi thi\u1ebft k\u1ebf tinh g\u1ecdn, c\u00f4ng ngh\u1ec7 th\u00f4ng minh v\u00e0 kh\u1ea3 n\u0103ng v\u1eadn h\u00e0nh \u1ed5n \u0111\u1ecbnh, s\u1ea3n ph\u1ea9m mang l\u1ea1i tr\u1ea3i nghi\u1ec7m ti\u1ec7n nghi cho m\u1ecdi gia \u0111\u00ecnh. Khi k\u1ebft h\u1ee3p c\u00f9ng h\u1ec7 sinh th\u00e1i thi\u1ebft b\u1ecb nh\u00e0 b\u1ebfp v\u00e0 v\u1ec7 sinh t\u1eeb <strong data-start=\"337\" data-end=\"348\">Ehrlich<\/strong>, kh\u00f4ng gian s\u1ed1ng \u0111\u01b0\u1ee3c ho\u00e0n thi\u1ec7n \u0111\u1ed3ng b\u1ed9, hi\u1ec7n \u0111\u1ea1i v\u00e0 t\u1ed1i \u01b0u c\u00f4ng n\u0103ng s\u1eed d\u1ee5ng.<\/p>\n","protected":false},"featured_media":4763,"comment_status":"open","ping_status":"closed","template":"","meta":{"_acf_changed":false},"product_brand":[162],"product_cat":[165,15,44,81],"product_tag":[],"class_list":{"0":"post-4657","1":"product","2":"type-product","3":"status-publish","4":"has-post-thumbnail","6":"product_brand-grandx","7":"product_cat-bep-tu-grandx","8":"product_cat-san-pham","9":"product_cat-thiet-bi-phong-bep","10":"product_cat-bep-tu","12":"first","13":"outofstock","14":"shipping-taxable","15":"product-type-simple"},"acf":[],"_links":{"self":[{"href":"https:\/\/ehrlichvietnam.vn\/en\/wp-json\/wp\/v2\/product\/4657","targetHints":{"allow":["GET"]}}],"collection":[{"href":"https:\/\/ehrlichvietnam.vn\/en\/wp-json\/wp\/v2\/product"}],"about":[{"href":"https:\/\/ehrlichvietnam.vn\/en\/wp-json\/wp\/v2\/types\/product"}],"replies":[{"embeddable":true,"href":"https:\/\/ehrlichvietnam.vn\/en\/wp-json\/wp\/v2\/comments?post=4657"}],"wp:featuredmedia":[{"embeddable":true,"href":"https:\/\/ehrlichvietnam.vn\/en\/wp-json\/wp\/v2\/media\/4763"}],"wp:attachment":[{"href":"https:\/\/ehrlichvietnam.vn\/en\/wp-json\/wp\/v2\/media?parent=4657"}],"wp:term":[{"taxonomy":"product_brand","embeddable":true,"href":"https:\/\/ehrlichvietnam.vn\/en\/wp-json\/wp\/v2\/product_brand?post=4657"},{"taxonomy":"product_cat","embeddable":true,"href":"https:\/\/ehrlichvietnam.vn\/en\/wp-json\/wp\/v2\/product_cat?post=4657"},{"taxonomy":"product_tag","embeddable":true,"href":"https:\/\/ehrlichvietnam.vn\/en\/wp-json\/wp\/v2\/product_tag?post=4657"}],"curies":[{"name":"wp","href":"https:\/\/api.w.org\/{rel}","templated":true}]}}