{"id":4655,"date":"2026-04-09T08:17:20","date_gmt":"2026-04-09T08:17:20","guid":{"rendered":"https:\/\/ehrlichvietnam.vn\/?post_type=product&#038;p=4655"},"modified":"2026-04-15T04:34:02","modified_gmt":"2026-04-15T04:34:02","slug":"bep-tu-cao-cap-gx-ip869pro","status":"publish","type":"product","link":"https:\/\/ehrlichvietnam.vn\/bep-tu-cao-cap-gx-ip869pro\/","title":{"rendered":"B\u1ebfp t\u1eeb cao c\u1ea5p GRANDX  GX IP869PRO"},"content":{"rendered":"<div class=\"flex max-w-full flex-col gap-4 grow\">\n<div class=\"min-h-8 text-message relative flex w-full flex-col items-end gap-2 text-start break-words whitespace-normal outline-none keyboard-focused:focus-ring [.text-message+&amp;]:mt-1\" dir=\"auto\" tabindex=\"0\" data-message-author-role=\"assistant\" data-message-id=\"c9d49429-a379-4851-8555-4af9fa245422\" data-message-model-slug=\"gpt-5-3\" data-turn-start-message=\"true\">\n<div class=\"flex w-full flex-col gap-1 empty:hidden\">\n<div class=\"markdown prose dark:prose-invert w-full wrap-break-word light markdown-new-styling\">\n<h2 data-start=\"0\" data-end=\"86\">B\u1ebfp t\u1eeb GX IP869 Pro \u2013 Tinh hoa c\u00f4ng ngh\u1ec7, n\u00e2ng t\u1ea7m kh\u00f4ng gian b\u1ebfp hi\u1ec7n \u0111\u1ea1i<\/h2>\n<p data-start=\"88\" data-end=\"483\">Trong xu h\u01b0\u1edbng s\u1ed1ng hi\u1ec7n \u0111\u1ea1i, c\u0103n b\u1ebfp kh\u00f4ng ch\u1ec9 l\u00e0 n\u01a1i n\u1ea5u \u0103n m\u00e0 c\u00f2n l\u00e0 kh\u00f4ng gian th\u1ec3 hi\u1ec7n phong c\u00e1ch s\u1ed1ng v\u00e0 gu th\u1ea9m m\u1ef9 c\u1ee7a gia ch\u1ee7. M\u1ed9t chi\u1ebfc b\u1ebfp t\u1eeb cao c\u1ea5p kh\u00f4ng ch\u1ec9 c\u1ea7n \u0111\u1eb9p m\u00e0 c\u00f2n ph\u1ea3i m\u1ea1nh m\u1ebd, ti\u1ebft ki\u1ec7m \u0111i\u1ec7n v\u00e0 \u0111\u1ea3m b\u1ea3o an to\u00e0n tuy\u1ec7t \u0111\u1ed1i. <strong data-start=\"332\" data-end=\"364\">B\u1ebfp t\u1eeb GX IP869 Pro Series 8<\/strong> ch\u00ednh l\u00e0 l\u1ef1a ch\u1ecdn l\u00fd t\u01b0\u1edfng khi h\u1ed9i t\u1ee5 \u0111\u1ea7y \u0111\u1ee7 c\u00e1c y\u1ebfu t\u1ed1: thi\u1ebft k\u1ebf tinh t\u1ebf, c\u00f4ng ngh\u1ec7 ti\u00ean ti\u1ebfn v\u00e0 hi\u1ec7u su\u1ea5t v\u01b0\u1ee3t tr\u1ed9i.<\/p>\n<hr data-start=\"485\" data-end=\"488\" \/>\n<h2 data-start=\"490\" data-end=\"534\">T\u1ed5ng quan v\u1ec1 b\u1ebfp t\u1eeb GX IP869 Pro<\/h2>\n<p data-start=\"536\" data-end=\"848\">B\u1ebfp t\u1eeb GX IP869 Pro\u00a0 thu\u1ed9c ph\u00e2n kh\u00fac cao c\u1ea5p c\u1ee7a GrandX, \u0111\u01b0\u1ee3c s\u1ea3n xu\u1ea5t t\u1ea1i Malaysia theo ti\u00eau chu\u1ea9n qu\u1ed1c t\u1ebf, s\u1eed d\u1ee5ng linh ki\u1ec7n ch\u00e2u \u00c2u v\u00e0 \u1ee9ng d\u1ee5ng c\u00f4ng ngh\u1ec7 ti\u00ean ti\u1ebfn. S\u1ea3n ph\u1ea9m mang \u0111\u1ebfn tr\u1ea3i nghi\u1ec7m n\u1ea5u n\u01b0\u1edbng hi\u1ec7n \u0111\u1ea1i, ti\u1ec7n nghi, \u0111\u1ed3ng th\u1eddi gi\u00fap t\u1ed1i \u01b0u \u0111i\u1ec7n n\u0103ng v\u00e0 \u0111\u1ea3m b\u1ea3o an to\u00e0n trong qu\u00e1 tr\u00ecnh s\u1eed d\u1ee5ng.<\/p>\n<p data-start=\"850\" data-end=\"1062\">\u0110i\u1ec3m n\u1ed5i b\u1eadt c\u1ee7a model n\u00e0y n\u1eb1m \u1edf s\u1ef1 k\u1ebft h\u1ee3p gi\u1eefa <strong data-start=\"899\" data-end=\"939\">c\u00f4ng ngh\u1ec7 Half Bridge Smart INVERTER<\/strong>, linh ki\u1ec7n <strong data-start=\"951\" data-end=\"976\">IGBT Infineon Germany<\/strong> c\u00f9ng thi\u1ebft k\u1ebf sang tr\u1ecdng chu\u1ea9n ch\u00e2u \u00c2u, gi\u00fap n\u00e2ng t\u1ea7m kh\u00f4ng gian b\u1ebfp m\u1ed9t c\u00e1ch r\u00f5 r\u1ec7t.<\/p>\n<hr data-start=\"1064\" data-end=\"1067\" \/>\n<h2 data-start=\"1069\" data-end=\"1115\">Thi\u1ebft k\u1ebf sang tr\u1ecdng \u2013 \u0110i\u1ec3m nh\u1ea5n cho c\u0103n b\u1ebfp<\/h2>\n<p data-start=\"1117\" data-end=\"1221\">Ngay t\u1eeb c\u00e1i nh\u00ecn \u0111\u1ea7u ti\u00ean, GX IP869 Pro g\u00e2y \u1ea5n t\u01b0\u1ee3ng v\u1edbi thi\u1ebft k\u1ebf hi\u1ec7n \u0111\u1ea1i, tinh t\u1ebf v\u00e0 \u0111\u1eadm ch\u1ea5t cao c\u1ea5p.<\/p>\n<h3 data-start=\"1223\" data-end=\"1256\">M\u1eb7t k\u00ednh SCHOTT CERAN cao c\u1ea5p<\/h3>\n<p data-start=\"1257\" data-end=\"1335\">B\u1ebfp \u0111\u01b0\u1ee3c trang b\u1ecb <strong data-start=\"1275\" data-end=\"1310\">m\u1eb7t k\u00ednh SCHOTT CERAN nh\u1eadp kh\u1ea9u<\/strong>, n\u1ed5i ti\u1ebfng v\u1edbi kh\u1ea3 n\u0103ng:<\/p>\n<ul data-start=\"1337\" data-end=\"1493\">\n<li data-start=\"1337\" data-end=\"1374\">Ch\u1ecbu nhi\u1ec7t l\u00ean \u0111\u1ebfn h\u00e0ng tr\u0103m \u0111\u1ed9 C<\/li>\n<li data-start=\"1375\" data-end=\"1410\">Ch\u1ed1ng s\u1ed1c nhi\u1ec7t, h\u1ea1n ch\u1ebf n\u1ee9t v\u1ee1<\/li>\n<li data-start=\"1411\" data-end=\"1457\">Ch\u1ed1ng tr\u1ea7y x\u01b0\u1edbc, gi\u1eef b\u1ec1 m\u1eb7t lu\u00f4n s\u00e1ng b\u00f3ng<\/li>\n<li data-start=\"1458\" data-end=\"1493\">D\u1ec5 d\u00e0ng v\u1ec7 sinh sau khi s\u1eed d\u1ee5ng<\/li>\n<\/ul>\n<p data-start=\"1495\" data-end=\"1597\">Ph\u1ea7n k\u00ednh \u0111\u01b0\u1ee3c <strong data-start=\"1510\" data-end=\"1533\">v\u00e1t 4 c\u1ea1nh tinh x\u1ea3o<\/strong>, kh\u00f4ng ch\u1ec9 t\u0103ng t\u00ednh th\u1ea9m m\u1ef9 m\u00e0 c\u00f2n h\u1ea1n ch\u1ebf s\u1ee9t m\u1ebb khi va ch\u1ea1m.<\/p>\n<h3 data-start=\"1599\" data-end=\"1636\">Vi\u1ec1n h\u1ee3p kim nh\u00f4m Alloy Carbon 3D<\/h3>\n<p data-start=\"1637\" data-end=\"1718\">Bao quanh m\u1eb7t k\u00ednh l\u00e0 <strong data-start=\"1659\" data-end=\"1711\">vi\u1ec1n h\u1ee3p kim nh\u00f4m Alloy Carbon 3D ph\u1ee7 Nano Titan<\/strong>, gi\u00fap:<\/p>\n<ul data-start=\"1720\" data-end=\"1814\">\n<li data-start=\"1720\" data-end=\"1746\">T\u0103ng \u0111\u1ed9 c\u1ee9ng v\u00e0 \u0111\u1ed9 b\u1ec1n<\/li>\n<li data-start=\"1747\" data-end=\"1768\">Ch\u1ed1ng b\u00e1m v\u00e2n tay<\/li>\n<li data-start=\"1769\" data-end=\"1814\">T\u1ea1o \u0111i\u1ec3m nh\u1ea5n sang tr\u1ecdng cho t\u1ed5ng th\u1ec3 b\u1ebfp<\/li>\n<\/ul>\n<p data-start=\"1816\" data-end=\"1930\">Thi\u1ebft k\u1ebf n\u00e0y gi\u00fap GX IP869 Pro d\u1ec5 d\u00e0ng ph\u00f9 h\u1ee3p v\u1edbi nhi\u1ec1u kh\u00f4ng gian b\u1ebfp t\u1eeb chung c\u01b0, nh\u00e0 ph\u1ed1 \u0111\u1ebfn bi\u1ec7t th\u1ef1 cao c\u1ea5p.<\/p>\n<hr data-start=\"1932\" data-end=\"1935\" \/>\n<h2 data-start=\"1937\" data-end=\"1985\">C\u1ea5u t\u1ea1o cao c\u1ea5p \u2013 \u0110\u1ea3m b\u1ea3o \u0111\u1ed9 b\u1ec1n v\u00e0 hi\u1ec7u su\u1ea5t<\/h2>\n<p data-start=\"1987\" data-end=\"2047\">B\u00ean trong GX IP869 Pro l\u00e0 h\u1ec7 th\u1ed1ng linh ki\u1ec7n ch\u1ea5t l\u01b0\u1ee3ng cao:<\/p>\n<ul data-start=\"2049\" data-end=\"2312\">\n<li data-start=\"2049\" data-end=\"2145\"><strong data-start=\"2051\" data-end=\"2083\">IGBT Infineon Germany 50A X4<\/strong> k\u1ebft h\u1ee3p IC Dual IQ Smart gi\u00fap ki\u1ec3m so\u00e1t c\u00f4ng su\u1ea5t ch\u00ednh x\u00e1c<\/li>\n<li data-start=\"2146\" data-end=\"2212\"><strong data-start=\"2148\" data-end=\"2179\">M\u00e2m t\u1eeb d\u00e2y \u0111\u1ed3ng nguy\u00ean ch\u1ea5t<\/strong> cho hi\u1ec7u su\u1ea5t truy\u1ec1n nhi\u1ec7t cao<\/li>\n<li data-start=\"2213\" data-end=\"2312\"><strong data-start=\"2215\" data-end=\"2239\">Qu\u1ea1t t\u1ea3n nhi\u1ec7t Turbo<\/strong> ho\u1ea1t \u0111\u1ed9ng \u00eam \u00e1i (\u226436dB), gi\u00fap l\u00e0m m\u00e1t nhanh v\u00e0 t\u0103ng tu\u1ed5i th\u1ecd linh ki\u1ec7n<\/li>\n<\/ul>\n<p data-start=\"2314\" data-end=\"2405\">Nh\u1edd \u0111\u00f3, b\u1ebfp kh\u00f4ng ch\u1ec9 ho\u1ea1t \u0111\u1ed9ng m\u1ea1nh m\u1ebd m\u00e0 c\u00f2n b\u1ec1n b\u1ec9 trong su\u1ed1t qu\u00e1 tr\u00ecnh s\u1eed d\u1ee5ng l\u00e2u d\u00e0i.<\/p>\n<hr data-start=\"2407\" data-end=\"2410\" \/>\n<h2 data-start=\"2412\" data-end=\"2478\">C\u00f4ng ngh\u1ec7 Half Bridge Smart INVERTER \u2013 Ti\u1ebft ki\u1ec7m \u0111i\u1ec7n v\u01b0\u1ee3t tr\u1ed9i<\/h2>\n<p data-start=\"2480\" data-end=\"2554\">GX IP869 Pro \u0111\u01b0\u1ee3c trang b\u1ecb <strong data-start=\"2507\" data-end=\"2547\">c\u00f4ng ngh\u1ec7 Half Bridge Smart INVERTER<\/strong>, gi\u00fap:<\/p>\n<ul data-start=\"2556\" data-end=\"2724\">\n<li data-start=\"2556\" data-end=\"2615\">Duy tr\u00ec nhi\u1ec7t \u0111\u1ed9 \u1ed5n \u0111\u1ecbnh, \u0111\u1eb7c bi\u1ec7t \u1edf m\u1ee9c c\u00f4ng su\u1ea5t th\u1ea5p<\/li>\n<li data-start=\"2616\" data-end=\"2657\">H\u1ea1n ch\u1ebf b\u1eadt\/t\u1eaft li\u00ean t\u1ee5c g\u00e2y hao \u0111i\u1ec7n<\/li>\n<li data-start=\"2658\" data-end=\"2693\">Ti\u1ebft ki\u1ec7m \u0111\u1ebfn <strong data-start=\"2674\" data-end=\"2691\">40% \u0111i\u1ec7n n\u0103ng<\/strong><\/li>\n<li data-start=\"2694\" data-end=\"2724\">T\u0103ng tu\u1ed5i th\u1ecd cho thi\u1ebft b\u1ecb<\/li>\n<\/ul>\n<p data-start=\"2726\" data-end=\"2848\">C\u00f4ng ngh\u1ec7 n\u00e0y \u0111\u1eb7c bi\u1ec7t ph\u00f9 h\u1ee3p v\u1edbi c\u00e1c m\u00f3n \u0103n c\u1ea7n n\u1ea5u l\u00e2u nh\u01b0 h\u1ea7m, ninh, kho\u2026 gi\u00fap m\u00f3n \u0103n ch\u00edn \u0111\u1ec1u v\u00e0 gi\u1eef tr\u1ecdn dinh d\u01b0\u1ee1ng.<\/p>\n<hr data-start=\"2850\" data-end=\"2853\" \/>\n<h2 data-start=\"2855\" data-end=\"2907\">Hi\u1ec7u su\u1ea5t m\u1ea1nh m\u1ebd \u2013 N\u1ea5u \u0103n nhanh ch\u00f3ng, ch\u00ednh x\u00e1c<\/h2>\n<p data-start=\"2909\" data-end=\"2976\">B\u1ebfp \u0111\u01b0\u1ee3c trang b\u1ecb <strong data-start=\"2927\" data-end=\"2960\">2 v\u00f9ng n\u1ea5u c\u1ea3m \u1ee9ng t\u1eeb \u0111\u1ed9c l\u1eadp<\/strong>, v\u1edbi c\u00f4ng su\u1ea5t:<\/p>\n<ul data-start=\"2978\" data-end=\"3046\">\n<li data-start=\"2978\" data-end=\"3010\">C\u00f4ng su\u1ea5t th\u01b0\u1eddng: 2100W\/v\u00f9ng<\/li>\n<li data-start=\"3011\" data-end=\"3046\">Booster: l\u00ean \u0111\u1ebfn <strong data-start=\"3030\" data-end=\"3044\">3000W\/v\u00f9ng<\/strong><\/li>\n<\/ul>\n<p data-start=\"3048\" data-end=\"3137\">Ch\u1ee9c n\u0103ng Booster gi\u00fap t\u0103ng t\u1ed1c n\u1ea5u n\u01b0\u1edbng, r\u00fat ng\u1eafn th\u1eddi gian \u0111un s\u00f4i v\u00e0 ch\u1ebf bi\u1ebfn m\u00f3n \u0103n.<\/p>\n<h3 data-start=\"3139\" data-end=\"3174\">\u0110i\u1ec1u khi\u1ec3n c\u1ea3m \u1ee9ng tr\u01b0\u1ee3t 15 m\u1ee9c<\/h3>\n<p data-start=\"3175\" data-end=\"3241\">B\u1ea3ng \u0111i\u1ec1u khi\u1ec3n Slider hi\u1ec7n \u0111\u1ea1i v\u1edbi <strong data-start=\"3211\" data-end=\"3231\">15 m\u1ee9c c\u00f4ng su\u1ea5t<\/strong> cho ph\u00e9p:<\/p>\n<ul data-start=\"3243\" data-end=\"3361\">\n<li data-start=\"3243\" data-end=\"3276\">\u0110i\u1ec1u ch\u1ec9nh nhi\u1ec7t \u0111\u1ed9 linh ho\u1ea1t<\/li>\n<li data-start=\"3277\" data-end=\"3324\">Ph\u00f9 h\u1ee3p v\u1edbi nhi\u1ec1u ph\u01b0\u01a1ng ph\u00e1p n\u1ea5u kh\u00e1c nhau<\/li>\n<li data-start=\"3325\" data-end=\"3361\">Thao t\u00e1c nhanh ch\u00f3ng, d\u1ec5 s\u1eed d\u1ee5ng<\/li>\n<\/ul>\n<p data-start=\"3363\" data-end=\"3462\">T\u1ed1c \u0111\u1ed9 gia nhi\u1ec7t c\u1ee7a b\u1ebfp nhanh g\u1ea5p 2 l\u1ea7n so v\u1edbi b\u1ebfp truy\u1ec1n th\u1ed1ng, gi\u00fap ti\u1ebft ki\u1ec7m th\u1eddi gian \u0111\u00e1ng k\u1ec3.<\/p>\n<hr data-start=\"3464\" data-end=\"3467\" \/>\n<h2 data-start=\"3469\" data-end=\"3518\">T\u00ednh n\u0103ng n\u1ea5u th\u00f4ng minh \u2013 \u0110a d\u1ea1ng v\u00e0 ti\u1ec7n l\u1ee3i<\/h2>\n<p data-start=\"3520\" data-end=\"3608\">GX IP869 Pro kh\u00f4ng ch\u1ec9 m\u1ea1nh m\u1ebd m\u00e0 c\u00f2n r\u1ea5t \u201chi\u1ec3u ng\u01b0\u1eddi d\u00f9ng\u201d v\u1edbi lo\u1ea1t t\u00ednh n\u0103ng hi\u1ec7n \u0111\u1ea1i:<\/p>\n<ul data-start=\"3610\" data-end=\"3991\">\n<li data-start=\"3610\" data-end=\"3681\"><strong data-start=\"3612\" data-end=\"3647\">Keep Warm (65\u00b0C \u2013 75\u00b0C \u2013 85\u00b0C):<\/strong> Gi\u1eef \u1ea5m th\u1ee9c \u0103n m\u00e0 kh\u00f4ng l\u00e0m kh\u00f4<\/li>\n<li data-start=\"3682\" data-end=\"3751\"><strong data-start=\"3684\" data-end=\"3710\">Frying (80\u00b0C \u2013 250\u00b0C):<\/strong> Ki\u1ec3m so\u00e1t nhi\u1ec7t \u0111\u1ed9 chi\u00ean r\u00e1n ch\u00ednh x\u00e1c<\/li>\n<li data-start=\"3752\" data-end=\"3810\"><strong data-start=\"3754\" data-end=\"3775\">T\u1ef1 nh\u1eadn di\u1ec7n n\u1ed3i:<\/strong> Ch\u1ec9 ho\u1ea1t \u0111\u1ed9ng khi c\u00f3 n\u1ed3i ph\u00f9 h\u1ee3p<\/li>\n<li data-start=\"3811\" data-end=\"3880\"><strong data-start=\"3813\" data-end=\"3831\">Power Balance:<\/strong> Chia s\u1ebb c\u00f4ng su\u1ea5t t\u1ed1i \u0111a 3700W gi\u1eefa 2 v\u00f9ng n\u1ea5u<\/li>\n<li data-start=\"3881\" data-end=\"3931\"><strong data-start=\"3883\" data-end=\"3903\">H\u1eb9n gi\u1edd 99 ph\u00fat:<\/strong> Ch\u1ee7 \u0111\u1ed9ng th\u1eddi gian n\u1ea5u \u0103n<\/li>\n<li data-start=\"3932\" data-end=\"3991\"><strong data-start=\"3934\" data-end=\"3954\">Pause \u2013 Stop Go:<\/strong> T\u1ea1m d\u1eebng v\u00e0 ti\u1ebfp t\u1ee5c n\u1ea5u linh ho\u1ea1t<\/li>\n<\/ul>\n<p data-start=\"3993\" data-end=\"4074\">Nh\u1eefng t\u00ednh n\u0103ng n\u00e0y gi\u00fap vi\u1ec7c n\u1ea5u \u0103n tr\u1edf n\u00ean d\u1ec5 d\u00e0ng, ch\u00ednh x\u00e1c v\u00e0 ti\u1ec7n nghi h\u01a1n.<\/p>\n<hr data-start=\"4076\" data-end=\"4079\" \/>\n<h2 data-start=\"4081\" data-end=\"4119\">An to\u00e0n t\u1ed1i \u0111a \u2013 B\u1ea3o v\u1ec7 c\u1ea3 gia \u0111\u00ecnh<\/h2>\n<p data-start=\"4121\" data-end=\"4236\">An to\u00e0n l\u00e0 y\u1ebfu t\u1ed1 kh\u00f4ng th\u1ec3 thi\u1ebfu \u1edf m\u1ed9t chi\u1ebfc b\u1ebfp hi\u1ec7n \u0111\u1ea1i. GX IP869 Pro \u0111\u01b0\u1ee3c t\u00edch h\u1ee3p \u0111\u1ea7y \u0111\u1ee7 c\u00e1c c\u00f4ng ngh\u1ec7 b\u1ea3o v\u1ec7:<\/p>\n<ul data-start=\"4238\" data-end=\"4459\">\n<li data-start=\"4238\" data-end=\"4287\"><strong data-start=\"4240\" data-end=\"4259\">Water Overflow:<\/strong> T\u1ef1 \u0111\u1ed9ng t\u1eaft khi n\u01b0\u1edbc tr\u00e0n<\/li>\n<li data-start=\"4288\" data-end=\"4335\"><strong data-start=\"4290\" data-end=\"4333\">T\u1ef1 ng\u1eaft khi kh\u00f4ng c\u00f3 n\u1ed3i ho\u1eb7c qu\u00e1 nhi\u1ec7t<\/strong><\/li>\n<li data-start=\"4336\" data-end=\"4396\"><strong data-start=\"4338\" data-end=\"4353\">Child Lock:<\/strong> Kh\u00f3a tr\u1ebb em, tr\u00e1nh thao t\u00e1c ngo\u00e0i \u00fd mu\u1ed1n<\/li>\n<li data-start=\"4397\" data-end=\"4459\"><strong data-start=\"4399\" data-end=\"4425\">C\u1ea3nh b\u00e1o nhi\u1ec7t d\u01b0 \u201cH\u201d:<\/strong> Hi\u1ec3n th\u1ecb khi nhi\u1ec7t \u0111\u1ed9 tr\u00ean 60\u00b0C<\/li>\n<\/ul>\n<p data-start=\"4461\" data-end=\"4566\">Nh\u1eefng t\u00ednh n\u0103ng n\u00e0y gi\u00fap gi\u1ea3m thi\u1ec3u r\u1ee7i ro, \u0111\u1eb7c bi\u1ec7t ph\u00f9 h\u1ee3p v\u1edbi gia \u0111\u00ecnh c\u00f3 tr\u1ebb nh\u1ecf ho\u1eb7c ng\u01b0\u1eddi l\u1edbn tu\u1ed5i.<\/p>\n<hr data-start=\"4568\" data-end=\"4571\" \/>\n<h2 data-start=\"4573\" data-end=\"4602\">Th\u00f4ng s\u1ed1 k\u1ef9 thu\u1eadt chi ti\u1ebft<\/h2>\n<ul data-start=\"4604\" data-end=\"5085\">\n<li data-start=\"4604\" data-end=\"4654\"><strong data-start=\"4606\" data-end=\"4623\">T\u00ean s\u1ea3n ph\u1ea9m:<\/strong> B\u1ebfp t\u1eeb GX IP869 Pro<\/li>\n<li data-start=\"4655\" data-end=\"4680\"><strong data-start=\"4657\" data-end=\"4669\">Xu\u1ea5t x\u1ee9:<\/strong> Malaysia<\/li>\n<li data-start=\"4681\" data-end=\"4703\"><strong data-start=\"4683\" data-end=\"4699\">S\u1ed1 v\u00f9ng n\u1ea5u:<\/strong> 2<\/li>\n<li data-start=\"4704\" data-end=\"4734\"><strong data-start=\"4706\" data-end=\"4719\">M\u1eb7t k\u00ednh:<\/strong> SCHOTT CERAN<\/li>\n<li data-start=\"4735\" data-end=\"4777\"><strong data-start=\"4737\" data-end=\"4760\">Ti\u00eau chu\u1ea9n an to\u00e0n:<\/strong> CB, EMC, QCVN9<\/li>\n<li data-start=\"4778\" data-end=\"4818\"><strong data-start=\"4780\" data-end=\"4795\">\u0110i\u1ec1u khi\u1ec3n:<\/strong> C\u1ea3m \u1ee9ng tr\u01b0\u1ee3t 15 m\u1ee9c<\/li>\n<li data-start=\"4819\" data-end=\"4864\"><strong data-start=\"4821\" data-end=\"4835\">C\u00f4ng ngh\u1ec7:<\/strong> Half Bridge Smart INVERTER<\/li>\n<li data-start=\"4865\" data-end=\"4918\"><strong data-start=\"4867\" data-end=\"4894\">C\u00f4ng su\u1ea5t l\u00f2 tr\u00e1i\/ph\u1ea3i:<\/strong> 2100W \u2013 Booster 3000W<\/li>\n<li data-start=\"4919\" data-end=\"4948\"><strong data-start=\"4921\" data-end=\"4940\">T\u1ed5ng c\u00f4ng su\u1ea5t:<\/strong> 3700W<\/li>\n<li data-start=\"4949\" data-end=\"4983\"><strong data-start=\"4951\" data-end=\"4963\">\u0110i\u1ec7n \u00e1p:<\/strong> 220 \u2013 240V \/ 50Hz<\/li>\n<li data-start=\"4984\" data-end=\"5024\"><strong data-start=\"4986\" data-end=\"5005\">K\u00edch th\u01b0\u1edbc b\u1ebfp:<\/strong> 730 x 430 x 60mm<\/li>\n<li data-start=\"5025\" data-end=\"5054\"><strong data-start=\"5027\" data-end=\"5040\">Kho\u00e9t \u0111\u00e1:<\/strong> 680 x 380mm<\/li>\n<li data-start=\"5055\" data-end=\"5085\"><strong data-start=\"5057\" data-end=\"5070\">Lo\u1ea1i n\u1ed3i:<\/strong> \u0110\u00e1y nhi\u1ec5m t\u1eeb<\/li>\n<\/ul>\n<hr data-start=\"5087\" data-end=\"5090\" \/>\n<h2 data-start=\"5092\" data-end=\"5125\">Ph\u00f9 h\u1ee3p v\u1edbi m\u1ecdi kh\u00f4ng gian b\u1ebfp<\/h2>\n<p data-start=\"5127\" data-end=\"5165\">GX IP869 Pro l\u00e0 l\u1ef1a ch\u1ecdn ho\u00e0n h\u1ea3o cho:<\/p>\n<ul data-start=\"5167\" data-end=\"5309\">\n<li data-start=\"5167\" data-end=\"5195\">C\u0103n h\u1ed9 chung c\u01b0 hi\u1ec7n \u0111\u1ea1i<\/li>\n<li data-start=\"5196\" data-end=\"5225\">Nh\u00e0 ph\u1ed1, bi\u1ec7t th\u1ef1 cao c\u1ea5p<\/li>\n<li data-start=\"5226\" data-end=\"5262\">Gia \u0111\u00ecnh tr\u1ebb y\u00eau th\u00edch c\u00f4ng ngh\u1ec7<\/li>\n<li data-start=\"5263\" data-end=\"5309\">Ng\u01b0\u1eddi n\u1ed9i tr\u1ee3 c\u1ea7n s\u1ef1 ti\u1ec7n l\u1ee3i v\u00e0 ch\u00ednh x\u00e1c<\/li>\n<\/ul>\n<p data-start=\"5311\" data-end=\"5406\">S\u1ea3n ph\u1ea9m kh\u00f4ng ch\u1ec9 ph\u1ee5c v\u1ee5 nhu c\u1ea7u n\u1ea5u \u0103n m\u00e0 c\u00f2n g\u00f3p ph\u1ea7n n\u00e2ng t\u1ea7m th\u1ea9m m\u1ef9 cho kh\u00f4ng gian s\u1ed1ng.<\/p>\n<hr data-start=\"5408\" data-end=\"5411\" \/>\n<h2 data-start=\"5413\" data-end=\"5464\">\u0110\u1ed3ng b\u1ed9 kh\u00f4ng gian b\u1ebfp c\u00f9ng h\u1ec7 sinh th\u00e1i Ehrlich<\/h2>\n<p data-start=\"5466\" data-end=\"5660\">M\u1ed9t c\u0103n b\u1ebfp \u0111\u1eb9p c\u1ea7n s\u1ef1 \u0111\u1ed3ng b\u1ed9. GX IP869 Pro c\u00f3 th\u1ec3 d\u1ec5 d\u00e0ng k\u1ebft h\u1ee3p c\u00f9ng c\u00e1c thi\u1ebft b\u1ecb b\u1ebfp v\u00e0 v\u1ec7 sinh t\u1eeb <strong data-start=\"5570\" data-end=\"5581\">Ehrlich<\/strong>, gi\u00fap t\u1ea1o n\u00ean kh\u00f4ng gian s\u1ed1ng ti\u1ec7n nghi, hi\u1ec7n \u0111\u1ea1i v\u00e0 t\u1ed1i \u01b0u c\u00f4ng n\u0103ng s\u1eed d\u1ee5ng.<\/p>\n<hr data-start=\"5662\" data-end=\"5665\" \/>\n<h2 data-start=\"5667\" data-end=\"5678\">K\u1ebft lu\u1eadn<\/h2>\n<p data-start=\"5680\" data-end=\"5940\">B\u1ebfp t\u1eeb GX IP869 Pro l\u00e0 s\u1ef1 k\u1ebft h\u1ee3p ho\u00e0n h\u1ea3o gi\u1eefa thi\u1ebft k\u1ebf sang tr\u1ecdng, c\u00f4ng ngh\u1ec7 ti\u00ean ti\u1ebfn v\u00e0 hi\u1ec7u su\u1ea5t m\u1ea1nh m\u1ebd. V\u1edbi kh\u1ea3 n\u0103ng ti\u1ebft ki\u1ec7m \u0111i\u1ec7n, v\u1eadn h\u00e0nh \u00eam \u00e1i v\u00e0 \u0111\u1ea3m b\u1ea3o an to\u00e0n tuy\u1ec7t \u0111\u1ed1i, s\u1ea3n ph\u1ea9m mang \u0111\u1ebfn tr\u1ea3i nghi\u1ec7m n\u1ea5u n\u01b0\u1edbng \u0111\u1eb3ng c\u1ea5p cho m\u1ecdi gia \u0111\u00ecnh.<\/p>\n<p data-start=\"5942\" data-end=\"6080\" data-is-last-node=\"\" data-is-only-node=\"\">\ud83d\udc49 N\u1ebfu b\u1ea1n \u0111ang t\u00ecm ki\u1ebfm m\u1ed9t chi\u1ebfc b\u1ebfp t\u1eeb cao c\u1ea5p, b\u1ec1n b\u1ec9 v\u00e0 \u0111\u00e1ng \u0111\u1ea7u t\u01b0 l\u00e2u d\u00e0i, th\u00ec GX IP869 Pro ch\u1eafc ch\u1eafn l\u00e0 l\u1ef1a ch\u1ecdn kh\u00f4ng n\u00ean b\u1ecf qua.<\/p>\n<div class=\"flex flex-col text-sm pb-25\">\n<section class=\"text-token-text-primary w-full focus:outline-none [--shadow-height:45px] has-data-writing-block:pointer-events-none has-data-writing-block:-mt-(--shadow-height) has-data-writing-block:pt-(--shadow-height) [&amp;:has([data-writing-block])&gt;*]:pointer-events-auto scroll-mt-[calc(var(--header-height)+min(200px,max(70px,20svh)))]\" dir=\"auto\" data-turn-id=\"request-WEB:c6c39ca1-e590-47a0-bd6e-04e9219b2766-7\" data-testid=\"conversation-turn-16\" data-scroll-anchor=\"true\" data-turn=\"assistant\">\n<div class=\"text-base my-auto mx-auto pb-10 [--thread-content-margin:var(--thread-content-margin-xs,calc(var(--spacing)*4))] @w-sm\/main:[--thread-content-margin:var(--thread-content-margin-sm,calc(var(--spacing)*6))] @w-lg\/main:[--thread-content-margin:var(--thread-content-margin-lg,calc(var(--spacing)*16))] px-(--thread-content-margin)\">\n<div class=\"[--thread-content-max-width:40rem] @w-lg\/main:[--thread-content-max-width:48rem] mx-auto max-w-(--thread-content-max-width) flex-1 group\/turn-messages focus-visible:outline-hidden relative flex w-full min-w-0 flex-col agent-turn\">\n<div class=\"z-0 flex min-h-[46px] justify-start\"><\/div>\n<\/div>\n<\/div>\n<\/section>\n<\/div>\n<p data-start=\"4866\" data-end=\"4979\"><strong data-start=\"4866\" data-end=\"4917\">Ehrlich Vi\u1ec7t Nam \u2013 Thi\u1ebft B\u1ecb Nh\u00e0 B\u1ebfp &amp; Ph\u00f2ng T\u1eafm<\/strong><br data-start=\"4917\" data-end=\"4920\" \/>\ud83d\udccd \u0110\u1ecba ch\u1ec9: S\u1ed1 6 Li\u1ec1n K\u1ec1 22, K\u0110T V\u0103n Kh\u00ea, H\u00e0 \u0110\u00f4ng, H\u00e0 N\u1ed9i<\/p>\n<p data-start=\"4981\" data-end=\"5105\">\ud83c\udf10 Website: <a class=\"decorated-link\" href=\"https:\/\/ehrlichvietnam.vn\/\" target=\"_new\" rel=\"noopener\" data-start=\"4993\" data-end=\"5019\">https:\/\/ehrlichvietnam.vn\/<\/a><br data-start=\"5019\" data-end=\"5022\" \/>\ud83d\udcde Hotline: <strong data-start=\"5034\" data-end=\"5051\">0932 27 05 20<\/strong><br data-start=\"5051\" data-end=\"5054\" \/>\ud83d\udcac Zalo OA: <a class=\"decorated-link\" href=\"https:\/\/zalo.me\/s\/2888141157129558325\" target=\"_new\" rel=\"noopener\" data-start=\"5066\" data-end=\"5103\">https:\/\/zalo.me\/s\/2888141157129558325<\/a><\/p>\n<p data-start=\"5107\" data-end=\"5218\">\ud83c\udfa5 TikTok: <a class=\"decorated-link\" href=\"https:\/\/www.tiktok.com\/@ehrlich.chia.s?_r=1\" target=\"_new\" rel=\"noopener\" data-start=\"5118\" data-end=\"5162\">https:\/\/www.tiktok.com\/@ehrlichthietbivesinh<\/a><br data-start=\"5162\" data-end=\"5165\" \/>\u25b6\ufe0f YouTube: <a class=\"decorated-link\" href=\"https:\/\/www.youtube.com\/@EhrlichVietNam\" target=\"_new\" rel=\"noopener\" data-start=\"5177\" data-end=\"5216\">https:\/\/www.youtube.com\/@EhrlichVietNam<\/a><\/p>\n<p data-start=\"5220\" data-end=\"5265\">\ud83d\ude9a Giao h\u00e0ng to\u00e0n qu\u1ed1c \u2013 t\u01b0 v\u1ea5n nhanh ch\u00f3ng<\/p>\n<p data-start=\"5267\" data-end=\"5313\">\ud83d\udc49 <strong data-start=\"5270\" data-end=\"5313\">Inbox ngay \u0111\u1ec3 nh\u1eadn \u01b0u \u0111\u00e3i th\u00eam h\u00f4m nay!<\/strong><\/p>\n<\/div>\n<\/div>\n<\/div>\n<\/div>\n<div class=\"z-0 flex min-h-[46px] justify-start\"><\/div>\n<div class=\"mt-3 w-full empty:hidden\">\n<div class=\"text-center\">\n<div>\n<div class=\"inline-flex border border-gray-100 dark:border-gray-700 rounded-xl\">\n<div class=\"bg-token-main-surface-tertiary w-px flex-1 self-stretch\"><\/div>\n<\/div>\n<\/div>\n<\/div>\n<\/div>\n","protected":false},"excerpt":{"rendered":"<p>C\u00e1c d\u00f2ng b\u1ebfp hi\u1ec7n \u0111\u1ea1i ng\u00e0y nay kh\u00f4ng ch\u1ec9 \u0111\u00e1p \u1ee9ng nhu c\u1ea7u n\u1ea5u n\u01b0\u1edbng nhanh ch\u00f3ng m\u00e0 c\u00f2n h\u01b0\u1edbng \u0111\u1ebfn s\u1ef1 ti\u1ebft ki\u1ec7m \u0111i\u1ec7n, an to\u00e0n v\u00e0 t\u00ednh th\u1ea9m m\u1ef9 cao. V\u1edbi thi\u1ebft k\u1ebf tinh g\u1ecdn, c\u00f4ng ngh\u1ec7 th\u00f4ng minh v\u00e0 kh\u1ea3 n\u0103ng v\u1eadn h\u00e0nh \u1ed5n \u0111\u1ecbnh, s\u1ea3n ph\u1ea9m mang l\u1ea1i tr\u1ea3i nghi\u1ec7m ti\u1ec7n nghi cho m\u1ecdi gia \u0111\u00ecnh. Khi k\u1ebft h\u1ee3p c\u00f9ng h\u1ec7 sinh th\u00e1i thi\u1ebft b\u1ecb nh\u00e0 b\u1ebfp v\u00e0 v\u1ec7 sinh t\u1eeb <strong data-start=\"337\" data-end=\"348\">Ehrlich<\/strong>, kh\u00f4ng gian s\u1ed1ng \u0111\u01b0\u1ee3c ho\u00e0n thi\u1ec7n \u0111\u1ed3ng b\u1ed9, hi\u1ec7n \u0111\u1ea1i v\u00e0 t\u1ed1i \u01b0u c\u00f4ng n\u0103ng s\u1eed d\u1ee5ng.<\/p>\n","protected":false},"featured_media":4764,"comment_status":"open","ping_status":"closed","template":"","meta":{"_acf_changed":false},"product_brand":[162],"product_cat":[165,15,44,81],"product_tag":[],"class_list":{"0":"post-4655","1":"product","2":"type-product","3":"status-publish","4":"has-post-thumbnail","6":"product_brand-grandx","7":"product_cat-bep-tu-grandx","8":"product_cat-san-pham","9":"product_cat-thiet-bi-phong-bep","10":"product_cat-bep-tu","12":"first","13":"outofstock","14":"shipping-taxable","15":"product-type-simple"},"acf":[],"_links":{"self":[{"href":"https:\/\/ehrlichvietnam.vn\/en\/wp-json\/wp\/v2\/product\/4655","targetHints":{"allow":["GET"]}}],"collection":[{"href":"https:\/\/ehrlichvietnam.vn\/en\/wp-json\/wp\/v2\/product"}],"about":[{"href":"https:\/\/ehrlichvietnam.vn\/en\/wp-json\/wp\/v2\/types\/product"}],"replies":[{"embeddable":true,"href":"https:\/\/ehrlichvietnam.vn\/en\/wp-json\/wp\/v2\/comments?post=4655"}],"wp:featuredmedia":[{"embeddable":true,"href":"https:\/\/ehrlichvietnam.vn\/en\/wp-json\/wp\/v2\/media\/4764"}],"wp:attachment":[{"href":"https:\/\/ehrlichvietnam.vn\/en\/wp-json\/wp\/v2\/media?parent=4655"}],"wp:term":[{"taxonomy":"product_brand","embeddable":true,"href":"https:\/\/ehrlichvietnam.vn\/en\/wp-json\/wp\/v2\/product_brand?post=4655"},{"taxonomy":"product_cat","embeddable":true,"href":"https:\/\/ehrlichvietnam.vn\/en\/wp-json\/wp\/v2\/product_cat?post=4655"},{"taxonomy":"product_tag","embeddable":true,"href":"https:\/\/ehrlichvietnam.vn\/en\/wp-json\/wp\/v2\/product_tag?post=4655"}],"curies":[{"name":"wp","href":"https:\/\/api.w.org\/{rel}","templated":true}]}}