{"id":4648,"date":"2026-04-09T07:26:47","date_gmt":"2026-04-09T07:26:47","guid":{"rendered":"https:\/\/ehrlichvietnam.vn\/?post_type=product&#038;p=4648"},"modified":"2026-04-15T04:37:22","modified_gmt":"2026-04-15T04:37:22","slug":"bep-tu-cao-cap-gx-ip879jp","status":"publish","type":"product","link":"https:\/\/ehrlichvietnam.vn\/bep-tu-cao-cap-gx-ip879jp\/","title":{"rendered":"B\u1ebfp t\u1eeb cao c\u1ea5p GRANDX  GX IP879JP"},"content":{"rendered":"<div class=\"flex max-w-full flex-col gap-4 grow\">\n<div class=\"min-h-8 text-message relative flex w-full flex-col items-end gap-2 text-start break-words whitespace-normal outline-none keyboard-focused:focus-ring [.text-message+&amp;]:mt-1\" dir=\"auto\" tabindex=\"0\" data-message-author-role=\"assistant\" data-message-id=\"c9d49429-a379-4851-8555-4af9fa245422\" data-message-model-slug=\"gpt-5-3\" data-turn-start-message=\"true\">\n<div class=\"flex w-full flex-col gap-1 empty:hidden\">\n<div class=\"markdown prose dark:prose-invert w-full wrap-break-word light markdown-new-styling\">\n<p data-start=\"5116\" data-end=\"5284\" data-is-last-node=\"\" data-is-only-node=\"\">.<\/p>\n<h2 data-start=\"0\" data-end=\"68\">B\u1ebfp t\u1eeb GrandX GX IP879JP \u2013 L\u1ef1a ch\u1ecdn \u0111\u1eb3ng c\u1ea5p cho c\u0103n b\u1ebfp hi\u1ec7n \u0111\u1ea1i<\/h2>\n<p data-start=\"70\" data-end=\"522\">Trong xu h\u01b0\u1edbng n\u00e2ng c\u1ea5p kh\u00f4ng gian s\u1ed1ng, c\u0103n b\u1ebfp kh\u00f4ng ch\u1ec9 \u0111\u01a1n thu\u1ea7n l\u00e0 n\u01a1i n\u1ea5u n\u01b0\u1edbng m\u00e0 c\u00f2n l\u00e0 trung t\u00e2m k\u1ebft n\u1ed1i c\u1ee7a gia \u0111\u00ecnh. Ch\u00ednh v\u00ec v\u1eady, vi\u1ec7c l\u1ef1a ch\u1ecdn m\u1ed9t chi\u1ebfc b\u1ebfp t\u1eeb ch\u1ea5t l\u01b0\u1ee3ng cao, thi\u1ebft k\u1ebf \u0111\u1eb9p v\u00e0 t\u00edch h\u1ee3p c\u00f4ng ngh\u1ec7 hi\u1ec7n \u0111\u1ea1i l\u00e0 \u0111i\u1ec1u m\u00e0 nhi\u1ec1u gia \u0111\u00ecnh quan t\u00e2m. <strong data-start=\"339\" data-end=\"367\">B\u1ebfp t\u1eeb GrandX GX IP879JP<\/strong> ch\u00ednh l\u00e0 m\u1ed9t trong nh\u1eefng model n\u1ed5i b\u1eadt \u0111\u00e1p \u1ee9ng \u0111\u1ea7y \u0111\u1ee7 c\u00e1c ti\u00eau ch\u00ed \u0111\u00f3 \u2013 t\u1eeb hi\u1ec7u n\u0103ng m\u1ea1nh m\u1ebd, ti\u1ebft ki\u1ec7m \u0111i\u1ec7n cho \u0111\u1ebfn \u0111\u1ed9 an to\u00e0n v\u00e0 t\u00ednh th\u1ea9m m\u1ef9 v\u01b0\u1ee3t tr\u1ed9i.<\/p>\n<hr data-start=\"524\" data-end=\"527\" \/>\n<h2 data-start=\"529\" data-end=\"577\">Thi\u1ebft k\u1ebf sang tr\u1ecdng \u2013 N\u00e2ng t\u1ea7m kh\u00f4ng gian b\u1ebfp<\/h2>\n<p><img loading=\"lazy\" decoding=\"async\" class=\"alignnone size-medium\" src=\"https:\/\/grandx.com.vn\/wp-content\/uploads\/2025\/01\/GX-IH879JP-phoi-canh-1920x800-1-scaled.jpg\" width=\"2560\" height=\"1067\" \/><\/p>\n<p data-start=\"579\" data-end=\"846\">Ngay t\u1eeb c\u00e1i nh\u00ecn \u0111\u1ea7u ti\u00ean, GX IP879JP \u0111\u00e3 t\u1ea1o \u1ea5n t\u01b0\u1ee3ng v\u1edbi thi\u1ebft k\u1ebf hi\u1ec7n \u0111\u1ea1i, tinh t\u1ebf v\u00e0 \u0111\u1eadm ch\u1ea5t ch\u00e2u \u00c2u. S\u1ea3n ph\u1ea9m \u0111\u01b0\u1ee3c trang b\u1ecb <strong data-start=\"708\" data-end=\"753\">m\u1eb7t k\u00ednh NEG Nippon s\u1ea3n xu\u1ea5t t\u1ea1i Nh\u1eadt B\u1ea3n<\/strong> \u2013 d\u00f2ng k\u00ednh cao c\u1ea5p n\u1ed5i ti\u1ebfng v\u1edbi kh\u1ea3 n\u0103ng ch\u1ecbu l\u1ef1c, ch\u1ecbu nhi\u1ec7t v\u01b0\u1ee3t tr\u1ed9i v\u00e0 \u0111\u1ed9 b\u1ec1n l\u00e2u d\u00e0i.<\/p>\n<p data-start=\"848\" data-end=\"1121\">Ph\u1ea7n k\u00ednh \u0111\u01b0\u1ee3c <strong data-start=\"863\" data-end=\"885\">v\u00e1t 4 c\u1ea1nh s\u1eafc s\u1ea3o<\/strong>, kh\u00f4ng ch\u1ec9 gi\u00fap t\u0103ng t\u00ednh th\u1ea9m m\u1ef9 m\u00e0 c\u00f2n h\u1ea1n ch\u1ebf s\u1ee9t m\u1ebb trong qu\u00e1 tr\u00ecnh s\u1eed d\u1ee5ng. Bao quanh l\u00e0 <strong data-start=\"980\" data-end=\"1035\">vi\u1ec1n h\u1ee3p kim nh\u00f4m Alloy Carbon 3D m\u1ea1 Nano m\u00e0u Titan<\/strong>, mang \u0111\u1ebfn v\u1ebb ngo\u00e0i sang tr\u1ecdng, \u0111\u1ed3ng th\u1eddi ch\u1ed1ng b\u00e1m v\u00e2n tay v\u00e0 t\u0103ng kh\u1ea3 n\u0103ng ch\u1ecbu l\u1ef1c.<\/p>\n<p data-start=\"1123\" data-end=\"1308\">V\u1edbi k\u00edch th\u01b0\u1edbc ti\u00eau chu\u1ea9n <strong data-start=\"1149\" data-end=\"1164\">730 x 430mm<\/strong> v\u00e0 k\u00edch th\u01b0\u1edbc kho\u00e9t \u0111\u00e1 <strong data-start=\"1188\" data-end=\"1203\">680 x 380mm<\/strong>, b\u1ebfp d\u1ec5 d\u00e0ng l\u1eafp \u0111\u1eb7t \u00e2m b\u00e0n, ph\u00f9 h\u1ee3p v\u1edbi nhi\u1ec1u ki\u1ec3u kh\u00f4ng gian b\u1ebfp t\u1eeb chung c\u01b0 \u0111\u1ebfn nh\u00e0 ph\u1ed1 hay bi\u1ec7t th\u1ef1.<\/p>\n<hr data-start=\"1310\" data-end=\"1313\" \/>\n<h2 data-start=\"1315\" data-end=\"1367\">C\u1ea5u t\u1ea1o cao c\u1ea5p \u2013 \u0110\u1ed9 b\u1ec1n v\u01b0\u1ee3t tr\u1ed9i theo th\u1eddi gian<\/h2>\n<p data-start=\"1369\" data-end=\"1453\">Kh\u00f4ng ch\u1ec9 \u0111\u1eb9p \u1edf thi\u1ebft k\u1ebf, GX IP879JP c\u00f2n \u0111\u01b0\u1ee3c \u0111\u1ea7u t\u01b0 m\u1ea1nh m\u1ebd v\u1ec1 linh ki\u1ec7n b\u00ean trong:<\/p>\n<ul data-start=\"1455\" data-end=\"1782\">\n<li data-start=\"1455\" data-end=\"1588\"><strong data-start=\"1457\" data-end=\"1487\">IGBT Infineon (\u0110\u1ee9c) 50A X4<\/strong> k\u1ebft h\u1ee3p IC l\u00f5i k\u00e9p IQ Smart gi\u00fap ki\u1ec3m so\u00e1t c\u00f4ng su\u1ea5t ch\u00ednh x\u00e1c, t\u0103ng \u0111\u1ed9 b\u1ec1n v\u00e0 hi\u1ec7u su\u1ea5t ho\u1ea1t \u0111\u1ed9ng<\/li>\n<li data-start=\"1589\" data-end=\"1674\"><strong data-start=\"1591\" data-end=\"1622\">M\u00e2m t\u1eeb d\u00e2y \u0111\u1ed3ng nguy\u00ean ch\u1ea5t<\/strong> cho kh\u1ea3 n\u0103ng gia nhi\u1ec7t nhanh, ti\u1ebft ki\u1ec7m \u0111i\u1ec7n n\u0103ng<\/li>\n<li data-start=\"1675\" data-end=\"1782\"><strong data-start=\"1677\" data-end=\"1701\">Qu\u1ea1t t\u1ea3n nhi\u1ec7t Turbo<\/strong> ho\u1ea1t \u0111\u1ed9ng \u00eam \u00e1i v\u1edbi \u0111\u1ed9 \u1ed3n \u226436dB, gi\u00fap b\u1ebfp v\u1eadn h\u00e0nh \u1ed5n \u0111\u1ecbnh v\u00e0 k\u00e9o d\u00e0i tu\u1ed5i th\u1ecd<\/li>\n<\/ul>\n<p data-start=\"1784\" data-end=\"1931\">Nh\u1eefng chi ti\u1ebft n\u00e0y \u0111\u1ea3m b\u1ea3o b\u1ebfp kh\u00f4ng ch\u1ec9 ho\u1ea1t \u0111\u1ed9ng m\u1ea1nh m\u1ebd m\u00e0 c\u00f2n b\u1ec1n b\u1ec9 theo th\u1eddi gian \u2013 y\u1ebfu t\u1ed1 r\u1ea5t quan tr\u1ecdng \u0111\u1ed1i v\u1edbi thi\u1ebft b\u1ecb s\u1eed d\u1ee5ng h\u00e0ng ng\u00e0y.<\/p>\n<hr data-start=\"1933\" data-end=\"1936\" \/>\n<h2 data-start=\"1938\" data-end=\"2001\">C\u00f4ng ngh\u1ec7 Half Bridge Smart INVERTER \u2013 Ti\u1ebft ki\u1ec7m \u0111i\u1ec7n t\u1ed1i \u01b0u<\/h2>\n<p data-start=\"2003\" data-end=\"2247\">M\u1ed9t trong nh\u1eefng \u0111i\u1ec3m n\u1ed5i b\u1eadt nh\u1ea5t c\u1ee7a GX IP879JP ch\u00ednh l\u00e0 <strong data-start=\"2061\" data-end=\"2101\">c\u00f4ng ngh\u1ec7 Half Bridge Smart INVERTER<\/strong>. C\u00f4ng ngh\u1ec7 n\u00e0y cho ph\u00e9p b\u1ebfp duy tr\u00ec m\u1ee9c nhi\u1ec7t \u1ed5n \u0111\u1ecbnh, \u0111\u1eb7c bi\u1ec7t \u1edf m\u1ee9c c\u00f4ng su\u1ea5t th\u1ea5p m\u00e0 kh\u00f4ng c\u1ea7n b\u1eadt\/t\u1eaft li\u00ean t\u1ee5c nh\u01b0 c\u00e1c d\u00f2ng b\u1ebfp th\u00f4ng th\u01b0\u1eddng.<\/p>\n<p data-start=\"2249\" data-end=\"2281\">\u0110i\u1ec1u n\u00e0y mang l\u1ea1i nhi\u1ec1u l\u1ee3i \u00edch:<\/p>\n<ul data-start=\"2283\" data-end=\"2424\">\n<li data-start=\"2283\" data-end=\"2318\"><strong data-start=\"2285\" data-end=\"2316\">Ti\u1ebft ki\u1ec7m \u0111\u1ebfn 40% \u0111i\u1ec7n n\u0103ng<\/strong><\/li>\n<li data-start=\"2319\" data-end=\"2373\">N\u1ea5u \u0103n \u1ed5n \u0111\u1ecbnh h\u01a1n, \u0111\u1eb7c bi\u1ec7t v\u1edbi c\u00e1c m\u00f3n h\u1ea7m, ninh<\/li>\n<li data-start=\"2374\" data-end=\"2424\">Gi\u1ea3m hao m\u00f2n linh ki\u1ec7n, t\u0103ng tu\u1ed5i th\u1ecd s\u1ea3n ph\u1ea9m<\/li>\n<\/ul>\n<p data-start=\"2426\" data-end=\"2542\">\u0110\u00e2y l\u00e0 m\u1ed9t trong nh\u1eefng y\u1ebfu t\u1ed1 gi\u00fap GX IP879JP tr\u1edf th\u00e0nh l\u1ef1a ch\u1ecdn l\u00fd t\u01b0\u1edfng cho c\u00e1c gia \u0111\u00ecnh s\u1eed d\u1ee5ng b\u1ebfp th\u01b0\u1eddng xuy\u00ean.<\/p>\n<hr data-start=\"2544\" data-end=\"2547\" \/>\n<h2 data-start=\"2549\" data-end=\"2600\">Hi\u1ec7u su\u1ea5t m\u1ea1nh m\u1ebd \u2013 N\u1ea5u \u0103n nhanh ch\u00f3ng, ti\u1ec7n l\u1ee3i<\/h2>\n<p data-start=\"2602\" data-end=\"2691\">B\u1ebfp t\u1eeb GX IP879JP \u0111\u01b0\u1ee3c trang b\u1ecb <strong data-start=\"2634\" data-end=\"2667\">2 v\u00f9ng n\u1ea5u c\u1ea3m \u1ee9ng t\u1eeb \u0111\u1ed9c l\u1eadp<\/strong>, m\u1ed7i v\u00f9ng c\u00f3 c\u00f4ng su\u1ea5t:<\/p>\n<ul data-start=\"2693\" data-end=\"2754\">\n<li data-start=\"2693\" data-end=\"2720\">C\u00f4ng su\u1ea5t th\u01b0\u1eddng: 2100W<\/li>\n<li data-start=\"2721\" data-end=\"2754\">Booster: l\u00ean \u0111\u1ebfn <strong data-start=\"2740\" data-end=\"2754\">3000W\/v\u00f9ng<\/strong><\/li>\n<\/ul>\n<p data-start=\"2756\" data-end=\"2882\">Ch\u1ee9c n\u0103ng Booster gi\u00fap t\u0103ng t\u1ed1c n\u1ea5u n\u01b0\u1edbng nhanh ch\u00f3ng, r\u00fat ng\u1eafn th\u1eddi gian \u0111un s\u00f4i n\u01b0\u1edbc ho\u1eb7c ch\u1ebf bi\u1ebfn c\u00e1c m\u00f3n \u0103n c\u1ea7n nhi\u1ec7t l\u1edbn.<\/p>\n<p data-start=\"2884\" data-end=\"3090\">B\u00ean c\u1ea1nh \u0111\u00f3, b\u1ebfp s\u1eed d\u1ee5ng <strong data-start=\"2909\" data-end=\"2963\">b\u1ea3ng \u0111i\u1ec1u khi\u1ec3n tr\u01b0\u1ee3t c\u1ea3m \u1ee9ng v\u1edbi 15 m\u1ee9c c\u00f4ng su\u1ea5t<\/strong>, cho ph\u00e9p ng\u01b0\u1eddi d\u00f9ng \u0111i\u1ec1u ch\u1ec9nh nhi\u1ec7t \u0111\u1ed9 ch\u00ednh x\u00e1c theo t\u1eebng m\u00f3n \u0103n. \u0110\u1ed9 nh\u1ea1y cao gi\u00fap thao t\u00e1c d\u1ec5 d\u00e0ng, k\u1ec3 c\u1ea3 khi tay \u01b0\u1edbt nh\u1eb9.<\/p>\n<p data-start=\"3092\" data-end=\"3230\">So v\u1edbi c\u00e1c d\u00f2ng b\u1ebfp th\u00f4ng th\u01b0\u1eddng, GX IP879JP c\u00f3 t\u1ed1c \u0111\u1ed9 gia nhi\u1ec7t <strong data-start=\"3157\" data-end=\"3176\">nhanh g\u1ea5p 2 l\u1ea7n<\/strong>, gi\u00fap ti\u1ebft ki\u1ec7m \u0111\u00e1ng k\u1ec3 th\u1eddi gian n\u1ea5u n\u01b0\u1edbng m\u1ed7i ng\u00e0y.<\/p>\n<hr data-start=\"3232\" data-end=\"3235\" \/>\n<h2 data-start=\"3237\" data-end=\"3287\">T\u00ednh n\u0103ng n\u1ea5u th\u00f4ng minh \u2013 \u0110a d\u1ea1ng v\u00e0 linh ho\u1ea1t<\/h2>\n<p data-start=\"3289\" data-end=\"3351\">Kh\u00f4ng ch\u1ec9 m\u1ea1nh m\u1ebd, b\u1ebfp c\u00f2n t\u00edch h\u1ee3p nhi\u1ec1u ch\u1ebf \u0111\u1ed9 n\u1ea5u ti\u1ec7n \u00edch:<\/p>\n<ul data-start=\"3353\" data-end=\"3665\">\n<li data-start=\"3353\" data-end=\"3440\"><strong data-start=\"3355\" data-end=\"3390\">Keep Warm (65\u00b0C \u2013 75\u00b0C \u2013 85\u00b0C):<\/strong> Gi\u1eef \u1ea5m th\u1ee9c \u0103n m\u00e0 kh\u00f4ng l\u00e0m m\u1ea5t ch\u1ea5t dinh d\u01b0\u1ee1ng<\/li>\n<li data-start=\"3441\" data-end=\"3529\"><strong data-start=\"3443\" data-end=\"3469\">Frying (80\u00b0C \u2013 250\u00b0C):<\/strong> Ki\u1ec3m so\u00e1t nhi\u1ec7t \u0111\u1ed9 chi\u00ean r\u00e1n ch\u00ednh x\u00e1c, h\u1ea1n ch\u1ebf ch\u00e1y kh\u00e9t<\/li>\n<li data-start=\"3530\" data-end=\"3606\"><strong data-start=\"3532\" data-end=\"3550\">Pause Stop Go:<\/strong> T\u1ea1m d\u1eebng n\u1ea5u linh ho\u1ea1t, ti\u1ec7n l\u1ee3i khi c\u00f3 vi\u1ec7c \u0111\u1ed9t xu\u1ea5t<\/li>\n<li data-start=\"3607\" data-end=\"3665\"><strong data-start=\"3609\" data-end=\"3637\">H\u1eb9n gi\u1edd l\u00ean \u0111\u1ebfn 99 ph\u00fat:<\/strong> Ch\u1ee7 \u0111\u1ed9ng th\u1eddi gian n\u1ea5u \u0103n<\/li>\n<\/ul>\n<p data-start=\"3667\" data-end=\"3807\">Ngo\u00e0i ra, b\u1ebfp c\u00f2n h\u1ed7 tr\u1ee3 <strong data-start=\"3692\" data-end=\"3761\">chia s\u1ebb c\u00f4ng su\u1ea5t gi\u1eefa 2 v\u00f9ng n\u1ea5u v\u1edbi t\u1ed5ng c\u00f4ng su\u1ea5t t\u1ed1i \u0111a 3700W<\/strong>, gi\u00fap t\u1ed1i \u01b0u \u0111i\u1ec7n n\u0103ng khi s\u1eed d\u1ee5ng \u0111\u1ed3ng th\u1eddi.<\/p>\n<hr data-start=\"3809\" data-end=\"3812\" \/>\n<h2 data-start=\"3814\" data-end=\"3861\">An to\u00e0n tuy\u1ec7t \u0111\u1ed1i \u2013 B\u1ea3o v\u1ec7 ng\u01b0\u1eddi d\u00f9ng t\u1ed1i \u0111a<\/h2>\n<p data-start=\"3863\" data-end=\"4002\">Y\u1ebfu t\u1ed1 an to\u00e0n lu\u00f4n \u0111\u01b0\u1ee3c \u0111\u1eb7t l\u00ean h\u00e0ng \u0111\u1ea7u, \u0111\u1eb7c bi\u1ec7t v\u1edbi thi\u1ebft b\u1ecb \u0111i\u1ec7n trong gia \u0111\u00ecnh. GX IP879JP \u0111\u01b0\u1ee3c trang b\u1ecb \u0111\u1ea7y \u0111\u1ee7 c\u00e1c t\u00ednh n\u0103ng b\u1ea3o v\u1ec7:<\/p>\n<ul data-start=\"4004\" data-end=\"4349\">\n<li data-start=\"4004\" data-end=\"4067\"><strong data-start=\"4006\" data-end=\"4032\">T\u1ef1 \u0111\u1ed9ng nh\u1eadn di\u1ec7n n\u1ed3i:<\/strong> Ch\u1ec9 gia nhi\u1ec7t khi c\u00f3 n\u1ed3i ph\u00f9 h\u1ee3p<\/li>\n<li data-start=\"4068\" data-end=\"4149\"><strong data-start=\"4070\" data-end=\"4102\">Ch\u1ed1ng tr\u00e0n (Water Overflow):<\/strong> T\u1ef1 \u0111\u1ed9ng t\u1eaft khi n\u01b0\u1edbc tr\u00e0n ra b\u1ea3ng \u0111i\u1ec1u khi\u1ec3n<\/li>\n<li data-start=\"4150\" data-end=\"4219\"><strong data-start=\"4152\" data-end=\"4175\">C\u1ea3m bi\u1ebfn qu\u00e1 nhi\u1ec7t:<\/strong> Ng\u1eaft b\u1ebfp khi nhi\u1ec7t \u0111\u1ed9 v\u01b0\u1ee3t ng\u01b0\u1ee1ng an to\u00e0n<\/li>\n<li data-start=\"4220\" data-end=\"4283\"><strong data-start=\"4222\" data-end=\"4251\">Kh\u00f3a tr\u1ebb em (Child Lock):<\/strong> Ng\u0103n tr\u1ebb nh\u1ecf v\u00f4 t\u00ecnh thao t\u00e1c<\/li>\n<li data-start=\"4284\" data-end=\"4349\"><strong data-start=\"4286\" data-end=\"4311\">Ch\u1ec9 b\u00e1o nhi\u1ec7t d\u01b0 \u201cH\u201d:<\/strong> C\u1ea3nh b\u00e1o m\u1eb7t b\u1ebfp c\u00f2n n\u00f3ng tr\u00ean 60\u00b0C<\/li>\n<\/ul>\n<p data-start=\"4351\" data-end=\"4465\">Nh\u1eefng t\u00ednh n\u0103ng n\u00e0y gi\u00fap gi\u1ea3m thi\u1ec3u t\u1ed1i \u0111a r\u1ee7i ro, mang l\u1ea1i s\u1ef1 an t\u00e2m cho ng\u01b0\u1eddi d\u00f9ng trong su\u1ed1t qu\u00e1 tr\u00ecnh s\u1eed d\u1ee5ng.<\/p>\n<hr data-start=\"4467\" data-end=\"4470\" \/>\n<h2 data-start=\"4472\" data-end=\"4501\">Th\u00f4ng s\u1ed1 k\u1ef9 thu\u1eadt chi ti\u1ebft<\/h2>\n<ul data-start=\"4503\" data-end=\"4943\">\n<li data-start=\"4503\" data-end=\"4542\"><strong data-start=\"4505\" data-end=\"4522\">T\u00ean s\u1ea3n ph\u1ea9m:<\/strong> B\u1ebfp t\u1eeb GX IP879JP<\/li>\n<li data-start=\"4543\" data-end=\"4568\"><strong data-start=\"4545\" data-end=\"4557\">Xu\u1ea5t x\u1ee9:<\/strong> Malaysia<\/li>\n<li data-start=\"4569\" data-end=\"4608\"><strong data-start=\"4571\" data-end=\"4584\">M\u1eb7t k\u00ednh:<\/strong> NEG Nippon (Nh\u1eadt B\u1ea3n)<\/li>\n<li data-start=\"4609\" data-end=\"4631\"><strong data-start=\"4611\" data-end=\"4627\">S\u1ed1 v\u00f9ng n\u1ea5u:<\/strong> 2<\/li>\n<li data-start=\"4632\" data-end=\"4672\"><strong data-start=\"4634\" data-end=\"4649\">\u0110i\u1ec1u khi\u1ec3n:<\/strong> C\u1ea3m \u1ee9ng tr\u01b0\u1ee3t 15 m\u1ee9c<\/li>\n<li data-start=\"4673\" data-end=\"4718\"><strong data-start=\"4675\" data-end=\"4689\">C\u00f4ng ngh\u1ec7:<\/strong> Half Bridge Smart INVERTER<\/li>\n<li data-start=\"4719\" data-end=\"4772\"><strong data-start=\"4721\" data-end=\"4748\">C\u00f4ng su\u1ea5t l\u00f2 tr\u00e1i\/ph\u1ea3i:<\/strong> 2100W \u2013 Booster 3000W<\/li>\n<li data-start=\"4773\" data-end=\"4802\"><strong data-start=\"4775\" data-end=\"4794\">T\u1ed5ng c\u00f4ng su\u1ea5t:<\/strong> 3700W<\/li>\n<li data-start=\"4803\" data-end=\"4837\"><strong data-start=\"4805\" data-end=\"4817\">\u0110i\u1ec7n \u00e1p:<\/strong> 220 \u2013 240V \/ 50Hz<\/li>\n<li data-start=\"4838\" data-end=\"4878\"><strong data-start=\"4840\" data-end=\"4859\">K\u00edch th\u01b0\u1edbc b\u1ebfp:<\/strong> 730 x 430 x 60mm<\/li>\n<li data-start=\"4879\" data-end=\"4908\"><strong data-start=\"4881\" data-end=\"4894\">Kho\u00e9t \u0111\u00e1:<\/strong> 680 x 380mm<\/li>\n<li data-start=\"4909\" data-end=\"4943\"><strong data-start=\"4911\" data-end=\"4926\">Ti\u00eau chu\u1ea9n:<\/strong> CB, EMC, QCVN9<\/li>\n<\/ul>\n<hr data-start=\"4945\" data-end=\"4948\" \/>\n<h2 data-start=\"4950\" data-end=\"4999\">Tr\u1ea3i nghi\u1ec7m th\u1ef1c t\u1ebf \u2013 Ph\u00f9 h\u1ee3p v\u1edbi m\u1ecdi gia \u0111\u00ecnh<\/h2>\n<p data-start=\"5001\" data-end=\"5108\">B\u1ebfp t\u1eeb GX IP879JP kh\u00f4ng ch\u1ec9 ph\u00f9 h\u1ee3p v\u1edbi nh\u1eefng gia \u0111\u00ecnh y\u00eau th\u00edch c\u00f4ng ngh\u1ec7 m\u00e0 c\u00f2n l\u00e0 l\u1ef1a ch\u1ecdn l\u00fd t\u01b0\u1edfng cho:<\/p>\n<ul data-start=\"5110\" data-end=\"5266\">\n<li data-start=\"5110\" data-end=\"5153\">Gia \u0111\u00ecnh tr\u1ebb s\u1ed1ng t\u1ea1i chung c\u01b0, nh\u00e0 ph\u1ed1<\/li>\n<li data-start=\"5154\" data-end=\"5209\">Ng\u01b0\u1eddi b\u1eadn r\u1ed9n c\u1ea7n n\u1ea5u \u0103n nhanh, ti\u1ebft ki\u1ec7m th\u1eddi gian<\/li>\n<li data-start=\"5210\" data-end=\"5266\">Ng\u01b0\u1eddi n\u1ed9i tr\u1ee3 y\u00eau c\u1ea7u cao v\u1ec1 \u0111\u1ed9 ch\u00ednh x\u00e1c khi n\u1ea5u \u0103n<\/li>\n<\/ul>\n<p data-start=\"5268\" data-end=\"5399\">Nh\u1edd s\u1ef1 k\u1ebft h\u1ee3p gi\u1eefa thi\u1ebft k\u1ebf \u0111\u1eb9p, hi\u1ec7u n\u0103ng m\u1ea1nh v\u00e0 c\u00f4ng ngh\u1ec7 ti\u1ebft ki\u1ec7m \u0111i\u1ec7n, s\u1ea3n ph\u1ea9m \u0111\u00e1p \u1ee9ng t\u1ed1t m\u1ecdi nhu c\u1ea7u n\u1ea5u n\u01b0\u1edbng h\u00e0ng ng\u00e0y.<\/p>\n<hr data-start=\"5401\" data-end=\"5404\" \/>\n<h2 data-start=\"5406\" data-end=\"5457\">\u0110\u1ed3ng b\u1ed9 kh\u00f4ng gian b\u1ebfp c\u00f9ng h\u1ec7 sinh th\u00e1i Ehrlich<\/h2>\n<p data-start=\"5459\" data-end=\"5726\">M\u1ed9t c\u0103n b\u1ebfp hi\u1ec7n \u0111\u1ea1i kh\u00f4ng ch\u1ec9 c\u1ea7n m\u1ed9t chi\u1ebfc b\u1ebfp t\u1ed1t m\u00e0 c\u00f2n c\u1ea7n s\u1ef1 \u0111\u1ed3ng b\u1ed9 v\u1ec1 thi\u1ebft b\u1ecb. GX IP879JP c\u00f3 th\u1ec3 d\u1ec5 d\u00e0ng k\u1ebft h\u1ee3p c\u00f9ng c\u00e1c s\u1ea3n ph\u1ea9m trong h\u1ec7 sinh th\u00e1i <strong data-start=\"5618\" data-end=\"5629\">Ehrlich<\/strong> nh\u01b0 ch\u1eadu r\u1eeda, v\u00f2i b\u1ebfp, thi\u1ebft b\u1ecb v\u1ec7 sinh\u2026 t\u1ea1o n\u00ean kh\u00f4ng gian s\u1ed1ng ti\u1ec7n nghi, tinh t\u1ebf v\u00e0 \u0111\u1eb3ng c\u1ea5p.<\/p>\n<hr data-start=\"5728\" data-end=\"5731\" \/>\n<h2 data-start=\"5733\" data-end=\"5744\">K\u1ebft lu\u1eadn<\/h2>\n<p data-start=\"5746\" data-end=\"6046\">B\u1ebfp t\u1eeb GrandX GX IP879JP l\u00e0 s\u1ef1 k\u1ebft h\u1ee3p ho\u00e0n h\u1ea3o gi\u1eefa thi\u1ebft k\u1ebf sang tr\u1ecdng, c\u00f4ng ngh\u1ec7 hi\u1ec7n \u0111\u1ea1i v\u00e0 \u0111\u1ed9 an to\u00e0n cao. V\u1edbi hi\u1ec7u su\u1ea5t m\u1ea1nh m\u1ebd, kh\u1ea3 n\u0103ng ti\u1ebft ki\u1ec7m \u0111i\u1ec7n v\u01b0\u1ee3t tr\u1ed9i c\u00f9ng nhi\u1ec1u t\u00ednh n\u0103ng th\u00f4ng minh, s\u1ea3n ph\u1ea9m kh\u00f4ng ch\u1ec9 gi\u00fap vi\u1ec7c n\u1ea5u n\u01b0\u1edbng tr\u1edf n\u00ean d\u1ec5 d\u00e0ng h\u01a1n m\u00e0 c\u00f2n n\u00e2ng t\u1ea7m kh\u00f4ng gian b\u1ebfp c\u1ee7a b\u1ea1n.<\/p>\n<p data-start=\"6048\" data-end=\"6184\" data-is-last-node=\"\" data-is-only-node=\"\">\ud83d\udc49 N\u1ebfu b\u1ea1n \u0111ang t\u00ecm ki\u1ebfm m\u1ed9t chi\u1ebfc b\u1ebfp t\u1eeb cao c\u1ea5p, b\u1ec1n b\u1ec9 v\u00e0 \u0111\u00e1ng \u0111\u1ea7u t\u01b0 l\u00e2u d\u00e0i, th\u00ec GX IP879JP ch\u1eafc ch\u1eafn l\u00e0 l\u1ef1a ch\u1ecdn kh\u00f4ng n\u00ean b\u1ecf qua.<\/p>\n<p data-start=\"4866\" data-end=\"4979\"><strong data-start=\"4866\" data-end=\"4917\">Ehrlich Vi\u1ec7t Nam \u2013 Thi\u1ebft B\u1ecb Nh\u00e0 B\u1ebfp &amp; Ph\u00f2ng T\u1eafm<\/strong><br data-start=\"4917\" data-end=\"4920\" \/>\ud83d\udccd \u0110\u1ecba ch\u1ec9: S\u1ed1 6 Li\u1ec1n K\u1ec1 22, K\u0110T V\u0103n Kh\u00ea, H\u00e0 \u0110\u00f4ng, H\u00e0 N\u1ed9i<\/p>\n<p data-start=\"4981\" data-end=\"5105\">\ud83c\udf10 Website: <a class=\"decorated-link\" href=\"https:\/\/ehrlichvietnam.vn\/\" target=\"_new\" rel=\"noopener\" data-start=\"4993\" data-end=\"5019\">https:\/\/ehrlichvietnam.vn\/<\/a><br data-start=\"5019\" data-end=\"5022\" \/>\ud83d\udcde Hotline: <strong data-start=\"5034\" data-end=\"5051\">0932 27 05 20<\/strong><br data-start=\"5051\" data-end=\"5054\" \/>\ud83d\udcac Zalo OA: <a class=\"decorated-link\" href=\"https:\/\/zalo.me\/s\/2888141157129558325\" target=\"_new\" rel=\"noopener\" data-start=\"5066\" data-end=\"5103\">https:\/\/zalo.me\/s\/2888141157129558325<\/a><\/p>\n<p data-start=\"5107\" data-end=\"5218\">\ud83c\udfa5 TikTok: <a class=\"decorated-link\" href=\"https:\/\/www.tiktok.com\/@ehrlich.chia.s?_r=1\" target=\"_new\" rel=\"noopener\" data-start=\"5118\" data-end=\"5162\">https:\/\/www.tiktok.com\/@ehrlichthietbivesinh<\/a><br data-start=\"5162\" data-end=\"5165\" \/>\u25b6\ufe0f YouTube: <a class=\"decorated-link\" href=\"https:\/\/www.youtube.com\/@EhrlichVietNam\" target=\"_new\" rel=\"noopener\" data-start=\"5177\" data-end=\"5216\">https:\/\/www.youtube.com\/@EhrlichVietNam<\/a><\/p>\n<p data-start=\"5220\" data-end=\"5265\">\ud83d\ude9a Giao h\u00e0ng to\u00e0n qu\u1ed1c \u2013 t\u01b0 v\u1ea5n nhanh ch\u00f3ng<\/p>\n<p data-start=\"5267\" data-end=\"5313\">\ud83d\udc49 <strong data-start=\"5270\" data-end=\"5313\">Inbox ngay \u0111\u1ec3 nh\u1eadn \u01b0u \u0111\u00e3i th\u00eam h\u00f4m nay!<\/strong><\/p>\n<\/div>\n<\/div>\n<\/div>\n<\/div>\n<div class=\"z-0 flex min-h-[46px] justify-start\"><\/div>\n<div class=\"mt-3 w-full empty:hidden\">\n<div class=\"text-center\">\n<div>\n<div class=\"inline-flex border border-gray-100 dark:border-gray-700 rounded-xl\">\n<div class=\"bg-token-main-surface-tertiary w-px flex-1 self-stretch\"><\/div>\n<\/div>\n<\/div>\n<\/div>\n<\/div>\n","protected":false},"excerpt":{"rendered":"<p>C\u00e1c d\u00f2ng b\u1ebfp hi\u1ec7n \u0111\u1ea1i ng\u00e0y nay kh\u00f4ng ch\u1ec9 \u0111\u00e1p \u1ee9ng nhu c\u1ea7u n\u1ea5u n\u01b0\u1edbng nhanh ch\u00f3ng m\u00e0 c\u00f2n h\u01b0\u1edbng \u0111\u1ebfn s\u1ef1 ti\u1ebft ki\u1ec7m \u0111i\u1ec7n, an to\u00e0n v\u00e0 t\u00ednh th\u1ea9m m\u1ef9 cao. V\u1edbi thi\u1ebft k\u1ebf tinh g\u1ecdn, c\u00f4ng ngh\u1ec7 th\u00f4ng minh v\u00e0 kh\u1ea3 n\u0103ng v\u1eadn h\u00e0nh \u1ed5n \u0111\u1ecbnh, s\u1ea3n ph\u1ea9m mang l\u1ea1i tr\u1ea3i nghi\u1ec7m ti\u1ec7n nghi cho m\u1ecdi gia \u0111\u00ecnh. Khi k\u1ebft h\u1ee3p c\u00f9ng h\u1ec7 sinh th\u00e1i thi\u1ebft b\u1ecb nh\u00e0 b\u1ebfp v\u00e0 v\u1ec7 sinh t\u1eeb <strong data-start=\"337\" data-end=\"348\">Ehrlich<\/strong>, kh\u00f4ng gian s\u1ed1ng \u0111\u01b0\u1ee3c ho\u00e0n thi\u1ec7n \u0111\u1ed3ng b\u1ed9, hi\u1ec7n \u0111\u1ea1i v\u00e0 t\u1ed1i \u01b0u c\u00f4ng n\u0103ng s\u1eed d\u1ee5ng.<\/p>\n","protected":false},"featured_media":4767,"comment_status":"open","ping_status":"closed","template":"","meta":{"_acf_changed":false},"product_brand":[162],"product_cat":[165,15,44,81],"product_tag":[],"class_list":{"0":"post-4648","1":"product","2":"type-product","3":"status-publish","4":"has-post-thumbnail","6":"product_brand-grandx","7":"product_cat-bep-tu-grandx","8":"product_cat-san-pham","9":"product_cat-thiet-bi-phong-bep","10":"product_cat-bep-tu","12":"first","13":"outofstock","14":"shipping-taxable","15":"product-type-simple"},"acf":[],"_links":{"self":[{"href":"https:\/\/ehrlichvietnam.vn\/en\/wp-json\/wp\/v2\/product\/4648","targetHints":{"allow":["GET"]}}],"collection":[{"href":"https:\/\/ehrlichvietnam.vn\/en\/wp-json\/wp\/v2\/product"}],"about":[{"href":"https:\/\/ehrlichvietnam.vn\/en\/wp-json\/wp\/v2\/types\/product"}],"replies":[{"embeddable":true,"href":"https:\/\/ehrlichvietnam.vn\/en\/wp-json\/wp\/v2\/comments?post=4648"}],"wp:featuredmedia":[{"embeddable":true,"href":"https:\/\/ehrlichvietnam.vn\/en\/wp-json\/wp\/v2\/media\/4767"}],"wp:attachment":[{"href":"https:\/\/ehrlichvietnam.vn\/en\/wp-json\/wp\/v2\/media?parent=4648"}],"wp:term":[{"taxonomy":"product_brand","embeddable":true,"href":"https:\/\/ehrlichvietnam.vn\/en\/wp-json\/wp\/v2\/product_brand?post=4648"},{"taxonomy":"product_cat","embeddable":true,"href":"https:\/\/ehrlichvietnam.vn\/en\/wp-json\/wp\/v2\/product_cat?post=4648"},{"taxonomy":"product_tag","embeddable":true,"href":"https:\/\/ehrlichvietnam.vn\/en\/wp-json\/wp\/v2\/product_tag?post=4648"}],"curies":[{"name":"wp","href":"https:\/\/api.w.org\/{rel}","templated":true}]}}