{"id":4646,"date":"2026-04-09T07:25:39","date_gmt":"2026-04-09T07:25:39","guid":{"rendered":"https:\/\/ehrlichvietnam.vn\/?post_type=product&#038;p=4646"},"modified":"2026-04-15T04:24:41","modified_gmt":"2026-04-15T04:24:41","slug":"bep-tu-cao-cap-gx-ih696se","status":"publish","type":"product","link":"https:\/\/ehrlichvietnam.vn\/bep-tu-cao-cap-gx-ih696se\/","title":{"rendered":"B\u1ebfp t\u1eeb cao c\u1ea5p GRANDX  GX IH696SE"},"content":{"rendered":"<div class=\"flex max-w-full flex-col gap-4 grow\">\n<div class=\"min-h-8 text-message relative flex w-full flex-col items-end gap-2 text-start break-words whitespace-normal outline-none keyboard-focused:focus-ring [.text-message+&amp;]:mt-1\" dir=\"auto\" tabindex=\"0\" data-message-author-role=\"assistant\" data-message-id=\"c9d49429-a379-4851-8555-4af9fa245422\" data-message-model-slug=\"gpt-5-3\" data-turn-start-message=\"true\">\n<div class=\"flex w-full flex-col gap-1 empty:hidden\">\n<div class=\"markdown prose dark:prose-invert w-full wrap-break-word light markdown-new-styling\">\n<h2 data-start=\"0\" data-end=\"87\">B\u1ebfp t\u1eeb GX IH696SE \u2013 Gi\u1ea3i ph\u00e1p n\u1ea5u \u0103n hi\u1ec7n \u0111\u1ea1i, ti\u1ebft ki\u1ec7m v\u00e0 an to\u00e0n cho m\u1ecdi gia \u0111\u00ecnh<\/h2>\n<p data-start=\"89\" data-end=\"435\">Trong xu h\u01b0\u1edbng n\u00e2ng c\u1ea5p kh\u00f4ng gian b\u1ebfp hi\u1ec7n \u0111\u1ea1i, b\u1ebfp t\u1eeb \u0111ang d\u1ea7n tr\u1edf th\u00e0nh l\u1ef1a ch\u1ecdn \u01b0u ti\u00ean nh\u1edd kh\u1ea3 n\u0103ng n\u1ea5u nhanh, an to\u00e0n v\u00e0 ti\u1ebft ki\u1ec7m \u0111i\u1ec7n. N\u1ed5i b\u1eadt trong ph\u00e2n kh\u00fac t\u1ea7m trung \u2013 cao c\u1ea5p, <strong data-start=\"277\" data-end=\"298\">b\u1ebfp t\u1eeb GX IH696SE<\/strong> thu\u1ed9c Series 6 c\u1ee7a th\u01b0\u01a1ng hi\u1ec7u Grand X mang \u0111\u1ebfn tr\u1ea3i nghi\u1ec7m n\u1ea5u n\u01b0\u1edbng v\u01b0\u1ee3t tr\u1ed9i v\u1edbi thi\u1ebft k\u1ebf tinh t\u1ebf c\u00f9ng h\u00e0ng lo\u1ea1t c\u00f4ng ngh\u1ec7 ti\u00ean ti\u1ebfn.<\/p>\n<p data-start=\"89\" data-end=\"435\"><img loading=\"lazy\" decoding=\"async\" class=\"alignnone size-medium\" src=\"https:\/\/grandx.com.vn\/wp-content\/uploads\/2025\/07\/GX-IH696SE_1920x800.jpg\" width=\"1920\" height=\"800\" \/><\/p>\n<hr data-start=\"437\" data-end=\"440\" \/>\n<h2 data-start=\"442\" data-end=\"501\">Thi\u1ebft k\u1ebf sang tr\u1ecdng \u2013 T\u1ed1i \u01b0u cho kh\u00f4ng gian b\u1ebfp hi\u1ec7n \u0111\u1ea1i<\/h2>\n<p data-start=\"503\" data-end=\"759\">Ngay t\u1eeb c\u00e1i nh\u00ecn \u0111\u1ea7u ti\u00ean, b\u1ebfp t\u1eeb GX IH696SE g\u00e2y \u1ea5n t\u01b0\u1ee3ng v\u1edbi <strong data-start=\"565\" data-end=\"600\">m\u1eb7t k\u00ednh EURO Platinium cao c\u1ea5p<\/strong>, \u0111\u01b0\u1ee3c v\u00e1t 4 c\u1ea1nh tinh x\u1ea3o k\u1ebft h\u1ee3p vi\u1ec1n kim nh\u00f4m sang tr\u1ecdng. Thi\u1ebft k\u1ebf n\u00e0y kh\u00f4ng ch\u1ec9 n\u00e2ng t\u1ea7m th\u1ea9m m\u1ef9 cho gian b\u1ebfp m\u00e0 c\u00f2n gi\u00fap vi\u1ec7c v\u1ec7 sinh tr\u1edf n\u00ean d\u1ec5 d\u00e0ng h\u01a1n.<\/p>\n<p data-start=\"761\" data-end=\"1010\">K\u00edch th\u01b0\u1edbc t\u1ed5ng th\u1ec3 c\u1ee7a b\u1ebfp l\u00e0 <strong data-start=\"792\" data-end=\"807\">730 x 430mm<\/strong>, ph\u00f9 h\u1ee3p v\u1edbi k\u00edch th\u01b0\u1edbc kho\u00e9t \u0111\u00e1 ti\u00eau chu\u1ea9n <strong data-start=\"852\" data-end=\"867\">680 x 380mm<\/strong>, gi\u00fap vi\u1ec7c l\u1eafp \u0111\u1eb7t \u00e2m b\u00e0n b\u1ebfp tr\u1edf n\u00ean \u0111\u01a1n gi\u1ea3n v\u00e0 linh ho\u1ea1t. \u0110\u00e2y l\u00e0 l\u1ef1a ch\u1ecdn l\u00fd t\u01b0\u1edfng cho c\u00e1c c\u0103n h\u1ed9 chung c\u01b0, nh\u00e0 ph\u1ed1 ho\u1eb7c bi\u1ec7t th\u1ef1 hi\u1ec7n \u0111\u1ea1i.<\/p>\n<p data-start=\"1012\" data-end=\"1198\">B\u1ea3ng \u0111i\u1ec1u khi\u1ec3n c\u1ea3m \u1ee9ng ri\u00eang bi\u1ec7t cho t\u1eebng v\u00f9ng n\u1ea5u \u0111\u01b0\u1ee3c b\u1ed1 tr\u00ed khoa h\u1ecdc, \u0111\u1ed9 nh\u1ea1y cao, cho ph\u00e9p thao t\u00e1c m\u01b0\u1ee3t m\u00e0 ngay c\u1ea3 khi tay \u01b0\u1edbt \u2013 m\u1ed9t \u0111i\u1ec3m c\u1ed9ng l\u1edbn trong qu\u00e1 tr\u00ecnh s\u1eed d\u1ee5ng th\u1ef1c t\u1ebf.<\/p>\n<hr data-start=\"1200\" data-end=\"1203\" \/>\n<h2 data-start=\"1205\" data-end=\"1257\">Hi\u1ec7u su\u1ea5t m\u1ea1nh m\u1ebd \u2013 N\u1ea5u \u0103n nhanh ch\u00f3ng, ch\u00ednh x\u00e1c<\/h2>\n<p data-start=\"1259\" data-end=\"1514\">B\u1ebfp t\u1eeb GX IH696SE \u0111\u01b0\u1ee3c trang b\u1ecb <strong data-start=\"1291\" data-end=\"1324\">2 v\u00f9ng n\u1ea5u c\u1ea3m \u1ee9ng t\u1eeb \u0111\u1ed9c l\u1eadp<\/strong>, m\u1ed7i v\u00f9ng c\u00f3 c\u00f4ng su\u1ea5t ti\u00eau chu\u1ea9n 2000W v\u00e0 c\u00f3 th\u1ec3 t\u0103ng t\u1ed1c l\u00ean \u0111\u1ebfn <strong data-start=\"1392\" data-end=\"1409\">Booster 2300W<\/strong>. Nh\u1edd \u0111\u00f3, ng\u01b0\u1eddi d\u00f9ng c\u00f3 th\u1ec3 r\u00fat ng\u1eafn \u0111\u00e1ng k\u1ec3 th\u1eddi gian n\u1ea5u n\u01b0\u1edbng, \u0111\u1eb7c bi\u1ec7t ph\u00f9 h\u1ee3p v\u1edbi nh\u1ecbp s\u1ed1ng b\u1eadn r\u1ed9n.<\/p>\n<p data-start=\"1516\" data-end=\"1729\">H\u1ec7 th\u1ed1ng \u0111i\u1ec1u ch\u1ec9nh <strong data-start=\"1536\" data-end=\"1561\">9 m\u1ee9c nhi\u1ec7t linh ho\u1ea1t<\/strong> gi\u00fap ki\u1ec3m so\u00e1t ch\u00ednh x\u00e1c t\u1eebng m\u00f3n \u0103n \u2013 t\u1eeb h\u00e2m n\u00f3ng nh\u1eb9 nh\u00e0ng \u0111\u1ebfn n\u1ea5u s\u00f4i nhanh ch\u00f3ng. Kh\u1ea3 n\u0103ng ph\u1ea3n h\u1ed3i nhi\u1ec7t nhanh v\u00e0 \u1ed5n \u0111\u1ecbnh gi\u00fap m\u00f3n \u0103n ch\u00edn \u0111\u1ec1u, gi\u1eef tr\u1ecdn h\u01b0\u01a1ng v\u1ecb.<\/p>\n<hr data-start=\"1731\" data-end=\"1734\" \/>\n<h2 data-start=\"1736\" data-end=\"1795\">T\u00edch h\u1ee3p ch\u1ebf \u0111\u1ed9 n\u1ea5u th\u00f4ng minh \u2013 Ph\u1ee5c v\u1ee5 \u0111a d\u1ea1ng nhu c\u1ea7u<\/h2>\n<p data-start=\"1797\" data-end=\"1929\">Kh\u00f4ng ch\u1ec9 d\u1eebng l\u1ea1i \u1edf vi\u1ec7c \u0111un n\u1ea5u c\u01a1 b\u1ea3n, GX IH696SE c\u00f2n \u0111\u01b0\u1ee3c t\u00edch h\u1ee3p nhi\u1ec1u ch\u1ebf \u0111\u1ed9 n\u1ea5u chuy\u00ean s\u00e2u, h\u1ed7 tr\u1ee3 t\u1ed1i \u0111a cho ng\u01b0\u1eddi n\u1ed9i tr\u1ee3:<\/p>\n<ul data-start=\"1931\" data-end=\"2170\">\n<li data-start=\"1931\" data-end=\"2014\"><strong data-start=\"1933\" data-end=\"1961\">Keep Warm (65\u00b0C \u2013 75\u00b0C):<\/strong> Gi\u1eef \u1ea5m th\u1ee9c \u0103n m\u00e0 kh\u00f4ng l\u00e0m kh\u00f4 hay m\u1ea5t dinh d\u01b0\u1ee1ng<\/li>\n<li data-start=\"2015\" data-end=\"2101\"><strong data-start=\"2017\" data-end=\"2043\">Frying (65\u00b0C \u2013 220\u00b0C):<\/strong> Ki\u1ec3m so\u00e1t nhi\u1ec7t \u0111\u1ed9 chi\u00ean r\u00e1n \u1ed5n \u0111\u1ecbnh, h\u1ea1n ch\u1ebf ch\u00e1y kh\u00e9t<\/li>\n<li data-start=\"2102\" data-end=\"2170\"><strong data-start=\"2104\" data-end=\"2117\">Auto Off:<\/strong> T\u1ef1 \u0111\u1ed9ng t\u1eaft khi kh\u00f4ng c\u00f3 n\u1ed3i ho\u1eb7c khi qu\u00ean t\u1eaft b\u1ebfp<\/li>\n<\/ul>\n<p data-start=\"2172\" data-end=\"2279\">Nh\u1eefng t\u00ednh n\u0103ng n\u00e0y kh\u00f4ng ch\u1ec9 gi\u00fap n\u1ea5u \u0103n d\u1ec5 d\u00e0ng h\u01a1n m\u00e0 c\u00f2n \u0111\u1ea3m b\u1ea3o ch\u1ea5t l\u01b0\u1ee3ng m\u00f3n \u0103n lu\u00f4n \u1edf m\u1ee9c t\u1ed1t nh\u1ea5t.<\/p>\n<hr data-start=\"2281\" data-end=\"2284\" \/>\n<h2 data-start=\"2286\" data-end=\"2339\">C\u00f4ng ngh\u1ec7 INVERTER \u2013 Ti\u1ebft ki\u1ec7m \u0111i\u1ec7n n\u0103ng v\u01b0\u1ee3t tr\u1ed9i<\/h2>\n<p data-start=\"2341\" data-end=\"2619\">M\u1ed9t trong nh\u1eefng \u0111i\u1ec3m n\u1ed5i b\u1eadt c\u1ee7a b\u1ebfp t\u1eeb GX IH696SE ch\u00ednh l\u00e0 kh\u1ea3 n\u0103ng ti\u1ebft ki\u1ec7m \u0111i\u1ec7n nh\u1edd <strong data-start=\"2429\" data-end=\"2460\">c\u00f4ng ngh\u1ec7 INVERTER hi\u1ec7n \u0111\u1ea1i<\/strong>. K\u1ebft h\u1ee3p c\u00f9ng <strong data-start=\"2475\" data-end=\"2523\">m\u1ea1ch \u0111i\u1ec1u khi\u1ec3n IGBT Infineon Germany IC k\u00e9p<\/strong>, b\u1ebfp c\u00f3 kh\u1ea3 n\u0103ng ki\u1ec3m so\u00e1t c\u00f4ng su\u1ea5t ch\u00ednh x\u00e1c, gi\u1ea3m hao ph\u00ed \u0111i\u1ec7n n\u0103ng trong qu\u00e1 tr\u00ecnh s\u1eed d\u1ee5ng.<\/p>\n<p data-start=\"2621\" data-end=\"2778\">Nh\u1edd \u0111\u00f3, s\u1ea3n ph\u1ea9m c\u00f3 th\u1ec3 <strong data-start=\"2645\" data-end=\"2676\">ti\u1ebft ki\u1ec7m \u0111\u1ebfn 30% \u0111i\u1ec7n n\u0103ng<\/strong> so v\u1edbi c\u00e1c d\u00f2ng b\u1ebfp t\u1eeb th\u00f4ng th\u01b0\u1eddng \u2013 m\u1ed9t l\u1ee3i \u00edch \u0111\u00e1ng k\u1ec3 \u0111\u1ed1i v\u1edbi c\u00e1c gia \u0111\u00ecnh s\u1eed d\u1ee5ng b\u1ebfp h\u00e0ng ng\u00e0y.<\/p>\n<p data-start=\"2780\" data-end=\"2878\">Ngo\u00e0i ra, c\u00f4ng ngh\u1ec7 n\u00e0y c\u00f2n gi\u00fap b\u1ebfp v\u1eadn h\u00e0nh \u00eam \u00e1i, h\u1ea1n ch\u1ebf ti\u1ebfng \u1ed3n v\u00e0 t\u0103ng \u0111\u1ed9 b\u1ec1n cho thi\u1ebft b\u1ecb.<\/p>\n<hr data-start=\"2880\" data-end=\"2883\" \/>\n<h2 data-start=\"2885\" data-end=\"2926\">An to\u00e0n tuy\u1ec7t \u0111\u1ed1i \u2013 B\u1ea3o v\u1ec7 c\u1ea3 gia \u0111\u00ecnh<\/h2>\n<p data-start=\"2928\" data-end=\"3063\">Kh\u00f4ng ch\u1ec9 ch\u00fa tr\u1ecdng hi\u1ec7u n\u0103ng, GX IH696SE c\u00f2n \u0111\u01b0\u1ee3c trang b\u1ecb \u0111\u1ea7y \u0111\u1ee7 c\u00e1c t\u00ednh n\u0103ng an to\u00e0n, mang l\u1ea1i s\u1ef1 y\u00ean t\u00e2m t\u1ed1i \u0111a cho ng\u01b0\u1eddi s\u1eed d\u1ee5ng:<\/p>\n<ul data-start=\"3065\" data-end=\"3433\">\n<li data-start=\"3065\" data-end=\"3144\"><strong data-start=\"3067\" data-end=\"3085\">Power Balance:<\/strong> C\u00e2n b\u1eb1ng c\u00f4ng su\u1ea5t gi\u1eefa c\u00e1c v\u00f9ng n\u1ea5u, tr\u00e1nh qu\u00e1 t\u1ea3i \u0111i\u1ec7n<\/li>\n<li data-start=\"3145\" data-end=\"3213\"><strong data-start=\"3147\" data-end=\"3161\">Stop &amp; Go:<\/strong> T\u1ea1m d\u1eebng v\u00e0 ti\u1ebfp t\u1ee5c n\u1ea5u m\u00e0 kh\u00f4ng c\u1ea7n c\u00e0i \u0111\u1eb7t l\u1ea1i<\/li>\n<li data-start=\"3214\" data-end=\"3290\"><strong data-start=\"3216\" data-end=\"3235\">Water Overflow:<\/strong> T\u1ef1 \u0111\u1ed9ng c\u1ea3nh b\u00e1o v\u00e0 ng\u1eaft b\u1ebfp khi ph\u00e1t hi\u1ec7n n\u01b0\u1edbc tr\u00e0n<\/li>\n<li data-start=\"3291\" data-end=\"3364\"><strong data-start=\"3293\" data-end=\"3308\">Child Lock:<\/strong> Kh\u00f3a b\u1ea3ng \u0111i\u1ec1u khi\u1ec3n, an to\u00e0n cho gia \u0111\u00ecnh c\u00f3 tr\u1ebb nh\u1ecf<\/li>\n<li data-start=\"3365\" data-end=\"3433\"><strong data-start=\"3367\" data-end=\"3389\">Hi\u1ec3n th\u1ecb nhi\u1ec7t d\u01b0:<\/strong> C\u1ea3nh b\u00e1o m\u1eb7t b\u1ebfp c\u00f2n n\u00f3ng sau khi s\u1eed d\u1ee5ng<\/li>\n<\/ul>\n<p data-start=\"3435\" data-end=\"3568\">Nh\u1eefng c\u00f4ng ngh\u1ec7 n\u00e0y gi\u00fap gi\u1ea3m thi\u1ec3u r\u1ee7i ro trong qu\u00e1 tr\u00ecnh n\u1ea5u n\u01b0\u1edbng, \u0111\u1eb7c bi\u1ec7t ph\u00f9 h\u1ee3p v\u1edbi c\u00e1c gia \u0111\u00ecnh c\u00f3 ng\u01b0\u1eddi l\u1edbn tu\u1ed5i v\u00e0 tr\u1ebb nh\u1ecf.<\/p>\n<hr data-start=\"3570\" data-end=\"3573\" \/>\n<h2 data-start=\"3575\" data-end=\"3630\"><img loading=\"lazy\" decoding=\"async\" class=\"size-medium alignleft\" src=\"https:\/\/grandx.com.vn\/wp-content\/uploads\/2025\/07\/GX-IH696SE_900x600.jpg\" width=\"900\" height=\"600\" \/><\/h2>\n<h2 data-start=\"3575\" data-end=\"3630\">Tr\u1ea3i nghi\u1ec7m s\u1eed d\u1ee5ng ti\u1ec7n nghi \u2013 Ph\u00f9 h\u1ee3p m\u1ecdi gia \u0111\u00ecnh<\/h2>\n<p data-start=\"3632\" data-end=\"3851\">B\u1ebfp t\u1eeb GX IH696SE kh\u00f4ng ch\u1ec9 l\u00e0 thi\u1ebft b\u1ecb n\u1ea5u \u0103n, m\u00e0 c\u00f2n l\u00e0 tr\u1ee3 th\u1ee7 \u0111\u1eafc l\u1ef1c gi\u00fap t\u1ed1i \u01b0u h\u00f3a th\u1eddi gian v\u00e0 c\u00f4ng s\u1ee9c cho ng\u01b0\u1eddi n\u1ed9i tr\u1ee3. V\u1edbi thi\u1ebft k\u1ebf th\u00e2n thi\u1ec7n, d\u1ec5 s\u1eed d\u1ee5ng c\u00f9ng c\u00e1c t\u00ednh n\u0103ng th\u00f4ng minh, s\u1ea3n ph\u1ea9m ph\u00f9 h\u1ee3p v\u1edbi:<\/p>\n<ul data-start=\"3853\" data-end=\"3995\">\n<li data-start=\"3853\" data-end=\"3896\">Gia \u0111\u00ecnh tr\u1ebb s\u1ed1ng t\u1ea1i chung c\u01b0, nh\u00e0 ph\u1ed1<\/li>\n<li data-start=\"3897\" data-end=\"3941\">Ng\u01b0\u1eddi b\u1eadn r\u1ed9n c\u1ea7n n\u1ea5u \u0103n nhanh, ti\u1ec7n l\u1ee3i<\/li>\n<li data-start=\"3942\" data-end=\"3995\">Ng\u01b0\u1eddi n\u1ed9i tr\u1ee3 y\u00eau th\u00edch c\u00f4ng ngh\u1ec7 v\u00e0 s\u1ef1 ch\u00ednh x\u00e1c<\/li>\n<\/ul>\n<hr data-start=\"3997\" data-end=\"4000\" \/>\n<h2 data-start=\"4002\" data-end=\"4029\">Th\u00f4ng s\u1ed1 k\u1ef9 thu\u1eadt c\u01a1 b\u1ea3n<\/h2>\n<ul data-start=\"4031\" data-end=\"4402\">\n<li data-start=\"4031\" data-end=\"4052\">Model: GX IH696SE<\/li>\n<li data-start=\"4053\" data-end=\"4087\">S\u1ed1 v\u00f9ng n\u1ea5u: 2 v\u00f9ng c\u1ea3m \u1ee9ng t\u1eeb<\/li>\n<li data-start=\"4088\" data-end=\"4133\">C\u00f4ng su\u1ea5t: 2000W m\u1ed7i v\u00f9ng \u2013 Booster 2300W<\/li>\n<li data-start=\"4134\" data-end=\"4173\">M\u1eb7t k\u00ednh: EURO Platinium v\u00e1t 4 c\u1ea1nh<\/li>\n<li data-start=\"4174\" data-end=\"4218\">\u0110i\u1ec1u khi\u1ec3n: C\u1ea3m \u1ee9ng ri\u00eang bi\u1ec7t t\u1eebng v\u00f9ng<\/li>\n<li data-start=\"4219\" data-end=\"4250\">K\u00edch th\u01b0\u1edbc b\u1ebfp: 730 x 430mm<\/li>\n<li data-start=\"4251\" data-end=\"4287\">K\u00edch th\u01b0\u1edbc kho\u00e9t \u0111\u00e1: 680 x 380mm<\/li>\n<li data-start=\"4288\" data-end=\"4335\">C\u00f4ng ngh\u1ec7: INVERTER + IGBT Infineon Germany<\/li>\n<li data-start=\"4336\" data-end=\"4402\">T\u00ednh n\u0103ng: Keep Warm, Frying, Auto Off, Stop &amp; Go, Child Lock\u2026<\/li>\n<\/ul>\n<hr data-start=\"4404\" data-end=\"4407\" \/>\n<h2 data-start=\"4409\" data-end=\"4446\">V\u00ec sao n\u00ean ch\u1ecdn b\u1ebfp t\u1eeb GX IH696SE?<\/h2>\n<p data-start=\"4448\" data-end=\"4688\">Gi\u1eefa r\u1ea5t nhi\u1ec1u l\u1ef1a ch\u1ecdn tr\u00ean th\u1ecb tr\u01b0\u1eddng, GX IH696SE n\u1ed5i b\u1eadt nh\u1edd s\u1ef1 c\u00e2n b\u1eb1ng ho\u00e0n h\u1ea3o gi\u1eefa <strong data-start=\"4538\" data-end=\"4584\">thi\u1ebft k\u1ebf \u2013 hi\u1ec7u n\u0103ng \u2013 ti\u1ebft ki\u1ec7m \u2013 an to\u00e0n<\/strong>. \u0110\u00e2y kh\u00f4ng ch\u1ec9 l\u00e0 m\u1ed9t chi\u1ebfc b\u1ebfp t\u1eeb, m\u00e0 c\u00f2n l\u00e0 gi\u1ea3i ph\u00e1p n\u00e2ng c\u1ea5p to\u00e0n di\u1ec7n cho kh\u00f4ng gian b\u1ebfp hi\u1ec7n \u0111\u1ea1i.<\/p>\n<p data-start=\"4690\" data-end=\"4842\">N\u1ebfu b\u1ea1n \u0111ang t\u00ecm ki\u1ebfm m\u1ed9t s\u1ea3n ph\u1ea9m b\u1ec1n b\u1ec9, ti\u1ebft ki\u1ec7m \u0111i\u1ec7n, d\u1ec5 s\u1eed d\u1ee5ng v\u00e0 c\u00f3 t\u00ednh th\u1ea9m m\u1ef9 cao, th\u00ec <strong data-start=\"4788\" data-end=\"4841\">b\u1ebfp t\u1eeb GX IH696SE ch\u00ednh l\u00e0 l\u1ef1a ch\u1ecdn \u0111\u00e1ng c\u00e2n nh\u1eafc<\/strong>.<\/p>\n<hr data-start=\"4844\" data-end=\"4847\" \/>\n<h2 data-start=\"4849\" data-end=\"4860\">K\u1ebft lu\u1eadn<\/h2>\n<p data-start=\"4862\" data-end=\"5114\">B\u1ebfp t\u1eeb GX IH696SE l\u00e0 s\u1ef1 k\u1ebft h\u1ee3p ho\u00e0n h\u1ea3o gi\u1eefa c\u00f4ng ngh\u1ec7 ti\u00ean ti\u1ebfn v\u00e0 thi\u1ebft k\u1ebf tinh t\u1ebf. V\u1edbi kh\u1ea3 n\u0103ng n\u1ea5u \u0103n nhanh ch\u00f3ng, ti\u1ebft ki\u1ec7m \u0111i\u1ec7n n\u0103ng c\u00f9ng h\u1ec7 th\u1ed1ng an to\u00e0n to\u00e0n di\u1ec7n, s\u1ea3n ph\u1ea9m mang \u0111\u1ebfn tr\u1ea3i nghi\u1ec7m n\u1ea5u n\u01b0\u1edbng ti\u1ec7n nghi v\u00e0 hi\u1ec7n \u0111\u1ea1i cho m\u1ecdi gia \u0111\u00ecnh.<\/p>\n<p data-start=\"5116\" data-end=\"5284\" data-is-last-node=\"\" data-is-only-node=\"\">\ud83d\udc49 \u0110\u1ea7u t\u01b0 m\u1ed9t chi\u1ebfc b\u1ebfp t\u1eeb ch\u1ea5t l\u01b0\u1ee3ng nh\u01b0 GX IH696SE kh\u00f4ng ch\u1ec9 gi\u00fap n\u00e2ng cao ch\u1ea5t l\u01b0\u1ee3ng b\u1eefa \u0103n m\u00e0 c\u00f2n g\u00f3p ph\u1ea7n t\u1ea1o n\u00ean kh\u00f4ng gian s\u1ed1ng ti\u1ec7n nghi, \u0111\u1eb3ng c\u1ea5p h\u01a1n m\u1ed7i ng\u00e0y.<\/p>\n<p data-start=\"4866\" data-end=\"4979\"><strong data-start=\"4866\" data-end=\"4917\">Ehrlich Vi\u1ec7t Nam \u2013 Thi\u1ebft B\u1ecb Nh\u00e0 B\u1ebfp &amp; Ph\u00f2ng T\u1eafm<\/strong><br data-start=\"4917\" data-end=\"4920\" \/>\ud83d\udccd \u0110\u1ecba ch\u1ec9: S\u1ed1 6 Li\u1ec1n K\u1ec1 22, K\u0110T V\u0103n Kh\u00ea, H\u00e0 \u0110\u00f4ng, H\u00e0 N\u1ed9i<\/p>\n<p data-start=\"4981\" data-end=\"5105\">\ud83c\udf10 Website: <a class=\"decorated-link\" href=\"https:\/\/ehrlichvietnam.vn\/\" target=\"_new\" rel=\"noopener\" data-start=\"4993\" data-end=\"5019\">https:\/\/ehrlichvietnam.vn\/<\/a><br data-start=\"5019\" data-end=\"5022\" \/>\ud83d\udcde Hotline: <strong data-start=\"5034\" data-end=\"5051\">0932 27 05 20<\/strong><br data-start=\"5051\" data-end=\"5054\" \/>\ud83d\udcac Zalo OA: <a class=\"decorated-link\" href=\"https:\/\/zalo.me\/s\/2888141157129558325\" target=\"_new\" rel=\"noopener\" data-start=\"5066\" data-end=\"5103\">https:\/\/zalo.me\/s\/2888141157129558325<\/a><\/p>\n<p data-start=\"5107\" data-end=\"5218\">\ud83c\udfa5 TikTok: <a class=\"decorated-link\" href=\"https:\/\/www.tiktok.com\/@ehrlich.chia.s?_r=1\" target=\"_new\" rel=\"noopener\" data-start=\"5118\" data-end=\"5162\">https:\/\/www.tiktok.com\/@ehrlichthietbivesinh<\/a><br data-start=\"5162\" data-end=\"5165\" \/>\u25b6\ufe0f YouTube: <a class=\"decorated-link\" href=\"https:\/\/www.youtube.com\/@EhrlichVietNam\" target=\"_new\" rel=\"noopener\" data-start=\"5177\" data-end=\"5216\">https:\/\/www.youtube.com\/@EhrlichVietNam<\/a><\/p>\n<p data-start=\"5220\" data-end=\"5265\">\ud83d\ude9a Giao h\u00e0ng to\u00e0n qu\u1ed1c \u2013 t\u01b0 v\u1ea5n nhanh ch\u00f3ng<\/p>\n<p data-start=\"5267\" data-end=\"5313\">\ud83d\udc49 <strong data-start=\"5270\" data-end=\"5313\">Inbox ngay \u0111\u1ec3 nh\u1eadn \u01b0u \u0111\u00e3i th\u00eam h\u00f4m nay!<\/strong><\/p>\n<\/div>\n<\/div>\n<\/div>\n<\/div>\n<div class=\"z-0 flex min-h-[46px] justify-start\"><\/div>\n<div class=\"mt-3 w-full empty:hidden\">\n<div class=\"text-center\">\n<div>\n<div class=\"inline-flex border border-gray-100 dark:border-gray-700 rounded-xl\">\n<div class=\"bg-token-main-surface-tertiary w-px flex-1 self-stretch\"><\/div>\n<\/div>\n<\/div>\n<\/div>\n<\/div>\n","protected":false},"excerpt":{"rendered":"<p>C\u00e1c d\u00f2ng b\u1ebfp hi\u1ec7n \u0111\u1ea1i ng\u00e0y nay kh\u00f4ng ch\u1ec9 \u0111\u00e1p \u1ee9ng nhu c\u1ea7u n\u1ea5u n\u01b0\u1edbng nhanh ch\u00f3ng m\u00e0 c\u00f2n h\u01b0\u1edbng \u0111\u1ebfn s\u1ef1 ti\u1ebft ki\u1ec7m \u0111i\u1ec7n, an to\u00e0n v\u00e0 t\u00ednh th\u1ea9m m\u1ef9 cao. V\u1edbi thi\u1ebft k\u1ebf tinh g\u1ecdn, c\u00f4ng ngh\u1ec7 th\u00f4ng minh v\u00e0 kh\u1ea3 n\u0103ng v\u1eadn h\u00e0nh \u1ed5n \u0111\u1ecbnh, s\u1ea3n ph\u1ea9m mang l\u1ea1i tr\u1ea3i nghi\u1ec7m ti\u1ec7n nghi cho m\u1ecdi gia \u0111\u00ecnh. Khi k\u1ebft h\u1ee3p c\u00f9ng h\u1ec7 sinh th\u00e1i thi\u1ebft b\u1ecb nh\u00e0 b\u1ebfp v\u00e0 v\u1ec7 sinh t\u1eeb <strong data-start=\"337\" data-end=\"348\">Ehrlich<\/strong>, kh\u00f4ng gian s\u1ed1ng \u0111\u01b0\u1ee3c ho\u00e0n thi\u1ec7n \u0111\u1ed3ng b\u1ed9, hi\u1ec7n \u0111\u1ea1i v\u00e0 t\u1ed1i \u01b0u c\u00f4ng n\u0103ng s\u1eed d\u1ee5ng.<\/p>\n","protected":false},"featured_media":4759,"comment_status":"open","ping_status":"closed","template":"","meta":{"_acf_changed":false},"product_brand":[162],"product_cat":[165,15,44,81],"product_tag":[],"class_list":{"0":"post-4646","1":"product","2":"type-product","3":"status-publish","4":"has-post-thumbnail","6":"product_brand-grandx","7":"product_cat-bep-tu-grandx","8":"product_cat-san-pham","9":"product_cat-thiet-bi-phong-bep","10":"product_cat-bep-tu","12":"first","13":"outofstock","14":"shipping-taxable","15":"product-type-simple"},"acf":[],"_links":{"self":[{"href":"https:\/\/ehrlichvietnam.vn\/en\/wp-json\/wp\/v2\/product\/4646","targetHints":{"allow":["GET"]}}],"collection":[{"href":"https:\/\/ehrlichvietnam.vn\/en\/wp-json\/wp\/v2\/product"}],"about":[{"href":"https:\/\/ehrlichvietnam.vn\/en\/wp-json\/wp\/v2\/types\/product"}],"replies":[{"embeddable":true,"href":"https:\/\/ehrlichvietnam.vn\/en\/wp-json\/wp\/v2\/comments?post=4646"}],"wp:featuredmedia":[{"embeddable":true,"href":"https:\/\/ehrlichvietnam.vn\/en\/wp-json\/wp\/v2\/media\/4759"}],"wp:attachment":[{"href":"https:\/\/ehrlichvietnam.vn\/en\/wp-json\/wp\/v2\/media?parent=4646"}],"wp:term":[{"taxonomy":"product_brand","embeddable":true,"href":"https:\/\/ehrlichvietnam.vn\/en\/wp-json\/wp\/v2\/product_brand?post=4646"},{"taxonomy":"product_cat","embeddable":true,"href":"https:\/\/ehrlichvietnam.vn\/en\/wp-json\/wp\/v2\/product_cat?post=4646"},{"taxonomy":"product_tag","embeddable":true,"href":"https:\/\/ehrlichvietnam.vn\/en\/wp-json\/wp\/v2\/product_tag?post=4646"}],"curies":[{"name":"wp","href":"https:\/\/api.w.org\/{rel}","templated":true}]}}