{"id":4642,"date":"2026-04-09T02:39:51","date_gmt":"2026-04-09T02:39:51","guid":{"rendered":"https:\/\/ehrlichvietnam.vn\/?post_type=product&#038;p=4642"},"modified":"2026-04-15T07:34:14","modified_gmt":"2026-04-15T07:34:14","slug":"bon-cau-1-khoi-ac-959van","status":"publish","type":"product","link":"https:\/\/ehrlichvietnam.vn\/bon-cau-1-khoi-ac-959van\/","title":{"rendered":"B\u00e0n c\u1ea7u 1 kh\u1ed1i Inax  AC-959VAN"},"content":{"rendered":"<h2 data-section-id=\"7cfs26\" data-start=\"0\" data-end=\"82\">B\u1ed3n C\u1ea7u 1 Kh\u1ed1i INAX AC-959VAN \u2013 Thi\u1ebft K\u1ebf Hi\u1ec7n \u0110\u1ea1i, X\u1ea3 M\u1ea1nh, Men S\u1ee9 Ch\u1ed1ng B\u00e1m B\u1ea9n<\/h2>\n<p data-start=\"84\" data-end=\"404\">Trong kh\u00f4ng gian ph\u00f2ng t\u1eafm hi\u1ec7n \u0111\u1ea1i, b\u1ed3n c\u1ea7u kh\u00f4ng ch\u1ec9 \u0111\u01a1n thu\u1ea7n l\u00e0 thi\u1ebft b\u1ecb v\u1ec7 sinh m\u00e0 c\u00f2n l\u00e0 y\u1ebfu t\u1ed1 \u1ea3nh h\u01b0\u1edfng tr\u1ef1c ti\u1ebfp \u0111\u1ebfn tr\u1ea3i nghi\u1ec7m s\u1eed d\u1ee5ng h\u00e0ng ng\u00e0y v\u00e0 t\u1ed5ng th\u1ec3 th\u1ea9m m\u1ef9. <strong data-start=\"261\" data-end=\"293\">B\u1ed3n c\u1ea7u 1 kh\u1ed1i INAX AC-959VAN<\/strong>\u00a0l\u00e0 m\u1ed9t trong nh\u1eefng d\u00f2ng s\u1ea3n ph\u1ea9m \u0111\u01b0\u1ee3c \u01b0a chu\u1ed9ng nh\u1edd thi\u1ebft k\u1ebf tinh t\u1ebf, c\u00f4ng ngh\u1ec7 ti\u00ean ti\u1ebfn v\u00e0 \u0111\u1ed9 b\u1ec1n v\u01b0\u1ee3t tr\u1ed9i.<\/p>\n<p data-start=\"406\" data-end=\"604\">S\u1edf h\u1eefu ki\u1ec3u d\u00e1ng li\u1ec1n kh\u1ed1i g\u1ecdn g\u00e0ng, k\u1ebft h\u1ee3p c\u00f9ng c\u00f4ng ngh\u1ec7 men s\u1ee9 <strong data-start=\"473\" data-end=\"489\">Aqua Ceramic<\/strong> \u0111\u1ed9c quy\u1ec1n v\u00e0 h\u1ec7 th\u1ed1ng x\u1ea3 <strong data-start=\"515\" data-end=\"534\">Powerful Vortex<\/strong>, s\u1ea3n ph\u1ea9m mang l\u1ea1i tr\u1ea3i nghi\u1ec7m s\u1eed d\u1ee5ng s\u1ea1ch s\u1ebd, ti\u1ec7n nghi v\u00e0 l\u00e2u d\u00e0i.<\/p>\n<hr data-start=\"606\" data-end=\"609\" \/>\n<h2 data-section-id=\"891ygj\" data-start=\"611\" data-end=\"651\">1. T\u1ed5ng Quan V\u1ec1 B\u1ed3n C\u1ea7u AC-959VAN<\/h2>\n<p data-start=\"653\" data-end=\"860\">B\u1ed3n c\u1ea7u INAX AC-959VAN \u0111\u01b0\u1ee3c thi\u1ebft k\u1ebf theo phong c\u00e1ch hi\u1ec7n \u0111\u1ea1i, t\u1ed1i gi\u1ea3n nh\u01b0ng v\u1eabn \u0111\u1ea3m b\u1ea3o t\u00ednh ti\u1ec7n d\u1ee5ng cao. \u0110\u00e2y l\u00e0 l\u1ef1a ch\u1ecdn l\u00fd t\u01b0\u1edfng cho nhi\u1ec1u kh\u00f4ng gian ph\u00f2ng t\u1eafm kh\u00e1c nhau, t\u1eeb c\u0103n h\u1ed9 chung c\u01b0 \u0111\u1ebfn nh\u00e0 ph\u1ed1.<\/p>\n<h3 data-section-id=\"ckqh1z\" data-start=\"862\" data-end=\"887\">Th\u00f4ng tin k\u00edch th\u01b0\u1edbc:<\/h3>\n<ul data-start=\"888\" data-end=\"991\">\n<li data-section-id=\"3xe4c1\" data-start=\"888\" data-end=\"921\"><strong data-start=\"890\" data-end=\"912\">Chi\u1ec1u d\u00e0i (Depth):<\/strong>\u00a0760 mm<\/li>\n<li data-section-id=\"1jcxgzb\" data-start=\"922\" data-end=\"956\"><strong data-start=\"924\" data-end=\"947\">Chi\u1ec1u r\u1ed9ng (Width):<\/strong>\u00a0380 mm<\/li>\n<li data-section-id=\"108auq1\" data-start=\"957\" data-end=\"991\"><strong data-start=\"959\" data-end=\"982\">Chi\u1ec1u cao (Height):<\/strong>\u00a0636 mm<\/li>\n<\/ul>\n<p data-start=\"993\" data-end=\"1142\">\ud83d\udc49 V\u1edbi k\u00edch th\u01b0\u1edbc c\u00e2n \u0111\u1ed1i, s\u1ea3n ph\u1ea9m ph\u00f9 h\u1ee3p c\u1ea3 v\u1edbi ph\u00f2ng t\u1eafm c\u00f3 di\u1ec7n t\u00edch v\u1eeba v\u00e0 nh\u1ecf, gi\u00fap t\u1ed1i \u01b0u kh\u00f4ng gian m\u00e0 v\u1eabn \u0111\u1ea3m b\u1ea3o s\u1ef1 tho\u1ea3i m\u00e1i khi s\u1eed d\u1ee5ng.<br \/>\n<img loading=\"lazy\" decoding=\"async\" class=\"alignnone size-medium\" src=\"https:\/\/hita.com.vn\/tinymce\/uploads\/images\/ac-959van.jpg\" width=\"1200\" height=\"900\" \/><\/p>\n<hr data-start=\"1144\" data-end=\"1147\" \/>\n<h2 data-section-id=\"1fpohnx\" data-start=\"1149\" data-end=\"1195\">2. Thi\u1ebft K\u1ebf Li\u1ec1n Kh\u1ed1i \u2013 G\u1ecdn G\u00e0ng &amp; Hi\u1ec7n \u0110\u1ea1i<\/h2>\n<h3 data-section-id=\"1sqm7wk\" data-start=\"1197\" data-end=\"1231\">\u2714\ufe0f Ki\u1ec3u d\u00e1ng li\u1ec1n kh\u1ed1i tinh t\u1ebf<\/h3>\n<p data-start=\"1232\" data-end=\"1367\">B\u1ed3n c\u1ea7u AC-959VAN\u00a0 \u0111\u01b0\u1ee3c thi\u1ebft k\u1ebf v\u1edbi k\u00e9t n\u01b0\u1edbc v\u00e0 th\u00e2n b\u1ed3n li\u1ec1n m\u1ea1ch, t\u1ea1o n\u00ean t\u1ed5ng th\u1ec3 ch\u1eafc ch\u1eafn, h\u1ea1n ch\u1ebf khe h\u1edf \u2013 n\u01a1i d\u1ec5 t\u00edch t\u1ee5 b\u1ee5i b\u1ea9n.<\/p>\n<p data-start=\"1369\" data-end=\"1380\">\ud83d\udc49 \u01afu \u0111i\u1ec3m:<\/p>\n<ul data-start=\"1381\" data-end=\"1487\">\n<li data-section-id=\"ncfqfw\" data-start=\"1381\" data-end=\"1421\">D\u1ec5 v\u1ec7 sinh h\u01a1n so v\u1edbi b\u1ed3n c\u1ea7u 2 kh\u1ed1i<\/li>\n<li data-section-id=\"fpvrti\" data-start=\"1422\" data-end=\"1450\">H\u1ea1n ch\u1ebf vi khu\u1ea9n t\u00edch t\u1ee5<\/li>\n<li data-section-id=\"mjjd9a\" data-start=\"1451\" data-end=\"1487\">T\u0103ng t\u00ednh th\u1ea9m m\u1ef9 cho kh\u00f4ng gian<\/li>\n<\/ul>\n<hr data-start=\"1489\" data-end=\"1492\" \/>\n<h3 data-section-id=\"1l19zvt\" data-start=\"1494\" data-end=\"1526\">\u2714\ufe0f \u0110\u01b0\u1eddng n\u00e9t bo tr\u00f2n m\u1ec1m m\u1ea1i<\/h3>\n<p data-start=\"1527\" data-end=\"1605\">C\u00e1c chi ti\u1ebft \u0111\u01b0\u1ee3c bo cong tinh t\u1ebf, kh\u00f4ng g\u00f3c c\u1ea1nh th\u00f4 c\u1ee9ng, mang l\u1ea1i c\u1ea3m gi\u00e1c:<\/p>\n<ul data-start=\"1606\" data-end=\"1677\">\n<li data-section-id=\"1nz7arc\" data-start=\"1606\" data-end=\"1619\">Nh\u1eb9 nh\u00e0ng<\/li>\n<li data-section-id=\"e9w0yd\" data-start=\"1620\" data-end=\"1635\">Thanh tho\u00e1t<\/li>\n<li data-section-id=\"zzd78y\" data-start=\"1636\" data-end=\"1677\">D\u1ec5 ph\u1ed1i v\u1edbi nhi\u1ec1u phong c\u00e1ch n\u1ed9i th\u1ea5t<\/li>\n<\/ul>\n<hr data-start=\"1679\" data-end=\"1682\" \/>\n<h3 data-section-id=\"pphggl\" data-start=\"1684\" data-end=\"1708\">\u2714\ufe0f M\u00e0u tr\u1eafng tinh t\u1ebf<\/h3>\n<p data-start=\"1709\" data-end=\"1728\">Gam m\u00e0u tr\u1eafng gi\u00fap:<\/p>\n<ul data-start=\"1729\" data-end=\"1839\">\n<li data-section-id=\"8fju3i\" data-start=\"1729\" data-end=\"1762\">Kh\u00f4ng gian ph\u00f2ng t\u1eafm s\u00e1ng h\u01a1n<\/li>\n<li data-section-id=\"1d9ec5c\" data-start=\"1763\" data-end=\"1805\">D\u1ec5 k\u1ebft h\u1ee3p v\u1edbi lavabo, v\u00f2i v\u00e0 ph\u1ee5 ki\u1ec7n<\/li>\n<li data-section-id=\"v3yyoj\" data-start=\"1806\" data-end=\"1839\">T\u1ea1o c\u1ea3m gi\u00e1c s\u1ea1ch s\u1ebd, cao c\u1ea5p<\/li>\n<\/ul>\n<p>&nbsp;<\/p>\n<hr data-start=\"1841\" data-end=\"1844\" \/>\n<h2 data-section-id=\"9v5nqo\" data-start=\"1846\" data-end=\"1906\">3. C\u00f4ng Ngh\u1ec7 Men S\u1ee9 Aqua Ceramic \u2013 Lu\u00f4n S\u00e1ng B\u00f3ng Nh\u01b0 M\u1edbi<\/h2>\n<p data-start=\"1908\" data-end=\"1997\">M\u1ed9t trong nh\u1eefng \u0111i\u1ec3m n\u1ed5i b\u1eadt nh\u1ea5t c\u1ee7a INAX AC-959VAN ch\u00ednh l\u00e0 l\u1edbp men s\u1ee9 <strong data-start=\"1980\" data-end=\"1996\">Aqua Ceramic<\/strong>.<\/p>\n<h3 data-section-id=\"14pxs02\" data-start=\"1999\" data-end=\"2029\">\u2714\ufe0f Ch\u1ed1ng b\u00e1m b\u1ea9n v\u01b0\u1ee3t tr\u1ed9i<\/h3>\n<ul data-start=\"2030\" data-end=\"2103\">\n<li data-section-id=\"13oee6b\" data-start=\"2030\" data-end=\"2067\">H\u1ea1n ch\u1ebf t\u1ed1i \u0111a t\u00ecnh tr\u1ea1ng b\u00e1m c\u1eb7n<\/li>\n<li data-section-id=\"150g9z2\" data-start=\"2068\" data-end=\"2103\">Ng\u0103n ng\u1eeba \u1ed1 v\u00e0ng theo th\u1eddi gian<\/li>\n<\/ul>\n<h3 data-section-id=\"ro8hgx\" data-start=\"2105\" data-end=\"2122\">\u2714\ufe0f D\u1ec5 v\u1ec7 sinh<\/h3>\n<ul data-start=\"2123\" data-end=\"2185\">\n<li data-section-id=\"1605ivm\" data-start=\"2123\" data-end=\"2150\">Ch\u1ec9 c\u1ea7n lau nh\u1eb9 l\u00e0 s\u1ea1ch<\/li>\n<li data-section-id=\"zrgs2c\" data-start=\"2151\" data-end=\"2185\">Gi\u1ea3m t\u1ea7n su\u1ea5t s\u1eed d\u1ee5ng h\u00f3a ch\u1ea5t<\/li>\n<\/ul>\n<h3 data-section-id=\"1ykpwbm\" data-start=\"2187\" data-end=\"2222\">\u2714\ufe0f Duy tr\u00ec \u0111\u1ed9 s\u00e1ng b\u00f3ng l\u00e2u d\u00e0i<\/h3>\n<p data-start=\"2223\" data-end=\"2296\">\ud83d\udc49 Gi\u00fap b\u1ed3n c\u1ea7u lu\u00f4n gi\u1eef \u0111\u01b0\u1ee3c v\u1ebb ngo\u00e0i nh\u01b0 m\u1edbi sau th\u1eddi gian d\u00e0i s\u1eed d\u1ee5ng.<\/p>\n<hr data-start=\"2298\" data-end=\"2301\" \/>\n<h2 data-section-id=\"1db4w85\" data-start=\"2303\" data-end=\"2358\">4. C\u00f4ng Ngh\u1ec7 X\u1ea3 Powerful Vortex \u2013 M\u1ea1nh M\u1ebd &amp; Hi\u1ec7u Qu\u1ea3<\/h2>\n<p data-start=\"2360\" data-end=\"2456\">B\u1ed3n c\u1ea7u AC-959VAN \u0111\u01b0\u1ee3c trang b\u1ecb h\u1ec7 th\u1ed1ng x\u1ea3 <strong data-start=\"2403\" data-end=\"2422\">Powerful Vortex<\/strong> \u2013 c\u00f4ng ngh\u1ec7 x\u1ea3 xo\u00e1y k\u00e9p hi\u1ec7n \u0111\u1ea1i.<\/p>\n<h3 data-section-id=\"yxon6b\" data-start=\"2458\" data-end=\"2483\">\u2714\ufe0f Hai c\u1eeda x\u1ea3 m\u1ea1nh m\u1ebd<\/h3>\n<p data-start=\"2484\" data-end=\"2534\">T\u1ea1o d\u00f2ng n\u01b0\u1edbc xo\u00e1y cu\u1ed1n tr\u00f4i ch\u1ea5t b\u1ea9n nhanh ch\u00f3ng.<\/p>\n<h3 data-section-id=\"dvu984\" data-start=\"2536\" data-end=\"2561\">\u2714\ufe0f L\u00e0m s\u1ea1ch to\u00e0n di\u1ec7n<\/h3>\n<ul data-start=\"2562\" data-end=\"2619\">\n<li data-section-id=\"ma25sf\" data-start=\"2562\" data-end=\"2594\">N\u01b0\u1edbc xo\u00e1y \u0111\u1ec1u quanh l\u00f2ng b\u1ed3n<\/li>\n<li data-section-id=\"1plrotb\" data-start=\"2595\" data-end=\"2619\">Kh\u00f4ng \u0111\u1ec3 l\u1ea1i c\u1eb7n b\u1ea9n<\/li>\n<\/ul>\n<h3 data-section-id=\"1ch97a9\" data-start=\"2621\" data-end=\"2643\">\u2714\ufe0f Ho\u1ea1t \u0111\u1ed9ng \u00eam \u00e1i<\/h3>\n<ul data-start=\"2644\" data-end=\"2697\">\n<li data-section-id=\"1umhuh9\" data-start=\"2644\" data-end=\"2664\">H\u1ea1n ch\u1ebf ti\u1ebfng \u1ed3n<\/li>\n<li data-section-id=\"l2wl5f\" data-start=\"2665\" data-end=\"2697\">Mang l\u1ea1i tr\u1ea3i nghi\u1ec7m d\u1ec5 ch\u1ecbu<\/li>\n<\/ul>\n<hr data-start=\"2699\" data-end=\"2702\" \/>\n<h2 data-section-id=\"1eq4qc2\" data-start=\"2704\" data-end=\"2733\">5. Ti\u1ebft Ki\u1ec7m N\u01b0\u1edbc Hi\u1ec7u Qu\u1ea3<\/h2>\n<p data-start=\"2735\" data-end=\"2789\">S\u1ea3n ph\u1ea9m \u0111\u01b0\u1ee3c thi\u1ebft k\u1ebf v\u1edbi h\u1ec7 th\u1ed1ng x\u1ea3 ti\u1ebft ki\u1ec7m n\u01b0\u1edbc:<\/p>\n<ul data-start=\"2791\" data-end=\"2833\">\n<li data-section-id=\"y6u6z7\" data-start=\"2791\" data-end=\"2811\"><strong data-start=\"2793\" data-end=\"2804\">X\u1ea3 \u0111\u1ea1i: <\/strong>6.5L<\/li>\n<li data-section-id=\"d3vghv\" data-start=\"2812\" data-end=\"2833\"><strong data-start=\"2814\" data-end=\"2826\">X\u1ea3 ti\u1ec3u:<\/strong> 4.5L<\/li>\n<\/ul>\n<p data-start=\"2835\" data-end=\"2843\">\ud83d\udc49 Gi\u00fap:<\/p>\n<ul data-start=\"2844\" data-end=\"2906\">\n<li data-section-id=\"1levcuk\" data-start=\"2844\" data-end=\"2876\">Gi\u1ea3m chi ph\u00ed n\u01b0\u1edbc h\u00e0ng th\u00e1ng<\/li>\n<li data-section-id=\"acgihe\" data-start=\"2877\" data-end=\"2906\">Th\u00e2n thi\u1ec7n v\u1edbi m\u00f4i tr\u01b0\u1eddng<\/li>\n<\/ul>\n<hr data-start=\"2908\" data-end=\"2911\" \/>\n<h2 data-section-id=\"1dx5dei\" data-start=\"2913\" data-end=\"2965\">6. N\u1eafp B\u1ed3n C\u1ea7u \u0110\u00f3ng \u00cam \u2013 T\u0103ng Tr\u1ea3i Nghi\u1ec7m S\u1eed D\u1ee5ng<\/h2>\n<p data-start=\"2967\" data-end=\"3027\">B\u1ed3n c\u1ea7u \u0111i k\u00e8m n\u1eafp <strong data-start=\"2986\" data-end=\"2998\">CF-500VS<\/strong> v\u1edbi c\u01a1 ch\u1ebf \u0111\u00f3ng \u00eam hi\u1ec7n \u0111\u1ea1i:<\/p>\n<ul data-start=\"3029\" data-end=\"3112\">\n<li data-section-id=\"dvkb3y\" data-start=\"3029\" data-end=\"3061\">H\u1ea1n ch\u1ebf ti\u1ebfng \u1ed3n khi \u0111\u00f3ng m\u1edf<\/li>\n<li data-section-id=\"1c03b5k\" data-start=\"3062\" data-end=\"3083\">Tr\u00e1nh va \u0111\u1eadp m\u1ea1nh<\/li>\n<li data-section-id=\"177vnud\" data-start=\"3084\" data-end=\"3112\">T\u0103ng \u0111\u1ed9 b\u1ec1n cho s\u1ea3n ph\u1ea9m<\/li>\n<\/ul>\n<p data-start=\"3114\" data-end=\"3178\">\ud83d\udc49 \u0110\u1eb7c bi\u1ec7t ph\u00f9 h\u1ee3p v\u1edbi gia \u0111\u00ecnh c\u00f3 tr\u1ebb nh\u1ecf ho\u1eb7c ng\u01b0\u1eddi l\u1edbn tu\u1ed5i.<\/p>\n<hr data-start=\"3180\" data-end=\"3183\" \/>\n<h2 data-section-id=\"1i4efct\" data-start=\"3185\" data-end=\"3235\">7. V\u00e0nh Rim Tr\u01a1n \u2013 D\u1ec5 V\u1ec7 Sinh, H\u1ea1n Ch\u1ebf Vi Khu\u1ea9n<\/h2>\n<p data-start=\"3237\" data-end=\"3309\">Kh\u00e1c v\u1edbi c\u00e1c thi\u1ebft k\u1ebf truy\u1ec1n th\u1ed1ng, AC-959VAN s\u1eed d\u1ee5ng v\u00e0nh rim tr\u01a1n l\u00e1ng:<\/p>\n<ul data-start=\"3311\" data-end=\"3364\">\n<li data-section-id=\"1785ffq\" data-start=\"3311\" data-end=\"3330\">Kh\u00f4ng g\u00f3c khu\u1ea5t<\/li>\n<li data-section-id=\"ts21fh\" data-start=\"3331\" data-end=\"3348\">Kh\u00f4ng b\u00e1m b\u1ea9n<\/li>\n<li data-section-id=\"16ny43u\" data-start=\"3349\" data-end=\"3364\">D\u1ec5 lau ch\u00f9i<\/li>\n<\/ul>\n<p data-start=\"3366\" data-end=\"3416\">\ud83d\udc49 Gi\u00fap ph\u00f2ng t\u1eafm lu\u00f4n s\u1ea1ch s\u1ebd v\u00e0 \u0111\u1ea3m b\u1ea3o v\u1ec7 sinh.<\/p>\n<hr data-start=\"3418\" data-end=\"3421\" \/>\n<h2 data-section-id=\"95eakp\" data-start=\"3423\" data-end=\"3457\">8. \u0110\u1ed9 B\u1ec1n Cao \u2013 S\u1eed D\u1ee5ng L\u00e2u D\u00e0i<\/h2>\n<p data-start=\"3459\" data-end=\"3519\">B\u1ed3n c\u1ea7u INAX AC-959VAN \u0111\u01b0\u1ee3c s\u1ea3n xu\u1ea5t t\u1eeb ch\u1ea5t li\u1ec7u s\u1ee9 cao c\u1ea5p:<\/p>\n<ul data-start=\"3521\" data-end=\"3591\">\n<li data-section-id=\"4x9kcy\" data-start=\"3521\" data-end=\"3537\">Ch\u1ecbu l\u1ef1c t\u1ed1t<\/li>\n<li data-section-id=\"194449r\" data-start=\"3538\" data-end=\"3554\">Ch\u1ed1ng n\u1ee9t v\u1ee1<\/li>\n<li data-section-id=\"1qq5vab\" data-start=\"3555\" data-end=\"3591\">Ho\u1ea1t \u0111\u1ed9ng \u1ed5n \u0111\u1ecbnh theo th\u1eddi gian<\/li>\n<\/ul>\n<p data-start=\"3593\" data-end=\"3663\">\ud83d\udc49 \u0110\u00e2y l\u00e0 s\u1ea3n ph\u1ea9m ph\u00f9 h\u1ee3p cho nhu c\u1ea7u s\u1eed d\u1ee5ng l\u00e2u d\u00e0i trong gia \u0111\u00ecnh.<\/p>\n<hr data-start=\"3665\" data-end=\"3668\" \/>\n<h2 data-section-id=\"y75z6l\" data-start=\"3670\" data-end=\"3714\">9. Ph\u00f9 H\u1ee3p V\u1edbi Nhi\u1ec1u Kh\u00f4ng Gian Ph\u00f2ng T\u1eafm<\/h2>\n<h3 data-section-id=\"39vmx\" data-start=\"3716\" data-end=\"3738\">\ud83d\udc49 C\u0103n h\u1ed9 chung c\u01b0<\/h3>\n<p data-start=\"3739\" data-end=\"3778\">Thi\u1ebft k\u1ebf g\u1ecdn g\u00e0ng, ti\u1ebft ki\u1ec7m di\u1ec7n t\u00edch.<\/p>\n<h3 data-section-id=\"em8lb1\" data-start=\"3780\" data-end=\"3794\">\ud83d\udc49 Nh\u00e0 ph\u1ed1<\/h3>\n<p data-start=\"3795\" data-end=\"3833\">Phong c\u00e1ch hi\u1ec7n \u0111\u1ea1i, d\u1ec5 ph\u1ed1i n\u1ed9i th\u1ea5t.<\/p>\n<h3 data-section-id=\"1uzcjs7\" data-start=\"3835\" data-end=\"3861\">\ud83d\udc49 C\u00f4ng tr\u00ecnh cho thu\u00ea<\/h3>\n<p data-start=\"3862\" data-end=\"3913\">\u0110\u1ed9 b\u1ec1n cao, \u00edt h\u1ecfng v\u1eb7t, ti\u1ebft ki\u1ec7m chi ph\u00ed b\u1ea3o tr\u00ec.<\/p>\n<hr data-start=\"3915\" data-end=\"3918\" \/>\n<h2 data-section-id=\"1rht828\" data-start=\"3920\" data-end=\"3948\">10. G\u1ee3i \u00dd K\u1ebft H\u1ee3p \u0110\u1ed3ng B\u1ed9<\/h2>\n<p data-start=\"3950\" data-end=\"4034\">\u0110\u1ec3 t\u1ea1o n\u00ean kh\u00f4ng gian ph\u00f2ng t\u1eafm ho\u00e0n ch\u1ec9nh, b\u1ea1n c\u00f3 th\u1ec3 k\u1ebft h\u1ee3p b\u1ed3n c\u1ea7u AC-959VAN v\u1edbi:<\/p>\n<ul data-start=\"4036\" data-end=\"4128\">\n<li data-section-id=\"1p87sek\" data-start=\"4036\" data-end=\"4070\">Ch\u1eadu lavabo s\u1ee9 tr\u1eafng c\u00f9ng t\u00f4ng<\/li>\n<li data-section-id=\"8pmvpr\" data-start=\"4071\" data-end=\"4102\">V\u00f2i lavabo chrome s\u00e1ng b\u00f3ng<\/li>\n<li data-section-id=\"1gvn95q\" data-start=\"4103\" data-end=\"4128\">Ph\u1ee5 ki\u1ec7n inox \u0111\u1ed3ng b\u1ed9<\/li>\n<\/ul>\n<p data-start=\"4130\" data-end=\"4157\">\ud83d\udc49 Gi\u00fap t\u1ed5ng th\u1ec3 ph\u00f2ng t\u1eafm:<\/p>\n<ul data-start=\"4158\" data-end=\"4217\">\n<li data-section-id=\"zq3vph\" data-start=\"4158\" data-end=\"4174\">G\u1ecdn g\u00e0ng h\u01a1n<\/li>\n<li data-section-id=\"oyuu9i\" data-start=\"4175\" data-end=\"4193\">Sang tr\u1ecdng h\u01a1n<\/li>\n<li data-section-id=\"86egme\" data-start=\"4194\" data-end=\"4217\">C\u00f3 t\u00ednh th\u1ea9m m\u1ef9 cao<\/li>\n<\/ul>\n<hr data-start=\"4219\" data-end=\"4222\" \/>\n<h2 data-section-id=\"j93l87\" data-start=\"4224\" data-end=\"4259\">11. H\u01b0\u1edbng D\u1eabn L\u1eafp \u0111\u1eb7t, S\u1eed D\u1ee5ng &amp; B\u1ea3o Qu\u1ea3n<\/h2>\n<p data-start=\"4261\" data-end=\"4286\">\u0110\u1ec3 s\u1ea3n ph\u1ea9m lu\u00f4n b\u1ec1n \u0111\u1eb9p:<\/p>\n<ul data-start=\"4288\" data-end=\"4416\">\n<li data-section-id=\"1244q1k\" data-start=\"4288\" data-end=\"4326\">V\u1ec7 sinh \u0111\u1ecbnh k\u1ef3 b\u1eb1ng dung d\u1ecbch nh\u1eb9<\/li>\n<li data-section-id=\"neq1o7\" data-start=\"4327\" data-end=\"4355\">Tr\u00e1nh d\u00f9ng h\u00f3a ch\u1ea5t m\u1ea1nh<\/li>\n<li data-section-id=\"17j7skc\" data-start=\"4356\" data-end=\"4383\">Lau kh\u00f4 sau khi s\u1eed d\u1ee5ng<\/li>\n<li data-section-id=\"uzer9z\" data-start=\"4384\" data-end=\"4416\">Ki\u1ec3m tra h\u1ec7 th\u1ed1ng x\u1ea3 \u0111\u1ecbnh k\u1ef3<\/li>\n<\/ul>\n<hr data-start=\"4418\" data-end=\"4421\" \/>\n<h2 data-section-id=\"qbtc89\" data-start=\"4423\" data-end=\"4447\">12. Th\u00f4ng S\u1ed1 K\u1ef9 Thu\u1eadt<\/h2>\n<ul data-start=\"4449\" data-end=\"4700\">\n<li data-section-id=\"q4rq4b\" data-start=\"4449\" data-end=\"4474\"><strong data-start=\"4451\" data-end=\"4467\">Th\u01b0\u01a1ng hi\u1ec7u:<\/strong> INAX<\/li>\n<li data-section-id=\"1hq085\" data-start=\"4475\" data-end=\"4496\"><strong data-start=\"4477\" data-end=\"4491\">Ch\u1ea5t li\u1ec7u:<\/strong> S\u1ee9<\/li>\n<li data-section-id=\"1hcneph\" data-start=\"4497\" data-end=\"4519\"><strong data-start=\"4499\" data-end=\"4511\">M\u00e0u s\u1eafc:<\/strong> Tr\u1eafng<\/li>\n<li data-section-id=\"cqfz13\" data-start=\"4520\" data-end=\"4558\"><strong data-start=\"4522\" data-end=\"4537\">K\u00edch th\u01b0\u1edbc:<\/strong> 760 x 380 x 636 mm<\/li>\n<li data-section-id=\"rddx6o\" data-start=\"4559\" data-end=\"4642\"><strong data-start=\"4561\" data-end=\"4575\">C\u00f4ng ngh\u1ec7:<\/strong>\n<ul data-start=\"4578\" data-end=\"4642\">\n<li data-section-id=\"11m1hgm\" data-start=\"4578\" data-end=\"4608\">Aqua Ceramic ch\u1ed1ng b\u00e1m b\u1ea9n<\/li>\n<li data-section-id=\"mqczd8\" data-start=\"4611\" data-end=\"4642\">Powerful Vortex x\u1ea3 xo\u00e1y k\u00e9p<\/li>\n<\/ul>\n<\/li>\n<li data-section-id=\"p0ac6b\" data-start=\"4643\" data-end=\"4670\"><strong data-start=\"4645\" data-end=\"4656\">M\u1ee9c x\u1ea3:<\/strong> 6.5L \/ 4.5L<\/li>\n<li data-section-id=\"8psgn\" data-start=\"4671\" data-end=\"4700\"><strong data-start=\"4673\" data-end=\"4681\">N\u1eafp:<\/strong> \u0110\u00f3ng \u00eam CF-500VS<\/li>\n<\/ul>\n<hr data-start=\"4702\" data-end=\"4705\" \/>\n<h2 data-section-id=\"o4cpf\" data-start=\"4707\" data-end=\"4722\">13. K\u1ebft Lu\u1eadn<\/h2>\n<p data-start=\"4724\" data-end=\"4805\"><strong data-start=\"4724\" data-end=\"4756\">B\u1ed3n c\u1ea7u 1 kh\u1ed1i INAX AC-959VAN <\/strong>\u00a0l\u00e0 l\u1ef1a ch\u1ecdn l\u00fd t\u01b0\u1edfng cho nh\u1eefng ai \u0111ang t\u00ecm ki\u1ebfm:<\/p>\n<ul data-start=\"4807\" data-end=\"4925\">\n<li data-section-id=\"kpeget\" data-start=\"4807\" data-end=\"4838\">Thi\u1ebft k\u1ebf hi\u1ec7n \u0111\u1ea1i, g\u1ecdn g\u00e0ng<\/li>\n<li data-section-id=\"9xbo50\" data-start=\"4839\" data-end=\"4866\">C\u00f4ng ngh\u1ec7 x\u1ea3 m\u1ea1nh, s\u1ea1ch<\/li>\n<li data-section-id=\"1094698\" data-start=\"4867\" data-end=\"4891\">Men s\u1ee9 ch\u1ed1ng b\u00e1m b\u1ea9n<\/li>\n<li data-section-id=\"13dwk7k\" data-start=\"4892\" data-end=\"4910\">Ti\u1ebft ki\u1ec7m n\u01b0\u1edbc<\/li>\n<li data-section-id=\"1c2116p\" data-start=\"4911\" data-end=\"4925\">\u0110\u1ed9 b\u1ec1n cao<\/li>\n<\/ul>\n<p data-start=\"4927\" data-end=\"5071\">\ud83d\udc49 \u0110\u00e2y kh\u00f4ng ch\u1ec9 l\u00e0 m\u1ed9t thi\u1ebft b\u1ecb v\u1ec7 sinh, m\u00e0 c\u00f2n l\u00e0 gi\u1ea3i ph\u00e1p n\u00e2ng t\u1ea7m tr\u1ea3i nghi\u1ec7m ph\u00f2ng t\u1eafm \u2013 s\u1ea1ch h\u01a1n, ti\u1ec7n nghi h\u01a1n v\u00e0 b\u1ec1n b\u1ec9 theo th\u1eddi gian.<\/p>\n<p data-start=\"4866\" data-end=\"4979\"><strong data-start=\"4866\" data-end=\"4917\">Ehrlich Vi\u1ec7t Nam \u2013 Thi\u1ebft B\u1ecb Nh\u00e0 B\u1ebfp &amp; Ph\u00f2ng T\u1eafm<\/strong><br data-start=\"4917\" data-end=\"4920\" \/>\ud83d\udccd \u0110\u1ecba ch\u1ec9: S\u1ed1 6 Li\u1ec1n K\u1ec1 22, K\u0110T V\u0103n Kh\u00ea, H\u00e0 \u0110\u00f4ng, H\u00e0 N\u1ed9i<\/p>\n<p data-start=\"4981\" data-end=\"5105\">\ud83c\udf10 Website: <a class=\"decorated-link\" href=\"https:\/\/ehrlichvietnam.vn\/\" target=\"_new\" rel=\"noopener\" data-start=\"4993\" data-end=\"5019\">https:\/\/ehrlichvietnam.vn\/<\/a><br data-start=\"5019\" data-end=\"5022\" \/>\ud83d\udcde Hotline: <strong data-start=\"5034\" data-end=\"5051\">0932 27 05 20<\/strong><br data-start=\"5051\" data-end=\"5054\" \/>\ud83d\udcac Zalo OA: <a class=\"decorated-link\" href=\"https:\/\/zalo.me\/s\/2888141157129558325\" target=\"_new\" rel=\"noopener\" data-start=\"5066\" data-end=\"5103\">https:\/\/zalo.me\/s\/2888141157129558325<\/a><\/p>\n<p data-start=\"5107\" data-end=\"5218\">\ud83c\udfa5 TikTok: <a class=\"decorated-link\" href=\"https:\/\/www.tiktok.com\/@ehrlich.chia.s?_r=1\" target=\"_new\" rel=\"noopener\" data-start=\"5118\" data-end=\"5162\">https:\/\/www.tiktok.com\/@ehrlichthietbivesinh<\/a><br data-start=\"5162\" data-end=\"5165\" \/>\u25b6\ufe0f YouTube: <a class=\"decorated-link\" href=\"https:\/\/www.youtube.com\/@EhrlichVietNam\" target=\"_new\" rel=\"noopener\" data-start=\"5177\" data-end=\"5216\">https:\/\/www.youtube.com\/@EhrlichVietNam<\/a><\/p>\n<p data-start=\"5220\" data-end=\"5265\">\ud83d\ude9a Giao h\u00e0ng to\u00e0n qu\u1ed1c \u2013 t\u01b0 v\u1ea5n nhanh ch\u00f3ng<\/p>\n<p data-start=\"5267\" data-end=\"5313\">\ud83d\udc49 <strong data-start=\"5270\" data-end=\"5313\">Inbox ngay \u0111\u1ec3 nh\u1eadn \u01b0u \u0111\u00e3i th\u00eam h\u00f4m nay!<\/strong><\/p>\n","protected":false},"excerpt":{"rendered":"<p data-start=\"0\" data-end=\"239\"><strong data-start=\"0\" data-end=\"11\">B\u1ed3n c\u1ea7u<\/strong> l\u00e0 thi\u1ebft b\u1ecb kh\u00f4ng th\u1ec3 thi\u1ebfu trong m\u1ed7i ph\u00f2ng t\u1eafm, \u1ea3nh h\u01b0\u1edfng tr\u1ef1c ti\u1ebfp \u0111\u1ebfn tr\u1ea3i nghi\u1ec7m s\u1eed d\u1ee5ng v\u00e0 c\u1ea3m gi\u00e1c s\u1ea1ch s\u1ebd h\u00e0ng ng\u00e0y. M\u1ed9t s\u1ea3n ph\u1ea9m ch\u1ea5t l\u01b0\u1ee3ng c\u1ea7n \u0111\u1ea3m b\u1ea3o <strong data-start=\"172\" data-end=\"236\" data-is-only-node=\"\">x\u1ea3 m\u1ea1nh, ti\u1ebft ki\u1ec7m n\u01b0\u1edbc, d\u1ec5 v\u1ec7 sinh v\u00e0 b\u1ec1n b\u1ec9 theo th\u1eddi gian<\/strong>.<\/p>\n<p data-start=\"241\" data-end=\"451\" data-is-last-node=\"\" data-is-only-node=\"\">T\u1ea1i <strong data-start=\"245\" data-end=\"256\">Ehrlich<\/strong>, c\u00e1c d\u00f2ng b\u1ed3n c\u1ea7u \u0111\u01b0\u1ee3c l\u1ef1a ch\u1ecdn k\u1ef9 l\u01b0\u1ee1ng theo ti\u00eau ch\u00ed <strong data-start=\"312\" data-end=\"368\">\u0111\u1ed3ng b\u1ed9 \u2013 t\u1ed1i \u01b0u c\u00f4ng n\u0103ng \u2013 ph\u00f9 h\u1ee3p t\u1eebng kh\u00f4ng gian<\/strong>, gi\u00fap kh\u00e1ch h\u00e0ng d\u1ec5 d\u00e0ng ho\u00e0n thi\u1ec7n ph\u00f2ng t\u1eafm g\u1ecdn g\u00e0ng, hi\u1ec7n \u0111\u1ea1i v\u00e0 ti\u1ec7n nghi h\u01a1n.<\/p>\n","protected":false},"featured_media":4644,"comment_status":"open","ping_status":"closed","template":"","meta":{"_acf_changed":false},"product_brand":[141],"product_cat":[23,15,144,136],"product_tag":[],"class_list":{"0":"post-4642","1":"product","2":"type-product","3":"status-publish","4":"has-post-thumbnail","6":"product_brand-inax","7":"product_cat-thiet-bi-phong-ve-sinh","8":"product_cat-san-pham","9":"product_cat-bon-cau-inax","10":"product_cat-thuong-hieu-inax","12":"first","13":"instock","14":"sale","15":"shipping-taxable","16":"purchasable","17":"product-type-simple"},"acf":[],"_links":{"self":[{"href":"https:\/\/ehrlichvietnam.vn\/en\/wp-json\/wp\/v2\/product\/4642","targetHints":{"allow":["GET"]}}],"collection":[{"href":"https:\/\/ehrlichvietnam.vn\/en\/wp-json\/wp\/v2\/product"}],"about":[{"href":"https:\/\/ehrlichvietnam.vn\/en\/wp-json\/wp\/v2\/types\/product"}],"replies":[{"embeddable":true,"href":"https:\/\/ehrlichvietnam.vn\/en\/wp-json\/wp\/v2\/comments?post=4642"}],"wp:featuredmedia":[{"embeddable":true,"href":"https:\/\/ehrlichvietnam.vn\/en\/wp-json\/wp\/v2\/media\/4644"}],"wp:attachment":[{"href":"https:\/\/ehrlichvietnam.vn\/en\/wp-json\/wp\/v2\/media?parent=4642"}],"wp:term":[{"taxonomy":"product_brand","embeddable":true,"href":"https:\/\/ehrlichvietnam.vn\/en\/wp-json\/wp\/v2\/product_brand?post=4642"},{"taxonomy":"product_cat","embeddable":true,"href":"https:\/\/ehrlichvietnam.vn\/en\/wp-json\/wp\/v2\/product_cat?post=4642"},{"taxonomy":"product_tag","embeddable":true,"href":"https:\/\/ehrlichvietnam.vn\/en\/wp-json\/wp\/v2\/product_tag?post=4642"}],"curies":[{"name":"wp","href":"https:\/\/api.w.org\/{rel}","templated":true}]}}