{"id":4624,"date":"2026-04-06T07:45:30","date_gmt":"2026-04-06T07:45:30","guid":{"rendered":"https:\/\/ehrlichvietnam.vn\/?post_type=product&#038;p=4624"},"modified":"2026-04-06T07:49:53","modified_gmt":"2026-04-06T07:49:53","slug":"combo-evi-pro-02","status":"publish","type":"product","link":"https:\/\/ehrlichvietnam.vn\/combo-evi-pro-02\/","title":{"rendered":"Combo EVI-PRO 02"},"content":{"rendered":"<section class=\"text-token-text-primary w-full focus:outline-none [--shadow-height:45px] has-data-writing-block:pointer-events-none has-data-writing-block:-mt-(--shadow-height) has-data-writing-block:pt-(--shadow-height) [&amp;:has([data-writing-block])&gt;*]:pointer-events-auto scroll-mt-(--header-height)\" dir=\"auto\" data-turn-id=\"d9de2c62-2bab-406d-aa03-8d88338b9249\" data-testid=\"conversation-turn-21\" data-scroll-anchor=\"false\" data-turn=\"user\"><\/section>\n<section class=\"text-token-text-primary w-full focus:outline-none [--shadow-height:45px] has-data-writing-block:pointer-events-none has-data-writing-block:-mt-(--shadow-height) has-data-writing-block:pt-(--shadow-height) [&amp;:has([data-writing-block])&gt;*]:pointer-events-auto scroll-mt-[calc(var(--header-height)+min(200px,max(70px,20svh)))]\" dir=\"auto\" data-turn-id=\"request-69cdc983-b1a8-8324-bc2a-438d1b3338e8-2\" data-testid=\"conversation-turn-22\" data-scroll-anchor=\"true\" data-turn=\"assistant\">\n<div class=\"text-base my-auto mx-auto pb-10 [--thread-content-margin:var(--thread-content-margin-xs,calc(var(--spacing)*4))] @w-sm\/main:[--thread-content-margin:var(--thread-content-margin-sm,calc(var(--spacing)*6))] @w-lg\/main:[--thread-content-margin:var(--thread-content-margin-lg,calc(var(--spacing)*16))] px-(--thread-content-margin)\">\n<div class=\"[--thread-content-max-width:40rem] @w-lg\/main:[--thread-content-max-width:48rem] mx-auto max-w-(--thread-content-max-width) flex-1 group\/turn-messages focus-visible:outline-hidden relative flex w-full min-w-0 flex-col agent-turn\">\n<div class=\"flex max-w-full flex-col gap-4 grow\">\n<div class=\"min-h-8 text-message relative flex w-full flex-col items-end gap-2 text-start break-words whitespace-normal outline-none keyboard-focused:focus-ring [.text-message+&amp;]:mt-1\" dir=\"auto\" tabindex=\"0\" data-message-author-role=\"assistant\" data-message-id=\"f477e710-d8cd-45e3-8f6c-6754e896f6ed\" data-message-model-slug=\"gpt-5-3\" data-turn-start-message=\"true\">\n<div class=\"flex w-full flex-col gap-1 empty:hidden\">\n<div class=\"markdown prose dark:prose-invert w-full wrap-break-word light markdown-new-styling\">\n<h2 data-section-id=\"1qosbch\" data-start=\"0\" data-end=\"88\">Combo Thi\u1ebft B\u1ecb Ph\u00f2ng T\u1eafm EVI-PRO 02 \u2013 Gi\u1ea3i Ph\u00e1p Tr\u1ecdn G\u00f3i, T\u1ed1i \u01afu Chi Ph\u00ed &amp; Ch\u1ea5t L\u01b0\u1ee3ng<\/h2>\n<p data-start=\"90\" data-end=\"425\">Trong qu\u00e1 tr\u00ecnh ho\u00e0n thi\u1ec7n m\u1ed9t ph\u00f2ng t\u1eafm, r\u1ea5t nhi\u1ec1u gia ch\u1ee7 g\u1eb7p ph\u1ea3i c\u00f9ng m\u1ed9t v\u1ea5n \u0111\u1ec1: <strong data-start=\"176\" data-end=\"278\">ch\u1ecdn t\u1eebng thi\u1ebft b\u1ecb ri\u00eang l\u1ebb v\u1eeba m\u1ea5t th\u1eddi gian, v\u1eeba kh\u00f3 \u0111\u1ed3ng b\u1ed9, l\u1ea1i d\u1ec5 \u201cl\u1ec7ch gu\u201d gi\u1eefa c\u00e1c s\u1ea3n ph\u1ea9m<\/strong>. \u0110\u00f3 l\u00e0 l\u00fd do v\u00ec sao c\u00e1c combo thi\u1ebft b\u1ecb ph\u00f2ng t\u1eafm tr\u1ecdn g\u00f3i ng\u00e0y c\u00e0ng \u0111\u01b0\u1ee3c \u01b0a chu\u1ed9ng \u2013 \u0111\u1eb7c bi\u1ec7t l\u00e0 nh\u1eefng b\u1ed9 \u0111\u01b0\u1ee3c ch\u1ecdn l\u1ecdc t\u1eeb c\u00e1c th\u01b0\u01a1ng hi\u1ec7u uy t\u00edn.<\/p>\n<p data-start=\"427\" data-end=\"796\"><strong data-start=\"427\" data-end=\"447\">Combo EVI-PRO 02 <\/strong>l\u00e0 m\u1ed9t trong nh\u1eefng l\u1ef1a ch\u1ecdn n\u1ed5i b\u1eadt, \u0111\u01b0\u1ee3c x\u00e2y d\u1ef1ng d\u1ef1a tr\u00ean s\u1ef1 k\u1ebft h\u1ee3p gi\u1eefa c\u00e1c th\u01b0\u01a1ng hi\u1ec7u ch\u1ea5t l\u01b0\u1ee3ng nh\u01b0 <span class=\"hover:entity-accent entity-underline inline cursor-pointer align-baseline\"><span class=\"whitespace-normal\">Ehrlich<\/span><\/span>, <span class=\"hover:entity-accent entity-underline inline cursor-pointer align-baseline\"><span class=\"whitespace-normal\">Viglacera<\/span><\/span> v\u00e0 <span class=\"hover:entity-accent entity-underline inline cursor-pointer align-baseline\"><span class=\"whitespace-normal\">Italisa<\/span><\/span>. B\u1ed9 s\u1ea3n ph\u1ea9m kh\u00f4ng ch\u1ec9 \u0111\u1ea3m b\u1ea3o t\u00ednh \u0111\u1ed3ng b\u1ed9 v\u1ec1 thi\u1ebft k\u1ebf m\u00e0 c\u00f2n mang l\u1ea1i tr\u1ea3i nghi\u1ec7m s\u1eed d\u1ee5ng b\u1ec1n b\u1ec9, \u1ed5n \u0111\u1ecbnh theo th\u1eddi gian.<\/p>\n<p data-start=\"798\" data-end=\"979\">V\u1edbi m\u1ee9c gi\u00e1 \u01b0u \u0111\u00e3i ch\u1ec9 <strong data-start=\"821\" data-end=\"836\">12.386.000\u0111<\/strong> (gi\u1ea3m t\u1eeb 22.520.000\u0111), \u0111\u00e2y l\u00e0 gi\u1ea3i ph\u00e1p c\u1ef1c k\u1ef3 ph\u00f9 h\u1ee3p cho gia \u0111\u00ecnh, c\u0103n h\u1ed9 ho\u1eb7c c\u00f4ng tr\u00ecnh c\u1ea7n t\u1ed1i \u01b0u ng\u00e2n s\u00e1ch nh\u01b0ng v\u1eabn \u0111\u1ea3m b\u1ea3o ch\u1ea5t l\u01b0\u1ee3ng.<\/p>\n<hr data-start=\"981\" data-end=\"984\" \/>\n<h2 data-section-id=\"vqcxtn\" data-start=\"986\" data-end=\"1026\">1. T\u1ed5ng Quan Combo EVI-PRO 02 Bao G\u1ed3m<\/h2>\n<p data-start=\"1028\" data-end=\"1120\">Combo \u0111\u01b0\u1ee3c thi\u1ebft k\u1ebf theo h\u01b0\u1edbng <strong data-start=\"1059\" data-end=\"1110\">\u0111\u1ea7y \u0111\u1ee7 c\u00f4ng n\u0103ng \u2013 d\u1ec5 l\u1eafp \u0111\u1eb7t \u2013 \u0111\u1ed3ng b\u1ed9 th\u1ea9m m\u1ef9<\/strong>, bao g\u1ed3m:<\/p>\n<ul data-start=\"1122\" data-end=\"1332\">\n<li data-section-id=\"8okgic\" data-start=\"1122\" data-end=\"1150\">Sen c\u00e2y cao c\u1ea5p<\/li>\n<li data-section-id=\"7xewo1\" data-start=\"1151\" data-end=\"1185\">T\u1ee7 ch\u1eadu lavabo<\/li>\n<li data-section-id=\"1xwjlv1\" data-start=\"1186\" data-end=\"1210\">V\u00f2i lavabo n\u00f3ng l\u1ea1nh<\/li>\n<li data-section-id=\"18cbsbi\" data-start=\"1211\" data-end=\"1238\">B\u1ed3n c\u1ea7u li\u1ec1n kh\u1ed1i hi\u1ec7n \u0111\u1ea1i<\/li>\n<li data-section-id=\"yzr196\" data-start=\"1239\" data-end=\"1285\">B\u1ed9 ph\u1ee5 ki\u1ec7n ph\u00f2ng t\u1eafm<\/li>\n<li data-section-id=\"avtvyn\" data-start=\"1313\" data-end=\"1332\">V\u00f2i x\u1ecbt v\u1ec7 sinh<\/li>\n<\/ul>\n<p data-start=\"1334\" data-end=\"1440\">\ud83d\udc49 Ch\u1ec9 v\u1edbi m\u1ed9t combo, b\u1ea1n \u0111\u00e3 c\u00f3 th\u1ec3 ho\u00e0n thi\u1ec7n g\u1ea7n nh\u01b0 to\u00e0n b\u1ed9 kh\u00f4ng gian ph\u00f2ng t\u1eafm m\u00e0 kh\u00f4ng c\u1ea7n mua th\u00eam.<\/p>\n<hr data-start=\"1442\" data-end=\"1445\" \/>\n<h2 data-section-id=\"ny6j7o\" data-start=\"1447\" data-end=\"1505\">2. \u0110i\u1ec3m M\u1ea1nh N\u1ed5i B\u1eadt \u2013 Ch\u1ea5t L\u01b0\u1ee3ng \u1ed4n \u0110\u1ecbnh Trong T\u1ea7m Gi\u00e1<\/h2>\n<p data-start=\"1507\" data-end=\"1640\">Kh\u00f4ng ph\u1ea3i combo n\u00e0o gi\u00e1 t\u1ed1t c\u0169ng \u0111i k\u00e8m ch\u1ea5t l\u01b0\u1ee3ng. Tuy nhi\u00ean v\u1edbi EVI-PRO 02, y\u1ebfu t\u1ed1 <strong data-start=\"1593\" data-end=\"1617\">\u201cd\u00f9ng b\u1ec1n \u2013 d\u00f9ng \u1ed5n\u201d<\/strong> \u0111\u01b0\u1ee3c \u0111\u1eb7t l\u00ean h\u00e0ng \u0111\u1ea7u.<\/p>\n<h3 data-section-id=\"1vi30l9\" data-start=\"1642\" data-end=\"1674\">\u2714\ufe0f V\u1eadt Li\u1ec7u \u0110\u01b0\u1ee3c Ch\u1ecdn L\u1ecdc K\u1ef9<\/h3>\n<ul data-start=\"1675\" data-end=\"1795\">\n<li data-section-id=\"11clqhd\" data-start=\"1675\" data-end=\"1723\">Inox v\u00e0 h\u1ee3p kim ch\u1ed1ng g\u1ec9 trong m\u00f4i tr\u01b0\u1eddng \u1ea9m<\/li>\n<li data-section-id=\"kowyij\" data-start=\"1724\" data-end=\"1759\">Men s\u1ee9 cao c\u1ea5p, h\u1ea1n ch\u1ebf b\u00e1m b\u1ea9n<\/li>\n<li data-section-id=\"72wtwr\" data-start=\"1760\" data-end=\"1795\">L\u1edbp m\u1ea1 s\u00e1ng b\u00f3ng, ch\u1ed1ng oxy h\u00f3a<\/li>\n<\/ul>\n<p data-start=\"1797\" data-end=\"1857\">\ud83d\udc49 Gi\u00fap s\u1ea3n ph\u1ea9m gi\u1eef \u0111\u01b0\u1ee3c \u0111\u1ed9 m\u1edbi l\u00e2u d\u00e0i, h\u1ea1n ch\u1ebf xu\u1ed1ng c\u1ea5p.<\/p>\n<hr data-start=\"1859\" data-end=\"1862\" \/>\n<h3 data-section-id=\"1if81zu\" data-start=\"1864\" data-end=\"1900\">\u2714\ufe0f Ho\u1ea1t \u0110\u1ed9ng \u1ed4n \u0110\u1ecbnh, \u00cdt L\u1ed7i V\u1eb7t<\/h3>\n<ul data-start=\"1901\" data-end=\"1995\">\n<li data-section-id=\"1oj5b3i\" data-start=\"1901\" data-end=\"1932\">Sen t\u1eafm cho \u00e1p l\u1ef1c n\u01b0\u1edbc \u0111\u1ec1u<\/li>\n<li data-section-id=\"8fw8n5\" data-start=\"1933\" data-end=\"1960\">V\u00f2i lavabo \u0111\u00f3ng m\u1edf m\u01b0\u1ee3t<\/li>\n<li data-section-id=\"1o0ub7m\" data-start=\"1961\" data-end=\"1995\">B\u1ed3n c\u1ea7u x\u1ea3 s\u1ea1ch, kh\u00f4ng b\u00e1m c\u1eb7n<\/li>\n<\/ul>\n<p data-start=\"1997\" data-end=\"2067\">\ud83d\udc49 Gi\u1ea3m thi\u1ec3u c\u00e1c v\u1ea5n \u0111\u1ec1 th\u01b0\u1eddng g\u1eb7p nh\u01b0 r\u00f2 r\u1ec9, t\u1eafc ngh\u1ebdn hay hao n\u01b0\u1edbc.<\/p>\n<hr data-start=\"2069\" data-end=\"2072\" \/>\n<h3 data-section-id=\"uds3kl\" data-start=\"2074\" data-end=\"2112\">\u2714\ufe0f Thi\u1ebft K\u1ebf Th\u1ef1c D\u1ee5ng \u2013 D\u1ec5 S\u1eed D\u1ee5ng<\/h3>\n<ul data-start=\"2113\" data-end=\"2231\">\n<li data-section-id=\"rf0k7v\" data-start=\"2113\" data-end=\"2151\">C\u00e1c chi ti\u1ebft t\u1ed1i gi\u1ea3n, d\u1ec5 thao t\u00e1c<\/li>\n<li data-section-id=\"45lwaw\" data-start=\"2152\" data-end=\"2192\">Ph\u00f9 h\u1ee3p m\u1ecdi \u0111\u1ed1i t\u01b0\u1ee3ng trong gia \u0111\u00ecnh<\/li>\n<li data-section-id=\"10jhmqv\" data-start=\"2193\" data-end=\"2231\">D\u1ec5 v\u1ec7 sinh, kh\u00f4ng t\u1ed1n c\u00f4ng b\u1ea3o tr\u00ec<\/li>\n<\/ul>\n<p data-start=\"2233\" data-end=\"2300\">\ud83d\udc49 \u0110\u00e2y l\u00e0 \u0111i\u1ec3m c\u1ed9ng l\u1edbn cho nh\u1eefng gia \u0111\u00ecnh c\u1ea7n s\u1ef1 ti\u1ec7n l\u1ee3i l\u00e2u d\u00e0i.<\/p>\n<hr data-start=\"2302\" data-end=\"2305\" \/>\n<h2 data-section-id=\"lq1zf\" data-start=\"2307\" data-end=\"2345\">3. Ph\u00e2n T\u00edch Chi Ti\u1ebft T\u1eebng Thi\u1ebft B\u1ecb<\/h2>\n<h3 data-section-id=\"1f9thjp\" data-start=\"2347\" data-end=\"2398\">\ud83d\udebf Sen C\u00e2y Cao C\u1ea5p \u2013 Tr\u1ea3i Nghi\u1ec7m T\u1eafm Tho\u1ea3i M\u00e1i<\/h3>\n<ul data-start=\"2400\" data-end=\"2477\">\n<li data-section-id=\"1q96d59\" data-start=\"2400\" data-end=\"2434\">B\u00e1t sen l\u1edbn, cho n\u01b0\u1edbc ph\u1ee7 r\u1ed9ng<\/li>\n<li data-section-id=\"1nirs4t\" data-start=\"2435\" data-end=\"2456\">Tay sen linh ho\u1ea1t<\/li>\n<li data-section-id=\"1gnnkz\" data-start=\"2457\" data-end=\"2477\">Ch\u1ea5t li\u1ec7u b\u1ec1n b\u1ec9<\/li>\n<\/ul>\n<p data-start=\"2479\" data-end=\"2539\">\ud83d\udc49 Mang l\u1ea1i c\u1ea3m gi\u00e1c th\u01b0 gi\u00e3n d\u1ec5 ch\u1ecbu sau m\u1ed7i ng\u00e0y l\u00e0m vi\u1ec7c.<\/p>\n<hr data-start=\"2541\" data-end=\"2544\" \/>\n<h3 data-section-id=\"fimlky\" data-start=\"2546\" data-end=\"2598\">\ud83d\udebd B\u1ed3n C\u1ea7u Li\u1ec1n Kh\u1ed1i \u2013 Gi\u1ea3i Ph\u00e1p Kinh T\u1ebf &amp; Hi\u1ec7u Qu\u1ea3<\/h3>\n<ul data-start=\"2600\" data-end=\"2686\">\n<li data-section-id=\"12susk9\" data-start=\"2600\" data-end=\"2633\">Thi\u1ebft k\u1ebf ph\u1ed5 bi\u1ebfn, d\u1ec5 l\u1eafp \u0111\u1eb7t<\/li>\n<li data-section-id=\"e36hil\" data-start=\"2634\" data-end=\"2661\">X\u1ea3 m\u1ea1nh, ti\u1ebft ki\u1ec7m n\u01b0\u1edbc<\/li>\n<li data-section-id=\"1094698\" data-start=\"2662\" data-end=\"2686\">Men s\u1ee9 ch\u1ed1ng b\u00e1m b\u1ea9n<\/li>\n<\/ul>\n<p data-start=\"2688\" data-end=\"2744\">\ud83d\udc49 Ph\u00f9 h\u1ee3p v\u1edbi \u0111a s\u1ed1 gia \u0111\u00ecnh Vi\u1ec7t, d\u1ec5 s\u1eeda ch\u1eefa khi c\u1ea7n.<\/p>\n<hr data-start=\"2746\" data-end=\"2749\" \/>\n<h3 data-section-id=\"w6jhzp\" data-start=\"2751\" data-end=\"2800\">\ud83d\udeb0 T\u1ee7 Ch\u1eadu Lavabo \u2013 G\u1ecdn G\u00e0ng Kh\u00f4ng Gian<\/h3>\n<ul data-start=\"2802\" data-end=\"2894\">\n<li data-section-id=\"srqll8\" data-start=\"2802\" data-end=\"2835\">Thi\u1ebft k\u1ebf treo gi\u00fap tho\u00e1ng s\u00e0n<\/li>\n<li data-section-id=\"ijzbbz\" data-start=\"2836\" data-end=\"2865\">Ch\u1ed1ng \u1ea9m, ch\u1ed1ng cong v\u00eanh<\/li>\n<li data-section-id=\"1g06orz\" data-start=\"2866\" data-end=\"2894\">C\u00f3 ng\u0103n ch\u1ee9a \u0111\u1ed3 ti\u1ec7n l\u1ee3i<\/li>\n<\/ul>\n<p data-start=\"2896\" data-end=\"2937\">\ud83d\udc49 Gi\u00fap ph\u00f2ng t\u1eafm lu\u00f4n s\u1ea1ch s\u1ebd, ng\u0103n n\u1eafp.<\/p>\n<hr data-start=\"2939\" data-end=\"2942\" \/>\n<h3 data-section-id=\"nc7q9q\" data-start=\"2944\" data-end=\"2993\">\ud83d\udca7 V\u00f2i Lavabo \u2013 Chi Ti\u1ebft Nh\u1ecf Nh\u01b0ng Quan Tr\u1ecdng<\/h3>\n<ul data-start=\"2995\" data-end=\"3072\">\n<li data-section-id=\"dd10fj\" data-start=\"2995\" data-end=\"3029\">\u0110i\u1ec1u ch\u1ec9nh n\u00f3ng l\u1ea1nh linh ho\u1ea1t<\/li>\n<li data-section-id=\"m6q7wn\" data-start=\"3030\" data-end=\"3057\">D\u00f2ng n\u01b0\u1edbc \u00eam, kh\u00f4ng b\u1eafn<\/li>\n<li data-section-id=\"1c2116p\" data-start=\"3058\" data-end=\"3072\">\u0110\u1ed9 b\u1ec1n cao<\/li>\n<\/ul>\n<p data-start=\"3074\" data-end=\"3114\">\ud83d\udc49 T\u1ed1i \u01b0u tr\u1ea3i nghi\u1ec7m s\u1eed d\u1ee5ng h\u00e0ng ng\u00e0y.<\/p>\n<hr data-start=\"3116\" data-end=\"3119\" \/>\n<h3 data-section-id=\"eqmi7x\" data-start=\"3121\" data-end=\"3162\">\ud83e\uddf4 B\u1ed9 Ph\u1ee5 Ki\u1ec7n \u2013 Ho\u00e0n Thi\u1ec7n C\u00f4ng N\u0103ng<\/h3>\n<ul data-start=\"3164\" data-end=\"3216\">\n<li data-section-id=\"rcwuyt\" data-start=\"3164\" data-end=\"3181\">V\u1eaft kh\u0103n<\/li>\n<li data-section-id=\"1mvg89g\" data-start=\"3182\" data-end=\"3194\">K\u1ec7 ly<\/li>\n<li data-section-id=\"lm1lu3\" data-start=\"3195\" data-end=\"3216\">M\u00f3c treo ti\u1ec7n l\u1ee3i<\/li>\n<\/ul>\n<p data-start=\"3218\" data-end=\"3268\">\ud83d\udc49 Gi\u00fap m\u1ecdi th\u1ee9 trong ph\u00f2ng t\u1eafm c\u00f3 v\u1ecb tr\u00ed r\u00f5 r\u00e0ng.<\/p>\n<hr data-start=\"3404\" data-end=\"3407\" \/>\n<h2 data-section-id=\"15ijyky\" data-start=\"3409\" data-end=\"3448\">4. V\u00ec Sao N\u00ean Ch\u1ecdn Combo EVI-PRO 02?<\/h2>\n<h3 data-section-id=\"1ana5ne\" data-start=\"3450\" data-end=\"3479\">\ud83d\udc49 1. Ti\u1ebft Ki\u1ec7m Th\u1eddi Gian<\/h3>\n<p data-start=\"3480\" data-end=\"3533\">Kh\u00f4ng c\u1ea7n ch\u1ecdn t\u1eebng m\u00f3n \u2013 \u0111\u00e3 c\u00f3 s\u1eb5n combo ho\u00e0n ch\u1ec9nh.<\/p>\n<h3 data-section-id=\"4984kz\" data-start=\"3535\" data-end=\"3560\">\ud83d\udc49 2. \u0110\u1ed3ng B\u1ed9 Th\u1ea9m M\u1ef9<\/h3>\n<p data-start=\"3561\" data-end=\"3618\">Thi\u1ebft k\u1ebf h\u00e0i h\u00f2a, kh\u00f4ng b\u1ecb \u201cl\u1ec7ch tone\u201d gi\u1eefa c\u00e1c thi\u1ebft b\u1ecb.<\/p>\n<h3 data-section-id=\"17cpmoe\" data-start=\"3620\" data-end=\"3644\">\ud83d\udc49 3. T\u1ed1i \u01afu Chi Ph\u00ed<\/h3>\n<p data-start=\"3645\" data-end=\"3696\">Gi\u00e1 combo r\u1ebb h\u01a1n nhi\u1ec1u so v\u1edbi mua l\u1ebb t\u1eebng s\u1ea3n ph\u1ea9m.<\/p>\n<h3 data-section-id=\"13cwbyh\" data-start=\"3698\" data-end=\"3718\">\ud83d\udc49 4. D\u1ec5 L\u1eafp \u0110\u1eb7t<\/h3>\n<p data-start=\"3719\" data-end=\"3760\">Ph\u00f9 h\u1ee3p v\u1edbi c\u1ea3 c\u00f4ng tr\u00ecnh m\u1edbi v\u00e0 c\u1ea3i t\u1ea1o.<\/p>\n<hr data-start=\"3762\" data-end=\"3765\" \/>\n<h2 data-section-id=\"1m1gac8\" data-start=\"3767\" data-end=\"3805\">5. Ph\u00f9 H\u1ee3p V\u1edbi Nh\u1eefng \u0110\u1ed1i T\u01b0\u1ee3ng N\u00e0o?<\/h2>\n<ul data-start=\"3807\" data-end=\"3902\">\n<li data-section-id=\"tc8p2\" data-start=\"3807\" data-end=\"3831\">Gia \u0111\u00ecnh x\u00e2y nh\u00e0 m\u1edbi<\/li>\n<li data-section-id=\"1i0uyib\" data-start=\"3832\" data-end=\"3851\">C\u0103n h\u1ed9 chung c\u01b0<\/li>\n<li data-section-id=\"11vjell\" data-start=\"3852\" data-end=\"3868\">Nh\u00e0 cho thu\u00ea<\/li>\n<li data-section-id=\"1jmqh7y\" data-start=\"3869\" data-end=\"3902\">C\u00f4ng tr\u00ecnh c\u1ea7n t\u1ed1i \u01b0u chi ph\u00ed<\/li>\n<\/ul>\n<p data-start=\"3904\" data-end=\"3998\">\ud83d\udc49 \u0110\u1eb7c bi\u1ec7t ph\u00f9 h\u1ee3p v\u1edbi kh\u00e1ch h\u00e0ng mu\u1ed1n \u201cl\u00e0m nhanh \u2013 d\u00f9ng \u1ed5n \u2013 kh\u00f4ng ph\u00e1t sinh nhi\u1ec1u chi ph\u00ed\u201d.<\/p>\n<hr data-start=\"4000\" data-end=\"4003\" \/>\n<h2 data-section-id=\"1nf2jy9\" data-start=\"4005\" data-end=\"4039\">6. H\u01b0\u1edbng D\u1eabn S\u1eed D\u1ee5ng &amp; B\u1ea3o Qu\u1ea3n<\/h2>\n<p data-start=\"4041\" data-end=\"4076\">\u0110\u1ec3 \u0111\u1ea3m b\u1ea3o \u0111\u1ed9 b\u1ec1n l\u00e2u d\u00e0i, b\u1ea1n n\u00ean:<\/p>\n<ul data-start=\"4078\" data-end=\"4203\">\n<li data-section-id=\"17j7skc\" data-start=\"4078\" data-end=\"4105\">Lau kh\u00f4 sau khi s\u1eed d\u1ee5ng<\/li>\n<li data-section-id=\"1244q1k\" data-start=\"4106\" data-end=\"4144\">V\u1ec7 sinh \u0111\u1ecbnh k\u1ef3 b\u1eb1ng dung d\u1ecbch nh\u1eb9<\/li>\n<li data-section-id=\"134tcv7\" data-start=\"4145\" data-end=\"4168\">Tr\u00e1nh h\u00f3a ch\u1ea5t m\u1ea1nh<\/li>\n<li data-section-id=\"2g4lsa\" data-start=\"4169\" data-end=\"4203\">Ki\u1ec3m tra h\u1ec7 th\u1ed1ng n\u01b0\u1edbc \u0111\u1ecbnh k\u1ef3<\/li>\n<\/ul>\n<hr data-start=\"4205\" data-end=\"4208\" \/>\n<h2 data-section-id=\"s7lyht\" data-start=\"4210\" data-end=\"4236\">7. Gi\u00e1 B\u00e1n &amp; Ch\u00ednh S\u00e1ch<\/h2>\n<ul data-start=\"4238\" data-end=\"4363\">\n<li data-section-id=\"lmm62h\" data-start=\"4238\" data-end=\"4271\">Gi\u00e1 ni\u00eam y\u1ebft: <strong>25.045.000\u0111<\/strong><\/li>\n<li data-section-id=\"1p3yd24\" data-start=\"4272\" data-end=\"4303\">Gi\u00e1 \u01b0u \u0111\u00e3i: <strong>13.786.000\u0111<\/strong><\/li>\n<li data-section-id=\"1lc5e5s\" data-start=\"4304\" data-end=\"4336\">Mi\u1ec5n ph\u00ed giao h\u00e0ng to\u00e0n qu\u1ed1c<\/li>\n<li data-section-id=\"kjc0z9\" data-start=\"4337\" data-end=\"4363\">B\u1ea3o h\u00e0nh l\u00ean \u0111\u1ebfn 5 n\u0103m<\/li>\n<\/ul>\n<hr data-start=\"4365\" data-end=\"4368\" \/>\n<h2 data-section-id=\"bvs50p\" data-start=\"4370\" data-end=\"4384\">8. K\u1ebft Lu\u1eadn<\/h2>\n<p data-start=\"4386\" data-end=\"4455\"><strong data-start=\"4386\" data-end=\"4406\">Combo EVI-PRO 02<\/strong>\u00a0l\u00e0 l\u1ef1a ch\u1ecdn l\u00fd t\u01b0\u1edfng cho nh\u1eefng ai \u0111ang t\u00ecm ki\u1ebfm:<\/p>\n<ul data-start=\"4457\" data-end=\"4613\">\n<li data-section-id=\"bdg9pk\" data-start=\"4457\" data-end=\"4493\">M\u1ed9t b\u1ed9 thi\u1ebft b\u1ecb ph\u00f2ng t\u1eafm \u0111\u1ea7y \u0111\u1ee7<\/li>\n<li data-section-id=\"1htrww3\" data-start=\"4494\" data-end=\"4534\">Ch\u1ea5t l\u01b0\u1ee3ng \u1ed5n \u0111\u1ecbnh trong t\u1ea7m gi\u00e1 t\u1ed1t<\/li>\n<li data-section-id=\"k9nwk3\" data-start=\"4535\" data-end=\"4568\">Thi\u1ebft k\u1ebf g\u1ecdn g\u00e0ng, d\u1ec5 s\u1eed d\u1ee5ng<\/li>\n<li data-section-id=\"171pkxf\" data-start=\"4569\" data-end=\"4613\">Gi\u1ea3i ph\u00e1p ti\u1ebft ki\u1ec7m th\u1eddi gian v\u00e0 chi ph\u00ed<\/li>\n<\/ul>\n<p data-start=\"4615\" data-end=\"4765\">\ud83d\udc49 \u0110\u00e2y kh\u00f4ng ph\u1ea3i l\u00e0 combo \u201ccao c\u1ea5p nh\u1ea5t\u201d, nh\u01b0ng l\u00e0 <strong data-start=\"4667\" data-end=\"4709\">combo \u201c\u0111\u00e1ng ti\u1ec1n nh\u1ea5t\u201d trong ph\u00e2n kh\u00fac<\/strong>, ph\u00f9 h\u1ee3p v\u1edbi \u0111a s\u1ed1 nhu c\u1ea7u th\u1ef1c t\u1ebf c\u1ee7a ng\u01b0\u1eddi d\u00f9ng Vi\u1ec7t.<\/p>\n<\/div>\n<\/div>\n<\/div>\n<\/div>\n<\/div>\n<\/div>\n<\/section>\n<hr data-start=\"5076\" data-end=\"5079\" \/>\n<h2 data-start=\"5081\" data-end=\"5127\">\ud83d\udcde Li\u00ean H\u1ec7 \u0110\u1eb7t Mua Combo Ehrlich Ch\u00ednh H\u00e3ng<\/h2>\n<p data-start=\"5129\" data-end=\"5295\">N\u1ebfu b\u1ea1n \u0111ang t\u00ecm ki\u1ebfm combo thi\u1ebft b\u1ecb v\u1ec7 sinh cao c\u1ea5p, sang tr\u1ecdng v\u00e0 \u0111\u1ea7y \u0111\u1ee7 ti\u1ec7n nghi th\u00ec\u00a0 <strong>Combo EVI-PRO 02<\/strong>\u00a0ch\u00ednh l\u00e0 l\u1ef1a ch\u1ecdn ho\u00e0n h\u1ea3o.<\/p>\n<p data-start=\"5297\" data-end=\"5412\"><strong data-start=\"5297\" data-end=\"5348\">Ehrlich Vi\u1ec7t Nam \u2013 Thi\u1ebft B\u1ecb Nh\u00e0 B\u1ebfp &amp; Ph\u00f2ng T\u1eafm<\/strong><br data-start=\"5348\" data-end=\"5351\" \/>\ud83d\udccd \u0110\u1ecba ch\u1ec9: <strong data-start=\"5363\" data-end=\"5412\">S\u1ed1 6 Li\u1ec1n K\u1ec1 22, K\u0110T V\u0103n Kh\u00ea, H\u00e0 \u0110\u00f4ng, H\u00e0 N\u1ed9i<\/strong><\/p>\n<p data-start=\"5414\" data-end=\"5538\">\ud83c\udf10 Website: <a class=\"decorated-link\" href=\"https:\/\/ehrlichvietnam.vn\/\" target=\"_new\" rel=\"noopener\" data-start=\"5426\" data-end=\"5452\">https:\/\/ehrlichvietnam.vn\/<\/a><br data-start=\"5452\" data-end=\"5455\" \/>\ud83d\udcde Hotline: <strong data-start=\"5467\" data-end=\"5484\">0932 27 05 20<\/strong><br data-start=\"5484\" data-end=\"5487\" \/>\ud83d\udcac Zalo OA: <a class=\"decorated-link\" href=\"https:\/\/zalo.me\/s\/2888141157129558325\" target=\"_new\" rel=\"noopener\" data-start=\"5499\" data-end=\"5536\">https:\/\/zalo.me\/s\/2888141157129558325<\/a><\/p>\n<p data-start=\"5540\" data-end=\"5651\">\ud83c\udfa5 TikTok: <a class=\"decorated-link\" href=\"https:\/\/www.tiktok.com\/@ehrlichthietbivesinh\" target=\"_new\" rel=\"noopener\" data-start=\"5551\" data-end=\"5595\">https:\/\/www.tiktok.com\/@ehrlich.chia.s?_r=1<\/a><br data-start=\"5595\" data-end=\"5598\" \/>\u25b6\ufe0f YouTube: <a class=\"decorated-link\" href=\"https:\/\/www.youtube.com\/@EhrlichVietNam\" target=\"_new\" rel=\"noopener\" data-start=\"5610\" data-end=\"5649\">https:\/\/www.youtube.com\/@EhrlichVietNam<\/a><\/p>\n<p data-start=\"5653\" data-end=\"5698\">\ud83d\ude9a Giao h\u00e0ng to\u00e0n qu\u1ed1c \u2013 t\u01b0 v\u1ea5n nhanh ch\u00f3ng<\/p>\n<p data-start=\"5700\" data-end=\"5746\">\ud83d\udc49 <strong data-start=\"5703\" data-end=\"5746\">Inbox ngay \u0111\u1ec3 nh\u1eadn \u01b0u \u0111\u00e3i th\u00eam h\u00f4m nay!<\/strong><\/p>\n","protected":false},"excerpt":{"rendered":"<p data-start=\"106\" data-end=\"188\">\ud83c\udf1f <strong data-start=\"109\" data-end=\"186\">Combo thi\u1ebft b\u1ecb v\u1ec7 sinh Ehrlich \u2013 Ho\u00e0n thi\u1ec7n ph\u00f2ng t\u1eafm theo phong c\u00e1ch \u0110\u1ee9c<\/strong><\/p>\n<p data-start=\"190\" data-end=\"498\">Kh\u00f4ng gian ph\u00f2ng t\u1eafm kh\u00f4ng ch\u1ec9 l\u00e0 n\u01a1i sinh ho\u1ea1t h\u1eb1ng ng\u00e0y, m\u00e0 c\u00f2n l\u00e0 n\u01a1i t\u00e1i t\u1ea1o n\u0103ng l\u01b0\u1ee3ng, t\u1eadn h\u01b0\u1edfng s\u1ef1 th\u01b0 gi\u00e3n sau m\u1ed9t ng\u00e0y d\u00e0i. V\u1edbi tri\u1ebft l\u00fd <strong data-start=\"336\" data-end=\"369\">\u201ctinh t\u1ebf trong t\u1eebng chi ti\u1ebft\u201d<\/strong>, Ehrlich mang \u0111\u1ebfn combo thi\u1ebft b\u1ecb v\u1ec7 sinh \u0111\u1ed3ng b\u1ed9, gi\u00fap ph\u00f2ng t\u1eafm tr\u1edf th\u00e0nh <strong data-start=\"445\" data-end=\"495\">m\u1ed9t t\u1ed5ng th\u1ec3 sang tr\u1ecdng, hi\u1ec7n \u0111\u1ea1i v\u00e0 ti\u1ec7n nghi<\/strong>.<\/p>\n<p data-start=\"500\" data-end=\"778\">\u2728 M\u1ed7i s\u1ea3n ph\u1ea9m trong combo \u0111\u1ec1u \u0111\u01b0\u1ee3c ch\u1ebf t\u00e1c t\u1eeb ch\u1ea5t li\u1ec7u cao c\u1ea5p, \u00e1p d\u1ee5ng c\u00f4ng ngh\u1ec7 ch\u1ed1ng b\u00e1m b\u1ea9n, ch\u1ed1ng \u1ea9m m\u1ed1c v\u00e0 t\u1ed1i \u01b0u c\u00f4ng n\u0103ng s\u1eed d\u1ee5ng. Khi k\u1ebft h\u1ee3p tr\u1ecdn b\u1ed9, ch\u00fang t\u1ea1o n\u00ean s\u1ef1 h\u00e0i h\u00f2a tuy\u1ec7t \u0111\u1ed1i v\u1ec1 thi\u1ebft k\u1ebf, t\u1eeb ki\u1ec3u d\u00e1ng \u0111\u1ebfn m\u00e0u s\u1eafc \u2013 v\u1eeba th\u1ea9m m\u1ef9, v\u1eeba b\u1ec1n b\u1ec9 theo th\u1eddi gian.<\/p>\n<p data-start=\"780\" data-end=\"959\">\ud83d\udc8e L\u1ef1a ch\u1ecdn <strong data-start=\"792\" data-end=\"826\">combo thi\u1ebft b\u1ecb v\u1ec7 sinh Ehrlich<\/strong> ch\u00ednh l\u00e0 l\u1ef1a ch\u1ecdn s\u1ef1 <strong data-start=\"848\" data-end=\"870\">\u0111\u1eb3ng c\u1ea5p chu\u1ea9n \u0110\u1ee9c<\/strong>, mang \u0111\u1ebfn tr\u1ea3i nghi\u1ec7m tho\u1ea3i m\u00e1i, ti\u1ec7n l\u1ee3i v\u00e0 n\u00e2ng t\u1ea7m gi\u00e1 tr\u1ecb kh\u00f4ng gian s\u1ed1ng c\u1ee7a b\u1ea1n.<\/p>\n","protected":false},"featured_media":4625,"comment_status":"open","ping_status":"closed","template":"","meta":{"_acf_changed":false},"product_brand":[],"product_cat":[55,77,132],"product_tag":[],"class_list":{"0":"post-4624","1":"product","2":"type-product","3":"status-publish","4":"has-post-thumbnail","6":"product_cat-combo-phong-tam","7":"product_cat-combo","8":"product_cat-combo-dong-bo","10":"first","11":"instock","12":"sale","13":"shipping-taxable","14":"purchasable","15":"product-type-simple"},"acf":[],"_links":{"self":[{"href":"https:\/\/ehrlichvietnam.vn\/en\/wp-json\/wp\/v2\/product\/4624","targetHints":{"allow":["GET"]}}],"collection":[{"href":"https:\/\/ehrlichvietnam.vn\/en\/wp-json\/wp\/v2\/product"}],"about":[{"href":"https:\/\/ehrlichvietnam.vn\/en\/wp-json\/wp\/v2\/types\/product"}],"replies":[{"embeddable":true,"href":"https:\/\/ehrlichvietnam.vn\/en\/wp-json\/wp\/v2\/comments?post=4624"}],"wp:featuredmedia":[{"embeddable":true,"href":"https:\/\/ehrlichvietnam.vn\/en\/wp-json\/wp\/v2\/media\/4625"}],"wp:attachment":[{"href":"https:\/\/ehrlichvietnam.vn\/en\/wp-json\/wp\/v2\/media?parent=4624"}],"wp:term":[{"taxonomy":"product_brand","embeddable":true,"href":"https:\/\/ehrlichvietnam.vn\/en\/wp-json\/wp\/v2\/product_brand?post=4624"},{"taxonomy":"product_cat","embeddable":true,"href":"https:\/\/ehrlichvietnam.vn\/en\/wp-json\/wp\/v2\/product_cat?post=4624"},{"taxonomy":"product_tag","embeddable":true,"href":"https:\/\/ehrlichvietnam.vn\/en\/wp-json\/wp\/v2\/product_tag?post=4624"}],"curies":[{"name":"wp","href":"https:\/\/api.w.org\/{rel}","templated":true}]}}