{"id":4612,"date":"2026-04-06T04:29:51","date_gmt":"2026-04-06T04:29:51","guid":{"rendered":"https:\/\/ehrlichvietnam.vn\/?post_type=product&#038;p=4612"},"modified":"2026-04-06T04:45:21","modified_gmt":"2026-04-06T04:45:21","slug":"combo-luxury-24","status":"publish","type":"product","link":"https:\/\/ehrlichvietnam.vn\/combo-luxury-24\/","title":{"rendered":"Combo Luxury &#8211; 24"},"content":{"rendered":"<section class=\"text-token-text-primary w-full focus:outline-none [--shadow-height:45px] has-data-writing-block:pointer-events-none has-data-writing-block:-mt-(--shadow-height) has-data-writing-block:pt-(--shadow-height) [&amp;:has([data-writing-block])&gt;*]:pointer-events-auto scroll-mt-(--header-height)\" dir=\"auto\" data-turn-id=\"f418eb72-7a3a-474f-aceb-be49a0799ad1\" data-testid=\"conversation-turn-13\" data-scroll-anchor=\"false\" data-turn=\"user\"><\/section>\n<section class=\"text-token-text-primary w-full focus:outline-none [--shadow-height:45px] has-data-writing-block:pointer-events-none has-data-writing-block:-mt-(--shadow-height) has-data-writing-block:pt-(--shadow-height) [&amp;:has([data-writing-block])&gt;*]:pointer-events-auto scroll-mt-[calc(var(--header-height)+min(200px,max(70px,20svh)))]\" dir=\"auto\" data-turn-id=\"request-69cdc983-b1a8-8324-bc2a-438d1b3338e8-6\" data-testid=\"conversation-turn-14\" data-scroll-anchor=\"true\" data-turn=\"assistant\">\n<div class=\"text-base my-auto mx-auto pb-10 [--thread-content-margin:var(--thread-content-margin-xs,calc(var(--spacing)*4))] @w-sm\/main:[--thread-content-margin:var(--thread-content-margin-sm,calc(var(--spacing)*6))] @w-lg\/main:[--thread-content-margin:var(--thread-content-margin-lg,calc(var(--spacing)*16))] px-(--thread-content-margin)\">\n<div class=\"[--thread-content-max-width:40rem] @w-lg\/main:[--thread-content-max-width:48rem] mx-auto max-w-(--thread-content-max-width) flex-1 group\/turn-messages focus-visible:outline-hidden relative flex w-full min-w-0 flex-col agent-turn\">\n<div class=\"flex max-w-full flex-col gap-4 grow\">\n<div class=\"min-h-8 text-message relative flex w-full flex-col items-end gap-2 text-start break-words whitespace-normal outline-none keyboard-focused:focus-ring [.text-message+&amp;]:mt-1\" dir=\"auto\" tabindex=\"0\" data-message-author-role=\"assistant\" data-message-id=\"6196e1c1-95a0-4cb2-8b57-f060090e7267\" data-message-model-slug=\"gpt-5-3\" data-turn-start-message=\"true\">\n<div class=\"flex w-full flex-col gap-1 empty:hidden\">\n<div class=\"markdown prose dark:prose-invert w-full wrap-break-word light markdown-new-styling\">\n<h2 data-section-id=\"lxh4pb\" data-start=\"0\" data-end=\"87\">Combo Thi\u1ebft B\u1ecb Ph\u00f2ng T\u1eafm Luxury 24 \u2013 S\u1ef1 K\u1ebft H\u1ee3p Tinh Hoa T\u1eeb C\u00e1c Th\u01b0\u01a1ng Hi\u1ec7u H\u00e0ng \u0110\u1ea7u<\/h2>\n<p data-start=\"89\" data-end=\"326\">Trong qu\u00e1 tr\u00ecnh ho\u00e0n thi\u1ec7n ph\u00f2ng t\u1eafm, m\u1ed9t trong nh\u1eefng y\u1ebfu t\u1ed1 khi\u1ebfn nhi\u1ec1u gia ch\u1ee7 b\u0103n kho\u0103n ch\u00ednh l\u00e0: <strong data-start=\"190\" data-end=\"324\">l\u00e0m sao \u0111\u1ec3 ch\u1ecdn \u0111\u01b0\u1ee3c thi\u1ebft b\u1ecb v\u1eeba \u0111\u1eb9p, v\u1eeba b\u1ec1n, l\u1ea1i \u0111\u1ed3ng b\u1ed9 m\u00e0 kh\u00f4ng ph\u1ea3i m\u1ea5t qu\u00e1 nhi\u1ec1u th\u1eddi gian t\u00ecm ki\u1ebfm t\u1eebng s\u1ea3n ph\u1ea9m ri\u00eang l\u1ebb?<\/strong><\/p>\n<p data-start=\"328\" data-end=\"713\">Hi\u1ec3u \u0111\u01b0\u1ee3c \u0111i\u1ec1u \u0111\u00f3, <strong data-start=\"347\" data-end=\"374\">Combo Luxury 24 Ehrlich<\/strong> \u0111\u01b0\u1ee3c x\u00e2y d\u1ef1ng d\u1ef1a tr\u00ean s\u1ef1 <strong data-start=\"401\" data-end=\"482\">k\u1ebft h\u1ee3p gi\u1eefa c\u00e1c th\u01b0\u01a1ng hi\u1ec7u uy t\u00edn nh\u01b0 Ehrlich, American Standard v\u00e0 Italisa<\/strong> \u2013 mang \u0111\u1ebfn m\u1ed9t gi\u1ea3i ph\u00e1p tr\u1ecdn g\u00f3i, \u0111\u1ed3ng b\u1ed9 c\u1ea3 v\u1ec1 thi\u1ebft k\u1ebf l\u1eabn ch\u1ea5t l\u01b0\u1ee3ng. \u0110\u00e2y kh\u00f4ng ch\u1ec9 \u0111\u01a1n thu\u1ea7n l\u00e0 m\u1ed9t b\u1ed9 thi\u1ebft b\u1ecb ph\u00f2ng t\u1eafm, m\u00e0 c\u00f2n l\u00e0 s\u1ef1 ch\u1eaft l\u1ecdc nh\u1eefng s\u1ea3n ph\u1ea9m t\u1ed1t nh\u1ea5t trong t\u1eebng ph\u00e2n kh\u00fac \u0111\u1ec3 t\u1ea1o n\u00ean m\u1ed9t t\u1ed5ng th\u1ec3 ho\u00e0n ch\u1ec9nh.<\/p>\n<p data-start=\"715\" data-end=\"911\">V\u1edbi m\u1ee9c gi\u00e1 \u01b0u \u0111\u00e3i ch\u1ec9 <strong data-start=\"738\" data-end=\"753\">18.578.000\u0111<\/strong> (gi\u1ea3m t\u1eeb 33.778.000\u0111), combo Luxury 24 \u0111ang l\u00e0 l\u1ef1a ch\u1ecdn c\u1ef1c k\u1ef3 \u0111\u00e1ng c\u00e2n nh\u1eafc cho nh\u1eefng ai mu\u1ed1n \u0111\u1ea7u t\u01b0 ph\u00f2ng t\u1eafm b\u00e0i b\u1ea3n, ch\u1ea5t l\u01b0\u1ee3ng nh\u01b0ng v\u1eabn t\u1ed1i \u01b0u chi ph\u00ed.<\/p>\n<hr data-start=\"913\" data-end=\"916\" \/>\n<h2 data-section-id=\"ezvs7t\" data-start=\"918\" data-end=\"957\">1. T\u1ed5ng Quan Combo Luxury 24 Bao G\u1ed3m<\/h2>\n<p data-start=\"959\" data-end=\"1040\">Combo \u0111\u01b0\u1ee3c thi\u1ebft k\u1ebf theo h\u01b0\u1edbng <strong data-start=\"990\" data-end=\"1030\">full c\u00f4ng n\u0103ng \u2013 \u0111\u1ed3ng b\u1ed9 tr\u1ea3i nghi\u1ec7m<\/strong>, bao g\u1ed3m:<\/p>\n<ul data-start=\"1042\" data-end=\"1248\">\n<li data-section-id=\"8okgic\" data-start=\"1042\" data-end=\"1070\">Sen c\u00e2y t\u1eafm \u0111\u1ee9ng cao c\u1ea5p<\/li>\n<li data-section-id=\"7xewo1\" data-start=\"1071\" data-end=\"1105\">T\u1ee7 lavabo treo t\u01b0\u1eddng k\u00e8m g\u01b0\u01a1ng<\/li>\n<li data-section-id=\"1xwjlv1\" data-start=\"1106\" data-end=\"1130\">V\u00f2i lavabo n\u00f3ng l\u1ea1nh<\/li>\n<li data-section-id=\"1v59apo\" data-start=\"1131\" data-end=\"1154\">B\u1ed3n c\u1ea7u nguy\u00ean kh\u1ed1i<\/li>\n<li data-section-id=\"yzr196\" data-start=\"1155\" data-end=\"1201\">B\u1ed9 ph\u1ee5 ki\u1ec7n ph\u00f2ng t\u1eafm (k\u1ec7 ly, v\u1eaft kh\u0103n\u2026)<\/li>\n<li data-section-id=\"sccm7h\" data-start=\"1219\" data-end=\"1248\">D\u00e2y c\u1ea5p + v\u00f2i x\u1ecbt v\u1ec7 sinh<\/li>\n<\/ul>\n<p data-start=\"1250\" data-end=\"1338\">\ud83d\udc49 \u0110\u00e2y l\u00e0 b\u1ed9 thi\u1ebft b\u1ecb \u0111\u1ee7 \u0111\u1ec3 ho\u00e0n thi\u1ec7n m\u1ed9t ph\u00f2ng t\u1eafm hi\u1ec7n \u0111\u1ea1i ch\u1ec9 trong m\u1ed9t l\u1ea7n l\u1eafp \u0111\u1eb7t.<\/p>\n<hr data-start=\"1340\" data-end=\"1343\" \/>\n<h2 data-section-id=\"s1jegr\" data-start=\"1345\" data-end=\"1397\">2. \u0110i\u1ec3m N\u1ed5i B\u1eadt C\u1ed1t L\u00f5i \u2013 Ch\u1ea5t L\u01b0\u1ee3ng L\u00e0 Tr\u1ecdng T\u00e2m<\/h2>\n<p data-start=\"1399\" data-end=\"1573\">Kh\u00f4ng gi\u1ed1ng nh\u1eefng combo gi\u00e1 r\u1ebb ch\u1ec9 t\u1eadp trung v\u00e0o s\u1ed1 l\u01b0\u1ee3ng, <strong data-start=\"1458\" data-end=\"1572\">Luxury 24 \u0111\u01b0\u1ee3c x\u00e2y d\u1ef1ng v\u1edbi ti\u00eau ch\u00ed: m\u1ed7i s\u1ea3n ph\u1ea9m \u0111\u1ec1u ph\u1ea3i \u0111\u1ea1t ch\u1ea5t l\u01b0\u1ee3ng s\u1eed d\u1ee5ng t\u1ed1t, b\u1ec1n v\u00e0 \u1ed5n \u0111\u1ecbnh l\u00e2u d\u00e0i<\/strong>.<\/p>\n<h3 data-section-id=\"nijryx\" data-start=\"1575\" data-end=\"1615\">\u2714\ufe0f V\u1eadt Li\u1ec7u Cao C\u1ea5p \u2013 \u0110\u1ea3m B\u1ea3o \u0110\u1ed9 B\u1ec1n<\/h3>\n<ul data-start=\"1616\" data-end=\"1755\">\n<li data-section-id=\"54sjbi\" data-start=\"1616\" data-end=\"1673\">Inox ch\u1ed1ng g\u1ec9, ch\u1ecbu \u1ea9m t\u1ed1t trong m\u00f4i tr\u01b0\u1eddng ph\u00f2ng t\u1eafm<\/li>\n<li data-section-id=\"1xz9w1p\" data-start=\"1674\" data-end=\"1719\">S\u1ee9 cao c\u1ea5p tr\u00e1ng men m\u1ecbn, h\u1ea1n ch\u1ebf b\u00e1m b\u1ea9n<\/li>\n<li data-section-id=\"72wtwr\" data-start=\"1720\" data-end=\"1755\">L\u1edbp m\u1ea1 s\u00e1ng b\u00f3ng, ch\u1ed1ng oxy h\u00f3a<\/li>\n<\/ul>\n<p data-start=\"1757\" data-end=\"1810\">\ud83d\udc49 Gi\u00fap s\u1ea3n ph\u1ea9m lu\u00f4n gi\u1eef \u0111\u01b0\u1ee3c \u0111\u1ed9 m\u1edbi theo th\u1eddi gian.<\/p>\n<hr data-start=\"1812\" data-end=\"1815\" \/>\n<h3 data-section-id=\"hgasf5\" data-start=\"1817\" data-end=\"1867\">\u2714\ufe0f Ho\u1ea1t \u0110\u1ed9ng \u1ed4n \u0110\u1ecbnh \u2013 Tr\u1ea3i Nghi\u1ec7m Th\u1ef1c T\u1ebf T\u1ed1t<\/h3>\n<ul data-start=\"1868\" data-end=\"1984\">\n<li data-section-id=\"34293s\" data-start=\"1868\" data-end=\"1903\">Sen t\u1eafm cho d\u00f2ng n\u01b0\u1edbc m\u1ea1nh, \u0111\u1ec1u<\/li>\n<li data-section-id=\"nds8fe\" data-start=\"1904\" data-end=\"1945\">V\u00f2i lavabo v\u1eadn h\u00e0nh m\u01b0\u1ee3t, kh\u00f4ng r\u00f2 r\u1ec9<\/li>\n<li data-section-id=\"14bpa21\" data-start=\"1946\" data-end=\"1984\">B\u1ed3n c\u1ea7u x\u1ea3 \u00eam, s\u1ea1ch, kh\u00f4ng b\u00e1m c\u1eb7n<\/li>\n<\/ul>\n<p data-start=\"1986\" data-end=\"2058\">\ud83d\udc49 T\u1ed1i \u01b0u tr\u1ea3i nghi\u1ec7m s\u1eed d\u1ee5ng h\u00e0ng ng\u00e0y, tr\u00e1nh nh\u1eefng l\u1ed7i v\u1eb7t th\u01b0\u1eddng g\u1eb7p.<\/p>\n<hr data-start=\"2060\" data-end=\"2063\" \/>\n<h3 data-section-id=\"1eno379\" data-start=\"2065\" data-end=\"2109\">\u2714\ufe0f Thi\u1ebft K\u1ebf Kh\u00f4ng Ch\u1ec9 \u0110\u1eb9p M\u00e0 C\u00f2n D\u1ec5 D\u00f9ng<\/h3>\n<ul data-start=\"2110\" data-end=\"2229\">\n<li data-section-id=\"nms6ts\" data-start=\"2110\" data-end=\"2159\">C\u00e1c chi ti\u1ebft \u0111\u01b0\u1ee3c t\u1ed1i \u01b0u cho thao t\u00e1c th\u1ef1c t\u1ebf<\/li>\n<li data-section-id=\"a5a9sj\" data-start=\"2160\" data-end=\"2202\">Ph\u00f9 h\u1ee3p v\u1edbi nhi\u1ec1u \u0111\u1ed1i t\u01b0\u1ee3ng ng\u01b0\u1eddi d\u00f9ng<\/li>\n<li data-section-id=\"5s918t\" data-start=\"2203\" data-end=\"2229\">D\u1ec5 v\u1ec7 sinh, d\u1ec5 b\u1ea3o tr\u00ec<\/li>\n<\/ul>\n<p data-start=\"2231\" data-end=\"2306\">\ud83d\udc49 Kh\u00f4ng ch\u1ec9 \u201c\u0111\u1eb9p l\u00fac m\u1edbi l\u1eafp\u201d, m\u00e0 c\u00f2n \u201cti\u1ec7n trong su\u1ed1t qu\u00e1 tr\u00ecnh s\u1eed d\u1ee5ng\u201d.<\/p>\n<hr data-start=\"2308\" data-end=\"2311\" \/>\n<h2 data-section-id=\"lq1zf\" data-start=\"2313\" data-end=\"2351\">3. Ph\u00e2n T\u00edch Chi Ti\u1ebft T\u1eebng Thi\u1ebft B\u1ecb<\/h2>\n<h3 data-section-id=\"4am8n7\" data-start=\"2353\" data-end=\"2405\">\ud83d\udebf Sen C\u00e2y \u2013 Tr\u1ea3i Nghi\u1ec7m T\u1eafm \u0110\u00fang Ngh\u0129a<\/h3>\n<ul data-start=\"2407\" data-end=\"2514\">\n<li data-section-id=\"1eg2ch5\" data-start=\"2407\" data-end=\"2437\">B\u00e1t sen l\u1edbn, ph\u1ee7 n\u01b0\u1edbc r\u1ed9ng<\/li>\n<li data-section-id=\"1v3aqpy\" data-start=\"2438\" data-end=\"2461\">\u00c1p l\u1ef1c n\u01b0\u1edbc \u1ed5n \u0111\u1ecbnh<\/li>\n<li data-section-id=\"1nirs4t\" data-start=\"2462\" data-end=\"2483\">Tay sen linh ho\u1ea1t<\/li>\n<li data-section-id=\"jxbcz6\" data-start=\"2484\" data-end=\"2514\">Ch\u1ea5t li\u1ec7u ch\u1ed1ng g\u1ec9, b\u1ec1n b\u1ec9<\/li>\n<\/ul>\n<p data-start=\"2516\" data-end=\"2589\">\ud83d\udc49 Mang l\u1ea1i c\u1ea3m gi\u00e1c th\u01b0 gi\u00e3n nh\u01b0 spa t\u1ea1i nh\u00e0, \u0111\u1eb7c bi\u1ec7t sau m\u1ed9t ng\u00e0y d\u00e0i.<\/p>\n<hr data-start=\"2591\" data-end=\"2594\" \/>\n<h3 data-section-id=\"cxmrax\" data-start=\"2596\" data-end=\"2634\">\ud83d\udebd B\u1ed3n C\u1ea7u Nguy\u00ean Kh\u1ed1i \u2013 S\u1ea1ch &amp; \u00cam<\/h3>\n<ul data-start=\"2636\" data-end=\"2746\">\n<li data-section-id=\"yjll1t\" data-start=\"2636\" data-end=\"2673\">Thi\u1ebft k\u1ebf li\u1ec1n kh\u1ed1i h\u1ea1n ch\u1ebf khe h\u1edf<\/li>\n<li data-section-id=\"1094698\" data-start=\"2674\" data-end=\"2698\">Men s\u1ee9 ch\u1ed1ng b\u00e1m b\u1ea9n<\/li>\n<li data-section-id=\"1tg0zq6\" data-start=\"2699\" data-end=\"2731\">X\u1ea3 m\u1ea1nh nh\u01b0ng ti\u1ebft ki\u1ec7m n\u01b0\u1edbc<\/li>\n<li data-section-id=\"1dex0jo\" data-start=\"2732\" data-end=\"2746\">D\u1ec5 v\u1ec7 sinh<\/li>\n<\/ul>\n<p data-start=\"2748\" data-end=\"2827\">\ud83d\udc49 Gi\u1ea3i quy\u1ebft tri\u1ec7t \u0111\u1ec3 v\u1ea5n \u0111\u1ec1 v\u1ec7 sinh \u2013 y\u1ebfu t\u1ed1 quan tr\u1ecdng nh\u1ea5t trong ph\u00f2ng t\u1eafm.<\/p>\n<hr data-start=\"2829\" data-end=\"2832\" \/>\n<h3 data-section-id=\"19ojokp\" data-start=\"2834\" data-end=\"2881\">\ud83d\udeb0 T\u1ee7 Ch\u1eadu Lavabo\u00a0 \u2013 T\u1ed1i \u01afu Kh\u00f4ng Gian<\/h3>\n<ul data-start=\"2883\" data-end=\"3007\">\n<li data-section-id=\"ylss2r\" data-start=\"2883\" data-end=\"2926\">Thi\u1ebft k\u1ebf treo gi\u00fap ph\u00f2ng t\u1eafm tho\u00e1ng h\u01a1n<\/li>\n<li data-section-id=\"ijzbbz\" data-start=\"2927\" data-end=\"2956\">Ch\u1ed1ng \u1ea9m, ch\u1ed1ng cong v\u00eanh<\/li>\n<li data-section-id=\"1g06orz\" data-start=\"2957\" data-end=\"2985\">C\u00f3 ng\u0103n ch\u1ee9a \u0111\u1ed3 ti\u1ec7n l\u1ee3i<\/li>\n<li data-section-id=\"puz20i\" data-start=\"2986\" data-end=\"3007\">T\u1ee7 g\u01b0\u01a1ng soi \u0111\u1ed3ng b\u1ed9<\/li>\n<\/ul>\n<p data-start=\"3009\" data-end=\"3070\">\ud83d\udc49 Gi\u00fap kh\u00f4ng gian lu\u00f4n g\u1ecdn g\u00e0ng, kh\u00f4ng b\u1ecb \u201cl\u1ed9n x\u1ed9n \u0111\u1ed3 d\u00f9ng\u201d.<\/p>\n<hr data-start=\"3072\" data-end=\"3075\" \/>\n<h3 data-section-id=\"rodtnt\" data-start=\"3077\" data-end=\"3121\">\ud83d\udca7 V\u00f2i Lavabo \u2013 Nh\u1ecf Nh\u01b0ng R\u1ea5t Quan Tr\u1ecdng<\/h3>\n<ul data-start=\"3123\" data-end=\"3213\">\n<li data-section-id=\"dd10fj\" data-start=\"3123\" data-end=\"3157\">\u0110i\u1ec1u ch\u1ec9nh n\u00f3ng l\u1ea1nh linh ho\u1ea1t<\/li>\n<li data-section-id=\"m6q7wn\" data-start=\"3158\" data-end=\"3185\">D\u00f2ng n\u01b0\u1edbc \u00eam, kh\u00f4ng b\u1eafn<\/li>\n<li data-section-id=\"uhrhov\" data-start=\"3186\" data-end=\"3213\">\u0110\u1ed9 b\u1ec1n cao, \u00edt h\u1ecfng v\u1eb7t<\/li>\n<\/ul>\n<p data-start=\"3215\" data-end=\"3287\">\ud83d\udc49 M\u1ed9t chi ti\u1ebft nh\u1ecf nh\u01b0ng \u1ea3nh h\u01b0\u1edfng tr\u1ef1c ti\u1ebfp \u0111\u1ebfn tr\u1ea3i nghi\u1ec7m h\u00e0ng ng\u00e0y.<\/p>\n<hr data-start=\"3289\" data-end=\"3292\" \/>\n<h3 data-section-id=\"l17bum\" data-start=\"3294\" data-end=\"3331\">\ud83e\uddf4 B\u1ed9 Ph\u1ee5 Ki\u1ec7n \u2013 T\u1ed1i \u01afu C\u00f4ng N\u0103ng<\/h3>\n<ul data-start=\"3333\" data-end=\"3403\">\n<li data-section-id=\"1bwhe3s\" data-start=\"3333\" data-end=\"3360\">V\u1eaft kh\u0103n ch\u1eafc ch\u1eafn<\/li>\n<li data-section-id=\"1ndz0hy\" data-start=\"3361\" data-end=\"3382\">K\u1ec7 ly ti\u1ec7n l\u1ee3i<\/li>\n<li data-section-id=\"6eamgi\" data-start=\"3383\" data-end=\"3403\">Thi\u1ebft k\u1ebf \u0111\u1ed3ng b\u1ed9<\/li>\n<\/ul>\n<p data-start=\"3405\" data-end=\"3467\">\ud83d\udc49 Gi\u00fap m\u1ecdi th\u1ee9 trong ph\u00f2ng t\u1eafm c\u00f3 v\u1ecb tr\u00ed r\u00f5 r\u00e0ng, d\u1ec5 s\u1eed d\u1ee5ng.<\/p>\n<hr data-start=\"3642\" data-end=\"3645\" \/>\n<h2 data-section-id=\"11y22q8\" data-start=\"3647\" data-end=\"3685\">4. V\u00ec Sao N\u00ean Ch\u1ecdn Combo Luxury 24?<\/h2>\n<h3 data-section-id=\"1vdl6mp\" data-start=\"3687\" data-end=\"3728\">\ud83d\udc49 1. Kh\u00f4ng C\u1ea7n \u0110au \u0110\u1ea7u Ch\u1ecdn T\u1eebng M\u00f3n<\/h3>\n<p data-start=\"3729\" data-end=\"3779\">M\u1ecdi th\u1ee9 \u0111\u00e3 \u0111\u01b0\u1ee3c ch\u1ecdn l\u1ecdc s\u1eb5n \u2013 ch\u1ec9 c\u1ea7n mua v\u00e0 l\u1eafp.<\/p>\n<h3 data-section-id=\"77zcek\" data-start=\"3781\" data-end=\"3810\">\ud83d\udc49 2. Ch\u1ea5t L\u01b0\u1ee3ng \u0110\u1ed3ng \u0110\u1ec1u<\/h3>\n<p data-start=\"3811\" data-end=\"3881\">Kh\u00f4ng c\u00f3 t\u00ecnh tr\u1ea1ng \u201cm\u00f3n t\u1ed1t \u2013 m\u00f3n k\u00e9m\u201d, t\u1ea5t c\u1ea3 \u0111\u1ec1u \u1edf m\u1ee9c \u1ed5n \u0111\u1ecbnh cao.<\/p>\n<h3 data-section-id=\"17cpmoe\" data-start=\"3883\" data-end=\"3907\">\ud83d\udc49 3. T\u1ed1i \u01afu Chi Ph\u00ed<\/h3>\n<p data-start=\"3908\" data-end=\"3949\">Gi\u00e1 combo r\u1ebb h\u01a1n r\u1ea5t nhi\u1ec1u so v\u1edbi mua l\u1ebb.<\/p>\n<h3 data-section-id=\"1gu73j\" data-start=\"3951\" data-end=\"3984\">\ud83d\udc49 4. Ph\u00f9 H\u1ee3p Nhi\u1ec1u \u0110\u1ed1i T\u01b0\u1ee3ng<\/h3>\n<ul data-start=\"3985\" data-end=\"4042\">\n<li data-section-id=\"dd2mu1\" data-start=\"3985\" data-end=\"4005\">Gia \u0111\u00ecnh x\u00e2y nh\u00e0<\/li>\n<li data-section-id=\"1i0uyib\" data-start=\"4006\" data-end=\"4025\">C\u0103n h\u1ed9 chung c\u01b0<\/li>\n<li data-section-id=\"11vjell\" data-start=\"4026\" data-end=\"4042\">Nh\u00e0 cho thu\u00ea<\/li>\n<\/ul>\n<hr data-start=\"4044\" data-end=\"4047\" \/>\n<h2 data-section-id=\"1e6ng2a\" data-start=\"4049\" data-end=\"4071\">5. \u1ee8ng D\u1ee5ng Th\u1ef1c T\u1ebf<\/h2>\n<p data-start=\"4073\" data-end=\"4101\">Combo Luxury 24 ph\u00f9 h\u1ee3p v\u1edbi:<\/p>\n<ul data-start=\"4103\" data-end=\"4180\">\n<li data-section-id=\"dqn16a\" data-start=\"4103\" data-end=\"4124\">Ph\u00f2ng t\u1eafm nh\u00e0 ph\u1ed1<\/li>\n<li data-section-id=\"evplra\" data-start=\"4125\" data-end=\"4144\">C\u0103n h\u1ed9 hi\u1ec7n \u0111\u1ea1i<\/li>\n<li data-section-id=\"1sk206c\" data-start=\"4145\" data-end=\"4180\">C\u00f4ng tr\u00ecnh c\u1ea7n ho\u00e0n thi\u1ec7n nhanh<\/li>\n<\/ul>\n<p data-start=\"4182\" data-end=\"4260\">\ud83d\udc49 \u0110\u1eb7c bi\u1ec7t ph\u00f9 h\u1ee3p v\u1edbi kh\u00e1ch h\u00e0ng mu\u1ed1n \u201cl\u00e0m m\u1ed9t l\u1ea7n cho xong \u2013 d\u00f9ng l\u00e2u d\u00e0i\u201d.<\/p>\n<hr data-start=\"4262\" data-end=\"4265\" \/>\n<h2 data-section-id=\"1nf2jy9\" data-start=\"4267\" data-end=\"4301\">6. H\u01b0\u1edbng D\u1eabn S\u1eed D\u1ee5ng &amp; B\u1ea3o Qu\u1ea3n<\/h2>\n<ul data-start=\"4303\" data-end=\"4437\">\n<li data-section-id=\"q3smdn\" data-start=\"4303\" data-end=\"4339\">Lau kh\u00f4 thi\u1ebft b\u1ecb sau khi s\u1eed d\u1ee5ng<\/li>\n<li data-section-id=\"1244q1k\" data-start=\"4340\" data-end=\"4378\">V\u1ec7 sinh \u0111\u1ecbnh k\u1ef3 b\u1eb1ng dung d\u1ecbch nh\u1eb9<\/li>\n<li data-section-id=\"134tcv7\" data-start=\"4379\" data-end=\"4402\">Tr\u00e1nh h\u00f3a ch\u1ea5t m\u1ea1nh<\/li>\n<li data-section-id=\"2g4lsa\" data-start=\"4403\" data-end=\"4437\">Ki\u1ec3m tra h\u1ec7 th\u1ed1ng n\u01b0\u1edbc \u0111\u1ecbnh k\u1ef3<\/li>\n<\/ul>\n<hr data-start=\"4439\" data-end=\"4442\" \/>\n<h2 data-section-id=\"s7lyht\" data-start=\"4444\" data-end=\"4470\">7. Gi\u00e1 B\u00e1n &amp; Ch\u00ednh S\u00e1ch<\/h2>\n<ul data-start=\"4472\" data-end=\"4589\">\n<li data-section-id=\"1hh95hy\" data-start=\"4472\" data-end=\"4505\">Gi\u00e1 ni\u00eam y\u1ebft: <strong data-start=\"4488\" data-end=\"4503\">33.778.000\u0111<\/strong><\/li>\n<li data-section-id=\"60yi4x\" data-start=\"4506\" data-end=\"4537\">Gi\u00e1 \u01b0u \u0111\u00e3i: <strong data-start=\"4520\" data-end=\"4535\">18.578.000\u0111<\/strong><\/li>\n<li data-section-id=\"1lc5e5s\" data-start=\"4538\" data-end=\"4570\">Mi\u1ec5n ph\u00ed giao h\u00e0ng to\u00e0n qu\u1ed1c<\/li>\n<li data-section-id=\"e7vxq5\" data-start=\"4571\" data-end=\"4589\">B\u1ea3o h\u00e0nh 5 n\u0103m<\/li>\n<\/ul>\n<hr data-start=\"4591\" data-end=\"4594\" \/>\n<h2 data-section-id=\"bvs50p\" data-start=\"4596\" data-end=\"4610\">8. K\u1ebft Lu\u1eadn<\/h2>\n<p data-start=\"4612\" data-end=\"4679\"><strong data-start=\"4612\" data-end=\"4639\">Combo Luxury 24 Ehrlich<\/strong> l\u00e0 l\u1ef1a ch\u1ecdn l\u00fd t\u01b0\u1edfng cho nh\u1eefng ai mu\u1ed1n:<\/p>\n<ul data-start=\"4681\" data-end=\"4808\">\n<li data-section-id=\"o9ike0\" data-start=\"4681\" data-end=\"4714\">M\u1ed9t ph\u00f2ng t\u1eafm \u0111\u1ea7y \u0111\u1ee7, \u0111\u1ed3ng b\u1ed9<\/li>\n<li data-section-id=\"1hsvd9u\" data-start=\"4715\" data-end=\"4755\">S\u1ea3n ph\u1ea9m c\u00f3 ch\u1ea5t l\u01b0\u1ee3ng t\u1ed1t, d\u00f9ng b\u1ec1n<\/li>\n<li data-section-id=\"13muoq0\" data-start=\"4756\" data-end=\"4789\">Thi\u1ebft k\u1ebf hi\u1ec7n \u0111\u1ea1i, d\u1ec5 s\u1eed d\u1ee5ng<\/li>\n<li data-section-id=\"1xj0tf9\" data-start=\"4790\" data-end=\"4808\">Chi ph\u00ed h\u1ee3p l\u00fd<\/li>\n<\/ul>\n<p data-start=\"4810\" data-end=\"4953\">\ud83d\udc49 \u0110\u00e2y kh\u00f4ng ch\u1ec9 l\u00e0 combo ti\u1ebft ki\u1ec7m, m\u00e0 l\u00e0 gi\u1ea3i ph\u00e1p gi\u00fap b\u1ea1n s\u1edf h\u1eefu m\u1ed9t kh\u00f4ng gian ph\u00f2ng t\u1eafm ho\u00e0n ch\u1ec9nh, ti\u1ec7n nghi v\u00e0 b\u1ec1n v\u1eefng theo th\u1eddi gian.<\/p>\n<\/div>\n<\/div>\n<\/div>\n<\/div>\n<\/div>\n<\/div>\n<\/section>\n<h2 data-start=\"4812\" data-end=\"4864\">\ud83d\udcde Li\u00ean H\u1ec7 \u0110\u1eb7t Mua Combo Ehrlich Luxury 24 Ch\u00ednh H\u00e3ng<\/h2>\n<p data-start=\"4866\" data-end=\"4979\"><strong data-start=\"4866\" data-end=\"4917\">Ehrlich Vi\u1ec7t Nam \u2013 Thi\u1ebft B\u1ecb Nh\u00e0 B\u1ebfp &amp; Ph\u00f2ng T\u1eafm<\/strong><br data-start=\"4917\" data-end=\"4920\" \/>\ud83d\udccd\u00a0\u0110\u1ecba ch\u1ec9: S\u1ed1 6 Li\u1ec1n K\u1ec1 22, K\u0110T V\u0103n Kh\u00ea, H\u00e0 \u0110\u00f4ng, H\u00e0 N\u1ed9i<\/p>\n<p data-start=\"4981\" data-end=\"5105\">\ud83c\udf10\u00a0Website:\u00a0<a class=\"decorated-link\" href=\"https:\/\/ehrlichvietnam.vn\/\" target=\"_new\" rel=\"noopener\" data-start=\"4993\" data-end=\"5019\">https:\/\/ehrlichvietnam.vn\/<\/a><br data-start=\"5019\" data-end=\"5022\" \/>\ud83d\udcde\u00a0Hotline:\u00a0<strong data-start=\"5034\" data-end=\"5051\">0932 27 05 20<\/strong><br data-start=\"5051\" data-end=\"5054\" \/>\ud83d\udcac\u00a0Zalo OA:\u00a0<a class=\"decorated-link\" href=\"https:\/\/zalo.me\/s\/2888141157129558325\" target=\"_new\" rel=\"noopener\" data-start=\"5066\" data-end=\"5103\">https:\/\/zalo.me\/s\/2888141157129558325<\/a><\/p>\n<p data-start=\"5107\" data-end=\"5218\">\ud83c\udfa5\u00a0TikTok:\u00a0<a class=\"decorated-link\" href=\"https:\/\/www.tiktok.com\/@ehrlich.chia.s?_r=1\" target=\"_new\" rel=\"noopener\" data-start=\"5118\" data-end=\"5162\">https:\/\/www.tiktok.com\/@ehrlichthietbivesinh<\/a><br data-start=\"5162\" data-end=\"5165\" \/>\u25b6\ufe0f\u00a0YouTube:\u00a0<a class=\"decorated-link\" href=\"https:\/\/www.youtube.com\/@EhrlichVietNam\" target=\"_new\" rel=\"noopener\" data-start=\"5177\" data-end=\"5216\">https:\/\/www.youtube.com\/@EhrlichVietNam<\/a><\/p>\n<p data-start=\"5220\" data-end=\"5265\">\ud83d\ude9a\u00a0Giao h\u00e0ng to\u00e0n qu\u1ed1c \u2013 t\u01b0 v\u1ea5n nhanh ch\u00f3ng<\/p>\n<p data-start=\"5374\" data-end=\"5452\">\ud83d\udc49 Li\u00ean h\u1ec7 ngay \u0111\u1ec3 \u0111\u01b0\u1ee3c t\u01b0 v\u1ea5n v\u00e0 nh\u1eadn \u01b0u \u0111\u00e3i t\u1ed1t nh\u1ea5t cho c\u00f4ng tr\u00ecnh c\u1ee7a b\u1ea1n.<\/p>\n","protected":false},"excerpt":{"rendered":"<p data-start=\"106\" data-end=\"188\">\ud83c\udf1f <strong data-start=\"109\" data-end=\"186\">Combo thi\u1ebft b\u1ecb v\u1ec7 sinh Ehrlich \u2013 Ho\u00e0n thi\u1ec7n ph\u00f2ng t\u1eafm theo phong c\u00e1ch \u0110\u1ee9c<\/strong><\/p>\n<p data-start=\"190\" data-end=\"498\">Kh\u00f4ng gian ph\u00f2ng t\u1eafm kh\u00f4ng ch\u1ec9 l\u00e0 n\u01a1i sinh ho\u1ea1t h\u1eb1ng ng\u00e0y, m\u00e0 c\u00f2n l\u00e0 n\u01a1i t\u00e1i t\u1ea1o n\u0103ng l\u01b0\u1ee3ng, t\u1eadn h\u01b0\u1edfng s\u1ef1 th\u01b0 gi\u00e3n sau m\u1ed9t ng\u00e0y d\u00e0i. V\u1edbi tri\u1ebft l\u00fd <strong data-start=\"336\" data-end=\"369\">\u201ctinh t\u1ebf trong t\u1eebng chi ti\u1ebft\u201d<\/strong>, Ehrlich mang \u0111\u1ebfn combo thi\u1ebft b\u1ecb v\u1ec7 sinh \u0111\u1ed3ng b\u1ed9, gi\u00fap ph\u00f2ng t\u1eafm tr\u1edf th\u00e0nh <strong data-start=\"445\" data-end=\"495\">m\u1ed9t t\u1ed5ng th\u1ec3 sang tr\u1ecdng, hi\u1ec7n \u0111\u1ea1i v\u00e0 ti\u1ec7n nghi<\/strong>.<\/p>\n<p data-start=\"500\" data-end=\"778\">\u2728 M\u1ed7i s\u1ea3n ph\u1ea9m trong combo \u0111\u1ec1u \u0111\u01b0\u1ee3c ch\u1ebf t\u00e1c t\u1eeb ch\u1ea5t li\u1ec7u cao c\u1ea5p, \u00e1p d\u1ee5ng c\u00f4ng ngh\u1ec7 ch\u1ed1ng b\u00e1m b\u1ea9n, ch\u1ed1ng \u1ea9m m\u1ed1c v\u00e0 t\u1ed1i \u01b0u c\u00f4ng n\u0103ng s\u1eed d\u1ee5ng. Khi k\u1ebft h\u1ee3p tr\u1ecdn b\u1ed9, ch\u00fang t\u1ea1o n\u00ean s\u1ef1 h\u00e0i h\u00f2a tuy\u1ec7t \u0111\u1ed1i v\u1ec1 thi\u1ebft k\u1ebf, t\u1eeb ki\u1ec3u d\u00e1ng \u0111\u1ebfn m\u00e0u s\u1eafc \u2013 v\u1eeba th\u1ea9m m\u1ef9, v\u1eeba b\u1ec1n b\u1ec9 theo th\u1eddi gian.<\/p>\n<p data-start=\"780\" data-end=\"959\">\ud83d\udc8e L\u1ef1a ch\u1ecdn <strong data-start=\"792\" data-end=\"826\">combo thi\u1ebft b\u1ecb v\u1ec7 sinh Ehrlich<\/strong> ch\u00ednh l\u00e0 l\u1ef1a ch\u1ecdn s\u1ef1 <strong data-start=\"848\" data-end=\"870\">\u0111\u1eb3ng c\u1ea5p chu\u1ea9n \u0110\u1ee9c<\/strong>, mang \u0111\u1ebfn tr\u1ea3i nghi\u1ec7m tho\u1ea3i m\u00e1i, ti\u1ec7n l\u1ee3i v\u00e0 n\u00e2ng t\u1ea7m gi\u00e1 tr\u1ecb kh\u00f4ng gian s\u1ed1ng c\u1ee7a b\u1ea1n.<\/p>\n","protected":false},"featured_media":4613,"comment_status":"open","ping_status":"closed","template":"","meta":{"_acf_changed":false},"product_brand":[],"product_cat":[55,77,133],"product_tag":[],"class_list":{"0":"post-4612","1":"product","2":"type-product","3":"status-publish","4":"has-post-thumbnail","6":"product_cat-combo-phong-tam","7":"product_cat-combo","8":"product_cat-combo-luxury","10":"first","11":"instock","12":"sale","13":"shipping-taxable","14":"purchasable","15":"product-type-simple"},"acf":[],"_links":{"self":[{"href":"https:\/\/ehrlichvietnam.vn\/en\/wp-json\/wp\/v2\/product\/4612","targetHints":{"allow":["GET"]}}],"collection":[{"href":"https:\/\/ehrlichvietnam.vn\/en\/wp-json\/wp\/v2\/product"}],"about":[{"href":"https:\/\/ehrlichvietnam.vn\/en\/wp-json\/wp\/v2\/types\/product"}],"replies":[{"embeddable":true,"href":"https:\/\/ehrlichvietnam.vn\/en\/wp-json\/wp\/v2\/comments?post=4612"}],"wp:featuredmedia":[{"embeddable":true,"href":"https:\/\/ehrlichvietnam.vn\/en\/wp-json\/wp\/v2\/media\/4613"}],"wp:attachment":[{"href":"https:\/\/ehrlichvietnam.vn\/en\/wp-json\/wp\/v2\/media?parent=4612"}],"wp:term":[{"taxonomy":"product_brand","embeddable":true,"href":"https:\/\/ehrlichvietnam.vn\/en\/wp-json\/wp\/v2\/product_brand?post=4612"},{"taxonomy":"product_cat","embeddable":true,"href":"https:\/\/ehrlichvietnam.vn\/en\/wp-json\/wp\/v2\/product_cat?post=4612"},{"taxonomy":"product_tag","embeddable":true,"href":"https:\/\/ehrlichvietnam.vn\/en\/wp-json\/wp\/v2\/product_tag?post=4612"}],"curies":[{"name":"wp","href":"https:\/\/api.w.org\/{rel}","templated":true}]}}