{"id":4611,"date":"2026-04-06T04:02:02","date_gmt":"2026-04-06T04:02:02","guid":{"rendered":"https:\/\/ehrlichvietnam.vn\/?post_type=product&#038;p=4611"},"modified":"2026-04-14T01:32:56","modified_gmt":"2026-04-14T01:32:56","slug":"may-rua-bat-sms7gx86b-serial-7","status":"publish","type":"product","link":"https:\/\/ehrlichvietnam.vn\/may-rua-bat-sms7gx86b-serial-7\/","title":{"rendered":"M\u00e1y R\u1eeda B\u00e1t GRANDX SMS7GX86B Serial 7"},"content":{"rendered":"<h1 data-section-id=\"182fbv3\" data-start=\"63\" data-end=\"156\"><img loading=\"lazy\" decoding=\"async\" class=\"alignnone size-medium\" src=\"https:\/\/grandx.com.vn\/wp-content\/uploads\/2025\/07\/SMS7GX86G-02-1.jpg\" width=\"1920\" height=\"800\" \/><\/h1>\n<h1 data-section-id=\"skqtau\" data-start=\"198\" data-end=\"283\">M\u00c1Y R\u1eecA B\u00c1T GRANDX SMS7GX86B SERIAL 7 \u2013 GI\u1ea2I PH\u00d3NG \u0110\u00d4I TAY, N\u00c2NG T\u1ea6M KH\u00d4NG GIAN B\u1ebeP<\/h1>\n<h2 data-section-id=\"1wr1yp7\" data-start=\"285\" data-end=\"337\">Gi\u1edbi thi\u1ec7u t\u1ed5ng quan m\u00e1y r\u1eeda b\u00e1t GrandX SMS7GX86B<\/h2>\n<p data-start=\"338\" data-end=\"652\">Trong nh\u1ecbp s\u1ed1ng hi\u1ec7n \u0111\u1ea1i, vi\u1ec7c t\u1ed1i \u01b0u th\u1eddi gian v\u00e0 n\u00e2ng cao ch\u1ea5t l\u01b0\u1ee3ng cu\u1ed9c s\u1ed1ng l\u00e0 \u01b0u ti\u00ean h\u00e0ng \u0111\u1ea7u c\u1ee7a m\u1ed7i gia \u0111\u00ecnh. M\u00e1y r\u1eeda b\u00e1t GrandX SMS7GX86B Serial 7 ra \u0111\u1eddi nh\u01b0 m\u1ed9t gi\u1ea3i ph\u00e1p to\u00e0n di\u1ec7n, gi\u00fap b\u1ea1n gi\u1ea3i ph\u00f3ng kh\u1ecfi c\u00f4ng vi\u1ec7c r\u1eeda b\u00e1t th\u1ee7 c\u00f4ng, \u0111\u1ed3ng th\u1eddi mang l\u1ea1i kh\u00f4ng gian b\u1ebfp g\u1ecdn g\u00e0ng, s\u1ea1ch s\u1ebd v\u00e0 hi\u1ec7n \u0111\u1ea1i h\u01a1n.<\/p>\n<p data-start=\"654\" data-end=\"873\">S\u1edf h\u1eefu dung t\u00edch l\u1edbn <strong data-start=\"675\" data-end=\"692\">16 b\u1ed9 b\u00e1t \u0111\u0129a<\/strong>, c\u00f9ng h\u00e0ng lo\u1ea1t c\u00f4ng ngh\u1ec7 r\u1eeda ti\u00ean ti\u1ebfn, kh\u1ea3 n\u0103ng v\u1eadn h\u00e0nh \u00eam \u00e1i v\u00e0 ti\u1ebft ki\u1ec7m \u0111i\u1ec7n n\u01b0\u1edbc, GrandX SMS7GX86B l\u00e0 l\u1ef1a ch\u1ecdn l\u00fd t\u01b0\u1edfng cho gia \u0111\u00ecnh \u0111\u00f4ng ng\u01b0\u1eddi, nh\u00e0 ph\u1ed1 ho\u1eb7c c\u0103n h\u1ed9 cao c\u1ea5p.<\/p>\n<hr data-start=\"875\" data-end=\"878\" \/>\n<h2 data-section-id=\"128gr9q\" data-start=\"880\" data-end=\"931\">Thi\u1ebft k\u1ebf hi\u1ec7n \u0111\u1ea1i \u2013 Linh ho\u1ea1t cho m\u1ecdi kh\u00f4ng gian<\/h2>\n<p data-start=\"932\" data-end=\"1133\">M\u00e1y r\u1eeda b\u00e1t GrandX SMS7GX86B \u0111\u01b0\u1ee3c thi\u1ebft k\u1ebf theo phong c\u00e1ch t\u1ed1i gi\u1ea3n nh\u01b0ng kh\u00f4ng k\u00e9m ph\u1ea7n sang tr\u1ecdng. V\u1edbi b\u1ec1 m\u1eb7t ho\u00e0n thi\u1ec7n tinh t\u1ebf, s\u1ea3n ph\u1ea9m d\u1ec5 d\u00e0ng h\u00f2a h\u1ee3p v\u1edbi nhi\u1ec1u phong c\u00e1ch n\u1ed9i th\u1ea5t b\u1ebfp kh\u00e1c nhau.<\/p>\n<h3 data-section-id=\"1y4ry5y\" data-start=\"1135\" data-end=\"1162\">Linh ho\u1ea1t trong l\u1eafp \u0111\u1eb7t<\/h3>\n<ul data-start=\"1163\" data-end=\"1256\">\n<li data-section-id=\"33g2n1\" data-start=\"1163\" data-end=\"1213\">L\u1eafp \u00e2m t\u1ee7: Gi\u00fap kh\u00f4ng gian b\u1ebfp g\u1ecdn g\u00e0ng, \u0111\u1ed3ng b\u1ed9<\/li>\n<li data-section-id=\"1qtfvdn\" data-start=\"1214\" data-end=\"1256\">\u0110\u1eb7t \u0111\u1ed9c l\u1eadp: D\u1ec5 d\u00e0ng b\u1ed1 tr\u00ed theo nhu c\u1ea7u<\/li>\n<\/ul>\n<h3 data-section-id=\"1y8p97w\" data-start=\"1258\" data-end=\"1311\">Khoang r\u1eeda th\u00f4ng minh \u2013 T\u1ed1i \u01b0u kh\u00f4ng gian s\u1eed d\u1ee5ng<\/h3>\n<p data-start=\"1312\" data-end=\"1397\">B\u00ean trong m\u00e1y \u0111\u01b0\u1ee3c b\u1ed1 tr\u00ed <strong data-start=\"1338\" data-end=\"1361\">3 khay ch\u1ee9a c\u01a1 \u0111\u1ed9ng<\/strong>, gi\u00fap ng\u01b0\u1eddi d\u00f9ng s\u1eafp x\u1ebfp linh ho\u1ea1t:<\/p>\n<ul data-start=\"1398\" data-end=\"1535\">\n<li data-section-id=\"onwyx0\" data-start=\"1398\" data-end=\"1426\">Khay tr\u00ean: Ly, c\u1ed1c, \u0111\u1ed3 nh\u1ecf<\/li>\n<li data-section-id=\"n90lkb\" data-start=\"1427\" data-end=\"1448\">Khay gi\u1eefa: B\u00e1t, \u0111\u0129a<\/li>\n<li data-section-id=\"6j6xio\" data-start=\"1449\" data-end=\"1471\">Khay d\u01b0\u1edbi: N\u1ed3i, ch\u1ea3o<\/li>\n<li data-section-id=\"1pbpnck\" data-start=\"1472\" data-end=\"1535\">Gi\u1ecf ri\u00eang cho dao k\u00e9o: Tr\u00e1nh th\u1ea5t l\u1ea1c, t\u0103ng hi\u1ec7u qu\u1ea3 l\u00e0m s\u1ea1ch<\/li>\n<\/ul>\n<p data-start=\"1537\" data-end=\"1618\">\ud83d\udc49 Thi\u1ebft k\u1ebf n\u00e0y gi\u00fap t\u1ed1i \u01b0u kh\u00f4ng gian, ph\u00f9 h\u1ee3p c\u1ea3 khi r\u1eeda \u00edt ho\u1eb7c nhi\u1ec1u b\u00e1t \u0111\u0129a.<\/p>\n<hr data-start=\"1620\" data-end=\"1623\" \/>\n<h2 data-section-id=\"1ipowcz\" data-start=\"1625\" data-end=\"1683\">C\u00f4ng ngh\u1ec7 r\u1eeda hi\u1ec7n \u0111\u1ea1i \u2013 L\u00e0m s\u1ea1ch s\u00e2u, ti\u1ebft ki\u1ec7m t\u1ed1i \u0111a<\/h2>\n<h3 data-section-id=\"1s58tc7\" data-start=\"1685\" data-end=\"1731\">Dual Vortex Wash \u2013 R\u1eeda xo\u00e1y k\u00e9p \u00e1p l\u1ef1c cao<\/h3>\n<p data-start=\"1732\" data-end=\"1794\">M\u00e1y s\u1eed d\u1ee5ng h\u1ec7 th\u1ed1ng v\u00f2i phun \u0111a chi\u1ec1u, t\u1ea1o d\u00f2ng n\u01b0\u1edbc m\u1ea1nh m\u1ebd:<\/p>\n<ul data-start=\"1795\" data-end=\"1889\">\n<li data-section-id=\"in92jj\" data-start=\"1795\" data-end=\"1821\">\u0110\u00e1nh bay d\u1ea7u m\u1ee1 c\u1ee9ng \u0111\u1ea7u<\/li>\n<li data-section-id=\"s46tq1\" data-start=\"1822\" data-end=\"1858\">L\u00e0m s\u1ea1ch c\u1ea3 nh\u1eefng v\u1eadt d\u1ee5ng kh\u00f3 r\u1eeda<\/li>\n<li data-section-id=\"dtf8o0\" data-start=\"1859\" data-end=\"1889\">Kh\u00f4ng c\u1ea7n tr\u00e1ng l\u1ea1i b\u1eb1ng tay<\/li>\n<\/ul>\n<h3 data-section-id=\"1sn0bml\" data-start=\"1891\" data-end=\"1944\">Water Sensor Flowmeter \u2013 C\u1ea3m bi\u1ebfn n\u01b0\u1edbc th\u00f4ng minh<\/h3>\n<p data-start=\"1945\" data-end=\"2006\">C\u1ea3m bi\u1ebfn t\u1ef1 \u0111\u1ed9ng \u0111i\u1ec1u ch\u1ec9nh l\u01b0\u1ee3ng n\u01b0\u1edbc theo s\u1ed1 l\u01b0\u1ee3ng b\u00e1t \u0111\u0129a:<\/p>\n<ul data-start=\"2007\" data-end=\"2096\">\n<li data-section-id=\"xvt47q\" data-start=\"2007\" data-end=\"2060\">Ti\u1ebft ki\u1ec7m n\u01b0\u1edbc t\u1ed1i \u0111a (ch\u1ec9 kho\u1ea3ng <strong data-start=\"2043\" data-end=\"2059\">9.0L\/l\u1ea7n r\u1eeda<\/strong>)<\/li>\n<li data-section-id=\"1viiix0\" data-start=\"2061\" data-end=\"2096\">Gi\u1ea3m chi ph\u00ed sinh ho\u1ea1t h\u00e0ng th\u00e1ng<\/li>\n<\/ul>\n<h3 data-section-id=\"x8iba1\" data-start=\"2098\" data-end=\"2127\">\u0110\u00e8n chi\u1ebfu s\u00e1ng khoang r\u1eeda<\/h3>\n<p data-start=\"2128\" data-end=\"2146\">H\u1ed7 tr\u1ee3 ng\u01b0\u1eddi d\u00f9ng:<\/p>\n<ul data-start=\"2147\" data-end=\"2206\">\n<li data-section-id=\"1uqp7ff\" data-start=\"2147\" data-end=\"2175\">D\u1ec5 d\u00e0ng x\u1ebfp v\u00e0 l\u1ea5y b\u00e1t \u0111\u0129a<\/li>\n<li data-section-id=\"obp37y\" data-start=\"2176\" data-end=\"2206\">S\u1eed d\u1ee5ng ti\u1ec7n l\u1ee3i v\u00e0o ban \u0111\u00eam<\/li>\n<\/ul>\n<hr data-start=\"2208\" data-end=\"2211\" \/>\n<h2 data-section-id=\"19rlwsc\" data-start=\"2213\" data-end=\"2268\">\u0110\u1ed9ng c\u01a1 BLDC \u2013 V\u1eadn h\u00e0nh \u00eam \u00e1i, b\u1ec1n b\u1ec9 theo th\u1eddi gian<\/h2>\n<p data-start=\"2269\" data-end=\"2392\">M\u1ed9t trong nh\u1eefng \u0111i\u1ec3m n\u1ed5i b\u1eadt nh\u1ea5t c\u1ee7a GrandX SMS7GX86B l\u00e0 \u0111\u1ed9ng c\u01a1 <strong data-start=\"2335\" data-end=\"2360\">Synchronous DUAL BLDC<\/strong> t\u00edch h\u1ee3p c\u00f4ng ngh\u1ec7 Eco Silence:<\/p>\n<ul data-start=\"2394\" data-end=\"2531\">\n<li data-section-id=\"1403qk4\" data-start=\"2394\" data-end=\"2420\">\u0110\u1ed9 \u1ed3n th\u1ea5p ch\u1ec9 <strong data-start=\"2411\" data-end=\"2420\">\u226445dB<\/strong><\/li>\n<li data-section-id=\"nc3lwv\" data-start=\"2421\" data-end=\"2468\">Gi\u1ea3m t\u1edbi 60% ti\u1ebfng \u1ed3n so v\u1edbi m\u00e1y th\u00f4ng th\u01b0\u1eddng<\/li>\n<li data-section-id=\"1tw1hyb\" data-start=\"2469\" data-end=\"2498\">Ti\u1ebft ki\u1ec7m \u0111\u1ebfn 50% \u0111i\u1ec7n n\u0103ng<\/li>\n<li data-section-id=\"1rxh2y8\" data-start=\"2499\" data-end=\"2531\">Ho\u1ea1t \u0111\u1ed9ng b\u1ec1n b\u1ec9, tu\u1ed5i th\u1ecd cao<\/li>\n<\/ul>\n<p data-start=\"2533\" data-end=\"2614\">\ud83d\udc49 B\u1ea1n c\u00f3 th\u1ec3 v\u1eadn h\u00e0nh m\u00e1y v\u00e0o ban \u0111\u00eam m\u00e0 kh\u00f4ng \u1ea3nh h\u01b0\u1edfng \u0111\u1ebfn sinh ho\u1ea1t gia \u0111\u00ecnh.<\/p>\n<hr data-start=\"2616\" data-end=\"2619\" \/>\n<h2 data-section-id=\"1pci70j\" data-start=\"2621\" data-end=\"2675\">9 ch\u01b0\u01a1ng tr\u00ecnh r\u1eeda chuy\u00ean s\u00e2u \u2013 \u0110\u00e1p \u1ee9ng m\u1ecdi nhu c\u1ea7u<\/h2>\n<p data-start=\"2676\" data-end=\"2753\">M\u00e1y \u0111\u01b0\u1ee3c t\u00edch h\u1ee3p <strong data-start=\"2694\" data-end=\"2721\">9 ch\u1ebf \u0111\u1ed9 r\u1eeda th\u00f4ng minh<\/strong>, ph\u00f9 h\u1ee3p v\u1edbi t\u1eebng lo\u1ea1i b\u00e1t \u0111\u0129a:<\/p>\n<ul data-start=\"2755\" data-end=\"3081\">\n<li data-section-id=\"kqldcy\" data-start=\"2755\" data-end=\"2795\"><strong data-start=\"2757\" data-end=\"2771\">AI 60\u201370\u00b0C<\/strong>: R\u1eeda t\u1ef1 \u0111\u1ed9ng th\u00f4ng minh<\/li>\n<li data-section-id=\"1sc4klr\" data-start=\"2796\" data-end=\"2831\"><strong data-start=\"2798\" data-end=\"2816\">Normal 60\u201370\u00b0C<\/strong>: R\u1eeda h\u00e0ng ng\u00e0y<\/li>\n<li data-section-id=\"18mtlm8\" data-start=\"2832\" data-end=\"2870\"><strong data-start=\"2834\" data-end=\"2849\">ECO 50\u201370\u00b0C<\/strong>: Ti\u1ebft ki\u1ec7m \u0111i\u1ec7n n\u01b0\u1edbc<\/li>\n<li data-section-id=\"1pbpyqo\" data-start=\"2871\" data-end=\"2901\"><strong data-start=\"2873\" data-end=\"2890\">Rapid 35\u201350\u00b0C<\/strong>: R\u1eeda nhanh<\/li>\n<li data-section-id=\"1iy6neo\" data-start=\"2902\" data-end=\"2952\"><strong data-start=\"2904\" data-end=\"2919\">R\u1eeda 90 ph\u00fat<\/strong>: C\u00e2n b\u1eb1ng gi\u1eefa s\u1ea1ch v\u00e0 th\u1eddi gian<\/li>\n<li data-section-id=\"1oifo69\" data-start=\"2953\" data-end=\"2986\"><strong data-start=\"2955\" data-end=\"2972\">Glass 50\u201360\u00b0C<\/strong>: \u0110\u1ed3 th\u1ee7y tinh<\/li>\n<li data-section-id=\"sels56\" data-start=\"2987\" data-end=\"3017\"><strong data-start=\"2989\" data-end=\"3005\">Hygiene 72\u00b0C<\/strong>: Di\u1ec7t khu\u1ea9n<\/li>\n<li data-section-id=\"1dyo018\" data-start=\"3018\" data-end=\"3040\"><strong data-start=\"3020\" data-end=\"3028\">Soak<\/strong>: Ng\u00e2m tr\u01b0\u1edbc<\/li>\n<li data-section-id=\"1c22m3z\" data-start=\"3041\" data-end=\"3081\"><strong data-start=\"3043\" data-end=\"3065\">Self-Cleaning 70\u00b0C<\/strong>: T\u1ef1 v\u1ec7 sinh m\u00e1y<\/li>\n<\/ul>\n<p data-start=\"3083\" data-end=\"3153\">\ud83d\udc49 Gi\u00fap b\u1ea1n ch\u1ee7 \u0111\u1ed9ng l\u1ef1a ch\u1ecdn ch\u1ebf \u0111\u1ed9 ph\u00f9 h\u1ee3p v\u1edbi t\u1eebng nhu c\u1ea7u s\u1eed d\u1ee5ng.<\/p>\n<hr data-start=\"3155\" data-end=\"3158\" \/>\n<h2 data-section-id=\"7xm5bk\" data-start=\"3160\" data-end=\"3215\">T\u00ednh n\u0103ng n\u00e2ng cao \u2013 Tr\u1ea3i nghi\u1ec7m ti\u1ec7n nghi v\u01b0\u1ee3t tr\u1ed9i<\/h2>\n<h3 data-section-id=\"mvd5yc\" data-start=\"3217\" data-end=\"3247\">72h Fresh \u2013 Drying Storage<\/h3>\n<ul data-start=\"3248\" data-end=\"3333\">\n<li data-section-id=\"1si9x3b\" data-start=\"3248\" data-end=\"3267\">S\u1ea5y b\u1eb1ng kh\u00ed n\u00f3ng<\/li>\n<li data-section-id=\"wdq1x5\" data-start=\"3268\" data-end=\"3307\">Gi\u1eef b\u00e1t \u0111\u0129a s\u1ea1ch khu\u1ea9n \u0111\u1ebfn <strong data-start=\"3297\" data-end=\"3307\">72 gi\u1edd<\/strong><\/li>\n<li data-section-id=\"1n8epaj\" data-start=\"3308\" data-end=\"3333\">Ng\u0103n n\u1ea5m m\u1ed1c v\u00e0 m\u00f9i h\u00f4i<\/li>\n<\/ul>\n<h3 data-section-id=\"13pwok6\" data-start=\"3335\" data-end=\"3368\">Extra Drying \u2013 S\u1ea5y t\u0103ng c\u01b0\u1eddng<\/h3>\n<p data-start=\"3369\" data-end=\"3410\">T\u0103ng hi\u1ec7u qu\u1ea3 l\u00e0m kh\u00f4, h\u1ea1n ch\u1ebf n\u01b0\u1edbc \u0111\u1ecdng.<\/p>\n<h3 data-section-id=\"1kyr3zo\" data-start=\"3412\" data-end=\"3428\">Turbo Speed+<\/h3>\n<ul data-start=\"3429\" data-end=\"3483\">\n<li data-section-id=\"4hylsb\" data-start=\"3429\" data-end=\"3453\">R\u00fat ng\u1eafn th\u1eddi gian r\u1eeda<\/li>\n<li data-section-id=\"nhsc6u\" data-start=\"3454\" data-end=\"3483\">Ph\u00f9 h\u1ee3p khi c\u1ea7n s\u1eed d\u1ee5ng g\u1ea5p<\/li>\n<\/ul>\n<h3 data-section-id=\"1drnqfo\" data-start=\"3485\" data-end=\"3508\">Ecowash \u2013 Half Load<\/h3>\n<ul data-start=\"3509\" data-end=\"3558\">\n<li data-section-id=\"1tuocui\" data-start=\"3509\" data-end=\"3522\">R\u1eeda n\u1eeda t\u1ea3i<\/li>\n<li data-section-id=\"59pfbn\" data-start=\"3523\" data-end=\"3558\">Ti\u1ebft ki\u1ec7m \u0111i\u1ec7n v\u00e0 n\u01b0\u1edbc khi \u00edt b\u00e1t<\/li>\n<\/ul>\n<h3 data-section-id=\"17de319\" data-start=\"3560\" data-end=\"3595\">Delay Start \u2013 H\u1eb9n gi\u1edd linh ho\u1ea1t<\/h3>\n<p data-start=\"3596\" data-end=\"3657\">Cho ph\u00e9p c\u00e0i \u0111\u1eb7t t\u1eeb <strong data-start=\"3616\" data-end=\"3628\">1\u201324 gi\u1edd<\/strong>, ph\u00f9 h\u1ee3p v\u1edbi l\u1ecbch sinh ho\u1ea1t.<\/p>\n<h3 data-section-id=\"r4z4vr\" data-start=\"3659\" data-end=\"3692\">L\u01b0u ch\u01b0\u01a1ng tr\u00ecnh khi m\u1ea5t \u0111i\u1ec7n<\/h3>\n<p data-start=\"3693\" data-end=\"3744\">M\u00e1y t\u1ef1 \u0111\u1ed9ng ti\u1ebfp t\u1ee5c chu tr\u00ecnh khi c\u00f3 \u0111i\u1ec7n tr\u1edf l\u1ea1i.<\/p>\n<hr data-start=\"3746\" data-end=\"3749\" \/>\n<h2 data-section-id=\"zl9l4g\" data-start=\"3751\" data-end=\"3802\">H\u1ec7 th\u1ed1ng an to\u00e0n to\u00e0n di\u1ec7n \u2013 B\u1ea3o v\u1ec7 gia \u0111\u00ecnh b\u1ea1n<\/h2>\n<p data-start=\"3804\" data-end=\"3864\">GrandX SMS7GX86B \u0111\u01b0\u1ee3c trang b\u1ecb \u0111\u1ea7y \u0111\u1ee7 c\u00e1c t\u00ednh n\u0103ng an to\u00e0n:<\/p>\n<ul data-start=\"3866\" data-end=\"4016\">\n<li data-section-id=\"pv24uv\" data-start=\"3866\" data-end=\"3895\"><strong data-start=\"3868\" data-end=\"3882\">Child Lock<\/strong>: Kh\u00f3a tr\u1ebb em<\/li>\n<li data-section-id=\"15j2bf3\" data-start=\"3896\" data-end=\"3940\"><strong data-start=\"3898\" data-end=\"3911\">Aqua Stop<\/strong>: Ng\u1eaft n\u01b0\u1edbc t\u1ef1 \u0111\u1ed9ng khi r\u00f2 r\u1ec9<\/li>\n<li data-section-id=\"12a45om\" data-start=\"3941\" data-end=\"3983\"><strong data-start=\"3943\" data-end=\"3967\">Ch\u1ed1ng tr\u00e0n &amp; r\u00f2 n\u01b0\u1edbc<\/strong>: B\u1ea3o v\u1ec7 s\u00e0n b\u1ebfp<\/li>\n<li data-section-id=\"1gir9wt\" data-start=\"3984\" data-end=\"4016\"><strong data-start=\"3986\" data-end=\"3997\">UV Tech<\/strong>: Di\u1ec7t khu\u1ea9n 99,99%<\/li>\n<\/ul>\n<p data-start=\"4018\" data-end=\"4074\">\ud83d\udc49 Mang l\u1ea1i s\u1ef1 an t\u00e2m tuy\u1ec7t \u0111\u1ed1i trong qu\u00e1 tr\u00ecnh s\u1eed d\u1ee5ng.<\/p>\n<hr data-start=\"4076\" data-end=\"4079\" \/>\n<h2 data-section-id=\"qk9ydu\" data-start=\"4081\" data-end=\"4130\">Th\u00f4ng s\u1ed1 k\u1ef9 thu\u1eadt m\u00e1y r\u1eeda b\u00e1t GrandX SMS7GX86B<\/h2>\n<ul data-start=\"4132\" data-end=\"4513\">\n<li data-section-id=\"78xndv\" data-start=\"4132\" data-end=\"4155\">Th\u01b0\u01a1ng hi\u1ec7u: GrandX<\/li>\n<li data-section-id=\"y81qmg\" data-start=\"4156\" data-end=\"4177\">Xu\u1ea5t x\u1ee9: Th\u00e1i Lan<\/li>\n<li data-section-id=\"1gv1wru\" data-start=\"4178\" data-end=\"4206\">Dung t\u00edch: 16 b\u1ed9 b\u00e1t \u0111\u0129a<\/li>\n<li data-section-id=\"5mwz7k\" data-start=\"4207\" data-end=\"4234\">S\u1ed1 khay: 3 khay c\u01a1 \u0111\u1ed9ng<\/li>\n<li data-section-id=\"ovrgpx\" data-start=\"4235\" data-end=\"4251\">\u0110\u1ed9 \u1ed3n: \u226445dB<\/li>\n<li data-section-id=\"6nxskx\" data-start=\"4252\" data-end=\"4283\">Ti\u00eau chu\u1ea9n n\u0103ng l\u01b0\u1ee3ng: A+++<\/li>\n<li data-section-id=\"llxmhj\" data-start=\"4284\" data-end=\"4309\">Hi\u1ec7u qu\u1ea3 r\u1eeda: Class A<\/li>\n<li data-section-id=\"mb2oiu\" data-start=\"4310\" data-end=\"4335\">Hi\u1ec7u qu\u1ea3 s\u1ea5y: Class A<\/li>\n<li data-section-id=\"1o5b9l4\" data-start=\"4336\" data-end=\"4364\">\u0110i\u1ec7n \u00e1p: 220\u2013240V \/ 50Hz<\/li>\n<li data-section-id=\"1vhxlnk\" data-start=\"4365\" data-end=\"4400\">Ti\u00eau th\u1ee5 \u0111i\u1ec7n: ~0.8 kWh\/l\u1ea7n r\u1eeda<\/li>\n<li data-section-id=\"8xenvw\" data-start=\"4401\" data-end=\"4439\">Ti\u00eau th\u1ee5 n\u01b0\u1edbc: t\u1ed1i \u0111a 9.0L\/l\u1ea7n r\u1eeda<\/li>\n<li data-section-id=\"1d55oni\" data-start=\"4440\" data-end=\"4465\">\u00c1p su\u1ea5t n\u01b0\u1edbc: 0.3 bar<\/li>\n<li data-section-id=\"12s75cf\" data-start=\"4466\" data-end=\"4513\">B\u1ea3o h\u00e0nh:\n<ul data-start=\"4480\" data-end=\"4513\">\n<li data-section-id=\"1k18kfi\" data-start=\"4480\" data-end=\"4496\">Motor: 7 n\u0103m<\/li>\n<li data-section-id=\"ey08k3\" data-start=\"4499\" data-end=\"4513\">M\u00e1y: 4 n\u0103m<\/li>\n<\/ul>\n<\/li>\n<\/ul>\n<hr data-start=\"4515\" data-end=\"4518\" \/>\n<h2 data-section-id=\"12r74kx\" data-start=\"4520\" data-end=\"4559\">Gi\u00e1 b\u00e1n m\u00e1y r\u1eeda b\u00e1t GrandX SMS7GX86B<\/h2>\n<p data-start=\"4560\" data-end=\"4610\">Hi\u1ec7n t\u1ea1i, s\u1ea3n ph\u1ea9m \u0111ang c\u00f3 m\u1ee9c gi\u00e1 c\u1ef1c k\u1ef3 h\u1ea5p d\u1eabn:<\/p>\n<ul data-start=\"4612\" data-end=\"4675\">\n<li data-section-id=\"gnnk1n\" data-start=\"4612\" data-end=\"4645\">Gi\u00e1 ni\u00eam y\u1ebft: <strong data-start=\"4628\" data-end=\"4643\">26.980.000\u0111<\/strong><\/li>\n<li data-section-id=\"dxoohm\" data-start=\"4646\" data-end=\"4675\">Gi\u00e1 \u01b0u \u0111\u00e3i: <strong data-start=\"4660\" data-end=\"4675\">17.538.000\u0111<\/strong><\/li>\n<\/ul>\n<p data-start=\"4677\" data-end=\"4795\">\ud83d\udc49 \u0110\u00e2y l\u00e0 m\u1ee9c gi\u00e1 r\u1ea5t c\u1ea1nh tranh trong ph\u00e2n kh\u00fac m\u00e1y r\u1eeda b\u00e1t cao c\u1ea5p, ph\u00f9 h\u1ee3p v\u1edbi c\u1ea3 kh\u00e1ch h\u00e0ng c\u00e1 nh\u00e2n v\u00e0 ch\u1ee7 \u0111\u1ea7u t\u01b0.<\/p>\n<hr data-start=\"4797\" data-end=\"4800\" \/>\n<h2 data-section-id=\"108tafd\" data-start=\"4802\" data-end=\"4850\">V\u00ec sao n\u00ean ch\u1ecdn m\u00e1y r\u1eeda b\u00e1t GrandX SMS7GX86B?<\/h2>\n<p data-start=\"4851\" data-end=\"5111\">\u2714 Thi\u1ebft k\u1ebf hi\u1ec7n \u0111\u1ea1i, ph\u00f9 h\u1ee3p m\u1ecdi kh\u00f4ng gian<br data-start=\"4894\" data-end=\"4897\" \/>\u2714 Dung t\u00edch l\u1edbn \u2013 r\u1eeda \u0111\u01b0\u1ee3c nhi\u1ec1u b\u00e1t \u0111\u0129a<br data-start=\"4937\" data-end=\"4940\" \/>\u2714 C\u00f4ng ngh\u1ec7 r\u1eeda m\u1ea1nh m\u1ebd \u2013 s\u1ea1ch s\u00e2u<br data-start=\"4974\" data-end=\"4977\" \/>\u2714 Ti\u1ebft ki\u1ec7m \u0111i\u1ec7n n\u01b0\u1edbc t\u1ed1i \u01b0u<br data-start=\"5005\" data-end=\"5008\" \/>\u2714 V\u1eadn h\u00e0nh \u00eam \u00e1i \u2013 kh\u00f4ng g\u00e2y \u1ed3n<br data-start=\"5039\" data-end=\"5042\" \/>\u2714 Nhi\u1ec1u ch\u1ebf \u0111\u1ed9 \u2013 d\u1ec5 s\u1eed d\u1ee5ng<br data-start=\"5069\" data-end=\"5072\" \/>\u2714 An to\u00e0n tuy\u1ec7t \u0111\u1ed1i \u2013 b\u1ea3o v\u1ec7 gia \u0111\u00ecnh<\/p>\n<hr data-start=\"5113\" data-end=\"5116\" \/>\n<h2 data-section-id=\"11x5u5b\" data-start=\"5118\" data-end=\"5129\">K\u1ebft lu\u1eadn<\/h2>\n<p data-start=\"5130\" data-end=\"5423\">M\u00e1y r\u1eeda b\u00e1t GrandX SMS7GX86B Serial 7 kh\u00f4ng ch\u1ec9 l\u00e0 thi\u1ebft b\u1ecb gia d\u1ee5ng m\u00e0 c\u00f2n l\u00e0 \u201ctr\u1ee3 l\u00fd b\u1ebfp th\u00f4ng minh\u201d, gi\u00fap b\u1ea1n ti\u1ebft ki\u1ec7m th\u1eddi gian, c\u00f4ng s\u1ee9c v\u00e0 n\u00e2ng cao ch\u1ea5t l\u01b0\u1ee3ng cu\u1ed9c s\u1ed1ng. V\u1edbi thi\u1ebft k\u1ebf \u0111\u1eb9p, c\u00f4ng ngh\u1ec7 hi\u1ec7n \u0111\u1ea1i v\u00e0 m\u1ee9c gi\u00e1 h\u1ee3p l\u00fd, \u0111\u00e2y ch\u1eafc ch\u1eafn l\u00e0 l\u1ef1a ch\u1ecdn \u0111\u00e1ng \u0111\u1ea7u t\u01b0 cho m\u1ecdi gia \u0111\u00ecnh Vi\u1ec7t.<\/p>\n<p data-start=\"4866\" data-end=\"4979\"><strong data-start=\"4866\" data-end=\"4917\">Ehrlich Vi\u1ec7t Nam \u2013 Thi\u1ebft B\u1ecb Nh\u00e0 B\u1ebfp &amp; Ph\u00f2ng T\u1eafm<\/strong><br data-start=\"4917\" data-end=\"4920\" \/>\ud83d\udccd\u00a0\u0110\u1ecba ch\u1ec9: S\u1ed1 6 Li\u1ec1n K\u1ec1 22, K\u0110T V\u0103n Kh\u00ea, H\u00e0 \u0110\u00f4ng, H\u00e0 N\u1ed9i<\/p>\n<p data-start=\"4981\" data-end=\"5105\">\ud83c\udf10\u00a0Website:\u00a0<a class=\"decorated-link\" href=\"https:\/\/ehrlichvietnam.vn\/\" target=\"_new\" rel=\"noopener\" data-start=\"4993\" data-end=\"5019\">https:\/\/ehrlichvietnam.vn\/<\/a><br data-start=\"5019\" data-end=\"5022\" \/>\ud83d\udcde\u00a0Hotline:\u00a0<strong data-start=\"5034\" data-end=\"5051\">0932 27 05 20<\/strong><br data-start=\"5051\" data-end=\"5054\" \/>\ud83d\udcac\u00a0Zalo OA:\u00a0<a class=\"decorated-link\" href=\"https:\/\/zalo.me\/s\/2888141157129558325\" target=\"_new\" rel=\"noopener\" data-start=\"5066\" data-end=\"5103\">https:\/\/zalo.me\/s\/2888141157129558325<\/a><\/p>\n<p data-start=\"5107\" data-end=\"5218\">\ud83c\udfa5\u00a0TikTok:\u00a0<a class=\"decorated-link\" href=\"https:\/\/www.tiktok.com\/@ehrlich.chia.s?_r=1\" target=\"_new\" rel=\"noopener\" data-start=\"5118\" data-end=\"5162\">https:\/\/www.tiktok.com\/@ehrlichthietbivesinh<\/a><br data-start=\"5162\" data-end=\"5165\" \/>\u25b6\ufe0f\u00a0YouTube:\u00a0<a class=\"decorated-link\" href=\"https:\/\/www.youtube.com\/@EhrlichVietNam\" target=\"_new\" rel=\"noopener\" data-start=\"5177\" data-end=\"5216\">https:\/\/www.youtube.com\/@EhrlichVietNam<\/a><\/p>\n<p data-start=\"5220\" data-end=\"5265\">\ud83d\ude9a\u00a0Giao h\u00e0ng to\u00e0n qu\u1ed1c \u2013 t\u01b0 v\u1ea5n nhanh ch\u00f3ng<\/p>\n<p data-start=\"5267\" data-end=\"5313\">\ud83d\udc49\u00a0<strong data-start=\"5270\" data-end=\"5313\">Inbox ngay \u0111\u1ec3 nh\u1eadn \u01b0u \u0111\u00e3i th\u00eam h\u00f4m nay!<\/strong><\/p>\n","protected":false},"excerpt":{"rendered":"<section class=\"text-token-text-primary w-full focus:outline-none [--shadow-height:45px] has-data-writing-block:pointer-events-none has-data-writing-block:-mt-(--shadow-height) has-data-writing-block:pt-(--shadow-height) [&amp;:has([data-writing-block])&gt;*]:pointer-events-auto scroll-mt-(--header-height)\" dir=\"auto\" data-turn-id=\"3fc702c2-11ab-4a63-b05d-9e313d8b4583\" data-testid=\"conversation-turn-23\" data-scroll-anchor=\"false\" data-turn=\"user\"><\/section>\n<section class=\"text-token-text-primary w-full focus:outline-none [--shadow-height:45px] has-data-writing-block:pointer-events-none has-data-writing-block:-mt-(--shadow-height) has-data-writing-block:pt-(--shadow-height) [&amp;:has([data-writing-block])&gt;*]:pointer-events-auto scroll-mt-[calc(var(--header-height)+min(200px,max(70px,20svh)))]\" dir=\"auto\" data-turn-id=\"request-69ce151f-1ea0-8324-b410-9fcaf5577154-15\" data-testid=\"conversation-turn-24\" data-scroll-anchor=\"true\" data-turn=\"assistant\">\n<div class=\"text-base my-auto mx-auto pb-10 [--thread-content-margin:var(--thread-content-margin-xs,calc(var(--spacing)*4))] @w-sm\/main:[--thread-content-margin:var(--thread-content-margin-sm,calc(var(--spacing)*6))] @w-lg\/main:[--thread-content-margin:var(--thread-content-margin-lg,calc(var(--spacing)*16))] px-(--thread-content-margin)\">\n<div class=\"[--thread-content-max-width:40rem] @w-lg\/main:[--thread-content-max-width:48rem] mx-auto max-w-(--thread-content-max-width) flex-1 group\/turn-messages focus-visible:outline-hidden relative flex w-full min-w-0 flex-col agent-turn\">\n<div class=\"flex max-w-full flex-col gap-4 grow\">\n<div class=\"min-h-8 text-message relative flex w-full flex-col items-end gap-2 text-start break-words whitespace-normal outline-none keyboard-focused:focus-ring [.text-message+&amp;]:mt-1\" dir=\"auto\" tabindex=\"0\" data-message-author-role=\"assistant\" data-message-id=\"55ee4550-a75d-415c-8dc3-36720c07631a\" data-turn-start-message=\"true\" data-message-model-slug=\"gpt-5-3\">\n<div class=\"flex w-full flex-col gap-1 empty:hidden\">\n<div class=\"markdown prose dark:prose-invert w-full wrap-break-word light markdown-new-styling\">\n<p data-start=\"0\" data-end=\"322\"><strong data-start=\"0\" data-end=\"23\">M\u00e1y r\u1eeda b\u00e1t Ehrlich<\/strong> l\u00e0 d\u00f2ng thi\u1ebft b\u1ecb nh\u00e0 b\u1ebfp hi\u1ec7n \u0111\u1ea1i, \u0111\u01b0\u1ee3c thi\u1ebft k\u1ebf theo phong c\u00e1ch ch\u00e2u \u00c2u, mang \u0111\u1ebfn gi\u1ea3i ph\u00e1p r\u1eeda b\u00e1t t\u1ef1 \u0111\u1ed9ng ti\u1ec7n l\u1ee3i, ti\u1ebft ki\u1ec7m th\u1eddi gian v\u00e0 c\u00f4ng s\u1ee9c cho ng\u01b0\u1eddi d\u00f9ng. S\u1ea3n ph\u1ea9m n\u1ed5i b\u1eadt v\u1edbi kh\u1ea3 n\u0103ng <strong data-start=\"221\" data-end=\"273\">r\u1eeda s\u1ea1ch s\u00e2u, s\u1ea5y kh\u00f4 hi\u1ec7u qu\u1ea3 v\u00e0 v\u1eadn h\u00e0nh \u00eam \u00e1i<\/strong>, gi\u00fap \u0111\u1ea3m b\u1ea3o v\u1ec7 sinh v\u00e0 an to\u00e0n cho gia \u0111\u00ecnh.<\/p>\n<p data-start=\"324\" data-end=\"674\">M\u00e1y th\u01b0\u1eddng \u0111\u01b0\u1ee3c trang b\u1ecb <strong data-start=\"349\" data-end=\"421\">dung t\u00edch l\u1edbn, nhi\u1ec1u khay linh ho\u1ea1t, c\u00f4ng ngh\u1ec7 ti\u1ebft ki\u1ec7m \u0111i\u1ec7n \u2013 n\u01b0\u1edbc<\/strong>, ph\u00f9 h\u1ee3p v\u1edbi nhu c\u1ea7u s\u1eed d\u1ee5ng c\u1ee7a c\u00e1c gia \u0111\u00ecnh hi\u1ec7n \u0111\u1ea1i. Ngo\u00e0i ra, c\u00e1c d\u00f2ng m\u00e1y r\u1eeda b\u00e1t hi\u1ec7n nay c\u00f2n ch\u00fa tr\u1ecdng \u0111\u1ebfn <strong data-start=\"536\" data-end=\"588\">hi\u1ec7u su\u1ea5t l\u00e0m s\u1ea1ch, \u0111\u1ed9 \u1ed3n th\u1ea5p v\u00e0 \u0111\u1ed9 b\u1ec1n l\u00e2u d\u00e0i<\/strong>, gi\u00fap ng\u01b0\u1eddi d\u00f9ng y\u00ean t\u00e2m khi s\u1eed d\u1ee5ng l\u00e2u d\u00e0i .<\/p>\n<p data-start=\"676\" data-end=\"832\">Kh\u00f4ng ch\u1ec9 l\u00e0 thi\u1ebft b\u1ecb h\u1ed7 tr\u1ee3 n\u1ed9i tr\u1ee3, m\u00e1y r\u1eeda b\u00e1t Ehrlich c\u00f2n g\u00f3p ph\u1ea7n n\u00e2ng t\u1ea7m kh\u00f4ng gian b\u1ebfp, mang l\u1ea1i s\u1ef1 ti\u1ec7n nghi, sang tr\u1ecdng v\u00e0 hi\u1ec7n \u0111\u1ea1i cho cu\u1ed9c s\u1ed1ng.<\/p>\n<\/div>\n<\/div>\n<\/div>\n<\/div>\n<\/div>\n<\/div>\n<\/section>\n","protected":false},"featured_media":4593,"comment_status":"open","ping_status":"closed","template":"","meta":{"_acf_changed":false},"product_brand":[],"product_cat":[15,44,134],"product_tag":[],"class_list":{"0":"post-4611","1":"product","2":"type-product","3":"status-publish","4":"has-post-thumbnail","6":"product_cat-san-pham","7":"product_cat-thiet-bi-phong-bep","8":"product_cat-may-rua-bat","10":"first","11":"outofstock","12":"sale","13":"shipping-taxable","14":"product-type-simple"},"acf":[],"_links":{"self":[{"href":"https:\/\/ehrlichvietnam.vn\/en\/wp-json\/wp\/v2\/product\/4611","targetHints":{"allow":["GET"]}}],"collection":[{"href":"https:\/\/ehrlichvietnam.vn\/en\/wp-json\/wp\/v2\/product"}],"about":[{"href":"https:\/\/ehrlichvietnam.vn\/en\/wp-json\/wp\/v2\/types\/product"}],"replies":[{"embeddable":true,"href":"https:\/\/ehrlichvietnam.vn\/en\/wp-json\/wp\/v2\/comments?post=4611"}],"wp:featuredmedia":[{"embeddable":true,"href":"https:\/\/ehrlichvietnam.vn\/en\/wp-json\/wp\/v2\/media\/4593"}],"wp:attachment":[{"href":"https:\/\/ehrlichvietnam.vn\/en\/wp-json\/wp\/v2\/media?parent=4611"}],"wp:term":[{"taxonomy":"product_brand","embeddable":true,"href":"https:\/\/ehrlichvietnam.vn\/en\/wp-json\/wp\/v2\/product_brand?post=4611"},{"taxonomy":"product_cat","embeddable":true,"href":"https:\/\/ehrlichvietnam.vn\/en\/wp-json\/wp\/v2\/product_cat?post=4611"},{"taxonomy":"product_tag","embeddable":true,"href":"https:\/\/ehrlichvietnam.vn\/en\/wp-json\/wp\/v2\/product_tag?post=4611"}],"curies":[{"name":"wp","href":"https:\/\/api.w.org\/{rel}","templated":true}]}}