{"id":4608,"date":"2026-04-06T03:34:40","date_gmt":"2026-04-06T03:34:40","guid":{"rendered":"https:\/\/ehrlichvietnam.vn\/?post_type=product&#038;p=4608"},"modified":"2026-04-14T01:33:01","modified_gmt":"2026-04-14T01:33:01","slug":"may-rua-bat-sms8gx89g-serial-8","status":"publish","type":"product","link":"https:\/\/ehrlichvietnam.vn\/may-rua-bat-sms8gx89g-serial-8\/","title":{"rendered":"M\u00e1y R\u1eeda B\u00e1t GRANDX SMS8GX89G Serial 8"},"content":{"rendered":"<h1 data-section-id=\"182fbv3\" data-start=\"63\" data-end=\"156\"><img loading=\"lazy\" decoding=\"async\" class=\"alignnone size-medium\" src=\"https:\/\/grandx.com.vn\/wp-content\/uploads\/2025\/01\/1920X800-9.jpg\" width=\"1920\" height=\"800\" \/><\/h1>\n<h1 data-section-id=\"1b1alio\" data-start=\"183\" data-end=\"275\">M\u00c1Y R\u1eecA B\u00c1T GRANDX SMS8GX89G SERIAL 8 \u2013 GI\u1ea2I PH\u00c1P NH\u00c0 B\u1ebeP HI\u1ec6N \u0110\u1ea0I, TI\u1ebeT KI\u1ec6M V\u00c0 TI\u1ec6N NGHI<\/h1>\n<h2 data-section-id=\"1s9qlim\" data-start=\"277\" data-end=\"329\">Gi\u1edbi thi\u1ec7u t\u1ed5ng quan m\u00e1y r\u1eeda b\u00e1t GrandX SMS8GX89G<\/h2>\n<p data-start=\"330\" data-end=\"682\">M\u00e1y r\u1eeda b\u00e1t GrandX SMS8GX89G Serial 8 l\u00e0 d\u00f2ng m\u00e1y cao c\u1ea5p \u0111\u01b0\u1ee3c thi\u1ebft k\u1ebf d\u00e0nh ri\u00eang cho nh\u1eefng gia \u0111\u00ecnh hi\u1ec7n \u0111\u1ea1i, \u0111\u1ec1 cao s\u1ef1 ti\u1ec7n nghi, ti\u1ebft ki\u1ec7m v\u00e0 t\u00ednh th\u1ea9m m\u1ef9 trong kh\u00f4ng gian b\u1ebfp. V\u1edbi dung t\u00edch l\u1edbn l\u00ean t\u1edbi <strong data-start=\"537\" data-end=\"554\">16 b\u1ed9 b\u00e1t \u0111\u0129a<\/strong>, c\u00f9ng h\u00e0ng lo\u1ea1t c\u00f4ng ngh\u1ec7 ti\u00ean ti\u1ebfn, s\u1ea3n ph\u1ea9m kh\u00f4ng ch\u1ec9 gi\u00fap gi\u1ea3i ph\u00f3ng s\u1ee9c lao \u0111\u1ed9ng m\u00e0 c\u00f2n n\u00e2ng t\u1ea7m tr\u1ea3i nghi\u1ec7m s\u1ed1ng m\u1ed7i ng\u00e0y.<\/p>\n<p data-start=\"684\" data-end=\"845\">S\u1edf h\u1eefu thi\u1ebft k\u1ebf sang tr\u1ecdng, v\u1eadn h\u00e0nh \u00eam \u00e1i v\u00e0 kh\u1ea3 n\u0103ng l\u00e0m s\u1ea1ch v\u01b0\u1ee3t tr\u1ed9i, GrandX SMS8GX89G \u0111ang tr\u1edf th\u00e0nh l\u1ef1a ch\u1ecdn h\u00e0ng \u0111\u1ea7u trong ph\u00e2n kh\u00fac m\u00e1y r\u1eeda b\u00e1t cao c\u1ea5p.<\/p>\n<hr data-start=\"847\" data-end=\"850\" \/>\n<p><img loading=\"lazy\" decoding=\"async\" class=\"size-medium alignleft\" src=\"https:\/\/grandx.com.vn\/wp-content\/uploads\/2025\/01\/900X600-9.jpg\" width=\"900\" height=\"600\" \/><\/p>\n<p>&nbsp;<\/p>\n<h2 data-section-id=\"6mvre3\" data-start=\"852\" data-end=\"909\">Thi\u1ebft k\u1ebf sang tr\u1ecdng \u2013 Linh ho\u1ea1t cho m\u1ecdi kh\u00f4ng gian b\u1ebfp<\/h2>\n<p data-start=\"910\" data-end=\"1177\">GrandX SMS8GX89G g\u00e2y \u1ea5n t\u01b0\u1ee3ng ngay t\u1eeb c\u00e1i nh\u00ecn \u0111\u1ea7u ti\u00ean v\u1edbi <strong data-start=\"970\" data-end=\"1000\">m\u1eb7t k\u00ednh c\u01b0\u1eddng l\u1ef1c cao c\u1ea5p<\/strong>, mang l\u1ea1i v\u1ebb \u0111\u1eb9p hi\u1ec7n \u0111\u1ea1i, tinh t\u1ebf v\u00e0 c\u1ef1c k\u1ef3 d\u1ec5 v\u1ec7 sinh. Tone m\u00e0u t\u1ed1i sang tr\u1ecdng gi\u00fap m\u00e1y d\u1ec5 d\u00e0ng ph\u1ed1i h\u1ee3p v\u1edbi nhi\u1ec1u phong c\u00e1ch n\u1ed9i th\u1ea5t b\u1ebfp kh\u00e1c nhau, t\u1eeb t\u1ed1i gi\u1ea3n \u0111\u1ebfn cao c\u1ea5p.<\/p>\n<p data-start=\"1179\" data-end=\"1224\">S\u1ea3n ph\u1ea9m h\u1ed7 tr\u1ee3 <strong data-start=\"1195\" data-end=\"1223\">2 ki\u1ec3u l\u1eafp \u0111\u1eb7t linh ho\u1ea1t<\/strong>:<\/p>\n<ul data-start=\"1225\" data-end=\"1301\">\n<li data-section-id=\"ji2ph3\" data-start=\"1225\" data-end=\"1264\">L\u1eafp \u00e2m t\u1ee7 g\u1ecdn g\u00e0ng, t\u1ed1i \u01b0u kh\u00f4ng gian<\/li>\n<li data-section-id=\"ns6nnd\" data-start=\"1265\" data-end=\"1301\">\u0110\u1eb7t \u0111\u1ed9c l\u1eadp ti\u1ec7n l\u1ee3i, d\u1ec5 di chuy\u1ec3n<\/li>\n<\/ul>\n<p data-start=\"1303\" data-end=\"1389\">B\u00ean trong, m\u00e1y \u0111\u01b0\u1ee3c trang b\u1ecb <strong data-start=\"1332\" data-end=\"1355\">3 khay ch\u1ee9a c\u01a1 \u0111\u1ed9ng<\/strong>, gi\u00fap ng\u01b0\u1eddi d\u00f9ng d\u1ec5 d\u00e0ng s\u1eafp x\u1ebfp:<\/p>\n<ul data-start=\"1390\" data-end=\"1527\">\n<li data-section-id=\"onwyx0\" data-start=\"1390\" data-end=\"1418\">Khay tr\u00ean: Ly, c\u1ed1c, \u0111\u1ed3 nh\u1ecf<\/li>\n<li data-section-id=\"n90lkb\" data-start=\"1419\" data-end=\"1440\">Khay gi\u1eefa: B\u00e1t, \u0111\u0129a<\/li>\n<li data-section-id=\"6j6xio\" data-start=\"1441\" data-end=\"1463\">Khay d\u01b0\u1edbi: N\u1ed3i, ch\u1ea3o<\/li>\n<li data-section-id=\"1zioaq\" data-start=\"1464\" data-end=\"1527\">Gi\u1ecf ri\u00eang cho dao k\u00e9o, \u0111\u0169a gi\u00fap r\u1eeda s\u1ea1ch k\u1ef9 v\u00e0 tr\u00e1nh th\u1ea5t l\u1ea1c<\/li>\n<\/ul>\n<p data-start=\"1529\" data-end=\"1611\">Thi\u1ebft k\u1ebf n\u00e0y \u0111\u1eb7c bi\u1ec7t ph\u00f9 h\u1ee3p v\u1edbi gia \u0111\u00ecnh \u0111\u00f4ng ng\u01b0\u1eddi ho\u1eb7c nh\u1eefng b\u1eefa \u0103n nhi\u1ec1u m\u00f3n.<\/p>\n<hr data-start=\"1613\" data-end=\"1616\" \/>\n<h2 data-section-id=\"1gfrom6\" data-start=\"1618\" data-end=\"1668\"><\/h2>\n<h2 data-section-id=\"1gfrom6\" data-start=\"1618\" data-end=\"1668\">C\u00f4ng ngh\u1ec7 r\u1eeda hi\u1ec7n \u0111\u1ea1i \u2013 S\u1ea1ch s\u00e2u t\u1eebng chi ti\u1ebft<\/h2>\n<p data-start=\"1669\" data-end=\"1754\">\u0110i\u1ec3m n\u1ed5i b\u1eadt c\u1ee7a m\u00e1y r\u1eeda b\u00e1t GrandX SMS8GX89G n\u1eb1m \u1edf h\u1ec7 th\u1ed1ng c\u00f4ng ngh\u1ec7 r\u1eeda ti\u00ean ti\u1ebfn:<\/p>\n<h3 data-section-id=\"1v2e0hh\" data-start=\"1756\" data-end=\"1798\">Dual Vortex Wash \u2013 R\u1eeda xo\u00e1y \u00e1p l\u1ef1c cao<\/h3>\n<p data-start=\"1799\" data-end=\"1908\">C\u00f4ng ngh\u1ec7 r\u1eeda k\u00e9p v\u1edbi <strong data-start=\"1821\" data-end=\"1846\">hai v\u00f2i phun \u0111a chi\u1ec1u<\/strong> t\u1ea1o ra d\u00f2ng n\u01b0\u1edbc m\u1ea1nh m\u1ebd, len l\u1ecfi s\u00e2u v\u00e0o t\u1eebng khe nh\u1ecf, gi\u00fap:<\/p>\n<ul data-start=\"1909\" data-end=\"1999\">\n<li data-section-id=\"in92jj\" data-start=\"1909\" data-end=\"1935\">\u0110\u00e1nh bay d\u1ea7u m\u1ee1 c\u1ee9ng \u0111\u1ea7u<\/li>\n<li data-section-id=\"10r1ogx\" data-start=\"1936\" data-end=\"1968\">L\u00e0m s\u1ea1ch c\u00e1c v\u1eadt d\u1ee5ng ph\u1ee9c t\u1ea1p<\/li>\n<li data-section-id=\"dtf8o0\" data-start=\"1969\" data-end=\"1999\">Kh\u00f4ng c\u1ea7n tr\u00e1ng l\u1ea1i b\u1eb1ng tay<\/li>\n<\/ul>\n<h3 data-section-id=\"1vvtlvs\" data-start=\"2001\" data-end=\"2047\">C\u1ea3m bi\u1ebfn th\u00f4ng minh Water Sensor Flowmeter<\/h3>\n<p data-start=\"2048\" data-end=\"2125\">M\u00e1y t\u1ef1 \u0111\u1ed9ng nh\u1eadn di\u1ec7n l\u01b0\u1ee3ng b\u00e1t \u0111\u0129a v\u00e0 \u0111i\u1ec1u ch\u1ec9nh l\u01b0\u1ee3ng n\u01b0\u1edbc ph\u00f9 h\u1ee3p. Nh\u1edd \u0111\u00f3:<\/p>\n<ul data-start=\"2126\" data-end=\"2206\">\n<li data-section-id=\"xvt47q\" data-start=\"2126\" data-end=\"2179\">Ti\u1ebft ki\u1ec7m n\u01b0\u1edbc t\u1ed1i \u0111a (ch\u1ec9 kho\u1ea3ng <strong data-start=\"2162\" data-end=\"2178\">9.0L\/l\u1ea7n r\u1eeda<\/strong>)<\/li>\n<li data-section-id=\"8wc2fh\" data-start=\"2180\" data-end=\"2206\">T\u1ed1i \u01b0u hi\u1ec7u qu\u1ea3 l\u00e0m s\u1ea1ch<\/li>\n<\/ul>\n<h3 data-section-id=\"x8iba1\" data-start=\"2208\" data-end=\"2237\">\u0110\u00e8n chi\u1ebfu s\u00e1ng khoang r\u1eeda<\/h3>\n<p data-start=\"2238\" data-end=\"2327\">H\u1ed7 tr\u1ee3 ng\u01b0\u1eddi d\u00f9ng d\u1ec5 d\u00e0ng quan s\u00e1t khi x\u1ebfp v\u00e0 l\u1ea5y b\u00e1t \u0111\u0129a, \u0111\u1eb7c bi\u1ec7t ti\u1ec7n l\u1ee3i v\u00e0o ban \u0111\u00eam.<\/p>\n<hr data-start=\"2329\" data-end=\"2332\" \/>\n<h2 data-section-id=\"ronbny\" data-start=\"2334\" data-end=\"2387\">\u0110\u1ed9ng c\u01a1 BLDC \u2013 V\u1eadn h\u00e0nh \u00eam \u00e1i, ti\u1ebft ki\u1ec7m \u0111i\u1ec7n n\u0103ng<\/h2>\n<p data-start=\"2388\" data-end=\"2487\">M\u00e1y \u0111\u01b0\u1ee3c trang b\u1ecb <strong data-start=\"2406\" data-end=\"2448\">\u0111\u1ed9ng c\u01a1 Synchronous DUAL BLDC hi\u1ec7n \u0111\u1ea1i<\/strong>, mang l\u1ea1i hi\u1ec7u qu\u1ea3 v\u1eadn h\u00e0nh v\u01b0\u1ee3t tr\u1ed9i:<\/p>\n<ul data-start=\"2489\" data-end=\"2618\">\n<li data-section-id=\"7ug22\" data-start=\"2489\" data-end=\"2548\">\u0110\u1ed9 \u1ed3n c\u1ef1c th\u1ea5p: <strong data-start=\"2507\" data-end=\"2517\">\u2264 43dB<\/strong> (g\u1ea7n nh\u01b0 kh\u00f4ng g\u00e2y ti\u1ebfng \u0111\u1ed9ng)<\/li>\n<li data-section-id=\"1ibuacr\" data-start=\"2549\" data-end=\"2582\">Ti\u1ebft ki\u1ec7m \u0111i\u1ec7n n\u0103ng l\u00ean \u0111\u1ebfn 50%<\/li>\n<li data-section-id=\"18jgjmo\" data-start=\"2583\" data-end=\"2618\">Ho\u1ea1t \u0111\u1ed9ng b\u1ec1n b\u1ec9, \u1ed5n \u0111\u1ecbnh l\u00e2u d\u00e0i<\/li>\n<\/ul>\n<p data-start=\"2620\" data-end=\"2705\">Nh\u1edd \u0111\u00f3, b\u1ea1n ho\u00e0n to\u00e0n c\u00f3 th\u1ec3 s\u1eed d\u1ee5ng m\u00e1y v\u00e0o ban \u0111\u00eam m\u00e0 kh\u00f4ng \u1ea3nh h\u01b0\u1edfng \u0111\u1ebfn gi\u1ea5c ng\u1ee7.<\/p>\n<hr data-start=\"2707\" data-end=\"2710\" \/>\n<h2 data-section-id=\"9z3rgb\" data-start=\"2712\" data-end=\"2767\">10 ch\u01b0\u01a1ng tr\u00ecnh r\u1eeda chuy\u00ean s\u00e2u \u2013 \u0110\u00e1p \u1ee9ng m\u1ecdi nhu c\u1ea7u<\/h2>\n<p data-start=\"2768\" data-end=\"2819\">GrandXSMS8GX89BG t\u00edch h\u1ee3p 10 ch\u1ebf \u0111\u1ed9 r\u1eeda th\u00f4ng minh:<\/p>\n<ul data-start=\"2821\" data-end=\"3147\">\n<li data-section-id=\"1b1yhif\" data-start=\"2821\" data-end=\"2856\"><strong data-start=\"2823\" data-end=\"2836\">Auto 72\u00b0C<\/strong>: T\u1ef1 \u0111\u1ed9ng \u0111i\u1ec1u ch\u1ec9nh<\/li>\n<li data-section-id=\"1yu62jw\" data-start=\"2857\" data-end=\"2893\"><strong data-start=\"2859\" data-end=\"2877\">Intensive 72\u00b0C<\/strong>: R\u1eeda chuy\u00ean s\u00e2u<\/li>\n<li data-section-id=\"19fd2by\" data-start=\"2894\" data-end=\"2932\"><strong data-start=\"2896\" data-end=\"2914\">Universal 72\u00b0C<\/strong>: R\u1eeda th\u00f4ng th\u01b0\u1eddng<\/li>\n<li data-section-id=\"1qlxsas\" data-start=\"2933\" data-end=\"2968\"><strong data-start=\"2935\" data-end=\"2947\">ECO 50\u00b0C<\/strong>: Ti\u1ebft ki\u1ec7m \u0111i\u1ec7n n\u01b0\u1edbc<\/li>\n<li data-section-id=\"1ce711t\" data-start=\"2969\" data-end=\"2996\"><strong data-start=\"2971\" data-end=\"2985\">Rapid 45\u00b0C<\/strong>: R\u1eeda nhanh<\/li>\n<li data-section-id=\"3ibvxz\" data-start=\"2997\" data-end=\"3027\"><strong data-start=\"2999\" data-end=\"3013\">Glass 60\u00b0C<\/strong>: \u0110\u1ed3 th\u1ee7y tinh<\/li>\n<li data-section-id=\"sels56\" data-start=\"3028\" data-end=\"3058\"><strong data-start=\"3030\" data-end=\"3046\">Hygiene 72\u00b0C<\/strong>: Di\u1ec7t khu\u1ea9n<\/li>\n<li data-section-id=\"1dyo018\" data-start=\"3059\" data-end=\"3081\"><strong data-start=\"3061\" data-end=\"3069\">Soak<\/strong>: Ng\u00e2m tr\u01b0\u1edbc<\/li>\n<li data-section-id=\"1qlasba\" data-start=\"3082\" data-end=\"3109\"><strong data-start=\"3084\" data-end=\"3100\">Hot Pot 72\u00b0C<\/strong>: R\u1eeda n\u1ed3i<\/li>\n<li data-section-id=\"1ljtb65\" data-start=\"3110\" data-end=\"3147\"><strong data-start=\"3112\" data-end=\"3134\">Self-Cleaning 72\u00b0C<\/strong>: T\u1ef1 l\u00e0m s\u1ea1ch<\/li>\n<\/ul>\n<p data-start=\"3149\" data-end=\"3250\">\ud83d\udc49 Gi\u00fap ng\u01b0\u1eddi d\u00f9ng linh ho\u1ea1t l\u1ef1a ch\u1ecdn theo nhu c\u1ea7u th\u1ef1c t\u1ebf, t\u1eeb r\u1eeda nh\u1eb9 nh\u00e0ng \u0111\u1ebfn l\u00e0m s\u1ea1ch chuy\u00ean s\u00e2u.<\/p>\n<hr data-start=\"3252\" data-end=\"3255\" \/>\n<h2 data-section-id=\"1xqpi8r\" data-start=\"3257\" data-end=\"3310\">T\u00ednh n\u0103ng n\u00e2ng cao \u2013 T\u1ed1i \u01b0u tr\u1ea3i nghi\u1ec7m ng\u01b0\u1eddi d\u00f9ng<\/h2>\n<h3 data-section-id=\"1p1ijpl\" data-start=\"3312\" data-end=\"3360\">Fresh &amp; Drying \u2013 S\u1ea5y kh\u00f4 v\u00e0 b\u1ea3o qu\u1ea3n d\u00e0i l\u00e2u<\/h3>\n<ul data-start=\"3361\" data-end=\"3459\">\n<li data-section-id=\"1si9x3b\" data-start=\"3361\" data-end=\"3380\">S\u1ea5y b\u1eb1ng kh\u00ed n\u00f3ng<\/li>\n<li data-section-id=\"8e9epv\" data-start=\"3381\" data-end=\"3419\">Gi\u1eef b\u00e1t \u0111\u0129a kh\u00f4 s\u1ea1ch t\u1edbi <strong data-start=\"3408\" data-end=\"3419\">168 gi\u1edd<\/strong><\/li>\n<li data-section-id=\"1ak7cuo\" data-start=\"3420\" data-end=\"3459\">Ng\u0103n vi khu\u1ea9n, n\u1ea5m m\u1ed1c l\u00ean t\u1edbi 99,99%<\/li>\n<\/ul>\n<h3 data-section-id=\"1aky7sp\" data-start=\"3461\" data-end=\"3494\">Dual Wash \u2013 R\u1eeda k\u00e9p to\u00e0n di\u1ec7n<\/h3>\n<p data-start=\"3495\" data-end=\"3541\">T\u0103ng hi\u1ec7u qu\u1ea3 l\u00e0m s\u1ea1ch \u1edf c\u1ea3 khay tr\u00ean v\u00e0 d\u01b0\u1edbi.<\/p>\n<h3 data-section-id=\"h3y3bd\" data-start=\"3543\" data-end=\"3569\">Hot Air \u2013 S\u1ea5y kh\u00ed n\u00f3ng<\/h3>\n<p data-start=\"3570\" data-end=\"3616\">Gi\u00fap b\u00e1t \u0111\u0129a kh\u00f4 nhanh h\u01a1n, h\u1ea1n ch\u1ebf \u0111\u1ecdng n\u01b0\u1edbc.<\/p>\n<h3 data-section-id=\"1ijosw8\" data-start=\"3618\" data-end=\"3654\">Delay Timer \u2013 H\u1eb9n gi\u1edd th\u00f4ng minh<\/h3>\n<p data-start=\"3655\" data-end=\"3718\">Cho ph\u00e9p c\u00e0i \u0111\u1eb7t t\u1eeb <strong data-start=\"3675\" data-end=\"3689\">1 \u2013 24 gi\u1edd<\/strong>, ph\u00f9 h\u1ee3p v\u1edbi l\u1ecbch sinh ho\u1ea1t.<\/p>\n<h3 data-section-id=\"r4z4vr\" data-start=\"3720\" data-end=\"3753\">L\u01b0u ch\u01b0\u01a1ng tr\u00ecnh khi m\u1ea5t \u0111i\u1ec7n<\/h3>\n<p data-start=\"3754\" data-end=\"3805\">M\u00e1y t\u1ef1 \u0111\u1ed9ng ti\u1ebfp t\u1ee5c chu tr\u00ecnh khi c\u00f3 \u0111i\u1ec7n tr\u1edf l\u1ea1i.<\/p>\n<hr data-start=\"3807\" data-end=\"3810\" \/>\n<h2 data-section-id=\"jp5j2c\" data-start=\"3812\" data-end=\"3861\">T\u00ednh n\u0103ng an to\u00e0n \u2013 B\u1ea3o v\u1ec7 t\u1ed1i \u0111a cho gia \u0111\u00ecnh<\/h2>\n<p data-start=\"3862\" data-end=\"3922\">GrandX SMS8GX89G \u0111\u01b0\u1ee3c t\u00edch h\u1ee3p \u0111\u1ea7y \u0111\u1ee7 c\u00e1c c\u00f4ng ngh\u1ec7 an to\u00e0n:<\/p>\n<ul data-start=\"3924\" data-end=\"4079\">\n<li data-section-id=\"pv24uv\" data-start=\"3924\" data-end=\"3953\"><strong data-start=\"3926\" data-end=\"3940\">Child Lock<\/strong>: Kh\u00f3a tr\u1ebb em<\/li>\n<li data-section-id=\"w874nj\" data-start=\"3954\" data-end=\"3998\"><strong data-start=\"3956\" data-end=\"3969\">Aqua Stop<\/strong>: T\u1ef1 \u0111\u1ed9ng ng\u1eaft n\u01b0\u1edbc khi r\u00f2 r\u1ec9<\/li>\n<li data-section-id=\"12a45om\" data-start=\"3999\" data-end=\"4041\"><strong data-start=\"4001\" data-end=\"4025\">Ch\u1ed1ng tr\u00e0n &amp; r\u00f2 n\u01b0\u1edbc<\/strong>: B\u1ea3o v\u1ec7 s\u00e0n b\u1ebfp<\/li>\n<li data-section-id=\"3ui9j5\" data-start=\"4042\" data-end=\"4079\"><strong data-start=\"4044\" data-end=\"4055\">UV Tech<\/strong>: Di\u1ec7t khu\u1ea9n b\u1eb1ng tia UV<\/li>\n<\/ul>\n<p data-start=\"4081\" data-end=\"4134\">\ud83d\udc49 \u0110\u1ea3m b\u1ea3o an to\u00e0n tuy\u1ec7t \u0111\u1ed1i trong qu\u00e1 tr\u00ecnh s\u1eed d\u1ee5ng.<\/p>\n<hr data-start=\"4136\" data-end=\"4139\" \/>\n<h2 data-section-id=\"sm1fpz\" data-start=\"4141\" data-end=\"4190\">Th\u00f4ng s\u1ed1 k\u1ef9 thu\u1eadt m\u00e1y r\u1eeda b\u00e1t GrandX SMS8GX89G<\/h2>\n<ul data-start=\"4192\" data-end=\"4568\">\n<li data-section-id=\"78xndv\" data-start=\"4192\" data-end=\"4215\">Th\u01b0\u01a1ng hi\u1ec7u: GrandX<\/li>\n<li data-section-id=\"y81qmg\" data-start=\"4216\" data-end=\"4237\">Xu\u1ea5t x\u1ee9: Th\u00e1i Lan<\/li>\n<li data-section-id=\"1gv1wru\" data-start=\"4238\" data-end=\"4266\">Dung t\u00edch: 16 b\u1ed9 b\u00e1t \u0111\u0129a<\/li>\n<li data-section-id=\"5mwz7k\" data-start=\"4267\" data-end=\"4294\">S\u1ed1 khay: 3 khay c\u01a1 \u0111\u1ed9ng<\/li>\n<li data-section-id=\"1rk77nn\" data-start=\"4295\" data-end=\"4312\">\u0110\u1ed9 \u1ed3n: \u2264 43dB<\/li>\n<li data-section-id=\"6nxskx\" data-start=\"4313\" data-end=\"4344\">Ti\u00eau chu\u1ea9n n\u0103ng l\u01b0\u1ee3ng: A+++<\/li>\n<li data-section-id=\"llxmhj\" data-start=\"4345\" data-end=\"4370\">Hi\u1ec7u qu\u1ea3 r\u1eeda: Class A<\/li>\n<li data-section-id=\"mb2oiu\" data-start=\"4371\" data-end=\"4396\">Hi\u1ec7u qu\u1ea3 s\u1ea5y: Class A<\/li>\n<li data-section-id=\"132kx86\" data-start=\"4397\" data-end=\"4425\">\u0110i\u1ec7n \u00e1p: 220-240V \/ 50Hz<\/li>\n<li data-section-id=\"1vhxlnk\" data-start=\"4426\" data-end=\"4461\">Ti\u00eau th\u1ee5 \u0111i\u1ec7n: ~0.8 kWh\/l\u1ea7n r\u1eeda<\/li>\n<li data-section-id=\"1owbqum\" data-start=\"4462\" data-end=\"4494\">Ti\u00eau th\u1ee5 n\u01b0\u1edbc: ~9.0L\/l\u1ea7n r\u1eeda<\/li>\n<li data-section-id=\"1d55oni\" data-start=\"4495\" data-end=\"4520\">\u00c1p su\u1ea5t n\u01b0\u1edbc: 0.3 bar<\/li>\n<li data-section-id=\"12s75cf\" data-start=\"4521\" data-end=\"4568\">B\u1ea3o h\u00e0nh:\n<ul data-start=\"4535\" data-end=\"4568\">\n<li data-section-id=\"1k18kfi\" data-start=\"4535\" data-end=\"4551\">Motor: 7 n\u0103m<\/li>\n<li data-section-id=\"ey08k3\" data-start=\"4554\" data-end=\"4568\">M\u00e1y: 4 n\u0103m<\/li>\n<\/ul>\n<\/li>\n<\/ul>\n<hr data-start=\"4570\" data-end=\"4573\" \/>\n<h2 data-section-id=\"1r66a24\" data-start=\"4575\" data-end=\"4623\">V\u00ec sao n\u00ean ch\u1ecdn m\u00e1y r\u1eeda b\u00e1t GrandX SMS8GX89G?<\/h2>\n<p data-start=\"4624\" data-end=\"4863\">\u2714 Thi\u1ebft k\u1ebf sang tr\u1ecdng \u2013 ph\u00f9 h\u1ee3p m\u1ecdi kh\u00f4ng gian<br data-start=\"4670\" data-end=\"4673\" \/>\u2714 Dung t\u00edch l\u1edbn \u2013 ph\u00f9 h\u1ee3p gia \u0111\u00ecnh \u0111\u00f4ng ng\u01b0\u1eddi<br data-start=\"4718\" data-end=\"4721\" \/>\u2714 R\u1eeda s\u1ea1ch s\u00e2u \u2013 ti\u1ebft ki\u1ec7m n\u01b0\u1edbc t\u1ed1i \u0111a<br data-start=\"4759\" data-end=\"4762\" \/>\u2714 V\u1eadn h\u00e0nh \u00eam \u2013 kh\u00f4ng g\u00e2y \u1ed3n<br data-start=\"4790\" data-end=\"4793\" \/>\u2714 Nhi\u1ec1u ch\u1ebf \u0111\u1ed9 \u2013 linh ho\u1ea1t s\u1eed d\u1ee5ng<br data-start=\"4827\" data-end=\"4830\" \/>\u2714 \u0110\u1ed9 b\u1ec1n cao \u2013 b\u1ea3o h\u00e0nh d\u00e0i h\u1ea1n<\/p>\n<hr data-start=\"4865\" data-end=\"4868\" \/>\n<h2 data-section-id=\"1o735xr\" data-start=\"4870\" data-end=\"4890\">Gi\u00e1 b\u00e1n v\u00e0 \u01b0u \u0111\u00e3i<\/h2>\n<p data-start=\"4891\" data-end=\"4955\">Hi\u1ec7n t\u1ea1i, m\u00e1y r\u1eeda b\u00e1t GrandX SMS8GX89G \u0111ang \u0111\u01b0\u1ee3c \u01b0u \u0111\u00e3i h\u1ea5p d\u1eabn:<\/p>\n<ul data-start=\"4957\" data-end=\"5020\">\n<li data-section-id=\"h353at\" data-start=\"4957\" data-end=\"4990\">Gi\u00e1 ni\u00eam y\u1ebft: <strong data-start=\"4973\" data-end=\"4988\">28.980.000\u0111<\/strong><\/li>\n<li data-section-id=\"1rwetpy\" data-start=\"4991\" data-end=\"5020\">Gi\u00e1 \u01b0u \u0111\u00e3i: <strong data-start=\"5005\" data-end=\"5020\">18.836.000\u0111<\/strong><\/li>\n<\/ul>\n<p data-start=\"5022\" data-end=\"5087\">\ud83d\udc49 M\u1ee9c gi\u00e1 c\u1ef1c k\u1ef3 c\u1ea1nh tranh trong ph\u00e2n kh\u00fac m\u00e1y r\u1eeda b\u00e1t cao c\u1ea5p.<\/p>\n<hr data-start=\"5089\" data-end=\"5092\" \/>\n<h2 data-section-id=\"11x5u5b\" data-start=\"5094\" data-end=\"5105\">K\u1ebft lu\u1eadn<\/h2>\n<p data-start=\"5106\" data-end=\"5395\">M\u00e1y r\u1eeda b\u00e1t GrandX SMS8GX89G Serial 8 kh\u00f4ng ch\u1ec9 l\u00e0 thi\u1ebft b\u1ecb gia d\u1ee5ng m\u00e0 c\u00f2n l\u00e0 tr\u1ee3 th\u1ee7 \u0111\u1eafc l\u1ef1c gi\u00fap b\u1ea1n ti\u1ebft ki\u1ec7m th\u1eddi gian, c\u00f4ng s\u1ee9c v\u00e0 n\u00e2ng cao ch\u1ea5t l\u01b0\u1ee3ng cu\u1ed9c s\u1ed1ng. V\u1edbi thi\u1ebft k\u1ebf \u0111\u1eb9p, c\u00f4ng ngh\u1ec7 hi\u1ec7n \u0111\u1ea1i v\u00e0 kh\u1ea3 n\u0103ng v\u1eadn h\u00e0nh b\u1ec1n b\u1ec9, \u0111\u00e2y ch\u1eafc ch\u1eafn l\u00e0 l\u1ef1a ch\u1ecdn \u0111\u00e1ng \u0111\u1ea7u t\u01b0 cho m\u1ecdi gia \u0111\u00ecnh.<\/p>\n<p data-start=\"4866\" data-end=\"4979\"><strong data-start=\"4866\" data-end=\"4917\">Ehrlich Vi\u1ec7t Nam \u2013 Thi\u1ebft B\u1ecb Nh\u00e0 B\u1ebfp &amp; Ph\u00f2ng T\u1eafm<\/strong><br data-start=\"4917\" data-end=\"4920\" \/>\ud83d\udccd\u00a0\u0110\u1ecba ch\u1ec9: S\u1ed1 6 Li\u1ec1n K\u1ec1 22, K\u0110T V\u0103n Kh\u00ea, H\u00e0 \u0110\u00f4ng, H\u00e0 N\u1ed9i<\/p>\n<p data-start=\"4981\" data-end=\"5105\">\ud83c\udf10\u00a0Website:\u00a0<a class=\"decorated-link\" href=\"https:\/\/ehrlichvietnam.vn\/\" target=\"_new\" rel=\"noopener\" data-start=\"4993\" data-end=\"5019\">https:\/\/ehrlichvietnam.vn\/<\/a><br data-start=\"5019\" data-end=\"5022\" \/>\ud83d\udcde\u00a0Hotline:\u00a0<strong data-start=\"5034\" data-end=\"5051\">0932 27 05 20<\/strong><br data-start=\"5051\" data-end=\"5054\" \/>\ud83d\udcac\u00a0Zalo OA:\u00a0<a class=\"decorated-link\" href=\"https:\/\/zalo.me\/s\/2888141157129558325\" target=\"_new\" rel=\"noopener\" data-start=\"5066\" data-end=\"5103\">https:\/\/zalo.me\/s\/2888141157129558325<\/a><\/p>\n<p data-start=\"5107\" data-end=\"5218\">\ud83c\udfa5\u00a0TikTok:\u00a0<a class=\"decorated-link\" href=\"https:\/\/www.tiktok.com\/@ehrlich.chia.s?_r=1\" target=\"_new\" rel=\"noopener\" data-start=\"5118\" data-end=\"5162\">https:\/\/www.tiktok.com\/@ehrlichthietbivesinh<\/a><br data-start=\"5162\" data-end=\"5165\" \/>\u25b6\ufe0f\u00a0YouTube:\u00a0<a class=\"decorated-link\" href=\"https:\/\/www.youtube.com\/@EhrlichVietNam\" target=\"_new\" rel=\"noopener\" data-start=\"5177\" data-end=\"5216\">https:\/\/www.youtube.com\/@EhrlichVietNam<\/a><\/p>\n<p data-start=\"5220\" data-end=\"5265\">\ud83d\ude9a\u00a0Giao h\u00e0ng to\u00e0n qu\u1ed1c \u2013 t\u01b0 v\u1ea5n nhanh ch\u00f3ng<\/p>\n<p data-start=\"5267\" data-end=\"5313\">\ud83d\udc49\u00a0<strong data-start=\"5270\" data-end=\"5313\">Inbox ngay \u0111\u1ec3 nh\u1eadn \u01b0u \u0111\u00e3i th\u00eam h\u00f4m nay!<\/strong><\/p>\n","protected":false},"excerpt":{"rendered":"<section class=\"text-token-text-primary w-full focus:outline-none [--shadow-height:45px] has-data-writing-block:pointer-events-none has-data-writing-block:-mt-(--shadow-height) has-data-writing-block:pt-(--shadow-height) [&amp;:has([data-writing-block])&gt;*]:pointer-events-auto scroll-mt-(--header-height)\" dir=\"auto\" data-turn-id=\"3fc702c2-11ab-4a63-b05d-9e313d8b4583\" data-testid=\"conversation-turn-23\" data-scroll-anchor=\"false\" data-turn=\"user\"><\/section>\n<section class=\"text-token-text-primary w-full focus:outline-none [--shadow-height:45px] has-data-writing-block:pointer-events-none has-data-writing-block:-mt-(--shadow-height) has-data-writing-block:pt-(--shadow-height) [&amp;:has([data-writing-block])&gt;*]:pointer-events-auto scroll-mt-[calc(var(--header-height)+min(200px,max(70px,20svh)))]\" dir=\"auto\" data-turn-id=\"request-69ce151f-1ea0-8324-b410-9fcaf5577154-15\" data-testid=\"conversation-turn-24\" data-scroll-anchor=\"true\" data-turn=\"assistant\">\n<div class=\"text-base my-auto mx-auto pb-10 [--thread-content-margin:var(--thread-content-margin-xs,calc(var(--spacing)*4))] @w-sm\/main:[--thread-content-margin:var(--thread-content-margin-sm,calc(var(--spacing)*6))] @w-lg\/main:[--thread-content-margin:var(--thread-content-margin-lg,calc(var(--spacing)*16))] px-(--thread-content-margin)\">\n<div class=\"[--thread-content-max-width:40rem] @w-lg\/main:[--thread-content-max-width:48rem] mx-auto max-w-(--thread-content-max-width) flex-1 group\/turn-messages focus-visible:outline-hidden relative flex w-full min-w-0 flex-col agent-turn\">\n<div class=\"flex max-w-full flex-col gap-4 grow\">\n<div class=\"min-h-8 text-message relative flex w-full flex-col items-end gap-2 text-start break-words whitespace-normal outline-none keyboard-focused:focus-ring [.text-message+&amp;]:mt-1\" dir=\"auto\" tabindex=\"0\" data-message-author-role=\"assistant\" data-message-id=\"55ee4550-a75d-415c-8dc3-36720c07631a\" data-turn-start-message=\"true\" data-message-model-slug=\"gpt-5-3\">\n<div class=\"flex w-full flex-col gap-1 empty:hidden\">\n<div class=\"markdown prose dark:prose-invert w-full wrap-break-word light markdown-new-styling\">\n<p data-start=\"0\" data-end=\"322\"><strong data-start=\"0\" data-end=\"23\">M\u00e1y r\u1eeda b\u00e1t Ehrlich<\/strong> l\u00e0 d\u00f2ng thi\u1ebft b\u1ecb nh\u00e0 b\u1ebfp hi\u1ec7n \u0111\u1ea1i, \u0111\u01b0\u1ee3c thi\u1ebft k\u1ebf theo phong c\u00e1ch ch\u00e2u \u00c2u, mang \u0111\u1ebfn gi\u1ea3i ph\u00e1p r\u1eeda b\u00e1t t\u1ef1 \u0111\u1ed9ng ti\u1ec7n l\u1ee3i, ti\u1ebft ki\u1ec7m th\u1eddi gian v\u00e0 c\u00f4ng s\u1ee9c cho ng\u01b0\u1eddi d\u00f9ng. S\u1ea3n ph\u1ea9m n\u1ed5i b\u1eadt v\u1edbi kh\u1ea3 n\u0103ng <strong data-start=\"221\" data-end=\"273\">r\u1eeda s\u1ea1ch s\u00e2u, s\u1ea5y kh\u00f4 hi\u1ec7u qu\u1ea3 v\u00e0 v\u1eadn h\u00e0nh \u00eam \u00e1i<\/strong>, gi\u00fap \u0111\u1ea3m b\u1ea3o v\u1ec7 sinh v\u00e0 an to\u00e0n cho gia \u0111\u00ecnh.<\/p>\n<p data-start=\"324\" data-end=\"674\">M\u00e1y th\u01b0\u1eddng \u0111\u01b0\u1ee3c trang b\u1ecb <strong data-start=\"349\" data-end=\"421\">dung t\u00edch l\u1edbn, nhi\u1ec1u khay linh ho\u1ea1t, c\u00f4ng ngh\u1ec7 ti\u1ebft ki\u1ec7m \u0111i\u1ec7n \u2013 n\u01b0\u1edbc<\/strong>, ph\u00f9 h\u1ee3p v\u1edbi nhu c\u1ea7u s\u1eed d\u1ee5ng c\u1ee7a c\u00e1c gia \u0111\u00ecnh hi\u1ec7n \u0111\u1ea1i. Ngo\u00e0i ra, c\u00e1c d\u00f2ng m\u00e1y r\u1eeda b\u00e1t hi\u1ec7n nay c\u00f2n ch\u00fa tr\u1ecdng \u0111\u1ebfn <strong data-start=\"536\" data-end=\"588\">hi\u1ec7u su\u1ea5t l\u00e0m s\u1ea1ch, \u0111\u1ed9 \u1ed3n th\u1ea5p v\u00e0 \u0111\u1ed9 b\u1ec1n l\u00e2u d\u00e0i<\/strong>, gi\u00fap ng\u01b0\u1eddi d\u00f9ng y\u00ean t\u00e2m khi s\u1eed d\u1ee5ng l\u00e2u d\u00e0i .<\/p>\n<p data-start=\"676\" data-end=\"832\">Kh\u00f4ng ch\u1ec9 l\u00e0 thi\u1ebft b\u1ecb h\u1ed7 tr\u1ee3 n\u1ed9i tr\u1ee3, m\u00e1y r\u1eeda b\u00e1t Ehrlich c\u00f2n g\u00f3p ph\u1ea7n n\u00e2ng t\u1ea7m kh\u00f4ng gian b\u1ebfp, mang l\u1ea1i s\u1ef1 ti\u1ec7n nghi, sang tr\u1ecdng v\u00e0 hi\u1ec7n \u0111\u1ea1i cho cu\u1ed9c s\u1ed1ng.<\/p>\n<\/div>\n<\/div>\n<\/div>\n<\/div>\n<\/div>\n<\/div>\n<\/section>\n","protected":false},"featured_media":4595,"comment_status":"open","ping_status":"closed","template":"","meta":{"_acf_changed":false},"product_brand":[],"product_cat":[15,44,134],"product_tag":[],"class_list":{"0":"post-4608","1":"product","2":"type-product","3":"status-publish","4":"has-post-thumbnail","6":"product_cat-san-pham","7":"product_cat-thiet-bi-phong-bep","8":"product_cat-may-rua-bat","10":"first","11":"outofstock","12":"sale","13":"shipping-taxable","14":"product-type-simple"},"acf":[],"_links":{"self":[{"href":"https:\/\/ehrlichvietnam.vn\/en\/wp-json\/wp\/v2\/product\/4608","targetHints":{"allow":["GET"]}}],"collection":[{"href":"https:\/\/ehrlichvietnam.vn\/en\/wp-json\/wp\/v2\/product"}],"about":[{"href":"https:\/\/ehrlichvietnam.vn\/en\/wp-json\/wp\/v2\/types\/product"}],"replies":[{"embeddable":true,"href":"https:\/\/ehrlichvietnam.vn\/en\/wp-json\/wp\/v2\/comments?post=4608"}],"wp:featuredmedia":[{"embeddable":true,"href":"https:\/\/ehrlichvietnam.vn\/en\/wp-json\/wp\/v2\/media\/4595"}],"wp:attachment":[{"href":"https:\/\/ehrlichvietnam.vn\/en\/wp-json\/wp\/v2\/media?parent=4608"}],"wp:term":[{"taxonomy":"product_brand","embeddable":true,"href":"https:\/\/ehrlichvietnam.vn\/en\/wp-json\/wp\/v2\/product_brand?post=4608"},{"taxonomy":"product_cat","embeddable":true,"href":"https:\/\/ehrlichvietnam.vn\/en\/wp-json\/wp\/v2\/product_cat?post=4608"},{"taxonomy":"product_tag","embeddable":true,"href":"https:\/\/ehrlichvietnam.vn\/en\/wp-json\/wp\/v2\/product_tag?post=4608"}],"curies":[{"name":"wp","href":"https:\/\/api.w.org\/{rel}","templated":true}]}}