{"id":4602,"date":"2026-04-03T04:34:57","date_gmt":"2026-04-03T04:34:57","guid":{"rendered":"https:\/\/ehrlichvietnam.vn\/?post_type=product&#038;p=4602"},"modified":"2026-04-03T04:43:57","modified_gmt":"2026-04-03T04:43:57","slug":"den-dieu-hoa-thong-minh-har","status":"publish","type":"product","link":"https:\/\/ehrlichvietnam.vn\/den-dieu-hoa-thong-minh-har\/","title":{"rendered":"\u0110\u00e8n \u0111i\u1ec1u h\u00f2a th\u00f4ng minh HAR"},"content":{"rendered":"<h1 data-section-id=\"5qpni8\" data-start=\"67\" data-end=\"150\">\u0110\u00e8n \u0110i\u1ec1u H\u00f2a Th\u00f4ng Minh Hans HAR \u2013 Gi\u1ea3i Ph\u00e1p 4 Trong 1 Cho Kh\u00f4ng Gian Hi\u1ec7n \u0110\u1ea1i<\/h1>\n<p data-start=\"152\" data-end=\"438\">Trong xu h\u01b0\u1edbng thi\u1ebft k\u1ebf n\u1ed9i th\u1ea5t hi\u1ec7n \u0111\u1ea1i, ng\u01b0\u1eddi d\u00f9ng ng\u00e0y c\u00e0ng \u01b0u ti\u00ean nh\u1eefng s\u1ea3n ph\u1ea9m <strong data-start=\"239\" data-end=\"291\">\u0111a n\u0103ng \u2013 ti\u1ebft ki\u1ec7m kh\u00f4ng gian \u2013 t\u1ed1i \u01b0u ti\u1ec7n \u00edch<\/strong>. \u0110\u1eb7c bi\u1ec7t v\u1edbi nh\u1eefng khu v\u1ef1c nh\u01b0 ph\u00f2ng t\u1eafm, nh\u00e0 v\u1ec7 sinh hay ph\u00f2ng k\u00edn, vi\u1ec7c t\u00edch h\u1ee3p nhi\u1ec1u ch\u1ee9c n\u0103ng trong c\u00f9ng m\u1ed9t thi\u1ebft b\u1ecb l\u00e0 gi\u1ea3i ph\u00e1p l\u00fd t\u01b0\u1edfng.<\/p>\n<p data-start=\"440\" data-end=\"686\">N\u1ed5i b\u1eadt trong ph\u00e2n kh\u00fac thi\u1ebft b\u1ecb th\u00f4ng minh, <strong data-start=\"485\" data-end=\"513\">\u0111\u00e8n \u0111i\u1ec1u h\u00f2a Hans HAR <\/strong>ch\u00ednh l\u00e0 l\u1ef1a ch\u1ecdn ho\u00e0n h\u1ea3o v\u1edbi kh\u1ea3 n\u0103ng t\u00edch h\u1ee3p <strong data-start=\"563\" data-end=\"631\">4 ch\u1ee9c n\u0103ng trong 1: chi\u1ebfu s\u00e1ng \u2013 th\u00f4ng gi\u00f3 \u2013 qu\u1ea1t m\u00e1t \u2013 s\u01b0\u1edfi \u1ea5m<\/strong>, mang l\u1ea1i tr\u1ea3i nghi\u1ec7m ti\u1ec7n nghi t\u1ed1i \u0111a cho ng\u01b0\u1eddi d\u00f9ng.<\/p>\n<hr data-start=\"688\" data-end=\"691\" \/>\n<h2 data-section-id=\"1vb3078\" data-start=\"693\" data-end=\"733\">T\u1ed5ng quan v\u1ec1 \u0111\u00e8n \u0111i\u1ec1u h\u00f2a Hans HAR<\/h2>\n<p data-start=\"735\" data-end=\"850\">\u0110\u00e8n \u0111i\u1ec1u h\u00f2a HAR l\u00e0 d\u00f2ng s\u1ea3n ph\u1ea9m cao c\u1ea5p, \u0111\u01b0\u1ee3c thi\u1ebft k\u1ebf theo phong c\u00e1ch hi\u1ec7n \u0111\u1ea1i, ph\u00f9 h\u1ee3p v\u1edbi nhi\u1ec1u kh\u00f4ng gian nh\u01b0:<\/p>\n<ul data-start=\"852\" data-end=\"932\">\n<li data-section-id=\"yfhehk\" data-start=\"852\" data-end=\"863\">Nh\u00e0 t\u1eafm<\/li>\n<li data-section-id=\"16tdeyu\" data-start=\"864\" data-end=\"881\">Ph\u00f2ng v\u1ec7 sinh<\/li>\n<li data-section-id=\"yffh64\" data-start=\"882\" data-end=\"899\">Ph\u00f2ng ng\u1ee7 nh\u1ecf<\/li>\n<li data-section-id=\"wh18l2\" data-start=\"900\" data-end=\"932\">Kh\u00f4ng gian k\u00edn, \u00edt th\u00f4ng gi\u00f3<\/li>\n<\/ul>\n<h3 data-section-id=\"j0wzb7\" data-start=\"934\" data-end=\"955\">Th\u00f4ng tin c\u01a1 b\u1ea3n:<\/h3>\n<ul data-start=\"956\" data-end=\"1202\">\n<li data-section-id=\"499ndr\" data-start=\"956\" data-end=\"1004\"><strong data-start=\"958\" data-end=\"975\">T\u00ean s\u1ea3n ph\u1ea9m:<\/strong> \u0110\u00e8n \u0111i\u1ec1u h\u00f2a th\u00f4ng minh HAR<\/li>\n<li data-section-id=\"158rzm5\" data-start=\"1005\" data-end=\"1034\"><strong data-start=\"1007\" data-end=\"1023\">Th\u01b0\u01a1ng hi\u1ec7u:<\/strong> Hans<\/li>\n<li data-section-id=\"n56q0i\" data-start=\"1035\" data-end=\"1063\"><strong data-start=\"1037\" data-end=\"1051\">Ch\u1ee9c n\u0103ng:<\/strong> 4 trong 1<\/li>\n<li data-section-id=\"1b6i1zn\" data-start=\"1064\" data-end=\"1100\"><strong data-start=\"1066\" data-end=\"1081\">\u0110i\u1ec1u khi\u1ec3n:<\/strong> C\u00f4ng t\u1eafc c\u1ea3m \u1ee9ng<\/li>\n<li data-section-id=\"90jdgc\" data-start=\"1101\" data-end=\"1134\"><strong data-start=\"1103\" data-end=\"1128\">C\u00f4ng su\u1ea5t chi\u1ebfu s\u00e1ng:<\/strong> 12W<\/li>\n<li data-section-id=\"hsrvdp\" data-start=\"1135\" data-end=\"1157\"><strong data-start=\"1137\" data-end=\"1151\">Th\u00f4ng gi\u00f3:<\/strong> 40W<\/li>\n<li data-section-id=\"ru69s8\" data-start=\"1158\" data-end=\"1179\"><strong data-start=\"1160\" data-end=\"1173\">Qu\u1ea1t m\u00e1t:<\/strong> 40W<\/li>\n<li data-section-id=\"111e8u0\" data-start=\"1180\" data-end=\"1202\"><strong data-start=\"1182\" data-end=\"1194\">S\u01b0\u1edfi \u1ea5m:<\/strong>\u00a02000W<\/li>\n<\/ul>\n<hr data-start=\"1204\" data-end=\"1207\" \/>\n<h2 data-section-id=\"j90qhk\" data-start=\"1209\" data-end=\"1260\">4 ch\u1ee9c n\u0103ng th\u00f4ng minh t\u00edch h\u1ee3p trong 1 thi\u1ebft b\u1ecb<\/h2>\n<h3 data-section-id=\"jgxkja\" data-start=\"1262\" data-end=\"1321\">\ud83d\udd25 1. Chi\u1ebfu s\u00e1ng LED \u2013 Ti\u1ebft ki\u1ec7m \u0111i\u1ec7n, \u00e1nh s\u00e1ng d\u1ecbu nh\u1eb9<\/h3>\n<p data-start=\"1323\" data-end=\"1361\">\u0110\u00e8n HAR s\u1eed d\u1ee5ng c\u00f4ng ngh\u1ec7 LED hi\u1ec7n \u0111\u1ea1i:<\/p>\n<ul data-start=\"1363\" data-end=\"1460\">\n<li data-section-id=\"6oga7u\" data-start=\"1363\" data-end=\"1399\">C\u00f4ng su\u1ea5t <strong data-start=\"1375\" data-end=\"1397\">12W ti\u1ebft ki\u1ec7m \u0111i\u1ec7n<\/strong><\/li>\n<li data-section-id=\"1rnlgq4\" data-start=\"1400\" data-end=\"1437\">\u00c1nh s\u00e1ng \u1ed5n \u0111\u1ecbnh, kh\u00f4ng nh\u1ea5p nh\u00e1y<\/li>\n<li data-section-id=\"1wlmust\" data-start=\"1438\" data-end=\"1460\">Kh\u00f4ng g\u00e2y ch\u00f3i m\u1eaft<\/li>\n<\/ul>\n<p data-start=\"1462\" data-end=\"1530\">\ud83d\udc49 \u0110\u1ea3m b\u1ea3o kh\u00f4ng gian lu\u00f4n \u0111\u1ee7 s\u00e1ng, d\u1ec5 ch\u1ecbu cho sinh ho\u1ea1t h\u00e0ng ng\u00e0y.<\/p>\n<hr data-start=\"1532\" data-end=\"1535\" \/>\n<h3 data-section-id=\"1kxj7o9\" data-start=\"1537\" data-end=\"1589\">\ud83d\udd25 2. Th\u00f4ng gi\u00f3 \u2013 Lo\u1ea1i b\u1ecf m\u00f9i, ch\u1ed1ng \u1ea9m hi\u1ec7u qu\u1ea3<\/h3>\n<p data-start=\"1591\" data-end=\"1616\">Ch\u1ee9c n\u0103ng th\u00f4ng gi\u00f3 gi\u00fap:<\/p>\n<ul data-start=\"1618\" data-end=\"1692\">\n<li data-section-id=\"zbm137\" data-start=\"1618\" data-end=\"1641\">H\u00fat m\u00f9i nhanh ch\u00f3ng<\/li>\n<li data-section-id=\"1vfmz5d\" data-start=\"1642\" data-end=\"1672\">Gi\u1ea3m \u0111\u1ed9 \u1ea9m trong ph\u00f2ng t\u1eafm<\/li>\n<li data-section-id=\"1azcqw2\" data-start=\"1673\" data-end=\"1692\">H\u1ea1n ch\u1ebf n\u1ea5m m\u1ed1c<\/li>\n<\/ul>\n<p data-start=\"1694\" data-end=\"1737\">\ud83d\udc49 Gi\u1eef kh\u00f4ng gian lu\u00f4n s\u1ea1ch s\u1ebd, tho\u00e1ng m\u00e1t.<\/p>\n<hr data-start=\"1739\" data-end=\"1742\" \/>\n<h3 data-section-id=\"14n055w\" data-start=\"1744\" data-end=\"1792\">\ud83d\udd25 3. Qu\u1ea1t m\u00e1t \u2013 T\u1ea1o lu\u1ed3ng kh\u00f4ng kh\u00ed d\u1ec5 ch\u1ecbu<\/h3>\n<p data-start=\"1794\" data-end=\"1831\">V\u1edbi c\u00f4ng su\u1ea5t <strong data-start=\"1808\" data-end=\"1815\">40W<\/strong>, qu\u1ea1t m\u00e1t gi\u00fap:<\/p>\n<ul data-start=\"1833\" data-end=\"1925\">\n<li data-section-id=\"1slpqwj\" data-start=\"1833\" data-end=\"1854\">T\u1ea1o lu\u1ed3ng gi\u00f3 nh\u1eb9<\/li>\n<li data-section-id=\"18oprfm\" data-start=\"1855\" data-end=\"1891\">L\u00e0m d\u1ecbu kh\u00f4ng kh\u00ed trong m\u00f9a n\u00f3ng<\/li>\n<li data-section-id=\"mcmzkk\" data-start=\"1892\" data-end=\"1925\">T\u0103ng s\u1ef1 tho\u1ea3i m\u00e1i khi s\u1eed d\u1ee5ng<\/li>\n<\/ul>\n<p data-start=\"1927\" data-end=\"1981\">\ud83d\udc49 \u0110\u1eb7c bi\u1ec7t h\u1eefu \u00edch trong nh\u1eefng ng\u00e0y th\u1eddi ti\u1ebft oi b\u1ee9c.<\/p>\n<hr data-start=\"1983\" data-end=\"1986\" \/>\n<h3 data-section-id=\"1e6gm9j\" data-start=\"1988\" data-end=\"2039\">\ud83d\udd25 4. S\u01b0\u1edfi \u1ea5m \u2013 Gi\u1ea3i ph\u00e1p ho\u00e0n h\u1ea3o cho m\u00f9a \u0111\u00f4ng<\/h3>\n<p data-start=\"2041\" data-end=\"2080\">Ch\u1ee9c n\u0103ng s\u01b0\u1edfi v\u1edbi c\u00f4ng su\u1ea5t <strong>2000W<\/strong>:<\/p>\n<ul data-start=\"2082\" data-end=\"2200\">\n<li data-section-id=\"lqd4lt\" data-start=\"2082\" data-end=\"2104\">L\u00e0m \u1ea5m nhanh ch\u00f3ng<\/li>\n<li data-section-id=\"155ycup\" data-start=\"2105\" data-end=\"2140\">Ph\u00f9 h\u1ee3p s\u1eed d\u1ee5ng trong ph\u00f2ng t\u1eafm<\/li>\n<li data-section-id=\"n6syqh\" data-start=\"2141\" data-end=\"2200\">B\u1ea3o v\u1ec7 s\u1ee9c kh\u1ecfe, \u0111\u1eb7c bi\u1ec7t cho tr\u1ebb nh\u1ecf v\u00e0 ng\u01b0\u1eddi l\u1edbn tu\u1ed5i<\/li>\n<\/ul>\n<p data-start=\"2202\" data-end=\"2244\">\ud83d\udc49 Kh\u00f4ng c\u00f2n lo l\u1ea1nh khi t\u1eafm v\u00e0o m\u00f9a \u0111\u00f4ng.<\/p>\n<hr data-start=\"2246\" data-end=\"2249\" \/>\n<h2 data-section-id=\"kcxquo\" data-start=\"2251\" data-end=\"2298\">\u01afu \u0111i\u1ec3m n\u1ed5i b\u1eadt c\u1ee7a \u0111\u00e8n \u0111i\u1ec1u h\u00f2a Hans HAR<\/h2>\n<h3 data-section-id=\"rn10n8\" data-start=\"2300\" data-end=\"2346\">\u2b50 Thi\u1ebft k\u1ebf hi\u1ec7n \u0111\u1ea1i \u2013 T\u1ed1i gi\u1ea3n, sang tr\u1ecdng<\/h3>\n<ul data-start=\"2347\" data-end=\"2457\">\n<li data-section-id=\"17vu61w\" data-start=\"2347\" data-end=\"2375\">Ki\u1ec3u d\u00e1ng vu\u00f4ng g\u1ecdn g\u00e0ng<\/li>\n<li data-section-id=\"mn08d0\" data-start=\"2376\" data-end=\"2416\">M\u00e0u s\u1eafc trung t\u00ednh, d\u1ec5 ph\u1ed1i n\u1ed9i th\u1ea5t<\/li>\n<li data-section-id=\"kfa97b\" data-start=\"2417\" data-end=\"2457\">L\u1eafp \u00e2m tr\u1ea7n gi\u00fap ti\u1ebft ki\u1ec7m di\u1ec7n t\u00edch<\/li>\n<\/ul>\n<hr data-start=\"2459\" data-end=\"2462\" \/>\n<h3 data-section-id=\"152ydbk\" data-start=\"2464\" data-end=\"2517\">\u2b50 An to\u00e0n tuy\u1ec7t \u0111\u1ed1i \u2013 Ch\u1ed1ng n\u01b0\u1edbc, ch\u1ed1ng ch\u1eadp \u0111i\u1ec7n<\/h3>\n<p data-start=\"2519\" data-end=\"2569\">S\u1ea3n ph\u1ea9m \u0111\u01b0\u1ee3c thi\u1ebft k\u1ebf v\u1edbi ti\u00eau chu\u1ea9n an to\u00e0n cao:<\/p>\n<ul data-start=\"2571\" data-end=\"2644\">\n<li data-section-id=\"i0ew6h\" data-start=\"2571\" data-end=\"2598\"><strong data-start=\"2573\" data-end=\"2596\">Ch\u1ed1ng n\u01b0\u1edbc hi\u1ec7u qu\u1ea3<\/strong><\/li>\n<li data-section-id=\"od089o\" data-start=\"2599\" data-end=\"2622\"><strong data-start=\"2601\" data-end=\"2620\">Ch\u1ed1ng ch\u1eadp \u0111i\u1ec7n<\/strong><\/li>\n<li data-section-id=\"r85p3n\" data-start=\"2623\" data-end=\"2644\"><strong data-start=\"2625\" data-end=\"2642\">Ch\u1ed1ng ch\u00e1y n\u1ed5<\/strong><\/li>\n<\/ul>\n<p data-start=\"2646\" data-end=\"2715\">\ud83d\udc49 \u0110\u1ea3m b\u1ea3o an to\u00e0n khi s\u1eed d\u1ee5ng trong m\u00f4i tr\u01b0\u1eddng \u1ea9m \u01b0\u1edbt nh\u01b0 ph\u00f2ng t\u1eafm.<\/p>\n<hr data-start=\"2717\" data-end=\"2720\" \/>\n<h3 data-section-id=\"enwcm3\" data-start=\"2722\" data-end=\"2762\">\u2b50 \u0110i\u1ec1u khi\u1ec3n th\u00f4ng minh \u2013 D\u1ec5 s\u1eed d\u1ee5ng<\/h3>\n<p data-start=\"2764\" data-end=\"2799\">HAR \u0111i k\u00e8m b\u1ea3ng \u0111i\u1ec1u khi\u1ec3n ti\u1ec7n l\u1ee3i:<\/p>\n<ul data-start=\"2801\" data-end=\"2873\">\n<li data-section-id=\"yzbeok\" data-start=\"2801\" data-end=\"2825\">N\u00fat c\u1ea3m \u1ee9ng hi\u1ec7n \u0111\u1ea1i<\/li>\n<li data-section-id=\"mbm0dp\" data-start=\"2826\" data-end=\"2841\">D\u1ec5 thao t\u00e1c<\/li>\n<li data-section-id=\"jlisp7\" data-start=\"2842\" data-end=\"2873\">Ph\u00e2n chia r\u00f5 t\u1eebng ch\u1ee9c n\u0103ng<\/li>\n<\/ul>\n<p data-start=\"2875\" data-end=\"2915\">\ud83d\udc49 Ph\u00f9 h\u1ee3p v\u1edbi m\u1ecdi \u0111\u1ed1i t\u01b0\u1ee3ng ng\u01b0\u1eddi d\u00f9ng.<\/p>\n<hr data-start=\"2917\" data-end=\"2920\" \/>\n<h3 data-section-id=\"hxqcgx\" data-start=\"2922\" data-end=\"2960\">\u2b50 Ti\u1ebft ki\u1ec7m kh\u00f4ng gian \u2013 4 trong 1<\/h3>\n<p data-start=\"2962\" data-end=\"2974\">Thay v\u00ec l\u1eafp:<\/p>\n<ul data-start=\"2975\" data-end=\"3021\">\n<li data-section-id=\"10v2pxa\" data-start=\"2975\" data-end=\"2982\">\u0110\u00e8n<\/li>\n<li data-section-id=\"1n91acf\" data-start=\"2983\" data-end=\"2995\">Qu\u1ea1t h\u00fat<\/li>\n<li data-section-id=\"1ni60td\" data-start=\"2996\" data-end=\"3008\">Qu\u1ea1t m\u00e1t<\/li>\n<li data-section-id=\"k8s1m0\" data-start=\"3009\" data-end=\"3021\">M\u00e1y s\u01b0\u1edfi<\/li>\n<\/ul>\n<p data-start=\"3023\" data-end=\"3068\">\ud83d\udc49 B\u1ea1n ch\u1ec9 c\u1ea7n <strong data-start=\"3038\" data-end=\"3061\">1 thi\u1ebft b\u1ecb duy nh\u1ea5t<\/strong>, gi\u00fap:<\/p>\n<ul data-start=\"3069\" data-end=\"3139\">\n<li data-section-id=\"7w3nq9\" data-start=\"3069\" data-end=\"3090\">Ti\u1ebft ki\u1ec7m chi ph\u00ed<\/li>\n<li data-section-id=\"1ohqufz\" data-start=\"3091\" data-end=\"3117\">Gi\u1ea3m di\u1ec7n t\u00edch l\u1eafp \u0111\u1eb7t<\/li>\n<li data-section-id=\"wzs6rp\" data-start=\"3118\" data-end=\"3139\">T\u0103ng t\u00ednh th\u1ea9m m\u1ef9<\/li>\n<\/ul>\n<hr data-start=\"3141\" data-end=\"3144\" \/>\n<h2 data-section-id=\"tjs9n5\" data-start=\"3146\" data-end=\"3185\">\u1ee8ng d\u1ee5ng th\u1ef1c t\u1ebf c\u1ee7a \u0111\u00e8n \u0111i\u1ec1u h\u00f2a HAR<\/h2>\n<p data-start=\"3187\" data-end=\"3225\">S\u1ea3n ph\u1ea9m ph\u00f9 h\u1ee3p v\u1edbi nhi\u1ec1u kh\u00f4ng gian:<\/p>\n<h3 data-section-id=\"18gy9xr\" data-start=\"3227\" data-end=\"3243\">\ud83d\udec1 Ph\u00f2ng t\u1eafm<\/h3>\n<ul data-start=\"3244\" data-end=\"3285\">\n<li data-section-id=\"13b1max\" data-start=\"3244\" data-end=\"3263\">S\u01b0\u1edfi \u1ea5m khi t\u1eafm<\/li>\n<li data-section-id=\"q6icoa\" data-start=\"3264\" data-end=\"3285\">H\u00fat \u1ea9m, ch\u1ed1ng m\u1ed1c<\/li>\n<\/ul>\n<h3 data-section-id=\"ilr4ml\" data-start=\"3287\" data-end=\"3305\">\ud83d\udebd Nh\u00e0 v\u1ec7 sinh<\/h3>\n<ul data-start=\"3306\" data-end=\"3356\">\n<li data-section-id=\"m8rwtr\" data-start=\"3306\" data-end=\"3326\">Kh\u1eed m\u00f9i hi\u1ec7u qu\u1ea3<\/li>\n<li data-section-id=\"3er594\" data-start=\"3327\" data-end=\"3356\">T\u1ea1o kh\u00f4ng gian tho\u00e1ng kh\u00ed<\/li>\n<\/ul>\n<h3 data-section-id=\"mdds5w\" data-start=\"3358\" data-end=\"3379\">\ud83c\udfe0 Ph\u00f2ng nh\u1ecf, k\u00edn<\/h3>\n<ul data-start=\"3380\" data-end=\"3420\">\n<li data-section-id=\"1i5i1ws\" data-start=\"3380\" data-end=\"3401\">B\u1ed5 sung th\u00f4ng gi\u00f3<\/li>\n<li data-section-id=\"e0gcve\" data-start=\"3402\" data-end=\"3420\">T\u0103ng ti\u1ec7n nghi<\/li>\n<\/ul>\n<hr data-start=\"3422\" data-end=\"3425\" \/>\n<h2 data-section-id=\"x3yub6\" data-start=\"3427\" data-end=\"3462\">Gi\u00e1 b\u00e1n \u0111\u00e8n \u0111i\u1ec1u h\u00f2a Hans HAR<\/h2>\n<p data-start=\"3464\" data-end=\"3501\">Hi\u1ec7n s\u1ea3n ph\u1ea9m \u0111ang c\u00f3 \u01b0u \u0111\u00e3i h\u1ea5p d\u1eabn:<\/p>\n<ul data-start=\"3503\" data-end=\"3568\">\n<li data-section-id=\"18jqs08\" data-start=\"3503\" data-end=\"3537\">\u274c Gi\u00e1 ni\u00eam y\u1ebft: <strong data-start=\"3521\" data-end=\"3535\">2.150.000\u0111<\/strong><\/li>\n<li data-section-id=\"b03wrl\" data-start=\"3538\" data-end=\"3568\">\u2705 Gi\u00e1 \u01b0u \u0111\u00e3i:\u00a0<strong data-start=\"3554\" data-end=\"3568\">1.954.000\u0111<\/strong><\/li>\n<\/ul>\n<p data-start=\"3570\" data-end=\"3624\">\ud83d\udc49 M\u1ee9c gi\u00e1 c\u1ef1c k\u1ef3 h\u1ee3p l\u00fd cho m\u1ed9t s\u1ea3n ph\u1ea9m 4 ch\u1ee9c n\u0103ng.<\/p>\n<hr data-start=\"3626\" data-end=\"3629\" \/>\n<h2 data-section-id=\"h0ihlu\" data-start=\"3631\" data-end=\"3683\">So s\u00e1nh \u0111\u00e8n \u0111i\u1ec1u h\u00f2a HAR <span style=\"font-size: 16px;\">v\u1edbi thi\u1ebft b\u1ecb truy\u1ec1n th\u1ed1ng<\/span><\/h2>\n<div class=\"TyagGW_tableContainer\">\n<div class=\"group TyagGW_tableWrapper flex flex-col-reverse w-fit\" tabindex=\"-1\">\n<table class=\"w-fit min-w-(--thread-content-width)\" data-start=\"3685\" data-end=\"3946\">\n<thead data-start=\"3685\" data-end=\"3731\">\n<tr data-start=\"3685\" data-end=\"3731\">\n<th class=\"\" data-start=\"3685\" data-end=\"3696\" data-col-size=\"sm\">Ti\u00eau ch\u00ed<\/th>\n<th class=\"\" data-start=\"3696\" data-end=\"3710\" data-col-size=\"sm\">Hans HAR<\/th>\n<th class=\"\" data-start=\"3710\" data-end=\"3731\" data-col-size=\"sm\">Thi\u1ebft b\u1ecb ri\u00eang l\u1ebb<\/th>\n<\/tr>\n<\/thead>\n<tbody data-start=\"3778\" data-end=\"3946\">\n<tr data-start=\"3778\" data-end=\"3809\">\n<td data-start=\"3778\" data-end=\"3798\" data-col-size=\"sm\">S\u1ed1 l\u01b0\u1ee3ng thi\u1ebft b\u1ecb<\/td>\n<td data-col-size=\"sm\" data-start=\"3798\" data-end=\"3802\">1<\/td>\n<td data-col-size=\"sm\" data-start=\"3802\" data-end=\"3809\">3\u20134<\/td>\n<\/tr>\n<tr data-start=\"3810\" data-end=\"3846\">\n<td data-start=\"3810\" data-end=\"3832\" data-col-size=\"sm\">Ti\u1ebft ki\u1ec7m di\u1ec7n t\u00edch<\/td>\n<td data-col-size=\"sm\" data-start=\"3832\" data-end=\"3838\">Cao<\/td>\n<td data-col-size=\"sm\" data-start=\"3838\" data-end=\"3846\">Th\u1ea5p<\/td>\n<\/tr>\n<tr data-start=\"3847\" data-end=\"3883\">\n<td data-start=\"3847\" data-end=\"3862\" data-col-size=\"sm\">T\u00ednh th\u1ea9m m\u1ef9<\/td>\n<td data-col-size=\"sm\" data-start=\"3862\" data-end=\"3872\">\u0110\u1ed3ng b\u1ed9<\/td>\n<td data-col-size=\"sm\" data-start=\"3872\" data-end=\"3883\">R\u1eddi r\u1ea1c<\/td>\n<\/tr>\n<tr data-start=\"3884\" data-end=\"3914\">\n<td data-start=\"3884\" data-end=\"3894\" data-col-size=\"sm\">Chi ph\u00ed<\/td>\n<td data-col-size=\"sm\" data-start=\"3894\" data-end=\"3903\">T\u1ed1i \u01b0u<\/td>\n<td data-col-size=\"sm\" data-start=\"3903\" data-end=\"3914\">Cao h\u01a1n<\/td>\n<\/tr>\n<tr data-start=\"3915\" data-end=\"3946\">\n<td data-start=\"3915\" data-end=\"3926\" data-col-size=\"sm\">Ti\u1ec7n l\u1ee3i<\/td>\n<td data-col-size=\"sm\" data-start=\"3926\" data-end=\"3932\">Cao<\/td>\n<td data-col-size=\"sm\" data-start=\"3932\" data-end=\"3946\">Trung b\u00ecnh<\/td>\n<\/tr>\n<\/tbody>\n<\/table>\n<\/div>\n<\/div>\n<p data-start=\"3948\" data-end=\"3998\">\ud83d\udc49 HAR l\u00e0 gi\u1ea3i ph\u00e1p t\u1ed1i \u01b0u cho kh\u00f4ng gian hi\u1ec7n \u0111\u1ea1i.<\/p>\n<hr data-start=\"4000\" data-end=\"4003\" \/>\n<h2 data-section-id=\"r7u04z\" data-start=\"4005\" data-end=\"4039\">Ai n\u00ean s\u1eed d\u1ee5ng \u0111\u00e8n \u0111i\u1ec1u h\u00f2a HAR?<\/h2>\n<h3 data-section-id=\"1d1zd4\" data-start=\"4041\" data-end=\"4089\">\ud83d\udc68\u200d\ud83d\udc69\u200d\ud83d\udc67 Gia \u0111\u00ecnh c\u00f3 tr\u1ebb nh\u1ecf, ng\u01b0\u1eddi l\u1edbn tu\u1ed5i<\/h3>\n<ul data-start=\"4090\" data-end=\"4133\">\n<li data-section-id=\"13es15x\" data-start=\"4090\" data-end=\"4113\">C\u1ea7n s\u01b0\u1edfi \u1ea5m an to\u00e0n<\/li>\n<li data-section-id=\"1jahwhg\" data-start=\"4114\" data-end=\"4133\">Tr\u00e1nh s\u1ed1c nhi\u1ec7t<\/li>\n<\/ul>\n<h3 data-section-id=\"1e6etzu\" data-start=\"4135\" data-end=\"4154\">\ud83c\udfe2 Nh\u00e0 chung c\u01b0<\/h3>\n<ul data-start=\"4155\" data-end=\"4202\">\n<li data-section-id=\"hmbd5w\" data-start=\"4155\" data-end=\"4177\">Kh\u00f4ng gian h\u1ea1n ch\u1ebf<\/li>\n<li data-section-id=\"8jhvlt\" data-start=\"4178\" data-end=\"4202\">C\u1ea7n thi\u1ebft b\u1ecb \u0111a n\u0103ng<\/li>\n<\/ul>\n<h3 data-section-id=\"13uq3hr\" data-start=\"4204\" data-end=\"4240\">\ud83c\udfe0 Ng\u01b0\u1eddi th\u00edch n\u1ed9i th\u1ea5t hi\u1ec7n \u0111\u1ea1i<\/h3>\n<ul data-start=\"4241\" data-end=\"4282\">\n<li data-section-id=\"sp74qp\" data-start=\"4241\" data-end=\"4261\">\u01afu ti\u00ean g\u1ecdn g\u00e0ng<\/li>\n<li data-section-id=\"149bt7f\" data-start=\"4262\" data-end=\"4282\">T\u1ed1i \u01b0u c\u00f4ng n\u0103ng<\/li>\n<\/ul>\n<hr data-start=\"4506\" data-end=\"4509\" \/>\n<h2 data-section-id=\"k0j7w7\" data-start=\"4511\" data-end=\"4552\">V\u00ec sao n\u00ean ch\u1ecdn \u0111\u00e8n \u0111i\u1ec1u h\u00f2a Hans?<\/h2>\n<ul data-start=\"4554\" data-end=\"4661\">\n<li data-section-id=\"1hl1tn1\" data-start=\"4554\" data-end=\"4590\">Thi\u1ebft k\u1ebf hi\u1ec7n \u0111\u1ea1i, chu\u1ea9n ch\u00e2u \u00c2u<\/li>\n<li data-section-id=\"fd0h04\" data-start=\"4591\" data-end=\"4616\">T\u00edch h\u1ee3p \u0111a ch\u1ee9c n\u0103ng<\/li>\n<li data-section-id=\"4tixzi\" data-start=\"4617\" data-end=\"4640\">An to\u00e0n khi s\u1eed d\u1ee5ng<\/li>\n<li data-section-id=\"lald93\" data-start=\"4641\" data-end=\"4661\">Gi\u00e1 th\u00e0nh h\u1ee3p l\u00fd<\/li>\n<\/ul>\n<p data-start=\"4663\" data-end=\"4716\">\ud83d\udc49 \u0110\u00e2y l\u00e0 gi\u1ea3i ph\u00e1p t\u1ed1i \u01b0u cho m\u1ecdi gia \u0111\u00ecnh hi\u1ec7n \u0111\u1ea1i.<\/p>\n<hr data-start=\"4718\" data-end=\"4721\" \/>\n<h2 data-section-id=\"jx6yw4\" data-start=\"4723\" data-end=\"4763\">K\u1ebft lu\u1eadn: C\u00f3 n\u00ean mua \u0111\u00e8n \u0111i\u1ec1u h\u00f2a HAR?<\/h2>\n<p data-start=\"4765\" data-end=\"4809\">C\u00e2u tr\u1ea3 l\u1eddi l\u00e0 <strong data-start=\"4780\" data-end=\"4796\">R\u1ea4T \u0110\u00c1NG MUA<\/strong> n\u1ebfu b\u1ea1n c\u1ea7n:<\/p>\n<p data-start=\"4811\" data-end=\"4897\">\u2714 Thi\u1ebft b\u1ecb 4 trong 1<br data-start=\"4831\" data-end=\"4834\" \/>\u2714 Ti\u1ebft ki\u1ec7m kh\u00f4ng gian<br data-start=\"4856\" data-end=\"4859\" \/>\u2714 An to\u00e0n khi s\u1eed d\u1ee5ng<br data-start=\"4880\" data-end=\"4883\" \/>\u2714 Gi\u00e1 h\u1ee3p l\u00fd<\/p>\n<p data-start=\"4899\" data-end=\"4991\">V\u1edbi m\u1ee9c gi\u00e1\u00a0<strong data-start=\"4911\" data-end=\"4925\">1.954.000\u0111<\/strong>, Hans HAR l\u00e0 l\u1ef1a ch\u1ecdn th\u00f4ng minh cho kh\u00f4ng gian s\u1ed1ng hi\u1ec7n \u0111\u1ea1i.<\/p>\n<p data-start=\"4866\" data-end=\"4979\"><strong data-start=\"4866\" data-end=\"4917\">Ehrlich Vi\u1ec7t Nam \u2013 Thi\u1ebft B\u1ecb Nh\u00e0 B\u1ebfp &amp; Ph\u00f2ng T\u1eafm<\/strong><br data-start=\"4917\" data-end=\"4920\" \/>\ud83d\udccd\u00a0\u0110\u1ecba ch\u1ec9: S\u1ed1 6 Li\u1ec1n K\u1ec1 22, K\u0110T V\u0103n Kh\u00ea, H\u00e0 \u0110\u00f4ng, H\u00e0 N\u1ed9i<\/p>\n<p data-start=\"4981\" data-end=\"5105\">\ud83c\udf10\u00a0Website:\u00a0<a class=\"decorated-link\" href=\"https:\/\/ehrlichvietnam.vn\/\" target=\"_new\" rel=\"noopener\" data-start=\"4993\" data-end=\"5019\">https:\/\/ehrlichvietnam.vn\/<\/a><br data-start=\"5019\" data-end=\"5022\" \/>\ud83d\udcde\u00a0Hotline:\u00a0<strong data-start=\"5034\" data-end=\"5051\">0932 27 05 20<\/strong><br data-start=\"5051\" data-end=\"5054\" \/>\ud83d\udcac\u00a0Zalo OA:\u00a0<a class=\"decorated-link\" href=\"https:\/\/zalo.me\/s\/2888141157129558325\" target=\"_new\" rel=\"noopener\" data-start=\"5066\" data-end=\"5103\">https:\/\/zalo.me\/s\/2888141157129558325<\/a><\/p>\n<p data-start=\"5107\" data-end=\"5218\">\ud83c\udfa5\u00a0TikTok:\u00a0<a class=\"decorated-link\" href=\"https:\/\/www.tiktok.com\/@ehrlich.chia.s?_r=1\" target=\"_new\" rel=\"noopener\" data-start=\"5118\" data-end=\"5162\">https:\/\/www.tiktok.com\/@ehrlichthietbivesinh<\/a><br data-start=\"5162\" data-end=\"5165\" \/>\u25b6\ufe0f\u00a0YouTube:\u00a0<a class=\"decorated-link\" href=\"https:\/\/www.youtube.com\/@EhrlichVietNam\" target=\"_new\" rel=\"noopener\" data-start=\"5177\" data-end=\"5216\">https:\/\/www.youtube.com\/@EhrlichVietNam<\/a><\/p>\n<p data-start=\"5220\" data-end=\"5265\">\ud83d\ude9a\u00a0Giao h\u00e0ng to\u00e0n qu\u1ed1c \u2013 t\u01b0 v\u1ea5n nhanh ch\u00f3ng<\/p>\n<p data-start=\"5267\" data-end=\"5313\">\ud83d\udc49\u00a0<strong data-start=\"5270\" data-end=\"5313\">Inbox ngay \u0111\u1ec3 nh\u1eadn \u01b0u \u0111\u00e3i th\u00eam h\u00f4m nay!<\/strong><\/p>\n","protected":false},"excerpt":{"rendered":"<p>\u2728 <strong data-start=\"104\" data-end=\"150\">Qu\u1ea1t \u0111i\u1ec1u h\u00f2a ph\u00f2ng t\u1eafm th\u00f4ng minh Ehrlich<\/strong> gi\u00fap kh\u00f4ng gian lu\u00f4n kh\u00f4 r\u00e1o, th\u00f4ng tho\u00e1ng, ng\u0103n \u1ea9m m\u1ed1c v\u00e0 b\u1ea3o v\u1ec7 s\u1ee9c kh\u1ecfe. Thi\u1ebft k\u1ebf sang tr\u1ecdng, v\u1eadn h\u00e0nh \u00eam \u00e1i, ti\u1ebft ki\u1ec7m \u0111i\u1ec7n n\u0103ng.<\/p>\n","protected":false},"featured_media":4603,"comment_status":"open","ping_status":"closed","template":"","meta":{"_acf_changed":false},"product_brand":[],"product_cat":[15,45,88],"product_tag":[],"class_list":{"0":"post-4602","1":"product","2":"type-product","3":"status-publish","4":"has-post-thumbnail","6":"product_cat-san-pham","7":"product_cat-gia-dung-thong-minh","8":"product_cat-dieu-hoa-thong-minh","10":"first","11":"instock","12":"sale","13":"shipping-taxable","14":"purchasable","15":"product-type-simple"},"acf":[],"_links":{"self":[{"href":"https:\/\/ehrlichvietnam.vn\/en\/wp-json\/wp\/v2\/product\/4602","targetHints":{"allow":["GET"]}}],"collection":[{"href":"https:\/\/ehrlichvietnam.vn\/en\/wp-json\/wp\/v2\/product"}],"about":[{"href":"https:\/\/ehrlichvietnam.vn\/en\/wp-json\/wp\/v2\/types\/product"}],"replies":[{"embeddable":true,"href":"https:\/\/ehrlichvietnam.vn\/en\/wp-json\/wp\/v2\/comments?post=4602"}],"wp:featuredmedia":[{"embeddable":true,"href":"https:\/\/ehrlichvietnam.vn\/en\/wp-json\/wp\/v2\/media\/4603"}],"wp:attachment":[{"href":"https:\/\/ehrlichvietnam.vn\/en\/wp-json\/wp\/v2\/media?parent=4602"}],"wp:term":[{"taxonomy":"product_brand","embeddable":true,"href":"https:\/\/ehrlichvietnam.vn\/en\/wp-json\/wp\/v2\/product_brand?post=4602"},{"taxonomy":"product_cat","embeddable":true,"href":"https:\/\/ehrlichvietnam.vn\/en\/wp-json\/wp\/v2\/product_cat?post=4602"},{"taxonomy":"product_tag","embeddable":true,"href":"https:\/\/ehrlichvietnam.vn\/en\/wp-json\/wp\/v2\/product_tag?post=4602"}],"curies":[{"name":"wp","href":"https:\/\/api.w.org\/{rel}","templated":true}]}}