{"id":4584,"date":"2026-04-02T09:13:36","date_gmt":"2026-04-02T09:13:36","guid":{"rendered":"https:\/\/ehrlichvietnam.vn\/?post_type=product&#038;p=4584"},"modified":"2026-04-02T09:50:03","modified_gmt":"2026-04-02T09:50:03","slug":"chau-rua-bat-ehr-7545s","status":"publish","type":"product","link":"https:\/\/ehrlichvietnam.vn\/chau-rua-bat-ehr-7545s\/","title":{"rendered":"Ch\u1eadu r\u1eeda b\u00e1t EHR-7545S"},"content":{"rendered":"<h1 data-section-id=\"xvmivg\" data-start=\"63\" data-end=\"139\">Ch\u1eadu R\u1eeda B\u00e1t EHR-7545S Ehrlich \u2013 L\u1ef1a Ch\u1ecdn Kinh T\u1ebf, B\u1ec1n B\u1ec9 Cho M\u1ecdi Gian B\u1ebfp<\/h1>\n<p data-start=\"141\" data-end=\"453\">Trong kh\u00f4ng gian b\u1ebfp hi\u1ec7n \u0111\u1ea1i, m\u1ed9t chi\u1ebfc <strong data-start=\"182\" data-end=\"209\">ch\u1eadu r\u1eeda b\u00e1t ch\u1ea5t l\u01b0\u1ee3ng<\/strong> kh\u00f4ng ch\u1ec9 gi\u00fap t\u1ed1i \u01b0u c\u00f4ng vi\u1ec7c n\u1ed9i tr\u1ee3 m\u00e0 c\u00f2n g\u00f3p ph\u1ea7n n\u00e2ng cao t\u00ednh th\u1ea9m m\u1ef9 t\u1ed5ng th\u1ec3. N\u1ebfu b\u1ea1n \u0111ang t\u00ecm ki\u1ebfm m\u1ed9t s\u1ea3n ph\u1ea9m <strong data-start=\"333\" data-end=\"385\">gi\u00e1 t\u1ed1t \u2013 ch\u1ea5t l\u01b0\u1ee3ng \u1ed5n \u0111\u1ecbnh \u2013 thi\u1ebft k\u1ebf hi\u1ec7n \u0111\u1ea1i<\/strong>, th\u00ec <strong data-start=\"391\" data-end=\"425\">ch\u1eadu r\u1eeda b\u00e1t EHR-7545S Ehrlich<\/strong> ch\u00ednh l\u00e0 l\u1ef1a ch\u1ecdn l\u00fd t\u01b0\u1edfng.<\/p>\n<p data-start=\"455\" data-end=\"584\">\u0110\u01b0\u1ee3c s\u1ea3n xu\u1ea5t theo ti\u00eau chu\u1ea9n \u0110\u1ee9c v\u1edbi v\u1eadt li\u1ec7u cao c\u1ea5p, EHR-7545S \u0111\u00e1p \u1ee9ng \u0111\u1ea7y \u0111\u1ee7 nhu c\u1ea7u s\u1eed d\u1ee5ng h\u00e0ng ng\u00e0y c\u1ee7a m\u1ecdi gia \u0111\u00ecnh Vi\u1ec7t.<\/p>\n<hr data-start=\"586\" data-end=\"589\" \/>\n<h2 data-section-id=\"nwcqzc\" data-start=\"591\" data-end=\"637\">T\u1ed5ng quan v\u1ec1 ch\u1eadu r\u1eeda b\u00e1t EHR-7545S Ehrlich<\/h2>\n<p data-start=\"639\" data-end=\"786\">Ch\u1eadu r\u1eeda b\u00e1t EHR-7545S l\u00e0 s\u1ea3n ph\u1ea9m thu\u1ed9c th\u01b0\u01a1ng hi\u1ec7u Ehrlich Germany Style \u2013 n\u1ed5i ti\u1ebfng v\u1edbi c\u00e1c thi\u1ebft b\u1ecb nh\u00e0 b\u1ebfp hi\u1ec7n \u0111\u1ea1i, b\u1ec1n b\u1ec9 v\u00e0 t\u1ed1i \u01b0u chi ph\u00ed.<\/p>\n<h3 data-section-id=\"j0wzb7\" data-start=\"788\" data-end=\"809\">Th\u00f4ng tin c\u01a1 b\u1ea3n:<\/h3>\n<ul data-start=\"810\" data-end=\"1088\">\n<li data-section-id=\"xpsbmg\" data-start=\"810\" data-end=\"854\"><strong data-start=\"812\" data-end=\"829\">T\u00ean s\u1ea3n ph\u1ea9m:<\/strong> Ch\u1eadu r\u1eeda b\u00e1t EHR-7545S<\/li>\n<li data-section-id=\"1qnob3c\" data-start=\"855\" data-end=\"897\"><strong data-start=\"857\" data-end=\"873\">Th\u01b0\u01a1ng hi\u1ec7u:<\/strong> Ehrlich Germany Style<\/li>\n<li data-section-id=\"185a7oz\" data-start=\"898\" data-end=\"933\"><strong data-start=\"900\" data-end=\"914\">Ch\u1ea5t li\u1ec7u:<\/strong> Inox SUS304 18\/8<\/li>\n<li data-section-id=\"htf4g8\" data-start=\"934\" data-end=\"968\"><strong data-start=\"936\" data-end=\"950\">Lo\u1ea1i ch\u1eadu:<\/strong> 1 h\u1ed1 c\u00f3 b\u00e0n ch\u1edd<\/li>\n<li data-section-id=\"1br2y54\" data-start=\"969\" data-end=\"1007\"><strong data-start=\"971\" data-end=\"986\">K\u00edch th\u01b0\u1edbc:<\/strong> 750 x 450 x 220 mm<\/li>\n<li data-section-id=\"1r8s06r\" data-start=\"1008\" data-end=\"1045\"><strong data-start=\"1010\" data-end=\"1024\">C\u00f4ng ngh\u1ec7:<\/strong> Handmade + h\u00e0n TIG<\/li>\n<li data-section-id=\"1p19yry\" data-start=\"1046\" data-end=\"1088\"><strong data-start=\"1048\" data-end=\"1059\">B\u1ec1 m\u1eb7t:<\/strong> Brushed Satin ch\u1ed1ng \u0103n m\u00f2n<\/li>\n<\/ul>\n<hr data-start=\"1090\" data-end=\"1093\" \/>\n<h2 data-section-id=\"1o1xw1p\" data-start=\"1095\" data-end=\"1140\">\u01afu \u0111i\u1ec3m n\u1ed5i b\u1eadt c\u1ee7a ch\u1eadu r\u1eeda b\u00e1t EHR-7545S<\/h2>\n<h3 data-section-id=\"1fdo6il\" data-start=\"1142\" data-end=\"1201\">\ud83d\udd25 1. Inox SUS304 cao c\u1ea5p \u2013 B\u1ec1n \u0111\u1eb9p, ch\u1ed1ng g\u1ec9 tuy\u1ec7t \u0111\u1ed1i<\/h3>\n<p data-start=\"1203\" data-end=\"1313\">EHR-7545S \u0111\u01b0\u1ee3c ch\u1ebf t\u1ea1o t\u1eeb <strong data-start=\"1229\" data-end=\"1249\">inox SUS304 18\/8<\/strong>, lo\u1ea1i th\u00e9p kh\u00f4ng g\u1ec9 cao c\u1ea5p th\u01b0\u1eddng d\u00f9ng trong thi\u1ebft b\u1ecb nh\u00e0 b\u1ebfp:<\/p>\n<ul data-start=\"1315\" data-end=\"1450\">\n<li data-section-id=\"1mnuae5\" data-start=\"1315\" data-end=\"1355\">Kh\u00f4ng b\u1ecb oxy h\u00f3a trong m\u00f4i tr\u01b0\u1eddng \u1ea9m<\/li>\n<li data-section-id=\"qyq7me\" data-start=\"1356\" data-end=\"1376\">Ch\u1ed1ng \u0103n m\u00f2n t\u1ed1t<\/li>\n<li data-section-id=\"a5ce9v\" data-start=\"1377\" data-end=\"1421\">Kh\u00f4ng \u1ea3nh h\u01b0\u1edfng \u0111\u1ebfn ch\u1ea5t l\u01b0\u1ee3ng th\u1ef1c ph\u1ea9m<\/li>\n<li data-section-id=\"15615dg\" data-start=\"1422\" data-end=\"1450\">Gi\u1eef \u0111\u1ed9 s\u00e1ng b\u00f3ng l\u00e2u d\u00e0i<\/li>\n<\/ul>\n<p data-start=\"1452\" data-end=\"1530\">\ud83d\udc49 \u0110\u00e2y l\u00e0 y\u1ebfu t\u1ed1 gi\u00fap s\u1ea3n ph\u1ea9m v\u01b0\u1ee3t tr\u1ed9i h\u01a1n so v\u1edbi c\u00e1c lo\u1ea1i ch\u1eadu inox gi\u00e1 r\u1ebb.<\/p>\n<hr data-start=\"1532\" data-end=\"1535\" \/>\n<h3 data-section-id=\"1vff1nl\" data-start=\"1537\" data-end=\"1584\">\ud83d\udd25 2. Thi\u1ebft k\u1ebf 1 h\u1ed1 r\u1ed9ng + b\u00e0n ch\u1edd ti\u1ec7n l\u1ee3i<\/h3>\n<p data-start=\"1586\" data-end=\"1638\">S\u1ea3n ph\u1ea9m \u0111\u01b0\u1ee3c thi\u1ebft k\u1ebf <strong data-start=\"1609\" data-end=\"1637\">1 h\u1ed1 l\u1edbn k\u1ebft h\u1ee3p b\u00e0n ch\u1edd<\/strong>:<\/p>\n<ul data-start=\"1640\" data-end=\"1748\">\n<li data-section-id=\"pz62v9\" data-start=\"1640\" data-end=\"1680\">D\u1ec5 d\u00e0ng r\u1eeda n\u1ed3i, ch\u1ea3o k\u00edch th\u01b0\u1edbc l\u1edbn<\/li>\n<li data-section-id=\"10djouh\" data-start=\"1681\" data-end=\"1713\">Kh\u00f4ng gian thao t\u00e1c r\u1ed9ng r\u00e3i<\/li>\n<li data-section-id=\"350o6v\" data-start=\"1714\" data-end=\"1748\">B\u00e0n ch\u1edd gi\u00fap \u00fap b\u00e1t, \u0111\u1ec3 rau c\u1ee7<\/li>\n<\/ul>\n<p data-start=\"1750\" data-end=\"1812\">\ud83d\udc49 Gi\u00fap c\u00f4ng vi\u1ec7c n\u1ed9i tr\u1ee3 tr\u1edf n\u00ean nhanh ch\u00f3ng v\u00e0 g\u1ecdn g\u00e0ng h\u01a1n.<\/p>\n<hr data-start=\"1814\" data-end=\"1817\" \/>\n<h3 data-section-id=\"1kifmcg\" data-start=\"1819\" data-end=\"1864\">\ud83d\udd25 3. C\u00f4ng ngh\u1ec7 h\u00e0n TIG \u2013 Gia t\u0103ng \u0111\u1ed9 b\u1ec1n<\/h3>\n<p data-start=\"1866\" data-end=\"1933\">Ch\u1eadu \u0111\u01b0\u1ee3c s\u1ea3n xu\u1ea5t b\u1eb1ng c\u00f4ng ngh\u1ec7 <strong data-start=\"1900\" data-end=\"1932\">h\u00e0n TIG (Tungsten Inert Gas)<\/strong>:<\/p>\n<ul data-start=\"1935\" data-end=\"2023\">\n<li data-section-id=\"6svl0f\" data-start=\"1935\" data-end=\"1969\">M\u1ed1i h\u00e0n ch\u1eafc ch\u1eafn, kh\u00f4ng r\u00f2 r\u1ec9<\/li>\n<li data-section-id=\"td0kh0\" data-start=\"1970\" data-end=\"1994\">T\u0103ng \u0111\u1ed9 b\u1ec1n t\u1ed5ng th\u1ec3<\/li>\n<li data-section-id=\"1myv2cm\" data-start=\"1995\" data-end=\"2023\">\u0110\u1ea3m b\u1ea3o t\u00ednh th\u1ea9m m\u1ef9 cao<\/li>\n<\/ul>\n<p data-start=\"2025\" data-end=\"2076\">\ud83d\udc49 C\u00f4ng ngh\u1ec7 th\u01b0\u1eddng ch\u1ec9 c\u00f3 \u1edf c\u00e1c d\u00f2ng ch\u1eadu cao c\u1ea5p.<\/p>\n<hr data-start=\"2078\" data-end=\"2081\" \/>\n<h3 data-section-id=\"qumfvr\" data-start=\"2083\" data-end=\"2138\">\ud83d\udd25 4. B\u1ec1 m\u1eb7t Brushed Satin \u2013 Ch\u1ed1ng x\u01b0\u1edbc, d\u1ec5 v\u1ec7 sinh<\/h3>\n<p data-start=\"2140\" data-end=\"2196\">B\u1ec1 m\u1eb7t ch\u1eadu \u0111\u01b0\u1ee3c x\u1eed l\u00fd theo c\u00f4ng ngh\u1ec7 <strong data-start=\"2178\" data-end=\"2195\">Brushed Satin<\/strong>:<\/p>\n<ul data-start=\"2198\" data-end=\"2302\">\n<li data-section-id=\"1lgrb8s\" data-start=\"2198\" data-end=\"2243\">H\u1ea1n ch\u1ebf tr\u1ea7y x\u01b0\u1edbc trong qu\u00e1 tr\u00ecnh s\u1eed d\u1ee5ng<\/li>\n<li data-section-id=\"9m3apy\" data-start=\"2244\" data-end=\"2269\">Ch\u1ed1ng b\u00e1m b\u1ea9n, d\u1ea7u m\u1ee1<\/li>\n<li data-section-id=\"t9bjfn\" data-start=\"2270\" data-end=\"2302\">D\u1ec5 lau ch\u00f9i ch\u1ec9 v\u1edbi kh\u0103n m\u1ec1m<\/li>\n<\/ul>\n<p data-start=\"2304\" data-end=\"2341\">\ud83d\udc49 Gi\u1eef ch\u1eadu lu\u00f4n s\u1ea1ch s\u1ebd v\u00e0 s\u00e1ng \u0111\u1eb9p.<\/p>\n<hr data-start=\"2343\" data-end=\"2346\" \/>\n<h3 data-section-id=\"1hkb069\" data-start=\"2348\" data-end=\"2396\">\ud83d\udd25 5. C\u00f4ng ngh\u1ec7 ch\u1ed1ng \u1ed3n \u2013 Tr\u1ea3i nghi\u1ec7m \u00eam \u00e1i<\/h3>\n<p data-start=\"2398\" data-end=\"2439\">EHR-7545S \u0111\u01b0\u1ee3c trang b\u1ecb l\u1edbp ph\u1ee7 ch\u1ed1ng \u1ed3n:<\/p>\n<ul data-start=\"2441\" data-end=\"2524\">\n<li data-section-id=\"8p6fck\" data-start=\"2441\" data-end=\"2465\">Gi\u1ea3m ti\u1ebfng n\u01b0\u1edbc ch\u1ea3y<\/li>\n<li data-section-id=\"1hfdn40\" data-start=\"2466\" data-end=\"2491\">H\u1ea1n ch\u1ebf ti\u1ebfng va ch\u1ea1m<\/li>\n<li data-section-id=\"l2wl5f\" data-start=\"2492\" data-end=\"2524\">Mang l\u1ea1i tr\u1ea3i nghi\u1ec7m d\u1ec5 ch\u1ecbu<\/li>\n<\/ul>\n<p data-start=\"2526\" data-end=\"2573\">\ud83d\udc49 Ph\u00f9 h\u1ee3p v\u1edbi c\u0103n h\u1ed9 chung c\u01b0, kh\u00f4ng gian k\u00edn.<\/p>\n<hr data-start=\"2575\" data-end=\"2578\" \/>\n<h3 data-section-id=\"s3ez99\" data-start=\"2580\" data-end=\"2646\">\ud83d\udd25 6. H\u1ec7 th\u1ed1ng siphon th\u00f4ng minh \u2013 Tho\u00e1t n\u01b0\u1edbc nhanh, ch\u1ed1ng m\u00f9i<\/h3>\n<p data-start=\"2648\" data-end=\"2683\">S\u1ea3n ph\u1ea9m \u0111i k\u00e8m <strong data-start=\"2664\" data-end=\"2682\">siphon \u0111\u00f4i \u03a690<\/strong>:<\/p>\n<ul data-start=\"2685\" data-end=\"2762\">\n<li data-section-id=\"1guv2eh\" data-start=\"2685\" data-end=\"2705\">Tho\u00e1t n\u01b0\u1edbc nhanh<\/li>\n<li data-section-id=\"1qxuxl1\" data-start=\"2706\" data-end=\"2727\">Ng\u0103n m\u00f9i hi\u1ec7u qu\u1ea3<\/li>\n<li data-section-id=\"1qpbtud\" data-start=\"2728\" data-end=\"2747\">Ch\u1ed1ng tr\u00e0n n\u01b0\u1edbc<\/li>\n<li data-section-id=\"1dex0jo\" data-start=\"2748\" data-end=\"2762\">D\u1ec5 v\u1ec7 sinh<\/li>\n<\/ul>\n<p data-start=\"2764\" data-end=\"2806\">\ud83d\udc49 Gi\u00fap khu v\u1ef1c b\u1ebfp lu\u00f4n s\u1ea1ch s\u1ebd, kh\u00f4 r\u00e1o.<\/p>\n<hr data-start=\"2808\" data-end=\"2811\" \/>\n<h3 data-section-id=\"wcsney\" data-start=\"2813\" data-end=\"2867\">\ud83d\udd25 7. Thi\u1ebft k\u1ebf g\u1ecdn g\u00e0ng \u2013 Ph\u00f9 h\u1ee3p nhi\u1ec1u kh\u00f4ng gian<\/h3>\n<p data-start=\"2869\" data-end=\"2921\">V\u1edbi k\u00edch th\u01b0\u1edbc <strong data-start=\"2884\" data-end=\"2906\">750 x 450 x 220 mm<\/strong>, ch\u1eadu ph\u00f9 h\u1ee3p:<\/p>\n<ul data-start=\"2923\" data-end=\"2971\">\n<li data-section-id=\"pby3vi\" data-start=\"2923\" data-end=\"2937\">C\u0103n h\u1ed9 nh\u1ecf<\/li>\n<li data-section-id=\"116h8cn\" data-start=\"2938\" data-end=\"2949\">Nh\u00e0 ph\u1ed1<\/li>\n<li data-section-id=\"16wz6xb\" data-start=\"2950\" data-end=\"2971\">B\u1ebfp di\u1ec7n t\u00edch v\u1eeba<\/li>\n<\/ul>\n<p data-start=\"2973\" data-end=\"2984\">C\u00f3 th\u1ec3 l\u1eafp:<\/p>\n<ul data-start=\"2985\" data-end=\"3038\">\n<li data-section-id=\"1hqt7i0\" data-start=\"2985\" data-end=\"3010\">\u00c2m b\u00e0n (t\u0103ng th\u1ea9m m\u1ef9)<\/li>\n<li data-section-id=\"1sbadmb\" data-start=\"3011\" data-end=\"3038\">D\u01b0\u01a1ng b\u00e0n (d\u1ec5 thi c\u00f4ng)<\/li>\n<\/ul>\n<hr data-start=\"3040\" data-end=\"3043\" \/>\n<h2 data-section-id=\"1vaodv2\" data-start=\"3045\" data-end=\"3086\">Gi\u00e1 b\u00e1n ch\u1eadu r\u1eeda b\u00e1t EHR-7545S Ehrlich<\/h2>\n<p data-start=\"3088\" data-end=\"3133\">Hi\u1ec7n s\u1ea3n ph\u1ea9m \u0111ang c\u00f3 m\u1ee9c gi\u00e1 c\u1ef1c k\u1ef3 h\u1ea5p d\u1eabn:<\/p>\n<ul data-start=\"3135\" data-end=\"3200\">\n<li data-section-id=\"1vgjtk0\" data-start=\"3135\" data-end=\"3169\">\u274c Gi\u00e1 ni\u00eam y\u1ebft: <strong data-start=\"3153\" data-end=\"3167\">3.881.000\u0111<\/strong><\/li>\n<li data-section-id=\"ilo70h\" data-start=\"3170\" data-end=\"3200\">\u2705 Gi\u00e1 \u01b0u \u0111\u00e3i: <strong data-start=\"3186\" data-end=\"3200\">1.654.000\u0111<\/strong><\/li>\n<\/ul>\n<p data-start=\"3202\" data-end=\"3271\">\ud83d\udc49 M\u1ed9t trong nh\u1eefng m\u1ee9c gi\u00e1 t\u1ed1t nh\u1ea5t trong ph\u00e2n kh\u00fac ch\u1eadu inox SUS304.<\/p>\n<hr data-start=\"3273\" data-end=\"3276\" \/>\n<h2 data-section-id=\"y6o1hb\" data-start=\"3278\" data-end=\"3324\">So s\u00e1nh EHR-7545S v\u1edbi ch\u1eadu r\u1eeda th\u00f4ng th\u01b0\u1eddng<\/h2>\n<div class=\"TyagGW_tableContainer\">\n<div class=\"group TyagGW_tableWrapper flex flex-col-reverse w-fit\" tabindex=\"-1\">\n<table class=\"w-fit min-w-(--thread-content-width)\" data-start=\"3326\" data-end=\"3597\">\n<thead data-start=\"3326\" data-end=\"3372\">\n<tr data-start=\"3326\" data-end=\"3372\">\n<th class=\"\" data-start=\"3326\" data-end=\"3337\" data-col-size=\"sm\">Ti\u00eau ch\u00ed<\/th>\n<th class=\"\" data-start=\"3337\" data-end=\"3357\" data-col-size=\"sm\">EHR-7545S Ehrlich<\/th>\n<th class=\"\" data-start=\"3357\" data-end=\"3372\" data-col-size=\"sm\">Ch\u1eadu th\u01b0\u1eddng<\/th>\n<\/tr>\n<\/thead>\n<tbody data-start=\"3419\" data-end=\"3597\">\n<tr data-start=\"3419\" data-end=\"3455\">\n<td data-start=\"3419\" data-end=\"3431\" data-col-size=\"sm\">Ch\u1ea5t li\u1ec7u<\/td>\n<td data-col-size=\"sm\" data-start=\"3431\" data-end=\"3440\">SUS304<\/td>\n<td data-col-size=\"sm\" data-start=\"3440\" data-end=\"3455\">Inox th\u01b0\u1eddng<\/td>\n<\/tr>\n<tr data-start=\"3456\" data-end=\"3498\">\n<td data-start=\"3456\" data-end=\"3468\" data-col-size=\"sm\">C\u00f4ng ngh\u1ec7<\/td>\n<td data-col-size=\"sm\" data-start=\"3468\" data-end=\"3485\">Handmade + TIG<\/td>\n<td data-col-size=\"sm\" data-start=\"3485\" data-end=\"3498\">D\u1eadp khu\u00f4n<\/td>\n<\/tr>\n<tr data-start=\"3499\" data-end=\"3524\">\n<td data-start=\"3499\" data-end=\"3510\" data-col-size=\"sm\">Ch\u1ed1ng \u1ed3n<\/td>\n<td data-col-size=\"sm\" data-start=\"3510\" data-end=\"3515\">C\u00f3<\/td>\n<td data-col-size=\"sm\" data-start=\"3515\" data-end=\"3524\">Kh\u00f4ng<\/td>\n<\/tr>\n<tr data-start=\"3525\" data-end=\"3554\">\n<td data-start=\"3525\" data-end=\"3534\" data-col-size=\"sm\">\u0110\u1ed9 b\u1ec1n<\/td>\n<td data-col-size=\"sm\" data-start=\"3534\" data-end=\"3540\">Cao<\/td>\n<td data-col-size=\"sm\" data-start=\"3540\" data-end=\"3554\">Trung b\u00ecnh<\/td>\n<\/tr>\n<tr data-start=\"3555\" data-end=\"3597\">\n<td data-start=\"3555\" data-end=\"3568\" data-col-size=\"sm\">Tho\u00e1t n\u01b0\u1edbc<\/td>\n<td data-col-size=\"sm\" data-start=\"3568\" data-end=\"3587\">Nhanh, ch\u1ed1ng m\u00f9i<\/td>\n<td data-col-size=\"sm\" data-start=\"3587\" data-end=\"3597\">C\u01a1 b\u1ea3n<\/td>\n<\/tr>\n<\/tbody>\n<\/table>\n<\/div>\n<\/div>\n<p data-start=\"3599\" data-end=\"3654\">\ud83d\udc49 S\u1ea3n ph\u1ea9m v\u01b0\u1ee3t tr\u1ed9i v\u1ec1 \u0111\u1ed9 b\u1ec1n v\u00e0 tr\u1ea3i nghi\u1ec7m s\u1eed d\u1ee5ng.<\/p>\n<hr data-start=\"3656\" data-end=\"3659\" \/>\n<h2 data-section-id=\"16i6fnd\" data-start=\"3661\" data-end=\"3698\">Ai n\u00ean mua ch\u1eadu r\u1eeda b\u00e1t EHR-7545S?<\/h2>\n<h3 data-section-id=\"sz272n\" data-start=\"3700\" data-end=\"3731\">\ud83d\udc68\u200d\ud83d\udc69\u200d\ud83d\udc67 Gia \u0111\u00ecnh nh\u1ecf \u2013 v\u1eeba<\/h3>\n<ul data-start=\"3732\" data-end=\"3788\">\n<li data-section-id=\"1s7rfpt\" data-start=\"3732\" data-end=\"3758\">Nhu c\u1ea7u s\u1eed d\u1ee5ng c\u01a1 b\u1ea3n<\/li>\n<li data-section-id=\"6lnjoi\" data-start=\"3759\" data-end=\"3788\">\u01afu ti\u00ean ti\u1ebft ki\u1ec7m chi ph\u00ed<\/li>\n<\/ul>\n<h3 data-section-id=\"12i01ib\" data-start=\"3790\" data-end=\"3812\">\ud83c\udfe2 C\u0103n h\u1ed9 chung c\u01b0<\/h3>\n<ul data-start=\"3813\" data-end=\"3868\">\n<li data-section-id=\"1rjomzd\" data-start=\"3813\" data-end=\"3842\">Kh\u00f4ng gian b\u1ebfp v\u1eeba v\u00e0 nh\u1ecf<\/li>\n<li data-section-id=\"c9ha1r\" data-start=\"3843\" data-end=\"3868\">C\u1ea7n thi\u1ebft b\u1ecb g\u1ecdn g\u00e0ng<\/li>\n<\/ul>\n<h3 data-section-id=\"weu9k5\" data-start=\"3870\" data-end=\"3904\">\ud83c\udfe0 Ng\u01b0\u1eddi mu\u1ed1n t\u1ed1i \u01b0u ng\u00e2n s\u00e1ch<\/h3>\n<ul data-start=\"3905\" data-end=\"3944\">\n<li data-section-id=\"p8193z\" data-start=\"3905\" data-end=\"3944\">Gi\u00e1 r\u1ebb nh\u01b0ng v\u1eabn \u0111\u1ea3m b\u1ea3o ch\u1ea5t l\u01b0\u1ee3ng<\/li>\n<\/ul>\n<hr data-start=\"3946\" data-end=\"3949\" \/>\n<h2 data-section-id=\"1vqio95\" data-start=\"3951\" data-end=\"3983\">H\u01b0\u1edbng d\u1eabn s\u1eed d\u1ee5ng v\u00e0 b\u1ea3o qu\u1ea3n<\/h2>\n<h3 data-section-id=\"1hcg8si\" data-start=\"3985\" data-end=\"3995\">\u2714 N\u00ean:<\/h3>\n<ul data-start=\"3996\" data-end=\"4063\">\n<li data-section-id=\"17j7skc\" data-start=\"3996\" data-end=\"4023\">Lau kh\u00f4 sau khi s\u1eed d\u1ee5ng<\/li>\n<li data-section-id=\"1vhw22p\" data-start=\"4024\" data-end=\"4043\">V\u1ec7 sinh \u0111\u1ecbnh k\u1ef3<\/li>\n<li data-section-id=\"1yxni95\" data-start=\"4044\" data-end=\"4063\">D\u00f9ng r\u1ed5 l\u1ecdc r\u00e1c<\/li>\n<\/ul>\n<h3 data-section-id=\"1fkv5s4\" data-start=\"4065\" data-end=\"4081\">\u274c Kh\u00f4ng n\u00ean:<\/h3>\n<ul data-start=\"4082\" data-end=\"4154\">\n<li data-section-id=\"o46a52\" data-start=\"4082\" data-end=\"4104\">D\u00f9ng h\u00f3a ch\u1ea5t m\u1ea1nh<\/li>\n<li data-section-id=\"1dhhib0\" data-start=\"4105\" data-end=\"4130\">Ch\u00e0 b\u1eb1ng v\u1eadt s\u1eafc nh\u1ecdn<\/li>\n<li data-section-id=\"1t23i0h\" data-start=\"4131\" data-end=\"4154\">\u0110\u1ed5 d\u1ea7u m\u1ee1 tr\u1ef1c ti\u1ebfp<\/li>\n<\/ul>\n<hr data-start=\"4156\" data-end=\"4159\" \/>\n<h2 data-section-id=\"jhn6qc\" data-start=\"4161\" data-end=\"4201\">V\u00ec sao n\u00ean ch\u1ecdn ch\u1eadu r\u1eeda b\u00e1t Ehrlich?<\/h2>\n<ul data-start=\"4203\" data-end=\"4307\">\n<li data-section-id=\"6zm46q\" data-start=\"4203\" data-end=\"4233\">Th\u01b0\u01a1ng hi\u1ec7u phong c\u00e1ch \u0110\u1ee9c<\/li>\n<li data-section-id=\"2r9hhl\" data-start=\"4234\" data-end=\"4264\">Ch\u1ea5t l\u01b0\u1ee3ng \u1ed5n \u0111\u1ecbnh, b\u1ec1n b\u1ec9<\/li>\n<li data-section-id=\"16ytp4j\" data-start=\"4265\" data-end=\"4286\">Thi\u1ebft k\u1ebf hi\u1ec7n \u0111\u1ea1i<\/li>\n<li data-section-id=\"lald93\" data-start=\"4287\" data-end=\"4307\">Gi\u00e1 th\u00e0nh h\u1ee3p l\u00fd<\/li>\n<\/ul>\n<p data-start=\"4309\" data-end=\"4377\">\ud83d\udc49 Ehrlich l\u00e0 l\u1ef1a ch\u1ecdn c\u00e2n b\u1eb1ng gi\u1eefa <strong data-start=\"4346\" data-end=\"4376\">gi\u00e1 \u2013 ch\u1ea5t l\u01b0\u1ee3ng \u2013 th\u1ea9m m\u1ef9<\/strong>.<\/p>\n<hr data-start=\"4379\" data-end=\"4382\" \/>\n<h2 data-section-id=\"1g9qit7\" data-start=\"4384\" data-end=\"4418\">K\u1ebft lu\u1eadn: C\u00f3 n\u00ean mua EHR-7545S?<\/h2>\n<p data-start=\"4420\" data-end=\"4463\">C\u00e2u tr\u1ea3 l\u1eddi l\u00e0 <strong data-start=\"4435\" data-end=\"4450\">R\u1ea4T N\u00caN MUA<\/strong> n\u1ebfu b\u1ea1n c\u1ea7n:<\/p>\n<p data-start=\"4465\" data-end=\"4568\">\u2714 Ch\u1eadu r\u1eeda b\u00e1t inox SUS304<br data-start=\"4491\" data-end=\"4494\" \/>\u2714 Thi\u1ebft k\u1ebf g\u1ecdn, ti\u1ec7n d\u1ee5ng<br data-start=\"4519\" data-end=\"4522\" \/>\u2714 Gi\u00e1 r\u1ebb, d\u1ec5 ti\u1ebfp c\u1eadn<br data-start=\"4543\" data-end=\"4546\" \/>\u2714 Ch\u1ea5t l\u01b0\u1ee3ng \u1ed5n \u0111\u1ecbnh<\/p>\n<p data-start=\"4570\" data-end=\"4660\">V\u1edbi m\u1ee9c gi\u00e1 ch\u1ec9 <strong data-start=\"4586\" data-end=\"4600\">1.654.000\u0111<\/strong>, EHR-7545S l\u00e0 s\u1ea3n ph\u1ea9m c\u1ef1c k\u1ef3 \u0111\u00e1ng \u0111\u1ea7u t\u01b0 cho m\u1ecdi gia \u0111\u00ecnh.<\/p>\n<p data-start=\"4866\" data-end=\"4979\"><strong data-start=\"4866\" data-end=\"4917\">Ehrlich Vi\u1ec7t Nam \u2013 Thi\u1ebft B\u1ecb Nh\u00e0 B\u1ebfp &amp; Ph\u00f2ng T\u1eafm<\/strong><br data-start=\"4917\" data-end=\"4920\" \/>\ud83d\udccd\u00a0\u0110\u1ecba ch\u1ec9: S\u1ed1 6 Li\u1ec1n K\u1ec1 22, K\u0110T V\u0103n Kh\u00ea, H\u00e0 \u0110\u00f4ng, H\u00e0 N\u1ed9i<\/p>\n<p data-start=\"4981\" data-end=\"5105\">\ud83c\udf10\u00a0Website:\u00a0<a class=\"decorated-link\" href=\"https:\/\/ehrlichvietnam.vn\/\" target=\"_new\" rel=\"noopener\" data-start=\"4993\" data-end=\"5019\">https:\/\/ehrlichvietnam.vn\/<\/a><br data-start=\"5019\" data-end=\"5022\" \/>\ud83d\udcde\u00a0Hotline:\u00a0<strong data-start=\"5034\" data-end=\"5051\">0932 27 05 20<\/strong><br data-start=\"5051\" data-end=\"5054\" \/>\ud83d\udcac\u00a0Zalo OA:\u00a0<a class=\"decorated-link\" href=\"https:\/\/zalo.me\/s\/2888141157129558325\" target=\"_new\" rel=\"noopener\" data-start=\"5066\" data-end=\"5103\">https:\/\/zalo.me\/s\/2888141157129558325<\/a><\/p>\n<p data-start=\"5107\" data-end=\"5218\">\ud83c\udfa5\u00a0TikTok:\u00a0<a class=\"decorated-link\" href=\"https:\/\/www.tiktok.com\/@ehrlich.chia.s?_r=1\" target=\"_new\" rel=\"noopener\" data-start=\"5118\" data-end=\"5162\">https:\/\/www.tiktok.com\/@ehrlichthietbivesinh<\/a><br data-start=\"5162\" data-end=\"5165\" \/>\u25b6\ufe0f\u00a0YouTube:\u00a0<a class=\"decorated-link\" href=\"https:\/\/www.youtube.com\/@EhrlichVietNam\" target=\"_new\" rel=\"noopener\" data-start=\"5177\" data-end=\"5216\">https:\/\/www.youtube.com\/@EhrlichVietNam<\/a><\/p>\n<p data-start=\"5220\" data-end=\"5265\">\ud83d\ude9a\u00a0Giao h\u00e0ng to\u00e0n qu\u1ed1c \u2013 t\u01b0 v\u1ea5n nhanh ch\u00f3ng<\/p>\n<p data-start=\"5267\" data-end=\"5313\">\ud83d\udc49\u00a0<strong data-start=\"5270\" data-end=\"5313\">Inbox ngay \u0111\u1ec3 nh\u1eadn \u01b0u \u0111\u00e3i th\u00eam h\u00f4m nay!<\/strong><\/p>\n<p data-start=\"4948\" data-end=\"5038\">\n","protected":false},"excerpt":{"rendered":"<p data-start=\"0\" data-end=\"284\"><strong data-start=\"0\" data-end=\"24\">Ch\u1eadu r\u1eeda b\u00e1t Ehrlich<\/strong> l\u00e0 d\u00f2ng thi\u1ebft b\u1ecb nh\u00e0 b\u1ebfp cao c\u1ea5p mang phong c\u00e1ch \u0110\u1ee9c, n\u1ed5i b\u1eadt v\u1edbi thi\u1ebft k\u1ebf hi\u1ec7n \u0111\u1ea1i, \u0111\u1ed9 b\u1ec1n cao v\u00e0 t\u00ednh ti\u1ec7n d\u1ee5ng v\u01b0\u1ee3t tr\u1ed9i. S\u1ea3n ph\u1ea9m th\u01b0\u1eddng \u0111\u01b0\u1ee3c ch\u1ebf t\u1ea1o t\u1eeb <strong data-start=\"182\" data-end=\"205\">inox SUS304 cao c\u1ea5p<\/strong>, gi\u00fap ch\u1ed1ng g\u1ec9 s\u00e9t, ch\u1ed1ng \u0103n m\u00f2n v\u00e0 \u0111\u1ea3m b\u1ea3o an to\u00e0n cho s\u1ee9c kh\u1ecfe ng\u01b0\u1eddi d\u00f9ng.<\/p>\n<p data-start=\"286\" data-end=\"608\">C\u00e1c m\u1eabu ch\u1eadu Ehrlich \u0111a d\u1ea1ng v\u1ec1 ki\u1ec3u d\u00e1ng nh\u01b0 <strong data-start=\"332\" data-end=\"360\">1 h\u1ed1, 2 h\u1ed1 ho\u1eb7c handmade<\/strong>, ph\u00f9 h\u1ee3p v\u1edbi nhi\u1ec1u kh\u00f4ng gian b\u1ebfp t\u1eeb chung c\u01b0 \u0111\u1ebfn nh\u00e0 ph\u1ed1, bi\u1ec7t th\u1ef1. Ngo\u00e0i ra, ch\u1eadu c\u00f2n \u0111\u01b0\u1ee3c t\u00edch h\u1ee3p nhi\u1ec1u c\u00f4ng ngh\u1ec7 hi\u1ec7n \u0111\u1ea1i nh\u01b0 <strong data-start=\"492\" data-end=\"554\">ch\u1ed1ng \u1ed3n, ch\u1ed1ng tr\u00e0n, tho\u00e1t n\u01b0\u1edbc nhanh v\u00e0 kh\u1eed m\u00f9i hi\u1ec7u qu\u1ea3<\/strong>, mang l\u1ea1i tr\u1ea3i nghi\u1ec7m s\u1eed d\u1ee5ng ti\u1ec7n nghi v\u00e0 s\u1ea1ch s\u1ebd.<\/p>\n<p data-start=\"610\" data-end=\"927\">L\u00e0 th\u01b0\u01a1ng hi\u1ec7u chuy\u00ean cung c\u1ea5p gi\u1ea3i ph\u00e1p thi\u1ebft b\u1ecb b\u1ebfp \u0111\u1ed3ng b\u1ed9, Ehrlich h\u01b0\u1edbng \u0111\u1ebfn s\u1ef1 <strong data-start=\"694\" data-end=\"734\">ti\u1ec7n nghi, th\u1ea9m m\u1ef9 v\u00e0 t\u1ed1i \u01b0u chi ph\u00ed<\/strong> cho kh\u00f4ng gian s\u1ed1ng hi\u1ec7n \u0111\u1ea1i . Nh\u1edd \u0111\u00f3, ch\u1eadu r\u1eeda b\u00e1t Ehrlich kh\u00f4ng ch\u1ec9 \u0111\u00e1p \u1ee9ng t\u1ed1t nhu c\u1ea7u s\u1eed d\u1ee5ng h\u00e0ng ng\u00e0y m\u00e0 c\u00f2n g\u00f3p ph\u1ea7n n\u00e2ng t\u1ea7m \u0111\u1eb3ng c\u1ea5p cho gian b\u1ebfp.<\/p>\n","protected":false},"featured_media":4586,"comment_status":"open","ping_status":"closed","template":"","meta":{"_acf_changed":false},"product_brand":[],"product_cat":[15,44,83],"product_tag":[],"class_list":{"0":"post-4584","1":"product","2":"type-product","3":"status-publish","4":"has-post-thumbnail","6":"product_cat-san-pham","7":"product_cat-thiet-bi-phong-bep","8":"product_cat-chau-rua-bat","10":"first","11":"instock","12":"sale","13":"shipping-taxable","14":"purchasable","15":"product-type-simple"},"acf":[],"_links":{"self":[{"href":"https:\/\/ehrlichvietnam.vn\/en\/wp-json\/wp\/v2\/product\/4584","targetHints":{"allow":["GET"]}}],"collection":[{"href":"https:\/\/ehrlichvietnam.vn\/en\/wp-json\/wp\/v2\/product"}],"about":[{"href":"https:\/\/ehrlichvietnam.vn\/en\/wp-json\/wp\/v2\/types\/product"}],"replies":[{"embeddable":true,"href":"https:\/\/ehrlichvietnam.vn\/en\/wp-json\/wp\/v2\/comments?post=4584"}],"wp:featuredmedia":[{"embeddable":true,"href":"https:\/\/ehrlichvietnam.vn\/en\/wp-json\/wp\/v2\/media\/4586"}],"wp:attachment":[{"href":"https:\/\/ehrlichvietnam.vn\/en\/wp-json\/wp\/v2\/media?parent=4584"}],"wp:term":[{"taxonomy":"product_brand","embeddable":true,"href":"https:\/\/ehrlichvietnam.vn\/en\/wp-json\/wp\/v2\/product_brand?post=4584"},{"taxonomy":"product_cat","embeddable":true,"href":"https:\/\/ehrlichvietnam.vn\/en\/wp-json\/wp\/v2\/product_cat?post=4584"},{"taxonomy":"product_tag","embeddable":true,"href":"https:\/\/ehrlichvietnam.vn\/en\/wp-json\/wp\/v2\/product_tag?post=4584"}],"curies":[{"name":"wp","href":"https:\/\/api.w.org\/{rel}","templated":true}]}}