{"id":4580,"date":"2026-04-02T09:08:25","date_gmt":"2026-04-02T09:08:25","guid":{"rendered":"https:\/\/ehrlichvietnam.vn\/?post_type=product&#038;p=4580"},"modified":"2026-04-02T09:19:04","modified_gmt":"2026-04-02T09:19:04","slug":"chau-rua-bat-ehr-7848st","status":"publish","type":"product","link":"https:\/\/ehrlichvietnam.vn\/chau-rua-bat-ehr-7848st\/","title":{"rendered":"Ch\u1eadu r\u1eeda b\u00e1t EHR-7848ST"},"content":{"rendered":"<h1 data-section-id=\"bxkj7v\" data-start=\"63\" data-end=\"137\">Ch\u1eadu R\u1eeda B\u00e1t EHR-7848ST Ehrlich \u2013 Gi\u1ea3i Ph\u00e1p T\u1ed1i \u01afu Cho Gian B\u1ebfp Hi\u1ec7n \u0110\u1ea1i<\/h1>\n<p data-start=\"139\" data-end=\"455\">Trong kh\u00f4ng gian b\u1ebfp hi\u1ec7n \u0111\u1ea1i, vi\u1ec7c l\u1ef1a ch\u1ecdn m\u1ed9t chi\u1ebfc <strong data-start=\"194\" data-end=\"225\">ch\u1eadu r\u1eeda b\u00e1t ch\u1ea5t l\u01b0\u1ee3ng cao<\/strong> kh\u00f4ng ch\u1ec9 gi\u00fap t\u1ed1i \u01b0u c\u00f4ng n\u0103ng m\u00e0 c\u00f2n g\u00f3p ph\u1ea7n n\u00e2ng cao th\u1ea9m m\u1ef9 t\u1ed5ng th\u1ec3. N\u1ebfu b\u1ea1n \u0111ang t\u00ecm ki\u1ebfm m\u1ed9t s\u1ea3n ph\u1ea9m v\u1eeba b\u1ec1n b\u1ec9, ti\u1ec7n d\u1ee5ng l\u1ea1i c\u00f3 gi\u00e1 th\u00e0nh h\u1ee3p l\u00fd, th\u00ec <strong data-start=\"387\" data-end=\"422\">ch\u1eadu r\u1eeda b\u00e1t EHR-7848ST Ehrlich<\/strong> ch\u00ednh l\u00e0 l\u1ef1a ch\u1ecdn \u0111\u00e1ng c\u00e2n nh\u1eafc.<\/p>\n<p data-start=\"457\" data-end=\"623\">S\u1edf h\u1eefu thi\u1ebft k\u1ebf tinh t\u1ebf theo phong c\u00e1ch \u0110\u1ee9c, c\u00f9ng nhi\u1ec1u c\u00f4ng ngh\u1ec7 ti\u00ean ti\u1ebfn, EHR-7848ST \u0111ang tr\u1edf th\u00e0nh m\u1ed9t trong nh\u1eefng m\u1eabu ch\u1eadu r\u1eeda b\u00e1n ch\u1ea1y tr\u00ean th\u1ecb tr\u01b0\u1eddng hi\u1ec7n nay.<\/p>\n<hr data-start=\"625\" data-end=\"628\" \/>\n<h2 data-section-id=\"1f3uzak\" data-start=\"630\" data-end=\"677\">T\u1ed5ng quan v\u1ec1 ch\u1eadu r\u1eeda b\u00e1t EHR-7848ST Ehrlich<\/h2>\n<p data-start=\"679\" data-end=\"847\">Ch\u1eadu r\u1eeda b\u00e1t EHR-7848ST l\u00e0 d\u00f2ng s\u1ea3n ph\u1ea9m thu\u1ed9c th\u01b0\u01a1ng hi\u1ec7u Ehrlich Germany Style \u2013 n\u1ed5i ti\u1ebfng v\u1edbi c\u00e1c thi\u1ebft b\u1ecb b\u1ebfp ch\u1ea5t l\u01b0\u1ee3ng cao, thi\u1ebft k\u1ebf hi\u1ec7n \u0111\u1ea1i v\u00e0 \u0111\u1ed9 b\u1ec1n v\u01b0\u1ee3t tr\u1ed9i.<\/p>\n<h3 data-section-id=\"j0wzb7\" data-start=\"849\" data-end=\"870\">Th\u00f4ng tin c\u01a1 b\u1ea3n:<\/h3>\n<ul data-start=\"871\" data-end=\"1150\">\n<li data-section-id=\"jk28ss\" data-start=\"871\" data-end=\"916\"><strong data-start=\"873\" data-end=\"890\">T\u00ean s\u1ea3n ph\u1ea9m:<\/strong> Ch\u1eadu r\u1eeda b\u00e1t EHR-7848ST<\/li>\n<li data-section-id=\"1qnob3c\" data-start=\"917\" data-end=\"959\"><strong data-start=\"919\" data-end=\"935\">Th\u01b0\u01a1ng hi\u1ec7u:<\/strong> Ehrlich Germany Style<\/li>\n<li data-section-id=\"185a7oz\" data-start=\"960\" data-end=\"995\"><strong data-start=\"962\" data-end=\"976\">Ch\u1ea5t li\u1ec7u:<\/strong> Inox SUS304 18\/8<\/li>\n<li data-section-id=\"htf4g8\" data-start=\"996\" data-end=\"1030\"><strong data-start=\"998\" data-end=\"1012\">Lo\u1ea1i ch\u1eadu:<\/strong> 1 h\u1ed1 c\u00f3 b\u00e0n ch\u1edd<\/li>\n<li data-section-id=\"1t4pba0\" data-start=\"1031\" data-end=\"1069\"><strong data-start=\"1033\" data-end=\"1048\">K\u00edch th\u01b0\u1edbc:<\/strong> 780 x 480 x 220 mm<\/li>\n<li data-section-id=\"1r8s06r\" data-start=\"1070\" data-end=\"1107\"><strong data-start=\"1072\" data-end=\"1086\">C\u00f4ng ngh\u1ec7:<\/strong> Handmade + h\u00e0n TIG<\/li>\n<li data-section-id=\"1p19yry\" data-start=\"1108\" data-end=\"1150\"><strong data-start=\"1110\" data-end=\"1121\">B\u1ec1 m\u1eb7t:<\/strong> Brushed Satin ch\u1ed1ng \u0103n m\u00f2n<\/li>\n<\/ul>\n<hr data-start=\"1152\" data-end=\"1155\" \/>\n<h2 data-section-id=\"1rnnft5\" data-start=\"1157\" data-end=\"1203\">\u01afu \u0111i\u1ec3m n\u1ed5i b\u1eadt c\u1ee7a ch\u1eadu r\u1eeda b\u00e1t EHR-7848ST<\/h2>\n<h3 data-section-id=\"9rjxwc\" data-start=\"1205\" data-end=\"1269\">\ud83d\udd25 1. Ch\u1ea5t li\u1ec7u inox SUS304 cao c\u1ea5p \u2013 B\u1ec1n \u0111\u1eb9p theo th\u1eddi gian<\/h3>\n<p data-start=\"1271\" data-end=\"1373\">EHR-7848ST \u0111\u01b0\u1ee3c l\u00e0m t\u1eeb <strong data-start=\"1294\" data-end=\"1314\">inox SUS304 18\/8<\/strong>, lo\u1ea1i v\u1eadt li\u1ec7u cao c\u1ea5p th\u01b0\u1eddng d\u00f9ng trong thi\u1ebft b\u1ecb nh\u00e0 b\u1ebfp:<\/p>\n<ul data-start=\"1375\" data-end=\"1520\">\n<li data-section-id=\"lod1fj\" data-start=\"1375\" data-end=\"1415\">Kh\u00f4ng g\u1ec9 s\u00e9t trong m\u00f4i tr\u01b0\u1eddng \u1ea9m \u01b0\u1edbt<\/li>\n<li data-section-id=\"zd9rlf\" data-start=\"1416\" data-end=\"1441\">Ch\u1ed1ng \u0103n m\u00f2n hi\u1ec7u qu\u1ea3<\/li>\n<li data-section-id=\"14fkybm\" data-start=\"1442\" data-end=\"1479\">An to\u00e0n cho th\u1ef1c ph\u1ea9m v\u00e0 s\u1ee9c kh\u1ecfe<\/li>\n<li data-section-id=\"1g9j7n8\" data-start=\"1480\" data-end=\"1520\">D\u1ec5 v\u1ec7 sinh, gi\u1eef \u0111\u1ed9 s\u00e1ng b\u00f3ng l\u00e2u d\u00e0i<\/li>\n<\/ul>\n<p data-start=\"1522\" data-end=\"1613\">\ud83d\udc49 \u0110\u00e2y l\u00e0 y\u1ebfu t\u1ed1 quan tr\u1ecdng gi\u00fap s\u1ea3n ph\u1ea9m v\u01b0\u1ee3t tr\u1ed9i so v\u1edbi c\u00e1c lo\u1ea1i ch\u1eadu inox th\u00f4ng th\u01b0\u1eddng.<\/p>\n<hr data-start=\"1615\" data-end=\"1618\" \/>\n<h3 data-section-id=\"ui5hwx\" data-start=\"1620\" data-end=\"1676\">\ud83d\udd25 2. Thi\u1ebft k\u1ebf 1 h\u1ed1 r\u1ed9ng \u2013 T\u1ed1i \u01b0u kh\u00f4ng gian s\u1eed d\u1ee5ng<\/h3>\n<p data-start=\"1678\" data-end=\"1736\">Kh\u00e1c v\u1edbi ch\u1eadu 2 h\u1ed1, EHR-7848ST \u0111\u01b0\u1ee3c thi\u1ebft k\u1ebf <strong data-start=\"1723\" data-end=\"1735\">1 h\u1ed1 l\u1edbn<\/strong>:<\/p>\n<ul data-start=\"1738\" data-end=\"1856\">\n<li data-section-id=\"pz62v9\" data-start=\"1738\" data-end=\"1778\">D\u1ec5 d\u00e0ng r\u1eeda n\u1ed3i, ch\u1ea3o k\u00edch th\u01b0\u1edbc l\u1edbn<\/li>\n<li data-section-id=\"1ccez22\" data-start=\"1779\" data-end=\"1809\">T\u1ed1i \u01b0u kh\u00f4ng gian thao t\u00e1c<\/li>\n<li data-section-id=\"ysw05d\" data-start=\"1810\" data-end=\"1856\">Ph\u00f9 h\u1ee3p v\u1edbi gia \u0111\u00ecnh \u00edt ng\u01b0\u1eddi ho\u1eb7c b\u1ebfp nh\u1ecf<\/li>\n<\/ul>\n<p data-start=\"1858\" data-end=\"1901\">Ngo\u00e0i ra, ch\u1eadu c\u00f2n c\u00f3 <strong data-start=\"1880\" data-end=\"1900\">b\u00e0n ch\u1edd ti\u1ec7n l\u1ee3i<\/strong>:<\/p>\n<ul data-start=\"1902\" data-end=\"1971\">\n<li data-section-id=\"uz6uwv\" data-start=\"1902\" data-end=\"1934\">D\u00f9ng \u0111\u1ec3 \u00fap b\u00e1t, \u0111\u1ec3 th\u1ef1c ph\u1ea9m<\/li>\n<li data-section-id=\"1t9ho62\" data-start=\"1935\" data-end=\"1971\">Gi\u1eef cho khu v\u1ef1c b\u1ebfp lu\u00f4n kh\u00f4 r\u00e1o<\/li>\n<\/ul>\n<hr data-start=\"1973\" data-end=\"1976\" \/>\n<h3 data-section-id=\"5k6is7\" data-start=\"1978\" data-end=\"2024\">\ud83d\udd25 3. C\u00f4ng ngh\u1ec7 h\u00e0n TIG \u2013 \u0110\u1ed9 b\u1ec1n v\u01b0\u1ee3t tr\u1ed9i<\/h3>\n<p data-start=\"2026\" data-end=\"2086\">S\u1ea3n ph\u1ea9m s\u1eed d\u1ee5ng c\u00f4ng ngh\u1ec7 <strong data-start=\"2053\" data-end=\"2085\">h\u00e0n TIG (Tungsten Inert Gas)<\/strong>:<\/p>\n<ul data-start=\"2088\" data-end=\"2178\">\n<li data-section-id=\"dqdsfl\" data-start=\"2088\" data-end=\"2119\">M\u1ed1i h\u00e0n ch\u1eafc ch\u1eafn, kh\u00f4ng l\u1ed9<\/li>\n<li data-section-id=\"9ohwlt\" data-start=\"2120\" data-end=\"2151\">\u0110\u1ea3m b\u1ea3o \u0111\u1ed9 k\u00edn, kh\u00f4ng r\u00f2 r\u1ec9<\/li>\n<li data-section-id=\"11lnpp4\" data-start=\"2152\" data-end=\"2178\">T\u0103ng tu\u1ed5i th\u1ecd s\u1ea3n ph\u1ea9m<\/li>\n<\/ul>\n<p data-start=\"2180\" data-end=\"2237\">\ud83d\udc49 \u0110\u00e2y l\u00e0 ti\u00eau chu\u1ea9n th\u01b0\u1eddng th\u1ea5y \u1edf c\u00e1c d\u00f2ng ch\u1eadu cao c\u1ea5p.<\/p>\n<hr data-start=\"2239\" data-end=\"2242\" \/>\n<h3 data-section-id=\"2trgcz\" data-start=\"2244\" data-end=\"2302\">\ud83d\udd25 4. B\u1ec1 m\u1eb7t Brushed Satin \u2013 Ch\u1ed1ng x\u01b0\u1edbc, ch\u1ed1ng b\u00e1m b\u1ea9n<\/h3>\n<p data-start=\"2304\" data-end=\"2354\">C\u00f4ng ngh\u1ec7 x\u1eed l\u00fd b\u1ec1 m\u1eb7t <strong data-start=\"2327\" data-end=\"2344\">Brushed Satin<\/strong> mang l\u1ea1i:<\/p>\n<ul data-start=\"2356\" data-end=\"2453\">\n<li data-section-id=\"auf1ie\" data-start=\"2356\" data-end=\"2388\">Kh\u1ea3 n\u0103ng ch\u1ed1ng tr\u1ea7y x\u01b0\u1edbc t\u1ed1t<\/li>\n<li data-section-id=\"je3eh2\" data-start=\"2389\" data-end=\"2416\">H\u1ea1n ch\u1ebf b\u00e1m b\u1ea9n, d\u1ea7u m\u1ee1<\/li>\n<li data-section-id=\"uaml3v\" data-start=\"2417\" data-end=\"2453\">D\u1ec5 lau ch\u00f9i, v\u1ec7 sinh nhanh ch\u00f3ng<\/li>\n<\/ul>\n<p data-start=\"2455\" data-end=\"2500\">\ud83d\udc49 Gi\u1eef ch\u1eadu lu\u00f4n s\u1ea1ch s\u1ebd v\u00e0 s\u00e1ng \u0111\u1eb9p nh\u01b0 m\u1edbi.<\/p>\n<hr data-start=\"2502\" data-end=\"2505\" \/>\n<h3 data-section-id=\"1hkb069\" data-start=\"2507\" data-end=\"2555\">\ud83d\udd25 5. C\u00f4ng ngh\u1ec7 ch\u1ed1ng \u1ed3n \u2013 Tr\u1ea3i nghi\u1ec7m \u00eam \u00e1i<\/h3>\n<p data-start=\"2557\" data-end=\"2596\">Ch\u1eadu \u0111\u01b0\u1ee3c ph\u1ee7 l\u1edbp ch\u1ed1ng \u1ed3n chuy\u00ean d\u1ee5ng:<\/p>\n<ul data-start=\"2598\" data-end=\"2685\">\n<li data-section-id=\"8p6fck\" data-start=\"2598\" data-end=\"2622\">Gi\u1ea3m ti\u1ebfng n\u01b0\u1edbc ch\u1ea3y<\/li>\n<li data-section-id=\"1hfdn40\" data-start=\"2623\" data-end=\"2648\">H\u1ea1n ch\u1ebf ti\u1ebfng va ch\u1ea1m<\/li>\n<li data-section-id=\"m4cz97\" data-start=\"2649\" data-end=\"2685\">T\u1ea1o c\u1ea3m gi\u00e1c d\u1ec5 ch\u1ecbu khi s\u1eed d\u1ee5ng<\/li>\n<\/ul>\n<p data-start=\"2687\" data-end=\"2731\">\ud83d\udc49 Ph\u00f9 h\u1ee3p v\u1edbi kh\u00f4ng gian b\u1ebfp k\u00edn, chung c\u01b0.<\/p>\n<hr data-start=\"2733\" data-end=\"2736\" \/>\n<h3 data-section-id=\"s3ez99\" data-start=\"2738\" data-end=\"2804\">\ud83d\udd25 6. H\u1ec7 th\u1ed1ng siphon th\u00f4ng minh \u2013 Tho\u00e1t n\u01b0\u1edbc nhanh, ch\u1ed1ng m\u00f9i<\/h3>\n<p data-start=\"2806\" data-end=\"2851\">EHR-7848ST \u0111\u01b0\u1ee3c trang b\u1ecb <strong data-start=\"2831\" data-end=\"2850\">siphon \u0111\u00f4i \u03a6110<\/strong>:<\/p>\n<ul data-start=\"2853\" data-end=\"2956\">\n<li data-section-id=\"12589ev\" data-start=\"2853\" data-end=\"2887\">Tho\u00e1t n\u01b0\u1edbc nhanh, kh\u00f4ng \u1ee9 \u0111\u1ecdng<\/li>\n<li data-section-id=\"1qxuxl1\" data-start=\"2888\" data-end=\"2909\">Ng\u0103n m\u00f9i hi\u1ec7u qu\u1ea3<\/li>\n<li data-section-id=\"1qpbtud\" data-start=\"2910\" data-end=\"2929\">Ch\u1ed1ng tr\u00e0n n\u01b0\u1edbc<\/li>\n<li data-section-id=\"ji25pv\" data-start=\"2930\" data-end=\"2956\">D\u1ec5 th\u00e1o l\u1eafp v\u00e0 v\u1ec7 sinh<\/li>\n<\/ul>\n<p data-start=\"2958\" data-end=\"3000\">\ud83d\udc49 Gi\u00fap khu v\u1ef1c b\u1ebfp lu\u00f4n s\u1ea1ch s\u1ebd, kh\u00f4 r\u00e1o.<\/p>\n<hr data-start=\"3002\" data-end=\"3005\" \/>\n<h3 data-section-id=\"ocm4zf\" data-start=\"3007\" data-end=\"3051\">\ud83d\udd25 7. \u0110\u1ed9 d\u00e0y ch\u1eafc ch\u1eafn \u2013 H\u1ea1n ch\u1ebf m\u00f3p m\u00e9o<\/h3>\n<ul data-start=\"3053\" data-end=\"3115\">\n<li data-section-id=\"547x0h\" data-start=\"3053\" data-end=\"3087\">Th\u00e0nh ch\u1eadu d\u00e0y l\u00ean \u0111\u1ebfn <strong data-start=\"3078\" data-end=\"3085\">5mm<\/strong><\/li>\n<li data-section-id=\"w7qp3v\" data-start=\"3088\" data-end=\"3115\">Th\u00e2n ch\u1eadu d\u00e0y <strong data-start=\"3104\" data-end=\"3113\">1.2mm<\/strong><\/li>\n<\/ul>\n<p data-start=\"3117\" data-end=\"3125\">\u01afu \u0111i\u1ec3m:<\/p>\n<ul data-start=\"3126\" data-end=\"3209\">\n<li data-section-id=\"1e5feoj\" data-start=\"3126\" data-end=\"3153\">Ch\u1eafc ch\u1eafn, ch\u1ecbu l\u1ef1c t\u1ed1t<\/li>\n<li data-section-id=\"u7qce4\" data-start=\"3154\" data-end=\"3185\">Kh\u00f4ng bi\u1ebfn d\u1ea1ng khi s\u1eed d\u1ee5ng<\/li>\n<li data-section-id=\"1v6gxd1\" data-start=\"3186\" data-end=\"3209\">T\u0103ng \u0111\u1ed9 b\u1ec1n l\u00e2u d\u00e0i<\/li>\n<\/ul>\n<hr data-start=\"3211\" data-end=\"3214\" \/>\n<h2 data-section-id=\"1m70raw\" data-start=\"3216\" data-end=\"3260\">Thi\u1ebft k\u1ebf ph\u00f9 h\u1ee3p v\u1edbi nhi\u1ec1u kh\u00f4ng gian b\u1ebfp<\/h2>\n<p data-start=\"3262\" data-end=\"3318\">V\u1edbi k\u00edch th\u01b0\u1edbc <strong data-start=\"3277\" data-end=\"3299\">780 x 480 x 220 mm<\/strong>, ch\u1eadu ph\u00f9 h\u1ee3p v\u1edbi:<\/p>\n<ul data-start=\"3320\" data-end=\"3369\">\n<li data-section-id=\"1i0uyib\" data-start=\"3320\" data-end=\"3339\">C\u0103n h\u1ed9 chung c\u01b0<\/li>\n<li data-section-id=\"116h8cn\" data-start=\"3340\" data-end=\"3351\">Nh\u00e0 ph\u1ed1<\/li>\n<li data-section-id=\"1md509v\" data-start=\"3352\" data-end=\"3369\">B\u1ebfp nh\u1ecf \u2013 v\u1eeba<\/li>\n<\/ul>\n<p data-start=\"3371\" data-end=\"3382\">C\u00f3 th\u1ec3 l\u1eafp:<\/p>\n<ul data-start=\"3383\" data-end=\"3435\">\n<li data-section-id=\"1hqt7i0\" data-start=\"3383\" data-end=\"3408\">\u00c2m b\u00e0n (t\u0103ng th\u1ea9m m\u1ef9)<\/li>\n<li data-section-id=\"1nko3rt\" data-start=\"3409\" data-end=\"3435\">D\u01b0\u01a1ng b\u00e0n (d\u1ec5 l\u1eafp \u0111\u1eb7t)<\/li>\n<\/ul>\n<hr data-start=\"3437\" data-end=\"3440\" \/>\n<h2 data-section-id=\"1vj90sr\" data-start=\"3442\" data-end=\"3476\">Gi\u00e1 b\u00e1n ch\u1eadu r\u1eeda b\u00e1t EHR-7848ST<\/h2>\n<p data-start=\"3478\" data-end=\"3527\">Hi\u1ec7n t\u1ea1i s\u1ea3n ph\u1ea9m \u0111ang c\u00f3 m\u1ee9c gi\u00e1 c\u1ef1c k\u1ef3 h\u1ea5p d\u1eabn:<\/p>\n<ul data-start=\"3529\" data-end=\"3594\">\n<li data-section-id=\"12nuvfm\" data-start=\"3529\" data-end=\"3563\">\u274c Gi\u00e1 ni\u00eam y\u1ebft: <strong data-start=\"3547\" data-end=\"3561\">5.445.000\u0111<\/strong><\/li>\n<li data-section-id=\"1didjmu\" data-start=\"3564\" data-end=\"3594\">\u2705 Gi\u00e1 \u01b0u \u0111\u00e3i: <strong data-start=\"3580\" data-end=\"3594\">2.254.000\u0111<\/strong><\/li>\n<\/ul>\n<p data-start=\"3596\" data-end=\"3672\">\ud83d\udc49 Ti\u1ebft ki\u1ec7m h\u01a1n <strong data-start=\"3613\" data-end=\"3620\">50%<\/strong>, c\u1ef1c k\u1ef3 ph\u00f9 h\u1ee3p cho kh\u00e1ch h\u00e0ng mu\u1ed1n t\u1ed1i \u01b0u chi ph\u00ed.<\/p>\n<hr data-start=\"3674\" data-end=\"3677\" \/>\n<h2 data-section-id=\"qjt4az\" data-start=\"3679\" data-end=\"3726\">So s\u00e1nh EHR-7848ST v\u1edbi ch\u1eadu r\u1eeda th\u00f4ng th\u01b0\u1eddng<\/h2>\n<div class=\"TyagGW_tableContainer\">\n<div class=\"group TyagGW_tableWrapper flex flex-col-reverse w-fit\" tabindex=\"-1\">\n<table class=\"w-fit min-w-(--thread-content-width)\" data-start=\"3728\" data-end=\"4023\">\n<thead data-start=\"3728\" data-end=\"3775\">\n<tr data-start=\"3728\" data-end=\"3775\">\n<th class=\"\" data-start=\"3728\" data-end=\"3739\" data-col-size=\"sm\">Ti\u00eau ch\u00ed<\/th>\n<th class=\"\" data-start=\"3739\" data-end=\"3760\" data-col-size=\"sm\">EHR-7848ST Ehrlich<\/th>\n<th class=\"\" data-start=\"3760\" data-end=\"3775\" data-col-size=\"sm\">Ch\u1eadu th\u01b0\u1eddng<\/th>\n<\/tr>\n<\/thead>\n<tbody data-start=\"3823\" data-end=\"4023\">\n<tr data-start=\"3823\" data-end=\"3859\">\n<td data-start=\"3823\" data-end=\"3835\" data-col-size=\"sm\">Ch\u1ea5t li\u1ec7u<\/td>\n<td data-col-size=\"sm\" data-start=\"3835\" data-end=\"3844\">SUS304<\/td>\n<td data-col-size=\"sm\" data-start=\"3844\" data-end=\"3859\">Inox th\u01b0\u1eddng<\/td>\n<\/tr>\n<tr data-start=\"3860\" data-end=\"3891\">\n<td data-start=\"3860\" data-end=\"3869\" data-col-size=\"sm\">\u0110\u1ed9 d\u00e0y<\/td>\n<td data-col-size=\"sm\" data-start=\"3869\" data-end=\"3878\">1.2mm+<\/td>\n<td data-col-size=\"sm\" data-start=\"3878\" data-end=\"3891\">0.6\u20130.8mm<\/td>\n<\/tr>\n<tr data-start=\"3892\" data-end=\"3934\">\n<td data-start=\"3892\" data-end=\"3904\" data-col-size=\"sm\">C\u00f4ng ngh\u1ec7<\/td>\n<td data-col-size=\"sm\" data-start=\"3904\" data-end=\"3921\">Handmade + TIG<\/td>\n<td data-col-size=\"sm\" data-start=\"3921\" data-end=\"3934\">D\u1eadp khu\u00f4n<\/td>\n<\/tr>\n<tr data-start=\"3935\" data-end=\"3960\">\n<td data-start=\"3935\" data-end=\"3946\" data-col-size=\"sm\">Ch\u1ed1ng \u1ed3n<\/td>\n<td data-col-size=\"sm\" data-start=\"3946\" data-end=\"3951\">C\u00f3<\/td>\n<td data-col-size=\"sm\" data-start=\"3951\" data-end=\"3960\">Kh\u00f4ng<\/td>\n<\/tr>\n<tr data-start=\"3961\" data-end=\"3993\">\n<td data-start=\"3961\" data-end=\"3970\" data-col-size=\"sm\">Siphon<\/td>\n<td data-col-size=\"sm\" data-start=\"3970\" data-end=\"3983\">Th\u00f4ng minh<\/td>\n<td data-col-size=\"sm\" data-start=\"3983\" data-end=\"3993\">C\u01a1 b\u1ea3n<\/td>\n<\/tr>\n<tr data-start=\"3994\" data-end=\"4023\">\n<td data-start=\"3994\" data-end=\"4003\" data-col-size=\"sm\">\u0110\u1ed9 b\u1ec1n<\/td>\n<td data-col-size=\"sm\" data-start=\"4003\" data-end=\"4009\">Cao<\/td>\n<td data-col-size=\"sm\" data-start=\"4009\" data-end=\"4023\">Trung b\u00ecnh<\/td>\n<\/tr>\n<\/tbody>\n<\/table>\n<\/div>\n<\/div>\n<p data-start=\"4025\" data-end=\"4084\">\ud83d\udc49 R\u00f5 r\u00e0ng s\u1ea3n ph\u1ea9m v\u01b0\u1ee3t tr\u1ed9i v\u1ec1 ch\u1ea5t l\u01b0\u1ee3ng v\u00e0 tr\u1ea3i nghi\u1ec7m.<\/p>\n<hr data-start=\"4086\" data-end=\"4089\" \/>\n<h2 data-section-id=\"e1c2cc\" data-start=\"4091\" data-end=\"4130\">Ai n\u00ean ch\u1ecdn ch\u1eadu r\u1eeda b\u00e1t EHR-7848ST?<\/h2>\n<h3 data-section-id=\"u18w3k\" data-start=\"4132\" data-end=\"4157\">\ud83d\udc68\u200d\ud83d\udc69\u200d\ud83d\udc67 Gia \u0111\u00ecnh nh\u1ecf<\/h3>\n<ul data-start=\"4158\" data-end=\"4216\">\n<li data-section-id=\"1s7rfpt\" data-start=\"4158\" data-end=\"4184\">Nhu c\u1ea7u s\u1eed d\u1ee5ng c\u01a1 b\u1ea3n<\/li>\n<li data-section-id=\"1s1naxx\" data-start=\"4185\" data-end=\"4216\">C\u1ea7n ch\u1eadu g\u1ecdn g\u00e0ng, ti\u1ec7n l\u1ee3i<\/li>\n<\/ul>\n<h3 data-section-id=\"12i01ib\" data-start=\"4218\" data-end=\"4240\">\ud83c\udfe2 C\u0103n h\u1ed9 chung c\u01b0<\/h3>\n<ul data-start=\"4241\" data-end=\"4296\">\n<li data-section-id=\"dz6740\" data-start=\"4241\" data-end=\"4266\">Di\u1ec7n t\u00edch b\u1ebfp h\u1ea1n ch\u1ebf<\/li>\n<li data-section-id=\"3124vi\" data-start=\"4267\" data-end=\"4296\">\u01afu ti\u00ean thi\u1ebft k\u1ebf t\u1ed1i gi\u1ea3n<\/li>\n<\/ul>\n<h3 data-section-id=\"1f85lx5\" data-start=\"4298\" data-end=\"4333\">\ud83c\udfe0 Ng\u01b0\u1eddi mu\u1ed1n ti\u1ebft ki\u1ec7m chi ph\u00ed<\/h3>\n<ul data-start=\"4334\" data-end=\"4374\">\n<li data-section-id=\"7too1z\" data-start=\"4334\" data-end=\"4374\">Gi\u00e1 t\u1ed1t nh\u01b0ng v\u1eabn \u0111\u1ea3m b\u1ea3o ch\u1ea5t l\u01b0\u1ee3ng<\/li>\n<\/ul>\n<hr data-start=\"4376\" data-end=\"4379\" \/>\n<h2 data-section-id=\"1vqio95\" data-start=\"4381\" data-end=\"4413\">H\u01b0\u1edbng d\u1eabn s\u1eed d\u1ee5ng v\u00e0 b\u1ea3o qu\u1ea3n<\/h2>\n<h3 data-section-id=\"1hcg8si\" data-start=\"4415\" data-end=\"4425\">\u2714 N\u00ean:<\/h3>\n<ul data-start=\"4426\" data-end=\"4493\">\n<li data-section-id=\"qho3tq\" data-start=\"4426\" data-end=\"4450\">Lau kh\u00f4 sau khi d\u00f9ng<\/li>\n<li data-section-id=\"1vhw22p\" data-start=\"4451\" data-end=\"4470\">V\u1ec7 sinh \u0111\u1ecbnh k\u1ef3<\/li>\n<li data-section-id=\"1k8mhm3\" data-start=\"4471\" data-end=\"4493\">S\u1eed d\u1ee5ng r\u1ed5 l\u1ecdc r\u00e1c<\/li>\n<\/ul>\n<h3 data-section-id=\"1fkv5s4\" data-start=\"4495\" data-end=\"4511\">\u274c Kh\u00f4ng n\u00ean:<\/h3>\n<ul data-start=\"4512\" data-end=\"4584\">\n<li data-section-id=\"o46a52\" data-start=\"4512\" data-end=\"4534\">D\u00f9ng h\u00f3a ch\u1ea5t m\u1ea1nh<\/li>\n<li data-section-id=\"1dhhib0\" data-start=\"4535\" data-end=\"4560\">Ch\u00e0 b\u1eb1ng v\u1eadt s\u1eafc nh\u1ecdn<\/li>\n<li data-section-id=\"1t23i0h\" data-start=\"4561\" data-end=\"4584\">\u0110\u1ed5 d\u1ea7u m\u1ee1 tr\u1ef1c ti\u1ebfp<\/li>\n<\/ul>\n<hr data-start=\"4586\" data-end=\"4589\" \/>\n<h2 data-section-id=\"1w83cc3\" data-start=\"4591\" data-end=\"4636\">Mua ch\u1eadu r\u1eeda b\u00e1t Ehrlich ch\u00ednh h\u00e3ng \u1edf \u0111\u00e2u?<\/h2>\n<p data-start=\"4638\" data-end=\"4660\">\u0110\u1ec3 \u0111\u1ea3m b\u1ea3o ch\u1ea5t l\u01b0\u1ee3ng:<\/p>\n<ul data-start=\"4661\" data-end=\"4743\">\n<li data-section-id=\"tbs1jn\" data-start=\"4661\" data-end=\"4683\">Ch\u1ecdn \u0111\u1ea1i l\u00fd uy t\u00edn<\/li>\n<li data-section-id=\"u8sm7z\" data-start=\"4684\" data-end=\"4709\">Ki\u1ec3m tra tem b\u1ea3o h\u00e0nh<\/li>\n<li data-section-id=\"1b8cq66\" data-start=\"4710\" data-end=\"4743\">Y\u00eau c\u1ea7u l\u1eafp \u0111\u1eb7t \u0111\u00fang k\u1ef9 thu\u1eadt<\/li>\n<\/ul>\n<hr data-start=\"4745\" data-end=\"4748\" \/>\n<h2 data-section-id=\"oto38v\" data-start=\"4750\" data-end=\"4785\">K\u1ebft lu\u1eadn: C\u00f3 n\u00ean mua EHR-7848ST?<\/h2>\n<p data-start=\"4787\" data-end=\"4831\">C\u00e2u tr\u1ea3 l\u1eddi l\u00e0 <strong data-start=\"4802\" data-end=\"4818\">R\u1ea4T \u0110\u00c1NG MUA<\/strong> n\u1ebfu b\u1ea1n c\u1ea7n:<\/p>\n<p data-start=\"4833\" data-end=\"4946\">\u2714 Ch\u1eadu r\u1eeda b\u00e1t b\u1ec1n, \u0111\u1eb9p<br data-start=\"4856\" data-end=\"4859\" \/>\u2714 Thi\u1ebft k\u1ebf ti\u1ec7n l\u1ee3i, hi\u1ec7n \u0111\u1ea1i<br data-start=\"4888\" data-end=\"4891\" \/>\u2714 Gi\u00e1 r\u1ebb trong ph\u00e2n kh\u00fac<br data-start=\"4915\" data-end=\"4918\" \/>\u2714 Ch\u1ea5t l\u01b0\u1ee3ng chu\u1ea9n ch\u00e2u \u00c2u<\/p>\n<p data-start=\"4948\" data-end=\"5038\">V\u1edbi m\u1ee9c gi\u00e1 ch\u1ec9 <strong data-start=\"4964\" data-end=\"4978\">2.254.000\u0111<\/strong>, \u0111\u00e2y l\u00e0 m\u1ed9t trong nh\u1eefng s\u1ea3n ph\u1ea9m \u0111\u00e1ng \u0111\u1ea7u t\u01b0 nh\u1ea5t hi\u1ec7n nay.<\/p>\n<p data-start=\"4866\" data-end=\"4979\"><strong data-start=\"4866\" data-end=\"4917\">Ehrlich Vi\u1ec7t Nam \u2013 Thi\u1ebft B\u1ecb Nh\u00e0 B\u1ebfp &amp; Ph\u00f2ng T\u1eafm<\/strong><br data-start=\"4917\" data-end=\"4920\" \/>\ud83d\udccd\u00a0\u0110\u1ecba ch\u1ec9: S\u1ed1 6 Li\u1ec1n K\u1ec1 22, K\u0110T V\u0103n Kh\u00ea, H\u00e0 \u0110\u00f4ng, H\u00e0 N\u1ed9i<\/p>\n<p data-start=\"4981\" data-end=\"5105\">\ud83c\udf10\u00a0Website:\u00a0<a class=\"decorated-link\" href=\"https:\/\/ehrlichvietnam.vn\/\" target=\"_new\" rel=\"noopener\" data-start=\"4993\" data-end=\"5019\">https:\/\/ehrlichvietnam.vn\/<\/a><br data-start=\"5019\" data-end=\"5022\" \/>\ud83d\udcde\u00a0Hotline:\u00a0<strong data-start=\"5034\" data-end=\"5051\">0932 27 05 20<\/strong><br data-start=\"5051\" data-end=\"5054\" \/>\ud83d\udcac\u00a0Zalo OA:\u00a0<a class=\"decorated-link\" href=\"https:\/\/zalo.me\/s\/2888141157129558325\" target=\"_new\" rel=\"noopener\" data-start=\"5066\" data-end=\"5103\">https:\/\/zalo.me\/s\/2888141157129558325<\/a><\/p>\n<p data-start=\"5107\" data-end=\"5218\">\ud83c\udfa5\u00a0TikTok:\u00a0<a class=\"decorated-link\" href=\"https:\/\/www.tiktok.com\/@ehrlich.chia.s?_r=1\" target=\"_new\" rel=\"noopener\" data-start=\"5118\" data-end=\"5162\">https:\/\/www.tiktok.com\/@ehrlichthietbivesinh<\/a><br data-start=\"5162\" data-end=\"5165\" \/>\u25b6\ufe0f\u00a0YouTube:\u00a0<a class=\"decorated-link\" href=\"https:\/\/www.youtube.com\/@EhrlichVietNam\" target=\"_new\" rel=\"noopener\" data-start=\"5177\" data-end=\"5216\">https:\/\/www.youtube.com\/@EhrlichVietNam<\/a><\/p>\n<p data-start=\"5220\" data-end=\"5265\">\ud83d\ude9a\u00a0Giao h\u00e0ng to\u00e0n qu\u1ed1c \u2013 t\u01b0 v\u1ea5n nhanh ch\u00f3ng<\/p>\n<p data-start=\"5267\" data-end=\"5313\">\ud83d\udc49\u00a0<strong data-start=\"5270\" data-end=\"5313\">Inbox ngay \u0111\u1ec3 nh\u1eadn \u01b0u \u0111\u00e3i th\u00eam h\u00f4m nay!<\/strong><\/p>\n<p data-start=\"4948\" data-end=\"5038\">\n","protected":false},"excerpt":{"rendered":"<p data-start=\"0\" data-end=\"284\"><strong data-start=\"0\" data-end=\"24\">Ch\u1eadu r\u1eeda b\u00e1t Ehrlich<\/strong> l\u00e0 d\u00f2ng thi\u1ebft b\u1ecb nh\u00e0 b\u1ebfp cao c\u1ea5p mang phong c\u00e1ch \u0110\u1ee9c, n\u1ed5i b\u1eadt v\u1edbi thi\u1ebft k\u1ebf hi\u1ec7n \u0111\u1ea1i, \u0111\u1ed9 b\u1ec1n cao v\u00e0 t\u00ednh ti\u1ec7n d\u1ee5ng v\u01b0\u1ee3t tr\u1ed9i. S\u1ea3n ph\u1ea9m th\u01b0\u1eddng \u0111\u01b0\u1ee3c ch\u1ebf t\u1ea1o t\u1eeb <strong data-start=\"182\" data-end=\"205\">inox SUS304 cao c\u1ea5p<\/strong>, gi\u00fap ch\u1ed1ng g\u1ec9 s\u00e9t, ch\u1ed1ng \u0103n m\u00f2n v\u00e0 \u0111\u1ea3m b\u1ea3o an to\u00e0n cho s\u1ee9c kh\u1ecfe ng\u01b0\u1eddi d\u00f9ng.<\/p>\n<p data-start=\"286\" data-end=\"608\">C\u00e1c m\u1eabu ch\u1eadu Ehrlich \u0111a d\u1ea1ng v\u1ec1 ki\u1ec3u d\u00e1ng nh\u01b0 <strong data-start=\"332\" data-end=\"360\">1 h\u1ed1, 2 h\u1ed1 ho\u1eb7c handmade<\/strong>, ph\u00f9 h\u1ee3p v\u1edbi nhi\u1ec1u kh\u00f4ng gian b\u1ebfp t\u1eeb chung c\u01b0 \u0111\u1ebfn nh\u00e0 ph\u1ed1, bi\u1ec7t th\u1ef1. Ngo\u00e0i ra, ch\u1eadu c\u00f2n \u0111\u01b0\u1ee3c t\u00edch h\u1ee3p nhi\u1ec1u c\u00f4ng ngh\u1ec7 hi\u1ec7n \u0111\u1ea1i nh\u01b0 <strong data-start=\"492\" data-end=\"554\">ch\u1ed1ng \u1ed3n, ch\u1ed1ng tr\u00e0n, tho\u00e1t n\u01b0\u1edbc nhanh v\u00e0 kh\u1eed m\u00f9i hi\u1ec7u qu\u1ea3<\/strong>, mang l\u1ea1i tr\u1ea3i nghi\u1ec7m s\u1eed d\u1ee5ng ti\u1ec7n nghi v\u00e0 s\u1ea1ch s\u1ebd.<\/p>\n<p data-start=\"610\" data-end=\"927\">L\u00e0 th\u01b0\u01a1ng hi\u1ec7u chuy\u00ean cung c\u1ea5p gi\u1ea3i ph\u00e1p thi\u1ebft b\u1ecb b\u1ebfp \u0111\u1ed3ng b\u1ed9, Ehrlich h\u01b0\u1edbng \u0111\u1ebfn s\u1ef1 <strong data-start=\"694\" data-end=\"734\">ti\u1ec7n nghi, th\u1ea9m m\u1ef9 v\u00e0 t\u1ed1i \u01b0u chi ph\u00ed<\/strong> cho kh\u00f4ng gian s\u1ed1ng hi\u1ec7n \u0111\u1ea1i . Nh\u1edd \u0111\u00f3, ch\u1eadu r\u1eeda b\u00e1t Ehrlich kh\u00f4ng ch\u1ec9 \u0111\u00e1p \u1ee9ng t\u1ed1t nhu c\u1ea7u s\u1eed d\u1ee5ng h\u00e0ng ng\u00e0y m\u00e0 c\u00f2n g\u00f3p ph\u1ea7n n\u00e2ng t\u1ea7m \u0111\u1eb3ng c\u1ea5p cho gian b\u1ebfp.<\/p>\n","protected":false},"featured_media":4582,"comment_status":"open","ping_status":"closed","template":"","meta":{"_acf_changed":false},"product_brand":[],"product_cat":[15,44,83],"product_tag":[],"class_list":{"0":"post-4580","1":"product","2":"type-product","3":"status-publish","4":"has-post-thumbnail","6":"product_cat-san-pham","7":"product_cat-thiet-bi-phong-bep","8":"product_cat-chau-rua-bat","10":"first","11":"instock","12":"sale","13":"shipping-taxable","14":"purchasable","15":"product-type-simple"},"acf":[],"_links":{"self":[{"href":"https:\/\/ehrlichvietnam.vn\/en\/wp-json\/wp\/v2\/product\/4580","targetHints":{"allow":["GET"]}}],"collection":[{"href":"https:\/\/ehrlichvietnam.vn\/en\/wp-json\/wp\/v2\/product"}],"about":[{"href":"https:\/\/ehrlichvietnam.vn\/en\/wp-json\/wp\/v2\/types\/product"}],"replies":[{"embeddable":true,"href":"https:\/\/ehrlichvietnam.vn\/en\/wp-json\/wp\/v2\/comments?post=4580"}],"wp:featuredmedia":[{"embeddable":true,"href":"https:\/\/ehrlichvietnam.vn\/en\/wp-json\/wp\/v2\/media\/4582"}],"wp:attachment":[{"href":"https:\/\/ehrlichvietnam.vn\/en\/wp-json\/wp\/v2\/media?parent=4580"}],"wp:term":[{"taxonomy":"product_brand","embeddable":true,"href":"https:\/\/ehrlichvietnam.vn\/en\/wp-json\/wp\/v2\/product_brand?post=4580"},{"taxonomy":"product_cat","embeddable":true,"href":"https:\/\/ehrlichvietnam.vn\/en\/wp-json\/wp\/v2\/product_cat?post=4580"},{"taxonomy":"product_tag","embeddable":true,"href":"https:\/\/ehrlichvietnam.vn\/en\/wp-json\/wp\/v2\/product_tag?post=4580"}],"curies":[{"name":"wp","href":"https:\/\/api.w.org\/{rel}","templated":true}]}}