{"id":4565,"date":"2026-04-02T08:06:37","date_gmt":"2026-04-02T08:06:37","guid":{"rendered":"https:\/\/ehrlichvietnam.vn\/?post_type=product&#038;p=4565"},"modified":"2026-04-02T08:13:32","modified_gmt":"2026-04-02T08:13:32","slug":"combo-bep-k25","status":"publish","type":"product","link":"https:\/\/ehrlichvietnam.vn\/combo-bep-k25\/","title":{"rendered":"Combo B\u1ebfp K25"},"content":{"rendered":"<h1 data-section-id=\"1gjieds\" data-start=\"117\" data-end=\"221\"><span role=\"text\"><strong data-start=\"119\" data-end=\"221\">Combo K25 GX Made in Malaysia \u2013 B\u1ed9 thi\u1ebft b\u1ecb b\u1ebfp cao c\u1ea5p chu\u1ea9n qu\u1ed1c t\u1ebf cho kh\u00f4ng gian s\u1ed1ng \u0111\u1eb3ng c\u1ea5p<\/strong><\/span><\/h1>\n<h2 data-section-id=\"1x6nvq0\" data-start=\"223\" data-end=\"295\"><span role=\"text\"><strong data-start=\"226\" data-end=\"295\">Gi\u1edbi thi\u1ec7u Combo K25 \u2013 Gi\u1ea3i ph\u00e1p n\u00e2ng t\u1ea7m kh\u00f4ng gian b\u1ebfp hi\u1ec7n \u0111\u1ea1i<\/strong><\/span><\/h2>\n<p data-start=\"297\" data-end=\"651\">Trong xu h\u01b0\u1edbng hi\u1ec7n \u0111\u1ea1i h\u00f3a kh\u00f4ng gian s\u1ed1ng, c\u0103n b\u1ebfp kh\u00f4ng ch\u1ec9 l\u00e0 n\u01a1i n\u1ea5u \u0103n m\u00e0 c\u00f2n l\u00e0 \u201ctr\u00e1i tim\u201d c\u1ee7a ng\u00f4i nh\u00e0. M\u1ed9t gian b\u1ebfp ti\u1ec7n nghi, sang tr\u1ecdng v\u00e0 \u0111\u1ed3ng b\u1ed9 s\u1ebd mang l\u1ea1i tr\u1ea3i nghi\u1ec7m s\u1ed1ng ho\u00e0n h\u1ea3o h\u01a1n m\u1ed7i ng\u00e0y. <strong data-start=\"507\" data-end=\"540\">Combo K25 GX Made in Malaysia<\/strong> ch\u00ednh l\u00e0 l\u1ef1a ch\u1ecdn l\u00fd t\u01b0\u1edfng d\u00e0nh cho nh\u1eefng gia \u0111\u00ecnh mu\u1ed1n \u0111\u1ea7u t\u01b0 m\u1ed9t c\u00e1ch b\u00e0i b\u1ea3n v\u00e0 l\u00e2u d\u00e0i cho kh\u00f4ng gian b\u1ebfp.<\/p>\n<p data-start=\"653\" data-end=\"944\">Combo K25 l\u00e0 b\u1ed9 thi\u1ebft b\u1ecb b\u1ebfp cao c\u1ea5p \u0111\u01b0\u1ee3c nh\u1eadp kh\u1ea9u v\u00e0 s\u1ea3n xu\u1ea5t theo ti\u00eau chu\u1ea9n qu\u1ed1c t\u1ebf (Made in Malaysia), \u0111\u1ea3m b\u1ea3o ch\u1ea5t l\u01b0\u1ee3ng v\u01b0\u1ee3t tr\u1ed9i, \u0111\u1ed9 b\u1ec1n cao v\u00e0 thi\u1ebft k\u1ebf tinh t\u1ebf. \u0110\u00e2y l\u00e0 gi\u1ea3i ph\u00e1p tr\u1ecdn g\u00f3i gi\u00fap b\u1ea1n s\u1edf h\u1eefu \u0111\u1ea7y \u0111\u1ee7 thi\u1ebft b\u1ecb b\u1ebfp m\u00e0 kh\u00f4ng c\u1ea7n t\u1ed1n th\u1eddi gian l\u1ef1a ch\u1ecdn t\u1eebng s\u1ea3n ph\u1ea9m ri\u00eang l\u1ebb.<\/p>\n<hr data-start=\"946\" data-end=\"949\" \/>\n<h2 data-section-id=\"9h1d2c\" data-start=\"951\" data-end=\"985\"><span role=\"text\"><strong data-start=\"954\" data-end=\"985\">Combo K25 bao g\u1ed3m nh\u1eefng g\u00ec?<\/strong><\/span><\/h2>\n<p data-start=\"987\" data-end=\"1056\">B\u1ed9 s\u1ea3n ph\u1ea9m <strong data-start=\"999\" data-end=\"1015\">Combo K25 GX<\/strong> bao g\u1ed3m \u0111\u1ea7y \u0111\u1ee7 c\u00e1c thi\u1ebft b\u1ecb b\u1ebfp cao c\u1ea5p:<\/p>\n<ul data-start=\"1058\" data-end=\"1246\">\n<li data-section-id=\"1lgj6wo\" data-start=\"1058\" data-end=\"1100\"><strong data-start=\"1060\" data-end=\"1100\">B\u1ebfp t\u1eeb GX IP879JP (Made in Malaysia)<\/strong><\/li>\n<li data-section-id=\"prv9gf\" data-start=\"1101\" data-end=\"1130\"><strong data-start=\"1103\" data-end=\"1130\">M\u00e1y h\u00fat m\u00f9i GX H70T81SG<\/strong><\/li>\n<li data-section-id=\"1tvpmer\" data-start=\"1131\" data-end=\"1157\"><strong data-start=\"1133\" data-end=\"1157\">Ch\u1eadu r\u1eeda b\u00e1t GX7846S<\/strong><\/li>\n<li data-section-id=\"mkdg0\" data-start=\"1158\" data-end=\"1184\"><strong data-start=\"1160\" data-end=\"1184\">V\u00f2i r\u1eeda b\u00e1t EHR-8240<\/strong><\/li>\n<li data-section-id=\"6yddti\" data-start=\"1185\" data-end=\"1246\"><strong data-start=\"1187\" data-end=\"1246\">B\u1ed9 n\u1ed3i inox 304 GX801 Premium<\/strong><\/li>\n<\/ul>\n<p data-start=\"1248\" data-end=\"1356\">\ud83d\udc49 \u0110\u00e2y l\u00e0 combo thi\u1ebft b\u1ecb b\u1ebfp cao c\u1ea5p, h\u01b0\u1edbng \u0111\u1ebfn ph\u00e2n kh\u00fac kh\u00e1ch h\u00e0ng y\u00eau c\u1ea7u ch\u1ea5t l\u01b0\u1ee3ng v\u00e0 \u0111\u1ed9 b\u1ec1n v\u01b0\u1ee3t tr\u1ed9i.<\/p>\n<hr data-start=\"1358\" data-end=\"1361\" \/>\n<h2 data-section-id=\"2y7qxm\" data-start=\"1363\" data-end=\"1402\"><span role=\"text\"><strong data-start=\"1366\" data-end=\"1402\">\u01afu \u0111i\u1ec3m n\u1ed5i b\u1eadt c\u1ee7a Combo K25 GX<\/strong><\/span><\/h2>\n<h3 data-section-id=\"1oxnjvz\" data-start=\"1404\" data-end=\"1461\">\u2b50 1. S\u1ea3n xu\u1ea5t t\u1ea1i Malaysia \u2013 Chu\u1ea9n ch\u1ea5t l\u01b0\u1ee3ng qu\u1ed1c t\u1ebf<\/h3>\n<p data-start=\"1462\" data-end=\"1513\">M\u1ed9t trong nh\u1eefng \u0111i\u1ec3m m\u1ea1nh n\u1ed5i b\u1eadt c\u1ee7a Combo K25 l\u00e0:<\/p>\n<ul data-start=\"1514\" data-end=\"1619\">\n<li data-section-id=\"19vdf96\" data-start=\"1514\" data-end=\"1550\">S\u1ea3n xu\u1ea5t theo ti\u00eau chu\u1ea9n qu\u1ed1c t\u1ebf<\/li>\n<li data-section-id=\"9b82s1\" data-start=\"1551\" data-end=\"1587\">Ki\u1ec3m \u0111\u1ecbnh ch\u1ea5t l\u01b0\u1ee3ng nghi\u00eam ng\u1eb7t<\/li>\n<li data-section-id=\"5ou8x9\" data-start=\"1588\" data-end=\"1619\">\u0110\u1ed9 b\u1ec1n cao, s\u1eed d\u1ee5ng l\u00e2u d\u00e0i<\/li>\n<\/ul>\n<p data-start=\"1621\" data-end=\"1669\">\ud83d\udc49 Mang l\u1ea1i s\u1ef1 y\u00ean t\u00e2m tuy\u1ec7t \u0111\u1ed1i cho ng\u01b0\u1eddi d\u00f9ng.<\/p>\n<hr data-start=\"1671\" data-end=\"1674\" \/>\n<h3 data-section-id=\"1kiu37n\" data-start=\"1676\" data-end=\"1745\">\u2b50 2. B\u1ebfp t\u1eeb GX IP879JP \u2013 C\u00f4ng ngh\u1ec7 ti\u00ean ti\u1ebfn, hi\u1ec7u su\u1ea5t v\u01b0\u1ee3t tr\u1ed9i<\/h3>\n<p data-start=\"1746\" data-end=\"1803\">B\u1ebfp t\u1eeb GX cao c\u1ea5p \u0111\u01b0\u1ee3c t\u00edch h\u1ee3p nhi\u1ec1u c\u00f4ng ngh\u1ec7 hi\u1ec7n \u0111\u1ea1i:<\/p>\n<ul data-start=\"1805\" data-end=\"1964\">\n<li data-section-id=\"1qkf4vx\" data-start=\"1805\" data-end=\"1845\">Gia nhi\u1ec7t nhanh, ti\u1ebft ki\u1ec7m \u0111i\u1ec7n n\u0103ng<\/li>\n<li data-section-id=\"1a8vsb8\" data-start=\"1846\" data-end=\"1878\">\u0110i\u1ec1u khi\u1ec3n c\u1ea3m \u1ee9ng si\u00eau nh\u1ea1y<\/li>\n<li data-section-id=\"qafyo6\" data-start=\"1879\" data-end=\"1915\">M\u1eb7t k\u00ednh cao c\u1ea5p ch\u1ed1ng tr\u1ea7y x\u01b0\u1edbc<\/li>\n<li data-section-id=\"icsc2s\" data-start=\"1916\" data-end=\"1964\">T\u1ef1 \u0111\u1ed9ng ng\u1eaft khi qu\u00e1 nhi\u1ec7t ho\u1eb7c kh\u00f4ng c\u00f3 n\u1ed3i<\/li>\n<\/ul>\n<p data-start=\"1966\" data-end=\"2046\">\ud83d\udc49 Gi\u00fap vi\u1ec7c n\u1ea5u n\u01b0\u1edbng tr\u1edf n\u00ean nhanh ch\u00f3ng, an to\u00e0n v\u00e0 ti\u1ec7n l\u1ee3i h\u01a1n bao gi\u1edd h\u1ebft.<\/p>\n<hr data-start=\"2048\" data-end=\"2051\" \/>\n<h3 data-section-id=\"9ynfqm\" data-start=\"2053\" data-end=\"2126\">\u2b50 3. M\u00e1y h\u00fat m\u00f9i GX H70T81SG \u2013 Hi\u1ec7u su\u1ea5t m\u1ea1nh m\u1ebd, thi\u1ebft k\u1ebf sang tr\u1ecdng<\/h3>\n<p data-start=\"2127\" data-end=\"2201\">M\u00e1y h\u00fat m\u00f9i \u0111\u00f3ng vai tr\u00f2 quan tr\u1ecdng trong vi\u1ec7c gi\u1eef kh\u00f4ng gian b\u1ebfp s\u1ea1ch s\u1ebd:<\/p>\n<ul data-start=\"2203\" data-end=\"2336\">\n<li data-section-id=\"1dg598b\" data-start=\"2203\" data-end=\"2244\">C\u00f4ng su\u1ea5t h\u00fat m\u1ea1nh, lo\u1ea1i b\u1ecf m\u00f9i nhanh<\/li>\n<li data-section-id=\"105psdd\" data-start=\"2245\" data-end=\"2292\">Thi\u1ebft k\u1ebf hi\u1ec7n \u0111\u1ea1i, ph\u00f9 h\u1ee3p nhi\u1ec1u kh\u00f4ng gian<\/li>\n<li data-section-id=\"s1pnzp\" data-start=\"2293\" data-end=\"2336\">Ho\u1ea1t \u0111\u1ed9ng \u00eam \u00e1i, kh\u00f4ng g\u00e2y ti\u1ebfng \u1ed3n l\u1edbn<\/li>\n<\/ul>\n<p data-start=\"2338\" data-end=\"2389\">\ud83d\udc49 Gi\u1eef cho kh\u00f4ng gian b\u1ebfp lu\u00f4n tho\u00e1ng m\u00e1t, d\u1ec5 ch\u1ecbu.<\/p>\n<hr data-start=\"2391\" data-end=\"2394\" \/>\n<h3 data-section-id=\"173iuh4\" data-start=\"2396\" data-end=\"2447\">\u2b50 4. Ch\u1eadu r\u1eeda b\u00e1t GX7846S \u2013 Ti\u1ec7n nghi v\u00e0 b\u1ec1n b\u1ec9<\/h3>\n<ul data-start=\"2448\" data-end=\"2558\">\n<li data-section-id=\"kkwhub\" data-start=\"2448\" data-end=\"2483\">Ch\u1ea5t li\u1ec7u inox cao c\u1ea5p ch\u1ed1ng g\u1ec9<\/li>\n<li data-section-id=\"5pwg92\" data-start=\"2484\" data-end=\"2515\">Thi\u1ebft k\u1ebf r\u1ed9ng r\u00e3i, ti\u1ec7n l\u1ee3i<\/li>\n<li data-section-id=\"1ehnfb8\" data-start=\"2516\" data-end=\"2558\">T\u00edch h\u1ee3p ph\u1ee5 ki\u1ec7n h\u1ed7 tr\u1ee3 (r\u1ed5, gi\u00e1 \u00fap\u2026)<\/li>\n<\/ul>\n<p data-start=\"2560\" data-end=\"2608\">\ud83d\udc49 Gi\u00fap t\u1ed1i \u01b0u thao t\u00e1c r\u1eeda v\u00e0 s\u01a1 ch\u1ebf th\u1ef1c ph\u1ea9m.<\/p>\n<hr data-start=\"2610\" data-end=\"2613\" \/>\n<h3 data-section-id=\"1huzwxp\" data-start=\"2615\" data-end=\"2669\">\u2b50 5. V\u00f2i r\u1eeda b\u00e1t EHR-8240 \u2013 Linh ho\u1ea1t v\u00e0 ti\u1ec7n d\u1ee5ng<\/h3>\n<ul data-start=\"2670\" data-end=\"2753\">\n<li data-section-id=\"u94cqi\" data-start=\"2670\" data-end=\"2685\">Xoay 360 \u0111\u1ed9<\/li>\n<li data-section-id=\"blfej6\" data-start=\"2686\" data-end=\"2718\">Thi\u1ebft k\u1ebf hi\u1ec7n \u0111\u1ea1i, ch\u1eafc ch\u1eafn<\/li>\n<li data-section-id=\"omqr8v\" data-start=\"2719\" data-end=\"2753\">D\u00f2ng n\u01b0\u1edbc m\u1ea1nh, ti\u1ebft ki\u1ec7m n\u01b0\u1edbc<\/li>\n<\/ul>\n<p data-start=\"2755\" data-end=\"2806\">\ud83d\udc49 H\u1ed7 tr\u1ee3 t\u1ed1i \u0111a trong qu\u00e1 tr\u00ecnh s\u1eed d\u1ee5ng h\u00e0ng ng\u00e0y.<\/p>\n<hr data-start=\"2808\" data-end=\"2811\" \/>\n<h3 data-section-id=\"1lv5n3j\" data-start=\"2813\" data-end=\"2871\">\u2b50 6. B\u1ed9 n\u1ed3i inox 304 GX801 Premium \u2013 An to\u00e0n &amp; cao c\u1ea5p<\/h3>\n<ul data-start=\"2872\" data-end=\"2989\">\n<li data-section-id=\"oy9nkv\" data-start=\"2872\" data-end=\"2920\">Ch\u1ea5t li\u1ec7u inox 304 cao c\u1ea5p, an to\u00e0n s\u1ee9c kh\u1ecfe<\/li>\n<li data-section-id=\"15dkk2s\" data-start=\"2921\" data-end=\"2960\">D\u1eabn nhi\u1ec7t t\u1ed1t, ti\u1ebft ki\u1ec7m n\u0103ng l\u01b0\u1ee3ng<\/li>\n<li data-section-id=\"lc3lyr\" data-start=\"2961\" data-end=\"2989\">\u0110\u1ed9 b\u1ec1n cao, kh\u00f4ng g\u1ec9 s\u00e9t<\/li>\n<\/ul>\n<p data-start=\"2991\" data-end=\"3059\">\ud83d\udc49 K\u1ebft h\u1ee3p v\u1edbi ch\u1ea3o ch\u1ed1ng d\u00ednh gi\u00fap b\u1ea1n d\u1ec5 d\u00e0ng ch\u1ebf bi\u1ebfn m\u1ecdi m\u00f3n \u0103n.<\/p>\n<hr data-start=\"3061\" data-end=\"3064\" \/>\n<h2 data-section-id=\"k6hci9\" data-start=\"3066\" data-end=\"3101\"><span role=\"text\"><strong data-start=\"3069\" data-end=\"3101\">L\u1ee3i \u00edch khi s\u1edf h\u1eefu Combo K25<\/strong><\/span><\/h2>\n<h3 data-section-id=\"5fbqg2\" data-start=\"3103\" data-end=\"3141\">\u2714 \u0110\u1ea7u t\u01b0 m\u1ed9t l\u1ea7n \u2013 S\u1eed d\u1ee5ng l\u00e2u d\u00e0i<\/h3>\n<p data-start=\"3142\" data-end=\"3181\">V\u1edbi ch\u1ea5t l\u01b0\u1ee3ng cao c\u1ea5p, Combo K25 gi\u00fap:<\/p>\n<ul data-start=\"3182\" data-end=\"3245\">\n<li data-section-id=\"18vcsb3\" data-start=\"3182\" data-end=\"3216\">Gi\u1ea3m chi ph\u00ed thay th\u1ebf thi\u1ebft b\u1ecb<\/li>\n<li data-section-id=\"18ftfmr\" data-start=\"3217\" data-end=\"3245\">S\u1eed d\u1ee5ng b\u1ec1n b\u1ec9 nhi\u1ec1u n\u0103m<\/li>\n<\/ul>\n<hr data-start=\"3247\" data-end=\"3250\" \/>\n<h3 data-section-id=\"13yfhhm\" data-start=\"3252\" data-end=\"3283\">\u2714 Ti\u1ebft ki\u1ec7m chi ph\u00ed \u0111\u00e1ng k\u1ec3<\/h3>\n<ul data-start=\"3284\" data-end=\"3342\">\n<li data-section-id=\"26rbeb\" data-start=\"3284\" data-end=\"3312\">Gi\u00e1 g\u1ed1c: <strong data-start=\"3295\" data-end=\"3310\">46.954.000\u0111<\/strong><\/li>\n<li data-section-id=\"19d2wjj\" data-start=\"3313\" data-end=\"3342\">Gi\u00e1 \u01b0u \u0111\u00e3i: <strong data-start=\"3327\" data-end=\"3342\">29.611.000\u0111<\/strong><\/li>\n<\/ul>\n<p data-start=\"3344\" data-end=\"3389\">\ud83d\udc49 Ti\u1ebft ki\u1ec7m h\u01a1n 17 tri\u1ec7u \u0111\u1ed3ng so v\u1edbi mua l\u1ebb.<\/p>\n<hr data-start=\"3391\" data-end=\"3394\" \/>\n<h3 data-section-id=\"128gn5o\" data-start=\"3396\" data-end=\"3432\">\u2714 \u0110\u1ed3ng b\u1ed9 ho\u00e0n h\u1ea3o \u2013 Th\u1ea9m m\u1ef9 cao<\/h3>\n<ul data-start=\"3433\" data-end=\"3508\">\n<li data-section-id=\"1ob1ptd\" data-start=\"3433\" data-end=\"3456\">Thi\u1ebft k\u1ebf th\u1ed1ng nh\u1ea5t<\/li>\n<li data-section-id=\"r9mfit\" data-start=\"3457\" data-end=\"3476\">M\u00e0u s\u1eafc h\u00e0i h\u00f2a<\/li>\n<li data-section-id=\"470nc6\" data-start=\"3477\" data-end=\"3508\">T\u0103ng gi\u00e1 tr\u1ecb kh\u00f4ng gian b\u1ebfp<\/li>\n<\/ul>\n<hr data-start=\"3510\" data-end=\"3513\" \/>\n<h3 data-section-id=\"4neuk2\" data-start=\"3515\" data-end=\"3556\">\u2714 Tr\u1ea3i nghi\u1ec7m n\u1ea5u n\u01b0\u1edbng chuy\u00ean nghi\u1ec7p<\/h3>\n<ul data-start=\"3557\" data-end=\"3645\">\n<li data-section-id=\"1qzxd2s\" data-start=\"3557\" data-end=\"3587\">N\u1ea5u nhanh \u2013 s\u1ea1ch \u2013 an to\u00e0n<\/li>\n<li data-section-id=\"m0jt2a\" data-start=\"3588\" data-end=\"3618\">Kh\u00f4ng gian b\u1ebfp lu\u00f4n tho\u00e1ng<\/li>\n<li data-section-id=\"17akaxr\" data-start=\"3619\" data-end=\"3645\">D\u1ec5 v\u1ec7 sinh, d\u1ec5 s\u1eed d\u1ee5ng<\/li>\n<\/ul>\n<hr data-start=\"3647\" data-end=\"3650\" \/>\n<h2 data-section-id=\"s5krx9\" data-start=\"3652\" data-end=\"3690\"><span role=\"text\"><strong data-start=\"3655\" data-end=\"3690\">\u0110\u1ed1i t\u01b0\u1ee3ng ph\u00f9 h\u1ee3p v\u1edbi Combo K25<\/strong><\/span><\/h2>\n<p data-start=\"3692\" data-end=\"3723\">Combo K25 \u0111\u1eb7c bi\u1ec7t ph\u00f9 h\u1ee3p v\u1edbi:<\/p>\n<ul data-start=\"3725\" data-end=\"3849\">\n<li data-section-id=\"naqa5q\" data-start=\"3725\" data-end=\"3753\">Gia \u0111\u00ecnh trung \u2013 cao c\u1ea5p<\/li>\n<li data-section-id=\"1jl6dov\" data-start=\"3754\" data-end=\"3784\">Bi\u1ec7t th\u1ef1, nh\u00e0 ph\u1ed1 hi\u1ec7n \u0111\u1ea1i<\/li>\n<li data-section-id=\"1hzq4z0\" data-start=\"3785\" data-end=\"3803\">C\u0103n h\u1ed9 cao c\u1ea5p<\/li>\n<li data-section-id=\"1fbfdyh\" data-start=\"3804\" data-end=\"3849\">Ng\u01b0\u1eddi y\u00eau c\u1ea7u thi\u1ebft b\u1ecb b\u1ebfp ch\u1ea5t l\u01b0\u1ee3ng cao<\/li>\n<\/ul>\n<hr data-start=\"3851\" data-end=\"3854\" \/>\n<h2 data-section-id=\"1p1es2x\" data-start=\"3856\" data-end=\"3887\"><span role=\"text\"><strong data-start=\"3859\" data-end=\"3887\">Th\u00f4ng s\u1ed1 k\u1ef9 thu\u1eadt c\u01a1 b\u1ea3n<\/strong><\/span><\/h2>\n<h3 data-section-id=\"1f3ig2i\" data-start=\"3889\" data-end=\"3913\">\ud83d\udd39 B\u1ebfp t\u1eeb GX IP879JP<\/h3>\n<ul data-start=\"3914\" data-end=\"3997\">\n<li data-section-id=\"6fn09z\" data-start=\"3914\" data-end=\"3934\">Lo\u1ea1i: B\u1ebfp t\u1eeb \u0111\u00f4i<\/li>\n<li data-section-id=\"1jbcv28\" data-start=\"3935\" data-end=\"3973\">C\u00f4ng ngh\u1ec7: Inverter ti\u1ebft ki\u1ec7m \u0111i\u1ec7n<\/li>\n<li data-section-id=\"10ve511\" data-start=\"3974\" data-end=\"3997\">\u0110i\u1ec1u khi\u1ec3n: C\u1ea3m \u1ee9ng<\/li>\n<\/ul>\n<h3 data-section-id=\"y44p2t\" data-start=\"3999\" data-end=\"4029\">\ud83d\udd39 M\u00e1y h\u00fat m\u00f9i GX H70T81SG<\/h3>\n<ul data-start=\"4030\" data-end=\"4091\">\n<li data-section-id=\"gpobsd\" data-start=\"4030\" data-end=\"4052\">C\u00f4ng su\u1ea5t h\u00fat m\u1ea1nh<\/li>\n<li data-section-id=\"1p4ya45\" data-start=\"4053\" data-end=\"4067\">\u0110\u1ed9 \u1ed3n th\u1ea5p<\/li>\n<li data-section-id=\"c9wxrv\" data-start=\"4068\" data-end=\"4091\">Thi\u1ebft k\u1ebf sang tr\u1ecdng<\/li>\n<\/ul>\n<h3 data-section-id=\"md1wtq\" data-start=\"4093\" data-end=\"4116\">\ud83d\udd39 Ch\u1eadu r\u1eeda GX7846S<\/h3>\n<ul data-start=\"4117\" data-end=\"4179\">\n<li data-section-id=\"88hu2r\" data-start=\"4117\" data-end=\"4133\">Inox cao c\u1ea5p<\/li>\n<li data-section-id=\"1jj396a\" data-start=\"4134\" data-end=\"4158\">Ch\u1ed1ng g\u1ec9, ch\u1ed1ng tr\u1ea7y<\/li>\n<li data-section-id=\"1lg37li\" data-start=\"4159\" data-end=\"4179\">Thi\u1ebft k\u1ebf \u0111a n\u0103ng<\/li>\n<\/ul>\n<hr data-start=\"4181\" data-end=\"4184\" \/>\n<h2 data-section-id=\"t0ldgm\" data-start=\"4186\" data-end=\"4223\"><span role=\"text\"><strong data-start=\"4189\" data-end=\"4223\">T\u1ea1i sao n\u00ean ch\u1ecdn Combo K25 GX?<\/strong><\/span><\/h2>\n<ul data-start=\"4225\" data-end=\"4393\">\n<li data-section-id=\"89jd6p\" data-start=\"4225\" data-end=\"4275\">S\u1ea3n ph\u1ea9m Made in Malaysia \u2013 ch\u1ea5t l\u01b0\u1ee3ng qu\u1ed1c t\u1ebf<\/li>\n<li data-section-id=\"13vpyf8\" data-start=\"4276\" data-end=\"4306\">Thi\u1ebft k\u1ebf cao c\u1ea5p, hi\u1ec7n \u0111\u1ea1i<\/li>\n<li data-section-id=\"121ue7f\" data-start=\"4307\" data-end=\"4327\">\u0110\u1ed9 b\u1ec1n v\u01b0\u1ee3t tr\u1ed9i<\/li>\n<li data-section-id=\"1jp4xcn\" data-start=\"4328\" data-end=\"4363\">Ti\u1ebft ki\u1ec7m chi ph\u00ed so v\u1edbi mua l\u1ebb<\/li>\n<li data-section-id=\"1al3o2b\" data-start=\"4364\" data-end=\"4393\">\u0110\u1ea7y \u0111\u1ee7 thi\u1ebft b\u1ecb c\u1ea7n thi\u1ebft<\/li>\n<\/ul>\n<hr data-start=\"4395\" data-end=\"4398\" \/>\n<h2 data-section-id=\"uv25bt\" data-start=\"4400\" data-end=\"4435\"><span role=\"text\"><strong data-start=\"4403\" data-end=\"4435\">H\u01b0\u1edbng d\u1eabn s\u1eed d\u1ee5ng &amp; b\u1ea3o qu\u1ea3n<\/strong><\/span><\/h2>\n<p data-start=\"4437\" data-end=\"4476\">\u0110\u1ec3 \u0111\u1ea3m b\u1ea3o s\u1ea3n ph\u1ea9m lu\u00f4n ho\u1ea1t \u0111\u1ed9ng t\u1ed1t:<\/p>\n<ul data-start=\"4478\" data-end=\"4664\">\n<li data-section-id=\"1gsmvnz\" data-start=\"4478\" data-end=\"4513\">V\u1ec7 sinh b\u1ebfp sau m\u1ed7i l\u1ea7n s\u1eed d\u1ee5ng<\/li>\n<li data-section-id=\"e64m29\" data-start=\"4514\" data-end=\"4554\">Kh\u00f4ng d\u00f9ng v\u1eadt s\u1eafc nh\u1ecdn l\u00ean m\u1eb7t k\u00ednh<\/li>\n<li data-section-id=\"110akxa\" data-start=\"4555\" data-end=\"4591\">Lau kh\u00f4 ch\u1eadu r\u1eeda \u0111\u1ec3 tr\u00e1nh \u1ed1 n\u01b0\u1edbc<\/li>\n<li data-section-id=\"7zbatr\" data-start=\"4592\" data-end=\"4623\">V\u1ec7 sinh m\u00e1y h\u00fat m\u00f9i \u0111\u1ecbnh k\u1ef3<\/li>\n<li data-section-id=\"3rlz7v\" data-start=\"4624\" data-end=\"4664\">S\u1eed d\u1ee5ng \u0111\u00fang lo\u1ea1i n\u1ed3i ph\u00f9 h\u1ee3p b\u1ebfp t\u1eeb<\/li>\n<\/ul>\n<hr data-start=\"4666\" data-end=\"4669\" \/>\n<h2 data-section-id=\"1m04hy1\" data-start=\"4671\" data-end=\"4703\"><span role=\"text\"><strong data-start=\"4674\" data-end=\"4703\">Cam k\u1ebft khi mua Combo K25<\/strong><\/span><\/h2>\n<ul data-start=\"4705\" data-end=\"4801\">\n<li data-section-id=\"aiwt1b\" data-start=\"4705\" data-end=\"4729\">H\u00e0ng ch\u00ednh h\u00e3ng 100%<\/li>\n<li data-section-id=\"p75e29\" data-start=\"4730\" data-end=\"4749\">B\u1ea3o h\u00e0nh \u0111\u1ea7y \u0111\u1ee7<\/li>\n<li data-section-id=\"1texjf1\" data-start=\"4777\" data-end=\"4801\">T\u01b0 v\u1ea5n chuy\u00ean nghi\u1ec7p<\/li>\n<\/ul>\n<hr data-start=\"4803\" data-end=\"4806\" \/>\n<p data-start=\"4840\" data-end=\"4967\">\ud83d\udc49 <strong data-start=\"4843\" data-end=\"4908\">S\u1edf h\u1eefu ngay Combo K25 GX Made in Malaysia ch\u1ec9 v\u1edbi 29.611.000\u0111<\/strong> \u0111\u1ec3 n\u00e2ng c\u1ea5p kh\u00f4ng gian b\u1ebfp l\u00ean m\u1ed9t \u0111\u1eb3ng c\u1ea5p ho\u00e0n to\u00e0n m\u1edbi!<\/p>\n<p data-start=\"4969\" data-end=\"5026\">\ud83d\udcde Li\u00ean h\u1ec7 ngay h\u00f4m nay \u0111\u1ec3 nh\u1eadn t\u01b0 v\u1ea5n v\u00e0 \u01b0u \u0111\u00e3i h\u1ea5p d\u1eabn!<\/p>\n<p data-start=\"5287\" data-end=\"5402\"><strong data-start=\"5287\" data-end=\"5338\">Ehrlich Vi\u1ec7t Nam \u2013 Thi\u1ebft B\u1ecb Nh\u00e0 B\u1ebfp &amp; Ph\u00f2ng T\u1eafm<\/strong><br data-start=\"5338\" data-end=\"5341\" \/>\ud83d\udccd\u00a0\u0110\u1ecba ch\u1ec9:\u00a0<strong data-start=\"5353\" data-end=\"5402\">S\u1ed1 6 Li\u1ec1n K\u1ec1 22, K\u0110T V\u0103n Kh\u00ea, H\u00e0 \u0110\u00f4ng, H\u00e0 N\u1ed9i<\/strong><\/p>\n<p data-start=\"5404\" data-end=\"5528\">\ud83c\udf10\u00a0Website:\u00a0<a class=\"decorated-link\" href=\"https:\/\/ehrlichvietnam.vn\/\" target=\"_new\" rel=\"noopener\" data-start=\"5416\" data-end=\"5442\">https:\/\/ehrlichvietnam.vn\/<\/a><br data-start=\"5442\" data-end=\"5445\" \/>\ud83d\udcde\u00a0Hotline:\u00a0<strong data-start=\"5457\" data-end=\"5474\">0932 27 05 20<\/strong><br data-start=\"5474\" data-end=\"5477\" \/>\ud83d\udcac\u00a0Zalo OA:\u00a0<a class=\"decorated-link\" href=\"https:\/\/zalo.me\/s\/2888141157129558325\" target=\"_new\" rel=\"noopener\" data-start=\"5489\" data-end=\"5526\">https:\/\/zalo.me\/s\/2888141157129558325<\/a><\/p>\n<p data-start=\"5530\" data-end=\"5641\">\ud83c\udfa5\u00a0TikTok:\u00a0<a class=\"decorated-link\" href=\"https:\/\/www.tiktok.com\/@ehrlich.chia.s?_r=1\" target=\"_new\" rel=\"noopener\" data-start=\"5541\" data-end=\"5585\">https:\/\/www.tiktok.com\/@ehrlichthietbivesinh<\/a><br data-start=\"5585\" data-end=\"5588\" \/>\u25b6\ufe0f\u00a0YouTube:\u00a0<a class=\"decorated-link\" href=\"https:\/\/www.youtube.com\/@EhrlichVietNam\" target=\"_new\" rel=\"noopener\" data-start=\"5600\" data-end=\"5639\">https:\/\/www.youtube.com\/@EhrlichVietNam<\/a><\/p>\n<p data-start=\"5643\" data-end=\"5688\">\ud83d\ude9a\u00a0Giao h\u00e0ng to\u00e0n qu\u1ed1c \u2013 t\u01b0 v\u1ea5n nhanh ch\u00f3ng<\/p>\n<p data-start=\"5690\" data-end=\"5736\">\ud83d\udc49\u00a0<strong data-start=\"5693\" data-end=\"5736\">Inbox ngay \u0111\u1ec3 nh\u1eadn \u01b0u \u0111\u00e3i th\u00eam h\u00f4m nay!<\/strong><\/p>\n","protected":false},"excerpt":{"rendered":"<p data-start=\"83\" data-end=\"415\"><strong data-start=\"83\" data-end=\"104\">Combo b\u1ebfp Ehrlich<\/strong> l\u00e0 gi\u1ea3i ph\u00e1p thi\u1ebft b\u1ecb b\u1ebfp tr\u1ecdn g\u00f3i, \u0111\u01b0\u1ee3c thi\u1ebft k\u1ebf \u0111\u1ed3ng b\u1ed9 t\u1eeb n\u1ea5u n\u01b0\u1edbng \u0111\u1ebfn r\u1eeda d\u1ecdn, gi\u00fap ho\u00e0n thi\u1ec7n kh\u00f4ng gian b\u1ebfp m\u1ed9t c\u00e1ch nhanh ch\u00f3ng v\u00e0 t\u1ed1i \u01b0u. S\u1ef1 k\u1ebft h\u1ee3p gi\u1eefa b\u1ebfp t\u1eeb, h\u00fat m\u00f9i, ch\u1eadu v\u00f2i v\u00e0 b\u1ed9 n\u1ed3i cao c\u1ea5p mang l\u1ea1i tr\u1ea3i nghi\u1ec7m s\u1eed d\u1ee5ng ti\u1ec7n nghi, hi\u1ec7n \u0111\u1ea1i v\u00e0 \u1ed5n \u0111\u1ecbnh trong su\u1ed1t qu\u00e1 tr\u00ecnh n\u1ea5u n\u01b0\u1edbng h\u00e0ng ng\u00e0y.<\/p>\n<p data-start=\"417\" data-end=\"723\">Kh\u00f4ng ch\u1ec9 \u0111\u1ea3m b\u1ea3o v\u1ec1 c\u00f4ng n\u0103ng, c\u00e1c s\u1ea3n ph\u1ea9m trong combo c\u00f2n c\u00f3 thi\u1ebft k\u1ebf h\u00e0i h\u00f2a, t\u00f4ng m\u00e0u hi\u1ec7n \u0111\u1ea1i, d\u1ec5 d\u00e0ng ph\u1ed1i h\u1ee3p v\u1edbi nhi\u1ec1u phong c\u00e1ch n\u1ed9i th\u1ea5t b\u1ebfp. Vi\u1ec7c l\u1ef1a ch\u1ecdn combo gi\u00fap ti\u1ebft ki\u1ec7m \u0111\u00e1ng k\u1ec3 th\u1eddi gian t\u00ecm ki\u1ebfm, chi ph\u00ed mua s\u1eafm v\u00e0 h\u1ea1n ch\u1ebf t\u1ed1i \u0111a c\u00e1c ph\u00e1t sinh kh\u00f4ng c\u1ea7n thi\u1ebft trong qu\u00e1 tr\u00ecnh l\u1eafp \u0111\u1eb7t.<\/p>\n<p data-start=\"725\" data-end=\"870\">\u0110\u00e2y l\u00e0 l\u1ef1a ch\u1ecdn ph\u00f9 h\u1ee3p cho nh\u1eefng gia \u0111\u00ecnh \u0111ang ho\u00e0n thi\u1ec7n b\u1ebfp m\u1edbi ho\u1eb7c mu\u1ed1n n\u00e2ng c\u1ea5p kh\u00f4ng gian b\u1ebfp theo h\u01b0\u1edbng \u0111\u1ed3ng b\u1ed9, ti\u1ec7n nghi v\u00e0 t\u1ed1i \u01b0u h\u01a1n.<\/p>\n","protected":false},"featured_media":4566,"comment_status":"open","ping_status":"closed","template":"","meta":{"_acf_changed":false},"product_brand":[],"product_cat":[52,77,56],"product_tag":[],"class_list":{"0":"post-4565","1":"product","2":"type-product","3":"status-publish","4":"has-post-thumbnail","6":"product_cat-nha-pho-can-ho","7":"product_cat-combo","8":"product_cat-combo-phong-bep","10":"first","11":"instock","12":"sale","13":"shipping-taxable","14":"purchasable","15":"product-type-simple"},"acf":[],"_links":{"self":[{"href":"https:\/\/ehrlichvietnam.vn\/en\/wp-json\/wp\/v2\/product\/4565","targetHints":{"allow":["GET"]}}],"collection":[{"href":"https:\/\/ehrlichvietnam.vn\/en\/wp-json\/wp\/v2\/product"}],"about":[{"href":"https:\/\/ehrlichvietnam.vn\/en\/wp-json\/wp\/v2\/types\/product"}],"replies":[{"embeddable":true,"href":"https:\/\/ehrlichvietnam.vn\/en\/wp-json\/wp\/v2\/comments?post=4565"}],"wp:featuredmedia":[{"embeddable":true,"href":"https:\/\/ehrlichvietnam.vn\/en\/wp-json\/wp\/v2\/media\/4566"}],"wp:attachment":[{"href":"https:\/\/ehrlichvietnam.vn\/en\/wp-json\/wp\/v2\/media?parent=4565"}],"wp:term":[{"taxonomy":"product_brand","embeddable":true,"href":"https:\/\/ehrlichvietnam.vn\/en\/wp-json\/wp\/v2\/product_brand?post=4565"},{"taxonomy":"product_cat","embeddable":true,"href":"https:\/\/ehrlichvietnam.vn\/en\/wp-json\/wp\/v2\/product_cat?post=4565"},{"taxonomy":"product_tag","embeddable":true,"href":"https:\/\/ehrlichvietnam.vn\/en\/wp-json\/wp\/v2\/product_tag?post=4565"}],"curies":[{"name":"wp","href":"https:\/\/api.w.org\/{rel}","templated":true}]}}