{"id":4563,"date":"2026-04-02T08:03:28","date_gmt":"2026-04-02T08:03:28","guid":{"rendered":"https:\/\/ehrlichvietnam.vn\/?post_type=product&#038;p=4563"},"modified":"2026-04-02T08:06:10","modified_gmt":"2026-04-02T08:06:10","slug":"combo-bep-k24","status":"publish","type":"product","link":"https:\/\/ehrlichvietnam.vn\/combo-bep-k24\/","title":{"rendered":"Combo B\u1ebfp K24"},"content":{"rendered":"<h2 data-section-id=\"1jxi70j\" data-start=\"0\" data-end=\"91\">Combo B\u1ebfp T\u1eeb &amp; H\u00fat M\u00f9i Ehrlich K24 \u2013 Gi\u1ea3i Ph\u00e1p T\u1ed1i Gi\u1ea3n, Ti\u1ebft Ki\u1ec7m Cho Gian B\u1ebfp Hi\u1ec7n \u0110\u1ea1i<\/h2>\n<p data-start=\"93\" data-end=\"390\">Trong nh\u1eefng n\u0103m g\u1ea7n \u0111\u00e2y, xu h\u01b0\u1edbng thi\u1ebft k\u1ebf b\u1ebfp ng\u00e0y c\u00e0ng h\u01b0\u1edbng \u0111\u1ebfn s\u1ef1 <strong data-start=\"163\" data-end=\"203\">t\u1ed1i gi\u1ea3n \u2013 g\u1ecdn g\u00e0ng \u2013 t\u1ed1i \u01b0u chi ph\u00ed<\/strong>. Kh\u00f4ng ph\u1ea3i gia \u0111\u00ecnh n\u00e0o c\u0169ng c\u1ea7n m\u1ed9t b\u1ed9 thi\u1ebft b\u1ecb qu\u00e1 \u0111\u1ea7y \u0111\u1ee7, nhi\u1ec1u chi ti\u1ebft. \u0110\u00f4i khi, ch\u1ec9 c\u1ea7n nh\u1eefng thi\u1ebft b\u1ecb c\u1ed1t l\u00f5i nh\u01b0ng ch\u1ea5t l\u01b0\u1ee3ng t\u1ed1t \u0111\u00e3 \u0111\u1ee7 \u0111\u1ec3 t\u1ea1o n\u00ean m\u1ed9t kh\u00f4ng gian b\u1ebfp ti\u1ec7n nghi.<\/p>\n<p data-start=\"392\" data-end=\"674\"><strong data-start=\"392\" data-end=\"413\">Combo K24 Ehrlich<\/strong> ch\u00ednh l\u00e0 l\u1ef1a ch\u1ecdn l\u00fd t\u01b0\u1edfng cho nh\u1eefng kh\u00e1ch h\u00e0ng nh\u01b0 v\u1eady. B\u1ed9 combo n\u00e0y t\u1eadp trung v\u00e0o 3 thi\u1ebft b\u1ecb quan tr\u1ecdng nh\u1ea5t: <strong data-start=\"526\" data-end=\"560\">b\u1ebfp t\u1eeb \u2013 h\u00fat m\u00f9i \u2013 b\u1ed9 n\u1ed3i inox<\/strong>, mang \u0111\u1ebfn gi\u1ea3i ph\u00e1p n\u1ea5u n\u01b0\u1edbng hi\u1ec7u qu\u1ea3 v\u1edbi m\u1ee9c gi\u00e1 c\u1ef1c k\u1ef3 d\u1ec5 ti\u1ebfp c\u1eadn: <strong data-start=\"632\" data-end=\"651\">ch\u1ec9 6.186.000\u0111<\/strong> (gi\u1ea3m t\u1eeb 18.580.000\u0111).<\/p>\n<hr data-start=\"676\" data-end=\"679\" \/>\n<h2 data-section-id=\"19lehij\" data-start=\"681\" data-end=\"714\">1. T\u1ed5ng Quan Combo K24 Ehrlich<\/h2>\n<p data-start=\"716\" data-end=\"747\">Combo K24 bao g\u1ed3m c\u00e1c s\u1ea3n ph\u1ea9m:<\/p>\n<ul data-start=\"749\" data-end=\"853\">\n<li data-section-id=\"dkmqhv\" data-start=\"749\" data-end=\"793\"><strong data-start=\"751\" data-end=\"791\">B\u1ebfp t\u1eeb CZ PID369 SERIAL 8.0<\/strong><\/li>\n<li data-section-id=\"h5wfo5\" data-start=\"794\" data-end=\"823\"><strong data-start=\"796\" data-end=\"821\">M\u00e1y h\u00fat m\u00f9i BA70BLACK<\/strong><\/li>\n<li data-section-id=\"1en9jjg\" data-start=\"824\" data-end=\"853\"><strong>B\u1ed9 n\u1ed3i inox Fivestar + ch\u1ea3o ch\u1ed1ng d\u00ednh<\/strong><\/li>\n<\/ul>\n<p data-start=\"855\" data-end=\"972\">\u0110\u00e2y l\u00e0 b\u1ed9 thi\u1ebft b\u1ecb t\u1ed1i gi\u1ea3n nh\u01b0ng \u0111\u1ea7y \u0111\u1ee7 cho nhu c\u1ea7u n\u1ea5u \u0103n c\u01a1 b\u1ea3n, ph\u00f9 h\u1ee3p v\u1edbi nhi\u1ec1u \u0111\u1ed1i t\u01b0\u1ee3ng kh\u00e1ch h\u00e0ng kh\u00e1c nhau.<\/p>\n<hr data-start=\"974\" data-end=\"977\" \/>\n<h2 data-section-id=\"e5ug49\" data-start=\"979\" data-end=\"1025\">2. V\u00ec Sao Combo K24 L\u00e0 L\u1ef1a Ch\u1ecdn Th\u00f4ng Minh?<\/h2>\n<h3 data-section-id=\"mocq4u\" data-start=\"1027\" data-end=\"1056\">\u2714\ufe0f T\u1ed1i Gi\u1ea3n Nh\u01b0ng \u0110\u1ee7 D\u00f9ng<\/h3>\n<p data-start=\"1057\" data-end=\"1131\">Kh\u00f4ng ph\u1ea3i ai c\u0169ng c\u1ea7n ch\u1eadu r\u1eeda hay v\u00f2i trong combo. V\u1edbi nhi\u1ec1u kh\u00e1ch h\u00e0ng:<\/p>\n<ul data-start=\"1132\" data-end=\"1202\">\n<li data-section-id=\"1ji7jwl\" data-start=\"1132\" data-end=\"1163\">\u0110\u00e3 c\u00f3 s\u1eb5n h\u1ec7 th\u1ed1ng ch\u1eadu r\u1eeda<\/li>\n<li data-section-id=\"1te6dqo\" data-start=\"1164\" data-end=\"1202\">Ho\u1eb7c mu\u1ed1n ch\u1ecdn ri\u00eang theo thi\u1ebft k\u1ebf<\/li>\n<\/ul>\n<p data-start=\"1204\" data-end=\"1283\">\ud83d\udc49 Th\u00ec combo K24 gi\u00fap ti\u1ebft ki\u1ec7m chi ph\u00ed \u0111\u00e1ng k\u1ec3 m\u00e0 v\u1eabn \u0111\u1ea3m b\u1ea3o c\u00f4ng n\u0103ng ch\u00ednh.<\/p>\n<hr data-start=\"1285\" data-end=\"1288\" \/>\n<h3 data-section-id=\"1eh82rs\" data-start=\"1290\" data-end=\"1328\">\u2714\ufe0f Gi\u00e1 Th\u00e0nh C\u1ef1c T\u1ed1t \u2013 D\u1ec5 Ti\u1ebfp C\u1eadn<\/h3>\n<p data-start=\"1329\" data-end=\"1361\">Ch\u1ec9 h\u01a1n 6 tri\u1ec7u, b\u1ea1n \u0111\u00e3 s\u1edf h\u1eefu:<\/p>\n<ul data-start=\"1362\" data-end=\"1425\">\n<li data-section-id=\"1nd181t\" data-start=\"1362\" data-end=\"1380\">B\u1ebfp t\u1eeb cao c\u1ea5p<\/li>\n<li data-section-id=\"f9buhj\" data-start=\"1381\" data-end=\"1405\">M\u00e1y h\u00fat m\u00f9i hi\u1ec7n \u0111\u1ea1i<\/li>\n<li data-section-id=\"jz33hc\" data-start=\"1406\" data-end=\"1425\">B\u1ed9 n\u1ed3i inox + ch\u1ea3o ch\u1ed1ng d\u00ednh<\/li>\n<\/ul>\n<p data-start=\"1427\" data-end=\"1479\">\ud83d\udc49 \u0110\u00e2y l\u00e0 m\u1ee9c gi\u00e1 c\u1ef1c k\u1ef3 c\u1ea1nh tranh trong ph\u00e2n kh\u00fac.<\/p>\n<hr data-start=\"1481\" data-end=\"1484\" \/>\n<h3 data-section-id=\"1btk4dh\" data-start=\"1486\" data-end=\"1529\">\u2714\ufe0f \u0110\u1ed3ng B\u1ed9 Thi\u1ebft B\u1ecb \u2013 T\u0103ng T\u00ednh Th\u1ea9m M\u1ef9<\/h3>\n<p data-start=\"1530\" data-end=\"1566\">Combo \u0111\u01b0\u1ee3c thi\u1ebft k\u1ebf c\u00f9ng phong c\u00e1ch:<\/p>\n<ul data-start=\"1567\" data-end=\"1655\">\n<li data-section-id=\"1j3vi5t\" data-start=\"1567\" data-end=\"1599\">T\u00f4ng m\u00e0u \u0111en \u2013 inox hi\u1ec7n \u0111\u1ea1i<\/li>\n<li data-section-id=\"1rzg3lb\" data-start=\"1600\" data-end=\"1622\">Ki\u1ec3u d\u00e1ng tinh g\u1ecdn<\/li>\n<li data-section-id=\"1v5quz\" data-start=\"1623\" data-end=\"1655\">Ph\u00f9 h\u1ee3p nhi\u1ec1u kh\u00f4ng gian b\u1ebfp<\/li>\n<\/ul>\n<hr data-start=\"1657\" data-end=\"1660\" \/>\n<h2 data-section-id=\"cr8vfi\" data-start=\"1662\" data-end=\"1700\">3. Ph\u00e2n T\u00edch Chi Ti\u1ebft T\u1eebng S\u1ea3n Ph\u1ea9m<\/h2>\n<h3 data-section-id=\"12w9o45\" data-start=\"1702\" data-end=\"1758\">\ud83d\udd25 B\u1ebfp T\u1eeb CZ PID369 \u2013 N\u1ea5u Nhanh, An To\u00e0n, Ti\u1ebft Ki\u1ec7m<\/h3>\n<p data-start=\"1760\" data-end=\"1807\">B\u1ebfp t\u1eeb l\u00e0 thi\u1ebft b\u1ecb quan tr\u1ecdng nh\u1ea5t trong combo:<\/p>\n<ul data-start=\"1809\" data-end=\"2038\">\n<li data-section-id=\"1sgn2xl\" data-start=\"1835\" data-end=\"1870\">Gia nhi\u1ec7t nhanh, ti\u1ebft ki\u1ec7m \u0111i\u1ec7n<\/li>\n<li data-section-id=\"1hr9fuw\" data-start=\"1871\" data-end=\"1904\">M\u1eb7t k\u00ednh ch\u1ecbu l\u1ef1c, ch\u1ecbu nhi\u1ec7t<\/li>\n<li data-section-id=\"198pd5d\" data-start=\"1905\" data-end=\"1932\">\u0110i\u1ec1u khi\u1ec3n c\u1ea3m \u1ee9ng nh\u1ea1y<\/li>\n<li data-section-id=\"1i5bhc4\" data-start=\"1933\" data-end=\"2038\">T\u00edch h\u1ee3p nhi\u1ec1u t\u00ednh n\u0103ng an to\u00e0n:\n<ul data-start=\"1971\" data-end=\"2038\">\n<li data-section-id=\"13oqax8\" data-start=\"1971\" data-end=\"1986\">Kh\u00f3a tr\u1ebb em<\/li>\n<li data-section-id=\"1g5585o\" data-start=\"1989\" data-end=\"2014\">T\u1ef1 ng\u1eaft khi qu\u00e1 nhi\u1ec7t<\/li>\n<li data-section-id=\"7pmmsq\" data-start=\"2017\" data-end=\"2038\">C\u1ea3nh b\u00e1o nhi\u1ec7t d\u01b0<\/li>\n<\/ul>\n<\/li>\n<\/ul>\n<p data-start=\"2040\" data-end=\"2078\">\ud83d\udc49 Gi\u00fap n\u1ea5u \u0103n nhanh h\u01a1n, an to\u00e0n h\u01a1n.<\/p>\n<hr data-start=\"2080\" data-end=\"2083\" \/>\n<h3 data-section-id=\"w0t5uf\" data-start=\"2085\" data-end=\"2139\">\ud83c\udf2a\ufe0f M\u00e1y H\u00fat M\u00f9i BA70BLACK\u00a0\u2013 Nh\u1ecf G\u1ecdn Nh\u01b0ng Hi\u1ec7u Qu\u1ea3<\/h3>\n<p data-start=\"2141\" data-end=\"2182\">M\u1ed9t c\u0103n b\u1ebfp s\u1ea1ch kh\u00f4ng th\u1ec3 thi\u1ebfu h\u00fat m\u00f9i:<\/p>\n<ul data-start=\"2184\" data-end=\"2293\">\n<li data-section-id=\"2xy1au\" data-start=\"2184\" data-end=\"2215\">Thi\u1ebft k\u1ebf hi\u1ec7n \u0111\u1ea1i<\/li>\n<li data-section-id=\"2ry4zk\" data-start=\"2216\" data-end=\"2241\">C\u00f4ng su\u1ea5t h\u00fat \u1ed5n \u0111\u1ecbnh<\/li>\n<li data-section-id=\"1584hzm\" data-start=\"2242\" data-end=\"2272\">L\u01b0\u1edbi l\u1ecdc d\u1ea7u m\u1ee1 d\u1ec5 v\u1ec7 sinh<\/li>\n<li data-section-id=\"1ylln9d\" data-start=\"2273\" data-end=\"2293\">\u0110\u00e8n LED ti\u1ec7n l\u1ee3i<\/li>\n<\/ul>\n<p data-start=\"2295\" data-end=\"2334\">\ud83d\udc49 Gi\u1eef kh\u00f4ng gian b\u1ebfp lu\u00f4n tho\u00e1ng s\u1ea1ch.<\/p>\n<hr data-start=\"2336\" data-end=\"2339\" \/>\n<h3 data-section-id=\"vf7cb3\" data-start=\"2341\" data-end=\"2387\">\ud83c\udf72 B\u1ed9 n\u1ed3i inox Fivestar + ch\u1ea3o ch\u1ed1ng d\u00ednh \u2013 B\u1ec1n B\u1ec9, An To\u00e0n<\/h3>\n<ul data-start=\"2389\" data-end=\"2486\">\n<li data-section-id=\"1l5eqwp\" data-start=\"2389\" data-end=\"2419\">Ch\u1ea5t li\u1ec7u inox 304 cao c\u1ea5p<\/li>\n<li data-section-id=\"lu6eg1\" data-start=\"2420\" data-end=\"2453\">Kh\u00f4ng th\u00f4i nhi\u1ec5m ch\u1ea5t \u0111\u1ed9c h\u1ea1i<\/li>\n<li data-section-id=\"1b2924k\" data-start=\"2454\" data-end=\"2471\">D\u1eabn nhi\u1ec7t t\u1ed1t<\/li>\n<li data-section-id=\"1dex0jo\" data-start=\"2472\" data-end=\"2486\">D\u1ec5 v\u1ec7 sinh<\/li>\n<\/ul>\n<p data-start=\"2488\" data-end=\"2539\">\ud83d\udc49 Ph\u00f9 h\u1ee3p cho m\u1ecdi m\u00f3n \u0103n t\u1eeb \u0111\u01a1n gi\u1ea3n \u0111\u1ebfn ph\u1ee9c t\u1ea1p.<\/p>\n<hr data-start=\"2541\" data-end=\"2544\" \/>\n<h2 data-section-id=\"ws4lf9\" data-start=\"2546\" data-end=\"2577\">4. Combo K24 Ph\u00f9 H\u1ee3p V\u1edbi Ai?<\/h2>\n<h3 data-section-id=\"1lzt3mj\" data-start=\"2579\" data-end=\"2598\">\ud83d\udc49 Gia \u0111\u00ecnh tr\u1ebb<\/h3>\n<p data-start=\"2599\" data-end=\"2639\">Mu\u1ed1n setup b\u1ebfp nhanh, ti\u1ebft ki\u1ec7m chi ph\u00ed.<\/p>\n<h3 data-section-id=\"1od5y7h\" data-start=\"2641\" data-end=\"2668\">\ud83d\udc49 Ng\u01b0\u1eddi \u1edf chung c\u01b0 nh\u1ecf<\/h3>\n<p data-start=\"2669\" data-end=\"2698\">Kh\u00f4ng c\u1ea7n qu\u00e1 nhi\u1ec1u thi\u1ebft b\u1ecb.<\/p>\n<h3 data-section-id=\"xu10pz\" data-start=\"2700\" data-end=\"2735\">\ud83d\udc49 Ch\u1ee7 nh\u00e0 tr\u1ecd, c\u0103n h\u1ed9 cho thu\u00ea<\/h3>\n<p data-start=\"2736\" data-end=\"2781\">T\u1ed1i \u01b0u ng\u00e2n s\u00e1ch nh\u01b0ng v\u1eabn \u0111\u1ea3m b\u1ea3o ti\u1ec7n nghi.<\/p>\n<h3 data-section-id=\"1d7lav0\" data-start=\"2783\" data-end=\"2814\">\ud83d\udc49 Kh\u00e1ch \u0111\u00e3 c\u00f3 s\u1eb5n ch\u1eadu r\u1eeda<\/h3>\n<p data-start=\"2815\" data-end=\"2847\">Ch\u1ec9 c\u1ea7n n\u00e2ng c\u1ea5p b\u1ebfp v\u00e0 h\u00fat m\u00f9i.<\/p>\n<hr data-start=\"2849\" data-end=\"2852\" \/>\n<h2 data-section-id=\"1g6sud9\" data-start=\"2854\" data-end=\"2896\">5. So S\u00e1nh Combo K24 V\u1edbi C\u00e1c Combo Kh\u00e1c<\/h2>\n<div class=\"TyagGW_tableContainer\">\n<div class=\"group TyagGW_tableWrapper flex flex-col-reverse w-fit\" tabindex=\"-1\">\n<table class=\"w-fit min-w-(--thread-content-width)\" data-start=\"2898\" data-end=\"3117\">\n<thead data-start=\"2898\" data-end=\"2937\">\n<tr data-start=\"2898\" data-end=\"2937\">\n<th class=\"\" data-start=\"2898\" data-end=\"2909\" data-col-size=\"sm\">Ti\u00eau ch\u00ed<\/th>\n<th class=\"\" data-start=\"2909\" data-end=\"2921\" data-col-size=\"sm\">Combo K24<\/th>\n<th class=\"\" data-start=\"2921\" data-end=\"2937\" data-col-size=\"sm\">Combo \u0111\u1ea7y \u0111\u1ee7<\/th>\n<\/tr>\n<\/thead>\n<tbody data-start=\"2977\" data-end=\"3117\">\n<tr data-start=\"2977\" data-end=\"3003\">\n<td data-start=\"2977\" data-end=\"2983\" data-col-size=\"sm\">Gi\u00e1<\/td>\n<td data-start=\"2983\" data-end=\"2992\" data-col-size=\"sm\">R\u1ebb h\u01a1n<\/td>\n<td data-start=\"2992\" data-end=\"3003\" data-col-size=\"sm\">Cao h\u01a1n<\/td>\n<\/tr>\n<tr data-start=\"3004\" data-end=\"3036\">\n<td data-start=\"3004\" data-end=\"3015\" data-col-size=\"sm\">Thi\u1ebft b\u1ecb<\/td>\n<td data-start=\"3015\" data-end=\"3026\" data-col-size=\"sm\">T\u1ed1i gi\u1ea3n<\/td>\n<td data-start=\"3026\" data-end=\"3036\" data-col-size=\"sm\">\u0110\u1ea7y \u0111\u1ee7<\/td>\n<\/tr>\n<tr data-start=\"3037\" data-end=\"3079\">\n<td data-start=\"3037\" data-end=\"3047\" data-col-size=\"sm\">Ph\u00f9 h\u1ee3p<\/td>\n<td data-start=\"3047\" data-end=\"3064\" data-col-size=\"sm\">Nhu c\u1ea7u c\u01a1 b\u1ea3n<\/td>\n<td data-start=\"3064\" data-end=\"3079\" data-col-size=\"sm\">Nhu c\u1ea7u cao<\/td>\n<\/tr>\n<tr data-start=\"3080\" data-end=\"3117\">\n<td data-start=\"3080\" data-end=\"3097\" data-col-size=\"sm\">T\u00ednh linh ho\u1ea1t<\/td>\n<td data-start=\"3097\" data-end=\"3103\" data-col-size=\"sm\">Cao<\/td>\n<td data-start=\"3103\" data-end=\"3117\" data-col-size=\"sm\">Trung b\u00ecnh<\/td>\n<\/tr>\n<\/tbody>\n<\/table>\n<\/div>\n<\/div>\n<p data-start=\"3119\" data-end=\"3163\">\ud83d\udc49 K15 l\u00e0 l\u1ef1a ch\u1ecdn linh ho\u1ea1t v\u00e0 kinh t\u1ebf h\u01a1n.<\/p>\n<hr data-start=\"3165\" data-end=\"3168\" \/>\n<h2 data-section-id=\"3wpw2\" data-start=\"3170\" data-end=\"3212\">6. L\u1ee3i \u00cdch Khi Mua Combo Thay V\u00ec Mua L\u1ebb<\/h2>\n<ul data-start=\"3214\" data-end=\"3313\">\n<li data-section-id=\"7w3nq9\" data-start=\"3214\" data-end=\"3235\">Ti\u1ebft ki\u1ec7m chi ph\u00ed<\/li>\n<li data-section-id=\"zcd2yw\" data-start=\"3236\" data-end=\"3255\">\u0110\u1ea3m b\u1ea3o \u0111\u1ed3ng b\u1ed9<\/li>\n<li data-section-id=\"1yxapjc\" data-start=\"3256\" data-end=\"3270\">D\u1ec5 l\u1eafp \u0111\u1eb7t<\/li>\n<li data-section-id=\"1n3xy0v\" data-start=\"3271\" data-end=\"3313\">Kh\u00f4ng m\u1ea5t th\u1eddi gian ch\u1ecdn t\u1eebng s\u1ea3n ph\u1ea9m<\/li>\n<\/ul>\n<hr data-start=\"3315\" data-end=\"3318\" \/>\n<h2 data-section-id=\"1a3cg74\" data-start=\"3320\" data-end=\"3354\">7. H\u01b0\u1edbng D\u1eabn S\u1eed D\u1ee5ng &amp; B\u1ea3o Qu\u1ea3n<\/h2>\n<p data-start=\"3356\" data-end=\"3381\">\u0110\u1ec3 s\u1ea3n ph\u1ea9m lu\u00f4n b\u1ec1n \u0111\u1eb9p:<\/p>\n<ul data-start=\"3383\" data-end=\"3502\">\n<li data-section-id=\"7ppu03\" data-start=\"3383\" data-end=\"3419\">Lau s\u1ea1ch b\u1ebfp sau m\u1ed7i l\u1ea7n s\u1eed d\u1ee5ng<\/li>\n<li data-section-id=\"1uhc1a2\" data-start=\"3420\" data-end=\"3447\">V\u1ec7 sinh h\u00fat m\u00f9i \u0111\u1ecbnh k\u1ef3<\/li>\n<li data-section-id=\"dp918o\" data-start=\"3448\" data-end=\"3476\">Kh\u00f4ng d\u00f9ng h\u00f3a ch\u1ea5t m\u1ea1nh<\/li>\n<li data-section-id=\"ocim2e\" data-start=\"3477\" data-end=\"3502\">Ki\u1ec3m tra \u0111i\u1ec7n \u0111\u1ecbnh k\u1ef3<\/li>\n<\/ul>\n<hr data-start=\"3504\" data-end=\"3507\" \/>\n<h2 data-section-id=\"1hczucu\" data-start=\"3509\" data-end=\"3535\">8. Gi\u00e1 B\u00e1n &amp; Ch\u00ednh S\u00e1ch<\/h2>\n<ul data-start=\"3537\" data-end=\"3645\">\n<li data-section-id=\"5hd6vt\" data-start=\"3537\" data-end=\"3570\">Gi\u00e1 ni\u00eam y\u1ebft: <strong>18.580.000\u0111<\/strong><\/li>\n<li data-section-id=\"1nzggmu\" data-start=\"3571\" data-end=\"3602\">Gi\u00e1 \u01b0u \u0111\u00e3i: <strong>6.186.000\u0111<\/strong><\/li>\n<li data-section-id=\"k5rami\" data-start=\"3603\" data-end=\"3626\">B\u1ea3o h\u00e0nh ch\u00ednh h\u00e3ng<\/li>\n<\/ul>\n<hr data-start=\"3647\" data-end=\"3650\" \/>\n<h2 data-section-id=\"npppew\" data-start=\"3652\" data-end=\"3666\">9. K\u1ebft Lu\u1eadn<\/h2>\n<p data-start=\"3668\" data-end=\"3738\"><strong data-start=\"3668\" data-end=\"3689\">Combo Ehrlich<\/strong> l\u00e0 l\u1ef1a ch\u1ecdn ho\u00e0n h\u1ea3o cho nh\u1eefng ai \u0111ang t\u00ecm ki\u1ebfm:<\/p>\n<ul data-start=\"3740\" data-end=\"3827\">\n<li data-section-id=\"1oij87a\" data-start=\"3740\" data-end=\"3768\">B\u1ed9 thi\u1ebft b\u1ecb b\u1ebfp t\u1ed1i gi\u1ea3n<\/li>\n<li data-section-id=\"lald93\" data-start=\"3769\" data-end=\"3789\">Gi\u00e1 th\u00e0nh h\u1ee3p l\u00fd<\/li>\n<li data-section-id=\"1yxapjc\" data-start=\"3790\" data-end=\"3804\">D\u1ec5 l\u1eafp \u0111\u1eb7t<\/li>\n<li data-section-id=\"ys4mvo\" data-start=\"3805\" data-end=\"3827\">\u0110\u1ea3m b\u1ea3o ch\u1ea5t l\u01b0\u1ee3ng<\/li>\n<\/ul>\n<p data-start=\"3829\" data-end=\"3962\">\u0110\u00e2y kh\u00f4ng ch\u1ec9 l\u00e0 combo ti\u1ebft ki\u1ec7m, m\u00e0 c\u00f2n l\u00e0 gi\u1ea3i ph\u00e1p th\u00f4ng minh gi\u00fap b\u1ea1n s\u1edf h\u1eefu m\u1ed9t gian b\u1ebfp hi\u1ec7n \u0111\u1ea1i m\u00e0 kh\u00f4ng c\u1ea7n \u0111\u1ea7u t\u01b0 qu\u00e1 nhi\u1ec1u.<\/p>\n<p data-start=\"5287\" data-end=\"5402\"><strong data-start=\"5287\" data-end=\"5338\">Ehrlich Vi\u1ec7t Nam \u2013 Thi\u1ebft B\u1ecb Nh\u00e0 B\u1ebfp &amp; Ph\u00f2ng T\u1eafm<\/strong><br data-start=\"5338\" data-end=\"5341\" \/>\ud83d\udccd\u00a0\u0110\u1ecba ch\u1ec9:\u00a0<strong data-start=\"5353\" data-end=\"5402\">S\u1ed1 6 Li\u1ec1n K\u1ec1 22, K\u0110T V\u0103n Kh\u00ea, H\u00e0 \u0110\u00f4ng, H\u00e0 N\u1ed9i<\/strong><\/p>\n<p data-start=\"5404\" data-end=\"5528\">\ud83c\udf10\u00a0Website:\u00a0<a class=\"decorated-link\" href=\"https:\/\/ehrlichvietnam.vn\/\" target=\"_new\" rel=\"noopener\" data-start=\"5416\" data-end=\"5442\">https:\/\/ehrlichvietnam.vn\/<\/a><br data-start=\"5442\" data-end=\"5445\" \/>\ud83d\udcde\u00a0Hotline:\u00a0<strong data-start=\"5457\" data-end=\"5474\">0932 27 05 20<\/strong><br data-start=\"5474\" data-end=\"5477\" \/>\ud83d\udcac\u00a0Zalo OA:\u00a0<a class=\"decorated-link\" href=\"https:\/\/zalo.me\/s\/2888141157129558325\" target=\"_new\" rel=\"noopener\" data-start=\"5489\" data-end=\"5526\">https:\/\/zalo.me\/s\/2888141157129558325<\/a><\/p>\n<p data-start=\"5530\" data-end=\"5641\">\ud83c\udfa5\u00a0TikTok:\u00a0<a class=\"decorated-link\" href=\"https:\/\/www.tiktok.com\/@ehrlich.chia.s?_r=1\" target=\"_new\" rel=\"noopener\" data-start=\"5541\" data-end=\"5585\">https:\/\/www.tiktok.com\/@ehrlichthietbivesinh<\/a><br data-start=\"5585\" data-end=\"5588\" \/>\u25b6\ufe0f\u00a0YouTube:\u00a0<a class=\"decorated-link\" href=\"https:\/\/www.youtube.com\/@EhrlichVietNam\" target=\"_new\" rel=\"noopener\" data-start=\"5600\" data-end=\"5639\">https:\/\/www.youtube.com\/@EhrlichVietNam<\/a><\/p>\n<p data-start=\"5643\" data-end=\"5688\">\ud83d\ude9a\u00a0Giao h\u00e0ng to\u00e0n qu\u1ed1c \u2013 t\u01b0 v\u1ea5n nhanh ch\u00f3ng<\/p>\n<p data-start=\"5690\" data-end=\"5736\">\ud83d\udc49\u00a0<strong data-start=\"5693\" data-end=\"5736\">Inbox ngay \u0111\u1ec3 nh\u1eadn \u01b0u \u0111\u00e3i th\u00eam h\u00f4m nay!<\/strong><\/p>\n","protected":false},"excerpt":{"rendered":"<p data-start=\"83\" data-end=\"415\"><strong data-start=\"83\" data-end=\"104\">Combo b\u1ebfp Ehrlich<\/strong> l\u00e0 gi\u1ea3i ph\u00e1p thi\u1ebft b\u1ecb b\u1ebfp tr\u1ecdn g\u00f3i, \u0111\u01b0\u1ee3c thi\u1ebft k\u1ebf \u0111\u1ed3ng b\u1ed9 t\u1eeb n\u1ea5u n\u01b0\u1edbng \u0111\u1ebfn r\u1eeda d\u1ecdn, gi\u00fap ho\u00e0n thi\u1ec7n kh\u00f4ng gian b\u1ebfp m\u1ed9t c\u00e1ch nhanh ch\u00f3ng v\u00e0 t\u1ed1i \u01b0u. S\u1ef1 k\u1ebft h\u1ee3p gi\u1eefa b\u1ebfp t\u1eeb, h\u00fat m\u00f9i, ch\u1eadu v\u00f2i v\u00e0 b\u1ed9 n\u1ed3i cao c\u1ea5p mang l\u1ea1i tr\u1ea3i nghi\u1ec7m s\u1eed d\u1ee5ng ti\u1ec7n nghi, hi\u1ec7n \u0111\u1ea1i v\u00e0 \u1ed5n \u0111\u1ecbnh trong su\u1ed1t qu\u00e1 tr\u00ecnh n\u1ea5u n\u01b0\u1edbng h\u00e0ng ng\u00e0y.<\/p>\n<p data-start=\"417\" data-end=\"723\">Kh\u00f4ng ch\u1ec9 \u0111\u1ea3m b\u1ea3o v\u1ec1 c\u00f4ng n\u0103ng, c\u00e1c s\u1ea3n ph\u1ea9m trong combo c\u00f2n c\u00f3 thi\u1ebft k\u1ebf h\u00e0i h\u00f2a, t\u00f4ng m\u00e0u hi\u1ec7n \u0111\u1ea1i, d\u1ec5 d\u00e0ng ph\u1ed1i h\u1ee3p v\u1edbi nhi\u1ec1u phong c\u00e1ch n\u1ed9i th\u1ea5t b\u1ebfp. Vi\u1ec7c l\u1ef1a ch\u1ecdn combo gi\u00fap ti\u1ebft ki\u1ec7m \u0111\u00e1ng k\u1ec3 th\u1eddi gian t\u00ecm ki\u1ebfm, chi ph\u00ed mua s\u1eafm v\u00e0 h\u1ea1n ch\u1ebf t\u1ed1i \u0111a c\u00e1c ph\u00e1t sinh kh\u00f4ng c\u1ea7n thi\u1ebft trong qu\u00e1 tr\u00ecnh l\u1eafp \u0111\u1eb7t.<\/p>\n<p data-start=\"725\" data-end=\"870\">\u0110\u00e2y l\u00e0 l\u1ef1a ch\u1ecdn ph\u00f9 h\u1ee3p cho nh\u1eefng gia \u0111\u00ecnh \u0111ang ho\u00e0n thi\u1ec7n b\u1ebfp m\u1edbi ho\u1eb7c mu\u1ed1n n\u00e2ng c\u1ea5p kh\u00f4ng gian b\u1ebfp theo h\u01b0\u1edbng \u0111\u1ed3ng b\u1ed9, ti\u1ec7n nghi v\u00e0 t\u1ed1i \u01b0u h\u01a1n.<\/p>\n","protected":false},"featured_media":4564,"comment_status":"open","ping_status":"closed","template":"","meta":{"_acf_changed":false},"product_brand":[],"product_cat":[52,77,56],"product_tag":[],"class_list":{"0":"post-4563","1":"product","2":"type-product","3":"status-publish","4":"has-post-thumbnail","6":"product_cat-nha-pho-can-ho","7":"product_cat-combo","8":"product_cat-combo-phong-bep","10":"first","11":"instock","12":"sale","13":"shipping-taxable","14":"purchasable","15":"product-type-simple"},"acf":[],"_links":{"self":[{"href":"https:\/\/ehrlichvietnam.vn\/en\/wp-json\/wp\/v2\/product\/4563","targetHints":{"allow":["GET"]}}],"collection":[{"href":"https:\/\/ehrlichvietnam.vn\/en\/wp-json\/wp\/v2\/product"}],"about":[{"href":"https:\/\/ehrlichvietnam.vn\/en\/wp-json\/wp\/v2\/types\/product"}],"replies":[{"embeddable":true,"href":"https:\/\/ehrlichvietnam.vn\/en\/wp-json\/wp\/v2\/comments?post=4563"}],"wp:featuredmedia":[{"embeddable":true,"href":"https:\/\/ehrlichvietnam.vn\/en\/wp-json\/wp\/v2\/media\/4564"}],"wp:attachment":[{"href":"https:\/\/ehrlichvietnam.vn\/en\/wp-json\/wp\/v2\/media?parent=4563"}],"wp:term":[{"taxonomy":"product_brand","embeddable":true,"href":"https:\/\/ehrlichvietnam.vn\/en\/wp-json\/wp\/v2\/product_brand?post=4563"},{"taxonomy":"product_cat","embeddable":true,"href":"https:\/\/ehrlichvietnam.vn\/en\/wp-json\/wp\/v2\/product_cat?post=4563"},{"taxonomy":"product_tag","embeddable":true,"href":"https:\/\/ehrlichvietnam.vn\/en\/wp-json\/wp\/v2\/product_tag?post=4563"}],"curies":[{"name":"wp","href":"https:\/\/api.w.org\/{rel}","templated":true}]}}