{"id":4559,"date":"2026-04-02T07:52:40","date_gmt":"2026-04-02T07:52:40","guid":{"rendered":"https:\/\/ehrlichvietnam.vn\/?post_type=product&#038;p=4559"},"modified":"2026-04-02T15:55:44","modified_gmt":"2026-04-02T15:55:44","slug":"combo-bep-k22","status":"publish","type":"product","link":"https:\/\/ehrlichvietnam.vn\/combo-bep-k22\/","title":{"rendered":"Combo B\u1ebfp K22"},"content":{"rendered":"<h1 data-section-id=\"1v0z6sc\" data-start=\"112\" data-end=\"217\"><span role=\"text\"><strong data-start=\"114\" data-end=\"217\">Combo K22 Ehrlich Germany Style \u2013 B\u1ed9 thi\u1ebft b\u1ecb b\u1ebfp &amp; l\u1ecdc n\u01b0\u1edbc cao c\u1ea5p tr\u1ecdn g\u00f3i cho gia \u0111\u00ecnh hi\u1ec7n \u0111\u1ea1i<\/strong><\/span><\/h1>\n<h2 data-section-id=\"qi7fdq\" data-start=\"219\" data-end=\"297\"><span role=\"text\"><strong data-start=\"222\" data-end=\"297\">Gi\u1edbi thi\u1ec7u Combo K22 \u2013 Gi\u1ea3i ph\u00e1p to\u00e0n di\u1ec7n cho kh\u00f4ng gian b\u1ebfp ti\u1ec7n nghi<\/strong><\/span><\/h2>\n<p data-start=\"299\" data-end=\"570\">Trong xu h\u01b0\u1edbng hi\u1ec7n \u0111\u1ea1i h\u00f3a kh\u00f4ng gian s\u1ed1ng, vi\u1ec7c s\u1edf h\u1eefu m\u1ed9t gian b\u1ebfp \u0111\u1ea7y \u0111\u1ee7 ti\u1ec7n nghi, s\u1ea1ch s\u1ebd v\u00e0 an to\u00e0n l\u00e0 \u0111i\u1ec1u m\u00e0 m\u1ecdi gia \u0111\u00ecnh \u0111\u1ec1u mong mu\u1ed1n. <strong data-start=\"445\" data-end=\"480\">Combo K22 Ehrlich Germany Style<\/strong> ch\u00ednh l\u00e0 gi\u1ea3i ph\u00e1p t\u1ed1i \u01b0u gi\u00fap b\u1ea1n n\u00e2ng c\u1ea5p to\u00e0n di\u1ec7n khu v\u1ef1c b\u1ebfp ch\u1ec9 v\u1edbi m\u1ed9t l\u1ea7n \u0111\u1ea7u t\u01b0.<\/p>\n<p data-start=\"572\" data-end=\"849\">Kh\u00f4ng ch\u1ec9 bao g\u1ed3m c\u00e1c thi\u1ebft b\u1ecb b\u1ebfp thi\u1ebft y\u1ebfu nh\u01b0 b\u1ebfp t\u1eeb, m\u00e1y h\u00fat m\u00f9i, ch\u1eadu r\u1eeda, v\u00f2i n\u01b0\u1edbc\u2026, combo K22 c\u00f2n \u0111\u1eb7c bi\u1ec7t t\u00edch h\u1ee3p <strong data-start=\"695\" data-end=\"717\">m\u00e1y l\u1ecdc n\u01b0\u1edbc AQUAX<\/strong>, mang \u0111\u1ebfn ngu\u1ed3n n\u01b0\u1edbc s\u1ea1ch tinh khi\u1ebft cho c\u1ea3 gia \u0111\u00ecnh. \u0110\u00e2y l\u00e0 \u0111i\u1ec3m n\u00e2ng c\u1ea5p v\u01b0\u1ee3t tr\u1ed9i so v\u1edbi c\u00e1c combo th\u00f4ng th\u01b0\u1eddng tr\u00ean th\u1ecb tr\u01b0\u1eddng.<\/p>\n<hr data-start=\"851\" data-end=\"854\" \/>\n<h2 data-section-id=\"1xxw6dp\" data-start=\"856\" data-end=\"886\"><span role=\"text\"><strong data-start=\"859\" data-end=\"886\">Combo K22 g\u1ed3m nh\u1eefng g\u00ec?<\/strong><\/span><\/h2>\n<p data-start=\"888\" data-end=\"930\">B\u1ed9 s\u1ea3n ph\u1ea9m <strong data-start=\"900\" data-end=\"921\">Combo K22 Ehrlich<\/strong> bao g\u1ed3m:<\/p>\n<ul data-start=\"932\" data-end=\"1131\">\n<li data-section-id=\"vjcp8k\" data-start=\"932\" data-end=\"965\"><strong data-start=\"934\" data-end=\"965\">B\u1ebfp t\u1eeb CZ PID369 SERIAL 8.0<\/strong><\/li>\n<li data-section-id=\"10t9h6t\" data-start=\"966\" data-end=\"993\"><strong data-start=\"968\" data-end=\"993\">M\u00e1y h\u00fat m\u00f9i BA350TUS<\/strong><\/li>\n<li data-section-id=\"1y77lh5\" data-start=\"994\" data-end=\"1023\"><strong data-start=\"996\" data-end=\"1023\">Ch\u1eadu r\u1eeda b\u00e1t EHR-7546AX<\/strong><\/li>\n<li data-section-id=\"12p9gpj\" data-start=\"1024\" data-end=\"1053\"><strong data-start=\"1026\" data-end=\"1053\">V\u00f2i r\u1eeda b\u00e1t Ta-6293CP-3<\/strong><\/li>\n<li data-section-id=\"3zwijz\" data-start=\"1054\" data-end=\"1098\"><strong data-start=\"1056\" data-end=\"1098\">B\u1ed9 n\u1ed3i inox Fivestar + ch\u1ea3o ch\u1ed1ng d\u00ednh<\/strong><\/li>\n<li data-section-id=\"1b4yp1a\" data-start=\"1099\" data-end=\"1131\"><strong data-start=\"1101\" data-end=\"1131\">M\u00e1y l\u1ecdc n\u01b0\u1edbc AQUAX cao c\u1ea5p<\/strong><\/li>\n<\/ul>\n<p data-start=\"1133\" data-end=\"1244\">\ud83d\udc49 \u0110\u00e2y l\u00e0 b\u1ed9 combo \u201call-in-one\u201d \u0111\u00e1p \u1ee9ng to\u00e0n b\u1ed9 nhu c\u1ea7u n\u1ea5u n\u01b0\u1edbng \u2013 v\u1ec7 sinh \u2013 s\u1eed d\u1ee5ng n\u01b0\u1edbc s\u1ea1ch trong gia \u0111\u00ecnh.<\/p>\n<hr data-start=\"1246\" data-end=\"1249\" \/>\n<h2 data-section-id=\"1vif5m9\" data-start=\"1251\" data-end=\"1295\"><span role=\"text\"><strong data-start=\"1254\" data-end=\"1295\">\u01afu \u0111i\u1ec3m n\u1ed5i b\u1eadt c\u1ee7a Combo K22 Ehrlich<\/strong><\/span><\/h2>\n<h3 data-section-id=\"en9trf\" data-start=\"1297\" data-end=\"1358\">\u2b50 1. Thi\u1ebft k\u1ebf chu\u1ea9n phong c\u00e1ch \u0110\u1ee9c \u2013 Sang tr\u1ecdng &amp; tinh t\u1ebf<\/h3>\n<p data-start=\"1359\" data-end=\"1412\">Combo K22 mang phong c\u00e1ch thi\u1ebft k\u1ebf <strong data-start=\"1394\" data-end=\"1411\">Germany Style<\/strong>:<\/p>\n<ul data-start=\"1413\" data-end=\"1505\">\n<li data-section-id=\"1clkaf9\" data-start=\"1413\" data-end=\"1440\">T\u1ed1i gi\u1ea3n nh\u01b0ng \u0111\u1eb3ng c\u1ea5p<\/li>\n<li data-section-id=\"fqkg6\" data-start=\"1441\" data-end=\"1474\">M\u00e0u s\u1eafc hi\u1ec7n \u0111\u1ea1i (\u0111en \u2013 inox)<\/li>\n<li data-section-id=\"18mv3e1\" data-start=\"1475\" data-end=\"1505\">Ph\u00f9 h\u1ee3p m\u1ecdi kh\u00f4ng gian b\u1ebfp<\/li>\n<\/ul>\n<p data-start=\"1507\" data-end=\"1552\">\ud83d\udc49 Gi\u00fap n\u00e2ng t\u1ea7m th\u1ea9m m\u1ef9 cho c\u0103n b\u1ebfp c\u1ee7a b\u1ea1n.<\/p>\n<hr data-start=\"1554\" data-end=\"1557\" \/>\n<h3 data-section-id=\"16qugqd\" data-start=\"1559\" data-end=\"1618\">\u2b50 2. B\u1ebfp t\u1eeb CZ PID369 \u2013 N\u1ea5u \u0103n nhanh, an to\u00e0n tuy\u1ec7t \u0111\u1ed1i<\/h3>\n<p data-start=\"1619\" data-end=\"1668\">B\u1ebfp t\u1eeb cao c\u1ea5p t\u00edch h\u1ee3p nhi\u1ec1u c\u00f4ng ngh\u1ec7 hi\u1ec7n \u0111\u1ea1i:<\/p>\n<ul data-start=\"1670\" data-end=\"1798\">\n<li data-section-id=\"1sgn2xl\" data-start=\"1670\" data-end=\"1705\">Gia nhi\u1ec7t nhanh, ti\u1ebft ki\u1ec7m \u0111i\u1ec7n<\/li>\n<li data-section-id=\"198pd5d\" data-start=\"1706\" data-end=\"1733\">\u0110i\u1ec1u khi\u1ec3n c\u1ea3m \u1ee9ng nh\u1ea1y<\/li>\n<li data-section-id=\"1bwa3yl\" data-start=\"1734\" data-end=\"1764\">T\u1ef1 \u0111\u1ed9ng ng\u1eaft khi qu\u00e1 nhi\u1ec7t<\/li>\n<li data-section-id=\"1iv4cp8\" data-start=\"1765\" data-end=\"1798\">Kh\u00f4ng g\u00e2y n\u00f3ng kh\u00f4ng gian b\u1ebfp<\/li>\n<\/ul>\n<p data-start=\"1800\" data-end=\"1854\">\ud83d\udc49 Ph\u00f9 h\u1ee3p cho gia \u0111\u00ecnh hi\u1ec7n \u0111\u1ea1i, an to\u00e0n cho tr\u1ebb nh\u1ecf.<\/p>\n<hr data-start=\"1856\" data-end=\"1859\" \/>\n<h3 data-section-id=\"1hj933c\" data-start=\"1861\" data-end=\"1929\">\u2b50 3. M\u00e1y h\u00fat m\u00f9i BA350TUS \u2013 Kh\u1eed m\u00f9i hi\u1ec7u qu\u1ea3, gi\u1eef b\u1ebfp lu\u00f4n s\u1ea1ch<\/h3>\n<p data-start=\"1930\" data-end=\"1961\">M\u00e1y h\u00fat m\u00f9i c\u00f4ng su\u1ea5t cao gi\u00fap:<\/p>\n<ul data-start=\"1963\" data-end=\"2083\">\n<li data-section-id=\"11mtrw7\" data-start=\"1963\" data-end=\"2006\">Lo\u1ea1i b\u1ecf kh\u00f3i v\u00e0 m\u00f9i th\u1ee9c \u0103n nhanh ch\u00f3ng<\/li>\n<li data-section-id=\"1f4gvyk\" data-start=\"2007\" data-end=\"2042\">Gi\u1ea3m d\u1ea7u m\u1ee1 b\u00e1m trong kh\u00f4ng kh\u00ed<\/li>\n<li data-section-id=\"y8jio2\" data-start=\"2043\" data-end=\"2083\">Gi\u1eef kh\u00f4ng gian b\u1ebfp lu\u00f4n th\u00f4ng tho\u00e1ng<\/li>\n<\/ul>\n<p data-start=\"2085\" data-end=\"2144\">Thi\u1ebft k\u1ebf hi\u1ec7n \u0111\u1ea1i, t\u0103ng t\u00ednh th\u1ea9m m\u1ef9 cho c\u0103n b\u1ebfp.<\/p>\n<hr data-start=\"2146\" data-end=\"2149\" \/>\n<h3 data-section-id=\"ci7qr5\" data-start=\"2151\" data-end=\"2203\">\u2b50 4. Ch\u1eadu r\u1eeda inox EHR-7546AX \u2013 B\u1ec1n b\u1ec9, ti\u1ec7n l\u1ee3i<\/h3>\n<ul data-start=\"2204\" data-end=\"2298\">\n<li data-section-id=\"kkwhub\" data-start=\"2204\" data-end=\"2239\">Ch\u1ea5t li\u1ec7u inox cao c\u1ea5p ch\u1ed1ng g\u1ec9<\/li>\n<li data-section-id=\"50518z\" data-start=\"2240\" data-end=\"2266\">Thi\u1ebft k\u1ebf 1 h\u1ed1 r\u1ed9ng r\u00e3i<\/li>\n<li data-section-id=\"drisz\" data-start=\"2267\" data-end=\"2298\">Ch\u1ed1ng tr\u1ea7y x\u01b0\u1edbc, d\u1ec5 v\u1ec7 sinh<\/li>\n<\/ul>\n<p data-start=\"2300\" data-end=\"2374\">\ud83d\udc49 Gi\u00fap vi\u1ec7c r\u1eeda b\u00e1t, s\u01a1 ch\u1ebf th\u1ef1c ph\u1ea9m tr\u1edf n\u00ean nhanh ch\u00f3ng v\u00e0 s\u1ea1ch s\u1ebd h\u01a1n.<\/p>\n<hr data-start=\"2376\" data-end=\"2379\" \/>\n<h3 data-section-id=\"5bqwtc\" data-start=\"2381\" data-end=\"2436\">\u2b50 5. V\u00f2i r\u1eeda b\u00e1t Ta-6293CP-3 \u2013 Linh ho\u1ea1t, ti\u1ec7n d\u1ee5ng<\/h3>\n<ul data-start=\"2437\" data-end=\"2500\">\n<li data-section-id=\"x71jvv\" data-start=\"2461\" data-end=\"2481\">\u00c1p l\u1ef1c n\u01b0\u1edbc m\u1ea1nh<\/li>\n<li data-section-id=\"13dwk7k\" data-start=\"2482\" data-end=\"2500\">Ti\u1ebft ki\u1ec7m n\u01b0\u1edbc<\/li>\n<\/ul>\n<p data-start=\"2502\" data-end=\"2554\">\ud83d\udc49 T\u0103ng hi\u1ec7u qu\u1ea3 s\u1eed d\u1ee5ng trong m\u1ecdi thao t\u00e1c nh\u00e0 b\u1ebfp.<\/p>\n<hr data-start=\"2556\" data-end=\"2559\" \/>\n<h3 data-section-id=\"z3y6ey\" data-start=\"2561\" data-end=\"2607\">\u2b50 6. B\u1ed9 n\u1ed3i inox + ch\u1ea3o ch\u1ed1ng d\u00ednh cao c\u1ea5p<\/h3>\n<ul data-start=\"2608\" data-end=\"2719\">\n<li data-section-id=\"1vxabq3\" data-start=\"2608\" data-end=\"2647\">Ch\u1ea5t li\u1ec7u inox an to\u00e0n cho s\u1ee9c kh\u1ecfe<\/li>\n<li data-section-id=\"14coenu\" data-start=\"2648\" data-end=\"2679\">D\u1eabn nhi\u1ec7t t\u1ed1t, n\u1ea5u \u0103n nhanh<\/li>\n<li data-section-id=\"7e7vem\" data-start=\"2680\" data-end=\"2719\">Ch\u1ea3o ch\u1ed1ng d\u00ednh gi\u00fap h\u1ea1n ch\u1ebf d\u1ea7u m\u1ee1<\/li>\n<\/ul>\n<p data-start=\"2721\" data-end=\"2774\">\ud83d\udc49 Ph\u00f9 h\u1ee3p cho m\u1ecdi m\u00f3n \u0103n t\u1eeb chi\u00ean, x\u00e0o \u0111\u1ebfn n\u1ea5u canh.<\/p>\n<hr data-start=\"2776\" data-end=\"2779\" \/>\n<h3 data-section-id=\"ycy7e\" data-start=\"2781\" data-end=\"2835\">\u2b50 7. M\u00e1y l\u1ecdc n\u01b0\u1edbc AQUAX \u2013 B\u1ea3o v\u1ec7 s\u1ee9c kh\u1ecfe gia \u0111\u00ecnh<\/h3>\n<p data-start=\"2836\" data-end=\"2874\">\u0110i\u1ec3m kh\u00e1c bi\u1ec7t l\u1edbn nh\u1ea5t c\u1ee7a Combo K22:<\/p>\n<ul data-start=\"2876\" data-end=\"2973\">\n<li data-section-id=\"1v7gdbi\" data-start=\"2876\" data-end=\"2907\">L\u1ecdc s\u1ea1ch t\u1ea1p ch\u1ea5t, vi khu\u1ea9n<\/li>\n<li data-section-id=\"1h5kvnw\" data-start=\"2908\" data-end=\"2940\">Cung c\u1ea5p n\u01b0\u1edbc u\u1ed1ng tr\u1ef1c ti\u1ebfp<\/li>\n<li data-section-id=\"1ccupti\" data-start=\"2941\" data-end=\"2973\">\u0110\u1ea3m b\u1ea3o an to\u00e0n cho s\u1ee9c kh\u1ecfe<\/li>\n<\/ul>\n<p data-start=\"2975\" data-end=\"3039\">\ud83d\udc49 Gi\u1ea3i ph\u00e1p 2 trong 1: v\u1eeba thi\u1ebft b\u1ecb b\u1ebfp, v\u1eeba ch\u0103m s\u00f3c s\u1ee9c kh\u1ecfe.<\/p>\n<hr data-start=\"3041\" data-end=\"3044\" \/>\n<h2 data-section-id=\"1b676b\" data-start=\"3046\" data-end=\"3078\"><span role=\"text\"><strong data-start=\"3049\" data-end=\"3078\">L\u1ee3i \u00edch khi mua Combo K22<\/strong><\/span><\/h2>\n<h3 data-section-id=\"viq3y4\" data-start=\"3080\" data-end=\"3113\">\u2714 Ti\u1ebft ki\u1ec7m chi ph\u00ed v\u01b0\u1ee3t tr\u1ed9i<\/h3>\n<ul data-start=\"3114\" data-end=\"3172\">\n<li data-section-id=\"15hkwvo\" data-start=\"3114\" data-end=\"3142\">Gi\u00e1 g\u1ed1c: <strong data-start=\"3125\" data-end=\"3140\">27.830.000\u0111<\/strong><\/li>\n<li data-section-id=\"13lafn6\" data-start=\"3143\" data-end=\"3172\">Gi\u00e1 \u01b0u \u0111\u00e3i: <strong>11.368.000\u0111<\/strong><\/li>\n<\/ul>\n<p data-start=\"3174\" data-end=\"3223\">\ud83d\udc49 Ti\u1ebft ki\u1ec7m h\u01a1n 50% so v\u1edbi mua l\u1ebb t\u1eebng s\u1ea3n ph\u1ea9m.<\/p>\n<hr data-start=\"3225\" data-end=\"3228\" \/>\n<h3 data-section-id=\"1czguoh\" data-start=\"3230\" data-end=\"3272\">\u2714 \u0110\u1ed3ng b\u1ed9 thi\u1ebft b\u1ecb \u2013 T\u1ed1i \u01b0u kh\u00f4ng gian<\/h3>\n<ul data-start=\"3273\" data-end=\"3340\">\n<li data-section-id=\"143vev2\" data-start=\"3273\" data-end=\"3295\">Thi\u1ebft k\u1ebf \u0111\u1ed3ng nh\u1ea5t<\/li>\n<li data-section-id=\"1xaberp\" data-start=\"3296\" data-end=\"3315\">L\u1eafp \u0111\u1eb7t d\u1ec5 d\u00e0ng<\/li>\n<li data-section-id=\"1mhihzn\" data-start=\"3316\" data-end=\"3340\">T\u01b0\u01a1ng th\u00edch ho\u00e0n h\u1ea3o<\/li>\n<\/ul>\n<hr data-start=\"3342\" data-end=\"3345\" \/>\n<h3 data-section-id=\"1cq1glb\" data-start=\"3347\" data-end=\"3378\">\u2714 N\u00e2ng cao tr\u1ea3i nghi\u1ec7m s\u1ed1ng<\/h3>\n<ul data-start=\"3379\" data-end=\"3454\">\n<li data-section-id=\"fq0vfh\" data-start=\"3379\" data-end=\"3399\">N\u1ea5u \u0103n nhanh h\u01a1n<\/li>\n<li data-section-id=\"1iaki1w\" data-start=\"3400\" data-end=\"3427\">Kh\u00f4ng gian b\u1ebfp s\u1ea1ch h\u01a1n<\/li>\n<li data-section-id=\"j4ppwy\" data-start=\"3428\" data-end=\"3454\">Ngu\u1ed3n n\u01b0\u1edbc an to\u00e0n h\u01a1n<\/li>\n<\/ul>\n<hr data-start=\"3456\" data-end=\"3459\" \/>\n<h3 data-section-id=\"1vu1ras\" data-start=\"3461\" data-end=\"3490\">\u2714 Ph\u00f9 h\u1ee3p nhi\u1ec1u \u0111\u1ed1i t\u01b0\u1ee3ng<\/h3>\n<ul data-start=\"3491\" data-end=\"3571\">\n<li data-section-id=\"w0jaip\" data-start=\"3491\" data-end=\"3507\">Gia \u0111\u00ecnh tr\u1ebb<\/li>\n<li data-section-id=\"e6n7ea\" data-start=\"3508\" data-end=\"3523\">Nh\u00e0 m\u1edbi x\u00e2y<\/li>\n<li data-section-id=\"1i0uyib\" data-start=\"3524\" data-end=\"3543\">C\u0103n h\u1ed9 chung c\u01b0<\/li>\n<li data-section-id=\"1oyvt0c\" data-start=\"3544\" data-end=\"3571\">Ng\u01b0\u1eddi mu\u1ed1n n\u00e2ng c\u1ea5p b\u1ebfp<\/li>\n<\/ul>\n<hr data-start=\"3573\" data-end=\"3576\" \/>\n<h2 data-section-id=\"1p1es2x\" data-start=\"3578\" data-end=\"3609\"><span role=\"text\"><strong data-start=\"3581\" data-end=\"3609\">Th\u00f4ng s\u1ed1 k\u1ef9 thu\u1eadt c\u01a1 b\u1ea3n<\/strong><\/span><\/h2>\n<h3 data-section-id=\"2jbxvs\" data-start=\"3611\" data-end=\"3634\">\ud83d\udd39 B\u1ebfp t\u1eeb CZ PID369<\/h3>\n<ul data-start=\"3635\" data-end=\"3720\">\n<li data-section-id=\"6fn09z\" data-start=\"3635\" data-end=\"3655\">Lo\u1ea1i: B\u1ebfp t\u1eeb \u0111\u00f4i<\/li>\n<li data-section-id=\"10ve511\" data-start=\"3656\" data-end=\"3679\">\u0110i\u1ec1u khi\u1ec3n: C\u1ea3m \u1ee9ng<\/li>\n<li data-section-id=\"g41lx1\" data-start=\"3680\" data-end=\"3720\">T\u00ednh n\u0103ng: N\u1ea5u nhanh, ti\u1ebft ki\u1ec7m \u0111i\u1ec7n<\/li>\n<\/ul>\n<h3 data-section-id=\"uccnlb\" data-start=\"3722\" data-end=\"3750\">\ud83d\udd39 M\u00e1y h\u00fat m\u00f9i BA350TUS<\/h3>\n<ul data-start=\"3751\" data-end=\"3808\">\n<li data-section-id=\"dzb4f7\" data-start=\"3751\" data-end=\"3770\">Ki\u1ec3u: Hi\u1ec7n<\/li>\n<li data-section-id=\"gpobsd\" data-start=\"3771\" data-end=\"3793\">C\u00f4ng su\u1ea5t h\u00fat m\u1ea1nh<\/li>\n<li data-section-id=\"1p4ya45\" data-start=\"3794\" data-end=\"3808\">\u0110\u1ed9 \u1ed3n th\u1ea5p<\/li>\n<\/ul>\n<h3 data-section-id=\"1u2k8as\" data-start=\"3810\" data-end=\"3836\">\ud83d\udd39 Ch\u1eadu r\u1eeda EHR-7546AX<\/h3>\n<ul data-start=\"3837\" data-end=\"3877\">\n<li data-section-id=\"88hu2r\" data-start=\"3837\" data-end=\"3853\">Inox cao c\u1ea5p<\/li>\n<li data-section-id=\"h25s72\" data-start=\"3854\" data-end=\"3864\">1 ng\u0103n<\/li>\n<li data-section-id=\"sho1hx\" data-start=\"3865\" data-end=\"3877\">Ch\u1ed1ng g\u1ec9<\/li>\n<\/ul>\n<h3 data-section-id=\"1hnngcv\" data-start=\"3879\" data-end=\"3904\">\ud83d\udd39 M\u00e1y l\u1ecdc n\u01b0\u1edbc AQUAX<\/h3>\n<ul data-start=\"3905\" data-end=\"3978\">\n<li data-section-id=\"17rl4o7\" data-start=\"3905\" data-end=\"3932\">C\u00f4ng ngh\u1ec7 l\u1ecdc ti\u00ean ti\u1ebfn<\/li>\n<li data-section-id=\"xbtikd\" data-start=\"3933\" data-end=\"3954\">L\u1ecdc s\u1ea1ch vi khu\u1ea9n<\/li>\n<li data-section-id=\"u5ocv9\" data-start=\"3955\" data-end=\"3978\">N\u01b0\u1edbc u\u1ed1ng tr\u1ef1c ti\u1ebfp<\/li>\n<\/ul>\n<hr data-start=\"3980\" data-end=\"3983\" \/>\n<h2 data-section-id=\"100uzm5\" data-start=\"3985\" data-end=\"4027\"><span role=\"text\"><strong data-start=\"3988\" data-end=\"4027\">T\u1ea1i sao n\u00ean ch\u1ecdn Combo K22 Ehrlich?<\/strong><\/span><\/h2>\n<ul data-start=\"4029\" data-end=\"4200\">\n<li data-section-id=\"z8r4w9\" data-start=\"4029\" data-end=\"4066\">Th\u01b0\u01a1ng hi\u1ec7u uy t\u00edn phong c\u00e1ch \u0110\u1ee9c<\/li>\n<li data-section-id=\"1beesi1\" data-start=\"4067\" data-end=\"4098\">Gi\u00e1 c\u1ef1c t\u1ed1t trong ph\u00e2n kh\u00fac<\/li>\n<li data-section-id=\"5sjzgd\" data-start=\"4099\" data-end=\"4133\">\u0110\u1ea7y \u0111\u1ee7 thi\u1ebft b\u1ecb + m\u00e1y l\u1ecdc n\u01b0\u1edbc<\/li>\n<li data-section-id=\"jfhpfr\" data-start=\"4134\" data-end=\"4160\">Thi\u1ebft k\u1ebf \u0111\u1eb9p, hi\u1ec7n \u0111\u1ea1i<\/li>\n<li data-section-id=\"1nl5usd\" data-start=\"4161\" data-end=\"4200\">Ph\u00f9 h\u1ee3p xu h\u01b0\u1edbng nh\u00e0 b\u1ebfp th\u00f4ng minh<\/li>\n<\/ul>\n<hr data-start=\"4202\" data-end=\"4205\" \/>\n<h2 data-section-id=\"uv25bt\" data-start=\"4207\" data-end=\"4242\"><span role=\"text\"><strong data-start=\"4210\" data-end=\"4242\">H\u01b0\u1edbng d\u1eabn s\u1eed d\u1ee5ng &amp; b\u1ea3o qu\u1ea3n<\/strong><\/span><\/h2>\n<p data-start=\"4244\" data-end=\"4282\">\u0110\u1ec3 \u0111\u1ea3m b\u1ea3o \u0111\u1ed9 b\u1ec1n v\u00e0 hi\u1ec7u qu\u1ea3 s\u1eed d\u1ee5ng:<\/p>\n<ul data-start=\"4284\" data-end=\"4419\">\n<li data-section-id=\"1ey2l3g\" data-start=\"4284\" data-end=\"4318\">V\u1ec7 sinh b\u1ebfp t\u1eeb sau khi s\u1eed d\u1ee5ng<\/li>\n<li data-section-id=\"uhzfss\" data-start=\"4319\" data-end=\"4348\">Thay l\u00f5i l\u1ecdc n\u01b0\u1edbc \u0111\u1ecbnh k\u1ef3<\/li>\n<li data-section-id=\"haozrn\" data-start=\"4349\" data-end=\"4382\">Lau kh\u00f4 ch\u1eadu r\u1eeda sau khi d\u00f9ng<\/li>\n<li data-section-id=\"17swbsz\" data-start=\"4383\" data-end=\"4419\">V\u1ec7 sinh m\u00e1y h\u00fat m\u00f9i th\u01b0\u1eddng xuy\u00ean<\/li>\n<\/ul>\n<hr data-start=\"4421\" data-end=\"4424\" \/>\n<h2 data-section-id=\"17d5cs8\" data-start=\"4426\" data-end=\"4453\"><span role=\"text\"><strong data-start=\"4429\" data-end=\"4453\">Cam k\u1ebft khi mua h\u00e0ng<\/strong><\/span><\/h2>\n<ul data-start=\"4455\" data-end=\"4550\">\n<li data-section-id=\"1p5eqgs\" data-start=\"4455\" data-end=\"4483\">S\u1ea3n ph\u1ea9m ch\u00ednh h\u00e3ng 100%<\/li>\n<li data-section-id=\"p75e29\" data-start=\"4484\" data-end=\"4503\">B\u1ea3o h\u00e0nh \u0111\u1ea7y \u0111\u1ee7<\/li>\n<li data-section-id=\"q6i3m3\" data-start=\"4531\" data-end=\"4550\">T\u01b0 v\u1ea5n mi\u1ec5n ph\u00ed<\/li>\n<\/ul>\n<p data-start=\"4589\" data-end=\"4697\">\ud83d\udc49 <strong data-start=\"4592\" data-end=\"4642\">Mua ngay Combo K22 Ehrlich ch\u1ec9 v\u1edbi 11.368.000\u0111<\/strong> \u0111\u1ec3 s\u1edf h\u1eefu tr\u1ecdn b\u1ed9 thi\u1ebft b\u1ecb b\u1ebfp + m\u00e1y l\u1ecdc n\u01b0\u1edbc cao c\u1ea5p!<\/p>\n<p data-start=\"4699\" data-end=\"4765\">\ud83d\udcde Li\u00ean h\u1ec7 ngay h\u00f4m nay \u0111\u1ec3 nh\u1eadn \u01b0u \u0111\u00e3i h\u1ea5p d\u1eabn v\u00e0 t\u01b0 v\u1ea5n mi\u1ec5n ph\u00ed!<\/p>\n<p data-start=\"5287\" data-end=\"5402\"><strong data-start=\"5287\" data-end=\"5338\">Ehrlich Vi\u1ec7t Nam \u2013 Thi\u1ebft B\u1ecb Nh\u00e0 B\u1ebfp &amp; Ph\u00f2ng T\u1eafm<\/strong><br data-start=\"5338\" data-end=\"5341\" \/>\ud83d\udccd\u00a0\u0110\u1ecba ch\u1ec9:\u00a0<strong data-start=\"5353\" data-end=\"5402\">S\u1ed1 6 Li\u1ec1n K\u1ec1 22, K\u0110T V\u0103n Kh\u00ea, H\u00e0 \u0110\u00f4ng, H\u00e0 N\u1ed9i<\/strong><\/p>\n<p data-start=\"5404\" data-end=\"5528\">\ud83c\udf10\u00a0Website:\u00a0<a class=\"decorated-link\" href=\"https:\/\/ehrlichvietnam.vn\/\" target=\"_new\" rel=\"noopener\" data-start=\"5416\" data-end=\"5442\">https:\/\/ehrlichvietnam.vn\/<\/a><br data-start=\"5442\" data-end=\"5445\" \/>\ud83d\udcde\u00a0Hotline:\u00a0<strong data-start=\"5457\" data-end=\"5474\">0932 27 05 20<\/strong><br data-start=\"5474\" data-end=\"5477\" \/>\ud83d\udcac\u00a0Zalo OA:\u00a0<a class=\"decorated-link\" href=\"https:\/\/zalo.me\/s\/2888141157129558325\" target=\"_new\" rel=\"noopener\" data-start=\"5489\" data-end=\"5526\">https:\/\/zalo.me\/s\/2888141157129558325<\/a><\/p>\n<p data-start=\"5530\" data-end=\"5641\">\ud83c\udfa5\u00a0TikTok:\u00a0<a class=\"decorated-link\" href=\"https:\/\/www.tiktok.com\/@ehrlich.chia.s?_r=1\" target=\"_new\" rel=\"noopener\" data-start=\"5541\" data-end=\"5585\">https:\/\/www.tiktok.com\/@ehrlichthietbivesinh<\/a><br data-start=\"5585\" data-end=\"5588\" \/>\u25b6\ufe0f\u00a0YouTube:\u00a0<a class=\"decorated-link\" href=\"https:\/\/www.youtube.com\/@EhrlichVietNam\" target=\"_new\" rel=\"noopener\" data-start=\"5600\" data-end=\"5639\">https:\/\/www.youtube.com\/@EhrlichVietNam<\/a><\/p>\n<p data-start=\"5643\" data-end=\"5688\">\ud83d\ude9a\u00a0Giao h\u00e0ng to\u00e0n qu\u1ed1c \u2013 t\u01b0 v\u1ea5n nhanh ch\u00f3ng<\/p>\n<p data-start=\"5690\" data-end=\"5736\">\ud83d\udc49\u00a0<strong data-start=\"5693\" data-end=\"5736\">Inbox ngay \u0111\u1ec3 nh\u1eadn \u01b0u \u0111\u00e3i th\u00eam h\u00f4m nay!<\/strong><\/p>\n","protected":false},"excerpt":{"rendered":"<p data-start=\"83\" data-end=\"415\"><strong data-start=\"83\" data-end=\"104\">Combo b\u1ebfp Ehrlich<\/strong> l\u00e0 gi\u1ea3i ph\u00e1p thi\u1ebft b\u1ecb b\u1ebfp tr\u1ecdn g\u00f3i, \u0111\u01b0\u1ee3c thi\u1ebft k\u1ebf \u0111\u1ed3ng b\u1ed9 t\u1eeb n\u1ea5u n\u01b0\u1edbng \u0111\u1ebfn r\u1eeda d\u1ecdn, gi\u00fap ho\u00e0n thi\u1ec7n kh\u00f4ng gian b\u1ebfp m\u1ed9t c\u00e1ch nhanh ch\u00f3ng v\u00e0 t\u1ed1i \u01b0u. S\u1ef1 k\u1ebft h\u1ee3p gi\u1eefa b\u1ebfp t\u1eeb, h\u00fat m\u00f9i, ch\u1eadu v\u00f2i v\u00e0 b\u1ed9 n\u1ed3i cao c\u1ea5p mang l\u1ea1i tr\u1ea3i nghi\u1ec7m s\u1eed d\u1ee5ng ti\u1ec7n nghi, hi\u1ec7n \u0111\u1ea1i v\u00e0 \u1ed5n \u0111\u1ecbnh trong su\u1ed1t qu\u00e1 tr\u00ecnh n\u1ea5u n\u01b0\u1edbng h\u00e0ng ng\u00e0y.<\/p>\n<p data-start=\"417\" data-end=\"723\">Kh\u00f4ng ch\u1ec9 \u0111\u1ea3m b\u1ea3o v\u1ec1 c\u00f4ng n\u0103ng, c\u00e1c s\u1ea3n ph\u1ea9m trong combo c\u00f2n c\u00f3 thi\u1ebft k\u1ebf h\u00e0i h\u00f2a, t\u00f4ng m\u00e0u hi\u1ec7n \u0111\u1ea1i, d\u1ec5 d\u00e0ng ph\u1ed1i h\u1ee3p v\u1edbi nhi\u1ec1u phong c\u00e1ch n\u1ed9i th\u1ea5t b\u1ebfp. Vi\u1ec7c l\u1ef1a ch\u1ecdn combo gi\u00fap ti\u1ebft ki\u1ec7m \u0111\u00e1ng k\u1ec3 th\u1eddi gian t\u00ecm ki\u1ebfm, chi ph\u00ed mua s\u1eafm v\u00e0 h\u1ea1n ch\u1ebf t\u1ed1i \u0111a c\u00e1c ph\u00e1t sinh kh\u00f4ng c\u1ea7n thi\u1ebft trong qu\u00e1 tr\u00ecnh l\u1eafp \u0111\u1eb7t.<\/p>\n<p data-start=\"725\" data-end=\"870\">\u0110\u00e2y l\u00e0 l\u1ef1a ch\u1ecdn ph\u00f9 h\u1ee3p cho nh\u1eefng gia \u0111\u00ecnh \u0111ang ho\u00e0n thi\u1ec7n b\u1ebfp m\u1edbi ho\u1eb7c mu\u1ed1n n\u00e2ng c\u1ea5p kh\u00f4ng gian b\u1ebfp theo h\u01b0\u1edbng \u0111\u1ed3ng b\u1ed9, ti\u1ec7n nghi v\u00e0 t\u1ed1i \u01b0u h\u01a1n.<\/p>\n","protected":false},"featured_media":4560,"comment_status":"open","ping_status":"closed","template":"","meta":{"_acf_changed":false},"product_brand":[],"product_cat":[52,77,56],"product_tag":[],"class_list":{"0":"post-4559","1":"product","2":"type-product","3":"status-publish","4":"has-post-thumbnail","6":"product_cat-nha-pho-can-ho","7":"product_cat-combo","8":"product_cat-combo-phong-bep","10":"first","11":"instock","12":"sale","13":"shipping-taxable","14":"purchasable","15":"product-type-simple"},"acf":[],"_links":{"self":[{"href":"https:\/\/ehrlichvietnam.vn\/en\/wp-json\/wp\/v2\/product\/4559","targetHints":{"allow":["GET"]}}],"collection":[{"href":"https:\/\/ehrlichvietnam.vn\/en\/wp-json\/wp\/v2\/product"}],"about":[{"href":"https:\/\/ehrlichvietnam.vn\/en\/wp-json\/wp\/v2\/types\/product"}],"replies":[{"embeddable":true,"href":"https:\/\/ehrlichvietnam.vn\/en\/wp-json\/wp\/v2\/comments?post=4559"}],"wp:featuredmedia":[{"embeddable":true,"href":"https:\/\/ehrlichvietnam.vn\/en\/wp-json\/wp\/v2\/media\/4560"}],"wp:attachment":[{"href":"https:\/\/ehrlichvietnam.vn\/en\/wp-json\/wp\/v2\/media?parent=4559"}],"wp:term":[{"taxonomy":"product_brand","embeddable":true,"href":"https:\/\/ehrlichvietnam.vn\/en\/wp-json\/wp\/v2\/product_brand?post=4559"},{"taxonomy":"product_cat","embeddable":true,"href":"https:\/\/ehrlichvietnam.vn\/en\/wp-json\/wp\/v2\/product_cat?post=4559"},{"taxonomy":"product_tag","embeddable":true,"href":"https:\/\/ehrlichvietnam.vn\/en\/wp-json\/wp\/v2\/product_tag?post=4559"}],"curies":[{"name":"wp","href":"https:\/\/api.w.org\/{rel}","templated":true}]}}