{"id":4554,"date":"2026-04-02T07:34:24","date_gmt":"2026-04-02T07:34:24","guid":{"rendered":"https:\/\/ehrlichvietnam.vn\/?post_type=product&#038;p=4554"},"modified":"2026-04-02T07:46:39","modified_gmt":"2026-04-02T07:46:39","slug":"combo-bep-k19","status":"publish","type":"product","link":"https:\/\/ehrlichvietnam.vn\/combo-bep-k19\/","title":{"rendered":"Combo B\u1ebfp K19"},"content":{"rendered":"<h1 data-section-id=\"1ripg5e\" data-start=\"120\" data-end=\"205\">Combo K19 \u2013 B\u1ed9 thi\u1ebft b\u1ecb b\u1ebfp cao c\u1ea5p \u0111\u1ed3ng b\u1ed9<\/h1>\n<p data-start=\"270\" data-end=\"577\">N\u1ebfu b\u1ea1n \u0111ang t\u00ecm ki\u1ebfm m\u1ed9t gi\u1ea3i ph\u00e1p ho\u00e0n h\u1ea3o \u0111\u1ec3 n\u00e2ng c\u1ea5p kh\u00f4ng gian b\u1ebfp v\u1eeba hi\u1ec7n \u0111\u1ea1i, ti\u1ec7n nghi l\u1ea1i t\u1ed1i \u01b0u chi ph\u00ed, th\u00ec <strong data-start=\"390\" data-end=\"425\">Combo K19 Ehrlich Germany Style<\/strong> ch\u00ednh l\u00e0 l\u1ef1a ch\u1ecdn l\u00fd t\u01b0\u1edfng. \u0110\u00e2y l\u00e0 b\u1ed9 thi\u1ebft b\u1ecb nh\u00e0 b\u1ebfp cao c\u1ea5p \u0111\u01b0\u1ee3c thi\u1ebft k\u1ebf \u0111\u1ed3ng b\u1ed9, t\u00edch h\u1ee3p \u0111\u1ea7y \u0111\u1ee7 c\u00e1c s\u1ea3n ph\u1ea9m c\u1ea7n thi\u1ebft cho m\u1ed9t gian b\u1ebfp hi\u1ec7n \u0111\u1ea1i.<\/p>\n<p data-start=\"579\" data-end=\"818\">Combo K18 kh\u00f4ng ch\u1ec9 mang \u0111\u1ebfn tr\u1ea3i nghi\u1ec7m n\u1ea5u n\u01b0\u1edbng ti\u1ec7n l\u1ee3i m\u00e0 c\u00f2n gi\u00fap n\u00e2ng t\u1ea7m th\u1ea9m m\u1ef9 cho kh\u00f4ng gian s\u1ed1ng. V\u1edbi thi\u1ebft k\u1ebf chu\u1ea9n phong c\u00e1ch \u0110\u1ee9c (Germany Style), s\u1ea3n ph\u1ea9m h\u01b0\u1edbng \u0111\u1ebfn s\u1ef1 t\u1ed1i gi\u1ea3n, tinh t\u1ebf nh\u01b0ng v\u1eabn \u0111\u1ea3m b\u1ea3o hi\u1ec7u n\u0103ng v\u01b0\u1ee3t tr\u1ed9i.<\/p>\n<hr data-start=\"820\" data-end=\"823\" \/>\n<h2 data-section-id=\"1s6rbxi\" data-start=\"825\" data-end=\"855\"><span role=\"text\"><strong data-start=\"828\" data-end=\"855\">Combo K19 g\u1ed3m nh\u1eefng g\u00ec?<\/strong><\/span><\/h2>\n<p data-start=\"857\" data-end=\"933\">B\u1ed9 s\u1ea3n ph\u1ea9m <strong data-start=\"869\" data-end=\"890\">Combo K19 Ehrlich<\/strong> bao g\u1ed3m \u0111\u1ea7y \u0111\u1ee7 c\u00e1c thi\u1ebft b\u1ecb b\u1ebfp thi\u1ebft y\u1ebfu:<\/p>\n<ul data-start=\"935\" data-end=\"1108\">\n<li data-section-id=\"vjcp8k\" data-start=\"935\" data-end=\"968\"><strong data-start=\"937\" data-end=\"968\">B\u1ebfp t\u1eeb CZ PID369 SERIAL 8.0<\/strong><\/li>\n<li data-section-id=\"16c4k2p\" data-start=\"969\" data-end=\"995\"><strong data-start=\"971\" data-end=\"995\">M\u00e1y h\u00fat m\u00f9i BA70BLACK<\/strong><\/li>\n<li data-section-id=\"1y77lh5\" data-start=\"996\" data-end=\"1025\"><strong data-start=\"998\" data-end=\"1025\">Ch\u1eadu r\u1eeda b\u00e1t EHR-7546AX<\/strong><\/li>\n<li data-section-id=\"12p9gpj\" data-start=\"1026\" data-end=\"1055\"><strong data-start=\"1028\" data-end=\"1055\">V\u00f2i r\u1eeda b\u00e1t Ta-6293CP-3<\/strong><\/li>\n<li data-section-id=\"1ik0oxg\" data-start=\"1056\" data-end=\"1108\"><strong data-start=\"1058\" data-end=\"1108\">B\u1ed9 n\u1ed3i inox Fivestar + ch\u1ea3o ch\u1ed1ng d\u00ednh cao c\u1ea5p<\/strong><\/li>\n<\/ul>\n<p data-start=\"1110\" data-end=\"1235\">\u0110\u00e2y l\u00e0 s\u1ef1 k\u1ebft h\u1ee3p ho\u00e0n h\u1ea3o gi\u00fap b\u1ea1n kh\u00f4ng c\u1ea7n ph\u1ea3i mua l\u1ebb t\u1eebng s\u1ea3n ph\u1ea9m, v\u1eeba ti\u1ebft ki\u1ec7m th\u1eddi gian, v\u1eeba t\u1ed1i \u01b0u chi ph\u00ed \u0111\u00e1ng k\u1ec3.<\/p>\n<hr data-start=\"1237\" data-end=\"1240\" \/>\n<h2 data-section-id=\"7o2z16\" data-start=\"1242\" data-end=\"1286\"><span role=\"text\"><strong data-start=\"1245\" data-end=\"1286\">\u01afu \u0111i\u1ec3m n\u1ed5i b\u1eadt c\u1ee7a Combo K19 Ehrlich<\/strong><\/span><\/h2>\n<h3 data-section-id=\"8wiu21\" data-start=\"1288\" data-end=\"1339\">\u2b50 1. Thi\u1ebft k\u1ebf \u0111\u1ed3ng b\u1ed9 \u2013 N\u00e2ng t\u1ea7m kh\u00f4ng gian b\u1ebfp<\/h3>\n<p data-start=\"1340\" data-end=\"1490\">T\u1ea5t c\u1ea3 s\u1ea3n ph\u1ea9m trong combo \u0111\u1ec1u mang phong c\u00e1ch hi\u1ec7n \u0111\u1ea1i, t\u1ed1i gi\u1ea3n, m\u00e0u s\u1eafc sang tr\u1ecdng gi\u00fap c\u0103n b\u1ebfp tr\u1edf n\u00ean tinh t\u1ebf v\u00e0 chuy\u00ean nghi\u1ec7p h\u01a1n. Ph\u00f9 h\u1ee3p v\u1edbi:<\/p>\n<ul data-start=\"1491\" data-end=\"1546\">\n<li data-section-id=\"120ealv\" data-start=\"1491\" data-end=\"1508\">C\u0103n h\u1ed9 chung c\u01b0<\/li>\n<li data-section-id=\"uzx4uu\" data-start=\"1509\" data-end=\"1527\">Nh\u00e0 ph\u1ed1 hi\u1ec7n \u0111\u1ea1i<\/li>\n<li data-section-id=\"18syznq\" data-start=\"1528\" data-end=\"1546\">Bi\u1ec7t th\u1ef1 cao c\u1ea5p<\/li>\n<\/ul>\n<hr data-start=\"1548\" data-end=\"1551\" \/>\n<h3 data-section-id=\"9r4284\" data-start=\"1553\" data-end=\"1620\">\u2b50 2. B\u1ebfp t\u1eeb CZ PID369 SERIAL 8.0 \u2013 N\u1ea5u \u0103n nhanh, ti\u1ebft ki\u1ec7m \u0111i\u1ec7n<\/h3>\n<p data-start=\"1621\" data-end=\"1664\">B\u1ebfp t\u1eeb cao c\u1ea5p v\u1edbi c\u00f4ng ngh\u1ec7 hi\u1ec7n \u0111\u1ea1i gi\u00fap:<\/p>\n<ul data-start=\"1665\" data-end=\"1774\">\n<li data-section-id=\"wdhqlb\" data-start=\"1665\" data-end=\"1707\">Gia nhi\u1ec7t nhanh, ti\u1ebft ki\u1ec7m th\u1eddi gian n\u1ea5u<\/li>\n<li data-section-id=\"djljzg\" data-start=\"1708\" data-end=\"1739\">\u0110i\u1ec1u khi\u1ec3n c\u1ea3m \u1ee9ng th\u00f4ng minh<\/li>\n<li data-section-id=\"1d78dl9\" data-start=\"1740\" data-end=\"1774\">An to\u00e0n tuy\u1ec7t \u0111\u1ed1i cho ng\u01b0\u1eddi d\u00f9ng<\/li>\n<\/ul>\n<p data-start=\"1776\" data-end=\"1845\">\ud83d\udc49 \u0110\u1eb7c bi\u1ec7t ph\u00f9 h\u1ee3p cho gia \u0111\u00ecnh b\u1eadn r\u1ed9n c\u1ea7n s\u1ef1 ti\u1ec7n l\u1ee3i v\u00e0 hi\u1ec7u qu\u1ea3.<\/p>\n<hr data-start=\"1847\" data-end=\"1850\" \/>\n<h3 data-section-id=\"1apmao9\" data-start=\"1852\" data-end=\"1908\">\u2b50 3. M\u00e1y h\u00fat m\u00f9i <strong data-start=\"971\" data-end=\"995\">BA70BLACK<\/strong> \u2013 Kh\u00f4ng gian lu\u00f4n s\u1ea1ch m\u00f9i<\/h3>\n<p data-start=\"1909\" data-end=\"1934\">M\u00e1y h\u00fat m\u00f9i gi\u00fap lo\u1ea1i b\u1ecf:<\/p>\n<ul data-start=\"1935\" data-end=\"1992\">\n<li data-section-id=\"8n1fu6\" data-start=\"1935\" data-end=\"1948\">M\u00f9i th\u1ee9c \u0103n<\/li>\n<li data-section-id=\"mci2vf\" data-start=\"1949\" data-end=\"1962\">Kh\u00f3i d\u1ea7u m\u1ee1<\/li>\n<li data-section-id=\"1dbykzq\" data-start=\"1963\" data-end=\"1992\">Kh\u00f4ng kh\u00ed \u00f4 nhi\u1ec5m trong b\u1ebfp<\/li>\n<\/ul>\n<p data-start=\"1994\" data-end=\"2073\">Gi\u1eef cho c\u0103n b\u1ebfp lu\u00f4n th\u00f4ng tho\u00e1ng, d\u1ec5 ch\u1ecbu, \u0111\u1eb7c bi\u1ec7t khi n\u1ea5u c\u00e1c m\u00f3n chi\u00ean x\u00e0o.<\/p>\n<hr data-start=\"2075\" data-end=\"2078\" \/>\n<h3 data-section-id=\"1gu2gpi\" data-start=\"2080\" data-end=\"2125\">\u2b50 4. Ch\u1eadu r\u1eeda b\u00e1t inox cao c\u1ea5p EHR-7546AX<\/h3>\n<p data-start=\"2126\" data-end=\"2160\">Ch\u1eadu r\u1eeda thi\u1ebft k\u1ebf 2 ng\u0103n ti\u1ec7n l\u1ee3i:<\/p>\n<ul data-start=\"2161\" data-end=\"2259\">\n<li data-section-id=\"lugfvm\" data-start=\"2161\" data-end=\"2194\">Ch\u1ea5t li\u1ec7u inox ch\u1ed1ng g\u1ec9, b\u1ec1n b\u1ec9<\/li>\n<li data-section-id=\"12ri7ww\" data-start=\"2195\" data-end=\"2222\">D\u1ec5 v\u1ec7 sinh, ch\u1ed1ng b\u00e1m b\u1ea9n<\/li>\n<li data-section-id=\"1whh2s\" data-start=\"2223\" data-end=\"2259\">Thi\u1ebft k\u1ebf s\u00e2u gi\u00fap h\u1ea1n ch\u1ebf b\u1eafn n\u01b0\u1edbc<\/li>\n<\/ul>\n<hr data-start=\"2261\" data-end=\"2264\" \/>\n<h3 data-section-id=\"eb7k9\" data-start=\"2266\" data-end=\"2306\">\u2b50 5. V\u00f2i r\u1eeda b\u00e1t cao c\u1ea5p Ta-6293CP-3<\/h3>\n<ul data-start=\"2307\" data-end=\"2414\">\n<li data-section-id=\"16ytn0h\" data-start=\"2307\" data-end=\"2342\">Thi\u1ebft k\u1ebf hi\u1ec7n \u0111\u1ea1i, xoay linh ho\u1ea1t<\/li>\n<li data-section-id=\"1h1e5tr\" data-start=\"2343\" data-end=\"2377\">\u00c1p l\u1ef1c n\u01b0\u1edbc m\u1ea1nh, ti\u1ebft ki\u1ec7m n\u01b0\u1edbc<\/li>\n<li data-section-id=\"mlg4f3\" data-start=\"2378\" data-end=\"2414\">D\u1ec5 d\u00e0ng s\u1eed d\u1ee5ng trong m\u1ecdi thao t\u00e1c<\/li>\n<\/ul>\n<hr data-start=\"2416\" data-end=\"2419\" \/>\n<h3 data-section-id=\"1i4wvm1\" data-start=\"2421\" data-end=\"2468\">\u2b50 6. B\u1ed9 n\u1ed3i inox Fivestar + ch\u1ea3o ch\u1ed1ng d\u00ednh<\/h3>\n<ul data-start=\"2469\" data-end=\"2591\">\n<li data-section-id=\"1fpjkco\" data-start=\"2469\" data-end=\"2511\">Ch\u1ea5t li\u1ec7u inox cao c\u1ea5p, an to\u00e0n s\u1ee9c kh\u1ecfe<\/li>\n<li data-section-id=\"xisomi\" data-start=\"2512\" data-end=\"2549\">D\u1eabn nhi\u1ec7t t\u1ed1t, ti\u1ebft ki\u1ec7m nhi\u00ean li\u1ec7u<\/li>\n<li data-section-id=\"1hnawtr\" data-start=\"2550\" data-end=\"2591\">Ch\u1ea3o ch\u1ed1ng d\u00ednh gi\u00fap n\u1ea5u \u0103n d\u1ec5 d\u00e0ng h\u01a1n<\/li>\n<\/ul>\n<hr data-start=\"2593\" data-end=\"2596\" \/>\n<h2 data-section-id=\"k6lfwf\" data-start=\"2598\" data-end=\"2633\"><span role=\"text\"><strong data-start=\"2601\" data-end=\"2633\">L\u1ee3i \u00edch khi s\u1edf h\u1eefu Combo K19<\/strong><\/span><\/h2>\n<h3 data-section-id=\"9zouhz\" data-start=\"2635\" data-end=\"2665\">\u2714 Ti\u1ebft ki\u1ec7m chi ph\u00ed t\u1ed1i \u0111a<\/h3>\n<p data-start=\"2666\" data-end=\"2755\">Thay v\u00ec mua t\u1eebng thi\u1ebft b\u1ecb ri\u00eang l\u1ebb v\u1edbi gi\u00e1 cao, combo gi\u00fap b\u1ea1n ti\u1ebft ki\u1ec7m h\u00e0ng tri\u1ec7u \u0111\u1ed3ng.<\/p>\n<p data-start=\"2757\" data-end=\"2817\">\ud83d\udc49 Gi\u00e1 \u01b0u \u0111\u00e3i ch\u1ec9: <strong data-start=\"2776\" data-end=\"2790\">8.875.000\u0111<\/strong> (gi\u1ea3m m\u1ea1nh t\u1eeb 23.536.000\u0111)<\/p>\n<hr data-start=\"2819\" data-end=\"2822\" \/>\n<h3 data-section-id=\"1ywh9wn\" data-start=\"2824\" data-end=\"2859\">\u2714 \u0110\u1ed3ng b\u1ed9 thi\u1ebft b\u1ecb \u2013 D\u1ec5 l\u1eafp \u0111\u1eb7t<\/h3>\n<ul data-start=\"2860\" data-end=\"2973\">\n<li data-section-id=\"r4p83o\" data-start=\"2860\" data-end=\"2900\">Kh\u00f4ng c\u1ea7n ch\u1ecdn l\u1ef1a t\u1eebng s\u1ea3n ph\u1ea9m ri\u00eang<\/li>\n<li data-section-id=\"imcamd\" data-start=\"2901\" data-end=\"2941\">T\u01b0\u01a1ng th\u00edch ho\u00e0n h\u1ea3o gi\u1eefa c\u00e1c thi\u1ebft b\u1ecb<\/li>\n<li data-section-id=\"bwn2xz\" data-start=\"2942\" data-end=\"2973\">L\u1eafp \u0111\u1eb7t nhanh ch\u00f3ng, ti\u1ec7n l\u1ee3i<\/li>\n<\/ul>\n<hr data-start=\"2975\" data-end=\"2978\" \/>\n<h3 data-section-id=\"xnqfxj\" data-start=\"2980\" data-end=\"3014\">\u2714 T\u1ed1i \u01b0u tr\u1ea3i nghi\u1ec7m n\u1ea5u n\u01b0\u1edbng<\/h3>\n<ul data-start=\"3015\" data-end=\"3118\">\n<li data-section-id=\"4opl3a\" data-start=\"3015\" data-end=\"3041\">N\u1ea5u nhanh h\u01a1n v\u1edbi b\u1ebfp t\u1eeb<\/li>\n<li data-section-id=\"1ay6ntv\" data-start=\"3042\" data-end=\"3079\">Kh\u00f4ng gian s\u1ea1ch h\u01a1n v\u1edbi m\u00e1y h\u00fat m\u00f9i<\/li>\n<li data-section-id=\"ecxfci\" data-start=\"3080\" data-end=\"3118\">R\u1eeda ti\u1ec7n h\u01a1n v\u1edbi ch\u1eadu v\u00e0 v\u00f2i cao c\u1ea5p<\/li>\n<\/ul>\n<hr data-start=\"3120\" data-end=\"3123\" \/>\n<h3 data-section-id=\"1vu1ras\" data-start=\"3125\" data-end=\"3154\">\u2714 Ph\u00f9 h\u1ee3p nhi\u1ec1u \u0111\u1ed1i t\u01b0\u1ee3ng<\/h3>\n<p data-start=\"3155\" data-end=\"3177\">Combo K19 ph\u00f9 h\u1ee3p v\u1edbi:<\/p>\n<ul data-start=\"3178\" data-end=\"3265\">\n<li data-section-id=\"yuyj9d\" data-start=\"3178\" data-end=\"3192\">Gia \u0111\u00ecnh tr\u1ebb<\/li>\n<li data-section-id=\"sj9n6n\" data-start=\"3193\" data-end=\"3212\">Ng\u01b0\u1eddi m\u1edbi x\u00e2y nh\u00e0<\/li>\n<li data-section-id=\"11wpuzm\" data-start=\"3213\" data-end=\"3243\">Ch\u1ee7 c\u0103n h\u1ed9 mu\u1ed1n n\u00e2ng c\u1ea5p b\u1ebfp<\/li>\n<li data-section-id=\"1bsapju\" data-start=\"3244\" data-end=\"3265\">Nh\u00e0 \u0111\u1ea7u t\u01b0 n\u1ed9i th\u1ea5t<\/li>\n<\/ul>\n<hr data-start=\"3267\" data-end=\"3270\" \/>\n<h2 data-section-id=\"1p1es2x\" data-start=\"3272\" data-end=\"3303\"><span role=\"text\"><strong data-start=\"3275\" data-end=\"3303\">Th\u00f4ng s\u1ed1 k\u1ef9 thu\u1eadt c\u01a1 b\u1ea3n<\/strong><\/span><\/h2>\n<h3 data-section-id=\"d87d9q\" data-start=\"3305\" data-end=\"3339\">\ud83d\udd39 B\u1ebfp t\u1eeb CZ PID369 SERIAL 8.0<\/h3>\n<ul data-start=\"3340\" data-end=\"3417\">\n<li data-section-id=\"1vpbxpw\" data-start=\"3340\" data-end=\"3363\">C\u00f4ng ngh\u1ec7: B\u1ebfp t\u1eeb \u0111\u00f4i<\/li>\n<li data-section-id=\"1bueb91\" data-start=\"3364\" data-end=\"3385\">\u0110i\u1ec1u khi\u1ec3n: C\u1ea3m \u1ee9ng<\/li>\n<li data-section-id=\"1f3hcjk\" data-start=\"3386\" data-end=\"3417\">T\u00ednh n\u0103ng: N\u1ea5u nhanh, an to\u00e0n<\/li>\n<\/ul>\n<h3 data-section-id=\"vgie2z\" data-start=\"3419\" data-end=\"3446\">\ud83d\udd39 M\u00e1y h\u00fat m\u00f9i <strong data-start=\"971\" data-end=\"995\">BA70BLACK<\/strong><\/h3>\n<ul data-start=\"3447\" data-end=\"3499\">\n<li data-section-id=\"9n1c1i\" data-start=\"3447\" data-end=\"3465\">Ki\u1ec3u d\u00e1ng: Hi\u1ec7n \u0111\u1ea1i<\/li>\n<li data-section-id=\"74hy5p\" data-start=\"3466\" data-end=\"3486\">C\u00f4ng su\u1ea5t h\u00fat m\u1ea1nh<\/li>\n<li data-section-id=\"1jfkz79\" data-start=\"3487\" data-end=\"3499\">\u0110\u1ed9 \u1ed3n th\u1ea5p<\/li>\n<\/ul>\n<h3 data-section-id=\"1u2k8as\" data-start=\"3501\" data-end=\"3527\">\ud83d\udd39 Ch\u1eadu r\u1eeda EHR-7546AX<\/h3>\n<ul data-start=\"3528\" data-end=\"3594\">\n<li data-section-id=\"15tzl5g\" data-start=\"3528\" data-end=\"3553\">Ch\u1ea5t li\u1ec7u: Inox cao c\u1ea5p<\/li>\n<li data-section-id=\"w4sdfq\" data-start=\"3554\" data-end=\"3566\">S\u1ed1 ng\u0103n:<\/li>\n<li data-section-id=\"1dqq08y\" data-start=\"3567\" data-end=\"3594\">Ch\u1ed1ng g\u1ec9, ch\u1ed1ng tr\u1ea7y x\u01b0\u1edbc<\/li>\n<\/ul>\n<h3 data-section-id=\"1lwv05m\" data-start=\"3596\" data-end=\"3622\">\ud83d\udd39 V\u00f2i r\u1eeda Ta-6293CP-3<\/h3>\n<ul data-start=\"3623\" data-end=\"3664\">\n<li data-section-id=\"c6yy2l\" data-start=\"3623\" data-end=\"3650\">Ch\u1ea5t li\u1ec7u: Cao c\u1ea5p<\/li>\n<li data-section-id=\"1sc9722\" data-start=\"3651\" data-end=\"3664\">Xoay 360 \u0111\u1ed9<\/li>\n<\/ul>\n<hr data-start=\"3666\" data-end=\"3669\" \/>\n<h2 data-section-id=\"14hl3t2\" data-start=\"3671\" data-end=\"3713\"><span role=\"text\"><strong data-start=\"3674\" data-end=\"3713\">T\u1ea1i sao n\u00ean ch\u1ecdn Combo K19 Ehrlich?<\/strong><\/span><\/h2>\n<ul data-start=\"3715\" data-end=\"3899\">\n<li data-section-id=\"1fu0yhv\" data-start=\"3715\" data-end=\"3772\">Th\u01b0\u01a1ng hi\u1ec7u chu\u1ea9n phong c\u00e1ch \u0110\u1ee9c \u2013 uy t\u00edn, ch\u1ea5t l\u01b0\u1ee3ng<\/li>\n<li data-section-id=\"1vx1y0h\" data-start=\"3773\" data-end=\"3804\">Gi\u00e1 th\u00e0nh c\u1ef1c k\u1ef3 c\u1ea1nh tranh<\/li>\n<li data-section-id=\"h4uhyu\" data-start=\"3805\" data-end=\"3858\">Thi\u1ebft k\u1ebf \u0111\u1eb9p \u2013 ph\u00f9 h\u1ee3p xu h\u01b0\u1edbng n\u1ed9i th\u1ea5t hi\u1ec7n \u0111\u1ea1i<\/li>\n<li data-section-id=\"kt8lcy\" data-start=\"3859\" data-end=\"3899\">\u0110\u1ea7y \u0111\u1ee7 thi\u1ebft b\u1ecb \u2013 kh\u00f4ng c\u1ea7n mua th\u00eam<\/li>\n<\/ul>\n<hr data-start=\"3901\" data-end=\"3904\" \/>\n<h2 data-section-id=\"uv25bt\" data-start=\"3906\" data-end=\"3941\"><span role=\"text\"><strong data-start=\"3909\" data-end=\"3941\">H\u01b0\u1edbng d\u1eabn s\u1eed d\u1ee5ng &amp; b\u1ea3o qu\u1ea3n<\/strong><\/span><\/h2>\n<p data-start=\"3943\" data-end=\"3982\">\u0110\u1ec3 \u0111\u1ea3m b\u1ea3o \u0111\u1ed9 b\u1ec1n l\u00e2u d\u00e0i cho s\u1ea3n ph\u1ea9m:<\/p>\n<ul data-start=\"3983\" data-end=\"4139\">\n<li data-section-id=\"1f7rvui\" data-start=\"3983\" data-end=\"4019\">V\u1ec7 sinh \u0111\u1ecbnh k\u1ef3 c\u00e1c thi\u1ebft b\u1ecb b\u1ebfp<\/li>\n<li data-section-id=\"fjy8ge\" data-start=\"4020\" data-end=\"4068\">Kh\u00f4ng d\u00f9ng v\u1eadt s\u1eafc nh\u1ecdn tr\u00ean ch\u1ea3o ch\u1ed1ng d\u00ednh<\/li>\n<li data-section-id=\"vm6fg1\" data-start=\"4069\" data-end=\"4105\">Lau kh\u00f4 ch\u1eadu r\u1eeda sau khi s\u1eed d\u1ee5ng<\/li>\n<li data-section-id=\"spk93k\" data-start=\"4106\" data-end=\"4139\">B\u1ea3o d\u01b0\u1ee1ng m\u00e1y h\u00fat m\u00f9i \u0111\u1ecbnh k\u1ef3<\/li>\n<\/ul>\n<hr data-start=\"4141\" data-end=\"4144\" \/>\n<h2 data-section-id=\"1m088on\" data-start=\"4146\" data-end=\"4178\"><span role=\"text\"><strong data-start=\"4149\" data-end=\"4178\">Cam k\u1ebft khi mua Combo K19<\/strong><\/span><\/h2>\n<ul data-start=\"4180\" data-end=\"4301\">\n<li data-section-id=\"1p5eqgs\" data-start=\"4180\" data-end=\"4208\">S\u1ea3n ph\u1ea9m ch\u00ednh h\u00e3ng 100%<\/li>\n<li data-section-id=\"1l4k7a9\" data-start=\"4209\" data-end=\"4250\">B\u1ea3o h\u00e0nh theo ti\u00eau chu\u1ea9n nh\u00e0 s\u1ea3n xu\u1ea5t<\/li>\n<li data-section-id=\"xh3n5k\" data-start=\"4282\" data-end=\"4301\">T\u01b0 v\u1ea5n t\u1eadn t\u00ecnh<\/li>\n<\/ul>\n<p data-start=\"4340\" data-end=\"4463\">\ud83d\udc49 <strong data-start=\"4343\" data-end=\"4395\">S\u1edf h\u1eefu ngay Combo K19 Ehrlich ch\u1ec9 v\u1edbi 8.875.000\u0111<\/strong> \u2013 gi\u1ea3i ph\u00e1p ho\u00e0n h\u1ea3o cho gian b\u1ebfp hi\u1ec7n \u0111\u1ea1i, ti\u1ec7n nghi v\u00e0 ti\u1ebft ki\u1ec7m!<\/p>\n<p data-start=\"4465\" data-end=\"4527\">\ud83d\udcde Li\u00ean h\u1ec7 ngay \u0111\u1ec3 \u0111\u01b0\u1ee3c t\u01b0 v\u1ea5n v\u00e0 nh\u1eadn \u01b0u \u0111\u00e3i h\u1ea5p d\u1eabn h\u00f4m nay!<\/p>\n<p data-start=\"4314\" data-end=\"4434\">\u0110\u00e2y l\u00e0 gi\u1ea3i ph\u00e1p ho\u00e0n h\u1ea3o gi\u00fap b\u1ea1n ho\u00e0n thi\u1ec7n kh\u00f4ng gian b\u1ebfp nhanh ch\u00f3ng, ti\u1ebft ki\u1ec7m m\u00e0 v\u1eabn \u0111\u1ea3m b\u1ea3o ti\u1ec7n nghi v\u00e0 th\u1ea9m m\u1ef9.<\/p>\n<p data-start=\"5287\" data-end=\"5402\"><strong data-start=\"5287\" data-end=\"5338\">Ehrlich Vi\u1ec7t Nam \u2013 Thi\u1ebft B\u1ecb Nh\u00e0 B\u1ebfp &amp; Ph\u00f2ng T\u1eafm<\/strong><br data-start=\"5338\" data-end=\"5341\" \/>\ud83d\udccd\u00a0\u0110\u1ecba ch\u1ec9:\u00a0<strong data-start=\"5353\" data-end=\"5402\">S\u1ed1 6 Li\u1ec1n K\u1ec1 22, K\u0110T V\u0103n Kh\u00ea, H\u00e0 \u0110\u00f4ng, H\u00e0 N\u1ed9i<\/strong><\/p>\n<p data-start=\"5404\" data-end=\"5528\">\ud83c\udf10\u00a0Website:\u00a0<a class=\"decorated-link\" href=\"https:\/\/ehrlichvietnam.vn\/\" target=\"_new\" rel=\"noopener\" data-start=\"5416\" data-end=\"5442\">https:\/\/ehrlichvietnam.vn\/<\/a><br data-start=\"5442\" data-end=\"5445\" \/>\ud83d\udcde\u00a0Hotline:\u00a0<strong data-start=\"5457\" data-end=\"5474\">0932 27 05 20<\/strong><br data-start=\"5474\" data-end=\"5477\" \/>\ud83d\udcac\u00a0Zalo OA:\u00a0<a class=\"decorated-link\" href=\"https:\/\/zalo.me\/s\/2888141157129558325\" target=\"_new\" rel=\"noopener\" data-start=\"5489\" data-end=\"5526\">https:\/\/zalo.me\/s\/2888141157129558325<\/a><\/p>\n<p data-start=\"5530\" data-end=\"5641\">\ud83c\udfa5\u00a0TikTok:\u00a0<a class=\"decorated-link\" href=\"https:\/\/www.tiktok.com\/@ehrlich.chia.s?_r=1\" target=\"_new\" rel=\"noopener\" data-start=\"5541\" data-end=\"5585\">https:\/\/www.tiktok.com\/@ehrlichthietbivesinh<\/a><br data-start=\"5585\" data-end=\"5588\" \/>\u25b6\ufe0f\u00a0YouTube:\u00a0<a class=\"decorated-link\" href=\"https:\/\/www.youtube.com\/@EhrlichVietNam\" target=\"_new\" rel=\"noopener\" data-start=\"5600\" data-end=\"5639\">https:\/\/www.youtube.com\/@EhrlichVietNam<\/a><\/p>\n<p data-start=\"5643\" data-end=\"5688\">\ud83d\ude9a\u00a0Giao h\u00e0ng to\u00e0n qu\u1ed1c \u2013 t\u01b0 v\u1ea5n nhanh ch\u00f3ng<\/p>\n<p data-start=\"5690\" data-end=\"5736\">\ud83d\udc49\u00a0<strong data-start=\"5693\" data-end=\"5736\">Inbox ngay \u0111\u1ec3 nh\u1eadn \u01b0u \u0111\u00e3i th\u00eam h\u00f4m nay!<\/strong><\/p>\n","protected":false},"excerpt":{"rendered":"<p data-start=\"83\" data-end=\"415\"><strong data-start=\"83\" data-end=\"104\">Combo b\u1ebfp Ehrlich<\/strong> l\u00e0 gi\u1ea3i ph\u00e1p thi\u1ebft b\u1ecb b\u1ebfp tr\u1ecdn g\u00f3i, \u0111\u01b0\u1ee3c thi\u1ebft k\u1ebf \u0111\u1ed3ng b\u1ed9 t\u1eeb n\u1ea5u n\u01b0\u1edbng \u0111\u1ebfn r\u1eeda d\u1ecdn, gi\u00fap ho\u00e0n thi\u1ec7n kh\u00f4ng gian b\u1ebfp m\u1ed9t c\u00e1ch nhanh ch\u00f3ng v\u00e0 t\u1ed1i \u01b0u. S\u1ef1 k\u1ebft h\u1ee3p gi\u1eefa b\u1ebfp t\u1eeb, h\u00fat m\u00f9i, ch\u1eadu v\u00f2i v\u00e0 b\u1ed9 n\u1ed3i cao c\u1ea5p mang l\u1ea1i tr\u1ea3i nghi\u1ec7m s\u1eed d\u1ee5ng ti\u1ec7n nghi, hi\u1ec7n \u0111\u1ea1i v\u00e0 \u1ed5n \u0111\u1ecbnh trong su\u1ed1t qu\u00e1 tr\u00ecnh n\u1ea5u n\u01b0\u1edbng h\u00e0ng ng\u00e0y.<\/p>\n<p data-start=\"417\" data-end=\"723\">Kh\u00f4ng ch\u1ec9 \u0111\u1ea3m b\u1ea3o v\u1ec1 c\u00f4ng n\u0103ng, c\u00e1c s\u1ea3n ph\u1ea9m trong combo c\u00f2n c\u00f3 thi\u1ebft k\u1ebf h\u00e0i h\u00f2a, t\u00f4ng m\u00e0u hi\u1ec7n \u0111\u1ea1i, d\u1ec5 d\u00e0ng ph\u1ed1i h\u1ee3p v\u1edbi nhi\u1ec1u phong c\u00e1ch n\u1ed9i th\u1ea5t b\u1ebfp. Vi\u1ec7c l\u1ef1a ch\u1ecdn combo gi\u00fap ti\u1ebft ki\u1ec7m \u0111\u00e1ng k\u1ec3 th\u1eddi gian t\u00ecm ki\u1ebfm, chi ph\u00ed mua s\u1eafm v\u00e0 h\u1ea1n ch\u1ebf t\u1ed1i \u0111a c\u00e1c ph\u00e1t sinh kh\u00f4ng c\u1ea7n thi\u1ebft trong qu\u00e1 tr\u00ecnh l\u1eafp \u0111\u1eb7t.<\/p>\n<p data-start=\"725\" data-end=\"870\">\u0110\u00e2y l\u00e0 l\u1ef1a ch\u1ecdn ph\u00f9 h\u1ee3p cho nh\u1eefng gia \u0111\u00ecnh \u0111ang ho\u00e0n thi\u1ec7n b\u1ebfp m\u1edbi ho\u1eb7c mu\u1ed1n n\u00e2ng c\u1ea5p kh\u00f4ng gian b\u1ebfp theo h\u01b0\u1edbng \u0111\u1ed3ng b\u1ed9, ti\u1ec7n nghi v\u00e0 t\u1ed1i \u01b0u h\u01a1n.<\/p>\n","protected":false},"featured_media":4555,"comment_status":"open","ping_status":"closed","template":"","meta":{"_acf_changed":false},"product_brand":[],"product_cat":[52,77,56],"product_tag":[],"class_list":{"0":"post-4554","1":"product","2":"type-product","3":"status-publish","4":"has-post-thumbnail","6":"product_cat-nha-pho-can-ho","7":"product_cat-combo","8":"product_cat-combo-phong-bep","10":"first","11":"instock","12":"sale","13":"shipping-taxable","14":"purchasable","15":"product-type-simple"},"acf":[],"_links":{"self":[{"href":"https:\/\/ehrlichvietnam.vn\/en\/wp-json\/wp\/v2\/product\/4554","targetHints":{"allow":["GET"]}}],"collection":[{"href":"https:\/\/ehrlichvietnam.vn\/en\/wp-json\/wp\/v2\/product"}],"about":[{"href":"https:\/\/ehrlichvietnam.vn\/en\/wp-json\/wp\/v2\/types\/product"}],"replies":[{"embeddable":true,"href":"https:\/\/ehrlichvietnam.vn\/en\/wp-json\/wp\/v2\/comments?post=4554"}],"wp:featuredmedia":[{"embeddable":true,"href":"https:\/\/ehrlichvietnam.vn\/en\/wp-json\/wp\/v2\/media\/4555"}],"wp:attachment":[{"href":"https:\/\/ehrlichvietnam.vn\/en\/wp-json\/wp\/v2\/media?parent=4554"}],"wp:term":[{"taxonomy":"product_brand","embeddable":true,"href":"https:\/\/ehrlichvietnam.vn\/en\/wp-json\/wp\/v2\/product_brand?post=4554"},{"taxonomy":"product_cat","embeddable":true,"href":"https:\/\/ehrlichvietnam.vn\/en\/wp-json\/wp\/v2\/product_cat?post=4554"},{"taxonomy":"product_tag","embeddable":true,"href":"https:\/\/ehrlichvietnam.vn\/en\/wp-json\/wp\/v2\/product_tag?post=4554"}],"curies":[{"name":"wp","href":"https:\/\/api.w.org\/{rel}","templated":true}]}}