{"id":4549,"date":"2026-04-02T06:58:58","date_gmt":"2026-04-02T06:58:58","guid":{"rendered":"https:\/\/ehrlichvietnam.vn\/?post_type=product&#038;p=4549"},"modified":"2026-04-02T07:05:34","modified_gmt":"2026-04-02T07:05:34","slug":"combo-bep","status":"publish","type":"product","link":"https:\/\/ehrlichvietnam.vn\/combo-bep\/","title":{"rendered":"Combo B\u1ebfp K17"},"content":{"rendered":"<h2 data-section-id=\"1yi5b91\" data-start=\"0\" data-end=\"89\">Combo Thi\u1ebft B\u1ecb Nh\u00e0 B\u1ebfp Ehrlich K17 \u2013 L\u1ef1a Ch\u1ecdn To\u00e0n Di\u1ec7n, Gi\u00e1 T\u1ed1t Cho Gian B\u1ebfp Hi\u1ec7n \u0110\u1ea1i<\/h2>\n<p data-start=\"91\" data-end=\"416\">Trong qu\u00e1 tr\u00ecnh ho\u00e0n thi\u1ec7n kh\u00f4ng gian b\u1ebfp, b\u00e0i to\u00e1n m\u00e0 nhi\u1ec1u gia ch\u1ee7 g\u1eb7p ph\u1ea3i ch\u00ednh l\u00e0: <strong data-start=\"179\" data-end=\"257\">l\u00e0m sao \u0111\u1ec3 v\u1eeba \u0111\u1ea7y \u0111\u1ee7 thi\u1ebft b\u1ecb, v\u1eeba \u0111\u1ed3ng b\u1ed9 th\u1ea9m m\u1ef9 m\u00e0 v\u1eabn t\u1ed1i \u01b0u chi ph\u00ed?<\/strong> N\u1ebfu b\u1ea1n \u0111ang t\u00ecm ki\u1ebfm m\u1ed9t gi\u1ea3i ph\u00e1p tr\u1ecdn g\u00f3i, c\u00e2n b\u1eb1ng gi\u1eefa ch\u1ea5t l\u01b0\u1ee3ng \u2013 ti\u1ec7n nghi \u2013 gi\u00e1 th\u00e0nh, th\u00ec <strong data-start=\"358\" data-end=\"379\">Combo K17 Ehrlich<\/strong> ch\u00ednh l\u00e0 l\u1ef1a ch\u1ecdn r\u1ea5t \u0111\u00e1ng c\u00e2n nh\u1eafc.<\/p>\n<p data-start=\"418\" data-end=\"656\">V\u1edbi m\u1ee9c gi\u00e1 \u01b0u \u0111\u00e3i ch\u1ec9 <strong data-start=\"441\" data-end=\"456\">18.638.000\u0111<\/strong> (gi\u1ea3m t\u1eeb 31.050.000\u0111), combo K17 mang \u0111\u1ebfn m\u1ed9t h\u1ec7 sinh th\u00e1i thi\u1ebft b\u1ecb b\u1ebfp \u0111\u1ea7y \u0111\u1ee7 g\u1ed3m: <strong data-start=\"541\" data-end=\"596\">b\u1ebfp t\u1eeb \u2013 h\u00fat m\u00f9i \u2013 ch\u1eadu r\u1eeda \u2013 v\u00f2i r\u1eeda \u2013 b\u1ed9 n\u1ed3i inox<\/strong>, ph\u00f9 h\u1ee3p cho c\u1ea3 gia \u0111\u00ecnh \u0111ang x\u00e2y nh\u00e0 m\u1edbi ho\u1eb7c c\u1ea3i t\u1ea1o b\u1ebfp.<\/p>\n<hr data-start=\"658\" data-end=\"661\" \/>\n<h2 data-section-id=\"1rstesp\" data-start=\"663\" data-end=\"696\">1. T\u1ed5ng Quan Combo K17 Ehrlich<\/h2>\n<p data-start=\"698\" data-end=\"729\">Combo K17 bao g\u1ed3m c\u00e1c thi\u1ebft b\u1ecb:<\/p>\n<ul data-start=\"731\" data-end=\"898\">\n<li data-section-id=\"dkmqhv\" data-start=\"731\" data-end=\"775\"><strong data-start=\"733\" data-end=\"773\">B\u1ebfp t\u1eeb GX IH696SE (Made in Malaysia)<\/strong><\/li>\n<li data-section-id=\"at7cin\" data-start=\"776\" data-end=\"807\"><strong data-start=\"778\" data-end=\"805\">M\u00e1y h\u00fat m\u00f9i GX H70T81SG<\/strong><\/li>\n<li data-section-id=\"bxq1pk\" data-start=\"808\" data-end=\"839\"><strong data-start=\"810\" data-end=\"837\">Ch\u1eadu r\u1eeda b\u00e1t EHR-H7848C<\/strong><\/li>\n<li data-section-id=\"1uk9m42\" data-start=\"840\" data-end=\"868\"><strong data-start=\"842\" data-end=\"866\">V\u00f2i r\u1eeda b\u00e1t EHR-8150<\/strong><\/li>\n<li data-section-id=\"1en9jjg\" data-start=\"869\" data-end=\"898\"><strong data-start=\"871\" data-end=\"896\">B\u1ed9 n\u1ed3i inox 304 GX605<\/strong><\/li>\n<\/ul>\n<p data-start=\"900\" data-end=\"1026\">\u0110\u00e2y l\u00e0 combo \u0111\u1ea7y \u0111\u1ee7 c\u00f4ng n\u0103ng, gi\u00fap b\u1ea1n ho\u00e0n thi\u1ec7n gian b\u1ebfp m\u1ed9t c\u00e1ch nhanh ch\u00f3ng m\u00e0 kh\u00f4ng c\u1ea7n ch\u1ecdn mua t\u1eebng s\u1ea3n ph\u1ea9m ri\u00eang l\u1ebb.<\/p>\n<hr data-start=\"1028\" data-end=\"1031\" \/>\n<h2 data-section-id=\"mof1ll\" data-start=\"1033\" data-end=\"1068\">2. \u01afu \u0110i\u1ec3m N\u1ed5i B\u1eadt C\u1ee7a Combo K17<\/h2>\n<h3 data-section-id=\"1x3y13v\" data-start=\"1070\" data-end=\"1124\">\u2714\ufe0f Full Thi\u1ebft B\u1ecb \u2013 S\u1eed D\u1ee5ng Ngay Kh\u00f4ng C\u1ea7n Mua Th\u00eam<\/h3>\n<p data-start=\"1125\" data-end=\"1174\">Combo K17 \u0111\u00e1p \u1ee9ng tr\u1ecdn v\u1eb9n c\u00e1c nhu c\u1ea7u trong b\u1ebfp:<\/p>\n<ul data-start=\"1176\" data-end=\"1265\">\n<li data-section-id=\"9r8lob\" data-start=\"1176\" data-end=\"1195\">N\u1ea5u \u0103n \u2192 B\u1ebfp t\u1eeb<\/li>\n<li data-section-id=\"1uvvbpr\" data-start=\"1196\" data-end=\"1221\">H\u00fat m\u00f9i \u2192 M\u00e1y h\u00fat m\u00f9i<\/li>\n<li data-section-id=\"19bwoa9\" data-start=\"1222\" data-end=\"1242\">R\u1eeda \u2192 Ch\u1eadu + v\u00f2i<\/li>\n<li data-section-id=\"1xl3l2f\" data-start=\"1243\" data-end=\"1265\">N\u1ea5u n\u01b0\u1edbng \u2192 B\u1ed9 n\u1ed3i<\/li>\n<\/ul>\n<p data-start=\"1267\" data-end=\"1309\">\ud83d\udc49 Ch\u1ec9 c\u1ea7n l\u1eafp \u0111\u1eb7t l\u00e0 c\u00f3 th\u1ec3 s\u1eed d\u1ee5ng ngay.<\/p>\n<hr data-start=\"1311\" data-end=\"1314\" \/>\n<h3 data-section-id=\"rbim1n\" data-start=\"1316\" data-end=\"1358\">\u2714\ufe0f Gi\u00e1 Th\u00e0nh H\u1ee3p L\u00fd \u2013 T\u1ed1i \u01afu Ng\u00e2n S\u00e1ch<\/h3>\n<p data-start=\"1359\" data-end=\"1453\">So v\u1edbi vi\u1ec7c mua l\u1ebb t\u1eebng thi\u1ebft b\u1ecb, combo gi\u00fap ti\u1ebft ki\u1ec7m m\u1ed9t kho\u1ea3n chi ph\u00ed \u0111\u00e1ng k\u1ec3, ph\u00f9 h\u1ee3p v\u1edbi:<\/p>\n<ul data-start=\"1455\" data-end=\"1524\">\n<li data-section-id=\"w0jaip\" data-start=\"1455\" data-end=\"1471\">Gia \u0111\u00ecnh tr\u1ebb<\/li>\n<li data-section-id=\"f4lyvj\" data-start=\"1472\" data-end=\"1493\">Nh\u00e0 ph\u1ed1, chung c\u01b0<\/li>\n<li data-section-id=\"1x6r9qz\" data-start=\"1494\" data-end=\"1524\">Ch\u1ee7 \u0111\u1ea7u t\u01b0 c\u0103n h\u1ed9 cho thu\u00ea<\/li>\n<\/ul>\n<hr data-start=\"1526\" data-end=\"1529\" \/>\n<h3 data-section-id=\"b16yk8\" data-start=\"1531\" data-end=\"1574\">\u2714\ufe0f \u0110\u1ed3ng B\u1ed9 Thi\u1ebft K\u1ebf \u2013 T\u0103ng T\u00ednh Th\u1ea9m M\u1ef9<\/h3>\n<ul data-start=\"1575\" data-end=\"1681\">\n<li data-section-id=\"1j3vi5t\" data-start=\"1575\" data-end=\"1607\">T\u00f4ng m\u00e0u \u0111en \u2013 inox hi\u1ec7n \u0111\u1ea1i<\/li>\n<li data-section-id=\"1f6r11t\" data-start=\"1608\" data-end=\"1638\">Thi\u1ebft k\u1ebf t\u1ed1i gi\u1ea3n, tinh t\u1ebf<\/li>\n<li data-section-id=\"6rhii\" data-start=\"1639\" data-end=\"1681\">D\u1ec5 d\u00e0ng ph\u1ed1i h\u1ee3p v\u1edbi nhi\u1ec1u ki\u1ec3u t\u1ee7 b\u1ebfp<\/li>\n<\/ul>\n<p data-start=\"1683\" data-end=\"1744\">\ud83d\udc49 Gi\u00fap kh\u00f4ng gian b\u1ebfp tr\u1edf n\u00ean g\u1ecdn g\u00e0ng v\u00e0 chuy\u00ean nghi\u1ec7p h\u01a1n.<\/p>\n<hr data-start=\"1746\" data-end=\"1749\" \/>\n<h3 data-section-id=\"rs7avw\" data-start=\"1751\" data-end=\"1795\">\u2714\ufe0f Xu\u1ea5t X\u1ee9 Malaysia \u2013 \u0110\u1ea3m B\u1ea3o Ch\u1ea5t L\u01b0\u1ee3ng<\/h3>\n<p data-start=\"1796\" data-end=\"1932\">B\u1ebfp t\u1eeb trong combo \u0111\u01b0\u1ee3c s\u1ea3n xu\u1ea5t t\u1ea1i Malaysia \u2013 qu\u1ed1c gia n\u1ed5i ti\u1ebfng v\u1edbi c\u00e1c ti\u00eau chu\u1ea9n s\u1ea3n xu\u1ea5t thi\u1ebft b\u1ecb \u0111i\u1ec7n gia d\u1ee5ng \u1ed5n \u0111\u1ecbnh v\u00e0 b\u1ec1n b\u1ec9.<\/p>\n<hr data-start=\"1934\" data-end=\"1937\" \/>\n<h2 data-section-id=\"cr8vfi\" data-start=\"1939\" data-end=\"1977\">3. Ph\u00e2n T\u00edch Chi Ti\u1ebft T\u1eebng S\u1ea3n Ph\u1ea9m<\/h2>\n<h3 data-section-id=\"18oc6br\" data-start=\"1979\" data-end=\"2024\">\ud83d\udd25 B\u1ebfp T\u1eeb GX IH696SE \u2013 N\u1ea5u Nhanh, An To\u00e0n<\/h3>\n<ul data-start=\"2026\" data-end=\"2234\">\n<li data-section-id=\"1vqff6p\" data-start=\"2026\" data-end=\"2066\">Gia nhi\u1ec7t nhanh, ti\u1ebft ki\u1ec7m th\u1eddi gian<\/li>\n<li data-section-id=\"ppdx09\" data-start=\"2067\" data-end=\"2104\">M\u1eb7t k\u00ednh ch\u1ecbu l\u1ef1c, ch\u1ecbu nhi\u1ec7t t\u1ed1t<\/li>\n<li data-section-id=\"198pd5d\" data-start=\"2105\" data-end=\"2132\">\u0110i\u1ec1u khi\u1ec3n c\u1ea3m \u1ee9ng nh\u1ea1y<\/li>\n<li data-section-id=\"ffllr0\" data-start=\"2133\" data-end=\"2234\">T\u00edch h\u1ee3p c\u00e1c t\u00ednh n\u0103ng an to\u00e0n:\n<ul data-start=\"2169\" data-end=\"2234\">\n<li data-section-id=\"13oqax8\" data-start=\"2169\" data-end=\"2184\">Kh\u00f3a tr\u1ebb em<\/li>\n<li data-section-id=\"7pmmsq\" data-start=\"2187\" data-end=\"2208\">C\u1ea3nh b\u00e1o nhi\u1ec7t d\u01b0<\/li>\n<li data-section-id=\"1xi1772\" data-start=\"2211\" data-end=\"2234\">T\u1ef1 ng\u1eaft khi qu\u00e1 t\u1ea3i<\/li>\n<\/ul>\n<\/li>\n<\/ul>\n<p data-start=\"2236\" data-end=\"2290\">\ud83d\udc49 Mang l\u1ea1i tr\u1ea3i nghi\u1ec7m n\u1ea5u n\u01b0\u1edbng hi\u1ec7n \u0111\u1ea1i v\u00e0 an to\u00e0n.<\/p>\n<hr data-start=\"2292\" data-end=\"2295\" \/>\n<h3 data-section-id=\"qu82xu\" data-start=\"2297\" data-end=\"2357\">\ud83c\udf2a\ufe0f M\u00e1y H\u00fat M\u00f9i GX H70T81SG \u2013 Hi\u1ec7u Su\u1ea5t Cao, V\u1eadn H\u00e0nh \u00cam<\/h3>\n<ul data-start=\"2359\" data-end=\"2449\">\n<li data-section-id=\"gpobsd\" data-start=\"2359\" data-end=\"2381\">C\u00f4ng su\u1ea5t h\u00fat m\u1ea1nh<\/li>\n<li data-section-id=\"16hfgyq\" data-start=\"2382\" data-end=\"2411\">L\u01b0\u1edbi l\u1ecdc d\u1ea7u m\u1ee1 nhi\u1ec1u l\u1edbp<\/li>\n<li data-section-id=\"7j697k\" data-start=\"2412\" data-end=\"2434\">\u0110\u00e8n LED chi\u1ebfu s\u00e1ng<\/li>\n<li data-section-id=\"1p4ya45\" data-start=\"2435\" data-end=\"2449\">\u0110\u1ed9 \u1ed3n th\u1ea5p<\/li>\n<\/ul>\n<p data-start=\"2451\" data-end=\"2504\">\ud83d\udc49 Gi\u1eef cho kh\u00f4ng gian b\u1ebfp lu\u00f4n s\u1ea1ch s\u1ebd, kh\u00f4ng \u00e1m m\u00f9i.<\/p>\n<hr data-start=\"2506\" data-end=\"2509\" \/>\n<h3 data-section-id=\"ueuamr\" data-start=\"2511\" data-end=\"2561\">\ud83d\udeb0 Ch\u1eadu R\u1eeda B\u00e1t EHR-H7848C \u2013 \u0110a N\u0103ng, Ti\u1ec7n L\u1ee3i<\/h3>\n<ul data-start=\"2563\" data-end=\"2673\">\n<li data-section-id=\"1lyptko\" data-start=\"2563\" data-end=\"2584\">Thi\u1ebft k\u1ebf r\u1ed9ng r\u00e3i<\/li>\n<li data-section-id=\"1y2ef42\" data-start=\"2585\" data-end=\"2622\">T\u00edch h\u1ee3p ph\u1ee5 ki\u1ec7n (gi\u00e1 \u00fap, khay\u2026)<\/li>\n<li data-section-id=\"19slyu6\" data-start=\"2623\" data-end=\"2648\">Inox cao c\u1ea5p ch\u1ed1ng g\u1ec9<\/li>\n<li data-section-id=\"lcp9dp\" data-start=\"2649\" data-end=\"2673\">B\u1ec1 m\u1eb7t ch\u1ed1ng b\u00e1m b\u1ea9n<\/li>\n<\/ul>\n<p data-start=\"2675\" data-end=\"2732\">\ud83d\udc49 Gi\u00fap vi\u1ec7c r\u1eeda v\u00e0 s\u01a1 ch\u1ebf th\u1ef1c ph\u1ea9m tr\u1edf n\u00ean d\u1ec5 d\u00e0ng h\u01a1n.<\/p>\n<hr data-start=\"2734\" data-end=\"2737\" \/>\n<h3 data-section-id=\"3lzfdg\" data-start=\"2739\" data-end=\"2789\">\ud83d\udca7 V\u00f2i R\u1eeda B\u00e1t EHR-8150 \u2013 Linh Ho\u1ea1t, Ti\u1ec7n Nghi<\/h3>\n<ul data-start=\"2791\" data-end=\"2879\">\n<li data-section-id=\"1r2895p\" data-start=\"2791\" data-end=\"2808\">Xoay \u0111a h\u01b0\u1edbng<\/li>\n<li data-section-id=\"1x8hoog\" data-start=\"2809\" data-end=\"2836\">D\u00f2ng n\u01b0\u1edbc m\u1ea1nh, \u1ed5n \u0111\u1ecbnh<\/li>\n<li data-section-id=\"16ytp4j\" data-start=\"2837\" data-end=\"2858\">Thi\u1ebft k\u1ebf hi\u1ec7n \u0111\u1ea1i<\/li>\n<li data-section-id=\"1gnnkz\" data-start=\"2859\" data-end=\"2879\">Ch\u1ea5t li\u1ec7u b\u1ec1n b\u1ec9<\/li>\n<\/ul>\n<p data-start=\"2881\" data-end=\"2916\">\ud83d\udc49 T\u0103ng hi\u1ec7u qu\u1ea3 s\u1eed d\u1ee5ng h\u00e0ng ng\u00e0y.<\/p>\n<hr data-start=\"2918\" data-end=\"2921\" \/>\n<h3 data-section-id=\"1acxxxh\" data-start=\"2923\" data-end=\"2970\">\ud83c\udf72 B\u1ed9 N\u1ed3i Inox 304 GX605 \u2013 An To\u00e0n &amp; B\u1ec1n B\u1ec9<\/h3>\n<ul data-start=\"2972\" data-end=\"3056\">\n<li data-section-id=\"1twc4yc\" data-start=\"2972\" data-end=\"2992\">Inox 304 cao c\u1ea5p<\/li>\n<li data-section-id=\"t1jzer\" data-start=\"2993\" data-end=\"3023\">Kh\u00f4ng g\u00e2y ph\u1ea3n \u1ee9ng h\u00f3a h\u1ecdc<\/li>\n<li data-section-id=\"1b2924k\" data-start=\"3024\" data-end=\"3041\">D\u1eabn nhi\u1ec7t t\u1ed1t<\/li>\n<li data-section-id=\"1dex0jo\" data-start=\"3042\" data-end=\"3056\">D\u1ec5 v\u1ec7 sinh<\/li>\n<\/ul>\n<p data-start=\"3058\" data-end=\"3099\">\ud83d\udc49 Ph\u00f9 h\u1ee3p cho m\u1ecdi m\u00f3n \u0103n trong gia \u0111\u00ecnh.<\/p>\n<hr data-start=\"3101\" data-end=\"3104\" \/>\n<h2 data-section-id=\"wshuuv\" data-start=\"3106\" data-end=\"3137\">4. Combo K17 Ph\u00f9 H\u1ee3p V\u1edbi Ai?<\/h2>\n<h3 data-section-id=\"1br31cs\" data-start=\"3139\" data-end=\"3166\">\ud83d\udc49 Gia \u0111\u00ecnh x\u00e2y nh\u00e0 m\u1edbi<\/h3>\n<p data-start=\"3167\" data-end=\"3196\">C\u1ea7n combo \u0111\u1ea7y \u0111\u1ee7, d\u1ec5 l\u1eafp \u0111\u1eb7t.<\/p>\n<h3 data-section-id=\"1drumxt\" data-start=\"3198\" data-end=\"3222\">\ud83d\udc49 Ng\u01b0\u1eddi c\u1ea3i t\u1ea1o b\u1ebfp<\/h3>\n<p data-start=\"3223\" data-end=\"3254\">Mu\u1ed1n thay m\u1edbi to\u00e0n b\u1ed9 thi\u1ebft b\u1ecb.<\/p>\n<h3 data-section-id=\"1jidyyh\" data-start=\"3256\" data-end=\"3273\">\ud83d\udc49 Ch\u1ee7 \u0111\u1ea7u t\u01b0<\/h3>\n<p data-start=\"3274\" data-end=\"3334\">C\u1ea7n b\u1ed9 s\u1ea3n ph\u1ea9m t\u1ed1i \u01b0u chi ph\u00ed nh\u01b0ng v\u1eabn \u0111\u1ea3m b\u1ea3o ch\u1ea5t l\u01b0\u1ee3ng.<\/p>\n<hr data-start=\"3336\" data-end=\"3339\" \/>\n<h2 data-section-id=\"63y1rz\" data-start=\"3341\" data-end=\"3383\">5. So S\u00e1nh Combo K17 V\u1edbi C\u00e1c Combo Kh\u00e1c<\/h2>\n<div class=\"TyagGW_tableContainer\">\n<div class=\"group TyagGW_tableWrapper flex flex-col-reverse w-fit\" tabindex=\"-1\">\n<table class=\"w-fit min-w-(--thread-content-width)\" data-start=\"3385\" data-end=\"3641\">\n<thead data-start=\"3385\" data-end=\"3442\">\n<tr data-start=\"3385\" data-end=\"3442\">\n<th class=\"\" data-start=\"3385\" data-end=\"3396\" data-col-size=\"sm\">Ti\u00eau ch\u00ed<\/th>\n<th class=\"\" data-start=\"3396\" data-end=\"3408\" data-col-size=\"sm\">Combo K17<\/th>\n<th class=\"\" data-start=\"3408\" data-end=\"3425\" data-col-size=\"sm\">Combo t\u1ed1i gi\u1ea3n<\/th>\n<th class=\"\" data-start=\"3425\" data-end=\"3442\" data-col-size=\"sm\">Combo cao c\u1ea5p<\/th>\n<\/tr>\n<\/thead>\n<tbody data-start=\"3499\" data-end=\"3641\">\n<tr data-start=\"3499\" data-end=\"3532\">\n<td data-start=\"3499\" data-end=\"3505\" data-col-size=\"sm\">Gi\u00e1<\/td>\n<td data-col-size=\"sm\" data-start=\"3505\" data-end=\"3518\">Trung b\u00ecnh<\/td>\n<td data-col-size=\"sm\" data-start=\"3518\" data-end=\"3525\">Th\u1ea5p<\/td>\n<td data-col-size=\"sm\" data-start=\"3525\" data-end=\"3532\">Cao<\/td>\n<\/tr>\n<tr data-start=\"3533\" data-end=\"3579\">\n<td data-start=\"3533\" data-end=\"3544\" data-col-size=\"sm\">Thi\u1ebft b\u1ecb<\/td>\n<td data-col-size=\"sm\" data-start=\"3544\" data-end=\"3553\">\u0110\u1ea7y \u0111\u1ee7<\/td>\n<td data-col-size=\"sm\" data-start=\"3553\" data-end=\"3561\">Thi\u1ebfu<\/td>\n<td data-col-size=\"sm\" data-start=\"3561\" data-end=\"3579\">Full + cao c\u1ea5p<\/td>\n<\/tr>\n<tr data-start=\"3580\" data-end=\"3641\">\n<td data-start=\"3580\" data-end=\"3590\" data-col-size=\"sm\">Ph\u00f9 h\u1ee3p<\/td>\n<td data-col-size=\"sm\" data-start=\"3590\" data-end=\"3607\">\u0110a s\u1ed1 gia \u0111\u00ecnh<\/td>\n<td data-col-size=\"sm\" data-start=\"3607\" data-end=\"3624\">Nhu c\u1ea7u c\u01a1 b\u1ea3n<\/td>\n<td data-col-size=\"sm\" data-start=\"3624\" data-end=\"3641\">Kh\u00e1ch cao c\u1ea5p<\/td>\n<\/tr>\n<\/tbody>\n<\/table>\n<\/div>\n<\/div>\n<p data-start=\"3643\" data-end=\"3678\">\ud83d\udc49 K17 l\u00e0 l\u1ef1a ch\u1ecdn \u201cc\u00e2n b\u1eb1ng\u201d nh\u1ea5t.<\/p>\n<hr data-start=\"3680\" data-end=\"3683\" \/>\n<h2 data-section-id=\"1j6f332\" data-start=\"3685\" data-end=\"3717\">6. L\u1ee3i \u00cdch Khi Ch\u1ecdn Combo K17<\/h2>\n<ul data-start=\"3719\" data-end=\"3815\">\n<li data-section-id=\"7w3nq9\" data-start=\"3719\" data-end=\"3740\">Ti\u1ebft ki\u1ec7m chi ph\u00ed<\/li>\n<li data-section-id=\"1av01bn\" data-start=\"3741\" data-end=\"3761\">\u0110\u1ed3ng b\u1ed9 thi\u1ebft k\u1ebf<\/li>\n<li data-section-id=\"1svcyzm\" data-start=\"3762\" data-end=\"3777\">D\u1ec5 thi c\u00f4ng<\/li>\n<li data-section-id=\"5ug5jh\" data-start=\"3778\" data-end=\"3815\">Kh\u00f4ng m\u1ea5t th\u1eddi gian ch\u1ecdn t\u1eebng m\u00f3n<\/li>\n<\/ul>\n<hr data-start=\"3817\" data-end=\"3820\" \/>\n<h2 data-section-id=\"1a3cg74\" data-start=\"3822\" data-end=\"3856\">7. H\u01b0\u1edbng D\u1eabn S\u1eed D\u1ee5ng &amp; B\u1ea3o Qu\u1ea3n<\/h2>\n<ul data-start=\"3858\" data-end=\"3980\">\n<li data-section-id=\"1cdlvsd\" data-start=\"3858\" data-end=\"3890\">V\u1ec7 sinh b\u1ebfp sau m\u1ed7i l\u1ea7n d\u00f9ng<\/li>\n<li data-section-id=\"iiu6of\" data-start=\"3891\" data-end=\"3919\">L\u00e0m s\u1ea1ch h\u00fat m\u00f9i \u0111\u1ecbnh k\u1ef3<\/li>\n<li data-section-id=\"neq1o7\" data-start=\"3920\" data-end=\"3948\">Tr\u00e1nh d\u00f9ng h\u00f3a ch\u1ea5t m\u1ea1nh<\/li>\n<li data-section-id=\"1pbf3a7\" data-start=\"3949\" data-end=\"3980\">Ki\u1ec3m tra h\u1ec7 th\u1ed1ng \u0111i\u1ec7n n\u01b0\u1edbc<\/li>\n<\/ul>\n<hr data-start=\"3982\" data-end=\"3985\" \/>\n<h2 data-section-id=\"1hczucu\" data-start=\"3987\" data-end=\"4013\">8. Gi\u00e1 B\u00e1n &amp; Ch\u00ednh S\u00e1ch<\/h2>\n<ul data-start=\"4015\" data-end=\"4133\">\n<li data-section-id=\"15rytyx\" data-start=\"4015\" data-end=\"4048\">Gi\u00e1 ni\u00eam y\u1ebft: <strong data-start=\"4031\" data-end=\"4046\">31.050.000\u0111<\/strong><\/li>\n<li data-section-id=\"1i59xfa\" data-start=\"4049\" data-end=\"4080\">Gi\u00e1 \u01b0u \u0111\u00e3i: <strong data-start=\"4063\" data-end=\"4078\">18.638.000\u0111<\/strong><\/li>\n<li data-section-id=\"k5rami\" data-start=\"4081\" data-end=\"4104\">B\u1ea3o h\u00e0nh ch\u00ednh h\u00e3ng<\/li>\n<li data-section-id=\"1mpw30w\" data-start=\"4105\" data-end=\"4133\">H\u1ed7 tr\u1ee3 l\u1eafp \u0111\u1eb7t to\u00e0n qu\u1ed1c<\/li>\n<\/ul>\n<hr data-start=\"4135\" data-end=\"4138\" \/>\n<h2 data-section-id=\"npppew\" data-start=\"4140\" data-end=\"4154\">9. K\u1ebft Lu\u1eadn<\/h2>\n<p data-start=\"4156\" data-end=\"4226\"><strong data-start=\"4156\" data-end=\"4177\">Combo K17 Ehrlich<\/strong> l\u00e0 l\u1ef1a ch\u1ecdn l\u00fd t\u01b0\u1edfng cho nh\u1eefng ai \u0111ang t\u00ecm ki\u1ebfm:<\/p>\n<ul data-start=\"4228\" data-end=\"4312\">\n<li data-section-id=\"1p3w8s0\" data-start=\"4228\" data-end=\"4254\">B\u1ed9 thi\u1ebft b\u1ecb b\u1ebfp \u0111\u1ea7y \u0111\u1ee7<\/li>\n<li data-section-id=\"lald93\" data-start=\"4255\" data-end=\"4275\">Gi\u00e1 th\u00e0nh h\u1ee3p l\u00fd<\/li>\n<li data-section-id=\"16ytp4j\" data-start=\"4276\" data-end=\"4297\">Thi\u1ebft k\u1ebf hi\u1ec7n \u0111\u1ea1i<\/li>\n<li data-section-id=\"1yxapjc\" data-start=\"4298\" data-end=\"4312\">D\u1ec5 l\u1eafp \u0111\u1eb7t<\/li>\n<\/ul>\n<p data-start=\"4314\" data-end=\"4434\">\u0110\u00e2y l\u00e0 gi\u1ea3i ph\u00e1p ho\u00e0n h\u1ea3o gi\u00fap b\u1ea1n ho\u00e0n thi\u1ec7n kh\u00f4ng gian b\u1ebfp nhanh ch\u00f3ng, ti\u1ebft ki\u1ec7m m\u00e0 v\u1eabn \u0111\u1ea3m b\u1ea3o ti\u1ec7n nghi v\u00e0 th\u1ea9m m\u1ef9.<\/p>\n<p data-start=\"5287\" data-end=\"5402\"><strong data-start=\"5287\" data-end=\"5338\">Ehrlich Vi\u1ec7t Nam \u2013 Thi\u1ebft B\u1ecb Nh\u00e0 B\u1ebfp &amp; Ph\u00f2ng T\u1eafm<\/strong><br data-start=\"5338\" data-end=\"5341\" \/>\ud83d\udccd\u00a0\u0110\u1ecba ch\u1ec9:\u00a0<strong data-start=\"5353\" data-end=\"5402\">S\u1ed1 6 Li\u1ec1n K\u1ec1 22, K\u0110T V\u0103n Kh\u00ea, H\u00e0 \u0110\u00f4ng, H\u00e0 N\u1ed9i<\/strong><\/p>\n<p data-start=\"5404\" data-end=\"5528\">\ud83c\udf10\u00a0Website:\u00a0<a class=\"decorated-link\" href=\"https:\/\/ehrlichvietnam.vn\/\" target=\"_new\" rel=\"noopener\" data-start=\"5416\" data-end=\"5442\">https:\/\/ehrlichvietnam.vn\/<\/a><br data-start=\"5442\" data-end=\"5445\" \/>\ud83d\udcde\u00a0Hotline:\u00a0<strong data-start=\"5457\" data-end=\"5474\">0932 27 05 20<\/strong><br data-start=\"5474\" data-end=\"5477\" \/>\ud83d\udcac\u00a0Zalo OA:\u00a0<a class=\"decorated-link\" href=\"https:\/\/zalo.me\/s\/2888141157129558325\" target=\"_new\" rel=\"noopener\" data-start=\"5489\" data-end=\"5526\">https:\/\/zalo.me\/s\/2888141157129558325<\/a><\/p>\n<p data-start=\"5530\" data-end=\"5641\">\ud83c\udfa5\u00a0TikTok:\u00a0<a class=\"decorated-link\" href=\"https:\/\/www.tiktok.com\/@ehrlich.chia.s?_r=1\" target=\"_new\" rel=\"noopener\" data-start=\"5541\" data-end=\"5585\">https:\/\/www.tiktok.com\/@ehrlichthietbivesinh<\/a><br data-start=\"5585\" data-end=\"5588\" \/>\u25b6\ufe0f\u00a0YouTube:\u00a0<a class=\"decorated-link\" href=\"https:\/\/www.youtube.com\/@EhrlichVietNam\" target=\"_new\" rel=\"noopener\" data-start=\"5600\" data-end=\"5639\">https:\/\/www.youtube.com\/@EhrlichVietNam<\/a><\/p>\n<p data-start=\"5643\" data-end=\"5688\">\ud83d\ude9a\u00a0Giao h\u00e0ng to\u00e0n qu\u1ed1c \u2013 t\u01b0 v\u1ea5n nhanh ch\u00f3ng<\/p>\n<p data-start=\"5690\" data-end=\"5736\">\ud83d\udc49\u00a0<strong data-start=\"5693\" data-end=\"5736\">Inbox ngay \u0111\u1ec3 nh\u1eadn \u01b0u \u0111\u00e3i th\u00eam h\u00f4m nay!<\/strong><\/p>\n","protected":false},"excerpt":{"rendered":"<p data-start=\"83\" data-end=\"415\"><strong data-start=\"83\" data-end=\"104\">Combo b\u1ebfp Ehrlich<\/strong> l\u00e0 gi\u1ea3i ph\u00e1p thi\u1ebft b\u1ecb b\u1ebfp tr\u1ecdn g\u00f3i, \u0111\u01b0\u1ee3c thi\u1ebft k\u1ebf \u0111\u1ed3ng b\u1ed9 t\u1eeb n\u1ea5u n\u01b0\u1edbng \u0111\u1ebfn r\u1eeda d\u1ecdn, gi\u00fap ho\u00e0n thi\u1ec7n kh\u00f4ng gian b\u1ebfp m\u1ed9t c\u00e1ch nhanh ch\u00f3ng v\u00e0 t\u1ed1i \u01b0u. S\u1ef1 k\u1ebft h\u1ee3p gi\u1eefa b\u1ebfp t\u1eeb, h\u00fat m\u00f9i, ch\u1eadu v\u00f2i v\u00e0 b\u1ed9 n\u1ed3i cao c\u1ea5p mang l\u1ea1i tr\u1ea3i nghi\u1ec7m s\u1eed d\u1ee5ng ti\u1ec7n nghi, hi\u1ec7n \u0111\u1ea1i v\u00e0 \u1ed5n \u0111\u1ecbnh trong su\u1ed1t qu\u00e1 tr\u00ecnh n\u1ea5u n\u01b0\u1edbng h\u00e0ng ng\u00e0y.<\/p>\n<p data-start=\"417\" data-end=\"723\">Kh\u00f4ng ch\u1ec9 \u0111\u1ea3m b\u1ea3o v\u1ec1 c\u00f4ng n\u0103ng, c\u00e1c s\u1ea3n ph\u1ea9m trong combo c\u00f2n c\u00f3 thi\u1ebft k\u1ebf h\u00e0i h\u00f2a, t\u00f4ng m\u00e0u hi\u1ec7n \u0111\u1ea1i, d\u1ec5 d\u00e0ng ph\u1ed1i h\u1ee3p v\u1edbi nhi\u1ec1u phong c\u00e1ch n\u1ed9i th\u1ea5t b\u1ebfp. Vi\u1ec7c l\u1ef1a ch\u1ecdn combo gi\u00fap ti\u1ebft ki\u1ec7m \u0111\u00e1ng k\u1ec3 th\u1eddi gian t\u00ecm ki\u1ebfm, chi ph\u00ed mua s\u1eafm v\u00e0 h\u1ea1n ch\u1ebf t\u1ed1i \u0111a c\u00e1c ph\u00e1t sinh kh\u00f4ng c\u1ea7n thi\u1ebft trong qu\u00e1 tr\u00ecnh l\u1eafp \u0111\u1eb7t.<\/p>\n<p data-start=\"725\" data-end=\"870\">\u0110\u00e2y l\u00e0 l\u1ef1a ch\u1ecdn ph\u00f9 h\u1ee3p cho nh\u1eefng gia \u0111\u00ecnh \u0111ang ho\u00e0n thi\u1ec7n b\u1ebfp m\u1edbi ho\u1eb7c mu\u1ed1n n\u00e2ng c\u1ea5p kh\u00f4ng gian b\u1ebfp theo h\u01b0\u1edbng \u0111\u1ed3ng b\u1ed9, ti\u1ec7n nghi v\u00e0 t\u1ed1i \u01b0u h\u01a1n.<\/p>\n","protected":false},"featured_media":4550,"comment_status":"open","ping_status":"closed","template":"","meta":{"_acf_changed":false},"product_brand":[],"product_cat":[52,77,56],"product_tag":[],"class_list":{"0":"post-4549","1":"product","2":"type-product","3":"status-publish","4":"has-post-thumbnail","6":"product_cat-nha-pho-can-ho","7":"product_cat-combo","8":"product_cat-combo-phong-bep","10":"first","11":"instock","12":"sale","13":"shipping-taxable","14":"purchasable","15":"product-type-simple"},"acf":[],"_links":{"self":[{"href":"https:\/\/ehrlichvietnam.vn\/en\/wp-json\/wp\/v2\/product\/4549","targetHints":{"allow":["GET"]}}],"collection":[{"href":"https:\/\/ehrlichvietnam.vn\/en\/wp-json\/wp\/v2\/product"}],"about":[{"href":"https:\/\/ehrlichvietnam.vn\/en\/wp-json\/wp\/v2\/types\/product"}],"replies":[{"embeddable":true,"href":"https:\/\/ehrlichvietnam.vn\/en\/wp-json\/wp\/v2\/comments?post=4549"}],"wp:featuredmedia":[{"embeddable":true,"href":"https:\/\/ehrlichvietnam.vn\/en\/wp-json\/wp\/v2\/media\/4550"}],"wp:attachment":[{"href":"https:\/\/ehrlichvietnam.vn\/en\/wp-json\/wp\/v2\/media?parent=4549"}],"wp:term":[{"taxonomy":"product_brand","embeddable":true,"href":"https:\/\/ehrlichvietnam.vn\/en\/wp-json\/wp\/v2\/product_brand?post=4549"},{"taxonomy":"product_cat","embeddable":true,"href":"https:\/\/ehrlichvietnam.vn\/en\/wp-json\/wp\/v2\/product_cat?post=4549"},{"taxonomy":"product_tag","embeddable":true,"href":"https:\/\/ehrlichvietnam.vn\/en\/wp-json\/wp\/v2\/product_tag?post=4549"}],"curies":[{"name":"wp","href":"https:\/\/api.w.org\/{rel}","templated":true}]}}