{"id":4540,"date":"2026-04-02T01:50:49","date_gmt":"2026-04-02T01:50:49","guid":{"rendered":"https:\/\/ehrlichvietnam.vn\/?post_type=product&#038;p=4540"},"modified":"2026-04-02T06:48:45","modified_gmt":"2026-04-02T06:48:45","slug":"combo-k14-copy","status":"publish","type":"product","link":"https:\/\/ehrlichvietnam.vn\/combo-k14-copy\/","title":{"rendered":"Combo B\u1ebfp K11"},"content":{"rendered":"<h2 data-section-id=\"1d4j5pq\" data-start=\"0\" data-end=\"85\">Combo Thi\u1ebft B\u1ecb Nh\u00e0 B\u1ebfp Cao C\u1ea5p Ehrlich K11 \u2013 Chu\u1ea9n \u0110\u1ee9c Cho Kh\u00f4ng Gian B\u1ebfp \u0110\u1eb3ng C\u1ea5p<\/h2>\n<p data-start=\"87\" data-end=\"514\">Trong xu h\u01b0\u1edbng n\u00e2ng c\u1ea5p kh\u00f4ng gian s\u1ed1ng hi\u1ec7n \u0111\u1ea1i, nh\u00e0 b\u1ebfp kh\u00f4ng ch\u1ec9 \u0111\u01a1n thu\u1ea7n l\u00e0 n\u01a1i n\u1ea5u n\u01b0\u1edbng m\u00e0 c\u00f2n l\u00e0 \u201ctr\u00e1i tim\u201d c\u1ee7a ng\u00f4i nh\u00e0. Ch\u00ednh v\u00ec v\u1eady, vi\u1ec7c l\u1ef1a ch\u1ecdn thi\u1ebft b\u1ecb b\u1ebfp kh\u00f4ng ch\u1ec9 c\u1ea7n \u0111\u1ea3m b\u1ea3o c\u00f4ng n\u0103ng m\u00e0 c\u00f2n ph\u1ea3i th\u1ec3 hi\u1ec7n \u0111\u01b0\u1ee3c \u0111\u1eb3ng c\u1ea5p v\u00e0 gu th\u1ea9m m\u1ef9 c\u1ee7a gia ch\u1ee7. <strong data-start=\"352\" data-end=\"391\">Combo K11 Ehrlich \u2013 Made in Germany<\/strong> ch\u00ednh l\u00e0 gi\u1ea3i ph\u00e1p tr\u1ecdn g\u00f3i d\u00e0nh cho nh\u1eefng ai \u0111ang t\u00ecm ki\u1ebfm s\u1ef1 ho\u00e0n h\u1ea3o c\u1ea3 v\u1ec1 ch\u1ea5t l\u01b0\u1ee3ng, thi\u1ebft k\u1ebf v\u00e0 tr\u1ea3i nghi\u1ec7m s\u1eed d\u1ee5ng.<\/p>\n<p data-start=\"516\" data-end=\"695\">V\u1edbi m\u1ee9c gi\u00e1 \u01b0u \u0111\u00e3i <strong data-start=\"535\" data-end=\"550\">35.054.000\u0111<\/strong> (gi\u1ea3m t\u1eeb 52.954.000\u0111), combo K11 mang \u0111\u1ebfn m\u1ed9t b\u1ed9 thi\u1ebft b\u1ecb b\u1ebfp cao c\u1ea5p chu\u1ea9n ch\u00e2u \u00c2u, ph\u00f9 h\u1ee3p v\u1edbi c\u00e1c c\u0103n h\u1ed9 cao c\u1ea5p, bi\u1ec7t th\u1ef1, nh\u00e0 ph\u1ed1 hi\u1ec7n \u0111\u1ea1i.<\/p>\n<hr data-start=\"697\" data-end=\"700\" \/>\n<h2 data-section-id=\"40ibe7\" data-start=\"702\" data-end=\"735\">1. T\u1ed5ng Quan Combo K11 Ehrlich<\/h2>\n<p data-start=\"737\" data-end=\"802\">Combo K11 l\u00e0 b\u1ed9 s\u1ea3n ph\u1ea9m cao c\u1ea5p \u0111\u01b0\u1ee3c l\u1ef1a ch\u1ecdn k\u1ef9 l\u01b0\u1ee1ng, bao g\u1ed3m:<\/p>\n<ul data-start=\"804\" data-end=\"977\">\n<li data-section-id=\"1zjl3p\" data-start=\"804\" data-end=\"849\"><strong data-start=\"806\" data-end=\"847\">B\u1ebfp t\u1eeb GX IH988G-02 (Made in Germany)<\/strong><\/li>\n<li data-section-id=\"at7cin\" data-start=\"850\" data-end=\"881\"><strong data-start=\"852\" data-end=\"879\">M\u00e1y h\u00fat m\u00f9i GX H70T81SG<\/strong><\/li>\n<li data-section-id=\"32bhyr\" data-start=\"882\" data-end=\"910\"><strong data-start=\"884\" data-end=\"908\">Ch\u1eadu r\u1eeda b\u00e1t GX7846S<\/strong><\/li>\n<li data-section-id=\"17ca80g\" data-start=\"911\" data-end=\"939\"><strong data-start=\"913\" data-end=\"937\">V\u00f2i r\u1eeda b\u00e1t EHR-8240<\/strong><\/li>\n<li data-section-id=\"d8a9gd\" data-start=\"940\" data-end=\"977\"><strong data-start=\"942\" data-end=\"975\">B\u1ed9 n\u1ed3i inox 304 GX801 Premium<\/strong><\/li>\n<\/ul>\n<p data-start=\"979\" data-end=\"1100\">T\u1ea5t c\u1ea3 s\u1ea3n ph\u1ea9m \u0111\u1ec1u mang phong c\u00e1ch thi\u1ebft k\u1ebf t\u1ed1i gi\u1ea3n, tinh t\u1ebf, chu\u1ea9n ch\u00e2u \u00c2u, ph\u00f9 h\u1ee3p v\u1edbi c\u00e1c kh\u00f4ng gian b\u1ebfp sang tr\u1ecdng.<\/p>\n<hr data-start=\"1102\" data-end=\"1105\" \/>\n<h2 data-section-id=\"1sdx0fm\" data-start=\"1107\" data-end=\"1167\">2. \u0110i\u1ec3m Kh\u00e1c Bi\u1ec7t C\u1ee7a Combo K11 \u2013 \u0110\u1eb3ng C\u1ea5p T\u1eeb Xu\u1ea5t X\u1ee9 \u0110\u1ee9c<\/h2>\n<h3 data-section-id=\"spuj2i\" data-start=\"1169\" data-end=\"1213\">\u2714\ufe0f Made in Germany \u2013 Ti\u00eau Chu\u1ea9n Kh\u1eaft Khe<\/h3>\n<p data-start=\"1214\" data-end=\"1361\">\u0110i\u1ec3m n\u1ed5i b\u1eadt nh\u1ea5t c\u1ee7a combo K11 ch\u00ednh l\u00e0 b\u1ebfp t\u1eeb \u0111\u01b0\u1ee3c s\u1ea3n xu\u1ea5t t\u1ea1i \u0110\u1ee9c \u2013 qu\u1ed1c gia n\u1ed5i ti\u1ebfng v\u1edbi ti\u00eau chu\u1ea9n k\u1ef9 thu\u1eadt nghi\u00eam ng\u1eb7t v\u00e0 \u0111\u1ed9 b\u1ec1n v\u01b0\u1ee3t tr\u1ed9i.<\/p>\n<p data-start=\"1363\" data-end=\"1383\">\ud83d\udc49 \u0110i\u1ec1u n\u00e0y \u0111\u1ea3m b\u1ea3o:<\/p>\n<ul data-start=\"1384\" data-end=\"1487\">\n<li data-section-id=\"3j0120\" data-start=\"1384\" data-end=\"1415\">Hi\u1ec7u su\u1ea5t ho\u1ea1t \u0111\u1ed9ng \u1ed5n \u0111\u1ecbnh<\/li>\n<li data-section-id=\"1qj28ji\" data-start=\"1416\" data-end=\"1445\">\u0110\u1ed9 b\u1ec1n cao theo th\u1eddi gian<\/li>\n<li data-section-id=\"ihd2oe\" data-start=\"1446\" data-end=\"1487\">T\u00ednh an to\u00e0n t\u1ed1i \u0111a cho ng\u01b0\u1eddi s\u1eed d\u1ee5ng<\/li>\n<\/ul>\n<hr data-start=\"1489\" data-end=\"1492\" \/>\n<h3 data-section-id=\"89kn0t\" data-start=\"1494\" data-end=\"1541\">\u2714\ufe0f Thi\u1ebft K\u1ebf Cao C\u1ea5p \u2013 Tinh T\u1ebf T\u1eebng Chi Ti\u1ebft<\/h3>\n<p data-start=\"1542\" data-end=\"1626\">Kh\u00f4ng gi\u1ed1ng c\u00e1c d\u00f2ng s\u1ea3n ph\u1ea9m ph\u1ed5 th\u00f4ng, combo K11 mang \u0111\u1eadm d\u1ea5u \u1ea5n thi\u1ebft k\u1ebf ch\u00e2u \u00c2u:<\/p>\n<ul data-start=\"1628\" data-end=\"1733\">\n<li data-section-id=\"5ks1os\" data-start=\"1628\" data-end=\"1659\">\u0110\u01b0\u1eddng n\u00e9t t\u1ed1i gi\u1ea3n, s\u1eafc s\u1ea3o<\/li>\n<li data-section-id=\"1uq9kqh\" data-start=\"1660\" data-end=\"1694\">T\u00f4ng m\u00e0u \u0111en \u2013 inox sang tr\u1ecdng<\/li>\n<li data-section-id=\"lv64rg\" data-start=\"1695\" data-end=\"1733\">T\u00ednh \u0111\u1ed3ng b\u1ed9 cao gi\u1eefa c\u00e1c thi\u1ebft b\u1ecb<\/li>\n<\/ul>\n<p data-start=\"1735\" data-end=\"1806\">\ud83d\udc49 Gi\u00fap kh\u00f4ng gian b\u1ebfp tr\u1edf n\u00ean hi\u1ec7n \u0111\u1ea1i, \u0111\u1eb3ng c\u1ea5p v\u00e0 chuy\u00ean nghi\u1ec7p h\u01a1n.<\/p>\n<hr data-start=\"1808\" data-end=\"1811\" \/>\n<h3 data-section-id=\"ao7h6k\" data-start=\"1813\" data-end=\"1849\">\u2714\ufe0f T\u1ed1i \u01afu Tr\u1ea3i Nghi\u1ec7m Ng\u01b0\u1eddi D\u00f9ng<\/h3>\n<p data-start=\"1850\" data-end=\"1894\">Combo kh\u00f4ng ch\u1ec9 \u0111\u1eb9p m\u00e0 c\u00f2n c\u1ef1c k\u1ef3 \u201cd\u1ec5 d\u00f9ng\u201d:<\/p>\n<ul data-start=\"1896\" data-end=\"2014\">\n<li data-section-id=\"ay204l\" data-start=\"1896\" data-end=\"1934\">B\u1ea3ng \u0111i\u1ec1u khi\u1ec3n c\u1ea3m \u1ee9ng th\u00f4ng minh<\/li>\n<li data-section-id=\"ds9cup\" data-start=\"1935\" data-end=\"1973\">Thi\u1ebft k\u1ebf ti\u1ec7n l\u1ee3i, t\u1ed1i \u01b0u thao t\u00e1c<\/li>\n<li data-section-id=\"12wuzi9\" data-start=\"1974\" data-end=\"2014\">Ph\u00f9 h\u1ee3p v\u1edbi m\u1ecdi \u0111\u1ed1i t\u01b0\u1ee3ng ng\u01b0\u1eddi d\u00f9ng<\/li>\n<\/ul>\n<hr data-start=\"2016\" data-end=\"2019\" \/>\n<h2 data-section-id=\"lq1zf\" data-start=\"2021\" data-end=\"2059\">3. Ph\u00e2n T\u00edch Chi Ti\u1ebft T\u1eebng Thi\u1ebft B\u1ecb<\/h2>\n<h3 data-section-id=\"xf0e2l\" data-start=\"2061\" data-end=\"2124\">\ud83d\udd25 B\u1ebfp T\u1eeb GX IH988G-02 \u2013 C\u00f4ng Ngh\u1ec7 \u0110\u1ee9c, Hi\u1ec7u Su\u1ea5t V\u01b0\u1ee3t Tr\u1ed9i<\/h3>\n<p data-start=\"2126\" data-end=\"2158\">\u0110\u00e2y l\u00e0 \u201clinh h\u1ed3n\u201d c\u1ee7a combo K11:<\/p>\n<ul data-start=\"2160\" data-end=\"2410\">\n<li data-section-id=\"8axp6c\" data-start=\"2160\" data-end=\"2190\">C\u00f4ng ngh\u1ec7 s\u1ea3n xu\u1ea5t t\u1ea1i \u0110\u1ee9c<\/li>\n<li data-section-id=\"1qkf4vx\" data-start=\"2191\" data-end=\"2231\">Gia nhi\u1ec7t nhanh, ti\u1ebft ki\u1ec7m \u0111i\u1ec7n n\u0103ng<\/li>\n<li data-section-id=\"qafyo6\" data-start=\"2232\" data-end=\"2268\">M\u1eb7t k\u00ednh cao c\u1ea5p ch\u1ed1ng tr\u1ea7y x\u01b0\u1edbc<\/li>\n<li data-section-id=\"1a8vsb8\" data-start=\"2269\" data-end=\"2301\">\u0110i\u1ec1u khi\u1ec3n c\u1ea3m \u1ee9ng si\u00eau nh\u1ea1y<\/li>\n<li data-section-id=\"mfd3c7\" data-start=\"2302\" data-end=\"2410\">T\u00edch h\u1ee3p nhi\u1ec1u t\u00ednh n\u0103ng an to\u00e0n:\n<ul data-start=\"2340\" data-end=\"2410\">\n<li data-section-id=\"13oqax8\" data-start=\"2340\" data-end=\"2355\">Kh\u00f3a tr\u1ebb em<\/li>\n<li data-section-id=\"7pmmsq\" data-start=\"2358\" data-end=\"2379\">C\u1ea3nh b\u00e1o nhi\u1ec7t d\u01b0<\/li>\n<li data-section-id=\"ba1apb\" data-start=\"2382\" data-end=\"2410\">T\u1ef1 \u0111\u1ed9ng ng\u1eaft khi qu\u00e1 t\u1ea3i<\/li>\n<\/ul>\n<\/li>\n<\/ul>\n<p data-start=\"2412\" data-end=\"2473\">\ud83d\udc49 Mang l\u1ea1i tr\u1ea3i nghi\u1ec7m n\u1ea5u n\u01b0\u1edbng nhanh \u2013 an to\u00e0n \u2013 ti\u1ec7n l\u1ee3i.<\/p>\n<hr data-start=\"2475\" data-end=\"2478\" \/>\n<h3 data-section-id=\"1j25575\" data-start=\"2480\" data-end=\"2533\">\ud83c\udf2a\ufe0f M\u00e1y H\u00fat M\u00f9i GX H70T81SG \u2013 M\u1ea1nh M\u1ebd Nh\u01b0ng \u00cam \u00c1i<\/h3>\n<p data-start=\"2535\" data-end=\"2604\">M\u1ed9t kh\u00f4ng gian b\u1ebfp cao c\u1ea5p kh\u00f4ng th\u1ec3 thi\u1ebfu h\u1ec7 th\u1ed1ng h\u00fat m\u00f9i hi\u1ec7u qu\u1ea3:<\/p>\n<ul data-start=\"2606\" data-end=\"2706\">\n<li data-section-id=\"gpobsd\" data-start=\"2606\" data-end=\"2628\">C\u00f4ng su\u1ea5t h\u00fat m\u1ea1nh<\/li>\n<li data-section-id=\"kpeget\" data-start=\"2629\" data-end=\"2660\">Thi\u1ebft k\u1ebf hi\u1ec7n \u0111\u1ea1i, g\u1ecdn g\u00e0ng<\/li>\n<li data-section-id=\"1584hzm\" data-start=\"2661\" data-end=\"2691\">L\u01b0\u1edbi l\u1ecdc d\u1ea7u m\u1ee1 d\u1ec5 v\u1ec7 sinh<\/li>\n<li data-section-id=\"1p4ya45\" data-start=\"2692\" data-end=\"2706\">\u0110\u1ed9 \u1ed3n th\u1ea5p<\/li>\n<\/ul>\n<p data-start=\"2708\" data-end=\"2755\">\ud83d\udc49 Gi\u1eef kh\u00f4ng gian b\u1ebfp lu\u00f4n s\u1ea1ch s\u1ebd, tho\u00e1ng m\u00e1t.<\/p>\n<hr data-start=\"2757\" data-end=\"2760\" \/>\n<h3 data-section-id=\"1pa99zj\" data-start=\"2762\" data-end=\"2808\">\ud83d\udeb0 Ch\u1eadu R\u1eeda B\u00e1t GX7846S \u2013 T\u1ed1i \u01afu C\u00f4ng N\u0103ng<\/h3>\n<ul data-start=\"2810\" data-end=\"2897\">\n<li data-section-id=\"1lyptko\" data-start=\"2810\" data-end=\"2831\">Thi\u1ebft k\u1ebf r\u1ed9ng r\u00e3i<\/li>\n<li data-section-id=\"19slyu6\" data-start=\"2832\" data-end=\"2857\">Inox cao c\u1ea5p ch\u1ed1ng g\u1ec9<\/li>\n<li data-section-id=\"lcp9dp\" data-start=\"2858\" data-end=\"2882\">B\u1ec1 m\u1eb7t ch\u1ed1ng b\u00e1m b\u1ea9n<\/li>\n<li data-section-id=\"1dex0jo\" data-start=\"2883\" data-end=\"2897\">D\u1ec5 v\u1ec7 sinh<\/li>\n<\/ul>\n<p data-start=\"2899\" data-end=\"2956\">\ud83d\udc49 Ph\u00f9 h\u1ee3p v\u1edbi nhu c\u1ea7u s\u1eed d\u1ee5ng th\u01b0\u1eddng xuy\u00ean c\u1ee7a gia \u0111\u00ecnh.<\/p>\n<hr data-start=\"2958\" data-end=\"2961\" \/>\n<h3 data-section-id=\"vh1o5w\" data-start=\"2963\" data-end=\"3015\">\ud83d\udca7 V\u00f2i R\u1eeda B\u00e1t EHR-8240 \u2013 Sang Tr\u1ecdng &amp; Ti\u1ec7n Nghi<\/h3>\n<ul data-start=\"3017\" data-end=\"3108\">\n<li data-section-id=\"1x89s6d\" data-start=\"3017\" data-end=\"3046\">Thi\u1ebft k\u1ebf cao c\u1ea5p, tinh t\u1ebf<\/li>\n<li data-section-id=\"1rviaba\" data-start=\"3047\" data-end=\"3065\">Xoay linh ho\u1ea1t<\/li>\n<li data-section-id=\"1gnnkz\" data-start=\"3066\" data-end=\"3086\">Ch\u1ea5t li\u1ec7u b\u1ec1n b\u1ec9<\/li>\n<li data-section-id=\"7mhdue\" data-start=\"3087\" data-end=\"3108\">D\u00f2ng n\u01b0\u1edbc \u1ed5n \u0111\u1ecbnh<\/li>\n<\/ul>\n<p data-start=\"3110\" data-end=\"3148\">\ud83d\udc49 T\u0103ng tr\u1ea3i nghi\u1ec7m s\u1eed d\u1ee5ng h\u00e0ng ng\u00e0y.<\/p>\n<hr data-start=\"3150\" data-end=\"3153\" \/>\n<h3 data-section-id=\"r5w8m4\" data-start=\"3155\" data-end=\"3207\">\ud83c\udf72 B\u1ed9 N\u1ed3i Inox 304 GX801 Premium \u2013 Chu\u1ea9n Ch\u00e2u \u00c2u<\/h3>\n<ul data-start=\"3209\" data-end=\"3287\">\n<li data-section-id=\"1twc4yc\" data-start=\"3209\" data-end=\"3229\">Inox 304 cao c\u1ea5p<\/li>\n<li data-section-id=\"1ciem92\" data-start=\"3230\" data-end=\"3254\">An to\u00e0n cho s\u1ee9c kh\u1ecfe<\/li>\n<li data-section-id=\"1b2924k\" data-start=\"3255\" data-end=\"3272\">D\u1eabn nhi\u1ec7t t\u1ed1t<\/li>\n<li data-section-id=\"1c2116p\" data-start=\"3273\" data-end=\"3287\">\u0110\u1ed9 b\u1ec1n cao<\/li>\n<\/ul>\n<p data-start=\"3289\" data-end=\"3336\">\ud83d\udc49 Ph\u00f9 h\u1ee3p cho m\u1ecdi ph\u01b0\u01a1ng ph\u00e1p n\u1ea5u \u0103n hi\u1ec7n \u0111\u1ea1i.<\/p>\n<hr data-start=\"3338\" data-end=\"3341\" \/>\n<h2 data-section-id=\"uprwzm\" data-start=\"3343\" data-end=\"3375\">4. V\u00ec Sao N\u00ean Ch\u1ecdn Combo K11?<\/h2>\n<h3 data-section-id=\"pu5aq0\" data-start=\"3377\" data-end=\"3405\">\ud83d\udc49 1. \u0110\u1eb3ng C\u1ea5p Kh\u00e1c Bi\u1ec7t<\/h3>\n<p data-start=\"3406\" data-end=\"3476\">Kh\u00f4ng ch\u1ec9 l\u00e0 thi\u1ebft b\u1ecb b\u1ebfp, \u0111\u00e2y c\u00f2n l\u00e0 \u201ctuy\u00ean ng\u00f4n\u201d v\u1ec1 phong c\u00e1ch s\u1ed1ng.<\/p>\n<h3 data-section-id=\"1ko2z4i\" data-start=\"3478\" data-end=\"3504\">\ud83d\udc49 2. \u0110\u1ed3ng B\u1ed9 Ho\u00e0n H\u1ea3o<\/h3>\n<p data-start=\"3505\" data-end=\"3565\">Kh\u00f4ng c\u1ea7n \u0111au \u0111\u1ea7u ch\u1ecdn t\u1eebng m\u00f3n \u2013 t\u1ea5t c\u1ea3 \u0111\u00e3 \u0111\u01b0\u1ee3c t\u1ed1i \u01b0u s\u1eb5n.<\/p>\n<h3 data-section-id=\"tntbra\" data-start=\"3567\" data-end=\"3594\">\ud83d\udc49 3. Ti\u1ebft Ki\u1ec7m Chi Ph\u00ed<\/h3>\n<p data-start=\"3595\" data-end=\"3636\">Gi\u00e1 combo r\u1ebb h\u01a1n r\u1ea5t nhi\u1ec1u so v\u1edbi mua l\u1ebb.<\/p>\n<h3 data-section-id=\"pjsq58\" data-start=\"3638\" data-end=\"3679\">\ud83d\udc49 4. Ph\u00f9 H\u1ee3p Nhi\u1ec1u Ph\u00e2n Kh\u00fac Cao C\u1ea5p<\/h3>\n<ul data-start=\"3680\" data-end=\"3734\">\n<li data-section-id=\"zjxnx9\" data-start=\"3680\" data-end=\"3692\">Bi\u1ec7t th\u1ef1<\/li>\n<li data-section-id=\"1hzq4z0\" data-start=\"3693\" data-end=\"3711\">C\u0103n h\u1ed9 cao c\u1ea5p<\/li>\n<li data-section-id=\"1ydl8ym\" data-start=\"3712\" data-end=\"3734\">Nh\u00e0 ph\u1ed1 sang tr\u1ecdng<\/li>\n<\/ul>\n<hr data-start=\"3736\" data-end=\"3739\" \/>\n<h2 data-section-id=\"1e6ng2a\" data-start=\"3741\" data-end=\"3763\">5. \u1ee8ng D\u1ee5ng Th\u1ef1c T\u1ebf<\/h2>\n<p data-start=\"3765\" data-end=\"3796\">Combo K11 \u0111\u1eb7c bi\u1ec7t ph\u00f9 h\u1ee3p v\u1edbi:<\/p>\n<ul data-start=\"3798\" data-end=\"3907\">\n<li data-section-id=\"161rw23\" data-start=\"3798\" data-end=\"3825\">Kh\u00f4ng gian b\u1ebfp hi\u1ec7n \u0111\u1ea1i<\/li>\n<li data-section-id=\"4381wr\" data-start=\"3826\" data-end=\"3866\">Gia ch\u1ee7 y\u00eau th\u00edch phong c\u00e1ch ch\u00e2u \u00c2u<\/li>\n<li data-section-id=\"1yn2vsx\" data-start=\"3867\" data-end=\"3907\">Kh\u00e1ch h\u00e0ng y\u00eau c\u1ea7u cao v\u1ec1 ch\u1ea5t l\u01b0\u1ee3ng<\/li>\n<\/ul>\n<p data-start=\"3909\" data-end=\"3980\">\ud83d\udc49 \u0110\u00e2y l\u00e0 l\u1ef1a ch\u1ecdn l\u00fd t\u01b0\u1edfng cho nh\u1eefng ai mu\u1ed1n n\u00e2ng t\u1ea7m kh\u00f4ng gian s\u1ed1ng.<\/p>\n<hr data-start=\"3982\" data-end=\"3985\" \/>\n<h2 data-section-id=\"1nf2jy9\" data-start=\"3987\" data-end=\"4021\">6. H\u01b0\u1edbng D\u1eabn S\u1eed D\u1ee5ng &amp; B\u1ea3o Qu\u1ea3n<\/h2>\n<p data-start=\"4023\" data-end=\"4041\">\u0110\u1ec3 \u0111\u1ea3m b\u1ea3o \u0111\u1ed9 b\u1ec1n:<\/p>\n<ul data-start=\"4043\" data-end=\"4165\">\n<li data-section-id=\"1teavmq\" data-start=\"4043\" data-end=\"4075\">V\u1ec7 sinh b\u1ebfp t\u1eeb b\u1eb1ng kh\u0103n m\u1ec1m<\/li>\n<li data-section-id=\"iiu6of\" data-start=\"4076\" data-end=\"4104\">L\u00e0m s\u1ea1ch h\u00fat m\u00f9i \u0111\u1ecbnh k\u1ef3<\/li>\n<li data-section-id=\"neq1o7\" data-start=\"4105\" data-end=\"4133\">Tr\u00e1nh d\u00f9ng h\u00f3a ch\u1ea5t m\u1ea1nh<\/li>\n<li data-section-id=\"1pbf3a7\" data-start=\"4134\" data-end=\"4165\">Ki\u1ec3m tra h\u1ec7 th\u1ed1ng \u0111i\u1ec7n n\u01b0\u1edbc<\/li>\n<\/ul>\n<hr data-start=\"4167\" data-end=\"4170\" \/>\n<h2 data-section-id=\"s7lyht\" data-start=\"4172\" data-end=\"4198\">7. Gi\u00e1 B\u00e1n &amp; Ch\u00ednh S\u00e1ch<\/h2>\n<ul data-start=\"4200\" data-end=\"4318\">\n<li data-section-id=\"trclbl\" data-start=\"4200\" data-end=\"4233\">Gi\u00e1 ni\u00eam y\u1ebft: <strong data-start=\"4216\" data-end=\"4231\">52.954.000\u0111<\/strong><\/li>\n<li data-section-id=\"1axjhw5\" data-start=\"4234\" data-end=\"4265\">Gi\u00e1 \u01b0u \u0111\u00e3i: <strong data-start=\"4248\" data-end=\"4263\">35.054.000\u0111<\/strong><\/li>\n<li data-section-id=\"k5rami\" data-start=\"4266\" data-end=\"4289\">B\u1ea3o h\u00e0nh ch\u00ednh h\u00e3ng<\/li>\n<\/ul>\n<hr data-start=\"4320\" data-end=\"4323\" \/>\n<h2 data-section-id=\"bvs50p\" data-start=\"4325\" data-end=\"4339\">8. K\u1ebft Lu\u1eadn<\/h2>\n<p data-start=\"4341\" data-end=\"4411\"><strong data-start=\"4341\" data-end=\"4362\">Combo K11 Ehrlich<\/strong> l\u00e0 l\u1ef1a ch\u1ecdn ho\u00e0n h\u1ea3o cho nh\u1eefng ai \u0111ang t\u00ecm ki\u1ebfm:<\/p>\n<ul data-start=\"4413\" data-end=\"4528\">\n<li data-section-id=\"18v4mh6\" data-start=\"4413\" data-end=\"4447\">Thi\u1ebft b\u1ecb b\u1ebfp cao c\u1ea5p chu\u1ea9n \u0110\u1ee9c<\/li>\n<li data-section-id=\"c9wxrv\" data-start=\"4448\" data-end=\"4471\">Thi\u1ebft k\u1ebf sang tr\u1ecdng<\/li>\n<li data-section-id=\"1ix5e3\" data-start=\"4472\" data-end=\"4495\">Hi\u1ec7u su\u1ea5t v\u01b0\u1ee3t tr\u1ed9i<\/li>\n<li data-section-id=\"e8rx65\" data-start=\"4496\" data-end=\"4528\">Tr\u1ea3i nghi\u1ec7m s\u1eed d\u1ee5ng \u0111\u1eb3ng c\u1ea5p<\/li>\n<\/ul>\n<p data-start=\"4530\" data-end=\"4632\">\u0110\u00e2y kh\u00f4ng ch\u1ec9 l\u00e0 m\u1ed9t b\u1ed9 thi\u1ebft b\u1ecb, m\u00e0 l\u00e0 m\u1ed9t kho\u1ea3n \u0111\u1ea7u t\u01b0 x\u1ee9ng \u0111\u00e1ng cho kh\u00f4ng gian s\u1ed1ng ch\u1ea5t l\u01b0\u1ee3ng cao.<\/p>\n<p data-start=\"5287\" data-end=\"5402\"><strong data-start=\"5287\" data-end=\"5338\">Ehrlich Vi\u1ec7t Nam \u2013 Thi\u1ebft B\u1ecb Nh\u00e0 B\u1ebfp &amp; Ph\u00f2ng T\u1eafm<\/strong><br data-start=\"5338\" data-end=\"5341\" \/>\ud83d\udccd\u00a0\u0110\u1ecba ch\u1ec9:\u00a0<strong data-start=\"5353\" data-end=\"5402\">S\u1ed1 6 Li\u1ec1n K\u1ec1 22, K\u0110T V\u0103n Kh\u00ea, H\u00e0 \u0110\u00f4ng, H\u00e0 N\u1ed9i<\/strong><\/p>\n<p data-start=\"5404\" data-end=\"5528\">\ud83c\udf10\u00a0Website:\u00a0<a class=\"decorated-link\" href=\"https:\/\/ehrlichvietnam.vn\/\" target=\"_new\" rel=\"noopener\" data-start=\"5416\" data-end=\"5442\">https:\/\/ehrlichvietnam.vn\/<\/a><br data-start=\"5442\" data-end=\"5445\" \/>\ud83d\udcde\u00a0Hotline:\u00a0<strong data-start=\"5457\" data-end=\"5474\">0932 27 05 20<\/strong><br data-start=\"5474\" data-end=\"5477\" \/>\ud83d\udcac\u00a0Zalo OA:\u00a0<a class=\"decorated-link\" href=\"https:\/\/zalo.me\/s\/2888141157129558325\" target=\"_new\" rel=\"noopener\" data-start=\"5489\" data-end=\"5526\">https:\/\/zalo.me\/s\/2888141157129558325<\/a><\/p>\n<p data-start=\"5530\" data-end=\"5641\">\ud83c\udfa5\u00a0TikTok:\u00a0<a class=\"decorated-link\" href=\"https:\/\/www.tiktok.com\/@ehrlich.chia.s?_r=1\" target=\"_new\" rel=\"noopener\" data-start=\"5541\" data-end=\"5585\">https:\/\/www.tiktok.com\/@ehrlichthietbivesinh<\/a><br data-start=\"5585\" data-end=\"5588\" \/>\u25b6\ufe0f\u00a0YouTube:\u00a0<a class=\"decorated-link\" href=\"https:\/\/www.youtube.com\/@EhrlichVietNam\" target=\"_new\" rel=\"noopener\" data-start=\"5600\" data-end=\"5639\">https:\/\/www.youtube.com\/@EhrlichVietNam<\/a><\/p>\n<p data-start=\"5643\" data-end=\"5688\">\ud83d\ude9a\u00a0Giao h\u00e0ng to\u00e0n qu\u1ed1c \u2013 t\u01b0 v\u1ea5n nhanh ch\u00f3ng<\/p>\n<p data-start=\"5690\" data-end=\"5736\">\ud83d\udc49\u00a0<strong data-start=\"5693\" data-end=\"5736\">Inbox ngay \u0111\u1ec3 nh\u1eadn \u01b0u \u0111\u00e3i th\u00eam h\u00f4m nay!<\/strong><\/p>\n","protected":false},"excerpt":{"rendered":"<p data-start=\"83\" data-end=\"415\"><strong data-start=\"83\" data-end=\"104\">Combo b\u1ebfp Ehrlich<\/strong> l\u00e0 gi\u1ea3i ph\u00e1p thi\u1ebft b\u1ecb b\u1ebfp tr\u1ecdn g\u00f3i, \u0111\u01b0\u1ee3c thi\u1ebft k\u1ebf \u0111\u1ed3ng b\u1ed9 t\u1eeb n\u1ea5u n\u01b0\u1edbng \u0111\u1ebfn r\u1eeda d\u1ecdn, gi\u00fap ho\u00e0n thi\u1ec7n kh\u00f4ng gian b\u1ebfp m\u1ed9t c\u00e1ch nhanh ch\u00f3ng v\u00e0 t\u1ed1i \u01b0u. S\u1ef1 k\u1ebft h\u1ee3p gi\u1eefa b\u1ebfp t\u1eeb, h\u00fat m\u00f9i, ch\u1eadu v\u00f2i v\u00e0 b\u1ed9 n\u1ed3i cao c\u1ea5p mang l\u1ea1i tr\u1ea3i nghi\u1ec7m s\u1eed d\u1ee5ng ti\u1ec7n nghi, hi\u1ec7n \u0111\u1ea1i v\u00e0 \u1ed5n \u0111\u1ecbnh trong su\u1ed1t qu\u00e1 tr\u00ecnh n\u1ea5u n\u01b0\u1edbng h\u00e0ng ng\u00e0y.<\/p>\n<p data-start=\"417\" data-end=\"723\">Kh\u00f4ng ch\u1ec9 \u0111\u1ea3m b\u1ea3o v\u1ec1 c\u00f4ng n\u0103ng, c\u00e1c s\u1ea3n ph\u1ea9m trong combo c\u00f2n c\u00f3 thi\u1ebft k\u1ebf h\u00e0i h\u00f2a, t\u00f4ng m\u00e0u hi\u1ec7n \u0111\u1ea1i, d\u1ec5 d\u00e0ng ph\u1ed1i h\u1ee3p v\u1edbi nhi\u1ec1u phong c\u00e1ch n\u1ed9i th\u1ea5t b\u1ebfp. Vi\u1ec7c l\u1ef1a ch\u1ecdn combo gi\u00fap ti\u1ebft ki\u1ec7m \u0111\u00e1ng k\u1ec3 th\u1eddi gian t\u00ecm ki\u1ebfm, chi ph\u00ed mua s\u1eafm v\u00e0 h\u1ea1n ch\u1ebf t\u1ed1i \u0111a c\u00e1c ph\u00e1t sinh kh\u00f4ng c\u1ea7n thi\u1ebft trong qu\u00e1 tr\u00ecnh l\u1eafp \u0111\u1eb7t.<\/p>\n<p data-start=\"725\" data-end=\"870\">\u0110\u00e2y l\u00e0 l\u1ef1a ch\u1ecdn ph\u00f9 h\u1ee3p cho nh\u1eefng gia \u0111\u00ecnh \u0111ang ho\u00e0n thi\u1ec7n b\u1ebfp m\u1edbi ho\u1eb7c mu\u1ed1n n\u00e2ng c\u1ea5p kh\u00f4ng gian b\u1ebfp theo h\u01b0\u1edbng \u0111\u1ed3ng b\u1ed9, ti\u1ec7n nghi v\u00e0 t\u1ed1i \u01b0u h\u01a1n.<\/p>\n","protected":false},"featured_media":4541,"comment_status":"open","ping_status":"closed","template":"","meta":{"_acf_changed":false},"product_brand":[],"product_cat":[77,52,56],"product_tag":[],"class_list":{"0":"post-4540","1":"product","2":"type-product","3":"status-publish","4":"has-post-thumbnail","6":"product_cat-combo","7":"product_cat-nha-pho-can-ho","8":"product_cat-combo-phong-bep","10":"first","11":"instock","12":"sale","13":"shipping-taxable","14":"purchasable","15":"product-type-simple"},"acf":[],"_links":{"self":[{"href":"https:\/\/ehrlichvietnam.vn\/en\/wp-json\/wp\/v2\/product\/4540","targetHints":{"allow":["GET"]}}],"collection":[{"href":"https:\/\/ehrlichvietnam.vn\/en\/wp-json\/wp\/v2\/product"}],"about":[{"href":"https:\/\/ehrlichvietnam.vn\/en\/wp-json\/wp\/v2\/types\/product"}],"replies":[{"embeddable":true,"href":"https:\/\/ehrlichvietnam.vn\/en\/wp-json\/wp\/v2\/comments?post=4540"}],"wp:featuredmedia":[{"embeddable":true,"href":"https:\/\/ehrlichvietnam.vn\/en\/wp-json\/wp\/v2\/media\/4541"}],"wp:attachment":[{"href":"https:\/\/ehrlichvietnam.vn\/en\/wp-json\/wp\/v2\/media?parent=4540"}],"wp:term":[{"taxonomy":"product_brand","embeddable":true,"href":"https:\/\/ehrlichvietnam.vn\/en\/wp-json\/wp\/v2\/product_brand?post=4540"},{"taxonomy":"product_cat","embeddable":true,"href":"https:\/\/ehrlichvietnam.vn\/en\/wp-json\/wp\/v2\/product_cat?post=4540"},{"taxonomy":"product_tag","embeddable":true,"href":"https:\/\/ehrlichvietnam.vn\/en\/wp-json\/wp\/v2\/product_tag?post=4540"}],"curies":[{"name":"wp","href":"https:\/\/api.w.org\/{rel}","templated":true}]}}