{"id":4536,"date":"2026-04-02T01:46:02","date_gmt":"2026-04-02T01:46:02","guid":{"rendered":"https:\/\/ehrlichvietnam.vn\/?post_type=product&#038;p=4536"},"modified":"2026-04-02T06:48:40","modified_gmt":"2026-04-02T06:48:40","slug":"combo-k14","status":"publish","type":"product","link":"https:\/\/ehrlichvietnam.vn\/combo-k14\/","title":{"rendered":"Combo B\u1ebfp K14"},"content":{"rendered":"<h2 data-section-id=\"1y9fppm\" data-start=\"0\" data-end=\"83\">Combo Thi\u1ebft B\u1ecb Nh\u00e0 B\u1ebfp Ehrlich K14 \u2013 Gi\u1ea3i Ph\u00e1p Tr\u1ecdn G\u00f3i Gi\u00e1 T\u1ed1t Cho M\u1ecdi Gia \u0110\u00ecnh<\/h2>\n<p data-start=\"85\" data-end=\"472\">Trong b\u1ed1i c\u1ea3nh ng\u01b0\u1eddi d\u00f9ng ng\u00e0y c\u00e0ng \u01b0u ti\u00ean nh\u1eefng gi\u1ea3i ph\u00e1p <strong data-start=\"145\" data-end=\"217\">ti\u1ebft ki\u1ec7m chi ph\u00ed nh\u01b0ng v\u1eabn \u0111\u1ea3m b\u1ea3o \u0111\u1ea7y \u0111\u1ee7 c\u00f4ng n\u0103ng v\u00e0 t\u00ednh th\u1ea9m m\u1ef9<\/strong>, c\u00e1c b\u1ed9 combo thi\u1ebft b\u1ecb nh\u00e0 b\u1ebfp \u0111ang tr\u1edf th\u00e0nh xu h\u01b0\u1edbng l\u1ef1a ch\u1ecdn h\u00e0ng \u0111\u1ea7u. N\u1ed5i b\u1eadt trong ph\u00e2n kh\u00fac t\u1ea7m trung ch\u00ednh l\u00e0 <strong data-start=\"335\" data-end=\"356\">Combo K14 Ehrlich<\/strong> \u2013 b\u1ed9 s\u1ea3n ph\u1ea9m t\u00edch h\u1ee3p \u0111\u1ea7y \u0111\u1ee7 c\u00e1c thi\u1ebft b\u1ecb thi\u1ebft y\u1ebfu cho gian b\u1ebfp hi\u1ec7n \u0111\u1ea1i, ph\u00f9 h\u1ee3p t\u1eeb c\u0103n h\u1ed9 chung c\u01b0 \u0111\u1ebfn nh\u00e0 ph\u1ed1.<\/p>\n<p data-start=\"474\" data-end=\"709\">Kh\u00f4ng ch\u1ec9 s\u1edf h\u1eefu thi\u1ebft k\u1ebf \u0111\u1ed3ng b\u1ed9, hi\u1ec7n \u0111\u1ea1i, combo c\u00f2n g\u00e2y \u1ea5n t\u01b0\u1ee3ng m\u1ea1nh v\u1edbi m\u1ee9c gi\u00e1 c\u1ef1c k\u1ef3 c\u1ea1nh tranh: <strong data-start=\"578\" data-end=\"597\">ch\u1ec9 16.386.000\u0111<\/strong> (gi\u1ea3m t\u1eeb 25.650.000\u0111). \u0110\u00e2y l\u00e0 l\u1ef1a ch\u1ecdn l\u00fd t\u01b0\u1edfng cho nh\u1eefng ai \u0111ang ho\u00e0n thi\u1ec7n n\u1ed9i th\u1ea5t b\u1ebfp v\u1edbi ng\u00e2n s\u00e1ch t\u1ed1i \u01b0u.<\/p>\n<hr data-start=\"711\" data-end=\"714\" \/>\n<h2 data-section-id=\"iucts7\" data-start=\"716\" data-end=\"763\">1. T\u1ed5ng Quan Combo K14 Ehrlich G\u1ed3m Nh\u1eefng G\u00ec?<\/h2>\n<p data-start=\"765\" data-end=\"810\">Combo K14 l\u00e0 b\u1ed9 thi\u1ebft b\u1ecb b\u1ebfp \u0111\u1ea7y \u0111\u1ee7, bao g\u1ed3m:<\/p>\n<ul data-start=\"812\" data-end=\"981\">\n<li data-section-id=\"dkmqhv\" data-start=\"812\" data-end=\"856\"><strong data-start=\"814\" data-end=\"854\">B\u1ebfp t\u1eeb GX IH696SE (Made in Malaysia)<\/strong><\/li>\n<li data-section-id=\"h5wfo5\" data-start=\"857\" data-end=\"886\"><strong data-start=\"859\" data-end=\"884\">M\u00e1y h\u00fat m\u00f9i GX H70C55<\/strong><\/li>\n<li data-section-id=\"ivlmux\" data-start=\"887\" data-end=\"918\"><strong data-start=\"889\" data-end=\"916\">Ch\u1eadu r\u1eeda b\u00e1t EHR-7546AX<\/strong><\/li>\n<li data-section-id=\"1uk9m42\" data-start=\"919\" data-end=\"947\"><strong data-start=\"921\" data-end=\"945\">V\u00f2i r\u1eeda b\u00e1t EHR-8150<\/strong><\/li>\n<li data-section-id=\"ycrx88\" data-start=\"948\" data-end=\"981\"><strong data-start=\"950\" data-end=\"979\">B\u1ed9 n\u1ed3i ch\u1ea3o inox FiveStar<\/strong><\/li>\n<\/ul>\n<p data-start=\"983\" data-end=\"1109\">T\u1ea5t c\u1ea3 s\u1ea3n ph\u1ea9m \u0111\u1ec1u \u0111\u01b0\u1ee3c thi\u1ebft k\u1ebf theo phong c\u00e1ch hi\u1ec7n \u0111\u1ea1i, t\u1ed1i gi\u1ea3n, d\u1ec5 d\u00e0ng k\u1ebft h\u1ee3p v\u1edbi nhi\u1ec1u ki\u1ec3u kh\u00f4ng gian b\u1ebfp kh\u00e1c nhau.<\/p>\n<hr data-start=\"1111\" data-end=\"1114\" \/>\n<h2 data-section-id=\"1kdfjic\" data-start=\"1116\" data-end=\"1170\">2. V\u00ec Sao Combo K14 \u0110\u01b0\u1ee3c Nhi\u1ec1u Kh\u00e1ch H\u00e0ng L\u1ef1a Ch\u1ecdn?<\/h2>\n<h3 data-section-id=\"131sk41\" data-start=\"1172\" data-end=\"1215\">\u2714\ufe0f Gi\u00e1 Th\u00e0nh C\u1ef1c T\u1ed1t \u2013 T\u1ed1i \u01afu Ng\u00e2n S\u00e1ch<\/h3>\n<p data-start=\"1216\" data-end=\"1317\">V\u1edbi m\u1ee9c gi\u00e1 ch\u1ec9 h\u01a1n 16 tri\u1ec7u, b\u1ea1n \u0111\u00e3 s\u1edf h\u1eefu tr\u1ecdn b\u1ed9 thi\u1ebft b\u1ecb b\u1ebfp. \u0110\u00e2y l\u00e0 l\u1ef1a ch\u1ecdn c\u1ef1c k\u1ef3 ph\u00f9 h\u1ee3p cho:<\/p>\n<ul data-start=\"1318\" data-end=\"1409\">\n<li data-section-id=\"1hod4d7\" data-start=\"1318\" data-end=\"1346\">Gia \u0111\u00ecnh tr\u1ebb m\u1edbi x\u00e2y nh\u00e0<\/li>\n<li data-section-id=\"1x6r9qz\" data-start=\"1347\" data-end=\"1377\">Ch\u1ee7 \u0111\u1ea7u t\u01b0 c\u0103n h\u1ed9 cho thu\u00ea<\/li>\n<li data-section-id=\"3o4b9p\" data-start=\"1378\" data-end=\"1409\">Th\u1ea7u th\u1ee3 c\u1ea7n t\u1ed1i \u01b0u chi ph\u00ed<\/li>\n<\/ul>\n<p data-start=\"1411\" data-end=\"1488\">So v\u1edbi vi\u1ec7c mua l\u1ebb t\u1eebng s\u1ea3n ph\u1ea9m, combo gi\u00fap ti\u1ebft ki\u1ec7m \u0111\u1ebfn g\u1ea7n 10 tri\u1ec7u \u0111\u1ed3ng.<\/p>\n<hr data-start=\"1490\" data-end=\"1493\" \/>\n<h3 data-section-id=\"b16yk8\" data-start=\"1495\" data-end=\"1538\">\u2714\ufe0f \u0110\u1ed3ng B\u1ed9 Thi\u1ebft K\u1ebf \u2013 T\u0103ng T\u00ednh Th\u1ea9m M\u1ef9<\/h3>\n<p data-start=\"1539\" data-end=\"1671\">M\u1ed9t trong nh\u1eefng v\u1ea5n \u0111\u1ec1 th\u01b0\u1eddng g\u1eb7p khi mua l\u1ebb l\u00e0 <strong data-start=\"1587\" data-end=\"1613\">thi\u1ebft b\u1ecb kh\u00f4ng \u0111\u1ed3ng b\u1ed9<\/strong>, g\u00e2y m\u1ea5t th\u1ea9m m\u1ef9. Combo K14 gi\u1ea3i quy\u1ebft tri\u1ec7t \u0111\u1ec3 \u0111i\u1ec1u n\u00e0y:<\/p>\n<ul data-start=\"1673\" data-end=\"1775\">\n<li data-section-id=\"fgino9\" data-start=\"1673\" data-end=\"1707\">T\u00f4ng m\u00e0u inox \u2013 \u0111en sang tr\u1ecdng<\/li>\n<li data-section-id=\"vgaf8g\" data-start=\"1708\" data-end=\"1739\">Thi\u1ebft k\u1ebf hi\u1ec7n \u0111\u1ea1i, tinh g\u1ecdn<\/li>\n<li data-section-id=\"6974kv\" data-start=\"1740\" data-end=\"1775\">D\u1ec5 d\u00e0ng ph\u1ed1i v\u1edbi t\u1ee7 b\u1ebfp, \u0111\u00e1 b\u1ebfp<\/li>\n<\/ul>\n<hr data-start=\"1777\" data-end=\"1780\" \/>\n<h3 data-section-id=\"1ex8jg8\" data-start=\"1782\" data-end=\"1829\">\u2714\ufe0f \u0110\u1ea7y \u0110\u1ee7 C\u00f4ng N\u0103ng \u2013 S\u1eb5n S\u00e0ng S\u1eed D\u1ee5ng Ngay<\/h3>\n<p data-start=\"1830\" data-end=\"1893\">Kh\u00f4ng c\u1ea7n l\u1ef1a ch\u1ecdn t\u1eebng m\u00f3n ri\u00eang l\u1ebb, combo \u0111\u00e3 t\u00edch h\u1ee3p \u0111\u1ea7y \u0111\u1ee7:<\/p>\n<ul data-start=\"1894\" data-end=\"1983\">\n<li data-section-id=\"k2kizs\" data-start=\"1894\" data-end=\"1913\">N\u1ea5u \u0103n (b\u1ebfp t\u1eeb)<\/li>\n<li data-section-id=\"1aoxnj0\" data-start=\"1914\" data-end=\"1939\">H\u00fat m\u00f9i (m\u00e1y h\u00fat m\u00f9i)<\/li>\n<li data-section-id=\"1181s2\" data-start=\"1940\" data-end=\"1960\">R\u1eeda (ch\u1eadu + v\u00f2i)<\/li>\n<li data-section-id=\"1cvbfh0\" data-start=\"1961\" data-end=\"1983\">N\u1ea5u n\u01b0\u1edbng (b\u1ed9 n\u1ed3i)<\/li>\n<\/ul>\n<p data-start=\"1985\" data-end=\"2027\">\ud83d\udc49 Ch\u1ec9 c\u1ea7n l\u1eafp \u0111\u1eb7t l\u00e0 c\u00f3 th\u1ec3 s\u1eed d\u1ee5ng ngay.<\/p>\n<hr data-start=\"2029\" data-end=\"2032\" \/>\n<h2 data-section-id=\"cr8vfi\" data-start=\"2034\" data-end=\"2072\">3. Ph\u00e2n T\u00edch Chi Ti\u1ebft T\u1eebng S\u1ea3n Ph\u1ea9m<\/h2>\n<h3 data-section-id=\"4c3n02\" data-start=\"2074\" data-end=\"2133\">\ud83d\udd25 B\u1ebfp T\u1eeb GX IH696SE \u2013 Hi\u1ec7u Su\u1ea5t Cao, An To\u00e0n Tuy\u1ec7t \u0110\u1ed1i<\/h3>\n<p data-start=\"2135\" data-end=\"2184\">B\u1ebfp t\u1eeb GX IH696SE l\u00e0 \u0111i\u1ec3m nh\u1ea5n ch\u00ednh trong combo:<\/p>\n<ul data-start=\"2186\" data-end=\"2462\">\n<li data-section-id=\"1monkm4\" data-start=\"2186\" data-end=\"2239\">S\u1ea3n xu\u1ea5t t\u1ea1i Malaysia \u2013 ti\u00eau chu\u1ea9n ch\u1ea5t l\u01b0\u1ee3ng cao<\/li>\n<li data-section-id=\"5mcppv\" data-start=\"2240\" data-end=\"2290\">Gia nhi\u1ec7t nhanh, ti\u1ebft ki\u1ec7m th\u1eddi gian n\u1ea5u n\u01b0\u1edbng<\/li>\n<li data-section-id=\"ppdx09\" data-start=\"2291\" data-end=\"2328\">M\u1eb7t k\u00ednh ch\u1ecbu l\u1ef1c, ch\u1ecbu nhi\u1ec7t t\u1ed1t<\/li>\n<li data-section-id=\"m05pdq\" data-start=\"2329\" data-end=\"2360\">\u0110i\u1ec1u khi\u1ec3n c\u1ea3m \u1ee9ng hi\u1ec7n \u0111\u1ea1i<\/li>\n<li data-section-id=\"ffllr0\" data-start=\"2361\" data-end=\"2462\">T\u00edch h\u1ee3p c\u00e1c t\u00ednh n\u0103ng an to\u00e0n:\n<ul data-start=\"2397\" data-end=\"2462\">\n<li data-section-id=\"13oqax8\" data-start=\"2397\" data-end=\"2412\">Kh\u00f3a tr\u1ebb em<\/li>\n<li data-section-id=\"7pmmsq\" data-start=\"2415\" data-end=\"2436\">C\u1ea3nh b\u00e1o nhi\u1ec7t d\u01b0<\/li>\n<li data-section-id=\"1xi1772\" data-start=\"2439\" data-end=\"2462\">T\u1ef1 ng\u1eaft khi qu\u00e1 t\u1ea3i<\/li>\n<\/ul>\n<\/li>\n<\/ul>\n<p data-start=\"2464\" data-end=\"2520\">\ud83d\udc49 Ph\u00f9 h\u1ee3p v\u1edbi m\u1ecdi gia \u0111\u00ecnh, \u0111\u1eb7c bi\u1ec7t l\u00e0 nh\u00e0 c\u00f3 tr\u1ebb nh\u1ecf.<\/p>\n<hr data-start=\"2522\" data-end=\"2525\" \/>\n<h3 data-section-id=\"1du8b1f\" data-start=\"2527\" data-end=\"2577\">\ud83c\udf2a\ufe0f M\u00e1y H\u00fat M\u00f9i GX H70C55 \u2013 G\u1ecdn G\u00e0ng, Hi\u1ec7u Qu\u1ea3<\/h3>\n<p data-start=\"2579\" data-end=\"2650\">Thi\u1ebft k\u1ebf k\u00ednh cong hi\u1ec7n \u0111\u1ea1i gi\u00fap s\u1ea3n ph\u1ea9m v\u1eeba \u0111\u1eb9p v\u1eeba t\u1ed1i \u01b0u hi\u1ec7u su\u1ea5t:<\/p>\n<ul data-start=\"2652\" data-end=\"2776\">\n<li data-section-id=\"2ry4zk\" data-start=\"2652\" data-end=\"2677\">C\u00f4ng su\u1ea5t h\u00fat \u1ed5n \u0111\u1ecbnh<\/li>\n<li data-section-id=\"1h0anjy\" data-start=\"2678\" data-end=\"2709\">L\u01b0\u1edbi l\u1ecdc d\u1ea7u m\u1ee1 d\u1ec5 th\u00e1o l\u1eafp<\/li>\n<li data-section-id=\"jmtprm\" data-start=\"2710\" data-end=\"2741\">\u0110\u00e8n LED chi\u1ebfu s\u00e1ng ti\u1ec7n l\u1ee3i<\/li>\n<li data-section-id=\"5t8gv2\" data-start=\"2742\" data-end=\"2776\">\u0110\u1ed9 \u1ed3n th\u1ea5p, kh\u00f4ng g\u00e2y kh\u00f3 ch\u1ecbu<\/li>\n<\/ul>\n<p data-start=\"2778\" data-end=\"2831\">\ud83d\udc49 Gi\u1eef cho kh\u00f4ng gian b\u1ebfp lu\u00f4n s\u1ea1ch s\u1ebd, kh\u00f4ng \u00e1m m\u00f9i.<\/p>\n<hr data-start=\"2833\" data-end=\"2836\" \/>\n<h3 data-section-id=\"eidzaf\" data-start=\"2838\" data-end=\"2894\">\ud83d\udeb0 Ch\u1eadu R\u1eeda B\u00e1t EHR-7546AX \u2013 Nh\u1ecf G\u1ecdn Nh\u01b0ng Ti\u1ec7n D\u1ee5ng<\/h3>\n<p data-start=\"2896\" data-end=\"2934\">Ph\u00f9 h\u1ee3p v\u1edbi kh\u00f4ng gian b\u1ebfp v\u1eeba v\u00e0 nh\u1ecf:<\/p>\n<ul data-start=\"2936\" data-end=\"3033\">\n<li data-section-id=\"1ro75q3\" data-start=\"2936\" data-end=\"2962\">Thi\u1ebft k\u1ebf 2 h\u1ed1 ti\u1ec7n l\u1ee3i<\/li>\n<li data-section-id=\"19slyu6\" data-start=\"2963\" data-end=\"2988\">Inox cao c\u1ea5p ch\u1ed1ng g\u1ec9<\/li>\n<li data-section-id=\"lcp9dp\" data-start=\"2989\" data-end=\"3013\">B\u1ec1 m\u1eb7t ch\u1ed1ng b\u00e1m b\u1ea9n<\/li>\n<li data-section-id=\"wfdakp\" data-start=\"3014\" data-end=\"3033\">D\u1ec5 d\u00e0ng v\u1ec7 sinh<\/li>\n<\/ul>\n<p data-start=\"3035\" data-end=\"3091\">\ud83d\udc49 T\u1ed1i \u01b0u di\u1ec7n t\u00edch nh\u01b0ng v\u1eabn \u0111\u1ea3m b\u1ea3o c\u00f4ng n\u0103ng s\u1eed d\u1ee5ng.<\/p>\n<hr data-start=\"3093\" data-end=\"3096\" \/>\n<h3 data-section-id=\"21ic1a\" data-start=\"3098\" data-end=\"3145\">\ud83d\udca7 V\u00f2i R\u1eeda B\u00e1t EHR-8150 \u2013 Linh Ho\u1ea1t, B\u1ec1n B\u1ec9<\/h3>\n<ul data-start=\"3147\" data-end=\"3255\">\n<li data-section-id=\"1vch34x\" data-start=\"3147\" data-end=\"3169\">Ki\u1ec3u d\u00e1ng hi\u1ec7n \u0111\u1ea1i<\/li>\n<li data-section-id=\"ax7gd6\" data-start=\"3170\" data-end=\"3198\">Xoay linh ho\u1ea1t nhi\u1ec1u g\u00f3c<\/li>\n<li data-section-id=\"em0fqh\" data-start=\"3199\" data-end=\"3228\">D\u00f2ng n\u01b0\u1edbc m\u1ea1nh, ti\u1ebft ki\u1ec7m<\/li>\n<li data-section-id=\"17nce7e\" data-start=\"3229\" data-end=\"3255\">Ch\u1ea5t li\u1ec7u ch\u1ed1ng \u0103n m\u00f2n<\/li>\n<\/ul>\n<p data-start=\"3257\" data-end=\"3312\">\ud83d\udc49 Gi\u00fap thao t\u00e1c r\u1eeda b\u00e1t, s\u01a1 ch\u1ebf th\u1ef1c ph\u1ea9m d\u1ec5 d\u00e0ng h\u01a1n.<\/p>\n<hr data-start=\"3314\" data-end=\"3317\" \/>\n<h3 data-section-id=\"ro7vl5\" data-start=\"3319\" data-end=\"3370\">\ud83c\udf73 B\u1ed9 N\u1ed3i Ch\u1ea3o Inox FiveStar \u2013 \u0110a N\u0103ng, An To\u00e0n<\/h3>\n<ul data-start=\"3372\" data-end=\"3476\">\n<li data-section-id=\"xvapim\" data-start=\"3372\" data-end=\"3398\">Ch\u1ea5t li\u1ec7u inox cao c\u1ea5p<\/li>\n<li data-section-id=\"1b2924k\" data-start=\"3399\" data-end=\"3416\">D\u1eabn nhi\u1ec7t t\u1ed1t<\/li>\n<li data-section-id=\"nowf85\" data-start=\"3417\" data-end=\"3461\">Kh\u00f4ng g\u00e2y ph\u1ea3n \u1ee9ng h\u00f3a h\u1ecdc v\u1edbi th\u1ef1c ph\u1ea9m<\/li>\n<li data-section-id=\"1dex0jo\" data-start=\"3462\" data-end=\"3476\">D\u1ec5 v\u1ec7 sinh<\/li>\n<\/ul>\n<p data-start=\"3478\" data-end=\"3525\">\ud83d\udc49 Ph\u00f9 h\u1ee3p cho m\u1ecdi nhu c\u1ea7u n\u1ea5u n\u01b0\u1edbng h\u00e0ng ng\u00e0y.<\/p>\n<hr data-start=\"3527\" data-end=\"3530\" \/>\n<h2 data-section-id=\"1qntgkc\" data-start=\"3532\" data-end=\"3578\">4. So S\u00e1nh Combo K14 V\u1edbi C\u00e1c Gi\u1ea3i Ph\u00e1p Kh\u00e1c<\/h2>\n<div class=\"TyagGW_tableContainer\">\n<div class=\"group TyagGW_tableWrapper flex flex-col-reverse w-fit\" tabindex=\"-1\">\n<table class=\"w-fit min-w-(--thread-content-width)\" data-start=\"3580\" data-end=\"3809\">\n<thead data-start=\"3580\" data-end=\"3613\">\n<tr data-start=\"3580\" data-end=\"3613\">\n<th class=\"\" data-start=\"3580\" data-end=\"3591\" data-col-size=\"sm\">Ti\u00eau ch\u00ed<\/th>\n<th class=\"\" data-start=\"3591\" data-end=\"3603\" data-col-size=\"sm\">Combo K14<\/th>\n<th class=\"\" data-start=\"3603\" data-end=\"3613\" data-col-size=\"sm\">Mua l\u1ebb<\/th>\n<\/tr>\n<\/thead>\n<tbody data-start=\"3647\" data-end=\"3809\">\n<tr data-start=\"3647\" data-end=\"3679\">\n<td data-start=\"3647\" data-end=\"3657\" data-col-size=\"sm\">Chi ph\u00ed<\/td>\n<td data-col-size=\"sm\" data-start=\"3657\" data-end=\"3668\">Th\u1ea5p h\u01a1n<\/td>\n<td data-col-size=\"sm\" data-start=\"3668\" data-end=\"3679\">Cao h\u01a1n<\/td>\n<\/tr>\n<tr data-start=\"3680\" data-end=\"3712\">\n<td data-start=\"3680\" data-end=\"3690\" data-col-size=\"sm\">\u0110\u1ed3ng b\u1ed9<\/td>\n<td data-col-size=\"sm\" data-start=\"3690\" data-end=\"3695\">C\u00f3<\/td>\n<td data-col-size=\"sm\" data-start=\"3695\" data-end=\"3712\">Kh\u00f4ng \u0111\u1ea3m b\u1ea3o<\/td>\n<\/tr>\n<tr data-start=\"3713\" data-end=\"3761\">\n<td data-start=\"3713\" data-end=\"3730\" data-col-size=\"sm\">Th\u1eddi gian ch\u1ecdn<\/td>\n<td data-col-size=\"sm\" data-start=\"3730\" data-end=\"3738\">Nhanh<\/td>\n<td data-col-size=\"sm\" data-start=\"3738\" data-end=\"3761\">M\u1ea5t nhi\u1ec1u th\u1eddi gian<\/td>\n<\/tr>\n<tr data-start=\"3762\" data-end=\"3809\">\n<td data-start=\"3762\" data-end=\"3781\" data-col-size=\"sm\">Hi\u1ec7u qu\u1ea3 s\u1eed d\u1ee5ng<\/td>\n<td data-col-size=\"sm\" data-start=\"3781\" data-end=\"3787\">Cao<\/td>\n<td data-col-size=\"sm\" data-start=\"3787\" data-end=\"3809\">Ph\u1ee5 thu\u1ed9c t\u1eebng m\u00f3n<\/td>\n<\/tr>\n<\/tbody>\n<\/table>\n<\/div>\n<\/div>\n<p data-start=\"3811\" data-end=\"3873\">\ud83d\udc49 R\u00f5 r\u00e0ng, combo l\u00e0 l\u1ef1a ch\u1ecdn t\u1ed1i \u01b0u h\u01a1n cho \u0111a s\u1ed1 kh\u00e1ch h\u00e0ng.<\/p>\n<hr data-start=\"3875\" data-end=\"3878\" \/>\n<h2 data-section-id=\"1e6ng2a\" data-start=\"3880\" data-end=\"3902\">5. \u1ee8ng D\u1ee5ng Th\u1ef1c T\u1ebf<\/h2>\n<p data-start=\"3904\" data-end=\"3940\">Combo K14 ph\u00f9 h\u1ee3p v\u1edbi nhi\u1ec1u nhu c\u1ea7u:<\/p>\n<ul data-start=\"3942\" data-end=\"4044\">\n<li data-section-id=\"1i0uyib\" data-start=\"3942\" data-end=\"3961\">C\u0103n h\u1ed9 chung c\u01b0<\/li>\n<li data-section-id=\"1qjcdsn\" data-start=\"3962\" data-end=\"3993\">Nh\u00e0 ph\u1ed1 di\u1ec7n t\u00edch nh\u1ecf \u2013 v\u1eeba<\/li>\n<li data-section-id=\"11vjell\" data-start=\"3994\" data-end=\"4010\">Nh\u00e0 cho thu\u00ea<\/li>\n<li data-section-id=\"1jmqh7y\" data-start=\"4011\" data-end=\"4044\">C\u00f4ng tr\u00ecnh c\u1ea7n t\u1ed1i \u01b0u chi ph\u00ed<\/li>\n<\/ul>\n<p data-start=\"4046\" data-end=\"4118\">\ud83d\udc49 \u0110\u1eb7c bi\u1ec7t ph\u00f9 h\u1ee3p v\u1edbi kh\u00e1ch h\u00e0ng mu\u1ed1n \u201cl\u00e0m b\u1ebfp g\u1ecdn \u2013 \u0111\u1eb9p \u2013 ti\u1ebft ki\u1ec7m\u201d.<\/p>\n<hr data-start=\"4120\" data-end=\"4123\" \/>\n<h2 data-section-id=\"1nf2jy9\" data-start=\"4125\" data-end=\"4159\">6. H\u01b0\u1edbng D\u1eabn S\u1eed D\u1ee5ng &amp; B\u1ea3o Qu\u1ea3n<\/h2>\n<p data-start=\"4161\" data-end=\"4187\">\u0110\u1ec3 \u0111\u1ea3m b\u1ea3o \u0111\u1ed9 b\u1ec1n l\u00e2u d\u00e0i:<\/p>\n<ul data-start=\"4189\" data-end=\"4343\">\n<li data-section-id=\"u7irt1\" data-start=\"4189\" data-end=\"4223\">Lau b\u1ebfp t\u1eeb sau m\u1ed7i l\u1ea7n s\u1eed d\u1ee5ng<\/li>\n<li data-section-id=\"10vib3q\" data-start=\"4224\" data-end=\"4260\">V\u1ec7 sinh l\u01b0\u1edbi l\u1ecdc h\u00fat m\u00f9i \u0111\u1ecbnh k\u1ef3<\/li>\n<li data-section-id=\"1q9ip5v\" data-start=\"4261\" data-end=\"4298\">Tr\u00e1nh d\u00f9ng h\u00f3a ch\u1ea5t m\u1ea1nh v\u1edbi inox<\/li>\n<li data-section-id=\"1p85fx3\" data-start=\"4299\" data-end=\"4343\">Ki\u1ec3m tra h\u1ec7 th\u1ed1ng \u0111i\u1ec7n n\u01b0\u1edbc th\u01b0\u1eddng xuy\u00ean<\/li>\n<\/ul>\n<hr data-start=\"4345\" data-end=\"4348\" \/>\n<h2 data-section-id=\"s7lyht\" data-start=\"4350\" data-end=\"4376\">7. Gi\u00e1 B\u00e1n &amp; Ch\u00ednh S\u00e1ch<\/h2>\n<ul data-start=\"4378\" data-end=\"4499\">\n<li data-section-id=\"1458ugq\" data-start=\"4378\" data-end=\"4411\">Gi\u00e1 ni\u00eam y\u1ebft: <strong data-start=\"4394\" data-end=\"4409\">25.650.000\u0111<\/strong><\/li>\n<li data-section-id=\"1uaeplk\" data-start=\"4412\" data-end=\"4443\">Gi\u00e1 \u01b0u \u0111\u00e3i: <strong data-start=\"4426\" data-end=\"4441\">16.386.000\u0111<\/strong><\/li>\n<li data-section-id=\"k5rami\" data-start=\"4444\" data-end=\"4467\">B\u1ea3o h\u00e0nh ch\u00ednh h\u00e3ng<\/li>\n<li data-section-id=\"1ryejvu\" data-start=\"4468\" data-end=\"4499\">H\u1ed7 tr\u1ee3 v\u1eadn chuy\u1ec3n<\/li>\n<\/ul>\n<hr data-start=\"4501\" data-end=\"4504\" \/>\n<h2 data-section-id=\"bvs50p\" data-start=\"4506\" data-end=\"4520\">8. K\u1ebft Lu\u1eadn<\/h2>\n<p data-start=\"4522\" data-end=\"4592\"><strong data-start=\"4522\" data-end=\"4543\">Combo K14 Ehrlich<\/strong> l\u00e0 l\u1ef1a ch\u1ecdn ho\u00e0n h\u1ea3o cho nh\u1eefng ai \u0111ang t\u00ecm ki\u1ebfm:<\/p>\n<ul data-start=\"4594\" data-end=\"4693\">\n<li data-section-id=\"1iv5pio\" data-start=\"4594\" data-end=\"4624\">M\u1ed9t b\u1ed9 thi\u1ebft b\u1ecb b\u1ebfp \u0111\u1ea7y \u0111\u1ee7<\/li>\n<li data-section-id=\"lald93\" data-start=\"4625\" data-end=\"4645\">Gi\u00e1 th\u00e0nh h\u1ee3p l\u00fd<\/li>\n<li data-section-id=\"16ytp4j\" data-start=\"4646\" data-end=\"4667\">Thi\u1ebft k\u1ebf hi\u1ec7n \u0111\u1ea1i<\/li>\n<li data-section-id=\"mu8irs\" data-start=\"4668\" data-end=\"4693\">D\u1ec5 l\u1eafp \u0111\u1eb7t v\u00e0 s\u1eed d\u1ee5ng<\/li>\n<\/ul>\n<p data-start=\"4695\" data-end=\"4819\">\u0110\u00e2y kh\u00f4ng ch\u1ec9 l\u00e0 m\u1ed9t b\u1ed9 s\u1ea3n ph\u1ea9m, m\u00e0 c\u00f2n l\u00e0 gi\u1ea3i ph\u00e1p gi\u00fap b\u1ea1n ho\u00e0n thi\u1ec7n kh\u00f4ng gian b\u1ebfp nhanh ch\u00f3ng, ti\u1ebft ki\u1ec7m v\u00e0 hi\u1ec7u qu\u1ea3.<\/p>\n<p data-start=\"5287\" data-end=\"5402\"><strong data-start=\"5287\" data-end=\"5338\">Ehrlich Vi\u1ec7t Nam \u2013 Thi\u1ebft B\u1ecb Nh\u00e0 B\u1ebfp &amp; Ph\u00f2ng T\u1eafm<\/strong><br data-start=\"5338\" data-end=\"5341\" \/>\ud83d\udccd\u00a0\u0110\u1ecba ch\u1ec9:\u00a0<strong data-start=\"5353\" data-end=\"5402\">S\u1ed1 6 Li\u1ec1n K\u1ec1 22, K\u0110T V\u0103n Kh\u00ea, H\u00e0 \u0110\u00f4ng, H\u00e0 N\u1ed9i<\/strong><\/p>\n<p data-start=\"5404\" data-end=\"5528\">\ud83c\udf10\u00a0Website:\u00a0<a class=\"decorated-link\" href=\"https:\/\/ehrlichvietnam.vn\/\" target=\"_new\" rel=\"noopener\" data-start=\"5416\" data-end=\"5442\">https:\/\/ehrlichvietnam.vn\/<\/a><br data-start=\"5442\" data-end=\"5445\" \/>\ud83d\udcde\u00a0Hotline:\u00a0<strong data-start=\"5457\" data-end=\"5474\">0932 27 05 20<\/strong><br data-start=\"5474\" data-end=\"5477\" \/>\ud83d\udcac\u00a0Zalo OA:\u00a0<a class=\"decorated-link\" href=\"https:\/\/zalo.me\/s\/2888141157129558325\" target=\"_new\" rel=\"noopener\" data-start=\"5489\" data-end=\"5526\">https:\/\/zalo.me\/s\/2888141157129558325<\/a><\/p>\n<p data-start=\"5530\" data-end=\"5641\">\ud83c\udfa5\u00a0TikTok:\u00a0<a class=\"decorated-link\" href=\"https:\/\/www.tiktok.com\/@ehrlich.chia.s?_r=1\" target=\"_new\" rel=\"noopener\" data-start=\"5541\" data-end=\"5585\">https:\/\/www.tiktok.com\/@ehrlichthietbivesinh<\/a><br data-start=\"5585\" data-end=\"5588\" \/>\u25b6\ufe0f\u00a0YouTube:\u00a0<a class=\"decorated-link\" href=\"https:\/\/www.youtube.com\/@EhrlichVietNam\" target=\"_new\" rel=\"noopener\" data-start=\"5600\" data-end=\"5639\">https:\/\/www.youtube.com\/@EhrlichVietNam<\/a><\/p>\n<p data-start=\"5643\" data-end=\"5688\">\ud83d\ude9a\u00a0Giao h\u00e0ng to\u00e0n qu\u1ed1c \u2013 t\u01b0 v\u1ea5n nhanh ch\u00f3ng<\/p>\n<p data-start=\"5690\" data-end=\"5736\">\ud83d\udc49\u00a0<strong data-start=\"5693\" data-end=\"5736\">Inbox ngay \u0111\u1ec3 nh\u1eadn \u01b0u \u0111\u00e3i th\u00eam h\u00f4m nay!<\/strong><\/p>\n","protected":false},"excerpt":{"rendered":"<p data-start=\"83\" data-end=\"415\"><strong data-start=\"83\" data-end=\"104\">Combo b\u1ebfp Ehrlich<\/strong> l\u00e0 gi\u1ea3i ph\u00e1p thi\u1ebft b\u1ecb b\u1ebfp tr\u1ecdn g\u00f3i, \u0111\u01b0\u1ee3c thi\u1ebft k\u1ebf \u0111\u1ed3ng b\u1ed9 t\u1eeb n\u1ea5u n\u01b0\u1edbng \u0111\u1ebfn r\u1eeda d\u1ecdn, gi\u00fap ho\u00e0n thi\u1ec7n kh\u00f4ng gian b\u1ebfp m\u1ed9t c\u00e1ch nhanh ch\u00f3ng v\u00e0 t\u1ed1i \u01b0u. S\u1ef1 k\u1ebft h\u1ee3p gi\u1eefa b\u1ebfp t\u1eeb, h\u00fat m\u00f9i, ch\u1eadu v\u00f2i v\u00e0 b\u1ed9 n\u1ed3i cao c\u1ea5p mang l\u1ea1i tr\u1ea3i nghi\u1ec7m s\u1eed d\u1ee5ng ti\u1ec7n nghi, hi\u1ec7n \u0111\u1ea1i v\u00e0 \u1ed5n \u0111\u1ecbnh trong su\u1ed1t qu\u00e1 tr\u00ecnh n\u1ea5u n\u01b0\u1edbng h\u00e0ng ng\u00e0y.<\/p>\n<p data-start=\"417\" data-end=\"723\">Kh\u00f4ng ch\u1ec9 \u0111\u1ea3m b\u1ea3o v\u1ec1 c\u00f4ng n\u0103ng, c\u00e1c s\u1ea3n ph\u1ea9m trong combo c\u00f2n c\u00f3 thi\u1ebft k\u1ebf h\u00e0i h\u00f2a, t\u00f4ng m\u00e0u hi\u1ec7n \u0111\u1ea1i, d\u1ec5 d\u00e0ng ph\u1ed1i h\u1ee3p v\u1edbi nhi\u1ec1u phong c\u00e1ch n\u1ed9i th\u1ea5t b\u1ebfp. Vi\u1ec7c l\u1ef1a ch\u1ecdn combo gi\u00fap ti\u1ebft ki\u1ec7m \u0111\u00e1ng k\u1ec3 th\u1eddi gian t\u00ecm ki\u1ebfm, chi ph\u00ed mua s\u1eafm v\u00e0 h\u1ea1n ch\u1ebf t\u1ed1i \u0111a c\u00e1c ph\u00e1t sinh kh\u00f4ng c\u1ea7n thi\u1ebft trong qu\u00e1 tr\u00ecnh l\u1eafp \u0111\u1eb7t.<\/p>\n<p data-start=\"725\" data-end=\"870\">\u0110\u00e2y l\u00e0 l\u1ef1a ch\u1ecdn ph\u00f9 h\u1ee3p cho nh\u1eefng gia \u0111\u00ecnh \u0111ang ho\u00e0n thi\u1ec7n b\u1ebfp m\u1edbi ho\u1eb7c mu\u1ed1n n\u00e2ng c\u1ea5p kh\u00f4ng gian b\u1ebfp theo h\u01b0\u1edbng \u0111\u1ed3ng b\u1ed9, ti\u1ec7n nghi v\u00e0 t\u1ed1i \u01b0u h\u01a1n.<\/p>\n","protected":false},"featured_media":4537,"comment_status":"open","ping_status":"closed","template":"","meta":{"_acf_changed":false},"product_brand":[],"product_cat":[52,77,56],"product_tag":[],"class_list":{"0":"post-4536","1":"product","2":"type-product","3":"status-publish","4":"has-post-thumbnail","6":"product_cat-nha-pho-can-ho","7":"product_cat-combo","8":"product_cat-combo-phong-bep","10":"first","11":"instock","12":"sale","13":"shipping-taxable","14":"purchasable","15":"product-type-simple"},"acf":[],"_links":{"self":[{"href":"https:\/\/ehrlichvietnam.vn\/en\/wp-json\/wp\/v2\/product\/4536","targetHints":{"allow":["GET"]}}],"collection":[{"href":"https:\/\/ehrlichvietnam.vn\/en\/wp-json\/wp\/v2\/product"}],"about":[{"href":"https:\/\/ehrlichvietnam.vn\/en\/wp-json\/wp\/v2\/types\/product"}],"replies":[{"embeddable":true,"href":"https:\/\/ehrlichvietnam.vn\/en\/wp-json\/wp\/v2\/comments?post=4536"}],"wp:featuredmedia":[{"embeddable":true,"href":"https:\/\/ehrlichvietnam.vn\/en\/wp-json\/wp\/v2\/media\/4537"}],"wp:attachment":[{"href":"https:\/\/ehrlichvietnam.vn\/en\/wp-json\/wp\/v2\/media?parent=4536"}],"wp:term":[{"taxonomy":"product_brand","embeddable":true,"href":"https:\/\/ehrlichvietnam.vn\/en\/wp-json\/wp\/v2\/product_brand?post=4536"},{"taxonomy":"product_cat","embeddable":true,"href":"https:\/\/ehrlichvietnam.vn\/en\/wp-json\/wp\/v2\/product_cat?post=4536"},{"taxonomy":"product_tag","embeddable":true,"href":"https:\/\/ehrlichvietnam.vn\/en\/wp-json\/wp\/v2\/product_tag?post=4536"}],"curies":[{"name":"wp","href":"https:\/\/api.w.org\/{rel}","templated":true}]}}