{"id":4534,"date":"2026-04-02T01:37:26","date_gmt":"2026-04-02T01:37:26","guid":{"rendered":"https:\/\/ehrlichvietnam.vn\/?post_type=product&#038;p=4534"},"modified":"2026-04-02T06:48:34","modified_gmt":"2026-04-02T06:48:34","slug":"combo-k13","status":"publish","type":"product","link":"https:\/\/ehrlichvietnam.vn\/combo-k13\/","title":{"rendered":"Combo B\u1ebfp K13"},"content":{"rendered":"<h1 data-section-id=\"w4yo68\" data-start=\"147\" data-end=\"227\">Combo B\u1ebfp T\u1eeb &amp; Thi\u1ebft B\u1ecb Nh\u00e0 B\u1ebfp Ehrlich K13 \u2013 Gi\u1ea3i Ph\u00e1p Tr\u1ecdn G\u00f3i Cho Kh\u00f4ng Gian B\u1ebfp Hi\u1ec7n \u0110\u1ea1i<\/h1>\n<section class=\"text-token-text-primary w-full focus:outline-none [--shadow-height:45px] has-data-writing-block:pointer-events-none has-data-writing-block:-mt-(--shadow-height) has-data-writing-block:pt-(--shadow-height) [&amp;:has([data-writing-block])&gt;*]:pointer-events-auto scroll-mt-[calc(var(--header-height)+min(200px,max(70px,20svh)))]\" dir=\"auto\" data-turn-id=\"request-WEB:df3a3eb9-7e4a-41c0-943f-a9a12bbacaf6-0\" data-testid=\"conversation-turn-2\" data-scroll-anchor=\"true\" data-turn=\"assistant\">\n<div class=\"text-base my-auto mx-auto pb-10 [--thread-content-margin:var(--thread-content-margin-xs,calc(var(--spacing)*4))] @w-sm\/main:[--thread-content-margin:var(--thread-content-margin-sm,calc(var(--spacing)*6))] @w-lg\/main:[--thread-content-margin:var(--thread-content-margin-lg,calc(var(--spacing)*16))] px-(--thread-content-margin)\">\n<div class=\"[--thread-content-max-width:40rem] @w-lg\/main:[--thread-content-max-width:48rem] mx-auto max-w-(--thread-content-max-width) flex-1 group\/turn-messages focus-visible:outline-hidden relative flex w-full min-w-0 flex-col agent-turn\">\n<div class=\"flex max-w-full flex-col gap-4 grow\">\n<div class=\"min-h-8 text-message relative flex w-full flex-col items-end gap-2 text-start break-words whitespace-normal outline-none keyboard-focused:focus-ring [.text-message+&amp;]:mt-1\" dir=\"auto\" tabindex=\"0\" data-message-author-role=\"assistant\" data-message-id=\"195e5a0c-208c-4ffd-82dc-8cbeb28778de\" data-message-model-slug=\"gpt-5-3\" data-turn-start-message=\"true\">\n<div class=\"flex w-full flex-col gap-1 empty:hidden\">\n<div class=\"markdown prose dark:prose-invert w-full wrap-break-word light markdown-new-styling\">\n<p data-start=\"97\" data-end=\"543\">N\u1ebfu b\u1ea1n \u0111ang t\u00ecm ki\u1ebfm m\u1ed9t b\u1ed9 thi\u1ebft b\u1ecb nh\u00e0 b\u1ebfp \u0111\u1ed3ng b\u1ed9, hi\u1ec7n \u0111\u1ea1i, t\u1ed1i \u01b0u chi ph\u00ed nh\u01b0ng v\u1eabn \u0111\u1ea3m b\u1ea3o ch\u1ea5t l\u01b0\u1ee3ng cao c\u1ea5p, th\u00ec <strong data-start=\"219\" data-end=\"240\">Combo K13 Ehrlich<\/strong> ch\u00ednh l\u00e0 l\u1ef1a ch\u1ecdn \u0111\u00e1ng c\u00e2n nh\u1eafc. \u0110\u00e2y l\u00e0 b\u1ed9 combo t\u00edch h\u1ee3p \u0111\u1ea7y \u0111\u1ee7 c\u00e1c thi\u1ebft b\u1ecb c\u1ea7n thi\u1ebft cho m\u1ed9t c\u0103n b\u1ebfp ho\u00e0n ch\u1ec9nh: t\u1eeb b\u1ebfp n\u1ea5u, h\u00fat m\u00f9i \u0111\u1ebfn ch\u1eadu r\u1eeda, v\u00f2i r\u1eeda v\u00e0 b\u1ed9 n\u1ed3i cao c\u1ea5p. T\u1ea5t c\u1ea3 \u0111\u1ec1u \u0111\u01b0\u1ee3c thi\u1ebft k\u1ebf \u0111\u1ed3ng b\u1ed9, mang phong c\u00e1ch ch\u00e2u \u00c2u hi\u1ec7n \u0111\u1ea1i, ph\u00f9 h\u1ee3p v\u1edbi nhi\u1ec1u kh\u00f4ng gian b\u1ebfp t\u1eeb chung c\u01b0 \u0111\u1ebfn nh\u00e0 ph\u1ed1.<\/p>\n<hr data-start=\"545\" data-end=\"548\" \/>\n<h2 data-section-id=\"m7x8od\" data-start=\"550\" data-end=\"583\">1. T\u1ed5ng Quan Combo K13 Ehrlich<\/h2>\n<p data-start=\"585\" data-end=\"671\">Combo K13 l\u00e0 s\u1ef1 k\u1ebft h\u1ee3p ho\u00e0n h\u1ea3o gi\u1eefa c\u00f4ng ngh\u1ec7 hi\u1ec7n \u0111\u1ea1i v\u00e0 thi\u1ebft k\u1ebf tinh t\u1ebf, bao g\u1ed3m:<\/p>\n<ul data-start=\"673\" data-end=\"824\">\n<li data-section-id=\"74iyxt\" data-start=\"673\" data-end=\"713\">B\u1ebfp t\u1eeb GX IH658SE (Made in Malaysia)<\/li>\n<li data-section-id=\"1b5iu9l\" data-start=\"714\" data-end=\"741\">M\u00e1y h\u00fat m\u00f9i GX H70T78SG<\/li>\n<li data-section-id=\"3c0z14\" data-start=\"742\" data-end=\"767\">Ch\u1eadu r\u1eeda b\u00e1t GX8648DS<\/li>\n<li data-section-id=\"12ek4oi\" data-start=\"768\" data-end=\"792\">V\u00f2i r\u1eeda b\u00e1t EHR-8150<\/li>\n<li data-section-id=\"1i9fism\" data-start=\"793\" data-end=\"824\">B\u1ed9 n\u1ed3i inox 304 GX605 Noble<\/li>\n<\/ul>\n<p data-start=\"826\" data-end=\"963\">V\u1edbi m\u1ee9c gi\u00e1 \u01b0u \u0111\u00e3i ch\u1ec9 <strong data-start=\"849\" data-end=\"864\">26.454.000\u0111<\/strong> (gi\u1ea3m m\u1ea1nh t\u1eeb 40.580.000\u0111), combo n\u00e0y mang l\u1ea1i gi\u00e1 tr\u1ecb v\u01b0\u1ee3t tr\u1ed9i so v\u1edbi vi\u1ec7c mua l\u1ebb t\u1eebng s\u1ea3n ph\u1ea9m.<\/p>\n<hr data-start=\"965\" data-end=\"968\" \/>\n<h2 data-section-id=\"mof1lp\" data-start=\"970\" data-end=\"1005\">2. \u01afu \u0110i\u1ec3m N\u1ed5i B\u1eadt C\u1ee7a Combo K13<\/h2>\n<h3 data-section-id=\"aixxjw\" data-start=\"1007\" data-end=\"1056\">\u2714\ufe0f \u0110\u1ed3ng B\u1ed9 Thi\u1ebft K\u1ebf \u2013 N\u00e2ng T\u1ea7m Kh\u00f4ng Gian B\u1ebfp<\/h3>\n<p data-start=\"1057\" data-end=\"1291\">T\u1ea5t c\u1ea3 c\u00e1c thi\u1ebft b\u1ecb trong combo \u0111\u1ec1u \u0111\u01b0\u1ee3c thi\u1ebft k\u1ebf theo phong c\u00e1ch t\u1ed1i gi\u1ea3n, hi\u1ec7n \u0111\u1ea1i, t\u00f4ng m\u00e0u trung t\u00ednh sang tr\u1ecdng. Khi l\u1eafp \u0111\u1eb7t c\u00f9ng nhau, ch\u00fang t\u1ea1o n\u00ean m\u1ed9t t\u1ed5ng th\u1ec3 h\u00e0i h\u00f2a, gi\u00fap kh\u00f4ng gian b\u1ebfp tr\u1edf n\u00ean chuy\u00ean nghi\u1ec7p v\u00e0 cao c\u1ea5p h\u01a1n.<\/p>\n<h3 data-section-id=\"16hmnkx\" data-start=\"1293\" data-end=\"1334\">\u2714\ufe0f T\u1ed1i \u01afu Chi Ph\u00ed \u2013 Ti\u1ebft Ki\u1ec7m \u0110\u00e1ng K\u1ec3<\/h3>\n<p data-start=\"1335\" data-end=\"1440\">Vi\u1ec7c mua combo gi\u00fap b\u1ea1n ti\u1ebft ki\u1ec7m h\u00e0ng ch\u1ee5c tri\u1ec7u \u0111\u1ed3ng so v\u1edbi mua l\u1ebb. \u0110\u00e2y l\u00e0 l\u1ef1a ch\u1ecdn c\u1ef1c k\u1ef3 ph\u00f9 h\u1ee3p cho:<\/p>\n<ul data-start=\"1441\" data-end=\"1526\">\n<li data-section-id=\"1mk2tkv\" data-start=\"1441\" data-end=\"1470\">Gia \u0111\u00ecnh \u0111ang x\u00e2y nh\u00e0 m\u1edbi<\/li>\n<li data-section-id=\"1d5ftr0\" data-start=\"1471\" data-end=\"1492\">Ch\u1ee7 \u0111\u1ea7u t\u01b0 c\u0103n h\u1ed9<\/li>\n<li data-section-id=\"1cooch2\" data-start=\"1493\" data-end=\"1526\">Th\u1ea7u th\u1ee3 c\u1ea7n t\u1ed1i \u01b0u ng\u00e2n s\u00e1ch<\/li>\n<\/ul>\n<h3 data-section-id=\"oruwrn\" data-start=\"1528\" data-end=\"1571\">\u2714\ufe0f Xu\u1ea5t X\u1ee9 R\u00f5 R\u00e0ng \u2013 Ch\u1ea5t L\u01b0\u1ee3ng \u0110\u1ea3m B\u1ea3o<\/h3>\n<p data-start=\"1572\" data-end=\"1795\">\u0110\u1eb7c bi\u1ec7t, b\u1ebfp t\u1eeb \u0111\u01b0\u1ee3c s\u1ea3n xu\u1ea5t t\u1ea1i Malaysia \u2013 m\u1ed9t trong nh\u1eefng qu\u1ed1c gia n\u1ed5i ti\u1ebfng v\u1ec1 ti\u00eau chu\u1ea9n s\u1ea3n xu\u1ea5t thi\u1ebft b\u1ecb \u0111i\u1ec7n gia d\u1ee5ng ch\u1ea5t l\u01b0\u1ee3ng cao. C\u00e1c s\u1ea3n ph\u1ea9m c\u00f2n l\u1ea1i \u0111\u1ec1u \u0111\u1ea1t ti\u00eau chu\u1ea9n v\u1eadt li\u1ec7u b\u1ec1n b\u1ec9, an to\u00e0n cho ng\u01b0\u1eddi d\u00f9ng.<\/p>\n<hr data-start=\"1797\" data-end=\"1800\" \/>\n<h2 data-section-id=\"oswrtg\" data-start=\"1802\" data-end=\"1842\">3. Chi Ti\u1ebft T\u1eebng S\u1ea3n Ph\u1ea9m Trong Combo<\/h2>\n<h3 data-section-id=\"1cipllz\" data-start=\"1844\" data-end=\"1905\">\ud83d\udd25 B\u1ebfp T\u1eeb GX IH658SE \u2013 N\u1ea5u Nhanh, An To\u00e0n, Ti\u1ebft Ki\u1ec7m \u0110i\u1ec7n<\/h3>\n<p data-start=\"1907\" data-end=\"1989\">B\u1ebfp t\u1eeb l\u00e0 \u201ctr\u00e1i tim\u201d c\u1ee7a c\u0103n b\u1ebfp, v\u00e0 GX IH658SE ho\u00e0n to\u00e0n \u0111\u00e1p \u1ee9ng t\u1ed1t vai tr\u00f2 n\u00e0y:<\/p>\n<ul data-start=\"1991\" data-end=\"2238\">\n<li data-section-id=\"1htriey\" data-start=\"1991\" data-end=\"2028\">C\u00f4ng ngh\u1ec7 Inverter ti\u1ebft ki\u1ec7m \u0111i\u1ec7n<\/li>\n<li data-section-id=\"1j4hgyg\" data-start=\"2029\" data-end=\"2072\">Gia nhi\u1ec7t nhanh, n\u1ea5u \u0103n c\u1ef1c k\u1ef3 hi\u1ec7u qu\u1ea3<\/li>\n<li data-section-id=\"rw0qxu\" data-start=\"2073\" data-end=\"2118\">M\u1eb7t k\u00ednh cao c\u1ea5p ch\u1ecbu l\u1ef1c, ch\u1ecbu nhi\u1ec7t t\u1ed1t<\/li>\n<li data-section-id=\"1ioqpt2\" data-start=\"2119\" data-end=\"2167\">B\u1ea3ng \u0111i\u1ec1u khi\u1ec3n c\u1ea3m \u1ee9ng nh\u1ea1y b\u00e9n, d\u1ec5 s\u1eed d\u1ee5ng<\/li>\n<li data-section-id=\"ta5uh5\" data-start=\"2168\" data-end=\"2238\">T\u00edch h\u1ee3p nhi\u1ec1u t\u00ednh n\u0103ng an to\u00e0n: kh\u00f3a tr\u1ebb em, ch\u1ed1ng tr\u00e0n, t\u1ef1 ng\u1eaft<\/li>\n<\/ul>\n<p data-start=\"2240\" data-end=\"2335\">\ud83d\udc49 \u0110\u00e2y l\u00e0 l\u1ef1a ch\u1ecdn l\u00fd t\u01b0\u1edfng cho nh\u1eefng gia \u0111\u00ecnh y\u00eau th\u00edch s\u1ef1 ti\u1ec7n nghi v\u00e0 an to\u00e0n khi n\u1ea5u n\u01b0\u1edbng.<\/p>\n<hr data-start=\"2337\" data-end=\"2340\" \/>\n<h3 data-section-id=\"18lnhyq\" data-start=\"2342\" data-end=\"2396\">\ud83c\udf2a\ufe0f M\u00e1y H\u00fat M\u00f9i GX H70T78SG \u2013 Lo\u1ea1i B\u1ecf M\u00f9i Hi\u1ec7u Qu\u1ea3<\/h3>\n<p data-start=\"2398\" data-end=\"2476\">M\u1ed9t c\u0103n b\u1ebfp s\u1ea1ch kh\u00f4ng ch\u1ec9 l\u00e0 s\u1ea1ch v\u1ec1 h\u00ecnh th\u1ee9c m\u00e0 c\u00f2n ph\u1ea3i s\u1ea1ch v\u1ec1 kh\u00f4ng kh\u00ed:<\/p>\n<ul data-start=\"2478\" data-end=\"2596\">\n<li data-section-id=\"1kmj0il\" data-start=\"2478\" data-end=\"2503\">C\u00f4ng su\u1ea5t h\u00fat m\u1ea1nh m\u1ebd<\/li>\n<li data-section-id=\"16hfgyq\" data-start=\"2504\" data-end=\"2533\">L\u01b0\u1edbi l\u1ecdc d\u1ea7u m\u1ee1 nhi\u1ec1u l\u1edbp<\/li>\n<li data-section-id=\"jmtprm\" data-start=\"2534\" data-end=\"2565\">\u0110\u00e8n LED chi\u1ebfu s\u00e1ng ti\u1ec7n l\u1ee3i<\/li>\n<li data-section-id=\"n4gnsd\" data-start=\"2566\" data-end=\"2596\">\u0110\u1ed9 \u1ed3n th\u1ea5p, v\u1eadn h\u00e0nh \u00eam \u00e1i<\/li>\n<\/ul>\n<p data-start=\"2598\" data-end=\"2689\">M\u00e1y gi\u00fap lo\u1ea1i b\u1ecf ho\u00e0n to\u00e0n m\u00f9i th\u1ee9c \u0103n, kh\u00f3i d\u1ea7u, gi\u1eef cho kh\u00f4ng gian b\u1ebfp lu\u00f4n th\u00f4ng tho\u00e1ng.<\/p>\n<hr data-start=\"2691\" data-end=\"2694\" \/>\n<h3 data-section-id=\"c0b9qa\" data-start=\"2696\" data-end=\"2746\">\ud83d\udeb0 Ch\u1eadu R\u1eeda B\u00e1t GX8648DS \u2013 R\u1ed9ng R\u00e3i, Ti\u1ec7n Nghi<\/h3>\n<p data-start=\"2748\" data-end=\"2841\">Ch\u1eadu r\u1eeda l\u00e0 n\u01a1i s\u1eed d\u1ee5ng nhi\u1ec1u nh\u1ea5t trong b\u1ebfp, v\u00ec v\u1eady \u0111\u1ed9 b\u1ec1n v\u00e0 ti\u1ec7n \u00edch l\u00e0 y\u1ebfu t\u1ed1 quan tr\u1ecdng:<\/p>\n<ul data-start=\"2843\" data-end=\"2984\">\n<li data-section-id=\"50518z\" data-start=\"2843\" data-end=\"2869\">Thi\u1ebft k\u1ebf 2 h\u1ed1 r\u1ed9ng r\u00e3i<\/li>\n<li data-section-id=\"1x88fel\" data-start=\"2870\" data-end=\"2909\">Ch\u1ea5t li\u1ec7u inox cao c\u1ea5p ch\u1ed1ng g\u1ec9 s\u00e9t<\/li>\n<li data-section-id=\"h6zpx9\" data-start=\"2910\" data-end=\"2946\">B\u1ec1 m\u1eb7t ch\u1ed1ng b\u00e1m b\u1ea9n, d\u1ec5 v\u1ec7 sinh<\/li>\n<li data-section-id=\"1fgykvn\" data-start=\"2947\" data-end=\"2984\">T\u00edch h\u1ee3p ph\u1ee5 ki\u1ec7n \u0111i k\u00e8m ti\u1ec7n l\u1ee3i<\/li>\n<\/ul>\n<hr data-start=\"2986\" data-end=\"2989\" \/>\n<h3 data-section-id=\"1kc32pw\" data-start=\"2991\" data-end=\"3039\">\ud83d\udca7 V\u00f2i R\u1eeda B\u00e1t EHR-8150 \u2013 Linh Ho\u1ea1t &amp; B\u1ec1n B\u1ec9<\/h3>\n<ul data-start=\"3041\" data-end=\"3167\">\n<li data-section-id=\"1vt63c6\" data-start=\"3041\" data-end=\"3074\">Thi\u1ebft k\u1ebf hi\u1ec7n \u0111\u1ea1i, sang tr\u1ecdng<\/li>\n<li data-section-id=\"9lb3cd\" data-start=\"3075\" data-end=\"3105\">Xoay linh ho\u1ea1t, d\u1ec5 s\u1eed d\u1ee5ng<\/li>\n<li data-section-id=\"17nce7e\" data-start=\"3106\" data-end=\"3132\">Ch\u1ea5t li\u1ec7u ch\u1ed1ng \u0103n m\u00f2n<\/li>\n<li data-section-id=\"omqr8v\" data-start=\"3133\" data-end=\"3167\">D\u00f2ng n\u01b0\u1edbc m\u1ea1nh, ti\u1ebft ki\u1ec7m n\u01b0\u1edbc<\/li>\n<\/ul>\n<hr data-start=\"3169\" data-end=\"3172\" \/>\n<h3 data-section-id=\"11ur0ij\" data-start=\"3174\" data-end=\"3231\">\ud83c\udf72 B\u1ed9 N\u1ed3i Inox 304 GX605 Noble \u2013 An To\u00e0n Cho S\u1ee9c Kh\u1ecfe<\/h3>\n<p data-start=\"3233\" data-end=\"3279\">M\u1ed9t \u0111i\u1ec3m c\u1ed9ng l\u1edbn c\u1ee7a combo l\u00e0 b\u1ed9 n\u1ed3i cao c\u1ea5p:<\/p>\n<ul data-start=\"3281\" data-end=\"3426\">\n<li data-section-id=\"jo5v5m\" data-start=\"3281\" data-end=\"3321\">Ch\u1ea5t li\u1ec7u inox 304 an to\u00e0n tuy\u1ec7t \u0111\u1ed1i<\/li>\n<li data-section-id=\"lu6eg1\" data-start=\"3322\" data-end=\"3355\">Kh\u00f4ng th\u00f4i nhi\u1ec5m ch\u1ea5t \u0111\u1ed9c h\u1ea1i<\/li>\n<li data-section-id=\"14coenu\" data-start=\"3356\" data-end=\"3387\">D\u1eabn nhi\u1ec7t t\u1ed1t, n\u1ea5u \u0103n nhanh<\/li>\n<li data-section-id=\"19agsxu\" data-start=\"3388\" data-end=\"3426\">D\u1ec5 v\u1ec7 sinh, b\u1ec1n \u0111\u1eb9p theo th\u1eddi gian<\/li>\n<\/ul>\n<hr data-start=\"3428\" data-end=\"3431\" \/>\n<h2 data-section-id=\"fds1tc\" data-start=\"3433\" data-end=\"3480\">4. V\u00ec Sao N\u00ean Ch\u1ecdn Combo K13 Thay V\u00ec Mua L\u1ebb?<\/h2>\n<h3 data-section-id=\"1ana5ne\" data-start=\"3482\" data-end=\"3511\">\ud83d\udc49 1. Ti\u1ebft Ki\u1ec7m Th\u1eddi Gian<\/h3>\n<p data-start=\"3512\" data-end=\"3577\">Kh\u00f4ng c\u1ea7n ph\u1ea3i ch\u1ecdn t\u1eebng thi\u1ebft b\u1ecb ri\u00eang l\u1ebb \u2013 combo \u0111\u00e3 t\u1ed1i \u01b0u s\u1eb5n.<\/p>\n<h3 data-section-id=\"cqvxkf\" data-start=\"3579\" data-end=\"3604\">\ud83d\udc49 2. \u0110\u1ea3m B\u1ea3o \u0110\u1ed3ng B\u1ed9<\/h3>\n<p data-start=\"3605\" data-end=\"3672\">Tr\u00e1nh t\u00ecnh tr\u1ea1ng l\u1ec7ch t\u00f4ng, kh\u00f4ng ph\u00f9 h\u1ee3p k\u00edch th\u01b0\u1edbc ho\u1eb7c thi\u1ebft k\u1ebf.<\/p>\n<h3 data-section-id=\"1gmshsc\" data-start=\"3674\" data-end=\"3701\">\ud83d\udc49 3. Gi\u00e1 Th\u00e0nh T\u1ed1t H\u01a1n<\/h3>\n<p data-start=\"3702\" data-end=\"3758\">Chi ph\u00ed th\u1ea5p h\u01a1n \u0111\u00e1ng k\u1ec3 so v\u1edbi mua t\u1eebng s\u1ea3n ph\u1ea9m ri\u00eang.<\/p>\n<h3 data-section-id=\"1gu73j\" data-start=\"3760\" data-end=\"3793\">\ud83d\udc49 4. Ph\u00f9 H\u1ee3p Nhi\u1ec1u \u0110\u1ed1i T\u01b0\u1ee3ng<\/h3>\n<ul data-start=\"3794\" data-end=\"3854\">\n<li data-section-id=\"w0jaip\" data-start=\"3794\" data-end=\"3810\">Gia \u0111\u00ecnh tr\u1ebb<\/li>\n<li data-section-id=\"1d5ftr0\" data-start=\"3811\" data-end=\"3832\">Ch\u1ee7 \u0111\u1ea7u t\u01b0 c\u0103n h\u1ed9<\/li>\n<li data-section-id=\"5hd7rf\" data-start=\"3833\" data-end=\"3854\">Nh\u00e0 th\u1ea7u thi c\u00f4ng<\/li>\n<\/ul>\n<hr data-start=\"3856\" data-end=\"3859\" \/>\n<h2 data-section-id=\"1494i1e\" data-start=\"3861\" data-end=\"3897\">5. \u1ee8ng D\u1ee5ng Th\u1ef1c T\u1ebf C\u1ee7a Combo K13<\/h2>\n<p data-start=\"3899\" data-end=\"3921\">Combo K13 ph\u00f9 h\u1ee3p v\u1edbi:<\/p>\n<ul data-start=\"3923\" data-end=\"4047\">\n<li data-section-id=\"1i7k8pu\" data-start=\"3923\" data-end=\"3951\">C\u0103n h\u1ed9 chung c\u01b0 hi\u1ec7n \u0111\u1ea1i<\/li>\n<li data-section-id=\"1ggez02\" data-start=\"3952\" data-end=\"3984\">Nh\u00e0 ph\u1ed1 di\u1ec7n t\u00edch v\u1eeba v\u00e0 nh\u1ecf<\/li>\n<li data-section-id=\"1702x9b\" data-start=\"3985\" data-end=\"4021\">B\u1ebfp c\u1ea3i t\u1ea1o c\u1ea7n n\u00e2ng c\u1ea5p \u0111\u1ed3ng b\u1ed9<\/li>\n<li data-section-id=\"1plnyru\" data-start=\"4022\" data-end=\"4047\">D\u1ef1 \u00e1n c\u0103n h\u1ed9 cho thu\u00ea<\/li>\n<\/ul>\n<p data-start=\"4049\" data-end=\"4136\">V\u1edbi thi\u1ebft k\u1ebf linh ho\u1ea1t, s\u1ea3n ph\u1ea9m d\u1ec5 d\u00e0ng l\u1eafp \u0111\u1eb7t v\u00e0 ph\u00f9 h\u1ee3p nhi\u1ec1u kh\u00f4ng gian kh\u00e1c nhau.<\/p>\n<hr data-start=\"4138\" data-end=\"4141\" \/>\n<h2 data-section-id=\"1nf2jy9\" data-start=\"4143\" data-end=\"4177\">6. H\u01b0\u1edbng D\u1eabn S\u1eed D\u1ee5ng &amp; B\u1ea3o Qu\u1ea3n<\/h2>\n<p data-start=\"4179\" data-end=\"4225\">\u0110\u1ec3 \u0111\u1ea3m b\u1ea3o \u0111\u1ed9 b\u1ec1n v\u00e0 hi\u1ec7u qu\u1ea3 s\u1eed d\u1ee5ng l\u00e2u d\u00e0i:<\/p>\n<ul data-start=\"4227\" data-end=\"4400\">\n<li data-section-id=\"jo9f0l\" data-start=\"4227\" data-end=\"4279\">V\u1ec7 sinh b\u1ebfp t\u1eeb b\u1eb1ng kh\u0103n m\u1ec1m sau m\u1ed7i l\u1ea7n s\u1eed d\u1ee5ng<\/li>\n<li data-section-id=\"prq50j\" data-start=\"4280\" data-end=\"4317\">L\u00e0m s\u1ea1ch l\u01b0\u1edbi l\u1ecdc h\u00fat m\u00f9i \u0111\u1ecbnh k\u1ef3<\/li>\n<li data-section-id=\"i50fdo\" data-start=\"4318\" data-end=\"4359\">Kh\u00f4ng d\u00f9ng ch\u1ea5t t\u1ea9y r\u1eeda m\u1ea1nh cho inox<\/li>\n<li data-section-id=\"lzz253\" data-start=\"4360\" data-end=\"4400\">Ki\u1ec3m tra h\u1ec7 th\u1ed1ng \u0111i\u1ec7n, n\u01b0\u1edbc \u0111\u1ecbnh k\u1ef3<\/li>\n<\/ul>\n<hr data-start=\"4402\" data-end=\"4405\" \/>\n<h2 data-section-id=\"139vso1\" data-start=\"4407\" data-end=\"4433\">7. Ch\u00ednh S\u00e1ch &amp; Gi\u00e1 B\u00e1n<\/h2>\n<ul data-start=\"4435\" data-end=\"4553\">\n<li data-section-id=\"1cd74hj\" data-start=\"4435\" data-end=\"4468\">Gi\u00e1 ni\u00eam y\u1ebft: <strong data-start=\"4451\" data-end=\"4466\">40.580.000\u0111<\/strong><\/li>\n<li data-section-id=\"hw9tyr\" data-start=\"4469\" data-end=\"4500\">Gi\u00e1 \u01b0u \u0111\u00e3i: <strong data-start=\"4483\" data-end=\"4498\">26.454.000\u0111<\/strong><\/li>\n<li data-section-id=\"k5rami\" data-start=\"4501\" data-end=\"4524\">B\u1ea3o h\u00e0nh ch\u00ednh h\u00e3ng<\/li>\n<\/ul>\n<hr data-start=\"4555\" data-end=\"4558\" \/>\n<h2 data-section-id=\"bvs50p\" data-start=\"4560\" data-end=\"4574\">8. K\u1ebft Lu\u1eadn<\/h2>\n<p data-start=\"4576\" data-end=\"4743\"><strong data-start=\"4576\" data-end=\"4597\">Combo K13 Ehrlich<\/strong> kh\u00f4ng ch\u1ec9 l\u00e0 m\u1ed9t b\u1ed9 thi\u1ebft b\u1ecb nh\u00e0 b\u1ebfp, m\u00e0 c\u00f2n l\u00e0 gi\u1ea3i ph\u00e1p t\u1ed1i \u01b0u gi\u00fap b\u1ea1n ho\u00e0n thi\u1ec7n kh\u00f4ng gian s\u1ed1ng m\u1ed9t c\u00e1ch nhanh ch\u00f3ng, ti\u1ebft ki\u1ec7m v\u00e0 \u0111\u1eb3ng c\u1ea5p.<\/p>\n<p data-start=\"4745\" data-end=\"4777\">N\u1ebfu b\u1ea1n \u0111ang t\u00ecm ki\u1ebfm m\u1ed9t combo:<\/p>\n<ul data-start=\"4778\" data-end=\"4854\">\n<li data-section-id=\"lko56v\" data-start=\"4778\" data-end=\"4797\">\u0110\u1ea7y \u0111\u1ee7 thi\u1ebft b\u1ecb<\/li>\n<li data-section-id=\"tjftjq\" data-start=\"4798\" data-end=\"4809\">Gi\u00e1 t\u1ed1t<\/li>\n<li data-section-id=\"1k7sxc3\" data-start=\"4810\" data-end=\"4832\">Ch\u1ea5t l\u01b0\u1ee3ng \u1ed5n \u0111\u1ecbnh<\/li>\n<li data-section-id=\"16ytp4j\" data-start=\"4833\" data-end=\"4854\">Thi\u1ebft k\u1ebf hi\u1ec7n \u0111\u1ea1i<\/li>\n<\/ul>\n<p data-start=\"4856\" data-end=\"4897\">\ud83d\udc49 Th\u00ec \u0111\u00e2y ch\u00ednh l\u00e0 l\u1ef1a ch\u1ecdn \u0111\u00e1ng \u0111\u1ea7u t\u01b0.<\/p>\n<\/div>\n<\/div>\n<\/div>\n<\/div>\n<\/div>\n<\/div>\n<\/section>\n<p data-start=\"5287\" data-end=\"5402\"><strong data-start=\"5287\" data-end=\"5338\">Ehrlich Vi\u1ec7t Nam \u2013 Thi\u1ebft B\u1ecb Nh\u00e0 B\u1ebfp &amp; Ph\u00f2ng T\u1eafm<\/strong><br data-start=\"5338\" data-end=\"5341\" \/>\ud83d\udccd\u00a0\u0110\u1ecba ch\u1ec9:\u00a0<strong data-start=\"5353\" data-end=\"5402\">S\u1ed1 6 Li\u1ec1n K\u1ec1 22, K\u0110T V\u0103n Kh\u00ea, H\u00e0 \u0110\u00f4ng, H\u00e0 N\u1ed9i<\/strong><\/p>\n<p data-start=\"5404\" data-end=\"5528\">\ud83c\udf10\u00a0Website:\u00a0<a class=\"decorated-link\" href=\"https:\/\/ehrlichvietnam.vn\/\" target=\"_new\" rel=\"noopener\" data-start=\"5416\" data-end=\"5442\">https:\/\/ehrlichvietnam.vn\/<\/a><br data-start=\"5442\" data-end=\"5445\" \/>\ud83d\udcde\u00a0Hotline:\u00a0<strong data-start=\"5457\" data-end=\"5474\">0932 27 05 20<\/strong><br data-start=\"5474\" data-end=\"5477\" \/>\ud83d\udcac\u00a0Zalo OA:\u00a0<a class=\"decorated-link\" href=\"https:\/\/zalo.me\/s\/2888141157129558325\" target=\"_new\" rel=\"noopener\" data-start=\"5489\" data-end=\"5526\">https:\/\/zalo.me\/s\/2888141157129558325<\/a><\/p>\n<p data-start=\"5530\" data-end=\"5641\">\ud83c\udfa5\u00a0TikTok:\u00a0<a class=\"decorated-link\" href=\"https:\/\/www.tiktok.com\/@ehrlich.chia.s?_r=1\" target=\"_new\" rel=\"noopener\" data-start=\"5541\" data-end=\"5585\">https:\/\/www.tiktok.com\/@ehrlichthietbivesinh<\/a><br data-start=\"5585\" data-end=\"5588\" \/>\u25b6\ufe0f\u00a0YouTube:\u00a0<a class=\"decorated-link\" href=\"https:\/\/www.youtube.com\/@EhrlichVietNam\" target=\"_new\" rel=\"noopener\" data-start=\"5600\" data-end=\"5639\">https:\/\/www.youtube.com\/@EhrlichVietNam<\/a><\/p>\n<p data-start=\"5643\" data-end=\"5688\">\ud83d\ude9a\u00a0Giao h\u00e0ng to\u00e0n qu\u1ed1c \u2013 t\u01b0 v\u1ea5n nhanh ch\u00f3ng<\/p>\n<p data-start=\"5690\" data-end=\"5736\">\ud83d\udc49\u00a0<strong data-start=\"5693\" data-end=\"5736\">Inbox ngay \u0111\u1ec3 nh\u1eadn \u01b0u \u0111\u00e3i th\u00eam h\u00f4m nay!<\/strong><\/p>\n","protected":false},"excerpt":{"rendered":"<p data-start=\"83\" data-end=\"415\"><strong data-start=\"83\" data-end=\"104\">Combo b\u1ebfp Ehrlich<\/strong> l\u00e0 gi\u1ea3i ph\u00e1p thi\u1ebft b\u1ecb b\u1ebfp tr\u1ecdn g\u00f3i, \u0111\u01b0\u1ee3c thi\u1ebft k\u1ebf \u0111\u1ed3ng b\u1ed9 t\u1eeb n\u1ea5u n\u01b0\u1edbng \u0111\u1ebfn r\u1eeda d\u1ecdn, gi\u00fap ho\u00e0n thi\u1ec7n kh\u00f4ng gian b\u1ebfp m\u1ed9t c\u00e1ch nhanh ch\u00f3ng v\u00e0 t\u1ed1i \u01b0u. S\u1ef1 k\u1ebft h\u1ee3p gi\u1eefa b\u1ebfp t\u1eeb, h\u00fat m\u00f9i, ch\u1eadu v\u00f2i v\u00e0 b\u1ed9 n\u1ed3i cao c\u1ea5p mang l\u1ea1i tr\u1ea3i nghi\u1ec7m s\u1eed d\u1ee5ng ti\u1ec7n nghi, hi\u1ec7n \u0111\u1ea1i v\u00e0 \u1ed5n \u0111\u1ecbnh trong su\u1ed1t qu\u00e1 tr\u00ecnh n\u1ea5u n\u01b0\u1edbng h\u00e0ng ng\u00e0y.<\/p>\n<p data-start=\"417\" data-end=\"723\">Kh\u00f4ng ch\u1ec9 \u0111\u1ea3m b\u1ea3o v\u1ec1 c\u00f4ng n\u0103ng, c\u00e1c s\u1ea3n ph\u1ea9m trong combo c\u00f2n c\u00f3 thi\u1ebft k\u1ebf h\u00e0i h\u00f2a, t\u00f4ng m\u00e0u hi\u1ec7n \u0111\u1ea1i, d\u1ec5 d\u00e0ng ph\u1ed1i h\u1ee3p v\u1edbi nhi\u1ec1u phong c\u00e1ch n\u1ed9i th\u1ea5t b\u1ebfp. Vi\u1ec7c l\u1ef1a ch\u1ecdn combo gi\u00fap ti\u1ebft ki\u1ec7m \u0111\u00e1ng k\u1ec3 th\u1eddi gian t\u00ecm ki\u1ebfm, chi ph\u00ed mua s\u1eafm v\u00e0 h\u1ea1n ch\u1ebf t\u1ed1i \u0111a c\u00e1c ph\u00e1t sinh kh\u00f4ng c\u1ea7n thi\u1ebft trong qu\u00e1 tr\u00ecnh l\u1eafp \u0111\u1eb7t.<\/p>\n<p data-start=\"725\" data-end=\"870\">\u0110\u00e2y l\u00e0 l\u1ef1a ch\u1ecdn ph\u00f9 h\u1ee3p cho nh\u1eefng gia \u0111\u00ecnh \u0111ang ho\u00e0n thi\u1ec7n b\u1ebfp m\u1edbi ho\u1eb7c mu\u1ed1n n\u00e2ng c\u1ea5p kh\u00f4ng gian b\u1ebfp theo h\u01b0\u1edbng \u0111\u1ed3ng b\u1ed9, ti\u1ec7n nghi v\u00e0 t\u1ed1i \u01b0u h\u01a1n.<\/p>\n","protected":false},"featured_media":4535,"comment_status":"open","ping_status":"closed","template":"","meta":{"_acf_changed":false},"product_brand":[],"product_cat":[52,77,56],"product_tag":[],"class_list":{"0":"post-4534","1":"product","2":"type-product","3":"status-publish","4":"has-post-thumbnail","6":"product_cat-nha-pho-can-ho","7":"product_cat-combo","8":"product_cat-combo-phong-bep","10":"first","11":"instock","12":"sale","13":"shipping-taxable","14":"purchasable","15":"product-type-simple"},"acf":[],"_links":{"self":[{"href":"https:\/\/ehrlichvietnam.vn\/en\/wp-json\/wp\/v2\/product\/4534","targetHints":{"allow":["GET"]}}],"collection":[{"href":"https:\/\/ehrlichvietnam.vn\/en\/wp-json\/wp\/v2\/product"}],"about":[{"href":"https:\/\/ehrlichvietnam.vn\/en\/wp-json\/wp\/v2\/types\/product"}],"replies":[{"embeddable":true,"href":"https:\/\/ehrlichvietnam.vn\/en\/wp-json\/wp\/v2\/comments?post=4534"}],"wp:featuredmedia":[{"embeddable":true,"href":"https:\/\/ehrlichvietnam.vn\/en\/wp-json\/wp\/v2\/media\/4535"}],"wp:attachment":[{"href":"https:\/\/ehrlichvietnam.vn\/en\/wp-json\/wp\/v2\/media?parent=4534"}],"wp:term":[{"taxonomy":"product_brand","embeddable":true,"href":"https:\/\/ehrlichvietnam.vn\/en\/wp-json\/wp\/v2\/product_brand?post=4534"},{"taxonomy":"product_cat","embeddable":true,"href":"https:\/\/ehrlichvietnam.vn\/en\/wp-json\/wp\/v2\/product_cat?post=4534"},{"taxonomy":"product_tag","embeddable":true,"href":"https:\/\/ehrlichvietnam.vn\/en\/wp-json\/wp\/v2\/product_tag?post=4534"}],"curies":[{"name":"wp","href":"https:\/\/api.w.org\/{rel}","templated":true}]}}