{"id":4532,"date":"2026-04-01T10:28:48","date_gmt":"2026-04-01T10:28:48","guid":{"rendered":"https:\/\/ehrlichvietnam.vn\/?post_type=product&#038;p=4532"},"modified":"2026-04-02T06:48:27","modified_gmt":"2026-04-02T06:48:27","slug":"combo-k12","status":"publish","type":"product","link":"https:\/\/ehrlichvietnam.vn\/combo-k12\/","title":{"rendered":"Combo B\u1ebfp K12"},"content":{"rendered":"<h1 data-section-id=\"w4yo68\" data-start=\"147\" data-end=\"227\">Combo Thi\u1ebft B\u1ecb B\u1ebfp K12 Ehrlich \u2013 Gi\u1ea3i Ph\u00e1p \u0110\u1ed3ng B\u1ed9 Cho Kh\u00f4ng Gian B\u1ebfp Hi\u1ec7n \u0110\u1ea1i<\/h1>\n<p data-start=\"229\" data-end=\"312\">Kh\u00f4ng gian b\u1ebfp ng\u00e0y nay kh\u00f4ng ch\u1ec9 \u0111\u1ec3 n\u1ea5u \u0103n, m\u00e0 c\u00f2n l\u00e0 n\u01a1i gi\u1eef l\u1eeda cho c\u1ea3 gia \u0111\u00ecnh.<\/p>\n<p data-start=\"314\" data-end=\"477\">V\u00ec v\u1eady, vi\u1ec7c l\u1ef1a ch\u1ecdn thi\u1ebft b\u1ecb b\u1ebfp kh\u00f4ng c\u00f2n l\u00e0 mua t\u1eebng m\u00f3n r\u1eddi r\u1ea1c, m\u00e0 xu h\u01b0\u1edbng hi\u1ec7n t\u1ea1i l\u00e0 ch\u1ecdn <strong data-start=\"413\" data-end=\"476\">combo \u0111\u1ed3ng b\u1ed9 \u2013 t\u1ed1i \u01b0u c\u00f4ng n\u0103ng \u2013 \u0111\u1ea3m b\u1ea3o th\u1ea9m m\u1ef9 t\u1ed5ng th\u1ec3<\/strong>.<\/p>\n<p data-start=\"479\" data-end=\"640\"><strong data-start=\"479\" data-end=\"504\">Combo b\u1ebfp K12 Ehrlich<\/strong> ch\u00ednh l\u00e0 gi\u1ea3i ph\u00e1p tr\u1ecdn g\u00f3i d\u00e0nh cho nh\u1eefng ai mu\u1ed1n s\u1edf h\u1eefu m\u1ed9t c\u0103n b\u1ebfp hi\u1ec7n \u0111\u1ea1i, ti\u1ec7n nghi v\u00e0 v\u1eadn h\u00e0nh m\u01b0\u1ee3t m\u00e0 ngay t\u1eeb ng\u00e0y \u0111\u1ea7u s\u1eed d\u1ee5ng.<\/p>\n<hr data-start=\"642\" data-end=\"645\" \/>\n<h2 data-section-id=\"yoi906\" data-start=\"647\" data-end=\"694\">Combo K12 \u2013 \u0110\u1ed3ng B\u1ed9 T\u1eeb N\u1ea5u N\u01b0\u1edbng \u0110\u1ebfn R\u1eeda D\u1ecdn<\/h2>\n<p data-start=\"696\" data-end=\"734\">Combo K12 \u0111\u01b0\u1ee3c thi\u1ebft k\u1ebf theo ti\u00eau ch\u00ed:<\/p>\n<ul data-start=\"736\" data-end=\"857\">\n<li data-section-id=\"188a7av\" data-start=\"736\" data-end=\"779\">\u0110\u1ea7y \u0111\u1ee7 thi\u1ebft b\u1ecb c\u1ed1t l\u00f5i c\u1ee7a m\u1ed9t c\u0103n b\u1ebfp<\/li>\n<li data-section-id=\"1xcmyq0\" data-start=\"780\" data-end=\"816\">\u0110\u1ed3ng b\u1ed9 v\u1ec1 thi\u1ebft k\u1ebf v\u00e0 c\u00f4ng n\u0103ng<\/li>\n<li data-section-id=\"1hdz1rc\" data-start=\"817\" data-end=\"857\">T\u1ed1i \u01b0u tr\u1ea3i nghi\u1ec7m s\u1eed d\u1ee5ng h\u00e0ng ng\u00e0y<\/li>\n<\/ul>\n<p data-start=\"859\" data-end=\"920\">\ud83d\udc49 Kh\u00f4ng c\u1ea7n ch\u1ecdn l\u1ebb t\u1eebng s\u1ea3n ph\u1ea9m \u2013 ch\u1ec9 c\u1ea7n m\u1ed9t combo l\u00e0 \u0111\u1ee7.<\/p>\n<hr data-start=\"922\" data-end=\"925\" \/>\n<h2 data-section-id=\"1ka1x96\" data-start=\"927\" data-end=\"970\">Combo Thi\u1ebft B\u1ecb B\u1ebfp K12 Bao G\u1ed3m Nh\u1eefng G\u00ec?<\/h2>\n<p data-start=\"972\" data-end=\"1019\">B\u1ed9 s\u1ea3n ph\u1ea9m g\u1ed3m \u0111\u1ea7y \u0111\u1ee7 c\u00e1c thi\u1ebft b\u1ecb quan tr\u1ecdng:<\/p>\n<ul data-start=\"1021\" data-end=\"1209\">\n<li data-section-id=\"1838w9t\" data-start=\"1021\" data-end=\"1065\"><strong data-start=\"1023\" data-end=\"1063\">B\u1ebfp t\u1eeb GX IH658SE (Made in Malaysia)<\/strong><\/li>\n<li data-section-id=\"at7cin\" data-start=\"1066\" data-end=\"1097\"><strong data-start=\"1068\" data-end=\"1095\">M\u00e1y h\u00fat m\u00f9i GX H70T81SG<\/strong><\/li>\n<li data-section-id=\"1bqbts3\" data-start=\"1098\" data-end=\"1131\"><strong data-start=\"1100\" data-end=\"1129\">Ch\u1eadu r\u1eeda b\u00e1t inox GX7846S<\/strong><\/li>\n<li data-section-id=\"jo2t9k\" data-start=\"1132\" data-end=\"1171\"><strong data-start=\"1134\" data-end=\"1169\">V\u00f2i r\u1eeda b\u00e1t n\u00f3ng l\u1ea1nh EHR-8330A<\/strong><\/li>\n<li data-section-id=\"d8a9gd\" data-start=\"1172\" data-end=\"1209\"><strong data-start=\"1174\" data-end=\"1207\">B\u1ed9 n\u1ed3i inox 304 GX801 Premium<\/strong><\/li>\n<\/ul>\n<p data-start=\"1211\" data-end=\"1295\">\ud83d\udc49 T\u1ea5t c\u1ea3 \u0111\u1ec1u \u0111\u01b0\u1ee3c l\u1ef1a ch\u1ecdn \u0111\u1ec3 \u0111\u1ea3m b\u1ea3o <strong data-start=\"1250\" data-end=\"1294\">t\u01b0\u01a1ng th\u00edch v\u00e0 hi\u1ec7u qu\u1ea3 s\u1eed d\u1ee5ng cao nh\u1ea5t<\/strong>.<\/p>\n<hr data-start=\"1297\" data-end=\"1300\" \/>\n<h2 data-section-id=\"ksyp6i\" data-start=\"1302\" data-end=\"1331\">\u0110i\u1ec3m N\u1ed5i B\u1eadt C\u1ee7a Combo K12<\/h2>\n<h3 data-section-id=\"1iy3e6p\" data-start=\"1333\" data-end=\"1392\">1. B\u1ebfp t\u1eeb Malaysia \u2013 N\u1ea5u nhanh, an to\u00e0n, ti\u1ebft ki\u1ec7m \u0111i\u1ec7n<\/h3>\n<p data-start=\"1394\" data-end=\"1436\">B\u1ebfp t\u1eeb GX IH658SE l\u00e0 \u201ctr\u00e1i tim\u201d c\u1ee7a combo:<\/p>\n<ul data-start=\"1438\" data-end=\"1600\">\n<li data-section-id=\"1l5wh0y\" data-start=\"1438\" data-end=\"1485\">Gia nhi\u1ec7t nhanh, n\u1ea5u \u0103n ti\u1ebft ki\u1ec7m th\u1eddi gian<\/li>\n<li data-section-id=\"mbaxr1\" data-start=\"1486\" data-end=\"1516\">M\u1eb7t k\u00ednh b\u1ec1n, ch\u1ecbu l\u1ef1c t\u1ed1t<\/li>\n<li data-section-id=\"5ysgrf\" data-start=\"1517\" data-end=\"1557\">T\u00edch h\u1ee3p nhi\u1ec1u ch\u1ebf \u0111\u1ed9 n\u1ea5u th\u00f4ng minh<\/li>\n<li data-section-id=\"1yqnnbf\" data-start=\"1558\" data-end=\"1600\">T\u1ef1 ng\u1eaft khi qu\u00e1 nhi\u1ec7t, \u0111\u1ea3m b\u1ea3o an to\u00e0n<\/li>\n<\/ul>\n<p data-start=\"1602\" data-end=\"1653\">\ud83d\udc49 Ph\u00f9 h\u1ee3p cho gia \u0111\u00ecnh hi\u1ec7n \u0111\u1ea1i, n\u1ea5u \u0103n h\u00e0ng ng\u00e0y.<\/p>\n<hr data-start=\"1655\" data-end=\"1658\" \/>\n<h3 data-section-id=\"4vz4ry\" data-start=\"1660\" data-end=\"1715\">2. M\u00e1y h\u00fat m\u00f9i \u2013 Gi\u1eef kh\u00f4ng gian lu\u00f4n s\u1ea1ch v\u00e0 tho\u00e1ng<\/h3>\n<p data-start=\"1717\" data-end=\"1746\">M\u00e1y h\u00fat m\u00f9i GX H70T81SG gi\u00fap:<\/p>\n<ul data-start=\"1748\" data-end=\"1844\">\n<li data-section-id=\"1g8xj4o\" data-start=\"1748\" data-end=\"1783\">Lo\u1ea1i b\u1ecf m\u00f9i th\u1ee9c \u0103n nhanh ch\u00f3ng<\/li>\n<li data-section-id=\"1c8bi5c\" data-start=\"1784\" data-end=\"1815\">Gi\u1ea3m d\u1ea7u m\u1ee1 b\u00e1m tr\u00ean t\u1ee7 b\u1ebfp<\/li>\n<li data-section-id=\"1o9ltcj\" data-start=\"1816\" data-end=\"1844\">Gi\u1eef kh\u00f4ng kh\u00ed trong l\u00e0nh<\/li>\n<\/ul>\n<p data-start=\"1846\" data-end=\"1899\">\ud83d\udc49 \u0110\u1eb7c bi\u1ec7t quan tr\u1ecdng v\u1edbi nh\u00e0 chung c\u01b0 ho\u1eb7c b\u1ebfp k\u00edn.<\/p>\n<hr data-start=\"1901\" data-end=\"1904\" \/>\n<h3 data-section-id=\"173ekcj\" data-start=\"1906\" data-end=\"1960\">3. Ch\u1eadu r\u1eeda + v\u00f2i r\u1eeda \u2013 T\u1ed1i \u01b0u tr\u1ea3i nghi\u1ec7m d\u1ecdn r\u1eeda<\/h3>\n<p data-start=\"1962\" data-end=\"2004\">Combo ch\u1eadu v\u00e0 v\u00f2i \u0111\u01b0\u1ee3c thi\u1ebft k\u1ebf ti\u1ec7n d\u1ee5ng:<\/p>\n<ul data-start=\"2006\" data-end=\"2121\">\n<li data-section-id=\"27k2u9\" data-start=\"2006\" data-end=\"2044\">Ch\u1eadu inox 304 ch\u1ed1ng g\u1ec9, d\u1ec5 v\u1ec7 sinh<\/li>\n<li data-section-id=\"1beww87\" data-start=\"2045\" data-end=\"2084\">K\u00edch th\u01b0\u1edbc r\u1ed9ng, thao t\u00e1c tho\u1ea3i m\u00e1i<\/li>\n<li data-section-id=\"gkujgz\" data-start=\"2085\" data-end=\"2121\">V\u00f2i r\u1eeda linh ho\u1ea1t, xoay \u0111a h\u01b0\u1edbng<\/li>\n<\/ul>\n<p data-start=\"2123\" data-end=\"2179\">\ud83d\udc49 Gi\u00fap vi\u1ec7c r\u1eeda b\u00e1t, s\u01a1 ch\u1ebf th\u1ef1c ph\u1ea9m nhanh v\u00e0 g\u1ecdn h\u01a1n.<\/p>\n<hr data-start=\"2181\" data-end=\"2184\" \/>\n<h3 data-section-id=\"13x8j4q\" data-start=\"2186\" data-end=\"2238\">4. B\u1ed9 n\u1ed3i inox 304 \u2013 N\u1ea5u \u0103n an to\u00e0n cho s\u1ee9c kh\u1ecfe<\/h3>\n<p data-start=\"2240\" data-end=\"2254\">B\u1ed9 n\u1ed3i \u0111i k\u00e8m:<\/p>\n<ul data-start=\"2256\" data-end=\"2351\">\n<li data-section-id=\"1l5eqwp\" data-start=\"2256\" data-end=\"2286\">Ch\u1ea5t li\u1ec7u inox 304 cao c\u1ea5p<\/li>\n<li data-section-id=\"ao6uxa\" data-start=\"2287\" data-end=\"2319\">D\u1eabn nhi\u1ec7t t\u1ed1t, gi\u1eef nhi\u1ec7t l\u00e2u<\/li>\n<li data-section-id=\"1l100uw\" data-start=\"2320\" data-end=\"2351\">An to\u00e0n khi s\u1eed d\u1ee5ng l\u00e2u d\u00e0i<\/li>\n<\/ul>\n<p data-start=\"2353\" data-end=\"2398\">\ud83d\udc49 Ph\u00f9 h\u1ee3p v\u1edbi b\u1ebfp t\u1eeb v\u00e0 nhi\u1ec1u lo\u1ea1i b\u1ebfp kh\u00e1c.<\/p>\n<hr data-start=\"2400\" data-end=\"2403\" \/>\n<h2 data-section-id=\"jgfj5a\" data-start=\"2405\" data-end=\"2449\">V\u00ec Sao N\u00ean Ch\u1ecdn Combo B\u1ebfp Thay V\u00ec Mua L\u1ebb?<\/h2>\n<h3 data-section-id=\"ykhwwa\" data-start=\"2451\" data-end=\"2475\">1. \u0110\u1ed3ng b\u1ed9 tuy\u1ec7t \u0111\u1ed1i<\/h3>\n<ul data-start=\"2477\" data-end=\"2552\">\n<li data-section-id=\"1s0v6s8\" data-start=\"2477\" data-end=\"2497\">Thi\u1ebft k\u1ebf h\u00e0i h\u00f2a<\/li>\n<li data-section-id=\"yi1x2g\" data-start=\"2498\" data-end=\"2526\">Kh\u00f4ng b\u1ecb l\u1ec7ch phong c\u00e1ch<\/li>\n<li data-section-id=\"1gpte0j\" data-start=\"2527\" data-end=\"2552\">T\u1ed1i \u01b0u kh\u00f4ng gian b\u1ebfp<\/li>\n<\/ul>\n<hr data-start=\"2554\" data-end=\"2557\" \/>\n<h3 data-section-id=\"z2pks3\" data-start=\"2559\" data-end=\"2583\">2. Ti\u1ebft ki\u1ec7m chi ph\u00ed<\/h3>\n<ul data-start=\"2585\" data-end=\"2647\">\n<li data-section-id=\"1xo9dwc\" data-start=\"2585\" data-end=\"2616\">Gi\u00e1 combo t\u1ed1t h\u01a1n mua ri\u00eang<\/li>\n<li data-section-id=\"4utcd8\" data-start=\"2617\" data-end=\"2647\">H\u1ea1n ch\u1ebf ph\u00e1t sinh ph\u1ee5 ki\u1ec7n<\/li>\n<\/ul>\n<hr data-start=\"2649\" data-end=\"2652\" \/>\n<h3 data-section-id=\"ezldrq\" data-start=\"2654\" data-end=\"2676\">3. D\u1ec5 d\u00e0ng l\u1eafp \u0111\u1eb7t<\/h3>\n<ul data-start=\"2678\" data-end=\"2745\">\n<li data-section-id=\"w4c5cw\" data-start=\"2678\" data-end=\"2715\">T\u01b0\u01a1ng th\u00edch s\u1eb5n gi\u1eefa c\u00e1c thi\u1ebft b\u1ecb<\/li>\n<li data-section-id=\"15r1wf0\" data-start=\"2716\" data-end=\"2745\">Kh\u00f4ng c\u1ea7n ch\u1ec9nh s\u1eeda nhi\u1ec1u<\/li>\n<\/ul>\n<hr data-start=\"2747\" data-end=\"2750\" \/>\n<h3 data-section-id=\"uo6ror\" data-start=\"2752\" data-end=\"2778\">4. Ti\u1ebft ki\u1ec7m th\u1eddi gian<\/h3>\n<ul data-start=\"2780\" data-end=\"2854\">\n<li data-section-id=\"bk8xpu\" data-start=\"2780\" data-end=\"2817\">Kh\u00f4ng ph\u1ea3i t\u00ecm hi\u1ec3u t\u1eebng s\u1ea3n ph\u1ea9m<\/li>\n<li data-section-id=\"4acbvl\" data-start=\"2818\" data-end=\"2854\">Kh\u00f4ng m\u1ea5t c\u00f4ng so s\u00e1nh nhi\u1ec1u n\u01a1i<\/li>\n<\/ul>\n<hr data-start=\"2856\" data-end=\"2859\" \/>\n<h2 data-section-id=\"11as6qf\" data-start=\"2861\" data-end=\"2905\">Thi\u1ebft K\u1ebf Tone X\u00e1m \u2013 Hi\u1ec7n \u0110\u1ea1i &amp; Sang Tr\u1ecdng<\/h2>\n<p data-start=\"2907\" data-end=\"2941\">M\u1ed9t \u0111i\u1ec3m n\u1ed5i b\u1eadt c\u1ee7a combo K12 l\u00e0:<\/p>\n<p data-start=\"2943\" data-end=\"2976\">\ud83d\udc49 <strong data-start=\"2946\" data-end=\"2976\">T\u00f4ng m\u00e0u x\u00e1m \u2013 \u0111en ch\u1ee7 \u0111\u1ea1o<\/strong><\/p>\n<p data-start=\"2978\" data-end=\"2987\">Mang l\u1ea1i:<\/p>\n<ul data-start=\"2989\" data-end=\"3084\">\n<li data-section-id=\"ywttih\" data-start=\"2989\" data-end=\"3018\">C\u1ea3m gi\u00e1c s\u1ea1ch s\u1ebd, cao c\u1ea5p<\/li>\n<li data-section-id=\"16tydtu\" data-start=\"3019\" data-end=\"3050\">D\u1ec5 ph\u1ed1i v\u1edbi t\u1ee7 b\u1ebfp hi\u1ec7n \u0111\u1ea1i<\/li>\n<li data-section-id=\"u7kp3n\" data-start=\"3051\" data-end=\"3084\">Kh\u00f4ng l\u1ed7i th\u1eddi theo th\u1eddi gian<\/li>\n<\/ul>\n<p data-start=\"3086\" data-end=\"3141\">\ud83d\udc49 Ph\u00f9 h\u1ee3p v\u1edbi xu h\u01b0\u1edbng thi\u1ebft k\u1ebf b\u1ebfp t\u1ed1i gi\u1ea3n hi\u1ec7n nay.<\/p>\n<hr data-start=\"3143\" data-end=\"3146\" \/>\n<h2 data-section-id=\"ngrvkk\" data-start=\"3148\" data-end=\"3177\">Gi\u00e1 Combo Thi\u1ebft B\u1ecb B\u1ebfp K12<\/h2>\n<ul data-start=\"3179\" data-end=\"3246\">\n<li data-section-id=\"17468pp\" data-start=\"3179\" data-end=\"3212\"><strong data-start=\"3181\" data-end=\"3198\">Gi\u00e1 ni\u00eam y\u1ebft:<\/strong> 40.070.000\u0111<\/li>\n<li data-section-id=\"1jm0et3\" data-start=\"3213\" data-end=\"3246\"><strong data-start=\"3215\" data-end=\"3230\">Gi\u00e1 \u01b0u \u0111\u00e3i:<\/strong> <strong data-start=\"3231\" data-end=\"3246\">26.054.000\u0111<\/strong><\/li>\n<\/ul>\n<p data-start=\"3248\" data-end=\"3258\">Quy\u1ec1n l\u1ee3i:<\/p>\n<ul data-start=\"3260\" data-end=\"3377\">\n<li data-section-id=\"grulzh\" data-start=\"3260\" data-end=\"3286\">\ud83d\ude9a Giao h\u00e0ng to\u00e0n qu\u1ed1c<\/li>\n<li data-section-id=\"wn80if\" data-start=\"3287\" data-end=\"3313\">\ud83d\udee0 B\u1ea3o h\u00e0nh ch\u00ednh h\u00e3ng<\/li>\n<li data-section-id=\"t10ltd\" data-start=\"3314\" data-end=\"3342\">\u2714\ufe0f H\u1ed7 tr\u1ee3 t\u01b0 v\u1ea5n l\u1eafp \u0111\u1eb7t<\/li>\n<li data-section-id=\"1jbtspe\" data-start=\"3343\" data-end=\"3377\">\u2714\ufe0f Cam k\u1ebft s\u1ea3n ph\u1ea9m ch\u1ea5t l\u01b0\u1ee3ng<\/li>\n<\/ul>\n<hr data-start=\"3379\" data-end=\"3382\" \/>\n<h2 data-section-id=\"mz4m94\" data-start=\"3384\" data-end=\"3412\">Combo K12 Ph\u00f9 H\u1ee3p V\u1edbi Ai?<\/h2>\n<ul data-start=\"3414\" data-end=\"3569\">\n<li data-section-id=\"144kspf\" data-start=\"3414\" data-end=\"3448\">Gia \u0111\u00ecnh l\u00e0m b\u1ebfp m\u1edbi ho\u00e0n to\u00e0n<\/li>\n<li data-section-id=\"fhmq5o\" data-start=\"3449\" data-end=\"3484\">Ng\u01b0\u1eddi mu\u1ed1n n\u00e2ng c\u1ea5p b\u1ebfp \u0111\u1ed3ng b\u1ed9<\/li>\n<li data-section-id=\"1nkvcdd\" data-start=\"3485\" data-end=\"3522\">C\u0103n h\u1ed9 chung c\u01b0, nh\u00e0 ph\u1ed1 hi\u1ec7n \u0111\u1ea1i<\/li>\n<li data-section-id=\"1l6w7m5\" data-start=\"3523\" data-end=\"3569\">Ng\u01b0\u1eddi b\u1eadn r\u1ed9n, kh\u00f4ng mu\u1ed1n ch\u1ecdn l\u1ebb t\u1eebng m\u00f3n<\/li>\n<\/ul>\n<hr data-start=\"3571\" data-end=\"3574\" \/>\n<h2 data-section-id=\"11wiq9r\" data-start=\"3576\" data-end=\"3587\">K\u1ebft Lu\u1eadn<\/h2>\n<p data-start=\"3589\" data-end=\"3700\"><strong data-start=\"3589\" data-end=\"3623\">Combo thi\u1ebft b\u1ecb b\u1ebfp K12 Ehrlich<\/strong> kh\u00f4ng ch\u1ec9 l\u00e0 m\u1ed9t b\u1ed9 s\u1ea3n ph\u1ea9m, m\u00e0 l\u00e0 gi\u1ea3i ph\u00e1p ho\u00e0n ch\u1ec9nh cho kh\u00f4ng gian b\u1ebfp:<\/p>\n<ul data-start=\"3702\" data-end=\"3816\">\n<li data-section-id=\"1al3o2b\" data-start=\"3702\" data-end=\"3731\">\u0110\u1ea7y \u0111\u1ee7 thi\u1ebft b\u1ecb c\u1ea7n thi\u1ebft<\/li>\n<li data-section-id=\"14xomn\" data-start=\"3732\" data-end=\"3762\">Thi\u1ebft k\u1ebf \u0111\u1ed3ng b\u1ed9, hi\u1ec7n \u0111\u1ea1i<\/li>\n<li data-section-id=\"iqqyaq\" data-start=\"3763\" data-end=\"3795\">Tr\u1ea3i nghi\u1ec7m s\u1eed d\u1ee5ng ti\u1ec7n l\u1ee3i<\/li>\n<li data-section-id=\"1ac8sd0\" data-start=\"3796\" data-end=\"3816\">Gi\u00e1 th\u00e0nh t\u1ed1i \u01b0u<\/li>\n<\/ul>\n<p data-start=\"3818\" data-end=\"3953\">\ud83d\udc49 N\u1ebfu b\u1ea1n \u0111ang t\u00ecm m\u1ed9t combo b\u1ebfp <strong data-start=\"3852\" data-end=\"3913\">l\u1eafp l\u00e0 d\u00f9ng ngay \u2013 \u0111\u1eb9p \u2013 ti\u1ec7n \u2013 kh\u00f4ng ph\u1ea3i suy ngh\u0129 nhi\u1ec1u<\/strong>, th\u00ec K12 l\u00e0 l\u1ef1a ch\u1ecdn r\u1ea5t \u0111\u00e1ng c\u00e2n nh\u1eafc.<\/p>\n<p data-start=\"5287\" data-end=\"5402\"><strong data-start=\"5287\" data-end=\"5338\">Ehrlich Vi\u1ec7t Nam \u2013 Thi\u1ebft B\u1ecb Nh\u00e0 B\u1ebfp &amp; Ph\u00f2ng T\u1eafm<\/strong><br data-start=\"5338\" data-end=\"5341\" \/>\ud83d\udccd\u00a0\u0110\u1ecba ch\u1ec9:\u00a0<strong data-start=\"5353\" data-end=\"5402\">S\u1ed1 6 Li\u1ec1n K\u1ec1 22, K\u0110T V\u0103n Kh\u00ea, H\u00e0 \u0110\u00f4ng, H\u00e0 N\u1ed9i<\/strong><\/p>\n<p data-start=\"5404\" data-end=\"5528\">\ud83c\udf10\u00a0Website:\u00a0<a class=\"decorated-link\" href=\"https:\/\/ehrlichvietnam.vn\/\" target=\"_new\" rel=\"noopener\" data-start=\"5416\" data-end=\"5442\">https:\/\/ehrlichvietnam.vn\/<\/a><br data-start=\"5442\" data-end=\"5445\" \/>\ud83d\udcde\u00a0Hotline:\u00a0<strong data-start=\"5457\" data-end=\"5474\">0932 27 05 20<\/strong><br data-start=\"5474\" data-end=\"5477\" \/>\ud83d\udcac\u00a0Zalo OA:\u00a0<a class=\"decorated-link\" href=\"https:\/\/zalo.me\/s\/2888141157129558325\" target=\"_new\" rel=\"noopener\" data-start=\"5489\" data-end=\"5526\">https:\/\/zalo.me\/s\/2888141157129558325<\/a><\/p>\n<p data-start=\"5530\" data-end=\"5641\">\ud83c\udfa5\u00a0TikTok:\u00a0<a class=\"decorated-link\" href=\"https:\/\/www.tiktok.com\/@ehrlich.chia.s?_r=1\" target=\"_new\" rel=\"noopener\" data-start=\"5541\" data-end=\"5585\">https:\/\/www.tiktok.com\/@ehrlichthietbivesinh<\/a><br data-start=\"5585\" data-end=\"5588\" \/>\u25b6\ufe0f\u00a0YouTube:\u00a0<a class=\"decorated-link\" href=\"https:\/\/www.youtube.com\/@EhrlichVietNam\" target=\"_new\" rel=\"noopener\" data-start=\"5600\" data-end=\"5639\">https:\/\/www.youtube.com\/@EhrlichVietNam<\/a><\/p>\n<p data-start=\"5643\" data-end=\"5688\">\ud83d\ude9a\u00a0Giao h\u00e0ng to\u00e0n qu\u1ed1c \u2013 t\u01b0 v\u1ea5n nhanh ch\u00f3ng<\/p>\n<p data-start=\"5690\" data-end=\"5736\">\ud83d\udc49\u00a0<strong data-start=\"5693\" data-end=\"5736\">Inbox ngay \u0111\u1ec3 nh\u1eadn \u01b0u \u0111\u00e3i th\u00eam h\u00f4m nay!<\/strong><\/p>\n","protected":false},"excerpt":{"rendered":"<p data-start=\"83\" data-end=\"415\"><strong data-start=\"83\" data-end=\"104\">Combo b\u1ebfp Ehrlich<\/strong> l\u00e0 gi\u1ea3i ph\u00e1p thi\u1ebft b\u1ecb b\u1ebfp tr\u1ecdn g\u00f3i, \u0111\u01b0\u1ee3c thi\u1ebft k\u1ebf \u0111\u1ed3ng b\u1ed9 t\u1eeb n\u1ea5u n\u01b0\u1edbng \u0111\u1ebfn r\u1eeda d\u1ecdn, gi\u00fap ho\u00e0n thi\u1ec7n kh\u00f4ng gian b\u1ebfp m\u1ed9t c\u00e1ch nhanh ch\u00f3ng v\u00e0 t\u1ed1i \u01b0u. S\u1ef1 k\u1ebft h\u1ee3p gi\u1eefa b\u1ebfp t\u1eeb, h\u00fat m\u00f9i, ch\u1eadu v\u00f2i v\u00e0 b\u1ed9 n\u1ed3i cao c\u1ea5p mang l\u1ea1i tr\u1ea3i nghi\u1ec7m s\u1eed d\u1ee5ng ti\u1ec7n nghi, hi\u1ec7n \u0111\u1ea1i v\u00e0 \u1ed5n \u0111\u1ecbnh trong su\u1ed1t qu\u00e1 tr\u00ecnh n\u1ea5u n\u01b0\u1edbng h\u00e0ng ng\u00e0y.<\/p>\n<p data-start=\"417\" data-end=\"723\">Kh\u00f4ng ch\u1ec9 \u0111\u1ea3m b\u1ea3o v\u1ec1 c\u00f4ng n\u0103ng, c\u00e1c s\u1ea3n ph\u1ea9m trong combo c\u00f2n c\u00f3 thi\u1ebft k\u1ebf h\u00e0i h\u00f2a, t\u00f4ng m\u00e0u hi\u1ec7n \u0111\u1ea1i, d\u1ec5 d\u00e0ng ph\u1ed1i h\u1ee3p v\u1edbi nhi\u1ec1u phong c\u00e1ch n\u1ed9i th\u1ea5t b\u1ebfp. Vi\u1ec7c l\u1ef1a ch\u1ecdn combo gi\u00fap ti\u1ebft ki\u1ec7m \u0111\u00e1ng k\u1ec3 th\u1eddi gian t\u00ecm ki\u1ebfm, chi ph\u00ed mua s\u1eafm v\u00e0 h\u1ea1n ch\u1ebf t\u1ed1i \u0111a c\u00e1c ph\u00e1t sinh kh\u00f4ng c\u1ea7n thi\u1ebft trong qu\u00e1 tr\u00ecnh l\u1eafp \u0111\u1eb7t.<\/p>\n<p data-start=\"725\" data-end=\"870\">\u0110\u00e2y l\u00e0 l\u1ef1a ch\u1ecdn ph\u00f9 h\u1ee3p cho nh\u1eefng gia \u0111\u00ecnh \u0111ang ho\u00e0n thi\u1ec7n b\u1ebfp m\u1edbi ho\u1eb7c mu\u1ed1n n\u00e2ng c\u1ea5p kh\u00f4ng gian b\u1ebfp theo h\u01b0\u1edbng \u0111\u1ed3ng b\u1ed9, ti\u1ec7n nghi v\u00e0 t\u1ed1i \u01b0u h\u01a1n.<\/p>\n","protected":false},"featured_media":4533,"comment_status":"open","ping_status":"closed","template":"","meta":{"_acf_changed":false},"product_brand":[],"product_cat":[52,77,56],"product_tag":[],"class_list":{"0":"post-4532","1":"product","2":"type-product","3":"status-publish","4":"has-post-thumbnail","6":"product_cat-nha-pho-can-ho","7":"product_cat-combo","8":"product_cat-combo-phong-bep","10":"first","11":"instock","12":"sale","13":"shipping-taxable","14":"purchasable","15":"product-type-simple"},"acf":[],"_links":{"self":[{"href":"https:\/\/ehrlichvietnam.vn\/en\/wp-json\/wp\/v2\/product\/4532","targetHints":{"allow":["GET"]}}],"collection":[{"href":"https:\/\/ehrlichvietnam.vn\/en\/wp-json\/wp\/v2\/product"}],"about":[{"href":"https:\/\/ehrlichvietnam.vn\/en\/wp-json\/wp\/v2\/types\/product"}],"replies":[{"embeddable":true,"href":"https:\/\/ehrlichvietnam.vn\/en\/wp-json\/wp\/v2\/comments?post=4532"}],"wp:featuredmedia":[{"embeddable":true,"href":"https:\/\/ehrlichvietnam.vn\/en\/wp-json\/wp\/v2\/media\/4533"}],"wp:attachment":[{"href":"https:\/\/ehrlichvietnam.vn\/en\/wp-json\/wp\/v2\/media?parent=4532"}],"wp:term":[{"taxonomy":"product_brand","embeddable":true,"href":"https:\/\/ehrlichvietnam.vn\/en\/wp-json\/wp\/v2\/product_brand?post=4532"},{"taxonomy":"product_cat","embeddable":true,"href":"https:\/\/ehrlichvietnam.vn\/en\/wp-json\/wp\/v2\/product_cat?post=4532"},{"taxonomy":"product_tag","embeddable":true,"href":"https:\/\/ehrlichvietnam.vn\/en\/wp-json\/wp\/v2\/product_tag?post=4532"}],"curies":[{"name":"wp","href":"https:\/\/api.w.org\/{rel}","templated":true}]}}